{"id":46082,"date":"2025-01-21T09:42:03","date_gmt":"2025-01-21T09:42:03","guid":{"rendered":"https:\/\/recambiosecogas.com\/producto\/calentador-de-agua-autoterm-flow-14d-calentador-de-liquido-12v-14kw-diesel-con-panel-de-control-de-confort\/"},"modified":"2025-01-21T09:42:03","modified_gmt":"2025-01-21T09:42:03","slug":"calentador-de-agua-autoterm-flow-14d-calentador-de-liquido-12v-14kw-diesel-con-panel-de-control-de-confort","status":"publish","type":"product","link":"https:\/\/recambiosecogas.com\/pt-pt\/produto\/calentador-de-agua-autoterm-flow-14d-calentador-de-liquido-12v-14kw-diesel-con-panel-de-control-de-confort\/","title":{"rendered":"Calentador de agua Autoterm Flow 14D, calentador de l\u00edquido (12V) 14KW, diesel, con panel de control de confort"},"content":{"rendered":"<div>\n<p><strong>Calentador de l\u00edquidos AUTOTERM Flow 14D<\/strong><\/p>\n<p>Tambi\u00e9n conocido como calentador de agua, funciona independientemente del motor. Anteriormente conocido como 14TC-MINI.<\/p>\n<p>Este calentador de tama\u00f1o medio, con una\u00a0<strong>potencia calor\u00edfica de 14,5 kW<\/strong>, funciona al un\u00edsono con el ventilador del sal\u00f3n del coche para precalentar los motores y compartimentos del veh\u00edculo de gran tama\u00f1o, eliminando as\u00ed el arranque en fr\u00edo y suministrando aire caliente y confortable al habit\u00e1culo en la estaci\u00f3n fr\u00eda. Los modelos de coche m\u00e1s nuevos pueden necesitar un bloque EPCU de terceros para calentar el habit\u00e1culo.<\/p>\n<p>AUTOTERM Flow 14D es\u00a0<strong>accionado por gasoil<\/strong>\u00a0y est\u00e1 disponible en versiones de 12V y 24V DC.<\/p>\n<p>En entornos extremadamente fr\u00edos, el precalentador AUTOTERM Flow 14D tambi\u00e9n funciona como un calentador auxiliar ayudando al motor a alcanzar su temperatura \u00f3ptima de trabajo cuando sea necesario durante la conducci\u00f3n.<\/p>\n<p>AUTOTERM Flow 14D<strong>\u00a0viene con el kit de instalaci\u00f3n completo<\/strong>\u00a0y se utiliza a menudo como calentador para peque\u00f1os sistemas de radiadores o calderas con una capacidad m\u00e1xima de 70 litros.<\/p>\n<p>Recomendamos este producto a aquellos que deseen calentar adicionalmente los motores de camiones, autocaravanas o yates con sistemas de calefacci\u00f3n por l\u00edquido.<\/p>\n<p>&lt;p&lt; div=&#8221;&#8221;&gt;&lt;\/p&lt;&gt;<\/p><\/div>\n<div class=\"pd_description\">\n<div>\n<p><strong>Voltaje:<\/strong>\u00a012V \/ 24V<\/p>\n<p><strong>Medio de calentamiento:<\/strong>\u00a0Refrigerante, refrigerante anticongelante<\/p>\n<p><strong>Volumen \u00f3ptimo de l\u00edquido\/refrigerante:<\/strong>\u00a025 &#8211; 30 L<\/p>\n<p><strong>Caudal de l\u00edquido refrigerante a 0 bar de presi\u00f3n en el sistema:<\/strong>\u00a02000 l\/h<\/p>\n<p><strong>Caudal de l\u00edquido refrigerante a 0. 18 bar de presi\u00f3n en el sistema:<\/strong>\u00a01300 l\/h<\/p>\n<p><strong>Potencia de calentamiento:<\/strong>\u00a014,5 kW<\/p>\n<p><strong>Consumo de energ\u00eda:<\/strong>\u00a046 W &#8211; 124 W \/ 46 W &#8211; 113 W<\/p>\n<p><strong>Altura m\u00e1xima de trabajo (MASL):<\/strong>\u00a01000 m<\/p>\n<p><strong>Combustible:<\/strong>\u00a0Diesel<\/p>\n<p><strong>Consumo de combustible:<\/strong>\u00a00. 5 &#8211; 1,2 l\/h 0,5 &#8211; 1,2 l\/h<\/p>\n<p><strong>Di\u00e1metro de entrada\/salida del refrigerante:<\/strong>\u00a0OD &#8211; \u00d8 20 mm<\/p>\n<p><strong>Nivel de ruido:<\/strong>\u00a080 dB<\/p>\n<p><strong>Modo de control:<\/strong>\u00a0Manual, mando a distancia est\u00e1ndar<\/p>\n<p><strong>Paneles de control compatibles:<\/strong>\u00a0PU-27, Comfort Control<\/p>\n<p><strong>Peso del calefactor:<\/strong>\u00a05. 7 kg<\/p>\n<p><strong>Peso del conjunto:<\/strong>\u00a016 kg<\/p>\n<p><strong>Dimensiones del calefactor:<\/strong>\u00a0340x160x206 mm<\/p>\n<p><strong>Dimensiones del paquete:<\/strong>\u00a088x33x30 cm<\/p>\n<\/div>\n<\/div>\n","protected":false},"excerpt":{"rendered":"<p>PLANAR AUTOTERM<\/p>\n","protected":false},"featured_media":30360,"comment_status":"open","ping_status":"closed","template":"","meta":{"googlesitekit_rrm_CAowud7EDA:productID":"","_uag_custom_page_level_css":""},"product_brand":[],"product_cat":[1385],"product_tag":[],"class_list":{"0":"post-46082","1":"product","2":"type-product","3":"status-publish","4":"has-post-thumbnail","6":"product_cat-aquecedor-de-agua","8":"first","9":"outofstock","10":"taxable","11":"shipping-taxable","12":"product-type-simple"},"ct_brands":[],"yoast_head":"<!-- This site is optimized with the Yoast SEO Premium plugin v27.3 (Yoast SEO v27.3) - https:\/\/yoast.com\/product\/yoast-seo-premium-wordpress\/ -->\n<title>Calentador de agua Autoterm Flow 14D, calentador de l\u00edquido (12V) 14KW, diesel, con panel de control de confort | Recambios EcoGas | Sistemas GLP y GNC<\/title>\n<meta name=\"robots\" content=\"index, follow, max-snippet:-1, max-image-preview:large, max-video-preview:-1\" \/>\n<link rel=\"canonical\" href=\"https:\/\/recambiosecogas.com\/pt-pt\/produto\/calentador-de-agua-autoterm-flow-14d-calentador-de-liquido-12v-14kw-diesel-con-panel-de-control-de-confort\/\" \/>\n<meta property=\"og:locale\" content=\"pt_PT\" \/>\n<meta property=\"og:type\" content=\"article\" \/>\n<meta property=\"og:title\" content=\"Calentador de agua Autoterm Flow 14D, calentador de l\u00edquido (12V) 14KW, diesel, con panel de control de confort\" \/>\n<meta property=\"og:description\" content=\"PLANAR AUTOTERM\" \/>\n<meta property=\"og:url\" content=\"https:\/\/recambiosecogas.com\/pt-pt\/produto\/calentador-de-agua-autoterm-flow-14d-calentador-de-liquido-12v-14kw-diesel-con-panel-de-control-de-confort\/\" \/>\n<meta property=\"og:site_name\" content=\"Recambios EcoGas\" \/>\n<meta property=\"article:publisher\" content=\"https:\/\/www.facebook.com\/profile.php?id=100062419705358\" \/>\n<meta property=\"og:image\" content=\"https:\/\/recambiosecogas.com\/wp-content\/uploads\/2025\/01\/Calentador-de-liquidos-AUTOTERM-Flow-14D-2-png.webp\" \/>\n\t<meta property=\"og:image:width\" content=\"1000\" \/>\n\t<meta property=\"og:image:height\" content=\"1000\" \/>\n\t<meta property=\"og:image:type\" content=\"image\/png\" \/>\n<meta name=\"twitter:card\" content=\"summary_large_image\" \/>\n<meta name=\"twitter:label1\" content=\"pre\u00e7o\" \/>\n\t<meta name=\"twitter:data1\" content=\"\" \/>\n\t<meta name=\"twitter:label2\" content=\"Disponibilidade\" \/>\n\t<meta name=\"twitter:data2\" content=\"Esgotado\" \/>\n<script type=\"application\/ld+json\" class=\"yoast-schema-graph\">{\"@context\":\"https:\\\/\\\/schema.org\",\"@graph\":[{\"@type\":\"WebPage\",\"@id\":\"https:\\\/\\\/recambiosecogas.com\\\/pt-pt\\\/produto\\\/calentador-de-agua-autoterm-flow-14d-calentador-de-liquido-12v-14kw-diesel-con-panel-de-control-de-confort\\\/\",\"url\":\"https:\\\/\\\/recambiosecogas.com\\\/pt-pt\\\/produto\\\/calentador-de-agua-autoterm-flow-14d-calentador-de-liquido-12v-14kw-diesel-con-panel-de-control-de-confort\\\/\",\"name\":\"Calentador de agua Autoterm Flow 14D, calentador de l\u00edquido (12V) 14KW, diesel, con panel de control de confort | Recambios EcoGas | Sistemas GLP y GNC\",\"isPartOf\":{\"@id\":\"https:\\\/\\\/recambiosecogas.com\\\/pt-pt\\\/#website\"},\"primaryImageOfPage\":{\"@id\":\"https:\\\/\\\/recambiosecogas.com\\\/pt-pt\\\/produto\\\/calentador-de-agua-autoterm-flow-14d-calentador-de-liquido-12v-14kw-diesel-con-panel-de-control-de-confort\\\/#primaryimage\"},\"image\":{\"@id\":\"https:\\\/\\\/recambiosecogas.com\\\/pt-pt\\\/produto\\\/calentador-de-agua-autoterm-flow-14d-calentador-de-liquido-12v-14kw-diesel-con-panel-de-control-de-confort\\\/#primaryimage\"},\"thumbnailUrl\":\"https:\\\/\\\/recambiosecogas.com\\\/wp-content\\\/uploads\\\/2025\\\/01\\\/Calentador-de-liquidos-AUTOTERM-Flow-14D-2-png.webp\",\"datePublished\":\"2025-01-21T09:42:03+00:00\",\"breadcrumb\":{\"@id\":\"https:\\\/\\\/recambiosecogas.com\\\/pt-pt\\\/produto\\\/calentador-de-agua-autoterm-flow-14d-calentador-de-liquido-12v-14kw-diesel-con-panel-de-control-de-confort\\\/#breadcrumb\"},\"inLanguage\":\"pt-PT\",\"potentialAction\":[{\"@type\":\"ReadAction\",\"target\":[\"https:\\\/\\\/recambiosecogas.com\\\/pt-pt\\\/produto\\\/calentador-de-agua-autoterm-flow-14d-calentador-de-liquido-12v-14kw-diesel-con-panel-de-control-de-confort\\\/\"]}]},{\"@type\":\"ImageObject\",\"inLanguage\":\"pt-PT\",\"@id\":\"https:\\\/\\\/recambiosecogas.com\\\/pt-pt\\\/produto\\\/calentador-de-agua-autoterm-flow-14d-calentador-de-liquido-12v-14kw-diesel-con-panel-de-control-de-confort\\\/#primaryimage\",\"url\":\"https:\\\/\\\/recambiosecogas.com\\\/wp-content\\\/uploads\\\/2025\\\/01\\\/Calentador-de-liquidos-AUTOTERM-Flow-14D-2-png.webp\",\"contentUrl\":\"https:\\\/\\\/recambiosecogas.com\\\/wp-content\\\/uploads\\\/2025\\\/01\\\/Calentador-de-liquidos-AUTOTERM-Flow-14D-2-png.webp\",\"width\":1000,\"height\":1000},{\"@type\":\"BreadcrumbList\",\"@id\":\"https:\\\/\\\/recambiosecogas.com\\\/pt-pt\\\/produto\\\/calentador-de-agua-autoterm-flow-14d-calentador-de-liquido-12v-14kw-diesel-con-panel-de-control-de-confort\\\/#breadcrumb\",\"itemListElement\":[{\"@type\":\"ListItem\",\"position\":1,\"name\":\"P\u00e1gina inicial\",\"item\":\"https:\\\/\\\/recambiosecogas.com\\\/pt-pt\\\/\"},{\"@type\":\"ListItem\",\"position\":2,\"name\":\"Loja\",\"item\":\"https:\\\/\\\/recambiosecogas.com\\\/pt-pt\\\/tienda\\\/\"},{\"@type\":\"ListItem\",\"position\":3,\"name\":\"Calentador de agua Autoterm Flow 14D, calentador de l\u00edquido (12V) 14KW, diesel, con panel de control de confort\"}]},{\"@type\":\"WebSite\",\"@id\":\"https:\\\/\\\/recambiosecogas.com\\\/pt-pt\\\/#website\",\"url\":\"https:\\\/\\\/recambiosecogas.com\\\/pt-pt\\\/\",\"name\":\"Recambios EcoGas\",\"description\":\"Pe\u00e7as multimarca para sistemas de GPL\\\/GNC\\\/GNL\\\/Hidrog\u00e9nio\",\"publisher\":{\"@id\":\"https:\\\/\\\/recambiosecogas.com\\\/pt-pt\\\/#organization\"},\"alternateName\":\"Recambios Autogas GLP\",\"potentialAction\":[{\"@type\":\"SearchAction\",\"target\":{\"@type\":\"EntryPoint\",\"urlTemplate\":\"https:\\\/\\\/recambiosecogas.com\\\/pt-pt\\\/?s={search_term_string}\"},\"query-input\":{\"@type\":\"PropertyValueSpecification\",\"valueRequired\":true,\"valueName\":\"search_term_string\"}}],\"inLanguage\":\"pt-PT\"},{\"@type\":[\"Organization\",\"Place\"],\"@id\":\"https:\\\/\\\/recambiosecogas.com\\\/pt-pt\\\/#organization\",\"name\":\"Recambios EcoGas\",\"alternateName\":\"Loja de GPL Autog\u00e1s Espanha\",\"url\":\"https:\\\/\\\/recambiosecogas.com\\\/pt-pt\\\/\",\"logo\":{\"@id\":\"https:\\\/\\\/recambiosecogas.com\\\/pt-pt\\\/produto\\\/calentador-de-agua-autoterm-flow-14d-calentador-de-liquido-12v-14kw-diesel-con-panel-de-control-de-confort\\\/#local-main-organization-logo\"},\"image\":{\"@id\":\"https:\\\/\\\/recambiosecogas.com\\\/pt-pt\\\/produto\\\/calentador-de-agua-autoterm-flow-14d-calentador-de-liquido-12v-14kw-diesel-con-panel-de-control-de-confort\\\/#local-main-organization-logo\"},\"sameAs\":[\"https:\\\/\\\/www.facebook.com\\\/profile.php?id=100062419705358\",\"https:\\\/\\\/www.instagram.com\\\/segimon_automocio\"],\"description\":\"Recambios EcoGas \u2013 Venta y distribuci\u00f3n de sistemas GLP y GNC en Espa\u00f1a y Portugal. Env\u00edos 24 h, soporte t\u00e9cnico a talleres y distribuidores.\",\"hasMerchantReturnPolicy\":{\"@type\":\"MerchantReturnPolicy\",\"merchantReturnLink\":\"https:\\\/\\\/recambiosecogas.com\\\/politicas-privacidad\\\/\"},\"address\":{\"@id\":\"https:\\\/\\\/recambiosecogas.com\\\/pt-pt\\\/produto\\\/calentador-de-agua-autoterm-flow-14d-calentador-de-liquido-12v-14kw-diesel-con-panel-de-control-de-confort\\\/#local-main-place-address\"},\"telephone\":[\"616250633\"],\"contactPoint\":{\"@type\":\"ContactPoint\",\"email\":\"export@recambiosecogas.com\"},\"openingHoursSpecification\":[{\"@type\":\"OpeningHoursSpecification\",\"dayOfWeek\":[\"Monday\",\"Tuesday\",\"Wednesday\",\"Thursday\",\"Friday\",\"Saturday\",\"Sunday\"],\"opens\":\"09:00\",\"closes\":\"17:00\"}],\"email\":\"info@recambiosecogas.com\",\"faxNumber\":\"SEGIMON AUTOMOCION SL\",\"vatID\":\"ESB19819861\",\"globalLocationNumber\":\"938 616 339\"},{\"@type\":\"PostalAddress\",\"@id\":\"https:\\\/\\\/recambiosecogas.com\\\/pt-pt\\\/produto\\\/calentador-de-agua-autoterm-flow-14d-calentador-de-liquido-12v-14kw-diesel-con-panel-de-control-de-confort\\\/#local-main-place-address\",\"streetAddress\":\"cami antic de vic, 29 (Nave 3), Pol\u00edgono Industrial Congost\",\"addressLocality\":\"CORRO D`AVALL\",\"postalCode\":\"08520\",\"addressRegion\":\"Barcelona\",\"addressCountry\":\"ES\"},{\"@type\":\"ImageObject\",\"inLanguage\":\"pt-PT\",\"@id\":\"https:\\\/\\\/recambiosecogas.com\\\/pt-pt\\\/produto\\\/calentador-de-agua-autoterm-flow-14d-calentador-de-liquido-12v-14kw-diesel-con-panel-de-control-de-confort\\\/#local-main-organization-logo\",\"url\":\"https:\\\/\\\/recambiosecogas.com\\\/wp-content\\\/uploads\\\/2024\\\/11\\\/cropped-RECAMBIOS-GLP-png.webp\",\"contentUrl\":\"https:\\\/\\\/recambiosecogas.com\\\/wp-content\\\/uploads\\\/2024\\\/11\\\/cropped-RECAMBIOS-GLP-png.webp\",\"width\":512,\"height\":512,\"caption\":\"Recambios EcoGas\"}]}<\/script>\n<meta property=\"product:price:currency\" content=\"EUR\" \/>\n<meta property=\"og:availability\" content=\"out of stock\" \/>\n<meta property=\"product:availability\" content=\"out of stock\" \/>\n<meta property=\"product:condition\" content=\"new\" \/>\n<meta name=\"geo.placename\" content=\"CORRO D`AVALL\" \/>\n<meta name=\"geo.region\" content=\"Espanha\" \/>\n<!-- \/ Yoast SEO Premium plugin. -->","yoast_head_json":{"title":"Calentador de agua Autoterm Flow 14D, calentador de l\u00edquido (12V) 14KW, diesel, con panel de control de confort | Recambios EcoGas | Sistemas GLP y GNC","robots":{"index":"index","follow":"follow","max-snippet":"max-snippet:-1","max-image-preview":"max-image-preview:large","max-video-preview":"max-video-preview:-1"},"canonical":"https:\/\/recambiosecogas.com\/pt-pt\/produto\/calentador-de-agua-autoterm-flow-14d-calentador-de-liquido-12v-14kw-diesel-con-panel-de-control-de-confort\/","og_locale":"pt_PT","og_type":"article","og_title":"Calentador de agua Autoterm Flow 14D, calentador de l\u00edquido (12V) 14KW, diesel, con panel de control de confort","og_description":"PLANAR AUTOTERM","og_url":"https:\/\/recambiosecogas.com\/pt-pt\/produto\/calentador-de-agua-autoterm-flow-14d-calentador-de-liquido-12v-14kw-diesel-con-panel-de-control-de-confort\/","og_site_name":"Recambios EcoGas","article_publisher":"https:\/\/www.facebook.com\/profile.php?id=100062419705358","og_image":[{"width":1000,"height":1000,"url":"https:\/\/recambiosecogas.com\/wp-content\/uploads\/2025\/01\/Calentador-de-liquidos-AUTOTERM-Flow-14D-2-png.webp","type":"image\/png"}],"twitter_card":"summary_large_image","twitter_misc":{"pre\u00e7o":"","Disponibilidade":"Esgotado"},"schema":{"@context":"https:\/\/schema.org","@graph":[{"@type":"WebPage","@id":"https:\/\/recambiosecogas.com\/pt-pt\/produto\/calentador-de-agua-autoterm-flow-14d-calentador-de-liquido-12v-14kw-diesel-con-panel-de-control-de-confort\/","url":"https:\/\/recambiosecogas.com\/pt-pt\/produto\/calentador-de-agua-autoterm-flow-14d-calentador-de-liquido-12v-14kw-diesel-con-panel-de-control-de-confort\/","name":"Calentador de agua Autoterm Flow 14D, calentador de l\u00edquido (12V) 14KW, diesel, con panel de control de confort | Recambios EcoGas | Sistemas GLP y GNC","isPartOf":{"@id":"https:\/\/recambiosecogas.com\/pt-pt\/#website"},"primaryImageOfPage":{"@id":"https:\/\/recambiosecogas.com\/pt-pt\/produto\/calentador-de-agua-autoterm-flow-14d-calentador-de-liquido-12v-14kw-diesel-con-panel-de-control-de-confort\/#primaryimage"},"image":{"@id":"https:\/\/recambiosecogas.com\/pt-pt\/produto\/calentador-de-agua-autoterm-flow-14d-calentador-de-liquido-12v-14kw-diesel-con-panel-de-control-de-confort\/#primaryimage"},"thumbnailUrl":"https:\/\/recambiosecogas.com\/wp-content\/uploads\/2025\/01\/Calentador-de-liquidos-AUTOTERM-Flow-14D-2-png.webp","datePublished":"2025-01-21T09:42:03+00:00","breadcrumb":{"@id":"https:\/\/recambiosecogas.com\/pt-pt\/produto\/calentador-de-agua-autoterm-flow-14d-calentador-de-liquido-12v-14kw-diesel-con-panel-de-control-de-confort\/#breadcrumb"},"inLanguage":"pt-PT","potentialAction":[{"@type":"ReadAction","target":["https:\/\/recambiosecogas.com\/pt-pt\/produto\/calentador-de-agua-autoterm-flow-14d-calentador-de-liquido-12v-14kw-diesel-con-panel-de-control-de-confort\/"]}]},{"@type":"ImageObject","inLanguage":"pt-PT","@id":"https:\/\/recambiosecogas.com\/pt-pt\/produto\/calentador-de-agua-autoterm-flow-14d-calentador-de-liquido-12v-14kw-diesel-con-panel-de-control-de-confort\/#primaryimage","url":"https:\/\/recambiosecogas.com\/wp-content\/uploads\/2025\/01\/Calentador-de-liquidos-AUTOTERM-Flow-14D-2-png.webp","contentUrl":"https:\/\/recambiosecogas.com\/wp-content\/uploads\/2025\/01\/Calentador-de-liquidos-AUTOTERM-Flow-14D-2-png.webp","width":1000,"height":1000},{"@type":"BreadcrumbList","@id":"https:\/\/recambiosecogas.com\/pt-pt\/produto\/calentador-de-agua-autoterm-flow-14d-calentador-de-liquido-12v-14kw-diesel-con-panel-de-control-de-confort\/#breadcrumb","itemListElement":[{"@type":"ListItem","position":1,"name":"P\u00e1gina inicial","item":"https:\/\/recambiosecogas.com\/pt-pt\/"},{"@type":"ListItem","position":2,"name":"Loja","item":"https:\/\/recambiosecogas.com\/pt-pt\/tienda\/"},{"@type":"ListItem","position":3,"name":"Calentador de agua Autoterm Flow 14D, calentador de l\u00edquido (12V) 14KW, diesel, con panel de control de confort"}]},{"@type":"WebSite","@id":"https:\/\/recambiosecogas.com\/pt-pt\/#website","url":"https:\/\/recambiosecogas.com\/pt-pt\/","name":"Recambios EcoGas","description":"Pe\u00e7as multimarca para sistemas de GPL\/GNC\/GNL\/Hidrog\u00e9nio","publisher":{"@id":"https:\/\/recambiosecogas.com\/pt-pt\/#organization"},"alternateName":"Recambios Autogas GLP","potentialAction":[{"@type":"SearchAction","target":{"@type":"EntryPoint","urlTemplate":"https:\/\/recambiosecogas.com\/pt-pt\/?s={search_term_string}"},"query-input":{"@type":"PropertyValueSpecification","valueRequired":true,"valueName":"search_term_string"}}],"inLanguage":"pt-PT"},{"@type":["Organization","Place"],"@id":"https:\/\/recambiosecogas.com\/pt-pt\/#organization","name":"Recambios EcoGas","alternateName":"Loja de GPL Autog\u00e1s Espanha","url":"https:\/\/recambiosecogas.com\/pt-pt\/","logo":{"@id":"https:\/\/recambiosecogas.com\/pt-pt\/produto\/calentador-de-agua-autoterm-flow-14d-calentador-de-liquido-12v-14kw-diesel-con-panel-de-control-de-confort\/#local-main-organization-logo"},"image":{"@id":"https:\/\/recambiosecogas.com\/pt-pt\/produto\/calentador-de-agua-autoterm-flow-14d-calentador-de-liquido-12v-14kw-diesel-con-panel-de-control-de-confort\/#local-main-organization-logo"},"sameAs":["https:\/\/www.facebook.com\/profile.php?id=100062419705358","https:\/\/www.instagram.com\/segimon_automocio"],"description":"Recambios EcoGas \u2013 Venta y distribuci\u00f3n de sistemas GLP y GNC en Espa\u00f1a y Portugal. Env\u00edos 24 h, soporte t\u00e9cnico a talleres y distribuidores.","hasMerchantReturnPolicy":{"@type":"MerchantReturnPolicy","merchantReturnLink":"https:\/\/recambiosecogas.com\/politicas-privacidad\/"},"address":{"@id":"https:\/\/recambiosecogas.com\/pt-pt\/produto\/calentador-de-agua-autoterm-flow-14d-calentador-de-liquido-12v-14kw-diesel-con-panel-de-control-de-confort\/#local-main-place-address"},"telephone":["616250633"],"contactPoint":{"@type":"ContactPoint","email":"export@recambiosecogas.com"},"openingHoursSpecification":[{"@type":"OpeningHoursSpecification","dayOfWeek":["Monday","Tuesday","Wednesday","Thursday","Friday","Saturday","Sunday"],"opens":"09:00","closes":"17:00"}],"email":"info@recambiosecogas.com","faxNumber":"SEGIMON AUTOMOCION SL","vatID":"ESB19819861","globalLocationNumber":"938 616 339"},{"@type":"PostalAddress","@id":"https:\/\/recambiosecogas.com\/pt-pt\/produto\/calentador-de-agua-autoterm-flow-14d-calentador-de-liquido-12v-14kw-diesel-con-panel-de-control-de-confort\/#local-main-place-address","streetAddress":"cami antic de vic, 29 (Nave 3), Pol\u00edgono Industrial Congost","addressLocality":"CORRO D`AVALL","postalCode":"08520","addressRegion":"Barcelona","addressCountry":"ES"},{"@type":"ImageObject","inLanguage":"pt-PT","@id":"https:\/\/recambiosecogas.com\/pt-pt\/produto\/calentador-de-agua-autoterm-flow-14d-calentador-de-liquido-12v-14kw-diesel-con-panel-de-control-de-confort\/#local-main-organization-logo","url":"https:\/\/recambiosecogas.com\/wp-content\/uploads\/2024\/11\/cropped-RECAMBIOS-GLP-png.webp","contentUrl":"https:\/\/recambiosecogas.com\/wp-content\/uploads\/2024\/11\/cropped-RECAMBIOS-GLP-png.webp","width":512,"height":512,"caption":"Recambios EcoGas"}]},"product_price_currency":"EUR","og_availability":"out of stock","product_availability":"out of stock","product_condition":"new","geo.placename":"CORRO D`AVALL","geo.region":"Espanha"},"uagb_featured_image_src":{"full":["https:\/\/recambiosecogas.com\/wp-content\/uploads\/2025\/01\/Calentador-de-liquidos-AUTOTERM-Flow-14D-2-png.webp",1000,1000,false],"thumbnail":["https:\/\/recambiosecogas.com\/wp-content\/uploads\/2025\/01\/Calentador-de-liquidos-AUTOTERM-Flow-14D-2-150x150.webp",150,150,true],"medium":["https:\/\/recambiosecogas.com\/wp-content\/uploads\/2025\/01\/Calentador-de-liquidos-AUTOTERM-Flow-14D-2-300x300.webp",300,300,true],"medium_large":["https:\/\/recambiosecogas.com\/wp-content\/uploads\/2025\/01\/Calentador-de-liquidos-AUTOTERM-Flow-14D-2-768x768.webp",768,768,true],"large":["https:\/\/recambiosecogas.com\/wp-content\/uploads\/2025\/01\/Calentador-de-liquidos-AUTOTERM-Flow-14D-2-png.webp",1000,1000,false],"1536x1536":["https:\/\/recambiosecogas.com\/wp-content\/uploads\/2025\/01\/Calentador-de-liquidos-AUTOTERM-Flow-14D-2-png.webp",1000,1000,false],"2048x2048":["https:\/\/recambiosecogas.com\/wp-content\/uploads\/2025\/01\/Calentador-de-liquidos-AUTOTERM-Flow-14D-2-png.webp",1000,1000,false],"woocommerce_archive_thumbnail":["https:\/\/recambiosecogas.com\/wp-content\/uploads\/2025\/01\/Calentador-de-liquidos-AUTOTERM-Flow-14D-2-png.webp",1000,1000,false],"woocommerce_thumbnail":["https:\/\/recambiosecogas.com\/wp-content\/uploads\/2025\/01\/Calentador-de-liquidos-AUTOTERM-Flow-14D-2-300x300.webp",300,300,true],"woocommerce_single":["https:\/\/recambiosecogas.com\/wp-content\/uploads\/2025\/01\/Calentador-de-liquidos-AUTOTERM-Flow-14D-2-png.webp",1000,1000,false],"woocommerce_gallery_thumbnail":["https:\/\/recambiosecogas.com\/wp-content\/uploads\/2025\/01\/Calentador-de-liquidos-AUTOTERM-Flow-14D-2-png.webp",1000,1000,false],"dgwt-wcas-product-suggestion":["https:\/\/recambiosecogas.com\/wp-content\/uploads\/2025\/01\/Calentador-de-liquidos-AUTOTERM-Flow-14D-2-64x64.webp",64,64,true]},"uagb_author_info":{"display_name":"Fran - Soporte T\u00e9cnico","author_link":"https:\/\/recambiosecogas.com\/pt-pt\/author\/"},"uagb_comment_info":0,"uagb_excerpt":"PLANAR AUTOTERM","_links":{"self":[{"href":"https:\/\/recambiosecogas.com\/pt-pt\/wp-json\/wp\/v2\/product\/46082","targetHints":{"allow":["GET"]}}],"collection":[{"href":"https:\/\/recambiosecogas.com\/pt-pt\/wp-json\/wp\/v2\/product"}],"about":[{"href":"https:\/\/recambiosecogas.com\/pt-pt\/wp-json\/wp\/v2\/types\/product"}],"replies":[{"embeddable":true,"href":"https:\/\/recambiosecogas.com\/pt-pt\/wp-json\/wp\/v2\/comments?post=46082"}],"wp:featuredmedia":[{"embeddable":true,"href":"https:\/\/recambiosecogas.com\/pt-pt\/wp-json\/wp\/v2\/media\/30360"}],"wp:attachment":[{"href":"https:\/\/recambiosecogas.com\/pt-pt\/wp-json\/wp\/v2\/media?parent=46082"}],"wp:term":[{"taxonomy":"product_brand","embeddable":true,"href":"https:\/\/recambiosecogas.com\/pt-pt\/wp-json\/wp\/v2\/product_brand?post=46082"},{"taxonomy":"product_cat","embeddable":true,"href":"https:\/\/recambiosecogas.com\/pt-pt\/wp-json\/wp\/v2\/product_cat?post=46082"},{"taxonomy":"product_tag","embeddable":true,"href":"https:\/\/recambiosecogas.com\/pt-pt\/wp-json\/wp\/v2\/product_tag?post=46082"}],"curies":[{"name":"wp","href":"https:\/\/api.w.org\/{rel}","templated":true}]}}