{"id":46079,"date":"2025-01-21T09:42:04","date_gmt":"2025-01-21T09:42:04","guid":{"rendered":"https:\/\/recambiosecogas.com\/producto\/calentador-de-estacionamiento-webasto-calentador-de-agua-ethermo-top-eco-20-p-basic\/"},"modified":"2025-01-21T09:42:04","modified_gmt":"2025-01-21T09:42:04","slug":"calentador-de-estacionamiento-webasto-calentador-de-agua-ethermo-top-eco-20-p-basic","status":"publish","type":"product","link":"https:\/\/recambiosecogas.com\/pt-pt\/produto\/calentador-de-estacionamiento-webasto-calentador-de-agua-ethermo-top-eco-20-p-basic\/","title":{"rendered":"Calentador de estacionamiento Webasto, calentador de agua eThermo Top Eco 20 P Basic"},"content":{"rendered":"<div class=\"product_content__element\">\n<div class=\"product_content__element__content\">\n<p>El calefactor el\u00e9ctrico eThermo Top Eco impresiona por sus peque\u00f1as dimensiones y su bajo peso. Este calentador puramente el\u00e9ctrico funciona a trav\u00e9s de la red el\u00e9ctrica de 230 V del veh\u00edculo. Otro aspecto destacado del calefactor es la funci\u00f3n de carga por goteo integrada e inteligente de la bater\u00eda del veh\u00edculo.<\/p>\n<p>El eThermo Top Eco precalienta autom\u00e1ticamente el habit\u00e1culo y el motor:<br \/>\nEn primer lugar, el agua caliente circula por el circuito de agua del veh\u00edculo, calentando as\u00ed el habit\u00e1culo. Todo el calor disponible se transfiere a la cabina del conductor a trav\u00e9s del sistema de ventilaci\u00f3n del veh\u00edculo.<\/p>\n<p><strong>Datos t\u00e9cnicos:<\/strong><\/p>\n<table border=\"1\">\n<tbody>\n<tr>\n<td><\/td>\n<td><strong>eThermo Top Eco 20 P<\/strong><\/td>\n<td><strong>eThermo Top Eco 30 P<\/strong><\/td>\n<\/tr>\n<tr>\n<td>Capacidad de calefacci\u00f3n (kW)<\/td>\n<td>2<\/td>\n<td>3<\/td>\n<\/tr>\n<tr>\n<td>Combustible<\/td>\n<td>accionado el\u00e9ctricamente<\/td>\n<td>accionado el\u00e9ctricamente<\/td>\n<\/tr>\n<tr>\n<td>Alimentaci\u00f3n (V) (50 Hz)<\/td>\n<td>230<\/td>\n<td>230<\/td>\n<\/tr>\n<tr>\n<td>Amperaje requerido (A)<\/td>\n<td>\u2265 10<\/td>\n<td>\u2265 16<\/td>\n<\/tr>\n<tr>\n<td>Funci\u00f3n de carga de la bater\u00eda* (W)<\/td>\n<td>25<\/td>\n<td>25<\/td>\n<\/tr>\n<tr>\n<td>Dimensiones LxAxA (mm)<\/td>\n<td>181 x 91 x 133<\/td>\n<td>181 x 91 x 133<\/td>\n<\/tr>\n<tr>\n<td>Peso (kg)<\/td>\n<td>1,2<\/td>\n<td>1,2<\/td>\n<\/tr>\n<\/tbody>\n<\/table>\n<p>*Alimentaci\u00f3n de la bomba de circulaci\u00f3n y del ventilador del veh\u00edculo y protecci\u00f3n contra la descarga de la bater\u00eda en funci\u00f3n de la carga t\u00e9rmica y de las condiciones ambientales.<\/p>\n<p><strong>Alcance de la entrega:<\/strong><\/p>\n<ul>\n<li>Calentador (eThermo Top Eco)<\/li>\n<li>Mazo de cables<\/li>\n<li>Cable de montaje<\/li>\n<li>Piezas de montaje<\/li>\n<li>Documentaci\u00f3n<\/li>\n<li>Bomba de circulaci\u00f3n 4847<\/li>\n<\/ul>\n<p><strong>Nota:<\/strong><\/p>\n<p>Para poder realizar una aplicaci\u00f3n completa, tambi\u00e9n es necesario el kit de instalaci\u00f3n. Esto no est\u00e1 incluido en el volumen de suministro.<\/p>\n<\/div>\n<\/div>\n<div class=\"product_content__element\">\n<div class=\"vmaster vmaster177210\" data-varid=\"177199\">\n<div class=\"vproduct vproduct177199 vvisible\" data-uk-observe=\"\">\n<div class=\"product_content__element__head\">\n<p><strong>DATOS T\u00c9CNICOS<\/strong><\/p>\n<p><strong>Combustible<\/strong>\u00a0El\u00e9ctrico<\/p>\n<p><strong>Longitud del calefactor<\/strong>\u00a0181 mm<\/p>\n<p><strong>Se adapta<\/strong>\u00a0a coche, furgoneta, caravana<\/p>\n<p><strong>Ancho del calefactor<\/strong>\u00a091 mm<\/p>\n<p><strong>Tensi\u00f3n<\/strong>\u00a0230 V<\/p>\n<p><strong>Protecci\u00f3n contra subtensiones<\/strong>\u00a0S\u00ed<\/p>\n<p><strong>Peso del calefactor<\/strong>\u00a01, 4 kg<\/p>\n<p><strong>Capacidad de calentamiento a plena carga<\/strong>\u00a02 kW<\/p>\n<p><strong>Medio de calentamiento<\/strong>\u00a0Agua<\/p>\n<p><strong>Altura del calentador<\/strong>\u00a0133 mm<\/p>\n<p><strong>Ajuste de la altura de calentamiento<\/strong>\u00a01500 m<\/p>\n<h2>Propiedades<\/h2>\n<\/div>\n<div class=\"product_content__element__content productfeatures\">\n<table class=\"uk-table uk-table-striped\">\n<tbody>\n<tr>\n<td class=\"uk-width-1-2\">Tipo de sistemas de aire caliente<\/td>\n<td>Sistema de aire caliente<\/td>\n<\/tr>\n<tr>\n<td class=\"uk-width-1-2\">Versi\u00f3n<\/td>\n<td>20 P<\/td>\n<\/tr>\n<tr>\n<td class=\"uk-width-1-2\">ean<\/td>\n<td>4054037245497<\/td>\n<\/tr>\n<tr>\n<td class=\"uk-width-1-2\">Fabricante N\u00ba de art\u00edculo<\/td>\n<td>1330002A<\/td>\n<\/tr>\n<\/tbody>\n<\/table>\n<\/div>\n<\/div>\n<\/div>\n<\/div>\n","protected":false},"excerpt":{"rendered":"<p>WEBASTO<\/p>\n","protected":false},"featured_media":30356,"comment_status":"open","ping_status":"closed","template":"","meta":{"googlesitekit_rrm_CAowud7EDA:productID":"","_uag_custom_page_level_css":""},"product_brand":[],"product_cat":[1385],"product_tag":[],"class_list":{"0":"post-46079","1":"product","2":"type-product","3":"status-publish","4":"has-post-thumbnail","6":"product_cat-aquecedor-de-agua","8":"first","9":"outofstock","10":"taxable","11":"shipping-taxable","12":"product-type-simple"},"ct_brands":[],"yoast_head":"<!-- This site is optimized with the Yoast SEO Premium plugin v27.3 (Yoast SEO v27.3) - https:\/\/yoast.com\/product\/yoast-seo-premium-wordpress\/ -->\n<title>Calentador de estacionamiento Webasto, calentador de agua eThermo Top Eco 20 P Basic | Recambios EcoGas | Sistemas GLP y GNC<\/title>\n<meta name=\"robots\" content=\"index, follow, max-snippet:-1, max-image-preview:large, max-video-preview:-1\" \/>\n<link rel=\"canonical\" href=\"https:\/\/recambiosecogas.com\/pt-pt\/produto\/calentador-de-estacionamiento-webasto-calentador-de-agua-ethermo-top-eco-20-p-basic\/\" \/>\n<meta property=\"og:locale\" content=\"pt_PT\" \/>\n<meta property=\"og:type\" content=\"article\" \/>\n<meta property=\"og:title\" content=\"Calentador de estacionamiento Webasto, calentador de agua eThermo Top Eco 20 P Basic\" \/>\n<meta property=\"og:description\" content=\"WEBASTO\" \/>\n<meta property=\"og:url\" content=\"https:\/\/recambiosecogas.com\/pt-pt\/produto\/calentador-de-estacionamiento-webasto-calentador-de-agua-ethermo-top-eco-20-p-basic\/\" \/>\n<meta property=\"og:site_name\" content=\"Recambios EcoGas\" \/>\n<meta property=\"article:publisher\" content=\"https:\/\/www.facebook.com\/profile.php?id=100062419705358\" \/>\n<meta property=\"og:image\" content=\"https:\/\/recambiosecogas.com\/wp-content\/uploads\/2025\/01\/eThermo-Top-Eco-20-P-Basic-png.webp\" \/>\n\t<meta property=\"og:image:width\" content=\"1000\" \/>\n\t<meta property=\"og:image:height\" content=\"1000\" \/>\n\t<meta property=\"og:image:type\" content=\"image\/png\" \/>\n<meta name=\"twitter:card\" content=\"summary_large_image\" \/>\n<meta name=\"twitter:label1\" content=\"pre\u00e7o\" \/>\n\t<meta name=\"twitter:data1\" content=\"\" \/>\n\t<meta name=\"twitter:label2\" content=\"Disponibilidade\" \/>\n\t<meta name=\"twitter:data2\" content=\"Esgotado\" \/>\n<script type=\"application\/ld+json\" class=\"yoast-schema-graph\">{\"@context\":\"https:\\\/\\\/schema.org\",\"@graph\":[{\"@type\":\"WebPage\",\"@id\":\"https:\\\/\\\/recambiosecogas.com\\\/pt-pt\\\/produto\\\/calentador-de-estacionamiento-webasto-calentador-de-agua-ethermo-top-eco-20-p-basic\\\/\",\"url\":\"https:\\\/\\\/recambiosecogas.com\\\/pt-pt\\\/produto\\\/calentador-de-estacionamiento-webasto-calentador-de-agua-ethermo-top-eco-20-p-basic\\\/\",\"name\":\"Calentador de estacionamiento Webasto, calentador de agua eThermo Top Eco 20 P Basic | Recambios EcoGas | Sistemas GLP y GNC\",\"isPartOf\":{\"@id\":\"https:\\\/\\\/recambiosecogas.com\\\/pt-pt\\\/#website\"},\"primaryImageOfPage\":{\"@id\":\"https:\\\/\\\/recambiosecogas.com\\\/pt-pt\\\/produto\\\/calentador-de-estacionamiento-webasto-calentador-de-agua-ethermo-top-eco-20-p-basic\\\/#primaryimage\"},\"image\":{\"@id\":\"https:\\\/\\\/recambiosecogas.com\\\/pt-pt\\\/produto\\\/calentador-de-estacionamiento-webasto-calentador-de-agua-ethermo-top-eco-20-p-basic\\\/#primaryimage\"},\"thumbnailUrl\":\"https:\\\/\\\/recambiosecogas.com\\\/wp-content\\\/uploads\\\/2025\\\/01\\\/eThermo-Top-Eco-20-P-Basic-png.webp\",\"datePublished\":\"2025-01-21T09:42:04+00:00\",\"breadcrumb\":{\"@id\":\"https:\\\/\\\/recambiosecogas.com\\\/pt-pt\\\/produto\\\/calentador-de-estacionamiento-webasto-calentador-de-agua-ethermo-top-eco-20-p-basic\\\/#breadcrumb\"},\"inLanguage\":\"pt-PT\",\"potentialAction\":[{\"@type\":\"ReadAction\",\"target\":[\"https:\\\/\\\/recambiosecogas.com\\\/pt-pt\\\/produto\\\/calentador-de-estacionamiento-webasto-calentador-de-agua-ethermo-top-eco-20-p-basic\\\/\"]}]},{\"@type\":\"ImageObject\",\"inLanguage\":\"pt-PT\",\"@id\":\"https:\\\/\\\/recambiosecogas.com\\\/pt-pt\\\/produto\\\/calentador-de-estacionamiento-webasto-calentador-de-agua-ethermo-top-eco-20-p-basic\\\/#primaryimage\",\"url\":\"https:\\\/\\\/recambiosecogas.com\\\/wp-content\\\/uploads\\\/2025\\\/01\\\/eThermo-Top-Eco-20-P-Basic-png.webp\",\"contentUrl\":\"https:\\\/\\\/recambiosecogas.com\\\/wp-content\\\/uploads\\\/2025\\\/01\\\/eThermo-Top-Eco-20-P-Basic-png.webp\",\"width\":1000,\"height\":1000},{\"@type\":\"BreadcrumbList\",\"@id\":\"https:\\\/\\\/recambiosecogas.com\\\/pt-pt\\\/produto\\\/calentador-de-estacionamiento-webasto-calentador-de-agua-ethermo-top-eco-20-p-basic\\\/#breadcrumb\",\"itemListElement\":[{\"@type\":\"ListItem\",\"position\":1,\"name\":\"P\u00e1gina inicial\",\"item\":\"https:\\\/\\\/recambiosecogas.com\\\/pt-pt\\\/\"},{\"@type\":\"ListItem\",\"position\":2,\"name\":\"Loja\",\"item\":\"https:\\\/\\\/recambiosecogas.com\\\/pt-pt\\\/tienda\\\/\"},{\"@type\":\"ListItem\",\"position\":3,\"name\":\"Calentador de estacionamiento Webasto, calentador de agua eThermo Top Eco 20 P Basic\"}]},{\"@type\":\"WebSite\",\"@id\":\"https:\\\/\\\/recambiosecogas.com\\\/pt-pt\\\/#website\",\"url\":\"https:\\\/\\\/recambiosecogas.com\\\/pt-pt\\\/\",\"name\":\"Recambios EcoGas\",\"description\":\"Pe\u00e7as multimarca para sistemas de GPL\\\/GNC\\\/GNL\\\/Hidrog\u00e9nio\",\"publisher\":{\"@id\":\"https:\\\/\\\/recambiosecogas.com\\\/pt-pt\\\/#organization\"},\"alternateName\":\"Recambios Autogas GLP\",\"potentialAction\":[{\"@type\":\"SearchAction\",\"target\":{\"@type\":\"EntryPoint\",\"urlTemplate\":\"https:\\\/\\\/recambiosecogas.com\\\/pt-pt\\\/?s={search_term_string}\"},\"query-input\":{\"@type\":\"PropertyValueSpecification\",\"valueRequired\":true,\"valueName\":\"search_term_string\"}}],\"inLanguage\":\"pt-PT\"},{\"@type\":[\"Organization\",\"Place\"],\"@id\":\"https:\\\/\\\/recambiosecogas.com\\\/pt-pt\\\/#organization\",\"name\":\"Recambios EcoGas\",\"alternateName\":\"Loja de GPL Autog\u00e1s Espanha\",\"url\":\"https:\\\/\\\/recambiosecogas.com\\\/pt-pt\\\/\",\"logo\":{\"@id\":\"https:\\\/\\\/recambiosecogas.com\\\/pt-pt\\\/produto\\\/calentador-de-estacionamiento-webasto-calentador-de-agua-ethermo-top-eco-20-p-basic\\\/#local-main-organization-logo\"},\"image\":{\"@id\":\"https:\\\/\\\/recambiosecogas.com\\\/pt-pt\\\/produto\\\/calentador-de-estacionamiento-webasto-calentador-de-agua-ethermo-top-eco-20-p-basic\\\/#local-main-organization-logo\"},\"sameAs\":[\"https:\\\/\\\/www.facebook.com\\\/profile.php?id=100062419705358\",\"https:\\\/\\\/www.instagram.com\\\/segimon_automocio\"],\"description\":\"Recambios EcoGas \u2013 Venta y distribuci\u00f3n de sistemas GLP y GNC en Espa\u00f1a y Portugal. Env\u00edos 24 h, soporte t\u00e9cnico a talleres y distribuidores.\",\"hasMerchantReturnPolicy\":{\"@type\":\"MerchantReturnPolicy\",\"merchantReturnLink\":\"https:\\\/\\\/recambiosecogas.com\\\/politicas-privacidad\\\/\"},\"address\":{\"@id\":\"https:\\\/\\\/recambiosecogas.com\\\/pt-pt\\\/produto\\\/calentador-de-estacionamiento-webasto-calentador-de-agua-ethermo-top-eco-20-p-basic\\\/#local-main-place-address\"},\"telephone\":[\"616250633\"],\"contactPoint\":{\"@type\":\"ContactPoint\",\"email\":\"export@recambiosecogas.com\"},\"openingHoursSpecification\":[{\"@type\":\"OpeningHoursSpecification\",\"dayOfWeek\":[\"Monday\",\"Tuesday\",\"Wednesday\",\"Thursday\",\"Friday\",\"Saturday\",\"Sunday\"],\"opens\":\"09:00\",\"closes\":\"17:00\"}],\"email\":\"info@recambiosecogas.com\",\"faxNumber\":\"SEGIMON AUTOMOCION SL\",\"vatID\":\"ESB19819861\",\"globalLocationNumber\":\"938 616 339\"},{\"@type\":\"PostalAddress\",\"@id\":\"https:\\\/\\\/recambiosecogas.com\\\/pt-pt\\\/produto\\\/calentador-de-estacionamiento-webasto-calentador-de-agua-ethermo-top-eco-20-p-basic\\\/#local-main-place-address\",\"streetAddress\":\"cami antic de vic, 29 (Nave 3), Pol\u00edgono Industrial Congost\",\"addressLocality\":\"CORRO D`AVALL\",\"postalCode\":\"08520\",\"addressRegion\":\"Barcelona\",\"addressCountry\":\"ES\"},{\"@type\":\"ImageObject\",\"inLanguage\":\"pt-PT\",\"@id\":\"https:\\\/\\\/recambiosecogas.com\\\/pt-pt\\\/produto\\\/calentador-de-estacionamiento-webasto-calentador-de-agua-ethermo-top-eco-20-p-basic\\\/#local-main-organization-logo\",\"url\":\"https:\\\/\\\/recambiosecogas.com\\\/wp-content\\\/uploads\\\/2024\\\/11\\\/cropped-RECAMBIOS-GLP-png.webp\",\"contentUrl\":\"https:\\\/\\\/recambiosecogas.com\\\/wp-content\\\/uploads\\\/2024\\\/11\\\/cropped-RECAMBIOS-GLP-png.webp\",\"width\":512,\"height\":512,\"caption\":\"Recambios EcoGas\"}]}<\/script>\n<meta property=\"product:price:currency\" content=\"EUR\" \/>\n<meta property=\"og:availability\" content=\"out of stock\" \/>\n<meta property=\"product:availability\" content=\"out of stock\" \/>\n<meta property=\"product:condition\" content=\"new\" \/>\n<meta name=\"geo.placename\" content=\"CORRO D`AVALL\" \/>\n<meta name=\"geo.region\" content=\"Espanha\" \/>\n<!-- \/ Yoast SEO Premium plugin. -->","yoast_head_json":{"title":"Calentador de estacionamiento Webasto, calentador de agua eThermo Top Eco 20 P Basic | Recambios EcoGas | Sistemas GLP y GNC","robots":{"index":"index","follow":"follow","max-snippet":"max-snippet:-1","max-image-preview":"max-image-preview:large","max-video-preview":"max-video-preview:-1"},"canonical":"https:\/\/recambiosecogas.com\/pt-pt\/produto\/calentador-de-estacionamiento-webasto-calentador-de-agua-ethermo-top-eco-20-p-basic\/","og_locale":"pt_PT","og_type":"article","og_title":"Calentador de estacionamiento Webasto, calentador de agua eThermo Top Eco 20 P Basic","og_description":"WEBASTO","og_url":"https:\/\/recambiosecogas.com\/pt-pt\/produto\/calentador-de-estacionamiento-webasto-calentador-de-agua-ethermo-top-eco-20-p-basic\/","og_site_name":"Recambios EcoGas","article_publisher":"https:\/\/www.facebook.com\/profile.php?id=100062419705358","og_image":[{"width":1000,"height":1000,"url":"https:\/\/recambiosecogas.com\/wp-content\/uploads\/2025\/01\/eThermo-Top-Eco-20-P-Basic-png.webp","type":"image\/png"}],"twitter_card":"summary_large_image","twitter_misc":{"pre\u00e7o":"","Disponibilidade":"Esgotado"},"schema":{"@context":"https:\/\/schema.org","@graph":[{"@type":"WebPage","@id":"https:\/\/recambiosecogas.com\/pt-pt\/produto\/calentador-de-estacionamiento-webasto-calentador-de-agua-ethermo-top-eco-20-p-basic\/","url":"https:\/\/recambiosecogas.com\/pt-pt\/produto\/calentador-de-estacionamiento-webasto-calentador-de-agua-ethermo-top-eco-20-p-basic\/","name":"Calentador de estacionamiento Webasto, calentador de agua eThermo Top Eco 20 P Basic | Recambios EcoGas | Sistemas GLP y GNC","isPartOf":{"@id":"https:\/\/recambiosecogas.com\/pt-pt\/#website"},"primaryImageOfPage":{"@id":"https:\/\/recambiosecogas.com\/pt-pt\/produto\/calentador-de-estacionamiento-webasto-calentador-de-agua-ethermo-top-eco-20-p-basic\/#primaryimage"},"image":{"@id":"https:\/\/recambiosecogas.com\/pt-pt\/produto\/calentador-de-estacionamiento-webasto-calentador-de-agua-ethermo-top-eco-20-p-basic\/#primaryimage"},"thumbnailUrl":"https:\/\/recambiosecogas.com\/wp-content\/uploads\/2025\/01\/eThermo-Top-Eco-20-P-Basic-png.webp","datePublished":"2025-01-21T09:42:04+00:00","breadcrumb":{"@id":"https:\/\/recambiosecogas.com\/pt-pt\/produto\/calentador-de-estacionamiento-webasto-calentador-de-agua-ethermo-top-eco-20-p-basic\/#breadcrumb"},"inLanguage":"pt-PT","potentialAction":[{"@type":"ReadAction","target":["https:\/\/recambiosecogas.com\/pt-pt\/produto\/calentador-de-estacionamiento-webasto-calentador-de-agua-ethermo-top-eco-20-p-basic\/"]}]},{"@type":"ImageObject","inLanguage":"pt-PT","@id":"https:\/\/recambiosecogas.com\/pt-pt\/produto\/calentador-de-estacionamiento-webasto-calentador-de-agua-ethermo-top-eco-20-p-basic\/#primaryimage","url":"https:\/\/recambiosecogas.com\/wp-content\/uploads\/2025\/01\/eThermo-Top-Eco-20-P-Basic-png.webp","contentUrl":"https:\/\/recambiosecogas.com\/wp-content\/uploads\/2025\/01\/eThermo-Top-Eco-20-P-Basic-png.webp","width":1000,"height":1000},{"@type":"BreadcrumbList","@id":"https:\/\/recambiosecogas.com\/pt-pt\/produto\/calentador-de-estacionamiento-webasto-calentador-de-agua-ethermo-top-eco-20-p-basic\/#breadcrumb","itemListElement":[{"@type":"ListItem","position":1,"name":"P\u00e1gina inicial","item":"https:\/\/recambiosecogas.com\/pt-pt\/"},{"@type":"ListItem","position":2,"name":"Loja","item":"https:\/\/recambiosecogas.com\/pt-pt\/tienda\/"},{"@type":"ListItem","position":3,"name":"Calentador de estacionamiento Webasto, calentador de agua eThermo Top Eco 20 P Basic"}]},{"@type":"WebSite","@id":"https:\/\/recambiosecogas.com\/pt-pt\/#website","url":"https:\/\/recambiosecogas.com\/pt-pt\/","name":"Recambios EcoGas","description":"Pe\u00e7as multimarca para sistemas de GPL\/GNC\/GNL\/Hidrog\u00e9nio","publisher":{"@id":"https:\/\/recambiosecogas.com\/pt-pt\/#organization"},"alternateName":"Recambios Autogas GLP","potentialAction":[{"@type":"SearchAction","target":{"@type":"EntryPoint","urlTemplate":"https:\/\/recambiosecogas.com\/pt-pt\/?s={search_term_string}"},"query-input":{"@type":"PropertyValueSpecification","valueRequired":true,"valueName":"search_term_string"}}],"inLanguage":"pt-PT"},{"@type":["Organization","Place"],"@id":"https:\/\/recambiosecogas.com\/pt-pt\/#organization","name":"Recambios EcoGas","alternateName":"Loja de GPL Autog\u00e1s Espanha","url":"https:\/\/recambiosecogas.com\/pt-pt\/","logo":{"@id":"https:\/\/recambiosecogas.com\/pt-pt\/produto\/calentador-de-estacionamiento-webasto-calentador-de-agua-ethermo-top-eco-20-p-basic\/#local-main-organization-logo"},"image":{"@id":"https:\/\/recambiosecogas.com\/pt-pt\/produto\/calentador-de-estacionamiento-webasto-calentador-de-agua-ethermo-top-eco-20-p-basic\/#local-main-organization-logo"},"sameAs":["https:\/\/www.facebook.com\/profile.php?id=100062419705358","https:\/\/www.instagram.com\/segimon_automocio"],"description":"Recambios EcoGas \u2013 Venta y distribuci\u00f3n de sistemas GLP y GNC en Espa\u00f1a y Portugal. Env\u00edos 24 h, soporte t\u00e9cnico a talleres y distribuidores.","hasMerchantReturnPolicy":{"@type":"MerchantReturnPolicy","merchantReturnLink":"https:\/\/recambiosecogas.com\/politicas-privacidad\/"},"address":{"@id":"https:\/\/recambiosecogas.com\/pt-pt\/produto\/calentador-de-estacionamiento-webasto-calentador-de-agua-ethermo-top-eco-20-p-basic\/#local-main-place-address"},"telephone":["616250633"],"contactPoint":{"@type":"ContactPoint","email":"export@recambiosecogas.com"},"openingHoursSpecification":[{"@type":"OpeningHoursSpecification","dayOfWeek":["Monday","Tuesday","Wednesday","Thursday","Friday","Saturday","Sunday"],"opens":"09:00","closes":"17:00"}],"email":"info@recambiosecogas.com","faxNumber":"SEGIMON AUTOMOCION SL","vatID":"ESB19819861","globalLocationNumber":"938 616 339"},{"@type":"PostalAddress","@id":"https:\/\/recambiosecogas.com\/pt-pt\/produto\/calentador-de-estacionamiento-webasto-calentador-de-agua-ethermo-top-eco-20-p-basic\/#local-main-place-address","streetAddress":"cami antic de vic, 29 (Nave 3), Pol\u00edgono Industrial Congost","addressLocality":"CORRO D`AVALL","postalCode":"08520","addressRegion":"Barcelona","addressCountry":"ES"},{"@type":"ImageObject","inLanguage":"pt-PT","@id":"https:\/\/recambiosecogas.com\/pt-pt\/produto\/calentador-de-estacionamiento-webasto-calentador-de-agua-ethermo-top-eco-20-p-basic\/#local-main-organization-logo","url":"https:\/\/recambiosecogas.com\/wp-content\/uploads\/2024\/11\/cropped-RECAMBIOS-GLP-png.webp","contentUrl":"https:\/\/recambiosecogas.com\/wp-content\/uploads\/2024\/11\/cropped-RECAMBIOS-GLP-png.webp","width":512,"height":512,"caption":"Recambios EcoGas"}]},"product_price_currency":"EUR","og_availability":"out of stock","product_availability":"out of stock","product_condition":"new","geo.placename":"CORRO D`AVALL","geo.region":"Espanha"},"uagb_featured_image_src":{"full":["https:\/\/recambiosecogas.com\/wp-content\/uploads\/2025\/01\/eThermo-Top-Eco-20-P-Basic-png.webp",1000,1000,false],"thumbnail":["https:\/\/recambiosecogas.com\/wp-content\/uploads\/2025\/01\/eThermo-Top-Eco-20-P-Basic-150x150.webp",150,150,true],"medium":["https:\/\/recambiosecogas.com\/wp-content\/uploads\/2025\/01\/eThermo-Top-Eco-20-P-Basic-300x300.webp",300,300,true],"medium_large":["https:\/\/recambiosecogas.com\/wp-content\/uploads\/2025\/01\/eThermo-Top-Eco-20-P-Basic-768x768.webp",768,768,true],"large":["https:\/\/recambiosecogas.com\/wp-content\/uploads\/2025\/01\/eThermo-Top-Eco-20-P-Basic-png.webp",1000,1000,false],"1536x1536":["https:\/\/recambiosecogas.com\/wp-content\/uploads\/2025\/01\/eThermo-Top-Eco-20-P-Basic-png.webp",1000,1000,false],"2048x2048":["https:\/\/recambiosecogas.com\/wp-content\/uploads\/2025\/01\/eThermo-Top-Eco-20-P-Basic-png.webp",1000,1000,false],"woocommerce_archive_thumbnail":["https:\/\/recambiosecogas.com\/wp-content\/uploads\/2025\/01\/eThermo-Top-Eco-20-P-Basic-png.webp",1000,1000,false],"woocommerce_thumbnail":["https:\/\/recambiosecogas.com\/wp-content\/uploads\/2025\/01\/eThermo-Top-Eco-20-P-Basic-300x300.webp",300,300,true],"woocommerce_single":["https:\/\/recambiosecogas.com\/wp-content\/uploads\/2025\/01\/eThermo-Top-Eco-20-P-Basic-png.webp",1000,1000,false],"woocommerce_gallery_thumbnail":["https:\/\/recambiosecogas.com\/wp-content\/uploads\/2025\/01\/eThermo-Top-Eco-20-P-Basic-png.webp",1000,1000,false],"dgwt-wcas-product-suggestion":["https:\/\/recambiosecogas.com\/wp-content\/uploads\/2025\/01\/eThermo-Top-Eco-20-P-Basic-64x64.webp",64,64,true]},"uagb_author_info":{"display_name":"Fran - Soporte T\u00e9cnico","author_link":"https:\/\/recambiosecogas.com\/pt-pt\/author\/"},"uagb_comment_info":0,"uagb_excerpt":"WEBASTO","_links":{"self":[{"href":"https:\/\/recambiosecogas.com\/pt-pt\/wp-json\/wp\/v2\/product\/46079","targetHints":{"allow":["GET"]}}],"collection":[{"href":"https:\/\/recambiosecogas.com\/pt-pt\/wp-json\/wp\/v2\/product"}],"about":[{"href":"https:\/\/recambiosecogas.com\/pt-pt\/wp-json\/wp\/v2\/types\/product"}],"replies":[{"embeddable":true,"href":"https:\/\/recambiosecogas.com\/pt-pt\/wp-json\/wp\/v2\/comments?post=46079"}],"wp:featuredmedia":[{"embeddable":true,"href":"https:\/\/recambiosecogas.com\/pt-pt\/wp-json\/wp\/v2\/media\/30356"}],"wp:attachment":[{"href":"https:\/\/recambiosecogas.com\/pt-pt\/wp-json\/wp\/v2\/media?parent=46079"}],"wp:term":[{"taxonomy":"product_brand","embeddable":true,"href":"https:\/\/recambiosecogas.com\/pt-pt\/wp-json\/wp\/v2\/product_brand?post=46079"},{"taxonomy":"product_cat","embeddable":true,"href":"https:\/\/recambiosecogas.com\/pt-pt\/wp-json\/wp\/v2\/product_cat?post=46079"},{"taxonomy":"product_tag","embeddable":true,"href":"https:\/\/recambiosecogas.com\/pt-pt\/wp-json\/wp\/v2\/product_tag?post=46079"}],"curies":[{"name":"wp","href":"https:\/\/api.w.org\/{rel}","templated":true}]}}