{"id":46056,"date":"2025-02-24T11:01:30","date_gmt":"2025-02-24T11:01:30","guid":{"rendered":"https:\/\/recambiosecogas.com\/producto\/drehmeister-adaptador-para-regulador-de-gas-usa-a-bombona-de-propano-europea-3-8-tipo-1-qcc-acme-g-12-w218-x-1-14-lh\/"},"modified":"2025-02-24T11:01:30","modified_gmt":"2025-02-24T11:01:30","slug":"drehmeister-adaptador-para-regulador-de-gas-usa-a-bombona-de-propano-europea-3-8-tipo-1-qcc-acme-g-12-w218-x-1-14-lh","status":"publish","type":"product","link":"https:\/\/recambiosecogas.com\/pt-pt\/producto\/drehmeister-adaptador-para-regulador-de-gas-usa-a-bombona-de-propano-europea-3-8-tipo-1-qcc-acme-g-12-w218-x-1-14-lh\/","title":{"rendered":"DREHMEISTER Adaptador para regulador de gas USA a bombona de propano EUROPEA 3\/8 Tipo 1 QCC (ACME) -> G.12 W21,8 x 1\/14 LH"},"content":{"rendered":"<p>Adaptador DREHMEISTER para la conexi\u00f3n a reguladores de gas estadounidenses en barbacoas de gas americanas.<\/p>\n<p>\u00bfHa importado una barbacoa de gas de EE.UU. o ha comprado una barbacoa de gas americana a un distribuidor europeo? En este caso, la barbacoa de gas americana se suministra con un regulador de gas para botellas de gas americanas. Este regulador de gas estadounidense con 3\/8 Tipo 1 QCC (ACME) no puede conectarse a botellas de gas alemanas.<\/p>\n<p>El adaptador DREHMEISTER para la conexi\u00f3n a reguladores de gas estadounidenses en barbacoas de gas americanas ofrece una soluci\u00f3n para los amantes de las barbacoas.<\/p>\n<p>El adaptador se enrosca simplemente entre el regulador de gas estadounidense y la bombona de gas alemana est\u00e1ndar con conexi\u00f3n para bombonas peque\u00f1as G.12 (W21,8 x 1\/14 LH).<\/p>\n<h4>Datos t\u00e9cnicos<\/h4>\n<p>Tipo de adaptador:\u00a0<strong>3\/8&#8243;. Tipo 1 QCC (ACME)<\/strong><\/p>\n<p>Rosca de conexi\u00f3n:\u00a0<strong>G.12 W21.8 x 1\/14 LH<\/strong><\/p>\n<p>Longitud total:\u00a0<strong>43 mm<\/strong><\/p>\n<p>Material:\u00a0<strong>Lat\u00f3n<\/strong><\/p>\n","protected":false},"excerpt":{"rendered":"<p>DREHMEISTER<\/p>\n","protected":false},"featured_media":34987,"comment_status":"open","ping_status":"closed","template":"","meta":{"_uag_custom_page_level_css":""},"product_brand":[],"product_cat":[1377],"product_tag":[],"class_list":{"0":"post-46056","1":"product","2":"type-product","3":"status-publish","4":"has-post-thumbnail","6":"product_cat-churrascos","8":"first","9":"instock","10":"taxable","11":"shipping-taxable","12":"product-type-simple"},"ct_brands":[],"yoast_head":"<!-- This site is optimized with the Yoast SEO Premium plugin v27.5 (Yoast SEO v27.5) - https:\/\/yoast.com\/product\/yoast-seo-premium-wordpress\/ -->\n<title>DREHMEISTER Adaptador para regulador de gas USA a bombona de propano EUROPEA 3\/8 Tipo 1 QCC (ACME) -&gt; G.12 W21,8 x 1\/14 LH | Recambios EcoGas | Sistemas GLP y GNC<\/title>\n<meta name=\"robots\" content=\"index, follow, max-snippet:-1, max-image-preview:large, max-video-preview:-1\" \/>\n<link rel=\"canonical\" href=\"https:\/\/recambiosecogas.com\/pt-pt\/producto\/drehmeister-adaptador-para-regulador-de-gas-usa-a-bombona-de-propano-europea-3-8-tipo-1-qcc-acme-g-12-w218-x-1-14-lh\/\" \/>\n<meta property=\"og:locale\" content=\"pt_PT\" \/>\n<meta property=\"og:type\" content=\"article\" \/>\n<meta property=\"og:title\" content=\"DREHMEISTER Adaptador para regulador de gas USA a bombona de propano EUROPEA 3\/8 Tipo 1 QCC (ACME) -&gt; G.12 W21,8 x 1\/14 LH\" \/>\n<meta property=\"og:description\" content=\"DREHMEISTER\" \/>\n<meta property=\"og:url\" content=\"https:\/\/recambiosecogas.com\/pt-pt\/producto\/drehmeister-adaptador-para-regulador-de-gas-usa-a-bombona-de-propano-europea-3-8-tipo-1-qcc-acme-g-12-w218-x-1-14-lh\/\" \/>\n<meta property=\"og:site_name\" content=\"Recambios EcoGas\" \/>\n<meta property=\"article:publisher\" content=\"https:\/\/www.facebook.com\/profile.php?id=100062419705358\" \/>\n<meta property=\"og:image\" content=\"https:\/\/recambiosecogas.com\/wp-content\/uploads\/2025\/02\/DREHMEISTER-Adaptador-para-regulador-de-gas-USA-a-bombona-de-propano-alemana-3-8-Tipo-1-QCC-G-12-W21-8-x-1-14-LH-png.webp\" \/>\n\t<meta property=\"og:image:width\" content=\"1000\" \/>\n\t<meta property=\"og:image:height\" content=\"1000\" \/>\n\t<meta property=\"og:image:type\" content=\"image\/png\" \/>\n<meta name=\"twitter:card\" content=\"summary_large_image\" \/>\n<meta name=\"twitter:label1\" content=\"pre\u00e7o\" \/>\n\t<meta name=\"twitter:data1\" content=\"\" \/>\n\t<meta name=\"twitter:label2\" content=\"Disponibilidade\" \/>\n\t<meta name=\"twitter:data2\" content=\"Em stock\" \/>\n<script type=\"application\/ld+json\" class=\"yoast-schema-graph\">{\"@context\":\"https:\\\/\\\/schema.org\",\"@graph\":[{\"@type\":\"WebPage\",\"@id\":\"https:\\\/\\\/recambiosecogas.com\\\/pt-pt\\\/producto\\\/drehmeister-adaptador-para-regulador-de-gas-usa-a-bombona-de-propano-europea-3-8-tipo-1-qcc-acme-g-12-w218-x-1-14-lh\\\/\",\"url\":\"https:\\\/\\\/recambiosecogas.com\\\/pt-pt\\\/producto\\\/drehmeister-adaptador-para-regulador-de-gas-usa-a-bombona-de-propano-europea-3-8-tipo-1-qcc-acme-g-12-w218-x-1-14-lh\\\/\",\"name\":\"DREHMEISTER Adaptador para regulador de gas USA a bombona de propano EUROPEA 3\\\/8 Tipo 1 QCC (ACME) -> G.12 W21,8 x 1\\\/14 LH | Recambios EcoGas | Sistemas GLP y GNC\",\"isPartOf\":{\"@id\":\"https:\\\/\\\/recambiosecogas.com\\\/pt-pt\\\/#website\"},\"primaryImageOfPage\":{\"@id\":\"https:\\\/\\\/recambiosecogas.com\\\/pt-pt\\\/producto\\\/drehmeister-adaptador-para-regulador-de-gas-usa-a-bombona-de-propano-europea-3-8-tipo-1-qcc-acme-g-12-w218-x-1-14-lh\\\/#primaryimage\"},\"image\":{\"@id\":\"https:\\\/\\\/recambiosecogas.com\\\/pt-pt\\\/producto\\\/drehmeister-adaptador-para-regulador-de-gas-usa-a-bombona-de-propano-europea-3-8-tipo-1-qcc-acme-g-12-w218-x-1-14-lh\\\/#primaryimage\"},\"thumbnailUrl\":\"https:\\\/\\\/recambiosecogas.com\\\/wp-content\\\/uploads\\\/2025\\\/02\\\/DREHMEISTER-Adaptador-para-regulador-de-gas-USA-a-bombona-de-propano-alemana-3-8-Tipo-1-QCC-G-12-W21-8-x-1-14-LH-png.webp\",\"datePublished\":\"2025-02-24T11:01:30+00:00\",\"breadcrumb\":{\"@id\":\"https:\\\/\\\/recambiosecogas.com\\\/pt-pt\\\/producto\\\/drehmeister-adaptador-para-regulador-de-gas-usa-a-bombona-de-propano-europea-3-8-tipo-1-qcc-acme-g-12-w218-x-1-14-lh\\\/#breadcrumb\"},\"inLanguage\":\"pt-PT\",\"potentialAction\":[{\"@type\":\"ReadAction\",\"target\":[\"https:\\\/\\\/recambiosecogas.com\\\/pt-pt\\\/producto\\\/drehmeister-adaptador-para-regulador-de-gas-usa-a-bombona-de-propano-europea-3-8-tipo-1-qcc-acme-g-12-w218-x-1-14-lh\\\/\"]}]},{\"@type\":\"ImageObject\",\"inLanguage\":\"pt-PT\",\"@id\":\"https:\\\/\\\/recambiosecogas.com\\\/pt-pt\\\/producto\\\/drehmeister-adaptador-para-regulador-de-gas-usa-a-bombona-de-propano-europea-3-8-tipo-1-qcc-acme-g-12-w218-x-1-14-lh\\\/#primaryimage\",\"url\":\"https:\\\/\\\/recambiosecogas.com\\\/wp-content\\\/uploads\\\/2025\\\/02\\\/DREHMEISTER-Adaptador-para-regulador-de-gas-USA-a-bombona-de-propano-alemana-3-8-Tipo-1-QCC-G-12-W21-8-x-1-14-LH-png.webp\",\"contentUrl\":\"https:\\\/\\\/recambiosecogas.com\\\/wp-content\\\/uploads\\\/2025\\\/02\\\/DREHMEISTER-Adaptador-para-regulador-de-gas-USA-a-bombona-de-propano-alemana-3-8-Tipo-1-QCC-G-12-W21-8-x-1-14-LH-png.webp\",\"width\":1000,\"height\":1000},{\"@type\":\"BreadcrumbList\",\"@id\":\"https:\\\/\\\/recambiosecogas.com\\\/pt-pt\\\/producto\\\/drehmeister-adaptador-para-regulador-de-gas-usa-a-bombona-de-propano-europea-3-8-tipo-1-qcc-acme-g-12-w218-x-1-14-lh\\\/#breadcrumb\",\"itemListElement\":[{\"@type\":\"ListItem\",\"position\":1,\"name\":\"P\u00e1gina inicial\",\"item\":\"https:\\\/\\\/recambiosecogas.com\\\/pt-pt\\\/\"},{\"@type\":\"ListItem\",\"position\":2,\"name\":\"Loja\",\"item\":\"https:\\\/\\\/recambiosecogas.com\\\/pt-pt\\\/tienda\\\/\"},{\"@type\":\"ListItem\",\"position\":3,\"name\":\"DREHMEISTER Adaptador para regulador de gas USA a bombona de propano EUROPEA 3\\\/8 Tipo 1 QCC (ACME) -> G.12 W21,8 x 1\\\/14 LH\"}]},{\"@type\":\"WebSite\",\"@id\":\"https:\\\/\\\/recambiosecogas.com\\\/pt-pt\\\/#website\",\"url\":\"https:\\\/\\\/recambiosecogas.com\\\/pt-pt\\\/\",\"name\":\"Recambios EcoGas\",\"description\":\"Pe\u00e7as multimarca para sistemas de GPL\\\/GNC\\\/GNL\\\/Hidrog\u00e9nio\",\"publisher\":{\"@id\":\"https:\\\/\\\/recambiosecogas.com\\\/pt-pt\\\/#organization\"},\"alternateName\":\"Recambios Autogas GLP\",\"potentialAction\":[{\"@type\":\"SearchAction\",\"target\":{\"@type\":\"EntryPoint\",\"urlTemplate\":\"https:\\\/\\\/recambiosecogas.com\\\/pt-pt\\\/?s={search_term_string}\"},\"query-input\":{\"@type\":\"PropertyValueSpecification\",\"valueRequired\":true,\"valueName\":\"search_term_string\"}}],\"inLanguage\":\"pt-PT\"},{\"@type\":[\"Organization\",\"Place\"],\"@id\":\"https:\\\/\\\/recambiosecogas.com\\\/pt-pt\\\/#organization\",\"name\":\"Recambios EcoGas\",\"alternateName\":\"Loja de GPL Autog\u00e1s Espanha\",\"url\":\"https:\\\/\\\/recambiosecogas.com\\\/pt-pt\\\/\",\"logo\":{\"@id\":\"https:\\\/\\\/recambiosecogas.com\\\/pt-pt\\\/producto\\\/drehmeister-adaptador-para-regulador-de-gas-usa-a-bombona-de-propano-europea-3-8-tipo-1-qcc-acme-g-12-w218-x-1-14-lh\\\/#local-main-organization-logo\"},\"image\":{\"@id\":\"https:\\\/\\\/recambiosecogas.com\\\/pt-pt\\\/producto\\\/drehmeister-adaptador-para-regulador-de-gas-usa-a-bombona-de-propano-europea-3-8-tipo-1-qcc-acme-g-12-w218-x-1-14-lh\\\/#local-main-organization-logo\"},\"sameAs\":[\"https:\\\/\\\/www.facebook.com\\\/profile.php?id=100062419705358\",\"https:\\\/\\\/www.instagram.com\\\/segimon_automocio\"],\"description\":\"Recambios EcoGas \u2013 Venta y distribuci\u00f3n de sistemas GLP y GNC en Espa\u00f1a y Portugal. Env\u00edos 24 h, soporte t\u00e9cnico a talleres y distribuidores.\",\"hasMerchantReturnPolicy\":{\"@type\":\"MerchantReturnPolicy\",\"merchantReturnLink\":\"https:\\\/\\\/recambiosecogas.com\\\/politicas-privacidad\\\/\"},\"address\":{\"@id\":\"https:\\\/\\\/recambiosecogas.com\\\/pt-pt\\\/producto\\\/drehmeister-adaptador-para-regulador-de-gas-usa-a-bombona-de-propano-europea-3-8-tipo-1-qcc-acme-g-12-w218-x-1-14-lh\\\/#local-main-place-address\"},\"telephone\":[\"616250633\"],\"contactPoint\":{\"@type\":\"ContactPoint\",\"email\":\"export@recambiosecogas.com\"},\"openingHoursSpecification\":[{\"@type\":\"OpeningHoursSpecification\",\"dayOfWeek\":[\"Monday\",\"Tuesday\",\"Wednesday\",\"Thursday\",\"Friday\",\"Saturday\",\"Sunday\"],\"opens\":\"09:00\",\"closes\":\"17:00\"}],\"email\":\"info@recambiosecogas.com\",\"faxNumber\":\"SEGIMON AUTOMOCION SL\",\"vatID\":\"ESB19819861\",\"globalLocationNumber\":\"938 616 339\"},{\"@type\":\"PostalAddress\",\"@id\":\"https:\\\/\\\/recambiosecogas.com\\\/pt-pt\\\/producto\\\/drehmeister-adaptador-para-regulador-de-gas-usa-a-bombona-de-propano-europea-3-8-tipo-1-qcc-acme-g-12-w218-x-1-14-lh\\\/#local-main-place-address\",\"streetAddress\":\"cami antic de vic, 29 (Nave 3), Pol\u00edgono Industrial Congost\",\"addressLocality\":\"CORRO D`AVALL\",\"postalCode\":\"08520\",\"addressRegion\":\"Barcelona\",\"addressCountry\":\"ES\"},{\"@type\":\"ImageObject\",\"inLanguage\":\"pt-PT\",\"@id\":\"https:\\\/\\\/recambiosecogas.com\\\/pt-pt\\\/producto\\\/drehmeister-adaptador-para-regulador-de-gas-usa-a-bombona-de-propano-europea-3-8-tipo-1-qcc-acme-g-12-w218-x-1-14-lh\\\/#local-main-organization-logo\",\"url\":\"https:\\\/\\\/recambiosecogas.com\\\/wp-content\\\/uploads\\\/2024\\\/11\\\/cropped-RECAMBIOS-GLP-png.webp\",\"contentUrl\":\"https:\\\/\\\/recambiosecogas.com\\\/wp-content\\\/uploads\\\/2024\\\/11\\\/cropped-RECAMBIOS-GLP-png.webp\",\"width\":512,\"height\":512,\"caption\":\"Recambios EcoGas\"}]}<\/script>\n<meta property=\"product:price:currency\" content=\"EUR\" \/>\n<meta property=\"og:availability\" content=\"instock\" \/>\n<meta property=\"product:availability\" content=\"instock\" \/>\n<meta property=\"product:condition\" content=\"new\" \/>\n<meta name=\"geo.placename\" content=\"CORRO D`AVALL\" \/>\n<meta name=\"geo.region\" content=\"Espanha\" \/>\n<!-- \/ Yoast SEO Premium plugin. -->","yoast_head_json":{"title":"DREHMEISTER Adaptador para regulador de gas USA a bombona de propano EUROPEA 3\/8 Tipo 1 QCC (ACME) -> G.12 W21,8 x 1\/14 LH | Recambios EcoGas | Sistemas GLP y GNC","robots":{"index":"index","follow":"follow","max-snippet":"max-snippet:-1","max-image-preview":"max-image-preview:large","max-video-preview":"max-video-preview:-1"},"canonical":"https:\/\/recambiosecogas.com\/pt-pt\/producto\/drehmeister-adaptador-para-regulador-de-gas-usa-a-bombona-de-propano-europea-3-8-tipo-1-qcc-acme-g-12-w218-x-1-14-lh\/","og_locale":"pt_PT","og_type":"article","og_title":"DREHMEISTER Adaptador para regulador de gas USA a bombona de propano EUROPEA 3\/8 Tipo 1 QCC (ACME) -> G.12 W21,8 x 1\/14 LH","og_description":"DREHMEISTER","og_url":"https:\/\/recambiosecogas.com\/pt-pt\/producto\/drehmeister-adaptador-para-regulador-de-gas-usa-a-bombona-de-propano-europea-3-8-tipo-1-qcc-acme-g-12-w218-x-1-14-lh\/","og_site_name":"Recambios EcoGas","article_publisher":"https:\/\/www.facebook.com\/profile.php?id=100062419705358","og_image":[{"width":1000,"height":1000,"url":"https:\/\/recambiosecogas.com\/wp-content\/uploads\/2025\/02\/DREHMEISTER-Adaptador-para-regulador-de-gas-USA-a-bombona-de-propano-alemana-3-8-Tipo-1-QCC-G-12-W21-8-x-1-14-LH-png.webp","type":"image\/png"}],"twitter_card":"summary_large_image","twitter_misc":{"pre\u00e7o":"","Disponibilidade":"Em stock"},"schema":{"@context":"https:\/\/schema.org","@graph":[{"@type":"WebPage","@id":"https:\/\/recambiosecogas.com\/pt-pt\/producto\/drehmeister-adaptador-para-regulador-de-gas-usa-a-bombona-de-propano-europea-3-8-tipo-1-qcc-acme-g-12-w218-x-1-14-lh\/","url":"https:\/\/recambiosecogas.com\/pt-pt\/producto\/drehmeister-adaptador-para-regulador-de-gas-usa-a-bombona-de-propano-europea-3-8-tipo-1-qcc-acme-g-12-w218-x-1-14-lh\/","name":"DREHMEISTER Adaptador para regulador de gas USA a bombona de propano EUROPEA 3\/8 Tipo 1 QCC (ACME) -> G.12 W21,8 x 1\/14 LH | Recambios EcoGas | Sistemas GLP y GNC","isPartOf":{"@id":"https:\/\/recambiosecogas.com\/pt-pt\/#website"},"primaryImageOfPage":{"@id":"https:\/\/recambiosecogas.com\/pt-pt\/producto\/drehmeister-adaptador-para-regulador-de-gas-usa-a-bombona-de-propano-europea-3-8-tipo-1-qcc-acme-g-12-w218-x-1-14-lh\/#primaryimage"},"image":{"@id":"https:\/\/recambiosecogas.com\/pt-pt\/producto\/drehmeister-adaptador-para-regulador-de-gas-usa-a-bombona-de-propano-europea-3-8-tipo-1-qcc-acme-g-12-w218-x-1-14-lh\/#primaryimage"},"thumbnailUrl":"https:\/\/recambiosecogas.com\/wp-content\/uploads\/2025\/02\/DREHMEISTER-Adaptador-para-regulador-de-gas-USA-a-bombona-de-propano-alemana-3-8-Tipo-1-QCC-G-12-W21-8-x-1-14-LH-png.webp","datePublished":"2025-02-24T11:01:30+00:00","breadcrumb":{"@id":"https:\/\/recambiosecogas.com\/pt-pt\/producto\/drehmeister-adaptador-para-regulador-de-gas-usa-a-bombona-de-propano-europea-3-8-tipo-1-qcc-acme-g-12-w218-x-1-14-lh\/#breadcrumb"},"inLanguage":"pt-PT","potentialAction":[{"@type":"ReadAction","target":["https:\/\/recambiosecogas.com\/pt-pt\/producto\/drehmeister-adaptador-para-regulador-de-gas-usa-a-bombona-de-propano-europea-3-8-tipo-1-qcc-acme-g-12-w218-x-1-14-lh\/"]}]},{"@type":"ImageObject","inLanguage":"pt-PT","@id":"https:\/\/recambiosecogas.com\/pt-pt\/producto\/drehmeister-adaptador-para-regulador-de-gas-usa-a-bombona-de-propano-europea-3-8-tipo-1-qcc-acme-g-12-w218-x-1-14-lh\/#primaryimage","url":"https:\/\/recambiosecogas.com\/wp-content\/uploads\/2025\/02\/DREHMEISTER-Adaptador-para-regulador-de-gas-USA-a-bombona-de-propano-alemana-3-8-Tipo-1-QCC-G-12-W21-8-x-1-14-LH-png.webp","contentUrl":"https:\/\/recambiosecogas.com\/wp-content\/uploads\/2025\/02\/DREHMEISTER-Adaptador-para-regulador-de-gas-USA-a-bombona-de-propano-alemana-3-8-Tipo-1-QCC-G-12-W21-8-x-1-14-LH-png.webp","width":1000,"height":1000},{"@type":"BreadcrumbList","@id":"https:\/\/recambiosecogas.com\/pt-pt\/producto\/drehmeister-adaptador-para-regulador-de-gas-usa-a-bombona-de-propano-europea-3-8-tipo-1-qcc-acme-g-12-w218-x-1-14-lh\/#breadcrumb","itemListElement":[{"@type":"ListItem","position":1,"name":"P\u00e1gina inicial","item":"https:\/\/recambiosecogas.com\/pt-pt\/"},{"@type":"ListItem","position":2,"name":"Loja","item":"https:\/\/recambiosecogas.com\/pt-pt\/tienda\/"},{"@type":"ListItem","position":3,"name":"DREHMEISTER Adaptador para regulador de gas USA a bombona de propano EUROPEA 3\/8 Tipo 1 QCC (ACME) -> G.12 W21,8 x 1\/14 LH"}]},{"@type":"WebSite","@id":"https:\/\/recambiosecogas.com\/pt-pt\/#website","url":"https:\/\/recambiosecogas.com\/pt-pt\/","name":"Recambios EcoGas","description":"Pe\u00e7as multimarca para sistemas de GPL\/GNC\/GNL\/Hidrog\u00e9nio","publisher":{"@id":"https:\/\/recambiosecogas.com\/pt-pt\/#organization"},"alternateName":"Recambios Autogas GLP","potentialAction":[{"@type":"SearchAction","target":{"@type":"EntryPoint","urlTemplate":"https:\/\/recambiosecogas.com\/pt-pt\/?s={search_term_string}"},"query-input":{"@type":"PropertyValueSpecification","valueRequired":true,"valueName":"search_term_string"}}],"inLanguage":"pt-PT"},{"@type":["Organization","Place"],"@id":"https:\/\/recambiosecogas.com\/pt-pt\/#organization","name":"Recambios EcoGas","alternateName":"Loja de GPL Autog\u00e1s Espanha","url":"https:\/\/recambiosecogas.com\/pt-pt\/","logo":{"@id":"https:\/\/recambiosecogas.com\/pt-pt\/producto\/drehmeister-adaptador-para-regulador-de-gas-usa-a-bombona-de-propano-europea-3-8-tipo-1-qcc-acme-g-12-w218-x-1-14-lh\/#local-main-organization-logo"},"image":{"@id":"https:\/\/recambiosecogas.com\/pt-pt\/producto\/drehmeister-adaptador-para-regulador-de-gas-usa-a-bombona-de-propano-europea-3-8-tipo-1-qcc-acme-g-12-w218-x-1-14-lh\/#local-main-organization-logo"},"sameAs":["https:\/\/www.facebook.com\/profile.php?id=100062419705358","https:\/\/www.instagram.com\/segimon_automocio"],"description":"Recambios EcoGas \u2013 Venta y distribuci\u00f3n de sistemas GLP y GNC en Espa\u00f1a y Portugal. Env\u00edos 24 h, soporte t\u00e9cnico a talleres y distribuidores.","hasMerchantReturnPolicy":{"@type":"MerchantReturnPolicy","merchantReturnLink":"https:\/\/recambiosecogas.com\/politicas-privacidad\/"},"address":{"@id":"https:\/\/recambiosecogas.com\/pt-pt\/producto\/drehmeister-adaptador-para-regulador-de-gas-usa-a-bombona-de-propano-europea-3-8-tipo-1-qcc-acme-g-12-w218-x-1-14-lh\/#local-main-place-address"},"telephone":["616250633"],"contactPoint":{"@type":"ContactPoint","email":"export@recambiosecogas.com"},"openingHoursSpecification":[{"@type":"OpeningHoursSpecification","dayOfWeek":["Monday","Tuesday","Wednesday","Thursday","Friday","Saturday","Sunday"],"opens":"09:00","closes":"17:00"}],"email":"info@recambiosecogas.com","faxNumber":"SEGIMON AUTOMOCION SL","vatID":"ESB19819861","globalLocationNumber":"938 616 339"},{"@type":"PostalAddress","@id":"https:\/\/recambiosecogas.com\/pt-pt\/producto\/drehmeister-adaptador-para-regulador-de-gas-usa-a-bombona-de-propano-europea-3-8-tipo-1-qcc-acme-g-12-w218-x-1-14-lh\/#local-main-place-address","streetAddress":"cami antic de vic, 29 (Nave 3), Pol\u00edgono Industrial Congost","addressLocality":"CORRO D`AVALL","postalCode":"08520","addressRegion":"Barcelona","addressCountry":"ES"},{"@type":"ImageObject","inLanguage":"pt-PT","@id":"https:\/\/recambiosecogas.com\/pt-pt\/producto\/drehmeister-adaptador-para-regulador-de-gas-usa-a-bombona-de-propano-europea-3-8-tipo-1-qcc-acme-g-12-w218-x-1-14-lh\/#local-main-organization-logo","url":"https:\/\/recambiosecogas.com\/wp-content\/uploads\/2024\/11\/cropped-RECAMBIOS-GLP-png.webp","contentUrl":"https:\/\/recambiosecogas.com\/wp-content\/uploads\/2024\/11\/cropped-RECAMBIOS-GLP-png.webp","width":512,"height":512,"caption":"Recambios EcoGas"}]},"product_price_currency":"EUR","og_availability":"instock","product_availability":"instock","product_condition":"new","geo.placename":"CORRO D`AVALL","geo.region":"Espanha"},"uagb_featured_image_src":{"full":["https:\/\/recambiosecogas.com\/wp-content\/uploads\/2025\/02\/DREHMEISTER-Adaptador-para-regulador-de-gas-USA-a-bombona-de-propano-alemana-3-8-Tipo-1-QCC-G-12-W21-8-x-1-14-LH-png.webp",1000,1000,false],"thumbnail":["https:\/\/recambiosecogas.com\/wp-content\/uploads\/2025\/02\/DREHMEISTER-Adaptador-para-regulador-de-gas-USA-a-bombona-de-propano-alemana-3-8-Tipo-1-QCC-G-12-W21-8-x-1-14-LH-150x150.webp",150,150,true],"medium":["https:\/\/recambiosecogas.com\/wp-content\/uploads\/2025\/02\/DREHMEISTER-Adaptador-para-regulador-de-gas-USA-a-bombona-de-propano-alemana-3-8-Tipo-1-QCC-G-12-W21-8-x-1-14-LH-300x300.webp",300,300,true],"medium_large":["https:\/\/recambiosecogas.com\/wp-content\/uploads\/2025\/02\/DREHMEISTER-Adaptador-para-regulador-de-gas-USA-a-bombona-de-propano-alemana-3-8-Tipo-1-QCC-G-12-W21-8-x-1-14-LH-768x768.webp",768,768,true],"large":["https:\/\/recambiosecogas.com\/wp-content\/uploads\/2025\/02\/DREHMEISTER-Adaptador-para-regulador-de-gas-USA-a-bombona-de-propano-alemana-3-8-Tipo-1-QCC-G-12-W21-8-x-1-14-LH-png.webp",1000,1000,false],"1536x1536":["https:\/\/recambiosecogas.com\/wp-content\/uploads\/2025\/02\/DREHMEISTER-Adaptador-para-regulador-de-gas-USA-a-bombona-de-propano-alemana-3-8-Tipo-1-QCC-G-12-W21-8-x-1-14-LH-png.webp",1000,1000,false],"2048x2048":["https:\/\/recambiosecogas.com\/wp-content\/uploads\/2025\/02\/DREHMEISTER-Adaptador-para-regulador-de-gas-USA-a-bombona-de-propano-alemana-3-8-Tipo-1-QCC-G-12-W21-8-x-1-14-LH-png.webp",1000,1000,false],"woocommerce_archive_thumbnail":["https:\/\/recambiosecogas.com\/wp-content\/uploads\/2025\/02\/DREHMEISTER-Adaptador-para-regulador-de-gas-USA-a-bombona-de-propano-alemana-3-8-Tipo-1-QCC-G-12-W21-8-x-1-14-LH-png.webp",1000,1000,false],"woocommerce_thumbnail":["https:\/\/recambiosecogas.com\/wp-content\/uploads\/2025\/02\/DREHMEISTER-Adaptador-para-regulador-de-gas-USA-a-bombona-de-propano-alemana-3-8-Tipo-1-QCC-G-12-W21-8-x-1-14-LH-300x300.webp",300,300,true],"woocommerce_single":["https:\/\/recambiosecogas.com\/wp-content\/uploads\/2025\/02\/DREHMEISTER-Adaptador-para-regulador-de-gas-USA-a-bombona-de-propano-alemana-3-8-Tipo-1-QCC-G-12-W21-8-x-1-14-LH-png.webp",1000,1000,false],"woocommerce_gallery_thumbnail":["https:\/\/recambiosecogas.com\/wp-content\/uploads\/2025\/02\/DREHMEISTER-Adaptador-para-regulador-de-gas-USA-a-bombona-de-propano-alemana-3-8-Tipo-1-QCC-G-12-W21-8-x-1-14-LH-png.webp",1000,1000,false],"dgwt-wcas-product-suggestion":["https:\/\/recambiosecogas.com\/wp-content\/uploads\/2025\/02\/DREHMEISTER-Adaptador-para-regulador-de-gas-USA-a-bombona-de-propano-alemana-3-8-Tipo-1-QCC-G-12-W21-8-x-1-14-LH-64x64.webp",64,64,true]},"uagb_author_info":{"display_name":"Fran - Soporte T\u00e9cnico","author_link":"https:\/\/recambiosecogas.com\/pt-pt\/author\/"},"uagb_comment_info":0,"uagb_excerpt":"DREHMEISTER","_links":{"self":[{"href":"https:\/\/recambiosecogas.com\/pt-pt\/wp-json\/wp\/v2\/product\/46056","targetHints":{"allow":["GET"]}}],"collection":[{"href":"https:\/\/recambiosecogas.com\/pt-pt\/wp-json\/wp\/v2\/product"}],"about":[{"href":"https:\/\/recambiosecogas.com\/pt-pt\/wp-json\/wp\/v2\/types\/product"}],"replies":[{"embeddable":true,"href":"https:\/\/recambiosecogas.com\/pt-pt\/wp-json\/wp\/v2\/comments?post=46056"}],"wp:featuredmedia":[{"embeddable":true,"href":"https:\/\/recambiosecogas.com\/pt-pt\/wp-json\/wp\/v2\/media\/34987"}],"wp:attachment":[{"href":"https:\/\/recambiosecogas.com\/pt-pt\/wp-json\/wp\/v2\/media?parent=46056"}],"wp:term":[{"taxonomy":"product_brand","embeddable":true,"href":"https:\/\/recambiosecogas.com\/pt-pt\/wp-json\/wp\/v2\/product_brand?post=46056"},{"taxonomy":"product_cat","embeddable":true,"href":"https:\/\/recambiosecogas.com\/pt-pt\/wp-json\/wp\/v2\/product_cat?post=46056"},{"taxonomy":"product_tag","embeddable":true,"href":"https:\/\/recambiosecogas.com\/pt-pt\/wp-json\/wp\/v2\/product_tag?post=46056"}],"curies":[{"name":"wp","href":"https:\/\/api.w.org\/{rel}","templated":true}]}}