{"id":46055,"date":"2025-02-24T11:01:37","date_gmt":"2025-02-24T11:01:37","guid":{"rendered":"https:\/\/recambiosecogas.com\/producto\/truma-distribuidor-de-aire-para-el-acondicionador-de-techo-aventa-pequeno-tele-gris-basaltico\/"},"modified":"2025-02-24T11:01:37","modified_gmt":"2025-02-24T11:01:37","slug":"truma-distribuidor-de-aire-para-el-acondicionador-de-techo-aventa-pequeno-tele-gris-basaltico","status":"publish","type":"product","link":"https:\/\/recambiosecogas.com\/pt-pt\/produto\/truma-distribuidor-de-aire-para-el-acondicionador-de-techo-aventa-pequeno-tele-gris-basaltico\/","title":{"rendered":"Truma distribuidor de aire para el acondicionador de techo Aventa Peque\u00f1o tele\/gris bas\u00e1ltico"},"content":{"rendered":"<div>\n<p>Distribuidor de aire Truma, unidad interior para los acondicionadores de techo Aventa para la distribuci\u00f3n de aire fr\u00edo en la caravana, autocaravana o autocaravana, incluyendo iluminaci\u00f3n LED regulable.<\/p>\n<p>La caja distribuidora de aire es adecuada para todos los acondicionadores de aire Truma Aventa de los modelos Aventa comfort, Aventa compact y Aventa eco.<\/p>\n<p>El sistema de filtro de aire en forma de panal limpia el aire antes de distribuirlo en el veh\u00edculo. Las salidas de aire ajustables individualmente permiten la dosificaci\u00f3n individual del flujo de aire. El dise\u00f1o plano del distribuidor de aire Truma ocupa poco espacio en el interior del veh\u00edculo.<\/p>\n<p>Gracias a la optimizaci\u00f3n t\u00e9cnica, la caja del distribuidor de aire garantiza una climatizaci\u00f3n especialmente silenciosa.<\/p>\n<\/div>\n<div class=\"pd_description\">\n<div>\n<p>Color\u00a0<strong>gris<\/strong><\/p>\n<p>Ancho 49,6 cm<\/p>\n<p>Altura\u00a0<strong>4,6 cm<\/strong><\/p>\n<p>Fondo\u00a0<strong>55,6 cm<\/strong><\/p>\n<p>Peso\u00a0<strong>3,5 Kg<\/strong><\/p>\n<\/div>\n<\/div>\n","protected":false},"excerpt":{"rendered":"<p>TRUMA<\/p>\n","protected":false},"featured_media":34975,"comment_status":"open","ping_status":"closed","template":"","meta":{"googlesitekit_rrm_CAowud7EDA:productID":"","_uag_custom_page_level_css":""},"product_brand":[],"product_cat":[1397],"product_tag":[],"class_list":{"0":"post-46055","1":"product","2":"type-product","3":"status-publish","4":"has-post-thumbnail","6":"product_cat-sistemas-de-refrigeracao","8":"first","9":"onbackorder","10":"taxable","11":"shipping-taxable","12":"product-type-simple"},"ct_brands":[],"yoast_head":"<!-- This site is optimized with the Yoast SEO Premium plugin v27.4 (Yoast SEO v27.4) - https:\/\/yoast.com\/product\/yoast-seo-premium-wordpress\/ -->\n<title>Truma distribuidor de aire para el acondicionador de techo Aventa Peque\u00f1o tele\/gris bas\u00e1ltico | Recambios EcoGas | Sistemas GLP y GNC<\/title>\n<meta name=\"robots\" content=\"index, follow, max-snippet:-1, max-image-preview:large, max-video-preview:-1\" \/>\n<link rel=\"canonical\" href=\"https:\/\/recambiosecogas.com\/pt-pt\/produto\/truma-distribuidor-de-aire-para-el-acondicionador-de-techo-aventa-pequeno-tele-gris-basaltico\/\" \/>\n<meta property=\"og:locale\" content=\"pt_PT\" \/>\n<meta property=\"og:type\" content=\"article\" \/>\n<meta property=\"og:title\" content=\"Truma distribuidor de aire para el acondicionador de techo Aventa Peque\u00f1o tele\/gris bas\u00e1ltico\" \/>\n<meta property=\"og:description\" content=\"TRUMA\" \/>\n<meta property=\"og:url\" content=\"https:\/\/recambiosecogas.com\/pt-pt\/produto\/truma-distribuidor-de-aire-para-el-acondicionador-de-techo-aventa-pequeno-tele-gris-basaltico\/\" \/>\n<meta property=\"og:site_name\" content=\"Recambios EcoGas\" \/>\n<meta property=\"article:publisher\" content=\"https:\/\/www.facebook.com\/profile.php?id=100062419705358\" \/>\n<meta property=\"og:image\" content=\"https:\/\/recambiosecogas.com\/wp-content\/uploads\/2025\/02\/Truma-distribuidor-de-aire-para-el-acondicionador-de-techo-Aventa-Pequeno-tele-gris-basaltico-png.webp\" \/>\n\t<meta property=\"og:image:width\" content=\"1000\" \/>\n\t<meta property=\"og:image:height\" content=\"1000\" \/>\n\t<meta property=\"og:image:type\" content=\"image\/png\" \/>\n<meta name=\"twitter:card\" content=\"summary_large_image\" \/>\n<meta name=\"twitter:label1\" content=\"pre\u00e7o\" \/>\n\t<meta name=\"twitter:data1\" content=\"\" \/>\n\t<meta name=\"twitter:label2\" content=\"Disponibilidade\" \/>\n\t<meta name=\"twitter:data2\" content=\"Por encomenda\" \/>\n<script type=\"application\/ld+json\" class=\"yoast-schema-graph\">{\"@context\":\"https:\\\/\\\/schema.org\",\"@graph\":[{\"@type\":\"WebPage\",\"@id\":\"https:\\\/\\\/recambiosecogas.com\\\/pt-pt\\\/produto\\\/truma-distribuidor-de-aire-para-el-acondicionador-de-techo-aventa-pequeno-tele-gris-basaltico\\\/\",\"url\":\"https:\\\/\\\/recambiosecogas.com\\\/pt-pt\\\/produto\\\/truma-distribuidor-de-aire-para-el-acondicionador-de-techo-aventa-pequeno-tele-gris-basaltico\\\/\",\"name\":\"Truma distribuidor de aire para el acondicionador de techo Aventa Peque\u00f1o tele\\\/gris bas\u00e1ltico | Recambios EcoGas | Sistemas GLP y GNC\",\"isPartOf\":{\"@id\":\"https:\\\/\\\/recambiosecogas.com\\\/pt-pt\\\/#website\"},\"primaryImageOfPage\":{\"@id\":\"https:\\\/\\\/recambiosecogas.com\\\/pt-pt\\\/produto\\\/truma-distribuidor-de-aire-para-el-acondicionador-de-techo-aventa-pequeno-tele-gris-basaltico\\\/#primaryimage\"},\"image\":{\"@id\":\"https:\\\/\\\/recambiosecogas.com\\\/pt-pt\\\/produto\\\/truma-distribuidor-de-aire-para-el-acondicionador-de-techo-aventa-pequeno-tele-gris-basaltico\\\/#primaryimage\"},\"thumbnailUrl\":\"https:\\\/\\\/recambiosecogas.com\\\/wp-content\\\/uploads\\\/2025\\\/02\\\/Truma-distribuidor-de-aire-para-el-acondicionador-de-techo-Aventa-Pequeno-tele-gris-basaltico-png.webp\",\"datePublished\":\"2025-02-24T11:01:37+00:00\",\"breadcrumb\":{\"@id\":\"https:\\\/\\\/recambiosecogas.com\\\/pt-pt\\\/produto\\\/truma-distribuidor-de-aire-para-el-acondicionador-de-techo-aventa-pequeno-tele-gris-basaltico\\\/#breadcrumb\"},\"inLanguage\":\"pt-PT\",\"potentialAction\":[{\"@type\":\"ReadAction\",\"target\":[\"https:\\\/\\\/recambiosecogas.com\\\/pt-pt\\\/produto\\\/truma-distribuidor-de-aire-para-el-acondicionador-de-techo-aventa-pequeno-tele-gris-basaltico\\\/\"]}]},{\"@type\":\"ImageObject\",\"inLanguage\":\"pt-PT\",\"@id\":\"https:\\\/\\\/recambiosecogas.com\\\/pt-pt\\\/produto\\\/truma-distribuidor-de-aire-para-el-acondicionador-de-techo-aventa-pequeno-tele-gris-basaltico\\\/#primaryimage\",\"url\":\"https:\\\/\\\/recambiosecogas.com\\\/wp-content\\\/uploads\\\/2025\\\/02\\\/Truma-distribuidor-de-aire-para-el-acondicionador-de-techo-Aventa-Pequeno-tele-gris-basaltico-png.webp\",\"contentUrl\":\"https:\\\/\\\/recambiosecogas.com\\\/wp-content\\\/uploads\\\/2025\\\/02\\\/Truma-distribuidor-de-aire-para-el-acondicionador-de-techo-Aventa-Pequeno-tele-gris-basaltico-png.webp\",\"width\":1000,\"height\":1000},{\"@type\":\"BreadcrumbList\",\"@id\":\"https:\\\/\\\/recambiosecogas.com\\\/pt-pt\\\/produto\\\/truma-distribuidor-de-aire-para-el-acondicionador-de-techo-aventa-pequeno-tele-gris-basaltico\\\/#breadcrumb\",\"itemListElement\":[{\"@type\":\"ListItem\",\"position\":1,\"name\":\"P\u00e1gina inicial\",\"item\":\"https:\\\/\\\/recambiosecogas.com\\\/pt-pt\\\/\"},{\"@type\":\"ListItem\",\"position\":2,\"name\":\"Loja\",\"item\":\"https:\\\/\\\/recambiosecogas.com\\\/pt-pt\\\/tienda\\\/\"},{\"@type\":\"ListItem\",\"position\":3,\"name\":\"Truma distribuidor de aire para el acondicionador de techo Aventa Peque\u00f1o tele\\\/gris bas\u00e1ltico\"}]},{\"@type\":\"WebSite\",\"@id\":\"https:\\\/\\\/recambiosecogas.com\\\/pt-pt\\\/#website\",\"url\":\"https:\\\/\\\/recambiosecogas.com\\\/pt-pt\\\/\",\"name\":\"Recambios EcoGas\",\"description\":\"Pe\u00e7as multimarca para sistemas de GPL\\\/GNC\\\/GNL\\\/Hidrog\u00e9nio\",\"publisher\":{\"@id\":\"https:\\\/\\\/recambiosecogas.com\\\/pt-pt\\\/#organization\"},\"alternateName\":\"Recambios Autogas GLP\",\"potentialAction\":[{\"@type\":\"SearchAction\",\"target\":{\"@type\":\"EntryPoint\",\"urlTemplate\":\"https:\\\/\\\/recambiosecogas.com\\\/pt-pt\\\/?s={search_term_string}\"},\"query-input\":{\"@type\":\"PropertyValueSpecification\",\"valueRequired\":true,\"valueName\":\"search_term_string\"}}],\"inLanguage\":\"pt-PT\"},{\"@type\":[\"Organization\",\"Place\"],\"@id\":\"https:\\\/\\\/recambiosecogas.com\\\/pt-pt\\\/#organization\",\"name\":\"Recambios EcoGas\",\"alternateName\":\"Loja de GPL Autog\u00e1s Espanha\",\"url\":\"https:\\\/\\\/recambiosecogas.com\\\/pt-pt\\\/\",\"logo\":{\"@id\":\"https:\\\/\\\/recambiosecogas.com\\\/pt-pt\\\/produto\\\/truma-distribuidor-de-aire-para-el-acondicionador-de-techo-aventa-pequeno-tele-gris-basaltico\\\/#local-main-organization-logo\"},\"image\":{\"@id\":\"https:\\\/\\\/recambiosecogas.com\\\/pt-pt\\\/produto\\\/truma-distribuidor-de-aire-para-el-acondicionador-de-techo-aventa-pequeno-tele-gris-basaltico\\\/#local-main-organization-logo\"},\"sameAs\":[\"https:\\\/\\\/www.facebook.com\\\/profile.php?id=100062419705358\",\"https:\\\/\\\/www.instagram.com\\\/segimon_automocio\"],\"description\":\"Recambios EcoGas \u2013 Venta y distribuci\u00f3n de sistemas GLP y GNC en Espa\u00f1a y Portugal. Env\u00edos 24 h, soporte t\u00e9cnico a talleres y distribuidores.\",\"hasMerchantReturnPolicy\":{\"@type\":\"MerchantReturnPolicy\",\"merchantReturnLink\":\"https:\\\/\\\/recambiosecogas.com\\\/politicas-privacidad\\\/\"},\"address\":{\"@id\":\"https:\\\/\\\/recambiosecogas.com\\\/pt-pt\\\/produto\\\/truma-distribuidor-de-aire-para-el-acondicionador-de-techo-aventa-pequeno-tele-gris-basaltico\\\/#local-main-place-address\"},\"telephone\":[\"616250633\"],\"contactPoint\":{\"@type\":\"ContactPoint\",\"email\":\"export@recambiosecogas.com\"},\"openingHoursSpecification\":[{\"@type\":\"OpeningHoursSpecification\",\"dayOfWeek\":[\"Monday\",\"Tuesday\",\"Wednesday\",\"Thursday\",\"Friday\",\"Saturday\",\"Sunday\"],\"opens\":\"09:00\",\"closes\":\"17:00\"}],\"email\":\"info@recambiosecogas.com\",\"faxNumber\":\"SEGIMON AUTOMOCION SL\",\"vatID\":\"ESB19819861\",\"globalLocationNumber\":\"938 616 339\"},{\"@type\":\"PostalAddress\",\"@id\":\"https:\\\/\\\/recambiosecogas.com\\\/pt-pt\\\/produto\\\/truma-distribuidor-de-aire-para-el-acondicionador-de-techo-aventa-pequeno-tele-gris-basaltico\\\/#local-main-place-address\",\"streetAddress\":\"cami antic de vic, 29 (Nave 3), Pol\u00edgono Industrial Congost\",\"addressLocality\":\"CORRO D`AVALL\",\"postalCode\":\"08520\",\"addressRegion\":\"Barcelona\",\"addressCountry\":\"ES\"},{\"@type\":\"ImageObject\",\"inLanguage\":\"pt-PT\",\"@id\":\"https:\\\/\\\/recambiosecogas.com\\\/pt-pt\\\/produto\\\/truma-distribuidor-de-aire-para-el-acondicionador-de-techo-aventa-pequeno-tele-gris-basaltico\\\/#local-main-organization-logo\",\"url\":\"https:\\\/\\\/recambiosecogas.com\\\/wp-content\\\/uploads\\\/2024\\\/11\\\/cropped-RECAMBIOS-GLP-png.webp\",\"contentUrl\":\"https:\\\/\\\/recambiosecogas.com\\\/wp-content\\\/uploads\\\/2024\\\/11\\\/cropped-RECAMBIOS-GLP-png.webp\",\"width\":512,\"height\":512,\"caption\":\"Recambios EcoGas\"}]}<\/script>\n<meta property=\"product:price:currency\" content=\"EUR\" \/>\n<meta property=\"og:availability\" content=\"backorder\" \/>\n<meta property=\"product:availability\" content=\"available for order\" \/>\n<meta property=\"product:condition\" content=\"new\" \/>\n<meta name=\"geo.placename\" content=\"CORRO D`AVALL\" \/>\n<meta name=\"geo.region\" content=\"Espanha\" \/>\n<!-- \/ Yoast SEO Premium plugin. -->","yoast_head_json":{"title":"Truma distribuidor de aire para el acondicionador de techo Aventa Peque\u00f1o tele\/gris bas\u00e1ltico | Recambios EcoGas | Sistemas GLP y GNC","robots":{"index":"index","follow":"follow","max-snippet":"max-snippet:-1","max-image-preview":"max-image-preview:large","max-video-preview":"max-video-preview:-1"},"canonical":"https:\/\/recambiosecogas.com\/pt-pt\/produto\/truma-distribuidor-de-aire-para-el-acondicionador-de-techo-aventa-pequeno-tele-gris-basaltico\/","og_locale":"pt_PT","og_type":"article","og_title":"Truma distribuidor de aire para el acondicionador de techo Aventa Peque\u00f1o tele\/gris bas\u00e1ltico","og_description":"TRUMA","og_url":"https:\/\/recambiosecogas.com\/pt-pt\/produto\/truma-distribuidor-de-aire-para-el-acondicionador-de-techo-aventa-pequeno-tele-gris-basaltico\/","og_site_name":"Recambios EcoGas","article_publisher":"https:\/\/www.facebook.com\/profile.php?id=100062419705358","og_image":[{"width":1000,"height":1000,"url":"https:\/\/recambiosecogas.com\/wp-content\/uploads\/2025\/02\/Truma-distribuidor-de-aire-para-el-acondicionador-de-techo-Aventa-Pequeno-tele-gris-basaltico-png.webp","type":"image\/png"}],"twitter_card":"summary_large_image","twitter_misc":{"pre\u00e7o":"","Disponibilidade":"Por encomenda"},"schema":{"@context":"https:\/\/schema.org","@graph":[{"@type":"WebPage","@id":"https:\/\/recambiosecogas.com\/pt-pt\/produto\/truma-distribuidor-de-aire-para-el-acondicionador-de-techo-aventa-pequeno-tele-gris-basaltico\/","url":"https:\/\/recambiosecogas.com\/pt-pt\/produto\/truma-distribuidor-de-aire-para-el-acondicionador-de-techo-aventa-pequeno-tele-gris-basaltico\/","name":"Truma distribuidor de aire para el acondicionador de techo Aventa Peque\u00f1o tele\/gris bas\u00e1ltico | Recambios EcoGas | Sistemas GLP y GNC","isPartOf":{"@id":"https:\/\/recambiosecogas.com\/pt-pt\/#website"},"primaryImageOfPage":{"@id":"https:\/\/recambiosecogas.com\/pt-pt\/produto\/truma-distribuidor-de-aire-para-el-acondicionador-de-techo-aventa-pequeno-tele-gris-basaltico\/#primaryimage"},"image":{"@id":"https:\/\/recambiosecogas.com\/pt-pt\/produto\/truma-distribuidor-de-aire-para-el-acondicionador-de-techo-aventa-pequeno-tele-gris-basaltico\/#primaryimage"},"thumbnailUrl":"https:\/\/recambiosecogas.com\/wp-content\/uploads\/2025\/02\/Truma-distribuidor-de-aire-para-el-acondicionador-de-techo-Aventa-Pequeno-tele-gris-basaltico-png.webp","datePublished":"2025-02-24T11:01:37+00:00","breadcrumb":{"@id":"https:\/\/recambiosecogas.com\/pt-pt\/produto\/truma-distribuidor-de-aire-para-el-acondicionador-de-techo-aventa-pequeno-tele-gris-basaltico\/#breadcrumb"},"inLanguage":"pt-PT","potentialAction":[{"@type":"ReadAction","target":["https:\/\/recambiosecogas.com\/pt-pt\/produto\/truma-distribuidor-de-aire-para-el-acondicionador-de-techo-aventa-pequeno-tele-gris-basaltico\/"]}]},{"@type":"ImageObject","inLanguage":"pt-PT","@id":"https:\/\/recambiosecogas.com\/pt-pt\/produto\/truma-distribuidor-de-aire-para-el-acondicionador-de-techo-aventa-pequeno-tele-gris-basaltico\/#primaryimage","url":"https:\/\/recambiosecogas.com\/wp-content\/uploads\/2025\/02\/Truma-distribuidor-de-aire-para-el-acondicionador-de-techo-Aventa-Pequeno-tele-gris-basaltico-png.webp","contentUrl":"https:\/\/recambiosecogas.com\/wp-content\/uploads\/2025\/02\/Truma-distribuidor-de-aire-para-el-acondicionador-de-techo-Aventa-Pequeno-tele-gris-basaltico-png.webp","width":1000,"height":1000},{"@type":"BreadcrumbList","@id":"https:\/\/recambiosecogas.com\/pt-pt\/produto\/truma-distribuidor-de-aire-para-el-acondicionador-de-techo-aventa-pequeno-tele-gris-basaltico\/#breadcrumb","itemListElement":[{"@type":"ListItem","position":1,"name":"P\u00e1gina inicial","item":"https:\/\/recambiosecogas.com\/pt-pt\/"},{"@type":"ListItem","position":2,"name":"Loja","item":"https:\/\/recambiosecogas.com\/pt-pt\/tienda\/"},{"@type":"ListItem","position":3,"name":"Truma distribuidor de aire para el acondicionador de techo Aventa Peque\u00f1o tele\/gris bas\u00e1ltico"}]},{"@type":"WebSite","@id":"https:\/\/recambiosecogas.com\/pt-pt\/#website","url":"https:\/\/recambiosecogas.com\/pt-pt\/","name":"Recambios EcoGas","description":"Pe\u00e7as multimarca para sistemas de GPL\/GNC\/GNL\/Hidrog\u00e9nio","publisher":{"@id":"https:\/\/recambiosecogas.com\/pt-pt\/#organization"},"alternateName":"Recambios Autogas GLP","potentialAction":[{"@type":"SearchAction","target":{"@type":"EntryPoint","urlTemplate":"https:\/\/recambiosecogas.com\/pt-pt\/?s={search_term_string}"},"query-input":{"@type":"PropertyValueSpecification","valueRequired":true,"valueName":"search_term_string"}}],"inLanguage":"pt-PT"},{"@type":["Organization","Place"],"@id":"https:\/\/recambiosecogas.com\/pt-pt\/#organization","name":"Recambios EcoGas","alternateName":"Loja de GPL Autog\u00e1s Espanha","url":"https:\/\/recambiosecogas.com\/pt-pt\/","logo":{"@id":"https:\/\/recambiosecogas.com\/pt-pt\/produto\/truma-distribuidor-de-aire-para-el-acondicionador-de-techo-aventa-pequeno-tele-gris-basaltico\/#local-main-organization-logo"},"image":{"@id":"https:\/\/recambiosecogas.com\/pt-pt\/produto\/truma-distribuidor-de-aire-para-el-acondicionador-de-techo-aventa-pequeno-tele-gris-basaltico\/#local-main-organization-logo"},"sameAs":["https:\/\/www.facebook.com\/profile.php?id=100062419705358","https:\/\/www.instagram.com\/segimon_automocio"],"description":"Recambios EcoGas \u2013 Venta y distribuci\u00f3n de sistemas GLP y GNC en Espa\u00f1a y Portugal. Env\u00edos 24 h, soporte t\u00e9cnico a talleres y distribuidores.","hasMerchantReturnPolicy":{"@type":"MerchantReturnPolicy","merchantReturnLink":"https:\/\/recambiosecogas.com\/politicas-privacidad\/"},"address":{"@id":"https:\/\/recambiosecogas.com\/pt-pt\/produto\/truma-distribuidor-de-aire-para-el-acondicionador-de-techo-aventa-pequeno-tele-gris-basaltico\/#local-main-place-address"},"telephone":["616250633"],"contactPoint":{"@type":"ContactPoint","email":"export@recambiosecogas.com"},"openingHoursSpecification":[{"@type":"OpeningHoursSpecification","dayOfWeek":["Monday","Tuesday","Wednesday","Thursday","Friday","Saturday","Sunday"],"opens":"09:00","closes":"17:00"}],"email":"info@recambiosecogas.com","faxNumber":"SEGIMON AUTOMOCION SL","vatID":"ESB19819861","globalLocationNumber":"938 616 339"},{"@type":"PostalAddress","@id":"https:\/\/recambiosecogas.com\/pt-pt\/produto\/truma-distribuidor-de-aire-para-el-acondicionador-de-techo-aventa-pequeno-tele-gris-basaltico\/#local-main-place-address","streetAddress":"cami antic de vic, 29 (Nave 3), Pol\u00edgono Industrial Congost","addressLocality":"CORRO D`AVALL","postalCode":"08520","addressRegion":"Barcelona","addressCountry":"ES"},{"@type":"ImageObject","inLanguage":"pt-PT","@id":"https:\/\/recambiosecogas.com\/pt-pt\/produto\/truma-distribuidor-de-aire-para-el-acondicionador-de-techo-aventa-pequeno-tele-gris-basaltico\/#local-main-organization-logo","url":"https:\/\/recambiosecogas.com\/wp-content\/uploads\/2024\/11\/cropped-RECAMBIOS-GLP-png.webp","contentUrl":"https:\/\/recambiosecogas.com\/wp-content\/uploads\/2024\/11\/cropped-RECAMBIOS-GLP-png.webp","width":512,"height":512,"caption":"Recambios EcoGas"}]},"product_price_currency":"EUR","og_availability":"backorder","product_availability":"available for order","product_condition":"new","geo.placename":"CORRO D`AVALL","geo.region":"Espanha"},"uagb_featured_image_src":{"full":["https:\/\/recambiosecogas.com\/wp-content\/uploads\/2025\/02\/Truma-distribuidor-de-aire-para-el-acondicionador-de-techo-Aventa-Pequeno-tele-gris-basaltico-png.webp",1000,1000,false],"thumbnail":["https:\/\/recambiosecogas.com\/wp-content\/uploads\/2025\/02\/Truma-distribuidor-de-aire-para-el-acondicionador-de-techo-Aventa-Pequeno-tele-gris-basaltico-150x150.webp",150,150,true],"medium":["https:\/\/recambiosecogas.com\/wp-content\/uploads\/2025\/02\/Truma-distribuidor-de-aire-para-el-acondicionador-de-techo-Aventa-Pequeno-tele-gris-basaltico-300x300.webp",300,300,true],"medium_large":["https:\/\/recambiosecogas.com\/wp-content\/uploads\/2025\/02\/Truma-distribuidor-de-aire-para-el-acondicionador-de-techo-Aventa-Pequeno-tele-gris-basaltico-768x768.webp",768,768,true],"large":["https:\/\/recambiosecogas.com\/wp-content\/uploads\/2025\/02\/Truma-distribuidor-de-aire-para-el-acondicionador-de-techo-Aventa-Pequeno-tele-gris-basaltico-png.webp",1000,1000,false],"1536x1536":["https:\/\/recambiosecogas.com\/wp-content\/uploads\/2025\/02\/Truma-distribuidor-de-aire-para-el-acondicionador-de-techo-Aventa-Pequeno-tele-gris-basaltico-png.webp",1000,1000,false],"2048x2048":["https:\/\/recambiosecogas.com\/wp-content\/uploads\/2025\/02\/Truma-distribuidor-de-aire-para-el-acondicionador-de-techo-Aventa-Pequeno-tele-gris-basaltico-png.webp",1000,1000,false],"woocommerce_archive_thumbnail":["https:\/\/recambiosecogas.com\/wp-content\/uploads\/2025\/02\/Truma-distribuidor-de-aire-para-el-acondicionador-de-techo-Aventa-Pequeno-tele-gris-basaltico-png.webp",1000,1000,false],"woocommerce_thumbnail":["https:\/\/recambiosecogas.com\/wp-content\/uploads\/2025\/02\/Truma-distribuidor-de-aire-para-el-acondicionador-de-techo-Aventa-Pequeno-tele-gris-basaltico-300x300.webp",300,300,true],"woocommerce_single":["https:\/\/recambiosecogas.com\/wp-content\/uploads\/2025\/02\/Truma-distribuidor-de-aire-para-el-acondicionador-de-techo-Aventa-Pequeno-tele-gris-basaltico-png.webp",1000,1000,false],"woocommerce_gallery_thumbnail":["https:\/\/recambiosecogas.com\/wp-content\/uploads\/2025\/02\/Truma-distribuidor-de-aire-para-el-acondicionador-de-techo-Aventa-Pequeno-tele-gris-basaltico-png.webp",1000,1000,false],"dgwt-wcas-product-suggestion":["https:\/\/recambiosecogas.com\/wp-content\/uploads\/2025\/02\/Truma-distribuidor-de-aire-para-el-acondicionador-de-techo-Aventa-Pequeno-tele-gris-basaltico-64x64.webp",64,64,true]},"uagb_author_info":{"display_name":"Fran - Soporte T\u00e9cnico","author_link":"https:\/\/recambiosecogas.com\/pt-pt\/author\/"},"uagb_comment_info":0,"uagb_excerpt":"TRUMA","_links":{"self":[{"href":"https:\/\/recambiosecogas.com\/pt-pt\/wp-json\/wp\/v2\/product\/46055","targetHints":{"allow":["GET"]}}],"collection":[{"href":"https:\/\/recambiosecogas.com\/pt-pt\/wp-json\/wp\/v2\/product"}],"about":[{"href":"https:\/\/recambiosecogas.com\/pt-pt\/wp-json\/wp\/v2\/types\/product"}],"replies":[{"embeddable":true,"href":"https:\/\/recambiosecogas.com\/pt-pt\/wp-json\/wp\/v2\/comments?post=46055"}],"wp:featuredmedia":[{"embeddable":true,"href":"https:\/\/recambiosecogas.com\/pt-pt\/wp-json\/wp\/v2\/media\/34975"}],"wp:attachment":[{"href":"https:\/\/recambiosecogas.com\/pt-pt\/wp-json\/wp\/v2\/media?parent=46055"}],"wp:term":[{"taxonomy":"product_brand","embeddable":true,"href":"https:\/\/recambiosecogas.com\/pt-pt\/wp-json\/wp\/v2\/product_brand?post=46055"},{"taxonomy":"product_cat","embeddable":true,"href":"https:\/\/recambiosecogas.com\/pt-pt\/wp-json\/wp\/v2\/product_cat?post=46055"},{"taxonomy":"product_tag","embeddable":true,"href":"https:\/\/recambiosecogas.com\/pt-pt\/wp-json\/wp\/v2\/product_tag?post=46055"}],"curies":[{"name":"wp","href":"https:\/\/api.w.org\/{rel}","templated":true}]}}