{"id":45250,"date":"2025-11-06T17:01:18","date_gmt":"2025-11-06T16:01:18","guid":{"rendered":"https:\/\/recambiosecogas.com\/producto\/kit-de-reparacion-premo-eg\/"},"modified":"2026-03-31T11:12:54","modified_gmt":"2026-03-31T10:12:54","slug":"kit-de-reparacion-premo-eg","status":"publish","type":"product","link":"https:\/\/recambiosecogas.com\/pt-pt\/produto\/kit-de-reparacion-premo-eg\/","title":{"rendered":"Kit de reparaci\u00f3n PREMO EG"},"content":{"rendered":"<h1 data-start=\"139\" data-end=\"223\">Kit de reparaci\u00f3n PREMO EG \u2013 Reparaci\u00f3n para Reductor GLP PREMO 150 kW EUROPEGAS<\/h1>\n<p data-start=\"225\" data-end=\"624\">El <strong data-start=\"228\" data-end=\"296\">Kit de reparaci\u00f3n PREMO EG (Reductor GLP PREMO 150 kW EUROPEGAS)<\/strong> est\u00e1 dise\u00f1ado para restaurar el rendimiento original del reductor y garantizar un funcionamiento estable y seguro del sistema de inyecci\u00f3n de GLP. Este kit incluye <strong data-start=\"461\" data-end=\"512\">las membranas y componentes internos esenciales<\/strong>, que son las piezas que m\u00e1s desgaste sufren debido a la presi\u00f3n, la temperatura y el uso continuo del veh\u00edculo.<\/p>\n<p data-start=\"626\" data-end=\"957\">La sustituci\u00f3n de las <strong data-start=\"648\" data-end=\"680\">membranas del reductor PREMO<\/strong> es clave para mantener la correcta conversi\u00f3n del GLP de fase l\u00edquida a fase gaseosa, evitando p\u00e9rdida de presi\u00f3n, fallos de suministro o inestabilidad en la mezcla. Con este kit, el reductor recupera su eficiencia, asegurando una combusti\u00f3n uniforme y un consumo equilibrado.<\/p>\n<hr data-start=\"959\" data-end=\"962\" \/>\n<h2 data-start=\"964\" data-end=\"1001\">\u00bfPara qu\u00e9 reductor sirve este kit?<\/h2>\n<p data-start=\"1003\" data-end=\"1060\">Este <strong data-start=\"1008\" data-end=\"1038\">kit de reparaci\u00f3n PREMO EG<\/strong> es compatible con el:<\/p>\n<h3 data-start=\"1062\" data-end=\"1116\"><strong data-start=\"1066\" data-end=\"1114\">Reductor GLP PREMO 150 kW EUROPEGAS (150 CV)<\/strong><\/h3>\n<p data-start=\"1117\" data-end=\"1409\">Un reductor compacto y eficiente que trabaja entre <strong data-start=\"1168\" data-end=\"1185\">0,9 y 1,3 bar<\/strong>, fabricado en <strong data-start=\"1200\" data-end=\"1230\">aluminio fundido a presi\u00f3n<\/strong> y equipado con sensor de temperatura <strong data-start=\"1268\" data-end=\"1275\">4k7<\/strong> integrado. Est\u00e1 homologado bajo la normativa <strong data-start=\"1321\" data-end=\"1340\">E20 67R-01 1053<\/strong> y dise\u00f1ado para veh\u00edculos que utilizan sistemas de inyecci\u00f3n de GLP.<\/p>\n<hr data-start=\"1411\" data-end=\"1414\" \/>\n<h2 data-start=\"1416\" data-end=\"1457\">Componentes que se suelen reemplazar<\/h2>\n<p data-start=\"1458\" data-end=\"1547\">El kit incluye los elementos cr\u00edticos para devolver el funcionamiento \u00f3ptimo al reductor:<\/p>\n<ul data-start=\"1549\" data-end=\"1742\">\n<li data-start=\"1549\" data-end=\"1583\">\n<p data-start=\"1551\" data-end=\"1583\"><strong data-start=\"1551\" data-end=\"1583\">Membranas del reductor PREMO<\/strong><\/p>\n<\/li>\n<li data-start=\"1584\" data-end=\"1618\">\n<p data-start=\"1586\" data-end=\"1618\">Juntas t\u00f3ricas y juntas planas<\/p>\n<\/li>\n<li data-start=\"1619\" data-end=\"1648\">\n<p data-start=\"1621\" data-end=\"1648\">Elementos de estanqueidad<\/p>\n<\/li>\n<li data-start=\"1649\" data-end=\"1683\">\n<p data-start=\"1651\" data-end=\"1683\">Piezas internas de calibraci\u00f3n<\/p>\n<\/li>\n<li data-start=\"1684\" data-end=\"1742\">\n<p data-start=\"1686\" data-end=\"1742\">Filtros o elementos relacionados (seg\u00fan versi\u00f3n del kit)<\/p>\n<\/li>\n<\/ul>\n<p data-start=\"1744\" data-end=\"1907\">Las <strong data-start=\"1748\" data-end=\"1761\">membranas<\/strong> son la parte m\u00e1s importante del mantenimiento: su desgaste provoca variaciones de presi\u00f3n, arranques inestables o fallos en la conmutaci\u00f3n a GLP.<\/p>\n<hr data-start=\"1909\" data-end=\"1912\" \/>\n<h2 data-start=\"1914\" data-end=\"1969\">Beneficios de instalar el Kit de reparaci\u00f3n PREMO EG<\/h2>\n<ul data-start=\"1971\" data-end=\"2380\">\n<li data-start=\"1971\" data-end=\"2030\">\n<p data-start=\"1973\" data-end=\"2030\"><strong data-start=\"1973\" data-end=\"2011\">Recuperaci\u00f3n de la presi\u00f3n estable<\/strong> (0,9 \u2013 1,3 bar).<\/p>\n<\/li>\n<li data-start=\"2031\" data-end=\"2101\">\n<p data-start=\"2033\" data-end=\"2101\"><strong data-start=\"2033\" data-end=\"2068\">Mejor respuesta del sistema GLP<\/strong>, especialmente en aceleraci\u00f3n.<\/p>\n<\/li>\n<li data-start=\"2102\" data-end=\"2154\">\n<p data-start=\"2104\" data-end=\"2154\">Asegura una <strong data-start=\"2116\" data-end=\"2151\">combusti\u00f3n uniforme y eficiente<\/strong>.<\/p>\n<\/li>\n<li data-start=\"2155\" data-end=\"2254\">\n<p data-start=\"2157\" data-end=\"2254\"><strong data-start=\"2157\" data-end=\"2181\">Evita fallos comunes<\/strong> por desgaste del reductor (tirones, paradas, conmutaciones err\u00e1ticas).<\/p>\n<\/li>\n<li data-start=\"2255\" data-end=\"2307\">\n<p data-start=\"2257\" data-end=\"2307\">Prolonga la vida \u00fatil del reductor PREMO 150 kW.<\/p>\n<\/li>\n<li data-start=\"2308\" data-end=\"2380\">\n<p data-start=\"2310\" data-end=\"2380\">Mantenimiento econ\u00f3mico frente a la sustituci\u00f3n completa del reductor.<\/p>\n<\/li>\n<\/ul>\n<hr \/>\n<table>\n<thead>\n<tr>\n<th><strong>Especificaci\u00f3n<\/strong><\/th>\n<th><strong>Valor \/ Descripci\u00f3n<\/strong><\/th>\n<\/tr>\n<\/thead>\n<tbody>\n<tr>\n<td><strong>Modelo compatible<\/strong><\/td>\n<td>Reductor GLP PREMO 150 kW EUROPEGAS<\/td>\n<\/tr>\n<tr>\n<td><strong>Potencia m\u00e1xima soportada<\/strong><\/td>\n<td>150 kW (aprox. 150 CV)<\/td>\n<\/tr>\n<tr>\n<td><strong>Rango de presi\u00f3n de trabajo<\/strong><\/td>\n<td>0,9 \u2013 1,3 bar<\/td>\n<\/tr>\n<tr>\n<td><strong>Entrada de gas<\/strong><\/td>\n<td>\u00d86 mm \u2013 Rosca M10x1<\/td>\n<\/tr>\n<tr>\n<td><strong>Salida de gas<\/strong><\/td>\n<td>\u00d812 mm<\/td>\n<\/tr>\n<tr>\n<td><strong>Conexi\u00f3n presi\u00f3n colector admisi\u00f3n<\/strong><\/td>\n<td>\u00d84 mm<\/td>\n<\/tr>\n<tr>\n<td><strong>Conexiones fluido calefactor<\/strong><\/td>\n<td>\u00d816 mm<\/td>\n<\/tr>\n<tr>\n<td><strong>Temperatura de trabajo<\/strong><\/td>\n<td>\u201340\u00baC a +120\u00baC<\/td>\n<\/tr>\n<tr>\n<td><strong>Material del cuerpo<\/strong><\/td>\n<td>Aluminio fundido a presi\u00f3n<\/td>\n<\/tr>\n<tr>\n<td><strong>Sensor de temperatura<\/strong><\/td>\n<td>4k7 integrado<\/td>\n<\/tr>\n<tr>\n<td><strong>Homologaci\u00f3n<\/strong><\/td>\n<td>E20 67R-01 1053<\/td>\n<\/tr>\n<tr>\n<td><strong>Aplicaci\u00f3n<\/strong><\/td>\n<td>Reductor de gas para sistemas de inyecci\u00f3n GLP en autom\u00f3viles<\/td>\n<\/tr>\n<tr>\n<td><strong>Caracter\u00edsticas destacadas<\/strong><\/td>\n<td>Electrov\u00e1lvula integrada, cartucho filtrante accesible, conectores giratorios, dise\u00f1o compacto<\/td>\n<\/tr>\n<tr>\n<td><strong>Incluye el kit de reparaci\u00f3n<\/strong><\/td>\n<td>Membranas, juntas, elementos de estanqueidad, piezas internas seg\u00fan versi\u00f3n<\/td>\n<\/tr>\n<\/tbody>\n<\/table>\n<p>Instalar el kit de reparaci\u00f3n PREMO EG es una decisi\u00f3n inteligente para quienes buscan mantener la eficiencia de sus sistemas de GLP. Este kit no solo restaura la funcionalidad del reductor, sino que tambi\u00e9n previene costosas reparaciones futuras al abordar problemas comunes como fugas y p\u00e9rdida de presi\u00f3n. Con componentes de alta calidad, este kit asegura un rendimiento \u00f3ptimo en aplicaciones automotrices e industriales, garantizando que el gas fluya de manera segura y eficiente. Es una soluci\u00f3n ideal para talleres y propietarios de veh\u00edculos que desean prolongar la vida \u00fatil de su reductor GLP PREMO 150 kW.<\/p>\n","protected":false},"excerpt":{"rendered":"<p>Kit de reparaci\u00f3n PREMO EG para reductor GLP 150 kW, dise\u00f1ado para restaurar la eficiencia y el rendimiento del sistema de inyecci\u00f3n de GLP.<\/p>\n","protected":false},"featured_media":20905,"comment_status":"open","ping_status":"closed","template":"","meta":{"googlesitekit_rrm_CAowud7EDA:productID":"","_uag_custom_page_level_css":""},"product_brand":[],"product_cat":[1817,1065],"product_tag":[],"class_list":{"0":"post-45250","1":"product","2":"type-product","3":"status-publish","4":"has-post-thumbnail","6":"product_cat-kits-de-reparacao-gpl","7":"product_cat-reguladores-de-pressao","9":"first","10":"instock","11":"taxable","12":"shipping-taxable","13":"purchasable","14":"product-type-simple"},"ct_brands":[],"yoast_head":"<!-- This site is optimized with the Yoast SEO Premium plugin v27.4 (Yoast SEO v27.5) - https:\/\/yoast.com\/product\/yoast-seo-premium-wordpress\/ -->\n<title>Kit de reparaci\u00f3n PREMO EG | Recambios EcoGas | Sistemas GLP y GNC<\/title>\n<meta name=\"description\" content=\"Kit de reparaci\u00f3n PREMO EG para reductor GLP PREMO 150 kW EUROPEGAS. Incluye membranas y juntas para restaurar presi\u00f3n y rendimiento del sistema GLP.\" \/>\n<meta name=\"robots\" content=\"index, follow, max-snippet:-1, max-image-preview:large, max-video-preview:-1\" \/>\n<link rel=\"canonical\" href=\"https:\/\/recambiosecogas.com\/pt-pt\/produto\/kit-de-reparacion-premo-eg\/\" \/>\n<meta property=\"og:locale\" content=\"pt_PT\" \/>\n<meta property=\"og:type\" content=\"article\" \/>\n<meta property=\"og:title\" content=\"Kit de reparaci\u00f3n PREMO EG\" \/>\n<meta property=\"og:description\" content=\"Kit de reparaci\u00f3n PREMO EG para reductor GLP PREMO 150 kW EUROPEGAS. Incluye membranas y juntas para restaurar presi\u00f3n y rendimiento del sistema GLP.\" \/>\n<meta property=\"og:url\" content=\"https:\/\/recambiosecogas.com\/pt-pt\/produto\/kit-de-reparacion-premo-eg\/\" \/>\n<meta property=\"og:site_name\" content=\"Recambios EcoGas\" \/>\n<meta property=\"article:publisher\" content=\"https:\/\/www.facebook.com\/profile.php?id=100062419705358\" \/>\n<meta property=\"article:modified_time\" content=\"2026-03-31T10:12:54+00:00\" \/>\n<meta property=\"og:image\" content=\"https:\/\/recambiosecogas.com\/wp-content\/uploads\/2024\/10\/Europegas-kit-de-reparacion-para-reductor-EG-Supremo-GLP-1-png.webp\" \/>\n\t<meta property=\"og:image:width\" content=\"1000\" \/>\n\t<meta property=\"og:image:height\" content=\"1000\" \/>\n\t<meta property=\"og:image:type\" content=\"image\/png\" \/>\n<meta name=\"twitter:card\" content=\"summary_large_image\" \/>\n<meta name=\"twitter:label1\" content=\"pre\u00e7o\" \/>\n\t<meta name=\"twitter:data1\" content=\"27,70&nbsp;&euro; (Sin IVA: 22,89&nbsp;&euro;)\" \/>\n\t<meta name=\"twitter:label2\" content=\"Disponibilidade\" \/>\n\t<meta name=\"twitter:data2\" content=\"Em stock\" \/>\n<script type=\"application\/ld+json\" class=\"yoast-schema-graph\">{\"@context\":\"https:\\\/\\\/schema.org\",\"@graph\":[{\"@type\":\"WebPage\",\"@id\":\"https:\\\/\\\/recambiosecogas.com\\\/pt-pt\\\/produto\\\/kit-de-reparacion-premo-eg\\\/\",\"url\":\"https:\\\/\\\/recambiosecogas.com\\\/pt-pt\\\/produto\\\/kit-de-reparacion-premo-eg\\\/\",\"name\":\"Kit de reparaci\u00f3n PREMO EG | Recambios EcoGas | Sistemas GLP y GNC\",\"isPartOf\":{\"@id\":\"https:\\\/\\\/recambiosecogas.com\\\/pt-pt\\\/#website\"},\"primaryImageOfPage\":{\"@id\":\"https:\\\/\\\/recambiosecogas.com\\\/pt-pt\\\/produto\\\/kit-de-reparacion-premo-eg\\\/#primaryimage\"},\"image\":{\"@id\":\"https:\\\/\\\/recambiosecogas.com\\\/pt-pt\\\/produto\\\/kit-de-reparacion-premo-eg\\\/#primaryimage\"},\"thumbnailUrl\":\"https:\\\/\\\/recambiosecogas.com\\\/wp-content\\\/uploads\\\/2024\\\/10\\\/Europegas-kit-de-reparacion-para-reductor-EG-Supremo-GLP-1-png.webp\",\"datePublished\":\"2025-11-06T16:01:18+00:00\",\"dateModified\":\"2026-03-31T10:12:54+00:00\",\"description\":\"Kit de reparaci\u00f3n PREMO EG para reductor GLP PREMO 150 kW EUROPEGAS. Incluye membranas y juntas para restaurar presi\u00f3n y rendimiento del sistema GLP.\",\"breadcrumb\":{\"@id\":\"https:\\\/\\\/recambiosecogas.com\\\/pt-pt\\\/produto\\\/kit-de-reparacion-premo-eg\\\/#breadcrumb\"},\"inLanguage\":\"pt-PT\",\"potentialAction\":[{\"@type\":\"ReadAction\",\"target\":[\"https:\\\/\\\/recambiosecogas.com\\\/pt-pt\\\/produto\\\/kit-de-reparacion-premo-eg\\\/\"]}]},{\"@type\":\"ImageObject\",\"inLanguage\":\"pt-PT\",\"@id\":\"https:\\\/\\\/recambiosecogas.com\\\/pt-pt\\\/produto\\\/kit-de-reparacion-premo-eg\\\/#primaryimage\",\"url\":\"https:\\\/\\\/recambiosecogas.com\\\/wp-content\\\/uploads\\\/2024\\\/10\\\/Europegas-kit-de-reparacion-para-reductor-EG-Supremo-GLP-1-png.webp\",\"contentUrl\":\"https:\\\/\\\/recambiosecogas.com\\\/wp-content\\\/uploads\\\/2024\\\/10\\\/Europegas-kit-de-reparacion-para-reductor-EG-Supremo-GLP-1-png.webp\",\"width\":1000,\"height\":1000},{\"@type\":\"BreadcrumbList\",\"@id\":\"https:\\\/\\\/recambiosecogas.com\\\/pt-pt\\\/produto\\\/kit-de-reparacion-premo-eg\\\/#breadcrumb\",\"itemListElement\":[{\"@type\":\"ListItem\",\"position\":1,\"name\":\"P\u00e1gina inicial\",\"item\":\"https:\\\/\\\/recambiosecogas.com\\\/pt-pt\\\/\"},{\"@type\":\"ListItem\",\"position\":2,\"name\":\"Loja\",\"item\":\"https:\\\/\\\/recambiosecogas.com\\\/pt-pt\\\/tienda\\\/\"},{\"@type\":\"ListItem\",\"position\":3,\"name\":\"Kit de reparaci\u00f3n PREMO EG\"}]},{\"@type\":\"WebSite\",\"@id\":\"https:\\\/\\\/recambiosecogas.com\\\/pt-pt\\\/#website\",\"url\":\"https:\\\/\\\/recambiosecogas.com\\\/pt-pt\\\/\",\"name\":\"Recambios EcoGas\",\"description\":\"Pe\u00e7as multimarca para sistemas de GPL\\\/GNC\\\/GNL\\\/Hidrog\u00e9nio\",\"publisher\":{\"@id\":\"https:\\\/\\\/recambiosecogas.com\\\/pt-pt\\\/#organization\"},\"alternateName\":\"Recambios Autogas GLP\",\"potentialAction\":[{\"@type\":\"SearchAction\",\"target\":{\"@type\":\"EntryPoint\",\"urlTemplate\":\"https:\\\/\\\/recambiosecogas.com\\\/pt-pt\\\/?s={search_term_string}\"},\"query-input\":{\"@type\":\"PropertyValueSpecification\",\"valueRequired\":true,\"valueName\":\"search_term_string\"}}],\"inLanguage\":\"pt-PT\"},{\"@type\":[\"Organization\",\"Place\"],\"@id\":\"https:\\\/\\\/recambiosecogas.com\\\/pt-pt\\\/#organization\",\"name\":\"Recambios EcoGas\",\"alternateName\":\"Loja de GPL Autog\u00e1s Espanha\",\"url\":\"https:\\\/\\\/recambiosecogas.com\\\/pt-pt\\\/\",\"logo\":{\"@id\":\"https:\\\/\\\/recambiosecogas.com\\\/pt-pt\\\/produto\\\/kit-de-reparacion-premo-eg\\\/#local-main-organization-logo\"},\"image\":{\"@id\":\"https:\\\/\\\/recambiosecogas.com\\\/pt-pt\\\/produto\\\/kit-de-reparacion-premo-eg\\\/#local-main-organization-logo\"},\"sameAs\":[\"https:\\\/\\\/www.facebook.com\\\/profile.php?id=100062419705358\",\"https:\\\/\\\/www.instagram.com\\\/segimon_automocio\"],\"description\":\"Recambios EcoGas \u2013 Venta y distribuci\u00f3n de sistemas GLP y GNC en Espa\u00f1a y Portugal. Env\u00edos 24 h, soporte t\u00e9cnico a talleres y distribuidores.\",\"hasMerchantReturnPolicy\":{\"@type\":\"MerchantReturnPolicy\",\"merchantReturnLink\":\"https:\\\/\\\/recambiosecogas.com\\\/politicas-privacidad\\\/\"},\"address\":{\"@id\":\"https:\\\/\\\/recambiosecogas.com\\\/pt-pt\\\/produto\\\/kit-de-reparacion-premo-eg\\\/#local-main-place-address\"},\"telephone\":[\"616250633\"],\"contactPoint\":{\"@type\":\"ContactPoint\",\"email\":\"export@recambiosecogas.com\"},\"openingHoursSpecification\":[{\"@type\":\"OpeningHoursSpecification\",\"dayOfWeek\":[\"Monday\",\"Tuesday\",\"Wednesday\",\"Thursday\",\"Friday\",\"Saturday\",\"Sunday\"],\"opens\":\"09:00\",\"closes\":\"17:00\"}],\"email\":\"info@recambiosecogas.com\",\"faxNumber\":\"SEGIMON AUTOMOCION SL\",\"vatID\":\"ESB19819861\",\"globalLocationNumber\":\"938 616 339\"},{\"@type\":\"PostalAddress\",\"@id\":\"https:\\\/\\\/recambiosecogas.com\\\/pt-pt\\\/produto\\\/kit-de-reparacion-premo-eg\\\/#local-main-place-address\",\"streetAddress\":\"cami antic de vic, 29 (Nave 3), Pol\u00edgono Industrial Congost\",\"addressLocality\":\"CORRO D`AVALL\",\"postalCode\":\"08520\",\"addressRegion\":\"Barcelona\",\"addressCountry\":\"ES\"},{\"@type\":\"ImageObject\",\"inLanguage\":\"pt-PT\",\"@id\":\"https:\\\/\\\/recambiosecogas.com\\\/pt-pt\\\/produto\\\/kit-de-reparacion-premo-eg\\\/#local-main-organization-logo\",\"url\":\"https:\\\/\\\/recambiosecogas.com\\\/wp-content\\\/uploads\\\/2024\\\/11\\\/cropped-RECAMBIOS-GLP-png.webp\",\"contentUrl\":\"https:\\\/\\\/recambiosecogas.com\\\/wp-content\\\/uploads\\\/2024\\\/11\\\/cropped-RECAMBIOS-GLP-png.webp\",\"width\":512,\"height\":512,\"caption\":\"Recambios EcoGas\"}]}<\/script>\n<meta property=\"product:price:amount\" content=\"27.70\" \/>\n<meta property=\"product:price:currency\" content=\"EUR\" \/>\n<meta property=\"og:availability\" content=\"instock\" \/>\n<meta property=\"product:availability\" content=\"instock\" \/>\n<meta property=\"product:retailer_item_id\" content=\"84819000PREMO\" \/>\n<meta property=\"product:condition\" content=\"new\" \/>\n<meta name=\"geo.placename\" content=\"CORRO D`AVALL\" \/>\n<meta name=\"geo.region\" content=\"Espanha\" \/>\n<!-- \/ Yoast SEO Premium plugin. -->","yoast_head_json":{"title":"Kit de reparaci\u00f3n PREMO EG | Recambios EcoGas | Sistemas GLP y GNC","description":"Kit de reparaci\u00f3n PREMO EG para reductor GLP PREMO 150 kW EUROPEGAS. Incluye membranas y juntas para restaurar presi\u00f3n y rendimiento del sistema GLP.","robots":{"index":"index","follow":"follow","max-snippet":"max-snippet:-1","max-image-preview":"max-image-preview:large","max-video-preview":"max-video-preview:-1"},"canonical":"https:\/\/recambiosecogas.com\/pt-pt\/produto\/kit-de-reparacion-premo-eg\/","og_locale":"pt_PT","og_type":"article","og_title":"Kit de reparaci\u00f3n PREMO EG","og_description":"Kit de reparaci\u00f3n PREMO EG para reductor GLP PREMO 150 kW EUROPEGAS. Incluye membranas y juntas para restaurar presi\u00f3n y rendimiento del sistema GLP.","og_url":"https:\/\/recambiosecogas.com\/pt-pt\/produto\/kit-de-reparacion-premo-eg\/","og_site_name":"Recambios EcoGas","article_publisher":"https:\/\/www.facebook.com\/profile.php?id=100062419705358","article_modified_time":"2026-03-31T10:12:54+00:00","og_image":[{"width":1000,"height":1000,"url":"https:\/\/recambiosecogas.com\/wp-content\/uploads\/2024\/10\/Europegas-kit-de-reparacion-para-reductor-EG-Supremo-GLP-1-png.webp","type":"image\/png"}],"twitter_card":"summary_large_image","twitter_misc":{"pre\u00e7o":"27,70&nbsp;&euro; (Sin IVA: 22,89&nbsp;&euro;)","Disponibilidade":"Em stock"},"schema":{"@context":"https:\/\/schema.org","@graph":[{"@type":"WebPage","@id":"https:\/\/recambiosecogas.com\/pt-pt\/produto\/kit-de-reparacion-premo-eg\/","url":"https:\/\/recambiosecogas.com\/pt-pt\/produto\/kit-de-reparacion-premo-eg\/","name":"Kit de reparaci\u00f3n PREMO EG | Recambios EcoGas | Sistemas GLP y GNC","isPartOf":{"@id":"https:\/\/recambiosecogas.com\/pt-pt\/#website"},"primaryImageOfPage":{"@id":"https:\/\/recambiosecogas.com\/pt-pt\/produto\/kit-de-reparacion-premo-eg\/#primaryimage"},"image":{"@id":"https:\/\/recambiosecogas.com\/pt-pt\/produto\/kit-de-reparacion-premo-eg\/#primaryimage"},"thumbnailUrl":"https:\/\/recambiosecogas.com\/wp-content\/uploads\/2024\/10\/Europegas-kit-de-reparacion-para-reductor-EG-Supremo-GLP-1-png.webp","datePublished":"2025-11-06T16:01:18+00:00","dateModified":"2026-03-31T10:12:54+00:00","description":"Kit de reparaci\u00f3n PREMO EG para reductor GLP PREMO 150 kW EUROPEGAS. Incluye membranas y juntas para restaurar presi\u00f3n y rendimiento del sistema GLP.","breadcrumb":{"@id":"https:\/\/recambiosecogas.com\/pt-pt\/produto\/kit-de-reparacion-premo-eg\/#breadcrumb"},"inLanguage":"pt-PT","potentialAction":[{"@type":"ReadAction","target":["https:\/\/recambiosecogas.com\/pt-pt\/produto\/kit-de-reparacion-premo-eg\/"]}]},{"@type":"ImageObject","inLanguage":"pt-PT","@id":"https:\/\/recambiosecogas.com\/pt-pt\/produto\/kit-de-reparacion-premo-eg\/#primaryimage","url":"https:\/\/recambiosecogas.com\/wp-content\/uploads\/2024\/10\/Europegas-kit-de-reparacion-para-reductor-EG-Supremo-GLP-1-png.webp","contentUrl":"https:\/\/recambiosecogas.com\/wp-content\/uploads\/2024\/10\/Europegas-kit-de-reparacion-para-reductor-EG-Supremo-GLP-1-png.webp","width":1000,"height":1000},{"@type":"BreadcrumbList","@id":"https:\/\/recambiosecogas.com\/pt-pt\/produto\/kit-de-reparacion-premo-eg\/#breadcrumb","itemListElement":[{"@type":"ListItem","position":1,"name":"P\u00e1gina inicial","item":"https:\/\/recambiosecogas.com\/pt-pt\/"},{"@type":"ListItem","position":2,"name":"Loja","item":"https:\/\/recambiosecogas.com\/pt-pt\/tienda\/"},{"@type":"ListItem","position":3,"name":"Kit de reparaci\u00f3n PREMO EG"}]},{"@type":"WebSite","@id":"https:\/\/recambiosecogas.com\/pt-pt\/#website","url":"https:\/\/recambiosecogas.com\/pt-pt\/","name":"Recambios EcoGas","description":"Pe\u00e7as multimarca para sistemas de GPL\/GNC\/GNL\/Hidrog\u00e9nio","publisher":{"@id":"https:\/\/recambiosecogas.com\/pt-pt\/#organization"},"alternateName":"Recambios Autogas GLP","potentialAction":[{"@type":"SearchAction","target":{"@type":"EntryPoint","urlTemplate":"https:\/\/recambiosecogas.com\/pt-pt\/?s={search_term_string}"},"query-input":{"@type":"PropertyValueSpecification","valueRequired":true,"valueName":"search_term_string"}}],"inLanguage":"pt-PT"},{"@type":["Organization","Place"],"@id":"https:\/\/recambiosecogas.com\/pt-pt\/#organization","name":"Recambios EcoGas","alternateName":"Loja de GPL Autog\u00e1s Espanha","url":"https:\/\/recambiosecogas.com\/pt-pt\/","logo":{"@id":"https:\/\/recambiosecogas.com\/pt-pt\/produto\/kit-de-reparacion-premo-eg\/#local-main-organization-logo"},"image":{"@id":"https:\/\/recambiosecogas.com\/pt-pt\/produto\/kit-de-reparacion-premo-eg\/#local-main-organization-logo"},"sameAs":["https:\/\/www.facebook.com\/profile.php?id=100062419705358","https:\/\/www.instagram.com\/segimon_automocio"],"description":"Recambios EcoGas \u2013 Venta y distribuci\u00f3n de sistemas GLP y GNC en Espa\u00f1a y Portugal. Env\u00edos 24 h, soporte t\u00e9cnico a talleres y distribuidores.","hasMerchantReturnPolicy":{"@type":"MerchantReturnPolicy","merchantReturnLink":"https:\/\/recambiosecogas.com\/politicas-privacidad\/"},"address":{"@id":"https:\/\/recambiosecogas.com\/pt-pt\/produto\/kit-de-reparacion-premo-eg\/#local-main-place-address"},"telephone":["616250633"],"contactPoint":{"@type":"ContactPoint","email":"export@recambiosecogas.com"},"openingHoursSpecification":[{"@type":"OpeningHoursSpecification","dayOfWeek":["Monday","Tuesday","Wednesday","Thursday","Friday","Saturday","Sunday"],"opens":"09:00","closes":"17:00"}],"email":"info@recambiosecogas.com","faxNumber":"SEGIMON AUTOMOCION SL","vatID":"ESB19819861","globalLocationNumber":"938 616 339"},{"@type":"PostalAddress","@id":"https:\/\/recambiosecogas.com\/pt-pt\/produto\/kit-de-reparacion-premo-eg\/#local-main-place-address","streetAddress":"cami antic de vic, 29 (Nave 3), Pol\u00edgono Industrial Congost","addressLocality":"CORRO D`AVALL","postalCode":"08520","addressRegion":"Barcelona","addressCountry":"ES"},{"@type":"ImageObject","inLanguage":"pt-PT","@id":"https:\/\/recambiosecogas.com\/pt-pt\/produto\/kit-de-reparacion-premo-eg\/#local-main-organization-logo","url":"https:\/\/recambiosecogas.com\/wp-content\/uploads\/2024\/11\/cropped-RECAMBIOS-GLP-png.webp","contentUrl":"https:\/\/recambiosecogas.com\/wp-content\/uploads\/2024\/11\/cropped-RECAMBIOS-GLP-png.webp","width":512,"height":512,"caption":"Recambios EcoGas"}]},"product_price_amount":"27.70","product_price_currency":"EUR","og_availability":"instock","product_availability":"instock","product_retailer_item_id":"84819000PREMO","product_condition":"new","geo.placename":"CORRO D`AVALL","geo.region":"Espanha"},"uagb_featured_image_src":{"full":["https:\/\/recambiosecogas.com\/wp-content\/uploads\/2024\/10\/Europegas-kit-de-reparacion-para-reductor-EG-Supremo-GLP-1-png.webp",1000,1000,false],"thumbnail":["https:\/\/recambiosecogas.com\/wp-content\/uploads\/2024\/10\/Europegas-kit-de-reparacion-para-reductor-EG-Supremo-GLP-1-150x150.webp",150,150,true],"medium":["https:\/\/recambiosecogas.com\/wp-content\/uploads\/2024\/10\/Europegas-kit-de-reparacion-para-reductor-EG-Supremo-GLP-1-300x300.webp",300,300,true],"medium_large":["https:\/\/recambiosecogas.com\/wp-content\/uploads\/2024\/10\/Europegas-kit-de-reparacion-para-reductor-EG-Supremo-GLP-1-768x768.webp",768,768,true],"large":["https:\/\/recambiosecogas.com\/wp-content\/uploads\/2024\/10\/Europegas-kit-de-reparacion-para-reductor-EG-Supremo-GLP-1-png.webp",1000,1000,false],"1536x1536":["https:\/\/recambiosecogas.com\/wp-content\/uploads\/2024\/10\/Europegas-kit-de-reparacion-para-reductor-EG-Supremo-GLP-1-png.webp",1000,1000,false],"2048x2048":["https:\/\/recambiosecogas.com\/wp-content\/uploads\/2024\/10\/Europegas-kit-de-reparacion-para-reductor-EG-Supremo-GLP-1-png.webp",1000,1000,false],"woocommerce_archive_thumbnail":["https:\/\/recambiosecogas.com\/wp-content\/uploads\/2024\/10\/Europegas-kit-de-reparacion-para-reductor-EG-Supremo-GLP-1-png.webp",1000,1000,false],"woocommerce_thumbnail":["https:\/\/recambiosecogas.com\/wp-content\/uploads\/2024\/10\/Europegas-kit-de-reparacion-para-reductor-EG-Supremo-GLP-1-png-300x300.webp",300,300,true],"woocommerce_single":["https:\/\/recambiosecogas.com\/wp-content\/uploads\/2024\/10\/Europegas-kit-de-reparacion-para-reductor-EG-Supremo-GLP-1-png.webp",1000,1000,false],"woocommerce_gallery_thumbnail":["https:\/\/recambiosecogas.com\/wp-content\/uploads\/2024\/10\/Europegas-kit-de-reparacion-para-reductor-EG-Supremo-GLP-1-png.webp",1000,1000,false],"dgwt-wcas-product-suggestion":["https:\/\/recambiosecogas.com\/wp-content\/uploads\/2024\/10\/Europegas-kit-de-reparacion-para-reductor-EG-Supremo-GLP-1-png-64x64.webp",64,64,true]},"uagb_author_info":{"display_name":"Gertjan Recambios EcoGas","author_link":"https:\/\/recambiosecogas.com\/pt-pt\/author\/"},"uagb_comment_info":0,"uagb_excerpt":"Kit de reparaci\u00f3n PREMO EG para reductor GLP 150 kW, dise\u00f1ado para restaurar la eficiencia y el rendimiento del sistema de inyecci\u00f3n de GLP.","_links":{"self":[{"href":"https:\/\/recambiosecogas.com\/pt-pt\/wp-json\/wp\/v2\/product\/45250","targetHints":{"allow":["GET"]}}],"collection":[{"href":"https:\/\/recambiosecogas.com\/pt-pt\/wp-json\/wp\/v2\/product"}],"about":[{"href":"https:\/\/recambiosecogas.com\/pt-pt\/wp-json\/wp\/v2\/types\/product"}],"replies":[{"embeddable":true,"href":"https:\/\/recambiosecogas.com\/pt-pt\/wp-json\/wp\/v2\/comments?post=45250"}],"wp:featuredmedia":[{"embeddable":true,"href":"https:\/\/recambiosecogas.com\/pt-pt\/wp-json\/wp\/v2\/media\/20905"}],"wp:attachment":[{"href":"https:\/\/recambiosecogas.com\/pt-pt\/wp-json\/wp\/v2\/media?parent=45250"}],"wp:term":[{"taxonomy":"product_brand","embeddable":true,"href":"https:\/\/recambiosecogas.com\/pt-pt\/wp-json\/wp\/v2\/product_brand?post=45250"},{"taxonomy":"product_cat","embeddable":true,"href":"https:\/\/recambiosecogas.com\/pt-pt\/wp-json\/wp\/v2\/product_cat?post=45250"},{"taxonomy":"product_tag","embeddable":true,"href":"https:\/\/recambiosecogas.com\/pt-pt\/wp-json\/wp\/v2\/product_tag?post=45250"}],"curies":[{"name":"wp","href":"https:\/\/api.w.org\/{rel}","templated":true}]}}