{"id":45035,"date":"2026-03-18T11:21:18","date_gmt":"2026-03-18T10:21:18","guid":{"rendered":"https:\/\/recambiosecogas.com\/producto\/limpiador-completo-del-sistema-de-alimentacion-de-glp\/"},"modified":"2026-03-18T11:21:18","modified_gmt":"2026-03-18T10:21:18","slug":"limpiador-completo-del-sistema-de-alimentacion-de-glp","status":"publish","type":"product","link":"https:\/\/recambiosecogas.com\/pt-pt\/produto\/limpiador-completo-del-sistema-de-alimentacion-de-glp\/","title":{"rendered":"LIMPIADOR COMPLETO DEL SISTEMA DE ALIMENTACI\u00d3N DE GLP"},"content":{"rendered":"<p>Aditivo especialmente formulado para introducirse directamente en el dep\u00f3sito de GLP. Elimina la humedad, las lacas, los dep\u00f3sitos sulfurosos, el amon\u00edaco y los contaminantes del dep\u00f3sito y del reductor de presi\u00f3n, manteni\u00e9ndolos limpios a lo largo del tiempo. Limpia y lubrica los inyectores o las electrov\u00e1lvulas del sistema de alimentaci\u00f3n de gas GLP, en fase l\u00edquida o gaseosa. Garantiza la regularidad de la combusti\u00f3n, la facilidad de arranque en fr\u00edo y reduce los costes de mantenimiento de toda la instalaci\u00f3n de gas GLP. Dosis para un dep\u00f3sito lleno de GLP (30\/40 l). Para mantener sus beneficios, repetir el tratamiento cada 3\/4 meses o cada 10 000 km.<\/p>\n","protected":false},"excerpt":{"rendered":"<p>Aditivo especialmente formulado para introducirse directamente en el dep\u00f3sito de GLP. Elimina la humedad, las lacas, los dep\u00f3sitos sulfurosos, el amon\u00edaco y los contaminantes del dep\u00f3sito y del reductor de presi\u00f3n, manteni\u00e9ndolos limpios a lo largo del tiempo. Limpia y lubrica los inyectores o las electrov\u00e1lvulas del sistema de alimentaci\u00f3n de gas GLP, en fase l\u00edquida o gaseosa. Garantiza la regularidad de la combusti\u00f3n, la facilidad de arranque en fr\u00edo y reduce los costes de mantenimiento de toda la instalaci\u00f3n de gas GLP. Dosis para un dep\u00f3sito lleno de GLP (30\/40 l). Para mantener sus beneficios, repetir el tratamiento cada 3\/4 meses o cada 10 000 km.<\/p>\n","protected":false},"featured_media":45036,"comment_status":"open","ping_status":"closed","template":"","meta":{"googlesitekit_rrm_CAowud7EDA:productID":"","_uag_custom_page_level_css":""},"product_brand":[],"product_cat":[2118],"product_tag":[],"class_list":{"0":"post-45035","1":"product","2":"type-product","3":"status-publish","4":"has-post-thumbnail","6":"product_cat-aditivos-privado","8":"first","9":"outofstock","10":"taxable","11":"shipping-taxable","12":"purchasable","13":"product-type-simple"},"ct_brands":[],"yoast_head":"<!-- This site is optimized with the Yoast SEO Premium plugin v27.3 (Yoast SEO v27.3) - https:\/\/yoast.com\/product\/yoast-seo-premium-wordpress\/ -->\n<title>Limpiador Completo del Sistema de Alimentaci\u00f3n de GLP | Recambios Ecogas<\/title>\n<meta name=\"description\" content=\"Limpiador completo para sistemas de Autogas, elimina contaminantes y mejora el rendimiento del sistema de alimentaci\u00f3n de gas GLP.\" \/>\n<meta name=\"robots\" content=\"index, follow, max-snippet:-1, max-image-preview:large, max-video-preview:-1\" \/>\n<link rel=\"canonical\" href=\"https:\/\/recambiosecogas.com\/pt-pt\/produto\/limpiador-completo-del-sistema-de-alimentacion-de-glp\/\" \/>\n<meta property=\"og:locale\" content=\"pt_PT\" \/>\n<meta property=\"og:type\" content=\"article\" \/>\n<meta property=\"og:title\" content=\"LIMPIADOR COMPLETO DEL SISTEMA DE ALIMENTACI\u00d3N DE GLP\" \/>\n<meta property=\"og:description\" content=\"Limpiador completo para sistemas de Autogas, elimina contaminantes y mejora el rendimiento del sistema de alimentaci\u00f3n de gas GLP.\" \/>\n<meta property=\"og:url\" content=\"https:\/\/recambiosecogas.com\/pt-pt\/produto\/limpiador-completo-del-sistema-de-alimentacion-de-glp\/\" \/>\n<meta property=\"og:site_name\" content=\"Recambios EcoGas\" \/>\n<meta property=\"article:publisher\" content=\"https:\/\/www.facebook.com\/profile.php?id=100062419705358\" \/>\n<meta property=\"og:image\" content=\"https:\/\/recambiosecogas.com\/wp-content\/uploads\/2026\/03\/9793.jpg\" \/>\n\t<meta property=\"og:image:width\" content=\"600\" \/>\n\t<meta property=\"og:image:height\" content=\"600\" \/>\n\t<meta property=\"og:image:type\" content=\"image\/jpeg\" \/>\n<meta name=\"twitter:card\" content=\"summary_large_image\" \/>\n<meta name=\"twitter:label1\" content=\"pre\u00e7o\" \/>\n\t<meta name=\"twitter:data1\" content=\"13,95&nbsp;&euro; (IVA incl.: 16,88&nbsp;&euro;)\" \/>\n\t<meta name=\"twitter:label2\" content=\"Disponibilidade\" \/>\n\t<meta name=\"twitter:data2\" content=\"Esgotado\" \/>\n<script type=\"application\/ld+json\" class=\"yoast-schema-graph\">{\"@context\":\"https:\\\/\\\/schema.org\",\"@graph\":[{\"@type\":\"WebPage\",\"@id\":\"https:\\\/\\\/recambiosecogas.com\\\/pt-pt\\\/produto\\\/limpiador-completo-del-sistema-de-alimentacion-de-glp\\\/\",\"url\":\"https:\\\/\\\/recambiosecogas.com\\\/pt-pt\\\/produto\\\/limpiador-completo-del-sistema-de-alimentacion-de-glp\\\/\",\"name\":\"Limpiador Completo del Sistema de Alimentaci\u00f3n de GLP | Recambios Ecogas\",\"isPartOf\":{\"@id\":\"https:\\\/\\\/recambiosecogas.com\\\/pt-pt\\\/#website\"},\"primaryImageOfPage\":{\"@id\":\"https:\\\/\\\/recambiosecogas.com\\\/pt-pt\\\/produto\\\/limpiador-completo-del-sistema-de-alimentacion-de-glp\\\/#primaryimage\"},\"image\":{\"@id\":\"https:\\\/\\\/recambiosecogas.com\\\/pt-pt\\\/produto\\\/limpiador-completo-del-sistema-de-alimentacion-de-glp\\\/#primaryimage\"},\"thumbnailUrl\":\"https:\\\/\\\/recambiosecogas.com\\\/wp-content\\\/uploads\\\/2026\\\/03\\\/9793.jpg\",\"datePublished\":\"2026-03-18T10:21:18+00:00\",\"description\":\"Limpiador completo para sistemas de Autogas, elimina contaminantes y mejora el rendimiento del sistema de alimentaci\u00f3n de gas GLP.\",\"breadcrumb\":{\"@id\":\"https:\\\/\\\/recambiosecogas.com\\\/pt-pt\\\/produto\\\/limpiador-completo-del-sistema-de-alimentacion-de-glp\\\/#breadcrumb\"},\"inLanguage\":\"pt-PT\",\"potentialAction\":[{\"@type\":\"ReadAction\",\"target\":[\"https:\\\/\\\/recambiosecogas.com\\\/pt-pt\\\/produto\\\/limpiador-completo-del-sistema-de-alimentacion-de-glp\\\/\"]}]},{\"@type\":\"ImageObject\",\"inLanguage\":\"pt-PT\",\"@id\":\"https:\\\/\\\/recambiosecogas.com\\\/pt-pt\\\/produto\\\/limpiador-completo-del-sistema-de-alimentacion-de-glp\\\/#primaryimage\",\"url\":\"https:\\\/\\\/recambiosecogas.com\\\/wp-content\\\/uploads\\\/2026\\\/03\\\/9793.jpg\",\"contentUrl\":\"https:\\\/\\\/recambiosecogas.com\\\/wp-content\\\/uploads\\\/2026\\\/03\\\/9793.jpg\",\"width\":600,\"height\":600},{\"@type\":\"BreadcrumbList\",\"@id\":\"https:\\\/\\\/recambiosecogas.com\\\/pt-pt\\\/produto\\\/limpiador-completo-del-sistema-de-alimentacion-de-glp\\\/#breadcrumb\",\"itemListElement\":[{\"@type\":\"ListItem\",\"position\":1,\"name\":\"P\u00e1gina inicial\",\"item\":\"https:\\\/\\\/recambiosecogas.com\\\/pt-pt\\\/\"},{\"@type\":\"ListItem\",\"position\":2,\"name\":\"Loja\",\"item\":\"https:\\\/\\\/recambiosecogas.com\\\/pt-pt\\\/tienda\\\/\"},{\"@type\":\"ListItem\",\"position\":3,\"name\":\"LIMPIADOR COMPLETO DEL SISTEMA DE ALIMENTACI\u00d3N DE GLP\"}]},{\"@type\":\"WebSite\",\"@id\":\"https:\\\/\\\/recambiosecogas.com\\\/pt-pt\\\/#website\",\"url\":\"https:\\\/\\\/recambiosecogas.com\\\/pt-pt\\\/\",\"name\":\"Recambios EcoGas\",\"description\":\"Pe\u00e7as multimarca para sistemas de GPL\\\/GNC\\\/GNL\\\/Hidrog\u00e9nio\",\"publisher\":{\"@id\":\"https:\\\/\\\/recambiosecogas.com\\\/pt-pt\\\/#organization\"},\"alternateName\":\"Recambios Autogas GLP\",\"potentialAction\":[{\"@type\":\"SearchAction\",\"target\":{\"@type\":\"EntryPoint\",\"urlTemplate\":\"https:\\\/\\\/recambiosecogas.com\\\/pt-pt\\\/?s={search_term_string}\"},\"query-input\":{\"@type\":\"PropertyValueSpecification\",\"valueRequired\":true,\"valueName\":\"search_term_string\"}}],\"inLanguage\":\"pt-PT\"},{\"@type\":[\"Organization\",\"Place\"],\"@id\":\"https:\\\/\\\/recambiosecogas.com\\\/pt-pt\\\/#organization\",\"name\":\"Recambios EcoGas\",\"alternateName\":\"Loja de GPL Autog\u00e1s Espanha\",\"url\":\"https:\\\/\\\/recambiosecogas.com\\\/pt-pt\\\/\",\"logo\":{\"@id\":\"https:\\\/\\\/recambiosecogas.com\\\/pt-pt\\\/produto\\\/limpiador-completo-del-sistema-de-alimentacion-de-glp\\\/#local-main-organization-logo\"},\"image\":{\"@id\":\"https:\\\/\\\/recambiosecogas.com\\\/pt-pt\\\/produto\\\/limpiador-completo-del-sistema-de-alimentacion-de-glp\\\/#local-main-organization-logo\"},\"sameAs\":[\"https:\\\/\\\/www.facebook.com\\\/profile.php?id=100062419705358\",\"https:\\\/\\\/www.instagram.com\\\/segimon_automocio\"],\"description\":\"Recambios EcoGas \u2013 Venta y distribuci\u00f3n de sistemas GLP y GNC en Espa\u00f1a y Portugal. Env\u00edos 24 h, soporte t\u00e9cnico a talleres y distribuidores.\",\"hasMerchantReturnPolicy\":{\"@type\":\"MerchantReturnPolicy\",\"merchantReturnLink\":\"https:\\\/\\\/recambiosecogas.com\\\/politicas-privacidad\\\/\"},\"address\":{\"@id\":\"https:\\\/\\\/recambiosecogas.com\\\/pt-pt\\\/produto\\\/limpiador-completo-del-sistema-de-alimentacion-de-glp\\\/#local-main-place-address\"},\"telephone\":[\"616250633\"],\"contactPoint\":{\"@type\":\"ContactPoint\",\"email\":\"export@recambiosecogas.com\"},\"openingHoursSpecification\":[{\"@type\":\"OpeningHoursSpecification\",\"dayOfWeek\":[\"Monday\",\"Tuesday\",\"Wednesday\",\"Thursday\",\"Friday\",\"Saturday\",\"Sunday\"],\"opens\":\"09:00\",\"closes\":\"17:00\"}],\"email\":\"info@recambiosecogas.com\",\"faxNumber\":\"SEGIMON AUTOMOCION SL\",\"vatID\":\"ESB19819861\",\"globalLocationNumber\":\"938 616 339\"},{\"@type\":\"PostalAddress\",\"@id\":\"https:\\\/\\\/recambiosecogas.com\\\/pt-pt\\\/produto\\\/limpiador-completo-del-sistema-de-alimentacion-de-glp\\\/#local-main-place-address\",\"streetAddress\":\"cami antic de vic, 29 (Nave 3), Pol\u00edgono Industrial Congost\",\"addressLocality\":\"CORRO D`AVALL\",\"postalCode\":\"08520\",\"addressRegion\":\"Barcelona\",\"addressCountry\":\"ES\"},{\"@type\":\"ImageObject\",\"inLanguage\":\"pt-PT\",\"@id\":\"https:\\\/\\\/recambiosecogas.com\\\/pt-pt\\\/produto\\\/limpiador-completo-del-sistema-de-alimentacion-de-glp\\\/#local-main-organization-logo\",\"url\":\"https:\\\/\\\/recambiosecogas.com\\\/wp-content\\\/uploads\\\/2024\\\/11\\\/cropped-RECAMBIOS-GLP-png.webp\",\"contentUrl\":\"https:\\\/\\\/recambiosecogas.com\\\/wp-content\\\/uploads\\\/2024\\\/11\\\/cropped-RECAMBIOS-GLP-png.webp\",\"width\":512,\"height\":512,\"caption\":\"Recambios EcoGas\"}]}<\/script>\n<meta property=\"product:price:amount\" content=\"13.95\" \/>\n<meta property=\"product:price:currency\" content=\"EUR\" \/>\n<meta property=\"og:availability\" content=\"out of stock\" \/>\n<meta property=\"product:availability\" content=\"out of stock\" \/>\n<meta property=\"product:retailer_item_id\" content=\"9793\" \/>\n<meta property=\"product:condition\" content=\"new\" \/>\n<meta name=\"geo.placename\" content=\"CORRO D`AVALL\" \/>\n<meta name=\"geo.region\" content=\"Espanha\" \/>\n<!-- \/ Yoast SEO Premium plugin. -->","yoast_head_json":{"title":"Limpiador Completo del Sistema de Alimentaci\u00f3n de GLP | Recambios Ecogas","description":"Limpiador completo para sistemas de Autogas, elimina contaminantes y mejora el rendimiento del sistema de alimentaci\u00f3n de gas GLP.","robots":{"index":"index","follow":"follow","max-snippet":"max-snippet:-1","max-image-preview":"max-image-preview:large","max-video-preview":"max-video-preview:-1"},"canonical":"https:\/\/recambiosecogas.com\/pt-pt\/produto\/limpiador-completo-del-sistema-de-alimentacion-de-glp\/","og_locale":"pt_PT","og_type":"article","og_title":"LIMPIADOR COMPLETO DEL SISTEMA DE ALIMENTACI\u00d3N DE GLP","og_description":"Limpiador completo para sistemas de Autogas, elimina contaminantes y mejora el rendimiento del sistema de alimentaci\u00f3n de gas GLP.","og_url":"https:\/\/recambiosecogas.com\/pt-pt\/produto\/limpiador-completo-del-sistema-de-alimentacion-de-glp\/","og_site_name":"Recambios EcoGas","article_publisher":"https:\/\/www.facebook.com\/profile.php?id=100062419705358","og_image":[{"width":600,"height":600,"url":"https:\/\/recambiosecogas.com\/wp-content\/uploads\/2026\/03\/9793.jpg","type":"image\/jpeg"}],"twitter_card":"summary_large_image","twitter_misc":{"pre\u00e7o":"13,95&nbsp;&euro; (IVA incl.: 16,88&nbsp;&euro;)","Disponibilidade":"Esgotado"},"schema":{"@context":"https:\/\/schema.org","@graph":[{"@type":"WebPage","@id":"https:\/\/recambiosecogas.com\/pt-pt\/produto\/limpiador-completo-del-sistema-de-alimentacion-de-glp\/","url":"https:\/\/recambiosecogas.com\/pt-pt\/produto\/limpiador-completo-del-sistema-de-alimentacion-de-glp\/","name":"Limpiador Completo del Sistema de Alimentaci\u00f3n de GLP | Recambios Ecogas","isPartOf":{"@id":"https:\/\/recambiosecogas.com\/pt-pt\/#website"},"primaryImageOfPage":{"@id":"https:\/\/recambiosecogas.com\/pt-pt\/produto\/limpiador-completo-del-sistema-de-alimentacion-de-glp\/#primaryimage"},"image":{"@id":"https:\/\/recambiosecogas.com\/pt-pt\/produto\/limpiador-completo-del-sistema-de-alimentacion-de-glp\/#primaryimage"},"thumbnailUrl":"https:\/\/recambiosecogas.com\/wp-content\/uploads\/2026\/03\/9793.jpg","datePublished":"2026-03-18T10:21:18+00:00","description":"Limpiador completo para sistemas de Autogas, elimina contaminantes y mejora el rendimiento del sistema de alimentaci\u00f3n de gas GLP.","breadcrumb":{"@id":"https:\/\/recambiosecogas.com\/pt-pt\/produto\/limpiador-completo-del-sistema-de-alimentacion-de-glp\/#breadcrumb"},"inLanguage":"pt-PT","potentialAction":[{"@type":"ReadAction","target":["https:\/\/recambiosecogas.com\/pt-pt\/produto\/limpiador-completo-del-sistema-de-alimentacion-de-glp\/"]}]},{"@type":"ImageObject","inLanguage":"pt-PT","@id":"https:\/\/recambiosecogas.com\/pt-pt\/produto\/limpiador-completo-del-sistema-de-alimentacion-de-glp\/#primaryimage","url":"https:\/\/recambiosecogas.com\/wp-content\/uploads\/2026\/03\/9793.jpg","contentUrl":"https:\/\/recambiosecogas.com\/wp-content\/uploads\/2026\/03\/9793.jpg","width":600,"height":600},{"@type":"BreadcrumbList","@id":"https:\/\/recambiosecogas.com\/pt-pt\/produto\/limpiador-completo-del-sistema-de-alimentacion-de-glp\/#breadcrumb","itemListElement":[{"@type":"ListItem","position":1,"name":"P\u00e1gina inicial","item":"https:\/\/recambiosecogas.com\/pt-pt\/"},{"@type":"ListItem","position":2,"name":"Loja","item":"https:\/\/recambiosecogas.com\/pt-pt\/tienda\/"},{"@type":"ListItem","position":3,"name":"LIMPIADOR COMPLETO DEL SISTEMA DE ALIMENTACI\u00d3N DE GLP"}]},{"@type":"WebSite","@id":"https:\/\/recambiosecogas.com\/pt-pt\/#website","url":"https:\/\/recambiosecogas.com\/pt-pt\/","name":"Recambios EcoGas","description":"Pe\u00e7as multimarca para sistemas de GPL\/GNC\/GNL\/Hidrog\u00e9nio","publisher":{"@id":"https:\/\/recambiosecogas.com\/pt-pt\/#organization"},"alternateName":"Recambios Autogas GLP","potentialAction":[{"@type":"SearchAction","target":{"@type":"EntryPoint","urlTemplate":"https:\/\/recambiosecogas.com\/pt-pt\/?s={search_term_string}"},"query-input":{"@type":"PropertyValueSpecification","valueRequired":true,"valueName":"search_term_string"}}],"inLanguage":"pt-PT"},{"@type":["Organization","Place"],"@id":"https:\/\/recambiosecogas.com\/pt-pt\/#organization","name":"Recambios EcoGas","alternateName":"Loja de GPL Autog\u00e1s Espanha","url":"https:\/\/recambiosecogas.com\/pt-pt\/","logo":{"@id":"https:\/\/recambiosecogas.com\/pt-pt\/produto\/limpiador-completo-del-sistema-de-alimentacion-de-glp\/#local-main-organization-logo"},"image":{"@id":"https:\/\/recambiosecogas.com\/pt-pt\/produto\/limpiador-completo-del-sistema-de-alimentacion-de-glp\/#local-main-organization-logo"},"sameAs":["https:\/\/www.facebook.com\/profile.php?id=100062419705358","https:\/\/www.instagram.com\/segimon_automocio"],"description":"Recambios EcoGas \u2013 Venta y distribuci\u00f3n de sistemas GLP y GNC en Espa\u00f1a y Portugal. Env\u00edos 24 h, soporte t\u00e9cnico a talleres y distribuidores.","hasMerchantReturnPolicy":{"@type":"MerchantReturnPolicy","merchantReturnLink":"https:\/\/recambiosecogas.com\/politicas-privacidad\/"},"address":{"@id":"https:\/\/recambiosecogas.com\/pt-pt\/produto\/limpiador-completo-del-sistema-de-alimentacion-de-glp\/#local-main-place-address"},"telephone":["616250633"],"contactPoint":{"@type":"ContactPoint","email":"export@recambiosecogas.com"},"openingHoursSpecification":[{"@type":"OpeningHoursSpecification","dayOfWeek":["Monday","Tuesday","Wednesday","Thursday","Friday","Saturday","Sunday"],"opens":"09:00","closes":"17:00"}],"email":"info@recambiosecogas.com","faxNumber":"SEGIMON AUTOMOCION SL","vatID":"ESB19819861","globalLocationNumber":"938 616 339"},{"@type":"PostalAddress","@id":"https:\/\/recambiosecogas.com\/pt-pt\/produto\/limpiador-completo-del-sistema-de-alimentacion-de-glp\/#local-main-place-address","streetAddress":"cami antic de vic, 29 (Nave 3), Pol\u00edgono Industrial Congost","addressLocality":"CORRO D`AVALL","postalCode":"08520","addressRegion":"Barcelona","addressCountry":"ES"},{"@type":"ImageObject","inLanguage":"pt-PT","@id":"https:\/\/recambiosecogas.com\/pt-pt\/produto\/limpiador-completo-del-sistema-de-alimentacion-de-glp\/#local-main-organization-logo","url":"https:\/\/recambiosecogas.com\/wp-content\/uploads\/2024\/11\/cropped-RECAMBIOS-GLP-png.webp","contentUrl":"https:\/\/recambiosecogas.com\/wp-content\/uploads\/2024\/11\/cropped-RECAMBIOS-GLP-png.webp","width":512,"height":512,"caption":"Recambios EcoGas"}]},"product_price_amount":"13.95","product_price_currency":"EUR","og_availability":"out of stock","product_availability":"out of stock","product_retailer_item_id":"9793","product_condition":"new","geo.placename":"CORRO D`AVALL","geo.region":"Espanha"},"uagb_featured_image_src":{"full":["https:\/\/recambiosecogas.com\/wp-content\/uploads\/2026\/03\/9793.jpg",600,600,false],"thumbnail":["https:\/\/recambiosecogas.com\/wp-content\/uploads\/2026\/03\/9793-150x150.jpg",150,150,true],"medium":["https:\/\/recambiosecogas.com\/wp-content\/uploads\/2026\/03\/9793-300x300.jpg",300,300,true],"medium_large":["https:\/\/recambiosecogas.com\/wp-content\/uploads\/2026\/03\/9793.jpg",600,600,false],"large":["https:\/\/recambiosecogas.com\/wp-content\/uploads\/2026\/03\/9793.jpg",600,600,false],"1536x1536":["https:\/\/recambiosecogas.com\/wp-content\/uploads\/2026\/03\/9793.jpg",600,600,false],"2048x2048":["https:\/\/recambiosecogas.com\/wp-content\/uploads\/2026\/03\/9793.jpg",600,600,false],"woocommerce_archive_thumbnail":["https:\/\/recambiosecogas.com\/wp-content\/uploads\/2026\/03\/9793.jpg",600,600,false],"woocommerce_thumbnail":["https:\/\/recambiosecogas.com\/wp-content\/uploads\/2026\/03\/9793-300x300.jpg",300,300,true],"woocommerce_single":["https:\/\/recambiosecogas.com\/wp-content\/uploads\/2026\/03\/9793.jpg",600,600,false],"woocommerce_gallery_thumbnail":["https:\/\/recambiosecogas.com\/wp-content\/uploads\/2026\/03\/9793.jpg",600,600,false],"dgwt-wcas-product-suggestion":["https:\/\/recambiosecogas.com\/wp-content\/uploads\/2026\/03\/9793-64x64.jpg",64,64,true]},"uagb_author_info":{"display_name":"Gertjan Recambios EcoGas","author_link":"https:\/\/recambiosecogas.com\/pt-pt\/author\/"},"uagb_comment_info":0,"uagb_excerpt":"Aditivo especialmente formulado para introducirse directamente en el dep\u00f3sito de GLP. Elimina la humedad, las lacas, los dep\u00f3sitos sulfurosos, el amon\u00edaco y los contaminantes del dep\u00f3sito y del reductor de presi\u00f3n, manteni\u00e9ndolos limpios a lo largo del tiempo. Limpia y lubrica los inyectores o las electrov\u00e1lvulas del sistema de alimentaci\u00f3n de gas GLP, en fase&hellip;","_links":{"self":[{"href":"https:\/\/recambiosecogas.com\/pt-pt\/wp-json\/wp\/v2\/product\/45035","targetHints":{"allow":["GET"]}}],"collection":[{"href":"https:\/\/recambiosecogas.com\/pt-pt\/wp-json\/wp\/v2\/product"}],"about":[{"href":"https:\/\/recambiosecogas.com\/pt-pt\/wp-json\/wp\/v2\/types\/product"}],"replies":[{"embeddable":true,"href":"https:\/\/recambiosecogas.com\/pt-pt\/wp-json\/wp\/v2\/comments?post=45035"}],"wp:featuredmedia":[{"embeddable":true,"href":"https:\/\/recambiosecogas.com\/pt-pt\/wp-json\/wp\/v2\/media\/45036"}],"wp:attachment":[{"href":"https:\/\/recambiosecogas.com\/pt-pt\/wp-json\/wp\/v2\/media?parent=45035"}],"wp:term":[{"taxonomy":"product_brand","embeddable":true,"href":"https:\/\/recambiosecogas.com\/pt-pt\/wp-json\/wp\/v2\/product_brand?post=45035"},{"taxonomy":"product_cat","embeddable":true,"href":"https:\/\/recambiosecogas.com\/pt-pt\/wp-json\/wp\/v2\/product_cat?post=45035"},{"taxonomy":"product_tag","embeddable":true,"href":"https:\/\/recambiosecogas.com\/pt-pt\/wp-json\/wp\/v2\/product_tag?post=45035"}],"curies":[{"name":"wp","href":"https:\/\/api.w.org\/{rel}","templated":true}]}}