{"id":42440,"date":"2025-10-23T11:48:01","date_gmt":"2025-10-23T10:48:01","guid":{"rendered":"https:\/\/recambiosecogas.com\/producto\/eg-basico-24-4\/"},"modified":"2026-03-23T10:25:54","modified_gmt":"2026-03-23T09:25:54","slug":"centralita-glp-eg-basic-24-4","status":"publish","type":"product","link":"https:\/\/recambiosecogas.com\/pt-pt\/produto\/centralita-glp-eg-basic-24-4\/","title":{"rendered":"Centralita GLP EG BASIC 24.4 | Europegas"},"content":{"rendered":"<h1 data-start=\"187\" data-end=\"217\">Centralita GLP EG BASIC 24.4<\/h1>\n<p data-start=\"219\" data-end=\"605\">La <strong data-start=\"222\" data-end=\"254\">centralita GLP EG BASIC 24.4<\/strong> es el controlador m\u00e1s compacto de la familia de sistemas de inyecci\u00f3n secuencial de <strong data-start=\"339\" data-end=\"357\">Europegas (EG)<\/strong>. Est\u00e1 dise\u00f1ada para ofrecer una conversi\u00f3n a GLP sencilla, estable y de bajo mantenimiento, combinando algoritmos avanzados de control de inyecci\u00f3n con un proceso de configuraci\u00f3n simplificado que reduce tiempos de instalaci\u00f3n y costes operativos.<\/p>\n<p data-start=\"607\" data-end=\"766\">Este modelo est\u00e1 orientado a instalaciones pr\u00e1cticas y eficientes, garantizando un funcionamiento fiable del sistema de gas sin necesidad de ajustes complejos.<\/p>\n<h2 data-start=\"768\" data-end=\"806\">Control de inyecci\u00f3n secuencial GLP<\/h2>\n<p data-start=\"807\" data-end=\"1117\">La EG BASIC 24.4 gestiona la inyecci\u00f3n secuencial de gas asegurando una dosificaci\u00f3n correcta en todo momento. La funci\u00f3n de <strong data-start=\"932\" data-end=\"950\">autoadaptaci\u00f3n<\/strong> verifica constantemente que el motor reciba la cantidad \u00f3ptima de gas seg\u00fan las condiciones de funcionamiento, manteniendo la estabilidad y la eficiencia del sistema.<\/p>\n<h2 data-start=\"1119\" data-end=\"1146\">Instalaci\u00f3n simplificada<\/h2>\n<p data-start=\"1147\" data-end=\"1269\">Uno de los principales puntos fuertes de la EG BASIC 24.4 es su proceso de montaje simplificado. No es necesario conectar:<\/p>\n<ul data-start=\"1270\" data-end=\"1335\">\n<li data-start=\"1270\" data-end=\"1295\">\n<p data-start=\"1272\" data-end=\"1295\">El cable de encendido<\/p>\n<\/li>\n<li data-start=\"1296\" data-end=\"1335\">\n<p data-start=\"1298\" data-end=\"1335\">El cable de r\u00e9gimen del motor (RPM)<\/p>\n<\/li>\n<\/ul>\n<p data-start=\"1337\" data-end=\"1440\">Esto reduce significativamente el tiempo de instalaci\u00f3n y minimiza posibles errores durante el montaje.<\/p>\n<h2 data-start=\"1442\" data-end=\"1476\">Comunicaci\u00f3n y software EG MOVI<\/h2>\n<p data-start=\"1477\" data-end=\"1661\">La centralita permite comunicaci\u00f3n inal\u00e1mbrica mediante <strong data-start=\"1533\" data-end=\"1553\">Bluetooth o WiFi<\/strong> utilizando la aplicaci\u00f3n <strong data-start=\"1579\" data-end=\"1590\">EG MOVI<\/strong>, facilitando la configuraci\u00f3n, el ajuste y el diagn\u00f3stico del sistema.<\/p>\n<p data-start=\"1663\" data-end=\"1815\">De forma opcional, es posible la <strong data-start=\"1696\" data-end=\"1716\">comunicaci\u00f3n OBD<\/strong> a trav\u00e9s de una interfaz externa <strong data-start=\"1750\" data-end=\"1760\">ELM327<\/strong>, ampliando las capacidades de supervisi\u00f3n del sistema.<\/p>\n<p data-start=\"1817\" data-end=\"1952\">El sistema es <strong data-start=\"1831\" data-end=\"1851\">EG CONECTO READY<\/strong>, admite <strong data-start=\"1860\" data-end=\"1903\">actualizaciones autom\u00e1ticas de software<\/strong> y recordatorios de inspecci\u00f3n de la instalaci\u00f3n.<\/p>\n<h2 data-start=\"1954\" data-end=\"1977\">Funciones integradas<\/h2>\n<p data-start=\"1978\" data-end=\"2071\">La EG BASIC 24.4 incorpora funciones pensadas para facilitar la calibraci\u00f3n y el diagn\u00f3stico:<\/p>\n<ul data-start=\"2072\" data-end=\"2310\">\n<li data-start=\"2072\" data-end=\"2135\">\n<p data-start=\"2074\" data-end=\"2135\">Sintonizaci\u00f3n autom\u00e1tica mediante bot\u00f3n sin necesidad de PC<\/p>\n<\/li>\n<li data-start=\"2136\" data-end=\"2172\">\n<p data-start=\"2138\" data-end=\"2172\">Autoadaptaci\u00f3n del multiplicador<\/p>\n<\/li>\n<li data-start=\"2173\" data-end=\"2201\">\n<p data-start=\"2175\" data-end=\"2201\">Asistente de calibraci\u00f3n<\/p>\n<\/li>\n<li data-start=\"2202\" data-end=\"2253\">\n<p data-start=\"2204\" data-end=\"2253\">Indicaci\u00f3n audible de errores de funcionamiento<\/p>\n<\/li>\n<li data-start=\"2254\" data-end=\"2310\">\n<p data-start=\"2256\" data-end=\"2310\">Modo de diagrama activo para calibraci\u00f3n interactiva<\/p>\n<\/li>\n<\/ul>\n<h2 data-start=\"2312\" data-end=\"2329\">Compatibilidad<\/h2>\n<ul data-start=\"2330\" data-end=\"2476\">\n<li data-start=\"2330\" data-end=\"2346\">\n<p data-start=\"2332\" data-end=\"2346\">Sistemas GLP<\/p>\n<\/li>\n<li data-start=\"2347\" data-end=\"2378\">\n<p data-start=\"2349\" data-end=\"2378\">Inyecci\u00f3n secuencial de gas<\/p>\n<\/li>\n<li data-start=\"2379\" data-end=\"2412\">\n<p data-start=\"2381\" data-end=\"2412\">Comunicaci\u00f3n Bluetooth \/ WiFi<\/p>\n<\/li>\n<li data-start=\"2413\" data-end=\"2449\">\n<p data-start=\"2415\" data-end=\"2449\">Comunicaci\u00f3n OBD mediante ELM327<\/p>\n<\/li>\n<li data-start=\"2450\" data-end=\"2461\">\n<p data-start=\"2452\" data-end=\"2461\">EG MOVI<\/p>\n<\/li>\n<li data-start=\"2462\" data-end=\"2476\">\n<p data-start=\"2464\" data-end=\"2476\">EG CONECTO<\/p>\n<\/li>\n<\/ul>\n<h2 data-start=\"2478\" data-end=\"2506\">Especificaciones t\u00e9cnicas<\/h2>\n<div class=\"TyagGW_tableContainer\">\n<div class=\"group TyagGW_tableWrapper flex w-fit flex-col-reverse\" tabindex=\"-1\">\n<table class=\"w-fit min-w-(--thread-content-width)\" data-start=\"2508\" data-end=\"2985\">\n<thead data-start=\"2508\" data-end=\"2536\">\n<tr data-start=\"2508\" data-end=\"2536\">\n<th data-start=\"2508\" data-end=\"2525\" data-col-size=\"sm\">Caracter\u00edstica<\/th>\n<th data-start=\"2525\" data-end=\"2536\" data-col-size=\"md\">Detalle<\/th>\n<\/tr>\n<\/thead>\n<tbody data-start=\"2564\" data-end=\"2985\">\n<tr data-start=\"2564\" data-end=\"2593\">\n<td data-start=\"2564\" data-end=\"2575\" data-col-size=\"sm\">Producto<\/td>\n<td data-start=\"2575\" data-end=\"2593\" data-col-size=\"md\">Centralita GLP<\/td>\n<\/tr>\n<tr data-start=\"2594\" data-end=\"2620\">\n<td data-start=\"2594\" data-end=\"2602\" data-col-size=\"sm\">Marca<\/td>\n<td data-start=\"2602\" data-end=\"2620\" data-col-size=\"md\">Europegas (EG)<\/td>\n<\/tr>\n<tr data-start=\"2621\" data-end=\"2647\">\n<td data-start=\"2621\" data-end=\"2630\" data-col-size=\"sm\">Modelo<\/td>\n<td data-start=\"2630\" data-end=\"2647\" data-col-size=\"md\">EG BASIC 24.4<\/td>\n<\/tr>\n<tr data-start=\"2648\" data-end=\"2669\">\n<td data-start=\"2648\" data-end=\"2662\" data-col-size=\"sm\">Combustible<\/td>\n<td data-start=\"2662\" data-end=\"2669\" data-col-size=\"md\">GLP<\/td>\n<\/tr>\n<tr data-start=\"2670\" data-end=\"2694\">\n<td data-start=\"2670\" data-end=\"2689\" data-col-size=\"sm\">N\u00ba sondas LAMBDA<\/td>\n<td data-start=\"2689\" data-end=\"2694\" data-col-size=\"md\">0<\/td>\n<\/tr>\n<tr data-start=\"2695\" data-end=\"2730\">\n<td data-start=\"2695\" data-end=\"2710\" data-col-size=\"sm\">Conectividad<\/td>\n<td data-col-size=\"md\" data-start=\"2710\" data-end=\"2730\">Bluetooth \/ WiFi<\/td>\n<\/tr>\n<tr data-start=\"2731\" data-end=\"2769\">\n<td data-start=\"2731\" data-end=\"2750\" data-col-size=\"sm\">Comunicaci\u00f3n OBD<\/td>\n<td data-start=\"2750\" data-end=\"2769\" data-col-size=\"md\">Mediante ELM327<\/td>\n<\/tr>\n<tr data-start=\"2770\" data-end=\"2793\">\n<td data-start=\"2770\" data-end=\"2780\" data-col-size=\"sm\">Carcasa<\/td>\n<td data-start=\"2780\" data-end=\"2793\" data-col-size=\"md\">Compuesta<\/td>\n<\/tr>\n<tr data-start=\"2794\" data-end=\"2815\">\n<td data-start=\"2794\" data-end=\"2805\" data-col-size=\"sm\">Conector<\/td>\n<td data-col-size=\"md\" data-start=\"2805\" data-end=\"2815\">24 PIN<\/td>\n<\/tr>\n<tr data-start=\"2816\" data-end=\"2850\">\n<td data-start=\"2816\" data-end=\"2830\" data-col-size=\"sm\">Dimensiones<\/td>\n<td data-start=\"2830\" data-end=\"2850\" data-col-size=\"md\">110 \u00d7 91 \u00d7 32 mm<\/td>\n<\/tr>\n<tr data-start=\"2851\" data-end=\"2893\">\n<td data-start=\"2851\" data-end=\"2878\" data-col-size=\"sm\">Actualizaciones software<\/td>\n<td data-start=\"2878\" data-end=\"2893\" data-col-size=\"md\">Autom\u00e1ticas<\/td>\n<\/tr>\n<tr data-start=\"2894\" data-end=\"2916\">\n<td data-start=\"2894\" data-end=\"2907\" data-col-size=\"sm\">EG CONECTO<\/td>\n<td data-start=\"2907\" data-end=\"2916\" data-col-size=\"md\">Ready<\/td>\n<\/tr>\n<tr data-start=\"2917\" data-end=\"2985\">\n<td data-start=\"2917\" data-end=\"2932\" data-col-size=\"sm\">Homologaci\u00f3n<\/td>\n<td data-start=\"2932\" data-end=\"2985\" data-col-size=\"md\">E8 67R-01 4709 \/ E8 110R-00 4710 \/ E8 10R-03 6704<\/td>\n<\/tr>\n<\/tbody>\n<\/table>\n<\/div>\n<\/div>\n","protected":false},"excerpt":{"rendered":"<p data-start=\"3158\" data-end=\"3357\">Centralita GLP EG BASIC 24.4 <strong data-start=\"3211\" data-end=\"3229\">Europegas (EG)<\/strong>. Controlador compacto con instalaci\u00f3n simplificada, autoadaptaci\u00f3n autom\u00e1tica y conectividad Bluetooth y WiFi mediante EG MOVI.<\/p>\n","protected":false},"featured_media":43756,"comment_status":"open","ping_status":"closed","template":"","meta":{"googlesitekit_rrm_CAowud7EDA:productID":"","_uag_custom_page_level_css":""},"product_brand":[],"product_cat":[2067],"product_tag":[1103],"class_list":{"0":"post-42440","1":"product","2":"type-product","3":"status-publish","4":"has-post-thumbnail","6":"product_cat-centralitas-europegas","7":"product_tag-4-cilindros-pt-pt","9":"first","10":"onbackorder","11":"taxable","12":"shipping-taxable","13":"purchasable","14":"product-type-simple"},"ct_brands":[],"yoast_head":"<!-- This site is optimized with the Yoast SEO Premium plugin v27.2 (Yoast SEO v27.2) - https:\/\/yoast.com\/product\/yoast-seo-premium-wordpress\/ -->\n<title>Centralita GLP EG BASIC 24.4 | Europegas | Recambios EcoGas<\/title>\n<meta name=\"description\" content=\"Centralita GLP EG BASIC 24.4 de Europegas. Controlador compacto con instalaci\u00f3n simplificada, autoadaptaci\u00f3n autom\u00e1tica y conectividad Bluetooth y WiFi.\" \/>\n<meta name=\"robots\" content=\"index, follow, max-snippet:-1, max-image-preview:large, max-video-preview:-1\" \/>\n<link rel=\"canonical\" href=\"https:\/\/recambiosecogas.com\/pt-pt\/produto\/centralita-glp-eg-basic-24-4\/\" \/>\n<meta property=\"og:locale\" content=\"pt_PT\" \/>\n<meta property=\"og:type\" content=\"article\" \/>\n<meta property=\"og:title\" content=\"Centralita GLP EG BASIC 24.4 | Europegas\" \/>\n<meta property=\"og:description\" content=\"Centralita GLP EG BASIC 24.4 de Europegas. Controlador compacto con instalaci\u00f3n simplificada, autoadaptaci\u00f3n autom\u00e1tica y conectividad Bluetooth y WiFi.\" \/>\n<meta property=\"og:url\" content=\"https:\/\/recambiosecogas.com\/pt-pt\/produto\/centralita-glp-eg-basic-24-4\/\" \/>\n<meta property=\"og:site_name\" content=\"Recambios EcoGas\" \/>\n<meta property=\"article:publisher\" content=\"https:\/\/www.facebook.com\/profile.php?id=100062419705358\" \/>\n<meta property=\"article:modified_time\" content=\"2026-03-23T09:25:54+00:00\" \/>\n<meta property=\"og:image\" content=\"https:\/\/recambiosecogas.com\/wp-content\/uploads\/2025\/10\/eg-basico24.webp\" \/>\n\t<meta property=\"og:image:width\" content=\"1000\" \/>\n\t<meta property=\"og:image:height\" content=\"1000\" \/>\n\t<meta property=\"og:image:type\" content=\"image\/png\" \/>\n<meta name=\"twitter:card\" content=\"summary_large_image\" \/>\n<meta name=\"twitter:label1\" content=\"pre\u00e7o\" \/>\n\t<meta name=\"twitter:data1\" content=\"103,53&nbsp;&euro; (IVA incl.: 125,27&nbsp;&euro;)\" \/>\n\t<meta name=\"twitter:label2\" content=\"Disponibilidade\" \/>\n\t<meta name=\"twitter:data2\" content=\"Por encomenda\" \/>\n<script type=\"application\/ld+json\" class=\"yoast-schema-graph\">{\"@context\":\"https:\/\/schema.org\",\"@graph\":[{\"@type\":\"WebPage\",\"@id\":\"https:\/\/recambiosecogas.com\/pt-pt\/produto\/centralita-glp-eg-basic-24-4\/\",\"url\":\"https:\/\/recambiosecogas.com\/pt-pt\/produto\/centralita-glp-eg-basic-24-4\/\",\"name\":\"Centralita GLP EG BASIC 24.4 | Europegas | Recambios EcoGas\",\"isPartOf\":{\"@id\":\"https:\/\/recambiosecogas.com\/pt-pt\/#website\"},\"primaryImageOfPage\":{\"@id\":\"https:\/\/recambiosecogas.com\/pt-pt\/produto\/centralita-glp-eg-basic-24-4\/#primaryimage\"},\"image\":{\"@id\":\"https:\/\/recambiosecogas.com\/pt-pt\/produto\/centralita-glp-eg-basic-24-4\/#primaryimage\"},\"thumbnailUrl\":\"https:\/\/recambiosecogas.com\/wp-content\/uploads\/2025\/10\/eg-basico24.webp\",\"datePublished\":\"2025-10-23T10:48:01+00:00\",\"dateModified\":\"2026-03-23T09:25:54+00:00\",\"description\":\"Centralita GLP EG BASIC 24.4 de Europegas. Controlador compacto con instalaci\u00f3n simplificada, autoadaptaci\u00f3n autom\u00e1tica y conectividad Bluetooth y WiFi.\",\"breadcrumb\":{\"@id\":\"https:\/\/recambiosecogas.com\/pt-pt\/produto\/centralita-glp-eg-basic-24-4\/#breadcrumb\"},\"inLanguage\":\"pt-PT\",\"potentialAction\":[{\"@type\":\"ReadAction\",\"target\":[\"https:\/\/recambiosecogas.com\/pt-pt\/produto\/centralita-glp-eg-basic-24-4\/\"]}]},{\"@type\":\"ImageObject\",\"inLanguage\":\"pt-PT\",\"@id\":\"https:\/\/recambiosecogas.com\/pt-pt\/produto\/centralita-glp-eg-basic-24-4\/#primaryimage\",\"url\":\"https:\/\/recambiosecogas.com\/wp-content\/uploads\/2025\/10\/eg-basico24.webp\",\"contentUrl\":\"https:\/\/recambiosecogas.com\/wp-content\/uploads\/2025\/10\/eg-basico24.webp\",\"width\":1000,\"height\":1000},{\"@type\":\"BreadcrumbList\",\"@id\":\"https:\/\/recambiosecogas.com\/pt-pt\/produto\/centralita-glp-eg-basic-24-4\/#breadcrumb\",\"itemListElement\":[{\"@type\":\"ListItem\",\"position\":1,\"name\":\"P\u00e1gina inicial\",\"item\":\"https:\/\/recambiosecogas.com\/pt-pt\/\"},{\"@type\":\"ListItem\",\"position\":2,\"name\":\"Loja\",\"item\":\"https:\/\/recambiosecogas.com\/pt-pt\/loja\/\"},{\"@type\":\"ListItem\",\"position\":3,\"name\":\"Centralita GLP EG BASIC 24.4 | Europegas\"}]},{\"@type\":\"WebSite\",\"@id\":\"https:\/\/recambiosecogas.com\/pt-pt\/#website\",\"url\":\"https:\/\/recambiosecogas.com\/pt-pt\/\",\"name\":\"Recambios EcoGas\",\"description\":\"Pe\u00e7as multimarca para sistemas de GPL\/GNC\/GNL\/Hidrog\u00e9nio\",\"publisher\":{\"@id\":\"https:\/\/recambiosecogas.com\/pt-pt\/#organization\"},\"alternateName\":\"Recambios Autogas GLP\",\"potentialAction\":[{\"@type\":\"SearchAction\",\"target\":{\"@type\":\"EntryPoint\",\"urlTemplate\":\"https:\/\/recambiosecogas.com\/pt-pt\/?s={search_term_string}\"},\"query-input\":{\"@type\":\"PropertyValueSpecification\",\"valueRequired\":true,\"valueName\":\"search_term_string\"}}],\"inLanguage\":\"pt-PT\"},{\"@type\":[\"Organization\",\"Place\"],\"@id\":\"https:\/\/recambiosecogas.com\/pt-pt\/#organization\",\"name\":\"Recambios EcoGas\",\"alternateName\":\"Loja de GPL Autog\u00e1s Espanha\",\"url\":\"https:\/\/recambiosecogas.com\/pt-pt\/\",\"logo\":{\"@id\":\"https:\/\/recambiosecogas.com\/pt-pt\/produto\/centralita-glp-eg-basic-24-4\/#local-main-organization-logo\"},\"image\":{\"@id\":\"https:\/\/recambiosecogas.com\/pt-pt\/produto\/centralita-glp-eg-basic-24-4\/#local-main-organization-logo\"},\"sameAs\":[\"https:\/\/www.facebook.com\/profile.php?id=100062419705358\",\"https:\/\/www.instagram.com\/segimon_automocio\"],\"description\":\"Recambios EcoGas \u2013 Venta y distribuci\u00f3n de sistemas GLP y GNC en Espa\u00f1a y Portugal. Env\u00edos 24 h, soporte t\u00e9cnico a talleres y distribuidores.\",\"hasMerchantReturnPolicy\":{\"@type\":\"MerchantReturnPolicy\",\"merchantReturnLink\":\"https:\/\/recambiosecogas.com\/politicas-privacidad\/\"},\"address\":{\"@id\":\"https:\/\/recambiosecogas.com\/pt-pt\/produto\/centralita-glp-eg-basic-24-4\/#local-main-place-address\"},\"telephone\":[\"616250633\"],\"contactPoint\":{\"@type\":\"ContactPoint\",\"email\":\"export@recambiosecogas.com\"},\"openingHoursSpecification\":[{\"@type\":\"OpeningHoursSpecification\",\"dayOfWeek\":[\"Monday\",\"Tuesday\",\"Wednesday\",\"Thursday\",\"Friday\",\"Saturday\",\"Sunday\"],\"opens\":\"09:00\",\"closes\":\"17:00\"}],\"email\":\"info@recambiosecogas.com\",\"faxNumber\":\"SEGIMON AUTOMOCION SL\",\"vatID\":\"ESB19819861\",\"globalLocationNumber\":\"938 616 339\"},{\"@type\":\"PostalAddress\",\"@id\":\"https:\/\/recambiosecogas.com\/pt-pt\/produto\/centralita-glp-eg-basic-24-4\/#local-main-place-address\",\"streetAddress\":\"cami antic de vic, 29 (Nave 3), Pol\u00edgono Industrial Congost\",\"addressLocality\":\"CORRO D`AVALL\",\"postalCode\":\"08520\",\"addressRegion\":\"Barcelona\",\"addressCountry\":\"ES\"},{\"@type\":\"ImageObject\",\"inLanguage\":\"pt-PT\",\"@id\":\"https:\/\/recambiosecogas.com\/pt-pt\/produto\/centralita-glp-eg-basic-24-4\/#local-main-organization-logo\",\"url\":\"https:\/\/recambiosecogas.com\/wp-content\/uploads\/2024\/11\/cropped-RECAMBIOS-GLP-png.webp\",\"contentUrl\":\"https:\/\/recambiosecogas.com\/wp-content\/uploads\/2024\/11\/cropped-RECAMBIOS-GLP-png.webp\",\"width\":512,\"height\":512,\"caption\":\"Recambios EcoGas\"}]}<\/script>\n<meta property=\"product:price:amount\" content=\"103.53\" \/>\n<meta property=\"product:price:currency\" content=\"EUR\" \/>\n<meta property=\"og:availability\" content=\"backorder\" \/>\n<meta property=\"product:availability\" content=\"available for order\" \/>\n<meta property=\"product:retailer_item_id\" content=\"EG2025-20\" \/>\n<meta property=\"product:condition\" content=\"new\" \/>\n<meta name=\"geo.placename\" content=\"CORRO D`AVALL\" \/>\n<meta name=\"geo.region\" content=\"Espanha\" \/>\n<!-- \/ Yoast SEO Premium plugin. -->","yoast_head_json":{"title":"Centralita GLP EG BASIC 24.4 | Europegas | Recambios EcoGas","description":"Centralita GLP EG BASIC 24.4 de Europegas. Controlador compacto con instalaci\u00f3n simplificada, autoadaptaci\u00f3n autom\u00e1tica y conectividad Bluetooth y WiFi.","robots":{"index":"index","follow":"follow","max-snippet":"max-snippet:-1","max-image-preview":"max-image-preview:large","max-video-preview":"max-video-preview:-1"},"canonical":"https:\/\/recambiosecogas.com\/pt-pt\/produto\/centralita-glp-eg-basic-24-4\/","og_locale":"pt_PT","og_type":"article","og_title":"Centralita GLP EG BASIC 24.4 | Europegas","og_description":"Centralita GLP EG BASIC 24.4 de Europegas. Controlador compacto con instalaci\u00f3n simplificada, autoadaptaci\u00f3n autom\u00e1tica y conectividad Bluetooth y WiFi.","og_url":"https:\/\/recambiosecogas.com\/pt-pt\/produto\/centralita-glp-eg-basic-24-4\/","og_site_name":"Recambios EcoGas","article_publisher":"https:\/\/www.facebook.com\/profile.php?id=100062419705358","article_modified_time":"2026-03-23T09:25:54+00:00","og_image":[{"width":1000,"height":1000,"url":"https:\/\/recambiosecogas.com\/wp-content\/uploads\/2025\/10\/eg-basico24.webp","type":"image\/png"}],"twitter_card":"summary_large_image","twitter_misc":{"pre\u00e7o":"103,53&nbsp;&euro; (IVA incl.: 125,27&nbsp;&euro;)","Disponibilidade":"Por encomenda"},"schema":{"@context":"https:\/\/schema.org","@graph":[{"@type":"WebPage","@id":"https:\/\/recambiosecogas.com\/pt-pt\/produto\/centralita-glp-eg-basic-24-4\/","url":"https:\/\/recambiosecogas.com\/pt-pt\/produto\/centralita-glp-eg-basic-24-4\/","name":"Centralita GLP EG BASIC 24.4 | Europegas | Recambios EcoGas","isPartOf":{"@id":"https:\/\/recambiosecogas.com\/pt-pt\/#website"},"primaryImageOfPage":{"@id":"https:\/\/recambiosecogas.com\/pt-pt\/produto\/centralita-glp-eg-basic-24-4\/#primaryimage"},"image":{"@id":"https:\/\/recambiosecogas.com\/pt-pt\/produto\/centralita-glp-eg-basic-24-4\/#primaryimage"},"thumbnailUrl":"https:\/\/recambiosecogas.com\/wp-content\/uploads\/2025\/10\/eg-basico24.webp","datePublished":"2025-10-23T10:48:01+00:00","dateModified":"2026-03-23T09:25:54+00:00","description":"Centralita GLP EG BASIC 24.4 de Europegas. Controlador compacto con instalaci\u00f3n simplificada, autoadaptaci\u00f3n autom\u00e1tica y conectividad Bluetooth y WiFi.","breadcrumb":{"@id":"https:\/\/recambiosecogas.com\/pt-pt\/produto\/centralita-glp-eg-basic-24-4\/#breadcrumb"},"inLanguage":"pt-PT","potentialAction":[{"@type":"ReadAction","target":["https:\/\/recambiosecogas.com\/pt-pt\/produto\/centralita-glp-eg-basic-24-4\/"]}]},{"@type":"ImageObject","inLanguage":"pt-PT","@id":"https:\/\/recambiosecogas.com\/pt-pt\/produto\/centralita-glp-eg-basic-24-4\/#primaryimage","url":"https:\/\/recambiosecogas.com\/wp-content\/uploads\/2025\/10\/eg-basico24.webp","contentUrl":"https:\/\/recambiosecogas.com\/wp-content\/uploads\/2025\/10\/eg-basico24.webp","width":1000,"height":1000},{"@type":"BreadcrumbList","@id":"https:\/\/recambiosecogas.com\/pt-pt\/produto\/centralita-glp-eg-basic-24-4\/#breadcrumb","itemListElement":[{"@type":"ListItem","position":1,"name":"P\u00e1gina inicial","item":"https:\/\/recambiosecogas.com\/pt-pt\/"},{"@type":"ListItem","position":2,"name":"Loja","item":"https:\/\/recambiosecogas.com\/pt-pt\/loja\/"},{"@type":"ListItem","position":3,"name":"Centralita GLP EG BASIC 24.4 | Europegas"}]},{"@type":"WebSite","@id":"https:\/\/recambiosecogas.com\/pt-pt\/#website","url":"https:\/\/recambiosecogas.com\/pt-pt\/","name":"Recambios EcoGas","description":"Pe\u00e7as multimarca para sistemas de GPL\/GNC\/GNL\/Hidrog\u00e9nio","publisher":{"@id":"https:\/\/recambiosecogas.com\/pt-pt\/#organization"},"alternateName":"Recambios Autogas GLP","potentialAction":[{"@type":"SearchAction","target":{"@type":"EntryPoint","urlTemplate":"https:\/\/recambiosecogas.com\/pt-pt\/?s={search_term_string}"},"query-input":{"@type":"PropertyValueSpecification","valueRequired":true,"valueName":"search_term_string"}}],"inLanguage":"pt-PT"},{"@type":["Organization","Place"],"@id":"https:\/\/recambiosecogas.com\/pt-pt\/#organization","name":"Recambios EcoGas","alternateName":"Loja de GPL Autog\u00e1s Espanha","url":"https:\/\/recambiosecogas.com\/pt-pt\/","logo":{"@id":"https:\/\/recambiosecogas.com\/pt-pt\/produto\/centralita-glp-eg-basic-24-4\/#local-main-organization-logo"},"image":{"@id":"https:\/\/recambiosecogas.com\/pt-pt\/produto\/centralita-glp-eg-basic-24-4\/#local-main-organization-logo"},"sameAs":["https:\/\/www.facebook.com\/profile.php?id=100062419705358","https:\/\/www.instagram.com\/segimon_automocio"],"description":"Recambios EcoGas \u2013 Venta y distribuci\u00f3n de sistemas GLP y GNC en Espa\u00f1a y Portugal. Env\u00edos 24 h, soporte t\u00e9cnico a talleres y distribuidores.","hasMerchantReturnPolicy":{"@type":"MerchantReturnPolicy","merchantReturnLink":"https:\/\/recambiosecogas.com\/politicas-privacidad\/"},"address":{"@id":"https:\/\/recambiosecogas.com\/pt-pt\/produto\/centralita-glp-eg-basic-24-4\/#local-main-place-address"},"telephone":["616250633"],"contactPoint":{"@type":"ContactPoint","email":"export@recambiosecogas.com"},"openingHoursSpecification":[{"@type":"OpeningHoursSpecification","dayOfWeek":["Monday","Tuesday","Wednesday","Thursday","Friday","Saturday","Sunday"],"opens":"09:00","closes":"17:00"}],"email":"info@recambiosecogas.com","faxNumber":"SEGIMON AUTOMOCION SL","vatID":"ESB19819861","globalLocationNumber":"938 616 339"},{"@type":"PostalAddress","@id":"https:\/\/recambiosecogas.com\/pt-pt\/produto\/centralita-glp-eg-basic-24-4\/#local-main-place-address","streetAddress":"cami antic de vic, 29 (Nave 3), Pol\u00edgono Industrial Congost","addressLocality":"CORRO D`AVALL","postalCode":"08520","addressRegion":"Barcelona","addressCountry":"ES"},{"@type":"ImageObject","inLanguage":"pt-PT","@id":"https:\/\/recambiosecogas.com\/pt-pt\/produto\/centralita-glp-eg-basic-24-4\/#local-main-organization-logo","url":"https:\/\/recambiosecogas.com\/wp-content\/uploads\/2024\/11\/cropped-RECAMBIOS-GLP-png.webp","contentUrl":"https:\/\/recambiosecogas.com\/wp-content\/uploads\/2024\/11\/cropped-RECAMBIOS-GLP-png.webp","width":512,"height":512,"caption":"Recambios EcoGas"}]},"product_price_amount":"103.53","product_price_currency":"EUR","og_availability":"backorder","product_availability":"available for order","product_retailer_item_id":"EG2025-20","product_condition":"new","geo.placename":"CORRO D`AVALL","geo.region":"Espanha"},"uagb_featured_image_src":{"full":["https:\/\/recambiosecogas.com\/wp-content\/uploads\/2025\/10\/eg-basico24.webp",1000,1000,false],"thumbnail":["https:\/\/recambiosecogas.com\/wp-content\/uploads\/2025\/10\/eg-basico24-150x150.webp",150,150,true],"medium":["https:\/\/recambiosecogas.com\/wp-content\/uploads\/2025\/10\/eg-basico24-300x300.webp",300,300,true],"medium_large":["https:\/\/recambiosecogas.com\/wp-content\/uploads\/2025\/10\/eg-basico24-768x768.webp",768,768,true],"large":["https:\/\/recambiosecogas.com\/wp-content\/uploads\/2025\/10\/eg-basico24.webp",1000,1000,false],"1536x1536":["https:\/\/recambiosecogas.com\/wp-content\/uploads\/2025\/10\/eg-basico24.webp",1000,1000,false],"2048x2048":["https:\/\/recambiosecogas.com\/wp-content\/uploads\/2025\/10\/eg-basico24.webp",1000,1000,false],"woocommerce_archive_thumbnail":["https:\/\/recambiosecogas.com\/wp-content\/uploads\/2025\/10\/eg-basico24.webp",1000,1000,false],"woocommerce_thumbnail":["https:\/\/recambiosecogas.com\/wp-content\/uploads\/2025\/10\/eg-basico24-300x300.webp",300,300,true],"woocommerce_single":["https:\/\/recambiosecogas.com\/wp-content\/uploads\/2025\/10\/eg-basico24.webp",1000,1000,false],"woocommerce_gallery_thumbnail":["https:\/\/recambiosecogas.com\/wp-content\/uploads\/2025\/10\/eg-basico24.webp",1000,1000,false],"dgwt-wcas-product-suggestion":["https:\/\/recambiosecogas.com\/wp-content\/uploads\/2025\/10\/eg-basico24-64x64.webp",64,64,true]},"uagb_author_info":{"display_name":"Fran - Soporte T\u00e9cnico","author_link":"https:\/\/recambiosecogas.com\/pt-pt\/author\/"},"uagb_comment_info":0,"uagb_excerpt":"Centralita GLP EG BASIC 24.4 Europegas (EG). Controlador compacto con instalaci\u00f3n simplificada, autoadaptaci\u00f3n autom\u00e1tica y conectividad Bluetooth y WiFi mediante EG MOVI.","_links":{"self":[{"href":"https:\/\/recambiosecogas.com\/pt-pt\/wp-json\/wp\/v2\/product\/42440","targetHints":{"allow":["GET"]}}],"collection":[{"href":"https:\/\/recambiosecogas.com\/pt-pt\/wp-json\/wp\/v2\/product"}],"about":[{"href":"https:\/\/recambiosecogas.com\/pt-pt\/wp-json\/wp\/v2\/types\/product"}],"replies":[{"embeddable":true,"href":"https:\/\/recambiosecogas.com\/pt-pt\/wp-json\/wp\/v2\/comments?post=42440"}],"wp:featuredmedia":[{"embeddable":true,"href":"https:\/\/recambiosecogas.com\/pt-pt\/wp-json\/wp\/v2\/media\/43756"}],"wp:attachment":[{"href":"https:\/\/recambiosecogas.com\/pt-pt\/wp-json\/wp\/v2\/media?parent=42440"}],"wp:term":[{"taxonomy":"product_brand","embeddable":true,"href":"https:\/\/recambiosecogas.com\/pt-pt\/wp-json\/wp\/v2\/product_brand?post=42440"},{"taxonomy":"product_cat","embeddable":true,"href":"https:\/\/recambiosecogas.com\/pt-pt\/wp-json\/wp\/v2\/product_cat?post=42440"},{"taxonomy":"product_tag","embeddable":true,"href":"https:\/\/recambiosecogas.com\/pt-pt\/wp-json\/wp\/v2\/product_tag?post=42440"}],"curies":[{"name":"wp","href":"https:\/\/api.w.org\/{rel}","templated":true}]}}