{"id":42422,"date":"2025-10-23T11:48:26","date_gmt":"2025-10-23T10:48:26","guid":{"rendered":"https:\/\/recambiosecogas.com\/producto\/interfaz-eg-usb-2-1\/"},"modified":"2026-03-31T11:12:44","modified_gmt":"2026-03-31T10:12:44","slug":"interfaz-eg-usb-2-1","status":"publish","type":"product","link":"https:\/\/recambiosecogas.com\/pt-pt\/produto\/interfaz-eg-usb-2-1\/","title":{"rendered":"INTERFAZ EUROPEGAS USB 2.1"},"content":{"rendered":"<h1 style=\"text-align: center;\" data-start=\"908\" data-end=\"1248\">INTERFAZ EUROPEGAS USB 2.1<\/h1>\n<p data-start=\"908\" data-end=\"1248\">INTERFAZ EUROPEGAS USB 2.1 Para profesionales que trabajan con instalaciones de GLP en autocaravanas, campers o caravanas, disponer de una interfaz de diagn\u00f3stico fiable es clave para asegurar que los sistemas electr\u00f3nicos funcionan correctamente, permiten calibraci\u00f3n, lectura de errores y ajustes finos. La interfaz EG USB 2.1 de EuropeGas pone todas las garant\u00edas.<\/p>\n<h4 data-start=\"1250\" data-end=\"1318\">Ventajas clave que puedes destacar para tu tienda CamperEcoGas:<\/h4>\n<ul data-start=\"1319\" data-end=\"2345\">\n<li data-start=\"1319\" data-end=\"1503\">\n<p data-start=\"1321\" data-end=\"1503\"><strong data-start=\"1321\" data-end=\"1345\">Compatibilidad total<\/strong>: cuenta con dos conectores de diagn\u00f3stico, lo que la hace compatible con todos los sistemas fabricados por EuropeGas.<\/p>\n<\/li>\n<li data-start=\"1504\" data-end=\"1850\">\n<p data-start=\"1506\" data-end=\"1850\"><strong data-start=\"1506\" data-end=\"1540\">Aislamiento \u00f3ptico (chip FTDI)<\/strong>: protege al interfaz frente a interferencias electromagn\u00e9ticas o picos procedentes del sistema de encendido del veh\u00edculo; esto es cr\u00edtico en entornos de veh\u00edculos de ocio, donde la instalaci\u00f3n el\u00e9ctrica puede estar sometida a vibraciones, picos o condiciones dif\u00edciles.<\/p>\n<\/li>\n<li data-start=\"1851\" data-end=\"2063\">\n<p data-start=\"1853\" data-end=\"2063\"><strong data-start=\"1853\" data-end=\"1918\">Cable de 3,5 m de longitud, resistente a flexi\u00f3n y compresi\u00f3n<\/strong>: ideal para entornos de taller o montaje de veh\u00edculos, donde se requiere distancia y robustez en el uso.<\/p>\n<\/li>\n<li data-start=\"2064\" data-end=\"2345\">\n<p data-start=\"2066\" data-end=\"2345\"><strong data-start=\"2066\" data-end=\"2095\">Conexi\u00f3n USB al ordenador<\/strong>: permite la lectura y programaci\u00f3n mediante software espec\u00edfico de EuropeGas, lo que lo convierte en una herramienta imprescindible en la instalaci\u00f3n, mantenimiento o diagn\u00f3stico de sistemas GLP de esta marca.<\/p>\n<\/li>\n<\/ul>\n<h4 data-start=\"3174\" data-end=\"3224\">Recomendaciones de uso para el cliente final:<\/h4>\n<ul data-start=\"3225\" data-end=\"4185\">\n<li data-start=\"3225\" data-end=\"3423\">\n<p data-start=\"3227\" data-end=\"3423\">Asegurarse de disponer del <strong data-start=\"3254\" data-end=\"3288\">software original de EuropeGas<\/strong> correspondiente al sistema que se va a diagnosticar (no suele venir incluido con el interfaz).<\/p>\n<\/li>\n<li data-start=\"3424\" data-end=\"3633\">\n<p data-start=\"3426\" data-end=\"3633\">Antes de conectar, verificar que la instalaci\u00f3n el\u00e9ctrica del veh\u00edculo est\u00e9 en buen estado: tensiones correctas, masa adecuada, sin cables sueltos, para evitar que el interfaz reciba tensiones incorrectas.<\/p>\n<\/li>\n<li data-start=\"3634\" data-end=\"3817\">\n<p data-start=\"3636\" data-end=\"3817\">Conectar primero el veh\u00edculo (con el sistema GLP apagado) y luego enchufar el interfaz al ordenador USB, seguir las instrucciones del software EuropeGas para lectura\/modificaci\u00f3n.<\/p>\n<\/li>\n<li data-start=\"3818\" data-end=\"3970\">\n<p data-start=\"3820\" data-end=\"3970\">Guardar el cable despu\u00e9s de su uso, evitando que quede enrollado con tensi\u00f3n permanente o en zonas de calor excesivo \u2014 esto prolongar\u00e1 su vida \u00fatil.<\/p>\n<\/li>\n<li data-start=\"3971\" data-end=\"4185\">\n<p data-start=\"3973\" data-end=\"4185\">Informar al cliente\/taller que el interfaz no es \u00fanicamente \u201cun cable\u201d sino una herramienta clave para la calibraci\u00f3n, revisi\u00f3n y diagn\u00f3stico, por lo que debe tratarse como tal (guardar, proteger, evitar golpes).<\/p>\n<\/li>\n<\/ul>\n<hr data-start=\"4187\" data-end=\"4190\" \/>\n<h3 data-start=\"4192\" data-end=\"4220\">Ficha t\u00e9cnica estimada<\/h3>\n<div class=\"_tableContainer_1rjym_1\">\n<div class=\"group _tableWrapper_1rjym_13 flex w-fit flex-col-reverse\" tabindex=\"-1\">\n<table class=\"w-fit min-w-(--thread-content-width)\" style=\"height: 192px;\" data-start=\"4221\" data-end=\"5458\">\n<thead data-start=\"4221\" data-end=\"4333\">\n<tr style=\"height: 24px;\" data-start=\"4221\" data-end=\"4333\">\n<th style=\"height: 24px; width: 264.641px;\" data-start=\"4221\" data-end=\"4270\" data-col-size=\"sm\">Par\u00e1metro<\/th>\n<th style=\"height: 24px; width: 634.406px;\" data-start=\"4270\" data-end=\"4333\" data-col-size=\"md\">Valor \/ especificaci\u00f3n<\/th>\n<\/tr>\n<\/thead>\n<tbody data-start=\"4447\" data-end=\"5458\">\n<tr style=\"height: 24px;\" data-start=\"4447\" data-end=\"4599\">\n<td style=\"height: 24px; width: 264.641px;\" data-start=\"4447\" data-end=\"4496\" data-col-size=\"sm\">Tipo de interfaz<\/td>\n<td style=\"height: 24px; width: 634.406px;\" data-start=\"4496\" data-end=\"4599\" data-col-size=\"md\">Dedicada \u2013 para sistemas EuropeGas<\/td>\n<\/tr>\n<tr style=\"height: 24px;\" data-start=\"4600\" data-end=\"4752\">\n<td style=\"height: 24px; width: 264.641px;\" data-start=\"4600\" data-end=\"4649\" data-col-size=\"sm\">N\u00famero de conectores de diagn\u00f3stico<\/td>\n<td style=\"height: 24px; width: 634.406px;\" data-start=\"4649\" data-end=\"4752\" data-col-size=\"md\">2<\/td>\n<\/tr>\n<tr style=\"height: 24px;\" data-start=\"4753\" data-end=\"4906\">\n<td style=\"height: 24px; width: 264.641px;\" data-start=\"4753\" data-end=\"4802\" data-col-size=\"sm\">Conexi\u00f3n al ordenador<\/td>\n<td style=\"height: 24px; width: 634.406px;\" data-start=\"4802\" data-end=\"4906\" data-col-size=\"md\">USB<\/td>\n<\/tr>\n<tr style=\"height: 24px;\" data-start=\"4907\" data-end=\"5061\">\n<td style=\"height: 24px; width: 264.641px;\" data-start=\"4907\" data-end=\"4957\" data-col-size=\"sm\">Aislamiento<\/td>\n<td style=\"height: 24px; width: 634.406px;\" data-start=\"4957\" data-end=\"5061\" data-col-size=\"md\">\u00d3ptico, chip FTDI, inmune a interferencias del encendido <span class=\"\" data-state=\"closed\"><span class=\"ms-1 inline-flex max-w-full items-center relative top-[-0.094rem] animate-[show_150ms_ease-in]\" data-testid=\"webpage-citation-pill\"><span class=\"relative start-0 bottom-0 flex h-full w-full items-center\"><span class=\"flex h-4 w-full items-center justify-between\"><span class=\"max-w-[15ch] grow truncate overflow-hidden text-center\">LPG &#8211; CNG\u00a0<\/span><\/span><\/span><\/span><\/span><\/td>\n<\/tr>\n<tr style=\"height: 24px;\" data-start=\"5062\" data-end=\"5216\">\n<td style=\"height: 24px; width: 264.641px;\" data-start=\"5062\" data-end=\"5111\" data-col-size=\"sm\">Longitud del cable<\/td>\n<td style=\"height: 24px; width: 634.406px;\" data-start=\"5111\" data-end=\"5216\" data-col-size=\"md\">3,5 metros dedicados, resistentes a flexi\u00f3n y compresi\u00f3n<\/td>\n<\/tr>\n<tr style=\"height: 24px;\" data-start=\"5217\" data-end=\"5345\">\n<td style=\"height: 24px; width: 264.641px;\" data-start=\"5217\" data-end=\"5266\" data-col-size=\"sm\">Uso recomendado<\/td>\n<td style=\"height: 24px; width: 634.406px;\" data-start=\"5266\" data-end=\"5345\" data-col-size=\"md\">Diagn\u00f3stico e instalaci\u00f3n de sistemas GLP de EuropeGas en veh\u00edculos de ocio<\/td>\n<\/tr>\n<tr style=\"height: 24px;\" data-start=\"5346\" data-end=\"5458\">\n<td style=\"height: 24px; width: 264.641px;\" data-start=\"5346\" data-end=\"5395\" data-col-size=\"sm\">Marca<\/td>\n<td style=\"height: 24px; width: 634.406px;\" data-start=\"5395\" data-end=\"5458\" data-col-size=\"md\">EuropeGas<\/td>\n<\/tr>\n<\/tbody>\n<\/table>\n<\/div>\n<\/div>\n<p style=\"padding-left: 40px;\" data-start=\"5460\" data-end=\"5689\"><em data-start=\"5460\" data-end=\"5689\">Nota: No se han podido localizar p\u00fablicamente datos como dimensiones f\u00edsicas exactas, peso, versi\u00f3n del chip FTDI o certificado CE concreto; se recomienda verificar con ficha t\u00e9cnica oficial del fabricante antes de publicaci\u00f3n.<\/em><\/p>\n<p>La INTERFAZ EUROPEGAS USB 2.1 es una herramienta esencial para los profesionales que trabajan con sistemas de Autogas. Permite un diagn\u00f3stico preciso y eficiente, facilitando la calibraci\u00f3n y el mantenimiento de los sistemas GLP. Su dise\u00f1o robusto y su compatibilidad con todos los sistemas EuropeGas aseguran que es una inversi\u00f3n valiosa para talleres y t\u00e9cnicos, optimizando el rendimiento y la seguridad de los veh\u00edculos que utilizan gas como combustible.<\/p>\n","protected":false},"excerpt":{"rendered":"<p>INTERFAZ EUROPEGAS USB 2.1 para diagn\u00f3sticos en sistemas GLP, ideal para talleres y mantenimiento de veh\u00edculos.<\/p>\n","protected":false},"featured_media":32489,"comment_status":"open","ping_status":"closed","template":"","meta":{"googlesitekit_rrm_CAowud7EDA:productID":"","_uag_custom_page_level_css":""},"product_brand":[],"product_cat":[2071],"product_tag":[],"class_list":{"0":"post-42422","1":"product","2":"type-product","3":"status-publish","4":"has-post-thumbnail","6":"product_cat-accesorio-eg","8":"first","9":"onbackorder","10":"taxable","11":"shipping-taxable","12":"purchasable","13":"product-type-simple"},"ct_brands":[],"yoast_head":"<!-- This site is optimized with the Yoast SEO Premium plugin v27.3 (Yoast SEO v27.3) - https:\/\/yoast.com\/product\/yoast-seo-premium-wordpress\/ -->\n<title>INTERFAZ EUROPEGAS USB 2.1 | Recambios EcoGas | Sistemas GLP y GNC<\/title>\n<meta name=\"description\" content=\"INTERFAZ EUROPEGAS USB 2.1 interfaz de diagn\u00f3stico original para sistemas GLP EuropeGas. 2 conectores, cable 3,5 m, USB. Ideal para talleres\" \/>\n<meta name=\"robots\" content=\"index, follow, max-snippet:-1, max-image-preview:large, max-video-preview:-1\" \/>\n<link rel=\"canonical\" href=\"https:\/\/recambiosecogas.com\/pt-pt\/produto\/interfaz-eg-usb-2-1\/\" \/>\n<meta property=\"og:locale\" content=\"pt_PT\" \/>\n<meta property=\"og:type\" content=\"article\" \/>\n<meta property=\"og:title\" content=\"INTERFAZ EUROPEGAS USB 2.1\" \/>\n<meta property=\"og:description\" content=\"INTERFAZ EUROPEGAS USB 2.1 interfaz de diagn\u00f3stico original para sistemas GLP EuropeGas. 2 conectores, cable 3,5 m, USB. Ideal para talleres\" \/>\n<meta property=\"og:url\" content=\"https:\/\/recambiosecogas.com\/pt-pt\/produto\/interfaz-eg-usb-2-1\/\" \/>\n<meta property=\"og:site_name\" content=\"Recambios EcoGas\" \/>\n<meta property=\"article:publisher\" content=\"https:\/\/www.facebook.com\/profile.php?id=100062419705358\" \/>\n<meta property=\"article:modified_time\" content=\"2026-03-31T10:12:44+00:00\" \/>\n<meta property=\"og:image\" content=\"https:\/\/recambiosecogas.com\/wp-content\/uploads\/2025\/01\/Europegas-EG-Interfaz-USB-2.1-png.webp\" \/>\n\t<meta property=\"og:image:width\" content=\"1000\" \/>\n\t<meta property=\"og:image:height\" content=\"1000\" \/>\n\t<meta property=\"og:image:type\" content=\"image\/png\" \/>\n<meta name=\"twitter:card\" content=\"summary_large_image\" \/>\n<meta name=\"twitter:label1\" content=\"pre\u00e7o\" \/>\n\t<meta name=\"twitter:data1\" content=\"27,20&nbsp;&euro; (IVA incl.: 32,91&nbsp;&euro;)\" \/>\n\t<meta name=\"twitter:label2\" content=\"Disponibilidade\" \/>\n\t<meta name=\"twitter:data2\" content=\"Por encomenda\" \/>\n<script type=\"application\/ld+json\" class=\"yoast-schema-graph\">{\"@context\":\"https:\\\/\\\/schema.org\",\"@graph\":[{\"@type\":\"WebPage\",\"@id\":\"https:\\\/\\\/recambiosecogas.com\\\/pt-pt\\\/produto\\\/interfaz-eg-usb-2-1\\\/\",\"url\":\"https:\\\/\\\/recambiosecogas.com\\\/pt-pt\\\/produto\\\/interfaz-eg-usb-2-1\\\/\",\"name\":\"INTERFAZ EUROPEGAS USB 2.1 | Recambios EcoGas | Sistemas GLP y GNC\",\"isPartOf\":{\"@id\":\"https:\\\/\\\/recambiosecogas.com\\\/pt-pt\\\/#website\"},\"primaryImageOfPage\":{\"@id\":\"https:\\\/\\\/recambiosecogas.com\\\/pt-pt\\\/produto\\\/interfaz-eg-usb-2-1\\\/#primaryimage\"},\"image\":{\"@id\":\"https:\\\/\\\/recambiosecogas.com\\\/pt-pt\\\/produto\\\/interfaz-eg-usb-2-1\\\/#primaryimage\"},\"thumbnailUrl\":\"https:\\\/\\\/recambiosecogas.com\\\/wp-content\\\/uploads\\\/2025\\\/01\\\/Europegas-EG-Interfaz-USB-2.1-png.webp\",\"datePublished\":\"2025-10-23T10:48:26+00:00\",\"dateModified\":\"2026-03-31T10:12:44+00:00\",\"description\":\"INTERFAZ EUROPEGAS USB 2.1 interfaz de diagn\u00f3stico original para sistemas GLP EuropeGas. 2 conectores, cable 3,5 m, USB. Ideal para talleres\",\"breadcrumb\":{\"@id\":\"https:\\\/\\\/recambiosecogas.com\\\/pt-pt\\\/produto\\\/interfaz-eg-usb-2-1\\\/#breadcrumb\"},\"inLanguage\":\"pt-PT\",\"potentialAction\":[{\"@type\":\"ReadAction\",\"target\":[\"https:\\\/\\\/recambiosecogas.com\\\/pt-pt\\\/produto\\\/interfaz-eg-usb-2-1\\\/\"]}]},{\"@type\":\"ImageObject\",\"inLanguage\":\"pt-PT\",\"@id\":\"https:\\\/\\\/recambiosecogas.com\\\/pt-pt\\\/produto\\\/interfaz-eg-usb-2-1\\\/#primaryimage\",\"url\":\"https:\\\/\\\/recambiosecogas.com\\\/wp-content\\\/uploads\\\/2025\\\/01\\\/Europegas-EG-Interfaz-USB-2.1-png.webp\",\"contentUrl\":\"https:\\\/\\\/recambiosecogas.com\\\/wp-content\\\/uploads\\\/2025\\\/01\\\/Europegas-EG-Interfaz-USB-2.1-png.webp\",\"width\":1000,\"height\":1000,\"caption\":\"Ferramenta de diagn\u00f3stico LPG EuropeGas EG Interface USB2.1 \u2013 compat\u00edvel com todos os sistemas EuropeGas, isolamento \u00f3ptico, 2 conectores, cabo 3,5 m. Envio Espanha, Baleares, Andorra e Portugal\"},{\"@type\":\"BreadcrumbList\",\"@id\":\"https:\\\/\\\/recambiosecogas.com\\\/pt-pt\\\/produto\\\/interfaz-eg-usb-2-1\\\/#breadcrumb\",\"itemListElement\":[{\"@type\":\"ListItem\",\"position\":1,\"name\":\"P\u00e1gina inicial\",\"item\":\"https:\\\/\\\/recambiosecogas.com\\\/pt-pt\\\/\"},{\"@type\":\"ListItem\",\"position\":2,\"name\":\"Loja\",\"item\":\"https:\\\/\\\/recambiosecogas.com\\\/pt-pt\\\/tienda\\\/\"},{\"@type\":\"ListItem\",\"position\":3,\"name\":\"INTERFAZ EUROPEGAS USB 2.1\"}]},{\"@type\":\"WebSite\",\"@id\":\"https:\\\/\\\/recambiosecogas.com\\\/pt-pt\\\/#website\",\"url\":\"https:\\\/\\\/recambiosecogas.com\\\/pt-pt\\\/\",\"name\":\"Recambios EcoGas\",\"description\":\"Pe\u00e7as multimarca para sistemas de GPL\\\/GNC\\\/GNL\\\/Hidrog\u00e9nio\",\"publisher\":{\"@id\":\"https:\\\/\\\/recambiosecogas.com\\\/pt-pt\\\/#organization\"},\"alternateName\":\"Recambios Autogas GLP\",\"potentialAction\":[{\"@type\":\"SearchAction\",\"target\":{\"@type\":\"EntryPoint\",\"urlTemplate\":\"https:\\\/\\\/recambiosecogas.com\\\/pt-pt\\\/?s={search_term_string}\"},\"query-input\":{\"@type\":\"PropertyValueSpecification\",\"valueRequired\":true,\"valueName\":\"search_term_string\"}}],\"inLanguage\":\"pt-PT\"},{\"@type\":[\"Organization\",\"Place\"],\"@id\":\"https:\\\/\\\/recambiosecogas.com\\\/pt-pt\\\/#organization\",\"name\":\"Recambios EcoGas\",\"alternateName\":\"Loja de GPL Autog\u00e1s Espanha\",\"url\":\"https:\\\/\\\/recambiosecogas.com\\\/pt-pt\\\/\",\"logo\":{\"@id\":\"https:\\\/\\\/recambiosecogas.com\\\/pt-pt\\\/produto\\\/interfaz-eg-usb-2-1\\\/#local-main-organization-logo\"},\"image\":{\"@id\":\"https:\\\/\\\/recambiosecogas.com\\\/pt-pt\\\/produto\\\/interfaz-eg-usb-2-1\\\/#local-main-organization-logo\"},\"sameAs\":[\"https:\\\/\\\/www.facebook.com\\\/profile.php?id=100062419705358\",\"https:\\\/\\\/www.instagram.com\\\/segimon_automocio\"],\"description\":\"Recambios EcoGas \u2013 Venta y distribuci\u00f3n de sistemas GLP y GNC en Espa\u00f1a y Portugal. Env\u00edos 24 h, soporte t\u00e9cnico a talleres y distribuidores.\",\"hasMerchantReturnPolicy\":{\"@type\":\"MerchantReturnPolicy\",\"merchantReturnLink\":\"https:\\\/\\\/recambiosecogas.com\\\/politicas-privacidad\\\/\"},\"address\":{\"@id\":\"https:\\\/\\\/recambiosecogas.com\\\/pt-pt\\\/produto\\\/interfaz-eg-usb-2-1\\\/#local-main-place-address\"},\"telephone\":[\"616250633\"],\"contactPoint\":{\"@type\":\"ContactPoint\",\"email\":\"export@recambiosecogas.com\"},\"openingHoursSpecification\":[{\"@type\":\"OpeningHoursSpecification\",\"dayOfWeek\":[\"Monday\",\"Tuesday\",\"Wednesday\",\"Thursday\",\"Friday\",\"Saturday\",\"Sunday\"],\"opens\":\"09:00\",\"closes\":\"17:00\"}],\"email\":\"info@recambiosecogas.com\",\"faxNumber\":\"SEGIMON AUTOMOCION SL\",\"vatID\":\"ESB19819861\",\"globalLocationNumber\":\"938 616 339\"},{\"@type\":\"PostalAddress\",\"@id\":\"https:\\\/\\\/recambiosecogas.com\\\/pt-pt\\\/produto\\\/interfaz-eg-usb-2-1\\\/#local-main-place-address\",\"streetAddress\":\"cami antic de vic, 29 (Nave 3), Pol\u00edgono Industrial Congost\",\"addressLocality\":\"CORRO D`AVALL\",\"postalCode\":\"08520\",\"addressRegion\":\"Barcelona\",\"addressCountry\":\"ES\"},{\"@type\":\"ImageObject\",\"inLanguage\":\"pt-PT\",\"@id\":\"https:\\\/\\\/recambiosecogas.com\\\/pt-pt\\\/produto\\\/interfaz-eg-usb-2-1\\\/#local-main-organization-logo\",\"url\":\"https:\\\/\\\/recambiosecogas.com\\\/wp-content\\\/uploads\\\/2024\\\/11\\\/cropped-RECAMBIOS-GLP-png.webp\",\"contentUrl\":\"https:\\\/\\\/recambiosecogas.com\\\/wp-content\\\/uploads\\\/2024\\\/11\\\/cropped-RECAMBIOS-GLP-png.webp\",\"width\":512,\"height\":512,\"caption\":\"Recambios EcoGas\"}]}<\/script>\n<meta property=\"product:price:amount\" content=\"27.20\" \/>\n<meta property=\"product:price:currency\" content=\"EUR\" \/>\n<meta property=\"og:availability\" content=\"backorder\" \/>\n<meta property=\"product:availability\" content=\"available for order\" \/>\n<meta property=\"product:retailer_item_id\" content=\"EG2025-51\" \/>\n<meta property=\"product:condition\" content=\"new\" \/>\n<meta name=\"geo.placename\" content=\"CORRO D`AVALL\" \/>\n<meta name=\"geo.region\" content=\"Espanha\" \/>\n<!-- \/ Yoast SEO Premium plugin. -->","yoast_head_json":{"title":"INTERFAZ EUROPEGAS USB 2.1 | Recambios EcoGas | Sistemas GLP y GNC","description":"INTERFAZ EUROPEGAS USB 2.1 interfaz de diagn\u00f3stico original para sistemas GLP EuropeGas. 2 conectores, cable 3,5 m, USB. Ideal para talleres","robots":{"index":"index","follow":"follow","max-snippet":"max-snippet:-1","max-image-preview":"max-image-preview:large","max-video-preview":"max-video-preview:-1"},"canonical":"https:\/\/recambiosecogas.com\/pt-pt\/produto\/interfaz-eg-usb-2-1\/","og_locale":"pt_PT","og_type":"article","og_title":"INTERFAZ EUROPEGAS USB 2.1","og_description":"INTERFAZ EUROPEGAS USB 2.1 interfaz de diagn\u00f3stico original para sistemas GLP EuropeGas. 2 conectores, cable 3,5 m, USB. Ideal para talleres","og_url":"https:\/\/recambiosecogas.com\/pt-pt\/produto\/interfaz-eg-usb-2-1\/","og_site_name":"Recambios EcoGas","article_publisher":"https:\/\/www.facebook.com\/profile.php?id=100062419705358","article_modified_time":"2026-03-31T10:12:44+00:00","og_image":[{"width":1000,"height":1000,"url":"https:\/\/recambiosecogas.com\/wp-content\/uploads\/2025\/01\/Europegas-EG-Interfaz-USB-2.1-png.webp","type":"image\/png"}],"twitter_card":"summary_large_image","twitter_misc":{"pre\u00e7o":"27,20&nbsp;&euro; (IVA incl.: 32,91&nbsp;&euro;)","Disponibilidade":"Por encomenda"},"schema":{"@context":"https:\/\/schema.org","@graph":[{"@type":"WebPage","@id":"https:\/\/recambiosecogas.com\/pt-pt\/produto\/interfaz-eg-usb-2-1\/","url":"https:\/\/recambiosecogas.com\/pt-pt\/produto\/interfaz-eg-usb-2-1\/","name":"INTERFAZ EUROPEGAS USB 2.1 | Recambios EcoGas | Sistemas GLP y GNC","isPartOf":{"@id":"https:\/\/recambiosecogas.com\/pt-pt\/#website"},"primaryImageOfPage":{"@id":"https:\/\/recambiosecogas.com\/pt-pt\/produto\/interfaz-eg-usb-2-1\/#primaryimage"},"image":{"@id":"https:\/\/recambiosecogas.com\/pt-pt\/produto\/interfaz-eg-usb-2-1\/#primaryimage"},"thumbnailUrl":"https:\/\/recambiosecogas.com\/wp-content\/uploads\/2025\/01\/Europegas-EG-Interfaz-USB-2.1-png.webp","datePublished":"2025-10-23T10:48:26+00:00","dateModified":"2026-03-31T10:12:44+00:00","description":"INTERFAZ EUROPEGAS USB 2.1 interfaz de diagn\u00f3stico original para sistemas GLP EuropeGas. 2 conectores, cable 3,5 m, USB. Ideal para talleres","breadcrumb":{"@id":"https:\/\/recambiosecogas.com\/pt-pt\/produto\/interfaz-eg-usb-2-1\/#breadcrumb"},"inLanguage":"pt-PT","potentialAction":[{"@type":"ReadAction","target":["https:\/\/recambiosecogas.com\/pt-pt\/produto\/interfaz-eg-usb-2-1\/"]}]},{"@type":"ImageObject","inLanguage":"pt-PT","@id":"https:\/\/recambiosecogas.com\/pt-pt\/produto\/interfaz-eg-usb-2-1\/#primaryimage","url":"https:\/\/recambiosecogas.com\/wp-content\/uploads\/2025\/01\/Europegas-EG-Interfaz-USB-2.1-png.webp","contentUrl":"https:\/\/recambiosecogas.com\/wp-content\/uploads\/2025\/01\/Europegas-EG-Interfaz-USB-2.1-png.webp","width":1000,"height":1000,"caption":"Ferramenta de diagn\u00f3stico LPG EuropeGas EG Interface USB2.1 \u2013 compat\u00edvel com todos os sistemas EuropeGas, isolamento \u00f3ptico, 2 conectores, cabo 3,5 m. Envio Espanha, Baleares, Andorra e Portugal"},{"@type":"BreadcrumbList","@id":"https:\/\/recambiosecogas.com\/pt-pt\/produto\/interfaz-eg-usb-2-1\/#breadcrumb","itemListElement":[{"@type":"ListItem","position":1,"name":"P\u00e1gina inicial","item":"https:\/\/recambiosecogas.com\/pt-pt\/"},{"@type":"ListItem","position":2,"name":"Loja","item":"https:\/\/recambiosecogas.com\/pt-pt\/tienda\/"},{"@type":"ListItem","position":3,"name":"INTERFAZ EUROPEGAS USB 2.1"}]},{"@type":"WebSite","@id":"https:\/\/recambiosecogas.com\/pt-pt\/#website","url":"https:\/\/recambiosecogas.com\/pt-pt\/","name":"Recambios EcoGas","description":"Pe\u00e7as multimarca para sistemas de GPL\/GNC\/GNL\/Hidrog\u00e9nio","publisher":{"@id":"https:\/\/recambiosecogas.com\/pt-pt\/#organization"},"alternateName":"Recambios Autogas GLP","potentialAction":[{"@type":"SearchAction","target":{"@type":"EntryPoint","urlTemplate":"https:\/\/recambiosecogas.com\/pt-pt\/?s={search_term_string}"},"query-input":{"@type":"PropertyValueSpecification","valueRequired":true,"valueName":"search_term_string"}}],"inLanguage":"pt-PT"},{"@type":["Organization","Place"],"@id":"https:\/\/recambiosecogas.com\/pt-pt\/#organization","name":"Recambios EcoGas","alternateName":"Loja de GPL Autog\u00e1s Espanha","url":"https:\/\/recambiosecogas.com\/pt-pt\/","logo":{"@id":"https:\/\/recambiosecogas.com\/pt-pt\/produto\/interfaz-eg-usb-2-1\/#local-main-organization-logo"},"image":{"@id":"https:\/\/recambiosecogas.com\/pt-pt\/produto\/interfaz-eg-usb-2-1\/#local-main-organization-logo"},"sameAs":["https:\/\/www.facebook.com\/profile.php?id=100062419705358","https:\/\/www.instagram.com\/segimon_automocio"],"description":"Recambios EcoGas \u2013 Venta y distribuci\u00f3n de sistemas GLP y GNC en Espa\u00f1a y Portugal. Env\u00edos 24 h, soporte t\u00e9cnico a talleres y distribuidores.","hasMerchantReturnPolicy":{"@type":"MerchantReturnPolicy","merchantReturnLink":"https:\/\/recambiosecogas.com\/politicas-privacidad\/"},"address":{"@id":"https:\/\/recambiosecogas.com\/pt-pt\/produto\/interfaz-eg-usb-2-1\/#local-main-place-address"},"telephone":["616250633"],"contactPoint":{"@type":"ContactPoint","email":"export@recambiosecogas.com"},"openingHoursSpecification":[{"@type":"OpeningHoursSpecification","dayOfWeek":["Monday","Tuesday","Wednesday","Thursday","Friday","Saturday","Sunday"],"opens":"09:00","closes":"17:00"}],"email":"info@recambiosecogas.com","faxNumber":"SEGIMON AUTOMOCION SL","vatID":"ESB19819861","globalLocationNumber":"938 616 339"},{"@type":"PostalAddress","@id":"https:\/\/recambiosecogas.com\/pt-pt\/produto\/interfaz-eg-usb-2-1\/#local-main-place-address","streetAddress":"cami antic de vic, 29 (Nave 3), Pol\u00edgono Industrial Congost","addressLocality":"CORRO D`AVALL","postalCode":"08520","addressRegion":"Barcelona","addressCountry":"ES"},{"@type":"ImageObject","inLanguage":"pt-PT","@id":"https:\/\/recambiosecogas.com\/pt-pt\/produto\/interfaz-eg-usb-2-1\/#local-main-organization-logo","url":"https:\/\/recambiosecogas.com\/wp-content\/uploads\/2024\/11\/cropped-RECAMBIOS-GLP-png.webp","contentUrl":"https:\/\/recambiosecogas.com\/wp-content\/uploads\/2024\/11\/cropped-RECAMBIOS-GLP-png.webp","width":512,"height":512,"caption":"Recambios EcoGas"}]},"product_price_amount":"27.20","product_price_currency":"EUR","og_availability":"backorder","product_availability":"available for order","product_retailer_item_id":"EG2025-51","product_condition":"new","geo.placename":"CORRO D`AVALL","geo.region":"Espanha"},"uagb_featured_image_src":{"full":["https:\/\/recambiosecogas.com\/wp-content\/uploads\/2025\/01\/Europegas-EG-Interfaz-USB-2.1-png.webp",1000,1000,false],"thumbnail":["https:\/\/recambiosecogas.com\/wp-content\/uploads\/2025\/01\/Europegas-EG-Interfaz-USB-2.1-150x150.webp",150,150,true],"medium":["https:\/\/recambiosecogas.com\/wp-content\/uploads\/2025\/01\/Europegas-EG-Interfaz-USB-2.1-300x300.webp",300,300,true],"medium_large":["https:\/\/recambiosecogas.com\/wp-content\/uploads\/2025\/01\/Europegas-EG-Interfaz-USB-2.1-768x768.webp",768,768,true],"large":["https:\/\/recambiosecogas.com\/wp-content\/uploads\/2025\/01\/Europegas-EG-Interfaz-USB-2.1-png.webp",1000,1000,false],"1536x1536":["https:\/\/recambiosecogas.com\/wp-content\/uploads\/2025\/01\/Europegas-EG-Interfaz-USB-2.1-png.webp",1000,1000,false],"2048x2048":["https:\/\/recambiosecogas.com\/wp-content\/uploads\/2025\/01\/Europegas-EG-Interfaz-USB-2.1-png.webp",1000,1000,false],"woocommerce_archive_thumbnail":["https:\/\/recambiosecogas.com\/wp-content\/uploads\/2025\/01\/Europegas-EG-Interfaz-USB-2.1-png.webp",1000,1000,false],"woocommerce_thumbnail":["https:\/\/recambiosecogas.com\/wp-content\/uploads\/2025\/01\/Europegas-EG-Interfaz-USB-2.1-300x300.webp",300,300,true],"woocommerce_single":["https:\/\/recambiosecogas.com\/wp-content\/uploads\/2025\/01\/Europegas-EG-Interfaz-USB-2.1-png.webp",1000,1000,false],"woocommerce_gallery_thumbnail":["https:\/\/recambiosecogas.com\/wp-content\/uploads\/2025\/01\/Europegas-EG-Interfaz-USB-2.1-png.webp",1000,1000,false],"dgwt-wcas-product-suggestion":["https:\/\/recambiosecogas.com\/wp-content\/uploads\/2025\/01\/Europegas-EG-Interfaz-USB-2.1-64x64.webp",64,64,true]},"uagb_author_info":{"display_name":"Fran - Soporte T\u00e9cnico","author_link":"https:\/\/recambiosecogas.com\/pt-pt\/author\/"},"uagb_comment_info":0,"uagb_excerpt":"INTERFAZ EUROPEGAS USB 2.1 para diagn\u00f3sticos en sistemas GLP, ideal para talleres y mantenimiento de veh\u00edculos.","_links":{"self":[{"href":"https:\/\/recambiosecogas.com\/pt-pt\/wp-json\/wp\/v2\/product\/42422","targetHints":{"allow":["GET"]}}],"collection":[{"href":"https:\/\/recambiosecogas.com\/pt-pt\/wp-json\/wp\/v2\/product"}],"about":[{"href":"https:\/\/recambiosecogas.com\/pt-pt\/wp-json\/wp\/v2\/types\/product"}],"replies":[{"embeddable":true,"href":"https:\/\/recambiosecogas.com\/pt-pt\/wp-json\/wp\/v2\/comments?post=42422"}],"wp:featuredmedia":[{"embeddable":true,"href":"https:\/\/recambiosecogas.com\/pt-pt\/wp-json\/wp\/v2\/media\/32489"}],"wp:attachment":[{"href":"https:\/\/recambiosecogas.com\/pt-pt\/wp-json\/wp\/v2\/media?parent=42422"}],"wp:term":[{"taxonomy":"product_brand","embeddable":true,"href":"https:\/\/recambiosecogas.com\/pt-pt\/wp-json\/wp\/v2\/product_brand?post=42422"},{"taxonomy":"product_cat","embeddable":true,"href":"https:\/\/recambiosecogas.com\/pt-pt\/wp-json\/wp\/v2\/product_cat?post=42422"},{"taxonomy":"product_tag","embeddable":true,"href":"https:\/\/recambiosecogas.com\/pt-pt\/wp-json\/wp\/v2\/product_tag?post=42422"}],"curies":[{"name":"wp","href":"https:\/\/api.w.org\/{rel}","templated":true}]}}