{"id":42414,"date":"2025-10-23T11:48:24","date_gmt":"2025-10-23T10:48:24","guid":{"rendered":"https:\/\/recambiosecogas.com\/producto\/cable-adaptador-obd-ii\/"},"modified":"2026-03-31T11:12:37","modified_gmt":"2026-03-31T10:12:37","slug":"cable-adaptador-obd-ii","status":"publish","type":"product","link":"https:\/\/recambiosecogas.com\/pt-pt\/produto\/cable-adaptador-obd-ii\/","title":{"rendered":"Cable adaptador OBD II Europegas"},"content":{"rendered":"<h1>CABLE ADAPTADOR OBD II<\/h1>\n<table style=\"height: 216px;\">\n<thead>\n<tr style=\"height: 24px;\">\n<th style=\"height: 24px; width: 202.75px;\">Par\u00e1metro<\/th>\n<th style=\"height: 24px; width: 534.797px;\">Valor \/ especificaci\u00f3n<\/th>\n<\/tr>\n<\/thead>\n<tbody>\n<tr style=\"height: 24px;\">\n<td style=\"height: 24px; width: 202.75px;\">Marca<\/td>\n<td style=\"height: 24px; width: 534.797px;\">EuropeGas<\/td>\n<\/tr>\n<tr style=\"height: 24px;\">\n<td style=\"height: 24px; width: 202.75px;\">Nombre del producto<\/td>\n<td style=\"height: 24px; width: 534.797px;\">Adaptador OBDII<\/td>\n<\/tr>\n<tr style=\"height: 24px;\">\n<td style=\"height: 24px; width: 202.75px;\">Tipo de conexi\u00f3n<\/td>\n<td style=\"height: 24px; width: 534.797px;\">Plug-and-play arn\u00e9s ECU de gas \u2192 conector OBD II<\/td>\n<\/tr>\n<tr style=\"height: 24px;\">\n<td style=\"height: 24px; width: 202.75px;\">Protocolos OBD compatibles<\/td>\n<td style=\"height: 24px; width: 534.797px;\">ISO 9141, KWP 2000 (lento\/r\u00e1pido) (pin 7)<\/td>\n<\/tr>\n<tr style=\"height: 24px;\">\n<td style=\"height: 24px; width: 202.75px;\"><\/td>\n<td style=\"height: 24px; width: 534.797px;\">CAN 250k 11b, CAN 250k 29b, CAN 500k 29b, CAN 500k 11b (pines 6 y 14)<\/td>\n<\/tr>\n<tr style=\"height: 24px;\">\n<td style=\"height: 24px; width: 202.75px;\">Versiones de conector<\/td>\n<td style=\"height: 24px; width: 534.797px;\">3 tipos de conector OBDII disponibles para m\u00faltiples veh\u00edculos<\/td>\n<\/tr>\n<tr style=\"height: 24px;\">\n<td style=\"height: 24px; width: 202.75px;\">Aplicaci\u00f3n recomendada<\/td>\n<td style=\"height: 24px; width: 534.797px;\">Instaladores de GLP, sistemas en autocaravanas, campers, caravanas<\/td>\n<\/tr>\n<tr style=\"height: 24px;\">\n<td style=\"height: 24px; width: 202.75px;\">Uso funcional<\/td>\n<td style=\"height: 24px; width: 534.797px;\">Lectura\/borrado de fallos OBD, supervisi\u00f3n par\u00e1metros ECU de gas<\/td>\n<\/tr>\n<\/tbody>\n<\/table>\n<hr \/>\n<h2 data-start=\"1312\" data-end=\"1383\"><strong data-start=\"1312\" data-end=\"1381\">Ventajas clave que puedes destacar en tu ficha para CamperEcoGas:<\/strong><\/h2>\n<ul data-start=\"1384\" data-end=\"2413\">\n<li data-start=\"1384\" data-end=\"1588\">\n<p data-start=\"1386\" data-end=\"1588\">Permite la \u201clectura de todos los par\u00e1metros del motor, diagn\u00f3stico y lectura\/borrado de errores OBD\u201d directamente desde el software de control del sistema de gas.<\/p>\n<\/li>\n<li data-start=\"1589\" data-end=\"1761\">\n<p data-start=\"1591\" data-end=\"1761\">Conexi\u00f3n plug-and-play: no requiere soldados en los cables de f\u00e1brica, lo cual simplifica la instalaci\u00f3n y reduce posibles fallos.<\/p>\n<\/li>\n<li data-start=\"1762\" data-end=\"1982\">\n<p data-start=\"1764\" data-end=\"1982\">Permite adem\u00e1s desconectar f\u00edsicamente la comunicaci\u00f3n OBD del veh\u00edculo con el controlador de gas, liberando la l\u00ednea de diagn\u00f3stico para esc\u00e1neres externos cuando sea necesario.<\/p>\n<\/li>\n<li data-start=\"1983\" data-end=\"2261\">\n<p data-start=\"1985\" data-end=\"2261\">Compatible con m\u00faltiples protocolos de comunicaci\u00f3n OBD: pines n\u00ba 7 (ISO 9141, KWP 2000 lento\/r\u00e1pido) y pines 6 y 14 (CAN 250k 11b, CAN 250k 29b, CAN 500k 29b, CAN 500k 11b) lo que asegura una gran compatibilidad con veh\u00edculos modernos.<\/p>\n<\/li>\n<li data-start=\"2262\" data-end=\"2413\">\n<p data-start=\"2264\" data-end=\"2413\">Disponible en diferentes versiones de conector OBDII (3 tipos) para adaptarse a una amplia gama de veh\u00edculos.<\/p>\n<\/li>\n<\/ul>\n<h3 data-start=\"2415\" data-end=\"2472\"><strong data-start=\"2415\" data-end=\"2470\">Por qu\u00e9 es una excelente elecci\u00f3n para tu cat\u00e1logo:<\/strong><\/h3>\n<ul data-start=\"2473\" data-end=\"3114\">\n<li data-start=\"2473\" data-end=\"2618\">\n<p data-start=\"2475\" data-end=\"2618\">Un accesorio t\u00e9cnico pero de alto valor para instaladores de sistemas GLP en veh\u00edculos de ocio, que refuerza la especializaci\u00f3n de tu tienda.<\/p>\n<\/li>\n<li data-start=\"2619\" data-end=\"2773\">\n<p data-start=\"2621\" data-end=\"2773\">Facilita la labor de diagn\u00f3stico y mantenimiento, lo cual es un argumento de venta para talleres, instaladores y caravanners que requieren fiabilidad.<\/p>\n<\/li>\n<li data-start=\"2774\" data-end=\"2960\">\n<p data-start=\"2776\" data-end=\"2960\">Compatible con las normativas de mercado europeo y adaptado al entorno de Espa\u00f1a, Islas Baleares, Andorra y Portugal donde la instalaci\u00f3n de GLP en veh\u00edculos tiene demanda creciente.<\/p>\n<\/li>\n<li data-start=\"2961\" data-end=\"3114\">\n<p data-start=\"2963\" data-end=\"3114\">Permite venta cruzada con controladores EuropeGas, interfaces de diagn\u00f3stico, reductores y dem\u00e1s elementos del sistema GLP, aumentando el ticket medio.<\/p>\n<\/li>\n<\/ul>\n<h4 data-start=\"3116\" data-end=\"3181\"><strong data-start=\"3116\" data-end=\"3179\">Recomendaciones de instalaci\u00f3n y uso para el cliente final:<\/strong><\/h4>\n<ul data-start=\"3182\" data-end=\"3996\">\n<li data-start=\"3182\" data-end=\"3330\">\n<p data-start=\"3184\" data-end=\"3330\">Verificar qu\u00e9 versi\u00f3n del conector OBD II (y qu\u00e9 versi\u00f3n del adaptador) corresponde al veh\u00edculo antes de adquirir, para asegurar compatibilidad.<\/p>\n<\/li>\n<li data-start=\"3331\" data-end=\"3490\">\n<p data-start=\"3333\" data-end=\"3490\">Conectar el adaptador al puerto OBD II del veh\u00edculo, luego conectar el arn\u00e9s del ECU de gas al adaptador, asegurando que las conexiones est\u00e9n bien fijadas.<\/p>\n<\/li>\n<li data-start=\"3491\" data-end=\"3657\">\n<p data-start=\"3493\" data-end=\"3657\">Utilizar el software de diagnosis del controlador de gas EuropeGas (por ejemplo EG MOVI \/ EG Configuration Center) para leer par\u00e1metros, borrar fallos o calibrar.<\/p>\n<\/li>\n<li data-start=\"3658\" data-end=\"3815\">\n<p data-start=\"3660\" data-end=\"3815\">Cuando se necesite utilizar un esc\u00e1ner OBD externo para el motor del veh\u00edculo, desconectar el adaptador f\u00edsicamente para liberar la l\u00ednea de diagn\u00f3stico.<\/p>\n<\/li>\n<li data-start=\"3816\" data-end=\"3996\">\n<p data-start=\"3818\" data-end=\"3996\">Guardar el adaptador en lugar seco, evitar manipulaci\u00f3n innecesaria de los pines, y ofrecer al cliente que revise peri\u00f3dicamente las conexiones para asegurar buen funcionamiento.<\/p>\n<\/li>\n<\/ul>\n<p>El Cable adaptador OBD II Europegas es esencial para quienes trabajan con sistemas de Autogas, facilitando la lectura y el borrado de c\u00f3digos de error OBD. Este adaptador es ideal para instaladores que buscan un producto confiable y f\u00e1cil de usar, permitiendo un diagn\u00f3stico efectivo en veh\u00edculos que utilizan GLP o GNC. Su dise\u00f1o plug-and-play asegura una integraci\u00f3n r\u00e1pida y sin complicaciones, lo que lo convierte en una herramienta indispensable para optimizar el rendimiento del sistema de gas y garantizar la satisfacci\u00f3n del cliente.<\/p>\n","protected":false},"excerpt":{"rendered":"<p>Cable adaptador OBD II Europegas, ideal para la lectura y borrado de fallos en sistemas GLP. Perfecto para instaladores de autocaravanas y campers.<\/p>\n","protected":false},"featured_media":42415,"comment_status":"open","ping_status":"closed","template":"","meta":{"googlesitekit_rrm_CAowud7EDA:productID":"","_uag_custom_page_level_css":""},"product_brand":[],"product_cat":[2071],"product_tag":[],"class_list":{"0":"post-42414","1":"product","2":"type-product","3":"status-publish","4":"has-post-thumbnail","6":"product_cat-accesorio-eg","8":"first","9":"onbackorder","10":"taxable","11":"shipping-taxable","12":"purchasable","13":"product-type-simple"},"ct_brands":[],"yoast_head":"<!-- This site is optimized with the Yoast SEO Premium plugin v27.3 (Yoast SEO v27.3) - https:\/\/yoast.com\/product\/yoast-seo-premium-wordpress\/ -->\n<title>Cable adaptador OBD II Europegas | Recambios EcoGas | Sistemas GLP y GNC<\/title>\n<meta name=\"description\" content=\"Cable adaptador OBD II Europegas - conexi\u00f3n plug-and-play para la ECU de gas en veh\u00edculos GLP\/CNG. Lectura de par\u00e1metros, borrado de errores.\" \/>\n<meta name=\"robots\" content=\"index, follow, max-snippet:-1, max-image-preview:large, max-video-preview:-1\" \/>\n<link rel=\"canonical\" href=\"https:\/\/recambiosecogas.com\/pt-pt\/produto\/cable-adaptador-obd-ii\/\" \/>\n<meta property=\"og:locale\" content=\"pt_PT\" \/>\n<meta property=\"og:type\" content=\"article\" \/>\n<meta property=\"og:title\" content=\"Cable adaptador OBD II Europegas\" \/>\n<meta property=\"og:description\" content=\"Cable adaptador OBD II Europegas - conexi\u00f3n plug-and-play para la ECU de gas en veh\u00edculos GLP\/CNG. Lectura de par\u00e1metros, borrado de errores.\" \/>\n<meta property=\"og:url\" content=\"https:\/\/recambiosecogas.com\/pt-pt\/produto\/cable-adaptador-obd-ii\/\" \/>\n<meta property=\"og:site_name\" content=\"Recambios EcoGas\" \/>\n<meta property=\"article:publisher\" content=\"https:\/\/www.facebook.com\/profile.php?id=100062419705358\" \/>\n<meta property=\"article:modified_time\" content=\"2026-03-31T10:12:37+00:00\" \/>\n<meta property=\"og:image\" content=\"https:\/\/recambiosecogas.com\/wp-content\/uploads\/2025\/10\/cable-adaptador-obd-ii-europegas.webp\" \/>\n\t<meta property=\"og:image:width\" content=\"1000\" \/>\n\t<meta property=\"og:image:height\" content=\"1000\" \/>\n\t<meta property=\"og:image:type\" content=\"image\/png\" \/>\n<meta name=\"twitter:card\" content=\"summary_large_image\" \/>\n<meta name=\"twitter:label1\" content=\"pre\u00e7o\" \/>\n\t<meta name=\"twitter:data1\" content=\"38,93&nbsp;&euro; (IVA incl.: 47,11&nbsp;&euro;)\" \/>\n\t<meta name=\"twitter:label2\" content=\"Disponibilidade\" \/>\n\t<meta name=\"twitter:data2\" content=\"Por encomenda\" \/>\n<script type=\"application\/ld+json\" class=\"yoast-schema-graph\">{\"@context\":\"https:\\\/\\\/schema.org\",\"@graph\":[{\"@type\":\"WebPage\",\"@id\":\"https:\\\/\\\/recambiosecogas.com\\\/pt-pt\\\/produto\\\/cable-adaptador-obd-ii\\\/\",\"url\":\"https:\\\/\\\/recambiosecogas.com\\\/pt-pt\\\/produto\\\/cable-adaptador-obd-ii\\\/\",\"name\":\"Cable adaptador OBD II Europegas | Recambios EcoGas | Sistemas GLP y GNC\",\"isPartOf\":{\"@id\":\"https:\\\/\\\/recambiosecogas.com\\\/pt-pt\\\/#website\"},\"primaryImageOfPage\":{\"@id\":\"https:\\\/\\\/recambiosecogas.com\\\/pt-pt\\\/produto\\\/cable-adaptador-obd-ii\\\/#primaryimage\"},\"image\":{\"@id\":\"https:\\\/\\\/recambiosecogas.com\\\/pt-pt\\\/produto\\\/cable-adaptador-obd-ii\\\/#primaryimage\"},\"thumbnailUrl\":\"https:\\\/\\\/recambiosecogas.com\\\/wp-content\\\/uploads\\\/2025\\\/10\\\/cable-adaptador-obd-ii-europegas.webp\",\"datePublished\":\"2025-10-23T10:48:24+00:00\",\"dateModified\":\"2026-03-31T10:12:37+00:00\",\"description\":\"Cable adaptador OBD II Europegas - conexi\u00f3n plug-and-play para la ECU de gas en veh\u00edculos GLP\\\/CNG. Lectura de par\u00e1metros, borrado de errores.\",\"breadcrumb\":{\"@id\":\"https:\\\/\\\/recambiosecogas.com\\\/pt-pt\\\/produto\\\/cable-adaptador-obd-ii\\\/#breadcrumb\"},\"inLanguage\":\"pt-PT\",\"potentialAction\":[{\"@type\":\"ReadAction\",\"target\":[\"https:\\\/\\\/recambiosecogas.com\\\/pt-pt\\\/produto\\\/cable-adaptador-obd-ii\\\/\"]}]},{\"@type\":\"ImageObject\",\"inLanguage\":\"pt-PT\",\"@id\":\"https:\\\/\\\/recambiosecogas.com\\\/pt-pt\\\/produto\\\/cable-adaptador-obd-ii\\\/#primaryimage\",\"url\":\"https:\\\/\\\/recambiosecogas.com\\\/wp-content\\\/uploads\\\/2025\\\/10\\\/cable-adaptador-obd-ii-europegas.webp\",\"contentUrl\":\"https:\\\/\\\/recambiosecogas.com\\\/wp-content\\\/uploads\\\/2025\\\/10\\\/cable-adaptador-obd-ii-europegas.webp\",\"width\":1000,\"height\":1000,\"caption\":\"Accessorio profesional EuropeGas: adaptador OBDII para instalaciones de gas en autocaravanas, campers, caravanas. Compatible con ISO 9141, KWP 2000 y CAN. Env\u00edo Espa\u00f1a, Baleares, Andorra, Portugal.\"},{\"@type\":\"BreadcrumbList\",\"@id\":\"https:\\\/\\\/recambiosecogas.com\\\/pt-pt\\\/produto\\\/cable-adaptador-obd-ii\\\/#breadcrumb\",\"itemListElement\":[{\"@type\":\"ListItem\",\"position\":1,\"name\":\"P\u00e1gina inicial\",\"item\":\"https:\\\/\\\/recambiosecogas.com\\\/pt-pt\\\/\"},{\"@type\":\"ListItem\",\"position\":2,\"name\":\"Loja\",\"item\":\"https:\\\/\\\/recambiosecogas.com\\\/pt-pt\\\/tienda\\\/\"},{\"@type\":\"ListItem\",\"position\":3,\"name\":\"Cable adaptador OBD II Europegas\"}]},{\"@type\":\"WebSite\",\"@id\":\"https:\\\/\\\/recambiosecogas.com\\\/pt-pt\\\/#website\",\"url\":\"https:\\\/\\\/recambiosecogas.com\\\/pt-pt\\\/\",\"name\":\"Recambios EcoGas\",\"description\":\"Pe\u00e7as multimarca para sistemas de GPL\\\/GNC\\\/GNL\\\/Hidrog\u00e9nio\",\"publisher\":{\"@id\":\"https:\\\/\\\/recambiosecogas.com\\\/pt-pt\\\/#organization\"},\"alternateName\":\"Recambios Autogas GLP\",\"potentialAction\":[{\"@type\":\"SearchAction\",\"target\":{\"@type\":\"EntryPoint\",\"urlTemplate\":\"https:\\\/\\\/recambiosecogas.com\\\/pt-pt\\\/?s={search_term_string}\"},\"query-input\":{\"@type\":\"PropertyValueSpecification\",\"valueRequired\":true,\"valueName\":\"search_term_string\"}}],\"inLanguage\":\"pt-PT\"},{\"@type\":[\"Organization\",\"Place\"],\"@id\":\"https:\\\/\\\/recambiosecogas.com\\\/pt-pt\\\/#organization\",\"name\":\"Recambios EcoGas\",\"alternateName\":\"Loja de GPL Autog\u00e1s Espanha\",\"url\":\"https:\\\/\\\/recambiosecogas.com\\\/pt-pt\\\/\",\"logo\":{\"@id\":\"https:\\\/\\\/recambiosecogas.com\\\/pt-pt\\\/produto\\\/cable-adaptador-obd-ii\\\/#local-main-organization-logo\"},\"image\":{\"@id\":\"https:\\\/\\\/recambiosecogas.com\\\/pt-pt\\\/produto\\\/cable-adaptador-obd-ii\\\/#local-main-organization-logo\"},\"sameAs\":[\"https:\\\/\\\/www.facebook.com\\\/profile.php?id=100062419705358\",\"https:\\\/\\\/www.instagram.com\\\/segimon_automocio\"],\"description\":\"Recambios EcoGas \u2013 Venta y distribuci\u00f3n de sistemas GLP y GNC en Espa\u00f1a y Portugal. Env\u00edos 24 h, soporte t\u00e9cnico a talleres y distribuidores.\",\"hasMerchantReturnPolicy\":{\"@type\":\"MerchantReturnPolicy\",\"merchantReturnLink\":\"https:\\\/\\\/recambiosecogas.com\\\/politicas-privacidad\\\/\"},\"address\":{\"@id\":\"https:\\\/\\\/recambiosecogas.com\\\/pt-pt\\\/produto\\\/cable-adaptador-obd-ii\\\/#local-main-place-address\"},\"telephone\":[\"616250633\"],\"contactPoint\":{\"@type\":\"ContactPoint\",\"email\":\"export@recambiosecogas.com\"},\"openingHoursSpecification\":[{\"@type\":\"OpeningHoursSpecification\",\"dayOfWeek\":[\"Monday\",\"Tuesday\",\"Wednesday\",\"Thursday\",\"Friday\",\"Saturday\",\"Sunday\"],\"opens\":\"09:00\",\"closes\":\"17:00\"}],\"email\":\"info@recambiosecogas.com\",\"faxNumber\":\"SEGIMON AUTOMOCION SL\",\"vatID\":\"ESB19819861\",\"globalLocationNumber\":\"938 616 339\"},{\"@type\":\"PostalAddress\",\"@id\":\"https:\\\/\\\/recambiosecogas.com\\\/pt-pt\\\/produto\\\/cable-adaptador-obd-ii\\\/#local-main-place-address\",\"streetAddress\":\"cami antic de vic, 29 (Nave 3), Pol\u00edgono Industrial Congost\",\"addressLocality\":\"CORRO D`AVALL\",\"postalCode\":\"08520\",\"addressRegion\":\"Barcelona\",\"addressCountry\":\"ES\"},{\"@type\":\"ImageObject\",\"inLanguage\":\"pt-PT\",\"@id\":\"https:\\\/\\\/recambiosecogas.com\\\/pt-pt\\\/produto\\\/cable-adaptador-obd-ii\\\/#local-main-organization-logo\",\"url\":\"https:\\\/\\\/recambiosecogas.com\\\/wp-content\\\/uploads\\\/2024\\\/11\\\/cropped-RECAMBIOS-GLP-png.webp\",\"contentUrl\":\"https:\\\/\\\/recambiosecogas.com\\\/wp-content\\\/uploads\\\/2024\\\/11\\\/cropped-RECAMBIOS-GLP-png.webp\",\"width\":512,\"height\":512,\"caption\":\"Recambios EcoGas\"}]}<\/script>\n<meta property=\"product:price:amount\" content=\"38.93\" \/>\n<meta property=\"product:price:currency\" content=\"EUR\" \/>\n<meta property=\"og:availability\" content=\"backorder\" \/>\n<meta property=\"product:availability\" content=\"available for order\" \/>\n<meta property=\"product:retailer_item_id\" content=\"EG2025-49\" \/>\n<meta property=\"product:condition\" content=\"new\" \/>\n<meta name=\"geo.placename\" content=\"CORRO D`AVALL\" \/>\n<meta name=\"geo.region\" content=\"Espanha\" \/>\n<!-- \/ Yoast SEO Premium plugin. -->","yoast_head_json":{"title":"Cable adaptador OBD II Europegas | Recambios EcoGas | Sistemas GLP y GNC","description":"Cable adaptador OBD II Europegas - conexi\u00f3n plug-and-play para la ECU de gas en veh\u00edculos GLP\/CNG. Lectura de par\u00e1metros, borrado de errores.","robots":{"index":"index","follow":"follow","max-snippet":"max-snippet:-1","max-image-preview":"max-image-preview:large","max-video-preview":"max-video-preview:-1"},"canonical":"https:\/\/recambiosecogas.com\/pt-pt\/produto\/cable-adaptador-obd-ii\/","og_locale":"pt_PT","og_type":"article","og_title":"Cable adaptador OBD II Europegas","og_description":"Cable adaptador OBD II Europegas - conexi\u00f3n plug-and-play para la ECU de gas en veh\u00edculos GLP\/CNG. Lectura de par\u00e1metros, borrado de errores.","og_url":"https:\/\/recambiosecogas.com\/pt-pt\/produto\/cable-adaptador-obd-ii\/","og_site_name":"Recambios EcoGas","article_publisher":"https:\/\/www.facebook.com\/profile.php?id=100062419705358","article_modified_time":"2026-03-31T10:12:37+00:00","og_image":[{"width":1000,"height":1000,"url":"https:\/\/recambiosecogas.com\/wp-content\/uploads\/2025\/10\/cable-adaptador-obd-ii-europegas.webp","type":"image\/png"}],"twitter_card":"summary_large_image","twitter_misc":{"pre\u00e7o":"38,93&nbsp;&euro; (IVA incl.: 47,11&nbsp;&euro;)","Disponibilidade":"Por encomenda"},"schema":{"@context":"https:\/\/schema.org","@graph":[{"@type":"WebPage","@id":"https:\/\/recambiosecogas.com\/pt-pt\/produto\/cable-adaptador-obd-ii\/","url":"https:\/\/recambiosecogas.com\/pt-pt\/produto\/cable-adaptador-obd-ii\/","name":"Cable adaptador OBD II Europegas | Recambios EcoGas | Sistemas GLP y GNC","isPartOf":{"@id":"https:\/\/recambiosecogas.com\/pt-pt\/#website"},"primaryImageOfPage":{"@id":"https:\/\/recambiosecogas.com\/pt-pt\/produto\/cable-adaptador-obd-ii\/#primaryimage"},"image":{"@id":"https:\/\/recambiosecogas.com\/pt-pt\/produto\/cable-adaptador-obd-ii\/#primaryimage"},"thumbnailUrl":"https:\/\/recambiosecogas.com\/wp-content\/uploads\/2025\/10\/cable-adaptador-obd-ii-europegas.webp","datePublished":"2025-10-23T10:48:24+00:00","dateModified":"2026-03-31T10:12:37+00:00","description":"Cable adaptador OBD II Europegas - conexi\u00f3n plug-and-play para la ECU de gas en veh\u00edculos GLP\/CNG. Lectura de par\u00e1metros, borrado de errores.","breadcrumb":{"@id":"https:\/\/recambiosecogas.com\/pt-pt\/produto\/cable-adaptador-obd-ii\/#breadcrumb"},"inLanguage":"pt-PT","potentialAction":[{"@type":"ReadAction","target":["https:\/\/recambiosecogas.com\/pt-pt\/produto\/cable-adaptador-obd-ii\/"]}]},{"@type":"ImageObject","inLanguage":"pt-PT","@id":"https:\/\/recambiosecogas.com\/pt-pt\/produto\/cable-adaptador-obd-ii\/#primaryimage","url":"https:\/\/recambiosecogas.com\/wp-content\/uploads\/2025\/10\/cable-adaptador-obd-ii-europegas.webp","contentUrl":"https:\/\/recambiosecogas.com\/wp-content\/uploads\/2025\/10\/cable-adaptador-obd-ii-europegas.webp","width":1000,"height":1000,"caption":"Accessorio profesional EuropeGas: adaptador OBDII para instalaciones de gas en autocaravanas, campers, caravanas. Compatible con ISO 9141, KWP 2000 y CAN. Env\u00edo Espa\u00f1a, Baleares, Andorra, Portugal."},{"@type":"BreadcrumbList","@id":"https:\/\/recambiosecogas.com\/pt-pt\/produto\/cable-adaptador-obd-ii\/#breadcrumb","itemListElement":[{"@type":"ListItem","position":1,"name":"P\u00e1gina inicial","item":"https:\/\/recambiosecogas.com\/pt-pt\/"},{"@type":"ListItem","position":2,"name":"Loja","item":"https:\/\/recambiosecogas.com\/pt-pt\/tienda\/"},{"@type":"ListItem","position":3,"name":"Cable adaptador OBD II Europegas"}]},{"@type":"WebSite","@id":"https:\/\/recambiosecogas.com\/pt-pt\/#website","url":"https:\/\/recambiosecogas.com\/pt-pt\/","name":"Recambios EcoGas","description":"Pe\u00e7as multimarca para sistemas de GPL\/GNC\/GNL\/Hidrog\u00e9nio","publisher":{"@id":"https:\/\/recambiosecogas.com\/pt-pt\/#organization"},"alternateName":"Recambios Autogas GLP","potentialAction":[{"@type":"SearchAction","target":{"@type":"EntryPoint","urlTemplate":"https:\/\/recambiosecogas.com\/pt-pt\/?s={search_term_string}"},"query-input":{"@type":"PropertyValueSpecification","valueRequired":true,"valueName":"search_term_string"}}],"inLanguage":"pt-PT"},{"@type":["Organization","Place"],"@id":"https:\/\/recambiosecogas.com\/pt-pt\/#organization","name":"Recambios EcoGas","alternateName":"Loja de GPL Autog\u00e1s Espanha","url":"https:\/\/recambiosecogas.com\/pt-pt\/","logo":{"@id":"https:\/\/recambiosecogas.com\/pt-pt\/produto\/cable-adaptador-obd-ii\/#local-main-organization-logo"},"image":{"@id":"https:\/\/recambiosecogas.com\/pt-pt\/produto\/cable-adaptador-obd-ii\/#local-main-organization-logo"},"sameAs":["https:\/\/www.facebook.com\/profile.php?id=100062419705358","https:\/\/www.instagram.com\/segimon_automocio"],"description":"Recambios EcoGas \u2013 Venta y distribuci\u00f3n de sistemas GLP y GNC en Espa\u00f1a y Portugal. Env\u00edos 24 h, soporte t\u00e9cnico a talleres y distribuidores.","hasMerchantReturnPolicy":{"@type":"MerchantReturnPolicy","merchantReturnLink":"https:\/\/recambiosecogas.com\/politicas-privacidad\/"},"address":{"@id":"https:\/\/recambiosecogas.com\/pt-pt\/produto\/cable-adaptador-obd-ii\/#local-main-place-address"},"telephone":["616250633"],"contactPoint":{"@type":"ContactPoint","email":"export@recambiosecogas.com"},"openingHoursSpecification":[{"@type":"OpeningHoursSpecification","dayOfWeek":["Monday","Tuesday","Wednesday","Thursday","Friday","Saturday","Sunday"],"opens":"09:00","closes":"17:00"}],"email":"info@recambiosecogas.com","faxNumber":"SEGIMON AUTOMOCION SL","vatID":"ESB19819861","globalLocationNumber":"938 616 339"},{"@type":"PostalAddress","@id":"https:\/\/recambiosecogas.com\/pt-pt\/produto\/cable-adaptador-obd-ii\/#local-main-place-address","streetAddress":"cami antic de vic, 29 (Nave 3), Pol\u00edgono Industrial Congost","addressLocality":"CORRO D`AVALL","postalCode":"08520","addressRegion":"Barcelona","addressCountry":"ES"},{"@type":"ImageObject","inLanguage":"pt-PT","@id":"https:\/\/recambiosecogas.com\/pt-pt\/produto\/cable-adaptador-obd-ii\/#local-main-organization-logo","url":"https:\/\/recambiosecogas.com\/wp-content\/uploads\/2024\/11\/cropped-RECAMBIOS-GLP-png.webp","contentUrl":"https:\/\/recambiosecogas.com\/wp-content\/uploads\/2024\/11\/cropped-RECAMBIOS-GLP-png.webp","width":512,"height":512,"caption":"Recambios EcoGas"}]},"product_price_amount":"38.93","product_price_currency":"EUR","og_availability":"backorder","product_availability":"available for order","product_retailer_item_id":"EG2025-49","product_condition":"new","geo.placename":"CORRO D`AVALL","geo.region":"Espanha"},"uagb_featured_image_src":{"full":["https:\/\/recambiosecogas.com\/wp-content\/uploads\/2025\/10\/cable-adaptador-obd-ii-europegas.webp",1000,1000,false],"thumbnail":["https:\/\/recambiosecogas.com\/wp-content\/uploads\/2025\/10\/cable-adaptador-obd-ii-europegas-150x150.webp",150,150,true],"medium":["https:\/\/recambiosecogas.com\/wp-content\/uploads\/2025\/10\/cable-adaptador-obd-ii-europegas-300x300.webp",300,300,true],"medium_large":["https:\/\/recambiosecogas.com\/wp-content\/uploads\/2025\/10\/cable-adaptador-obd-ii-europegas-768x768.webp",768,768,true],"large":["https:\/\/recambiosecogas.com\/wp-content\/uploads\/2025\/10\/cable-adaptador-obd-ii-europegas.webp",1000,1000,false],"1536x1536":["https:\/\/recambiosecogas.com\/wp-content\/uploads\/2025\/10\/cable-adaptador-obd-ii-europegas.webp",1000,1000,false],"2048x2048":["https:\/\/recambiosecogas.com\/wp-content\/uploads\/2025\/10\/cable-adaptador-obd-ii-europegas.webp",1000,1000,false],"woocommerce_archive_thumbnail":["https:\/\/recambiosecogas.com\/wp-content\/uploads\/2025\/10\/cable-adaptador-obd-ii-europegas.webp",1000,1000,false],"woocommerce_thumbnail":["https:\/\/recambiosecogas.com\/wp-content\/uploads\/2025\/10\/cable-adaptador-obd-ii-europegas-300x300.webp",300,300,true],"woocommerce_single":["https:\/\/recambiosecogas.com\/wp-content\/uploads\/2025\/10\/cable-adaptador-obd-ii-europegas.webp",1000,1000,false],"woocommerce_gallery_thumbnail":["https:\/\/recambiosecogas.com\/wp-content\/uploads\/2025\/10\/cable-adaptador-obd-ii-europegas.webp",1000,1000,false],"dgwt-wcas-product-suggestion":["https:\/\/recambiosecogas.com\/wp-content\/uploads\/2025\/10\/cable-adaptador-obd-ii-europegas-64x64.webp",64,64,true]},"uagb_author_info":{"display_name":"Fran - Soporte T\u00e9cnico","author_link":"https:\/\/recambiosecogas.com\/pt-pt\/author\/"},"uagb_comment_info":0,"uagb_excerpt":"Cable adaptador OBD II Europegas, ideal para la lectura y borrado de fallos en sistemas GLP. Perfecto para instaladores de autocaravanas y campers.","_links":{"self":[{"href":"https:\/\/recambiosecogas.com\/pt-pt\/wp-json\/wp\/v2\/product\/42414","targetHints":{"allow":["GET"]}}],"collection":[{"href":"https:\/\/recambiosecogas.com\/pt-pt\/wp-json\/wp\/v2\/product"}],"about":[{"href":"https:\/\/recambiosecogas.com\/pt-pt\/wp-json\/wp\/v2\/types\/product"}],"replies":[{"embeddable":true,"href":"https:\/\/recambiosecogas.com\/pt-pt\/wp-json\/wp\/v2\/comments?post=42414"}],"wp:featuredmedia":[{"embeddable":true,"href":"https:\/\/recambiosecogas.com\/pt-pt\/wp-json\/wp\/v2\/media\/42415"}],"wp:attachment":[{"href":"https:\/\/recambiosecogas.com\/pt-pt\/wp-json\/wp\/v2\/media?parent=42414"}],"wp:term":[{"taxonomy":"product_brand","embeddable":true,"href":"https:\/\/recambiosecogas.com\/pt-pt\/wp-json\/wp\/v2\/product_brand?post=42414"},{"taxonomy":"product_cat","embeddable":true,"href":"https:\/\/recambiosecogas.com\/pt-pt\/wp-json\/wp\/v2\/product_cat?post=42414"},{"taxonomy":"product_tag","embeddable":true,"href":"https:\/\/recambiosecogas.com\/pt-pt\/wp-json\/wp\/v2\/product_tag?post=42414"}],"curies":[{"name":"wp","href":"https:\/\/api.w.org\/{rel}","templated":true}]}}