{"id":42407,"date":"2025-10-23T11:48:20","date_gmt":"2025-10-23T10:48:20","guid":{"rendered":"https:\/\/recambiosecogas.com\/producto\/detector-de-eg\/"},"modified":"2026-03-23T10:24:54","modified_gmt":"2026-03-23T09:24:54","slug":"detector-de-eg","status":"publish","type":"product","link":"https:\/\/recambiosecogas.com\/pt-pt\/produto\/detector-de-eg\/","title":{"rendered":"Detector de fugas de gas EG DETECTOR"},"content":{"rendered":"<h1 style=\"text-align: center;\" data-start=\"353\" data-end=\"428\">Detector de fugas de gas EG DETECTOR para GLP, GNC, metano y propano<\/h1>\n<p data-start=\"430\" data-end=\"729\">El <strong data-start=\"433\" data-end=\"448\">EG DETECTOR<\/strong> es una herramienta esencial para detectar <strong data-start=\"491\" data-end=\"543\">fugas de gas en veh\u00edculos con sistemas GLP o GNC<\/strong>. Este dispositivo port\u00e1til ofrece una alta sensibilidad y un funcionamiento fiable. Adem\u00e1s, es ideal tanto para talleres especializados como para estaciones de inspecci\u00f3n t\u00e9cnica (ITV).<\/p>\n<p data-start=\"731\" data-end=\"946\">Gracias a su dise\u00f1o avanzado con <strong data-start=\"764\" data-end=\"797\">tecnolog\u00eda de microprocesador<\/strong>, puede localizar incluso las fugas m\u00e1s peque\u00f1as. Tambi\u00e9n incluye <strong data-start=\"863\" data-end=\"894\">una sonda flexible de 42 cm<\/strong>, que permite alcanzar zonas dif\u00edciles sin esfuerzo.<\/p>\n<p data-start=\"948\" data-end=\"1160\">El detector funciona con <strong data-start=\"973\" data-end=\"1004\">tres pilas alcalinas tipo C<\/strong> (incluidas) y tiene una <strong data-start=\"1029\" data-end=\"1059\">autonom\u00eda de hasta 8 horas<\/strong> de trabajo continuo. Su manejo es intuitivo, lo que facilita una detecci\u00f3n r\u00e1pida, precisa y segura.<\/p>\n<hr data-start=\"1162\" data-end=\"1165\" \/>\n<h4 data-start=\"1167\" data-end=\"1205\">\u00bfPor qu\u00e9 elegir el EG DETECTOR?<\/h4>\n<ul data-start=\"1207\" data-end=\"1559\">\n<li data-start=\"1207\" data-end=\"1261\">\n<p data-start=\"1209\" data-end=\"1261\">Detecta metano, GNC, propano, butano y mezclas GLP<\/p>\n<\/li>\n<li data-start=\"1262\" data-end=\"1303\">\n<p data-start=\"1264\" data-end=\"1303\">Se\u00f1al de alerta <strong data-start=\"1280\" data-end=\"1301\">\u00f3ptica y ac\u00fastica<\/strong><\/p>\n<\/li>\n<li data-start=\"1304\" data-end=\"1353\">\n<p data-start=\"1306\" data-end=\"1353\">Sensor semiconductor con <strong data-start=\"1331\" data-end=\"1351\">umbral de 50 ppm<\/strong><\/p>\n<\/li>\n<li data-start=\"1354\" data-end=\"1387\">\n<p data-start=\"1356\" data-end=\"1387\">Ajuste manual de sensibilidad<\/p>\n<\/li>\n<li data-start=\"1388\" data-end=\"1430\">\n<p data-start=\"1390\" data-end=\"1430\">Sonda flexible de f\u00e1cil acceso (42 cm)<\/p>\n<\/li>\n<li data-start=\"1431\" data-end=\"1477\">\n<p data-start=\"1433\" data-end=\"1477\">Tiempo de preparaci\u00f3n inferior a 5 minutos<\/p>\n<\/li>\n<li data-start=\"1478\" data-end=\"1513\">\n<p data-start=\"1480\" data-end=\"1513\">Incluye estuche y manual de uso<\/p>\n<\/li>\n<li data-start=\"1514\" data-end=\"1559\">\n<p data-start=\"1516\" data-end=\"1559\">Certificaci\u00f3n CE y <strong data-start=\"1535\" data-end=\"1557\">2 a\u00f1os de garant\u00eda<\/strong><\/p>\n<\/li>\n<\/ul>\n<p data-start=\"1561\" data-end=\"1713\">Adem\u00e1s, este equipo cumple con los requisitos legales europeos para estaciones ITV, seg\u00fan el <strong data-start=\"1654\" data-end=\"1712\">Reglamento del Ministerio de Transporte y Construcci\u00f3n<\/strong>.<\/p>\n<hr data-start=\"1715\" data-end=\"1718\" \/>\n<h3 data-start=\"1720\" data-end=\"1751\">Caracter\u00edsticas t\u00e9cnicas<\/h3>\n<div class=\"_tableContainer_1rjym_1\">\n<div class=\"group _tableWrapper_1rjym_13 flex w-fit flex-col-reverse\" tabindex=\"-1\">\n<table class=\"w-fit min-w-(--thread-content-width)\" data-start=\"1753\" data-end=\"3365\">\n<thead data-start=\"1753\" data-end=\"1836\">\n<tr data-start=\"1753\" data-end=\"1836\">\n<th data-start=\"1753\" data-end=\"1788\" data-col-size=\"sm\"><strong data-start=\"1755\" data-end=\"1773\">Especificaci\u00f3n<\/strong><\/th>\n<th data-start=\"1788\" data-end=\"1836\" data-col-size=\"sm\"><strong data-start=\"1790\" data-end=\"1801\">Detalle<\/strong><\/th>\n<\/tr>\n<\/thead>\n<tbody data-start=\"1922\" data-end=\"3365\">\n<tr data-start=\"1922\" data-end=\"2005\">\n<td data-start=\"1922\" data-end=\"1957\" data-col-size=\"sm\">Tipo de sensor<\/td>\n<td data-col-size=\"sm\" data-start=\"1957\" data-end=\"2005\">Semiconductor<\/td>\n<\/tr>\n<tr data-start=\"2006\" data-end=\"2090\">\n<td data-start=\"2006\" data-end=\"2041\" data-col-size=\"sm\">Gases detectados<\/td>\n<td data-col-size=\"sm\" data-start=\"2041\" data-end=\"2090\">Metano, GNC, GLP, propano, butano, GNL<\/td>\n<\/tr>\n<tr data-start=\"2091\" data-end=\"2175\">\n<td data-start=\"2091\" data-end=\"2126\" data-col-size=\"sm\">Umbral de sensibilidad<\/td>\n<td data-col-size=\"sm\" data-start=\"2126\" data-end=\"2175\">50 ppm (metano)<\/td>\n<\/tr>\n<tr data-start=\"2176\" data-end=\"2260\">\n<td data-start=\"2176\" data-end=\"2211\" data-col-size=\"sm\">Se\u00f1al de alarma<\/td>\n<td data-col-size=\"sm\" data-start=\"2211\" data-end=\"2260\">\u00d3ptico-ac\u00fastica con frecuencia creciente<\/td>\n<\/tr>\n<tr data-start=\"2261\" data-end=\"2345\">\n<td data-start=\"2261\" data-end=\"2296\" data-col-size=\"sm\">Ajuste de sensibilidad<\/td>\n<td data-col-size=\"sm\" data-start=\"2296\" data-end=\"2345\">Manual con perilla<\/td>\n<\/tr>\n<tr data-start=\"2346\" data-end=\"2430\">\n<td data-start=\"2346\" data-end=\"2381\" data-col-size=\"sm\">Temperatura de uso<\/td>\n<td data-col-size=\"sm\" data-start=\"2381\" data-end=\"2430\">0\u202f\u00b0C a +50\u202f\u00b0C<\/td>\n<\/tr>\n<tr data-start=\"2431\" data-end=\"2515\">\n<td data-start=\"2431\" data-end=\"2466\" data-col-size=\"sm\">Temperatura de almacenamiento<\/td>\n<td data-col-size=\"sm\" data-start=\"2466\" data-end=\"2515\">\u201310\u202f\u00b0C a +55\u202f\u00b0C<\/td>\n<\/tr>\n<tr data-start=\"2516\" data-end=\"2600\">\n<td data-start=\"2516\" data-end=\"2551\" data-col-size=\"sm\">Humedad admitida<\/td>\n<td data-col-size=\"sm\" data-start=\"2551\" data-end=\"2600\">10\u201390 % sin condensaci\u00f3n<\/td>\n<\/tr>\n<tr data-start=\"2601\" data-end=\"2685\">\n<td data-start=\"2601\" data-end=\"2636\" data-col-size=\"sm\">M\u00e9todo de muestreo<\/td>\n<td data-col-size=\"sm\" data-start=\"2636\" data-end=\"2685\">Continuo<\/td>\n<\/tr>\n<tr data-start=\"2686\" data-end=\"2770\">\n<td data-start=\"2686\" data-end=\"2721\" data-col-size=\"sm\">Tiempo de preparaci\u00f3n<\/td>\n<td data-col-size=\"sm\" data-start=\"2721\" data-end=\"2770\">Menos de 5 minutos<\/td>\n<\/tr>\n<tr data-start=\"2771\" data-end=\"2855\">\n<td data-start=\"2771\" data-end=\"2806\" data-col-size=\"sm\">Fuente de alimentaci\u00f3n<\/td>\n<td data-col-size=\"sm\" data-start=\"2806\" data-end=\"2855\">3 pilas alcalinas tipo C (4,5 VDC)<\/td>\n<\/tr>\n<tr data-start=\"2856\" data-end=\"2940\">\n<td data-start=\"2856\" data-end=\"2891\" data-col-size=\"sm\">Autonom\u00eda aproximada<\/td>\n<td data-col-size=\"sm\" data-start=\"2891\" data-end=\"2940\">Hasta 8 horas continuas<\/td>\n<\/tr>\n<tr data-start=\"2941\" data-end=\"3025\">\n<td data-start=\"2941\" data-end=\"2976\" data-col-size=\"sm\">Dimensiones<\/td>\n<td data-col-size=\"sm\" data-start=\"2976\" data-end=\"3025\">220 \u00d7 90 \u00d7 45 mm<\/td>\n<\/tr>\n<tr data-start=\"3026\" data-end=\"3110\">\n<td data-start=\"3026\" data-end=\"3061\" data-col-size=\"sm\">Longitud sonda<\/td>\n<td data-col-size=\"sm\" data-start=\"3061\" data-end=\"3110\">420 mm<\/td>\n<\/tr>\n<tr data-start=\"3111\" data-end=\"3195\">\n<td data-start=\"3111\" data-end=\"3146\" data-col-size=\"sm\">Peso<\/td>\n<td data-col-size=\"sm\" data-start=\"3146\" data-end=\"3195\">750 g<\/td>\n<\/tr>\n<tr data-start=\"3196\" data-end=\"3280\">\n<td data-start=\"3196\" data-end=\"3231\" data-col-size=\"sm\">Certificaci\u00f3n<\/td>\n<td data-col-size=\"sm\" data-start=\"3231\" data-end=\"3280\">CE<\/td>\n<\/tr>\n<tr data-start=\"3281\" data-end=\"3365\">\n<td data-start=\"3281\" data-end=\"3316\" data-col-size=\"sm\">Garant\u00eda<\/td>\n<td data-col-size=\"sm\" data-start=\"3316\" data-end=\"3365\">2 a\u00f1os<\/td>\n<\/tr>\n<\/tbody>\n<\/table>\n<\/div>\n<\/div>\n<hr data-start=\"3367\" data-end=\"3370\" \/>\n<p data-start=\"3372\" data-end=\"3574\">Este detector no solo mejora la seguridad, sino que tambi\u00e9n facilita el mantenimiento preventivo. Por lo tanto, es una inversi\u00f3n recomendada para cualquier profesional del sector gas\u00edstico o automoci\u00f3n.<\/p>\n<div class=\"_tableContainer_1rjym_1\"><\/div>\n","protected":false},"excerpt":{"rendered":"<p>Detector de fugas de gas EG DETECTOR para GLP, GNC, metano y propano El EG DETECTOR es una herramienta esencial para detectar fugas de gas en veh\u00edculos con sistemas GLP o GNC. Este dispositivo port\u00e1til ofrece una alta sensibilidad y un funcionamiento fiable. Adem\u00e1s, es ideal tanto para talleres especializados como para estaciones de inspecci\u00f3n [&hellip;]<\/p>\n","protected":false},"featured_media":42408,"comment_status":"open","ping_status":"closed","template":"","meta":{"googlesitekit_rrm_CAowud7EDA:productID":"","_uag_custom_page_level_css":""},"product_brand":[],"product_cat":[2071],"product_tag":[],"class_list":{"0":"post-42407","1":"product","2":"type-product","3":"status-publish","4":"has-post-thumbnail","6":"product_cat-accesorio-eg","8":"first","9":"onbackorder","10":"sale","11":"taxable","12":"shipping-taxable","13":"purchasable","14":"product-type-simple"},"ct_brands":[],"yoast_head":"<!-- This site is optimized with the Yoast SEO Premium plugin v27.3 (Yoast SEO v27.3) - https:\/\/yoast.com\/product\/yoast-seo-premium-wordpress\/ -->\n<title>Detector de fugas de gas EG DETECTOR | Recambios EcoGas | Sistemas GLP y GNC<\/title>\n<meta name=\"description\" content=\"EG DETECTOR: dispositivo profesional para detectar fugas de gas en sistemas GLP\/GNC. Compacto, preciso y obligatorio en ITV.\" \/>\n<meta name=\"robots\" content=\"index, follow, max-snippet:-1, max-image-preview:large, max-video-preview:-1\" \/>\n<link rel=\"canonical\" href=\"https:\/\/recambiosecogas.com\/pt-pt\/produto\/detector-de-eg\/\" \/>\n<meta property=\"og:locale\" content=\"pt_PT\" \/>\n<meta property=\"og:type\" content=\"article\" \/>\n<meta property=\"og:title\" content=\"Detector de fugas de gas EG DETECTOR\" \/>\n<meta property=\"og:description\" content=\"EG DETECTOR: dispositivo profesional para detectar fugas de gas en sistemas GLP\/GNC. Compacto, preciso y obligatorio en ITV.\" \/>\n<meta property=\"og:url\" content=\"https:\/\/recambiosecogas.com\/pt-pt\/produto\/detector-de-eg\/\" \/>\n<meta property=\"og:site_name\" content=\"Recambios EcoGas\" \/>\n<meta property=\"article:publisher\" content=\"https:\/\/www.facebook.com\/profile.php?id=100062419705358\" \/>\n<meta property=\"article:modified_time\" content=\"2026-03-23T09:24:54+00:00\" \/>\n<meta property=\"og:image\" content=\"https:\/\/recambiosecogas.com\/wp-content\/uploads\/2025\/10\/eg-detector.webp\" \/>\n\t<meta property=\"og:image:width\" content=\"1000\" \/>\n\t<meta property=\"og:image:height\" content=\"1000\" \/>\n\t<meta property=\"og:image:type\" content=\"image\/png\" \/>\n<meta name=\"twitter:card\" content=\"summary_large_image\" \/>\n<meta name=\"twitter:label1\" content=\"pre\u00e7o\" \/>\n\t<meta name=\"twitter:data1\" content=\"74,20&nbsp;&euro; (IVA incl.: 89,78&nbsp;&euro;)\" \/>\n\t<meta name=\"twitter:label2\" content=\"Disponibilidade\" \/>\n\t<meta name=\"twitter:data2\" content=\"Por encomenda\" \/>\n<script type=\"application\/ld+json\" class=\"yoast-schema-graph\">{\"@context\":\"https:\\\/\\\/schema.org\",\"@graph\":[{\"@type\":\"WebPage\",\"@id\":\"https:\\\/\\\/recambiosecogas.com\\\/pt-pt\\\/produto\\\/detector-de-eg\\\/\",\"url\":\"https:\\\/\\\/recambiosecogas.com\\\/pt-pt\\\/produto\\\/detector-de-eg\\\/\",\"name\":\"Detector de fugas de gas EG DETECTOR | Recambios EcoGas | Sistemas GLP y GNC\",\"isPartOf\":{\"@id\":\"https:\\\/\\\/recambiosecogas.com\\\/pt-pt\\\/#website\"},\"primaryImageOfPage\":{\"@id\":\"https:\\\/\\\/recambiosecogas.com\\\/pt-pt\\\/produto\\\/detector-de-eg\\\/#primaryimage\"},\"image\":{\"@id\":\"https:\\\/\\\/recambiosecogas.com\\\/pt-pt\\\/produto\\\/detector-de-eg\\\/#primaryimage\"},\"thumbnailUrl\":\"https:\\\/\\\/recambiosecogas.com\\\/wp-content\\\/uploads\\\/2025\\\/10\\\/eg-detector.webp\",\"datePublished\":\"2025-10-23T10:48:20+00:00\",\"dateModified\":\"2026-03-23T09:24:54+00:00\",\"description\":\"EG DETECTOR: dispositivo profesional para detectar fugas de gas en sistemas GLP\\\/GNC. Compacto, preciso y obligatorio en ITV.\",\"breadcrumb\":{\"@id\":\"https:\\\/\\\/recambiosecogas.com\\\/pt-pt\\\/produto\\\/detector-de-eg\\\/#breadcrumb\"},\"inLanguage\":\"pt-PT\",\"potentialAction\":[{\"@type\":\"ReadAction\",\"target\":[\"https:\\\/\\\/recambiosecogas.com\\\/pt-pt\\\/produto\\\/detector-de-eg\\\/\"]}]},{\"@type\":\"ImageObject\",\"inLanguage\":\"pt-PT\",\"@id\":\"https:\\\/\\\/recambiosecogas.com\\\/pt-pt\\\/produto\\\/detector-de-eg\\\/#primaryimage\",\"url\":\"https:\\\/\\\/recambiosecogas.com\\\/wp-content\\\/uploads\\\/2025\\\/10\\\/eg-detector.webp\",\"contentUrl\":\"https:\\\/\\\/recambiosecogas.com\\\/wp-content\\\/uploads\\\/2025\\\/10\\\/eg-detector.webp\",\"width\":1000,\"height\":1000,\"caption\":\"EG DETECTOR: detector port\u00e1til com sensor de alta sensibilidade e sinal ac\u00fastico para fugas de g\u00e1s metano, propano e GNC.\"},{\"@type\":\"BreadcrumbList\",\"@id\":\"https:\\\/\\\/recambiosecogas.com\\\/pt-pt\\\/produto\\\/detector-de-eg\\\/#breadcrumb\",\"itemListElement\":[{\"@type\":\"ListItem\",\"position\":1,\"name\":\"P\u00e1gina inicial\",\"item\":\"https:\\\/\\\/recambiosecogas.com\\\/pt-pt\\\/\"},{\"@type\":\"ListItem\",\"position\":2,\"name\":\"Loja\",\"item\":\"https:\\\/\\\/recambiosecogas.com\\\/pt-pt\\\/tienda\\\/\"},{\"@type\":\"ListItem\",\"position\":3,\"name\":\"Detector de fugas de gas EG DETECTOR\"}]},{\"@type\":\"WebSite\",\"@id\":\"https:\\\/\\\/recambiosecogas.com\\\/pt-pt\\\/#website\",\"url\":\"https:\\\/\\\/recambiosecogas.com\\\/pt-pt\\\/\",\"name\":\"Recambios EcoGas\",\"description\":\"Pe\u00e7as multimarca para sistemas de GPL\\\/GNC\\\/GNL\\\/Hidrog\u00e9nio\",\"publisher\":{\"@id\":\"https:\\\/\\\/recambiosecogas.com\\\/pt-pt\\\/#organization\"},\"alternateName\":\"Recambios Autogas GLP\",\"potentialAction\":[{\"@type\":\"SearchAction\",\"target\":{\"@type\":\"EntryPoint\",\"urlTemplate\":\"https:\\\/\\\/recambiosecogas.com\\\/pt-pt\\\/?s={search_term_string}\"},\"query-input\":{\"@type\":\"PropertyValueSpecification\",\"valueRequired\":true,\"valueName\":\"search_term_string\"}}],\"inLanguage\":\"pt-PT\"},{\"@type\":[\"Organization\",\"Place\"],\"@id\":\"https:\\\/\\\/recambiosecogas.com\\\/pt-pt\\\/#organization\",\"name\":\"Recambios EcoGas\",\"alternateName\":\"Loja de GPL Autog\u00e1s Espanha\",\"url\":\"https:\\\/\\\/recambiosecogas.com\\\/pt-pt\\\/\",\"logo\":{\"@id\":\"https:\\\/\\\/recambiosecogas.com\\\/pt-pt\\\/produto\\\/detector-de-eg\\\/#local-main-organization-logo\"},\"image\":{\"@id\":\"https:\\\/\\\/recambiosecogas.com\\\/pt-pt\\\/produto\\\/detector-de-eg\\\/#local-main-organization-logo\"},\"sameAs\":[\"https:\\\/\\\/www.facebook.com\\\/profile.php?id=100062419705358\",\"https:\\\/\\\/www.instagram.com\\\/segimon_automocio\"],\"description\":\"Recambios EcoGas \u2013 Venta y distribuci\u00f3n de sistemas GLP y GNC en Espa\u00f1a y Portugal. Env\u00edos 24 h, soporte t\u00e9cnico a talleres y distribuidores.\",\"hasMerchantReturnPolicy\":{\"@type\":\"MerchantReturnPolicy\",\"merchantReturnLink\":\"https:\\\/\\\/recambiosecogas.com\\\/politicas-privacidad\\\/\"},\"address\":{\"@id\":\"https:\\\/\\\/recambiosecogas.com\\\/pt-pt\\\/produto\\\/detector-de-eg\\\/#local-main-place-address\"},\"telephone\":[\"616250633\"],\"contactPoint\":{\"@type\":\"ContactPoint\",\"email\":\"export@recambiosecogas.com\"},\"openingHoursSpecification\":[{\"@type\":\"OpeningHoursSpecification\",\"dayOfWeek\":[\"Monday\",\"Tuesday\",\"Wednesday\",\"Thursday\",\"Friday\",\"Saturday\",\"Sunday\"],\"opens\":\"09:00\",\"closes\":\"17:00\"}],\"email\":\"info@recambiosecogas.com\",\"faxNumber\":\"SEGIMON AUTOMOCION SL\",\"vatID\":\"ESB19819861\",\"globalLocationNumber\":\"938 616 339\"},{\"@type\":\"PostalAddress\",\"@id\":\"https:\\\/\\\/recambiosecogas.com\\\/pt-pt\\\/produto\\\/detector-de-eg\\\/#local-main-place-address\",\"streetAddress\":\"cami antic de vic, 29 (Nave 3), Pol\u00edgono Industrial Congost\",\"addressLocality\":\"CORRO D`AVALL\",\"postalCode\":\"08520\",\"addressRegion\":\"Barcelona\",\"addressCountry\":\"ES\"},{\"@type\":\"ImageObject\",\"inLanguage\":\"pt-PT\",\"@id\":\"https:\\\/\\\/recambiosecogas.com\\\/pt-pt\\\/produto\\\/detector-de-eg\\\/#local-main-organization-logo\",\"url\":\"https:\\\/\\\/recambiosecogas.com\\\/wp-content\\\/uploads\\\/2024\\\/11\\\/cropped-RECAMBIOS-GLP-png.webp\",\"contentUrl\":\"https:\\\/\\\/recambiosecogas.com\\\/wp-content\\\/uploads\\\/2024\\\/11\\\/cropped-RECAMBIOS-GLP-png.webp\",\"width\":512,\"height\":512,\"caption\":\"Recambios EcoGas\"}]}<\/script>\n<meta property=\"product:price:amount\" content=\"74.20\" \/>\n<meta property=\"product:price:currency\" content=\"EUR\" \/>\n<meta property=\"og:availability\" content=\"backorder\" \/>\n<meta property=\"product:availability\" content=\"available for order\" \/>\n<meta property=\"product:retailer_item_id\" content=\"EG2025-45\" \/>\n<meta property=\"product:condition\" content=\"new\" \/>\n<meta name=\"geo.placename\" content=\"CORRO D`AVALL\" \/>\n<meta name=\"geo.region\" content=\"Espanha\" \/>\n<!-- \/ Yoast SEO Premium plugin. -->","yoast_head_json":{"title":"Detector de fugas de gas EG DETECTOR | Recambios EcoGas | Sistemas GLP y GNC","description":"EG DETECTOR: dispositivo profesional para detectar fugas de gas en sistemas GLP\/GNC. Compacto, preciso y obligatorio en ITV.","robots":{"index":"index","follow":"follow","max-snippet":"max-snippet:-1","max-image-preview":"max-image-preview:large","max-video-preview":"max-video-preview:-1"},"canonical":"https:\/\/recambiosecogas.com\/pt-pt\/produto\/detector-de-eg\/","og_locale":"pt_PT","og_type":"article","og_title":"Detector de fugas de gas EG DETECTOR","og_description":"EG DETECTOR: dispositivo profesional para detectar fugas de gas en sistemas GLP\/GNC. Compacto, preciso y obligatorio en ITV.","og_url":"https:\/\/recambiosecogas.com\/pt-pt\/produto\/detector-de-eg\/","og_site_name":"Recambios EcoGas","article_publisher":"https:\/\/www.facebook.com\/profile.php?id=100062419705358","article_modified_time":"2026-03-23T09:24:54+00:00","og_image":[{"width":1000,"height":1000,"url":"https:\/\/recambiosecogas.com\/wp-content\/uploads\/2025\/10\/eg-detector.webp","type":"image\/png"}],"twitter_card":"summary_large_image","twitter_misc":{"pre\u00e7o":"74,20&nbsp;&euro; (IVA incl.: 89,78&nbsp;&euro;)","Disponibilidade":"Por encomenda"},"schema":{"@context":"https:\/\/schema.org","@graph":[{"@type":"WebPage","@id":"https:\/\/recambiosecogas.com\/pt-pt\/produto\/detector-de-eg\/","url":"https:\/\/recambiosecogas.com\/pt-pt\/produto\/detector-de-eg\/","name":"Detector de fugas de gas EG DETECTOR | Recambios EcoGas | Sistemas GLP y GNC","isPartOf":{"@id":"https:\/\/recambiosecogas.com\/pt-pt\/#website"},"primaryImageOfPage":{"@id":"https:\/\/recambiosecogas.com\/pt-pt\/produto\/detector-de-eg\/#primaryimage"},"image":{"@id":"https:\/\/recambiosecogas.com\/pt-pt\/produto\/detector-de-eg\/#primaryimage"},"thumbnailUrl":"https:\/\/recambiosecogas.com\/wp-content\/uploads\/2025\/10\/eg-detector.webp","datePublished":"2025-10-23T10:48:20+00:00","dateModified":"2026-03-23T09:24:54+00:00","description":"EG DETECTOR: dispositivo profesional para detectar fugas de gas en sistemas GLP\/GNC. Compacto, preciso y obligatorio en ITV.","breadcrumb":{"@id":"https:\/\/recambiosecogas.com\/pt-pt\/produto\/detector-de-eg\/#breadcrumb"},"inLanguage":"pt-PT","potentialAction":[{"@type":"ReadAction","target":["https:\/\/recambiosecogas.com\/pt-pt\/produto\/detector-de-eg\/"]}]},{"@type":"ImageObject","inLanguage":"pt-PT","@id":"https:\/\/recambiosecogas.com\/pt-pt\/produto\/detector-de-eg\/#primaryimage","url":"https:\/\/recambiosecogas.com\/wp-content\/uploads\/2025\/10\/eg-detector.webp","contentUrl":"https:\/\/recambiosecogas.com\/wp-content\/uploads\/2025\/10\/eg-detector.webp","width":1000,"height":1000,"caption":"EG DETECTOR: detector port\u00e1til com sensor de alta sensibilidade e sinal ac\u00fastico para fugas de g\u00e1s metano, propano e GNC."},{"@type":"BreadcrumbList","@id":"https:\/\/recambiosecogas.com\/pt-pt\/produto\/detector-de-eg\/#breadcrumb","itemListElement":[{"@type":"ListItem","position":1,"name":"P\u00e1gina inicial","item":"https:\/\/recambiosecogas.com\/pt-pt\/"},{"@type":"ListItem","position":2,"name":"Loja","item":"https:\/\/recambiosecogas.com\/pt-pt\/tienda\/"},{"@type":"ListItem","position":3,"name":"Detector de fugas de gas EG DETECTOR"}]},{"@type":"WebSite","@id":"https:\/\/recambiosecogas.com\/pt-pt\/#website","url":"https:\/\/recambiosecogas.com\/pt-pt\/","name":"Recambios EcoGas","description":"Pe\u00e7as multimarca para sistemas de GPL\/GNC\/GNL\/Hidrog\u00e9nio","publisher":{"@id":"https:\/\/recambiosecogas.com\/pt-pt\/#organization"},"alternateName":"Recambios Autogas GLP","potentialAction":[{"@type":"SearchAction","target":{"@type":"EntryPoint","urlTemplate":"https:\/\/recambiosecogas.com\/pt-pt\/?s={search_term_string}"},"query-input":{"@type":"PropertyValueSpecification","valueRequired":true,"valueName":"search_term_string"}}],"inLanguage":"pt-PT"},{"@type":["Organization","Place"],"@id":"https:\/\/recambiosecogas.com\/pt-pt\/#organization","name":"Recambios EcoGas","alternateName":"Loja de GPL Autog\u00e1s Espanha","url":"https:\/\/recambiosecogas.com\/pt-pt\/","logo":{"@id":"https:\/\/recambiosecogas.com\/pt-pt\/produto\/detector-de-eg\/#local-main-organization-logo"},"image":{"@id":"https:\/\/recambiosecogas.com\/pt-pt\/produto\/detector-de-eg\/#local-main-organization-logo"},"sameAs":["https:\/\/www.facebook.com\/profile.php?id=100062419705358","https:\/\/www.instagram.com\/segimon_automocio"],"description":"Recambios EcoGas \u2013 Venta y distribuci\u00f3n de sistemas GLP y GNC en Espa\u00f1a y Portugal. Env\u00edos 24 h, soporte t\u00e9cnico a talleres y distribuidores.","hasMerchantReturnPolicy":{"@type":"MerchantReturnPolicy","merchantReturnLink":"https:\/\/recambiosecogas.com\/politicas-privacidad\/"},"address":{"@id":"https:\/\/recambiosecogas.com\/pt-pt\/produto\/detector-de-eg\/#local-main-place-address"},"telephone":["616250633"],"contactPoint":{"@type":"ContactPoint","email":"export@recambiosecogas.com"},"openingHoursSpecification":[{"@type":"OpeningHoursSpecification","dayOfWeek":["Monday","Tuesday","Wednesday","Thursday","Friday","Saturday","Sunday"],"opens":"09:00","closes":"17:00"}],"email":"info@recambiosecogas.com","faxNumber":"SEGIMON AUTOMOCION SL","vatID":"ESB19819861","globalLocationNumber":"938 616 339"},{"@type":"PostalAddress","@id":"https:\/\/recambiosecogas.com\/pt-pt\/produto\/detector-de-eg\/#local-main-place-address","streetAddress":"cami antic de vic, 29 (Nave 3), Pol\u00edgono Industrial Congost","addressLocality":"CORRO D`AVALL","postalCode":"08520","addressRegion":"Barcelona","addressCountry":"ES"},{"@type":"ImageObject","inLanguage":"pt-PT","@id":"https:\/\/recambiosecogas.com\/pt-pt\/produto\/detector-de-eg\/#local-main-organization-logo","url":"https:\/\/recambiosecogas.com\/wp-content\/uploads\/2024\/11\/cropped-RECAMBIOS-GLP-png.webp","contentUrl":"https:\/\/recambiosecogas.com\/wp-content\/uploads\/2024\/11\/cropped-RECAMBIOS-GLP-png.webp","width":512,"height":512,"caption":"Recambios EcoGas"}]},"product_price_amount":"74.20","product_price_currency":"EUR","og_availability":"backorder","product_availability":"available for order","product_retailer_item_id":"EG2025-45","product_condition":"new","geo.placename":"CORRO D`AVALL","geo.region":"Espanha"},"uagb_featured_image_src":{"full":["https:\/\/recambiosecogas.com\/wp-content\/uploads\/2025\/10\/eg-detector.webp",1000,1000,false],"thumbnail":["https:\/\/recambiosecogas.com\/wp-content\/uploads\/2025\/10\/eg-detector-150x150.webp",150,150,true],"medium":["https:\/\/recambiosecogas.com\/wp-content\/uploads\/2025\/10\/eg-detector-300x300.webp",300,300,true],"medium_large":["https:\/\/recambiosecogas.com\/wp-content\/uploads\/2025\/10\/eg-detector-768x768.webp",768,768,true],"large":["https:\/\/recambiosecogas.com\/wp-content\/uploads\/2025\/10\/eg-detector.webp",1000,1000,false],"1536x1536":["https:\/\/recambiosecogas.com\/wp-content\/uploads\/2025\/10\/eg-detector.webp",1000,1000,false],"2048x2048":["https:\/\/recambiosecogas.com\/wp-content\/uploads\/2025\/10\/eg-detector.webp",1000,1000,false],"woocommerce_archive_thumbnail":["https:\/\/recambiosecogas.com\/wp-content\/uploads\/2025\/10\/eg-detector.webp",1000,1000,false],"woocommerce_thumbnail":["https:\/\/recambiosecogas.com\/wp-content\/uploads\/2025\/10\/eg-detector-300x300.webp",300,300,true],"woocommerce_single":["https:\/\/recambiosecogas.com\/wp-content\/uploads\/2025\/10\/eg-detector.webp",1000,1000,false],"woocommerce_gallery_thumbnail":["https:\/\/recambiosecogas.com\/wp-content\/uploads\/2025\/10\/eg-detector.webp",1000,1000,false],"dgwt-wcas-product-suggestion":["https:\/\/recambiosecogas.com\/wp-content\/uploads\/2025\/10\/eg-detector-64x64.webp",64,64,true]},"uagb_author_info":{"display_name":"Fran - Soporte T\u00e9cnico","author_link":"https:\/\/recambiosecogas.com\/pt-pt\/author\/"},"uagb_comment_info":0,"uagb_excerpt":"Detector de fugas de gas EG DETECTOR para GLP, GNC, metano y propano El EG DETECTOR es una herramienta esencial para detectar fugas de gas en veh\u00edculos con sistemas GLP o GNC. Este dispositivo port\u00e1til ofrece una alta sensibilidad y un funcionamiento fiable. Adem\u00e1s, es ideal tanto para talleres especializados como para estaciones de inspecci\u00f3n&hellip;","_links":{"self":[{"href":"https:\/\/recambiosecogas.com\/pt-pt\/wp-json\/wp\/v2\/product\/42407","targetHints":{"allow":["GET"]}}],"collection":[{"href":"https:\/\/recambiosecogas.com\/pt-pt\/wp-json\/wp\/v2\/product"}],"about":[{"href":"https:\/\/recambiosecogas.com\/pt-pt\/wp-json\/wp\/v2\/types\/product"}],"replies":[{"embeddable":true,"href":"https:\/\/recambiosecogas.com\/pt-pt\/wp-json\/wp\/v2\/comments?post=42407"}],"wp:featuredmedia":[{"embeddable":true,"href":"https:\/\/recambiosecogas.com\/pt-pt\/wp-json\/wp\/v2\/media\/42408"}],"wp:attachment":[{"href":"https:\/\/recambiosecogas.com\/pt-pt\/wp-json\/wp\/v2\/media?parent=42407"}],"wp:term":[{"taxonomy":"product_brand","embeddable":true,"href":"https:\/\/recambiosecogas.com\/pt-pt\/wp-json\/wp\/v2\/product_brand?post=42407"},{"taxonomy":"product_cat","embeddable":true,"href":"https:\/\/recambiosecogas.com\/pt-pt\/wp-json\/wp\/v2\/product_cat?post=42407"},{"taxonomy":"product_tag","embeddable":true,"href":"https:\/\/recambiosecogas.com\/pt-pt\/wp-json\/wp\/v2\/product_tag?post=42407"}],"curies":[{"name":"wp","href":"https:\/\/api.w.org\/{rel}","templated":true}]}}