{"id":42403,"date":"2025-10-23T11:48:18","date_gmt":"2025-10-23T10:48:18","guid":{"rendered":"https:\/\/recambiosecogas.com\/producto\/reiniciador-del-nivel-de-combustible-eg\/"},"modified":"2026-03-31T11:12:27","modified_gmt":"2026-03-31T10:12:27","slug":"reiniciador-del-nivel-de-combustible-eg","status":"publish","type":"product","link":"https:\/\/recambiosecogas.com\/pt-pt\/produto\/reiniciador-del-nivel-de-combustible-eg\/","title":{"rendered":"Reiniciador del nivel de combustible EUROPEGAS"},"content":{"rendered":"<h1 style=\"text-align: center;\" data-start=\"157\" data-end=\"207\"><strong data-start=\"157\" data-end=\"207\">Reiniciador del nivel de combustible EUROPEGAS<\/strong><\/h1>\n<h3 data-start=\"349\" data-end=\"434\">EG Fuel Level Resetter v2.6 | Emulador de nivel de combustible para coches GLP<\/h3>\n<p data-start=\"436\" data-end=\"836\">El <strong data-start=\"439\" data-end=\"470\">EG Fuel Level Resetter v2.6<\/strong> es un <strong data-start=\"477\" data-end=\"513\">emulador de nivel de combustible<\/strong> dise\u00f1ado para veh\u00edculos con instalaci\u00f3n <strong data-start=\"554\" data-end=\"571\">GLP (autogas)<\/strong> que utilizan un <strong data-start=\"588\" data-end=\"639\">sensor resistivo de gasolina con cable de se\u00f1al<\/strong>. Su funci\u00f3n es resolver un problema muy com\u00fan: cuando se circula con gas, la aguja del combustible desciende progresivamente, y <strong data-start=\"768\" data-end=\"835\">no se actualiza autom\u00e1ticamente tras apagar y encender el motor<\/strong>.<\/p>\n<p data-start=\"838\" data-end=\"1085\">Este dispositivo restablece el nivel correcto de gasolina tras reiniciar el veh\u00edculo, simulando el efecto de haber repostado. De este modo, evita confusiones en el conductor y mantiene una lectura precisa del nivel de gasolina real en el dep\u00f3sito.<\/p>\n<p data-start=\"1087\" data-end=\"1327\">Su funcionamiento es completamente autom\u00e1tico y no interfiere con la instalaci\u00f3n de gas. Gracias a su dise\u00f1o compacto y su amplio rango t\u00e9rmico, es apto para instalar en una gran variedad de modelos de veh\u00edculos modernos y adaptaciones GLP.<\/p>\n<hr data-start=\"1329\" data-end=\"1332\" \/>\n<h4 data-start=\"1334\" data-end=\"1376\">Ventajas del EG Fuel Level Resetter<\/h4>\n<ul data-start=\"1378\" data-end=\"1798\">\n<li data-start=\"1378\" data-end=\"1451\">\n<p data-start=\"1380\" data-end=\"1451\">Restablece autom\u00e1ticamente el nivel de gasolina tras circular con GLP<\/p>\n<\/li>\n<li data-start=\"1452\" data-end=\"1514\">\n<p data-start=\"1454\" data-end=\"1514\">Compatible con sensores resistivos de nivel de combustible<\/p>\n<\/li>\n<li data-start=\"1515\" data-end=\"1581\">\n<p data-start=\"1517\" data-end=\"1581\">Simula reabastecimiento de combustible tras reinicio del motor<\/p>\n<\/li>\n<li data-start=\"1582\" data-end=\"1655\">\n<p data-start=\"1584\" data-end=\"1655\">Mejora la precisi\u00f3n del indicador de gasolina sin intervenci\u00f3n manual<\/p>\n<\/li>\n<li data-start=\"1656\" data-end=\"1726\">\n<p data-start=\"1658\" data-end=\"1726\">Apto para una amplia gama de autom\u00f3viles con sistema GLP instalado<\/p>\n<\/li>\n<li data-start=\"1727\" data-end=\"1798\">\n<p data-start=\"1729\" data-end=\"1798\">Funcionamiento estable incluso en condiciones extremas de temperatura<\/p>\n<\/li>\n<\/ul>\n<hr data-start=\"1800\" data-end=\"1803\" \/>\n<h3 data-start=\"1805\" data-end=\"1836\">Caracter\u00edsticas t\u00e9cnicas<\/h3>\n<div class=\"_tableContainer_1rjym_1\">\n<div class=\"group _tableWrapper_1rjym_13 flex w-fit flex-col-reverse\" tabindex=\"-1\">\n<table class=\"w-fit min-w-(--thread-content-width)\" style=\"width: 568px;\" data-start=\"1838\" data-end=\"2708\">\n<thead data-start=\"1838\" data-end=\"1916\">\n<tr data-start=\"1838\" data-end=\"1916\">\n<th style=\"width: 227.344px;\" data-start=\"1838\" data-end=\"1872\" data-col-size=\"sm\"><strong data-start=\"1840\" data-end=\"1858\">Especificaci\u00f3n<\/strong><\/th>\n<th style=\"width: 325.767px;\" data-start=\"1872\" data-end=\"1916\" data-col-size=\"sm\"><strong data-start=\"1874\" data-end=\"1885\">Detalle<\/strong><\/th>\n<\/tr>\n<\/thead>\n<tbody data-start=\"1998\" data-end=\"2708\">\n<tr data-start=\"1998\" data-end=\"2076\">\n<td style=\"width: 227.344px;\" data-start=\"1998\" data-end=\"2032\" data-col-size=\"sm\">Modelo<\/td>\n<td style=\"width: 325.767px;\" data-col-size=\"sm\" data-start=\"2032\" data-end=\"2076\">EG Fuel Level Resetter v2.6<\/td>\n<\/tr>\n<tr data-start=\"2077\" data-end=\"2155\">\n<td style=\"width: 227.344px;\" data-start=\"2077\" data-end=\"2111\" data-col-size=\"sm\">Tipo<\/td>\n<td style=\"width: 325.767px;\" data-col-size=\"sm\" data-start=\"2111\" data-end=\"2155\">Emulador de nivel de combustible<\/td>\n<\/tr>\n<tr data-start=\"2156\" data-end=\"2234\">\n<td style=\"width: 227.344px;\" data-start=\"2156\" data-end=\"2190\" data-col-size=\"sm\">Aplicaci\u00f3n<\/td>\n<td style=\"width: 325.767px;\" data-col-size=\"sm\" data-start=\"2190\" data-end=\"2234\">Veh\u00edculos con GLP y sensor resistivo<\/td>\n<\/tr>\n<tr data-start=\"2235\" data-end=\"2313\">\n<td style=\"width: 227.344px;\" data-start=\"2235\" data-end=\"2269\" data-col-size=\"sm\">Funci\u00f3n principal<\/td>\n<td style=\"width: 325.767px;\" data-col-size=\"sm\" data-start=\"2269\" data-end=\"2313\">Restablecer el nivel real de gasolina<\/td>\n<\/tr>\n<tr data-start=\"2314\" data-end=\"2392\">\n<td style=\"width: 227.344px;\" data-start=\"2314\" data-end=\"2348\" data-col-size=\"sm\">Emulaci\u00f3n<\/td>\n<td style=\"width: 325.767px;\" data-col-size=\"sm\" data-start=\"2348\" data-end=\"2392\">Repostaje tras arranque<\/td>\n<\/tr>\n<tr data-start=\"2393\" data-end=\"2471\">\n<td style=\"width: 227.344px;\" data-start=\"2393\" data-end=\"2427\" data-col-size=\"sm\">Rango de temperatura operativa<\/td>\n<td style=\"width: 325.767px;\" data-col-size=\"sm\" data-start=\"2427\" data-end=\"2471\">\u201340\u202f\u00b0C a +120\u202f\u00b0C<\/td>\n<\/tr>\n<tr data-start=\"2472\" data-end=\"2550\">\n<td style=\"width: 227.344px;\" data-start=\"2472\" data-end=\"2506\" data-col-size=\"sm\">Instalaci\u00f3n<\/td>\n<td style=\"width: 325.767px;\" data-col-size=\"sm\" data-start=\"2506\" data-end=\"2550\">En l\u00ednea con sensor de nivel<\/td>\n<\/tr>\n<tr data-start=\"2551\" data-end=\"2629\">\n<td style=\"width: 227.344px;\" data-start=\"2551\" data-end=\"2585\" data-col-size=\"sm\">Compatibilidad<\/td>\n<td style=\"width: 325.767px;\" data-col-size=\"sm\" data-start=\"2585\" data-end=\"2629\">Multimarca \u2013 sensores resistivos<\/td>\n<\/tr>\n<tr data-start=\"2630\" data-end=\"2708\">\n<td style=\"width: 227.344px;\" data-start=\"2630\" data-end=\"2664\" data-col-size=\"sm\">Uso recomendado<\/td>\n<td style=\"width: 325.767px;\" data-col-size=\"sm\" data-start=\"2664\" data-end=\"2708\">Coches convertidos a GLP<\/td>\n<\/tr>\n<\/tbody>\n<\/table>\n<\/div>\n<\/div>\n<p>Caracter\u00edsticas t\u00e9cnicas<\/p>\n<p>Especificaci\u00f3n<br \/>\nDetalle<\/p>\n<p>Modelo<br \/>\nEG Fuel Level Resetter v2.6<\/p>\n<p>Tipo<br \/>\nEmulador de nivel de combustible<\/p>\n<p>Aplicaci\u00f3n<br \/>\nVeh\u00edculos con GLP y sensor resistivo<\/p>\n<p>Funci\u00f3n principal<br \/>\nRestablecer el nivel real de gasolina<\/p>\n<p>Emulaci\u00f3n<br \/>\nRepostaje tras arranque<\/p>\n<p>Rango de temperatura operativa<br \/>\n\u201340\u202f\u00b0C a +120\u202f\u00b0C<\/p>\n<p>Instalaci\u00f3n<br \/>\nEn l\u00ednea con sensor de nivel<\/p>\n<p>Compatibilidad<br \/>\nMultimarca \u2013 sensores resistivos<\/p>\n<p>Uso recomendado<br \/>\nCoches convertidos a GLP<\/p>\n","protected":false},"excerpt":{"rendered":"<p>El Reiniciador del nivel de combustible EUROPEGAS es un emulador dise\u00f1ado para veh\u00edculos GLP, que restablece autom\u00e1ticamente el nivel de gasolina tras el reinicio.<\/p>\n","protected":false},"featured_media":42404,"comment_status":"open","ping_status":"closed","template":"","meta":{"googlesitekit_rrm_CAowud7EDA:productID":"","_uag_custom_page_level_css":""},"product_brand":[],"product_cat":[2071],"product_tag":[],"class_list":{"0":"post-42403","1":"product","2":"type-product","3":"status-publish","4":"has-post-thumbnail","6":"product_cat-accesorio-eg","8":"first","9":"instock","10":"taxable","11":"shipping-taxable","12":"purchasable","13":"product-type-simple"},"ct_brands":[],"yoast_head":"<!-- This site is optimized with the Yoast SEO Premium plugin v27.3 (Yoast SEO v27.3) - https:\/\/yoast.com\/product\/yoast-seo-premium-wordpress\/ -->\n<title>Reiniciador del nivel de combustible EUROPEGAS | Recambios EcoGas | Sistemas GLP y GNC<\/title>\n<meta name=\"description\" content=\"Reiniciador del nivel de combustible EUROPEGAS. Soluciona el fallo de la aguja tras circular con GLP. Compatible con sensores resistivos.\" \/>\n<meta name=\"robots\" content=\"index, follow, max-snippet:-1, max-image-preview:large, max-video-preview:-1\" \/>\n<link rel=\"canonical\" href=\"https:\/\/recambiosecogas.com\/pt-pt\/produto\/reiniciador-del-nivel-de-combustible-eg\/\" \/>\n<meta property=\"og:locale\" content=\"pt_PT\" \/>\n<meta property=\"og:type\" content=\"article\" \/>\n<meta property=\"og:title\" content=\"Reiniciador del nivel de combustible EUROPEGAS\" \/>\n<meta property=\"og:description\" content=\"Reiniciador del nivel de combustible EUROPEGAS. Soluciona el fallo de la aguja tras circular con GLP. Compatible con sensores resistivos.\" \/>\n<meta property=\"og:url\" content=\"https:\/\/recambiosecogas.com\/pt-pt\/produto\/reiniciador-del-nivel-de-combustible-eg\/\" \/>\n<meta property=\"og:site_name\" content=\"Recambios EcoGas\" \/>\n<meta property=\"article:publisher\" content=\"https:\/\/www.facebook.com\/profile.php?id=100062419705358\" \/>\n<meta property=\"article:modified_time\" content=\"2026-03-31T10:12:27+00:00\" \/>\n<meta property=\"og:image\" content=\"https:\/\/recambiosecogas.com\/wp-content\/uploads\/2025\/10\/fuel-level-resetter-eg.webp\" \/>\n\t<meta property=\"og:image:width\" content=\"1000\" \/>\n\t<meta property=\"og:image:height\" content=\"1000\" \/>\n\t<meta property=\"og:image:type\" content=\"image\/png\" \/>\n<meta name=\"twitter:card\" content=\"summary_large_image\" \/>\n<meta name=\"twitter:label1\" content=\"pre\u00e7o\" \/>\n\t<meta name=\"twitter:data1\" content=\"21,25&nbsp;&euro; (IVA incl.: 25,71&nbsp;&euro;)\" \/>\n\t<meta name=\"twitter:label2\" content=\"Disponibilidade\" \/>\n\t<meta name=\"twitter:data2\" content=\"Em stock\" \/>\n<script type=\"application\/ld+json\" class=\"yoast-schema-graph\">{\"@context\":\"https:\\\/\\\/schema.org\",\"@graph\":[{\"@type\":\"WebPage\",\"@id\":\"https:\\\/\\\/recambiosecogas.com\\\/pt-pt\\\/produto\\\/reiniciador-del-nivel-de-combustible-eg\\\/\",\"url\":\"https:\\\/\\\/recambiosecogas.com\\\/pt-pt\\\/produto\\\/reiniciador-del-nivel-de-combustible-eg\\\/\",\"name\":\"Reiniciador del nivel de combustible EUROPEGAS | Recambios EcoGas | Sistemas GLP y GNC\",\"isPartOf\":{\"@id\":\"https:\\\/\\\/recambiosecogas.com\\\/pt-pt\\\/#website\"},\"primaryImageOfPage\":{\"@id\":\"https:\\\/\\\/recambiosecogas.com\\\/pt-pt\\\/produto\\\/reiniciador-del-nivel-de-combustible-eg\\\/#primaryimage\"},\"image\":{\"@id\":\"https:\\\/\\\/recambiosecogas.com\\\/pt-pt\\\/produto\\\/reiniciador-del-nivel-de-combustible-eg\\\/#primaryimage\"},\"thumbnailUrl\":\"https:\\\/\\\/recambiosecogas.com\\\/wp-content\\\/uploads\\\/2025\\\/10\\\/fuel-level-resetter-eg.webp\",\"datePublished\":\"2025-10-23T10:48:18+00:00\",\"dateModified\":\"2026-03-31T10:12:27+00:00\",\"description\":\"Reiniciador del nivel de combustible EUROPEGAS. Soluciona el fallo de la aguja tras circular con GLP. Compatible con sensores resistivos.\",\"breadcrumb\":{\"@id\":\"https:\\\/\\\/recambiosecogas.com\\\/pt-pt\\\/produto\\\/reiniciador-del-nivel-de-combustible-eg\\\/#breadcrumb\"},\"inLanguage\":\"pt-PT\",\"potentialAction\":[{\"@type\":\"ReadAction\",\"target\":[\"https:\\\/\\\/recambiosecogas.com\\\/pt-pt\\\/produto\\\/reiniciador-del-nivel-de-combustible-eg\\\/\"]}]},{\"@type\":\"ImageObject\",\"inLanguage\":\"pt-PT\",\"@id\":\"https:\\\/\\\/recambiosecogas.com\\\/pt-pt\\\/produto\\\/reiniciador-del-nivel-de-combustible-eg\\\/#primaryimage\",\"url\":\"https:\\\/\\\/recambiosecogas.com\\\/wp-content\\\/uploads\\\/2025\\\/10\\\/fuel-level-resetter-eg.webp\",\"contentUrl\":\"https:\\\/\\\/recambiosecogas.com\\\/wp-content\\\/uploads\\\/2025\\\/10\\\/fuel-level-resetter-eg.webp\",\"width\":1000,\"height\":1000},{\"@type\":\"BreadcrumbList\",\"@id\":\"https:\\\/\\\/recambiosecogas.com\\\/pt-pt\\\/produto\\\/reiniciador-del-nivel-de-combustible-eg\\\/#breadcrumb\",\"itemListElement\":[{\"@type\":\"ListItem\",\"position\":1,\"name\":\"P\u00e1gina inicial\",\"item\":\"https:\\\/\\\/recambiosecogas.com\\\/pt-pt\\\/\"},{\"@type\":\"ListItem\",\"position\":2,\"name\":\"Loja\",\"item\":\"https:\\\/\\\/recambiosecogas.com\\\/pt-pt\\\/tienda\\\/\"},{\"@type\":\"ListItem\",\"position\":3,\"name\":\"Reiniciador del nivel de combustible EUROPEGAS\"}]},{\"@type\":\"WebSite\",\"@id\":\"https:\\\/\\\/recambiosecogas.com\\\/pt-pt\\\/#website\",\"url\":\"https:\\\/\\\/recambiosecogas.com\\\/pt-pt\\\/\",\"name\":\"Recambios EcoGas\",\"description\":\"Pe\u00e7as multimarca para sistemas de GPL\\\/GNC\\\/GNL\\\/Hidrog\u00e9nio\",\"publisher\":{\"@id\":\"https:\\\/\\\/recambiosecogas.com\\\/pt-pt\\\/#organization\"},\"alternateName\":\"Recambios Autogas GLP\",\"potentialAction\":[{\"@type\":\"SearchAction\",\"target\":{\"@type\":\"EntryPoint\",\"urlTemplate\":\"https:\\\/\\\/recambiosecogas.com\\\/pt-pt\\\/?s={search_term_string}\"},\"query-input\":{\"@type\":\"PropertyValueSpecification\",\"valueRequired\":true,\"valueName\":\"search_term_string\"}}],\"inLanguage\":\"pt-PT\"},{\"@type\":[\"Organization\",\"Place\"],\"@id\":\"https:\\\/\\\/recambiosecogas.com\\\/pt-pt\\\/#organization\",\"name\":\"Recambios EcoGas\",\"alternateName\":\"Loja de GPL Autog\u00e1s Espanha\",\"url\":\"https:\\\/\\\/recambiosecogas.com\\\/pt-pt\\\/\",\"logo\":{\"@id\":\"https:\\\/\\\/recambiosecogas.com\\\/pt-pt\\\/produto\\\/reiniciador-del-nivel-de-combustible-eg\\\/#local-main-organization-logo\"},\"image\":{\"@id\":\"https:\\\/\\\/recambiosecogas.com\\\/pt-pt\\\/produto\\\/reiniciador-del-nivel-de-combustible-eg\\\/#local-main-organization-logo\"},\"sameAs\":[\"https:\\\/\\\/www.facebook.com\\\/profile.php?id=100062419705358\",\"https:\\\/\\\/www.instagram.com\\\/segimon_automocio\"],\"description\":\"Recambios EcoGas \u2013 Venta y distribuci\u00f3n de sistemas GLP y GNC en Espa\u00f1a y Portugal. Env\u00edos 24 h, soporte t\u00e9cnico a talleres y distribuidores.\",\"hasMerchantReturnPolicy\":{\"@type\":\"MerchantReturnPolicy\",\"merchantReturnLink\":\"https:\\\/\\\/recambiosecogas.com\\\/politicas-privacidad\\\/\"},\"address\":{\"@id\":\"https:\\\/\\\/recambiosecogas.com\\\/pt-pt\\\/produto\\\/reiniciador-del-nivel-de-combustible-eg\\\/#local-main-place-address\"},\"telephone\":[\"616250633\"],\"contactPoint\":{\"@type\":\"ContactPoint\",\"email\":\"export@recambiosecogas.com\"},\"openingHoursSpecification\":[{\"@type\":\"OpeningHoursSpecification\",\"dayOfWeek\":[\"Monday\",\"Tuesday\",\"Wednesday\",\"Thursday\",\"Friday\",\"Saturday\",\"Sunday\"],\"opens\":\"09:00\",\"closes\":\"17:00\"}],\"email\":\"info@recambiosecogas.com\",\"faxNumber\":\"SEGIMON AUTOMOCION SL\",\"vatID\":\"ESB19819861\",\"globalLocationNumber\":\"938 616 339\"},{\"@type\":\"PostalAddress\",\"@id\":\"https:\\\/\\\/recambiosecogas.com\\\/pt-pt\\\/produto\\\/reiniciador-del-nivel-de-combustible-eg\\\/#local-main-place-address\",\"streetAddress\":\"cami antic de vic, 29 (Nave 3), Pol\u00edgono Industrial Congost\",\"addressLocality\":\"CORRO D`AVALL\",\"postalCode\":\"08520\",\"addressRegion\":\"Barcelona\",\"addressCountry\":\"ES\"},{\"@type\":\"ImageObject\",\"inLanguage\":\"pt-PT\",\"@id\":\"https:\\\/\\\/recambiosecogas.com\\\/pt-pt\\\/produto\\\/reiniciador-del-nivel-de-combustible-eg\\\/#local-main-organization-logo\",\"url\":\"https:\\\/\\\/recambiosecogas.com\\\/wp-content\\\/uploads\\\/2024\\\/11\\\/cropped-RECAMBIOS-GLP-png.webp\",\"contentUrl\":\"https:\\\/\\\/recambiosecogas.com\\\/wp-content\\\/uploads\\\/2024\\\/11\\\/cropped-RECAMBIOS-GLP-png.webp\",\"width\":512,\"height\":512,\"caption\":\"Recambios EcoGas\"}]}<\/script>\n<meta property=\"product:price:amount\" content=\"21.25\" \/>\n<meta property=\"product:price:currency\" content=\"EUR\" \/>\n<meta property=\"og:availability\" content=\"instock\" \/>\n<meta property=\"product:availability\" content=\"instock\" \/>\n<meta property=\"product:retailer_item_id\" content=\"EG2025-43\" \/>\n<meta property=\"product:condition\" content=\"new\" \/>\n<meta name=\"geo.placename\" content=\"CORRO D`AVALL\" \/>\n<meta name=\"geo.region\" content=\"Espanha\" \/>\n<!-- \/ Yoast SEO Premium plugin. -->","yoast_head_json":{"title":"Reiniciador del nivel de combustible EUROPEGAS | Recambios EcoGas | Sistemas GLP y GNC","description":"Reiniciador del nivel de combustible EUROPEGAS. Soluciona el fallo de la aguja tras circular con GLP. Compatible con sensores resistivos.","robots":{"index":"index","follow":"follow","max-snippet":"max-snippet:-1","max-image-preview":"max-image-preview:large","max-video-preview":"max-video-preview:-1"},"canonical":"https:\/\/recambiosecogas.com\/pt-pt\/produto\/reiniciador-del-nivel-de-combustible-eg\/","og_locale":"pt_PT","og_type":"article","og_title":"Reiniciador del nivel de combustible EUROPEGAS","og_description":"Reiniciador del nivel de combustible EUROPEGAS. Soluciona el fallo de la aguja tras circular con GLP. Compatible con sensores resistivos.","og_url":"https:\/\/recambiosecogas.com\/pt-pt\/produto\/reiniciador-del-nivel-de-combustible-eg\/","og_site_name":"Recambios EcoGas","article_publisher":"https:\/\/www.facebook.com\/profile.php?id=100062419705358","article_modified_time":"2026-03-31T10:12:27+00:00","og_image":[{"width":1000,"height":1000,"url":"https:\/\/recambiosecogas.com\/wp-content\/uploads\/2025\/10\/fuel-level-resetter-eg.webp","type":"image\/png"}],"twitter_card":"summary_large_image","twitter_misc":{"pre\u00e7o":"21,25&nbsp;&euro; (IVA incl.: 25,71&nbsp;&euro;)","Disponibilidade":"Em stock"},"schema":{"@context":"https:\/\/schema.org","@graph":[{"@type":"WebPage","@id":"https:\/\/recambiosecogas.com\/pt-pt\/produto\/reiniciador-del-nivel-de-combustible-eg\/","url":"https:\/\/recambiosecogas.com\/pt-pt\/produto\/reiniciador-del-nivel-de-combustible-eg\/","name":"Reiniciador del nivel de combustible EUROPEGAS | Recambios EcoGas | Sistemas GLP y GNC","isPartOf":{"@id":"https:\/\/recambiosecogas.com\/pt-pt\/#website"},"primaryImageOfPage":{"@id":"https:\/\/recambiosecogas.com\/pt-pt\/produto\/reiniciador-del-nivel-de-combustible-eg\/#primaryimage"},"image":{"@id":"https:\/\/recambiosecogas.com\/pt-pt\/produto\/reiniciador-del-nivel-de-combustible-eg\/#primaryimage"},"thumbnailUrl":"https:\/\/recambiosecogas.com\/wp-content\/uploads\/2025\/10\/fuel-level-resetter-eg.webp","datePublished":"2025-10-23T10:48:18+00:00","dateModified":"2026-03-31T10:12:27+00:00","description":"Reiniciador del nivel de combustible EUROPEGAS. Soluciona el fallo de la aguja tras circular con GLP. Compatible con sensores resistivos.","breadcrumb":{"@id":"https:\/\/recambiosecogas.com\/pt-pt\/produto\/reiniciador-del-nivel-de-combustible-eg\/#breadcrumb"},"inLanguage":"pt-PT","potentialAction":[{"@type":"ReadAction","target":["https:\/\/recambiosecogas.com\/pt-pt\/produto\/reiniciador-del-nivel-de-combustible-eg\/"]}]},{"@type":"ImageObject","inLanguage":"pt-PT","@id":"https:\/\/recambiosecogas.com\/pt-pt\/produto\/reiniciador-del-nivel-de-combustible-eg\/#primaryimage","url":"https:\/\/recambiosecogas.com\/wp-content\/uploads\/2025\/10\/fuel-level-resetter-eg.webp","contentUrl":"https:\/\/recambiosecogas.com\/wp-content\/uploads\/2025\/10\/fuel-level-resetter-eg.webp","width":1000,"height":1000},{"@type":"BreadcrumbList","@id":"https:\/\/recambiosecogas.com\/pt-pt\/produto\/reiniciador-del-nivel-de-combustible-eg\/#breadcrumb","itemListElement":[{"@type":"ListItem","position":1,"name":"P\u00e1gina inicial","item":"https:\/\/recambiosecogas.com\/pt-pt\/"},{"@type":"ListItem","position":2,"name":"Loja","item":"https:\/\/recambiosecogas.com\/pt-pt\/tienda\/"},{"@type":"ListItem","position":3,"name":"Reiniciador del nivel de combustible EUROPEGAS"}]},{"@type":"WebSite","@id":"https:\/\/recambiosecogas.com\/pt-pt\/#website","url":"https:\/\/recambiosecogas.com\/pt-pt\/","name":"Recambios EcoGas","description":"Pe\u00e7as multimarca para sistemas de GPL\/GNC\/GNL\/Hidrog\u00e9nio","publisher":{"@id":"https:\/\/recambiosecogas.com\/pt-pt\/#organization"},"alternateName":"Recambios Autogas GLP","potentialAction":[{"@type":"SearchAction","target":{"@type":"EntryPoint","urlTemplate":"https:\/\/recambiosecogas.com\/pt-pt\/?s={search_term_string}"},"query-input":{"@type":"PropertyValueSpecification","valueRequired":true,"valueName":"search_term_string"}}],"inLanguage":"pt-PT"},{"@type":["Organization","Place"],"@id":"https:\/\/recambiosecogas.com\/pt-pt\/#organization","name":"Recambios EcoGas","alternateName":"Loja de GPL Autog\u00e1s Espanha","url":"https:\/\/recambiosecogas.com\/pt-pt\/","logo":{"@id":"https:\/\/recambiosecogas.com\/pt-pt\/produto\/reiniciador-del-nivel-de-combustible-eg\/#local-main-organization-logo"},"image":{"@id":"https:\/\/recambiosecogas.com\/pt-pt\/produto\/reiniciador-del-nivel-de-combustible-eg\/#local-main-organization-logo"},"sameAs":["https:\/\/www.facebook.com\/profile.php?id=100062419705358","https:\/\/www.instagram.com\/segimon_automocio"],"description":"Recambios EcoGas \u2013 Venta y distribuci\u00f3n de sistemas GLP y GNC en Espa\u00f1a y Portugal. Env\u00edos 24 h, soporte t\u00e9cnico a talleres y distribuidores.","hasMerchantReturnPolicy":{"@type":"MerchantReturnPolicy","merchantReturnLink":"https:\/\/recambiosecogas.com\/politicas-privacidad\/"},"address":{"@id":"https:\/\/recambiosecogas.com\/pt-pt\/produto\/reiniciador-del-nivel-de-combustible-eg\/#local-main-place-address"},"telephone":["616250633"],"contactPoint":{"@type":"ContactPoint","email":"export@recambiosecogas.com"},"openingHoursSpecification":[{"@type":"OpeningHoursSpecification","dayOfWeek":["Monday","Tuesday","Wednesday","Thursday","Friday","Saturday","Sunday"],"opens":"09:00","closes":"17:00"}],"email":"info@recambiosecogas.com","faxNumber":"SEGIMON AUTOMOCION SL","vatID":"ESB19819861","globalLocationNumber":"938 616 339"},{"@type":"PostalAddress","@id":"https:\/\/recambiosecogas.com\/pt-pt\/produto\/reiniciador-del-nivel-de-combustible-eg\/#local-main-place-address","streetAddress":"cami antic de vic, 29 (Nave 3), Pol\u00edgono Industrial Congost","addressLocality":"CORRO D`AVALL","postalCode":"08520","addressRegion":"Barcelona","addressCountry":"ES"},{"@type":"ImageObject","inLanguage":"pt-PT","@id":"https:\/\/recambiosecogas.com\/pt-pt\/produto\/reiniciador-del-nivel-de-combustible-eg\/#local-main-organization-logo","url":"https:\/\/recambiosecogas.com\/wp-content\/uploads\/2024\/11\/cropped-RECAMBIOS-GLP-png.webp","contentUrl":"https:\/\/recambiosecogas.com\/wp-content\/uploads\/2024\/11\/cropped-RECAMBIOS-GLP-png.webp","width":512,"height":512,"caption":"Recambios EcoGas"}]},"product_price_amount":"21.25","product_price_currency":"EUR","og_availability":"instock","product_availability":"instock","product_retailer_item_id":"EG2025-43","product_condition":"new","geo.placename":"CORRO D`AVALL","geo.region":"Espanha"},"uagb_featured_image_src":{"full":["https:\/\/recambiosecogas.com\/wp-content\/uploads\/2025\/10\/fuel-level-resetter-eg.webp",1000,1000,false],"thumbnail":["https:\/\/recambiosecogas.com\/wp-content\/uploads\/2025\/10\/fuel-level-resetter-eg-150x150.webp",150,150,true],"medium":["https:\/\/recambiosecogas.com\/wp-content\/uploads\/2025\/10\/fuel-level-resetter-eg-300x300.webp",300,300,true],"medium_large":["https:\/\/recambiosecogas.com\/wp-content\/uploads\/2025\/10\/fuel-level-resetter-eg-768x768.webp",768,768,true],"large":["https:\/\/recambiosecogas.com\/wp-content\/uploads\/2025\/10\/fuel-level-resetter-eg.webp",1000,1000,false],"1536x1536":["https:\/\/recambiosecogas.com\/wp-content\/uploads\/2025\/10\/fuel-level-resetter-eg.webp",1000,1000,false],"2048x2048":["https:\/\/recambiosecogas.com\/wp-content\/uploads\/2025\/10\/fuel-level-resetter-eg.webp",1000,1000,false],"woocommerce_archive_thumbnail":["https:\/\/recambiosecogas.com\/wp-content\/uploads\/2025\/10\/fuel-level-resetter-eg.webp",1000,1000,false],"woocommerce_thumbnail":["https:\/\/recambiosecogas.com\/wp-content\/uploads\/2025\/10\/fuel-level-resetter-eg-300x300.webp",300,300,true],"woocommerce_single":["https:\/\/recambiosecogas.com\/wp-content\/uploads\/2025\/10\/fuel-level-resetter-eg.webp",1000,1000,false],"woocommerce_gallery_thumbnail":["https:\/\/recambiosecogas.com\/wp-content\/uploads\/2025\/10\/fuel-level-resetter-eg.webp",1000,1000,false],"dgwt-wcas-product-suggestion":["https:\/\/recambiosecogas.com\/wp-content\/uploads\/2025\/10\/fuel-level-resetter-eg-64x64.webp",64,64,true]},"uagb_author_info":{"display_name":"Fran - Soporte T\u00e9cnico","author_link":"https:\/\/recambiosecogas.com\/pt-pt\/author\/"},"uagb_comment_info":0,"uagb_excerpt":"El Reiniciador del nivel de combustible EUROPEGAS es un emulador dise\u00f1ado para veh\u00edculos GLP, que restablece autom\u00e1ticamente el nivel de gasolina tras el reinicio.","_links":{"self":[{"href":"https:\/\/recambiosecogas.com\/pt-pt\/wp-json\/wp\/v2\/product\/42403","targetHints":{"allow":["GET"]}}],"collection":[{"href":"https:\/\/recambiosecogas.com\/pt-pt\/wp-json\/wp\/v2\/product"}],"about":[{"href":"https:\/\/recambiosecogas.com\/pt-pt\/wp-json\/wp\/v2\/types\/product"}],"replies":[{"embeddable":true,"href":"https:\/\/recambiosecogas.com\/pt-pt\/wp-json\/wp\/v2\/comments?post=42403"}],"wp:featuredmedia":[{"embeddable":true,"href":"https:\/\/recambiosecogas.com\/pt-pt\/wp-json\/wp\/v2\/media\/42404"}],"wp:attachment":[{"href":"https:\/\/recambiosecogas.com\/pt-pt\/wp-json\/wp\/v2\/media?parent=42403"}],"wp:term":[{"taxonomy":"product_brand","embeddable":true,"href":"https:\/\/recambiosecogas.com\/pt-pt\/wp-json\/wp\/v2\/product_brand?post=42403"},{"taxonomy":"product_cat","embeddable":true,"href":"https:\/\/recambiosecogas.com\/pt-pt\/wp-json\/wp\/v2\/product_cat?post=42403"},{"taxonomy":"product_tag","embeddable":true,"href":"https:\/\/recambiosecogas.com\/pt-pt\/wp-json\/wp\/v2\/product_tag?post=42403"}],"curies":[{"name":"wp","href":"https:\/\/api.w.org\/{rel}","templated":true}]}}