{"id":42402,"date":"2025-10-23T11:48:17","date_gmt":"2025-10-23T10:48:17","guid":{"rendered":"https:\/\/recambiosecogas.com\/producto\/eg-hls\/"},"modified":"2026-03-31T11:12:20","modified_gmt":"2026-03-31T10:12:20","slug":"eg-hls","status":"publish","type":"product","link":"https:\/\/recambiosecogas.com\/pt-pt\/produto\/eg-hls\/","title":{"rendered":"Sensor HLS EUROPEGAS"},"content":{"rendered":"<div class=\"vc_col-sm-6 wpb_column vc_column_container\">\n<div class=\"vc_column-inner\">\n<div class=\"wpb_wrapper\">\n<div class=\"wpb_text_column\">\n<div class=\"wpb_wrapper\">\n<div class=\"woocommerce-tabs wc-tabs-wrapper\">\n<div id=\"tab-dane-techniczne\" class=\"woocommerce-Tabs-panel woocommerce-Tabs-panel--dane-techniczne panel entry-content wc-tab\" role=\"tabpanel\" aria-labelledby=\"tab-title-dane-techniczne\">\n<div class=\"woocommerce-tabs wc-tabs-wrapper\">\n<div id=\"tab-dane-techniczne\" class=\"woocommerce-Tabs-panel woocommerce-Tabs-panel--dane-techniczne panel entry-content wc-tab\" role=\"tabpanel\" aria-labelledby=\"tab-title-dane-techniczne\">\n<div class=\"filename\">\n<h1 style=\"text-align: center;\" data-start=\"325\" data-end=\"400\">Sensor HLS EUROPEGAS | Medidor de nivel de gas sin contacto para GLP<\/h1>\n<p data-start=\"402\" data-end=\"852\">El <strong data-start=\"405\" data-end=\"432\">Sensor HLS de EUROPEGAS<\/strong> es un dispositivo de <strong data-start=\"454\" data-end=\"479\">medici\u00f3n sin contacto<\/strong> dise\u00f1ado para transmitir con precisi\u00f3n el <strong data-start=\"522\" data-end=\"542\">nivel de gas GLP<\/strong> en el dep\u00f3sito al controlador de la instalaci\u00f3n, y desde all\u00ed al interruptor de combustible ubicado en el interior del veh\u00edculo. Este sensor electr\u00f3nico utiliza la <strong data-start=\"707\" data-end=\"736\">tecnolog\u00eda de efecto Hall<\/strong> para ofrecer una lectura estable y lineal, eliminando el desgaste asociado a los sensores resistivos tradicionales.<\/p>\n<p data-start=\"854\" data-end=\"1187\">Gracias a su dise\u00f1o <strong data-start=\"874\" data-end=\"911\">sin componentes mec\u00e1nicos m\u00f3viles<\/strong>, el Sensor HLS proporciona una lectura <strong data-start=\"951\" data-end=\"975\">m\u00e1s precisa y fiable<\/strong> del nivel de gas, mejorando tanto la funcionalidad como la durabilidad del sistema GLP. Adem\u00e1s, su bajo consumo el\u00e9ctrico (entre 10 y 12 mA) lo hace ideal para veh\u00edculos con necesidades de eficiencia energ\u00e9tica.<\/p>\n<p data-start=\"1189\" data-end=\"1525\">Est\u00e1 especialmente dise\u00f1ado para trabajar con <strong data-start=\"1235\" data-end=\"1262\">multiv\u00e1lvulas Tomasetto<\/strong>, tanto en <strong data-start=\"1273\" data-end=\"1336\">dep\u00f3sitos cil\u00edndricos como toroidales (internos y externos)<\/strong>, y es totalmente compatible con todas las centralitas de la marca <strong data-start=\"1403\" data-end=\"1416\">EUROPEGAS<\/strong>, as\u00ed como con otros sistemas que utilicen sensores en el rango de <strong data-start=\"1483\" data-end=\"1494\">0 a 5 V<\/strong> con alimentaci\u00f3n de <strong data-start=\"1515\" data-end=\"1524\">+12 V<\/strong>.<\/p>\n<hr data-start=\"1527\" data-end=\"1530\" \/>\n<h4 data-start=\"1532\" data-end=\"1572\">Ventajas del Sensor HLS EUROPEGAS<\/h4>\n<ul data-start=\"1574\" data-end=\"2015\">\n<li data-start=\"1574\" data-end=\"1645\">\n<p data-start=\"1576\" data-end=\"1645\">Sensor de nivel sin contacto con tecnolog\u00eda Hall (mayor fiabilidad)<\/p>\n<\/li>\n<li data-start=\"1646\" data-end=\"1711\">\n<p data-start=\"1648\" data-end=\"1711\">Lectura de nivel de gas lineal: <strong data-start=\"1680\" data-end=\"1709\">0 V (vac\u00edo) \u2013 5 V (lleno)<\/strong><\/p>\n<\/li>\n<li data-start=\"1712\" data-end=\"1781\">\n<p data-start=\"1714\" data-end=\"1781\">Compatible con multiv\u00e1lvulas Tomasetto (toroidales y cil\u00edndricos)<\/p>\n<\/li>\n<li data-start=\"1782\" data-end=\"1838\">\n<p data-start=\"1784\" data-end=\"1838\">Alta precisi\u00f3n frente a sensores resistivos est\u00e1ndar<\/p>\n<\/li>\n<li data-start=\"1839\" data-end=\"1878\">\n<p data-start=\"1841\" data-end=\"1878\"><strong data-start=\"1841\" data-end=\"1861\">Consumo muy bajo<\/strong>: solo 10\u201312 mA<\/p>\n<\/li>\n<li data-start=\"1879\" data-end=\"1948\">\n<p data-start=\"1881\" data-end=\"1948\">Apto para instalaciones secuenciales GLP EuropeGAS y otras marcas<\/p>\n<\/li>\n<li data-start=\"1949\" data-end=\"2015\">\n<p data-start=\"1951\" data-end=\"2015\">Instalaci\u00f3n sencilla, sin piezas m\u00f3viles ni calibraci\u00f3n completa<\/p>\n<\/li>\n<\/ul>\n<hr data-start=\"2017\" data-end=\"2020\" \/>\n<h3 data-start=\"2022\" data-end=\"2053\">Caracter\u00edsticas t\u00e9cnicas<\/h3>\n<div class=\"_tableContainer_1rjym_1\">\n<div class=\"group _tableWrapper_1rjym_13 flex w-fit flex-col-reverse\" tabindex=\"-1\">\n<table class=\"w-fit min-w-(--thread-content-width)\" data-start=\"2055\" data-end=\"3062\">\n<thead data-start=\"2055\" data-end=\"2131\">\n<tr data-start=\"2055\" data-end=\"2131\">\n<th data-start=\"2055\" data-end=\"2086\" data-col-size=\"sm\"><strong data-start=\"2057\" data-end=\"2075\">Especificaci\u00f3n<\/strong><\/th>\n<th data-start=\"2086\" data-end=\"2131\" data-col-size=\"md\"><strong data-start=\"2088\" data-end=\"2099\">Detalle<\/strong><\/th>\n<\/tr>\n<\/thead>\n<tbody data-start=\"2210\" data-end=\"3062\">\n<tr data-start=\"2210\" data-end=\"2286\">\n<td data-start=\"2210\" data-end=\"2241\" data-col-size=\"sm\">Marca<\/td>\n<td data-col-size=\"md\" data-start=\"2241\" data-end=\"2286\">EUROPEGAS<\/td>\n<\/tr>\n<tr data-start=\"2287\" data-end=\"2363\">\n<td data-start=\"2287\" data-end=\"2318\" data-col-size=\"sm\">Modelo<\/td>\n<td data-col-size=\"md\" data-start=\"2318\" data-end=\"2363\">Sensor HLS<\/td>\n<\/tr>\n<tr data-start=\"2364\" data-end=\"2440\">\n<td data-start=\"2364\" data-end=\"2395\" data-col-size=\"sm\">Tipo<\/td>\n<td data-col-size=\"md\" data-start=\"2395\" data-end=\"2440\">Sensor de nivel sin contacto (efecto Hall)<\/td>\n<\/tr>\n<tr data-start=\"2441\" data-end=\"2518\">\n<td data-start=\"2441\" data-end=\"2472\" data-col-size=\"sm\">Rango de voltaje de salida<\/td>\n<td data-col-size=\"md\" data-start=\"2472\" data-end=\"2518\">0 V (vac\u00edo) \u2013 5 V (lleno)<\/td>\n<\/tr>\n<tr data-start=\"2519\" data-end=\"2595\">\n<td data-start=\"2519\" data-end=\"2550\" data-col-size=\"sm\">Voltaje de alimentaci\u00f3n<\/td>\n<td data-col-size=\"md\" data-start=\"2550\" data-end=\"2595\">+12 V<\/td>\n<\/tr>\n<tr data-start=\"2596\" data-end=\"2673\">\n<td data-start=\"2596\" data-end=\"2627\" data-col-size=\"sm\">Compatibilidad<\/td>\n<td data-col-size=\"md\" data-start=\"2627\" data-end=\"2673\">Tomasetto, EuropeGAS, otros<\/td>\n<\/tr>\n<tr data-start=\"2674\" data-end=\"2751\">\n<td data-start=\"2674\" data-end=\"2705\" data-col-size=\"sm\">Aplicaci\u00f3n<\/td>\n<td data-col-size=\"md\" data-start=\"2705\" data-end=\"2751\">Dep\u00f3sitos GLP cil\u00edndricos y toroidales<\/td>\n<\/tr>\n<tr data-start=\"2752\" data-end=\"2829\">\n<td data-start=\"2752\" data-end=\"2783\" data-col-size=\"sm\">Tipo de multiv\u00e1lvula<\/td>\n<td data-col-size=\"md\" data-start=\"2783\" data-end=\"2829\">Tomasetto (interno\/externo)<\/td>\n<\/tr>\n<tr data-start=\"2830\" data-end=\"2907\">\n<td data-start=\"2830\" data-end=\"2861\" data-col-size=\"sm\">Consumo de corriente<\/td>\n<td data-col-size=\"md\" data-start=\"2861\" data-end=\"2907\">10\u201312 mA<\/td>\n<\/tr>\n<tr data-start=\"2908\" data-end=\"2985\">\n<td data-start=\"2908\" data-end=\"2939\" data-col-size=\"sm\">Tecnolog\u00eda<\/td>\n<td data-col-size=\"md\" data-start=\"2939\" data-end=\"2985\">Sensor Hall lineal<\/td>\n<\/tr>\n<tr data-start=\"2986\" data-end=\"3062\">\n<td data-start=\"2986\" data-end=\"3017\" data-col-size=\"sm\">Interfaz de conexi\u00f3n<\/td>\n<td data-col-size=\"md\" data-start=\"3017\" data-end=\"3062\">Cableado est\u00e1ndar<\/td>\n<\/tr>\n<\/tbody>\n<\/table>\n<\/div>\n<\/div>\n<\/div>\n<\/div>\n<\/div>\n<\/div>\n<\/div>\n<\/div>\n<\/div>\n<\/div>\n<\/div>\n<\/div>\n<p>Instalar el Sensor HLS EUROPEGAS es crucial para optimizar el rendimiento de su sistema de Autogas. Este sensor no solo proporciona datos precisos de nivel de gas, sino que tambi\u00e9n mejora la eficiencia del combustible y reduce las emisiones. Ideal para veh\u00edculos que requieren un control preciso del gas, asegura un funcionamiento seguro y eficiente, lo que lo convierte en una elecci\u00f3n inteligente para quienes buscan maximizar la durabilidad y el rendimiento de su sistema GLP.<\/p>\n","protected":false},"excerpt":{"rendered":"<p>Sensor HLS EUROPEGAS, un medidor de nivel de gas sin contacto para GLP, ideal para sistemas de multiv\u00e1lvulas Tomasetto.<\/p>\n","protected":false},"featured_media":25841,"comment_status":"open","ping_status":"closed","template":"","meta":{"googlesitekit_rrm_CAowud7EDA:productID":"","_uag_custom_page_level_css":""},"product_brand":[],"product_cat":[2071],"product_tag":[],"class_list":{"0":"post-42402","1":"product","2":"type-product","3":"status-publish","4":"has-post-thumbnail","6":"product_cat-accesorio-eg","8":"first","9":"onbackorder","10":"taxable","11":"shipping-taxable","12":"purchasable","13":"product-type-simple"},"ct_brands":[],"yoast_head":"<!-- This site is optimized with the Yoast SEO Premium plugin v27.3 (Yoast SEO v27.3) - https:\/\/yoast.com\/product\/yoast-seo-premium-wordpress\/ -->\n<title>Sensor HLS EUROPEGAS | Recambios EcoGas | Sistemas GLP y GNC<\/title>\n<meta name=\"description\" content=\"Sensor HLS EUROPEGAS para medir nivel de gas GLP. Tecnolog\u00eda sin contacto, salida lineal 0-5\u202fV y compatibilidad con multiv\u00e1lvulas Tomasetto.\" \/>\n<meta name=\"robots\" content=\"index, follow, max-snippet:-1, max-image-preview:large, max-video-preview:-1\" \/>\n<link rel=\"canonical\" href=\"https:\/\/recambiosecogas.com\/pt-pt\/produto\/eg-hls\/\" \/>\n<meta property=\"og:locale\" content=\"pt_PT\" \/>\n<meta property=\"og:type\" content=\"article\" \/>\n<meta property=\"og:title\" content=\"Sensor HLS EUROPEGAS\" \/>\n<meta property=\"og:description\" content=\"Sensor HLS EUROPEGAS para medir nivel de gas GLP. Tecnolog\u00eda sin contacto, salida lineal 0-5\u202fV y compatibilidad con multiv\u00e1lvulas Tomasetto.\" \/>\n<meta property=\"og:url\" content=\"https:\/\/recambiosecogas.com\/pt-pt\/produto\/eg-hls\/\" \/>\n<meta property=\"og:site_name\" content=\"Recambios EcoGas\" \/>\n<meta property=\"article:publisher\" content=\"https:\/\/www.facebook.com\/profile.php?id=100062419705358\" \/>\n<meta property=\"article:modified_time\" content=\"2026-03-31T10:12:20+00:00\" \/>\n<meta property=\"og:image\" content=\"https:\/\/recambiosecogas.com\/wp-content\/uploads\/2024\/12\/SENSOR-HLS-europegas-png.webp\" \/>\n\t<meta property=\"og:image:width\" content=\"1000\" \/>\n\t<meta property=\"og:image:height\" content=\"1000\" \/>\n\t<meta property=\"og:image:type\" content=\"image\/png\" \/>\n<meta name=\"twitter:card\" content=\"summary_large_image\" \/>\n<meta name=\"twitter:label1\" content=\"pre\u00e7o\" \/>\n\t<meta name=\"twitter:data1\" content=\"22,75&nbsp;&euro; (IVA incl.: 27,53&nbsp;&euro;)\" \/>\n\t<meta name=\"twitter:label2\" content=\"Disponibilidade\" \/>\n\t<meta name=\"twitter:data2\" content=\"Por encomenda\" \/>\n<script type=\"application\/ld+json\" class=\"yoast-schema-graph\">{\"@context\":\"https:\\\/\\\/schema.org\",\"@graph\":[{\"@type\":\"WebPage\",\"@id\":\"https:\\\/\\\/recambiosecogas.com\\\/pt-pt\\\/produto\\\/eg-hls\\\/\",\"url\":\"https:\\\/\\\/recambiosecogas.com\\\/pt-pt\\\/produto\\\/eg-hls\\\/\",\"name\":\"Sensor HLS EUROPEGAS | Recambios EcoGas | Sistemas GLP y GNC\",\"isPartOf\":{\"@id\":\"https:\\\/\\\/recambiosecogas.com\\\/pt-pt\\\/#website\"},\"primaryImageOfPage\":{\"@id\":\"https:\\\/\\\/recambiosecogas.com\\\/pt-pt\\\/produto\\\/eg-hls\\\/#primaryimage\"},\"image\":{\"@id\":\"https:\\\/\\\/recambiosecogas.com\\\/pt-pt\\\/produto\\\/eg-hls\\\/#primaryimage\"},\"thumbnailUrl\":\"https:\\\/\\\/recambiosecogas.com\\\/wp-content\\\/uploads\\\/2024\\\/12\\\/SENSOR-HLS-europegas-png.webp\",\"datePublished\":\"2025-10-23T10:48:17+00:00\",\"dateModified\":\"2026-03-31T10:12:20+00:00\",\"description\":\"Sensor HLS EUROPEGAS para medir nivel de gas GLP. Tecnolog\u00eda sin contacto, salida lineal 0-5\u202fV y compatibilidad con multiv\u00e1lvulas Tomasetto.\",\"breadcrumb\":{\"@id\":\"https:\\\/\\\/recambiosecogas.com\\\/pt-pt\\\/produto\\\/eg-hls\\\/#breadcrumb\"},\"inLanguage\":\"pt-PT\",\"potentialAction\":[{\"@type\":\"ReadAction\",\"target\":[\"https:\\\/\\\/recambiosecogas.com\\\/pt-pt\\\/produto\\\/eg-hls\\\/\"]}]},{\"@type\":\"ImageObject\",\"inLanguage\":\"pt-PT\",\"@id\":\"https:\\\/\\\/recambiosecogas.com\\\/pt-pt\\\/produto\\\/eg-hls\\\/#primaryimage\",\"url\":\"https:\\\/\\\/recambiosecogas.com\\\/wp-content\\\/uploads\\\/2024\\\/12\\\/SENSOR-HLS-europegas-png.webp\",\"contentUrl\":\"https:\\\/\\\/recambiosecogas.com\\\/wp-content\\\/uploads\\\/2024\\\/12\\\/SENSOR-HLS-europegas-png.webp\",\"width\":1000,\"height\":1000,\"caption\":\"Sensor HLS EUROPEGAS para medir o n\u00edvel de g\u00e1s GLP. Tecnologia sem contacto, sa\u00edda linear 0\u20135\u202fV e compat\u00edvel com multiv\u00e1lvulas Tomasetto.\"},{\"@type\":\"BreadcrumbList\",\"@id\":\"https:\\\/\\\/recambiosecogas.com\\\/pt-pt\\\/produto\\\/eg-hls\\\/#breadcrumb\",\"itemListElement\":[{\"@type\":\"ListItem\",\"position\":1,\"name\":\"P\u00e1gina inicial\",\"item\":\"https:\\\/\\\/recambiosecogas.com\\\/pt-pt\\\/\"},{\"@type\":\"ListItem\",\"position\":2,\"name\":\"Loja\",\"item\":\"https:\\\/\\\/recambiosecogas.com\\\/pt-pt\\\/tienda\\\/\"},{\"@type\":\"ListItem\",\"position\":3,\"name\":\"Sensor HLS EUROPEGAS\"}]},{\"@type\":\"WebSite\",\"@id\":\"https:\\\/\\\/recambiosecogas.com\\\/pt-pt\\\/#website\",\"url\":\"https:\\\/\\\/recambiosecogas.com\\\/pt-pt\\\/\",\"name\":\"Recambios EcoGas\",\"description\":\"Pe\u00e7as multimarca para sistemas de GPL\\\/GNC\\\/GNL\\\/Hidrog\u00e9nio\",\"publisher\":{\"@id\":\"https:\\\/\\\/recambiosecogas.com\\\/pt-pt\\\/#organization\"},\"alternateName\":\"Recambios Autogas GLP\",\"potentialAction\":[{\"@type\":\"SearchAction\",\"target\":{\"@type\":\"EntryPoint\",\"urlTemplate\":\"https:\\\/\\\/recambiosecogas.com\\\/pt-pt\\\/?s={search_term_string}\"},\"query-input\":{\"@type\":\"PropertyValueSpecification\",\"valueRequired\":true,\"valueName\":\"search_term_string\"}}],\"inLanguage\":\"pt-PT\"},{\"@type\":[\"Organization\",\"Place\"],\"@id\":\"https:\\\/\\\/recambiosecogas.com\\\/pt-pt\\\/#organization\",\"name\":\"Recambios EcoGas\",\"alternateName\":\"Loja de GPL Autog\u00e1s Espanha\",\"url\":\"https:\\\/\\\/recambiosecogas.com\\\/pt-pt\\\/\",\"logo\":{\"@id\":\"https:\\\/\\\/recambiosecogas.com\\\/pt-pt\\\/produto\\\/eg-hls\\\/#local-main-organization-logo\"},\"image\":{\"@id\":\"https:\\\/\\\/recambiosecogas.com\\\/pt-pt\\\/produto\\\/eg-hls\\\/#local-main-organization-logo\"},\"sameAs\":[\"https:\\\/\\\/www.facebook.com\\\/profile.php?id=100062419705358\",\"https:\\\/\\\/www.instagram.com\\\/segimon_automocio\"],\"description\":\"Recambios EcoGas \u2013 Venta y distribuci\u00f3n de sistemas GLP y GNC en Espa\u00f1a y Portugal. Env\u00edos 24 h, soporte t\u00e9cnico a talleres y distribuidores.\",\"hasMerchantReturnPolicy\":{\"@type\":\"MerchantReturnPolicy\",\"merchantReturnLink\":\"https:\\\/\\\/recambiosecogas.com\\\/politicas-privacidad\\\/\"},\"address\":{\"@id\":\"https:\\\/\\\/recambiosecogas.com\\\/pt-pt\\\/produto\\\/eg-hls\\\/#local-main-place-address\"},\"telephone\":[\"616250633\"],\"contactPoint\":{\"@type\":\"ContactPoint\",\"email\":\"export@recambiosecogas.com\"},\"openingHoursSpecification\":[{\"@type\":\"OpeningHoursSpecification\",\"dayOfWeek\":[\"Monday\",\"Tuesday\",\"Wednesday\",\"Thursday\",\"Friday\",\"Saturday\",\"Sunday\"],\"opens\":\"09:00\",\"closes\":\"17:00\"}],\"email\":\"info@recambiosecogas.com\",\"faxNumber\":\"SEGIMON AUTOMOCION SL\",\"vatID\":\"ESB19819861\",\"globalLocationNumber\":\"938 616 339\"},{\"@type\":\"PostalAddress\",\"@id\":\"https:\\\/\\\/recambiosecogas.com\\\/pt-pt\\\/produto\\\/eg-hls\\\/#local-main-place-address\",\"streetAddress\":\"cami antic de vic, 29 (Nave 3), Pol\u00edgono Industrial Congost\",\"addressLocality\":\"CORRO D`AVALL\",\"postalCode\":\"08520\",\"addressRegion\":\"Barcelona\",\"addressCountry\":\"ES\"},{\"@type\":\"ImageObject\",\"inLanguage\":\"pt-PT\",\"@id\":\"https:\\\/\\\/recambiosecogas.com\\\/pt-pt\\\/produto\\\/eg-hls\\\/#local-main-organization-logo\",\"url\":\"https:\\\/\\\/recambiosecogas.com\\\/wp-content\\\/uploads\\\/2024\\\/11\\\/cropped-RECAMBIOS-GLP-png.webp\",\"contentUrl\":\"https:\\\/\\\/recambiosecogas.com\\\/wp-content\\\/uploads\\\/2024\\\/11\\\/cropped-RECAMBIOS-GLP-png.webp\",\"width\":512,\"height\":512,\"caption\":\"Recambios EcoGas\"}]}<\/script>\n<meta property=\"product:price:amount\" content=\"22.75\" \/>\n<meta property=\"product:price:currency\" content=\"EUR\" \/>\n<meta property=\"og:availability\" content=\"backorder\" \/>\n<meta property=\"product:availability\" content=\"available for order\" \/>\n<meta property=\"product:retailer_item_id\" content=\"EG2025-41\" \/>\n<meta property=\"product:condition\" content=\"new\" \/>\n<meta name=\"geo.placename\" content=\"CORRO D`AVALL\" \/>\n<meta name=\"geo.region\" content=\"Espanha\" \/>\n<!-- \/ Yoast SEO Premium plugin. -->","yoast_head_json":{"title":"Sensor HLS EUROPEGAS | Recambios EcoGas | Sistemas GLP y GNC","description":"Sensor HLS EUROPEGAS para medir nivel de gas GLP. Tecnolog\u00eda sin contacto, salida lineal 0-5\u202fV y compatibilidad con multiv\u00e1lvulas Tomasetto.","robots":{"index":"index","follow":"follow","max-snippet":"max-snippet:-1","max-image-preview":"max-image-preview:large","max-video-preview":"max-video-preview:-1"},"canonical":"https:\/\/recambiosecogas.com\/pt-pt\/produto\/eg-hls\/","og_locale":"pt_PT","og_type":"article","og_title":"Sensor HLS EUROPEGAS","og_description":"Sensor HLS EUROPEGAS para medir nivel de gas GLP. Tecnolog\u00eda sin contacto, salida lineal 0-5\u202fV y compatibilidad con multiv\u00e1lvulas Tomasetto.","og_url":"https:\/\/recambiosecogas.com\/pt-pt\/produto\/eg-hls\/","og_site_name":"Recambios EcoGas","article_publisher":"https:\/\/www.facebook.com\/profile.php?id=100062419705358","article_modified_time":"2026-03-31T10:12:20+00:00","og_image":[{"width":1000,"height":1000,"url":"https:\/\/recambiosecogas.com\/wp-content\/uploads\/2024\/12\/SENSOR-HLS-europegas-png.webp","type":"image\/png"}],"twitter_card":"summary_large_image","twitter_misc":{"pre\u00e7o":"22,75&nbsp;&euro; (IVA incl.: 27,53&nbsp;&euro;)","Disponibilidade":"Por encomenda"},"schema":{"@context":"https:\/\/schema.org","@graph":[{"@type":"WebPage","@id":"https:\/\/recambiosecogas.com\/pt-pt\/produto\/eg-hls\/","url":"https:\/\/recambiosecogas.com\/pt-pt\/produto\/eg-hls\/","name":"Sensor HLS EUROPEGAS | Recambios EcoGas | Sistemas GLP y GNC","isPartOf":{"@id":"https:\/\/recambiosecogas.com\/pt-pt\/#website"},"primaryImageOfPage":{"@id":"https:\/\/recambiosecogas.com\/pt-pt\/produto\/eg-hls\/#primaryimage"},"image":{"@id":"https:\/\/recambiosecogas.com\/pt-pt\/produto\/eg-hls\/#primaryimage"},"thumbnailUrl":"https:\/\/recambiosecogas.com\/wp-content\/uploads\/2024\/12\/SENSOR-HLS-europegas-png.webp","datePublished":"2025-10-23T10:48:17+00:00","dateModified":"2026-03-31T10:12:20+00:00","description":"Sensor HLS EUROPEGAS para medir nivel de gas GLP. Tecnolog\u00eda sin contacto, salida lineal 0-5\u202fV y compatibilidad con multiv\u00e1lvulas Tomasetto.","breadcrumb":{"@id":"https:\/\/recambiosecogas.com\/pt-pt\/produto\/eg-hls\/#breadcrumb"},"inLanguage":"pt-PT","potentialAction":[{"@type":"ReadAction","target":["https:\/\/recambiosecogas.com\/pt-pt\/produto\/eg-hls\/"]}]},{"@type":"ImageObject","inLanguage":"pt-PT","@id":"https:\/\/recambiosecogas.com\/pt-pt\/produto\/eg-hls\/#primaryimage","url":"https:\/\/recambiosecogas.com\/wp-content\/uploads\/2024\/12\/SENSOR-HLS-europegas-png.webp","contentUrl":"https:\/\/recambiosecogas.com\/wp-content\/uploads\/2024\/12\/SENSOR-HLS-europegas-png.webp","width":1000,"height":1000,"caption":"Sensor HLS EUROPEGAS para medir o n\u00edvel de g\u00e1s GLP. Tecnologia sem contacto, sa\u00edda linear 0\u20135\u202fV e compat\u00edvel com multiv\u00e1lvulas Tomasetto."},{"@type":"BreadcrumbList","@id":"https:\/\/recambiosecogas.com\/pt-pt\/produto\/eg-hls\/#breadcrumb","itemListElement":[{"@type":"ListItem","position":1,"name":"P\u00e1gina inicial","item":"https:\/\/recambiosecogas.com\/pt-pt\/"},{"@type":"ListItem","position":2,"name":"Loja","item":"https:\/\/recambiosecogas.com\/pt-pt\/tienda\/"},{"@type":"ListItem","position":3,"name":"Sensor HLS EUROPEGAS"}]},{"@type":"WebSite","@id":"https:\/\/recambiosecogas.com\/pt-pt\/#website","url":"https:\/\/recambiosecogas.com\/pt-pt\/","name":"Recambios EcoGas","description":"Pe\u00e7as multimarca para sistemas de GPL\/GNC\/GNL\/Hidrog\u00e9nio","publisher":{"@id":"https:\/\/recambiosecogas.com\/pt-pt\/#organization"},"alternateName":"Recambios Autogas GLP","potentialAction":[{"@type":"SearchAction","target":{"@type":"EntryPoint","urlTemplate":"https:\/\/recambiosecogas.com\/pt-pt\/?s={search_term_string}"},"query-input":{"@type":"PropertyValueSpecification","valueRequired":true,"valueName":"search_term_string"}}],"inLanguage":"pt-PT"},{"@type":["Organization","Place"],"@id":"https:\/\/recambiosecogas.com\/pt-pt\/#organization","name":"Recambios EcoGas","alternateName":"Loja de GPL Autog\u00e1s Espanha","url":"https:\/\/recambiosecogas.com\/pt-pt\/","logo":{"@id":"https:\/\/recambiosecogas.com\/pt-pt\/produto\/eg-hls\/#local-main-organization-logo"},"image":{"@id":"https:\/\/recambiosecogas.com\/pt-pt\/produto\/eg-hls\/#local-main-organization-logo"},"sameAs":["https:\/\/www.facebook.com\/profile.php?id=100062419705358","https:\/\/www.instagram.com\/segimon_automocio"],"description":"Recambios EcoGas \u2013 Venta y distribuci\u00f3n de sistemas GLP y GNC en Espa\u00f1a y Portugal. Env\u00edos 24 h, soporte t\u00e9cnico a talleres y distribuidores.","hasMerchantReturnPolicy":{"@type":"MerchantReturnPolicy","merchantReturnLink":"https:\/\/recambiosecogas.com\/politicas-privacidad\/"},"address":{"@id":"https:\/\/recambiosecogas.com\/pt-pt\/produto\/eg-hls\/#local-main-place-address"},"telephone":["616250633"],"contactPoint":{"@type":"ContactPoint","email":"export@recambiosecogas.com"},"openingHoursSpecification":[{"@type":"OpeningHoursSpecification","dayOfWeek":["Monday","Tuesday","Wednesday","Thursday","Friday","Saturday","Sunday"],"opens":"09:00","closes":"17:00"}],"email":"info@recambiosecogas.com","faxNumber":"SEGIMON AUTOMOCION SL","vatID":"ESB19819861","globalLocationNumber":"938 616 339"},{"@type":"PostalAddress","@id":"https:\/\/recambiosecogas.com\/pt-pt\/produto\/eg-hls\/#local-main-place-address","streetAddress":"cami antic de vic, 29 (Nave 3), Pol\u00edgono Industrial Congost","addressLocality":"CORRO D`AVALL","postalCode":"08520","addressRegion":"Barcelona","addressCountry":"ES"},{"@type":"ImageObject","inLanguage":"pt-PT","@id":"https:\/\/recambiosecogas.com\/pt-pt\/produto\/eg-hls\/#local-main-organization-logo","url":"https:\/\/recambiosecogas.com\/wp-content\/uploads\/2024\/11\/cropped-RECAMBIOS-GLP-png.webp","contentUrl":"https:\/\/recambiosecogas.com\/wp-content\/uploads\/2024\/11\/cropped-RECAMBIOS-GLP-png.webp","width":512,"height":512,"caption":"Recambios EcoGas"}]},"product_price_amount":"22.75","product_price_currency":"EUR","og_availability":"backorder","product_availability":"available for order","product_retailer_item_id":"EG2025-41","product_condition":"new","geo.placename":"CORRO D`AVALL","geo.region":"Espanha"},"uagb_featured_image_src":{"full":["https:\/\/recambiosecogas.com\/wp-content\/uploads\/2024\/12\/SENSOR-HLS-europegas-png.webp",1000,1000,false],"thumbnail":["https:\/\/recambiosecogas.com\/wp-content\/uploads\/2024\/12\/SENSOR-HLS-europegas-150x150.webp",150,150,true],"medium":["https:\/\/recambiosecogas.com\/wp-content\/uploads\/2024\/12\/SENSOR-HLS-europegas-300x300.webp",300,300,true],"medium_large":["https:\/\/recambiosecogas.com\/wp-content\/uploads\/2024\/12\/SENSOR-HLS-europegas-768x768.webp",768,768,true],"large":["https:\/\/recambiosecogas.com\/wp-content\/uploads\/2024\/12\/SENSOR-HLS-europegas-png.webp",1000,1000,false],"1536x1536":["https:\/\/recambiosecogas.com\/wp-content\/uploads\/2024\/12\/SENSOR-HLS-europegas-png.webp",1000,1000,false],"2048x2048":["https:\/\/recambiosecogas.com\/wp-content\/uploads\/2024\/12\/SENSOR-HLS-europegas-png.webp",1000,1000,false],"woocommerce_archive_thumbnail":["https:\/\/recambiosecogas.com\/wp-content\/uploads\/2024\/12\/SENSOR-HLS-europegas-png.webp",1000,1000,false],"woocommerce_thumbnail":["https:\/\/recambiosecogas.com\/wp-content\/uploads\/2024\/12\/SENSOR-HLS-europegas-300x300.webp",300,300,true],"woocommerce_single":["https:\/\/recambiosecogas.com\/wp-content\/uploads\/2024\/12\/SENSOR-HLS-europegas-png.webp",1000,1000,false],"woocommerce_gallery_thumbnail":["https:\/\/recambiosecogas.com\/wp-content\/uploads\/2024\/12\/SENSOR-HLS-europegas-png.webp",1000,1000,false],"dgwt-wcas-product-suggestion":["https:\/\/recambiosecogas.com\/wp-content\/uploads\/2024\/12\/SENSOR-HLS-europegas-64x64.webp",64,64,true]},"uagb_author_info":{"display_name":"Fran - Soporte T\u00e9cnico","author_link":"https:\/\/recambiosecogas.com\/pt-pt\/author\/"},"uagb_comment_info":0,"uagb_excerpt":"Sensor HLS EUROPEGAS, un medidor de nivel de gas sin contacto para GLP, ideal para sistemas de multiv\u00e1lvulas Tomasetto.","_links":{"self":[{"href":"https:\/\/recambiosecogas.com\/pt-pt\/wp-json\/wp\/v2\/product\/42402","targetHints":{"allow":["GET"]}}],"collection":[{"href":"https:\/\/recambiosecogas.com\/pt-pt\/wp-json\/wp\/v2\/product"}],"about":[{"href":"https:\/\/recambiosecogas.com\/pt-pt\/wp-json\/wp\/v2\/types\/product"}],"replies":[{"embeddable":true,"href":"https:\/\/recambiosecogas.com\/pt-pt\/wp-json\/wp\/v2\/comments?post=42402"}],"wp:featuredmedia":[{"embeddable":true,"href":"https:\/\/recambiosecogas.com\/pt-pt\/wp-json\/wp\/v2\/media\/25841"}],"wp:attachment":[{"href":"https:\/\/recambiosecogas.com\/pt-pt\/wp-json\/wp\/v2\/media?parent=42402"}],"wp:term":[{"taxonomy":"product_brand","embeddable":true,"href":"https:\/\/recambiosecogas.com\/pt-pt\/wp-json\/wp\/v2\/product_brand?post=42402"},{"taxonomy":"product_cat","embeddable":true,"href":"https:\/\/recambiosecogas.com\/pt-pt\/wp-json\/wp\/v2\/product_cat?post=42402"},{"taxonomy":"product_tag","embeddable":true,"href":"https:\/\/recambiosecogas.com\/pt-pt\/wp-json\/wp\/v2\/product_tag?post=42402"}],"curies":[{"name":"wp","href":"https:\/\/api.w.org\/{rel}","templated":true}]}}