{"id":42397,"date":"2025-10-23T11:48:15","date_gmt":"2025-10-23T10:48:15","guid":{"rendered":"https:\/\/recambiosecogas.com\/producto\/abs-sensor-400kpa\/"},"modified":"2025-10-23T11:48:15","modified_gmt":"2025-10-23T10:48:15","slug":"abs-sensor-400kpa","status":"publish","type":"product","link":"https:\/\/recambiosecogas.com\/pt-pt\/produto\/abs-sensor-400kpa\/","title":{"rendered":"ABS SENSOR 400KPA"},"content":{"rendered":"","protected":false},"excerpt":{"rendered":"","protected":false},"featured_media":0,"comment_status":"open","ping_status":"closed","template":"","meta":{"googlesitekit_rrm_CAowud7EDA:productID":"","_uag_custom_page_level_css":""},"product_brand":[],"product_cat":[2071],"product_tag":[],"class_list":{"0":"post-42397","1":"product","2":"type-product","3":"status-publish","5":"product_cat-accesorio-eg","7":"first","8":"outofstock","9":"taxable","10":"shipping-taxable","11":"purchasable","12":"product-type-simple"},"ct_brands":[],"yoast_head":"<!-- This site is optimized with the Yoast SEO Premium plugin v27.3 (Yoast SEO v27.3) - https:\/\/yoast.com\/product\/yoast-seo-premium-wordpress\/ -->\n<title>ABS SENSOR 400KPA | Recambios EcoGas | Sistemas GLP y GNC<\/title>\n<meta name=\"robots\" content=\"index, follow, max-snippet:-1, max-image-preview:large, max-video-preview:-1\" \/>\n<link rel=\"canonical\" href=\"https:\/\/recambiosecogas.com\/pt-pt\/produto\/abs-sensor-400kpa\/\" \/>\n<meta property=\"og:locale\" content=\"pt_PT\" \/>\n<meta property=\"og:type\" content=\"article\" \/>\n<meta property=\"og:title\" content=\"ABS SENSOR 400KPA\" \/>\n<meta property=\"og:url\" content=\"https:\/\/recambiosecogas.com\/pt-pt\/produto\/abs-sensor-400kpa\/\" \/>\n<meta property=\"og:site_name\" content=\"Recambios EcoGas\" \/>\n<meta property=\"article:publisher\" content=\"https:\/\/www.facebook.com\/profile.php?id=100062419705358\" \/>\n<meta property=\"og:image\" content=\"https:\/\/recambiosecogas.com\/wp-content\/uploads\/2025\/01\/recambiosecogas-png.webp\" \/>\n\t<meta property=\"og:image:width\" content=\"800\" \/>\n\t<meta property=\"og:image:height\" content=\"800\" \/>\n\t<meta property=\"og:image:type\" content=\"image\/png\" \/>\n<meta name=\"twitter:card\" content=\"summary_large_image\" \/>\n<meta name=\"twitter:label1\" content=\"pre\u00e7o\" \/>\n\t<meta name=\"twitter:data1\" content=\"28,05&nbsp;&euro; (IVA incl.: 33,94&nbsp;&euro;)\" \/>\n\t<meta name=\"twitter:label2\" content=\"Disponibilidade\" \/>\n\t<meta name=\"twitter:data2\" content=\"Esgotado\" \/>\n<script type=\"application\/ld+json\" class=\"yoast-schema-graph\">{\"@context\":\"https:\\\/\\\/schema.org\",\"@graph\":[{\"@type\":\"WebPage\",\"@id\":\"https:\\\/\\\/recambiosecogas.com\\\/pt-pt\\\/produto\\\/abs-sensor-400kpa\\\/\",\"url\":\"https:\\\/\\\/recambiosecogas.com\\\/pt-pt\\\/produto\\\/abs-sensor-400kpa\\\/\",\"name\":\"ABS SENSOR 400KPA | Recambios EcoGas | Sistemas GLP y GNC\",\"isPartOf\":{\"@id\":\"https:\\\/\\\/recambiosecogas.com\\\/pt-pt\\\/#website\"},\"datePublished\":\"2025-10-23T10:48:15+00:00\",\"breadcrumb\":{\"@id\":\"https:\\\/\\\/recambiosecogas.com\\\/pt-pt\\\/produto\\\/abs-sensor-400kpa\\\/#breadcrumb\"},\"inLanguage\":\"pt-PT\",\"potentialAction\":[{\"@type\":\"ReadAction\",\"target\":[\"https:\\\/\\\/recambiosecogas.com\\\/pt-pt\\\/produto\\\/abs-sensor-400kpa\\\/\"]}]},{\"@type\":\"BreadcrumbList\",\"@id\":\"https:\\\/\\\/recambiosecogas.com\\\/pt-pt\\\/produto\\\/abs-sensor-400kpa\\\/#breadcrumb\",\"itemListElement\":[{\"@type\":\"ListItem\",\"position\":1,\"name\":\"P\u00e1gina inicial\",\"item\":\"https:\\\/\\\/recambiosecogas.com\\\/pt-pt\\\/\"},{\"@type\":\"ListItem\",\"position\":2,\"name\":\"Loja\",\"item\":\"https:\\\/\\\/recambiosecogas.com\\\/pt-pt\\\/tienda\\\/\"},{\"@type\":\"ListItem\",\"position\":3,\"name\":\"ABS SENSOR 400KPA\"}]},{\"@type\":\"WebSite\",\"@id\":\"https:\\\/\\\/recambiosecogas.com\\\/pt-pt\\\/#website\",\"url\":\"https:\\\/\\\/recambiosecogas.com\\\/pt-pt\\\/\",\"name\":\"Recambios EcoGas\",\"description\":\"Pe\u00e7as multimarca para sistemas de GPL\\\/GNC\\\/GNL\\\/Hidrog\u00e9nio\",\"publisher\":{\"@id\":\"https:\\\/\\\/recambiosecogas.com\\\/pt-pt\\\/#organization\"},\"alternateName\":\"Recambios Autogas GLP\",\"potentialAction\":[{\"@type\":\"SearchAction\",\"target\":{\"@type\":\"EntryPoint\",\"urlTemplate\":\"https:\\\/\\\/recambiosecogas.com\\\/pt-pt\\\/?s={search_term_string}\"},\"query-input\":{\"@type\":\"PropertyValueSpecification\",\"valueRequired\":true,\"valueName\":\"search_term_string\"}}],\"inLanguage\":\"pt-PT\"},{\"@type\":[\"Organization\",\"Place\"],\"@id\":\"https:\\\/\\\/recambiosecogas.com\\\/pt-pt\\\/#organization\",\"name\":\"Recambios EcoGas\",\"alternateName\":\"Loja de GPL Autog\u00e1s Espanha\",\"url\":\"https:\\\/\\\/recambiosecogas.com\\\/pt-pt\\\/\",\"logo\":{\"@id\":\"https:\\\/\\\/recambiosecogas.com\\\/pt-pt\\\/produto\\\/abs-sensor-400kpa\\\/#local-main-organization-logo\"},\"image\":{\"@id\":\"https:\\\/\\\/recambiosecogas.com\\\/pt-pt\\\/produto\\\/abs-sensor-400kpa\\\/#local-main-organization-logo\"},\"sameAs\":[\"https:\\\/\\\/www.facebook.com\\\/profile.php?id=100062419705358\",\"https:\\\/\\\/www.instagram.com\\\/segimon_automocio\"],\"description\":\"Recambios EcoGas \u2013 Venta y distribuci\u00f3n de sistemas GLP y GNC en Espa\u00f1a y Portugal. Env\u00edos 24 h, soporte t\u00e9cnico a talleres y distribuidores.\",\"hasMerchantReturnPolicy\":{\"@type\":\"MerchantReturnPolicy\",\"merchantReturnLink\":\"https:\\\/\\\/recambiosecogas.com\\\/politicas-privacidad\\\/\"},\"address\":{\"@id\":\"https:\\\/\\\/recambiosecogas.com\\\/pt-pt\\\/produto\\\/abs-sensor-400kpa\\\/#local-main-place-address\"},\"telephone\":[\"616250633\"],\"contactPoint\":{\"@type\":\"ContactPoint\",\"email\":\"export@recambiosecogas.com\"},\"openingHoursSpecification\":[{\"@type\":\"OpeningHoursSpecification\",\"dayOfWeek\":[\"Monday\",\"Tuesday\",\"Wednesday\",\"Thursday\",\"Friday\",\"Saturday\",\"Sunday\"],\"opens\":\"09:00\",\"closes\":\"17:00\"}],\"email\":\"info@recambiosecogas.com\",\"faxNumber\":\"SEGIMON AUTOMOCION SL\",\"vatID\":\"ESB19819861\",\"globalLocationNumber\":\"938 616 339\"},{\"@type\":\"PostalAddress\",\"@id\":\"https:\\\/\\\/recambiosecogas.com\\\/pt-pt\\\/produto\\\/abs-sensor-400kpa\\\/#local-main-place-address\",\"streetAddress\":\"cami antic de vic, 29 (Nave 3), Pol\u00edgono Industrial Congost\",\"addressLocality\":\"CORRO D`AVALL\",\"postalCode\":\"08520\",\"addressRegion\":\"Barcelona\",\"addressCountry\":\"ES\"},{\"@type\":\"ImageObject\",\"inLanguage\":\"pt-PT\",\"@id\":\"https:\\\/\\\/recambiosecogas.com\\\/pt-pt\\\/produto\\\/abs-sensor-400kpa\\\/#local-main-organization-logo\",\"url\":\"https:\\\/\\\/recambiosecogas.com\\\/wp-content\\\/uploads\\\/2024\\\/11\\\/cropped-RECAMBIOS-GLP-png.webp\",\"contentUrl\":\"https:\\\/\\\/recambiosecogas.com\\\/wp-content\\\/uploads\\\/2024\\\/11\\\/cropped-RECAMBIOS-GLP-png.webp\",\"width\":512,\"height\":512,\"caption\":\"Recambios EcoGas\"}]}<\/script>\n<meta property=\"product:price:amount\" content=\"28.05\" \/>\n<meta property=\"product:price:currency\" content=\"EUR\" \/>\n<meta property=\"og:availability\" content=\"out of stock\" \/>\n<meta property=\"product:availability\" content=\"out of stock\" \/>\n<meta property=\"product:retailer_item_id\" content=\"EG2025-39\" \/>\n<meta property=\"product:condition\" content=\"new\" \/>\n<meta name=\"geo.placename\" content=\"CORRO D`AVALL\" \/>\n<meta name=\"geo.region\" content=\"Espanha\" \/>\n<!-- \/ Yoast SEO Premium plugin. -->","yoast_head_json":{"title":"ABS SENSOR 400KPA | Recambios EcoGas | Sistemas GLP y GNC","robots":{"index":"index","follow":"follow","max-snippet":"max-snippet:-1","max-image-preview":"max-image-preview:large","max-video-preview":"max-video-preview:-1"},"canonical":"https:\/\/recambiosecogas.com\/pt-pt\/produto\/abs-sensor-400kpa\/","og_locale":"pt_PT","og_type":"article","og_title":"ABS SENSOR 400KPA","og_url":"https:\/\/recambiosecogas.com\/pt-pt\/produto\/abs-sensor-400kpa\/","og_site_name":"Recambios EcoGas","article_publisher":"https:\/\/www.facebook.com\/profile.php?id=100062419705358","og_image":[{"width":800,"height":800,"url":"https:\/\/recambiosecogas.com\/wp-content\/uploads\/2025\/01\/recambiosecogas-png.webp","type":"image\/png"}],"twitter_card":"summary_large_image","twitter_misc":{"pre\u00e7o":"28,05&nbsp;&euro; (IVA incl.: 33,94&nbsp;&euro;)","Disponibilidade":"Esgotado"},"schema":{"@context":"https:\/\/schema.org","@graph":[{"@type":"WebPage","@id":"https:\/\/recambiosecogas.com\/pt-pt\/produto\/abs-sensor-400kpa\/","url":"https:\/\/recambiosecogas.com\/pt-pt\/produto\/abs-sensor-400kpa\/","name":"ABS SENSOR 400KPA | Recambios EcoGas | Sistemas GLP y GNC","isPartOf":{"@id":"https:\/\/recambiosecogas.com\/pt-pt\/#website"},"datePublished":"2025-10-23T10:48:15+00:00","breadcrumb":{"@id":"https:\/\/recambiosecogas.com\/pt-pt\/produto\/abs-sensor-400kpa\/#breadcrumb"},"inLanguage":"pt-PT","potentialAction":[{"@type":"ReadAction","target":["https:\/\/recambiosecogas.com\/pt-pt\/produto\/abs-sensor-400kpa\/"]}]},{"@type":"BreadcrumbList","@id":"https:\/\/recambiosecogas.com\/pt-pt\/produto\/abs-sensor-400kpa\/#breadcrumb","itemListElement":[{"@type":"ListItem","position":1,"name":"P\u00e1gina inicial","item":"https:\/\/recambiosecogas.com\/pt-pt\/"},{"@type":"ListItem","position":2,"name":"Loja","item":"https:\/\/recambiosecogas.com\/pt-pt\/tienda\/"},{"@type":"ListItem","position":3,"name":"ABS SENSOR 400KPA"}]},{"@type":"WebSite","@id":"https:\/\/recambiosecogas.com\/pt-pt\/#website","url":"https:\/\/recambiosecogas.com\/pt-pt\/","name":"Recambios EcoGas","description":"Pe\u00e7as multimarca para sistemas de GPL\/GNC\/GNL\/Hidrog\u00e9nio","publisher":{"@id":"https:\/\/recambiosecogas.com\/pt-pt\/#organization"},"alternateName":"Recambios Autogas GLP","potentialAction":[{"@type":"SearchAction","target":{"@type":"EntryPoint","urlTemplate":"https:\/\/recambiosecogas.com\/pt-pt\/?s={search_term_string}"},"query-input":{"@type":"PropertyValueSpecification","valueRequired":true,"valueName":"search_term_string"}}],"inLanguage":"pt-PT"},{"@type":["Organization","Place"],"@id":"https:\/\/recambiosecogas.com\/pt-pt\/#organization","name":"Recambios EcoGas","alternateName":"Loja de GPL Autog\u00e1s Espanha","url":"https:\/\/recambiosecogas.com\/pt-pt\/","logo":{"@id":"https:\/\/recambiosecogas.com\/pt-pt\/produto\/abs-sensor-400kpa\/#local-main-organization-logo"},"image":{"@id":"https:\/\/recambiosecogas.com\/pt-pt\/produto\/abs-sensor-400kpa\/#local-main-organization-logo"},"sameAs":["https:\/\/www.facebook.com\/profile.php?id=100062419705358","https:\/\/www.instagram.com\/segimon_automocio"],"description":"Recambios EcoGas \u2013 Venta y distribuci\u00f3n de sistemas GLP y GNC en Espa\u00f1a y Portugal. Env\u00edos 24 h, soporte t\u00e9cnico a talleres y distribuidores.","hasMerchantReturnPolicy":{"@type":"MerchantReturnPolicy","merchantReturnLink":"https:\/\/recambiosecogas.com\/politicas-privacidad\/"},"address":{"@id":"https:\/\/recambiosecogas.com\/pt-pt\/produto\/abs-sensor-400kpa\/#local-main-place-address"},"telephone":["616250633"],"contactPoint":{"@type":"ContactPoint","email":"export@recambiosecogas.com"},"openingHoursSpecification":[{"@type":"OpeningHoursSpecification","dayOfWeek":["Monday","Tuesday","Wednesday","Thursday","Friday","Saturday","Sunday"],"opens":"09:00","closes":"17:00"}],"email":"info@recambiosecogas.com","faxNumber":"SEGIMON AUTOMOCION SL","vatID":"ESB19819861","globalLocationNumber":"938 616 339"},{"@type":"PostalAddress","@id":"https:\/\/recambiosecogas.com\/pt-pt\/produto\/abs-sensor-400kpa\/#local-main-place-address","streetAddress":"cami antic de vic, 29 (Nave 3), Pol\u00edgono Industrial Congost","addressLocality":"CORRO D`AVALL","postalCode":"08520","addressRegion":"Barcelona","addressCountry":"ES"},{"@type":"ImageObject","inLanguage":"pt-PT","@id":"https:\/\/recambiosecogas.com\/pt-pt\/produto\/abs-sensor-400kpa\/#local-main-organization-logo","url":"https:\/\/recambiosecogas.com\/wp-content\/uploads\/2024\/11\/cropped-RECAMBIOS-GLP-png.webp","contentUrl":"https:\/\/recambiosecogas.com\/wp-content\/uploads\/2024\/11\/cropped-RECAMBIOS-GLP-png.webp","width":512,"height":512,"caption":"Recambios EcoGas"}]},"product_price_amount":"28.05","product_price_currency":"EUR","og_availability":"out of stock","product_availability":"out of stock","product_retailer_item_id":"EG2025-39","product_condition":"new","geo.placename":"CORRO D`AVALL","geo.region":"Espanha"},"uagb_featured_image_src":{"full":false,"thumbnail":false,"medium":false,"medium_large":false,"large":false,"1536x1536":false,"2048x2048":false,"woocommerce_archive_thumbnail":false,"woocommerce_thumbnail":false,"woocommerce_single":false,"woocommerce_gallery_thumbnail":false,"dgwt-wcas-product-suggestion":false},"uagb_author_info":{"display_name":"Fran - Soporte T\u00e9cnico","author_link":"https:\/\/recambiosecogas.com\/pt-pt\/author\/"},"uagb_comment_info":0,"uagb_excerpt":null,"_links":{"self":[{"href":"https:\/\/recambiosecogas.com\/pt-pt\/wp-json\/wp\/v2\/product\/42397","targetHints":{"allow":["GET"]}}],"collection":[{"href":"https:\/\/recambiosecogas.com\/pt-pt\/wp-json\/wp\/v2\/product"}],"about":[{"href":"https:\/\/recambiosecogas.com\/pt-pt\/wp-json\/wp\/v2\/types\/product"}],"replies":[{"embeddable":true,"href":"https:\/\/recambiosecogas.com\/pt-pt\/wp-json\/wp\/v2\/comments?post=42397"}],"wp:attachment":[{"href":"https:\/\/recambiosecogas.com\/pt-pt\/wp-json\/wp\/v2\/media?parent=42397"}],"wp:term":[{"taxonomy":"product_brand","embeddable":true,"href":"https:\/\/recambiosecogas.com\/pt-pt\/wp-json\/wp\/v2\/product_brand?post=42397"},{"taxonomy":"product_cat","embeddable":true,"href":"https:\/\/recambiosecogas.com\/pt-pt\/wp-json\/wp\/v2\/product_cat?post=42397"},{"taxonomy":"product_tag","embeddable":true,"href":"https:\/\/recambiosecogas.com\/pt-pt\/wp-json\/wp\/v2\/product_tag?post=42397"}],"curies":[{"name":"wp","href":"https:\/\/api.w.org\/{rel}","templated":true}]}}