{"id":42282,"date":"2025-01-14T18:43:33","date_gmt":"2025-01-14T17:43:33","guid":{"rendered":"https:\/\/recambiosecogas.com\/producto\/campko-botella-de-gas-compuesta-de-244-litros-con-multivalvula-del-80\/"},"modified":"2025-01-14T17:43:33","modified_gmt":"2025-01-14T16:43:33","slug":"campko-botella-de-gas-compuesta-de-244-litros-con-multivalvula-del-80","status":"publish","type":"product","link":"https:\/\/recambiosecogas.com\/pt-pt\/producto\/campko-botella-de-gas-compuesta-de-244-litros-con-multivalvula-del-80\/","title":{"rendered":"CAMPKO garrafa de g\u00e1s composta de 24,4 litros com multiv\u00e1lvula de 80%"},"content":{"rendered":"<p>A garrafa cisterna CAMPKO est\u00e1 equipada com uma multiv\u00e1lvula, que interrompe automaticamente o enchimento ao atingir 80% do peso de enchimento.<\/p>\n<p>A garrafa \u00e9 ideal para uso em todos os \u00e2mbitos de utiliza\u00e7\u00e3o de gases. O seu material antioxidante permite utiliza\u00e7\u00e3o permanente em exteriores. Gra\u00e7as ao seu baixo peso a vazio de apenas 6,52 kg, a garrafa \u00e9 especialmente adequada como recipiente port\u00e1til, por exemplo, para com\u00e9rcio, constru\u00e7\u00e3o, etc.  <\/p>\n<p><u>Vantagens em destaque:<\/u><\/p>\n<p>&#8211; Mais leve do que garrafas de alum\u00ednio ou a\u00e7o<br \/>\n&#8211; Material composto inoxid\u00e1vel<br \/>\n&#8211; F\u00e1cil de manusear gra\u00e7as \u00e0s al\u00e7as confort\u00e1veis<br \/>\n&#8211; N\u00e3o necessita de pintura<br \/>\n&#8211; Uso flex\u00edvel<\/p>\n<p>&nbsp;<\/p>\n<h4>Dados t\u00e9cnicos<\/h4>\n<table>\n<colgroup>\n<col>\n<col><\/colgroup>\n<tbody>\n<tr>\n<td>Material<\/td>\n<td>Composto<\/td>\n<\/tr>\n<tr>\n<td>Vida \u00fatil<\/td>\n<td>10 anos Intervalo de teste<\/td>\n<\/tr>\n<tr>\n<td>Limite de enchimento de 80%<\/td>\n<td>Inclu\u00eddo<\/td>\n<\/tr>\n<tr>\n<td>V\u00e1lvula de seguran\u00e7a<\/td>\n<td>V\u00e1lvula limitadora de press\u00e3o de 27 bar<\/td>\n<\/tr>\n<tr>\n<td>Peso em vazio<\/td>\n<td>6,52 kg<\/td>\n<\/tr>\n<tr>\n<td>Enchimento e esvaziamento<\/td>\n<td>Separados<\/td>\n<\/tr>\n<tr>\n<td>Indicador de n\u00edvel de enchimento<\/td>\n<td>N\u00e3o dispon\u00edvel<\/td>\n<\/tr>\n<tr>\n<td>Visualiza\u00e7\u00e3o remota<\/td>\n<td>Poss\u00edvel<\/td>\n<\/tr>\n<tr>\n<td>Entrada<\/td>\n<td>1\/2&#8243; rosca macho<\/td>\n<\/tr>\n<tr>\n<td>Sa\u00edda<\/td>\n<td>Conex\u00e3o para cilindro pequeno (KLF)<\/td>\n<\/tr>\n<tr>\n<td>Segundo EN15252: G.12 = W21.8 x 1\/14 LH<\/td>\n<\/tr>\n<tr>\n<td>Volume (bruto)<\/td>\n<td>24,40 litros<\/td>\n<\/tr>\n<tr>\n<td>Volume (l\u00edquido)<\/td>\n<td>19,52 litros<\/td>\n<\/tr>\n<tr>\n<td>Altura total<\/td>\n<td>583 mm<\/td>\n<\/tr>\n<tr>\n<td>Altura sem gargalo<\/td>\n<td>Gargalo n\u00e3o remov\u00edvel<\/td>\n<\/tr>\n<tr>\n<td>Di\u00e2metro<\/td>\n<td>310 mm<\/td>\n<\/tr>\n<tr>\n<td>Aprova\u00e7\u00e3o<\/td>\n<td>2010\/35\/EU + 2014\/68\/EU<br \/>\nADR\/RID 2015<br \/>\nISO11119-3:2002<\/td>\n<\/tr>\n<\/tbody>\n<\/table>\n","protected":false},"excerpt":{"rendered":"<p>CAMPKO<\/p>\n","protected":false},"featured_media":30877,"comment_status":"open","ping_status":"closed","template":"","meta":{"_uag_custom_page_level_css":""},"product_brand":[],"product_cat":[1349],"product_tag":[],"class_list":{"0":"post-42282","1":"product","2":"type-product","3":"status-publish","4":"has-post-thumbnail","6":"product_cat-garrafas-gpl-recarregaveis","7":"product_shipping_class-garrafas","9":"first","10":"onbackorder","11":"taxable","12":"shipping-taxable","13":"purchasable","14":"product-type-simple"},"ct_brands":[],"yoast_head":"<!-- This site is optimized with the Yoast SEO Premium plugin v27.5 (Yoast SEO v27.6) - https:\/\/yoast.com\/product\/yoast-seo-premium-wordpress\/ -->\n<title>CAMPKO garrafa de g\u00e1s composta de 24,4 litros com multiv\u00e1lvula de 80% | Recambios EcoGas | Sistemas GLP y GNC<\/title>\n<meta name=\"robots\" content=\"index, follow, max-snippet:-1, max-image-preview:large, max-video-preview:-1\" \/>\n<link rel=\"canonical\" href=\"https:\/\/recambiosecogas.com\/pt-pt\/producto\/campko-botella-de-gas-compuesta-de-244-litros-con-multivalvula-del-80\/\" \/>\n<meta property=\"og:locale\" content=\"pt_PT\" \/>\n<meta property=\"og:type\" content=\"article\" \/>\n<meta property=\"og:title\" content=\"CAMPKO garrafa de g\u00e1s composta de 24,4 litros com multiv\u00e1lvula de 80%\" \/>\n<meta property=\"og:description\" content=\"CAMPKO\" \/>\n<meta property=\"og:url\" content=\"https:\/\/recambiosecogas.com\/pt-pt\/producto\/campko-botella-de-gas-compuesta-de-244-litros-con-multivalvula-del-80\/\" \/>\n<meta property=\"og:site_name\" content=\"Recambios EcoGas\" \/>\n<meta property=\"article:publisher\" content=\"https:\/\/www.facebook.com\/profile.php?id=100062419705358\" \/>\n<meta property=\"og:image\" content=\"https:\/\/recambiosecogas.com\/wp-content\/uploads\/2025\/01\/CAMPKO-botella-de-gas-compuesta-de-244-litros-con-multivalvula-del-80-png.webp\" \/>\n\t<meta property=\"og:image:width\" content=\"1000\" \/>\n\t<meta property=\"og:image:height\" content=\"1000\" \/>\n\t<meta property=\"og:image:type\" content=\"image\/png\" \/>\n<meta name=\"twitter:card\" content=\"summary_large_image\" \/>\n<meta name=\"twitter:label1\" content=\"pre\u00e7o\" \/>\n\t<meta name=\"twitter:data1\" content=\"423,84&nbsp;&euro; (Sin IVA: 350,28&nbsp;&euro;)\" \/>\n\t<meta name=\"twitter:label2\" content=\"Disponibilidade\" \/>\n\t<meta name=\"twitter:data2\" content=\"Por encomenda\" \/>\n<script type=\"application\/ld+json\" class=\"yoast-schema-graph\">{\"@context\":\"https:\\\/\\\/schema.org\",\"@graph\":[{\"@type\":\"WebPage\",\"@id\":\"https:\\\/\\\/recambiosecogas.com\\\/pt-pt\\\/producto\\\/campko-botella-de-gas-compuesta-de-244-litros-con-multivalvula-del-80\\\/\",\"url\":\"https:\\\/\\\/recambiosecogas.com\\\/pt-pt\\\/producto\\\/campko-botella-de-gas-compuesta-de-244-litros-con-multivalvula-del-80\\\/\",\"name\":\"CAMPKO garrafa de g\u00e1s composta de 24,4 litros com multiv\u00e1lvula de 80% | Recambios EcoGas | Sistemas GLP y GNC\",\"isPartOf\":{\"@id\":\"https:\\\/\\\/recambiosecogas.com\\\/pt-pt\\\/#website\"},\"primaryImageOfPage\":{\"@id\":\"https:\\\/\\\/recambiosecogas.com\\\/pt-pt\\\/producto\\\/campko-botella-de-gas-compuesta-de-244-litros-con-multivalvula-del-80\\\/#primaryimage\"},\"image\":{\"@id\":\"https:\\\/\\\/recambiosecogas.com\\\/pt-pt\\\/producto\\\/campko-botella-de-gas-compuesta-de-244-litros-con-multivalvula-del-80\\\/#primaryimage\"},\"thumbnailUrl\":\"https:\\\/\\\/recambiosecogas.com\\\/wp-content\\\/uploads\\\/2025\\\/01\\\/CAMPKO-botella-de-gas-compuesta-de-244-litros-con-multivalvula-del-80-png.webp\",\"datePublished\":\"2025-01-14T17:43:33+00:00\",\"breadcrumb\":{\"@id\":\"https:\\\/\\\/recambiosecogas.com\\\/pt-pt\\\/producto\\\/campko-botella-de-gas-compuesta-de-244-litros-con-multivalvula-del-80\\\/#breadcrumb\"},\"inLanguage\":\"pt-PT\",\"potentialAction\":[{\"@type\":\"ReadAction\",\"target\":[\"https:\\\/\\\/recambiosecogas.com\\\/pt-pt\\\/producto\\\/campko-botella-de-gas-compuesta-de-244-litros-con-multivalvula-del-80\\\/\"]}]},{\"@type\":\"ImageObject\",\"inLanguage\":\"pt-PT\",\"@id\":\"https:\\\/\\\/recambiosecogas.com\\\/pt-pt\\\/producto\\\/campko-botella-de-gas-compuesta-de-244-litros-con-multivalvula-del-80\\\/#primaryimage\",\"url\":\"https:\\\/\\\/recambiosecogas.com\\\/wp-content\\\/uploads\\\/2025\\\/01\\\/CAMPKO-botella-de-gas-compuesta-de-244-litros-con-multivalvula-del-80-png.webp\",\"contentUrl\":\"https:\\\/\\\/recambiosecogas.com\\\/wp-content\\\/uploads\\\/2025\\\/01\\\/CAMPKO-botella-de-gas-compuesta-de-244-litros-con-multivalvula-del-80-png.webp\",\"width\":1000,\"height\":1000},{\"@type\":\"BreadcrumbList\",\"@id\":\"https:\\\/\\\/recambiosecogas.com\\\/pt-pt\\\/producto\\\/campko-botella-de-gas-compuesta-de-244-litros-con-multivalvula-del-80\\\/#breadcrumb\",\"itemListElement\":[{\"@type\":\"ListItem\",\"position\":1,\"name\":\"P\u00e1gina inicial\",\"item\":\"https:\\\/\\\/recambiosecogas.com\\\/pt-pt\\\/\"},{\"@type\":\"ListItem\",\"position\":2,\"name\":\"Loja\",\"item\":\"https:\\\/\\\/recambiosecogas.com\\\/pt-pt\\\/tienda\\\/\"},{\"@type\":\"ListItem\",\"position\":3,\"name\":\"CAMPKO garrafa de g\u00e1s composta de 24,4 litros com multiv\u00e1lvula de 80%\"}]},{\"@type\":\"WebSite\",\"@id\":\"https:\\\/\\\/recambiosecogas.com\\\/pt-pt\\\/#website\",\"url\":\"https:\\\/\\\/recambiosecogas.com\\\/pt-pt\\\/\",\"name\":\"Recambios EcoGas\",\"description\":\"Pe\u00e7as multimarca para sistemas de GPL\\\/GNC\\\/GNL\\\/Hidrog\u00e9nio\",\"publisher\":{\"@id\":\"https:\\\/\\\/recambiosecogas.com\\\/pt-pt\\\/#organization\"},\"alternateName\":\"Recambios Autogas GLP\",\"potentialAction\":[{\"@type\":\"SearchAction\",\"target\":{\"@type\":\"EntryPoint\",\"urlTemplate\":\"https:\\\/\\\/recambiosecogas.com\\\/pt-pt\\\/?s={search_term_string}\"},\"query-input\":{\"@type\":\"PropertyValueSpecification\",\"valueRequired\":true,\"valueName\":\"search_term_string\"}}],\"inLanguage\":\"pt-PT\"},{\"@type\":[\"Organization\",\"Place\"],\"@id\":\"https:\\\/\\\/recambiosecogas.com\\\/pt-pt\\\/#organization\",\"name\":\"Recambios EcoGas\",\"alternateName\":\"Loja de GPL Autog\u00e1s Espanha\",\"url\":\"https:\\\/\\\/recambiosecogas.com\\\/pt-pt\\\/\",\"logo\":{\"@id\":\"https:\\\/\\\/recambiosecogas.com\\\/pt-pt\\\/producto\\\/campko-botella-de-gas-compuesta-de-244-litros-con-multivalvula-del-80\\\/#local-main-organization-logo\"},\"image\":{\"@id\":\"https:\\\/\\\/recambiosecogas.com\\\/pt-pt\\\/producto\\\/campko-botella-de-gas-compuesta-de-244-litros-con-multivalvula-del-80\\\/#local-main-organization-logo\"},\"sameAs\":[\"https:\\\/\\\/www.facebook.com\\\/profile.php?id=100062419705358\",\"https:\\\/\\\/www.instagram.com\\\/segimon_automocio\"],\"description\":\"Recambios EcoGas \u2013 Venta y distribuci\u00f3n de sistemas GLP y GNC en Espa\u00f1a y Portugal. Env\u00edos 24 h, soporte t\u00e9cnico a talleres y distribuidores.\",\"hasMerchantReturnPolicy\":{\"@type\":\"MerchantReturnPolicy\",\"merchantReturnLink\":\"https:\\\/\\\/recambiosecogas.com\\\/politicas-privacidad\\\/\"},\"address\":{\"@id\":\"https:\\\/\\\/recambiosecogas.com\\\/pt-pt\\\/producto\\\/campko-botella-de-gas-compuesta-de-244-litros-con-multivalvula-del-80\\\/#local-main-place-address\"},\"telephone\":[\"616250633\"],\"contactPoint\":{\"@type\":\"ContactPoint\",\"email\":\"export@recambiosecogas.com\"},\"openingHoursSpecification\":[{\"@type\":\"OpeningHoursSpecification\",\"dayOfWeek\":[\"Monday\",\"Tuesday\",\"Wednesday\",\"Thursday\",\"Friday\",\"Saturday\",\"Sunday\"],\"opens\":\"09:00\",\"closes\":\"17:00\"}],\"email\":\"info@recambiosecogas.com\",\"faxNumber\":\"SEGIMON AUTOMOCION SL\",\"vatID\":\"ESB19819861\",\"globalLocationNumber\":\"938 616 339\"},{\"@type\":\"PostalAddress\",\"@id\":\"https:\\\/\\\/recambiosecogas.com\\\/pt-pt\\\/producto\\\/campko-botella-de-gas-compuesta-de-244-litros-con-multivalvula-del-80\\\/#local-main-place-address\",\"streetAddress\":\"cami antic de vic, 29 (Nave 3), Pol\u00edgono Industrial Congost\",\"addressLocality\":\"CORRO D`AVALL\",\"postalCode\":\"08520\",\"addressRegion\":\"Barcelona\",\"addressCountry\":\"ES\"},{\"@type\":\"ImageObject\",\"inLanguage\":\"pt-PT\",\"@id\":\"https:\\\/\\\/recambiosecogas.com\\\/pt-pt\\\/producto\\\/campko-botella-de-gas-compuesta-de-244-litros-con-multivalvula-del-80\\\/#local-main-organization-logo\",\"url\":\"https:\\\/\\\/recambiosecogas.com\\\/wp-content\\\/uploads\\\/2024\\\/11\\\/cropped-RECAMBIOS-GLP-png.webp\",\"contentUrl\":\"https:\\\/\\\/recambiosecogas.com\\\/wp-content\\\/uploads\\\/2024\\\/11\\\/cropped-RECAMBIOS-GLP-png.webp\",\"width\":512,\"height\":512,\"caption\":\"Recambios EcoGas\"}]}<\/script>\n<meta property=\"product:price:amount\" content=\"423.84\" \/>\n<meta property=\"product:price:currency\" content=\"EUR\" \/>\n<meta property=\"og:availability\" content=\"backorder\" \/>\n<meta property=\"product:availability\" content=\"available for order\" \/>\n<meta property=\"product:retailer_item_id\" content=\"111581\" \/>\n<meta property=\"product:condition\" content=\"new\" \/>\n<meta name=\"geo.placename\" content=\"CORRO D`AVALL\" \/>\n<meta name=\"geo.region\" content=\"Espanha\" \/>\n<!-- \/ Yoast SEO Premium plugin. -->","yoast_head_json":{"title":"CAMPKO garrafa de g\u00e1s composta de 24,4 litros com multiv\u00e1lvula de 80% | Recambios EcoGas | Sistemas GLP y GNC","robots":{"index":"index","follow":"follow","max-snippet":"max-snippet:-1","max-image-preview":"max-image-preview:large","max-video-preview":"max-video-preview:-1"},"canonical":"https:\/\/recambiosecogas.com\/pt-pt\/producto\/campko-botella-de-gas-compuesta-de-244-litros-con-multivalvula-del-80\/","og_locale":"pt_PT","og_type":"article","og_title":"CAMPKO garrafa de g\u00e1s composta de 24,4 litros com multiv\u00e1lvula de 80%","og_description":"CAMPKO","og_url":"https:\/\/recambiosecogas.com\/pt-pt\/producto\/campko-botella-de-gas-compuesta-de-244-litros-con-multivalvula-del-80\/","og_site_name":"Recambios EcoGas","article_publisher":"https:\/\/www.facebook.com\/profile.php?id=100062419705358","og_image":[{"width":1000,"height":1000,"url":"https:\/\/recambiosecogas.com\/wp-content\/uploads\/2025\/01\/CAMPKO-botella-de-gas-compuesta-de-244-litros-con-multivalvula-del-80-png.webp","type":"image\/png"}],"twitter_card":"summary_large_image","twitter_misc":{"pre\u00e7o":"423,84&nbsp;&euro; (Sin IVA: 350,28&nbsp;&euro;)","Disponibilidade":"Por encomenda"},"schema":{"@context":"https:\/\/schema.org","@graph":[{"@type":"WebPage","@id":"https:\/\/recambiosecogas.com\/pt-pt\/producto\/campko-botella-de-gas-compuesta-de-244-litros-con-multivalvula-del-80\/","url":"https:\/\/recambiosecogas.com\/pt-pt\/producto\/campko-botella-de-gas-compuesta-de-244-litros-con-multivalvula-del-80\/","name":"CAMPKO garrafa de g\u00e1s composta de 24,4 litros com multiv\u00e1lvula de 80% | Recambios EcoGas | Sistemas GLP y GNC","isPartOf":{"@id":"https:\/\/recambiosecogas.com\/pt-pt\/#website"},"primaryImageOfPage":{"@id":"https:\/\/recambiosecogas.com\/pt-pt\/producto\/campko-botella-de-gas-compuesta-de-244-litros-con-multivalvula-del-80\/#primaryimage"},"image":{"@id":"https:\/\/recambiosecogas.com\/pt-pt\/producto\/campko-botella-de-gas-compuesta-de-244-litros-con-multivalvula-del-80\/#primaryimage"},"thumbnailUrl":"https:\/\/recambiosecogas.com\/wp-content\/uploads\/2025\/01\/CAMPKO-botella-de-gas-compuesta-de-244-litros-con-multivalvula-del-80-png.webp","datePublished":"2025-01-14T17:43:33+00:00","breadcrumb":{"@id":"https:\/\/recambiosecogas.com\/pt-pt\/producto\/campko-botella-de-gas-compuesta-de-244-litros-con-multivalvula-del-80\/#breadcrumb"},"inLanguage":"pt-PT","potentialAction":[{"@type":"ReadAction","target":["https:\/\/recambiosecogas.com\/pt-pt\/producto\/campko-botella-de-gas-compuesta-de-244-litros-con-multivalvula-del-80\/"]}]},{"@type":"ImageObject","inLanguage":"pt-PT","@id":"https:\/\/recambiosecogas.com\/pt-pt\/producto\/campko-botella-de-gas-compuesta-de-244-litros-con-multivalvula-del-80\/#primaryimage","url":"https:\/\/recambiosecogas.com\/wp-content\/uploads\/2025\/01\/CAMPKO-botella-de-gas-compuesta-de-244-litros-con-multivalvula-del-80-png.webp","contentUrl":"https:\/\/recambiosecogas.com\/wp-content\/uploads\/2025\/01\/CAMPKO-botella-de-gas-compuesta-de-244-litros-con-multivalvula-del-80-png.webp","width":1000,"height":1000},{"@type":"BreadcrumbList","@id":"https:\/\/recambiosecogas.com\/pt-pt\/producto\/campko-botella-de-gas-compuesta-de-244-litros-con-multivalvula-del-80\/#breadcrumb","itemListElement":[{"@type":"ListItem","position":1,"name":"P\u00e1gina inicial","item":"https:\/\/recambiosecogas.com\/pt-pt\/"},{"@type":"ListItem","position":2,"name":"Loja","item":"https:\/\/recambiosecogas.com\/pt-pt\/tienda\/"},{"@type":"ListItem","position":3,"name":"CAMPKO garrafa de g\u00e1s composta de 24,4 litros com multiv\u00e1lvula de 80%"}]},{"@type":"WebSite","@id":"https:\/\/recambiosecogas.com\/pt-pt\/#website","url":"https:\/\/recambiosecogas.com\/pt-pt\/","name":"Recambios EcoGas","description":"Pe\u00e7as multimarca para sistemas de GPL\/GNC\/GNL\/Hidrog\u00e9nio","publisher":{"@id":"https:\/\/recambiosecogas.com\/pt-pt\/#organization"},"alternateName":"Recambios Autogas GLP","potentialAction":[{"@type":"SearchAction","target":{"@type":"EntryPoint","urlTemplate":"https:\/\/recambiosecogas.com\/pt-pt\/?s={search_term_string}"},"query-input":{"@type":"PropertyValueSpecification","valueRequired":true,"valueName":"search_term_string"}}],"inLanguage":"pt-PT"},{"@type":["Organization","Place"],"@id":"https:\/\/recambiosecogas.com\/pt-pt\/#organization","name":"Recambios EcoGas","alternateName":"Loja de GPL Autog\u00e1s Espanha","url":"https:\/\/recambiosecogas.com\/pt-pt\/","logo":{"@id":"https:\/\/recambiosecogas.com\/pt-pt\/producto\/campko-botella-de-gas-compuesta-de-244-litros-con-multivalvula-del-80\/#local-main-organization-logo"},"image":{"@id":"https:\/\/recambiosecogas.com\/pt-pt\/producto\/campko-botella-de-gas-compuesta-de-244-litros-con-multivalvula-del-80\/#local-main-organization-logo"},"sameAs":["https:\/\/www.facebook.com\/profile.php?id=100062419705358","https:\/\/www.instagram.com\/segimon_automocio"],"description":"Recambios EcoGas \u2013 Venta y distribuci\u00f3n de sistemas GLP y GNC en Espa\u00f1a y Portugal. Env\u00edos 24 h, soporte t\u00e9cnico a talleres y distribuidores.","hasMerchantReturnPolicy":{"@type":"MerchantReturnPolicy","merchantReturnLink":"https:\/\/recambiosecogas.com\/politicas-privacidad\/"},"address":{"@id":"https:\/\/recambiosecogas.com\/pt-pt\/producto\/campko-botella-de-gas-compuesta-de-244-litros-con-multivalvula-del-80\/#local-main-place-address"},"telephone":["616250633"],"contactPoint":{"@type":"ContactPoint","email":"export@recambiosecogas.com"},"openingHoursSpecification":[{"@type":"OpeningHoursSpecification","dayOfWeek":["Monday","Tuesday","Wednesday","Thursday","Friday","Saturday","Sunday"],"opens":"09:00","closes":"17:00"}],"email":"info@recambiosecogas.com","faxNumber":"SEGIMON AUTOMOCION SL","vatID":"ESB19819861","globalLocationNumber":"938 616 339"},{"@type":"PostalAddress","@id":"https:\/\/recambiosecogas.com\/pt-pt\/producto\/campko-botella-de-gas-compuesta-de-244-litros-con-multivalvula-del-80\/#local-main-place-address","streetAddress":"cami antic de vic, 29 (Nave 3), Pol\u00edgono Industrial Congost","addressLocality":"CORRO D`AVALL","postalCode":"08520","addressRegion":"Barcelona","addressCountry":"ES"},{"@type":"ImageObject","inLanguage":"pt-PT","@id":"https:\/\/recambiosecogas.com\/pt-pt\/producto\/campko-botella-de-gas-compuesta-de-244-litros-con-multivalvula-del-80\/#local-main-organization-logo","url":"https:\/\/recambiosecogas.com\/wp-content\/uploads\/2024\/11\/cropped-RECAMBIOS-GLP-png.webp","contentUrl":"https:\/\/recambiosecogas.com\/wp-content\/uploads\/2024\/11\/cropped-RECAMBIOS-GLP-png.webp","width":512,"height":512,"caption":"Recambios EcoGas"}]},"product_price_amount":"423.84","product_price_currency":"EUR","og_availability":"backorder","product_availability":"available for order","product_retailer_item_id":"111581","product_condition":"new","geo.placename":"CORRO D`AVALL","geo.region":"Espanha"},"uagb_featured_image_src":{"full":["https:\/\/recambiosecogas.com\/wp-content\/uploads\/2025\/01\/CAMPKO-botella-de-gas-compuesta-de-244-litros-con-multivalvula-del-80-png.webp",1000,1000,false],"thumbnail":["https:\/\/recambiosecogas.com\/wp-content\/uploads\/2025\/01\/CAMPKO-botella-de-gas-compuesta-de-244-litros-con-multivalvula-del-80-150x150.webp",150,150,true],"medium":["https:\/\/recambiosecogas.com\/wp-content\/uploads\/2025\/01\/CAMPKO-botella-de-gas-compuesta-de-244-litros-con-multivalvula-del-80-300x300.webp",300,300,true],"medium_large":["https:\/\/recambiosecogas.com\/wp-content\/uploads\/2025\/01\/CAMPKO-botella-de-gas-compuesta-de-244-litros-con-multivalvula-del-80-768x768.webp",768,768,true],"large":["https:\/\/recambiosecogas.com\/wp-content\/uploads\/2025\/01\/CAMPKO-botella-de-gas-compuesta-de-244-litros-con-multivalvula-del-80-png.webp",1000,1000,false],"1536x1536":["https:\/\/recambiosecogas.com\/wp-content\/uploads\/2025\/01\/CAMPKO-botella-de-gas-compuesta-de-244-litros-con-multivalvula-del-80-png.webp",1000,1000,false],"2048x2048":["https:\/\/recambiosecogas.com\/wp-content\/uploads\/2025\/01\/CAMPKO-botella-de-gas-compuesta-de-244-litros-con-multivalvula-del-80-png.webp",1000,1000,false],"woocommerce_archive_thumbnail":["https:\/\/recambiosecogas.com\/wp-content\/uploads\/2025\/01\/CAMPKO-botella-de-gas-compuesta-de-244-litros-con-multivalvula-del-80-png.webp",1000,1000,false],"woocommerce_thumbnail":["https:\/\/recambiosecogas.com\/wp-content\/uploads\/2025\/01\/CAMPKO-botella-de-gas-compuesta-de-244-litros-con-multivalvula-del-80-300x300.webp",300,300,true],"woocommerce_single":["https:\/\/recambiosecogas.com\/wp-content\/uploads\/2025\/01\/CAMPKO-botella-de-gas-compuesta-de-244-litros-con-multivalvula-del-80-png.webp",1000,1000,false],"woocommerce_gallery_thumbnail":["https:\/\/recambiosecogas.com\/wp-content\/uploads\/2025\/01\/CAMPKO-botella-de-gas-compuesta-de-244-litros-con-multivalvula-del-80-png.webp",1000,1000,false],"dgwt-wcas-product-suggestion":["https:\/\/recambiosecogas.com\/wp-content\/uploads\/2025\/01\/CAMPKO-botella-de-gas-compuesta-de-244-litros-con-multivalvula-del-80-64x64.webp",64,64,true]},"uagb_author_info":{"display_name":"Fran - Soporte T\u00e9cnico","author_link":"https:\/\/recambiosecogas.com\/pt-pt\/author\/"},"uagb_comment_info":0,"uagb_excerpt":"CAMPKO","_links":{"self":[{"href":"https:\/\/recambiosecogas.com\/pt-pt\/wp-json\/wp\/v2\/product\/42282","targetHints":{"allow":["GET"]}}],"collection":[{"href":"https:\/\/recambiosecogas.com\/pt-pt\/wp-json\/wp\/v2\/product"}],"about":[{"href":"https:\/\/recambiosecogas.com\/pt-pt\/wp-json\/wp\/v2\/types\/product"}],"replies":[{"embeddable":true,"href":"https:\/\/recambiosecogas.com\/pt-pt\/wp-json\/wp\/v2\/comments?post=42282"}],"wp:featuredmedia":[{"embeddable":true,"href":"https:\/\/recambiosecogas.com\/pt-pt\/wp-json\/wp\/v2\/media\/30877"}],"wp:attachment":[{"href":"https:\/\/recambiosecogas.com\/pt-pt\/wp-json\/wp\/v2\/media?parent=42282"}],"wp:term":[{"taxonomy":"product_brand","embeddable":true,"href":"https:\/\/recambiosecogas.com\/pt-pt\/wp-json\/wp\/v2\/product_brand?post=42282"},{"taxonomy":"product_cat","embeddable":true,"href":"https:\/\/recambiosecogas.com\/pt-pt\/wp-json\/wp\/v2\/product_cat?post=42282"},{"taxonomy":"product_tag","embeddable":true,"href":"https:\/\/recambiosecogas.com\/pt-pt\/wp-json\/wp\/v2\/product_tag?post=42282"}],"curies":[{"name":"wp","href":"https:\/\/api.w.org\/{rel}","templated":true}]}}