{"id":42273,"date":"2024-12-23T14:32:25","date_gmt":"2024-12-23T14:32:25","guid":{"rendered":"https:\/\/recambiosecogas.com\/producto\/sensor-maps-m5-europegas\/"},"modified":"2024-12-23T14:32:25","modified_gmt":"2024-12-23T13:32:25","slug":"sensor-maps-m5-europegas","status":"publish","type":"product","link":"https:\/\/recambiosecogas.com\/pt-pt\/producto\/sensor-maps-m5-europegas\/","title":{"rendered":"MAPAS DO SENSOR M5 EUROPEGAS"},"content":{"rendered":"<h3 data-start=\"243\" data-end=\"317\"><strong data-start=\"250\" data-end=\"317\">Sensor MAPS M5 EUROPEGAS \u2013 Alta precis\u00e3o para sistemas GLP\/GNC<\/strong><\/h3>\n<p data-start=\"319\" data-end=\"738\">O Sensor MAPS M5 da EUROPEGAS \u00e9 um componente de alta tecnologia projetado para medir com precis\u00e3o a press\u00e3o do coletor de admiss\u00e3o em ve\u00edculos convertidos para GLP ou GNC. Esta informa\u00e7\u00e3o \u00e9 essencial para que a centralina de g\u00e1s (ECU) realize os c\u00e1lculos corretos da mistura ar\/g\u00e1s, otimizando assim o desempenho do motor, a efici\u00eancia do combust\u00edvel e reduzindo as emiss\u00f5es poluentes.  <span style=\"color: #ffffff;\">\u00a9RecambiosEcoGas<\/span><\/p>\n<p data-start=\"740\" data-end=\"1146\">Gra\u00e7as ao seu design compacto, robusto e f\u00e1cil de instalar, o MAPS M5 adapta-se perfeitamente a uma ampla gama de ve\u00edculos convertidos a g\u00e1s, incluindo DACIA, RENAULT, OPEL, MERCEDES-BENZ, BMW, HYUNDAI, FIAT, PEUGEOT, CITRO\u00cbN, AUDI, VOLKSWAGEN e muitos outros. \u00c9 especialmente \u00fatil em instala\u00e7\u00f5es com equipamentos da marca EUROPEGAS, embora tamb\u00e9m possa ser integrado com outros sistemas compat\u00edveis. <span style=\"color: #ffffff;\">\u00a9RecambiosEcoGas<\/span> <\/p>\n<p data-start=\"1148\" data-end=\"1432\">Fabricado com materiais de alta qualidade e tecnologia europeia, este sensor garante leituras est\u00e1veis, durabilidade e fiabilidade mesmo em condi\u00e7\u00f5es extremas de temperatura ou press\u00e3o, tornando-se uma pe\u00e7a indispens\u00e1vel para qualquer instala\u00e7\u00e3o profissional de autog\u00e1s. <span style=\"color: #ffffff;\">\u00a9RecambiosEcoGas<\/span><\/p>\n<hr data-start=\"1434\" data-end=\"1437\">\n<h3 data-start=\"1439\" data-end=\"1474\"><strong data-start=\"1446\" data-end=\"1474\">Especifica\u00e7\u00f5es<\/strong><\/h3>\n<div class=\"_tableContainer_16hzy_1\">\n<div class=\"_tableWrapper_16hzy_14 group flex w-fit flex-col-reverse\" tabindex=\"-1\">\n<table class=\"w-fit min-w-(--thread-content-width)\" style=\"height: 312px;\" data-start=\"1476\" data-end=\"2938\">\n<thead data-start=\"1476\" data-end=\"1580\">\n<tr style=\"height: 24px;\" data-start=\"1476\" data-end=\"1580\">\n<th style=\"height: 24px; width: 192.234px;\" data-start=\"1476\" data-end=\"1505\" data-col-size=\"sm\"><strong data-start=\"1478\" data-end=\"1496\">Especifica\u00e7\u00e3o<\/strong><\/th>\n<th style=\"height: 24px; width: 501.734px;\" data-start=\"1505\" data-end=\"1580\" data-col-size=\"md\"><strong data-start=\"1507\" data-end=\"1518\">Detalhe<\/strong><\/th>\n<\/tr>\n<\/thead>\n<tbody data-start=\"1686\" data-end=\"2938\">\n<tr style=\"height: 24px;\" data-start=\"1686\" data-end=\"1790\">\n<td style=\"height: 24px; width: 192.234px;\" data-start=\"1686\" data-end=\"1715\" data-col-size=\"sm\"><strong data-start=\"1688\" data-end=\"1697\">Marca<\/strong><\/td>\n<td style=\"height: 24px; width: 501.734px;\" data-start=\"1715\" data-end=\"1790\" data-col-size=\"md\">EUROPEGAS<\/td>\n<\/tr>\n<tr style=\"height: 24px;\" data-start=\"1791\" data-end=\"1895\">\n<td style=\"height: 24px; width: 192.234px;\" data-start=\"1791\" data-end=\"1820\" data-col-size=\"sm\"><strong data-start=\"1793\" data-end=\"1803\">Modelo<\/strong><\/td>\n<td style=\"height: 24px; width: 501.734px;\" data-start=\"1820\" data-end=\"1895\" data-col-size=\"md\">MAPS M5<\/td>\n<\/tr>\n<tr style=\"height: 24px;\" data-start=\"1896\" data-end=\"1999\">\n<td style=\"height: 24px; width: 192.234px;\" data-start=\"1896\" data-end=\"1925\" data-col-size=\"sm\">Tipo de sensor<\/td>\n<p><strong data-start=\"1898\" data-end=\"1916\"><\/p>\n<td style=\"height: 24px; width: 501.734px;\" data-start=\"1925\" data-end=\"1999\" data-col-size=\"md\">Sensor de press\u00e3o MAP (coletor de admiss\u00e3o)<\/td>\n<p><\/strong><br \/>\n<\/tr>\n<tr style=\"height: 24px;\" data-start=\"2000\" data-end=\"2104\">\n<td style=\"height: 24px; width: 192.234px;\" data-start=\"2000\" data-end=\"2029\" data-col-size=\"sm\">Faixa de medi\u00e7\u00e3o<\/td>\n<td style=\"height: 24px; width: 501.734px;\" data-start=\"2029\" data-end=\"2104\" data-col-size=\"md\">At\u00e9 2,5 bar<\/td>\n<\/tr>\n<tr style=\"height: 24px;\" data-start=\"2105\" data-end=\"2209\">\n<td style=\"height: 24px; width: 192.234px;\" data-start=\"2105\" data-end=\"2134\" data-col-size=\"sm\">Tens\u00e3o de entrada<\/td>\n<td style=\"height: 24px; width: 501.734px;\" data-start=\"2134\" data-end=\"2209\" data-col-size=\"md\">5V DC <span style=\"color: #ffffff;\">\u00a9RecambiosEcoGas<\/span><\/td>\n<\/tr>\n<tr style=\"height: 24px;\" data-start=\"2210\" data-end=\"2313\">\n<td style=\"height: 24px; width: 192.234px;\" data-start=\"2210\" data-end=\"2239\" data-col-size=\"sm\">Tipo de sinal<\/td>\n<td style=\"height: 24px; width: 501.734px;\" data-start=\"2239\" data-end=\"2313\" data-col-size=\"md\">Anal\u00f3gico <span style=\"color: #ffffff;\">\u00a9RecambiosEcoGas<\/span><\/td>\n<\/tr>\n<tr style=\"height: 24px;\" data-start=\"2314\" data-end=\"2417\">\n<td style=\"height: 24px; width: 192.234px;\" data-start=\"2314\" data-end=\"2343\" data-col-size=\"sm\">Conector<\/td>\n<td style=\"height: 24px; width: 501.734px;\" data-start=\"2343\" data-end=\"2417\" data-col-size=\"md\">3 pinos padr\u00e3o<span style=\"color: #ffffff;\"> \u00a9RecambiosEcoGas<\/span><\/td>\n<\/tr>\n<tr style=\"height: 24px;\" data-start=\"2418\" data-end=\"2521\">\n<td style=\"height: 24px; width: 192.234px;\" data-start=\"2418\" data-end=\"2447\" data-col-size=\"sm\">Compatibilidade com g\u00e1s<\/td>\n<td style=\"height: 24px; width: 501.734px;\" data-start=\"2447\" data-end=\"2521\" data-col-size=\"md\">GLP \/ GNC <span style=\"color: #ffffff;\">\u00a9RecambiosEcoGas<\/span><\/td>\n<\/tr>\n<tr style=\"height: 24px;\" data-start=\"2522\" data-end=\"2625\">\n<td style=\"height: 24px; width: 192.234px;\" data-start=\"2522\" data-end=\"2551\" data-col-size=\"sm\">Compatibilidade com marcas<\/td>\n<td style=\"height: 24px; width: 501.734px;\" data-start=\"2551\" data-end=\"2625\" data-col-size=\"md\">Renault, Dacia, Opel, Mercedes, Fiat, Audi, VW, Peugeot, Hyundai, etc.<\/td>\n<\/tr>\n<tr style=\"height: 24px;\" data-start=\"2626\" data-end=\"2729\">\n<td style=\"height: 24px; width: 192.234px;\" data-start=\"2626\" data-end=\"2655\" data-col-size=\"sm\">Aplica\u00e7\u00e3o<\/td>\n<td style=\"height: 24px; width: 501.734px;\" data-start=\"2655\" data-end=\"2729\" data-col-size=\"md\">Sistemas de inje\u00e7\u00e3o sequencial de g\u00e1s <span style=\"color: #ffffff;\">\u00a9RecambiosEcoGas<\/span><\/td>\n<\/tr>\n<tr style=\"height: 24px;\" data-start=\"2730\" data-end=\"2833\">\n<td style=\"height: 24px; width: 192.234px;\" data-start=\"2730\" data-end=\"2759\" data-col-size=\"sm\">Local de instala\u00e7\u00e3o<\/td>\n<td style=\"height: 24px; width: 501.734px;\" data-start=\"2759\" data-end=\"2833\" data-col-size=\"md\">Coletor de admiss\u00e3o \/ linha de press\u00e3o<\/td>\n<\/tr>\n<tr style=\"height: 24px;\" data-start=\"2834\" data-end=\"2938\">\n<td style=\"height: 24px; width: 192.234px;\" data-start=\"2834\" data-end=\"2863\" data-col-size=\"sm\">Fabricado em<\/td>\n<td style=\"height: 24px; width: 501.734px;\" data-start=\"2863\" data-end=\"2938\" data-col-size=\"md\">Europa <span style=\"color: #ffffff;\">\u00a9RecambiosEcoGas<\/span><\/td>\n<\/tr>\n<\/tbody>\n<\/table>\n<div><span style=\"color: #ffffff;\">\u00a9RecambiosEcoGas<\/span><\/div>\n<div class=\"sticky end-(--thread-content-margin) h-0 self-end select-none\">\n<div class=\"absolute end-0 flex items-end\"><a href=\"https:\/\/recambiosecogas.com\/categoria-producto\/sensores-2\/sensores-de-presion\/\">Consiga mais sensores de press\u00e3o BRC<\/a><br \/>\n<a href=\"http:\/\/www.recambiosecogas.es\/\">Solicite o seu acesso profissional<\/a> <\/div>\n<\/div>\n<\/div>\n<\/div>\n","protected":false},"excerpt":{"rendered":"<div class=\"flex flex-grow flex-col max-w-full\">\n<div class=\"min-h-[20px] text-message flex flex-col items-start whitespace-pre-wrap break-words [.text-message+&amp;]:mt-5 juice:w-full juice:items-end overflow-x-auto gap-2\" dir=\"auto\" data-message-author-role=\"assistant\" data-message-id=\"b9b4f311-6d1f-4aa2-b563-235292ce262f\">\n<div class=\"flex w-full flex-col gap-1 juice:empty:hidden juice:first:pt-[3px]\">\n<div class=\"markdown prose w-full break-words dark:prose-invert light\">\n<p>Otimize o seu sistema de g\u00e1s com o sensor MAPS M5 EUROPEGAS. De f\u00e1cil instala\u00e7\u00e3o e utiliza\u00e7\u00e3o, proporciona leituras precisas para melhorar a combust\u00e3o e a efici\u00eancia do motor. Obtenha-o hoje!  <\/p>\n<\/div>\n<\/div>\n<\/div>\n<\/div>\n","protected":false},"featured_media":25937,"comment_status":"open","ping_status":"closed","template":"","meta":{"_uag_custom_page_level_css":""},"product_brand":[1001],"product_cat":[1703,1869,1879],"product_tag":[],"class_list":{"0":"post-42273","1":"product","2":"type-product","3":"status-publish","4":"has-post-thumbnail","6":"product_brand-europegas","7":"product_cat-europegas-pt-pt","8":"product_cat-sensores","9":"product_cat-sensores-de-pressao","11":"first","12":"instock","13":"taxable","14":"shipping-taxable","15":"purchasable","16":"product-type-simple"},"ct_brands":[{"id":1001,"name":"EUROPEGAS","slug":"europegas"}],"yoast_head":"<!-- This site is optimized with the Yoast SEO Premium plugin v27.5 (Yoast SEO v27.5) - https:\/\/yoast.com\/product\/yoast-seo-premium-wordpress\/ -->\n<title>MAPAS DO SENSOR M5 EUROPEGAS | Recambios EcoGas | Sistemas GLP y GNC<\/title>\n<meta name=\"description\" content=\"Garanta leituras precisas da press\u00e3o de admiss\u00e3o com o sensor MAPS EUROPEGAS M5. Otimize o seu sistema de gases para uma melhor efici\u00eancia e desempenho.\" \/>\n<meta name=\"robots\" content=\"index, follow, max-snippet:-1, max-image-preview:large, max-video-preview:-1\" \/>\n<link rel=\"canonical\" href=\"https:\/\/recambiosecogas.com\/pt-pt\/producto\/sensor-maps-m5-europegas\/\" \/>\n<meta property=\"og:locale\" content=\"pt_PT\" \/>\n<meta property=\"og:type\" content=\"article\" \/>\n<meta property=\"og:title\" content=\"MAPAS DO SENSOR M5 EUROPEGAS\" \/>\n<meta property=\"og:description\" content=\"Garanta leituras precisas da press\u00e3o de admiss\u00e3o com o sensor MAPS EUROPEGAS M5. Otimize o seu sistema de gases para uma melhor efici\u00eancia e desempenho.\" \/>\n<meta property=\"og:url\" content=\"https:\/\/recambiosecogas.com\/pt-pt\/producto\/sensor-maps-m5-europegas\/\" \/>\n<meta property=\"og:site_name\" content=\"Recambios EcoGas\" \/>\n<meta property=\"article:publisher\" content=\"https:\/\/www.facebook.com\/profile.php?id=100062419705358\" \/>\n<meta property=\"og:image\" content=\"https:\/\/recambiosecogas.com\/wp-content\/uploads\/2024\/12\/SENSOR-MAPS-EUROPEGAS-png.webp\" \/>\n\t<meta property=\"og:image:width\" content=\"1000\" \/>\n\t<meta property=\"og:image:height\" content=\"1000\" \/>\n\t<meta property=\"og:image:type\" content=\"image\/png\" \/>\n<meta name=\"twitter:card\" content=\"summary_large_image\" \/>\n<meta name=\"twitter:label1\" content=\"pre\u00e7o\" \/>\n\t<meta name=\"twitter:data1\" content=\"59,33&nbsp;&euro; (Sin IVA: 49,03&nbsp;&euro;)\" \/>\n\t<meta name=\"twitter:label2\" content=\"Disponibilidade\" \/>\n\t<meta name=\"twitter:data2\" content=\"Em stock\" \/>\n<script type=\"application\/ld+json\" class=\"yoast-schema-graph\">{\"@context\":\"https:\\\/\\\/schema.org\",\"@graph\":[{\"@type\":\"WebPage\",\"@id\":\"https:\\\/\\\/recambiosecogas.com\\\/pt-pt\\\/producto\\\/sensor-maps-m5-europegas\\\/\",\"url\":\"https:\\\/\\\/recambiosecogas.com\\\/pt-pt\\\/producto\\\/sensor-maps-m5-europegas\\\/\",\"name\":\"MAPAS DO SENSOR M5 EUROPEGAS | Recambios EcoGas | Sistemas GLP y GNC\",\"isPartOf\":{\"@id\":\"https:\\\/\\\/recambiosecogas.com\\\/pt-pt\\\/#website\"},\"primaryImageOfPage\":{\"@id\":\"https:\\\/\\\/recambiosecogas.com\\\/pt-pt\\\/producto\\\/sensor-maps-m5-europegas\\\/#primaryimage\"},\"image\":{\"@id\":\"https:\\\/\\\/recambiosecogas.com\\\/pt-pt\\\/producto\\\/sensor-maps-m5-europegas\\\/#primaryimage\"},\"thumbnailUrl\":\"https:\\\/\\\/recambiosecogas.com\\\/wp-content\\\/uploads\\\/2024\\\/12\\\/SENSOR-MAPS-EUROPEGAS-png.webp\",\"datePublished\":\"2024-12-23T14:32:25+00:00\",\"description\":\"Garanta leituras precisas da press\u00e3o de admiss\u00e3o com o sensor MAPS EUROPEGAS M5. Otimize o seu sistema de gases para uma melhor efici\u00eancia e desempenho.\",\"breadcrumb\":{\"@id\":\"https:\\\/\\\/recambiosecogas.com\\\/pt-pt\\\/producto\\\/sensor-maps-m5-europegas\\\/#breadcrumb\"},\"inLanguage\":\"pt-PT\",\"potentialAction\":[{\"@type\":\"ReadAction\",\"target\":[\"https:\\\/\\\/recambiosecogas.com\\\/pt-pt\\\/producto\\\/sensor-maps-m5-europegas\\\/\"]}]},{\"@type\":\"ImageObject\",\"inLanguage\":\"pt-PT\",\"@id\":\"https:\\\/\\\/recambiosecogas.com\\\/pt-pt\\\/producto\\\/sensor-maps-m5-europegas\\\/#primaryimage\",\"url\":\"https:\\\/\\\/recambiosecogas.com\\\/wp-content\\\/uploads\\\/2024\\\/12\\\/SENSOR-MAPS-EUROPEGAS-png.webp\",\"contentUrl\":\"https:\\\/\\\/recambiosecogas.com\\\/wp-content\\\/uploads\\\/2024\\\/12\\\/SENSOR-MAPS-EUROPEGAS-png.webp\",\"width\":1000,\"height\":1000},{\"@type\":\"BreadcrumbList\",\"@id\":\"https:\\\/\\\/recambiosecogas.com\\\/pt-pt\\\/producto\\\/sensor-maps-m5-europegas\\\/#breadcrumb\",\"itemListElement\":[{\"@type\":\"ListItem\",\"position\":1,\"name\":\"P\u00e1gina inicial\",\"item\":\"https:\\\/\\\/recambiosecogas.com\\\/pt-pt\\\/\"},{\"@type\":\"ListItem\",\"position\":2,\"name\":\"Loja\",\"item\":\"https:\\\/\\\/recambiosecogas.com\\\/pt-pt\\\/tienda\\\/\"},{\"@type\":\"ListItem\",\"position\":3,\"name\":\"MAPAS DO SENSOR M5 EUROPEGAS\"}]},{\"@type\":\"WebSite\",\"@id\":\"https:\\\/\\\/recambiosecogas.com\\\/pt-pt\\\/#website\",\"url\":\"https:\\\/\\\/recambiosecogas.com\\\/pt-pt\\\/\",\"name\":\"Recambios EcoGas\",\"description\":\"Pe\u00e7as multimarca para sistemas de GPL\\\/GNC\\\/GNL\\\/Hidrog\u00e9nio\",\"publisher\":{\"@id\":\"https:\\\/\\\/recambiosecogas.com\\\/pt-pt\\\/#organization\"},\"alternateName\":\"Recambios Autogas GLP\",\"potentialAction\":[{\"@type\":\"SearchAction\",\"target\":{\"@type\":\"EntryPoint\",\"urlTemplate\":\"https:\\\/\\\/recambiosecogas.com\\\/pt-pt\\\/?s={search_term_string}\"},\"query-input\":{\"@type\":\"PropertyValueSpecification\",\"valueRequired\":true,\"valueName\":\"search_term_string\"}}],\"inLanguage\":\"pt-PT\"},{\"@type\":[\"Organization\",\"Place\"],\"@id\":\"https:\\\/\\\/recambiosecogas.com\\\/pt-pt\\\/#organization\",\"name\":\"Recambios EcoGas\",\"alternateName\":\"Loja de GPL Autog\u00e1s Espanha\",\"url\":\"https:\\\/\\\/recambiosecogas.com\\\/pt-pt\\\/\",\"logo\":{\"@id\":\"https:\\\/\\\/recambiosecogas.com\\\/pt-pt\\\/producto\\\/sensor-maps-m5-europegas\\\/#local-main-organization-logo\"},\"image\":{\"@id\":\"https:\\\/\\\/recambiosecogas.com\\\/pt-pt\\\/producto\\\/sensor-maps-m5-europegas\\\/#local-main-organization-logo\"},\"sameAs\":[\"https:\\\/\\\/www.facebook.com\\\/profile.php?id=100062419705358\",\"https:\\\/\\\/www.instagram.com\\\/segimon_automocio\"],\"description\":\"Recambios EcoGas \u2013 Venta y distribuci\u00f3n de sistemas GLP y GNC en Espa\u00f1a y Portugal. Env\u00edos 24 h, soporte t\u00e9cnico a talleres y distribuidores.\",\"hasMerchantReturnPolicy\":{\"@type\":\"MerchantReturnPolicy\",\"merchantReturnLink\":\"https:\\\/\\\/recambiosecogas.com\\\/politicas-privacidad\\\/\"},\"address\":{\"@id\":\"https:\\\/\\\/recambiosecogas.com\\\/pt-pt\\\/producto\\\/sensor-maps-m5-europegas\\\/#local-main-place-address\"},\"telephone\":[\"616250633\"],\"contactPoint\":{\"@type\":\"ContactPoint\",\"email\":\"export@recambiosecogas.com\"},\"openingHoursSpecification\":[{\"@type\":\"OpeningHoursSpecification\",\"dayOfWeek\":[\"Monday\",\"Tuesday\",\"Wednesday\",\"Thursday\",\"Friday\",\"Saturday\",\"Sunday\"],\"opens\":\"09:00\",\"closes\":\"17:00\"}],\"email\":\"info@recambiosecogas.com\",\"faxNumber\":\"SEGIMON AUTOMOCION SL\",\"vatID\":\"ESB19819861\",\"globalLocationNumber\":\"938 616 339\"},{\"@type\":\"PostalAddress\",\"@id\":\"https:\\\/\\\/recambiosecogas.com\\\/pt-pt\\\/producto\\\/sensor-maps-m5-europegas\\\/#local-main-place-address\",\"streetAddress\":\"cami antic de vic, 29 (Nave 3), Pol\u00edgono Industrial Congost\",\"addressLocality\":\"CORRO D`AVALL\",\"postalCode\":\"08520\",\"addressRegion\":\"Barcelona\",\"addressCountry\":\"ES\"},{\"@type\":\"ImageObject\",\"inLanguage\":\"pt-PT\",\"@id\":\"https:\\\/\\\/recambiosecogas.com\\\/pt-pt\\\/producto\\\/sensor-maps-m5-europegas\\\/#local-main-organization-logo\",\"url\":\"https:\\\/\\\/recambiosecogas.com\\\/wp-content\\\/uploads\\\/2024\\\/11\\\/cropped-RECAMBIOS-GLP-png.webp\",\"contentUrl\":\"https:\\\/\\\/recambiosecogas.com\\\/wp-content\\\/uploads\\\/2024\\\/11\\\/cropped-RECAMBIOS-GLP-png.webp\",\"width\":512,\"height\":512,\"caption\":\"Recambios EcoGas\"}]}<\/script>\n<meta property=\"product:brand\" content=\"EUROPEGAS\" \/>\n<meta property=\"product:price:amount\" content=\"59.33\" \/>\n<meta property=\"product:price:currency\" content=\"EUR\" \/>\n<meta property=\"og:availability\" content=\"instock\" \/>\n<meta property=\"product:availability\" content=\"instock\" \/>\n<meta property=\"product:retailer_item_id\" content=\"3022\" \/>\n<meta property=\"product:condition\" content=\"new\" \/>\n<meta name=\"geo.placename\" content=\"CORRO D`AVALL\" \/>\n<meta name=\"geo.region\" content=\"Espanha\" \/>\n<!-- \/ Yoast SEO Premium plugin. -->","yoast_head_json":{"title":"MAPAS DO SENSOR M5 EUROPEGAS | Recambios EcoGas | Sistemas GLP y GNC","description":"Garanta leituras precisas da press\u00e3o de admiss\u00e3o com o sensor MAPS EUROPEGAS M5. Otimize o seu sistema de gases para uma melhor efici\u00eancia e desempenho.","robots":{"index":"index","follow":"follow","max-snippet":"max-snippet:-1","max-image-preview":"max-image-preview:large","max-video-preview":"max-video-preview:-1"},"canonical":"https:\/\/recambiosecogas.com\/pt-pt\/producto\/sensor-maps-m5-europegas\/","og_locale":"pt_PT","og_type":"article","og_title":"MAPAS DO SENSOR M5 EUROPEGAS","og_description":"Garanta leituras precisas da press\u00e3o de admiss\u00e3o com o sensor MAPS EUROPEGAS M5. Otimize o seu sistema de gases para uma melhor efici\u00eancia e desempenho.","og_url":"https:\/\/recambiosecogas.com\/pt-pt\/producto\/sensor-maps-m5-europegas\/","og_site_name":"Recambios EcoGas","article_publisher":"https:\/\/www.facebook.com\/profile.php?id=100062419705358","og_image":[{"width":1000,"height":1000,"url":"https:\/\/recambiosecogas.com\/wp-content\/uploads\/2024\/12\/SENSOR-MAPS-EUROPEGAS-png.webp","type":"image\/png"}],"twitter_card":"summary_large_image","twitter_misc":{"pre\u00e7o":"59,33&nbsp;&euro; (Sin IVA: 49,03&nbsp;&euro;)","Disponibilidade":"Em stock"},"schema":{"@context":"https:\/\/schema.org","@graph":[{"@type":"WebPage","@id":"https:\/\/recambiosecogas.com\/pt-pt\/producto\/sensor-maps-m5-europegas\/","url":"https:\/\/recambiosecogas.com\/pt-pt\/producto\/sensor-maps-m5-europegas\/","name":"MAPAS DO SENSOR M5 EUROPEGAS | Recambios EcoGas | Sistemas GLP y GNC","isPartOf":{"@id":"https:\/\/recambiosecogas.com\/pt-pt\/#website"},"primaryImageOfPage":{"@id":"https:\/\/recambiosecogas.com\/pt-pt\/producto\/sensor-maps-m5-europegas\/#primaryimage"},"image":{"@id":"https:\/\/recambiosecogas.com\/pt-pt\/producto\/sensor-maps-m5-europegas\/#primaryimage"},"thumbnailUrl":"https:\/\/recambiosecogas.com\/wp-content\/uploads\/2024\/12\/SENSOR-MAPS-EUROPEGAS-png.webp","datePublished":"2024-12-23T14:32:25+00:00","description":"Garanta leituras precisas da press\u00e3o de admiss\u00e3o com o sensor MAPS EUROPEGAS M5. Otimize o seu sistema de gases para uma melhor efici\u00eancia e desempenho.","breadcrumb":{"@id":"https:\/\/recambiosecogas.com\/pt-pt\/producto\/sensor-maps-m5-europegas\/#breadcrumb"},"inLanguage":"pt-PT","potentialAction":[{"@type":"ReadAction","target":["https:\/\/recambiosecogas.com\/pt-pt\/producto\/sensor-maps-m5-europegas\/"]}]},{"@type":"ImageObject","inLanguage":"pt-PT","@id":"https:\/\/recambiosecogas.com\/pt-pt\/producto\/sensor-maps-m5-europegas\/#primaryimage","url":"https:\/\/recambiosecogas.com\/wp-content\/uploads\/2024\/12\/SENSOR-MAPS-EUROPEGAS-png.webp","contentUrl":"https:\/\/recambiosecogas.com\/wp-content\/uploads\/2024\/12\/SENSOR-MAPS-EUROPEGAS-png.webp","width":1000,"height":1000},{"@type":"BreadcrumbList","@id":"https:\/\/recambiosecogas.com\/pt-pt\/producto\/sensor-maps-m5-europegas\/#breadcrumb","itemListElement":[{"@type":"ListItem","position":1,"name":"P\u00e1gina inicial","item":"https:\/\/recambiosecogas.com\/pt-pt\/"},{"@type":"ListItem","position":2,"name":"Loja","item":"https:\/\/recambiosecogas.com\/pt-pt\/tienda\/"},{"@type":"ListItem","position":3,"name":"MAPAS DO SENSOR M5 EUROPEGAS"}]},{"@type":"WebSite","@id":"https:\/\/recambiosecogas.com\/pt-pt\/#website","url":"https:\/\/recambiosecogas.com\/pt-pt\/","name":"Recambios EcoGas","description":"Pe\u00e7as multimarca para sistemas de GPL\/GNC\/GNL\/Hidrog\u00e9nio","publisher":{"@id":"https:\/\/recambiosecogas.com\/pt-pt\/#organization"},"alternateName":"Recambios Autogas GLP","potentialAction":[{"@type":"SearchAction","target":{"@type":"EntryPoint","urlTemplate":"https:\/\/recambiosecogas.com\/pt-pt\/?s={search_term_string}"},"query-input":{"@type":"PropertyValueSpecification","valueRequired":true,"valueName":"search_term_string"}}],"inLanguage":"pt-PT"},{"@type":["Organization","Place"],"@id":"https:\/\/recambiosecogas.com\/pt-pt\/#organization","name":"Recambios EcoGas","alternateName":"Loja de GPL Autog\u00e1s Espanha","url":"https:\/\/recambiosecogas.com\/pt-pt\/","logo":{"@id":"https:\/\/recambiosecogas.com\/pt-pt\/producto\/sensor-maps-m5-europegas\/#local-main-organization-logo"},"image":{"@id":"https:\/\/recambiosecogas.com\/pt-pt\/producto\/sensor-maps-m5-europegas\/#local-main-organization-logo"},"sameAs":["https:\/\/www.facebook.com\/profile.php?id=100062419705358","https:\/\/www.instagram.com\/segimon_automocio"],"description":"Recambios EcoGas \u2013 Venta y distribuci\u00f3n de sistemas GLP y GNC en Espa\u00f1a y Portugal. Env\u00edos 24 h, soporte t\u00e9cnico a talleres y distribuidores.","hasMerchantReturnPolicy":{"@type":"MerchantReturnPolicy","merchantReturnLink":"https:\/\/recambiosecogas.com\/politicas-privacidad\/"},"address":{"@id":"https:\/\/recambiosecogas.com\/pt-pt\/producto\/sensor-maps-m5-europegas\/#local-main-place-address"},"telephone":["616250633"],"contactPoint":{"@type":"ContactPoint","email":"export@recambiosecogas.com"},"openingHoursSpecification":[{"@type":"OpeningHoursSpecification","dayOfWeek":["Monday","Tuesday","Wednesday","Thursday","Friday","Saturday","Sunday"],"opens":"09:00","closes":"17:00"}],"email":"info@recambiosecogas.com","faxNumber":"SEGIMON AUTOMOCION SL","vatID":"ESB19819861","globalLocationNumber":"938 616 339"},{"@type":"PostalAddress","@id":"https:\/\/recambiosecogas.com\/pt-pt\/producto\/sensor-maps-m5-europegas\/#local-main-place-address","streetAddress":"cami antic de vic, 29 (Nave 3), Pol\u00edgono Industrial Congost","addressLocality":"CORRO D`AVALL","postalCode":"08520","addressRegion":"Barcelona","addressCountry":"ES"},{"@type":"ImageObject","inLanguage":"pt-PT","@id":"https:\/\/recambiosecogas.com\/pt-pt\/producto\/sensor-maps-m5-europegas\/#local-main-organization-logo","url":"https:\/\/recambiosecogas.com\/wp-content\/uploads\/2024\/11\/cropped-RECAMBIOS-GLP-png.webp","contentUrl":"https:\/\/recambiosecogas.com\/wp-content\/uploads\/2024\/11\/cropped-RECAMBIOS-GLP-png.webp","width":512,"height":512,"caption":"Recambios EcoGas"}]},"product_brand":"EUROPEGAS","product_price_amount":"59.33","product_price_currency":"EUR","og_availability":"instock","product_availability":"instock","product_retailer_item_id":"3022","product_condition":"new","geo.placename":"CORRO D`AVALL","geo.region":"Espanha"},"uagb_featured_image_src":{"full":["https:\/\/recambiosecogas.com\/wp-content\/uploads\/2024\/12\/SENSOR-MAPS-EUROPEGAS-png.webp",1000,1000,false],"thumbnail":["https:\/\/recambiosecogas.com\/wp-content\/uploads\/2024\/12\/SENSOR-MAPS-EUROPEGAS-150x150.webp",150,150,true],"medium":["https:\/\/recambiosecogas.com\/wp-content\/uploads\/2024\/12\/SENSOR-MAPS-EUROPEGAS-300x300.webp",300,300,true],"medium_large":["https:\/\/recambiosecogas.com\/wp-content\/uploads\/2024\/12\/SENSOR-MAPS-EUROPEGAS-768x768.webp",768,768,true],"large":["https:\/\/recambiosecogas.com\/wp-content\/uploads\/2024\/12\/SENSOR-MAPS-EUROPEGAS-png.webp",1000,1000,false],"1536x1536":["https:\/\/recambiosecogas.com\/wp-content\/uploads\/2024\/12\/SENSOR-MAPS-EUROPEGAS-png.webp",1000,1000,false],"2048x2048":["https:\/\/recambiosecogas.com\/wp-content\/uploads\/2024\/12\/SENSOR-MAPS-EUROPEGAS-png.webp",1000,1000,false],"woocommerce_archive_thumbnail":["https:\/\/recambiosecogas.com\/wp-content\/uploads\/2024\/12\/SENSOR-MAPS-EUROPEGAS-png.webp",1000,1000,false],"woocommerce_thumbnail":["https:\/\/recambiosecogas.com\/wp-content\/uploads\/2024\/12\/SENSOR-MAPS-EUROPEGAS-300x300.webp",300,300,true],"woocommerce_single":["https:\/\/recambiosecogas.com\/wp-content\/uploads\/2024\/12\/SENSOR-MAPS-EUROPEGAS-png.webp",1000,1000,false],"woocommerce_gallery_thumbnail":["https:\/\/recambiosecogas.com\/wp-content\/uploads\/2024\/12\/SENSOR-MAPS-EUROPEGAS-png.webp",1000,1000,false],"dgwt-wcas-product-suggestion":["https:\/\/recambiosecogas.com\/wp-content\/uploads\/2024\/12\/SENSOR-MAPS-EUROPEGAS-64x64.webp",64,64,true]},"uagb_author_info":{"display_name":"Fran - Soporte T\u00e9cnico","author_link":"https:\/\/recambiosecogas.com\/pt-pt\/author\/"},"uagb_comment_info":0,"uagb_excerpt":"Otimize o seu sistema de g\u00e1s com o sensor MAPS M5 EUROPEGAS. De f\u00e1cil instala\u00e7\u00e3o e utiliza\u00e7\u00e3o, proporciona leituras precisas para melhorar a combust\u00e3o e a efici\u00eancia do motor. Obtenha-o hoje!","_links":{"self":[{"href":"https:\/\/recambiosecogas.com\/pt-pt\/wp-json\/wp\/v2\/product\/42273","targetHints":{"allow":["GET"]}}],"collection":[{"href":"https:\/\/recambiosecogas.com\/pt-pt\/wp-json\/wp\/v2\/product"}],"about":[{"href":"https:\/\/recambiosecogas.com\/pt-pt\/wp-json\/wp\/v2\/types\/product"}],"replies":[{"embeddable":true,"href":"https:\/\/recambiosecogas.com\/pt-pt\/wp-json\/wp\/v2\/comments?post=42273"}],"wp:featuredmedia":[{"embeddable":true,"href":"https:\/\/recambiosecogas.com\/pt-pt\/wp-json\/wp\/v2\/media\/25937"}],"wp:attachment":[{"href":"https:\/\/recambiosecogas.com\/pt-pt\/wp-json\/wp\/v2\/media?parent=42273"}],"wp:term":[{"taxonomy":"product_brand","embeddable":true,"href":"https:\/\/recambiosecogas.com\/pt-pt\/wp-json\/wp\/v2\/product_brand?post=42273"},{"taxonomy":"product_cat","embeddable":true,"href":"https:\/\/recambiosecogas.com\/pt-pt\/wp-json\/wp\/v2\/product_cat?post=42273"},{"taxonomy":"product_tag","embeddable":true,"href":"https:\/\/recambiosecogas.com\/pt-pt\/wp-json\/wp\/v2\/product_tag?post=42273"}],"curies":[{"name":"wp","href":"https:\/\/api.w.org\/{rel}","templated":true}]}}