{"id":42126,"date":"2025-01-16T16:35:53","date_gmt":"2025-01-16T15:35:53","guid":{"rendered":"https:\/\/recambiosecogas.com\/producto\/aba-abrazadera-de-1-oreja-con-anillo-de-insercion-w4\/"},"modified":"2025-01-16T15:35:53","modified_gmt":"2025-01-16T14:35:53","slug":"aba-abrazadera-de-1-oreja-con-anillo-de-insercion-w4","status":"publish","type":"product","link":"https:\/\/recambiosecogas.com\/pt-pt\/produto\/aba-abrazadera-de-1-oreja-con-anillo-de-insercion-w4\/","title":{"rendered":"ABA Abra\u00e7adeira de 1 aba com anel de inser\u00e7\u00e3o W4"},"content":{"rendered":"<p>A abra\u00e7adeira com anel de inser\u00e7\u00e3o n\u00e3o possui parafuso. A sua coloca\u00e7\u00e3o \u00e9 r\u00e1pida, f\u00e1cil e segura, pois basta apertar a aba. O anel de inser\u00e7\u00e3o permite uma melhor distribui\u00e7\u00e3o da for\u00e7a de fixa\u00e7\u00e3o e uma veda\u00e7\u00e3o total.  <\/p>\n<p><strong>Destaques:<\/strong><\/p>\n<ul>\n<li>Aba: um lado de tens\u00e3o<\/li>\n<li>Lado interior da banda liso e anel de inser\u00e7\u00e3o para seguran\u00e7a e arredondamento<\/li>\n<li>Bordas arredondadas para evitar danos<\/li>\n<li>Anel de inser\u00e7\u00e3o: veda\u00e7\u00e3o eficaz e potente em todas as dire\u00e7\u00f5es<\/li>\n<\/ul>\n<p><strong>Vantagens<\/strong><\/p>\n<ul>\n<li>Alternativa econ\u00f3mica e simples \u00e0s abra\u00e7adeiras de mangueira com parafuso sem fim<\/li>\n<li>Instala\u00e7\u00e3o r\u00e1pida e f\u00e1cil<\/li>\n<li>Ideal para espa\u00e7os reduzidos<\/li>\n<li>Adequada para fixar tubos de liga\u00e7\u00e3o<\/li>\n<li>Pode ser instalada com um simples alicate de abra\u00e7adeira com aba<\/li>\n<\/ul>\n<section>\n<div id=\"layout_content\">\n<div class=\"layout_content_inner cf\">\n<article>\n<div>\n<form id=\"cart_quantity\" action=\"https:\/\/hybrid.supply\/product_info.php?products_id=12267&amp;language=es&amp;action=add_product\" method=\"post\">\n<div id=\"product_details\" class=\"cf\">\n<div class=\"pd_content cf\">\n<div id=\"horizontalTab\" class=\"pd_tabs\">\n<div class=\"resp-tabs-container\">\n<div class=\"pd_description resp-tab-content resp-tab-content-active\" aria-labelledby=\"tab_item-1\">\n<div>\n<p>ABA 1-Pinza com anel de inser\u00e7\u00e3o, material W4<\/p>\n<\/div>\n<\/div>\n<\/div>\n<\/div>\n<\/div>\n<\/div>\n<\/form>\n<\/div>\n<\/article>\n<\/div>\n<\/div>\n<\/section>\n<div id=\"layout_subfooter\">\n<div class=\"layout_subfooter_inner cf\"><\/div>\n<\/div>\n","protected":false},"excerpt":{"rendered":"<p>A abra\u00e7adeira com anel de inser\u00e7\u00e3o n\u00e3o possui parafuso. A sua coloca\u00e7\u00e3o \u00e9 r\u00e1pida, f\u00e1cil e segura, pois basta apertar a aba. O anel de inser\u00e7\u00e3o permite uma melhor distribui\u00e7\u00e3o da for\u00e7a de fixa\u00e7\u00e3o e uma veda\u00e7\u00e3o total. Destaques: Aba: um lado de tens\u00e3o Lado interior da banda liso e anel de inser\u00e7\u00e3o para seguran\u00e7a [&hellip;]<\/p>\n","protected":false},"featured_media":30792,"comment_status":"open","ping_status":"closed","template":"","meta":{"googlesitekit_rrm_CAowud7EDA:productID":"","_uag_custom_page_level_css":""},"product_brand":[],"product_cat":[1662,1553,1549,1755],"product_tag":[],"class_list":{"0":"post-42126","1":"product","2":"type-product","3":"status-publish","4":"has-post-thumbnail","6":"product_cat-aba-pt-pt","7":"product_cat-abracadeiras-de-mangueira","8":"product_cat-fixacao","9":"product_cat-norma-pt-pt","11":"first","12":"onbackorder","13":"taxable","14":"shipping-taxable","15":"purchasable","16":"product-type-variable"},"ct_brands":[],"yoast_head":"<!-- This site is optimized with the Yoast SEO Premium plugin v27.3 (Yoast SEO v27.3) - https:\/\/yoast.com\/product\/yoast-seo-premium-wordpress\/ -->\n<title>ABA Abra\u00e7adeira de 1 aba com anel de inser\u00e7\u00e3o W4 | Recambios EcoGas | Sistemas GLP y GNC<\/title>\n<meta name=\"robots\" content=\"index, follow, max-snippet:-1, max-image-preview:large, max-video-preview:-1\" \/>\n<link rel=\"canonical\" href=\"https:\/\/recambiosecogas.com\/pt-pt\/produto\/aba-abrazadera-de-1-oreja-con-anillo-de-insercion-w4\/\" \/>\n<meta property=\"og:locale\" content=\"pt_PT\" \/>\n<meta property=\"og:type\" content=\"article\" \/>\n<meta property=\"og:title\" content=\"ABA Abra\u00e7adeira de 1 aba com anel de inser\u00e7\u00e3o W4\" \/>\n<meta property=\"og:description\" content=\"A abra\u00e7adeira com anel de inser\u00e7\u00e3o n\u00e3o possui parafuso. A sua coloca\u00e7\u00e3o \u00e9 r\u00e1pida, f\u00e1cil e segura, pois basta apertar a aba. O anel de inser\u00e7\u00e3o permite uma melhor distribui\u00e7\u00e3o da for\u00e7a de fixa\u00e7\u00e3o e uma veda\u00e7\u00e3o total. Destaques: Aba: um lado de tens\u00e3o Lado interior da banda liso e anel de inser\u00e7\u00e3o para seguran\u00e7a [&hellip;]\" \/>\n<meta property=\"og:url\" content=\"https:\/\/recambiosecogas.com\/pt-pt\/produto\/aba-abrazadera-de-1-oreja-con-anillo-de-insercion-w4\/\" \/>\n<meta property=\"og:site_name\" content=\"Recambios EcoGas\" \/>\n<meta property=\"article:publisher\" content=\"https:\/\/www.facebook.com\/profile.php?id=100062419705358\" \/>\n<meta property=\"og:image\" content=\"https:\/\/recambiosecogas.com\/wp-content\/uploads\/2025\/01\/ABA-Abrazadera-de-1-oreja-con-anillo-de-insercion-W4-png.webp\" \/>\n\t<meta property=\"og:image:width\" content=\"1000\" \/>\n\t<meta property=\"og:image:height\" content=\"1000\" \/>\n\t<meta property=\"og:image:type\" content=\"image\/png\" \/>\n<meta name=\"twitter:card\" content=\"summary_large_image\" \/>\n<meta name=\"twitter:label1\" content=\"Disponibilidade\" \/>\n\t<meta name=\"twitter:data1\" content=\"Por encomenda\" \/>\n<script type=\"application\/ld+json\" class=\"yoast-schema-graph\">{\"@context\":\"https:\\\/\\\/schema.org\",\"@graph\":[{\"@type\":\"WebPage\",\"@id\":\"https:\\\/\\\/recambiosecogas.com\\\/pt-pt\\\/produto\\\/aba-abrazadera-de-1-oreja-con-anillo-de-insercion-w4\\\/\",\"url\":\"https:\\\/\\\/recambiosecogas.com\\\/pt-pt\\\/produto\\\/aba-abrazadera-de-1-oreja-con-anillo-de-insercion-w4\\\/\",\"name\":\"ABA Abra\u00e7adeira de 1 aba com anel de inser\u00e7\u00e3o W4 | Recambios EcoGas | Sistemas GLP y GNC\",\"isPartOf\":{\"@id\":\"https:\\\/\\\/recambiosecogas.com\\\/pt-pt\\\/#website\"},\"primaryImageOfPage\":{\"@id\":\"https:\\\/\\\/recambiosecogas.com\\\/pt-pt\\\/produto\\\/aba-abrazadera-de-1-oreja-con-anillo-de-insercion-w4\\\/#primaryimage\"},\"image\":{\"@id\":\"https:\\\/\\\/recambiosecogas.com\\\/pt-pt\\\/produto\\\/aba-abrazadera-de-1-oreja-con-anillo-de-insercion-w4\\\/#primaryimage\"},\"thumbnailUrl\":\"https:\\\/\\\/recambiosecogas.com\\\/wp-content\\\/uploads\\\/2025\\\/01\\\/ABA-Abrazadera-de-1-oreja-con-anillo-de-insercion-W4-png.webp\",\"datePublished\":\"2025-01-16T15:35:53+00:00\",\"breadcrumb\":{\"@id\":\"https:\\\/\\\/recambiosecogas.com\\\/pt-pt\\\/produto\\\/aba-abrazadera-de-1-oreja-con-anillo-de-insercion-w4\\\/#breadcrumb\"},\"inLanguage\":\"pt-PT\",\"potentialAction\":[{\"@type\":\"ReadAction\",\"target\":[\"https:\\\/\\\/recambiosecogas.com\\\/pt-pt\\\/produto\\\/aba-abrazadera-de-1-oreja-con-anillo-de-insercion-w4\\\/\"]}]},{\"@type\":\"ImageObject\",\"inLanguage\":\"pt-PT\",\"@id\":\"https:\\\/\\\/recambiosecogas.com\\\/pt-pt\\\/produto\\\/aba-abrazadera-de-1-oreja-con-anillo-de-insercion-w4\\\/#primaryimage\",\"url\":\"https:\\\/\\\/recambiosecogas.com\\\/wp-content\\\/uploads\\\/2025\\\/01\\\/ABA-Abrazadera-de-1-oreja-con-anillo-de-insercion-W4-png.webp\",\"contentUrl\":\"https:\\\/\\\/recambiosecogas.com\\\/wp-content\\\/uploads\\\/2025\\\/01\\\/ABA-Abrazadera-de-1-oreja-con-anillo-de-insercion-W4-png.webp\",\"width\":1000,\"height\":1000},{\"@type\":\"BreadcrumbList\",\"@id\":\"https:\\\/\\\/recambiosecogas.com\\\/pt-pt\\\/produto\\\/aba-abrazadera-de-1-oreja-con-anillo-de-insercion-w4\\\/#breadcrumb\",\"itemListElement\":[{\"@type\":\"ListItem\",\"position\":1,\"name\":\"P\u00e1gina inicial\",\"item\":\"https:\\\/\\\/recambiosecogas.com\\\/pt-pt\\\/\"},{\"@type\":\"ListItem\",\"position\":2,\"name\":\"Loja\",\"item\":\"https:\\\/\\\/recambiosecogas.com\\\/pt-pt\\\/tienda\\\/\"},{\"@type\":\"ListItem\",\"position\":3,\"name\":\"ABA Abra\u00e7adeira de 1 aba com anel de inser\u00e7\u00e3o W4\"}]},{\"@type\":\"WebSite\",\"@id\":\"https:\\\/\\\/recambiosecogas.com\\\/pt-pt\\\/#website\",\"url\":\"https:\\\/\\\/recambiosecogas.com\\\/pt-pt\\\/\",\"name\":\"Recambios EcoGas\",\"description\":\"Pe\u00e7as multimarca para sistemas de GPL\\\/GNC\\\/GNL\\\/Hidrog\u00e9nio\",\"publisher\":{\"@id\":\"https:\\\/\\\/recambiosecogas.com\\\/pt-pt\\\/#organization\"},\"alternateName\":\"Recambios Autogas GLP\",\"potentialAction\":[{\"@type\":\"SearchAction\",\"target\":{\"@type\":\"EntryPoint\",\"urlTemplate\":\"https:\\\/\\\/recambiosecogas.com\\\/pt-pt\\\/?s={search_term_string}\"},\"query-input\":{\"@type\":\"PropertyValueSpecification\",\"valueRequired\":true,\"valueName\":\"search_term_string\"}}],\"inLanguage\":\"pt-PT\"},{\"@type\":[\"Organization\",\"Place\"],\"@id\":\"https:\\\/\\\/recambiosecogas.com\\\/pt-pt\\\/#organization\",\"name\":\"Recambios EcoGas\",\"alternateName\":\"Loja de GPL Autog\u00e1s Espanha\",\"url\":\"https:\\\/\\\/recambiosecogas.com\\\/pt-pt\\\/\",\"logo\":{\"@id\":\"https:\\\/\\\/recambiosecogas.com\\\/pt-pt\\\/produto\\\/aba-abrazadera-de-1-oreja-con-anillo-de-insercion-w4\\\/#local-main-organization-logo\"},\"image\":{\"@id\":\"https:\\\/\\\/recambiosecogas.com\\\/pt-pt\\\/produto\\\/aba-abrazadera-de-1-oreja-con-anillo-de-insercion-w4\\\/#local-main-organization-logo\"},\"sameAs\":[\"https:\\\/\\\/www.facebook.com\\\/profile.php?id=100062419705358\",\"https:\\\/\\\/www.instagram.com\\\/segimon_automocio\"],\"description\":\"Recambios EcoGas \u2013 Venta y distribuci\u00f3n de sistemas GLP y GNC en Espa\u00f1a y Portugal. Env\u00edos 24 h, soporte t\u00e9cnico a talleres y distribuidores.\",\"hasMerchantReturnPolicy\":{\"@type\":\"MerchantReturnPolicy\",\"merchantReturnLink\":\"https:\\\/\\\/recambiosecogas.com\\\/politicas-privacidad\\\/\"},\"address\":{\"@id\":\"https:\\\/\\\/recambiosecogas.com\\\/pt-pt\\\/produto\\\/aba-abrazadera-de-1-oreja-con-anillo-de-insercion-w4\\\/#local-main-place-address\"},\"telephone\":[\"616250633\"],\"contactPoint\":{\"@type\":\"ContactPoint\",\"email\":\"export@recambiosecogas.com\"},\"openingHoursSpecification\":[{\"@type\":\"OpeningHoursSpecification\",\"dayOfWeek\":[\"Monday\",\"Tuesday\",\"Wednesday\",\"Thursday\",\"Friday\",\"Saturday\",\"Sunday\"],\"opens\":\"09:00\",\"closes\":\"17:00\"}],\"email\":\"info@recambiosecogas.com\",\"faxNumber\":\"SEGIMON AUTOMOCION SL\",\"vatID\":\"ESB19819861\",\"globalLocationNumber\":\"938 616 339\"},{\"@type\":\"PostalAddress\",\"@id\":\"https:\\\/\\\/recambiosecogas.com\\\/pt-pt\\\/produto\\\/aba-abrazadera-de-1-oreja-con-anillo-de-insercion-w4\\\/#local-main-place-address\",\"streetAddress\":\"cami antic de vic, 29 (Nave 3), Pol\u00edgono Industrial Congost\",\"addressLocality\":\"CORRO D`AVALL\",\"postalCode\":\"08520\",\"addressRegion\":\"Barcelona\",\"addressCountry\":\"ES\"},{\"@type\":\"ImageObject\",\"inLanguage\":\"pt-PT\",\"@id\":\"https:\\\/\\\/recambiosecogas.com\\\/pt-pt\\\/produto\\\/aba-abrazadera-de-1-oreja-con-anillo-de-insercion-w4\\\/#local-main-organization-logo\",\"url\":\"https:\\\/\\\/recambiosecogas.com\\\/wp-content\\\/uploads\\\/2024\\\/11\\\/cropped-RECAMBIOS-GLP-png.webp\",\"contentUrl\":\"https:\\\/\\\/recambiosecogas.com\\\/wp-content\\\/uploads\\\/2024\\\/11\\\/cropped-RECAMBIOS-GLP-png.webp\",\"width\":512,\"height\":512,\"caption\":\"Recambios EcoGas\"}]}<\/script>\n<meta property=\"og:availability\" content=\"backorder\" \/>\n<meta property=\"product:availability\" content=\"available for order\" \/>\n<meta property=\"product:retailer_item_id\" content=\"112024\" \/>\n<meta property=\"product:condition\" content=\"new\" \/>\n<meta name=\"geo.placename\" content=\"CORRO D`AVALL\" \/>\n<meta name=\"geo.region\" content=\"Espanha\" \/>\n<!-- \/ Yoast SEO Premium plugin. -->","yoast_head_json":{"title":"ABA Abra\u00e7adeira de 1 aba com anel de inser\u00e7\u00e3o W4 | Recambios EcoGas | Sistemas GLP y GNC","robots":{"index":"index","follow":"follow","max-snippet":"max-snippet:-1","max-image-preview":"max-image-preview:large","max-video-preview":"max-video-preview:-1"},"canonical":"https:\/\/recambiosecogas.com\/pt-pt\/produto\/aba-abrazadera-de-1-oreja-con-anillo-de-insercion-w4\/","og_locale":"pt_PT","og_type":"article","og_title":"ABA Abra\u00e7adeira de 1 aba com anel de inser\u00e7\u00e3o W4","og_description":"A abra\u00e7adeira com anel de inser\u00e7\u00e3o n\u00e3o possui parafuso. A sua coloca\u00e7\u00e3o \u00e9 r\u00e1pida, f\u00e1cil e segura, pois basta apertar a aba. O anel de inser\u00e7\u00e3o permite uma melhor distribui\u00e7\u00e3o da for\u00e7a de fixa\u00e7\u00e3o e uma veda\u00e7\u00e3o total. Destaques: Aba: um lado de tens\u00e3o Lado interior da banda liso e anel de inser\u00e7\u00e3o para seguran\u00e7a [&hellip;]","og_url":"https:\/\/recambiosecogas.com\/pt-pt\/produto\/aba-abrazadera-de-1-oreja-con-anillo-de-insercion-w4\/","og_site_name":"Recambios EcoGas","article_publisher":"https:\/\/www.facebook.com\/profile.php?id=100062419705358","og_image":[{"width":1000,"height":1000,"url":"https:\/\/recambiosecogas.com\/wp-content\/uploads\/2025\/01\/ABA-Abrazadera-de-1-oreja-con-anillo-de-insercion-W4-png.webp","type":"image\/png"}],"twitter_card":"summary_large_image","twitter_misc":{"Disponibilidade":"Por encomenda"},"schema":{"@context":"https:\/\/schema.org","@graph":[{"@type":"WebPage","@id":"https:\/\/recambiosecogas.com\/pt-pt\/produto\/aba-abrazadera-de-1-oreja-con-anillo-de-insercion-w4\/","url":"https:\/\/recambiosecogas.com\/pt-pt\/produto\/aba-abrazadera-de-1-oreja-con-anillo-de-insercion-w4\/","name":"ABA Abra\u00e7adeira de 1 aba com anel de inser\u00e7\u00e3o W4 | Recambios EcoGas | Sistemas GLP y GNC","isPartOf":{"@id":"https:\/\/recambiosecogas.com\/pt-pt\/#website"},"primaryImageOfPage":{"@id":"https:\/\/recambiosecogas.com\/pt-pt\/produto\/aba-abrazadera-de-1-oreja-con-anillo-de-insercion-w4\/#primaryimage"},"image":{"@id":"https:\/\/recambiosecogas.com\/pt-pt\/produto\/aba-abrazadera-de-1-oreja-con-anillo-de-insercion-w4\/#primaryimage"},"thumbnailUrl":"https:\/\/recambiosecogas.com\/wp-content\/uploads\/2025\/01\/ABA-Abrazadera-de-1-oreja-con-anillo-de-insercion-W4-png.webp","datePublished":"2025-01-16T15:35:53+00:00","breadcrumb":{"@id":"https:\/\/recambiosecogas.com\/pt-pt\/produto\/aba-abrazadera-de-1-oreja-con-anillo-de-insercion-w4\/#breadcrumb"},"inLanguage":"pt-PT","potentialAction":[{"@type":"ReadAction","target":["https:\/\/recambiosecogas.com\/pt-pt\/produto\/aba-abrazadera-de-1-oreja-con-anillo-de-insercion-w4\/"]}]},{"@type":"ImageObject","inLanguage":"pt-PT","@id":"https:\/\/recambiosecogas.com\/pt-pt\/produto\/aba-abrazadera-de-1-oreja-con-anillo-de-insercion-w4\/#primaryimage","url":"https:\/\/recambiosecogas.com\/wp-content\/uploads\/2025\/01\/ABA-Abrazadera-de-1-oreja-con-anillo-de-insercion-W4-png.webp","contentUrl":"https:\/\/recambiosecogas.com\/wp-content\/uploads\/2025\/01\/ABA-Abrazadera-de-1-oreja-con-anillo-de-insercion-W4-png.webp","width":1000,"height":1000},{"@type":"BreadcrumbList","@id":"https:\/\/recambiosecogas.com\/pt-pt\/produto\/aba-abrazadera-de-1-oreja-con-anillo-de-insercion-w4\/#breadcrumb","itemListElement":[{"@type":"ListItem","position":1,"name":"P\u00e1gina inicial","item":"https:\/\/recambiosecogas.com\/pt-pt\/"},{"@type":"ListItem","position":2,"name":"Loja","item":"https:\/\/recambiosecogas.com\/pt-pt\/tienda\/"},{"@type":"ListItem","position":3,"name":"ABA Abra\u00e7adeira de 1 aba com anel de inser\u00e7\u00e3o W4"}]},{"@type":"WebSite","@id":"https:\/\/recambiosecogas.com\/pt-pt\/#website","url":"https:\/\/recambiosecogas.com\/pt-pt\/","name":"Recambios EcoGas","description":"Pe\u00e7as multimarca para sistemas de GPL\/GNC\/GNL\/Hidrog\u00e9nio","publisher":{"@id":"https:\/\/recambiosecogas.com\/pt-pt\/#organization"},"alternateName":"Recambios Autogas GLP","potentialAction":[{"@type":"SearchAction","target":{"@type":"EntryPoint","urlTemplate":"https:\/\/recambiosecogas.com\/pt-pt\/?s={search_term_string}"},"query-input":{"@type":"PropertyValueSpecification","valueRequired":true,"valueName":"search_term_string"}}],"inLanguage":"pt-PT"},{"@type":["Organization","Place"],"@id":"https:\/\/recambiosecogas.com\/pt-pt\/#organization","name":"Recambios EcoGas","alternateName":"Loja de GPL Autog\u00e1s Espanha","url":"https:\/\/recambiosecogas.com\/pt-pt\/","logo":{"@id":"https:\/\/recambiosecogas.com\/pt-pt\/produto\/aba-abrazadera-de-1-oreja-con-anillo-de-insercion-w4\/#local-main-organization-logo"},"image":{"@id":"https:\/\/recambiosecogas.com\/pt-pt\/produto\/aba-abrazadera-de-1-oreja-con-anillo-de-insercion-w4\/#local-main-organization-logo"},"sameAs":["https:\/\/www.facebook.com\/profile.php?id=100062419705358","https:\/\/www.instagram.com\/segimon_automocio"],"description":"Recambios EcoGas \u2013 Venta y distribuci\u00f3n de sistemas GLP y GNC en Espa\u00f1a y Portugal. Env\u00edos 24 h, soporte t\u00e9cnico a talleres y distribuidores.","hasMerchantReturnPolicy":{"@type":"MerchantReturnPolicy","merchantReturnLink":"https:\/\/recambiosecogas.com\/politicas-privacidad\/"},"address":{"@id":"https:\/\/recambiosecogas.com\/pt-pt\/produto\/aba-abrazadera-de-1-oreja-con-anillo-de-insercion-w4\/#local-main-place-address"},"telephone":["616250633"],"contactPoint":{"@type":"ContactPoint","email":"export@recambiosecogas.com"},"openingHoursSpecification":[{"@type":"OpeningHoursSpecification","dayOfWeek":["Monday","Tuesday","Wednesday","Thursday","Friday","Saturday","Sunday"],"opens":"09:00","closes":"17:00"}],"email":"info@recambiosecogas.com","faxNumber":"SEGIMON AUTOMOCION SL","vatID":"ESB19819861","globalLocationNumber":"938 616 339"},{"@type":"PostalAddress","@id":"https:\/\/recambiosecogas.com\/pt-pt\/produto\/aba-abrazadera-de-1-oreja-con-anillo-de-insercion-w4\/#local-main-place-address","streetAddress":"cami antic de vic, 29 (Nave 3), Pol\u00edgono Industrial Congost","addressLocality":"CORRO D`AVALL","postalCode":"08520","addressRegion":"Barcelona","addressCountry":"ES"},{"@type":"ImageObject","inLanguage":"pt-PT","@id":"https:\/\/recambiosecogas.com\/pt-pt\/produto\/aba-abrazadera-de-1-oreja-con-anillo-de-insercion-w4\/#local-main-organization-logo","url":"https:\/\/recambiosecogas.com\/wp-content\/uploads\/2024\/11\/cropped-RECAMBIOS-GLP-png.webp","contentUrl":"https:\/\/recambiosecogas.com\/wp-content\/uploads\/2024\/11\/cropped-RECAMBIOS-GLP-png.webp","width":512,"height":512,"caption":"Recambios EcoGas"}]},"og_availability":"backorder","product_availability":"available for order","product_retailer_item_id":"112024","product_condition":"new","geo.placename":"CORRO D`AVALL","geo.region":"Espanha"},"uagb_featured_image_src":{"full":["https:\/\/recambiosecogas.com\/wp-content\/uploads\/2025\/01\/ABA-Abrazadera-de-1-oreja-con-anillo-de-insercion-W4-png.webp",1000,1000,false],"thumbnail":["https:\/\/recambiosecogas.com\/wp-content\/uploads\/2025\/01\/ABA-Abrazadera-de-1-oreja-con-anillo-de-insercion-W4-150x150.webp",150,150,true],"medium":["https:\/\/recambiosecogas.com\/wp-content\/uploads\/2025\/01\/ABA-Abrazadera-de-1-oreja-con-anillo-de-insercion-W4-300x300.webp",300,300,true],"medium_large":["https:\/\/recambiosecogas.com\/wp-content\/uploads\/2025\/01\/ABA-Abrazadera-de-1-oreja-con-anillo-de-insercion-W4-768x768.webp",768,768,true],"large":["https:\/\/recambiosecogas.com\/wp-content\/uploads\/2025\/01\/ABA-Abrazadera-de-1-oreja-con-anillo-de-insercion-W4-png.webp",1000,1000,false],"1536x1536":["https:\/\/recambiosecogas.com\/wp-content\/uploads\/2025\/01\/ABA-Abrazadera-de-1-oreja-con-anillo-de-insercion-W4-png.webp",1000,1000,false],"2048x2048":["https:\/\/recambiosecogas.com\/wp-content\/uploads\/2025\/01\/ABA-Abrazadera-de-1-oreja-con-anillo-de-insercion-W4-png.webp",1000,1000,false],"woocommerce_archive_thumbnail":["https:\/\/recambiosecogas.com\/wp-content\/uploads\/2025\/01\/ABA-Abrazadera-de-1-oreja-con-anillo-de-insercion-W4-png.webp",1000,1000,false],"woocommerce_thumbnail":["https:\/\/recambiosecogas.com\/wp-content\/uploads\/2025\/01\/ABA-Abrazadera-de-1-oreja-con-anillo-de-insercion-W4-300x300.webp",300,300,true],"woocommerce_single":["https:\/\/recambiosecogas.com\/wp-content\/uploads\/2025\/01\/ABA-Abrazadera-de-1-oreja-con-anillo-de-insercion-W4-png.webp",1000,1000,false],"woocommerce_gallery_thumbnail":["https:\/\/recambiosecogas.com\/wp-content\/uploads\/2025\/01\/ABA-Abrazadera-de-1-oreja-con-anillo-de-insercion-W4-png.webp",1000,1000,false],"dgwt-wcas-product-suggestion":["https:\/\/recambiosecogas.com\/wp-content\/uploads\/2025\/01\/ABA-Abrazadera-de-1-oreja-con-anillo-de-insercion-W4-64x64.webp",64,64,true]},"uagb_author_info":{"display_name":"Fran - Soporte T\u00e9cnico","author_link":"https:\/\/recambiosecogas.com\/pt-pt\/author\/"},"uagb_comment_info":0,"uagb_excerpt":"A abra\u00e7adeira com anel de inser\u00e7\u00e3o n\u00e3o possui parafuso. A sua coloca\u00e7\u00e3o \u00e9 r\u00e1pida, f\u00e1cil e segura, pois basta apertar a aba. O anel de inser\u00e7\u00e3o permite uma melhor distribui\u00e7\u00e3o da for\u00e7a de fixa\u00e7\u00e3o e uma veda\u00e7\u00e3o total. Destaques: Aba: um lado de tens\u00e3o Lado interior da banda liso e anel de inser\u00e7\u00e3o para seguran\u00e7a&hellip;","_links":{"self":[{"href":"https:\/\/recambiosecogas.com\/pt-pt\/wp-json\/wp\/v2\/product\/42126","targetHints":{"allow":["GET"]}}],"collection":[{"href":"https:\/\/recambiosecogas.com\/pt-pt\/wp-json\/wp\/v2\/product"}],"about":[{"href":"https:\/\/recambiosecogas.com\/pt-pt\/wp-json\/wp\/v2\/types\/product"}],"replies":[{"embeddable":true,"href":"https:\/\/recambiosecogas.com\/pt-pt\/wp-json\/wp\/v2\/comments?post=42126"}],"wp:featuredmedia":[{"embeddable":true,"href":"https:\/\/recambiosecogas.com\/pt-pt\/wp-json\/wp\/v2\/media\/30792"}],"wp:attachment":[{"href":"https:\/\/recambiosecogas.com\/pt-pt\/wp-json\/wp\/v2\/media?parent=42126"}],"wp:term":[{"taxonomy":"product_brand","embeddable":true,"href":"https:\/\/recambiosecogas.com\/pt-pt\/wp-json\/wp\/v2\/product_brand?post=42126"},{"taxonomy":"product_cat","embeddable":true,"href":"https:\/\/recambiosecogas.com\/pt-pt\/wp-json\/wp\/v2\/product_cat?post=42126"},{"taxonomy":"product_tag","embeddable":true,"href":"https:\/\/recambiosecogas.com\/pt-pt\/wp-json\/wp\/v2\/product_tag?post=42126"}],"curies":[{"name":"wp","href":"https:\/\/api.w.org\/{rel}","templated":true}]}}