{"id":42043,"date":"2024-12-19T11:09:46","date_gmt":"2024-12-19T11:09:46","guid":{"rendered":"https:\/\/recambiosecogas.com\/producto\/cartucho-de-filtro-para-ultra-360-incl-empaques\/"},"modified":"2024-12-19T11:09:46","modified_gmt":"2024-12-19T10:09:46","slug":"cartucho-de-filtro-para-ultra-360-incl-empaques","status":"publish","type":"product","link":"https:\/\/recambiosecogas.com\/pt-pt\/producto\/cartucho-de-filtro-para-ultra-360-incl-empaques\/","title":{"rendered":"Substitui\u00e7\u00e3o do filtro para Ultra 360\u00b0 incl. O-rings"},"content":{"rendered":"<h3 style=\"text-align: center;\">Substitui\u00e7\u00e3o do filtro para Ultra 360\u00b0 incl. O-rings <\/h3>\n<h4 class=\"title\">Especifica\u00e7\u00e3o<\/h4>\n<div class=\"text\">\n<table>\n<tbody>\n<tr>\n<td>Material da c\u00e2mara<\/td>\n<td>Poliamida e material composto de vidro<\/td>\n<\/tr>\n<tr>\n<td>Material de filtra\u00e7\u00e3o<\/td>\n<td>poli\u00e9ster<\/td>\n<\/tr>\n<tr>\n<td>Combust\u00edvel suportado<\/td>\n<td>GPL &amp; GNC<\/td>\n<\/tr>\n<tr>\n<td>Classifica\u00e7\u00e3o<\/td>\n<td>CLASSE#2<\/td>\n<\/tr>\n<tr>\n<td>Press\u00e3o<\/td>\n<td>4,5 bar<\/td>\n<\/tr>\n<tr>\nTemperatura <\/p>\n<td>Temperatura<\/td>\n<td>-20 \u00f7 120\u00b0C<\/td>\n<\/tr>\n<tr>\n<td>Dimens\u00f5es<\/td>\n<td>60 x 60 x 106 mm (110 mm quando a sa\u00edda e a entrada est\u00e3o definidas para 180 graus)<\/td>\n<\/tr>\n<\/tbody>\n<\/table>\n<h4><strong>C\u00f3digos e configura\u00e7\u00e3o do produto:<\/strong><\/h4>\n<table>\n<thead>\n<tr>\n<th><strong>C\u00f3digo<\/strong><\/th>\n<th><strong>Di\u00e2metro de entrada (mm)<\/strong><\/th>\n<th><strong>Di\u00e2metro de sa\u00edda (mm)<\/strong><\/th>\n<th><strong>N\u00famero de sa\u00eddas<\/strong><\/th>\n<th><strong>Altura do filtro (mm)<\/strong><\/th>\n<\/tr>\n<\/thead>\n<tbody>\n<tr>\n<td>GF1212<\/td>\n<td>\u00d812<\/td>\n<td>\u00d812<\/td>\n<td>\n 1\u00ba<\/td>\n<td>106\u00ba<\/td>\n<\/tr>\n<tr>\n<td>GF1222<\/td>\n<td>\u00d812<\/td>\n<td>\u00d812<\/td>\n<td>\n 2\u00ba<\/td>\n<td>110\u00ba<\/td>\n<\/tr>\n<tr>\n<td>GF1612<\/td>\n<td>\u00d816<\/td>\n<td>\u00d812<\/td>\n<td>\n 1\u00ba<\/td>\n<td>106\u00ba<\/td>\n<\/tr>\n<tr>\n<td>GF1622<\/td>\n<td>\u00d816<\/td>\n<td>\u00d812<\/td>\n<td>\n 2\u00ba<\/td>\n<td>110\u00ba<\/td>\n<\/tr>\n<\/tbody>\n<\/table>\n<h4><strong>Especifica\u00e7\u00f5es t\u00e9cnicas:<\/strong><\/h4>\n<ul>\n<li><strong>Material da c\u00e2mera:<\/strong> Poliamida e material composto de vidro.<\/li>\n<li><strong>Material de filtra\u00e7\u00e3o:<\/strong> Poli\u00e9ster.<\/li>\n<li><strong>Combust\u00edveis suportados:<\/strong> GPL e GNC.<\/li>\n<li><strong>Classifica\u00e7\u00e3o:<\/strong> Classe #2.<\/li>\n<li><strong>Press\u00e3o :<\/strong> 4,5 bar.<\/li>\n<li><strong>Temperatura :<\/strong> -20\u00b0C a 120\u00b0C.<\/li>\n<li><strong>Dimens\u00f5es:<\/strong>\n<ul>\n<li><strong>60 x 60 x 106 mm<\/strong> (configura\u00e7\u00e3o padr\u00e3o).<\/li>\n<li><strong>110 mm<\/strong> (quando a entrada e a sa\u00edda est\u00e3o alinhadas a 180\u00b0).<\/li>\n<\/ul>\n<\/li>\n<\/ul>\n<p><strong>A Filtro Ultra 360\u00b0<\/strong> foi projetada para manter o desempenho ideal em sistemas de g\u00e1s GLP e GNC. Feito de materiais de alta qualidade, este filtro garante uma filtra\u00e7\u00e3o eficiente e confi\u00e1vel, removendo impurezas e protegendo os principais componentes do sistema, como injetores e vaporizadores. Inclui O-rings para uma veda\u00e7\u00e3o perfeita e instala\u00e7\u00e3o segura. Suporta variantes de entrada e sa\u00edda ajust\u00e1veis, tornando-o ideal para v\u00e1rias configura\u00e7\u00f5es.   <\/p>\n<h4><strong><span>Principais caracter\u00edsticas:<\/span><\/strong><\/h4>\n<ol>\n<li><strong><span>Filtra\u00e7\u00e3o de alta efici\u00eancia:<\/span><\/strong><span> Feita com poli\u00e9ster para capturar part\u00edculas e contaminantes em GLP e GNC.<\/span><\/li>\n<li><strong><span>Design robusto:<\/span><\/strong><span> C\u00e2mara de poliamida e material composto de vidro para durabilidade e resist\u00eancia.<\/span><\/li>\n<li><strong><span>Compatibilidade vers\u00e1til:<\/span><\/strong><span> Dispon\u00edvel em diferentes configura\u00e7\u00f5es para caber em v\u00e1rios sistemas.<\/span><\/li>\n<li><strong><span>Inclui O-rings:<\/span><\/strong><span> Garante uma veda\u00e7\u00e3o perfeita para evitar fugas.<\/span><\/li>\n<li><strong><span>Adaptabilidade:<\/span><\/strong><span> Op\u00e7\u00f5es de entrada e sa\u00edda ajust\u00e1veis, ideais para v\u00e1rias aplica\u00e7\u00f5es.<\/span><\/li>\n<\/ol>\n<\/div>\n<p><a href=\"https:\/\/recambiosecogas.com\/categoria-producto\/filtros\/\">COMPRE MAIS PRODUTOS ONLINE NA NOSSA LOJA<\/a><\/p>\n<p><a href=\"http:\/\/WWW.SEGIMONAUTOMOCIO.COM\">CONVERTA PARA GPL NA NOSSA OFICINA OFICIAL DE INSTALA\u00c7\u00c3O, MAIS INFORMA\u00c7\u00d5ES NO NOSSO SITE DA OFICINA<\/a><\/p>\n","protected":false},"excerpt":{"rendered":"<p>SONSTIGES | <a href=\"https:\/\/youtu.be\/2pMq6_Uoq4E\">TUTORIAL DE INSTALA\u00c7\u00c3O<\/a><\/p>\n","protected":false},"featured_media":27186,"comment_status":"open","ping_status":"closed","template":"","meta":{"_uag_custom_page_level_css":""},"product_brand":[],"product_cat":[1571,1567],"product_tag":[],"class_list":{"0":"post-42043","1":"product","2":"type-product","3":"status-publish","4":"has-post-thumbnail","6":"product_cat-fase-gasosa-pt-pt-2","7":"product_cat-filtros-gpl-lpg","9":"first","10":"instock","11":"taxable","12":"shipping-taxable","13":"purchasable","14":"product-type-simple"},"ct_brands":[],"yoast_head":"<!-- This site is optimized with the Yoast SEO Premium plugin v27.5 (Yoast SEO v27.6) - https:\/\/yoast.com\/product\/yoast-seo-premium-wordpress\/ -->\n<title>Substitui\u00e7\u00e3o do filtro para Ultra 360\u00b0 incl. O-rings | Recambios EcoGas | Sistemas GLP y GNC<\/title>\n<meta name=\"description\" content=\"Filtro Ultra 360\u00b0 (substitui\u00e7\u00e3o) com juntas inclu\u00eddas. Poli\u00e9ster de alta qualidade, compat\u00edvel com as configura\u00e7\u00f5es \u00d812 e \u00d816. Press\u00e3o: 4,5 bar.\" \/>\n<meta name=\"robots\" content=\"index, follow, max-snippet:-1, max-image-preview:large, max-video-preview:-1\" \/>\n<link rel=\"canonical\" href=\"https:\/\/recambiosecogas.com\/pt-pt\/producto\/cartucho-de-filtro-para-ultra-360-incl-empaques\/\" \/>\n<meta property=\"og:locale\" content=\"pt_PT\" \/>\n<meta property=\"og:type\" content=\"article\" \/>\n<meta property=\"og:title\" content=\"Substitui\u00e7\u00e3o do filtro para Ultra 360\u00b0 incl. O-rings\" \/>\n<meta property=\"og:description\" content=\"Filtro Ultra 360\u00b0 (substitui\u00e7\u00e3o) com juntas inclu\u00eddas. Poli\u00e9ster de alta qualidade, compat\u00edvel com as configura\u00e7\u00f5es \u00d812 e \u00d816. Press\u00e3o: 4,5 bar.\" \/>\n<meta property=\"og:url\" content=\"https:\/\/recambiosecogas.com\/pt-pt\/producto\/cartucho-de-filtro-para-ultra-360-incl-empaques\/\" \/>\n<meta property=\"og:site_name\" content=\"Recambios EcoGas\" \/>\n<meta property=\"article:publisher\" content=\"https:\/\/www.facebook.com\/profile.php?id=100062419705358\" \/>\n<meta property=\"og:image\" content=\"https:\/\/recambiosecogas.com\/wp-content\/uploads\/2024\/12\/Cartucho-de-filtro-para-Ultra-360\u00b0-incl.-Empaques-png.webp\" \/>\n\t<meta property=\"og:image:width\" content=\"1000\" \/>\n\t<meta property=\"og:image:height\" content=\"1000\" \/>\n\t<meta property=\"og:image:type\" content=\"image\/png\" \/>\n<meta name=\"twitter:card\" content=\"summary_large_image\" \/>\n<meta name=\"twitter:label1\" content=\"pre\u00e7o\" \/>\n\t<meta name=\"twitter:data1\" content=\"10,54&nbsp;&euro; (Sin IVA: 8,71&nbsp;&euro;)\" \/>\n\t<meta name=\"twitter:label2\" content=\"Disponibilidade\" \/>\n\t<meta name=\"twitter:data2\" content=\"Em stock\" \/>\n<script type=\"application\/ld+json\" class=\"yoast-schema-graph\">{\"@context\":\"https:\\\/\\\/schema.org\",\"@graph\":[{\"@type\":\"WebPage\",\"@id\":\"https:\\\/\\\/recambiosecogas.com\\\/pt-pt\\\/producto\\\/cartucho-de-filtro-para-ultra-360-incl-empaques\\\/\",\"url\":\"https:\\\/\\\/recambiosecogas.com\\\/pt-pt\\\/producto\\\/cartucho-de-filtro-para-ultra-360-incl-empaques\\\/\",\"name\":\"Substitui\u00e7\u00e3o do filtro para Ultra 360\u00b0 incl. O-rings | Recambios EcoGas | Sistemas GLP y GNC\",\"isPartOf\":{\"@id\":\"https:\\\/\\\/recambiosecogas.com\\\/pt-pt\\\/#website\"},\"primaryImageOfPage\":{\"@id\":\"https:\\\/\\\/recambiosecogas.com\\\/pt-pt\\\/producto\\\/cartucho-de-filtro-para-ultra-360-incl-empaques\\\/#primaryimage\"},\"image\":{\"@id\":\"https:\\\/\\\/recambiosecogas.com\\\/pt-pt\\\/producto\\\/cartucho-de-filtro-para-ultra-360-incl-empaques\\\/#primaryimage\"},\"thumbnailUrl\":\"https:\\\/\\\/recambiosecogas.com\\\/wp-content\\\/uploads\\\/2024\\\/12\\\/Cartucho-de-filtro-para-Ultra-360\u00b0-incl.-Empaques-png.webp\",\"datePublished\":\"2024-12-19T11:09:46+00:00\",\"description\":\"Filtro Ultra 360\u00b0 (substitui\u00e7\u00e3o) com juntas inclu\u00eddas. Poli\u00e9ster de alta qualidade, compat\u00edvel com as configura\u00e7\u00f5es \u00d812 e \u00d816. Press\u00e3o: 4,5 bar.\",\"breadcrumb\":{\"@id\":\"https:\\\/\\\/recambiosecogas.com\\\/pt-pt\\\/producto\\\/cartucho-de-filtro-para-ultra-360-incl-empaques\\\/#breadcrumb\"},\"inLanguage\":\"pt-PT\",\"potentialAction\":[{\"@type\":\"ReadAction\",\"target\":[\"https:\\\/\\\/recambiosecogas.com\\\/pt-pt\\\/producto\\\/cartucho-de-filtro-para-ultra-360-incl-empaques\\\/\"]}]},{\"@type\":\"ImageObject\",\"inLanguage\":\"pt-PT\",\"@id\":\"https:\\\/\\\/recambiosecogas.com\\\/pt-pt\\\/producto\\\/cartucho-de-filtro-para-ultra-360-incl-empaques\\\/#primaryimage\",\"url\":\"https:\\\/\\\/recambiosecogas.com\\\/wp-content\\\/uploads\\\/2024\\\/12\\\/Cartucho-de-filtro-para-Ultra-360\u00b0-incl.-Empaques-png.webp\",\"contentUrl\":\"https:\\\/\\\/recambiosecogas.com\\\/wp-content\\\/uploads\\\/2024\\\/12\\\/Cartucho-de-filtro-para-Ultra-360\u00b0-incl.-Empaques-png.webp\",\"width\":1000,\"height\":1000},{\"@type\":\"BreadcrumbList\",\"@id\":\"https:\\\/\\\/recambiosecogas.com\\\/pt-pt\\\/producto\\\/cartucho-de-filtro-para-ultra-360-incl-empaques\\\/#breadcrumb\",\"itemListElement\":[{\"@type\":\"ListItem\",\"position\":1,\"name\":\"P\u00e1gina inicial\",\"item\":\"https:\\\/\\\/recambiosecogas.com\\\/pt-pt\\\/\"},{\"@type\":\"ListItem\",\"position\":2,\"name\":\"Loja\",\"item\":\"https:\\\/\\\/recambiosecogas.com\\\/pt-pt\\\/tienda\\\/\"},{\"@type\":\"ListItem\",\"position\":3,\"name\":\"Substitui\u00e7\u00e3o do filtro para Ultra 360\u00b0 incl. O-rings\"}]},{\"@type\":\"WebSite\",\"@id\":\"https:\\\/\\\/recambiosecogas.com\\\/pt-pt\\\/#website\",\"url\":\"https:\\\/\\\/recambiosecogas.com\\\/pt-pt\\\/\",\"name\":\"Recambios EcoGas\",\"description\":\"Pe\u00e7as multimarca para sistemas de GPL\\\/GNC\\\/GNL\\\/Hidrog\u00e9nio\",\"publisher\":{\"@id\":\"https:\\\/\\\/recambiosecogas.com\\\/pt-pt\\\/#organization\"},\"alternateName\":\"Recambios Autogas GLP\",\"potentialAction\":[{\"@type\":\"SearchAction\",\"target\":{\"@type\":\"EntryPoint\",\"urlTemplate\":\"https:\\\/\\\/recambiosecogas.com\\\/pt-pt\\\/?s={search_term_string}\"},\"query-input\":{\"@type\":\"PropertyValueSpecification\",\"valueRequired\":true,\"valueName\":\"search_term_string\"}}],\"inLanguage\":\"pt-PT\"},{\"@type\":[\"Organization\",\"Place\"],\"@id\":\"https:\\\/\\\/recambiosecogas.com\\\/pt-pt\\\/#organization\",\"name\":\"Recambios EcoGas\",\"alternateName\":\"Loja de GPL Autog\u00e1s Espanha\",\"url\":\"https:\\\/\\\/recambiosecogas.com\\\/pt-pt\\\/\",\"logo\":{\"@id\":\"https:\\\/\\\/recambiosecogas.com\\\/pt-pt\\\/producto\\\/cartucho-de-filtro-para-ultra-360-incl-empaques\\\/#local-main-organization-logo\"},\"image\":{\"@id\":\"https:\\\/\\\/recambiosecogas.com\\\/pt-pt\\\/producto\\\/cartucho-de-filtro-para-ultra-360-incl-empaques\\\/#local-main-organization-logo\"},\"sameAs\":[\"https:\\\/\\\/www.facebook.com\\\/profile.php?id=100062419705358\",\"https:\\\/\\\/www.instagram.com\\\/segimon_automocio\"],\"description\":\"Recambios EcoGas \u2013 Venta y distribuci\u00f3n de sistemas GLP y GNC en Espa\u00f1a y Portugal. Env\u00edos 24 h, soporte t\u00e9cnico a talleres y distribuidores.\",\"hasMerchantReturnPolicy\":{\"@type\":\"MerchantReturnPolicy\",\"merchantReturnLink\":\"https:\\\/\\\/recambiosecogas.com\\\/politicas-privacidad\\\/\"},\"address\":{\"@id\":\"https:\\\/\\\/recambiosecogas.com\\\/pt-pt\\\/producto\\\/cartucho-de-filtro-para-ultra-360-incl-empaques\\\/#local-main-place-address\"},\"telephone\":[\"616250633\"],\"contactPoint\":{\"@type\":\"ContactPoint\",\"email\":\"export@recambiosecogas.com\"},\"openingHoursSpecification\":[{\"@type\":\"OpeningHoursSpecification\",\"dayOfWeek\":[\"Monday\",\"Tuesday\",\"Wednesday\",\"Thursday\",\"Friday\",\"Saturday\",\"Sunday\"],\"opens\":\"09:00\",\"closes\":\"17:00\"}],\"email\":\"info@recambiosecogas.com\",\"faxNumber\":\"SEGIMON AUTOMOCION SL\",\"vatID\":\"ESB19819861\",\"globalLocationNumber\":\"938 616 339\"},{\"@type\":\"PostalAddress\",\"@id\":\"https:\\\/\\\/recambiosecogas.com\\\/pt-pt\\\/producto\\\/cartucho-de-filtro-para-ultra-360-incl-empaques\\\/#local-main-place-address\",\"streetAddress\":\"cami antic de vic, 29 (Nave 3), Pol\u00edgono Industrial Congost\",\"addressLocality\":\"CORRO D`AVALL\",\"postalCode\":\"08520\",\"addressRegion\":\"Barcelona\",\"addressCountry\":\"ES\"},{\"@type\":\"ImageObject\",\"inLanguage\":\"pt-PT\",\"@id\":\"https:\\\/\\\/recambiosecogas.com\\\/pt-pt\\\/producto\\\/cartucho-de-filtro-para-ultra-360-incl-empaques\\\/#local-main-organization-logo\",\"url\":\"https:\\\/\\\/recambiosecogas.com\\\/wp-content\\\/uploads\\\/2024\\\/11\\\/cropped-RECAMBIOS-GLP-png.webp\",\"contentUrl\":\"https:\\\/\\\/recambiosecogas.com\\\/wp-content\\\/uploads\\\/2024\\\/11\\\/cropped-RECAMBIOS-GLP-png.webp\",\"width\":512,\"height\":512,\"caption\":\"Recambios EcoGas\"}]}<\/script>\n<meta property=\"product:price:amount\" content=\"10.54\" \/>\n<meta property=\"product:price:currency\" content=\"EUR\" \/>\n<meta property=\"og:availability\" content=\"instock\" \/>\n<meta property=\"product:availability\" content=\"instock\" \/>\n<meta property=\"product:retailer_item_id\" content=\"104861\" \/>\n<meta property=\"product:condition\" content=\"new\" \/>\n<meta name=\"geo.placename\" content=\"CORRO D`AVALL\" \/>\n<meta name=\"geo.region\" content=\"Espanha\" \/>\n<!-- \/ Yoast SEO Premium plugin. -->","yoast_head_json":{"title":"Substitui\u00e7\u00e3o do filtro para Ultra 360\u00b0 incl. O-rings | Recambios EcoGas | Sistemas GLP y GNC","description":"Filtro Ultra 360\u00b0 (substitui\u00e7\u00e3o) com juntas inclu\u00eddas. Poli\u00e9ster de alta qualidade, compat\u00edvel com as configura\u00e7\u00f5es \u00d812 e \u00d816. Press\u00e3o: 4,5 bar.","robots":{"index":"index","follow":"follow","max-snippet":"max-snippet:-1","max-image-preview":"max-image-preview:large","max-video-preview":"max-video-preview:-1"},"canonical":"https:\/\/recambiosecogas.com\/pt-pt\/producto\/cartucho-de-filtro-para-ultra-360-incl-empaques\/","og_locale":"pt_PT","og_type":"article","og_title":"Substitui\u00e7\u00e3o do filtro para Ultra 360\u00b0 incl. O-rings","og_description":"Filtro Ultra 360\u00b0 (substitui\u00e7\u00e3o) com juntas inclu\u00eddas. Poli\u00e9ster de alta qualidade, compat\u00edvel com as configura\u00e7\u00f5es \u00d812 e \u00d816. Press\u00e3o: 4,5 bar.","og_url":"https:\/\/recambiosecogas.com\/pt-pt\/producto\/cartucho-de-filtro-para-ultra-360-incl-empaques\/","og_site_name":"Recambios EcoGas","article_publisher":"https:\/\/www.facebook.com\/profile.php?id=100062419705358","og_image":[{"width":1000,"height":1000,"url":"https:\/\/recambiosecogas.com\/wp-content\/uploads\/2024\/12\/Cartucho-de-filtro-para-Ultra-360\u00b0-incl.-Empaques-png.webp","type":"image\/png"}],"twitter_card":"summary_large_image","twitter_misc":{"pre\u00e7o":"10,54&nbsp;&euro; (Sin IVA: 8,71&nbsp;&euro;)","Disponibilidade":"Em stock"},"schema":{"@context":"https:\/\/schema.org","@graph":[{"@type":"WebPage","@id":"https:\/\/recambiosecogas.com\/pt-pt\/producto\/cartucho-de-filtro-para-ultra-360-incl-empaques\/","url":"https:\/\/recambiosecogas.com\/pt-pt\/producto\/cartucho-de-filtro-para-ultra-360-incl-empaques\/","name":"Substitui\u00e7\u00e3o do filtro para Ultra 360\u00b0 incl. O-rings | Recambios EcoGas | Sistemas GLP y GNC","isPartOf":{"@id":"https:\/\/recambiosecogas.com\/pt-pt\/#website"},"primaryImageOfPage":{"@id":"https:\/\/recambiosecogas.com\/pt-pt\/producto\/cartucho-de-filtro-para-ultra-360-incl-empaques\/#primaryimage"},"image":{"@id":"https:\/\/recambiosecogas.com\/pt-pt\/producto\/cartucho-de-filtro-para-ultra-360-incl-empaques\/#primaryimage"},"thumbnailUrl":"https:\/\/recambiosecogas.com\/wp-content\/uploads\/2024\/12\/Cartucho-de-filtro-para-Ultra-360\u00b0-incl.-Empaques-png.webp","datePublished":"2024-12-19T11:09:46+00:00","description":"Filtro Ultra 360\u00b0 (substitui\u00e7\u00e3o) com juntas inclu\u00eddas. Poli\u00e9ster de alta qualidade, compat\u00edvel com as configura\u00e7\u00f5es \u00d812 e \u00d816. Press\u00e3o: 4,5 bar.","breadcrumb":{"@id":"https:\/\/recambiosecogas.com\/pt-pt\/producto\/cartucho-de-filtro-para-ultra-360-incl-empaques\/#breadcrumb"},"inLanguage":"pt-PT","potentialAction":[{"@type":"ReadAction","target":["https:\/\/recambiosecogas.com\/pt-pt\/producto\/cartucho-de-filtro-para-ultra-360-incl-empaques\/"]}]},{"@type":"ImageObject","inLanguage":"pt-PT","@id":"https:\/\/recambiosecogas.com\/pt-pt\/producto\/cartucho-de-filtro-para-ultra-360-incl-empaques\/#primaryimage","url":"https:\/\/recambiosecogas.com\/wp-content\/uploads\/2024\/12\/Cartucho-de-filtro-para-Ultra-360\u00b0-incl.-Empaques-png.webp","contentUrl":"https:\/\/recambiosecogas.com\/wp-content\/uploads\/2024\/12\/Cartucho-de-filtro-para-Ultra-360\u00b0-incl.-Empaques-png.webp","width":1000,"height":1000},{"@type":"BreadcrumbList","@id":"https:\/\/recambiosecogas.com\/pt-pt\/producto\/cartucho-de-filtro-para-ultra-360-incl-empaques\/#breadcrumb","itemListElement":[{"@type":"ListItem","position":1,"name":"P\u00e1gina inicial","item":"https:\/\/recambiosecogas.com\/pt-pt\/"},{"@type":"ListItem","position":2,"name":"Loja","item":"https:\/\/recambiosecogas.com\/pt-pt\/tienda\/"},{"@type":"ListItem","position":3,"name":"Substitui\u00e7\u00e3o do filtro para Ultra 360\u00b0 incl. O-rings"}]},{"@type":"WebSite","@id":"https:\/\/recambiosecogas.com\/pt-pt\/#website","url":"https:\/\/recambiosecogas.com\/pt-pt\/","name":"Recambios EcoGas","description":"Pe\u00e7as multimarca para sistemas de GPL\/GNC\/GNL\/Hidrog\u00e9nio","publisher":{"@id":"https:\/\/recambiosecogas.com\/pt-pt\/#organization"},"alternateName":"Recambios Autogas GLP","potentialAction":[{"@type":"SearchAction","target":{"@type":"EntryPoint","urlTemplate":"https:\/\/recambiosecogas.com\/pt-pt\/?s={search_term_string}"},"query-input":{"@type":"PropertyValueSpecification","valueRequired":true,"valueName":"search_term_string"}}],"inLanguage":"pt-PT"},{"@type":["Organization","Place"],"@id":"https:\/\/recambiosecogas.com\/pt-pt\/#organization","name":"Recambios EcoGas","alternateName":"Loja de GPL Autog\u00e1s Espanha","url":"https:\/\/recambiosecogas.com\/pt-pt\/","logo":{"@id":"https:\/\/recambiosecogas.com\/pt-pt\/producto\/cartucho-de-filtro-para-ultra-360-incl-empaques\/#local-main-organization-logo"},"image":{"@id":"https:\/\/recambiosecogas.com\/pt-pt\/producto\/cartucho-de-filtro-para-ultra-360-incl-empaques\/#local-main-organization-logo"},"sameAs":["https:\/\/www.facebook.com\/profile.php?id=100062419705358","https:\/\/www.instagram.com\/segimon_automocio"],"description":"Recambios EcoGas \u2013 Venta y distribuci\u00f3n de sistemas GLP y GNC en Espa\u00f1a y Portugal. Env\u00edos 24 h, soporte t\u00e9cnico a talleres y distribuidores.","hasMerchantReturnPolicy":{"@type":"MerchantReturnPolicy","merchantReturnLink":"https:\/\/recambiosecogas.com\/politicas-privacidad\/"},"address":{"@id":"https:\/\/recambiosecogas.com\/pt-pt\/producto\/cartucho-de-filtro-para-ultra-360-incl-empaques\/#local-main-place-address"},"telephone":["616250633"],"contactPoint":{"@type":"ContactPoint","email":"export@recambiosecogas.com"},"openingHoursSpecification":[{"@type":"OpeningHoursSpecification","dayOfWeek":["Monday","Tuesday","Wednesday","Thursday","Friday","Saturday","Sunday"],"opens":"09:00","closes":"17:00"}],"email":"info@recambiosecogas.com","faxNumber":"SEGIMON AUTOMOCION SL","vatID":"ESB19819861","globalLocationNumber":"938 616 339"},{"@type":"PostalAddress","@id":"https:\/\/recambiosecogas.com\/pt-pt\/producto\/cartucho-de-filtro-para-ultra-360-incl-empaques\/#local-main-place-address","streetAddress":"cami antic de vic, 29 (Nave 3), Pol\u00edgono Industrial Congost","addressLocality":"CORRO D`AVALL","postalCode":"08520","addressRegion":"Barcelona","addressCountry":"ES"},{"@type":"ImageObject","inLanguage":"pt-PT","@id":"https:\/\/recambiosecogas.com\/pt-pt\/producto\/cartucho-de-filtro-para-ultra-360-incl-empaques\/#local-main-organization-logo","url":"https:\/\/recambiosecogas.com\/wp-content\/uploads\/2024\/11\/cropped-RECAMBIOS-GLP-png.webp","contentUrl":"https:\/\/recambiosecogas.com\/wp-content\/uploads\/2024\/11\/cropped-RECAMBIOS-GLP-png.webp","width":512,"height":512,"caption":"Recambios EcoGas"}]},"product_price_amount":"10.54","product_price_currency":"EUR","og_availability":"instock","product_availability":"instock","product_retailer_item_id":"104861","product_condition":"new","geo.placename":"CORRO D`AVALL","geo.region":"Espanha"},"uagb_featured_image_src":{"full":["https:\/\/recambiosecogas.com\/wp-content\/uploads\/2024\/12\/Cartucho-de-filtro-para-Ultra-360\u00b0-incl.-Empaques-png.webp",1000,1000,false],"thumbnail":["https:\/\/recambiosecogas.com\/wp-content\/uploads\/2024\/12\/Cartucho-de-filtro-para-Ultra-360\u00b0-incl.-Empaques-150x150.webp",150,150,true],"medium":["https:\/\/recambiosecogas.com\/wp-content\/uploads\/2024\/12\/Cartucho-de-filtro-para-Ultra-360\u00b0-incl.-Empaques-300x300.webp",300,300,true],"medium_large":["https:\/\/recambiosecogas.com\/wp-content\/uploads\/2024\/12\/Cartucho-de-filtro-para-Ultra-360\u00b0-incl.-Empaques-768x768.webp",768,768,true],"large":["https:\/\/recambiosecogas.com\/wp-content\/uploads\/2024\/12\/Cartucho-de-filtro-para-Ultra-360\u00b0-incl.-Empaques-png.webp",1000,1000,false],"1536x1536":["https:\/\/recambiosecogas.com\/wp-content\/uploads\/2024\/12\/Cartucho-de-filtro-para-Ultra-360\u00b0-incl.-Empaques-png.webp",1000,1000,false],"2048x2048":["https:\/\/recambiosecogas.com\/wp-content\/uploads\/2024\/12\/Cartucho-de-filtro-para-Ultra-360\u00b0-incl.-Empaques-png.webp",1000,1000,false],"woocommerce_archive_thumbnail":["https:\/\/recambiosecogas.com\/wp-content\/uploads\/2024\/12\/Cartucho-de-filtro-para-Ultra-360\u00b0-incl.-Empaques-png.webp",1000,1000,false],"woocommerce_thumbnail":["https:\/\/recambiosecogas.com\/wp-content\/uploads\/2024\/12\/Cartucho-de-filtro-para-Ultra-360\u00b0-incl.-Empaques-300x300.webp",300,300,true],"woocommerce_single":["https:\/\/recambiosecogas.com\/wp-content\/uploads\/2024\/12\/Cartucho-de-filtro-para-Ultra-360\u00b0-incl.-Empaques-png.webp",1000,1000,false],"woocommerce_gallery_thumbnail":["https:\/\/recambiosecogas.com\/wp-content\/uploads\/2024\/12\/Cartucho-de-filtro-para-Ultra-360\u00b0-incl.-Empaques-png.webp",1000,1000,false],"dgwt-wcas-product-suggestion":["https:\/\/recambiosecogas.com\/wp-content\/uploads\/2024\/12\/Cartucho-de-filtro-para-Ultra-360\u00b0-incl.-Empaques-64x64.webp",64,64,true]},"uagb_author_info":{"display_name":"Fran - Soporte T\u00e9cnico","author_link":"https:\/\/recambiosecogas.com\/pt-pt\/author\/"},"uagb_comment_info":0,"uagb_excerpt":"SONSTIGES | TUTORIAL DE INSTALA\u00c7\u00c3O","_links":{"self":[{"href":"https:\/\/recambiosecogas.com\/pt-pt\/wp-json\/wp\/v2\/product\/42043","targetHints":{"allow":["GET"]}}],"collection":[{"href":"https:\/\/recambiosecogas.com\/pt-pt\/wp-json\/wp\/v2\/product"}],"about":[{"href":"https:\/\/recambiosecogas.com\/pt-pt\/wp-json\/wp\/v2\/types\/product"}],"replies":[{"embeddable":true,"href":"https:\/\/recambiosecogas.com\/pt-pt\/wp-json\/wp\/v2\/comments?post=42043"}],"wp:featuredmedia":[{"embeddable":true,"href":"https:\/\/recambiosecogas.com\/pt-pt\/wp-json\/wp\/v2\/media\/27186"}],"wp:attachment":[{"href":"https:\/\/recambiosecogas.com\/pt-pt\/wp-json\/wp\/v2\/media?parent=42043"}],"wp:term":[{"taxonomy":"product_brand","embeddable":true,"href":"https:\/\/recambiosecogas.com\/pt-pt\/wp-json\/wp\/v2\/product_brand?post=42043"},{"taxonomy":"product_cat","embeddable":true,"href":"https:\/\/recambiosecogas.com\/pt-pt\/wp-json\/wp\/v2\/product_cat?post=42043"},{"taxonomy":"product_tag","embeddable":true,"href":"https:\/\/recambiosecogas.com\/pt-pt\/wp-json\/wp\/v2\/product_tag?post=42043"}],"curies":[{"name":"wp","href":"https:\/\/api.w.org\/{rel}","templated":true}]}}