{"id":42033,"date":"2025-02-24T11:25:57","date_gmt":"2025-02-24T10:25:57","guid":{"rendered":"https:\/\/recambiosecogas.com\/producto\/cavagna-multimatic-de-dos-cilindros-30-mbar-15-kg-h-incl-valvula-solenoide-y-de-prueba\/"},"modified":"2026-04-27T09:13:55","modified_gmt":"2026-04-27T08:13:55","slug":"cavagna-multimatic-de-dos-cilindros-30-mbar-15-kg-h-incl-valvula-solenoide-y-de-prueba","status":"publish","type":"product","link":"https:\/\/recambiosecogas.com\/pt-pt\/produto\/cavagna-multimatic-de-dos-cilindros-30-mbar-15-kg-h-incl-valvula-solenoide-y-de-prueba\/","title":{"rendered":"Cavagna Multimatic dois cilindros 30 mbar 1,5 kg\/h incluindo solenoide e v\u00e1lvula de teste"},"content":{"rendered":"<p>Regulador de g\u00e1s de 2 garrafas Cavagna Multimatik com solenoide e v\u00e1lvula de teste.<\/p>\n<p>Com o Multimatik de dois cilindros pode<strong>ligar<\/strong>duas garrafas de g\u00e1s ao<strong>mesmo<\/strong>tempo. Quando a garrafa de servi\u00e7o est\u00e1 vazia, o Multimatik muda automaticamente para a garrafa de reserva. <\/p>\n<p><strong><u>Dados t\u00e9cnicos<\/u><\/strong><\/p>\n<p>Press\u00e3o : 30 mbar<br \/>\nFluxo: 1,5 kg\/h<br \/>\nEntrada : G.13 rosca externa M 20 x 1.5<br \/>\nSa\u00edda : tubo de 8 mm\/adaptador de 10 mm dispon\u00edvel separadamente<br \/>\npeso: 1.93 kg<\/p>\n<p><strong><u>\u00c2mbito da presta\u00e7\u00e3o<\/u><\/strong><\/p>\n<p>&#8211; Regulador de g\u00e1s de 30 mbar \/ 1,5 kg\/h com comuta\u00e7\u00e3o autom\u00e1tica de 2 cilindros e v\u00e1lvula de teste<br \/>\n &#8211; V\u00e1lvula solenoide de cabo de conex\u00e3o de 3 m para unidade de controle<\/p>\n","protected":false},"excerpt":{"rendered":"<p>CAVAGNA<\/p>\n","protected":false},"featured_media":33879,"comment_status":"open","ping_status":"closed","template":"","meta":{"googlesitekit_rrm_CAowud7EDA:productID":"","_uag_custom_page_level_css":""},"product_brand":[993],"product_cat":[1455],"product_tag":[],"class_list":{"0":"post-42033","1":"product","2":"type-product","3":"status-publish","4":"has-post-thumbnail","6":"product_brand-cavagna","7":"product_cat-reguladores-para-veiculos","9":"first","10":"onbackorder","11":"taxable","12":"shipping-taxable","13":"purchasable","14":"product-type-simple"},"ct_brands":[{"id":993,"name":"CAVAGNA","slug":"cavagna"}],"yoast_head":"<!-- This site is optimized with the Yoast SEO Premium plugin v27.4 (Yoast SEO v27.5) - https:\/\/yoast.com\/product\/yoast-seo-premium-wordpress\/ -->\n<title>Cavagna Multimatic dois cilindros 30 mbar 1,5 kg\/h incluindo solenoide e v\u00e1lvula de teste | Recambios EcoGas | Sistemas GLP y GNC<\/title>\n<meta name=\"robots\" content=\"index, follow, max-snippet:-1, max-image-preview:large, max-video-preview:-1\" \/>\n<link rel=\"canonical\" href=\"https:\/\/recambiosecogas.com\/pt-pt\/produto\/cavagna-multimatic-de-dos-cilindros-30-mbar-15-kg-h-incl-valvula-solenoide-y-de-prueba\/\" \/>\n<meta property=\"og:locale\" content=\"pt_PT\" \/>\n<meta property=\"og:type\" content=\"article\" \/>\n<meta property=\"og:title\" content=\"Cavagna Multimatic dois cilindros 30 mbar 1,5 kg\/h incluindo solenoide e v\u00e1lvula de teste\" \/>\n<meta property=\"og:description\" content=\"CAVAGNA\" \/>\n<meta property=\"og:url\" content=\"https:\/\/recambiosecogas.com\/pt-pt\/produto\/cavagna-multimatic-de-dos-cilindros-30-mbar-15-kg-h-incl-valvula-solenoide-y-de-prueba\/\" \/>\n<meta property=\"og:site_name\" content=\"Recambios EcoGas\" \/>\n<meta property=\"article:publisher\" content=\"https:\/\/www.facebook.com\/profile.php?id=100062419705358\" \/>\n<meta property=\"article:modified_time\" content=\"2026-04-27T08:13:55+00:00\" \/>\n<meta property=\"og:image\" content=\"https:\/\/recambiosecogas.com\/wp-content\/uploads\/2025\/02\/Cavagna-Multimatic-de-dos-cilindros-30-mbar-png.webp\" \/>\n\t<meta property=\"og:image:width\" content=\"1000\" \/>\n\t<meta property=\"og:image:height\" content=\"1000\" \/>\n\t<meta property=\"og:image:type\" content=\"image\/png\" \/>\n<meta name=\"twitter:card\" content=\"summary_large_image\" \/>\n<meta name=\"twitter:label1\" content=\"pre\u00e7o\" \/>\n\t<meta name=\"twitter:data1\" content=\"99,58&nbsp;&euro; (Sin IVA: 82,30&nbsp;&euro;)\" \/>\n\t<meta name=\"twitter:label2\" content=\"Disponibilidade\" \/>\n\t<meta name=\"twitter:data2\" content=\"Por encomenda\" \/>\n<script type=\"application\/ld+json\" class=\"yoast-schema-graph\">{\"@context\":\"https:\\\/\\\/schema.org\",\"@graph\":[{\"@type\":\"WebPage\",\"@id\":\"https:\\\/\\\/recambiosecogas.com\\\/pt-pt\\\/produto\\\/cavagna-multimatic-de-dos-cilindros-30-mbar-15-kg-h-incl-valvula-solenoide-y-de-prueba\\\/\",\"url\":\"https:\\\/\\\/recambiosecogas.com\\\/pt-pt\\\/produto\\\/cavagna-multimatic-de-dos-cilindros-30-mbar-15-kg-h-incl-valvula-solenoide-y-de-prueba\\\/\",\"name\":\"Cavagna Multimatic dois cilindros 30 mbar 1,5 kg\\\/h incluindo solenoide e v\u00e1lvula de teste | Recambios EcoGas | Sistemas GLP y GNC\",\"isPartOf\":{\"@id\":\"https:\\\/\\\/recambiosecogas.com\\\/pt-pt\\\/#website\"},\"primaryImageOfPage\":{\"@id\":\"https:\\\/\\\/recambiosecogas.com\\\/pt-pt\\\/produto\\\/cavagna-multimatic-de-dos-cilindros-30-mbar-15-kg-h-incl-valvula-solenoide-y-de-prueba\\\/#primaryimage\"},\"image\":{\"@id\":\"https:\\\/\\\/recambiosecogas.com\\\/pt-pt\\\/produto\\\/cavagna-multimatic-de-dos-cilindros-30-mbar-15-kg-h-incl-valvula-solenoide-y-de-prueba\\\/#primaryimage\"},\"thumbnailUrl\":\"https:\\\/\\\/recambiosecogas.com\\\/wp-content\\\/uploads\\\/2025\\\/02\\\/Cavagna-Multimatic-de-dos-cilindros-30-mbar-png.webp\",\"datePublished\":\"2025-02-24T10:25:57+00:00\",\"dateModified\":\"2026-04-27T08:13:55+00:00\",\"breadcrumb\":{\"@id\":\"https:\\\/\\\/recambiosecogas.com\\\/pt-pt\\\/produto\\\/cavagna-multimatic-de-dos-cilindros-30-mbar-15-kg-h-incl-valvula-solenoide-y-de-prueba\\\/#breadcrumb\"},\"inLanguage\":\"pt-PT\",\"potentialAction\":[{\"@type\":\"ReadAction\",\"target\":[\"https:\\\/\\\/recambiosecogas.com\\\/pt-pt\\\/produto\\\/cavagna-multimatic-de-dos-cilindros-30-mbar-15-kg-h-incl-valvula-solenoide-y-de-prueba\\\/\"]}]},{\"@type\":\"ImageObject\",\"inLanguage\":\"pt-PT\",\"@id\":\"https:\\\/\\\/recambiosecogas.com\\\/pt-pt\\\/produto\\\/cavagna-multimatic-de-dos-cilindros-30-mbar-15-kg-h-incl-valvula-solenoide-y-de-prueba\\\/#primaryimage\",\"url\":\"https:\\\/\\\/recambiosecogas.com\\\/wp-content\\\/uploads\\\/2025\\\/02\\\/Cavagna-Multimatic-de-dos-cilindros-30-mbar-png.webp\",\"contentUrl\":\"https:\\\/\\\/recambiosecogas.com\\\/wp-content\\\/uploads\\\/2025\\\/02\\\/Cavagna-Multimatic-de-dos-cilindros-30-mbar-png.webp\",\"width\":1000,\"height\":1000},{\"@type\":\"BreadcrumbList\",\"@id\":\"https:\\\/\\\/recambiosecogas.com\\\/pt-pt\\\/produto\\\/cavagna-multimatic-de-dos-cilindros-30-mbar-15-kg-h-incl-valvula-solenoide-y-de-prueba\\\/#breadcrumb\",\"itemListElement\":[{\"@type\":\"ListItem\",\"position\":1,\"name\":\"P\u00e1gina inicial\",\"item\":\"https:\\\/\\\/recambiosecogas.com\\\/pt-pt\\\/\"},{\"@type\":\"ListItem\",\"position\":2,\"name\":\"Loja\",\"item\":\"https:\\\/\\\/recambiosecogas.com\\\/pt-pt\\\/tienda\\\/\"},{\"@type\":\"ListItem\",\"position\":3,\"name\":\"Cavagna Multimatic dois cilindros 30 mbar 1,5 kg\\\/h incluindo solenoide e v\u00e1lvula de teste\"}]},{\"@type\":\"WebSite\",\"@id\":\"https:\\\/\\\/recambiosecogas.com\\\/pt-pt\\\/#website\",\"url\":\"https:\\\/\\\/recambiosecogas.com\\\/pt-pt\\\/\",\"name\":\"Recambios EcoGas\",\"description\":\"Pe\u00e7as multimarca para sistemas de GPL\\\/GNC\\\/GNL\\\/Hidrog\u00e9nio\",\"publisher\":{\"@id\":\"https:\\\/\\\/recambiosecogas.com\\\/pt-pt\\\/#organization\"},\"alternateName\":\"Recambios Autogas GLP\",\"potentialAction\":[{\"@type\":\"SearchAction\",\"target\":{\"@type\":\"EntryPoint\",\"urlTemplate\":\"https:\\\/\\\/recambiosecogas.com\\\/pt-pt\\\/?s={search_term_string}\"},\"query-input\":{\"@type\":\"PropertyValueSpecification\",\"valueRequired\":true,\"valueName\":\"search_term_string\"}}],\"inLanguage\":\"pt-PT\"},{\"@type\":[\"Organization\",\"Place\"],\"@id\":\"https:\\\/\\\/recambiosecogas.com\\\/pt-pt\\\/#organization\",\"name\":\"Recambios EcoGas\",\"alternateName\":\"Loja de GPL Autog\u00e1s Espanha\",\"url\":\"https:\\\/\\\/recambiosecogas.com\\\/pt-pt\\\/\",\"logo\":{\"@id\":\"https:\\\/\\\/recambiosecogas.com\\\/pt-pt\\\/produto\\\/cavagna-multimatic-de-dos-cilindros-30-mbar-15-kg-h-incl-valvula-solenoide-y-de-prueba\\\/#local-main-organization-logo\"},\"image\":{\"@id\":\"https:\\\/\\\/recambiosecogas.com\\\/pt-pt\\\/produto\\\/cavagna-multimatic-de-dos-cilindros-30-mbar-15-kg-h-incl-valvula-solenoide-y-de-prueba\\\/#local-main-organization-logo\"},\"sameAs\":[\"https:\\\/\\\/www.facebook.com\\\/profile.php?id=100062419705358\",\"https:\\\/\\\/www.instagram.com\\\/segimon_automocio\"],\"description\":\"Recambios EcoGas \u2013 Venta y distribuci\u00f3n de sistemas GLP y GNC en Espa\u00f1a y Portugal. Env\u00edos 24 h, soporte t\u00e9cnico a talleres y distribuidores.\",\"hasMerchantReturnPolicy\":{\"@type\":\"MerchantReturnPolicy\",\"merchantReturnLink\":\"https:\\\/\\\/recambiosecogas.com\\\/politicas-privacidad\\\/\"},\"address\":{\"@id\":\"https:\\\/\\\/recambiosecogas.com\\\/pt-pt\\\/produto\\\/cavagna-multimatic-de-dos-cilindros-30-mbar-15-kg-h-incl-valvula-solenoide-y-de-prueba\\\/#local-main-place-address\"},\"telephone\":[\"616250633\"],\"contactPoint\":{\"@type\":\"ContactPoint\",\"email\":\"export@recambiosecogas.com\"},\"openingHoursSpecification\":[{\"@type\":\"OpeningHoursSpecification\",\"dayOfWeek\":[\"Monday\",\"Tuesday\",\"Wednesday\",\"Thursday\",\"Friday\",\"Saturday\",\"Sunday\"],\"opens\":\"09:00\",\"closes\":\"17:00\"}],\"email\":\"info@recambiosecogas.com\",\"faxNumber\":\"SEGIMON AUTOMOCION SL\",\"vatID\":\"ESB19819861\",\"globalLocationNumber\":\"938 616 339\"},{\"@type\":\"PostalAddress\",\"@id\":\"https:\\\/\\\/recambiosecogas.com\\\/pt-pt\\\/produto\\\/cavagna-multimatic-de-dos-cilindros-30-mbar-15-kg-h-incl-valvula-solenoide-y-de-prueba\\\/#local-main-place-address\",\"streetAddress\":\"cami antic de vic, 29 (Nave 3), Pol\u00edgono Industrial Congost\",\"addressLocality\":\"CORRO D`AVALL\",\"postalCode\":\"08520\",\"addressRegion\":\"Barcelona\",\"addressCountry\":\"ES\"},{\"@type\":\"ImageObject\",\"inLanguage\":\"pt-PT\",\"@id\":\"https:\\\/\\\/recambiosecogas.com\\\/pt-pt\\\/produto\\\/cavagna-multimatic-de-dos-cilindros-30-mbar-15-kg-h-incl-valvula-solenoide-y-de-prueba\\\/#local-main-organization-logo\",\"url\":\"https:\\\/\\\/recambiosecogas.com\\\/wp-content\\\/uploads\\\/2024\\\/11\\\/cropped-RECAMBIOS-GLP-png.webp\",\"contentUrl\":\"https:\\\/\\\/recambiosecogas.com\\\/wp-content\\\/uploads\\\/2024\\\/11\\\/cropped-RECAMBIOS-GLP-png.webp\",\"width\":512,\"height\":512,\"caption\":\"Recambios EcoGas\"}]}<\/script>\n<meta property=\"product:brand\" content=\"CAVAGNA\" \/>\n<meta property=\"product:price:amount\" content=\"99.58\" \/>\n<meta property=\"product:price:currency\" content=\"EUR\" \/>\n<meta property=\"og:availability\" content=\"backorder\" \/>\n<meta property=\"product:availability\" content=\"available for order\" \/>\n<meta property=\"product:retailer_item_id\" content=\"107928\" \/>\n<meta property=\"product:condition\" content=\"new\" \/>\n<meta name=\"geo.placename\" content=\"CORRO D`AVALL\" \/>\n<meta name=\"geo.region\" content=\"Espanha\" \/>\n<!-- \/ Yoast SEO Premium plugin. -->","yoast_head_json":{"title":"Cavagna Multimatic dois cilindros 30 mbar 1,5 kg\/h incluindo solenoide e v\u00e1lvula de teste | Recambios EcoGas | Sistemas GLP y GNC","robots":{"index":"index","follow":"follow","max-snippet":"max-snippet:-1","max-image-preview":"max-image-preview:large","max-video-preview":"max-video-preview:-1"},"canonical":"https:\/\/recambiosecogas.com\/pt-pt\/produto\/cavagna-multimatic-de-dos-cilindros-30-mbar-15-kg-h-incl-valvula-solenoide-y-de-prueba\/","og_locale":"pt_PT","og_type":"article","og_title":"Cavagna Multimatic dois cilindros 30 mbar 1,5 kg\/h incluindo solenoide e v\u00e1lvula de teste","og_description":"CAVAGNA","og_url":"https:\/\/recambiosecogas.com\/pt-pt\/produto\/cavagna-multimatic-de-dos-cilindros-30-mbar-15-kg-h-incl-valvula-solenoide-y-de-prueba\/","og_site_name":"Recambios EcoGas","article_publisher":"https:\/\/www.facebook.com\/profile.php?id=100062419705358","article_modified_time":"2026-04-27T08:13:55+00:00","og_image":[{"width":1000,"height":1000,"url":"https:\/\/recambiosecogas.com\/wp-content\/uploads\/2025\/02\/Cavagna-Multimatic-de-dos-cilindros-30-mbar-png.webp","type":"image\/png"}],"twitter_card":"summary_large_image","twitter_misc":{"pre\u00e7o":"99,58&nbsp;&euro; (Sin IVA: 82,30&nbsp;&euro;)","Disponibilidade":"Por encomenda"},"schema":{"@context":"https:\/\/schema.org","@graph":[{"@type":"WebPage","@id":"https:\/\/recambiosecogas.com\/pt-pt\/produto\/cavagna-multimatic-de-dos-cilindros-30-mbar-15-kg-h-incl-valvula-solenoide-y-de-prueba\/","url":"https:\/\/recambiosecogas.com\/pt-pt\/produto\/cavagna-multimatic-de-dos-cilindros-30-mbar-15-kg-h-incl-valvula-solenoide-y-de-prueba\/","name":"Cavagna Multimatic dois cilindros 30 mbar 1,5 kg\/h incluindo solenoide e v\u00e1lvula de teste | Recambios EcoGas | Sistemas GLP y GNC","isPartOf":{"@id":"https:\/\/recambiosecogas.com\/pt-pt\/#website"},"primaryImageOfPage":{"@id":"https:\/\/recambiosecogas.com\/pt-pt\/produto\/cavagna-multimatic-de-dos-cilindros-30-mbar-15-kg-h-incl-valvula-solenoide-y-de-prueba\/#primaryimage"},"image":{"@id":"https:\/\/recambiosecogas.com\/pt-pt\/produto\/cavagna-multimatic-de-dos-cilindros-30-mbar-15-kg-h-incl-valvula-solenoide-y-de-prueba\/#primaryimage"},"thumbnailUrl":"https:\/\/recambiosecogas.com\/wp-content\/uploads\/2025\/02\/Cavagna-Multimatic-de-dos-cilindros-30-mbar-png.webp","datePublished":"2025-02-24T10:25:57+00:00","dateModified":"2026-04-27T08:13:55+00:00","breadcrumb":{"@id":"https:\/\/recambiosecogas.com\/pt-pt\/produto\/cavagna-multimatic-de-dos-cilindros-30-mbar-15-kg-h-incl-valvula-solenoide-y-de-prueba\/#breadcrumb"},"inLanguage":"pt-PT","potentialAction":[{"@type":"ReadAction","target":["https:\/\/recambiosecogas.com\/pt-pt\/produto\/cavagna-multimatic-de-dos-cilindros-30-mbar-15-kg-h-incl-valvula-solenoide-y-de-prueba\/"]}]},{"@type":"ImageObject","inLanguage":"pt-PT","@id":"https:\/\/recambiosecogas.com\/pt-pt\/produto\/cavagna-multimatic-de-dos-cilindros-30-mbar-15-kg-h-incl-valvula-solenoide-y-de-prueba\/#primaryimage","url":"https:\/\/recambiosecogas.com\/wp-content\/uploads\/2025\/02\/Cavagna-Multimatic-de-dos-cilindros-30-mbar-png.webp","contentUrl":"https:\/\/recambiosecogas.com\/wp-content\/uploads\/2025\/02\/Cavagna-Multimatic-de-dos-cilindros-30-mbar-png.webp","width":1000,"height":1000},{"@type":"BreadcrumbList","@id":"https:\/\/recambiosecogas.com\/pt-pt\/produto\/cavagna-multimatic-de-dos-cilindros-30-mbar-15-kg-h-incl-valvula-solenoide-y-de-prueba\/#breadcrumb","itemListElement":[{"@type":"ListItem","position":1,"name":"P\u00e1gina inicial","item":"https:\/\/recambiosecogas.com\/pt-pt\/"},{"@type":"ListItem","position":2,"name":"Loja","item":"https:\/\/recambiosecogas.com\/pt-pt\/tienda\/"},{"@type":"ListItem","position":3,"name":"Cavagna Multimatic dois cilindros 30 mbar 1,5 kg\/h incluindo solenoide e v\u00e1lvula de teste"}]},{"@type":"WebSite","@id":"https:\/\/recambiosecogas.com\/pt-pt\/#website","url":"https:\/\/recambiosecogas.com\/pt-pt\/","name":"Recambios EcoGas","description":"Pe\u00e7as multimarca para sistemas de GPL\/GNC\/GNL\/Hidrog\u00e9nio","publisher":{"@id":"https:\/\/recambiosecogas.com\/pt-pt\/#organization"},"alternateName":"Recambios Autogas GLP","potentialAction":[{"@type":"SearchAction","target":{"@type":"EntryPoint","urlTemplate":"https:\/\/recambiosecogas.com\/pt-pt\/?s={search_term_string}"},"query-input":{"@type":"PropertyValueSpecification","valueRequired":true,"valueName":"search_term_string"}}],"inLanguage":"pt-PT"},{"@type":["Organization","Place"],"@id":"https:\/\/recambiosecogas.com\/pt-pt\/#organization","name":"Recambios EcoGas","alternateName":"Loja de GPL Autog\u00e1s Espanha","url":"https:\/\/recambiosecogas.com\/pt-pt\/","logo":{"@id":"https:\/\/recambiosecogas.com\/pt-pt\/produto\/cavagna-multimatic-de-dos-cilindros-30-mbar-15-kg-h-incl-valvula-solenoide-y-de-prueba\/#local-main-organization-logo"},"image":{"@id":"https:\/\/recambiosecogas.com\/pt-pt\/produto\/cavagna-multimatic-de-dos-cilindros-30-mbar-15-kg-h-incl-valvula-solenoide-y-de-prueba\/#local-main-organization-logo"},"sameAs":["https:\/\/www.facebook.com\/profile.php?id=100062419705358","https:\/\/www.instagram.com\/segimon_automocio"],"description":"Recambios EcoGas \u2013 Venta y distribuci\u00f3n de sistemas GLP y GNC en Espa\u00f1a y Portugal. Env\u00edos 24 h, soporte t\u00e9cnico a talleres y distribuidores.","hasMerchantReturnPolicy":{"@type":"MerchantReturnPolicy","merchantReturnLink":"https:\/\/recambiosecogas.com\/politicas-privacidad\/"},"address":{"@id":"https:\/\/recambiosecogas.com\/pt-pt\/produto\/cavagna-multimatic-de-dos-cilindros-30-mbar-15-kg-h-incl-valvula-solenoide-y-de-prueba\/#local-main-place-address"},"telephone":["616250633"],"contactPoint":{"@type":"ContactPoint","email":"export@recambiosecogas.com"},"openingHoursSpecification":[{"@type":"OpeningHoursSpecification","dayOfWeek":["Monday","Tuesday","Wednesday","Thursday","Friday","Saturday","Sunday"],"opens":"09:00","closes":"17:00"}],"email":"info@recambiosecogas.com","faxNumber":"SEGIMON AUTOMOCION SL","vatID":"ESB19819861","globalLocationNumber":"938 616 339"},{"@type":"PostalAddress","@id":"https:\/\/recambiosecogas.com\/pt-pt\/produto\/cavagna-multimatic-de-dos-cilindros-30-mbar-15-kg-h-incl-valvula-solenoide-y-de-prueba\/#local-main-place-address","streetAddress":"cami antic de vic, 29 (Nave 3), Pol\u00edgono Industrial Congost","addressLocality":"CORRO D`AVALL","postalCode":"08520","addressRegion":"Barcelona","addressCountry":"ES"},{"@type":"ImageObject","inLanguage":"pt-PT","@id":"https:\/\/recambiosecogas.com\/pt-pt\/produto\/cavagna-multimatic-de-dos-cilindros-30-mbar-15-kg-h-incl-valvula-solenoide-y-de-prueba\/#local-main-organization-logo","url":"https:\/\/recambiosecogas.com\/wp-content\/uploads\/2024\/11\/cropped-RECAMBIOS-GLP-png.webp","contentUrl":"https:\/\/recambiosecogas.com\/wp-content\/uploads\/2024\/11\/cropped-RECAMBIOS-GLP-png.webp","width":512,"height":512,"caption":"Recambios EcoGas"}]},"product_brand":"CAVAGNA","product_price_amount":"99.58","product_price_currency":"EUR","og_availability":"backorder","product_availability":"available for order","product_retailer_item_id":"107928","product_condition":"new","geo.placename":"CORRO D`AVALL","geo.region":"Espanha"},"uagb_featured_image_src":{"full":["https:\/\/recambiosecogas.com\/wp-content\/uploads\/2025\/02\/Cavagna-Multimatic-de-dos-cilindros-30-mbar-png.webp",1000,1000,false],"thumbnail":["https:\/\/recambiosecogas.com\/wp-content\/uploads\/2025\/02\/Cavagna-Multimatic-de-dos-cilindros-30-mbar-150x150.webp",150,150,true],"medium":["https:\/\/recambiosecogas.com\/wp-content\/uploads\/2025\/02\/Cavagna-Multimatic-de-dos-cilindros-30-mbar-300x300.webp",300,300,true],"medium_large":["https:\/\/recambiosecogas.com\/wp-content\/uploads\/2025\/02\/Cavagna-Multimatic-de-dos-cilindros-30-mbar-768x768.webp",768,768,true],"large":["https:\/\/recambiosecogas.com\/wp-content\/uploads\/2025\/02\/Cavagna-Multimatic-de-dos-cilindros-30-mbar-png.webp",1000,1000,false],"1536x1536":["https:\/\/recambiosecogas.com\/wp-content\/uploads\/2025\/02\/Cavagna-Multimatic-de-dos-cilindros-30-mbar-png.webp",1000,1000,false],"2048x2048":["https:\/\/recambiosecogas.com\/wp-content\/uploads\/2025\/02\/Cavagna-Multimatic-de-dos-cilindros-30-mbar-png.webp",1000,1000,false],"woocommerce_archive_thumbnail":["https:\/\/recambiosecogas.com\/wp-content\/uploads\/2025\/02\/Cavagna-Multimatic-de-dos-cilindros-30-mbar-png.webp",1000,1000,false],"woocommerce_thumbnail":["https:\/\/recambiosecogas.com\/wp-content\/uploads\/2025\/02\/Cavagna-Multimatic-de-dos-cilindros-30-mbar-300x300.webp",300,300,true],"woocommerce_single":["https:\/\/recambiosecogas.com\/wp-content\/uploads\/2025\/02\/Cavagna-Multimatic-de-dos-cilindros-30-mbar-png.webp",1000,1000,false],"woocommerce_gallery_thumbnail":["https:\/\/recambiosecogas.com\/wp-content\/uploads\/2025\/02\/Cavagna-Multimatic-de-dos-cilindros-30-mbar-png.webp",1000,1000,false],"dgwt-wcas-product-suggestion":["https:\/\/recambiosecogas.com\/wp-content\/uploads\/2025\/02\/Cavagna-Multimatic-de-dos-cilindros-30-mbar-64x64.webp",64,64,true]},"uagb_author_info":{"display_name":"Fran - Soporte T\u00e9cnico","author_link":"https:\/\/recambiosecogas.com\/pt-pt\/author\/"},"uagb_comment_info":0,"uagb_excerpt":"CAVAGNA","_links":{"self":[{"href":"https:\/\/recambiosecogas.com\/pt-pt\/wp-json\/wp\/v2\/product\/42033","targetHints":{"allow":["GET"]}}],"collection":[{"href":"https:\/\/recambiosecogas.com\/pt-pt\/wp-json\/wp\/v2\/product"}],"about":[{"href":"https:\/\/recambiosecogas.com\/pt-pt\/wp-json\/wp\/v2\/types\/product"}],"replies":[{"embeddable":true,"href":"https:\/\/recambiosecogas.com\/pt-pt\/wp-json\/wp\/v2\/comments?post=42033"}],"wp:featuredmedia":[{"embeddable":true,"href":"https:\/\/recambiosecogas.com\/pt-pt\/wp-json\/wp\/v2\/media\/33879"}],"wp:attachment":[{"href":"https:\/\/recambiosecogas.com\/pt-pt\/wp-json\/wp\/v2\/media?parent=42033"}],"wp:term":[{"taxonomy":"product_brand","embeddable":true,"href":"https:\/\/recambiosecogas.com\/pt-pt\/wp-json\/wp\/v2\/product_brand?post=42033"},{"taxonomy":"product_cat","embeddable":true,"href":"https:\/\/recambiosecogas.com\/pt-pt\/wp-json\/wp\/v2\/product_cat?post=42033"},{"taxonomy":"product_tag","embeddable":true,"href":"https:\/\/recambiosecogas.com\/pt-pt\/wp-json\/wp\/v2\/product_tag?post=42033"}],"curies":[{"name":"wp","href":"https:\/\/api.w.org\/{rel}","templated":true}]}}