{"id":41914,"date":"2025-01-21T10:40:51","date_gmt":"2025-01-21T09:40:51","guid":{"rendered":"https:\/\/recambiosecogas.com\/producto\/gasstop-valvula-de-fecho-de-emergencia-para-garrafas-de-gas-uk-pol-lh-para-uk\/"},"modified":"2025-01-21T09:40:51","modified_gmt":"2025-01-21T08:40:51","slug":"gasstop-valvula-de-fecho-de-emergencia-para-garrafas-de-gas-uk-pol-lh-para-uk","status":"publish","type":"product","link":"https:\/\/recambiosecogas.com\/pt-pt\/producto\/gasstop-valvula-de-fecho-de-emergencia-para-garrafas-de-gas-uk-pol-lh-para-uk\/","title":{"rendered":"GasStop v\u00e1lvula de fecho de emerg\u00eancia para garrafas de g\u00e1s UK POL LH para UK"},"content":{"rendered":"<section>\n<div id=\"layout_content\">\n<div class=\"layout_content_inner cf\">\n<article>\n<div>\n<div id=\"horizontalTab\" class=\"pd_tabs\">\n<div class=\"resp-tabs-container\">\n<div class=\"pd_description resp-tab-content resp-tab-content-active\" aria-labelledby=\"tab_item-0\">\n<div>\n<p>GasStop \u00e9 um dispositivo de fecho para garrafas de g\u00e1s e sistemas de g\u00e1s port\u00e1teis que corta o fornecimento de g\u00e1s em caso de emerg\u00eancia. No caso de uma fuga grave, o GasStop interrompe imediata e automaticamente o fornecimento de g\u00e1s. Este dispositivo de seguran\u00e7a aut\u00f3nomo indispens\u00e1vel n\u00e3o s\u00f3 \u00e9 f\u00e1cil de instalar, como tamb\u00e9m possui um \u00fatil indicador de press\u00e3o de g\u00e1s multiuso.  <\/p>\n<p><strong>100% paragem de emerg\u00eancia<\/strong><\/p>\n<p>O GasStop interrompe automaticamente o fornecimento de g\u00e1s de forma imediata em caso de fuga significativa ou falha do sistema.<\/p>\n<p><strong>Indicador de n\u00edvel necess\u00e1rio<\/strong><\/p>\n<p>O \u00fatil medidor de consumo indica quando o g\u00e1s est\u00e1 a acabar, permitindo planear o reabastecimento atempadamente.<\/p>\n<p><strong>Verificar se h\u00e1 fugas<\/strong><\/p>\n<p>O GasStop tamb\u00e9m pode ser usado para verificar pequenas fugas. Certifique-se sempre de que o seu sistema de g\u00e1s n\u00e3o tem fugas. <\/p>\n<p>O GasStop tamb\u00e9m pode ser utilizado para verificar pequenas fugas.<\/p>\n<p><strong>F\u00e1cil de instalar<\/strong><\/p>\n<p>Usar um GasStop \u00e9 r\u00e1pido e simples, requer apenas alguns passos e uma chave inglesa.<\/p>\n<p><strong>Qualidade comprovada<\/strong><\/p>\n<p>O GasStop \u00e9 testado de forma independente e cumpre as normas ISO e EN.<\/p>\n<p>Montagem:<\/p>\n<ol>\n<li>Ligue o GasStop \u00e0 garrafa de g\u00e1s<\/li>\n<li>Aperte o GasStop com a ferramenta\/chave adequada<\/li>\n<li>Aperte o GasStop com a ferramenta\/chave adequada<\/li>\n<li>Conecte o regulador de g\u00e1s (n\u00e3o um com v\u00e1lvula de seguran\u00e7a) ao GasStop e instale a tubagem e o aparelho como de costume. Abra o g\u00e1s e bombeie o indicador 4-6 vezes para iniciar o fluxo de g\u00e1s <\/li>\n<\/ol>\n<\/div>\n<\/div>\n<\/div>\n<\/div>\n<\/div>\n<\/article>\n<\/div>\n<\/div>\n<\/section>\n<div id=\"layout_subfooter\">\n<div class=\"layout_subfooter_inner cf\">\n<p>Liga\u00e7\u00e3o: POL LH (G.7) &#8211; UK<\/p>\n<p>Press\u00e3o de alimenta\u00e7\u00e3o: 0,3 &#8211; 16 bar<\/p>\n<p>Caudal: 1 &#8211; 1,5 kg\/h<br \/>\nTipo de g\u00e1s: Propano GPL<\/p>\n<p>Calibra\u00e7\u00e3o do EFV: caudal seguro de 110%<br \/>\nNormas: DIN EN 16129, ISO 16964, SEP &#8211; Diretiva 214\/68\/UE sobre equipamentos sob press\u00e3o<\/p>\n<\/div>\n<\/div>\n","protected":false},"excerpt":{"rendered":"<p>GASSTOP<\/p>\n","protected":false},"featured_media":30485,"comment_status":"open","ping_status":"closed","template":"","meta":{"_uag_custom_page_level_css":""},"product_brand":[994],"product_cat":[1401,1413],"product_tag":[],"class_list":{"0":"post-41914","1":"product","2":"type-product","3":"status-publish","4":"has-post-thumbnail","6":"product_brand-gasstop","7":"product_cat-mangueiras-autocaravanas","8":"product_cat-protecao-contra-rutura-de-mangueiras","10":"first","11":"onbackorder","12":"taxable","13":"shipping-taxable","14":"purchasable","15":"product-type-simple"},"ct_brands":[{"id":994,"name":"GASSTOP","slug":"gasstop"}],"yoast_head":"<!-- This site is optimized with the Yoast SEO Premium plugin v27.5 (Yoast SEO v27.6) - https:\/\/yoast.com\/product\/yoast-seo-premium-wordpress\/ -->\n<title>GasStop v\u00e1lvula de fecho de emerg\u00eancia para garrafas de g\u00e1s UK POL LH para UK | Recambios EcoGas | Sistemas GLP y GNC<\/title>\n<meta name=\"robots\" content=\"index, follow, max-snippet:-1, max-image-preview:large, max-video-preview:-1\" \/>\n<link rel=\"canonical\" href=\"https:\/\/recambiosecogas.com\/pt-pt\/producto\/gasstop-valvula-de-fecho-de-emergencia-para-garrafas-de-gas-uk-pol-lh-para-uk\/\" \/>\n<meta property=\"og:locale\" content=\"pt_PT\" \/>\n<meta property=\"og:type\" content=\"article\" \/>\n<meta property=\"og:title\" content=\"GasStop v\u00e1lvula de fecho de emerg\u00eancia para garrafas de g\u00e1s UK POL LH para UK\" \/>\n<meta property=\"og:description\" content=\"GASSTOP\" \/>\n<meta property=\"og:url\" content=\"https:\/\/recambiosecogas.com\/pt-pt\/producto\/gasstop-valvula-de-fecho-de-emergencia-para-garrafas-de-gas-uk-pol-lh-para-uk\/\" \/>\n<meta property=\"og:site_name\" content=\"Recambios EcoGas\" \/>\n<meta property=\"article:publisher\" content=\"https:\/\/www.facebook.com\/profile.php?id=100062419705358\" \/>\n<meta property=\"og:image\" content=\"https:\/\/recambiosecogas.com\/wp-content\/uploads\/2025\/01\/GasStop-valvula-de-cierre-de-emergencia-para-bombonas-de-gas-UK-POL-LH-para-UK-png.webp\" \/>\n\t<meta property=\"og:image:width\" content=\"1000\" \/>\n\t<meta property=\"og:image:height\" content=\"1000\" \/>\n\t<meta property=\"og:image:type\" content=\"image\/png\" \/>\n<meta name=\"twitter:card\" content=\"summary_large_image\" \/>\n<meta name=\"twitter:label1\" content=\"pre\u00e7o\" \/>\n\t<meta name=\"twitter:data1\" content=\"63,61&nbsp;&euro; (Sin IVA: 52,57&nbsp;&euro;)\" \/>\n\t<meta name=\"twitter:label2\" content=\"Disponibilidade\" \/>\n\t<meta name=\"twitter:data2\" content=\"Por encomenda\" \/>\n<script type=\"application\/ld+json\" class=\"yoast-schema-graph\">{\"@context\":\"https:\\\/\\\/schema.org\",\"@graph\":[{\"@type\":\"WebPage\",\"@id\":\"https:\\\/\\\/recambiosecogas.com\\\/pt-pt\\\/producto\\\/gasstop-valvula-de-fecho-de-emergencia-para-garrafas-de-gas-uk-pol-lh-para-uk\\\/\",\"url\":\"https:\\\/\\\/recambiosecogas.com\\\/pt-pt\\\/producto\\\/gasstop-valvula-de-fecho-de-emergencia-para-garrafas-de-gas-uk-pol-lh-para-uk\\\/\",\"name\":\"GasStop v\u00e1lvula de fecho de emerg\u00eancia para garrafas de g\u00e1s UK POL LH para UK | Recambios EcoGas | Sistemas GLP y GNC\",\"isPartOf\":{\"@id\":\"https:\\\/\\\/recambiosecogas.com\\\/pt-pt\\\/#website\"},\"primaryImageOfPage\":{\"@id\":\"https:\\\/\\\/recambiosecogas.com\\\/pt-pt\\\/producto\\\/gasstop-valvula-de-fecho-de-emergencia-para-garrafas-de-gas-uk-pol-lh-para-uk\\\/#primaryimage\"},\"image\":{\"@id\":\"https:\\\/\\\/recambiosecogas.com\\\/pt-pt\\\/producto\\\/gasstop-valvula-de-fecho-de-emergencia-para-garrafas-de-gas-uk-pol-lh-para-uk\\\/#primaryimage\"},\"thumbnailUrl\":\"https:\\\/\\\/recambiosecogas.com\\\/wp-content\\\/uploads\\\/2025\\\/01\\\/GasStop-valvula-de-cierre-de-emergencia-para-bombonas-de-gas-UK-POL-LH-para-UK-png.webp\",\"datePublished\":\"2025-01-21T09:40:51+00:00\",\"breadcrumb\":{\"@id\":\"https:\\\/\\\/recambiosecogas.com\\\/pt-pt\\\/producto\\\/gasstop-valvula-de-fecho-de-emergencia-para-garrafas-de-gas-uk-pol-lh-para-uk\\\/#breadcrumb\"},\"inLanguage\":\"pt-PT\",\"potentialAction\":[{\"@type\":\"ReadAction\",\"target\":[\"https:\\\/\\\/recambiosecogas.com\\\/pt-pt\\\/producto\\\/gasstop-valvula-de-fecho-de-emergencia-para-garrafas-de-gas-uk-pol-lh-para-uk\\\/\"]}]},{\"@type\":\"ImageObject\",\"inLanguage\":\"pt-PT\",\"@id\":\"https:\\\/\\\/recambiosecogas.com\\\/pt-pt\\\/producto\\\/gasstop-valvula-de-fecho-de-emergencia-para-garrafas-de-gas-uk-pol-lh-para-uk\\\/#primaryimage\",\"url\":\"https:\\\/\\\/recambiosecogas.com\\\/wp-content\\\/uploads\\\/2025\\\/01\\\/GasStop-valvula-de-cierre-de-emergencia-para-bombonas-de-gas-UK-POL-LH-para-UK-png.webp\",\"contentUrl\":\"https:\\\/\\\/recambiosecogas.com\\\/wp-content\\\/uploads\\\/2025\\\/01\\\/GasStop-valvula-de-cierre-de-emergencia-para-bombonas-de-gas-UK-POL-LH-para-UK-png.webp\",\"width\":1000,\"height\":1000},{\"@type\":\"BreadcrumbList\",\"@id\":\"https:\\\/\\\/recambiosecogas.com\\\/pt-pt\\\/producto\\\/gasstop-valvula-de-fecho-de-emergencia-para-garrafas-de-gas-uk-pol-lh-para-uk\\\/#breadcrumb\",\"itemListElement\":[{\"@type\":\"ListItem\",\"position\":1,\"name\":\"P\u00e1gina inicial\",\"item\":\"https:\\\/\\\/recambiosecogas.com\\\/pt-pt\\\/\"},{\"@type\":\"ListItem\",\"position\":2,\"name\":\"Loja\",\"item\":\"https:\\\/\\\/recambiosecogas.com\\\/pt-pt\\\/tienda\\\/\"},{\"@type\":\"ListItem\",\"position\":3,\"name\":\"GasStop v\u00e1lvula de fecho de emerg\u00eancia para garrafas de g\u00e1s UK POL LH para UK\"}]},{\"@type\":\"WebSite\",\"@id\":\"https:\\\/\\\/recambiosecogas.com\\\/pt-pt\\\/#website\",\"url\":\"https:\\\/\\\/recambiosecogas.com\\\/pt-pt\\\/\",\"name\":\"Recambios EcoGas\",\"description\":\"Pe\u00e7as multimarca para sistemas de GPL\\\/GNC\\\/GNL\\\/Hidrog\u00e9nio\",\"publisher\":{\"@id\":\"https:\\\/\\\/recambiosecogas.com\\\/pt-pt\\\/#organization\"},\"alternateName\":\"Recambios Autogas GLP\",\"potentialAction\":[{\"@type\":\"SearchAction\",\"target\":{\"@type\":\"EntryPoint\",\"urlTemplate\":\"https:\\\/\\\/recambiosecogas.com\\\/pt-pt\\\/?s={search_term_string}\"},\"query-input\":{\"@type\":\"PropertyValueSpecification\",\"valueRequired\":true,\"valueName\":\"search_term_string\"}}],\"inLanguage\":\"pt-PT\"},{\"@type\":[\"Organization\",\"Place\"],\"@id\":\"https:\\\/\\\/recambiosecogas.com\\\/pt-pt\\\/#organization\",\"name\":\"Recambios EcoGas\",\"alternateName\":\"Loja de GPL Autog\u00e1s Espanha\",\"url\":\"https:\\\/\\\/recambiosecogas.com\\\/pt-pt\\\/\",\"logo\":{\"@id\":\"https:\\\/\\\/recambiosecogas.com\\\/pt-pt\\\/producto\\\/gasstop-valvula-de-fecho-de-emergencia-para-garrafas-de-gas-uk-pol-lh-para-uk\\\/#local-main-organization-logo\"},\"image\":{\"@id\":\"https:\\\/\\\/recambiosecogas.com\\\/pt-pt\\\/producto\\\/gasstop-valvula-de-fecho-de-emergencia-para-garrafas-de-gas-uk-pol-lh-para-uk\\\/#local-main-organization-logo\"},\"sameAs\":[\"https:\\\/\\\/www.facebook.com\\\/profile.php?id=100062419705358\",\"https:\\\/\\\/www.instagram.com\\\/segimon_automocio\"],\"description\":\"Recambios EcoGas \u2013 Venta y distribuci\u00f3n de sistemas GLP y GNC en Espa\u00f1a y Portugal. Env\u00edos 24 h, soporte t\u00e9cnico a talleres y distribuidores.\",\"hasMerchantReturnPolicy\":{\"@type\":\"MerchantReturnPolicy\",\"merchantReturnLink\":\"https:\\\/\\\/recambiosecogas.com\\\/politicas-privacidad\\\/\"},\"address\":{\"@id\":\"https:\\\/\\\/recambiosecogas.com\\\/pt-pt\\\/producto\\\/gasstop-valvula-de-fecho-de-emergencia-para-garrafas-de-gas-uk-pol-lh-para-uk\\\/#local-main-place-address\"},\"telephone\":[\"616250633\"],\"contactPoint\":{\"@type\":\"ContactPoint\",\"email\":\"export@recambiosecogas.com\"},\"openingHoursSpecification\":[{\"@type\":\"OpeningHoursSpecification\",\"dayOfWeek\":[\"Monday\",\"Tuesday\",\"Wednesday\",\"Thursday\",\"Friday\",\"Saturday\",\"Sunday\"],\"opens\":\"09:00\",\"closes\":\"17:00\"}],\"email\":\"info@recambiosecogas.com\",\"faxNumber\":\"SEGIMON AUTOMOCION SL\",\"vatID\":\"ESB19819861\",\"globalLocationNumber\":\"938 616 339\"},{\"@type\":\"PostalAddress\",\"@id\":\"https:\\\/\\\/recambiosecogas.com\\\/pt-pt\\\/producto\\\/gasstop-valvula-de-fecho-de-emergencia-para-garrafas-de-gas-uk-pol-lh-para-uk\\\/#local-main-place-address\",\"streetAddress\":\"cami antic de vic, 29 (Nave 3), Pol\u00edgono Industrial Congost\",\"addressLocality\":\"CORRO D`AVALL\",\"postalCode\":\"08520\",\"addressRegion\":\"Barcelona\",\"addressCountry\":\"ES\"},{\"@type\":\"ImageObject\",\"inLanguage\":\"pt-PT\",\"@id\":\"https:\\\/\\\/recambiosecogas.com\\\/pt-pt\\\/producto\\\/gasstop-valvula-de-fecho-de-emergencia-para-garrafas-de-gas-uk-pol-lh-para-uk\\\/#local-main-organization-logo\",\"url\":\"https:\\\/\\\/recambiosecogas.com\\\/wp-content\\\/uploads\\\/2024\\\/11\\\/cropped-RECAMBIOS-GLP-png.webp\",\"contentUrl\":\"https:\\\/\\\/recambiosecogas.com\\\/wp-content\\\/uploads\\\/2024\\\/11\\\/cropped-RECAMBIOS-GLP-png.webp\",\"width\":512,\"height\":512,\"caption\":\"Recambios EcoGas\"}]}<\/script>\n<meta property=\"product:brand\" content=\"GASSTOP\" \/>\n<meta property=\"product:price:amount\" content=\"63.61\" \/>\n<meta property=\"product:price:currency\" content=\"EUR\" \/>\n<meta property=\"og:availability\" content=\"backorder\" \/>\n<meta property=\"product:availability\" content=\"available for order\" \/>\n<meta property=\"product:retailer_item_id\" content=\"109744P\" \/>\n<meta property=\"product:condition\" content=\"new\" \/>\n<meta name=\"geo.placename\" content=\"CORRO D`AVALL\" \/>\n<meta name=\"geo.region\" content=\"Espanha\" \/>\n<!-- \/ Yoast SEO Premium plugin. -->","yoast_head_json":{"title":"GasStop v\u00e1lvula de fecho de emerg\u00eancia para garrafas de g\u00e1s UK POL LH para UK | Recambios EcoGas | Sistemas GLP y GNC","robots":{"index":"index","follow":"follow","max-snippet":"max-snippet:-1","max-image-preview":"max-image-preview:large","max-video-preview":"max-video-preview:-1"},"canonical":"https:\/\/recambiosecogas.com\/pt-pt\/producto\/gasstop-valvula-de-fecho-de-emergencia-para-garrafas-de-gas-uk-pol-lh-para-uk\/","og_locale":"pt_PT","og_type":"article","og_title":"GasStop v\u00e1lvula de fecho de emerg\u00eancia para garrafas de g\u00e1s UK POL LH para UK","og_description":"GASSTOP","og_url":"https:\/\/recambiosecogas.com\/pt-pt\/producto\/gasstop-valvula-de-fecho-de-emergencia-para-garrafas-de-gas-uk-pol-lh-para-uk\/","og_site_name":"Recambios EcoGas","article_publisher":"https:\/\/www.facebook.com\/profile.php?id=100062419705358","og_image":[{"width":1000,"height":1000,"url":"https:\/\/recambiosecogas.com\/wp-content\/uploads\/2025\/01\/GasStop-valvula-de-cierre-de-emergencia-para-bombonas-de-gas-UK-POL-LH-para-UK-png.webp","type":"image\/png"}],"twitter_card":"summary_large_image","twitter_misc":{"pre\u00e7o":"63,61&nbsp;&euro; (Sin IVA: 52,57&nbsp;&euro;)","Disponibilidade":"Por encomenda"},"schema":{"@context":"https:\/\/schema.org","@graph":[{"@type":"WebPage","@id":"https:\/\/recambiosecogas.com\/pt-pt\/producto\/gasstop-valvula-de-fecho-de-emergencia-para-garrafas-de-gas-uk-pol-lh-para-uk\/","url":"https:\/\/recambiosecogas.com\/pt-pt\/producto\/gasstop-valvula-de-fecho-de-emergencia-para-garrafas-de-gas-uk-pol-lh-para-uk\/","name":"GasStop v\u00e1lvula de fecho de emerg\u00eancia para garrafas de g\u00e1s UK POL LH para UK | Recambios EcoGas | Sistemas GLP y GNC","isPartOf":{"@id":"https:\/\/recambiosecogas.com\/pt-pt\/#website"},"primaryImageOfPage":{"@id":"https:\/\/recambiosecogas.com\/pt-pt\/producto\/gasstop-valvula-de-fecho-de-emergencia-para-garrafas-de-gas-uk-pol-lh-para-uk\/#primaryimage"},"image":{"@id":"https:\/\/recambiosecogas.com\/pt-pt\/producto\/gasstop-valvula-de-fecho-de-emergencia-para-garrafas-de-gas-uk-pol-lh-para-uk\/#primaryimage"},"thumbnailUrl":"https:\/\/recambiosecogas.com\/wp-content\/uploads\/2025\/01\/GasStop-valvula-de-cierre-de-emergencia-para-bombonas-de-gas-UK-POL-LH-para-UK-png.webp","datePublished":"2025-01-21T09:40:51+00:00","breadcrumb":{"@id":"https:\/\/recambiosecogas.com\/pt-pt\/producto\/gasstop-valvula-de-fecho-de-emergencia-para-garrafas-de-gas-uk-pol-lh-para-uk\/#breadcrumb"},"inLanguage":"pt-PT","potentialAction":[{"@type":"ReadAction","target":["https:\/\/recambiosecogas.com\/pt-pt\/producto\/gasstop-valvula-de-fecho-de-emergencia-para-garrafas-de-gas-uk-pol-lh-para-uk\/"]}]},{"@type":"ImageObject","inLanguage":"pt-PT","@id":"https:\/\/recambiosecogas.com\/pt-pt\/producto\/gasstop-valvula-de-fecho-de-emergencia-para-garrafas-de-gas-uk-pol-lh-para-uk\/#primaryimage","url":"https:\/\/recambiosecogas.com\/wp-content\/uploads\/2025\/01\/GasStop-valvula-de-cierre-de-emergencia-para-bombonas-de-gas-UK-POL-LH-para-UK-png.webp","contentUrl":"https:\/\/recambiosecogas.com\/wp-content\/uploads\/2025\/01\/GasStop-valvula-de-cierre-de-emergencia-para-bombonas-de-gas-UK-POL-LH-para-UK-png.webp","width":1000,"height":1000},{"@type":"BreadcrumbList","@id":"https:\/\/recambiosecogas.com\/pt-pt\/producto\/gasstop-valvula-de-fecho-de-emergencia-para-garrafas-de-gas-uk-pol-lh-para-uk\/#breadcrumb","itemListElement":[{"@type":"ListItem","position":1,"name":"P\u00e1gina inicial","item":"https:\/\/recambiosecogas.com\/pt-pt\/"},{"@type":"ListItem","position":2,"name":"Loja","item":"https:\/\/recambiosecogas.com\/pt-pt\/tienda\/"},{"@type":"ListItem","position":3,"name":"GasStop v\u00e1lvula de fecho de emerg\u00eancia para garrafas de g\u00e1s UK POL LH para UK"}]},{"@type":"WebSite","@id":"https:\/\/recambiosecogas.com\/pt-pt\/#website","url":"https:\/\/recambiosecogas.com\/pt-pt\/","name":"Recambios EcoGas","description":"Pe\u00e7as multimarca para sistemas de GPL\/GNC\/GNL\/Hidrog\u00e9nio","publisher":{"@id":"https:\/\/recambiosecogas.com\/pt-pt\/#organization"},"alternateName":"Recambios Autogas GLP","potentialAction":[{"@type":"SearchAction","target":{"@type":"EntryPoint","urlTemplate":"https:\/\/recambiosecogas.com\/pt-pt\/?s={search_term_string}"},"query-input":{"@type":"PropertyValueSpecification","valueRequired":true,"valueName":"search_term_string"}}],"inLanguage":"pt-PT"},{"@type":["Organization","Place"],"@id":"https:\/\/recambiosecogas.com\/pt-pt\/#organization","name":"Recambios EcoGas","alternateName":"Loja de GPL Autog\u00e1s Espanha","url":"https:\/\/recambiosecogas.com\/pt-pt\/","logo":{"@id":"https:\/\/recambiosecogas.com\/pt-pt\/producto\/gasstop-valvula-de-fecho-de-emergencia-para-garrafas-de-gas-uk-pol-lh-para-uk\/#local-main-organization-logo"},"image":{"@id":"https:\/\/recambiosecogas.com\/pt-pt\/producto\/gasstop-valvula-de-fecho-de-emergencia-para-garrafas-de-gas-uk-pol-lh-para-uk\/#local-main-organization-logo"},"sameAs":["https:\/\/www.facebook.com\/profile.php?id=100062419705358","https:\/\/www.instagram.com\/segimon_automocio"],"description":"Recambios EcoGas \u2013 Venta y distribuci\u00f3n de sistemas GLP y GNC en Espa\u00f1a y Portugal. Env\u00edos 24 h, soporte t\u00e9cnico a talleres y distribuidores.","hasMerchantReturnPolicy":{"@type":"MerchantReturnPolicy","merchantReturnLink":"https:\/\/recambiosecogas.com\/politicas-privacidad\/"},"address":{"@id":"https:\/\/recambiosecogas.com\/pt-pt\/producto\/gasstop-valvula-de-fecho-de-emergencia-para-garrafas-de-gas-uk-pol-lh-para-uk\/#local-main-place-address"},"telephone":["616250633"],"contactPoint":{"@type":"ContactPoint","email":"export@recambiosecogas.com"},"openingHoursSpecification":[{"@type":"OpeningHoursSpecification","dayOfWeek":["Monday","Tuesday","Wednesday","Thursday","Friday","Saturday","Sunday"],"opens":"09:00","closes":"17:00"}],"email":"info@recambiosecogas.com","faxNumber":"SEGIMON AUTOMOCION SL","vatID":"ESB19819861","globalLocationNumber":"938 616 339"},{"@type":"PostalAddress","@id":"https:\/\/recambiosecogas.com\/pt-pt\/producto\/gasstop-valvula-de-fecho-de-emergencia-para-garrafas-de-gas-uk-pol-lh-para-uk\/#local-main-place-address","streetAddress":"cami antic de vic, 29 (Nave 3), Pol\u00edgono Industrial Congost","addressLocality":"CORRO D`AVALL","postalCode":"08520","addressRegion":"Barcelona","addressCountry":"ES"},{"@type":"ImageObject","inLanguage":"pt-PT","@id":"https:\/\/recambiosecogas.com\/pt-pt\/producto\/gasstop-valvula-de-fecho-de-emergencia-para-garrafas-de-gas-uk-pol-lh-para-uk\/#local-main-organization-logo","url":"https:\/\/recambiosecogas.com\/wp-content\/uploads\/2024\/11\/cropped-RECAMBIOS-GLP-png.webp","contentUrl":"https:\/\/recambiosecogas.com\/wp-content\/uploads\/2024\/11\/cropped-RECAMBIOS-GLP-png.webp","width":512,"height":512,"caption":"Recambios EcoGas"}]},"product_brand":"GASSTOP","product_price_amount":"63.61","product_price_currency":"EUR","og_availability":"backorder","product_availability":"available for order","product_retailer_item_id":"109744P","product_condition":"new","geo.placename":"CORRO D`AVALL","geo.region":"Espanha"},"uagb_featured_image_src":{"full":["https:\/\/recambiosecogas.com\/wp-content\/uploads\/2025\/01\/GasStop-valvula-de-cierre-de-emergencia-para-bombonas-de-gas-UK-POL-LH-para-UK-png.webp",1000,1000,false],"thumbnail":["https:\/\/recambiosecogas.com\/wp-content\/uploads\/2025\/01\/GasStop-valvula-de-cierre-de-emergencia-para-bombonas-de-gas-UK-POL-LH-para-UK-150x150.webp",150,150,true],"medium":["https:\/\/recambiosecogas.com\/wp-content\/uploads\/2025\/01\/GasStop-valvula-de-cierre-de-emergencia-para-bombonas-de-gas-UK-POL-LH-para-UK-300x300.webp",300,300,true],"medium_large":["https:\/\/recambiosecogas.com\/wp-content\/uploads\/2025\/01\/GasStop-valvula-de-cierre-de-emergencia-para-bombonas-de-gas-UK-POL-LH-para-UK-768x768.webp",768,768,true],"large":["https:\/\/recambiosecogas.com\/wp-content\/uploads\/2025\/01\/GasStop-valvula-de-cierre-de-emergencia-para-bombonas-de-gas-UK-POL-LH-para-UK-png.webp",1000,1000,false],"1536x1536":["https:\/\/recambiosecogas.com\/wp-content\/uploads\/2025\/01\/GasStop-valvula-de-cierre-de-emergencia-para-bombonas-de-gas-UK-POL-LH-para-UK-png.webp",1000,1000,false],"2048x2048":["https:\/\/recambiosecogas.com\/wp-content\/uploads\/2025\/01\/GasStop-valvula-de-cierre-de-emergencia-para-bombonas-de-gas-UK-POL-LH-para-UK-png.webp",1000,1000,false],"woocommerce_archive_thumbnail":["https:\/\/recambiosecogas.com\/wp-content\/uploads\/2025\/01\/GasStop-valvula-de-cierre-de-emergencia-para-bombonas-de-gas-UK-POL-LH-para-UK-png.webp",1000,1000,false],"woocommerce_thumbnail":["https:\/\/recambiosecogas.com\/wp-content\/uploads\/2025\/01\/GasStop-valvula-de-cierre-de-emergencia-para-bombonas-de-gas-UK-POL-LH-para-UK-300x300.webp",300,300,true],"woocommerce_single":["https:\/\/recambiosecogas.com\/wp-content\/uploads\/2025\/01\/GasStop-valvula-de-cierre-de-emergencia-para-bombonas-de-gas-UK-POL-LH-para-UK-png.webp",1000,1000,false],"woocommerce_gallery_thumbnail":["https:\/\/recambiosecogas.com\/wp-content\/uploads\/2025\/01\/GasStop-valvula-de-cierre-de-emergencia-para-bombonas-de-gas-UK-POL-LH-para-UK-png.webp",1000,1000,false],"dgwt-wcas-product-suggestion":["https:\/\/recambiosecogas.com\/wp-content\/uploads\/2025\/01\/GasStop-valvula-de-cierre-de-emergencia-para-bombonas-de-gas-UK-POL-LH-para-UK-64x64.webp",64,64,true]},"uagb_author_info":{"display_name":"Fran - Soporte T\u00e9cnico","author_link":"https:\/\/recambiosecogas.com\/pt-pt\/author\/"},"uagb_comment_info":0,"uagb_excerpt":"GASSTOP","_links":{"self":[{"href":"https:\/\/recambiosecogas.com\/pt-pt\/wp-json\/wp\/v2\/product\/41914","targetHints":{"allow":["GET"]}}],"collection":[{"href":"https:\/\/recambiosecogas.com\/pt-pt\/wp-json\/wp\/v2\/product"}],"about":[{"href":"https:\/\/recambiosecogas.com\/pt-pt\/wp-json\/wp\/v2\/types\/product"}],"replies":[{"embeddable":true,"href":"https:\/\/recambiosecogas.com\/pt-pt\/wp-json\/wp\/v2\/comments?post=41914"}],"wp:featuredmedia":[{"embeddable":true,"href":"https:\/\/recambiosecogas.com\/pt-pt\/wp-json\/wp\/v2\/media\/30485"}],"wp:attachment":[{"href":"https:\/\/recambiosecogas.com\/pt-pt\/wp-json\/wp\/v2\/media?parent=41914"}],"wp:term":[{"taxonomy":"product_brand","embeddable":true,"href":"https:\/\/recambiosecogas.com\/pt-pt\/wp-json\/wp\/v2\/product_brand?post=41914"},{"taxonomy":"product_cat","embeddable":true,"href":"https:\/\/recambiosecogas.com\/pt-pt\/wp-json\/wp\/v2\/product_cat?post=41914"},{"taxonomy":"product_tag","embeddable":true,"href":"https:\/\/recambiosecogas.com\/pt-pt\/wp-json\/wp\/v2\/product_tag?post=41914"}],"curies":[{"name":"wp","href":"https:\/\/api.w.org\/{rel}","templated":true}]}}