{"id":41450,"date":"2025-02-11T15:33:50","date_gmt":"2025-02-11T14:33:50","guid":{"rendered":"https:\/\/recambiosecogas.com\/producto\/q72-tratamento-da-caixa-de-velocidades\/"},"modified":"2025-02-11T14:33:50","modified_gmt":"2025-02-11T13:33:50","slug":"q72-tratamento-da-caixa-de-velocidades","status":"publish","type":"product","link":"https:\/\/recambiosecogas.com\/pt-pt\/producto\/q72-tratamento-da-caixa-de-velocidades\/","title":{"rendered":"Q72 Tratamento da caixa de velocidades"},"content":{"rendered":"<div class=\"wa-subcontainer-wrapper col-xs-12 col-sm-4 col-md-4 col-lg-3 \">\n<div id=\"wa-sub-container-jdlii3g29gbcco\">\n<div id=\"wa-row-jdlihz5j7wgp74\" class=\"row row-align \">\n<div class=\" col-xs-12 col-sm-12 col-md-12 col-lg-12 \" data-ratiowidth=\"1132\" data-ratioheight=\"2716\"><\/div>\n<\/div>\n<\/div>\n<\/div>\n<div class=\"wa-subcontainer-wrapper col-xs-12 col-sm-8 col-md-8 col-lg-9 \">\n<div id=\"wa-sub-container-jdlii3g29gbk2g\">\n<div id=\"wa-row-jdlihz5j7wgn9s\" class=\"row row-align \">\n<div class=\" col-xs-12 col-sm-12 col-md-11 col-lg-11 wa-valign-middle \">\n<div id=\"wa-comptext-jdlihz5j815a20\" class=\"wa-comptext clearfix\">\n<h3 style=\"text-align: center;\" data-start=\"168\" data-end=\"558\">Q72 Tratamento da caixa de velocidades<\/h3>\n<p data-start=\"168\" data-end=\"558\"><strong data-start=\"171\" data-end=\"211\">O Tratamento da Caixa de Velocidades Q72<\/strong> \u00e9 um <strong data-start=\"218\" data-end=\"269\">tratamento 100% sint\u00e9tico de \u00faltima gera\u00e7\u00e3o<\/strong>, concebido para <strong data-start=\"285\" data-end=\"381\">otimizar o funcionamento de caixas de velocidades manuais, autom\u00e1ticas, agrupadas e diferenciais<\/strong>. A sua f\u00f3rmula avan\u00e7ada <strong data-start=\"403\" data-end=\"505\">reduz o atrito interno, minimiza o desgaste e melhora a efici\u00eancia do sistema de transmiss\u00e3o<\/strong>, garantindo uma condu\u00e7\u00e3o mais suave e silenciosa. <\/p>\n<p data-start=\"560\" data-end=\"924\">Este tratamento atua nos <strong data-start=\"593\" data-end=\"679\">componentes internos da caixa de velocidades, sincronizadores, v\u00e1lvulas e engrenagens<\/strong>, facilitando a sele\u00e7\u00e3o de engrenagens e <strong data-start=\"719\" data-end=\"756\">reduzindo o ru\u00eddo e as vibra\u00e7\u00f5es<\/strong> causadas pelo desgaste. Tamb\u00e9m <strong data-start=\"791\" data-end=\"827\">corrige pequenas fugas de \u00f3leo<\/strong>, ajudando a <strong data-start=\"845\" data-end=\"883\">prolongar a vida \u00fatil do sistema<\/strong> e garantindo um funcionamento ideal. <\/p>\n<p data-start=\"926\" data-end=\"1111\">\u00c9 <strong data-start=\"929\" data-end=\"986\">compat\u00edvel com caixas de velocidades manuais e autom\u00e1ticas<\/strong>, bem como <strong data-start=\"1001\" data-end=\"1027\">grupos e diferenciais<\/strong>, sendo ideal para <strong data-start=\"1047\" data-end=\"1108\">ve\u00edculos com quilometragem elevada ou manuten\u00e7\u00e3o prolongada<\/strong>.<\/p>\n<h4 data-start=\"1113\" data-end=\"1141\"><strong data-start=\"1118\" data-end=\"1139\">Vantagens T\u00e9cnicas<\/strong><\/h4>\n<ul data-start=\"1142\" data-end=\"1616\">\n<li data-start=\"1142\" data-end=\"1256\"><strong data-start=\"1144\" data-end=\"1196\">Otimiza o funcionamento da caixa de velocidades<\/strong>, melhorando a intera\u00e7\u00e3o entre os componentes internos.<\/li>\n<li data-start=\"1257\" data-end=\"1338\"><strong data-start=\"1259\" data-end=\"1290\">Reduz o ru\u00eddo e a vibra\u00e7\u00e3o<\/strong> causados pelo desgaste das engrenagens.<\/li>\n<li data-start=\"1339\" data-end=\"1426\"><strong data-start=\"1341\" data-end=\"1377\">Facilita a sele\u00e7\u00e3o de velocidades<\/strong>, especialmente em sincronizadores desgastados.<\/li>\n<li data-start=\"1427\" data-end=\"1529\"><strong data-start=\"1429\" data-end=\"1526\">Restaura o funcionamento das v\u00e1lvulas e outros componentes nas caixas de velocidades autom\u00e1ticas<\/strong>.<\/li>\n<li data-start=\"1530\" data-end=\"1616\"><strong data-start=\"1532\" data-end=\"1568\">Corrige pequenas fugas de \u00f3leo<\/strong>, garantindo uma veda\u00e7\u00e3o eficiente do sistema.<\/li>\n<\/ul>\n<h4 data-start=\"1618\" data-end=\"1640\"><strong data-start=\"1623\" data-end=\"1638\">Modo de utiliza\u00e7\u00e3o<\/strong><\/h4>\n<ol data-start=\"1641\" data-end=\"1980\">\n<li data-start=\"1641\" data-end=\"1735\"><strong data-start=\"1644\" data-end=\"1668\">Com o motor desligado<\/strong>, retire a tampa de enchimento do registo da caixa de velocidades.<\/li>\n<li data-start=\"1736\" data-end=\"1798\"><strong data-start=\"1739\" data-end=\"1773\">Adicione o conte\u00fado do recipiente<\/strong> \u00e0 caixa de velocidades.<\/li>\n<li data-start=\"1799\" data-end=\"1890\"><strong data-start=\"1802\" data-end=\"1821\">Feche a tampa<\/strong> e circule normalmente para permitir a distribui\u00e7\u00e3o do produto.<\/li>\n<li data-start=\"1891\" data-end=\"1980\"><strong data-start=\"1894\" data-end=\"1935\">Para uso em grupos e diferenciais<\/strong>, aplique seguindo o mesmo procedimento.<\/li>\n<\/ol>\n<h4 data-start=\"1982\" data-end=\"2007\"><strong data-start=\"1987\" data-end=\"2005\">Dados t\u00e9cnicos<\/strong><\/h4>\n<ul data-start=\"2008\" data-end=\"2349\">\n<li data-start=\"2008\" data-end=\"2043\"><strong data-start=\"2010\" data-end=\"2024\">Refer\u00eancia<\/strong>: 843 654 897 172<\/li>\n<li data-start=\"2044\" data-end=\"2069\"><strong data-start=\"2046\" data-end=\"2059\">Capacidade<\/strong>: 115 ml<\/li>\n<li data-start=\"2070\" data-end=\"2155\"><strong data-start=\"2072\" data-end=\"2090\">Compatibilidade<\/strong>: Caixas de velocidades manuais, autom\u00e1ticas, agrupadas e diferenciais<\/li>\n<li data-start=\"2156\" data-end=\"2228\"><strong data-start=\"2158\" data-end=\"2172\">Aplica\u00e7\u00e3o<\/strong>: Prote\u00e7\u00e3o e otimiza\u00e7\u00e3o do sistema de transmiss\u00e3o<\/li>\n<li data-start=\"2229\" data-end=\"2349\"><strong data-start=\"2231\" data-end=\"2250\">Uso recomendado<\/strong>: Manuten\u00e7\u00e3o preventiva para reduzir o desgaste e melhorar a efici\u00eancia da caixa de velocidades<\/li>\n<\/ul>\n<h4 data-start=\"2351\" data-end=\"2374\"><strong data-start=\"2356\" data-end=\"2372\">Aplica\u00e7\u00f5es<\/strong><\/h4>\n<ul data-start=\"2375\" data-end=\"2634\">\n<li data-start=\"2375\" data-end=\"2437\"><strong data-start=\"2377\" data-end=\"2434\">Ve\u00edculos com caixas de velocidades manuais ou autom\u00e1ticas<\/strong>.<\/li>\n<li data-start=\"2438\" data-end=\"2495\"><strong data-start=\"2440\" data-end=\"2492\">Melhor desempenho de grupos e spreads<\/strong>.<\/li>\n<li data-start=\"2496\" data-end=\"2561\"><strong data-start=\"2498\" data-end=\"2558\">Corre\u00e7\u00e3o de pequenas fugas de \u00f3leo na transmiss\u00e3o<\/strong>.<\/li>\n<li data-start=\"2562\" data-end=\"2634\"><strong data-start=\"2564\" data-end=\"2631\">Redu\u00e7\u00e3o de ru\u00eddos e vibra\u00e7\u00f5es em caixas com alta quilometragem<\/strong>.<\/li>\n<\/ul>\n<\/div>\n<div id=\"wa-comptext-jdlihz5j815a20\" class=\"wa-comptext clearfix\">\n<p><a href=\"https:\/\/recambiosecogas.com\/categoria-producto\/aditivos\/liquido-protector-de-valvulas\/\">Obtenha mais aditivos protetores de v\u00e1lvulas aqui.<\/a><\/p>\n<p><a href=\"http:\/\/www.segimonautomocio.com\">Voc\u00ea quer converter para LPG? Visite a nossa oficina de instala\u00e7\u00e3o autorizada. <\/a><\/p>\n<\/div>\n<\/div>\n<\/div>\n<\/div>\n<\/div>\n","protected":false},"excerpt":{"rendered":"<p>Q72 Tratamento da caixa de velocidades O Tratamento da Caixa de Velocidades Q72 \u00e9 um tratamento 100% sint\u00e9tico de \u00faltima gera\u00e7\u00e3o, concebido para otimizar o funcionamento de caixas de velocidades manuais, autom\u00e1ticas, agrupadas e diferenciais. A sua f\u00f3rmula avan\u00e7ada reduz o atrito interno, minimiza o desgaste e melhora a efici\u00eancia do sistema de transmiss\u00e3o, garantindo [&hellip;]<\/p>\n","protected":false},"featured_media":30321,"comment_status":"open","ping_status":"closed","template":"","meta":{"_uag_custom_page_level_css":""},"product_brand":[],"product_cat":[1301,1303,1311],"product_tag":[],"class_list":{"0":"post-41450","1":"product","2":"type-product","3":"status-publish","4":"has-post-thumbnail","6":"product_cat-aditivos-pt-pt","7":"product_cat-oleo-de-motor","8":"product_cat-tratamento-da-caixa-de-velocidades","10":"first","11":"instock","12":"taxable","13":"shipping-taxable","14":"purchasable","15":"product-type-simple"},"ct_brands":[],"yoast_head":"<!-- This site is optimized with the Yoast SEO Premium plugin v27.5 (Yoast SEO v27.6) - https:\/\/yoast.com\/product\/yoast-seo-premium-wordpress\/ -->\n<title>Q72 Tratamento da caixa de velocidades | Recambios EcoGas | Sistemas GLP y GNC<\/title>\n<meta name=\"robots\" content=\"index, follow, max-snippet:-1, max-image-preview:large, max-video-preview:-1\" \/>\n<link rel=\"canonical\" href=\"https:\/\/recambiosecogas.com\/pt-pt\/producto\/q72-tratamento-da-caixa-de-velocidades\/\" \/>\n<meta property=\"og:locale\" content=\"pt_PT\" \/>\n<meta property=\"og:type\" content=\"article\" \/>\n<meta property=\"og:title\" content=\"Q72 Tratamento da caixa de velocidades\" \/>\n<meta property=\"og:description\" content=\"Q72 Tratamento da caixa de velocidades O Tratamento da Caixa de Velocidades Q72 \u00e9 um tratamento 100% sint\u00e9tico de \u00faltima gera\u00e7\u00e3o, concebido para otimizar o funcionamento de caixas de velocidades manuais, autom\u00e1ticas, agrupadas e diferenciais. A sua f\u00f3rmula avan\u00e7ada reduz o atrito interno, minimiza o desgaste e melhora a efici\u00eancia do sistema de transmiss\u00e3o, garantindo [&hellip;]\" \/>\n<meta property=\"og:url\" content=\"https:\/\/recambiosecogas.com\/pt-pt\/producto\/q72-tratamento-da-caixa-de-velocidades\/\" \/>\n<meta property=\"og:site_name\" content=\"Recambios EcoGas\" \/>\n<meta property=\"article:publisher\" content=\"https:\/\/www.facebook.com\/profile.php?id=100062419705358\" \/>\n<meta property=\"og:image\" content=\"https:\/\/recambiosecogas.com\/wp-content\/uploads\/2025\/02\/Q72-TRATAMIENTO-PARA-CAJA-DE-CAMBIOS-png.webp\" \/>\n\t<meta property=\"og:image:width\" content=\"1000\" \/>\n\t<meta property=\"og:image:height\" content=\"1000\" \/>\n\t<meta property=\"og:image:type\" content=\"image\/png\" \/>\n<meta name=\"twitter:card\" content=\"summary_large_image\" \/>\n<meta name=\"twitter:label1\" content=\"pre\u00e7o\" \/>\n\t<meta name=\"twitter:data1\" content=\"23,19&nbsp;&euro; (Sin IVA: 19,17&nbsp;&euro;)\" \/>\n\t<meta name=\"twitter:label2\" content=\"Disponibilidade\" \/>\n\t<meta name=\"twitter:data2\" content=\"Em stock\" \/>\n<script type=\"application\/ld+json\" class=\"yoast-schema-graph\">{\"@context\":\"https:\\\/\\\/schema.org\",\"@graph\":[{\"@type\":\"WebPage\",\"@id\":\"https:\\\/\\\/recambiosecogas.com\\\/pt-pt\\\/producto\\\/q72-tratamento-da-caixa-de-velocidades\\\/\",\"url\":\"https:\\\/\\\/recambiosecogas.com\\\/pt-pt\\\/producto\\\/q72-tratamento-da-caixa-de-velocidades\\\/\",\"name\":\"Q72 Tratamento da caixa de velocidades | Recambios EcoGas | Sistemas GLP y GNC\",\"isPartOf\":{\"@id\":\"https:\\\/\\\/recambiosecogas.com\\\/pt-pt\\\/#website\"},\"primaryImageOfPage\":{\"@id\":\"https:\\\/\\\/recambiosecogas.com\\\/pt-pt\\\/producto\\\/q72-tratamento-da-caixa-de-velocidades\\\/#primaryimage\"},\"image\":{\"@id\":\"https:\\\/\\\/recambiosecogas.com\\\/pt-pt\\\/producto\\\/q72-tratamento-da-caixa-de-velocidades\\\/#primaryimage\"},\"thumbnailUrl\":\"https:\\\/\\\/recambiosecogas.com\\\/wp-content\\\/uploads\\\/2025\\\/02\\\/Q72-TRATAMIENTO-PARA-CAJA-DE-CAMBIOS-png.webp\",\"datePublished\":\"2025-02-11T14:33:50+00:00\",\"breadcrumb\":{\"@id\":\"https:\\\/\\\/recambiosecogas.com\\\/pt-pt\\\/producto\\\/q72-tratamento-da-caixa-de-velocidades\\\/#breadcrumb\"},\"inLanguage\":\"pt-PT\",\"potentialAction\":[{\"@type\":\"ReadAction\",\"target\":[\"https:\\\/\\\/recambiosecogas.com\\\/pt-pt\\\/producto\\\/q72-tratamento-da-caixa-de-velocidades\\\/\"]}]},{\"@type\":\"ImageObject\",\"inLanguage\":\"pt-PT\",\"@id\":\"https:\\\/\\\/recambiosecogas.com\\\/pt-pt\\\/producto\\\/q72-tratamento-da-caixa-de-velocidades\\\/#primaryimage\",\"url\":\"https:\\\/\\\/recambiosecogas.com\\\/wp-content\\\/uploads\\\/2025\\\/02\\\/Q72-TRATAMIENTO-PARA-CAJA-DE-CAMBIOS-png.webp\",\"contentUrl\":\"https:\\\/\\\/recambiosecogas.com\\\/wp-content\\\/uploads\\\/2025\\\/02\\\/Q72-TRATAMIENTO-PARA-CAJA-DE-CAMBIOS-png.webp\",\"width\":1000,\"height\":1000},{\"@type\":\"BreadcrumbList\",\"@id\":\"https:\\\/\\\/recambiosecogas.com\\\/pt-pt\\\/producto\\\/q72-tratamento-da-caixa-de-velocidades\\\/#breadcrumb\",\"itemListElement\":[{\"@type\":\"ListItem\",\"position\":1,\"name\":\"P\u00e1gina inicial\",\"item\":\"https:\\\/\\\/recambiosecogas.com\\\/pt-pt\\\/\"},{\"@type\":\"ListItem\",\"position\":2,\"name\":\"Loja\",\"item\":\"https:\\\/\\\/recambiosecogas.com\\\/pt-pt\\\/tienda\\\/\"},{\"@type\":\"ListItem\",\"position\":3,\"name\":\"Q72 Tratamento da caixa de velocidades\"}]},{\"@type\":\"WebSite\",\"@id\":\"https:\\\/\\\/recambiosecogas.com\\\/pt-pt\\\/#website\",\"url\":\"https:\\\/\\\/recambiosecogas.com\\\/pt-pt\\\/\",\"name\":\"Recambios EcoGas\",\"description\":\"Pe\u00e7as multimarca para sistemas de GPL\\\/GNC\\\/GNL\\\/Hidrog\u00e9nio\",\"publisher\":{\"@id\":\"https:\\\/\\\/recambiosecogas.com\\\/pt-pt\\\/#organization\"},\"alternateName\":\"Recambios Autogas GLP\",\"potentialAction\":[{\"@type\":\"SearchAction\",\"target\":{\"@type\":\"EntryPoint\",\"urlTemplate\":\"https:\\\/\\\/recambiosecogas.com\\\/pt-pt\\\/?s={search_term_string}\"},\"query-input\":{\"@type\":\"PropertyValueSpecification\",\"valueRequired\":true,\"valueName\":\"search_term_string\"}}],\"inLanguage\":\"pt-PT\"},{\"@type\":[\"Organization\",\"Place\"],\"@id\":\"https:\\\/\\\/recambiosecogas.com\\\/pt-pt\\\/#organization\",\"name\":\"Recambios EcoGas\",\"alternateName\":\"Loja de GPL Autog\u00e1s Espanha\",\"url\":\"https:\\\/\\\/recambiosecogas.com\\\/pt-pt\\\/\",\"logo\":{\"@id\":\"https:\\\/\\\/recambiosecogas.com\\\/pt-pt\\\/producto\\\/q72-tratamento-da-caixa-de-velocidades\\\/#local-main-organization-logo\"},\"image\":{\"@id\":\"https:\\\/\\\/recambiosecogas.com\\\/pt-pt\\\/producto\\\/q72-tratamento-da-caixa-de-velocidades\\\/#local-main-organization-logo\"},\"sameAs\":[\"https:\\\/\\\/www.facebook.com\\\/profile.php?id=100062419705358\",\"https:\\\/\\\/www.instagram.com\\\/segimon_automocio\"],\"description\":\"Recambios EcoGas \u2013 Venta y distribuci\u00f3n de sistemas GLP y GNC en Espa\u00f1a y Portugal. Env\u00edos 24 h, soporte t\u00e9cnico a talleres y distribuidores.\",\"hasMerchantReturnPolicy\":{\"@type\":\"MerchantReturnPolicy\",\"merchantReturnLink\":\"https:\\\/\\\/recambiosecogas.com\\\/politicas-privacidad\\\/\"},\"address\":{\"@id\":\"https:\\\/\\\/recambiosecogas.com\\\/pt-pt\\\/producto\\\/q72-tratamento-da-caixa-de-velocidades\\\/#local-main-place-address\"},\"telephone\":[\"616250633\"],\"contactPoint\":{\"@type\":\"ContactPoint\",\"email\":\"export@recambiosecogas.com\"},\"openingHoursSpecification\":[{\"@type\":\"OpeningHoursSpecification\",\"dayOfWeek\":[\"Monday\",\"Tuesday\",\"Wednesday\",\"Thursday\",\"Friday\",\"Saturday\",\"Sunday\"],\"opens\":\"09:00\",\"closes\":\"17:00\"}],\"email\":\"info@recambiosecogas.com\",\"faxNumber\":\"SEGIMON AUTOMOCION SL\",\"vatID\":\"ESB19819861\",\"globalLocationNumber\":\"938 616 339\"},{\"@type\":\"PostalAddress\",\"@id\":\"https:\\\/\\\/recambiosecogas.com\\\/pt-pt\\\/producto\\\/q72-tratamento-da-caixa-de-velocidades\\\/#local-main-place-address\",\"streetAddress\":\"cami antic de vic, 29 (Nave 3), Pol\u00edgono Industrial Congost\",\"addressLocality\":\"CORRO D`AVALL\",\"postalCode\":\"08520\",\"addressRegion\":\"Barcelona\",\"addressCountry\":\"ES\"},{\"@type\":\"ImageObject\",\"inLanguage\":\"pt-PT\",\"@id\":\"https:\\\/\\\/recambiosecogas.com\\\/pt-pt\\\/producto\\\/q72-tratamento-da-caixa-de-velocidades\\\/#local-main-organization-logo\",\"url\":\"https:\\\/\\\/recambiosecogas.com\\\/wp-content\\\/uploads\\\/2024\\\/11\\\/cropped-RECAMBIOS-GLP-png.webp\",\"contentUrl\":\"https:\\\/\\\/recambiosecogas.com\\\/wp-content\\\/uploads\\\/2024\\\/11\\\/cropped-RECAMBIOS-GLP-png.webp\",\"width\":512,\"height\":512,\"caption\":\"Recambios EcoGas\"}]}<\/script>\n<meta property=\"product:price:amount\" content=\"23.19\" \/>\n<meta property=\"product:price:currency\" content=\"EUR\" \/>\n<meta property=\"og:availability\" content=\"instock\" \/>\n<meta property=\"product:availability\" content=\"instock\" \/>\n<meta property=\"product:retailer_item_id\" content=\"843654897172\" \/>\n<meta property=\"product:condition\" content=\"new\" \/>\n<meta name=\"geo.placename\" content=\"CORRO D`AVALL\" \/>\n<meta name=\"geo.region\" content=\"Espanha\" \/>\n<!-- \/ Yoast SEO Premium plugin. -->","yoast_head_json":{"title":"Q72 Tratamento da caixa de velocidades | Recambios EcoGas | Sistemas GLP y GNC","robots":{"index":"index","follow":"follow","max-snippet":"max-snippet:-1","max-image-preview":"max-image-preview:large","max-video-preview":"max-video-preview:-1"},"canonical":"https:\/\/recambiosecogas.com\/pt-pt\/producto\/q72-tratamento-da-caixa-de-velocidades\/","og_locale":"pt_PT","og_type":"article","og_title":"Q72 Tratamento da caixa de velocidades","og_description":"Q72 Tratamento da caixa de velocidades O Tratamento da Caixa de Velocidades Q72 \u00e9 um tratamento 100% sint\u00e9tico de \u00faltima gera\u00e7\u00e3o, concebido para otimizar o funcionamento de caixas de velocidades manuais, autom\u00e1ticas, agrupadas e diferenciais. A sua f\u00f3rmula avan\u00e7ada reduz o atrito interno, minimiza o desgaste e melhora a efici\u00eancia do sistema de transmiss\u00e3o, garantindo [&hellip;]","og_url":"https:\/\/recambiosecogas.com\/pt-pt\/producto\/q72-tratamento-da-caixa-de-velocidades\/","og_site_name":"Recambios EcoGas","article_publisher":"https:\/\/www.facebook.com\/profile.php?id=100062419705358","og_image":[{"width":1000,"height":1000,"url":"https:\/\/recambiosecogas.com\/wp-content\/uploads\/2025\/02\/Q72-TRATAMIENTO-PARA-CAJA-DE-CAMBIOS-png.webp","type":"image\/png"}],"twitter_card":"summary_large_image","twitter_misc":{"pre\u00e7o":"23,19&nbsp;&euro; (Sin IVA: 19,17&nbsp;&euro;)","Disponibilidade":"Em stock"},"schema":{"@context":"https:\/\/schema.org","@graph":[{"@type":"WebPage","@id":"https:\/\/recambiosecogas.com\/pt-pt\/producto\/q72-tratamento-da-caixa-de-velocidades\/","url":"https:\/\/recambiosecogas.com\/pt-pt\/producto\/q72-tratamento-da-caixa-de-velocidades\/","name":"Q72 Tratamento da caixa de velocidades | Recambios EcoGas | Sistemas GLP y GNC","isPartOf":{"@id":"https:\/\/recambiosecogas.com\/pt-pt\/#website"},"primaryImageOfPage":{"@id":"https:\/\/recambiosecogas.com\/pt-pt\/producto\/q72-tratamento-da-caixa-de-velocidades\/#primaryimage"},"image":{"@id":"https:\/\/recambiosecogas.com\/pt-pt\/producto\/q72-tratamento-da-caixa-de-velocidades\/#primaryimage"},"thumbnailUrl":"https:\/\/recambiosecogas.com\/wp-content\/uploads\/2025\/02\/Q72-TRATAMIENTO-PARA-CAJA-DE-CAMBIOS-png.webp","datePublished":"2025-02-11T14:33:50+00:00","breadcrumb":{"@id":"https:\/\/recambiosecogas.com\/pt-pt\/producto\/q72-tratamento-da-caixa-de-velocidades\/#breadcrumb"},"inLanguage":"pt-PT","potentialAction":[{"@type":"ReadAction","target":["https:\/\/recambiosecogas.com\/pt-pt\/producto\/q72-tratamento-da-caixa-de-velocidades\/"]}]},{"@type":"ImageObject","inLanguage":"pt-PT","@id":"https:\/\/recambiosecogas.com\/pt-pt\/producto\/q72-tratamento-da-caixa-de-velocidades\/#primaryimage","url":"https:\/\/recambiosecogas.com\/wp-content\/uploads\/2025\/02\/Q72-TRATAMIENTO-PARA-CAJA-DE-CAMBIOS-png.webp","contentUrl":"https:\/\/recambiosecogas.com\/wp-content\/uploads\/2025\/02\/Q72-TRATAMIENTO-PARA-CAJA-DE-CAMBIOS-png.webp","width":1000,"height":1000},{"@type":"BreadcrumbList","@id":"https:\/\/recambiosecogas.com\/pt-pt\/producto\/q72-tratamento-da-caixa-de-velocidades\/#breadcrumb","itemListElement":[{"@type":"ListItem","position":1,"name":"P\u00e1gina inicial","item":"https:\/\/recambiosecogas.com\/pt-pt\/"},{"@type":"ListItem","position":2,"name":"Loja","item":"https:\/\/recambiosecogas.com\/pt-pt\/tienda\/"},{"@type":"ListItem","position":3,"name":"Q72 Tratamento da caixa de velocidades"}]},{"@type":"WebSite","@id":"https:\/\/recambiosecogas.com\/pt-pt\/#website","url":"https:\/\/recambiosecogas.com\/pt-pt\/","name":"Recambios EcoGas","description":"Pe\u00e7as multimarca para sistemas de GPL\/GNC\/GNL\/Hidrog\u00e9nio","publisher":{"@id":"https:\/\/recambiosecogas.com\/pt-pt\/#organization"},"alternateName":"Recambios Autogas GLP","potentialAction":[{"@type":"SearchAction","target":{"@type":"EntryPoint","urlTemplate":"https:\/\/recambiosecogas.com\/pt-pt\/?s={search_term_string}"},"query-input":{"@type":"PropertyValueSpecification","valueRequired":true,"valueName":"search_term_string"}}],"inLanguage":"pt-PT"},{"@type":["Organization","Place"],"@id":"https:\/\/recambiosecogas.com\/pt-pt\/#organization","name":"Recambios EcoGas","alternateName":"Loja de GPL Autog\u00e1s Espanha","url":"https:\/\/recambiosecogas.com\/pt-pt\/","logo":{"@id":"https:\/\/recambiosecogas.com\/pt-pt\/producto\/q72-tratamento-da-caixa-de-velocidades\/#local-main-organization-logo"},"image":{"@id":"https:\/\/recambiosecogas.com\/pt-pt\/producto\/q72-tratamento-da-caixa-de-velocidades\/#local-main-organization-logo"},"sameAs":["https:\/\/www.facebook.com\/profile.php?id=100062419705358","https:\/\/www.instagram.com\/segimon_automocio"],"description":"Recambios EcoGas \u2013 Venta y distribuci\u00f3n de sistemas GLP y GNC en Espa\u00f1a y Portugal. Env\u00edos 24 h, soporte t\u00e9cnico a talleres y distribuidores.","hasMerchantReturnPolicy":{"@type":"MerchantReturnPolicy","merchantReturnLink":"https:\/\/recambiosecogas.com\/politicas-privacidad\/"},"address":{"@id":"https:\/\/recambiosecogas.com\/pt-pt\/producto\/q72-tratamento-da-caixa-de-velocidades\/#local-main-place-address"},"telephone":["616250633"],"contactPoint":{"@type":"ContactPoint","email":"export@recambiosecogas.com"},"openingHoursSpecification":[{"@type":"OpeningHoursSpecification","dayOfWeek":["Monday","Tuesday","Wednesday","Thursday","Friday","Saturday","Sunday"],"opens":"09:00","closes":"17:00"}],"email":"info@recambiosecogas.com","faxNumber":"SEGIMON AUTOMOCION SL","vatID":"ESB19819861","globalLocationNumber":"938 616 339"},{"@type":"PostalAddress","@id":"https:\/\/recambiosecogas.com\/pt-pt\/producto\/q72-tratamento-da-caixa-de-velocidades\/#local-main-place-address","streetAddress":"cami antic de vic, 29 (Nave 3), Pol\u00edgono Industrial Congost","addressLocality":"CORRO D`AVALL","postalCode":"08520","addressRegion":"Barcelona","addressCountry":"ES"},{"@type":"ImageObject","inLanguage":"pt-PT","@id":"https:\/\/recambiosecogas.com\/pt-pt\/producto\/q72-tratamento-da-caixa-de-velocidades\/#local-main-organization-logo","url":"https:\/\/recambiosecogas.com\/wp-content\/uploads\/2024\/11\/cropped-RECAMBIOS-GLP-png.webp","contentUrl":"https:\/\/recambiosecogas.com\/wp-content\/uploads\/2024\/11\/cropped-RECAMBIOS-GLP-png.webp","width":512,"height":512,"caption":"Recambios EcoGas"}]},"product_price_amount":"23.19","product_price_currency":"EUR","og_availability":"instock","product_availability":"instock","product_retailer_item_id":"843654897172","product_condition":"new","geo.placename":"CORRO D`AVALL","geo.region":"Espanha"},"uagb_featured_image_src":{"full":["https:\/\/recambiosecogas.com\/wp-content\/uploads\/2025\/02\/Q72-TRATAMIENTO-PARA-CAJA-DE-CAMBIOS-png.webp",1000,1000,false],"thumbnail":["https:\/\/recambiosecogas.com\/wp-content\/uploads\/2025\/02\/Q72-TRATAMIENTO-PARA-CAJA-DE-CAMBIOS-150x150.webp",150,150,true],"medium":["https:\/\/recambiosecogas.com\/wp-content\/uploads\/2025\/02\/Q72-TRATAMIENTO-PARA-CAJA-DE-CAMBIOS-300x300.webp",300,300,true],"medium_large":["https:\/\/recambiosecogas.com\/wp-content\/uploads\/2025\/02\/Q72-TRATAMIENTO-PARA-CAJA-DE-CAMBIOS-768x768.webp",768,768,true],"large":["https:\/\/recambiosecogas.com\/wp-content\/uploads\/2025\/02\/Q72-TRATAMIENTO-PARA-CAJA-DE-CAMBIOS-png.webp",1000,1000,false],"1536x1536":["https:\/\/recambiosecogas.com\/wp-content\/uploads\/2025\/02\/Q72-TRATAMIENTO-PARA-CAJA-DE-CAMBIOS-png.webp",1000,1000,false],"2048x2048":["https:\/\/recambiosecogas.com\/wp-content\/uploads\/2025\/02\/Q72-TRATAMIENTO-PARA-CAJA-DE-CAMBIOS-png.webp",1000,1000,false],"woocommerce_archive_thumbnail":["https:\/\/recambiosecogas.com\/wp-content\/uploads\/2025\/02\/Q72-TRATAMIENTO-PARA-CAJA-DE-CAMBIOS-png.webp",1000,1000,false],"woocommerce_thumbnail":["https:\/\/recambiosecogas.com\/wp-content\/uploads\/2025\/02\/Q72-TRATAMIENTO-PARA-CAJA-DE-CAMBIOS-300x300.webp",300,300,true],"woocommerce_single":["https:\/\/recambiosecogas.com\/wp-content\/uploads\/2025\/02\/Q72-TRATAMIENTO-PARA-CAJA-DE-CAMBIOS-png.webp",1000,1000,false],"woocommerce_gallery_thumbnail":["https:\/\/recambiosecogas.com\/wp-content\/uploads\/2025\/02\/Q72-TRATAMIENTO-PARA-CAJA-DE-CAMBIOS-png.webp",1000,1000,false],"dgwt-wcas-product-suggestion":["https:\/\/recambiosecogas.com\/wp-content\/uploads\/2025\/02\/Q72-TRATAMIENTO-PARA-CAJA-DE-CAMBIOS-64x64.webp",64,64,true]},"uagb_author_info":{"display_name":"Fran - Soporte T\u00e9cnico","author_link":"https:\/\/recambiosecogas.com\/pt-pt\/author\/"},"uagb_comment_info":0,"uagb_excerpt":"Q72 Tratamento da caixa de velocidades O Tratamento da Caixa de Velocidades Q72 \u00e9 um tratamento 100% sint\u00e9tico de \u00faltima gera\u00e7\u00e3o, concebido para otimizar o funcionamento de caixas de velocidades manuais, autom\u00e1ticas, agrupadas e diferenciais. A sua f\u00f3rmula avan\u00e7ada reduz o atrito interno, minimiza o desgaste e melhora a efici\u00eancia do sistema de transmiss\u00e3o, garantindo&hellip;","_links":{"self":[{"href":"https:\/\/recambiosecogas.com\/pt-pt\/wp-json\/wp\/v2\/product\/41450","targetHints":{"allow":["GET"]}}],"collection":[{"href":"https:\/\/recambiosecogas.com\/pt-pt\/wp-json\/wp\/v2\/product"}],"about":[{"href":"https:\/\/recambiosecogas.com\/pt-pt\/wp-json\/wp\/v2\/types\/product"}],"replies":[{"embeddable":true,"href":"https:\/\/recambiosecogas.com\/pt-pt\/wp-json\/wp\/v2\/comments?post=41450"}],"wp:featuredmedia":[{"embeddable":true,"href":"https:\/\/recambiosecogas.com\/pt-pt\/wp-json\/wp\/v2\/media\/30321"}],"wp:attachment":[{"href":"https:\/\/recambiosecogas.com\/pt-pt\/wp-json\/wp\/v2\/media?parent=41450"}],"wp:term":[{"taxonomy":"product_brand","embeddable":true,"href":"https:\/\/recambiosecogas.com\/pt-pt\/wp-json\/wp\/v2\/product_brand?post=41450"},{"taxonomy":"product_cat","embeddable":true,"href":"https:\/\/recambiosecogas.com\/pt-pt\/wp-json\/wp\/v2\/product_cat?post=41450"},{"taxonomy":"product_tag","embeddable":true,"href":"https:\/\/recambiosecogas.com\/pt-pt\/wp-json\/wp\/v2\/product_tag?post=41450"}],"curies":[{"name":"wp","href":"https:\/\/api.w.org\/{rel}","templated":true}]}}