{"id":41448,"date":"2024-12-24T09:44:30","date_gmt":"2024-12-24T09:44:30","guid":{"rendered":"https:\/\/recambiosecogas.com\/producto\/metal-lube-formula-autogas-gpl-gnc\/"},"modified":"2024-12-24T09:44:30","modified_gmt":"2024-12-24T08:44:30","slug":"metal-lube-formula-autogas-gpl-gnc","status":"publish","type":"product","link":"https:\/\/recambiosecogas.com\/pt-pt\/producto\/metal-lube-formula-autogas-gpl-gnc\/","title":{"rendered":"METAL LUBE F\u00d3RMULA AUTOG\u00c1S GPL \/ GNC"},"content":{"rendered":"<h3 data-start=\"158\" data-end=\"244\">METAL LUBE FORMULA AUTOGAS LPG \/ CNG \u2013 Protetor de v\u00e1lvulas para ve\u00edculos bicombust\u00edvel<\/h3>\n<p data-start=\"246\" data-end=\"734\"><strong data-start=\"246\" data-end=\"286\">METAL LUBE FORMULA AUTOGAS LPG \/ CNG<\/strong> \u00e9 um tratamento sint\u00e9tico avan\u00e7ado projetado especificamente para proteger motores alimentados por g\u00e1s de petr\u00f3leo liquefeito (GLP) ou g\u00e1s natural comprimido (GNC). Ao contr\u00e1rio da gasolina, estes combust\u00edveis n\u00e3o cont\u00eam aditivos lubrificantes, o que provoca um desgaste acelerado das v\u00e1lvulas e dos seus assentos. Este desgaste deve-se ao fen\u00f3meno conhecido como VSR (Valve Seat Recession), que pode causar danos prematuros se n\u00e3o for prevenido.  <\/p>\n<blockquote>\n<p data-start=\"736\" data-end=\"1079\"><strong>COMO USAR:<\/strong><\/p>\n<p data-start=\"736\" data-end=\"1079\"><strong>Este produto \u00e9 adicionado diretamente ao tanque de g\u00e1s.<\/strong>  Durante o arranque a frio e as fases em que o motor funciona com gasolina, o tratamento \u00e9 ativado e penetra em componentes met\u00e1licos cr\u00edticos, como v\u00e1lvulas e injetores. Isto permite que o sistema permane\u00e7a protegido e lubrificado mesmo durante a combust\u00e3o de GPL. <\/p>\n<\/blockquote>\n<p data-start=\"1081\" data-end=\"1422\">A sua f\u00f3rmula \u00e9 recomendada tanto para ve\u00edculos bicombust\u00edveis convertidos como para aqueles que saem de f\u00e1brica preparados para GPL ou GNC. N\u00e3o danifica conversores catal\u00edticos, sensores de oxig\u00e9nio nem afeta o funcionamento de sensores lambda ou FAP. Al\u00e9m disso, melhora a efici\u00eancia, prolonga a vida \u00fatil do sistema e contribui para uma combust\u00e3o mais limpa.  <\/p>\n<p data-start=\"1424\" data-end=\"1673\">Vem em recipientes de 120 ml, com uma dose recomendada de 2 ml por litro de gasolina, o suficiente para tratar at\u00e9 60 litros. Recomenda-se us\u00e1-lo a cada dois enchimentos de tanque ou em cada reabastecimento, se a prote\u00e7\u00e3o cont\u00ednua for desejada. <\/p>\n<p data-start=\"1675\" data-end=\"1840\">Este tratamento representa uma solu\u00e7\u00e3o preventiva de alto desempenho para a manuten\u00e7\u00e3o eficiente e duradoura de motores que utilizam combust\u00edveis alternativos.<\/p>\n<hr data-start=\"1842\" data-end=\"1845\">\n<p data-start=\"1847\" data-end=\"1875\"><strong data-start=\"1847\" data-end=\"1875\">Especifica\u00e7\u00f5es<\/strong><\/p>\n<div class=\"_tableContainer_16hzy_1\">\n<div class=\"_tableWrapper_16hzy_14 group flex w-fit flex-col-reverse\" tabindex=\"-1\">\n<table class=\"w-fit min-w-(--thread-content-width)\" data-start=\"1877\" data-end=\"2667\">\n<thead data-start=\"1877\" data-end=\"1956\">\n<tr data-start=\"1877\" data-end=\"1956\">\n<th data-start=\"1877\" data-end=\"1913\" data-col-size=\"sm\">Funcionalidade<\/th>\n<th data-start=\"1913\" data-end=\"1956\" data-col-size=\"sm\">Valor<\/th>\n<\/tr>\n<\/thead>\n<tbody data-start=\"2036\" data-end=\"2667\">\n<tr data-start=\"2036\" data-end=\"2114\">\nTipo <\/p>\n<td data-start=\"2036\" data-end=\"2071\" data-col-size=\"sm\">de Produto<\/td>\n<td data-start=\"2071\" data-end=\"2114\" data-col-size=\"sm\">Tratamento preventivo sint\u00e9tico<\/td>\n<\/tr>\n<tr data-start=\"2115\" data-end=\"2193\">\n<td data-start=\"2115\" data-end=\"2150\" data-col-size=\"sm\">Aplica\u00e7\u00e3o<\/td>\n<td data-start=\"2150\" data-end=\"2193\" data-col-size=\"sm\">Ve\u00edculos a GPL ou GNC<\/td>\n<\/tr>\n<tr data-start=\"2194\" data-end=\"2272\">\n<td data-start=\"2194\" data-end=\"2229\" data-col-size=\"sm\">Capacidade<\/td>\n<td data-start=\"2229\" data-end=\"2272\" data-col-size=\"sm\">120 ml<\/td>\n<\/tr>\n<tr data-start=\"2273\" data-end=\"2351\">\n<td data-start=\"2273\" data-end=\"2308\" data-col-size=\"sm\">Dosagem<\/td>\n<p> recomendada<\/p>\n<td data-start=\"2308\" data-end=\"2351\" data-col-size=\"sm\">2 ml por litro de gasolina<\/td>\n<\/tr>\n<tr data-start=\"2352\" data-end=\"2430\">\n<td data-start=\"2352\" data-end=\"2387\" data-col-size=\"sm\">Compatibilidade<\/td>\n<td data-start=\"2387\" data-end=\"2430\" data-col-size=\"sm\">GPL, GNC, gasolina, bicombust\u00edvel<\/td>\n<\/tr>\n<tr data-start=\"2431\" data-end=\"2509\">\n<td data-start=\"2431\" data-end=\"2466\" data-col-size=\"sm\">Frequ\u00eancia de utiliza\u00e7\u00e3o<\/td>\n<td data-start=\"2466\" data-end=\"2509\" data-col-size=\"sm\">Cada 2 tanques ou cada reabastecimento<\/td>\n<\/tr>\n<tr data-start=\"2510\" data-end=\"2588\">\n<td data-start=\"2510\" data-end=\"2545\" data-col-size=\"sm\">Adequado para<\/td>\n<td data-start=\"2545\" data-end=\"2588\" data-col-size=\"sm\">Motores a 2 e 4 tempos, diesel ou gasolina<\/td>\n<\/tr>\n<tr data-start=\"2589\" data-end=\"2667\">\n<td data-start=\"2589\" data-end=\"2624\" data-col-size=\"sm\">N\u00e3o afeta<\/td>\n<td data-start=\"2624\" data-end=\"2667\" data-col-size=\"sm\">Catalisadores, sensores lambda, DPFs<\/td>\n<\/tr>\n<\/tbody>\n<\/table>\n<div class=\"absolute end-0 flex items-end\"><a href=\"https:\/\/recambiosecogas.com\/categoria-producto\/aditivos\/\">Obtenha mais aditivos para a sua pr\u00f3xima revis\u00e3o.<\/a><\/div>\n<div><a href=\"https:\/\/recambiosecogas.es\/\">Solicite a sua conta profissional.<\/a><\/div>\n<\/div>\n<\/div>\n","protected":false},"excerpt":{"rendered":"<p><strong>RECIPIENTE:<\/strong> 120 ml.<\/p>\n","protected":false},"featured_media":26035,"comment_status":"open","ping_status":"closed","template":"","meta":{"_uag_custom_page_level_css":""},"product_brand":[],"product_cat":[1301,1301,1323,1323,1328,1328],"product_tag":[],"class_list":{"0":"post-41448","1":"product","2":"type-product","3":"status-publish","4":"has-post-thumbnail","6":"product_cat-aditivos-pt-pt","8":"product_cat-liquido-de-protecao-das-valvulas","10":"product_cat-metallube-tratauto-pt-pt","13":"first","14":"onbackorder","15":"taxable","16":"shipping-taxable","17":"purchasable","18":"product-type-simple"},"ct_brands":[],"yoast_head":"<!-- This site is optimized with the Yoast SEO Premium plugin v27.5 (Yoast SEO v27.5) - https:\/\/yoast.com\/product\/yoast-seo-premium-wordpress\/ -->\n<title>METAL LUBE F\u00d3RMULA AUTOG\u00c1S GPL \/ GNC | Recambios EcoGas | Sistemas GLP y GNC<\/title>\n<meta name=\"description\" content=\"METAL LUBE para motores GPL\/GNC. Previne o desgaste e melhora a lubrifica\u00e7\u00e3o em sistemas bicombust\u00edvel. Protetor de v\u00e1lvula\" \/>\n<meta name=\"robots\" content=\"index, follow, max-snippet:-1, max-image-preview:large, max-video-preview:-1\" \/>\n<link rel=\"canonical\" href=\"https:\/\/recambiosecogas.com\/pt-pt\/producto\/metal-lube-formula-autogas-gpl-gnc\/\" \/>\n<meta property=\"og:locale\" content=\"pt_PT\" \/>\n<meta property=\"og:type\" content=\"article\" \/>\n<meta property=\"og:title\" content=\"METAL LUBE F\u00d3RMULA AUTOG\u00c1S GPL \/ GNC\" \/>\n<meta property=\"og:description\" content=\"METAL LUBE para motores GPL\/GNC. Previne o desgaste e melhora a lubrifica\u00e7\u00e3o em sistemas bicombust\u00edvel. Protetor de v\u00e1lvula\" \/>\n<meta property=\"og:url\" content=\"https:\/\/recambiosecogas.com\/pt-pt\/producto\/metal-lube-formula-autogas-gpl-gnc\/\" \/>\n<meta property=\"og:site_name\" content=\"Recambios EcoGas\" \/>\n<meta property=\"article:publisher\" content=\"https:\/\/www.facebook.com\/profile.php?id=100062419705358\" \/>\n<meta property=\"og:image\" content=\"https:\/\/recambiosecogas.com\/wp-content\/uploads\/2024\/12\/Formula-Autogas-GLP-png.webp\" \/>\n\t<meta property=\"og:image:width\" content=\"1000\" \/>\n\t<meta property=\"og:image:height\" content=\"1000\" \/>\n\t<meta property=\"og:image:type\" content=\"image\/png\" \/>\n<meta name=\"twitter:card\" content=\"summary_large_image\" \/>\n<meta name=\"twitter:label1\" content=\"pre\u00e7o\" \/>\n\t<meta name=\"twitter:data1\" content=\"19,95&nbsp;&euro; (Sin IVA: 16,49&nbsp;&euro;)\" \/>\n\t<meta name=\"twitter:label2\" content=\"Disponibilidade\" \/>\n\t<meta name=\"twitter:data2\" content=\"Por encomenda\" \/>\n<script type=\"application\/ld+json\" class=\"yoast-schema-graph\">{\"@context\":\"https:\\\/\\\/schema.org\",\"@graph\":[{\"@type\":\"WebPage\",\"@id\":\"https:\\\/\\\/recambiosecogas.com\\\/pt-pt\\\/producto\\\/metal-lube-formula-autogas-gpl-gnc\\\/\",\"url\":\"https:\\\/\\\/recambiosecogas.com\\\/pt-pt\\\/producto\\\/metal-lube-formula-autogas-gpl-gnc\\\/\",\"name\":\"METAL LUBE F\u00d3RMULA AUTOG\u00c1S GPL \\\/ GNC | Recambios EcoGas | Sistemas GLP y GNC\",\"isPartOf\":{\"@id\":\"https:\\\/\\\/recambiosecogas.com\\\/pt-pt\\\/#website\"},\"primaryImageOfPage\":{\"@id\":\"https:\\\/\\\/recambiosecogas.com\\\/pt-pt\\\/producto\\\/metal-lube-formula-autogas-gpl-gnc\\\/#primaryimage\"},\"image\":{\"@id\":\"https:\\\/\\\/recambiosecogas.com\\\/pt-pt\\\/producto\\\/metal-lube-formula-autogas-gpl-gnc\\\/#primaryimage\"},\"thumbnailUrl\":\"https:\\\/\\\/recambiosecogas.com\\\/wp-content\\\/uploads\\\/2024\\\/12\\\/Formula-Autogas-GLP-png.webp\",\"datePublished\":\"2024-12-24T09:44:30+00:00\",\"description\":\"METAL LUBE para motores GPL\\\/GNC. Previne o desgaste e melhora a lubrifica\u00e7\u00e3o em sistemas bicombust\u00edvel. Protetor de v\u00e1lvula\",\"breadcrumb\":{\"@id\":\"https:\\\/\\\/recambiosecogas.com\\\/pt-pt\\\/producto\\\/metal-lube-formula-autogas-gpl-gnc\\\/#breadcrumb\"},\"inLanguage\":\"pt-PT\",\"potentialAction\":[{\"@type\":\"ReadAction\",\"target\":[\"https:\\\/\\\/recambiosecogas.com\\\/pt-pt\\\/producto\\\/metal-lube-formula-autogas-gpl-gnc\\\/\"]}]},{\"@type\":\"ImageObject\",\"inLanguage\":\"pt-PT\",\"@id\":\"https:\\\/\\\/recambiosecogas.com\\\/pt-pt\\\/producto\\\/metal-lube-formula-autogas-gpl-gnc\\\/#primaryimage\",\"url\":\"https:\\\/\\\/recambiosecogas.com\\\/wp-content\\\/uploads\\\/2024\\\/12\\\/Formula-Autogas-GLP-png.webp\",\"contentUrl\":\"https:\\\/\\\/recambiosecogas.com\\\/wp-content\\\/uploads\\\/2024\\\/12\\\/Formula-Autogas-GLP-png.webp\",\"width\":1000,\"height\":1000},{\"@type\":\"BreadcrumbList\",\"@id\":\"https:\\\/\\\/recambiosecogas.com\\\/pt-pt\\\/producto\\\/metal-lube-formula-autogas-gpl-gnc\\\/#breadcrumb\",\"itemListElement\":[{\"@type\":\"ListItem\",\"position\":1,\"name\":\"P\u00e1gina inicial\",\"item\":\"https:\\\/\\\/recambiosecogas.com\\\/pt-pt\\\/\"},{\"@type\":\"ListItem\",\"position\":2,\"name\":\"Loja\",\"item\":\"https:\\\/\\\/recambiosecogas.com\\\/pt-pt\\\/tienda\\\/\"},{\"@type\":\"ListItem\",\"position\":3,\"name\":\"METAL LUBE F\u00d3RMULA AUTOG\u00c1S GPL \\\/ GNC\"}]},{\"@type\":\"WebSite\",\"@id\":\"https:\\\/\\\/recambiosecogas.com\\\/pt-pt\\\/#website\",\"url\":\"https:\\\/\\\/recambiosecogas.com\\\/pt-pt\\\/\",\"name\":\"Recambios EcoGas\",\"description\":\"Pe\u00e7as multimarca para sistemas de GPL\\\/GNC\\\/GNL\\\/Hidrog\u00e9nio\",\"publisher\":{\"@id\":\"https:\\\/\\\/recambiosecogas.com\\\/pt-pt\\\/#organization\"},\"alternateName\":\"Recambios Autogas GLP\",\"potentialAction\":[{\"@type\":\"SearchAction\",\"target\":{\"@type\":\"EntryPoint\",\"urlTemplate\":\"https:\\\/\\\/recambiosecogas.com\\\/pt-pt\\\/?s={search_term_string}\"},\"query-input\":{\"@type\":\"PropertyValueSpecification\",\"valueRequired\":true,\"valueName\":\"search_term_string\"}}],\"inLanguage\":\"pt-PT\"},{\"@type\":[\"Organization\",\"Place\"],\"@id\":\"https:\\\/\\\/recambiosecogas.com\\\/pt-pt\\\/#organization\",\"name\":\"Recambios EcoGas\",\"alternateName\":\"Loja de GPL Autog\u00e1s Espanha\",\"url\":\"https:\\\/\\\/recambiosecogas.com\\\/pt-pt\\\/\",\"logo\":{\"@id\":\"https:\\\/\\\/recambiosecogas.com\\\/pt-pt\\\/producto\\\/metal-lube-formula-autogas-gpl-gnc\\\/#local-main-organization-logo\"},\"image\":{\"@id\":\"https:\\\/\\\/recambiosecogas.com\\\/pt-pt\\\/producto\\\/metal-lube-formula-autogas-gpl-gnc\\\/#local-main-organization-logo\"},\"sameAs\":[\"https:\\\/\\\/www.facebook.com\\\/profile.php?id=100062419705358\",\"https:\\\/\\\/www.instagram.com\\\/segimon_automocio\"],\"description\":\"Recambios EcoGas \u2013 Venta y distribuci\u00f3n de sistemas GLP y GNC en Espa\u00f1a y Portugal. Env\u00edos 24 h, soporte t\u00e9cnico a talleres y distribuidores.\",\"hasMerchantReturnPolicy\":{\"@type\":\"MerchantReturnPolicy\",\"merchantReturnLink\":\"https:\\\/\\\/recambiosecogas.com\\\/politicas-privacidad\\\/\"},\"address\":{\"@id\":\"https:\\\/\\\/recambiosecogas.com\\\/pt-pt\\\/producto\\\/metal-lube-formula-autogas-gpl-gnc\\\/#local-main-place-address\"},\"telephone\":[\"616250633\"],\"contactPoint\":{\"@type\":\"ContactPoint\",\"email\":\"export@recambiosecogas.com\"},\"openingHoursSpecification\":[{\"@type\":\"OpeningHoursSpecification\",\"dayOfWeek\":[\"Monday\",\"Tuesday\",\"Wednesday\",\"Thursday\",\"Friday\",\"Saturday\",\"Sunday\"],\"opens\":\"09:00\",\"closes\":\"17:00\"}],\"email\":\"info@recambiosecogas.com\",\"faxNumber\":\"SEGIMON AUTOMOCION SL\",\"vatID\":\"ESB19819861\",\"globalLocationNumber\":\"938 616 339\"},{\"@type\":\"PostalAddress\",\"@id\":\"https:\\\/\\\/recambiosecogas.com\\\/pt-pt\\\/producto\\\/metal-lube-formula-autogas-gpl-gnc\\\/#local-main-place-address\",\"streetAddress\":\"cami antic de vic, 29 (Nave 3), Pol\u00edgono Industrial Congost\",\"addressLocality\":\"CORRO D`AVALL\",\"postalCode\":\"08520\",\"addressRegion\":\"Barcelona\",\"addressCountry\":\"ES\"},{\"@type\":\"ImageObject\",\"inLanguage\":\"pt-PT\",\"@id\":\"https:\\\/\\\/recambiosecogas.com\\\/pt-pt\\\/producto\\\/metal-lube-formula-autogas-gpl-gnc\\\/#local-main-organization-logo\",\"url\":\"https:\\\/\\\/recambiosecogas.com\\\/wp-content\\\/uploads\\\/2024\\\/11\\\/cropped-RECAMBIOS-GLP-png.webp\",\"contentUrl\":\"https:\\\/\\\/recambiosecogas.com\\\/wp-content\\\/uploads\\\/2024\\\/11\\\/cropped-RECAMBIOS-GLP-png.webp\",\"width\":512,\"height\":512,\"caption\":\"Recambios EcoGas\"}]}<\/script>\n<meta property=\"product:price:amount\" content=\"19.95\" \/>\n<meta property=\"product:price:currency\" content=\"EUR\" \/>\n<meta property=\"og:availability\" content=\"backorder\" \/>\n<meta property=\"product:availability\" content=\"available for order\" \/>\n<meta property=\"product:retailer_item_id\" content=\"METALUBEGLP\" \/>\n<meta property=\"product:condition\" content=\"new\" \/>\n<meta name=\"geo.placename\" content=\"CORRO D`AVALL\" \/>\n<meta name=\"geo.region\" content=\"Espanha\" \/>\n<!-- \/ Yoast SEO Premium plugin. -->","yoast_head_json":{"title":"METAL LUBE F\u00d3RMULA AUTOG\u00c1S GPL \/ GNC | Recambios EcoGas | Sistemas GLP y GNC","description":"METAL LUBE para motores GPL\/GNC. Previne o desgaste e melhora a lubrifica\u00e7\u00e3o em sistemas bicombust\u00edvel. Protetor de v\u00e1lvula","robots":{"index":"index","follow":"follow","max-snippet":"max-snippet:-1","max-image-preview":"max-image-preview:large","max-video-preview":"max-video-preview:-1"},"canonical":"https:\/\/recambiosecogas.com\/pt-pt\/producto\/metal-lube-formula-autogas-gpl-gnc\/","og_locale":"pt_PT","og_type":"article","og_title":"METAL LUBE F\u00d3RMULA AUTOG\u00c1S GPL \/ GNC","og_description":"METAL LUBE para motores GPL\/GNC. Previne o desgaste e melhora a lubrifica\u00e7\u00e3o em sistemas bicombust\u00edvel. Protetor de v\u00e1lvula","og_url":"https:\/\/recambiosecogas.com\/pt-pt\/producto\/metal-lube-formula-autogas-gpl-gnc\/","og_site_name":"Recambios EcoGas","article_publisher":"https:\/\/www.facebook.com\/profile.php?id=100062419705358","og_image":[{"width":1000,"height":1000,"url":"https:\/\/recambiosecogas.com\/wp-content\/uploads\/2024\/12\/Formula-Autogas-GLP-png.webp","type":"image\/png"}],"twitter_card":"summary_large_image","twitter_misc":{"pre\u00e7o":"19,95&nbsp;&euro; (Sin IVA: 16,49&nbsp;&euro;)","Disponibilidade":"Por encomenda"},"schema":{"@context":"https:\/\/schema.org","@graph":[{"@type":"WebPage","@id":"https:\/\/recambiosecogas.com\/pt-pt\/producto\/metal-lube-formula-autogas-gpl-gnc\/","url":"https:\/\/recambiosecogas.com\/pt-pt\/producto\/metal-lube-formula-autogas-gpl-gnc\/","name":"METAL LUBE F\u00d3RMULA AUTOG\u00c1S GPL \/ GNC | Recambios EcoGas | Sistemas GLP y GNC","isPartOf":{"@id":"https:\/\/recambiosecogas.com\/pt-pt\/#website"},"primaryImageOfPage":{"@id":"https:\/\/recambiosecogas.com\/pt-pt\/producto\/metal-lube-formula-autogas-gpl-gnc\/#primaryimage"},"image":{"@id":"https:\/\/recambiosecogas.com\/pt-pt\/producto\/metal-lube-formula-autogas-gpl-gnc\/#primaryimage"},"thumbnailUrl":"https:\/\/recambiosecogas.com\/wp-content\/uploads\/2024\/12\/Formula-Autogas-GLP-png.webp","datePublished":"2024-12-24T09:44:30+00:00","description":"METAL LUBE para motores GPL\/GNC. Previne o desgaste e melhora a lubrifica\u00e7\u00e3o em sistemas bicombust\u00edvel. Protetor de v\u00e1lvula","breadcrumb":{"@id":"https:\/\/recambiosecogas.com\/pt-pt\/producto\/metal-lube-formula-autogas-gpl-gnc\/#breadcrumb"},"inLanguage":"pt-PT","potentialAction":[{"@type":"ReadAction","target":["https:\/\/recambiosecogas.com\/pt-pt\/producto\/metal-lube-formula-autogas-gpl-gnc\/"]}]},{"@type":"ImageObject","inLanguage":"pt-PT","@id":"https:\/\/recambiosecogas.com\/pt-pt\/producto\/metal-lube-formula-autogas-gpl-gnc\/#primaryimage","url":"https:\/\/recambiosecogas.com\/wp-content\/uploads\/2024\/12\/Formula-Autogas-GLP-png.webp","contentUrl":"https:\/\/recambiosecogas.com\/wp-content\/uploads\/2024\/12\/Formula-Autogas-GLP-png.webp","width":1000,"height":1000},{"@type":"BreadcrumbList","@id":"https:\/\/recambiosecogas.com\/pt-pt\/producto\/metal-lube-formula-autogas-gpl-gnc\/#breadcrumb","itemListElement":[{"@type":"ListItem","position":1,"name":"P\u00e1gina inicial","item":"https:\/\/recambiosecogas.com\/pt-pt\/"},{"@type":"ListItem","position":2,"name":"Loja","item":"https:\/\/recambiosecogas.com\/pt-pt\/tienda\/"},{"@type":"ListItem","position":3,"name":"METAL LUBE F\u00d3RMULA AUTOG\u00c1S GPL \/ GNC"}]},{"@type":"WebSite","@id":"https:\/\/recambiosecogas.com\/pt-pt\/#website","url":"https:\/\/recambiosecogas.com\/pt-pt\/","name":"Recambios EcoGas","description":"Pe\u00e7as multimarca para sistemas de GPL\/GNC\/GNL\/Hidrog\u00e9nio","publisher":{"@id":"https:\/\/recambiosecogas.com\/pt-pt\/#organization"},"alternateName":"Recambios Autogas GLP","potentialAction":[{"@type":"SearchAction","target":{"@type":"EntryPoint","urlTemplate":"https:\/\/recambiosecogas.com\/pt-pt\/?s={search_term_string}"},"query-input":{"@type":"PropertyValueSpecification","valueRequired":true,"valueName":"search_term_string"}}],"inLanguage":"pt-PT"},{"@type":["Organization","Place"],"@id":"https:\/\/recambiosecogas.com\/pt-pt\/#organization","name":"Recambios EcoGas","alternateName":"Loja de GPL Autog\u00e1s Espanha","url":"https:\/\/recambiosecogas.com\/pt-pt\/","logo":{"@id":"https:\/\/recambiosecogas.com\/pt-pt\/producto\/metal-lube-formula-autogas-gpl-gnc\/#local-main-organization-logo"},"image":{"@id":"https:\/\/recambiosecogas.com\/pt-pt\/producto\/metal-lube-formula-autogas-gpl-gnc\/#local-main-organization-logo"},"sameAs":["https:\/\/www.facebook.com\/profile.php?id=100062419705358","https:\/\/www.instagram.com\/segimon_automocio"],"description":"Recambios EcoGas \u2013 Venta y distribuci\u00f3n de sistemas GLP y GNC en Espa\u00f1a y Portugal. Env\u00edos 24 h, soporte t\u00e9cnico a talleres y distribuidores.","hasMerchantReturnPolicy":{"@type":"MerchantReturnPolicy","merchantReturnLink":"https:\/\/recambiosecogas.com\/politicas-privacidad\/"},"address":{"@id":"https:\/\/recambiosecogas.com\/pt-pt\/producto\/metal-lube-formula-autogas-gpl-gnc\/#local-main-place-address"},"telephone":["616250633"],"contactPoint":{"@type":"ContactPoint","email":"export@recambiosecogas.com"},"openingHoursSpecification":[{"@type":"OpeningHoursSpecification","dayOfWeek":["Monday","Tuesday","Wednesday","Thursday","Friday","Saturday","Sunday"],"opens":"09:00","closes":"17:00"}],"email":"info@recambiosecogas.com","faxNumber":"SEGIMON AUTOMOCION SL","vatID":"ESB19819861","globalLocationNumber":"938 616 339"},{"@type":"PostalAddress","@id":"https:\/\/recambiosecogas.com\/pt-pt\/producto\/metal-lube-formula-autogas-gpl-gnc\/#local-main-place-address","streetAddress":"cami antic de vic, 29 (Nave 3), Pol\u00edgono Industrial Congost","addressLocality":"CORRO D`AVALL","postalCode":"08520","addressRegion":"Barcelona","addressCountry":"ES"},{"@type":"ImageObject","inLanguage":"pt-PT","@id":"https:\/\/recambiosecogas.com\/pt-pt\/producto\/metal-lube-formula-autogas-gpl-gnc\/#local-main-organization-logo","url":"https:\/\/recambiosecogas.com\/wp-content\/uploads\/2024\/11\/cropped-RECAMBIOS-GLP-png.webp","contentUrl":"https:\/\/recambiosecogas.com\/wp-content\/uploads\/2024\/11\/cropped-RECAMBIOS-GLP-png.webp","width":512,"height":512,"caption":"Recambios EcoGas"}]},"product_price_amount":"19.95","product_price_currency":"EUR","og_availability":"backorder","product_availability":"available for order","product_retailer_item_id":"METALUBEGLP","product_condition":"new","geo.placename":"CORRO D`AVALL","geo.region":"Espanha"},"uagb_featured_image_src":{"full":["https:\/\/recambiosecogas.com\/wp-content\/uploads\/2024\/12\/Formula-Autogas-GLP-png.webp",1000,1000,false],"thumbnail":["https:\/\/recambiosecogas.com\/wp-content\/uploads\/2024\/12\/Formula-Autogas-GLP-150x150.webp",150,150,true],"medium":["https:\/\/recambiosecogas.com\/wp-content\/uploads\/2024\/12\/Formula-Autogas-GLP-300x300.webp",300,300,true],"medium_large":["https:\/\/recambiosecogas.com\/wp-content\/uploads\/2024\/12\/Formula-Autogas-GLP-768x768.webp",768,768,true],"large":["https:\/\/recambiosecogas.com\/wp-content\/uploads\/2024\/12\/Formula-Autogas-GLP-png.webp",1000,1000,false],"1536x1536":["https:\/\/recambiosecogas.com\/wp-content\/uploads\/2024\/12\/Formula-Autogas-GLP-png.webp",1000,1000,false],"2048x2048":["https:\/\/recambiosecogas.com\/wp-content\/uploads\/2024\/12\/Formula-Autogas-GLP-png.webp",1000,1000,false],"woocommerce_archive_thumbnail":["https:\/\/recambiosecogas.com\/wp-content\/uploads\/2024\/12\/Formula-Autogas-GLP-png.webp",1000,1000,false],"woocommerce_thumbnail":["https:\/\/recambiosecogas.com\/wp-content\/uploads\/2024\/12\/Formula-Autogas-GLP-300x300.webp",300,300,true],"woocommerce_single":["https:\/\/recambiosecogas.com\/wp-content\/uploads\/2024\/12\/Formula-Autogas-GLP-png.webp",1000,1000,false],"woocommerce_gallery_thumbnail":["https:\/\/recambiosecogas.com\/wp-content\/uploads\/2024\/12\/Formula-Autogas-GLP-png.webp",1000,1000,false],"dgwt-wcas-product-suggestion":["https:\/\/recambiosecogas.com\/wp-content\/uploads\/2024\/12\/Formula-Autogas-GLP-64x64.webp",64,64,true]},"uagb_author_info":{"display_name":"Fran - Soporte T\u00e9cnico","author_link":"https:\/\/recambiosecogas.com\/pt-pt\/author\/"},"uagb_comment_info":0,"uagb_excerpt":"RECIPIENTE: 120 ml.","_links":{"self":[{"href":"https:\/\/recambiosecogas.com\/pt-pt\/wp-json\/wp\/v2\/product\/41448","targetHints":{"allow":["GET"]}}],"collection":[{"href":"https:\/\/recambiosecogas.com\/pt-pt\/wp-json\/wp\/v2\/product"}],"about":[{"href":"https:\/\/recambiosecogas.com\/pt-pt\/wp-json\/wp\/v2\/types\/product"}],"replies":[{"embeddable":true,"href":"https:\/\/recambiosecogas.com\/pt-pt\/wp-json\/wp\/v2\/comments?post=41448"}],"wp:featuredmedia":[{"embeddable":true,"href":"https:\/\/recambiosecogas.com\/pt-pt\/wp-json\/wp\/v2\/media\/26035"}],"wp:attachment":[{"href":"https:\/\/recambiosecogas.com\/pt-pt\/wp-json\/wp\/v2\/media?parent=41448"}],"wp:term":[{"taxonomy":"product_brand","embeddable":true,"href":"https:\/\/recambiosecogas.com\/pt-pt\/wp-json\/wp\/v2\/product_brand?post=41448"},{"taxonomy":"product_cat","embeddable":true,"href":"https:\/\/recambiosecogas.com\/pt-pt\/wp-json\/wp\/v2\/product_cat?post=41448"},{"taxonomy":"product_tag","embeddable":true,"href":"https:\/\/recambiosecogas.com\/pt-pt\/wp-json\/wp\/v2\/product_tag?post=41448"}],"curies":[{"name":"wp","href":"https:\/\/api.w.org\/{rel}","templated":true}]}}