{"id":41447,"date":"2024-12-23T14:31:46","date_gmt":"2024-12-23T14:31:46","guid":{"rendered":"https:\/\/recambiosecogas.com\/producto\/lubrificante-glp-flashlube-1l\/"},"modified":"2024-12-23T14:31:46","modified_gmt":"2024-12-23T13:31:46","slug":"lubrificante-glp-flashlube-1l","status":"publish","type":"product","link":"https:\/\/recambiosecogas.com\/pt-pt\/producto\/lubrificante-glp-flashlube-1l\/","title":{"rendered":"LUBRIFICANTE GLP FLASHLUBE 1L"},"content":{"rendered":"<div><\/div>\n<div>\n<h3 style=\"text-align: center;\" data-start=\"152\" data-end=\"229\">Lubrificante Flashlube LPG 1L \u2013 Prote\u00e7\u00e3o de V\u00e1lvulas para Ve\u00edculos a G\u00e1s<\/h3>\n<p data-start=\"231\" data-end=\"711\"><strong data-start=\"231\" data-end=\"262\">Flashlube LPG Lubricant 1L<\/strong> \u00e9 um aditivo especialmente formulado para proteger o motor de ve\u00edculos que funcionam com autog\u00e1s GPL. A sua tecnologia avan\u00e7ada ajuda a prevenir o desgaste prematuro das v\u00e1lvulas e a acumula\u00e7\u00e3o de detritos no sistema de combust\u00e3o, melhorando a efici\u00eancia geral do motor e prolongando a sua vida \u00fatil. Este produto \u00e9 compat\u00edvel com uma vasta gama de sistemas GPL instalados em ve\u00edculos bicombust\u00edvel e convers\u00f5es personalizadas.  <\/p>\n<p data-start=\"713\" data-end=\"1137\"><strong>Este lubrificante \u00e9 introduzido diretamente no sistema de dosagem de aditivos e funciona continuamente enquanto o motor est\u00e1 em funcionamento<\/strong>, garantindo prote\u00e7\u00e3o constante. Ele \u00e9 projetado para ve\u00edculos leves, vans e frotas profissionais que usam autog\u00e1s, incluindo modelos de marcas como Audi, BMW, Ford, Mercedes-Benz, Peugeot, Renault, Volkswagen, Toyota, Nissan, Kia, Hyundai, Fiat, entre outras. <\/p>\n<p data-start=\"1139\" data-end=\"1461\">Flashlube \u00e9 reconhecido internacionalmente por sua qualidade e confiabilidade, recomendado por in\u00fameros fabricantes de sistemas de GLP como parte essencial da manuten\u00e7\u00e3o preventiva. O uso regular evita avarias dispendiosas relacionadas com a recess\u00e3o do assento das v\u00e1lvulas (VSR), um problema comum em motores que funcionam a g\u00e1s. <\/p>\n<hr data-start=\"1463\" data-end=\"1466\">\n<p data-start=\"1468\" data-end=\"1496\"><strong data-start=\"1468\" data-end=\"1496\">Caracter\u00edsticas t\u00e9cnicas &#8211; <\/strong><span style=\"color: #ffffff;\">\u00a9pe\u00e7as de reposi\u00e7\u00e3o EcoGas<\/span><\/p>\n<div class=\"_tableContainer_16hzy_1\">\n<div class=\"_tableWrapper_16hzy_14 group flex w-fit flex-col-reverse\" tabindex=\"-1\">\n<table class=\"w-fit min-w-(--thread-content-width)\" data-start=\"1498\" data-end=\"2288\">\n<thead data-start=\"1498\" data-end=\"1586\">\n<tr data-start=\"1498\" data-end=\"1586\">\n<th data-start=\"1498\" data-end=\"1534\" data-col-size=\"sm\">Funcionalidade<\/th>\n<th data-start=\"1534\" data-end=\"1586\" data-col-size=\"md\">Valor<\/th>\n<\/tr>\n<\/thead>\n<tbody data-start=\"1675\" data-end=\"2288\">\n<tr data-start=\"1675\" data-end=\"1762\">\nTipo <\/p>\n<td data-start=\"1675\" data-end=\"1710\" data-col-size=\"sm\">de Produto<\/td>\n<td data-start=\"1710\" data-end=\"1762\" data-col-size=\"md\">Aditivo lubrificante para GPL<\/td>\n<\/tr>\n<tr data-start=\"1763\" data-end=\"1850\">\n<td data-start=\"1763\" data-end=\"1798\" data-col-size=\"sm\">Capacidade<\/td>\n<td data-start=\"1798\" data-end=\"1850\" data-col-size=\"md\">1 litro<\/td>\n<\/tr>\n<tr data-start=\"1851\" data-end=\"1937\">\n<td data-start=\"1851\" data-end=\"1886\" data-col-size=\"sm\">Aplica\u00e7\u00e3o<\/td>\n<td data-start=\"1886\" data-end=\"1937\" data-col-size=\"md\">Ve\u00edculos com sistemas de g\u00e1s GPL<\/td>\n<\/tr>\n<tr data-start=\"1938\" data-end=\"2025\">\n<td data-start=\"1938\" data-end=\"1973\" data-col-size=\"sm\">Compatibilidade<\/td>\n<td data-start=\"1973\" data-end=\"2025\" data-col-size=\"md\">Sistemas universais de GPL<\/td>\n<\/tr>\n<tr data-start=\"2026\" data-end=\"2112\">\n<td data-start=\"2026\" data-end=\"2061\" data-col-size=\"sm\">Prote\u00e7\u00e3o<\/td>\n<td data-start=\"2061\" data-end=\"2112\" data-col-size=\"md\">Contra RSV (desgaste da v\u00e1lvula)<\/td>\n<\/tr>\n<tr data-start=\"2113\" data-end=\"2200\">\n<td data-start=\"2113\" data-end=\"2148\" data-col-size=\"sm\">Frequ\u00eancia de utiliza\u00e7\u00e3o<\/td>\n<td data-start=\"2148\" data-end=\"2200\" data-col-size=\"md\">De acordo com o sistema de dosagem autom\u00e1tica<\/td>\n<\/tr>\n<tr data-start=\"2201\" data-end=\"2288\">\n<td data-start=\"2201\" data-end=\"2236\" data-col-size=\"sm\">Efeito<\/td>\n<td data-start=\"2236\" data-end=\"2288\" data-col-size=\"md\">Lubrifica\u00e7\u00e3o cont\u00ednua durante a utiliza\u00e7\u00e3o de GPL<\/td>\n<\/tr>\n<\/tbody>\n<\/table>\n<\/div>\n<\/div>\n<\/div>\n<div class=\"absolute end-0 flex items-end\"><a href=\"https:\/\/recambiosecogas.com\/categoria-producto\/aditivos\/\">Obtenha mais aditivos para a sua pr\u00f3xima revis\u00e3o.<\/a><\/div>\n<div><a href=\"https:\/\/recambiosecogas.es\/\">Solicite a sua conta profissional.<\/a><\/div>\n","protected":false},"excerpt":{"rendered":"<p><strong>Otimize o desempenho do seu ve\u00edculo com o Lubrificante GPL Flashlube.<\/strong>  Lubrificante avan\u00e7ado para proteger o motor e as v\u00e1lvulas, compat\u00edvel com uma vasta gama de ve\u00edculos que utilizam GPL.<\/p>\n","protected":false},"featured_media":25987,"comment_status":"open","ping_status":"closed","template":"","meta":{"_uag_custom_page_level_css":""},"product_brand":[],"product_cat":[1301,1326,1323],"product_tag":[],"class_list":{"0":"post-41447","1":"product","2":"type-product","3":"status-publish","4":"has-post-thumbnail","6":"product_cat-aditivos-pt-pt","7":"product_cat-flashlube-pt-pt","8":"product_cat-liquido-de-protecao-das-valvulas","10":"first","11":"instock","12":"sale","13":"taxable","14":"shipping-taxable","15":"purchasable","16":"product-type-variable"},"ct_brands":[],"yoast_head":"<!-- This site is optimized with the Yoast SEO Premium plugin v27.5 (Yoast SEO v27.5) - https:\/\/yoast.com\/product\/yoast-seo-premium-wordpress\/ -->\n<title>LUBRIFICANTE GLP FLASHLUBE 1L | Recambios EcoGas | Sistemas GLP y GNC<\/title>\n<meta name=\"description\" content=\"Lubrificante Flashlube LPG: protege e prolonga a vida \u00fatil do motor. Ideal para sistemas GPL. Lubrifica\u00e7\u00e3o superior, opera\u00e7\u00e3o suave e confi\u00e1vel.\" \/>\n<meta name=\"robots\" content=\"index, follow, max-snippet:-1, max-image-preview:large, max-video-preview:-1\" \/>\n<link rel=\"canonical\" href=\"https:\/\/recambiosecogas.com\/pt-pt\/producto\/lubrificante-glp-flashlube-1l\/\" \/>\n<meta property=\"og:locale\" content=\"pt_PT\" \/>\n<meta property=\"og:type\" content=\"article\" \/>\n<meta property=\"og:title\" content=\"LUBRIFICANTE GLP FLASHLUBE 1L\" \/>\n<meta property=\"og:description\" content=\"Lubrificante Flashlube LPG: protege e prolonga a vida \u00fatil do motor. Ideal para sistemas GPL. Lubrifica\u00e7\u00e3o superior, opera\u00e7\u00e3o suave e confi\u00e1vel.\" \/>\n<meta property=\"og:url\" content=\"https:\/\/recambiosecogas.com\/pt-pt\/producto\/lubrificante-glp-flashlube-1l\/\" \/>\n<meta property=\"og:site_name\" content=\"Recambios EcoGas\" \/>\n<meta property=\"article:publisher\" content=\"https:\/\/www.facebook.com\/profile.php?id=100062419705358\" \/>\n<meta property=\"og:image\" content=\"https:\/\/recambiosecogas.com\/wp-content\/uploads\/2024\/12\/FLASHLUBE-1L-png.webp\" \/>\n\t<meta property=\"og:image:width\" content=\"1000\" \/>\n\t<meta property=\"og:image:height\" content=\"1000\" \/>\n\t<meta property=\"og:image:type\" content=\"image\/png\" \/>\n<meta name=\"twitter:card\" content=\"summary_large_image\" \/>\n<meta name=\"twitter:label1\" content=\"Disponibilidade\" \/>\n\t<meta name=\"twitter:data1\" content=\"Em stock\" \/>\n<script type=\"application\/ld+json\" class=\"yoast-schema-graph\">{\"@context\":\"https:\\\/\\\/schema.org\",\"@graph\":[{\"@type\":\"WebPage\",\"@id\":\"https:\\\/\\\/recambiosecogas.com\\\/pt-pt\\\/producto\\\/lubrificante-glp-flashlube-1l\\\/\",\"url\":\"https:\\\/\\\/recambiosecogas.com\\\/pt-pt\\\/producto\\\/lubrificante-glp-flashlube-1l\\\/\",\"name\":\"LUBRIFICANTE GLP FLASHLUBE 1L | Recambios EcoGas | Sistemas GLP y GNC\",\"isPartOf\":{\"@id\":\"https:\\\/\\\/recambiosecogas.com\\\/pt-pt\\\/#website\"},\"primaryImageOfPage\":{\"@id\":\"https:\\\/\\\/recambiosecogas.com\\\/pt-pt\\\/producto\\\/lubrificante-glp-flashlube-1l\\\/#primaryimage\"},\"image\":{\"@id\":\"https:\\\/\\\/recambiosecogas.com\\\/pt-pt\\\/producto\\\/lubrificante-glp-flashlube-1l\\\/#primaryimage\"},\"thumbnailUrl\":\"https:\\\/\\\/recambiosecogas.com\\\/wp-content\\\/uploads\\\/2024\\\/12\\\/FLASHLUBE-1L-png.webp\",\"datePublished\":\"2024-12-23T14:31:46+00:00\",\"description\":\"Lubrificante Flashlube LPG: protege e prolonga a vida \u00fatil do motor. Ideal para sistemas GPL. Lubrifica\u00e7\u00e3o superior, opera\u00e7\u00e3o suave e confi\u00e1vel.\",\"breadcrumb\":{\"@id\":\"https:\\\/\\\/recambiosecogas.com\\\/pt-pt\\\/producto\\\/lubrificante-glp-flashlube-1l\\\/#breadcrumb\"},\"inLanguage\":\"pt-PT\",\"potentialAction\":[{\"@type\":\"ReadAction\",\"target\":[\"https:\\\/\\\/recambiosecogas.com\\\/pt-pt\\\/producto\\\/lubrificante-glp-flashlube-1l\\\/\"]}]},{\"@type\":\"ImageObject\",\"inLanguage\":\"pt-PT\",\"@id\":\"https:\\\/\\\/recambiosecogas.com\\\/pt-pt\\\/producto\\\/lubrificante-glp-flashlube-1l\\\/#primaryimage\",\"url\":\"https:\\\/\\\/recambiosecogas.com\\\/wp-content\\\/uploads\\\/2024\\\/12\\\/FLASHLUBE-1L-png.webp\",\"contentUrl\":\"https:\\\/\\\/recambiosecogas.com\\\/wp-content\\\/uploads\\\/2024\\\/12\\\/FLASHLUBE-1L-png.webp\",\"width\":1000,\"height\":1000},{\"@type\":\"BreadcrumbList\",\"@id\":\"https:\\\/\\\/recambiosecogas.com\\\/pt-pt\\\/producto\\\/lubrificante-glp-flashlube-1l\\\/#breadcrumb\",\"itemListElement\":[{\"@type\":\"ListItem\",\"position\":1,\"name\":\"P\u00e1gina inicial\",\"item\":\"https:\\\/\\\/recambiosecogas.com\\\/pt-pt\\\/\"},{\"@type\":\"ListItem\",\"position\":2,\"name\":\"Loja\",\"item\":\"https:\\\/\\\/recambiosecogas.com\\\/pt-pt\\\/tienda\\\/\"},{\"@type\":\"ListItem\",\"position\":3,\"name\":\"LUBRIFICANTE GLP FLASHLUBE 1L\"}]},{\"@type\":\"WebSite\",\"@id\":\"https:\\\/\\\/recambiosecogas.com\\\/pt-pt\\\/#website\",\"url\":\"https:\\\/\\\/recambiosecogas.com\\\/pt-pt\\\/\",\"name\":\"Recambios EcoGas\",\"description\":\"Pe\u00e7as multimarca para sistemas de GPL\\\/GNC\\\/GNL\\\/Hidrog\u00e9nio\",\"publisher\":{\"@id\":\"https:\\\/\\\/recambiosecogas.com\\\/pt-pt\\\/#organization\"},\"alternateName\":\"Recambios Autogas GLP\",\"potentialAction\":[{\"@type\":\"SearchAction\",\"target\":{\"@type\":\"EntryPoint\",\"urlTemplate\":\"https:\\\/\\\/recambiosecogas.com\\\/pt-pt\\\/?s={search_term_string}\"},\"query-input\":{\"@type\":\"PropertyValueSpecification\",\"valueRequired\":true,\"valueName\":\"search_term_string\"}}],\"inLanguage\":\"pt-PT\"},{\"@type\":[\"Organization\",\"Place\"],\"@id\":\"https:\\\/\\\/recambiosecogas.com\\\/pt-pt\\\/#organization\",\"name\":\"Recambios EcoGas\",\"alternateName\":\"Loja de GPL Autog\u00e1s Espanha\",\"url\":\"https:\\\/\\\/recambiosecogas.com\\\/pt-pt\\\/\",\"logo\":{\"@id\":\"https:\\\/\\\/recambiosecogas.com\\\/pt-pt\\\/producto\\\/lubrificante-glp-flashlube-1l\\\/#local-main-organization-logo\"},\"image\":{\"@id\":\"https:\\\/\\\/recambiosecogas.com\\\/pt-pt\\\/producto\\\/lubrificante-glp-flashlube-1l\\\/#local-main-organization-logo\"},\"sameAs\":[\"https:\\\/\\\/www.facebook.com\\\/profile.php?id=100062419705358\",\"https:\\\/\\\/www.instagram.com\\\/segimon_automocio\"],\"description\":\"Recambios EcoGas \u2013 Venta y distribuci\u00f3n de sistemas GLP y GNC en Espa\u00f1a y Portugal. Env\u00edos 24 h, soporte t\u00e9cnico a talleres y distribuidores.\",\"hasMerchantReturnPolicy\":{\"@type\":\"MerchantReturnPolicy\",\"merchantReturnLink\":\"https:\\\/\\\/recambiosecogas.com\\\/politicas-privacidad\\\/\"},\"address\":{\"@id\":\"https:\\\/\\\/recambiosecogas.com\\\/pt-pt\\\/producto\\\/lubrificante-glp-flashlube-1l\\\/#local-main-place-address\"},\"telephone\":[\"616250633\"],\"contactPoint\":{\"@type\":\"ContactPoint\",\"email\":\"export@recambiosecogas.com\"},\"openingHoursSpecification\":[{\"@type\":\"OpeningHoursSpecification\",\"dayOfWeek\":[\"Monday\",\"Tuesday\",\"Wednesday\",\"Thursday\",\"Friday\",\"Saturday\",\"Sunday\"],\"opens\":\"09:00\",\"closes\":\"17:00\"}],\"email\":\"info@recambiosecogas.com\",\"faxNumber\":\"SEGIMON AUTOMOCION SL\",\"vatID\":\"ESB19819861\",\"globalLocationNumber\":\"938 616 339\"},{\"@type\":\"PostalAddress\",\"@id\":\"https:\\\/\\\/recambiosecogas.com\\\/pt-pt\\\/producto\\\/lubrificante-glp-flashlube-1l\\\/#local-main-place-address\",\"streetAddress\":\"cami antic de vic, 29 (Nave 3), Pol\u00edgono Industrial Congost\",\"addressLocality\":\"CORRO D`AVALL\",\"postalCode\":\"08520\",\"addressRegion\":\"Barcelona\",\"addressCountry\":\"ES\"},{\"@type\":\"ImageObject\",\"inLanguage\":\"pt-PT\",\"@id\":\"https:\\\/\\\/recambiosecogas.com\\\/pt-pt\\\/producto\\\/lubrificante-glp-flashlube-1l\\\/#local-main-organization-logo\",\"url\":\"https:\\\/\\\/recambiosecogas.com\\\/wp-content\\\/uploads\\\/2024\\\/11\\\/cropped-RECAMBIOS-GLP-png.webp\",\"contentUrl\":\"https:\\\/\\\/recambiosecogas.com\\\/wp-content\\\/uploads\\\/2024\\\/11\\\/cropped-RECAMBIOS-GLP-png.webp\",\"width\":512,\"height\":512,\"caption\":\"Recambios EcoGas\"}]}<\/script>\n<meta property=\"og:availability\" content=\"instock\" \/>\n<meta property=\"product:availability\" content=\"instock\" \/>\n<meta property=\"product:retailer_item_id\" content=\"105241\" \/>\n<meta property=\"product:condition\" content=\"new\" \/>\n<meta name=\"geo.placename\" content=\"CORRO D`AVALL\" \/>\n<meta name=\"geo.region\" content=\"Espanha\" \/>\n<!-- \/ Yoast SEO Premium plugin. -->","yoast_head_json":{"title":"LUBRIFICANTE GLP FLASHLUBE 1L | Recambios EcoGas | Sistemas GLP y GNC","description":"Lubrificante Flashlube LPG: protege e prolonga a vida \u00fatil do motor. Ideal para sistemas GPL. Lubrifica\u00e7\u00e3o superior, opera\u00e7\u00e3o suave e confi\u00e1vel.","robots":{"index":"index","follow":"follow","max-snippet":"max-snippet:-1","max-image-preview":"max-image-preview:large","max-video-preview":"max-video-preview:-1"},"canonical":"https:\/\/recambiosecogas.com\/pt-pt\/producto\/lubrificante-glp-flashlube-1l\/","og_locale":"pt_PT","og_type":"article","og_title":"LUBRIFICANTE GLP FLASHLUBE 1L","og_description":"Lubrificante Flashlube LPG: protege e prolonga a vida \u00fatil do motor. Ideal para sistemas GPL. Lubrifica\u00e7\u00e3o superior, opera\u00e7\u00e3o suave e confi\u00e1vel.","og_url":"https:\/\/recambiosecogas.com\/pt-pt\/producto\/lubrificante-glp-flashlube-1l\/","og_site_name":"Recambios EcoGas","article_publisher":"https:\/\/www.facebook.com\/profile.php?id=100062419705358","og_image":[{"width":1000,"height":1000,"url":"https:\/\/recambiosecogas.com\/wp-content\/uploads\/2024\/12\/FLASHLUBE-1L-png.webp","type":"image\/png"}],"twitter_card":"summary_large_image","twitter_misc":{"Disponibilidade":"Em stock"},"schema":{"@context":"https:\/\/schema.org","@graph":[{"@type":"WebPage","@id":"https:\/\/recambiosecogas.com\/pt-pt\/producto\/lubrificante-glp-flashlube-1l\/","url":"https:\/\/recambiosecogas.com\/pt-pt\/producto\/lubrificante-glp-flashlube-1l\/","name":"LUBRIFICANTE GLP FLASHLUBE 1L | Recambios EcoGas | Sistemas GLP y GNC","isPartOf":{"@id":"https:\/\/recambiosecogas.com\/pt-pt\/#website"},"primaryImageOfPage":{"@id":"https:\/\/recambiosecogas.com\/pt-pt\/producto\/lubrificante-glp-flashlube-1l\/#primaryimage"},"image":{"@id":"https:\/\/recambiosecogas.com\/pt-pt\/producto\/lubrificante-glp-flashlube-1l\/#primaryimage"},"thumbnailUrl":"https:\/\/recambiosecogas.com\/wp-content\/uploads\/2024\/12\/FLASHLUBE-1L-png.webp","datePublished":"2024-12-23T14:31:46+00:00","description":"Lubrificante Flashlube LPG: protege e prolonga a vida \u00fatil do motor. Ideal para sistemas GPL. Lubrifica\u00e7\u00e3o superior, opera\u00e7\u00e3o suave e confi\u00e1vel.","breadcrumb":{"@id":"https:\/\/recambiosecogas.com\/pt-pt\/producto\/lubrificante-glp-flashlube-1l\/#breadcrumb"},"inLanguage":"pt-PT","potentialAction":[{"@type":"ReadAction","target":["https:\/\/recambiosecogas.com\/pt-pt\/producto\/lubrificante-glp-flashlube-1l\/"]}]},{"@type":"ImageObject","inLanguage":"pt-PT","@id":"https:\/\/recambiosecogas.com\/pt-pt\/producto\/lubrificante-glp-flashlube-1l\/#primaryimage","url":"https:\/\/recambiosecogas.com\/wp-content\/uploads\/2024\/12\/FLASHLUBE-1L-png.webp","contentUrl":"https:\/\/recambiosecogas.com\/wp-content\/uploads\/2024\/12\/FLASHLUBE-1L-png.webp","width":1000,"height":1000},{"@type":"BreadcrumbList","@id":"https:\/\/recambiosecogas.com\/pt-pt\/producto\/lubrificante-glp-flashlube-1l\/#breadcrumb","itemListElement":[{"@type":"ListItem","position":1,"name":"P\u00e1gina inicial","item":"https:\/\/recambiosecogas.com\/pt-pt\/"},{"@type":"ListItem","position":2,"name":"Loja","item":"https:\/\/recambiosecogas.com\/pt-pt\/tienda\/"},{"@type":"ListItem","position":3,"name":"LUBRIFICANTE GLP FLASHLUBE 1L"}]},{"@type":"WebSite","@id":"https:\/\/recambiosecogas.com\/pt-pt\/#website","url":"https:\/\/recambiosecogas.com\/pt-pt\/","name":"Recambios EcoGas","description":"Pe\u00e7as multimarca para sistemas de GPL\/GNC\/GNL\/Hidrog\u00e9nio","publisher":{"@id":"https:\/\/recambiosecogas.com\/pt-pt\/#organization"},"alternateName":"Recambios Autogas GLP","potentialAction":[{"@type":"SearchAction","target":{"@type":"EntryPoint","urlTemplate":"https:\/\/recambiosecogas.com\/pt-pt\/?s={search_term_string}"},"query-input":{"@type":"PropertyValueSpecification","valueRequired":true,"valueName":"search_term_string"}}],"inLanguage":"pt-PT"},{"@type":["Organization","Place"],"@id":"https:\/\/recambiosecogas.com\/pt-pt\/#organization","name":"Recambios EcoGas","alternateName":"Loja de GPL Autog\u00e1s Espanha","url":"https:\/\/recambiosecogas.com\/pt-pt\/","logo":{"@id":"https:\/\/recambiosecogas.com\/pt-pt\/producto\/lubrificante-glp-flashlube-1l\/#local-main-organization-logo"},"image":{"@id":"https:\/\/recambiosecogas.com\/pt-pt\/producto\/lubrificante-glp-flashlube-1l\/#local-main-organization-logo"},"sameAs":["https:\/\/www.facebook.com\/profile.php?id=100062419705358","https:\/\/www.instagram.com\/segimon_automocio"],"description":"Recambios EcoGas \u2013 Venta y distribuci\u00f3n de sistemas GLP y GNC en Espa\u00f1a y Portugal. Env\u00edos 24 h, soporte t\u00e9cnico a talleres y distribuidores.","hasMerchantReturnPolicy":{"@type":"MerchantReturnPolicy","merchantReturnLink":"https:\/\/recambiosecogas.com\/politicas-privacidad\/"},"address":{"@id":"https:\/\/recambiosecogas.com\/pt-pt\/producto\/lubrificante-glp-flashlube-1l\/#local-main-place-address"},"telephone":["616250633"],"contactPoint":{"@type":"ContactPoint","email":"export@recambiosecogas.com"},"openingHoursSpecification":[{"@type":"OpeningHoursSpecification","dayOfWeek":["Monday","Tuesday","Wednesday","Thursday","Friday","Saturday","Sunday"],"opens":"09:00","closes":"17:00"}],"email":"info@recambiosecogas.com","faxNumber":"SEGIMON AUTOMOCION SL","vatID":"ESB19819861","globalLocationNumber":"938 616 339"},{"@type":"PostalAddress","@id":"https:\/\/recambiosecogas.com\/pt-pt\/producto\/lubrificante-glp-flashlube-1l\/#local-main-place-address","streetAddress":"cami antic de vic, 29 (Nave 3), Pol\u00edgono Industrial Congost","addressLocality":"CORRO D`AVALL","postalCode":"08520","addressRegion":"Barcelona","addressCountry":"ES"},{"@type":"ImageObject","inLanguage":"pt-PT","@id":"https:\/\/recambiosecogas.com\/pt-pt\/producto\/lubrificante-glp-flashlube-1l\/#local-main-organization-logo","url":"https:\/\/recambiosecogas.com\/wp-content\/uploads\/2024\/11\/cropped-RECAMBIOS-GLP-png.webp","contentUrl":"https:\/\/recambiosecogas.com\/wp-content\/uploads\/2024\/11\/cropped-RECAMBIOS-GLP-png.webp","width":512,"height":512,"caption":"Recambios EcoGas"}]},"og_availability":"instock","product_availability":"instock","product_retailer_item_id":"105241","product_condition":"new","geo.placename":"CORRO D`AVALL","geo.region":"Espanha"},"uagb_featured_image_src":{"full":["https:\/\/recambiosecogas.com\/wp-content\/uploads\/2024\/12\/FLASHLUBE-1L-png.webp",1000,1000,false],"thumbnail":["https:\/\/recambiosecogas.com\/wp-content\/uploads\/2024\/12\/FLASHLUBE-1L-150x150.webp",150,150,true],"medium":["https:\/\/recambiosecogas.com\/wp-content\/uploads\/2024\/12\/FLASHLUBE-1L-300x300.webp",300,300,true],"medium_large":["https:\/\/recambiosecogas.com\/wp-content\/uploads\/2024\/12\/FLASHLUBE-1L-768x768.webp",768,768,true],"large":["https:\/\/recambiosecogas.com\/wp-content\/uploads\/2024\/12\/FLASHLUBE-1L-png.webp",1000,1000,false],"1536x1536":["https:\/\/recambiosecogas.com\/wp-content\/uploads\/2024\/12\/FLASHLUBE-1L-png.webp",1000,1000,false],"2048x2048":["https:\/\/recambiosecogas.com\/wp-content\/uploads\/2024\/12\/FLASHLUBE-1L-png.webp",1000,1000,false],"woocommerce_archive_thumbnail":["https:\/\/recambiosecogas.com\/wp-content\/uploads\/2024\/12\/FLASHLUBE-1L-png.webp",1000,1000,false],"woocommerce_thumbnail":["https:\/\/recambiosecogas.com\/wp-content\/uploads\/2024\/12\/FLASHLUBE-1L-300x300.webp",300,300,true],"woocommerce_single":["https:\/\/recambiosecogas.com\/wp-content\/uploads\/2024\/12\/FLASHLUBE-1L-png.webp",1000,1000,false],"woocommerce_gallery_thumbnail":["https:\/\/recambiosecogas.com\/wp-content\/uploads\/2024\/12\/FLASHLUBE-1L-png.webp",1000,1000,false],"dgwt-wcas-product-suggestion":["https:\/\/recambiosecogas.com\/wp-content\/uploads\/2024\/12\/FLASHLUBE-1L-64x64.webp",64,64,true]},"uagb_author_info":{"display_name":"Fran - Soporte T\u00e9cnico","author_link":"https:\/\/recambiosecogas.com\/pt-pt\/author\/"},"uagb_comment_info":0,"uagb_excerpt":"Otimize o desempenho do seu ve\u00edculo com o Lubrificante GPL Flashlube. Lubrificante avan\u00e7ado para proteger o motor e as v\u00e1lvulas, compat\u00edvel com uma vasta gama de ve\u00edculos que utilizam GPL.","_links":{"self":[{"href":"https:\/\/recambiosecogas.com\/pt-pt\/wp-json\/wp\/v2\/product\/41447","targetHints":{"allow":["GET"]}}],"collection":[{"href":"https:\/\/recambiosecogas.com\/pt-pt\/wp-json\/wp\/v2\/product"}],"about":[{"href":"https:\/\/recambiosecogas.com\/pt-pt\/wp-json\/wp\/v2\/types\/product"}],"replies":[{"embeddable":true,"href":"https:\/\/recambiosecogas.com\/pt-pt\/wp-json\/wp\/v2\/comments?post=41447"}],"wp:featuredmedia":[{"embeddable":true,"href":"https:\/\/recambiosecogas.com\/pt-pt\/wp-json\/wp\/v2\/media\/25987"}],"wp:attachment":[{"href":"https:\/\/recambiosecogas.com\/pt-pt\/wp-json\/wp\/v2\/media?parent=41447"}],"wp:term":[{"taxonomy":"product_brand","embeddable":true,"href":"https:\/\/recambiosecogas.com\/pt-pt\/wp-json\/wp\/v2\/product_brand?post=41447"},{"taxonomy":"product_cat","embeddable":true,"href":"https:\/\/recambiosecogas.com\/pt-pt\/wp-json\/wp\/v2\/product_cat?post=41447"},{"taxonomy":"product_tag","embeddable":true,"href":"https:\/\/recambiosecogas.com\/pt-pt\/wp-json\/wp\/v2\/product_tag?post=41447"}],"curies":[{"name":"wp","href":"https:\/\/api.w.org\/{rel}","templated":true}]}}