{"id":41406,"date":"2024-12-23T15:31:47","date_gmt":"2024-12-23T14:31:47","guid":{"rendered":"https:\/\/recambiosecogas.com\/producto\/cuidados-com-injetores-prins-glp-250ml\/"},"modified":"2025-10-22T10:38:44","modified_gmt":"2025-10-22T09:38:44","slug":"injector-care-250ml-prins-glp","status":"publish","type":"product","link":"https:\/\/recambiosecogas.com\/pt-pt\/produto\/injector-care-250ml-prins-glp\/","title":{"rendered":"CUIDADOS COM INJETORES PRINS GLP 250ML"},"content":{"rendered":"<p><strong>Injetor Care 250ml Prins<\/strong> \u00e9 um aditivo especializado para manter os injetores de sistemas de g\u00e1s GPL e GNC em condi\u00e7\u00f5es \u00f3timas. Este aditivo remove dep\u00f3sitos e detritos acumulados nos injetores, garantindo uma combust\u00e3o mais eficiente e prolongando a vida \u00fatil do sistema. Compat\u00edvel com sistemas de g\u00e1s Prins e uma grande variedade de ve\u00edculos, incluindo Audi, BMW, Ford, Mercedes-Benz, Peugeot, Renault, Volkswagen, Toyota, Nissan, Kia, Hyundai, Fiat e muitos mais, este produto ajuda a melhorar o desempenho e reduzir as emiss\u00f5es.  <\/p>\n<h2><strong>Carater\u00edsticas:<\/strong><\/h2>\n<ul>\n<li><strong>Limpeza profunda:<\/strong> Dissolve os res\u00edduos acumulados nos injetores de g\u00e1s GPL e GNC, melhorando o fluxo de combust\u00edvel e a efici\u00eancia do motor.<\/li>\n<li><strong>Prote\u00e7\u00e3o a longo prazo:<\/strong> Mant\u00e9m os injetores em \u00f3timas condi\u00e7\u00f5es, protegendo-os contra dep\u00f3sitos futuros e garantindo um desempenho consistente.<\/li>\n<li><strong>Compatibilidade Universal:<\/strong> Compat\u00edvel com sistemas Prins e uma vasta gama de ve\u00edculos que utilizam GPL e GNC, tais como Audi, BMW, Ford, Mercedes-Benz, Peugeot, Renault, Volkswagen, Toyota, Nissan, Kia, Hyundai, Fiat, entre outros.<\/li>\n<li><strong>Melhoria de desempenho:<\/strong> Garante uma combust\u00e3o mais eficiente, reduzindo o consumo de combust\u00edvel e melhorando a resposta do motor.<\/li>\n<li><strong>Redu\u00e7\u00e3o das emiss\u00f5es:<\/strong> Melhorando a combust\u00e3o, reduzindo as emiss\u00f5es e contribuindo para um motor mais ecol\u00f3gico.<\/li>\n<\/ul>\n<h2><strong>Benef\u00edcios:<\/strong><\/h2>\n<ul>\n<li><strong>Desempenho otimizado:<\/strong> Melhora a efici\u00eancia do motor e prolonga a vida \u00fatil dos injetores, garantindo um funcionamento mais suave.<\/li>\n<li><strong>Custos de manuten\u00e7\u00e3o reduzidos:<\/strong> Minimiza a necessidade de reparos dispendiosos, mantendo os injetores limpos e bem conservados.<\/li>\n<li><strong>Ampla compatibilidade:<\/strong> Trabalha com uma vasta gama de ve\u00edculos que utilizam sistemas de GPL e GNC, proporcionando versatilidade na sua utiliza\u00e7\u00e3o.<\/li>\n<li><strong>Redu\u00e7\u00e3o das emiss\u00f5es:<\/strong> Contribui para uma combust\u00e3o mais limpa, ajudando a reduzir as emiss\u00f5es poluentes.<\/li>\n<\/ul>\n<p><strong>Compre agora o Prins Injetor Care 250ml e garanta a limpeza e prote\u00e7\u00e3o dos seus injetores em sistemas GPL e GNC. Compat\u00edvel com uma grande variedade de ve\u00edculos reconhecidos e sistemas de g\u00e1s. Se precisar de mais produtos GPL, aceda \u00e0 nossa <a href=\"https:\/\/recambiosecogas.com\/categoria-producto\/repostar\/adaptadores-glp\/\">LOJA.<\/a>  <\/strong><\/p>\n<p style=\"text-align: center;\"><a href=\"https:\/\/segimonautomocio.com\/categoria-producto\/auto-gas-glp\/aditivos-glp\/\">OBTENHA MAIS ADITIVOS GLP<\/a><\/p>\n","protected":false},"excerpt":{"rendered":"<p><a href=\"http:\/\/recambiosecogas.com\/wp-content\/uploads\/2024\/12\/Instruction_Prins-InjectorCare_ES.pdf.pdf\">MANUAL DO UTILIZADOR<\/a><\/p>\n","protected":false},"featured_media":25985,"comment_status":"open","ping_status":"closed","template":"","meta":{"googlesitekit_rrm_CAowud7EDA:productID":"","_uag_custom_page_level_css":""},"product_brand":[1003],"product_cat":[1277,1301,1287,1323,1765,1338],"product_tag":[],"class_list":{"0":"post-41406","1":"product","2":"type-product","3":"status-publish","4":"has-post-thumbnail","6":"product_brand-prins","7":"product_cat-acessorios-para-oficina","8":"product_cat-aditivos-pt-pt","9":"product_cat-limpador-de-injetores","10":"product_cat-liquido-de-protecao-das-valvulas","11":"product_cat-prins-pt-pt","12":"product_cat-valvecare-injectorcare-pt-pt","14":"first","15":"instock","16":"sale","17":"taxable","18":"shipping-taxable","19":"purchasable","20":"product-type-variable"},"ct_brands":[{"id":1003,"name":"PRINS","slug":"prins"}],"yoast_head":"<!-- This site is optimized with the Yoast SEO Premium plugin v27.4 (Yoast SEO v27.5) - https:\/\/yoast.com\/product\/yoast-seo-premium-wordpress\/ -->\n<title>CUIDADOS COM INJETORES PRINS GLP 250ML | Recambios EcoGas | Sistemas GLP y GNC<\/title>\n<meta name=\"description\" content=\"Otimize o seu sistema de GPL com o Injetor Care 250ml da Prins. Elimina dep\u00f3sitos e garante um desempenho \u00f3timo do motor.\" \/>\n<meta name=\"robots\" content=\"index, follow, max-snippet:-1, max-image-preview:large, max-video-preview:-1\" \/>\n<link rel=\"canonical\" href=\"https:\/\/recambiosecogas.com\/pt-pt\/produto\/injector-care-250ml-prins-glp\/\" \/>\n<meta property=\"og:locale\" content=\"pt_PT\" \/>\n<meta property=\"og:type\" content=\"article\" \/>\n<meta property=\"og:title\" content=\"CUIDADOS COM INJETORES PRINS GLP 250ML\" \/>\n<meta property=\"og:description\" content=\"Otimize o seu sistema de GPL com o Injetor Care 250ml da Prins. Elimina dep\u00f3sitos e garante um desempenho \u00f3timo do motor.\" \/>\n<meta property=\"og:url\" content=\"https:\/\/recambiosecogas.com\/pt-pt\/produto\/injector-care-250ml-prins-glp\/\" \/>\n<meta property=\"og:site_name\" content=\"Recambios EcoGas\" \/>\n<meta property=\"article:publisher\" content=\"https:\/\/www.facebook.com\/profile.php?id=100062419705358\" \/>\n<meta property=\"article:modified_time\" content=\"2025-10-22T09:38:44+00:00\" \/>\n<meta property=\"og:image\" content=\"https:\/\/recambiosecogas.com\/wp-content\/uploads\/2024\/12\/INYECTOR-CARE-PRINS-250-ML-png.webp\" \/>\n\t<meta property=\"og:image:width\" content=\"1000\" \/>\n\t<meta property=\"og:image:height\" content=\"1000\" \/>\n\t<meta property=\"og:image:type\" content=\"image\/png\" \/>\n<meta name=\"twitter:card\" content=\"summary_large_image\" \/>\n<meta name=\"twitter:label1\" content=\"Disponibilidade\" \/>\n\t<meta name=\"twitter:data1\" content=\"Em stock\" \/>\n<script type=\"application\/ld+json\" class=\"yoast-schema-graph\">{\"@context\":\"https:\\\/\\\/schema.org\",\"@graph\":[{\"@type\":\"WebPage\",\"@id\":\"https:\\\/\\\/recambiosecogas.com\\\/pt-pt\\\/produto\\\/injector-care-250ml-prins-glp\\\/\",\"url\":\"https:\\\/\\\/recambiosecogas.com\\\/pt-pt\\\/produto\\\/injector-care-250ml-prins-glp\\\/\",\"name\":\"CUIDADOS COM INJETORES PRINS GLP 250ML | Recambios EcoGas | Sistemas GLP y GNC\",\"isPartOf\":{\"@id\":\"https:\\\/\\\/recambiosecogas.com\\\/pt-pt\\\/#website\"},\"primaryImageOfPage\":{\"@id\":\"https:\\\/\\\/recambiosecogas.com\\\/pt-pt\\\/produto\\\/injector-care-250ml-prins-glp\\\/#primaryimage\"},\"image\":{\"@id\":\"https:\\\/\\\/recambiosecogas.com\\\/pt-pt\\\/produto\\\/injector-care-250ml-prins-glp\\\/#primaryimage\"},\"thumbnailUrl\":\"https:\\\/\\\/recambiosecogas.com\\\/wp-content\\\/uploads\\\/2024\\\/12\\\/INYECTOR-CARE-PRINS-250-ML-png.webp\",\"datePublished\":\"2024-12-23T14:31:47+00:00\",\"dateModified\":\"2025-10-22T09:38:44+00:00\",\"description\":\"Otimize o seu sistema de GPL com o Injetor Care 250ml da Prins. Elimina dep\u00f3sitos e garante um desempenho \u00f3timo do motor.\",\"breadcrumb\":{\"@id\":\"https:\\\/\\\/recambiosecogas.com\\\/pt-pt\\\/produto\\\/injector-care-250ml-prins-glp\\\/#breadcrumb\"},\"inLanguage\":\"pt-PT\",\"potentialAction\":[{\"@type\":\"ReadAction\",\"target\":[\"https:\\\/\\\/recambiosecogas.com\\\/pt-pt\\\/produto\\\/injector-care-250ml-prins-glp\\\/\"]}]},{\"@type\":\"ImageObject\",\"inLanguage\":\"pt-PT\",\"@id\":\"https:\\\/\\\/recambiosecogas.com\\\/pt-pt\\\/produto\\\/injector-care-250ml-prins-glp\\\/#primaryimage\",\"url\":\"https:\\\/\\\/recambiosecogas.com\\\/wp-content\\\/uploads\\\/2024\\\/12\\\/INYECTOR-CARE-PRINS-250-ML-png.webp\",\"contentUrl\":\"https:\\\/\\\/recambiosecogas.com\\\/wp-content\\\/uploads\\\/2024\\\/12\\\/INYECTOR-CARE-PRINS-250-ML-png.webp\",\"width\":1000,\"height\":1000,\"caption\":\"INJETOR PRINS GLP 250ML\"},{\"@type\":\"BreadcrumbList\",\"@id\":\"https:\\\/\\\/recambiosecogas.com\\\/pt-pt\\\/produto\\\/injector-care-250ml-prins-glp\\\/#breadcrumb\",\"itemListElement\":[{\"@type\":\"ListItem\",\"position\":1,\"name\":\"P\u00e1gina inicial\",\"item\":\"https:\\\/\\\/recambiosecogas.com\\\/pt-pt\\\/\"},{\"@type\":\"ListItem\",\"position\":2,\"name\":\"Loja\",\"item\":\"https:\\\/\\\/recambiosecogas.com\\\/pt-pt\\\/tienda\\\/\"},{\"@type\":\"ListItem\",\"position\":3,\"name\":\"CUIDADOS COM INJETORES PRINS GLP 250ML\"}]},{\"@type\":\"WebSite\",\"@id\":\"https:\\\/\\\/recambiosecogas.com\\\/pt-pt\\\/#website\",\"url\":\"https:\\\/\\\/recambiosecogas.com\\\/pt-pt\\\/\",\"name\":\"Recambios EcoGas\",\"description\":\"Pe\u00e7as multimarca para sistemas de GPL\\\/GNC\\\/GNL\\\/Hidrog\u00e9nio\",\"publisher\":{\"@id\":\"https:\\\/\\\/recambiosecogas.com\\\/pt-pt\\\/#organization\"},\"alternateName\":\"Recambios Autogas GLP\",\"potentialAction\":[{\"@type\":\"SearchAction\",\"target\":{\"@type\":\"EntryPoint\",\"urlTemplate\":\"https:\\\/\\\/recambiosecogas.com\\\/pt-pt\\\/?s={search_term_string}\"},\"query-input\":{\"@type\":\"PropertyValueSpecification\",\"valueRequired\":true,\"valueName\":\"search_term_string\"}}],\"inLanguage\":\"pt-PT\"},{\"@type\":[\"Organization\",\"Place\"],\"@id\":\"https:\\\/\\\/recambiosecogas.com\\\/pt-pt\\\/#organization\",\"name\":\"Recambios EcoGas\",\"alternateName\":\"Loja de GPL Autog\u00e1s Espanha\",\"url\":\"https:\\\/\\\/recambiosecogas.com\\\/pt-pt\\\/\",\"logo\":{\"@id\":\"https:\\\/\\\/recambiosecogas.com\\\/pt-pt\\\/produto\\\/injector-care-250ml-prins-glp\\\/#local-main-organization-logo\"},\"image\":{\"@id\":\"https:\\\/\\\/recambiosecogas.com\\\/pt-pt\\\/produto\\\/injector-care-250ml-prins-glp\\\/#local-main-organization-logo\"},\"sameAs\":[\"https:\\\/\\\/www.facebook.com\\\/profile.php?id=100062419705358\",\"https:\\\/\\\/www.instagram.com\\\/segimon_automocio\"],\"description\":\"Recambios EcoGas \u2013 Venta y distribuci\u00f3n de sistemas GLP y GNC en Espa\u00f1a y Portugal. Env\u00edos 24 h, soporte t\u00e9cnico a talleres y distribuidores.\",\"hasMerchantReturnPolicy\":{\"@type\":\"MerchantReturnPolicy\",\"merchantReturnLink\":\"https:\\\/\\\/recambiosecogas.com\\\/politicas-privacidad\\\/\"},\"address\":{\"@id\":\"https:\\\/\\\/recambiosecogas.com\\\/pt-pt\\\/produto\\\/injector-care-250ml-prins-glp\\\/#local-main-place-address\"},\"telephone\":[\"616250633\"],\"contactPoint\":{\"@type\":\"ContactPoint\",\"email\":\"export@recambiosecogas.com\"},\"openingHoursSpecification\":[{\"@type\":\"OpeningHoursSpecification\",\"dayOfWeek\":[\"Monday\",\"Tuesday\",\"Wednesday\",\"Thursday\",\"Friday\",\"Saturday\",\"Sunday\"],\"opens\":\"09:00\",\"closes\":\"17:00\"}],\"email\":\"info@recambiosecogas.com\",\"faxNumber\":\"SEGIMON AUTOMOCION SL\",\"vatID\":\"ESB19819861\",\"globalLocationNumber\":\"938 616 339\"},{\"@type\":\"PostalAddress\",\"@id\":\"https:\\\/\\\/recambiosecogas.com\\\/pt-pt\\\/produto\\\/injector-care-250ml-prins-glp\\\/#local-main-place-address\",\"streetAddress\":\"cami antic de vic, 29 (Nave 3), Pol\u00edgono Industrial Congost\",\"addressLocality\":\"CORRO D`AVALL\",\"postalCode\":\"08520\",\"addressRegion\":\"Barcelona\",\"addressCountry\":\"ES\"},{\"@type\":\"ImageObject\",\"inLanguage\":\"pt-PT\",\"@id\":\"https:\\\/\\\/recambiosecogas.com\\\/pt-pt\\\/produto\\\/injector-care-250ml-prins-glp\\\/#local-main-organization-logo\",\"url\":\"https:\\\/\\\/recambiosecogas.com\\\/wp-content\\\/uploads\\\/2024\\\/11\\\/cropped-RECAMBIOS-GLP-png.webp\",\"contentUrl\":\"https:\\\/\\\/recambiosecogas.com\\\/wp-content\\\/uploads\\\/2024\\\/11\\\/cropped-RECAMBIOS-GLP-png.webp\",\"width\":512,\"height\":512,\"caption\":\"Recambios EcoGas\"}]}<\/script>\n<meta property=\"product:brand\" content=\"PRINS\" \/>\n<meta property=\"og:availability\" content=\"instock\" \/>\n<meta property=\"product:availability\" content=\"instock\" \/>\n<meta property=\"product:retailer_item_id\" content=\"108305\" \/>\n<meta property=\"product:condition\" content=\"new\" \/>\n<meta name=\"geo.placename\" content=\"CORRO D`AVALL\" \/>\n<meta name=\"geo.region\" content=\"Espanha\" \/>\n<!-- \/ Yoast SEO Premium plugin. -->","yoast_head_json":{"title":"CUIDADOS COM INJETORES PRINS GLP 250ML | Recambios EcoGas | Sistemas GLP y GNC","description":"Otimize o seu sistema de GPL com o Injetor Care 250ml da Prins. Elimina dep\u00f3sitos e garante um desempenho \u00f3timo do motor.","robots":{"index":"index","follow":"follow","max-snippet":"max-snippet:-1","max-image-preview":"max-image-preview:large","max-video-preview":"max-video-preview:-1"},"canonical":"https:\/\/recambiosecogas.com\/pt-pt\/produto\/injector-care-250ml-prins-glp\/","og_locale":"pt_PT","og_type":"article","og_title":"CUIDADOS COM INJETORES PRINS GLP 250ML","og_description":"Otimize o seu sistema de GPL com o Injetor Care 250ml da Prins. Elimina dep\u00f3sitos e garante um desempenho \u00f3timo do motor.","og_url":"https:\/\/recambiosecogas.com\/pt-pt\/produto\/injector-care-250ml-prins-glp\/","og_site_name":"Recambios EcoGas","article_publisher":"https:\/\/www.facebook.com\/profile.php?id=100062419705358","article_modified_time":"2025-10-22T09:38:44+00:00","og_image":[{"width":1000,"height":1000,"url":"https:\/\/recambiosecogas.com\/wp-content\/uploads\/2024\/12\/INYECTOR-CARE-PRINS-250-ML-png.webp","type":"image\/png"}],"twitter_card":"summary_large_image","twitter_misc":{"Disponibilidade":"Em stock"},"schema":{"@context":"https:\/\/schema.org","@graph":[{"@type":"WebPage","@id":"https:\/\/recambiosecogas.com\/pt-pt\/produto\/injector-care-250ml-prins-glp\/","url":"https:\/\/recambiosecogas.com\/pt-pt\/produto\/injector-care-250ml-prins-glp\/","name":"CUIDADOS COM INJETORES PRINS GLP 250ML | Recambios EcoGas | Sistemas GLP y GNC","isPartOf":{"@id":"https:\/\/recambiosecogas.com\/pt-pt\/#website"},"primaryImageOfPage":{"@id":"https:\/\/recambiosecogas.com\/pt-pt\/produto\/injector-care-250ml-prins-glp\/#primaryimage"},"image":{"@id":"https:\/\/recambiosecogas.com\/pt-pt\/produto\/injector-care-250ml-prins-glp\/#primaryimage"},"thumbnailUrl":"https:\/\/recambiosecogas.com\/wp-content\/uploads\/2024\/12\/INYECTOR-CARE-PRINS-250-ML-png.webp","datePublished":"2024-12-23T14:31:47+00:00","dateModified":"2025-10-22T09:38:44+00:00","description":"Otimize o seu sistema de GPL com o Injetor Care 250ml da Prins. Elimina dep\u00f3sitos e garante um desempenho \u00f3timo do motor.","breadcrumb":{"@id":"https:\/\/recambiosecogas.com\/pt-pt\/produto\/injector-care-250ml-prins-glp\/#breadcrumb"},"inLanguage":"pt-PT","potentialAction":[{"@type":"ReadAction","target":["https:\/\/recambiosecogas.com\/pt-pt\/produto\/injector-care-250ml-prins-glp\/"]}]},{"@type":"ImageObject","inLanguage":"pt-PT","@id":"https:\/\/recambiosecogas.com\/pt-pt\/produto\/injector-care-250ml-prins-glp\/#primaryimage","url":"https:\/\/recambiosecogas.com\/wp-content\/uploads\/2024\/12\/INYECTOR-CARE-PRINS-250-ML-png.webp","contentUrl":"https:\/\/recambiosecogas.com\/wp-content\/uploads\/2024\/12\/INYECTOR-CARE-PRINS-250-ML-png.webp","width":1000,"height":1000,"caption":"INJETOR PRINS GLP 250ML"},{"@type":"BreadcrumbList","@id":"https:\/\/recambiosecogas.com\/pt-pt\/produto\/injector-care-250ml-prins-glp\/#breadcrumb","itemListElement":[{"@type":"ListItem","position":1,"name":"P\u00e1gina inicial","item":"https:\/\/recambiosecogas.com\/pt-pt\/"},{"@type":"ListItem","position":2,"name":"Loja","item":"https:\/\/recambiosecogas.com\/pt-pt\/tienda\/"},{"@type":"ListItem","position":3,"name":"CUIDADOS COM INJETORES PRINS GLP 250ML"}]},{"@type":"WebSite","@id":"https:\/\/recambiosecogas.com\/pt-pt\/#website","url":"https:\/\/recambiosecogas.com\/pt-pt\/","name":"Recambios EcoGas","description":"Pe\u00e7as multimarca para sistemas de GPL\/GNC\/GNL\/Hidrog\u00e9nio","publisher":{"@id":"https:\/\/recambiosecogas.com\/pt-pt\/#organization"},"alternateName":"Recambios Autogas GLP","potentialAction":[{"@type":"SearchAction","target":{"@type":"EntryPoint","urlTemplate":"https:\/\/recambiosecogas.com\/pt-pt\/?s={search_term_string}"},"query-input":{"@type":"PropertyValueSpecification","valueRequired":true,"valueName":"search_term_string"}}],"inLanguage":"pt-PT"},{"@type":["Organization","Place"],"@id":"https:\/\/recambiosecogas.com\/pt-pt\/#organization","name":"Recambios EcoGas","alternateName":"Loja de GPL Autog\u00e1s Espanha","url":"https:\/\/recambiosecogas.com\/pt-pt\/","logo":{"@id":"https:\/\/recambiosecogas.com\/pt-pt\/produto\/injector-care-250ml-prins-glp\/#local-main-organization-logo"},"image":{"@id":"https:\/\/recambiosecogas.com\/pt-pt\/produto\/injector-care-250ml-prins-glp\/#local-main-organization-logo"},"sameAs":["https:\/\/www.facebook.com\/profile.php?id=100062419705358","https:\/\/www.instagram.com\/segimon_automocio"],"description":"Recambios EcoGas \u2013 Venta y distribuci\u00f3n de sistemas GLP y GNC en Espa\u00f1a y Portugal. Env\u00edos 24 h, soporte t\u00e9cnico a talleres y distribuidores.","hasMerchantReturnPolicy":{"@type":"MerchantReturnPolicy","merchantReturnLink":"https:\/\/recambiosecogas.com\/politicas-privacidad\/"},"address":{"@id":"https:\/\/recambiosecogas.com\/pt-pt\/produto\/injector-care-250ml-prins-glp\/#local-main-place-address"},"telephone":["616250633"],"contactPoint":{"@type":"ContactPoint","email":"export@recambiosecogas.com"},"openingHoursSpecification":[{"@type":"OpeningHoursSpecification","dayOfWeek":["Monday","Tuesday","Wednesday","Thursday","Friday","Saturday","Sunday"],"opens":"09:00","closes":"17:00"}],"email":"info@recambiosecogas.com","faxNumber":"SEGIMON AUTOMOCION SL","vatID":"ESB19819861","globalLocationNumber":"938 616 339"},{"@type":"PostalAddress","@id":"https:\/\/recambiosecogas.com\/pt-pt\/produto\/injector-care-250ml-prins-glp\/#local-main-place-address","streetAddress":"cami antic de vic, 29 (Nave 3), Pol\u00edgono Industrial Congost","addressLocality":"CORRO D`AVALL","postalCode":"08520","addressRegion":"Barcelona","addressCountry":"ES"},{"@type":"ImageObject","inLanguage":"pt-PT","@id":"https:\/\/recambiosecogas.com\/pt-pt\/produto\/injector-care-250ml-prins-glp\/#local-main-organization-logo","url":"https:\/\/recambiosecogas.com\/wp-content\/uploads\/2024\/11\/cropped-RECAMBIOS-GLP-png.webp","contentUrl":"https:\/\/recambiosecogas.com\/wp-content\/uploads\/2024\/11\/cropped-RECAMBIOS-GLP-png.webp","width":512,"height":512,"caption":"Recambios EcoGas"}]},"product_brand":"PRINS","og_availability":"instock","product_availability":"instock","product_retailer_item_id":"108305","product_condition":"new","geo.placename":"CORRO D`AVALL","geo.region":"Espanha"},"uagb_featured_image_src":{"full":["https:\/\/recambiosecogas.com\/wp-content\/uploads\/2024\/12\/INYECTOR-CARE-PRINS-250-ML-png.webp",1000,1000,false],"thumbnail":["https:\/\/recambiosecogas.com\/wp-content\/uploads\/2024\/12\/INYECTOR-CARE-PRINS-250-ML-150x150.webp",150,150,true],"medium":["https:\/\/recambiosecogas.com\/wp-content\/uploads\/2024\/12\/INYECTOR-CARE-PRINS-250-ML-300x300.webp",300,300,true],"medium_large":["https:\/\/recambiosecogas.com\/wp-content\/uploads\/2024\/12\/INYECTOR-CARE-PRINS-250-ML-768x768.webp",768,768,true],"large":["https:\/\/recambiosecogas.com\/wp-content\/uploads\/2024\/12\/INYECTOR-CARE-PRINS-250-ML-png.webp",1000,1000,false],"1536x1536":["https:\/\/recambiosecogas.com\/wp-content\/uploads\/2024\/12\/INYECTOR-CARE-PRINS-250-ML-png.webp",1000,1000,false],"2048x2048":["https:\/\/recambiosecogas.com\/wp-content\/uploads\/2024\/12\/INYECTOR-CARE-PRINS-250-ML-png.webp",1000,1000,false],"woocommerce_archive_thumbnail":["https:\/\/recambiosecogas.com\/wp-content\/uploads\/2024\/12\/INYECTOR-CARE-PRINS-250-ML-png.webp",1000,1000,false],"woocommerce_thumbnail":["https:\/\/recambiosecogas.com\/wp-content\/uploads\/2024\/12\/INYECTOR-CARE-PRINS-250-ML-300x300.webp",300,300,true],"woocommerce_single":["https:\/\/recambiosecogas.com\/wp-content\/uploads\/2024\/12\/INYECTOR-CARE-PRINS-250-ML-png.webp",1000,1000,false],"woocommerce_gallery_thumbnail":["https:\/\/recambiosecogas.com\/wp-content\/uploads\/2024\/12\/INYECTOR-CARE-PRINS-250-ML-png.webp",1000,1000,false],"dgwt-wcas-product-suggestion":["https:\/\/recambiosecogas.com\/wp-content\/uploads\/2024\/12\/INYECTOR-CARE-PRINS-250-ML-64x64.webp",64,64,true]},"uagb_author_info":{"display_name":"Fran - Soporte T\u00e9cnico","author_link":"https:\/\/recambiosecogas.com\/pt-pt\/author\/"},"uagb_comment_info":0,"uagb_excerpt":"MANUAL DO UTILIZADOR","_links":{"self":[{"href":"https:\/\/recambiosecogas.com\/pt-pt\/wp-json\/wp\/v2\/product\/41406","targetHints":{"allow":["GET"]}}],"collection":[{"href":"https:\/\/recambiosecogas.com\/pt-pt\/wp-json\/wp\/v2\/product"}],"about":[{"href":"https:\/\/recambiosecogas.com\/pt-pt\/wp-json\/wp\/v2\/types\/product"}],"replies":[{"embeddable":true,"href":"https:\/\/recambiosecogas.com\/pt-pt\/wp-json\/wp\/v2\/comments?post=41406"}],"wp:featuredmedia":[{"embeddable":true,"href":"https:\/\/recambiosecogas.com\/pt-pt\/wp-json\/wp\/v2\/media\/25985"}],"wp:attachment":[{"href":"https:\/\/recambiosecogas.com\/pt-pt\/wp-json\/wp\/v2\/media?parent=41406"}],"wp:term":[{"taxonomy":"product_brand","embeddable":true,"href":"https:\/\/recambiosecogas.com\/pt-pt\/wp-json\/wp\/v2\/product_brand?post=41406"},{"taxonomy":"product_cat","embeddable":true,"href":"https:\/\/recambiosecogas.com\/pt-pt\/wp-json\/wp\/v2\/product_cat?post=41406"},{"taxonomy":"product_tag","embeddable":true,"href":"https:\/\/recambiosecogas.com\/pt-pt\/wp-json\/wp\/v2\/product_tag?post=41406"}],"curies":[{"name":"wp","href":"https:\/\/api.w.org\/{rel}","templated":true}]}}