{"id":41403,"date":"2024-12-19T11:09:22","date_gmt":"2024-12-19T10:09:22","guid":{"rendered":"https:\/\/recambiosecogas.com\/producto\/filtro-gpl-de-fase-liquida-stefanelli\/"},"modified":"2024-12-19T11:09:22","modified_gmt":"2024-12-19T10:09:22","slug":"filtro-gpl-de-fase-liquida-stefanelli","status":"publish","type":"product","link":"https:\/\/recambiosecogas.com\/pt-pt\/produto\/filtro-gpl-de-fase-liquida-stefanelli\/","title":{"rendered":"Filtro GPL de fase l\u00edquida STEFANELLI"},"content":{"rendered":"<h3 class=\"\" style=\"text-align: center;\" data-start=\"192\" data-end=\"269\"><strong data-start=\"196\" data-end=\"269\">Filtro LPG de fase l\u00edquida STEFANELLI \u2013 Compat\u00edvel com GEO 110 e BIG GEO<\/strong><\/h3>\n<p class=\"\" data-start=\"271\" data-end=\"610\">A <strong data-start=\"274\" data-end=\"325\">substitui\u00e7\u00e3o do filtro de fase l\u00edquida STEFANELLI<\/strong> \u00e9 um elemento essencial para manter a efici\u00eancia e a seguran\u00e7a nos sistemas <strong data-start=\"402\" data-end=\"409\">de GLP<\/strong>. Projetado especificamente para as <strong data-start=\"445\" data-end=\"487\">caixas de velocidades Stefaneli GEO 110 e BIG GEO<\/strong>, este filtro impede que part\u00edculas s\u00f3lidas atinjam o sistema de inje\u00e7\u00e3o, protegendo o motor e melhorando a combust\u00e3o. <\/p>\n<p class=\"\" data-start=\"612\" data-end=\"949\">Feito <strong data-start=\"625\" data-end=\"658\">de metal e papel de alta qualidade<\/strong>, garante <strong data-start=\"674\" data-end=\"695\">filtra\u00e7\u00e3o eficaz<\/strong>, resist\u00eancia t\u00e9rmica e uma longa vida \u00fatil. Gra\u00e7as \u00e0s suas <strong data-start=\"759\" data-end=\"806\">dimens\u00f5es compactas (18 x 39 x 8,5\/16 mm),<\/strong> \u00e9 f\u00e1cil de instalar e substituir, sendo ideal para tarefas de manuten\u00e7\u00e3o preventiva em ve\u00edculos convertidos para GPL com sistemas Stefaneli. <\/p>\n<p class=\"\" data-start=\"951\" data-end=\"1091\">Esta pe\u00e7a de reposi\u00e7\u00e3o \u00e9 perfeita para oficinas especializadas e usu\u00e1rios que procuram confiabilidade e total compatibilidade com instala\u00e7\u00f5es originais.<\/p>\n<hr class=\"\" data-start=\"1093\" data-end=\"1096\">\n<h4 data-start=\"1098\" data-end=\"1163\"><strong data-start=\"1102\" data-end=\"1163\">Especifica\u00e7\u00f5es T\u00e9cnicas \u2013 Filtro de fase l\u00edquida STEFANELLI<\/strong><\/h4>\n<div class=\"overflow-x-auto contain-inline-size\">\n<table data-start=\"1165\" data-end=\"1945\">\n<thead data-start=\"1165\" data-end=\"1243\">\n<tr data-start=\"1165\" data-end=\"1243\">\n<th data-start=\"1165\" data-end=\"1194\">Especifica\u00e7\u00e3o<\/th>\n<th data-start=\"1194\" data-end=\"1243\">Detalhes<\/th>\n<\/tr>\n<\/thead>\n<tbody data-start=\"1322\" data-end=\"1945\">\n<tr data-start=\"1322\" data-end=\"1399\">\n<td><strong data-start=\"1324\" data-end=\"1342\">Tipo de filtro<\/strong><\/td>\n<td>Fase l\u00edquida<\/td>\n<\/tr>\n<tr data-start=\"1400\" data-end=\"1477\">\n<td><strong data-start=\"1402\" data-end=\"1425\">Material do filtro<\/strong><\/td>\n<td>Metal \/ Papel<\/td>\n<\/tr>\n<tr data-start=\"1478\" data-end=\"1555\">\n<td><strong data-start=\"1480\" data-end=\"1494\">Altura (h)<\/strong><\/td>\n<td>18,0 mil\u00edmetros<\/td>\n<\/tr>\n<tr data-start=\"1556\" data-end=\"1633\">\n<td><strong data-start=\"1558\" data-end=\"1583\">Di\u00e2metro exterior (D)<\/strong><\/td>\n<td>39,0 mil\u00edmetros<\/td>\n<\/tr>\n<tr data-start=\"1634\" data-end=\"1711\">\n<td><strong data-start=\"1636\" data-end=\"1661\">Di\u00e2metro interior (d)<\/strong><\/td>\n<td>8,5 mm \/ 16,0 mm<\/td>\n<\/tr>\n<tr data-start=\"1712\" data-end=\"1789\">\n<td><strong data-start=\"1714\" data-end=\"1740\">Caixas<\/strong><\/td>\n<p> de velocidades compat\u00edveis <\/p>\n<td>Stefaneli GEO 110, Stefaneli GRANDE GEO<\/td>\n<\/tr>\n<tr data-start=\"1790\" data-end=\"1867\">\n<td><strong data-start=\"1792\" data-end=\"1816\">Sistemas suportados<\/strong><\/td>\n<td>Stefaneli<\/td>\n<\/tr>\n<tr data-start=\"1868\" data-end=\"1945\">\n<td><strong data-start=\"1870\" data-end=\"1885\">Refer\u00eancias<\/strong><\/td>\n<td>\u2013<\/td>\n<\/tr>\n<\/tbody>\n<\/table>\n<\/div>\n<blockquote data-start=\"1947\" data-end=\"2052\">\n<p class=\"\" data-start=\"1949\" data-end=\"2052\"><em><strong>Recomenda-se a substitui\u00e7\u00e3o do filtro a cada 15.000 \u2013 20.000 km ou em cada servi\u00e7o regular do sistema de GLP.<\/strong><\/em><\/p>\n<\/blockquote>\n<p><a href=\"https:\/\/recambiosecogas.com\/pt-pt\/categoria-producto\/filtros-gpl-lpg\/\">COMPRE MAIS PRODUTOS ONLINE NA NOSSA LOJA<\/a><\/p>\n<p><a href=\"http:\/\/www.segimonautomocio.com\/\">CONVERTA PARA GPL NA NOSSA OFICINA OFICIAL DE INSTALA\u00c7\u00c3O, MAIS INFORMA\u00c7\u00d5ES NO NOSSO SITE DA OFICINA<\/a><\/p>\n","protected":false},"excerpt":{"rendered":"<p>Stefanelli<\/p>\n","protected":false},"featured_media":25577,"comment_status":"open","ping_status":"closed","template":"","meta":{"googlesitekit_rrm_CAowud7EDA:productID":"","_uag_custom_page_level_css":""},"product_brand":[985],"product_cat":[1573],"product_tag":[],"class_list":{"0":"post-41403","1":"product","2":"type-product","3":"status-publish","4":"has-post-thumbnail","6":"product_brand-stefanelli-glp","7":"product_cat-fase-liquida-pt-pt","9":"first","10":"instock","11":"taxable","12":"shipping-taxable","13":"purchasable","14":"product-type-simple"},"ct_brands":[{"id":985,"name":"STEFANELLI","slug":"stefanelli-glp"}],"yoast_head":"<!-- This site is optimized with the Yoast SEO Premium plugin v27.3 (Yoast SEO v27.3) - https:\/\/yoast.com\/product\/yoast-seo-premium-wordpress\/ -->\n<title>Filtro GPL de fase l\u00edquida STEFANELLI | Recambios EcoGas | Sistemas GLP y GNC<\/title>\n<meta name=\"description\" content=\"Filtro de fase l\u00edquida STEFANELLI para GPL. Compat\u00edvel com as caixas de velocidades GEO 110 e BIG GEO. Mede 18x39x8.5\/16 mm. Alta efici\u00eancia.\" \/>\n<meta name=\"robots\" content=\"index, follow, max-snippet:-1, max-image-preview:large, max-video-preview:-1\" \/>\n<link rel=\"canonical\" href=\"https:\/\/recambiosecogas.com\/pt-pt\/produto\/filtro-gpl-de-fase-liquida-stefanelli\/\" \/>\n<meta property=\"og:locale\" content=\"pt_PT\" \/>\n<meta property=\"og:type\" content=\"article\" \/>\n<meta property=\"og:title\" content=\"Filtro GPL de fase l\u00edquida STEFANELLI\" \/>\n<meta property=\"og:description\" content=\"Filtro de fase l\u00edquida STEFANELLI para GPL. Compat\u00edvel com as caixas de velocidades GEO 110 e BIG GEO. Mede 18x39x8.5\/16 mm. Alta efici\u00eancia.\" \/>\n<meta property=\"og:url\" content=\"https:\/\/recambiosecogas.com\/pt-pt\/produto\/filtro-gpl-de-fase-liquida-stefanelli\/\" \/>\n<meta property=\"og:site_name\" content=\"Recambios EcoGas\" \/>\n<meta property=\"article:publisher\" content=\"https:\/\/www.facebook.com\/profile.php?id=100062419705358\" \/>\n<meta property=\"og:image\" content=\"https:\/\/recambiosecogas.com\/wp-content\/uploads\/2024\/12\/Cartucho-filtrante-para-Stefanelli-fase-liquida-png.webp\" \/>\n\t<meta property=\"og:image:width\" content=\"1000\" \/>\n\t<meta property=\"og:image:height\" content=\"1000\" \/>\n\t<meta property=\"og:image:type\" content=\"image\/png\" \/>\n<meta name=\"twitter:card\" content=\"summary_large_image\" \/>\n<meta name=\"twitter:label1\" content=\"pre\u00e7o\" \/>\n\t<meta name=\"twitter:data1\" content=\"5,50&nbsp;&euro; (IVA incl.: 6,66&nbsp;&euro;)\" \/>\n\t<meta name=\"twitter:label2\" content=\"Disponibilidade\" \/>\n\t<meta name=\"twitter:data2\" content=\"Em stock\" \/>\n<script type=\"application\/ld+json\" class=\"yoast-schema-graph\">{\"@context\":\"https:\\\/\\\/schema.org\",\"@graph\":[{\"@type\":\"WebPage\",\"@id\":\"https:\\\/\\\/recambiosecogas.com\\\/pt-pt\\\/produto\\\/filtro-gpl-de-fase-liquida-stefanelli\\\/\",\"url\":\"https:\\\/\\\/recambiosecogas.com\\\/pt-pt\\\/produto\\\/filtro-gpl-de-fase-liquida-stefanelli\\\/\",\"name\":\"Filtro GPL de fase l\u00edquida STEFANELLI | Recambios EcoGas | Sistemas GLP y GNC\",\"isPartOf\":{\"@id\":\"https:\\\/\\\/recambiosecogas.com\\\/pt-pt\\\/#website\"},\"primaryImageOfPage\":{\"@id\":\"https:\\\/\\\/recambiosecogas.com\\\/pt-pt\\\/produto\\\/filtro-gpl-de-fase-liquida-stefanelli\\\/#primaryimage\"},\"image\":{\"@id\":\"https:\\\/\\\/recambiosecogas.com\\\/pt-pt\\\/produto\\\/filtro-gpl-de-fase-liquida-stefanelli\\\/#primaryimage\"},\"thumbnailUrl\":\"https:\\\/\\\/recambiosecogas.com\\\/wp-content\\\/uploads\\\/2024\\\/12\\\/Cartucho-filtrante-para-Stefanelli-fase-liquida-png.webp\",\"datePublished\":\"2024-12-19T10:09:22+00:00\",\"description\":\"Filtro de fase l\u00edquida STEFANELLI para GPL. Compat\u00edvel com as caixas de velocidades GEO 110 e BIG GEO. Mede 18x39x8.5\\\/16 mm. Alta efici\u00eancia.\",\"breadcrumb\":{\"@id\":\"https:\\\/\\\/recambiosecogas.com\\\/pt-pt\\\/produto\\\/filtro-gpl-de-fase-liquida-stefanelli\\\/#breadcrumb\"},\"inLanguage\":\"pt-PT\",\"potentialAction\":[{\"@type\":\"ReadAction\",\"target\":[\"https:\\\/\\\/recambiosecogas.com\\\/pt-pt\\\/produto\\\/filtro-gpl-de-fase-liquida-stefanelli\\\/\"]}]},{\"@type\":\"ImageObject\",\"inLanguage\":\"pt-PT\",\"@id\":\"https:\\\/\\\/recambiosecogas.com\\\/pt-pt\\\/produto\\\/filtro-gpl-de-fase-liquida-stefanelli\\\/#primaryimage\",\"url\":\"https:\\\/\\\/recambiosecogas.com\\\/wp-content\\\/uploads\\\/2024\\\/12\\\/Cartucho-filtrante-para-Stefanelli-fase-liquida-png.webp\",\"contentUrl\":\"https:\\\/\\\/recambiosecogas.com\\\/wp-content\\\/uploads\\\/2024\\\/12\\\/Cartucho-filtrante-para-Stefanelli-fase-liquida-png.webp\",\"width\":1000,\"height\":1000,\"caption\":\"Filtro fase l\u00edquida STEFANELLI para GLP. Compatible con reductores GEO 110 y BIG GEO. Medidas 18x39x8,5\\\/16 mm. Alta eficiencia.\"},{\"@type\":\"BreadcrumbList\",\"@id\":\"https:\\\/\\\/recambiosecogas.com\\\/pt-pt\\\/produto\\\/filtro-gpl-de-fase-liquida-stefanelli\\\/#breadcrumb\",\"itemListElement\":[{\"@type\":\"ListItem\",\"position\":1,\"name\":\"P\u00e1gina inicial\",\"item\":\"https:\\\/\\\/recambiosecogas.com\\\/pt-pt\\\/\"},{\"@type\":\"ListItem\",\"position\":2,\"name\":\"Loja\",\"item\":\"https:\\\/\\\/recambiosecogas.com\\\/pt-pt\\\/tienda\\\/\"},{\"@type\":\"ListItem\",\"position\":3,\"name\":\"Filtro GPL de fase l\u00edquida STEFANELLI\"}]},{\"@type\":\"WebSite\",\"@id\":\"https:\\\/\\\/recambiosecogas.com\\\/pt-pt\\\/#website\",\"url\":\"https:\\\/\\\/recambiosecogas.com\\\/pt-pt\\\/\",\"name\":\"Recambios EcoGas\",\"description\":\"Pe\u00e7as multimarca para sistemas de GPL\\\/GNC\\\/GNL\\\/Hidrog\u00e9nio\",\"publisher\":{\"@id\":\"https:\\\/\\\/recambiosecogas.com\\\/pt-pt\\\/#organization\"},\"alternateName\":\"Recambios Autogas GLP\",\"potentialAction\":[{\"@type\":\"SearchAction\",\"target\":{\"@type\":\"EntryPoint\",\"urlTemplate\":\"https:\\\/\\\/recambiosecogas.com\\\/pt-pt\\\/?s={search_term_string}\"},\"query-input\":{\"@type\":\"PropertyValueSpecification\",\"valueRequired\":true,\"valueName\":\"search_term_string\"}}],\"inLanguage\":\"pt-PT\"},{\"@type\":[\"Organization\",\"Place\"],\"@id\":\"https:\\\/\\\/recambiosecogas.com\\\/pt-pt\\\/#organization\",\"name\":\"Recambios EcoGas\",\"alternateName\":\"Loja de GPL Autog\u00e1s Espanha\",\"url\":\"https:\\\/\\\/recambiosecogas.com\\\/pt-pt\\\/\",\"logo\":{\"@id\":\"https:\\\/\\\/recambiosecogas.com\\\/pt-pt\\\/produto\\\/filtro-gpl-de-fase-liquida-stefanelli\\\/#local-main-organization-logo\"},\"image\":{\"@id\":\"https:\\\/\\\/recambiosecogas.com\\\/pt-pt\\\/produto\\\/filtro-gpl-de-fase-liquida-stefanelli\\\/#local-main-organization-logo\"},\"sameAs\":[\"https:\\\/\\\/www.facebook.com\\\/profile.php?id=100062419705358\",\"https:\\\/\\\/www.instagram.com\\\/segimon_automocio\"],\"description\":\"Recambios EcoGas \u2013 Venta y distribuci\u00f3n de sistemas GLP y GNC en Espa\u00f1a y Portugal. Env\u00edos 24 h, soporte t\u00e9cnico a talleres y distribuidores.\",\"hasMerchantReturnPolicy\":{\"@type\":\"MerchantReturnPolicy\",\"merchantReturnLink\":\"https:\\\/\\\/recambiosecogas.com\\\/politicas-privacidad\\\/\"},\"address\":{\"@id\":\"https:\\\/\\\/recambiosecogas.com\\\/pt-pt\\\/produto\\\/filtro-gpl-de-fase-liquida-stefanelli\\\/#local-main-place-address\"},\"telephone\":[\"616250633\"],\"contactPoint\":{\"@type\":\"ContactPoint\",\"email\":\"export@recambiosecogas.com\"},\"openingHoursSpecification\":[{\"@type\":\"OpeningHoursSpecification\",\"dayOfWeek\":[\"Monday\",\"Tuesday\",\"Wednesday\",\"Thursday\",\"Friday\",\"Saturday\",\"Sunday\"],\"opens\":\"09:00\",\"closes\":\"17:00\"}],\"email\":\"info@recambiosecogas.com\",\"faxNumber\":\"SEGIMON AUTOMOCION SL\",\"vatID\":\"ESB19819861\",\"globalLocationNumber\":\"938 616 339\"},{\"@type\":\"PostalAddress\",\"@id\":\"https:\\\/\\\/recambiosecogas.com\\\/pt-pt\\\/produto\\\/filtro-gpl-de-fase-liquida-stefanelli\\\/#local-main-place-address\",\"streetAddress\":\"cami antic de vic, 29 (Nave 3), Pol\u00edgono Industrial Congost\",\"addressLocality\":\"CORRO D`AVALL\",\"postalCode\":\"08520\",\"addressRegion\":\"Barcelona\",\"addressCountry\":\"ES\"},{\"@type\":\"ImageObject\",\"inLanguage\":\"pt-PT\",\"@id\":\"https:\\\/\\\/recambiosecogas.com\\\/pt-pt\\\/produto\\\/filtro-gpl-de-fase-liquida-stefanelli\\\/#local-main-organization-logo\",\"url\":\"https:\\\/\\\/recambiosecogas.com\\\/wp-content\\\/uploads\\\/2024\\\/11\\\/cropped-RECAMBIOS-GLP-png.webp\",\"contentUrl\":\"https:\\\/\\\/recambiosecogas.com\\\/wp-content\\\/uploads\\\/2024\\\/11\\\/cropped-RECAMBIOS-GLP-png.webp\",\"width\":512,\"height\":512,\"caption\":\"Recambios EcoGas\"}]}<\/script>\n<meta property=\"product:brand\" content=\"STEFANELLI\" \/>\n<meta property=\"product:price:amount\" content=\"5.50\" \/>\n<meta property=\"product:price:currency\" content=\"EUR\" \/>\n<meta property=\"og:availability\" content=\"instock\" \/>\n<meta property=\"product:availability\" content=\"instock\" \/>\n<meta property=\"product:retailer_item_id\" content=\"100230\" \/>\n<meta property=\"product:condition\" content=\"new\" \/>\n<meta name=\"geo.placename\" content=\"CORRO D`AVALL\" \/>\n<meta name=\"geo.region\" content=\"Espanha\" \/>\n<!-- \/ Yoast SEO Premium plugin. -->","yoast_head_json":{"title":"Filtro GPL de fase l\u00edquida STEFANELLI | Recambios EcoGas | Sistemas GLP y GNC","description":"Filtro de fase l\u00edquida STEFANELLI para GPL. Compat\u00edvel com as caixas de velocidades GEO 110 e BIG GEO. Mede 18x39x8.5\/16 mm. Alta efici\u00eancia.","robots":{"index":"index","follow":"follow","max-snippet":"max-snippet:-1","max-image-preview":"max-image-preview:large","max-video-preview":"max-video-preview:-1"},"canonical":"https:\/\/recambiosecogas.com\/pt-pt\/produto\/filtro-gpl-de-fase-liquida-stefanelli\/","og_locale":"pt_PT","og_type":"article","og_title":"Filtro GPL de fase l\u00edquida STEFANELLI","og_description":"Filtro de fase l\u00edquida STEFANELLI para GPL. Compat\u00edvel com as caixas de velocidades GEO 110 e BIG GEO. Mede 18x39x8.5\/16 mm. Alta efici\u00eancia.","og_url":"https:\/\/recambiosecogas.com\/pt-pt\/produto\/filtro-gpl-de-fase-liquida-stefanelli\/","og_site_name":"Recambios EcoGas","article_publisher":"https:\/\/www.facebook.com\/profile.php?id=100062419705358","og_image":[{"width":1000,"height":1000,"url":"https:\/\/recambiosecogas.com\/wp-content\/uploads\/2024\/12\/Cartucho-filtrante-para-Stefanelli-fase-liquida-png.webp","type":"image\/png"}],"twitter_card":"summary_large_image","twitter_misc":{"pre\u00e7o":"5,50&nbsp;&euro; (IVA incl.: 6,66&nbsp;&euro;)","Disponibilidade":"Em stock"},"schema":{"@context":"https:\/\/schema.org","@graph":[{"@type":"WebPage","@id":"https:\/\/recambiosecogas.com\/pt-pt\/produto\/filtro-gpl-de-fase-liquida-stefanelli\/","url":"https:\/\/recambiosecogas.com\/pt-pt\/produto\/filtro-gpl-de-fase-liquida-stefanelli\/","name":"Filtro GPL de fase l\u00edquida STEFANELLI | Recambios EcoGas | Sistemas GLP y GNC","isPartOf":{"@id":"https:\/\/recambiosecogas.com\/pt-pt\/#website"},"primaryImageOfPage":{"@id":"https:\/\/recambiosecogas.com\/pt-pt\/produto\/filtro-gpl-de-fase-liquida-stefanelli\/#primaryimage"},"image":{"@id":"https:\/\/recambiosecogas.com\/pt-pt\/produto\/filtro-gpl-de-fase-liquida-stefanelli\/#primaryimage"},"thumbnailUrl":"https:\/\/recambiosecogas.com\/wp-content\/uploads\/2024\/12\/Cartucho-filtrante-para-Stefanelli-fase-liquida-png.webp","datePublished":"2024-12-19T10:09:22+00:00","description":"Filtro de fase l\u00edquida STEFANELLI para GPL. Compat\u00edvel com as caixas de velocidades GEO 110 e BIG GEO. Mede 18x39x8.5\/16 mm. Alta efici\u00eancia.","breadcrumb":{"@id":"https:\/\/recambiosecogas.com\/pt-pt\/produto\/filtro-gpl-de-fase-liquida-stefanelli\/#breadcrumb"},"inLanguage":"pt-PT","potentialAction":[{"@type":"ReadAction","target":["https:\/\/recambiosecogas.com\/pt-pt\/produto\/filtro-gpl-de-fase-liquida-stefanelli\/"]}]},{"@type":"ImageObject","inLanguage":"pt-PT","@id":"https:\/\/recambiosecogas.com\/pt-pt\/produto\/filtro-gpl-de-fase-liquida-stefanelli\/#primaryimage","url":"https:\/\/recambiosecogas.com\/wp-content\/uploads\/2024\/12\/Cartucho-filtrante-para-Stefanelli-fase-liquida-png.webp","contentUrl":"https:\/\/recambiosecogas.com\/wp-content\/uploads\/2024\/12\/Cartucho-filtrante-para-Stefanelli-fase-liquida-png.webp","width":1000,"height":1000,"caption":"Filtro fase l\u00edquida STEFANELLI para GLP. Compatible con reductores GEO 110 y BIG GEO. Medidas 18x39x8,5\/16 mm. Alta eficiencia."},{"@type":"BreadcrumbList","@id":"https:\/\/recambiosecogas.com\/pt-pt\/produto\/filtro-gpl-de-fase-liquida-stefanelli\/#breadcrumb","itemListElement":[{"@type":"ListItem","position":1,"name":"P\u00e1gina inicial","item":"https:\/\/recambiosecogas.com\/pt-pt\/"},{"@type":"ListItem","position":2,"name":"Loja","item":"https:\/\/recambiosecogas.com\/pt-pt\/tienda\/"},{"@type":"ListItem","position":3,"name":"Filtro GPL de fase l\u00edquida STEFANELLI"}]},{"@type":"WebSite","@id":"https:\/\/recambiosecogas.com\/pt-pt\/#website","url":"https:\/\/recambiosecogas.com\/pt-pt\/","name":"Recambios EcoGas","description":"Pe\u00e7as multimarca para sistemas de GPL\/GNC\/GNL\/Hidrog\u00e9nio","publisher":{"@id":"https:\/\/recambiosecogas.com\/pt-pt\/#organization"},"alternateName":"Recambios Autogas GLP","potentialAction":[{"@type":"SearchAction","target":{"@type":"EntryPoint","urlTemplate":"https:\/\/recambiosecogas.com\/pt-pt\/?s={search_term_string}"},"query-input":{"@type":"PropertyValueSpecification","valueRequired":true,"valueName":"search_term_string"}}],"inLanguage":"pt-PT"},{"@type":["Organization","Place"],"@id":"https:\/\/recambiosecogas.com\/pt-pt\/#organization","name":"Recambios EcoGas","alternateName":"Loja de GPL Autog\u00e1s Espanha","url":"https:\/\/recambiosecogas.com\/pt-pt\/","logo":{"@id":"https:\/\/recambiosecogas.com\/pt-pt\/produto\/filtro-gpl-de-fase-liquida-stefanelli\/#local-main-organization-logo"},"image":{"@id":"https:\/\/recambiosecogas.com\/pt-pt\/produto\/filtro-gpl-de-fase-liquida-stefanelli\/#local-main-organization-logo"},"sameAs":["https:\/\/www.facebook.com\/profile.php?id=100062419705358","https:\/\/www.instagram.com\/segimon_automocio"],"description":"Recambios EcoGas \u2013 Venta y distribuci\u00f3n de sistemas GLP y GNC en Espa\u00f1a y Portugal. Env\u00edos 24 h, soporte t\u00e9cnico a talleres y distribuidores.","hasMerchantReturnPolicy":{"@type":"MerchantReturnPolicy","merchantReturnLink":"https:\/\/recambiosecogas.com\/politicas-privacidad\/"},"address":{"@id":"https:\/\/recambiosecogas.com\/pt-pt\/produto\/filtro-gpl-de-fase-liquida-stefanelli\/#local-main-place-address"},"telephone":["616250633"],"contactPoint":{"@type":"ContactPoint","email":"export@recambiosecogas.com"},"openingHoursSpecification":[{"@type":"OpeningHoursSpecification","dayOfWeek":["Monday","Tuesday","Wednesday","Thursday","Friday","Saturday","Sunday"],"opens":"09:00","closes":"17:00"}],"email":"info@recambiosecogas.com","faxNumber":"SEGIMON AUTOMOCION SL","vatID":"ESB19819861","globalLocationNumber":"938 616 339"},{"@type":"PostalAddress","@id":"https:\/\/recambiosecogas.com\/pt-pt\/produto\/filtro-gpl-de-fase-liquida-stefanelli\/#local-main-place-address","streetAddress":"cami antic de vic, 29 (Nave 3), Pol\u00edgono Industrial Congost","addressLocality":"CORRO D`AVALL","postalCode":"08520","addressRegion":"Barcelona","addressCountry":"ES"},{"@type":"ImageObject","inLanguage":"pt-PT","@id":"https:\/\/recambiosecogas.com\/pt-pt\/produto\/filtro-gpl-de-fase-liquida-stefanelli\/#local-main-organization-logo","url":"https:\/\/recambiosecogas.com\/wp-content\/uploads\/2024\/11\/cropped-RECAMBIOS-GLP-png.webp","contentUrl":"https:\/\/recambiosecogas.com\/wp-content\/uploads\/2024\/11\/cropped-RECAMBIOS-GLP-png.webp","width":512,"height":512,"caption":"Recambios EcoGas"}]},"product_brand":"STEFANELLI","product_price_amount":"5.50","product_price_currency":"EUR","og_availability":"instock","product_availability":"instock","product_retailer_item_id":"100230","product_condition":"new","geo.placename":"CORRO D`AVALL","geo.region":"Espanha"},"uagb_featured_image_src":{"full":["https:\/\/recambiosecogas.com\/wp-content\/uploads\/2024\/12\/Cartucho-filtrante-para-Stefanelli-fase-liquida-png.webp",1000,1000,false],"thumbnail":["https:\/\/recambiosecogas.com\/wp-content\/uploads\/2024\/12\/Cartucho-filtrante-para-Stefanelli-fase-liquida-150x150.webp",150,150,true],"medium":["https:\/\/recambiosecogas.com\/wp-content\/uploads\/2024\/12\/Cartucho-filtrante-para-Stefanelli-fase-liquida-300x300.webp",300,300,true],"medium_large":["https:\/\/recambiosecogas.com\/wp-content\/uploads\/2024\/12\/Cartucho-filtrante-para-Stefanelli-fase-liquida-768x768.webp",768,768,true],"large":["https:\/\/recambiosecogas.com\/wp-content\/uploads\/2024\/12\/Cartucho-filtrante-para-Stefanelli-fase-liquida-png.webp",1000,1000,false],"1536x1536":["https:\/\/recambiosecogas.com\/wp-content\/uploads\/2024\/12\/Cartucho-filtrante-para-Stefanelli-fase-liquida-png.webp",1000,1000,false],"2048x2048":["https:\/\/recambiosecogas.com\/wp-content\/uploads\/2024\/12\/Cartucho-filtrante-para-Stefanelli-fase-liquida-png.webp",1000,1000,false],"woocommerce_archive_thumbnail":["https:\/\/recambiosecogas.com\/wp-content\/uploads\/2024\/12\/Cartucho-filtrante-para-Stefanelli-fase-liquida-png.webp",1000,1000,false],"woocommerce_thumbnail":["https:\/\/recambiosecogas.com\/wp-content\/uploads\/2024\/12\/Cartucho-filtrante-para-Stefanelli-fase-liquida-png-300x300.webp",300,300,true],"woocommerce_single":["https:\/\/recambiosecogas.com\/wp-content\/uploads\/2024\/12\/Cartucho-filtrante-para-Stefanelli-fase-liquida-png.webp",1000,1000,false],"woocommerce_gallery_thumbnail":["https:\/\/recambiosecogas.com\/wp-content\/uploads\/2024\/12\/Cartucho-filtrante-para-Stefanelli-fase-liquida-png.webp",1000,1000,false],"dgwt-wcas-product-suggestion":["https:\/\/recambiosecogas.com\/wp-content\/uploads\/2024\/12\/Cartucho-filtrante-para-Stefanelli-fase-liquida-png-64x64.webp",64,64,true]},"uagb_author_info":{"display_name":"Fran - Soporte T\u00e9cnico","author_link":"https:\/\/recambiosecogas.com\/pt-pt\/author\/"},"uagb_comment_info":0,"uagb_excerpt":"Stefanelli","_links":{"self":[{"href":"https:\/\/recambiosecogas.com\/pt-pt\/wp-json\/wp\/v2\/product\/41403","targetHints":{"allow":["GET"]}}],"collection":[{"href":"https:\/\/recambiosecogas.com\/pt-pt\/wp-json\/wp\/v2\/product"}],"about":[{"href":"https:\/\/recambiosecogas.com\/pt-pt\/wp-json\/wp\/v2\/types\/product"}],"replies":[{"embeddable":true,"href":"https:\/\/recambiosecogas.com\/pt-pt\/wp-json\/wp\/v2\/comments?post=41403"}],"wp:featuredmedia":[{"embeddable":true,"href":"https:\/\/recambiosecogas.com\/pt-pt\/wp-json\/wp\/v2\/media\/25577"}],"wp:attachment":[{"href":"https:\/\/recambiosecogas.com\/pt-pt\/wp-json\/wp\/v2\/media?parent=41403"}],"wp:term":[{"taxonomy":"product_brand","embeddable":true,"href":"https:\/\/recambiosecogas.com\/pt-pt\/wp-json\/wp\/v2\/product_brand?post=41403"},{"taxonomy":"product_cat","embeddable":true,"href":"https:\/\/recambiosecogas.com\/pt-pt\/wp-json\/wp\/v2\/product_cat?post=41403"},{"taxonomy":"product_tag","embeddable":true,"href":"https:\/\/recambiosecogas.com\/pt-pt\/wp-json\/wp\/v2\/product_tag?post=41403"}],"curies":[{"name":"wp","href":"https:\/\/api.w.org\/{rel}","templated":true}]}}