{"id":41378,"date":"2025-02-24T11:26:10","date_gmt":"2025-02-24T10:26:10","guid":{"rendered":"https:\/\/recambiosecogas.com\/producto\/gok-caramatic-safedrive-plus-30mbar-15-kg-h-g-12-klf-x-rvs10-8-sv\/"},"modified":"2025-02-24T10:26:10","modified_gmt":"2025-02-24T09:26:10","slug":"gok-caramatic-safedrive-plus-30mbar-15-kg-h-g-12-klf-x-rvs10-8-sv","status":"publish","type":"product","link":"https:\/\/recambiosecogas.com\/pt-pt\/produto\/gok-caramatic-safedrive-plus-30mbar-15-kg-h-g-12-klf-x-rvs10-8-sv\/","title":{"rendered":"GOK Caramatic SafeDrive Plus 30mbar 1,5 kg\/h G.12 KLF x RVS10\/8 SV"},"content":{"rendered":"<p>Sistema de controle de press\u00e3o de g\u00e1s de seguran\u00e7a GOK <strong>Caramatic SafeDrive PLUS<\/strong> para opera\u00e7\u00e3o de sistemas de dois cilindros em motorhomes e caravanas durante a viagem, para conex\u00e3o direta ao cilindro de g\u00e1s.<\/p>\n<p>A <strong>nova<\/strong> solu\u00e7\u00e3o de retrofit <strong>desenvolvida pela GOK<\/strong> permite substituir <strong>r\u00e1pida e facilmente<\/strong> os <strong>sistemas de controlo de g\u00e1s existentes<\/strong> em autocaravanas, caravanas ou carrinhas pelo Caramatic SafeDrive, permitindo assim <strong>que o g\u00e1s seja utilizado durante a viagem<\/strong>.<\/p>\n<p>Consiste em:<\/p>\n<ul>\n<li><a class=\"shopmodule-lexicon-keyword tooltipstered\" href=\"https:\/\/hybrid.supply\/shopmodule_lexicon.php?keyword=262\">Sensor<\/a> com nova solu\u00e7\u00e3o pendular<\/li>\n<li>Regulador de baixa press\u00e3o com dispositivo de seguran\u00e7a contra sobrepress\u00e3o S2SR (\u00dcDS)<\/li>\n<li>Tubo<\/li>\n<li>Suporte regulador de press\u00e3o de Suporte g\u00e1s<\/li>\n<\/ul>\n<p><strong>Dados t\u00e9cnicos<\/strong><\/p>\n<p>Conex\u00e3o de garrafa de g\u00e1s <strong>G.12 Union Nut (W21.8&#215;1\/14&#8243;)<\/strong><\/p>\n<p><strong>Conex\u00e3o de tubo de sa\u00edda roscada 10 ou 8 mm (H. 9)<\/strong><\/p>\n<p>Press\u00e3o <strong>30mbar<\/strong><\/p>\n<p>Rendimento <strong>1,5 kg\/h<\/strong><\/p>\n<p>\u00c2mbito de aplica\u00e7\u00e3o, por exemplo:   <strong>Alemanha, \u00c1ustria, Pol\u00f3nia, R\u00fassia<\/strong><\/p>\n<p>Comprimento <strong>450 mm<\/strong><\/p>\n<p>Press\u00e3o admiss\u00edvel <strong>30 bar<\/strong><\/p>\n<p>Resistente ao frio <strong>-30<\/strong><\/p>\n<p>Material da mangueira <strong>Borracha com incrusta\u00e7\u00e3o t\u00eaxtil<\/strong><\/p>\n<p>&nbsp;<\/p>\n<p><strong>Vantagens <a class=\"shopmodule-lexicon-keyword tooltipstered\" href=\"https:\/\/hybrid.supply\/shopmodule_lexicon.php?keyword=262\">Sensor de colis\u00e3o<\/a> com nova solu\u00e7\u00e3o pendular:<\/strong><\/p>\n<ul>\n<li>Comissionamento e reajuste mais r\u00e1pidos e f\u00e1ceis ap\u00f3s a resposta<\/li>\n<li>Opera\u00e7\u00e3o mais precisa e, portanto, menos falhas devido ao comportamento de resposta incorreto<\/li>\n<li>Comissionamento sem problemas poss\u00edvel, mesmo que o ve\u00edculo de lazer esteja em uma inclina\u00e7\u00e3o<\/li>\n<li>Montagem , pois o regulador n\u00e3o precisa ser montado na parede, mas \u00e9 instalado diretamente na garrafa de g\u00e1s.<\/li>\n<li>Requer pouco espa\u00e7o para instala\u00e7\u00e3o na caixa do cilindro de g\u00e1s<\/li>\n<li>O cilindro de g\u00e1s pode permanecer permanentemente aberto durante a condu\u00e7\u00e3o<\/li>\n<li>Maior seguran\u00e7a, uma vez que o fornecimento de g\u00e1s \u00e9 interrompido diretamente na garrafa em caso de acidente<\/li>\n<li>Mangueira (borracha com inser\u00e7\u00e3o t\u00eaxtil; resistente ao frio at\u00e9 -30 \u00b0C; dimens\u00f5es da mangueira 6,3 x 3,5 mm) G 1\/4 LH-\u00dcM x RVS 10 x 450 mm para ligar o sistema \u00e0 linha el\u00e9trica do ve\u00edculo<\/li>\n<li>A liga\u00e7\u00e3o de sa\u00edda RVS 10\/8 est\u00e1 equipada de s\u00e9rie com uma pe\u00e7a de transi\u00e7\u00e3o para liga\u00e7\u00e3o a tubos de 8 mm<\/li>\n<li>Suportes para armazenamento seguro do regulador na parede, por exemplo, ao mudar o cilindro de g\u00e1s<\/li>\n<\/ul>\n<p><strong>Aprova\u00e7\u00e3o para<\/strong><\/p>\n<p>Acess\u00f3rios com certificado de exame de tipo DIN-DVGW ou DVGW ou certificado de exame de tipo DGR da UE<\/p>\n<p><strong>A adapta\u00e7\u00e3o e a instala\u00e7\u00e3o s\u00e3o assim t\u00e3o f\u00e1ceis?<\/strong><\/p>\n<p>O regulador de press\u00e3o de g\u00e1s com sensor de colis\u00e3o integrado \u00e9 simplesmente aparafusado no cilindro de g\u00e1s. A mangueira inclu\u00edda no escopo de entrega \u00e9 ent\u00e3o conectada ao tubo do ve\u00edculo. <\/p>\n<p>Em princ\u00edpio, o mesmo se aplica ao sistema de dois cilindros SafeDrive PLUS. Basta aparafusar dois reguladores de press\u00e3o, incluindo o sensor de colis\u00e3o, e conect\u00e1-los um ao outro usando uma mangueira de g\u00e1s. <\/p>\n<p><strong>\u00c9 poss\u00edvel mudar de qualquer fabricante para GOK?<\/strong><\/p>\n<p>N\u00e3o h\u00e1 restri\u00e7\u00f5es. Voc\u00ea pode desmontar o sistema antigo e adaptar o Caramatic SafeDrive ou instalar um novo. Tudo o que precisa \u00e9 de uma ou duas garrafas de g\u00e1s e acesso aos tubos do ve\u00edculo.  <\/p>\n<p><strong>Por que filtros de g\u00e1s ou prote\u00e7\u00e3o contra quebra de mangueira n\u00e3o s\u00e3o necess\u00e1rios?<\/strong><\/p>\n<p>Com o Caramatic SafeDrive, o sensor de colis\u00e3o est\u00e1 localizado diretamente no cilindro de g\u00e1s e monitora todo o sistema de tubula\u00e7\u00e3o a jusante. Portanto, n\u00e3o h\u00e1 necessidade de um dispositivo de seguran\u00e7a adicional contra quebra de mangueira. E como, como j\u00e1 mencionado, o sistema est\u00e1 localizado diretamente no cilindro de g\u00e1s, n\u00e3o \u00e9 necess\u00e1rio um filtro de g\u00e1s. Este projeto de sistema foi testado e testado na GOK por d\u00e9cadas e n\u00e3o mostrou anomalias em termos de res\u00edduos oleosos ou contamina\u00e7\u00e3o nos acess\u00f3rios.   <\/p>\n<p><strong>Onde exatamente est\u00e1 localizado o sensor de colis\u00e3o?<\/strong><\/p>\n<p>No Caramatic SafeDrive, o sensor de colis\u00e3o est\u00e1 localizado na caixa azul, logo ap\u00f3s a v\u00e1lvula do cilindro de g\u00e1s e antes do regulador de press\u00e3o.<\/p>\n<p><strong>Posso sempre deixar o cilindro de g\u00e1s aberto com o Caramatic SafeDrive?<\/strong><\/p>\n<p>Conclus\u00e3o: Sim, o cilindro de g\u00e1s pode sempre permanecer aberto e os aparelhos a g\u00e1s, como o aquecedor ou o frigor\u00edfico, tamb\u00e9m podem ser operados durante a viagem.<\/p>\n","protected":false},"excerpt":{"rendered":"<p>GOK<\/p>\n","protected":false},"featured_media":33825,"comment_status":"open","ping_status":"closed","template":"","meta":{"googlesitekit_rrm_CAowud7EDA:productID":"","_uag_custom_page_level_css":""},"product_brand":[991],"product_cat":[1455],"product_tag":[],"class_list":{"0":"post-41378","1":"product","2":"type-product","3":"status-publish","4":"has-post-thumbnail","6":"product_brand-gok","7":"product_cat-reguladores-para-veiculos","9":"first","10":"onbackorder","11":"taxable","12":"shipping-taxable","13":"purchasable","14":"product-type-simple"},"ct_brands":[{"id":991,"name":"GOK","slug":"gok"}],"yoast_head":"<!-- This site is optimized with the Yoast SEO Premium plugin v27.4 (Yoast SEO v27.5) - https:\/\/yoast.com\/product\/yoast-seo-premium-wordpress\/ -->\n<title>GOK Caramatic SafeDrive Plus 30mbar 1,5 kg\/h G.12 KLF x RVS10\/8 SV | Recambios EcoGas | Sistemas GLP y GNC<\/title>\n<meta name=\"robots\" content=\"index, follow, max-snippet:-1, max-image-preview:large, max-video-preview:-1\" \/>\n<link rel=\"canonical\" href=\"https:\/\/recambiosecogas.com\/pt-pt\/produto\/gok-caramatic-safedrive-plus-30mbar-15-kg-h-g-12-klf-x-rvs10-8-sv\/\" \/>\n<meta property=\"og:locale\" content=\"pt_PT\" \/>\n<meta property=\"og:type\" content=\"article\" \/>\n<meta property=\"og:title\" content=\"GOK Caramatic SafeDrive Plus 30mbar 1,5 kg\/h G.12 KLF x RVS10\/8 SV\" \/>\n<meta property=\"og:description\" content=\"GOK\" \/>\n<meta property=\"og:url\" content=\"https:\/\/recambiosecogas.com\/pt-pt\/produto\/gok-caramatic-safedrive-plus-30mbar-15-kg-h-g-12-klf-x-rvs10-8-sv\/\" \/>\n<meta property=\"og:site_name\" content=\"Recambios EcoGas\" \/>\n<meta property=\"article:publisher\" content=\"https:\/\/www.facebook.com\/profile.php?id=100062419705358\" \/>\n<meta property=\"og:image\" content=\"https:\/\/recambiosecogas.com\/wp-content\/uploads\/2025\/02\/GOK-Caramatic-SafeDrive-png.webp\" \/>\n\t<meta property=\"og:image:width\" content=\"1000\" \/>\n\t<meta property=\"og:image:height\" content=\"1000\" \/>\n\t<meta property=\"og:image:type\" content=\"image\/png\" \/>\n<meta name=\"twitter:card\" content=\"summary_large_image\" \/>\n<meta name=\"twitter:label1\" content=\"pre\u00e7o\" \/>\n\t<meta name=\"twitter:data1\" content=\"447,46&nbsp;&euro; (Sin IVA: 369,80&nbsp;&euro;)\" \/>\n\t<meta name=\"twitter:label2\" content=\"Disponibilidade\" \/>\n\t<meta name=\"twitter:data2\" content=\"Por encomenda\" \/>\n<script type=\"application\/ld+json\" class=\"yoast-schema-graph\">{\"@context\":\"https:\\\/\\\/schema.org\",\"@graph\":[{\"@type\":\"WebPage\",\"@id\":\"https:\\\/\\\/recambiosecogas.com\\\/pt-pt\\\/produto\\\/gok-caramatic-safedrive-plus-30mbar-15-kg-h-g-12-klf-x-rvs10-8-sv\\\/\",\"url\":\"https:\\\/\\\/recambiosecogas.com\\\/pt-pt\\\/produto\\\/gok-caramatic-safedrive-plus-30mbar-15-kg-h-g-12-klf-x-rvs10-8-sv\\\/\",\"name\":\"GOK Caramatic SafeDrive Plus 30mbar 1,5 kg\\\/h G.12 KLF x RVS10\\\/8 SV | Recambios EcoGas | Sistemas GLP y GNC\",\"isPartOf\":{\"@id\":\"https:\\\/\\\/recambiosecogas.com\\\/pt-pt\\\/#website\"},\"primaryImageOfPage\":{\"@id\":\"https:\\\/\\\/recambiosecogas.com\\\/pt-pt\\\/produto\\\/gok-caramatic-safedrive-plus-30mbar-15-kg-h-g-12-klf-x-rvs10-8-sv\\\/#primaryimage\"},\"image\":{\"@id\":\"https:\\\/\\\/recambiosecogas.com\\\/pt-pt\\\/produto\\\/gok-caramatic-safedrive-plus-30mbar-15-kg-h-g-12-klf-x-rvs10-8-sv\\\/#primaryimage\"},\"thumbnailUrl\":\"https:\\\/\\\/recambiosecogas.com\\\/wp-content\\\/uploads\\\/2025\\\/02\\\/GOK-Caramatic-SafeDrive-png.webp\",\"datePublished\":\"2025-02-24T10:26:10+00:00\",\"breadcrumb\":{\"@id\":\"https:\\\/\\\/recambiosecogas.com\\\/pt-pt\\\/produto\\\/gok-caramatic-safedrive-plus-30mbar-15-kg-h-g-12-klf-x-rvs10-8-sv\\\/#breadcrumb\"},\"inLanguage\":\"pt-PT\",\"potentialAction\":[{\"@type\":\"ReadAction\",\"target\":[\"https:\\\/\\\/recambiosecogas.com\\\/pt-pt\\\/produto\\\/gok-caramatic-safedrive-plus-30mbar-15-kg-h-g-12-klf-x-rvs10-8-sv\\\/\"]}]},{\"@type\":\"ImageObject\",\"inLanguage\":\"pt-PT\",\"@id\":\"https:\\\/\\\/recambiosecogas.com\\\/pt-pt\\\/produto\\\/gok-caramatic-safedrive-plus-30mbar-15-kg-h-g-12-klf-x-rvs10-8-sv\\\/#primaryimage\",\"url\":\"https:\\\/\\\/recambiosecogas.com\\\/wp-content\\\/uploads\\\/2025\\\/02\\\/GOK-Caramatic-SafeDrive-png.webp\",\"contentUrl\":\"https:\\\/\\\/recambiosecogas.com\\\/wp-content\\\/uploads\\\/2025\\\/02\\\/GOK-Caramatic-SafeDrive-png.webp\",\"width\":1000,\"height\":1000},{\"@type\":\"BreadcrumbList\",\"@id\":\"https:\\\/\\\/recambiosecogas.com\\\/pt-pt\\\/produto\\\/gok-caramatic-safedrive-plus-30mbar-15-kg-h-g-12-klf-x-rvs10-8-sv\\\/#breadcrumb\",\"itemListElement\":[{\"@type\":\"ListItem\",\"position\":1,\"name\":\"P\u00e1gina inicial\",\"item\":\"https:\\\/\\\/recambiosecogas.com\\\/pt-pt\\\/\"},{\"@type\":\"ListItem\",\"position\":2,\"name\":\"Loja\",\"item\":\"https:\\\/\\\/recambiosecogas.com\\\/pt-pt\\\/tienda\\\/\"},{\"@type\":\"ListItem\",\"position\":3,\"name\":\"GOK Caramatic SafeDrive Plus 30mbar 1,5 kg\\\/h G.12 KLF x RVS10\\\/8 SV\"}]},{\"@type\":\"WebSite\",\"@id\":\"https:\\\/\\\/recambiosecogas.com\\\/pt-pt\\\/#website\",\"url\":\"https:\\\/\\\/recambiosecogas.com\\\/pt-pt\\\/\",\"name\":\"Recambios EcoGas\",\"description\":\"Pe\u00e7as multimarca para sistemas de GPL\\\/GNC\\\/GNL\\\/Hidrog\u00e9nio\",\"publisher\":{\"@id\":\"https:\\\/\\\/recambiosecogas.com\\\/pt-pt\\\/#organization\"},\"alternateName\":\"Recambios Autogas GLP\",\"potentialAction\":[{\"@type\":\"SearchAction\",\"target\":{\"@type\":\"EntryPoint\",\"urlTemplate\":\"https:\\\/\\\/recambiosecogas.com\\\/pt-pt\\\/?s={search_term_string}\"},\"query-input\":{\"@type\":\"PropertyValueSpecification\",\"valueRequired\":true,\"valueName\":\"search_term_string\"}}],\"inLanguage\":\"pt-PT\"},{\"@type\":[\"Organization\",\"Place\"],\"@id\":\"https:\\\/\\\/recambiosecogas.com\\\/pt-pt\\\/#organization\",\"name\":\"Recambios EcoGas\",\"alternateName\":\"Loja de GPL Autog\u00e1s Espanha\",\"url\":\"https:\\\/\\\/recambiosecogas.com\\\/pt-pt\\\/\",\"logo\":{\"@id\":\"https:\\\/\\\/recambiosecogas.com\\\/pt-pt\\\/produto\\\/gok-caramatic-safedrive-plus-30mbar-15-kg-h-g-12-klf-x-rvs10-8-sv\\\/#local-main-organization-logo\"},\"image\":{\"@id\":\"https:\\\/\\\/recambiosecogas.com\\\/pt-pt\\\/produto\\\/gok-caramatic-safedrive-plus-30mbar-15-kg-h-g-12-klf-x-rvs10-8-sv\\\/#local-main-organization-logo\"},\"sameAs\":[\"https:\\\/\\\/www.facebook.com\\\/profile.php?id=100062419705358\",\"https:\\\/\\\/www.instagram.com\\\/segimon_automocio\"],\"description\":\"Recambios EcoGas \u2013 Venta y distribuci\u00f3n de sistemas GLP y GNC en Espa\u00f1a y Portugal. Env\u00edos 24 h, soporte t\u00e9cnico a talleres y distribuidores.\",\"hasMerchantReturnPolicy\":{\"@type\":\"MerchantReturnPolicy\",\"merchantReturnLink\":\"https:\\\/\\\/recambiosecogas.com\\\/politicas-privacidad\\\/\"},\"address\":{\"@id\":\"https:\\\/\\\/recambiosecogas.com\\\/pt-pt\\\/produto\\\/gok-caramatic-safedrive-plus-30mbar-15-kg-h-g-12-klf-x-rvs10-8-sv\\\/#local-main-place-address\"},\"telephone\":[\"616250633\"],\"contactPoint\":{\"@type\":\"ContactPoint\",\"email\":\"export@recambiosecogas.com\"},\"openingHoursSpecification\":[{\"@type\":\"OpeningHoursSpecification\",\"dayOfWeek\":[\"Monday\",\"Tuesday\",\"Wednesday\",\"Thursday\",\"Friday\",\"Saturday\",\"Sunday\"],\"opens\":\"09:00\",\"closes\":\"17:00\"}],\"email\":\"info@recambiosecogas.com\",\"faxNumber\":\"SEGIMON AUTOMOCION SL\",\"vatID\":\"ESB19819861\",\"globalLocationNumber\":\"938 616 339\"},{\"@type\":\"PostalAddress\",\"@id\":\"https:\\\/\\\/recambiosecogas.com\\\/pt-pt\\\/produto\\\/gok-caramatic-safedrive-plus-30mbar-15-kg-h-g-12-klf-x-rvs10-8-sv\\\/#local-main-place-address\",\"streetAddress\":\"cami antic de vic, 29 (Nave 3), Pol\u00edgono Industrial Congost\",\"addressLocality\":\"CORRO D`AVALL\",\"postalCode\":\"08520\",\"addressRegion\":\"Barcelona\",\"addressCountry\":\"ES\"},{\"@type\":\"ImageObject\",\"inLanguage\":\"pt-PT\",\"@id\":\"https:\\\/\\\/recambiosecogas.com\\\/pt-pt\\\/produto\\\/gok-caramatic-safedrive-plus-30mbar-15-kg-h-g-12-klf-x-rvs10-8-sv\\\/#local-main-organization-logo\",\"url\":\"https:\\\/\\\/recambiosecogas.com\\\/wp-content\\\/uploads\\\/2024\\\/11\\\/cropped-RECAMBIOS-GLP-png.webp\",\"contentUrl\":\"https:\\\/\\\/recambiosecogas.com\\\/wp-content\\\/uploads\\\/2024\\\/11\\\/cropped-RECAMBIOS-GLP-png.webp\",\"width\":512,\"height\":512,\"caption\":\"Recambios EcoGas\"}]}<\/script>\n<meta property=\"product:brand\" content=\"GOK\" \/>\n<meta property=\"product:price:amount\" content=\"447.46\" \/>\n<meta property=\"product:price:currency\" content=\"EUR\" \/>\n<meta property=\"og:availability\" content=\"backorder\" \/>\n<meta property=\"product:availability\" content=\"available for order\" \/>\n<meta property=\"product:retailer_item_id\" content=\"119230\" \/>\n<meta property=\"product:condition\" content=\"new\" \/>\n<meta name=\"geo.placename\" content=\"CORRO D`AVALL\" \/>\n<meta name=\"geo.region\" content=\"Espanha\" \/>\n<!-- \/ Yoast SEO Premium plugin. -->","yoast_head_json":{"title":"GOK Caramatic SafeDrive Plus 30mbar 1,5 kg\/h G.12 KLF x RVS10\/8 SV | Recambios EcoGas | Sistemas GLP y GNC","robots":{"index":"index","follow":"follow","max-snippet":"max-snippet:-1","max-image-preview":"max-image-preview:large","max-video-preview":"max-video-preview:-1"},"canonical":"https:\/\/recambiosecogas.com\/pt-pt\/produto\/gok-caramatic-safedrive-plus-30mbar-15-kg-h-g-12-klf-x-rvs10-8-sv\/","og_locale":"pt_PT","og_type":"article","og_title":"GOK Caramatic SafeDrive Plus 30mbar 1,5 kg\/h G.12 KLF x RVS10\/8 SV","og_description":"GOK","og_url":"https:\/\/recambiosecogas.com\/pt-pt\/produto\/gok-caramatic-safedrive-plus-30mbar-15-kg-h-g-12-klf-x-rvs10-8-sv\/","og_site_name":"Recambios EcoGas","article_publisher":"https:\/\/www.facebook.com\/profile.php?id=100062419705358","og_image":[{"width":1000,"height":1000,"url":"https:\/\/recambiosecogas.com\/wp-content\/uploads\/2025\/02\/GOK-Caramatic-SafeDrive-png.webp","type":"image\/png"}],"twitter_card":"summary_large_image","twitter_misc":{"pre\u00e7o":"447,46&nbsp;&euro; (Sin IVA: 369,80&nbsp;&euro;)","Disponibilidade":"Por encomenda"},"schema":{"@context":"https:\/\/schema.org","@graph":[{"@type":"WebPage","@id":"https:\/\/recambiosecogas.com\/pt-pt\/produto\/gok-caramatic-safedrive-plus-30mbar-15-kg-h-g-12-klf-x-rvs10-8-sv\/","url":"https:\/\/recambiosecogas.com\/pt-pt\/produto\/gok-caramatic-safedrive-plus-30mbar-15-kg-h-g-12-klf-x-rvs10-8-sv\/","name":"GOK Caramatic SafeDrive Plus 30mbar 1,5 kg\/h G.12 KLF x RVS10\/8 SV | Recambios EcoGas | Sistemas GLP y GNC","isPartOf":{"@id":"https:\/\/recambiosecogas.com\/pt-pt\/#website"},"primaryImageOfPage":{"@id":"https:\/\/recambiosecogas.com\/pt-pt\/produto\/gok-caramatic-safedrive-plus-30mbar-15-kg-h-g-12-klf-x-rvs10-8-sv\/#primaryimage"},"image":{"@id":"https:\/\/recambiosecogas.com\/pt-pt\/produto\/gok-caramatic-safedrive-plus-30mbar-15-kg-h-g-12-klf-x-rvs10-8-sv\/#primaryimage"},"thumbnailUrl":"https:\/\/recambiosecogas.com\/wp-content\/uploads\/2025\/02\/GOK-Caramatic-SafeDrive-png.webp","datePublished":"2025-02-24T10:26:10+00:00","breadcrumb":{"@id":"https:\/\/recambiosecogas.com\/pt-pt\/produto\/gok-caramatic-safedrive-plus-30mbar-15-kg-h-g-12-klf-x-rvs10-8-sv\/#breadcrumb"},"inLanguage":"pt-PT","potentialAction":[{"@type":"ReadAction","target":["https:\/\/recambiosecogas.com\/pt-pt\/produto\/gok-caramatic-safedrive-plus-30mbar-15-kg-h-g-12-klf-x-rvs10-8-sv\/"]}]},{"@type":"ImageObject","inLanguage":"pt-PT","@id":"https:\/\/recambiosecogas.com\/pt-pt\/produto\/gok-caramatic-safedrive-plus-30mbar-15-kg-h-g-12-klf-x-rvs10-8-sv\/#primaryimage","url":"https:\/\/recambiosecogas.com\/wp-content\/uploads\/2025\/02\/GOK-Caramatic-SafeDrive-png.webp","contentUrl":"https:\/\/recambiosecogas.com\/wp-content\/uploads\/2025\/02\/GOK-Caramatic-SafeDrive-png.webp","width":1000,"height":1000},{"@type":"BreadcrumbList","@id":"https:\/\/recambiosecogas.com\/pt-pt\/produto\/gok-caramatic-safedrive-plus-30mbar-15-kg-h-g-12-klf-x-rvs10-8-sv\/#breadcrumb","itemListElement":[{"@type":"ListItem","position":1,"name":"P\u00e1gina inicial","item":"https:\/\/recambiosecogas.com\/pt-pt\/"},{"@type":"ListItem","position":2,"name":"Loja","item":"https:\/\/recambiosecogas.com\/pt-pt\/tienda\/"},{"@type":"ListItem","position":3,"name":"GOK Caramatic SafeDrive Plus 30mbar 1,5 kg\/h G.12 KLF x RVS10\/8 SV"}]},{"@type":"WebSite","@id":"https:\/\/recambiosecogas.com\/pt-pt\/#website","url":"https:\/\/recambiosecogas.com\/pt-pt\/","name":"Recambios EcoGas","description":"Pe\u00e7as multimarca para sistemas de GPL\/GNC\/GNL\/Hidrog\u00e9nio","publisher":{"@id":"https:\/\/recambiosecogas.com\/pt-pt\/#organization"},"alternateName":"Recambios Autogas GLP","potentialAction":[{"@type":"SearchAction","target":{"@type":"EntryPoint","urlTemplate":"https:\/\/recambiosecogas.com\/pt-pt\/?s={search_term_string}"},"query-input":{"@type":"PropertyValueSpecification","valueRequired":true,"valueName":"search_term_string"}}],"inLanguage":"pt-PT"},{"@type":["Organization","Place"],"@id":"https:\/\/recambiosecogas.com\/pt-pt\/#organization","name":"Recambios EcoGas","alternateName":"Loja de GPL Autog\u00e1s Espanha","url":"https:\/\/recambiosecogas.com\/pt-pt\/","logo":{"@id":"https:\/\/recambiosecogas.com\/pt-pt\/produto\/gok-caramatic-safedrive-plus-30mbar-15-kg-h-g-12-klf-x-rvs10-8-sv\/#local-main-organization-logo"},"image":{"@id":"https:\/\/recambiosecogas.com\/pt-pt\/produto\/gok-caramatic-safedrive-plus-30mbar-15-kg-h-g-12-klf-x-rvs10-8-sv\/#local-main-organization-logo"},"sameAs":["https:\/\/www.facebook.com\/profile.php?id=100062419705358","https:\/\/www.instagram.com\/segimon_automocio"],"description":"Recambios EcoGas \u2013 Venta y distribuci\u00f3n de sistemas GLP y GNC en Espa\u00f1a y Portugal. Env\u00edos 24 h, soporte t\u00e9cnico a talleres y distribuidores.","hasMerchantReturnPolicy":{"@type":"MerchantReturnPolicy","merchantReturnLink":"https:\/\/recambiosecogas.com\/politicas-privacidad\/"},"address":{"@id":"https:\/\/recambiosecogas.com\/pt-pt\/produto\/gok-caramatic-safedrive-plus-30mbar-15-kg-h-g-12-klf-x-rvs10-8-sv\/#local-main-place-address"},"telephone":["616250633"],"contactPoint":{"@type":"ContactPoint","email":"export@recambiosecogas.com"},"openingHoursSpecification":[{"@type":"OpeningHoursSpecification","dayOfWeek":["Monday","Tuesday","Wednesday","Thursday","Friday","Saturday","Sunday"],"opens":"09:00","closes":"17:00"}],"email":"info@recambiosecogas.com","faxNumber":"SEGIMON AUTOMOCION SL","vatID":"ESB19819861","globalLocationNumber":"938 616 339"},{"@type":"PostalAddress","@id":"https:\/\/recambiosecogas.com\/pt-pt\/produto\/gok-caramatic-safedrive-plus-30mbar-15-kg-h-g-12-klf-x-rvs10-8-sv\/#local-main-place-address","streetAddress":"cami antic de vic, 29 (Nave 3), Pol\u00edgono Industrial Congost","addressLocality":"CORRO D`AVALL","postalCode":"08520","addressRegion":"Barcelona","addressCountry":"ES"},{"@type":"ImageObject","inLanguage":"pt-PT","@id":"https:\/\/recambiosecogas.com\/pt-pt\/produto\/gok-caramatic-safedrive-plus-30mbar-15-kg-h-g-12-klf-x-rvs10-8-sv\/#local-main-organization-logo","url":"https:\/\/recambiosecogas.com\/wp-content\/uploads\/2024\/11\/cropped-RECAMBIOS-GLP-png.webp","contentUrl":"https:\/\/recambiosecogas.com\/wp-content\/uploads\/2024\/11\/cropped-RECAMBIOS-GLP-png.webp","width":512,"height":512,"caption":"Recambios EcoGas"}]},"product_brand":"GOK","product_price_amount":"447.46","product_price_currency":"EUR","og_availability":"backorder","product_availability":"available for order","product_retailer_item_id":"119230","product_condition":"new","geo.placename":"CORRO D`AVALL","geo.region":"Espanha"},"uagb_featured_image_src":{"full":["https:\/\/recambiosecogas.com\/wp-content\/uploads\/2025\/02\/GOK-Caramatic-SafeDrive-png.webp",1000,1000,false],"thumbnail":["https:\/\/recambiosecogas.com\/wp-content\/uploads\/2025\/02\/GOK-Caramatic-SafeDrive-150x150.webp",150,150,true],"medium":["https:\/\/recambiosecogas.com\/wp-content\/uploads\/2025\/02\/GOK-Caramatic-SafeDrive-300x300.webp",300,300,true],"medium_large":["https:\/\/recambiosecogas.com\/wp-content\/uploads\/2025\/02\/GOK-Caramatic-SafeDrive-768x768.webp",768,768,true],"large":["https:\/\/recambiosecogas.com\/wp-content\/uploads\/2025\/02\/GOK-Caramatic-SafeDrive-png.webp",1000,1000,false],"1536x1536":["https:\/\/recambiosecogas.com\/wp-content\/uploads\/2025\/02\/GOK-Caramatic-SafeDrive-png.webp",1000,1000,false],"2048x2048":["https:\/\/recambiosecogas.com\/wp-content\/uploads\/2025\/02\/GOK-Caramatic-SafeDrive-png.webp",1000,1000,false],"woocommerce_archive_thumbnail":["https:\/\/recambiosecogas.com\/wp-content\/uploads\/2025\/02\/GOK-Caramatic-SafeDrive-png.webp",1000,1000,false],"woocommerce_thumbnail":["https:\/\/recambiosecogas.com\/wp-content\/uploads\/2025\/02\/GOK-Caramatic-SafeDrive-300x300.webp",300,300,true],"woocommerce_single":["https:\/\/recambiosecogas.com\/wp-content\/uploads\/2025\/02\/GOK-Caramatic-SafeDrive-png.webp",1000,1000,false],"woocommerce_gallery_thumbnail":["https:\/\/recambiosecogas.com\/wp-content\/uploads\/2025\/02\/GOK-Caramatic-SafeDrive-png.webp",1000,1000,false],"dgwt-wcas-product-suggestion":["https:\/\/recambiosecogas.com\/wp-content\/uploads\/2025\/02\/GOK-Caramatic-SafeDrive-64x64.webp",64,64,true]},"uagb_author_info":{"display_name":"Fran - Soporte T\u00e9cnico","author_link":"https:\/\/recambiosecogas.com\/pt-pt\/author\/"},"uagb_comment_info":0,"uagb_excerpt":"GOK","_links":{"self":[{"href":"https:\/\/recambiosecogas.com\/pt-pt\/wp-json\/wp\/v2\/product\/41378","targetHints":{"allow":["GET"]}}],"collection":[{"href":"https:\/\/recambiosecogas.com\/pt-pt\/wp-json\/wp\/v2\/product"}],"about":[{"href":"https:\/\/recambiosecogas.com\/pt-pt\/wp-json\/wp\/v2\/types\/product"}],"replies":[{"embeddable":true,"href":"https:\/\/recambiosecogas.com\/pt-pt\/wp-json\/wp\/v2\/comments?post=41378"}],"wp:featuredmedia":[{"embeddable":true,"href":"https:\/\/recambiosecogas.com\/pt-pt\/wp-json\/wp\/v2\/media\/33825"}],"wp:attachment":[{"href":"https:\/\/recambiosecogas.com\/pt-pt\/wp-json\/wp\/v2\/media?parent=41378"}],"wp:term":[{"taxonomy":"product_brand","embeddable":true,"href":"https:\/\/recambiosecogas.com\/pt-pt\/wp-json\/wp\/v2\/product_brand?post=41378"},{"taxonomy":"product_cat","embeddable":true,"href":"https:\/\/recambiosecogas.com\/pt-pt\/wp-json\/wp\/v2\/product_cat?post=41378"},{"taxonomy":"product_tag","embeddable":true,"href":"https:\/\/recambiosecogas.com\/pt-pt\/wp-json\/wp\/v2\/product_tag?post=41378"}],"curies":[{"name":"wp","href":"https:\/\/api.w.org\/{rel}","templated":true}]}}