{"id":41331,"date":"2024-11-20T16:44:40","date_gmt":"2024-11-20T15:44:40","guid":{"rendered":"https:\/\/recambiosecogas.com\/producto\/ligacao-de-mangueiras-para-redutores-prins-kme-incluindo-juntas-toricas-agua-e-gas\/"},"modified":"2026-03-19T10:16:27","modified_gmt":"2026-03-19T09:16:27","slug":"ligacao-de-mangueiras-para-redutores-prins-kme-incluindo-juntas-toricas-agua-e-gas","status":"publish","type":"product","link":"https:\/\/recambiosecogas.com\/pt-pt\/produto\/ligacao-de-mangueiras-para-redutores-prins-kme-incluindo-juntas-toricas-agua-e-gas\/","title":{"rendered":"Liga\u00e7\u00e3o de mangueiras para redutores Prins + KME, incluindo juntas t\u00f3ricas (\u00e1gua e g\u00e1s)"},"content":{"rendered":"<p>Liga\u00e7\u00e3o de \u00e1gua DREHMEISTER<br \/>\nDi\u00e2metro exterior de 16 mm.<br \/>\nAdequado como liga\u00e7\u00e3o de g\u00e1s e \u00e1gua para vaporizadores dos sistemas PRINS e KME.<br \/>\nInclui juntas t\u00f3ricas (O-rings) para veda\u00e7\u00e3o segura tanto na linha de \u00e1gua como de g\u00e1s.<\/p>\n","protected":false},"excerpt":{"rendered":"<p>Conexi\u00f3n de mangueras para reductores Prins + KME, incluye juntas t\u00f3ricas para una instalaci\u00f3n segura en sistemas de Autogas.<\/p>\n","protected":false},"featured_media":25239,"comment_status":"closed","ping_status":"closed","template":"","meta":{"googlesitekit_rrm_CAowud7EDA:productID":"","_uag_custom_page_level_css":""},"product_brand":[611,960,1003],"product_cat":[1811,1065],"product_tag":[],"class_list":{"0":"post-41331","1":"product","2":"type-product","3":"status-publish","4":"has-post-thumbnail","6":"product_brand-drehmeister","7":"product_brand-kme","8":"product_brand-prins","9":"product_cat-acessorios-para-reguladores","10":"product_cat-reguladores-de-pressao","12":"first","13":"instock","14":"taxable","15":"shipping-taxable","16":"purchasable","17":"product-type-simple"},"ct_brands":[{"id":611,"name":"DREHMEISTER","slug":"drehmeister"},{"id":960,"name":"KME","slug":"kme"},{"id":1003,"name":"PRINS","slug":"prins"}],"yoast_head":"<!-- This site is optimized with the Yoast SEO Premium plugin v27.4 (Yoast SEO v27.4) - https:\/\/yoast.com\/product\/yoast-seo-premium-wordpress\/ -->\n<title>Conexi\u00f3n de Mangueras para Reductores Prins + KME | Recambios Ecogas<\/title>\n<meta name=\"description\" content=\"Conexi\u00f3n de mangueras para reductores Prins + KME, incluye juntas t\u00f3ricas para una instalaci\u00f3n segura en sistemas de Autogas.\" \/>\n<meta name=\"robots\" content=\"index, follow, max-snippet:-1, max-image-preview:large, max-video-preview:-1\" \/>\n<link rel=\"canonical\" href=\"https:\/\/recambiosecogas.com\/pt-pt\/produto\/ligacao-de-mangueiras-para-redutores-prins-kme-incluindo-juntas-toricas-agua-e-gas\/\" \/>\n<meta property=\"og:locale\" content=\"pt_PT\" \/>\n<meta property=\"og:type\" content=\"article\" \/>\n<meta property=\"og:title\" content=\"Liga\u00e7\u00e3o de mangueiras para redutores Prins + KME, incluindo juntas t\u00f3ricas (\u00e1gua e g\u00e1s)\" \/>\n<meta property=\"og:description\" content=\"Conexi\u00f3n de mangueras para reductores Prins + KME, incluye juntas t\u00f3ricas para una instalaci\u00f3n segura en sistemas de Autogas.\" \/>\n<meta property=\"og:url\" content=\"https:\/\/recambiosecogas.com\/pt-pt\/produto\/ligacao-de-mangueiras-para-redutores-prins-kme-incluindo-juntas-toricas-agua-e-gas\/\" \/>\n<meta property=\"og:site_name\" content=\"Recambios EcoGas\" \/>\n<meta property=\"article:publisher\" content=\"https:\/\/www.facebook.com\/profile.php?id=100062419705358\" \/>\n<meta property=\"article:modified_time\" content=\"2026-03-19T09:16:27+00:00\" \/>\n<meta property=\"og:image\" content=\"https:\/\/recambiosecogas.com\/wp-content\/uploads\/2024\/11\/Conexion-de-manguera-para-reductores-Prins-KME-incl.-juntas-toricas-agua-y-gas-png.webp\" \/>\n\t<meta property=\"og:image:width\" content=\"1000\" \/>\n\t<meta property=\"og:image:height\" content=\"1000\" \/>\n\t<meta property=\"og:image:type\" content=\"image\/png\" \/>\n<meta name=\"twitter:card\" content=\"summary_large_image\" \/>\n<meta name=\"twitter:label1\" content=\"pre\u00e7o\" \/>\n\t<meta name=\"twitter:data1\" content=\"2,00&nbsp;&euro; (IVA incl.: 2,42&nbsp;&euro;)\" \/>\n\t<meta name=\"twitter:label2\" content=\"Disponibilidade\" \/>\n\t<meta name=\"twitter:data2\" content=\"Em stock\" \/>\n<script type=\"application\/ld+json\" class=\"yoast-schema-graph\">{\"@context\":\"https:\\\/\\\/schema.org\",\"@graph\":[{\"@type\":\"WebPage\",\"@id\":\"https:\\\/\\\/recambiosecogas.com\\\/pt-pt\\\/produto\\\/ligacao-de-mangueiras-para-redutores-prins-kme-incluindo-juntas-toricas-agua-e-gas\\\/\",\"url\":\"https:\\\/\\\/recambiosecogas.com\\\/pt-pt\\\/produto\\\/ligacao-de-mangueiras-para-redutores-prins-kme-incluindo-juntas-toricas-agua-e-gas\\\/\",\"name\":\"Conexi\u00f3n de Mangueras para Reductores Prins + KME | Recambios Ecogas\",\"isPartOf\":{\"@id\":\"https:\\\/\\\/recambiosecogas.com\\\/pt-pt\\\/#website\"},\"primaryImageOfPage\":{\"@id\":\"https:\\\/\\\/recambiosecogas.com\\\/pt-pt\\\/produto\\\/ligacao-de-mangueiras-para-redutores-prins-kme-incluindo-juntas-toricas-agua-e-gas\\\/#primaryimage\"},\"image\":{\"@id\":\"https:\\\/\\\/recambiosecogas.com\\\/pt-pt\\\/produto\\\/ligacao-de-mangueiras-para-redutores-prins-kme-incluindo-juntas-toricas-agua-e-gas\\\/#primaryimage\"},\"thumbnailUrl\":\"https:\\\/\\\/recambiosecogas.com\\\/wp-content\\\/uploads\\\/2024\\\/11\\\/Conexion-de-manguera-para-reductores-Prins-KME-incl.-juntas-toricas-agua-y-gas-png.webp\",\"datePublished\":\"2024-11-20T15:44:40+00:00\",\"dateModified\":\"2026-03-19T09:16:27+00:00\",\"description\":\"Conexi\u00f3n de mangueras para reductores Prins + KME, incluye juntas t\u00f3ricas para una instalaci\u00f3n segura en sistemas de Autogas.\",\"breadcrumb\":{\"@id\":\"https:\\\/\\\/recambiosecogas.com\\\/pt-pt\\\/produto\\\/ligacao-de-mangueiras-para-redutores-prins-kme-incluindo-juntas-toricas-agua-e-gas\\\/#breadcrumb\"},\"inLanguage\":\"pt-PT\",\"potentialAction\":[{\"@type\":\"ReadAction\",\"target\":[\"https:\\\/\\\/recambiosecogas.com\\\/pt-pt\\\/produto\\\/ligacao-de-mangueiras-para-redutores-prins-kme-incluindo-juntas-toricas-agua-e-gas\\\/\"]}]},{\"@type\":\"ImageObject\",\"inLanguage\":\"pt-PT\",\"@id\":\"https:\\\/\\\/recambiosecogas.com\\\/pt-pt\\\/produto\\\/ligacao-de-mangueiras-para-redutores-prins-kme-incluindo-juntas-toricas-agua-e-gas\\\/#primaryimage\",\"url\":\"https:\\\/\\\/recambiosecogas.com\\\/wp-content\\\/uploads\\\/2024\\\/11\\\/Conexion-de-manguera-para-reductores-Prins-KME-incl.-juntas-toricas-agua-y-gas-png.webp\",\"contentUrl\":\"https:\\\/\\\/recambiosecogas.com\\\/wp-content\\\/uploads\\\/2024\\\/11\\\/Conexion-de-manguera-para-reductores-Prins-KME-incl.-juntas-toricas-agua-y-gas-png.webp\",\"width\":1000,\"height\":1000},{\"@type\":\"BreadcrumbList\",\"@id\":\"https:\\\/\\\/recambiosecogas.com\\\/pt-pt\\\/produto\\\/ligacao-de-mangueiras-para-redutores-prins-kme-incluindo-juntas-toricas-agua-e-gas\\\/#breadcrumb\",\"itemListElement\":[{\"@type\":\"ListItem\",\"position\":1,\"name\":\"P\u00e1gina inicial\",\"item\":\"https:\\\/\\\/recambiosecogas.com\\\/pt-pt\\\/\"},{\"@type\":\"ListItem\",\"position\":2,\"name\":\"Loja\",\"item\":\"https:\\\/\\\/recambiosecogas.com\\\/pt-pt\\\/tienda\\\/\"},{\"@type\":\"ListItem\",\"position\":3,\"name\":\"Liga\u00e7\u00e3o de mangueiras para redutores Prins + KME, incluindo juntas t\u00f3ricas (\u00e1gua e g\u00e1s)\"}]},{\"@type\":\"WebSite\",\"@id\":\"https:\\\/\\\/recambiosecogas.com\\\/pt-pt\\\/#website\",\"url\":\"https:\\\/\\\/recambiosecogas.com\\\/pt-pt\\\/\",\"name\":\"Recambios EcoGas\",\"description\":\"Pe\u00e7as multimarca para sistemas de GPL\\\/GNC\\\/GNL\\\/Hidrog\u00e9nio\",\"publisher\":{\"@id\":\"https:\\\/\\\/recambiosecogas.com\\\/pt-pt\\\/#organization\"},\"alternateName\":\"Recambios Autogas GLP\",\"potentialAction\":[{\"@type\":\"SearchAction\",\"target\":{\"@type\":\"EntryPoint\",\"urlTemplate\":\"https:\\\/\\\/recambiosecogas.com\\\/pt-pt\\\/?s={search_term_string}\"},\"query-input\":{\"@type\":\"PropertyValueSpecification\",\"valueRequired\":true,\"valueName\":\"search_term_string\"}}],\"inLanguage\":\"pt-PT\"},{\"@type\":[\"Organization\",\"Place\"],\"@id\":\"https:\\\/\\\/recambiosecogas.com\\\/pt-pt\\\/#organization\",\"name\":\"Recambios EcoGas\",\"alternateName\":\"Loja de GPL Autog\u00e1s Espanha\",\"url\":\"https:\\\/\\\/recambiosecogas.com\\\/pt-pt\\\/\",\"logo\":{\"@id\":\"https:\\\/\\\/recambiosecogas.com\\\/pt-pt\\\/produto\\\/ligacao-de-mangueiras-para-redutores-prins-kme-incluindo-juntas-toricas-agua-e-gas\\\/#local-main-organization-logo\"},\"image\":{\"@id\":\"https:\\\/\\\/recambiosecogas.com\\\/pt-pt\\\/produto\\\/ligacao-de-mangueiras-para-redutores-prins-kme-incluindo-juntas-toricas-agua-e-gas\\\/#local-main-organization-logo\"},\"sameAs\":[\"https:\\\/\\\/www.facebook.com\\\/profile.php?id=100062419705358\",\"https:\\\/\\\/www.instagram.com\\\/segimon_automocio\"],\"description\":\"Recambios EcoGas \u2013 Venta y distribuci\u00f3n de sistemas GLP y GNC en Espa\u00f1a y Portugal. Env\u00edos 24 h, soporte t\u00e9cnico a talleres y distribuidores.\",\"hasMerchantReturnPolicy\":{\"@type\":\"MerchantReturnPolicy\",\"merchantReturnLink\":\"https:\\\/\\\/recambiosecogas.com\\\/politicas-privacidad\\\/\"},\"address\":{\"@id\":\"https:\\\/\\\/recambiosecogas.com\\\/pt-pt\\\/produto\\\/ligacao-de-mangueiras-para-redutores-prins-kme-incluindo-juntas-toricas-agua-e-gas\\\/#local-main-place-address\"},\"telephone\":[\"616250633\"],\"contactPoint\":{\"@type\":\"ContactPoint\",\"email\":\"export@recambiosecogas.com\"},\"openingHoursSpecification\":[{\"@type\":\"OpeningHoursSpecification\",\"dayOfWeek\":[\"Monday\",\"Tuesday\",\"Wednesday\",\"Thursday\",\"Friday\",\"Saturday\",\"Sunday\"],\"opens\":\"09:00\",\"closes\":\"17:00\"}],\"email\":\"info@recambiosecogas.com\",\"faxNumber\":\"SEGIMON AUTOMOCION SL\",\"vatID\":\"ESB19819861\",\"globalLocationNumber\":\"938 616 339\"},{\"@type\":\"PostalAddress\",\"@id\":\"https:\\\/\\\/recambiosecogas.com\\\/pt-pt\\\/produto\\\/ligacao-de-mangueiras-para-redutores-prins-kme-incluindo-juntas-toricas-agua-e-gas\\\/#local-main-place-address\",\"streetAddress\":\"cami antic de vic, 29 (Nave 3), Pol\u00edgono Industrial Congost\",\"addressLocality\":\"CORRO D`AVALL\",\"postalCode\":\"08520\",\"addressRegion\":\"Barcelona\",\"addressCountry\":\"ES\"},{\"@type\":\"ImageObject\",\"inLanguage\":\"pt-PT\",\"@id\":\"https:\\\/\\\/recambiosecogas.com\\\/pt-pt\\\/produto\\\/ligacao-de-mangueiras-para-redutores-prins-kme-incluindo-juntas-toricas-agua-e-gas\\\/#local-main-organization-logo\",\"url\":\"https:\\\/\\\/recambiosecogas.com\\\/wp-content\\\/uploads\\\/2024\\\/11\\\/cropped-RECAMBIOS-GLP-png.webp\",\"contentUrl\":\"https:\\\/\\\/recambiosecogas.com\\\/wp-content\\\/uploads\\\/2024\\\/11\\\/cropped-RECAMBIOS-GLP-png.webp\",\"width\":512,\"height\":512,\"caption\":\"Recambios EcoGas\"}]}<\/script>\n<meta property=\"product:brand\" content=\"DREHMEISTER\" \/>\n<meta property=\"product:price:amount\" content=\"2.00\" \/>\n<meta property=\"product:price:currency\" content=\"EUR\" \/>\n<meta property=\"og:availability\" content=\"instock\" \/>\n<meta property=\"product:availability\" content=\"instock\" \/>\n<meta property=\"product:retailer_item_id\" content=\"102494\" \/>\n<meta property=\"product:condition\" content=\"new\" \/>\n<meta name=\"geo.placename\" content=\"CORRO D`AVALL\" \/>\n<meta name=\"geo.region\" content=\"Espanha\" \/>\n<!-- \/ Yoast SEO Premium plugin. -->","yoast_head_json":{"title":"Conexi\u00f3n de Mangueras para Reductores Prins + KME | Recambios Ecogas","description":"Conexi\u00f3n de mangueras para reductores Prins + KME, incluye juntas t\u00f3ricas para una instalaci\u00f3n segura en sistemas de Autogas.","robots":{"index":"index","follow":"follow","max-snippet":"max-snippet:-1","max-image-preview":"max-image-preview:large","max-video-preview":"max-video-preview:-1"},"canonical":"https:\/\/recambiosecogas.com\/pt-pt\/produto\/ligacao-de-mangueiras-para-redutores-prins-kme-incluindo-juntas-toricas-agua-e-gas\/","og_locale":"pt_PT","og_type":"article","og_title":"Liga\u00e7\u00e3o de mangueiras para redutores Prins + KME, incluindo juntas t\u00f3ricas (\u00e1gua e g\u00e1s)","og_description":"Conexi\u00f3n de mangueras para reductores Prins + KME, incluye juntas t\u00f3ricas para una instalaci\u00f3n segura en sistemas de Autogas.","og_url":"https:\/\/recambiosecogas.com\/pt-pt\/produto\/ligacao-de-mangueiras-para-redutores-prins-kme-incluindo-juntas-toricas-agua-e-gas\/","og_site_name":"Recambios EcoGas","article_publisher":"https:\/\/www.facebook.com\/profile.php?id=100062419705358","article_modified_time":"2026-03-19T09:16:27+00:00","og_image":[{"width":1000,"height":1000,"url":"https:\/\/recambiosecogas.com\/wp-content\/uploads\/2024\/11\/Conexion-de-manguera-para-reductores-Prins-KME-incl.-juntas-toricas-agua-y-gas-png.webp","type":"image\/png"}],"twitter_card":"summary_large_image","twitter_misc":{"pre\u00e7o":"2,00&nbsp;&euro; (IVA incl.: 2,42&nbsp;&euro;)","Disponibilidade":"Em stock"},"schema":{"@context":"https:\/\/schema.org","@graph":[{"@type":"WebPage","@id":"https:\/\/recambiosecogas.com\/pt-pt\/produto\/ligacao-de-mangueiras-para-redutores-prins-kme-incluindo-juntas-toricas-agua-e-gas\/","url":"https:\/\/recambiosecogas.com\/pt-pt\/produto\/ligacao-de-mangueiras-para-redutores-prins-kme-incluindo-juntas-toricas-agua-e-gas\/","name":"Conexi\u00f3n de Mangueras para Reductores Prins + KME | Recambios Ecogas","isPartOf":{"@id":"https:\/\/recambiosecogas.com\/pt-pt\/#website"},"primaryImageOfPage":{"@id":"https:\/\/recambiosecogas.com\/pt-pt\/produto\/ligacao-de-mangueiras-para-redutores-prins-kme-incluindo-juntas-toricas-agua-e-gas\/#primaryimage"},"image":{"@id":"https:\/\/recambiosecogas.com\/pt-pt\/produto\/ligacao-de-mangueiras-para-redutores-prins-kme-incluindo-juntas-toricas-agua-e-gas\/#primaryimage"},"thumbnailUrl":"https:\/\/recambiosecogas.com\/wp-content\/uploads\/2024\/11\/Conexion-de-manguera-para-reductores-Prins-KME-incl.-juntas-toricas-agua-y-gas-png.webp","datePublished":"2024-11-20T15:44:40+00:00","dateModified":"2026-03-19T09:16:27+00:00","description":"Conexi\u00f3n de mangueras para reductores Prins + KME, incluye juntas t\u00f3ricas para una instalaci\u00f3n segura en sistemas de Autogas.","breadcrumb":{"@id":"https:\/\/recambiosecogas.com\/pt-pt\/produto\/ligacao-de-mangueiras-para-redutores-prins-kme-incluindo-juntas-toricas-agua-e-gas\/#breadcrumb"},"inLanguage":"pt-PT","potentialAction":[{"@type":"ReadAction","target":["https:\/\/recambiosecogas.com\/pt-pt\/produto\/ligacao-de-mangueiras-para-redutores-prins-kme-incluindo-juntas-toricas-agua-e-gas\/"]}]},{"@type":"ImageObject","inLanguage":"pt-PT","@id":"https:\/\/recambiosecogas.com\/pt-pt\/produto\/ligacao-de-mangueiras-para-redutores-prins-kme-incluindo-juntas-toricas-agua-e-gas\/#primaryimage","url":"https:\/\/recambiosecogas.com\/wp-content\/uploads\/2024\/11\/Conexion-de-manguera-para-reductores-Prins-KME-incl.-juntas-toricas-agua-y-gas-png.webp","contentUrl":"https:\/\/recambiosecogas.com\/wp-content\/uploads\/2024\/11\/Conexion-de-manguera-para-reductores-Prins-KME-incl.-juntas-toricas-agua-y-gas-png.webp","width":1000,"height":1000},{"@type":"BreadcrumbList","@id":"https:\/\/recambiosecogas.com\/pt-pt\/produto\/ligacao-de-mangueiras-para-redutores-prins-kme-incluindo-juntas-toricas-agua-e-gas\/#breadcrumb","itemListElement":[{"@type":"ListItem","position":1,"name":"P\u00e1gina inicial","item":"https:\/\/recambiosecogas.com\/pt-pt\/"},{"@type":"ListItem","position":2,"name":"Loja","item":"https:\/\/recambiosecogas.com\/pt-pt\/tienda\/"},{"@type":"ListItem","position":3,"name":"Liga\u00e7\u00e3o de mangueiras para redutores Prins + KME, incluindo juntas t\u00f3ricas (\u00e1gua e g\u00e1s)"}]},{"@type":"WebSite","@id":"https:\/\/recambiosecogas.com\/pt-pt\/#website","url":"https:\/\/recambiosecogas.com\/pt-pt\/","name":"Recambios EcoGas","description":"Pe\u00e7as multimarca para sistemas de GPL\/GNC\/GNL\/Hidrog\u00e9nio","publisher":{"@id":"https:\/\/recambiosecogas.com\/pt-pt\/#organization"},"alternateName":"Recambios Autogas GLP","potentialAction":[{"@type":"SearchAction","target":{"@type":"EntryPoint","urlTemplate":"https:\/\/recambiosecogas.com\/pt-pt\/?s={search_term_string}"},"query-input":{"@type":"PropertyValueSpecification","valueRequired":true,"valueName":"search_term_string"}}],"inLanguage":"pt-PT"},{"@type":["Organization","Place"],"@id":"https:\/\/recambiosecogas.com\/pt-pt\/#organization","name":"Recambios EcoGas","alternateName":"Loja de GPL Autog\u00e1s Espanha","url":"https:\/\/recambiosecogas.com\/pt-pt\/","logo":{"@id":"https:\/\/recambiosecogas.com\/pt-pt\/produto\/ligacao-de-mangueiras-para-redutores-prins-kme-incluindo-juntas-toricas-agua-e-gas\/#local-main-organization-logo"},"image":{"@id":"https:\/\/recambiosecogas.com\/pt-pt\/produto\/ligacao-de-mangueiras-para-redutores-prins-kme-incluindo-juntas-toricas-agua-e-gas\/#local-main-organization-logo"},"sameAs":["https:\/\/www.facebook.com\/profile.php?id=100062419705358","https:\/\/www.instagram.com\/segimon_automocio"],"description":"Recambios EcoGas \u2013 Venta y distribuci\u00f3n de sistemas GLP y GNC en Espa\u00f1a y Portugal. Env\u00edos 24 h, soporte t\u00e9cnico a talleres y distribuidores.","hasMerchantReturnPolicy":{"@type":"MerchantReturnPolicy","merchantReturnLink":"https:\/\/recambiosecogas.com\/politicas-privacidad\/"},"address":{"@id":"https:\/\/recambiosecogas.com\/pt-pt\/produto\/ligacao-de-mangueiras-para-redutores-prins-kme-incluindo-juntas-toricas-agua-e-gas\/#local-main-place-address"},"telephone":["616250633"],"contactPoint":{"@type":"ContactPoint","email":"export@recambiosecogas.com"},"openingHoursSpecification":[{"@type":"OpeningHoursSpecification","dayOfWeek":["Monday","Tuesday","Wednesday","Thursday","Friday","Saturday","Sunday"],"opens":"09:00","closes":"17:00"}],"email":"info@recambiosecogas.com","faxNumber":"SEGIMON AUTOMOCION SL","vatID":"ESB19819861","globalLocationNumber":"938 616 339"},{"@type":"PostalAddress","@id":"https:\/\/recambiosecogas.com\/pt-pt\/produto\/ligacao-de-mangueiras-para-redutores-prins-kme-incluindo-juntas-toricas-agua-e-gas\/#local-main-place-address","streetAddress":"cami antic de vic, 29 (Nave 3), Pol\u00edgono Industrial Congost","addressLocality":"CORRO D`AVALL","postalCode":"08520","addressRegion":"Barcelona","addressCountry":"ES"},{"@type":"ImageObject","inLanguage":"pt-PT","@id":"https:\/\/recambiosecogas.com\/pt-pt\/produto\/ligacao-de-mangueiras-para-redutores-prins-kme-incluindo-juntas-toricas-agua-e-gas\/#local-main-organization-logo","url":"https:\/\/recambiosecogas.com\/wp-content\/uploads\/2024\/11\/cropped-RECAMBIOS-GLP-png.webp","contentUrl":"https:\/\/recambiosecogas.com\/wp-content\/uploads\/2024\/11\/cropped-RECAMBIOS-GLP-png.webp","width":512,"height":512,"caption":"Recambios EcoGas"}]},"product_brand":"DREHMEISTER","product_price_amount":"2.00","product_price_currency":"EUR","og_availability":"instock","product_availability":"instock","product_retailer_item_id":"102494","product_condition":"new","geo.placename":"CORRO D`AVALL","geo.region":"Espanha"},"uagb_featured_image_src":{"full":["https:\/\/recambiosecogas.com\/wp-content\/uploads\/2024\/11\/Conexion-de-manguera-para-reductores-Prins-KME-incl.-juntas-toricas-agua-y-gas-png.webp",1000,1000,false],"thumbnail":["https:\/\/recambiosecogas.com\/wp-content\/uploads\/2024\/11\/Conexion-de-manguera-para-reductores-Prins-KME-incl.-juntas-toricas-agua-y-gas-150x150.webp",150,150,true],"medium":["https:\/\/recambiosecogas.com\/wp-content\/uploads\/2024\/11\/Conexion-de-manguera-para-reductores-Prins-KME-incl.-juntas-toricas-agua-y-gas-300x300.webp",300,300,true],"medium_large":["https:\/\/recambiosecogas.com\/wp-content\/uploads\/2024\/11\/Conexion-de-manguera-para-reductores-Prins-KME-incl.-juntas-toricas-agua-y-gas-768x768.webp",768,768,true],"large":["https:\/\/recambiosecogas.com\/wp-content\/uploads\/2024\/11\/Conexion-de-manguera-para-reductores-Prins-KME-incl.-juntas-toricas-agua-y-gas-png.webp",1000,1000,false],"1536x1536":["https:\/\/recambiosecogas.com\/wp-content\/uploads\/2024\/11\/Conexion-de-manguera-para-reductores-Prins-KME-incl.-juntas-toricas-agua-y-gas-png.webp",1000,1000,false],"2048x2048":["https:\/\/recambiosecogas.com\/wp-content\/uploads\/2024\/11\/Conexion-de-manguera-para-reductores-Prins-KME-incl.-juntas-toricas-agua-y-gas-png.webp",1000,1000,false],"woocommerce_archive_thumbnail":["https:\/\/recambiosecogas.com\/wp-content\/uploads\/2024\/11\/Conexion-de-manguera-para-reductores-Prins-KME-incl.-juntas-toricas-agua-y-gas-png.webp",1000,1000,false],"woocommerce_thumbnail":["https:\/\/recambiosecogas.com\/wp-content\/uploads\/2024\/11\/Conexion-de-manguera-para-reductores-Prins-KME-incl.-juntas-toricas-agua-y-gas-png-300x300.webp",300,300,true],"woocommerce_single":["https:\/\/recambiosecogas.com\/wp-content\/uploads\/2024\/11\/Conexion-de-manguera-para-reductores-Prins-KME-incl.-juntas-toricas-agua-y-gas-png.webp",1000,1000,false],"woocommerce_gallery_thumbnail":["https:\/\/recambiosecogas.com\/wp-content\/uploads\/2024\/11\/Conexion-de-manguera-para-reductores-Prins-KME-incl.-juntas-toricas-agua-y-gas-png.webp",1000,1000,false],"dgwt-wcas-product-suggestion":["https:\/\/recambiosecogas.com\/wp-content\/uploads\/2024\/11\/Conexion-de-manguera-para-reductores-Prins-KME-incl.-juntas-toricas-agua-y-gas-png-64x64.webp",64,64,true]},"uagb_author_info":{"display_name":"Fran - Soporte T\u00e9cnico","author_link":"https:\/\/recambiosecogas.com\/pt-pt\/author\/"},"uagb_comment_info":0,"uagb_excerpt":"Conexi\u00f3n de mangueras para reductores Prins + KME, incluye juntas t\u00f3ricas para una instalaci\u00f3n segura en sistemas de Autogas.","_links":{"self":[{"href":"https:\/\/recambiosecogas.com\/pt-pt\/wp-json\/wp\/v2\/product\/41331","targetHints":{"allow":["GET"]}}],"collection":[{"href":"https:\/\/recambiosecogas.com\/pt-pt\/wp-json\/wp\/v2\/product"}],"about":[{"href":"https:\/\/recambiosecogas.com\/pt-pt\/wp-json\/wp\/v2\/types\/product"}],"replies":[{"embeddable":true,"href":"https:\/\/recambiosecogas.com\/pt-pt\/wp-json\/wp\/v2\/comments?post=41331"}],"wp:featuredmedia":[{"embeddable":true,"href":"https:\/\/recambiosecogas.com\/pt-pt\/wp-json\/wp\/v2\/media\/25239"}],"wp:attachment":[{"href":"https:\/\/recambiosecogas.com\/pt-pt\/wp-json\/wp\/v2\/media?parent=41331"}],"wp:term":[{"taxonomy":"product_brand","embeddable":true,"href":"https:\/\/recambiosecogas.com\/pt-pt\/wp-json\/wp\/v2\/product_brand?post=41331"},{"taxonomy":"product_cat","embeddable":true,"href":"https:\/\/recambiosecogas.com\/pt-pt\/wp-json\/wp\/v2\/product_cat?post=41331"},{"taxonomy":"product_tag","embeddable":true,"href":"https:\/\/recambiosecogas.com\/pt-pt\/wp-json\/wp\/v2\/product_tag?post=41331"}],"curies":[{"name":"wp","href":"https:\/\/api.w.org\/{rel}","templated":true}]}}