{"id":41296,"date":"2025-02-12T09:33:24","date_gmt":"2025-02-12T08:33:24","guid":{"rendered":"https:\/\/recambiosecogas.com\/producto\/kit-de-reparacao-do-redutor-genius-1200-com-valvula-seguranca-brc\/"},"modified":"2026-04-08T10:59:57","modified_gmt":"2026-04-08T09:59:57","slug":"kit-de-reparacao-do-redutor-genius-1200-com-valvula-seguranca-brc","status":"publish","type":"product","link":"https:\/\/recambiosecogas.com\/pt-pt\/producto\/kit-de-reparacao-do-redutor-genius-1200-com-valvula-seguranca-brc\/","title":{"rendered":"kit de repara\u00e7\u00e3o do redutor Genius 1200 com v\u00e1lvula. Seguran\u00e7a | BRC"},"content":{"rendered":"<h3 style=\"text-align: center;\">kit de repara\u00e7\u00e3o do redutor Genius 1200 com v\u00e1lvula. Seguran\u00e7a | BRC <\/h3>\n<p data-start=\"205\" data-end=\"454\"><strong data-start=\"208\" data-end=\"285\">Kit de Repara\u00e7\u00e3o de Redutor Genius 1200 com V\u00e1lvula de Seguran\u00e7a | BRC<\/strong> \u00e9 uma <strong data-start=\"293\" data-end=\"331\">solu\u00e7\u00e3o de manuten\u00e7\u00e3o essencial<\/strong> projetada para <strong data-start=\"346\" data-end=\"390\">restaurar o desempenho e a efici\u00eancia<\/strong> das redutores <strong data-start=\"409\" data-end=\"428\">BRC Genius 1200<\/strong> em sistemas <strong data-start=\"444\" data-end=\"451\">LPG<\/strong> .<\/p>\n<p data-start=\"456\" data-end=\"671\">Este kit inclui <strong data-start=\"473\" data-end=\"504\">componentes de alta qualidade<\/strong> que permitem <strong data-start=\"518\" data-end=\"551\">substituir pe\u00e7as desgastadas<\/strong> , garantindo <strong data-start=\"568\" data-end=\"668\">a regula\u00e7\u00e3o ideal da press\u00e3o, preven\u00e7\u00e3o de fugas e funcionamento est\u00e1vel do sistema de g\u00e1s<\/strong> .<\/p>\n<p data-start=\"673\" data-end=\"873\">Uma de suas principais vantagens \u00e9 a <strong data-start=\"711\" data-end=\"744\">v\u00e1lvula de seguran\u00e7a inclu\u00edda<\/strong> , que proporciona <strong data-start=\"762\" data-end=\"786\">prote\u00e7\u00e3o adicional<\/strong> no sistema, evitando <strong data-start=\"811\" data-end=\"870\">sobrecargas de press\u00e3o e falhas na convers\u00e3o de GLP<\/strong> .<\/p>\n<p data-start=\"875\" data-end=\"1080\">A manuten\u00e7\u00e3o regular com este kit garante <strong data-start=\"923\" data-end=\"961\">uma maior durabilidade do redutor<\/strong> , melhora o desempenho do motor e otimiza o consumo de g\u00e1s, garantindo <strong data-start=\"1040\" data-end=\"1077\">uma combust\u00e3o mais eficiente e segura<\/strong> .<\/p>\n<h3 data-start=\"1082\" data-end=\"1120\"><strong data-start=\"1086\" data-end=\"1118\">Caracter\u00edsticas e Benef\u00edcios<\/strong><\/h3>\n<ul data-start=\"1121\" data-end=\"1770\">\n<li data-start=\"1121\" data-end=\"1235\"><strong data-start=\"1123\" data-end=\"1153\">Kit de repara\u00e7\u00e3o<\/strong>: Cont\u00e9m as pe\u00e7as necess\u00e1rias para restaurar o redutor <strong data-start=\"1213\" data-end=\"1232\">BRC Genius 1200<\/strong>.<\/li>\n<li data-start=\"1236\" data-end=\"1323\"><strong data-start=\"1238\" data-end=\"1270\">Inclui v\u00e1lvula de seguran\u00e7a<\/strong> : Maior prote\u00e7\u00e3o contra <strong data-start=\"1294\" data-end=\"1320\">sobrecargas de press\u00e3o<\/strong> .<\/li>\n<li data-start=\"1324\" data-end=\"1401\"><strong data-start=\"1326\" data-end=\"1358\">Regula\u00e7\u00e3o \u00f3tima da press\u00e3o<\/strong> : Mant\u00e9m a efici\u00eancia do sistema GPL.<\/li>\n<li data-start=\"1402\" data-end=\"1499\"><strong data-start=\"1404\" data-end=\"1442\">Prolonga a vida \u00fatil da caixa de velocidades:<\/strong> Previne falhas e reduz o desgaste dos componentes.<\/li>\n<li data-start=\"1500\" data-end=\"1588\"><strong data-start=\"1502\" data-end=\"1537\">Melhora o desempenho do motor<\/strong> : Garante <strong data-start=\"1551\" data-end=\"1585\">uma combust\u00e3o est\u00e1vel e eficiente<\/strong> .<\/li>\n<li data-start=\"1589\" data-end=\"1678\"><strong data-start=\"1591\" data-end=\"1621\">Compatibilidade garantida<\/strong> : Projetado especificamente para o <strong data-start=\"1656\" data-end=\"1675\">BRC Genius 1200<\/strong> .<\/li>\n<li data-start=\"1679\" data-end=\"1770\"><strong data-start=\"1681\" data-end=\"1705\">Instala\u00e7\u00e3o<\/strong>: Substitui\u00e7\u00e3o r\u00e1pida sem a necessidade de modifica\u00e7\u00f5es adicionais.<\/li>\n<\/ul>\n<h3 data-start=\"1772\" data-end=\"1796\"><strong data-start=\"1776\" data-end=\"1794\">Dados t\u00e9cnicos<\/strong><\/h3>\n<ul data-start=\"1797\" data-end=\"2158\">\n<li data-start=\"1797\" data-end=\"1839\"><strong data-start=\"1799\" data-end=\"1820\">Modelo compat\u00edvel<\/strong> : BRC Genius 1200<\/li>\n<li data-start=\"1840\" data-end=\"1921\"><strong data-start=\"1842\" data-end=\"1853\">Inclui<\/strong> : V\u00e1lvula de seguran\u00e7a e componentes essenciais para repara\u00e7\u00e3o.<\/li>\n<li data-start=\"1922\" data-end=\"2000\"><strong data-start=\"1924\" data-end=\"1935\">Fun\u00e7\u00e3o<\/strong> : Restaura\u00e7\u00e3o do redutor e <strong data-start=\"1965\" data-end=\"1998\">regula\u00e7\u00e3o de press\u00e3o est\u00e1vel<\/strong><\/li>\n<li data-start=\"2001\" data-end=\"2068\"><strong data-start=\"2003\" data-end=\"2017\">Aplica\u00e7\u00e3o<\/strong> : Manuten\u00e7\u00e3o e otimiza\u00e7\u00e3o de sistemas GPL<\/li>\n<li data-start=\"2069\" data-end=\"2158\"><strong data-start=\"2071\" data-end=\"2090\">Uso recomendado<\/strong> : Substitui\u00e7\u00e3o peri\u00f3dica para evitar falhas na convers\u00e3o de g\u00e1s.<\/li>\n<\/ul>\n<p>OBTENHA MAIS <a href=\"https:\/\/recambiosecogas.com\/categoria-producto\/reguladores-de-pressao\/caixas-de-velocidades-gpl\/?lang=pt-pt\">UNIDADES DE ENGRENAGENS<\/a> E<a href=\"https:\/\/recambiosecogas.com\/produto\/kit-de-reparacao-impco-para-redutor-de-gpl-modelo-l\/?lang=pt-pt\"> KITS DE REPARA\u00c7\u00c3O<\/a><\/p>\n","protected":false},"excerpt":{"rendered":"<p>kit de repara\u00e7\u00e3o do redutor Genius 1200 com v\u00e1lvula. Seguran\u00e7a | BRC Kit de Repara\u00e7\u00e3o de Redutor Genius 1200 com V\u00e1lvula de Seguran\u00e7a | BRC \u00e9 uma solu\u00e7\u00e3o de manuten\u00e7\u00e3o essencial projetada para restaurar o desempenho e a efici\u00eancia das redutores BRC Genius 1200 em sistemas LPG . Este kit inclui componentes de alta qualidade [&hellip;]<\/p>\n","protected":false},"featured_media":30371,"comment_status":"open","ping_status":"closed","template":"","meta":{"_uag_custom_page_level_css":""},"product_brand":[979],"product_cat":[1817,1065],"product_tag":[],"class_list":{"0":"post-41296","1":"product","2":"type-product","3":"status-publish","4":"has-post-thumbnail","6":"product_brand-brc-mtm-glp","7":"product_cat-kits-de-reparacao-gpl","8":"product_cat-reguladores-de-pressao","10":"first","11":"instock","12":"taxable","13":"shipping-taxable","14":"purchasable","15":"product-type-simple"},"ct_brands":[{"id":979,"name":"BRC","slug":"brc-mtm-glp"}],"yoast_head":"<!-- This site is optimized with the Yoast SEO Premium plugin v27.5 (Yoast SEO v27.5) - https:\/\/yoast.com\/product\/yoast-seo-premium-wordpress\/ -->\n<title>kit de repara\u00e7\u00e3o do redutor Genius 1200 com v\u00e1lvula. Seguran\u00e7a | BRC | Recambios EcoGas | Sistemas GLP y GNC<\/title>\n<meta name=\"description\" content=\"Kit de repara\u00e7\u00e3o para BRC Genius 1200, com v\u00e1lvula de seguran\u00e7a inclu\u00edda, otimiza a regula\u00e7\u00e3o de press\u00e3o e evita vazamentos em sistemas de GLP.\" \/>\n<meta name=\"robots\" content=\"index, follow, max-snippet:-1, max-image-preview:large, max-video-preview:-1\" \/>\n<link rel=\"canonical\" href=\"https:\/\/recambiosecogas.com\/pt-pt\/producto\/kit-de-reparacao-do-redutor-genius-1200-com-valvula-seguranca-brc\/\" \/>\n<meta property=\"og:locale\" content=\"pt_PT\" \/>\n<meta property=\"og:type\" content=\"article\" \/>\n<meta property=\"og:title\" content=\"kit de repara\u00e7\u00e3o do redutor Genius 1200 com v\u00e1lvula. Seguran\u00e7a | BRC\" \/>\n<meta property=\"og:description\" content=\"Kit de repara\u00e7\u00e3o para BRC Genius 1200, com v\u00e1lvula de seguran\u00e7a inclu\u00edda, otimiza a regula\u00e7\u00e3o de press\u00e3o e evita vazamentos em sistemas de GLP.\" \/>\n<meta property=\"og:url\" content=\"https:\/\/recambiosecogas.com\/pt-pt\/producto\/kit-de-reparacao-do-redutor-genius-1200-com-valvula-seguranca-brc\/\" \/>\n<meta property=\"og:site_name\" content=\"Recambios EcoGas\" \/>\n<meta property=\"article:publisher\" content=\"https:\/\/www.facebook.com\/profile.php?id=100062419705358\" \/>\n<meta property=\"article:modified_time\" content=\"2026-04-08T09:59:57+00:00\" \/>\n<meta property=\"og:image\" content=\"https:\/\/recambiosecogas.com\/wp-content\/uploads\/2025\/02\/kit-de-reparacion-del-reductor-Genius-1200-con-valv.-de-seguridad-BRC-png.webp\" \/>\n\t<meta property=\"og:image:width\" content=\"1000\" \/>\n\t<meta property=\"og:image:height\" content=\"1000\" \/>\n\t<meta property=\"og:image:type\" content=\"image\/png\" \/>\n<meta name=\"twitter:card\" content=\"summary_large_image\" \/>\n<meta name=\"twitter:label1\" content=\"pre\u00e7o\" \/>\n\t<meta name=\"twitter:data1\" content=\"33,19&nbsp;&euro; (Sin IVA: 27,43&nbsp;&euro;)\" \/>\n\t<meta name=\"twitter:label2\" content=\"Disponibilidade\" \/>\n\t<meta name=\"twitter:data2\" content=\"Em stock\" \/>\n<script type=\"application\/ld+json\" class=\"yoast-schema-graph\">{\"@context\":\"https:\\\/\\\/schema.org\",\"@graph\":[{\"@type\":\"WebPage\",\"@id\":\"https:\\\/\\\/recambiosecogas.com\\\/pt-pt\\\/producto\\\/kit-de-reparacao-do-redutor-genius-1200-com-valvula-seguranca-brc\\\/\",\"url\":\"https:\\\/\\\/recambiosecogas.com\\\/pt-pt\\\/producto\\\/kit-de-reparacao-do-redutor-genius-1200-com-valvula-seguranca-brc\\\/\",\"name\":\"kit de repara\u00e7\u00e3o do redutor Genius 1200 com v\u00e1lvula. Seguran\u00e7a | BRC | Recambios EcoGas | Sistemas GLP y GNC\",\"isPartOf\":{\"@id\":\"https:\\\/\\\/recambiosecogas.com\\\/pt-pt\\\/#website\"},\"primaryImageOfPage\":{\"@id\":\"https:\\\/\\\/recambiosecogas.com\\\/pt-pt\\\/producto\\\/kit-de-reparacao-do-redutor-genius-1200-com-valvula-seguranca-brc\\\/#primaryimage\"},\"image\":{\"@id\":\"https:\\\/\\\/recambiosecogas.com\\\/pt-pt\\\/producto\\\/kit-de-reparacao-do-redutor-genius-1200-com-valvula-seguranca-brc\\\/#primaryimage\"},\"thumbnailUrl\":\"https:\\\/\\\/recambiosecogas.com\\\/wp-content\\\/uploads\\\/2025\\\/02\\\/kit-de-reparacion-del-reductor-Genius-1200-con-valv.-de-seguridad-BRC-png.webp\",\"datePublished\":\"2025-02-12T08:33:24+00:00\",\"dateModified\":\"2026-04-08T09:59:57+00:00\",\"description\":\"Kit de repara\u00e7\u00e3o para BRC Genius 1200, com v\u00e1lvula de seguran\u00e7a inclu\u00edda, otimiza a regula\u00e7\u00e3o de press\u00e3o e evita vazamentos em sistemas de GLP.\",\"breadcrumb\":{\"@id\":\"https:\\\/\\\/recambiosecogas.com\\\/pt-pt\\\/producto\\\/kit-de-reparacao-do-redutor-genius-1200-com-valvula-seguranca-brc\\\/#breadcrumb\"},\"inLanguage\":\"pt-PT\",\"potentialAction\":[{\"@type\":\"ReadAction\",\"target\":[\"https:\\\/\\\/recambiosecogas.com\\\/pt-pt\\\/producto\\\/kit-de-reparacao-do-redutor-genius-1200-com-valvula-seguranca-brc\\\/\"]}]},{\"@type\":\"ImageObject\",\"inLanguage\":\"pt-PT\",\"@id\":\"https:\\\/\\\/recambiosecogas.com\\\/pt-pt\\\/producto\\\/kit-de-reparacao-do-redutor-genius-1200-com-valvula-seguranca-brc\\\/#primaryimage\",\"url\":\"https:\\\/\\\/recambiosecogas.com\\\/wp-content\\\/uploads\\\/2025\\\/02\\\/kit-de-reparacion-del-reductor-Genius-1200-con-valv.-de-seguridad-BRC-png.webp\",\"contentUrl\":\"https:\\\/\\\/recambiosecogas.com\\\/wp-content\\\/uploads\\\/2025\\\/02\\\/kit-de-reparacion-del-reductor-Genius-1200-con-valv.-de-seguridad-BRC-png.webp\",\"width\":1000,\"height\":1000},{\"@type\":\"BreadcrumbList\",\"@id\":\"https:\\\/\\\/recambiosecogas.com\\\/pt-pt\\\/producto\\\/kit-de-reparacao-do-redutor-genius-1200-com-valvula-seguranca-brc\\\/#breadcrumb\",\"itemListElement\":[{\"@type\":\"ListItem\",\"position\":1,\"name\":\"P\u00e1gina inicial\",\"item\":\"https:\\\/\\\/recambiosecogas.com\\\/pt-pt\\\/\"},{\"@type\":\"ListItem\",\"position\":2,\"name\":\"Loja\",\"item\":\"https:\\\/\\\/recambiosecogas.com\\\/pt-pt\\\/tienda\\\/\"},{\"@type\":\"ListItem\",\"position\":3,\"name\":\"kit de repara\u00e7\u00e3o do redutor Genius 1200 com v\u00e1lvula. Seguran\u00e7a | BRC\"}]},{\"@type\":\"WebSite\",\"@id\":\"https:\\\/\\\/recambiosecogas.com\\\/pt-pt\\\/#website\",\"url\":\"https:\\\/\\\/recambiosecogas.com\\\/pt-pt\\\/\",\"name\":\"Recambios EcoGas\",\"description\":\"Pe\u00e7as multimarca para sistemas de GPL\\\/GNC\\\/GNL\\\/Hidrog\u00e9nio\",\"publisher\":{\"@id\":\"https:\\\/\\\/recambiosecogas.com\\\/pt-pt\\\/#organization\"},\"alternateName\":\"Recambios Autogas GLP\",\"potentialAction\":[{\"@type\":\"SearchAction\",\"target\":{\"@type\":\"EntryPoint\",\"urlTemplate\":\"https:\\\/\\\/recambiosecogas.com\\\/pt-pt\\\/?s={search_term_string}\"},\"query-input\":{\"@type\":\"PropertyValueSpecification\",\"valueRequired\":true,\"valueName\":\"search_term_string\"}}],\"inLanguage\":\"pt-PT\"},{\"@type\":[\"Organization\",\"Place\"],\"@id\":\"https:\\\/\\\/recambiosecogas.com\\\/pt-pt\\\/#organization\",\"name\":\"Recambios EcoGas\",\"alternateName\":\"Loja de GPL Autog\u00e1s Espanha\",\"url\":\"https:\\\/\\\/recambiosecogas.com\\\/pt-pt\\\/\",\"logo\":{\"@id\":\"https:\\\/\\\/recambiosecogas.com\\\/pt-pt\\\/producto\\\/kit-de-reparacao-do-redutor-genius-1200-com-valvula-seguranca-brc\\\/#local-main-organization-logo\"},\"image\":{\"@id\":\"https:\\\/\\\/recambiosecogas.com\\\/pt-pt\\\/producto\\\/kit-de-reparacao-do-redutor-genius-1200-com-valvula-seguranca-brc\\\/#local-main-organization-logo\"},\"sameAs\":[\"https:\\\/\\\/www.facebook.com\\\/profile.php?id=100062419705358\",\"https:\\\/\\\/www.instagram.com\\\/segimon_automocio\"],\"description\":\"Recambios EcoGas \u2013 Venta y distribuci\u00f3n de sistemas GLP y GNC en Espa\u00f1a y Portugal. Env\u00edos 24 h, soporte t\u00e9cnico a talleres y distribuidores.\",\"hasMerchantReturnPolicy\":{\"@type\":\"MerchantReturnPolicy\",\"merchantReturnLink\":\"https:\\\/\\\/recambiosecogas.com\\\/politicas-privacidad\\\/\"},\"address\":{\"@id\":\"https:\\\/\\\/recambiosecogas.com\\\/pt-pt\\\/producto\\\/kit-de-reparacao-do-redutor-genius-1200-com-valvula-seguranca-brc\\\/#local-main-place-address\"},\"telephone\":[\"616250633\"],\"contactPoint\":{\"@type\":\"ContactPoint\",\"email\":\"export@recambiosecogas.com\"},\"openingHoursSpecification\":[{\"@type\":\"OpeningHoursSpecification\",\"dayOfWeek\":[\"Monday\",\"Tuesday\",\"Wednesday\",\"Thursday\",\"Friday\",\"Saturday\",\"Sunday\"],\"opens\":\"09:00\",\"closes\":\"17:00\"}],\"email\":\"info@recambiosecogas.com\",\"faxNumber\":\"SEGIMON AUTOMOCION SL\",\"vatID\":\"ESB19819861\",\"globalLocationNumber\":\"938 616 339\"},{\"@type\":\"PostalAddress\",\"@id\":\"https:\\\/\\\/recambiosecogas.com\\\/pt-pt\\\/producto\\\/kit-de-reparacao-do-redutor-genius-1200-com-valvula-seguranca-brc\\\/#local-main-place-address\",\"streetAddress\":\"cami antic de vic, 29 (Nave 3), Pol\u00edgono Industrial Congost\",\"addressLocality\":\"CORRO D`AVALL\",\"postalCode\":\"08520\",\"addressRegion\":\"Barcelona\",\"addressCountry\":\"ES\"},{\"@type\":\"ImageObject\",\"inLanguage\":\"pt-PT\",\"@id\":\"https:\\\/\\\/recambiosecogas.com\\\/pt-pt\\\/producto\\\/kit-de-reparacao-do-redutor-genius-1200-com-valvula-seguranca-brc\\\/#local-main-organization-logo\",\"url\":\"https:\\\/\\\/recambiosecogas.com\\\/wp-content\\\/uploads\\\/2024\\\/11\\\/cropped-RECAMBIOS-GLP-png.webp\",\"contentUrl\":\"https:\\\/\\\/recambiosecogas.com\\\/wp-content\\\/uploads\\\/2024\\\/11\\\/cropped-RECAMBIOS-GLP-png.webp\",\"width\":512,\"height\":512,\"caption\":\"Recambios EcoGas\"}]}<\/script>\n<meta property=\"product:brand\" content=\"BRC\" \/>\n<meta property=\"product:price:amount\" content=\"33.19\" \/>\n<meta property=\"product:price:currency\" content=\"EUR\" \/>\n<meta property=\"og:availability\" content=\"instock\" \/>\n<meta property=\"product:availability\" content=\"instock\" \/>\n<meta property=\"product:retailer_item_id\" content=\"105530\" \/>\n<meta property=\"product:condition\" content=\"new\" \/>\n<meta name=\"geo.placename\" content=\"CORRO D`AVALL\" \/>\n<meta name=\"geo.region\" content=\"Espanha\" \/>\n<!-- \/ Yoast SEO Premium plugin. -->","yoast_head_json":{"title":"kit de repara\u00e7\u00e3o do redutor Genius 1200 com v\u00e1lvula. Seguran\u00e7a | BRC | Recambios EcoGas | Sistemas GLP y GNC","description":"Kit de repara\u00e7\u00e3o para BRC Genius 1200, com v\u00e1lvula de seguran\u00e7a inclu\u00edda, otimiza a regula\u00e7\u00e3o de press\u00e3o e evita vazamentos em sistemas de GLP.","robots":{"index":"index","follow":"follow","max-snippet":"max-snippet:-1","max-image-preview":"max-image-preview:large","max-video-preview":"max-video-preview:-1"},"canonical":"https:\/\/recambiosecogas.com\/pt-pt\/producto\/kit-de-reparacao-do-redutor-genius-1200-com-valvula-seguranca-brc\/","og_locale":"pt_PT","og_type":"article","og_title":"kit de repara\u00e7\u00e3o do redutor Genius 1200 com v\u00e1lvula. Seguran\u00e7a | BRC","og_description":"Kit de repara\u00e7\u00e3o para BRC Genius 1200, com v\u00e1lvula de seguran\u00e7a inclu\u00edda, otimiza a regula\u00e7\u00e3o de press\u00e3o e evita vazamentos em sistemas de GLP.","og_url":"https:\/\/recambiosecogas.com\/pt-pt\/producto\/kit-de-reparacao-do-redutor-genius-1200-com-valvula-seguranca-brc\/","og_site_name":"Recambios EcoGas","article_publisher":"https:\/\/www.facebook.com\/profile.php?id=100062419705358","article_modified_time":"2026-04-08T09:59:57+00:00","og_image":[{"width":1000,"height":1000,"url":"https:\/\/recambiosecogas.com\/wp-content\/uploads\/2025\/02\/kit-de-reparacion-del-reductor-Genius-1200-con-valv.-de-seguridad-BRC-png.webp","type":"image\/png"}],"twitter_card":"summary_large_image","twitter_misc":{"pre\u00e7o":"33,19&nbsp;&euro; (Sin IVA: 27,43&nbsp;&euro;)","Disponibilidade":"Em stock"},"schema":{"@context":"https:\/\/schema.org","@graph":[{"@type":"WebPage","@id":"https:\/\/recambiosecogas.com\/pt-pt\/producto\/kit-de-reparacao-do-redutor-genius-1200-com-valvula-seguranca-brc\/","url":"https:\/\/recambiosecogas.com\/pt-pt\/producto\/kit-de-reparacao-do-redutor-genius-1200-com-valvula-seguranca-brc\/","name":"kit de repara\u00e7\u00e3o do redutor Genius 1200 com v\u00e1lvula. Seguran\u00e7a | BRC | Recambios EcoGas | Sistemas GLP y GNC","isPartOf":{"@id":"https:\/\/recambiosecogas.com\/pt-pt\/#website"},"primaryImageOfPage":{"@id":"https:\/\/recambiosecogas.com\/pt-pt\/producto\/kit-de-reparacao-do-redutor-genius-1200-com-valvula-seguranca-brc\/#primaryimage"},"image":{"@id":"https:\/\/recambiosecogas.com\/pt-pt\/producto\/kit-de-reparacao-do-redutor-genius-1200-com-valvula-seguranca-brc\/#primaryimage"},"thumbnailUrl":"https:\/\/recambiosecogas.com\/wp-content\/uploads\/2025\/02\/kit-de-reparacion-del-reductor-Genius-1200-con-valv.-de-seguridad-BRC-png.webp","datePublished":"2025-02-12T08:33:24+00:00","dateModified":"2026-04-08T09:59:57+00:00","description":"Kit de repara\u00e7\u00e3o para BRC Genius 1200, com v\u00e1lvula de seguran\u00e7a inclu\u00edda, otimiza a regula\u00e7\u00e3o de press\u00e3o e evita vazamentos em sistemas de GLP.","breadcrumb":{"@id":"https:\/\/recambiosecogas.com\/pt-pt\/producto\/kit-de-reparacao-do-redutor-genius-1200-com-valvula-seguranca-brc\/#breadcrumb"},"inLanguage":"pt-PT","potentialAction":[{"@type":"ReadAction","target":["https:\/\/recambiosecogas.com\/pt-pt\/producto\/kit-de-reparacao-do-redutor-genius-1200-com-valvula-seguranca-brc\/"]}]},{"@type":"ImageObject","inLanguage":"pt-PT","@id":"https:\/\/recambiosecogas.com\/pt-pt\/producto\/kit-de-reparacao-do-redutor-genius-1200-com-valvula-seguranca-brc\/#primaryimage","url":"https:\/\/recambiosecogas.com\/wp-content\/uploads\/2025\/02\/kit-de-reparacion-del-reductor-Genius-1200-con-valv.-de-seguridad-BRC-png.webp","contentUrl":"https:\/\/recambiosecogas.com\/wp-content\/uploads\/2025\/02\/kit-de-reparacion-del-reductor-Genius-1200-con-valv.-de-seguridad-BRC-png.webp","width":1000,"height":1000},{"@type":"BreadcrumbList","@id":"https:\/\/recambiosecogas.com\/pt-pt\/producto\/kit-de-reparacao-do-redutor-genius-1200-com-valvula-seguranca-brc\/#breadcrumb","itemListElement":[{"@type":"ListItem","position":1,"name":"P\u00e1gina inicial","item":"https:\/\/recambiosecogas.com\/pt-pt\/"},{"@type":"ListItem","position":2,"name":"Loja","item":"https:\/\/recambiosecogas.com\/pt-pt\/tienda\/"},{"@type":"ListItem","position":3,"name":"kit de repara\u00e7\u00e3o do redutor Genius 1200 com v\u00e1lvula. Seguran\u00e7a | BRC"}]},{"@type":"WebSite","@id":"https:\/\/recambiosecogas.com\/pt-pt\/#website","url":"https:\/\/recambiosecogas.com\/pt-pt\/","name":"Recambios EcoGas","description":"Pe\u00e7as multimarca para sistemas de GPL\/GNC\/GNL\/Hidrog\u00e9nio","publisher":{"@id":"https:\/\/recambiosecogas.com\/pt-pt\/#organization"},"alternateName":"Recambios Autogas GLP","potentialAction":[{"@type":"SearchAction","target":{"@type":"EntryPoint","urlTemplate":"https:\/\/recambiosecogas.com\/pt-pt\/?s={search_term_string}"},"query-input":{"@type":"PropertyValueSpecification","valueRequired":true,"valueName":"search_term_string"}}],"inLanguage":"pt-PT"},{"@type":["Organization","Place"],"@id":"https:\/\/recambiosecogas.com\/pt-pt\/#organization","name":"Recambios EcoGas","alternateName":"Loja de GPL Autog\u00e1s Espanha","url":"https:\/\/recambiosecogas.com\/pt-pt\/","logo":{"@id":"https:\/\/recambiosecogas.com\/pt-pt\/producto\/kit-de-reparacao-do-redutor-genius-1200-com-valvula-seguranca-brc\/#local-main-organization-logo"},"image":{"@id":"https:\/\/recambiosecogas.com\/pt-pt\/producto\/kit-de-reparacao-do-redutor-genius-1200-com-valvula-seguranca-brc\/#local-main-organization-logo"},"sameAs":["https:\/\/www.facebook.com\/profile.php?id=100062419705358","https:\/\/www.instagram.com\/segimon_automocio"],"description":"Recambios EcoGas \u2013 Venta y distribuci\u00f3n de sistemas GLP y GNC en Espa\u00f1a y Portugal. Env\u00edos 24 h, soporte t\u00e9cnico a talleres y distribuidores.","hasMerchantReturnPolicy":{"@type":"MerchantReturnPolicy","merchantReturnLink":"https:\/\/recambiosecogas.com\/politicas-privacidad\/"},"address":{"@id":"https:\/\/recambiosecogas.com\/pt-pt\/producto\/kit-de-reparacao-do-redutor-genius-1200-com-valvula-seguranca-brc\/#local-main-place-address"},"telephone":["616250633"],"contactPoint":{"@type":"ContactPoint","email":"export@recambiosecogas.com"},"openingHoursSpecification":[{"@type":"OpeningHoursSpecification","dayOfWeek":["Monday","Tuesday","Wednesday","Thursday","Friday","Saturday","Sunday"],"opens":"09:00","closes":"17:00"}],"email":"info@recambiosecogas.com","faxNumber":"SEGIMON AUTOMOCION SL","vatID":"ESB19819861","globalLocationNumber":"938 616 339"},{"@type":"PostalAddress","@id":"https:\/\/recambiosecogas.com\/pt-pt\/producto\/kit-de-reparacao-do-redutor-genius-1200-com-valvula-seguranca-brc\/#local-main-place-address","streetAddress":"cami antic de vic, 29 (Nave 3), Pol\u00edgono Industrial Congost","addressLocality":"CORRO D`AVALL","postalCode":"08520","addressRegion":"Barcelona","addressCountry":"ES"},{"@type":"ImageObject","inLanguage":"pt-PT","@id":"https:\/\/recambiosecogas.com\/pt-pt\/producto\/kit-de-reparacao-do-redutor-genius-1200-com-valvula-seguranca-brc\/#local-main-organization-logo","url":"https:\/\/recambiosecogas.com\/wp-content\/uploads\/2024\/11\/cropped-RECAMBIOS-GLP-png.webp","contentUrl":"https:\/\/recambiosecogas.com\/wp-content\/uploads\/2024\/11\/cropped-RECAMBIOS-GLP-png.webp","width":512,"height":512,"caption":"Recambios EcoGas"}]},"product_brand":"BRC","product_price_amount":"33.19","product_price_currency":"EUR","og_availability":"instock","product_availability":"instock","product_retailer_item_id":"105530","product_condition":"new","geo.placename":"CORRO D`AVALL","geo.region":"Espanha"},"uagb_featured_image_src":{"full":["https:\/\/recambiosecogas.com\/wp-content\/uploads\/2025\/02\/kit-de-reparacion-del-reductor-Genius-1200-con-valv.-de-seguridad-BRC-png.webp",1000,1000,false],"thumbnail":["https:\/\/recambiosecogas.com\/wp-content\/uploads\/2025\/02\/kit-de-reparacion-del-reductor-Genius-1200-con-valv.-de-seguridad-BRC-150x150.webp",150,150,true],"medium":["https:\/\/recambiosecogas.com\/wp-content\/uploads\/2025\/02\/kit-de-reparacion-del-reductor-Genius-1200-con-valv.-de-seguridad-BRC-300x300.webp",300,300,true],"medium_large":["https:\/\/recambiosecogas.com\/wp-content\/uploads\/2025\/02\/kit-de-reparacion-del-reductor-Genius-1200-con-valv.-de-seguridad-BRC-768x768.webp",768,768,true],"large":["https:\/\/recambiosecogas.com\/wp-content\/uploads\/2025\/02\/kit-de-reparacion-del-reductor-Genius-1200-con-valv.-de-seguridad-BRC-png.webp",1000,1000,false],"1536x1536":["https:\/\/recambiosecogas.com\/wp-content\/uploads\/2025\/02\/kit-de-reparacion-del-reductor-Genius-1200-con-valv.-de-seguridad-BRC-png.webp",1000,1000,false],"2048x2048":["https:\/\/recambiosecogas.com\/wp-content\/uploads\/2025\/02\/kit-de-reparacion-del-reductor-Genius-1200-con-valv.-de-seguridad-BRC-png.webp",1000,1000,false],"woocommerce_archive_thumbnail":["https:\/\/recambiosecogas.com\/wp-content\/uploads\/2025\/02\/kit-de-reparacion-del-reductor-Genius-1200-con-valv.-de-seguridad-BRC-png.webp",1000,1000,false],"woocommerce_thumbnail":["https:\/\/recambiosecogas.com\/wp-content\/uploads\/2025\/02\/kit-de-reparacion-del-reductor-Genius-1200-con-valv.-de-seguridad-BRC-300x300.webp",300,300,true],"woocommerce_single":["https:\/\/recambiosecogas.com\/wp-content\/uploads\/2025\/02\/kit-de-reparacion-del-reductor-Genius-1200-con-valv.-de-seguridad-BRC-png.webp",1000,1000,false],"woocommerce_gallery_thumbnail":["https:\/\/recambiosecogas.com\/wp-content\/uploads\/2025\/02\/kit-de-reparacion-del-reductor-Genius-1200-con-valv.-de-seguridad-BRC-png.webp",1000,1000,false],"dgwt-wcas-product-suggestion":["https:\/\/recambiosecogas.com\/wp-content\/uploads\/2025\/02\/kit-de-reparacion-del-reductor-Genius-1200-con-valv.-de-seguridad-BRC-64x64.webp",64,64,true]},"uagb_author_info":{"display_name":"Fran - Soporte T\u00e9cnico","author_link":"https:\/\/recambiosecogas.com\/pt-pt\/author\/"},"uagb_comment_info":0,"uagb_excerpt":"kit de repara\u00e7\u00e3o do redutor Genius 1200 com v\u00e1lvula. Seguran\u00e7a | BRC Kit de Repara\u00e7\u00e3o de Redutor Genius 1200 com V\u00e1lvula de Seguran\u00e7a | BRC \u00e9 uma solu\u00e7\u00e3o de manuten\u00e7\u00e3o essencial projetada para restaurar o desempenho e a efici\u00eancia das redutores BRC Genius 1200 em sistemas LPG . Este kit inclui componentes de alta qualidade&hellip;","_links":{"self":[{"href":"https:\/\/recambiosecogas.com\/pt-pt\/wp-json\/wp\/v2\/product\/41296","targetHints":{"allow":["GET"]}}],"collection":[{"href":"https:\/\/recambiosecogas.com\/pt-pt\/wp-json\/wp\/v2\/product"}],"about":[{"href":"https:\/\/recambiosecogas.com\/pt-pt\/wp-json\/wp\/v2\/types\/product"}],"replies":[{"embeddable":true,"href":"https:\/\/recambiosecogas.com\/pt-pt\/wp-json\/wp\/v2\/comments?post=41296"}],"wp:featuredmedia":[{"embeddable":true,"href":"https:\/\/recambiosecogas.com\/pt-pt\/wp-json\/wp\/v2\/media\/30371"}],"wp:attachment":[{"href":"https:\/\/recambiosecogas.com\/pt-pt\/wp-json\/wp\/v2\/media?parent=41296"}],"wp:term":[{"taxonomy":"product_brand","embeddable":true,"href":"https:\/\/recambiosecogas.com\/pt-pt\/wp-json\/wp\/v2\/product_brand?post=41296"},{"taxonomy":"product_cat","embeddable":true,"href":"https:\/\/recambiosecogas.com\/pt-pt\/wp-json\/wp\/v2\/product_cat?post=41296"},{"taxonomy":"product_tag","embeddable":true,"href":"https:\/\/recambiosecogas.com\/pt-pt\/wp-json\/wp\/v2\/product_tag?post=41296"}],"curies":[{"name":"wp","href":"https:\/\/api.w.org\/{rel}","templated":true}]}}