{"id":41096,"date":"2025-02-27T10:30:34","date_gmt":"2025-02-27T10:30:34","guid":{"rendered":"https:\/\/recambiosecogas.com\/producto\/gok-media-pressao-mangueira-de-gas-plastico-2-x-1-4-lh\/"},"modified":"2026-03-23T10:33:04","modified_gmt":"2026-03-23T09:33:04","slug":"manguera-de-gas-de-plastico-gok-presion-media-2-x-1-4-lh","status":"publish","type":"product","link":"https:\/\/recambiosecogas.com\/pt-pt\/produto\/manguera-de-gas-de-plastico-gok-presion-media-2-x-1-4-lh\/","title":{"rendered":"Manguera de gas de pl\u00e1stico GOK (presi\u00f3n media) 2 x 1\/4-LH"},"content":{"rendered":"<h1 data-start=\"0\" data-end=\"82\"><strong data-start=\"2\" data-end=\"82\">GOK Manguera de gas de pl\u00e1stico (presi\u00f3n media) \u2013 2 \u00d7 G 1\/4 LH-\u00dcM, PS 10 bar<\/strong><\/h1>\n<h2 data-start=\"84\" data-end=\"102\"><strong data-start=\"87\" data-end=\"102\">Descripci\u00f3n<\/strong><\/h2>\n<p data-start=\"103\" data-end=\"478\">La <strong data-start=\"106\" data-end=\"160\">manguera de gas de pl\u00e1stico GOK para presi\u00f3n media<\/strong> con conexiones <strong data-start=\"176\" data-end=\"195\">2 \u00d7 G 1\/4 LH-\u00dcM<\/strong> est\u00e1 dise\u00f1ada para la conexi\u00f3n segura de aparatos, accesorios y tuber\u00edas en instalaciones GLP. Aunque se denomina \u201cde pl\u00e1stico\u201d, este modelo incorpora una <strong data-start=\"351\" data-end=\"388\">l\u00ednea textil recubierta de caucho<\/strong>, lo que garantiza flexibilidad, durabilidad y resistencia frente a presi\u00f3n y vibraciones.<\/p>\n<p data-start=\"480\" data-end=\"776\">Con una presi\u00f3n nominal <strong data-start=\"504\" data-end=\"517\">PS 10 bar<\/strong>, es adecuada para aplicaciones de presi\u00f3n media en sistemas de gas para caravanas, campers, cocinas exteriores, calentadores y otras instalaciones GLP. Adem\u00e1s, est\u00e1 <strong data-start=\"683\" data-end=\"703\">probada por DVGW<\/strong>, lo que asegura el cumplimiento de los est\u00e1ndares europeos de seguridad.<\/p>\n<p data-start=\"778\" data-end=\"926\">Incluye un <strong data-start=\"789\" data-end=\"828\">racor para cortar tubos 1\/4&#8243; \u00d7 8 mm<\/strong>, lo que facilita su adaptaci\u00f3n a tuber\u00edas r\u00edgidas o semirr\u00edgidas habituales en instalaciones GLP.<\/p>\n<hr data-start=\"928\" data-end=\"931\" \/>\n<h2 data-start=\"933\" data-end=\"954\"><strong data-start=\"936\" data-end=\"954\">Compatibilidad<\/strong><\/h2>\n<ul data-start=\"955\" data-end=\"1168\">\n<li data-start=\"955\" data-end=\"1008\">\n<p data-start=\"957\" data-end=\"1008\">Equipos y accesorios con conexi\u00f3n <strong data-start=\"991\" data-end=\"1006\">G 1\/4 LH-\u00dcM<\/strong><\/p>\n<\/li>\n<li data-start=\"1009\" data-end=\"1040\">\n<p data-start=\"1011\" data-end=\"1040\">Tuber\u00edas de <strong data-start=\"1023\" data-end=\"1038\">8 mm \/ 1\/4&#8243;<\/strong><\/p>\n<\/li>\n<li data-start=\"1041\" data-end=\"1094\">\n<p data-start=\"1043\" data-end=\"1094\">Instalaciones GLP de presi\u00f3n media (hasta 10 bar)<\/p>\n<\/li>\n<li data-start=\"1095\" data-end=\"1168\">\n<p data-start=\"1097\" data-end=\"1168\">Caravanas, campers, cocinas exteriores, calefactores y aparatos m\u00f3viles<\/p>\n<\/li>\n<\/ul>\n<hr data-start=\"1170\" data-end=\"1173\" \/>\n<h2 data-start=\"1175\" data-end=\"1195\"><strong data-start=\"1178\" data-end=\"1195\">Ficha t\u00e9cnica<\/strong><\/h2>\n<ul data-start=\"1196\" data-end=\"1444\">\n<li data-start=\"1196\" data-end=\"1256\">\n<p data-start=\"1198\" data-end=\"1256\">Tipo: <strong data-start=\"1204\" data-end=\"1254\">Manguera de gas de pl\u00e1stico \/ caucho reforzado<\/strong><\/p>\n<\/li>\n<li data-start=\"1257\" data-end=\"1291\">\n<p data-start=\"1259\" data-end=\"1291\">Presi\u00f3n nominal: <strong data-start=\"1276\" data-end=\"1289\">PS 10 bar<\/strong><\/p>\n<\/li>\n<li data-start=\"1292\" data-end=\"1327\">\n<p data-start=\"1294\" data-end=\"1327\">Conexiones: <strong data-start=\"1306\" data-end=\"1325\">2 \u00d7 G 1\/4 LH-\u00dcM<\/strong><\/p>\n<\/li>\n<li data-start=\"1328\" data-end=\"1375\">\n<p data-start=\"1330\" data-end=\"1375\">Material: L\u00ednea textil recubierta de caucho<\/p>\n<\/li>\n<li data-start=\"1376\" data-end=\"1403\">\n<p data-start=\"1378\" data-end=\"1403\">Certificaci\u00f3n: <strong data-start=\"1393\" data-end=\"1401\">DVGW<\/strong><\/p>\n<\/li>\n<li data-start=\"1404\" data-end=\"1444\">\n<p data-start=\"1406\" data-end=\"1444\">Racor: <strong data-start=\"1413\" data-end=\"1442\">Corte de tubo 1\/4&#8243; \u00d7 8 mm<\/strong><\/p>\n<\/li>\n<\/ul>\n<hr data-start=\"1446\" data-end=\"1449\" \/>\n<h2 data-start=\"1451\" data-end=\"1474\"><strong data-start=\"1454\" data-end=\"1474\">Especificaciones<\/strong><\/h2>\n<div class=\"_tableContainer_1rjym_1\">\n<div class=\"group _tableWrapper_1rjym_13 flex w-fit flex-col-reverse\" tabindex=\"-1\">\n<table class=\"w-fit min-w-(--thread-content-width)\" data-start=\"1475\" data-end=\"1730\">\n<thead data-start=\"1475\" data-end=\"1503\">\n<tr data-start=\"1475\" data-end=\"1503\">\n<th data-start=\"1475\" data-end=\"1492\" data-col-size=\"sm\">Caracter\u00edstica<\/th>\n<th data-start=\"1492\" data-end=\"1503\" data-col-size=\"sm\">Detalle<\/th>\n<\/tr>\n<\/thead>\n<tbody data-start=\"1533\" data-end=\"1730\">\n<tr data-start=\"1533\" data-end=\"1561\">\n<td data-start=\"1533\" data-end=\"1551\" data-col-size=\"sm\">Presi\u00f3n nominal<\/td>\n<td data-col-size=\"sm\" data-start=\"1551\" data-end=\"1561\">10 bar<\/td>\n<\/tr>\n<tr data-start=\"1562\" data-end=\"1594\">\n<td data-start=\"1562\" data-end=\"1575\" data-col-size=\"sm\">Conexiones<\/td>\n<td data-col-size=\"sm\" data-start=\"1575\" data-end=\"1594\">2 \u00d7 G 1\/4 LH-\u00dcM<\/td>\n<\/tr>\n<tr data-start=\"1595\" data-end=\"1634\">\n<td data-start=\"1595\" data-end=\"1606\" data-col-size=\"sm\">Material<\/td>\n<td data-col-size=\"sm\" data-start=\"1606\" data-end=\"1634\">Caucho + refuerzo textil<\/td>\n<\/tr>\n<tr data-start=\"1635\" data-end=\"1659\">\n<td data-start=\"1635\" data-end=\"1651\" data-col-size=\"sm\">Certificaci\u00f3n<\/td>\n<td data-col-size=\"sm\" data-start=\"1651\" data-end=\"1659\">DVGW<\/td>\n<\/tr>\n<tr data-start=\"1660\" data-end=\"1694\">\n<td data-start=\"1660\" data-end=\"1679\" data-col-size=\"sm\">Racor compatible<\/td>\n<td data-col-size=\"sm\" data-start=\"1679\" data-end=\"1694\">1\/4&#8243; \u00d7 8 mm<\/td>\n<\/tr>\n<tr data-start=\"1695\" data-end=\"1730\">\n<td data-start=\"1695\" data-end=\"1701\" data-col-size=\"sm\">Uso<\/td>\n<td data-start=\"1701\" data-end=\"1730\" data-col-size=\"sm\">Equipos GLP presi\u00f3n media<\/td>\n<\/tr>\n<\/tbody>\n<\/table>\n<\/div>\n<\/div>\n<hr data-start=\"1732\" data-end=\"1735\" \/>\n<h2 data-start=\"1737\" data-end=\"1754\"><strong data-start=\"1740\" data-end=\"1754\">Beneficios<\/strong><\/h2>\n<ul data-start=\"1755\" data-end=\"2094\">\n<li data-start=\"1755\" data-end=\"1842\">\n<p data-start=\"1757\" data-end=\"1842\">Construcci\u00f3n reforzada que combina pl\u00e1stico\/caucho + tejido para mayor durabilidad.<\/p>\n<\/li>\n<li data-start=\"1843\" data-end=\"1900\">\n<p data-start=\"1845\" data-end=\"1900\">Certificaci\u00f3n DVGW que garantiza seguridad y calidad.<\/p>\n<\/li>\n<li data-start=\"1901\" data-end=\"1967\">\n<p data-start=\"1903\" data-end=\"1967\">Compatible con una amplia variedad de aparatos y tuber\u00edas GLP.<\/p>\n<\/li>\n<li data-start=\"1968\" data-end=\"2034\">\n<p data-start=\"1970\" data-end=\"2034\">F\u00e1cil de instalar gracias al racor para cortar tubos incluido.<\/p>\n<\/li>\n<li data-start=\"2035\" data-end=\"2094\">\n<p data-start=\"2037\" data-end=\"2094\">Adecuada para infinidad de aplicaciones de presi\u00f3n media.<\/p>\n<\/li>\n<\/ul>\n","protected":false},"excerpt":{"rendered":"<p data-start=\"2570\" data-end=\"2714\">Manguera GOK de presi\u00f3n media PS 10 bar con conexiones 2 \u00d7 G 1\/4 LH-\u00dcM, l\u00ednea textil recubierta de caucho y racor 1\/4&#8243; \u00d7 8 mm. Probada por DVGW.<\/p>\n","protected":false},"featured_media":33564,"comment_status":"open","ping_status":"closed","template":"","meta":{"googlesitekit_rrm_CAowud7EDA:productID":"","_uag_custom_page_level_css":""},"product_brand":[],"product_cat":[1401,1411],"product_tag":[],"class_list":{"0":"post-41096","1":"product","2":"type-product","3":"status-publish","4":"has-post-thumbnail","6":"product_cat-mangueiras-autocaravanas","7":"product_cat-pressao-media","9":"first","10":"onbackorder","11":"taxable","12":"shipping-taxable","13":"purchasable","14":"product-type-variable"},"ct_brands":[],"yoast_head":"<!-- This site is optimized with the Yoast SEO Premium plugin v27.4 (Yoast SEO v27.4) - https:\/\/yoast.com\/product\/yoast-seo-premium-wordpress\/ -->\n<title>Manguera de gas de pl\u00e1stico GOK (presi\u00f3n media) 2 x 1\/4-LH | Recambios EcoGas<\/title>\n<meta name=\"description\" content=\"Manguera GOK de presi\u00f3n media 2 \u00d7 G 1\/4 LH-\u00dcM, PS 10 bar. L\u00ednea textil recubierta de caucho y racor 1\/4&quot; \u00d7 8 mm. Probada por DVGW.\" \/>\n<meta name=\"robots\" content=\"index, follow, max-snippet:-1, max-image-preview:large, max-video-preview:-1\" \/>\n<link rel=\"canonical\" href=\"https:\/\/recambiosecogas.com\/pt-pt\/produto\/manguera-de-gas-de-plastico-gok-presion-media-2-x-1-4-lh\/\" \/>\n<meta property=\"og:locale\" content=\"pt_PT\" \/>\n<meta property=\"og:type\" content=\"article\" \/>\n<meta property=\"og:title\" content=\"Manguera de gas de pl\u00e1stico GOK (presi\u00f3n media) 2 x 1\/4-LH\" \/>\n<meta property=\"og:description\" content=\"Manguera GOK de presi\u00f3n media 2 \u00d7 G 1\/4 LH-\u00dcM, PS 10 bar. L\u00ednea textil recubierta de caucho y racor 1\/4&quot; \u00d7 8 mm. Probada por DVGW.\" \/>\n<meta property=\"og:url\" content=\"https:\/\/recambiosecogas.com\/pt-pt\/produto\/manguera-de-gas-de-plastico-gok-presion-media-2-x-1-4-lh\/\" \/>\n<meta property=\"og:site_name\" content=\"Recambios EcoGas\" \/>\n<meta property=\"article:publisher\" content=\"https:\/\/www.facebook.com\/profile.php?id=100062419705358\" \/>\n<meta property=\"article:modified_time\" content=\"2026-03-23T09:33:04+00:00\" \/>\n<meta property=\"og:image\" content=\"https:\/\/recambiosecogas.com\/wp-content\/uploads\/2025\/02\/Manguera-de-gas-de-plastico-GOK-presion-media-2-x-1-4-LH-png.webp\" \/>\n\t<meta property=\"og:image:width\" content=\"1000\" \/>\n\t<meta property=\"og:image:height\" content=\"1000\" \/>\n\t<meta property=\"og:image:type\" content=\"image\/png\" \/>\n<meta name=\"twitter:card\" content=\"summary_large_image\" \/>\n<meta name=\"twitter:label1\" content=\"Disponibilidade\" \/>\n\t<meta name=\"twitter:data1\" content=\"Por encomenda\" \/>\n<script type=\"application\/ld+json\" class=\"yoast-schema-graph\">{\"@context\":\"https:\\\/\\\/schema.org\",\"@graph\":[{\"@type\":\"WebPage\",\"@id\":\"https:\\\/\\\/recambiosecogas.com\\\/pt-pt\\\/produto\\\/manguera-de-gas-de-plastico-gok-presion-media-2-x-1-4-lh\\\/\",\"url\":\"https:\\\/\\\/recambiosecogas.com\\\/pt-pt\\\/produto\\\/manguera-de-gas-de-plastico-gok-presion-media-2-x-1-4-lh\\\/\",\"name\":\"Manguera de gas de pl\u00e1stico GOK (presi\u00f3n media) 2 x 1\\\/4-LH | Recambios EcoGas\",\"isPartOf\":{\"@id\":\"https:\\\/\\\/recambiosecogas.com\\\/pt-pt\\\/#website\"},\"primaryImageOfPage\":{\"@id\":\"https:\\\/\\\/recambiosecogas.com\\\/pt-pt\\\/produto\\\/manguera-de-gas-de-plastico-gok-presion-media-2-x-1-4-lh\\\/#primaryimage\"},\"image\":{\"@id\":\"https:\\\/\\\/recambiosecogas.com\\\/pt-pt\\\/produto\\\/manguera-de-gas-de-plastico-gok-presion-media-2-x-1-4-lh\\\/#primaryimage\"},\"thumbnailUrl\":\"https:\\\/\\\/recambiosecogas.com\\\/wp-content\\\/uploads\\\/2025\\\/02\\\/Manguera-de-gas-de-plastico-GOK-presion-media-2-x-1-4-LH-png.webp\",\"datePublished\":\"2025-02-27T10:30:34+00:00\",\"dateModified\":\"2026-03-23T09:33:04+00:00\",\"description\":\"Manguera GOK de presi\u00f3n media 2 \u00d7 G 1\\\/4 LH-\u00dcM, PS 10 bar. L\u00ednea textil recubierta de caucho y racor 1\\\/4\\\" \u00d7 8 mm. Probada por DVGW.\",\"breadcrumb\":{\"@id\":\"https:\\\/\\\/recambiosecogas.com\\\/pt-pt\\\/produto\\\/manguera-de-gas-de-plastico-gok-presion-media-2-x-1-4-lh\\\/#breadcrumb\"},\"inLanguage\":\"pt-PT\",\"potentialAction\":[{\"@type\":\"ReadAction\",\"target\":[\"https:\\\/\\\/recambiosecogas.com\\\/pt-pt\\\/produto\\\/manguera-de-gas-de-plastico-gok-presion-media-2-x-1-4-lh\\\/\"]}]},{\"@type\":\"ImageObject\",\"inLanguage\":\"pt-PT\",\"@id\":\"https:\\\/\\\/recambiosecogas.com\\\/pt-pt\\\/produto\\\/manguera-de-gas-de-plastico-gok-presion-media-2-x-1-4-lh\\\/#primaryimage\",\"url\":\"https:\\\/\\\/recambiosecogas.com\\\/wp-content\\\/uploads\\\/2025\\\/02\\\/Manguera-de-gas-de-plastico-GOK-presion-media-2-x-1-4-LH-png.webp\",\"contentUrl\":\"https:\\\/\\\/recambiosecogas.com\\\/wp-content\\\/uploads\\\/2025\\\/02\\\/Manguera-de-gas-de-plastico-GOK-presion-media-2-x-1-4-LH-png.webp\",\"width\":1000,\"height\":1000},{\"@type\":\"BreadcrumbList\",\"@id\":\"https:\\\/\\\/recambiosecogas.com\\\/pt-pt\\\/produto\\\/manguera-de-gas-de-plastico-gok-presion-media-2-x-1-4-lh\\\/#breadcrumb\",\"itemListElement\":[{\"@type\":\"ListItem\",\"position\":1,\"name\":\"P\u00e1gina inicial\",\"item\":\"https:\\\/\\\/recambiosecogas.com\\\/pt-pt\\\/\"},{\"@type\":\"ListItem\",\"position\":2,\"name\":\"Loja\",\"item\":\"https:\\\/\\\/recambiosecogas.com\\\/pt-pt\\\/tienda\\\/\"},{\"@type\":\"ListItem\",\"position\":3,\"name\":\"Manguera de gas de pl\u00e1stico GOK (presi\u00f3n media) 2 x 1\\\/4-LH\"}]},{\"@type\":\"WebSite\",\"@id\":\"https:\\\/\\\/recambiosecogas.com\\\/pt-pt\\\/#website\",\"url\":\"https:\\\/\\\/recambiosecogas.com\\\/pt-pt\\\/\",\"name\":\"Recambios EcoGas\",\"description\":\"Pe\u00e7as multimarca para sistemas de GPL\\\/GNC\\\/GNL\\\/Hidrog\u00e9nio\",\"publisher\":{\"@id\":\"https:\\\/\\\/recambiosecogas.com\\\/pt-pt\\\/#organization\"},\"alternateName\":\"Recambios Autogas GLP\",\"potentialAction\":[{\"@type\":\"SearchAction\",\"target\":{\"@type\":\"EntryPoint\",\"urlTemplate\":\"https:\\\/\\\/recambiosecogas.com\\\/pt-pt\\\/?s={search_term_string}\"},\"query-input\":{\"@type\":\"PropertyValueSpecification\",\"valueRequired\":true,\"valueName\":\"search_term_string\"}}],\"inLanguage\":\"pt-PT\"},{\"@type\":[\"Organization\",\"Place\"],\"@id\":\"https:\\\/\\\/recambiosecogas.com\\\/pt-pt\\\/#organization\",\"name\":\"Recambios EcoGas\",\"alternateName\":\"Loja de GPL Autog\u00e1s Espanha\",\"url\":\"https:\\\/\\\/recambiosecogas.com\\\/pt-pt\\\/\",\"logo\":{\"@id\":\"https:\\\/\\\/recambiosecogas.com\\\/pt-pt\\\/produto\\\/manguera-de-gas-de-plastico-gok-presion-media-2-x-1-4-lh\\\/#local-main-organization-logo\"},\"image\":{\"@id\":\"https:\\\/\\\/recambiosecogas.com\\\/pt-pt\\\/produto\\\/manguera-de-gas-de-plastico-gok-presion-media-2-x-1-4-lh\\\/#local-main-organization-logo\"},\"sameAs\":[\"https:\\\/\\\/www.facebook.com\\\/profile.php?id=100062419705358\",\"https:\\\/\\\/www.instagram.com\\\/segimon_automocio\"],\"description\":\"Recambios EcoGas \u2013 Venta y distribuci\u00f3n de sistemas GLP y GNC en Espa\u00f1a y Portugal. Env\u00edos 24 h, soporte t\u00e9cnico a talleres y distribuidores.\",\"hasMerchantReturnPolicy\":{\"@type\":\"MerchantReturnPolicy\",\"merchantReturnLink\":\"https:\\\/\\\/recambiosecogas.com\\\/politicas-privacidad\\\/\"},\"address\":{\"@id\":\"https:\\\/\\\/recambiosecogas.com\\\/pt-pt\\\/produto\\\/manguera-de-gas-de-plastico-gok-presion-media-2-x-1-4-lh\\\/#local-main-place-address\"},\"telephone\":[\"616250633\"],\"contactPoint\":{\"@type\":\"ContactPoint\",\"email\":\"export@recambiosecogas.com\"},\"openingHoursSpecification\":[{\"@type\":\"OpeningHoursSpecification\",\"dayOfWeek\":[\"Monday\",\"Tuesday\",\"Wednesday\",\"Thursday\",\"Friday\",\"Saturday\",\"Sunday\"],\"opens\":\"09:00\",\"closes\":\"17:00\"}],\"email\":\"info@recambiosecogas.com\",\"faxNumber\":\"SEGIMON AUTOMOCION SL\",\"vatID\":\"ESB19819861\",\"globalLocationNumber\":\"938 616 339\"},{\"@type\":\"PostalAddress\",\"@id\":\"https:\\\/\\\/recambiosecogas.com\\\/pt-pt\\\/produto\\\/manguera-de-gas-de-plastico-gok-presion-media-2-x-1-4-lh\\\/#local-main-place-address\",\"streetAddress\":\"cami antic de vic, 29 (Nave 3), Pol\u00edgono Industrial Congost\",\"addressLocality\":\"CORRO D`AVALL\",\"postalCode\":\"08520\",\"addressRegion\":\"Barcelona\",\"addressCountry\":\"ES\"},{\"@type\":\"ImageObject\",\"inLanguage\":\"pt-PT\",\"@id\":\"https:\\\/\\\/recambiosecogas.com\\\/pt-pt\\\/produto\\\/manguera-de-gas-de-plastico-gok-presion-media-2-x-1-4-lh\\\/#local-main-organization-logo\",\"url\":\"https:\\\/\\\/recambiosecogas.com\\\/wp-content\\\/uploads\\\/2024\\\/11\\\/cropped-RECAMBIOS-GLP-png.webp\",\"contentUrl\":\"https:\\\/\\\/recambiosecogas.com\\\/wp-content\\\/uploads\\\/2024\\\/11\\\/cropped-RECAMBIOS-GLP-png.webp\",\"width\":512,\"height\":512,\"caption\":\"Recambios EcoGas\"}]}<\/script>\n<meta property=\"og:availability\" content=\"backorder\" \/>\n<meta property=\"product:availability\" content=\"available for order\" \/>\n<meta property=\"product:retailer_item_id\" content=\"120031\" \/>\n<meta property=\"product:condition\" content=\"new\" \/>\n<meta name=\"geo.placename\" content=\"CORRO D`AVALL\" \/>\n<meta name=\"geo.region\" content=\"Espanha\" \/>\n<!-- \/ Yoast SEO Premium plugin. -->","yoast_head_json":{"title":"Manguera de gas de pl\u00e1stico GOK (presi\u00f3n media) 2 x 1\/4-LH | Recambios EcoGas","description":"Manguera GOK de presi\u00f3n media 2 \u00d7 G 1\/4 LH-\u00dcM, PS 10 bar. L\u00ednea textil recubierta de caucho y racor 1\/4\" \u00d7 8 mm. Probada por DVGW.","robots":{"index":"index","follow":"follow","max-snippet":"max-snippet:-1","max-image-preview":"max-image-preview:large","max-video-preview":"max-video-preview:-1"},"canonical":"https:\/\/recambiosecogas.com\/pt-pt\/produto\/manguera-de-gas-de-plastico-gok-presion-media-2-x-1-4-lh\/","og_locale":"pt_PT","og_type":"article","og_title":"Manguera de gas de pl\u00e1stico GOK (presi\u00f3n media) 2 x 1\/4-LH","og_description":"Manguera GOK de presi\u00f3n media 2 \u00d7 G 1\/4 LH-\u00dcM, PS 10 bar. L\u00ednea textil recubierta de caucho y racor 1\/4\" \u00d7 8 mm. Probada por DVGW.","og_url":"https:\/\/recambiosecogas.com\/pt-pt\/produto\/manguera-de-gas-de-plastico-gok-presion-media-2-x-1-4-lh\/","og_site_name":"Recambios EcoGas","article_publisher":"https:\/\/www.facebook.com\/profile.php?id=100062419705358","article_modified_time":"2026-03-23T09:33:04+00:00","og_image":[{"width":1000,"height":1000,"url":"https:\/\/recambiosecogas.com\/wp-content\/uploads\/2025\/02\/Manguera-de-gas-de-plastico-GOK-presion-media-2-x-1-4-LH-png.webp","type":"image\/png"}],"twitter_card":"summary_large_image","twitter_misc":{"Disponibilidade":"Por encomenda"},"schema":{"@context":"https:\/\/schema.org","@graph":[{"@type":"WebPage","@id":"https:\/\/recambiosecogas.com\/pt-pt\/produto\/manguera-de-gas-de-plastico-gok-presion-media-2-x-1-4-lh\/","url":"https:\/\/recambiosecogas.com\/pt-pt\/produto\/manguera-de-gas-de-plastico-gok-presion-media-2-x-1-4-lh\/","name":"Manguera de gas de pl\u00e1stico GOK (presi\u00f3n media) 2 x 1\/4-LH | Recambios EcoGas","isPartOf":{"@id":"https:\/\/recambiosecogas.com\/pt-pt\/#website"},"primaryImageOfPage":{"@id":"https:\/\/recambiosecogas.com\/pt-pt\/produto\/manguera-de-gas-de-plastico-gok-presion-media-2-x-1-4-lh\/#primaryimage"},"image":{"@id":"https:\/\/recambiosecogas.com\/pt-pt\/produto\/manguera-de-gas-de-plastico-gok-presion-media-2-x-1-4-lh\/#primaryimage"},"thumbnailUrl":"https:\/\/recambiosecogas.com\/wp-content\/uploads\/2025\/02\/Manguera-de-gas-de-plastico-GOK-presion-media-2-x-1-4-LH-png.webp","datePublished":"2025-02-27T10:30:34+00:00","dateModified":"2026-03-23T09:33:04+00:00","description":"Manguera GOK de presi\u00f3n media 2 \u00d7 G 1\/4 LH-\u00dcM, PS 10 bar. L\u00ednea textil recubierta de caucho y racor 1\/4\" \u00d7 8 mm. Probada por DVGW.","breadcrumb":{"@id":"https:\/\/recambiosecogas.com\/pt-pt\/produto\/manguera-de-gas-de-plastico-gok-presion-media-2-x-1-4-lh\/#breadcrumb"},"inLanguage":"pt-PT","potentialAction":[{"@type":"ReadAction","target":["https:\/\/recambiosecogas.com\/pt-pt\/produto\/manguera-de-gas-de-plastico-gok-presion-media-2-x-1-4-lh\/"]}]},{"@type":"ImageObject","inLanguage":"pt-PT","@id":"https:\/\/recambiosecogas.com\/pt-pt\/produto\/manguera-de-gas-de-plastico-gok-presion-media-2-x-1-4-lh\/#primaryimage","url":"https:\/\/recambiosecogas.com\/wp-content\/uploads\/2025\/02\/Manguera-de-gas-de-plastico-GOK-presion-media-2-x-1-4-LH-png.webp","contentUrl":"https:\/\/recambiosecogas.com\/wp-content\/uploads\/2025\/02\/Manguera-de-gas-de-plastico-GOK-presion-media-2-x-1-4-LH-png.webp","width":1000,"height":1000},{"@type":"BreadcrumbList","@id":"https:\/\/recambiosecogas.com\/pt-pt\/produto\/manguera-de-gas-de-plastico-gok-presion-media-2-x-1-4-lh\/#breadcrumb","itemListElement":[{"@type":"ListItem","position":1,"name":"P\u00e1gina inicial","item":"https:\/\/recambiosecogas.com\/pt-pt\/"},{"@type":"ListItem","position":2,"name":"Loja","item":"https:\/\/recambiosecogas.com\/pt-pt\/tienda\/"},{"@type":"ListItem","position":3,"name":"Manguera de gas de pl\u00e1stico GOK (presi\u00f3n media) 2 x 1\/4-LH"}]},{"@type":"WebSite","@id":"https:\/\/recambiosecogas.com\/pt-pt\/#website","url":"https:\/\/recambiosecogas.com\/pt-pt\/","name":"Recambios EcoGas","description":"Pe\u00e7as multimarca para sistemas de GPL\/GNC\/GNL\/Hidrog\u00e9nio","publisher":{"@id":"https:\/\/recambiosecogas.com\/pt-pt\/#organization"},"alternateName":"Recambios Autogas GLP","potentialAction":[{"@type":"SearchAction","target":{"@type":"EntryPoint","urlTemplate":"https:\/\/recambiosecogas.com\/pt-pt\/?s={search_term_string}"},"query-input":{"@type":"PropertyValueSpecification","valueRequired":true,"valueName":"search_term_string"}}],"inLanguage":"pt-PT"},{"@type":["Organization","Place"],"@id":"https:\/\/recambiosecogas.com\/pt-pt\/#organization","name":"Recambios EcoGas","alternateName":"Loja de GPL Autog\u00e1s Espanha","url":"https:\/\/recambiosecogas.com\/pt-pt\/","logo":{"@id":"https:\/\/recambiosecogas.com\/pt-pt\/produto\/manguera-de-gas-de-plastico-gok-presion-media-2-x-1-4-lh\/#local-main-organization-logo"},"image":{"@id":"https:\/\/recambiosecogas.com\/pt-pt\/produto\/manguera-de-gas-de-plastico-gok-presion-media-2-x-1-4-lh\/#local-main-organization-logo"},"sameAs":["https:\/\/www.facebook.com\/profile.php?id=100062419705358","https:\/\/www.instagram.com\/segimon_automocio"],"description":"Recambios EcoGas \u2013 Venta y distribuci\u00f3n de sistemas GLP y GNC en Espa\u00f1a y Portugal. Env\u00edos 24 h, soporte t\u00e9cnico a talleres y distribuidores.","hasMerchantReturnPolicy":{"@type":"MerchantReturnPolicy","merchantReturnLink":"https:\/\/recambiosecogas.com\/politicas-privacidad\/"},"address":{"@id":"https:\/\/recambiosecogas.com\/pt-pt\/produto\/manguera-de-gas-de-plastico-gok-presion-media-2-x-1-4-lh\/#local-main-place-address"},"telephone":["616250633"],"contactPoint":{"@type":"ContactPoint","email":"export@recambiosecogas.com"},"openingHoursSpecification":[{"@type":"OpeningHoursSpecification","dayOfWeek":["Monday","Tuesday","Wednesday","Thursday","Friday","Saturday","Sunday"],"opens":"09:00","closes":"17:00"}],"email":"info@recambiosecogas.com","faxNumber":"SEGIMON AUTOMOCION SL","vatID":"ESB19819861","globalLocationNumber":"938 616 339"},{"@type":"PostalAddress","@id":"https:\/\/recambiosecogas.com\/pt-pt\/produto\/manguera-de-gas-de-plastico-gok-presion-media-2-x-1-4-lh\/#local-main-place-address","streetAddress":"cami antic de vic, 29 (Nave 3), Pol\u00edgono Industrial Congost","addressLocality":"CORRO D`AVALL","postalCode":"08520","addressRegion":"Barcelona","addressCountry":"ES"},{"@type":"ImageObject","inLanguage":"pt-PT","@id":"https:\/\/recambiosecogas.com\/pt-pt\/produto\/manguera-de-gas-de-plastico-gok-presion-media-2-x-1-4-lh\/#local-main-organization-logo","url":"https:\/\/recambiosecogas.com\/wp-content\/uploads\/2024\/11\/cropped-RECAMBIOS-GLP-png.webp","contentUrl":"https:\/\/recambiosecogas.com\/wp-content\/uploads\/2024\/11\/cropped-RECAMBIOS-GLP-png.webp","width":512,"height":512,"caption":"Recambios EcoGas"}]},"og_availability":"backorder","product_availability":"available for order","product_retailer_item_id":"120031","product_condition":"new","geo.placename":"CORRO D`AVALL","geo.region":"Espanha"},"uagb_featured_image_src":{"full":["https:\/\/recambiosecogas.com\/wp-content\/uploads\/2025\/02\/Manguera-de-gas-de-plastico-GOK-presion-media-2-x-1-4-LH-png.webp",1000,1000,false],"thumbnail":["https:\/\/recambiosecogas.com\/wp-content\/uploads\/2025\/02\/Manguera-de-gas-de-plastico-GOK-presion-media-2-x-1-4-LH-150x150.webp",150,150,true],"medium":["https:\/\/recambiosecogas.com\/wp-content\/uploads\/2025\/02\/Manguera-de-gas-de-plastico-GOK-presion-media-2-x-1-4-LH-300x300.webp",300,300,true],"medium_large":["https:\/\/recambiosecogas.com\/wp-content\/uploads\/2025\/02\/Manguera-de-gas-de-plastico-GOK-presion-media-2-x-1-4-LH-768x768.webp",768,768,true],"large":["https:\/\/recambiosecogas.com\/wp-content\/uploads\/2025\/02\/Manguera-de-gas-de-plastico-GOK-presion-media-2-x-1-4-LH-png.webp",1000,1000,false],"1536x1536":["https:\/\/recambiosecogas.com\/wp-content\/uploads\/2025\/02\/Manguera-de-gas-de-plastico-GOK-presion-media-2-x-1-4-LH-png.webp",1000,1000,false],"2048x2048":["https:\/\/recambiosecogas.com\/wp-content\/uploads\/2025\/02\/Manguera-de-gas-de-plastico-GOK-presion-media-2-x-1-4-LH-png.webp",1000,1000,false],"woocommerce_archive_thumbnail":["https:\/\/recambiosecogas.com\/wp-content\/uploads\/2025\/02\/Manguera-de-gas-de-plastico-GOK-presion-media-2-x-1-4-LH-png.webp",1000,1000,false],"woocommerce_thumbnail":["https:\/\/recambiosecogas.com\/wp-content\/uploads\/2025\/02\/Manguera-de-gas-de-plastico-GOK-presion-media-2-x-1-4-LH-300x300.webp",300,300,true],"woocommerce_single":["https:\/\/recambiosecogas.com\/wp-content\/uploads\/2025\/02\/Manguera-de-gas-de-plastico-GOK-presion-media-2-x-1-4-LH-png.webp",1000,1000,false],"woocommerce_gallery_thumbnail":["https:\/\/recambiosecogas.com\/wp-content\/uploads\/2025\/02\/Manguera-de-gas-de-plastico-GOK-presion-media-2-x-1-4-LH-png.webp",1000,1000,false],"dgwt-wcas-product-suggestion":["https:\/\/recambiosecogas.com\/wp-content\/uploads\/2025\/02\/Manguera-de-gas-de-plastico-GOK-presion-media-2-x-1-4-LH-64x64.webp",64,64,true]},"uagb_author_info":{"display_name":"Fran - Soporte T\u00e9cnico","author_link":"https:\/\/recambiosecogas.com\/pt-pt\/author\/"},"uagb_comment_info":0,"uagb_excerpt":"Manguera GOK de presi\u00f3n media PS 10 bar con conexiones 2 \u00d7 G 1\/4 LH-\u00dcM, l\u00ednea textil recubierta de caucho y racor 1\/4\" \u00d7 8 mm. Probada por DVGW.","_links":{"self":[{"href":"https:\/\/recambiosecogas.com\/pt-pt\/wp-json\/wp\/v2\/product\/41096","targetHints":{"allow":["GET"]}}],"collection":[{"href":"https:\/\/recambiosecogas.com\/pt-pt\/wp-json\/wp\/v2\/product"}],"about":[{"href":"https:\/\/recambiosecogas.com\/pt-pt\/wp-json\/wp\/v2\/types\/product"}],"replies":[{"embeddable":true,"href":"https:\/\/recambiosecogas.com\/pt-pt\/wp-json\/wp\/v2\/comments?post=41096"}],"wp:featuredmedia":[{"embeddable":true,"href":"https:\/\/recambiosecogas.com\/pt-pt\/wp-json\/wp\/v2\/media\/33564"}],"wp:attachment":[{"href":"https:\/\/recambiosecogas.com\/pt-pt\/wp-json\/wp\/v2\/media?parent=41096"}],"wp:term":[{"taxonomy":"product_brand","embeddable":true,"href":"https:\/\/recambiosecogas.com\/pt-pt\/wp-json\/wp\/v2\/product_brand?post=41096"},{"taxonomy":"product_cat","embeddable":true,"href":"https:\/\/recambiosecogas.com\/pt-pt\/wp-json\/wp\/v2\/product_cat?post=41096"},{"taxonomy":"product_tag","embeddable":true,"href":"https:\/\/recambiosecogas.com\/pt-pt\/wp-json\/wp\/v2\/product_tag?post=41096"}],"curies":[{"name":"wp","href":"https:\/\/api.w.org\/{rel}","templated":true}]}}