{"id":41035,"date":"2025-02-24T11:03:50","date_gmt":"2025-02-24T11:03:50","guid":{"rendered":"https:\/\/recambiosecogas.com\/producto\/junta-de-vedacao-de-substituicao-para-conexao-g-12\/"},"modified":"2026-03-23T10:34:29","modified_gmt":"2026-03-23T09:34:29","slug":"junta-de-estanqueidad-de-recambio-para-conexion-g-12","status":"publish","type":"product","link":"https:\/\/recambiosecogas.com\/pt-pt\/producto\/junta-de-estanqueidad-de-recambio-para-conexion-g-12\/","title":{"rendered":"Junta conexi\u00f3n G12 recambio \u2013 Anillo de estanqueidad 16\u00d710\u00d73,5 mm"},"content":{"rendered":"<h1 data-start=\"746\" data-end=\"817\"><strong data-start=\"748\" data-end=\"817\">Junta conexi\u00f3n G12 recambio \u2013 Anillo de estanqueidad 16\u00d710\u00d73,5 mm<\/strong><\/h1>\n<h2 data-start=\"819\" data-end=\"837\"><strong data-start=\"822\" data-end=\"837\">Descripci\u00f3n<\/strong><\/h2>\n<p data-start=\"838\" data-end=\"1257\">La <strong data-start=\"841\" data-end=\"872\">junta conexi\u00f3n G12 recambio<\/strong> est\u00e1 dise\u00f1ada para garantizar la estanqueidad en sistemas GLP que utilicen conexiones G.12 (KLF). Desde el primer momento, esta junta proporciona un sellado fiable y duradero, lo que evita fugas de gas y mejora la seguridad del sistema. Adem\u00e1s, su fabricaci\u00f3n en material resistente asegura una larga vida \u00fatil, incluso en instalaciones sometidas a uso frecuente o cambios de presi\u00f3n.<\/p>\n<p data-start=\"1259\" data-end=\"1435\">Asimismo, la <strong data-start=\"1272\" data-end=\"1303\">junta conexi\u00f3n G12 recambio<\/strong> se adapta perfectamente a reguladores, mangueras y accesorios que utilizan este est\u00e1ndar, facilitando un reemplazo r\u00e1pido y eficaz.<\/p>\n<hr data-start=\"1437\" data-end=\"1440\" \/>\n<h2 data-start=\"1442\" data-end=\"1483\"><strong data-start=\"1445\" data-end=\"1483\">Compatibilidad con conexiones G.12<\/strong><\/h2>\n<p data-start=\"1484\" data-end=\"1802\">Esta junta es adecuada para cualquier conexi\u00f3n G.12\/KLF, lo que la convierte en un repuesto universal para sistemas GLP en caravanas, autocaravanas, cocinas exteriores y aplicaciones dom\u00e9sticas. Adem\u00e1s, puede utilizarse en reguladores, mangueras y adaptadores con est\u00e1ndar G.12, garantizando siempre una uni\u00f3n estanca.<\/p>\n<hr data-start=\"1804\" data-end=\"1807\" \/>\n<h2 data-start=\"1809\" data-end=\"1851\"><strong data-start=\"1812\" data-end=\"1851\">Ventajas del anillo de estanqueidad<\/strong><\/h2>\n<p data-start=\"1852\" data-end=\"2166\">Gracias a su dise\u00f1o preciso, esta junta ofrece un sellado \u00f3ptimo y evita p\u00e9rdidas de gas de manera eficaz. Por otra parte, su instalaci\u00f3n es sencilla y no requiere herramientas especiales. Finalmente, su resistencia mec\u00e1nica la convierte en una opci\u00f3n duradera para mantener en perfecto estado las conexiones G.12.<\/p>\n<hr data-start=\"2168\" data-end=\"2171\" \/>\n<h2 data-start=\"2173\" data-end=\"2193\"><strong data-start=\"2176\" data-end=\"2193\">Ficha t\u00e9cnica<\/strong><\/h2>\n<ul data-start=\"2194\" data-end=\"2401\">\n<li data-start=\"2194\" data-end=\"2231\">\n<p data-start=\"2196\" data-end=\"2231\">Dimensiones: <strong data-start=\"2209\" data-end=\"2229\">16 \u00d7 10 \u00d7 3,5 mm<\/strong><\/p>\n<\/li>\n<li data-start=\"2232\" data-end=\"2263\">\n<p data-start=\"2234\" data-end=\"2263\">Tipo: Junta de estanqueidad<\/p>\n<\/li>\n<li data-start=\"2264\" data-end=\"2307\">\n<p data-start=\"2266\" data-end=\"2307\">Compatibilidad: <strong data-start=\"2282\" data-end=\"2305\">Conexi\u00f3n G.12 (KLF)<\/strong><\/p>\n<\/li>\n<li data-start=\"2308\" data-end=\"2358\">\n<p data-start=\"2310\" data-end=\"2358\">Material: Compuesto resistente de alta calidad<\/p>\n<\/li>\n<li data-start=\"2359\" data-end=\"2401\">\n<p data-start=\"2361\" data-end=\"2401\">Funci\u00f3n: Sellado y prevenci\u00f3n de fugas<\/p>\n<\/li>\n<\/ul>\n<hr data-start=\"2403\" data-end=\"2406\" \/>\n<h2 data-start=\"2408\" data-end=\"2431\"><strong data-start=\"2411\" data-end=\"2431\">Especificaciones<\/strong><\/h2>\n<div class=\"_tableContainer_1rjym_1\">\n<div class=\"group _tableWrapper_1rjym_13 flex w-fit flex-col-reverse\" tabindex=\"-1\">\n<table class=\"w-fit min-w-(--thread-content-width)\" data-start=\"2432\" data-end=\"2682\">\n<thead data-start=\"2432\" data-end=\"2460\">\n<tr data-start=\"2432\" data-end=\"2460\">\n<th data-start=\"2432\" data-end=\"2449\" data-col-size=\"sm\">Caracter\u00edstica<\/th>\n<th data-start=\"2449\" data-end=\"2460\" data-col-size=\"sm\">Detalle<\/th>\n<\/tr>\n<\/thead>\n<tbody data-start=\"2490\" data-end=\"2682\">\n<tr data-start=\"2490\" data-end=\"2524\">\n<td data-start=\"2490\" data-end=\"2507\" data-col-size=\"sm\">Compatibilidad<\/td>\n<td data-col-size=\"sm\" data-start=\"2507\" data-end=\"2524\">Conexi\u00f3n G.12<\/td>\n<\/tr>\n<tr data-start=\"2525\" data-end=\"2559\">\n<td data-start=\"2525\" data-end=\"2539\" data-col-size=\"sm\">Dimensiones<\/td>\n<td data-col-size=\"sm\" data-start=\"2539\" data-end=\"2559\">16 \u00d7 10 \u00d7 3,5 mm<\/td>\n<\/tr>\n<tr data-start=\"2560\" data-end=\"2591\">\n<td data-start=\"2560\" data-end=\"2571\" data-col-size=\"sm\">Material<\/td>\n<td data-col-size=\"sm\" data-start=\"2571\" data-end=\"2591\">Alta resistencia<\/td>\n<\/tr>\n<tr data-start=\"2592\" data-end=\"2615\">\n<td data-start=\"2592\" data-end=\"2606\" data-col-size=\"sm\">Instalaci\u00f3n<\/td>\n<td data-col-size=\"sm\" data-start=\"2606\" data-end=\"2615\">F\u00e1cil<\/td>\n<\/tr>\n<tr data-start=\"2616\" data-end=\"2652\">\n<td data-start=\"2616\" data-end=\"2626\" data-col-size=\"sm\">Funci\u00f3n<\/td>\n<td data-col-size=\"sm\" data-start=\"2626\" data-end=\"2652\">Sellado y estanqueidad<\/td>\n<\/tr>\n<tr data-start=\"2653\" data-end=\"2682\">\n<td data-start=\"2653\" data-end=\"2666\" data-col-size=\"sm\">Aplicaci\u00f3n<\/td>\n<td data-start=\"2666\" data-end=\"2682\" data-col-size=\"sm\">Sistemas GLP<\/td>\n<\/tr>\n<\/tbody>\n<\/table>\n<\/div>\n<\/div>\n<hr data-start=\"2684\" data-end=\"2687\" \/>\n<h2 data-start=\"2689\" data-end=\"2706\"><strong data-start=\"2692\" data-end=\"2706\">Beneficios<\/strong><\/h2>\n<ul data-start=\"2707\" data-end=\"2944\">\n<li data-start=\"2707\" data-end=\"2757\">\n<p data-start=\"2709\" data-end=\"2757\">Previene eficazmente fugas en conexiones G.12.<\/p>\n<\/li>\n<li data-start=\"2758\" data-end=\"2802\">\n<p data-start=\"2760\" data-end=\"2802\">Material resistente y larga durabilidad.<\/p>\n<\/li>\n<li data-start=\"2803\" data-end=\"2846\">\n<p data-start=\"2805\" data-end=\"2846\">Sustituci\u00f3n directa sin complicaciones.<\/p>\n<\/li>\n<li data-start=\"2847\" data-end=\"2903\">\n<p data-start=\"2849\" data-end=\"2903\">Ideal para reguladores, mangueras y adaptadores KLF.<\/p>\n<\/li>\n<li data-start=\"2904\" data-end=\"2944\">\n<p data-start=\"2906\" data-end=\"2944\">Mantiene la seguridad del sistema GLP.<\/p>\n<\/li>\n<\/ul>\n","protected":false},"excerpt":{"rendered":"<p>DREHMEISTER Junta conexi\u00f3n G12 recambio 16\u00d710\u00d73,5 mm. Sellado seguro, material duradero y f\u00e1cil instalaci\u00f3n para sistemas GLP.<\/p>\n","protected":false},"featured_media":32728,"comment_status":"open","ping_status":"closed","template":"","meta":{"_uag_custom_page_level_css":""},"product_brand":[],"product_cat":[1459],"product_tag":[],"class_list":{"0":"post-41035","1":"product","2":"type-product","3":"status-publish","4":"has-post-thumbnail","6":"product_cat-acessorios-e-pecas-sobresselentes","8":"first","9":"instock","10":"taxable","11":"shipping-taxable","12":"purchasable","13":"product-type-simple"},"ct_brands":[],"yoast_head":"<!-- This site is optimized with the Yoast SEO Premium plugin v27.5 (Yoast SEO v27.6) - https:\/\/yoast.com\/product\/yoast-seo-premium-wordpress\/ -->\n<title>Junta conexi\u00f3n G12 recambio \u2013 Anillo de estanqueidad 16\u00d710\u00d73,5 mm | Recambios EcoGas<\/title>\n<meta name=\"description\" content=\"La junta conexi\u00f3n G12 recambio de 16\u00d710\u00d73,5 mm garantiza estanqueidad en sistemas GLP. Material duradero y f\u00e1cil instalaci\u00f3n.\" \/>\n<meta name=\"robots\" content=\"index, follow, max-snippet:-1, max-image-preview:large, max-video-preview:-1\" \/>\n<link rel=\"canonical\" href=\"https:\/\/recambiosecogas.com\/pt-pt\/producto\/junta-de-estanqueidad-de-recambio-para-conexion-g-12\/\" \/>\n<meta property=\"og:locale\" content=\"pt_PT\" \/>\n<meta property=\"og:type\" content=\"article\" \/>\n<meta property=\"og:title\" content=\"Junta conexi\u00f3n G12 recambio \u2013 Anillo de estanqueidad 16\u00d710\u00d73,5 mm\" \/>\n<meta property=\"og:description\" content=\"La junta conexi\u00f3n G12 recambio de 16\u00d710\u00d73,5 mm garantiza estanqueidad en sistemas GLP. Material duradero y f\u00e1cil instalaci\u00f3n.\" \/>\n<meta property=\"og:url\" content=\"https:\/\/recambiosecogas.com\/pt-pt\/producto\/junta-de-estanqueidad-de-recambio-para-conexion-g-12\/\" \/>\n<meta property=\"og:site_name\" content=\"Recambios EcoGas\" \/>\n<meta property=\"article:publisher\" content=\"https:\/\/www.facebook.com\/profile.php?id=100062419705358\" \/>\n<meta property=\"article:modified_time\" content=\"2026-03-23T09:34:29+00:00\" \/>\n<meta property=\"og:image\" content=\"https:\/\/recambiosecogas.com\/wp-content\/uploads\/2025\/02\/Junta-de-estanqueidad-de-recambio-para-conexion-G.12-png.webp\" \/>\n\t<meta property=\"og:image:width\" content=\"1000\" \/>\n\t<meta property=\"og:image:height\" content=\"1000\" \/>\n\t<meta property=\"og:image:type\" content=\"image\/png\" \/>\n<meta name=\"twitter:card\" content=\"summary_large_image\" \/>\n<meta name=\"twitter:label1\" content=\"pre\u00e7o\" \/>\n\t<meta name=\"twitter:data1\" content=\"1,25&nbsp;&euro; (Sin IVA: 1,03&nbsp;&euro;)\" \/>\n\t<meta name=\"twitter:label2\" content=\"Disponibilidade\" \/>\n\t<meta name=\"twitter:data2\" content=\"Em stock\" \/>\n<script type=\"application\/ld+json\" class=\"yoast-schema-graph\">{\"@context\":\"https:\\\/\\\/schema.org\",\"@graph\":[{\"@type\":\"WebPage\",\"@id\":\"https:\\\/\\\/recambiosecogas.com\\\/pt-pt\\\/producto\\\/junta-de-estanqueidad-de-recambio-para-conexion-g-12\\\/\",\"url\":\"https:\\\/\\\/recambiosecogas.com\\\/pt-pt\\\/producto\\\/junta-de-estanqueidad-de-recambio-para-conexion-g-12\\\/\",\"name\":\"Junta conexi\u00f3n G12 recambio \u2013 Anillo de estanqueidad 16\u00d710\u00d73,5 mm | Recambios EcoGas\",\"isPartOf\":{\"@id\":\"https:\\\/\\\/recambiosecogas.com\\\/pt-pt\\\/#website\"},\"primaryImageOfPage\":{\"@id\":\"https:\\\/\\\/recambiosecogas.com\\\/pt-pt\\\/producto\\\/junta-de-estanqueidad-de-recambio-para-conexion-g-12\\\/#primaryimage\"},\"image\":{\"@id\":\"https:\\\/\\\/recambiosecogas.com\\\/pt-pt\\\/producto\\\/junta-de-estanqueidad-de-recambio-para-conexion-g-12\\\/#primaryimage\"},\"thumbnailUrl\":\"https:\\\/\\\/recambiosecogas.com\\\/wp-content\\\/uploads\\\/2025\\\/02\\\/Junta-de-estanqueidad-de-recambio-para-conexion-G.12-png.webp\",\"datePublished\":\"2025-02-24T11:03:50+00:00\",\"dateModified\":\"2026-03-23T09:34:29+00:00\",\"description\":\"La junta conexi\u00f3n G12 recambio de 16\u00d710\u00d73,5 mm garantiza estanqueidad en sistemas GLP. Material duradero y f\u00e1cil instalaci\u00f3n.\",\"breadcrumb\":{\"@id\":\"https:\\\/\\\/recambiosecogas.com\\\/pt-pt\\\/producto\\\/junta-de-estanqueidad-de-recambio-para-conexion-g-12\\\/#breadcrumb\"},\"inLanguage\":\"pt-PT\",\"potentialAction\":[{\"@type\":\"ReadAction\",\"target\":[\"https:\\\/\\\/recambiosecogas.com\\\/pt-pt\\\/producto\\\/junta-de-estanqueidad-de-recambio-para-conexion-g-12\\\/\"]}]},{\"@type\":\"ImageObject\",\"inLanguage\":\"pt-PT\",\"@id\":\"https:\\\/\\\/recambiosecogas.com\\\/pt-pt\\\/producto\\\/junta-de-estanqueidad-de-recambio-para-conexion-g-12\\\/#primaryimage\",\"url\":\"https:\\\/\\\/recambiosecogas.com\\\/wp-content\\\/uploads\\\/2025\\\/02\\\/Junta-de-estanqueidad-de-recambio-para-conexion-G.12-png.webp\",\"contentUrl\":\"https:\\\/\\\/recambiosecogas.com\\\/wp-content\\\/uploads\\\/2025\\\/02\\\/Junta-de-estanqueidad-de-recambio-para-conexion-G.12-png.webp\",\"width\":1000,\"height\":1000},{\"@type\":\"BreadcrumbList\",\"@id\":\"https:\\\/\\\/recambiosecogas.com\\\/pt-pt\\\/producto\\\/junta-de-estanqueidad-de-recambio-para-conexion-g-12\\\/#breadcrumb\",\"itemListElement\":[{\"@type\":\"ListItem\",\"position\":1,\"name\":\"P\u00e1gina inicial\",\"item\":\"https:\\\/\\\/recambiosecogas.com\\\/pt-pt\\\/\"},{\"@type\":\"ListItem\",\"position\":2,\"name\":\"Loja\",\"item\":\"https:\\\/\\\/recambiosecogas.com\\\/pt-pt\\\/tienda\\\/\"},{\"@type\":\"ListItem\",\"position\":3,\"name\":\"Junta conexi\u00f3n G12 recambio \u2013 Anillo de estanqueidad 16\u00d710\u00d73,5 mm\"}]},{\"@type\":\"WebSite\",\"@id\":\"https:\\\/\\\/recambiosecogas.com\\\/pt-pt\\\/#website\",\"url\":\"https:\\\/\\\/recambiosecogas.com\\\/pt-pt\\\/\",\"name\":\"Recambios EcoGas\",\"description\":\"Pe\u00e7as multimarca para sistemas de GPL\\\/GNC\\\/GNL\\\/Hidrog\u00e9nio\",\"publisher\":{\"@id\":\"https:\\\/\\\/recambiosecogas.com\\\/pt-pt\\\/#organization\"},\"alternateName\":\"Recambios Autogas GLP\",\"potentialAction\":[{\"@type\":\"SearchAction\",\"target\":{\"@type\":\"EntryPoint\",\"urlTemplate\":\"https:\\\/\\\/recambiosecogas.com\\\/pt-pt\\\/?s={search_term_string}\"},\"query-input\":{\"@type\":\"PropertyValueSpecification\",\"valueRequired\":true,\"valueName\":\"search_term_string\"}}],\"inLanguage\":\"pt-PT\"},{\"@type\":[\"Organization\",\"Place\"],\"@id\":\"https:\\\/\\\/recambiosecogas.com\\\/pt-pt\\\/#organization\",\"name\":\"Recambios EcoGas\",\"alternateName\":\"Loja de GPL Autog\u00e1s Espanha\",\"url\":\"https:\\\/\\\/recambiosecogas.com\\\/pt-pt\\\/\",\"logo\":{\"@id\":\"https:\\\/\\\/recambiosecogas.com\\\/pt-pt\\\/producto\\\/junta-de-estanqueidad-de-recambio-para-conexion-g-12\\\/#local-main-organization-logo\"},\"image\":{\"@id\":\"https:\\\/\\\/recambiosecogas.com\\\/pt-pt\\\/producto\\\/junta-de-estanqueidad-de-recambio-para-conexion-g-12\\\/#local-main-organization-logo\"},\"sameAs\":[\"https:\\\/\\\/www.facebook.com\\\/profile.php?id=100062419705358\",\"https:\\\/\\\/www.instagram.com\\\/segimon_automocio\"],\"description\":\"Recambios EcoGas \u2013 Venta y distribuci\u00f3n de sistemas GLP y GNC en Espa\u00f1a y Portugal. Env\u00edos 24 h, soporte t\u00e9cnico a talleres y distribuidores.\",\"hasMerchantReturnPolicy\":{\"@type\":\"MerchantReturnPolicy\",\"merchantReturnLink\":\"https:\\\/\\\/recambiosecogas.com\\\/politicas-privacidad\\\/\"},\"address\":{\"@id\":\"https:\\\/\\\/recambiosecogas.com\\\/pt-pt\\\/producto\\\/junta-de-estanqueidad-de-recambio-para-conexion-g-12\\\/#local-main-place-address\"},\"telephone\":[\"616250633\"],\"contactPoint\":{\"@type\":\"ContactPoint\",\"email\":\"export@recambiosecogas.com\"},\"openingHoursSpecification\":[{\"@type\":\"OpeningHoursSpecification\",\"dayOfWeek\":[\"Monday\",\"Tuesday\",\"Wednesday\",\"Thursday\",\"Friday\",\"Saturday\",\"Sunday\"],\"opens\":\"09:00\",\"closes\":\"17:00\"}],\"email\":\"info@recambiosecogas.com\",\"faxNumber\":\"SEGIMON AUTOMOCION SL\",\"vatID\":\"ESB19819861\",\"globalLocationNumber\":\"938 616 339\"},{\"@type\":\"PostalAddress\",\"@id\":\"https:\\\/\\\/recambiosecogas.com\\\/pt-pt\\\/producto\\\/junta-de-estanqueidad-de-recambio-para-conexion-g-12\\\/#local-main-place-address\",\"streetAddress\":\"cami antic de vic, 29 (Nave 3), Pol\u00edgono Industrial Congost\",\"addressLocality\":\"CORRO D`AVALL\",\"postalCode\":\"08520\",\"addressRegion\":\"Barcelona\",\"addressCountry\":\"ES\"},{\"@type\":\"ImageObject\",\"inLanguage\":\"pt-PT\",\"@id\":\"https:\\\/\\\/recambiosecogas.com\\\/pt-pt\\\/producto\\\/junta-de-estanqueidad-de-recambio-para-conexion-g-12\\\/#local-main-organization-logo\",\"url\":\"https:\\\/\\\/recambiosecogas.com\\\/wp-content\\\/uploads\\\/2024\\\/11\\\/cropped-RECAMBIOS-GLP-png.webp\",\"contentUrl\":\"https:\\\/\\\/recambiosecogas.com\\\/wp-content\\\/uploads\\\/2024\\\/11\\\/cropped-RECAMBIOS-GLP-png.webp\",\"width\":512,\"height\":512,\"caption\":\"Recambios EcoGas\"}]}<\/script>\n<meta property=\"product:price:amount\" content=\"1.25\" \/>\n<meta property=\"product:price:currency\" content=\"EUR\" \/>\n<meta property=\"og:availability\" content=\"instock\" \/>\n<meta property=\"product:availability\" content=\"instock\" \/>\n<meta property=\"product:retailer_item_id\" content=\"108212\" \/>\n<meta property=\"product:condition\" content=\"new\" \/>\n<meta name=\"geo.placename\" content=\"CORRO D`AVALL\" \/>\n<meta name=\"geo.region\" content=\"Espanha\" \/>\n<!-- \/ Yoast SEO Premium plugin. -->","yoast_head_json":{"title":"Junta conexi\u00f3n G12 recambio \u2013 Anillo de estanqueidad 16\u00d710\u00d73,5 mm | Recambios EcoGas","description":"La junta conexi\u00f3n G12 recambio de 16\u00d710\u00d73,5 mm garantiza estanqueidad en sistemas GLP. Material duradero y f\u00e1cil instalaci\u00f3n.","robots":{"index":"index","follow":"follow","max-snippet":"max-snippet:-1","max-image-preview":"max-image-preview:large","max-video-preview":"max-video-preview:-1"},"canonical":"https:\/\/recambiosecogas.com\/pt-pt\/producto\/junta-de-estanqueidad-de-recambio-para-conexion-g-12\/","og_locale":"pt_PT","og_type":"article","og_title":"Junta conexi\u00f3n G12 recambio \u2013 Anillo de estanqueidad 16\u00d710\u00d73,5 mm","og_description":"La junta conexi\u00f3n G12 recambio de 16\u00d710\u00d73,5 mm garantiza estanqueidad en sistemas GLP. Material duradero y f\u00e1cil instalaci\u00f3n.","og_url":"https:\/\/recambiosecogas.com\/pt-pt\/producto\/junta-de-estanqueidad-de-recambio-para-conexion-g-12\/","og_site_name":"Recambios EcoGas","article_publisher":"https:\/\/www.facebook.com\/profile.php?id=100062419705358","article_modified_time":"2026-03-23T09:34:29+00:00","og_image":[{"width":1000,"height":1000,"url":"https:\/\/recambiosecogas.com\/wp-content\/uploads\/2025\/02\/Junta-de-estanqueidad-de-recambio-para-conexion-G.12-png.webp","type":"image\/png"}],"twitter_card":"summary_large_image","twitter_misc":{"pre\u00e7o":"1,25&nbsp;&euro; (Sin IVA: 1,03&nbsp;&euro;)","Disponibilidade":"Em stock"},"schema":{"@context":"https:\/\/schema.org","@graph":[{"@type":"WebPage","@id":"https:\/\/recambiosecogas.com\/pt-pt\/producto\/junta-de-estanqueidad-de-recambio-para-conexion-g-12\/","url":"https:\/\/recambiosecogas.com\/pt-pt\/producto\/junta-de-estanqueidad-de-recambio-para-conexion-g-12\/","name":"Junta conexi\u00f3n G12 recambio \u2013 Anillo de estanqueidad 16\u00d710\u00d73,5 mm | Recambios EcoGas","isPartOf":{"@id":"https:\/\/recambiosecogas.com\/pt-pt\/#website"},"primaryImageOfPage":{"@id":"https:\/\/recambiosecogas.com\/pt-pt\/producto\/junta-de-estanqueidad-de-recambio-para-conexion-g-12\/#primaryimage"},"image":{"@id":"https:\/\/recambiosecogas.com\/pt-pt\/producto\/junta-de-estanqueidad-de-recambio-para-conexion-g-12\/#primaryimage"},"thumbnailUrl":"https:\/\/recambiosecogas.com\/wp-content\/uploads\/2025\/02\/Junta-de-estanqueidad-de-recambio-para-conexion-G.12-png.webp","datePublished":"2025-02-24T11:03:50+00:00","dateModified":"2026-03-23T09:34:29+00:00","description":"La junta conexi\u00f3n G12 recambio de 16\u00d710\u00d73,5 mm garantiza estanqueidad en sistemas GLP. Material duradero y f\u00e1cil instalaci\u00f3n.","breadcrumb":{"@id":"https:\/\/recambiosecogas.com\/pt-pt\/producto\/junta-de-estanqueidad-de-recambio-para-conexion-g-12\/#breadcrumb"},"inLanguage":"pt-PT","potentialAction":[{"@type":"ReadAction","target":["https:\/\/recambiosecogas.com\/pt-pt\/producto\/junta-de-estanqueidad-de-recambio-para-conexion-g-12\/"]}]},{"@type":"ImageObject","inLanguage":"pt-PT","@id":"https:\/\/recambiosecogas.com\/pt-pt\/producto\/junta-de-estanqueidad-de-recambio-para-conexion-g-12\/#primaryimage","url":"https:\/\/recambiosecogas.com\/wp-content\/uploads\/2025\/02\/Junta-de-estanqueidad-de-recambio-para-conexion-G.12-png.webp","contentUrl":"https:\/\/recambiosecogas.com\/wp-content\/uploads\/2025\/02\/Junta-de-estanqueidad-de-recambio-para-conexion-G.12-png.webp","width":1000,"height":1000},{"@type":"BreadcrumbList","@id":"https:\/\/recambiosecogas.com\/pt-pt\/producto\/junta-de-estanqueidad-de-recambio-para-conexion-g-12\/#breadcrumb","itemListElement":[{"@type":"ListItem","position":1,"name":"P\u00e1gina inicial","item":"https:\/\/recambiosecogas.com\/pt-pt\/"},{"@type":"ListItem","position":2,"name":"Loja","item":"https:\/\/recambiosecogas.com\/pt-pt\/tienda\/"},{"@type":"ListItem","position":3,"name":"Junta conexi\u00f3n G12 recambio \u2013 Anillo de estanqueidad 16\u00d710\u00d73,5 mm"}]},{"@type":"WebSite","@id":"https:\/\/recambiosecogas.com\/pt-pt\/#website","url":"https:\/\/recambiosecogas.com\/pt-pt\/","name":"Recambios EcoGas","description":"Pe\u00e7as multimarca para sistemas de GPL\/GNC\/GNL\/Hidrog\u00e9nio","publisher":{"@id":"https:\/\/recambiosecogas.com\/pt-pt\/#organization"},"alternateName":"Recambios Autogas GLP","potentialAction":[{"@type":"SearchAction","target":{"@type":"EntryPoint","urlTemplate":"https:\/\/recambiosecogas.com\/pt-pt\/?s={search_term_string}"},"query-input":{"@type":"PropertyValueSpecification","valueRequired":true,"valueName":"search_term_string"}}],"inLanguage":"pt-PT"},{"@type":["Organization","Place"],"@id":"https:\/\/recambiosecogas.com\/pt-pt\/#organization","name":"Recambios EcoGas","alternateName":"Loja de GPL Autog\u00e1s Espanha","url":"https:\/\/recambiosecogas.com\/pt-pt\/","logo":{"@id":"https:\/\/recambiosecogas.com\/pt-pt\/producto\/junta-de-estanqueidad-de-recambio-para-conexion-g-12\/#local-main-organization-logo"},"image":{"@id":"https:\/\/recambiosecogas.com\/pt-pt\/producto\/junta-de-estanqueidad-de-recambio-para-conexion-g-12\/#local-main-organization-logo"},"sameAs":["https:\/\/www.facebook.com\/profile.php?id=100062419705358","https:\/\/www.instagram.com\/segimon_automocio"],"description":"Recambios EcoGas \u2013 Venta y distribuci\u00f3n de sistemas GLP y GNC en Espa\u00f1a y Portugal. Env\u00edos 24 h, soporte t\u00e9cnico a talleres y distribuidores.","hasMerchantReturnPolicy":{"@type":"MerchantReturnPolicy","merchantReturnLink":"https:\/\/recambiosecogas.com\/politicas-privacidad\/"},"address":{"@id":"https:\/\/recambiosecogas.com\/pt-pt\/producto\/junta-de-estanqueidad-de-recambio-para-conexion-g-12\/#local-main-place-address"},"telephone":["616250633"],"contactPoint":{"@type":"ContactPoint","email":"export@recambiosecogas.com"},"openingHoursSpecification":[{"@type":"OpeningHoursSpecification","dayOfWeek":["Monday","Tuesday","Wednesday","Thursday","Friday","Saturday","Sunday"],"opens":"09:00","closes":"17:00"}],"email":"info@recambiosecogas.com","faxNumber":"SEGIMON AUTOMOCION SL","vatID":"ESB19819861","globalLocationNumber":"938 616 339"},{"@type":"PostalAddress","@id":"https:\/\/recambiosecogas.com\/pt-pt\/producto\/junta-de-estanqueidad-de-recambio-para-conexion-g-12\/#local-main-place-address","streetAddress":"cami antic de vic, 29 (Nave 3), Pol\u00edgono Industrial Congost","addressLocality":"CORRO D`AVALL","postalCode":"08520","addressRegion":"Barcelona","addressCountry":"ES"},{"@type":"ImageObject","inLanguage":"pt-PT","@id":"https:\/\/recambiosecogas.com\/pt-pt\/producto\/junta-de-estanqueidad-de-recambio-para-conexion-g-12\/#local-main-organization-logo","url":"https:\/\/recambiosecogas.com\/wp-content\/uploads\/2024\/11\/cropped-RECAMBIOS-GLP-png.webp","contentUrl":"https:\/\/recambiosecogas.com\/wp-content\/uploads\/2024\/11\/cropped-RECAMBIOS-GLP-png.webp","width":512,"height":512,"caption":"Recambios EcoGas"}]},"product_price_amount":"1.25","product_price_currency":"EUR","og_availability":"instock","product_availability":"instock","product_retailer_item_id":"108212","product_condition":"new","geo.placename":"CORRO D`AVALL","geo.region":"Espanha"},"uagb_featured_image_src":{"full":["https:\/\/recambiosecogas.com\/wp-content\/uploads\/2025\/02\/Junta-de-estanqueidad-de-recambio-para-conexion-G.12-png.webp",1000,1000,false],"thumbnail":["https:\/\/recambiosecogas.com\/wp-content\/uploads\/2025\/02\/Junta-de-estanqueidad-de-recambio-para-conexion-G.12-150x150.webp",150,150,true],"medium":["https:\/\/recambiosecogas.com\/wp-content\/uploads\/2025\/02\/Junta-de-estanqueidad-de-recambio-para-conexion-G.12-300x300.webp",300,300,true],"medium_large":["https:\/\/recambiosecogas.com\/wp-content\/uploads\/2025\/02\/Junta-de-estanqueidad-de-recambio-para-conexion-G.12-768x768.webp",768,768,true],"large":["https:\/\/recambiosecogas.com\/wp-content\/uploads\/2025\/02\/Junta-de-estanqueidad-de-recambio-para-conexion-G.12-png.webp",1000,1000,false],"1536x1536":["https:\/\/recambiosecogas.com\/wp-content\/uploads\/2025\/02\/Junta-de-estanqueidad-de-recambio-para-conexion-G.12-png.webp",1000,1000,false],"2048x2048":["https:\/\/recambiosecogas.com\/wp-content\/uploads\/2025\/02\/Junta-de-estanqueidad-de-recambio-para-conexion-G.12-png.webp",1000,1000,false],"woocommerce_archive_thumbnail":["https:\/\/recambiosecogas.com\/wp-content\/uploads\/2025\/02\/Junta-de-estanqueidad-de-recambio-para-conexion-G.12-png.webp",1000,1000,false],"woocommerce_thumbnail":["https:\/\/recambiosecogas.com\/wp-content\/uploads\/2025\/02\/Junta-de-estanqueidad-de-recambio-para-conexion-G.12-300x300.webp",300,300,true],"woocommerce_single":["https:\/\/recambiosecogas.com\/wp-content\/uploads\/2025\/02\/Junta-de-estanqueidad-de-recambio-para-conexion-G.12-png.webp",1000,1000,false],"woocommerce_gallery_thumbnail":["https:\/\/recambiosecogas.com\/wp-content\/uploads\/2025\/02\/Junta-de-estanqueidad-de-recambio-para-conexion-G.12-png.webp",1000,1000,false],"dgwt-wcas-product-suggestion":["https:\/\/recambiosecogas.com\/wp-content\/uploads\/2025\/02\/Junta-de-estanqueidad-de-recambio-para-conexion-G.12-64x64.webp",64,64,true]},"uagb_author_info":{"display_name":"Fran - Soporte T\u00e9cnico","author_link":"https:\/\/recambiosecogas.com\/pt-pt\/author\/"},"uagb_comment_info":0,"uagb_excerpt":"DREHMEISTER Junta conexi\u00f3n G12 recambio 16\u00d710\u00d73,5 mm. Sellado seguro, material duradero y f\u00e1cil instalaci\u00f3n para sistemas GLP.","_links":{"self":[{"href":"https:\/\/recambiosecogas.com\/pt-pt\/wp-json\/wp\/v2\/product\/41035","targetHints":{"allow":["GET"]}}],"collection":[{"href":"https:\/\/recambiosecogas.com\/pt-pt\/wp-json\/wp\/v2\/product"}],"about":[{"href":"https:\/\/recambiosecogas.com\/pt-pt\/wp-json\/wp\/v2\/types\/product"}],"replies":[{"embeddable":true,"href":"https:\/\/recambiosecogas.com\/pt-pt\/wp-json\/wp\/v2\/comments?post=41035"}],"wp:featuredmedia":[{"embeddable":true,"href":"https:\/\/recambiosecogas.com\/pt-pt\/wp-json\/wp\/v2\/media\/32728"}],"wp:attachment":[{"href":"https:\/\/recambiosecogas.com\/pt-pt\/wp-json\/wp\/v2\/media?parent=41035"}],"wp:term":[{"taxonomy":"product_brand","embeddable":true,"href":"https:\/\/recambiosecogas.com\/pt-pt\/wp-json\/wp\/v2\/product_brand?post=41035"},{"taxonomy":"product_cat","embeddable":true,"href":"https:\/\/recambiosecogas.com\/pt-pt\/wp-json\/wp\/v2\/product_cat?post=41035"},{"taxonomy":"product_tag","embeddable":true,"href":"https:\/\/recambiosecogas.com\/pt-pt\/wp-json\/wp\/v2\/product_tag?post=41035"}],"curies":[{"name":"wp","href":"https:\/\/api.w.org\/{rel}","templated":true}]}}