{"id":41013,"date":"2025-02-24T12:03:24","date_gmt":"2025-02-24T11:03:24","guid":{"rendered":"https:\/\/recambiosecogas.com\/producto\/gok-leak-check-lpg-basic-para-caravanas-e-barcos\/"},"modified":"2026-03-23T10:33:33","modified_gmt":"2026-03-23T09:33:33","slug":"gok-leak-check-lpg-basic-para-caravanas-y-embarcaciones","status":"publish","type":"product","link":"https:\/\/recambiosecogas.com\/pt-pt\/producto\/gok-leak-check-lpg-basic-para-caravanas-y-embarcaciones\/","title":{"rendered":"GOK Leak Check LPG Basic para caravanas y embarcaciones"},"content":{"rendered":"<p>Dispositivo de comprobaci\u00f3n de fugas GLP BASIC<\/p>\n<p>Con todas las piezas de montaje necesarias para la comprobaci\u00f3n de estanqueidad de sistemas GLP en veh\u00edculos de ocio seg\u00fan el c\u00f3digo deontol\u00f3gico DVGW G 607, el c\u00f3digo deontol\u00f3gico \u00d6VGW G 107 y EN 1949 o en peque\u00f1as embarcaciones seg\u00fan el c\u00f3digo deontol\u00f3gico DVGW G 608 y EN ISO 10239.<\/p>\n<p>Todas las piezas de ensayo y montaje necesarias en un solo malet\u00edn del sistema<\/p>\n<p>Compartimentos organizados de forma eficiente con revestimiento protector<\/p>\n<p>malet\u00edn del sistema (A\/P\/P: aprox. 105 x 396 x 296 mm) de pl\u00e1stico ABS de alta calidad<\/p>\n<p>el malet\u00edn de sistema se puede combinar, apilar y unir, por ejemplo, con el malet\u00edn de montaje para camping y caravanas o para embarcaciones<\/p>\n<p>compuesto de:<\/p>\n<p>1 x comprobador de fugas tipo 150 con limitador de presi\u00f3n<\/p>\n<p>1 x manguera de prueba para el dispositivo de prueba<\/p>\n<p>1 x manguera de media presi\u00f3n para conductos de gas l\u00edquido<\/p>\n<p>1 x asa para el dispositivo de comprobaci\u00f3n<\/p>\n<p>1 x boquilla de enchufe Niro STN x RST 8 para conectar el dispositivo de prueba al acoplamiento enchufable SKU<\/p>\n<p>1 x Reductor recto tipo RED RST 8 x RVS 10<\/p>\n<p>10 x Juntas para boquilla de salida G 1\/4 LH-KN<\/p>\n<p>1 x Bote de spray para detecci\u00f3n de fugas 125 ml<\/p>\n<p>1 x Miniherramienta para conectar y desconectar reguladores de botellas peque\u00f1as<\/p>\n<p>1 llave fija doble de los tama\u00f1os 10\/11; 12\/13; 14\/15; 17\/19 y 20\/22<\/p>\n<p>1 x malet\u00edn del sistema con correa de transporte<\/p>\n","protected":false},"excerpt":{"rendered":"<p>Dispositivo GOK para comprobaci\u00f3n de fugas GLP, ideal para sistemas de Autogas en caravanas y embarcaciones, garantiza seguridad y eficacia.<\/p>\n","protected":false},"featured_media":32886,"comment_status":"open","ping_status":"closed","template":"","meta":{"_uag_custom_page_level_css":""},"product_brand":[],"product_cat":[1285],"product_tag":[],"class_list":{"0":"post-41013","1":"product","2":"type-product","3":"status-publish","4":"has-post-thumbnail","6":"product_cat-ferramentas","8":"first","9":"onbackorder","10":"taxable","11":"shipping-taxable","12":"purchasable","13":"product-type-simple"},"ct_brands":[],"yoast_head":"<!-- This site is optimized with the Yoast SEO Premium plugin v27.5 (Yoast SEO v27.6) - https:\/\/yoast.com\/product\/yoast-seo-premium-wordpress\/ -->\n<title>GOK Dispositivo de Comprobaci\u00f3n de Fugas GLP | Recambios Ecogas<\/title>\n<meta name=\"description\" content=\"Dispositivo GOK para comprobaci\u00f3n de fugas GLP, ideal para sistemas de Autogas en caravanas y embarcaciones, garantiza seguridad y eficacia.\" \/>\n<meta name=\"robots\" content=\"index, follow, max-snippet:-1, max-image-preview:large, max-video-preview:-1\" \/>\n<link rel=\"canonical\" href=\"https:\/\/recambiosecogas.com\/pt-pt\/producto\/gok-leak-check-lpg-basic-para-caravanas-y-embarcaciones\/\" \/>\n<meta property=\"og:locale\" content=\"pt_PT\" \/>\n<meta property=\"og:type\" content=\"article\" \/>\n<meta property=\"og:title\" content=\"GOK Leak Check LPG Basic para caravanas y embarcaciones\" \/>\n<meta property=\"og:description\" content=\"Dispositivo GOK para comprobaci\u00f3n de fugas GLP, ideal para sistemas de Autogas en caravanas y embarcaciones, garantiza seguridad y eficacia.\" \/>\n<meta property=\"og:url\" content=\"https:\/\/recambiosecogas.com\/pt-pt\/producto\/gok-leak-check-lpg-basic-para-caravanas-y-embarcaciones\/\" \/>\n<meta property=\"og:site_name\" content=\"Recambios EcoGas\" \/>\n<meta property=\"article:publisher\" content=\"https:\/\/www.facebook.com\/profile.php?id=100062419705358\" \/>\n<meta property=\"article:modified_time\" content=\"2026-03-23T09:33:33+00:00\" \/>\n<meta property=\"og:image\" content=\"https:\/\/recambiosecogas.com\/wp-content\/uploads\/2025\/02\/GOK-Leak-Check-LPG-Basic-para-caravanas-y-embarcaciones-png.webp\" \/>\n\t<meta property=\"og:image:width\" content=\"1000\" \/>\n\t<meta property=\"og:image:height\" content=\"1000\" \/>\n\t<meta property=\"og:image:type\" content=\"image\/png\" \/>\n<meta name=\"twitter:card\" content=\"summary_large_image\" \/>\n<meta name=\"twitter:label1\" content=\"pre\u00e7o\" \/>\n\t<meta name=\"twitter:data1\" content=\"1.101,46&nbsp;&euro; (Sin IVA: 910,30&nbsp;&euro;)\" \/>\n\t<meta name=\"twitter:label2\" content=\"Disponibilidade\" \/>\n\t<meta name=\"twitter:data2\" content=\"Por encomenda\" \/>\n<script type=\"application\/ld+json\" class=\"yoast-schema-graph\">{\"@context\":\"https:\\\/\\\/schema.org\",\"@graph\":[{\"@type\":\"WebPage\",\"@id\":\"https:\\\/\\\/recambiosecogas.com\\\/pt-pt\\\/producto\\\/gok-leak-check-lpg-basic-para-caravanas-y-embarcaciones\\\/\",\"url\":\"https:\\\/\\\/recambiosecogas.com\\\/pt-pt\\\/producto\\\/gok-leak-check-lpg-basic-para-caravanas-y-embarcaciones\\\/\",\"name\":\"GOK Dispositivo de Comprobaci\u00f3n de Fugas GLP | Recambios Ecogas\",\"isPartOf\":{\"@id\":\"https:\\\/\\\/recambiosecogas.com\\\/pt-pt\\\/#website\"},\"primaryImageOfPage\":{\"@id\":\"https:\\\/\\\/recambiosecogas.com\\\/pt-pt\\\/producto\\\/gok-leak-check-lpg-basic-para-caravanas-y-embarcaciones\\\/#primaryimage\"},\"image\":{\"@id\":\"https:\\\/\\\/recambiosecogas.com\\\/pt-pt\\\/producto\\\/gok-leak-check-lpg-basic-para-caravanas-y-embarcaciones\\\/#primaryimage\"},\"thumbnailUrl\":\"https:\\\/\\\/recambiosecogas.com\\\/wp-content\\\/uploads\\\/2025\\\/02\\\/GOK-Leak-Check-LPG-Basic-para-caravanas-y-embarcaciones-png.webp\",\"datePublished\":\"2025-02-24T11:03:24+00:00\",\"dateModified\":\"2026-03-23T09:33:33+00:00\",\"description\":\"Dispositivo GOK para comprobaci\u00f3n de fugas GLP, ideal para sistemas de Autogas en caravanas y embarcaciones, garantiza seguridad y eficacia.\",\"breadcrumb\":{\"@id\":\"https:\\\/\\\/recambiosecogas.com\\\/pt-pt\\\/producto\\\/gok-leak-check-lpg-basic-para-caravanas-y-embarcaciones\\\/#breadcrumb\"},\"inLanguage\":\"pt-PT\",\"potentialAction\":[{\"@type\":\"ReadAction\",\"target\":[\"https:\\\/\\\/recambiosecogas.com\\\/pt-pt\\\/producto\\\/gok-leak-check-lpg-basic-para-caravanas-y-embarcaciones\\\/\"]}]},{\"@type\":\"ImageObject\",\"inLanguage\":\"pt-PT\",\"@id\":\"https:\\\/\\\/recambiosecogas.com\\\/pt-pt\\\/producto\\\/gok-leak-check-lpg-basic-para-caravanas-y-embarcaciones\\\/#primaryimage\",\"url\":\"https:\\\/\\\/recambiosecogas.com\\\/wp-content\\\/uploads\\\/2025\\\/02\\\/GOK-Leak-Check-LPG-Basic-para-caravanas-y-embarcaciones-png.webp\",\"contentUrl\":\"https:\\\/\\\/recambiosecogas.com\\\/wp-content\\\/uploads\\\/2025\\\/02\\\/GOK-Leak-Check-LPG-Basic-para-caravanas-y-embarcaciones-png.webp\",\"width\":1000,\"height\":1000},{\"@type\":\"BreadcrumbList\",\"@id\":\"https:\\\/\\\/recambiosecogas.com\\\/pt-pt\\\/producto\\\/gok-leak-check-lpg-basic-para-caravanas-y-embarcaciones\\\/#breadcrumb\",\"itemListElement\":[{\"@type\":\"ListItem\",\"position\":1,\"name\":\"P\u00e1gina inicial\",\"item\":\"https:\\\/\\\/recambiosecogas.com\\\/pt-pt\\\/\"},{\"@type\":\"ListItem\",\"position\":2,\"name\":\"Loja\",\"item\":\"https:\\\/\\\/recambiosecogas.com\\\/pt-pt\\\/tienda\\\/\"},{\"@type\":\"ListItem\",\"position\":3,\"name\":\"GOK Leak Check LPG Basic para caravanas y embarcaciones\"}]},{\"@type\":\"WebSite\",\"@id\":\"https:\\\/\\\/recambiosecogas.com\\\/pt-pt\\\/#website\",\"url\":\"https:\\\/\\\/recambiosecogas.com\\\/pt-pt\\\/\",\"name\":\"Recambios EcoGas\",\"description\":\"Pe\u00e7as multimarca para sistemas de GPL\\\/GNC\\\/GNL\\\/Hidrog\u00e9nio\",\"publisher\":{\"@id\":\"https:\\\/\\\/recambiosecogas.com\\\/pt-pt\\\/#organization\"},\"alternateName\":\"Recambios Autogas GLP\",\"potentialAction\":[{\"@type\":\"SearchAction\",\"target\":{\"@type\":\"EntryPoint\",\"urlTemplate\":\"https:\\\/\\\/recambiosecogas.com\\\/pt-pt\\\/?s={search_term_string}\"},\"query-input\":{\"@type\":\"PropertyValueSpecification\",\"valueRequired\":true,\"valueName\":\"search_term_string\"}}],\"inLanguage\":\"pt-PT\"},{\"@type\":[\"Organization\",\"Place\"],\"@id\":\"https:\\\/\\\/recambiosecogas.com\\\/pt-pt\\\/#organization\",\"name\":\"Recambios EcoGas\",\"alternateName\":\"Loja de GPL Autog\u00e1s Espanha\",\"url\":\"https:\\\/\\\/recambiosecogas.com\\\/pt-pt\\\/\",\"logo\":{\"@id\":\"https:\\\/\\\/recambiosecogas.com\\\/pt-pt\\\/producto\\\/gok-leak-check-lpg-basic-para-caravanas-y-embarcaciones\\\/#local-main-organization-logo\"},\"image\":{\"@id\":\"https:\\\/\\\/recambiosecogas.com\\\/pt-pt\\\/producto\\\/gok-leak-check-lpg-basic-para-caravanas-y-embarcaciones\\\/#local-main-organization-logo\"},\"sameAs\":[\"https:\\\/\\\/www.facebook.com\\\/profile.php?id=100062419705358\",\"https:\\\/\\\/www.instagram.com\\\/segimon_automocio\"],\"description\":\"Recambios EcoGas \u2013 Venta y distribuci\u00f3n de sistemas GLP y GNC en Espa\u00f1a y Portugal. Env\u00edos 24 h, soporte t\u00e9cnico a talleres y distribuidores.\",\"hasMerchantReturnPolicy\":{\"@type\":\"MerchantReturnPolicy\",\"merchantReturnLink\":\"https:\\\/\\\/recambiosecogas.com\\\/politicas-privacidad\\\/\"},\"address\":{\"@id\":\"https:\\\/\\\/recambiosecogas.com\\\/pt-pt\\\/producto\\\/gok-leak-check-lpg-basic-para-caravanas-y-embarcaciones\\\/#local-main-place-address\"},\"telephone\":[\"616250633\"],\"contactPoint\":{\"@type\":\"ContactPoint\",\"email\":\"export@recambiosecogas.com\"},\"openingHoursSpecification\":[{\"@type\":\"OpeningHoursSpecification\",\"dayOfWeek\":[\"Monday\",\"Tuesday\",\"Wednesday\",\"Thursday\",\"Friday\",\"Saturday\",\"Sunday\"],\"opens\":\"09:00\",\"closes\":\"17:00\"}],\"email\":\"info@recambiosecogas.com\",\"faxNumber\":\"SEGIMON AUTOMOCION SL\",\"vatID\":\"ESB19819861\",\"globalLocationNumber\":\"938 616 339\"},{\"@type\":\"PostalAddress\",\"@id\":\"https:\\\/\\\/recambiosecogas.com\\\/pt-pt\\\/producto\\\/gok-leak-check-lpg-basic-para-caravanas-y-embarcaciones\\\/#local-main-place-address\",\"streetAddress\":\"cami antic de vic, 29 (Nave 3), Pol\u00edgono Industrial Congost\",\"addressLocality\":\"CORRO D`AVALL\",\"postalCode\":\"08520\",\"addressRegion\":\"Barcelona\",\"addressCountry\":\"ES\"},{\"@type\":\"ImageObject\",\"inLanguage\":\"pt-PT\",\"@id\":\"https:\\\/\\\/recambiosecogas.com\\\/pt-pt\\\/producto\\\/gok-leak-check-lpg-basic-para-caravanas-y-embarcaciones\\\/#local-main-organization-logo\",\"url\":\"https:\\\/\\\/recambiosecogas.com\\\/wp-content\\\/uploads\\\/2024\\\/11\\\/cropped-RECAMBIOS-GLP-png.webp\",\"contentUrl\":\"https:\\\/\\\/recambiosecogas.com\\\/wp-content\\\/uploads\\\/2024\\\/11\\\/cropped-RECAMBIOS-GLP-png.webp\",\"width\":512,\"height\":512,\"caption\":\"Recambios EcoGas\"}]}<\/script>\n<meta property=\"product:price:amount\" content=\"1101.46\" \/>\n<meta property=\"product:price:currency\" content=\"EUR\" \/>\n<meta property=\"og:availability\" content=\"backorder\" \/>\n<meta property=\"product:availability\" content=\"available for order\" \/>\n<meta property=\"product:retailer_item_id\" content=\"124673A\" \/>\n<meta property=\"product:condition\" content=\"new\" \/>\n<meta name=\"geo.placename\" content=\"CORRO D`AVALL\" \/>\n<meta name=\"geo.region\" content=\"Espanha\" \/>\n<!-- \/ Yoast SEO Premium plugin. -->","yoast_head_json":{"title":"GOK Dispositivo de Comprobaci\u00f3n de Fugas GLP | Recambios Ecogas","description":"Dispositivo GOK para comprobaci\u00f3n de fugas GLP, ideal para sistemas de Autogas en caravanas y embarcaciones, garantiza seguridad y eficacia.","robots":{"index":"index","follow":"follow","max-snippet":"max-snippet:-1","max-image-preview":"max-image-preview:large","max-video-preview":"max-video-preview:-1"},"canonical":"https:\/\/recambiosecogas.com\/pt-pt\/producto\/gok-leak-check-lpg-basic-para-caravanas-y-embarcaciones\/","og_locale":"pt_PT","og_type":"article","og_title":"GOK Leak Check LPG Basic para caravanas y embarcaciones","og_description":"Dispositivo GOK para comprobaci\u00f3n de fugas GLP, ideal para sistemas de Autogas en caravanas y embarcaciones, garantiza seguridad y eficacia.","og_url":"https:\/\/recambiosecogas.com\/pt-pt\/producto\/gok-leak-check-lpg-basic-para-caravanas-y-embarcaciones\/","og_site_name":"Recambios EcoGas","article_publisher":"https:\/\/www.facebook.com\/profile.php?id=100062419705358","article_modified_time":"2026-03-23T09:33:33+00:00","og_image":[{"width":1000,"height":1000,"url":"https:\/\/recambiosecogas.com\/wp-content\/uploads\/2025\/02\/GOK-Leak-Check-LPG-Basic-para-caravanas-y-embarcaciones-png.webp","type":"image\/png"}],"twitter_card":"summary_large_image","twitter_misc":{"pre\u00e7o":"1.101,46&nbsp;&euro; (Sin IVA: 910,30&nbsp;&euro;)","Disponibilidade":"Por encomenda"},"schema":{"@context":"https:\/\/schema.org","@graph":[{"@type":"WebPage","@id":"https:\/\/recambiosecogas.com\/pt-pt\/producto\/gok-leak-check-lpg-basic-para-caravanas-y-embarcaciones\/","url":"https:\/\/recambiosecogas.com\/pt-pt\/producto\/gok-leak-check-lpg-basic-para-caravanas-y-embarcaciones\/","name":"GOK Dispositivo de Comprobaci\u00f3n de Fugas GLP | Recambios Ecogas","isPartOf":{"@id":"https:\/\/recambiosecogas.com\/pt-pt\/#website"},"primaryImageOfPage":{"@id":"https:\/\/recambiosecogas.com\/pt-pt\/producto\/gok-leak-check-lpg-basic-para-caravanas-y-embarcaciones\/#primaryimage"},"image":{"@id":"https:\/\/recambiosecogas.com\/pt-pt\/producto\/gok-leak-check-lpg-basic-para-caravanas-y-embarcaciones\/#primaryimage"},"thumbnailUrl":"https:\/\/recambiosecogas.com\/wp-content\/uploads\/2025\/02\/GOK-Leak-Check-LPG-Basic-para-caravanas-y-embarcaciones-png.webp","datePublished":"2025-02-24T11:03:24+00:00","dateModified":"2026-03-23T09:33:33+00:00","description":"Dispositivo GOK para comprobaci\u00f3n de fugas GLP, ideal para sistemas de Autogas en caravanas y embarcaciones, garantiza seguridad y eficacia.","breadcrumb":{"@id":"https:\/\/recambiosecogas.com\/pt-pt\/producto\/gok-leak-check-lpg-basic-para-caravanas-y-embarcaciones\/#breadcrumb"},"inLanguage":"pt-PT","potentialAction":[{"@type":"ReadAction","target":["https:\/\/recambiosecogas.com\/pt-pt\/producto\/gok-leak-check-lpg-basic-para-caravanas-y-embarcaciones\/"]}]},{"@type":"ImageObject","inLanguage":"pt-PT","@id":"https:\/\/recambiosecogas.com\/pt-pt\/producto\/gok-leak-check-lpg-basic-para-caravanas-y-embarcaciones\/#primaryimage","url":"https:\/\/recambiosecogas.com\/wp-content\/uploads\/2025\/02\/GOK-Leak-Check-LPG-Basic-para-caravanas-y-embarcaciones-png.webp","contentUrl":"https:\/\/recambiosecogas.com\/wp-content\/uploads\/2025\/02\/GOK-Leak-Check-LPG-Basic-para-caravanas-y-embarcaciones-png.webp","width":1000,"height":1000},{"@type":"BreadcrumbList","@id":"https:\/\/recambiosecogas.com\/pt-pt\/producto\/gok-leak-check-lpg-basic-para-caravanas-y-embarcaciones\/#breadcrumb","itemListElement":[{"@type":"ListItem","position":1,"name":"P\u00e1gina inicial","item":"https:\/\/recambiosecogas.com\/pt-pt\/"},{"@type":"ListItem","position":2,"name":"Loja","item":"https:\/\/recambiosecogas.com\/pt-pt\/tienda\/"},{"@type":"ListItem","position":3,"name":"GOK Leak Check LPG Basic para caravanas y embarcaciones"}]},{"@type":"WebSite","@id":"https:\/\/recambiosecogas.com\/pt-pt\/#website","url":"https:\/\/recambiosecogas.com\/pt-pt\/","name":"Recambios EcoGas","description":"Pe\u00e7as multimarca para sistemas de GPL\/GNC\/GNL\/Hidrog\u00e9nio","publisher":{"@id":"https:\/\/recambiosecogas.com\/pt-pt\/#organization"},"alternateName":"Recambios Autogas GLP","potentialAction":[{"@type":"SearchAction","target":{"@type":"EntryPoint","urlTemplate":"https:\/\/recambiosecogas.com\/pt-pt\/?s={search_term_string}"},"query-input":{"@type":"PropertyValueSpecification","valueRequired":true,"valueName":"search_term_string"}}],"inLanguage":"pt-PT"},{"@type":["Organization","Place"],"@id":"https:\/\/recambiosecogas.com\/pt-pt\/#organization","name":"Recambios EcoGas","alternateName":"Loja de GPL Autog\u00e1s Espanha","url":"https:\/\/recambiosecogas.com\/pt-pt\/","logo":{"@id":"https:\/\/recambiosecogas.com\/pt-pt\/producto\/gok-leak-check-lpg-basic-para-caravanas-y-embarcaciones\/#local-main-organization-logo"},"image":{"@id":"https:\/\/recambiosecogas.com\/pt-pt\/producto\/gok-leak-check-lpg-basic-para-caravanas-y-embarcaciones\/#local-main-organization-logo"},"sameAs":["https:\/\/www.facebook.com\/profile.php?id=100062419705358","https:\/\/www.instagram.com\/segimon_automocio"],"description":"Recambios EcoGas \u2013 Venta y distribuci\u00f3n de sistemas GLP y GNC en Espa\u00f1a y Portugal. Env\u00edos 24 h, soporte t\u00e9cnico a talleres y distribuidores.","hasMerchantReturnPolicy":{"@type":"MerchantReturnPolicy","merchantReturnLink":"https:\/\/recambiosecogas.com\/politicas-privacidad\/"},"address":{"@id":"https:\/\/recambiosecogas.com\/pt-pt\/producto\/gok-leak-check-lpg-basic-para-caravanas-y-embarcaciones\/#local-main-place-address"},"telephone":["616250633"],"contactPoint":{"@type":"ContactPoint","email":"export@recambiosecogas.com"},"openingHoursSpecification":[{"@type":"OpeningHoursSpecification","dayOfWeek":["Monday","Tuesday","Wednesday","Thursday","Friday","Saturday","Sunday"],"opens":"09:00","closes":"17:00"}],"email":"info@recambiosecogas.com","faxNumber":"SEGIMON AUTOMOCION SL","vatID":"ESB19819861","globalLocationNumber":"938 616 339"},{"@type":"PostalAddress","@id":"https:\/\/recambiosecogas.com\/pt-pt\/producto\/gok-leak-check-lpg-basic-para-caravanas-y-embarcaciones\/#local-main-place-address","streetAddress":"cami antic de vic, 29 (Nave 3), Pol\u00edgono Industrial Congost","addressLocality":"CORRO D`AVALL","postalCode":"08520","addressRegion":"Barcelona","addressCountry":"ES"},{"@type":"ImageObject","inLanguage":"pt-PT","@id":"https:\/\/recambiosecogas.com\/pt-pt\/producto\/gok-leak-check-lpg-basic-para-caravanas-y-embarcaciones\/#local-main-organization-logo","url":"https:\/\/recambiosecogas.com\/wp-content\/uploads\/2024\/11\/cropped-RECAMBIOS-GLP-png.webp","contentUrl":"https:\/\/recambiosecogas.com\/wp-content\/uploads\/2024\/11\/cropped-RECAMBIOS-GLP-png.webp","width":512,"height":512,"caption":"Recambios EcoGas"}]},"product_price_amount":"1101.46","product_price_currency":"EUR","og_availability":"backorder","product_availability":"available for order","product_retailer_item_id":"124673A","product_condition":"new","geo.placename":"CORRO D`AVALL","geo.region":"Espanha"},"uagb_featured_image_src":{"full":["https:\/\/recambiosecogas.com\/wp-content\/uploads\/2025\/02\/GOK-Leak-Check-LPG-Basic-para-caravanas-y-embarcaciones-png.webp",1000,1000,false],"thumbnail":["https:\/\/recambiosecogas.com\/wp-content\/uploads\/2025\/02\/GOK-Leak-Check-LPG-Basic-para-caravanas-y-embarcaciones-150x150.webp",150,150,true],"medium":["https:\/\/recambiosecogas.com\/wp-content\/uploads\/2025\/02\/GOK-Leak-Check-LPG-Basic-para-caravanas-y-embarcaciones-300x300.webp",300,300,true],"medium_large":["https:\/\/recambiosecogas.com\/wp-content\/uploads\/2025\/02\/GOK-Leak-Check-LPG-Basic-para-caravanas-y-embarcaciones-768x768.webp",768,768,true],"large":["https:\/\/recambiosecogas.com\/wp-content\/uploads\/2025\/02\/GOK-Leak-Check-LPG-Basic-para-caravanas-y-embarcaciones-png.webp",1000,1000,false],"1536x1536":["https:\/\/recambiosecogas.com\/wp-content\/uploads\/2025\/02\/GOK-Leak-Check-LPG-Basic-para-caravanas-y-embarcaciones-png.webp",1000,1000,false],"2048x2048":["https:\/\/recambiosecogas.com\/wp-content\/uploads\/2025\/02\/GOK-Leak-Check-LPG-Basic-para-caravanas-y-embarcaciones-png.webp",1000,1000,false],"woocommerce_archive_thumbnail":["https:\/\/recambiosecogas.com\/wp-content\/uploads\/2025\/02\/GOK-Leak-Check-LPG-Basic-para-caravanas-y-embarcaciones-png.webp",1000,1000,false],"woocommerce_thumbnail":["https:\/\/recambiosecogas.com\/wp-content\/uploads\/2025\/02\/GOK-Leak-Check-LPG-Basic-para-caravanas-y-embarcaciones-300x300.webp",300,300,true],"woocommerce_single":["https:\/\/recambiosecogas.com\/wp-content\/uploads\/2025\/02\/GOK-Leak-Check-LPG-Basic-para-caravanas-y-embarcaciones-png.webp",1000,1000,false],"woocommerce_gallery_thumbnail":["https:\/\/recambiosecogas.com\/wp-content\/uploads\/2025\/02\/GOK-Leak-Check-LPG-Basic-para-caravanas-y-embarcaciones-png.webp",1000,1000,false],"dgwt-wcas-product-suggestion":["https:\/\/recambiosecogas.com\/wp-content\/uploads\/2025\/02\/GOK-Leak-Check-LPG-Basic-para-caravanas-y-embarcaciones-64x64.webp",64,64,true]},"uagb_author_info":{"display_name":"Fran - Soporte T\u00e9cnico","author_link":"https:\/\/recambiosecogas.com\/pt-pt\/author\/"},"uagb_comment_info":0,"uagb_excerpt":"Dispositivo GOK para comprobaci\u00f3n de fugas GLP, ideal para sistemas de Autogas en caravanas y embarcaciones, garantiza seguridad y eficacia.","_links":{"self":[{"href":"https:\/\/recambiosecogas.com\/pt-pt\/wp-json\/wp\/v2\/product\/41013","targetHints":{"allow":["GET"]}}],"collection":[{"href":"https:\/\/recambiosecogas.com\/pt-pt\/wp-json\/wp\/v2\/product"}],"about":[{"href":"https:\/\/recambiosecogas.com\/pt-pt\/wp-json\/wp\/v2\/types\/product"}],"replies":[{"embeddable":true,"href":"https:\/\/recambiosecogas.com\/pt-pt\/wp-json\/wp\/v2\/comments?post=41013"}],"wp:featuredmedia":[{"embeddable":true,"href":"https:\/\/recambiosecogas.com\/pt-pt\/wp-json\/wp\/v2\/media\/32886"}],"wp:attachment":[{"href":"https:\/\/recambiosecogas.com\/pt-pt\/wp-json\/wp\/v2\/media?parent=41013"}],"wp:term":[{"taxonomy":"product_brand","embeddable":true,"href":"https:\/\/recambiosecogas.com\/pt-pt\/wp-json\/wp\/v2\/product_brand?post=41013"},{"taxonomy":"product_cat","embeddable":true,"href":"https:\/\/recambiosecogas.com\/pt-pt\/wp-json\/wp\/v2\/product_cat?post=41013"},{"taxonomy":"product_tag","embeddable":true,"href":"https:\/\/recambiosecogas.com\/pt-pt\/wp-json\/wp\/v2\/product_tag?post=41013"}],"curies":[{"name":"wp","href":"https:\/\/api.w.org\/{rel}","templated":true}]}}