{"id":40945,"date":"2025-03-12T10:33:50","date_gmt":"2025-03-12T10:33:50","guid":{"rendered":"https:\/\/recambiosecogas.com\/producto\/meccanocar-glp-tratamento-injetor-cleaner-150ml\/"},"modified":"2026-03-23T10:29:52","modified_gmt":"2026-03-23T09:29:52","slug":"tratamiento-limpiado-de-inyectores-meccanocar","status":"publish","type":"product","link":"https:\/\/recambiosecogas.com\/pt-pt\/producto\/tratamiento-limpiado-de-inyectores-meccanocar\/","title":{"rendered":"Tratamiento limpiador de inyectores GLP Meccanocar 150ml"},"content":{"rendered":"<h2 style=\"text-align: center;\" data-start=\"183\" data-end=\"243\">Tratamiento limpiador de inyectores GLP Meccanocar 150ml<\/h2>\n<p data-start=\"245\" data-end=\"639\"><strong data-start=\"248\" data-end=\"304\">Tratamiento limpiador de inyectores Meccanocar 150ml<\/strong> es un aditivo profesional desincrustante especialmente formulado para la limpieza profunda de todo el sistema de inyecci\u00f3n de gas GLP. Su f\u00f3rmula avanzada permite eliminar residuos y mantener en condiciones \u00f3ptimas el rendimiento del sistema, tanto en veh\u00edculos con sistemas de inyecci\u00f3n de gas tradicionales como en los m\u00e1s modernos.<\/p>\n<p data-start=\"641\" data-end=\"1008\">Este producto act\u00faa directamente en el interior del dep\u00f3sito, pasando por tuber\u00edas, electrov\u00e1lvulas, reductor de presi\u00f3n y los inyectores, disolviendo impurezas acumuladas y asegurando una correcta atomizaci\u00f3n del gas. La limpieza peri\u00f3dica con este tratamiento previene la p\u00e9rdida de potencia, el aumento del consumo y posibles fallos en el sistema de inyecci\u00f3n GLP.<\/p>\n<p data-start=\"1010\" data-end=\"1249\">Compatible con todos los sistemas de gas GLP existentes, incluidos los de <strong data-start=\"1084\" data-end=\"1105\">inyecci\u00f3n l\u00edquida<\/strong> o <strong data-start=\"1108\" data-end=\"1119\">gaseosa<\/strong>, este aditivo es ideal tanto para mantenimiento preventivo como correctivo en veh\u00edculos convertidos a GLP o equipados de f\u00e1brica.<\/p>\n<p data-start=\"1251\" data-end=\"1270\"><strong data-start=\"1251\" data-end=\"1269\">Modo de empleo<\/strong>:<\/p>\n<ol data-start=\"1271\" data-end=\"1566\">\n<li data-start=\"1271\" data-end=\"1323\">\n<p data-start=\"1274\" data-end=\"1323\">Esperar a que el dep\u00f3sito de GLP est\u00e9 casi vac\u00edo.<\/p>\n<\/li>\n<li data-start=\"1324\" data-end=\"1387\">\n<p data-start=\"1327\" data-end=\"1387\">Colocar el tap\u00f3n de goma incluido en el orificio de llenado.<\/p>\n<\/li>\n<li data-start=\"1388\" data-end=\"1484\">\n<p data-start=\"1391\" data-end=\"1484\">Manteniendo el bote boca abajo, presionar durante 35-40 segundos para introducir el producto.<\/p>\n<\/li>\n<li data-start=\"1485\" data-end=\"1566\">\n<p data-start=\"1488\" data-end=\"1566\">Llenar normalmente el dep\u00f3sito de GLP y reanudar el uso habitual del veh\u00edculo.<\/p>\n<\/li>\n<\/ol>\n<hr data-start=\"1568\" data-end=\"1571\" \/>\n<p data-start=\"1573\" data-end=\"1601\"><strong data-start=\"1573\" data-end=\"1601\">Caracter\u00edsticas t\u00e9cnicas<\/strong><\/p>\n<div class=\"_tableContainer_16hzy_1\">\n<div class=\"_tableWrapper_16hzy_14 group flex w-fit flex-col-reverse\" tabindex=\"-1\">\n<table class=\"w-fit min-w-(--thread-content-width)\" data-start=\"1603\" data-end=\"2342\">\n<thead data-start=\"1603\" data-end=\"1684\">\n<tr data-start=\"1603\" data-end=\"1684\">\n<th data-start=\"1603\" data-end=\"1628\" data-col-size=\"sm\">Caracter\u00edstica<\/th>\n<th data-start=\"1628\" data-end=\"1684\" data-col-size=\"md\">Detalle<\/th>\n<\/tr>\n<\/thead>\n<tbody data-start=\"1767\" data-end=\"2342\">\n<tr data-start=\"1767\" data-end=\"1847\">\n<td data-start=\"1767\" data-end=\"1792\" data-col-size=\"sm\">Tipo<\/td>\n<td data-start=\"1792\" data-end=\"1847\" data-col-size=\"md\">Aditivo limpiador desincrustante para GLP<\/td>\n<\/tr>\n<tr data-start=\"1848\" data-end=\"1929\">\n<td data-start=\"1848\" data-end=\"1873\" data-col-size=\"sm\">Contenido<\/td>\n<td data-start=\"1873\" data-end=\"1929\" data-col-size=\"md\">150 ml<\/td>\n<\/tr>\n<tr data-start=\"1930\" data-end=\"2011\">\n<td data-start=\"1930\" data-end=\"1955\" data-col-size=\"sm\">Aplicaci\u00f3n<\/td>\n<td data-start=\"1955\" data-end=\"2011\" data-col-size=\"md\">Sistemas de inyecci\u00f3n GLP (l\u00edquida o gaseosa)<\/td>\n<\/tr>\n<tr data-start=\"2012\" data-end=\"2096\">\n<td data-start=\"2012\" data-end=\"2037\" data-col-size=\"sm\">Componentes tratados<\/td>\n<td data-start=\"2037\" data-end=\"2096\" data-col-size=\"md\">Tanque, tuber\u00edas, electrov\u00e1lvulas, reductor, inyectores<\/td>\n<\/tr>\n<tr data-start=\"2097\" data-end=\"2178\">\n<td data-start=\"2097\" data-end=\"2122\" data-col-size=\"sm\">Uso recomendado<\/td>\n<td data-start=\"2122\" data-end=\"2178\" data-col-size=\"md\">Mantenimiento preventivo y correctivo<\/td>\n<\/tr>\n<tr data-start=\"2179\" data-end=\"2260\">\n<td data-start=\"2179\" data-end=\"2204\" data-col-size=\"sm\">Modo de uso<\/td>\n<td data-start=\"2204\" data-end=\"2260\" data-col-size=\"md\">Aplicaci\u00f3n directa en el tanque de GLP<\/td>\n<\/tr>\n<tr data-start=\"2261\" data-end=\"2342\">\n<td data-start=\"2261\" data-end=\"2286\" data-col-size=\"sm\">Frecuencia<\/td>\n<td data-start=\"2286\" data-end=\"2342\" data-col-size=\"md\">Uso puntual seg\u00fan necesidad o mantenimiento regular<\/td>\n<\/tr>\n<\/tbody>\n<\/table>\n<div><\/div>\n<div class=\"sticky end-(--thread-content-margin) h-0 self-end select-none\">\n<div class=\"absolute end-0 flex items-end\"><a href=\"https:\/\/recambiosecogas.com\/pt-pt\/categoria-produto\/aditivos-pt-pt\/\">Consigue m\u00e1s aditivos para tu pr\u00f3xima revisi\u00f3n.<\/a><\/div>\n<div><a href=\"https:\/\/recambiosecogas.es\/\">Solicita tu cuenta profesional.<\/a><\/div>\n<\/div>\n<\/div>\n<\/div>\n","protected":false},"excerpt":{"rendered":"<p>Tratamiento limpiador de inyectores GLP Meccanocar 150ml Tratamiento limpiador de inyectores Meccanocar 150ml es un aditivo profesional desincrustante especialmente formulado para la limpieza profunda de todo el sistema de inyecci\u00f3n de gas GLP. Su f\u00f3rmula avanzada permite eliminar residuos y mantener en condiciones \u00f3ptimas el rendimiento del sistema, tanto en veh\u00edculos con sistemas de inyecci\u00f3n [&hellip;]<\/p>\n","protected":false},"featured_media":33693,"comment_status":"open","ping_status":"closed","template":"","meta":{"_uag_custom_page_level_css":""},"product_brand":[],"product_cat":[1301,1323,1328],"product_tag":[],"class_list":{"0":"post-40945","1":"product","2":"type-product","3":"status-publish","4":"has-post-thumbnail","6":"product_cat-aditivos-pt-pt","7":"product_cat-liquido-de-protecao-das-valvulas","8":"product_cat-metallube-tratauto-pt-pt","10":"first","11":"instock","12":"taxable","13":"shipping-taxable","14":"purchasable","15":"product-type-simple"},"ct_brands":[],"yoast_head":"<!-- This site is optimized with the Yoast SEO Premium plugin v27.5 (Yoast SEO v27.5) - https:\/\/yoast.com\/product\/yoast-seo-premium-wordpress\/ -->\n<title>Tratamiento limpiador de inyectores GLP Meccanocar 150ml | Recambios EcoGas | Sistemas GLP y GNC<\/title>\n<meta name=\"description\" content=\"Tratamiento limpiador Meccanocar 150ml para sistemas GLP. Limpieza profunda de inyectores, reductores y v\u00e1lvulas. Compatible con inyecci\u00f3n l\u00edquida y gaseosa\" \/>\n<meta name=\"robots\" content=\"index, follow, max-snippet:-1, max-image-preview:large, max-video-preview:-1\" \/>\n<link rel=\"canonical\" href=\"https:\/\/recambiosecogas.com\/pt-pt\/producto\/tratamiento-limpiado-de-inyectores-meccanocar\/\" \/>\n<meta property=\"og:locale\" content=\"pt_PT\" \/>\n<meta property=\"og:type\" content=\"article\" \/>\n<meta property=\"og:title\" content=\"Tratamiento limpiador de inyectores GLP Meccanocar 150ml\" \/>\n<meta property=\"og:description\" content=\"Tratamiento limpiador Meccanocar 150ml para sistemas GLP. Limpieza profunda de inyectores, reductores y v\u00e1lvulas. Compatible con inyecci\u00f3n l\u00edquida y gaseosa\" \/>\n<meta property=\"og:url\" content=\"https:\/\/recambiosecogas.com\/pt-pt\/producto\/tratamiento-limpiado-de-inyectores-meccanocar\/\" \/>\n<meta property=\"og:site_name\" content=\"Recambios EcoGas\" \/>\n<meta property=\"article:publisher\" content=\"https:\/\/www.facebook.com\/profile.php?id=100062419705358\" \/>\n<meta property=\"article:modified_time\" content=\"2026-03-23T09:29:52+00:00\" \/>\n<meta property=\"og:image\" content=\"https:\/\/recambiosecogas.com\/wp-content\/uploads\/2025\/03\/TRATAMIENTO-LIMPIADO-DE-INYECTORES-MECCANOCAR-png.webp\" \/>\n\t<meta property=\"og:image:width\" content=\"1000\" \/>\n\t<meta property=\"og:image:height\" content=\"1000\" \/>\n\t<meta property=\"og:image:type\" content=\"image\/png\" \/>\n<meta name=\"twitter:card\" content=\"summary_large_image\" \/>\n<meta name=\"twitter:label1\" content=\"pre\u00e7o\" \/>\n\t<meta name=\"twitter:data1\" content=\"49,39&nbsp;&euro; (Sin IVA: 40,82&nbsp;&euro;)\" \/>\n\t<meta name=\"twitter:label2\" content=\"Disponibilidade\" \/>\n\t<meta name=\"twitter:data2\" content=\"Em stock\" \/>\n<script type=\"application\/ld+json\" class=\"yoast-schema-graph\">{\"@context\":\"https:\\\/\\\/schema.org\",\"@graph\":[{\"@type\":\"WebPage\",\"@id\":\"https:\\\/\\\/recambiosecogas.com\\\/pt-pt\\\/producto\\\/tratamiento-limpiado-de-inyectores-meccanocar\\\/\",\"url\":\"https:\\\/\\\/recambiosecogas.com\\\/pt-pt\\\/producto\\\/tratamiento-limpiado-de-inyectores-meccanocar\\\/\",\"name\":\"Tratamiento limpiador de inyectores GLP Meccanocar 150ml | Recambios EcoGas | Sistemas GLP y GNC\",\"isPartOf\":{\"@id\":\"https:\\\/\\\/recambiosecogas.com\\\/pt-pt\\\/#website\"},\"primaryImageOfPage\":{\"@id\":\"https:\\\/\\\/recambiosecogas.com\\\/pt-pt\\\/producto\\\/tratamiento-limpiado-de-inyectores-meccanocar\\\/#primaryimage\"},\"image\":{\"@id\":\"https:\\\/\\\/recambiosecogas.com\\\/pt-pt\\\/producto\\\/tratamiento-limpiado-de-inyectores-meccanocar\\\/#primaryimage\"},\"thumbnailUrl\":\"https:\\\/\\\/recambiosecogas.com\\\/wp-content\\\/uploads\\\/2025\\\/03\\\/TRATAMIENTO-LIMPIADO-DE-INYECTORES-MECCANOCAR-png.webp\",\"datePublished\":\"2025-03-12T10:33:50+00:00\",\"dateModified\":\"2026-03-23T09:29:52+00:00\",\"description\":\"Tratamiento limpiador Meccanocar 150ml para sistemas GLP. Limpieza profunda de inyectores, reductores y v\u00e1lvulas. Compatible con inyecci\u00f3n l\u00edquida y gaseosa\",\"breadcrumb\":{\"@id\":\"https:\\\/\\\/recambiosecogas.com\\\/pt-pt\\\/producto\\\/tratamiento-limpiado-de-inyectores-meccanocar\\\/#breadcrumb\"},\"inLanguage\":\"pt-PT\",\"potentialAction\":[{\"@type\":\"ReadAction\",\"target\":[\"https:\\\/\\\/recambiosecogas.com\\\/pt-pt\\\/producto\\\/tratamiento-limpiado-de-inyectores-meccanocar\\\/\"]}]},{\"@type\":\"ImageObject\",\"inLanguage\":\"pt-PT\",\"@id\":\"https:\\\/\\\/recambiosecogas.com\\\/pt-pt\\\/producto\\\/tratamiento-limpiado-de-inyectores-meccanocar\\\/#primaryimage\",\"url\":\"https:\\\/\\\/recambiosecogas.com\\\/wp-content\\\/uploads\\\/2025\\\/03\\\/TRATAMIENTO-LIMPIADO-DE-INYECTORES-MECCANOCAR-png.webp\",\"contentUrl\":\"https:\\\/\\\/recambiosecogas.com\\\/wp-content\\\/uploads\\\/2025\\\/03\\\/TRATAMIENTO-LIMPIADO-DE-INYECTORES-MECCANOCAR-png.webp\",\"width\":1000,\"height\":1000},{\"@type\":\"BreadcrumbList\",\"@id\":\"https:\\\/\\\/recambiosecogas.com\\\/pt-pt\\\/producto\\\/tratamiento-limpiado-de-inyectores-meccanocar\\\/#breadcrumb\",\"itemListElement\":[{\"@type\":\"ListItem\",\"position\":1,\"name\":\"P\u00e1gina inicial\",\"item\":\"https:\\\/\\\/recambiosecogas.com\\\/pt-pt\\\/\"},{\"@type\":\"ListItem\",\"position\":2,\"name\":\"Loja\",\"item\":\"https:\\\/\\\/recambiosecogas.com\\\/pt-pt\\\/tienda\\\/\"},{\"@type\":\"ListItem\",\"position\":3,\"name\":\"Tratamiento limpiador de inyectores GLP Meccanocar 150ml\"}]},{\"@type\":\"WebSite\",\"@id\":\"https:\\\/\\\/recambiosecogas.com\\\/pt-pt\\\/#website\",\"url\":\"https:\\\/\\\/recambiosecogas.com\\\/pt-pt\\\/\",\"name\":\"Recambios EcoGas\",\"description\":\"Pe\u00e7as multimarca para sistemas de GPL\\\/GNC\\\/GNL\\\/Hidrog\u00e9nio\",\"publisher\":{\"@id\":\"https:\\\/\\\/recambiosecogas.com\\\/pt-pt\\\/#organization\"},\"alternateName\":\"Recambios Autogas GLP\",\"potentialAction\":[{\"@type\":\"SearchAction\",\"target\":{\"@type\":\"EntryPoint\",\"urlTemplate\":\"https:\\\/\\\/recambiosecogas.com\\\/pt-pt\\\/?s={search_term_string}\"},\"query-input\":{\"@type\":\"PropertyValueSpecification\",\"valueRequired\":true,\"valueName\":\"search_term_string\"}}],\"inLanguage\":\"pt-PT\"},{\"@type\":[\"Organization\",\"Place\"],\"@id\":\"https:\\\/\\\/recambiosecogas.com\\\/pt-pt\\\/#organization\",\"name\":\"Recambios EcoGas\",\"alternateName\":\"Loja de GPL Autog\u00e1s Espanha\",\"url\":\"https:\\\/\\\/recambiosecogas.com\\\/pt-pt\\\/\",\"logo\":{\"@id\":\"https:\\\/\\\/recambiosecogas.com\\\/pt-pt\\\/producto\\\/tratamiento-limpiado-de-inyectores-meccanocar\\\/#local-main-organization-logo\"},\"image\":{\"@id\":\"https:\\\/\\\/recambiosecogas.com\\\/pt-pt\\\/producto\\\/tratamiento-limpiado-de-inyectores-meccanocar\\\/#local-main-organization-logo\"},\"sameAs\":[\"https:\\\/\\\/www.facebook.com\\\/profile.php?id=100062419705358\",\"https:\\\/\\\/www.instagram.com\\\/segimon_automocio\"],\"description\":\"Recambios EcoGas \u2013 Venta y distribuci\u00f3n de sistemas GLP y GNC en Espa\u00f1a y Portugal. Env\u00edos 24 h, soporte t\u00e9cnico a talleres y distribuidores.\",\"hasMerchantReturnPolicy\":{\"@type\":\"MerchantReturnPolicy\",\"merchantReturnLink\":\"https:\\\/\\\/recambiosecogas.com\\\/politicas-privacidad\\\/\"},\"address\":{\"@id\":\"https:\\\/\\\/recambiosecogas.com\\\/pt-pt\\\/producto\\\/tratamiento-limpiado-de-inyectores-meccanocar\\\/#local-main-place-address\"},\"telephone\":[\"616250633\"],\"contactPoint\":{\"@type\":\"ContactPoint\",\"email\":\"export@recambiosecogas.com\"},\"openingHoursSpecification\":[{\"@type\":\"OpeningHoursSpecification\",\"dayOfWeek\":[\"Monday\",\"Tuesday\",\"Wednesday\",\"Thursday\",\"Friday\",\"Saturday\",\"Sunday\"],\"opens\":\"09:00\",\"closes\":\"17:00\"}],\"email\":\"info@recambiosecogas.com\",\"faxNumber\":\"SEGIMON AUTOMOCION SL\",\"vatID\":\"ESB19819861\",\"globalLocationNumber\":\"938 616 339\"},{\"@type\":\"PostalAddress\",\"@id\":\"https:\\\/\\\/recambiosecogas.com\\\/pt-pt\\\/producto\\\/tratamiento-limpiado-de-inyectores-meccanocar\\\/#local-main-place-address\",\"streetAddress\":\"cami antic de vic, 29 (Nave 3), Pol\u00edgono Industrial Congost\",\"addressLocality\":\"CORRO D`AVALL\",\"postalCode\":\"08520\",\"addressRegion\":\"Barcelona\",\"addressCountry\":\"ES\"},{\"@type\":\"ImageObject\",\"inLanguage\":\"pt-PT\",\"@id\":\"https:\\\/\\\/recambiosecogas.com\\\/pt-pt\\\/producto\\\/tratamiento-limpiado-de-inyectores-meccanocar\\\/#local-main-organization-logo\",\"url\":\"https:\\\/\\\/recambiosecogas.com\\\/wp-content\\\/uploads\\\/2024\\\/11\\\/cropped-RECAMBIOS-GLP-png.webp\",\"contentUrl\":\"https:\\\/\\\/recambiosecogas.com\\\/wp-content\\\/uploads\\\/2024\\\/11\\\/cropped-RECAMBIOS-GLP-png.webp\",\"width\":512,\"height\":512,\"caption\":\"Recambios EcoGas\"}]}<\/script>\n<meta property=\"product:price:amount\" content=\"49.39\" \/>\n<meta property=\"product:price:currency\" content=\"EUR\" \/>\n<meta property=\"og:availability\" content=\"instock\" \/>\n<meta property=\"product:availability\" content=\"instock\" \/>\n<meta property=\"product:retailer_item_id\" content=\"4110019820\" \/>\n<meta property=\"product:condition\" content=\"new\" \/>\n<meta name=\"geo.placename\" content=\"CORRO D`AVALL\" \/>\n<meta name=\"geo.region\" content=\"Espanha\" \/>\n<!-- \/ Yoast SEO Premium plugin. -->","yoast_head_json":{"title":"Tratamiento limpiador de inyectores GLP Meccanocar 150ml | Recambios EcoGas | Sistemas GLP y GNC","description":"Tratamiento limpiador Meccanocar 150ml para sistemas GLP. Limpieza profunda de inyectores, reductores y v\u00e1lvulas. Compatible con inyecci\u00f3n l\u00edquida y gaseosa","robots":{"index":"index","follow":"follow","max-snippet":"max-snippet:-1","max-image-preview":"max-image-preview:large","max-video-preview":"max-video-preview:-1"},"canonical":"https:\/\/recambiosecogas.com\/pt-pt\/producto\/tratamiento-limpiado-de-inyectores-meccanocar\/","og_locale":"pt_PT","og_type":"article","og_title":"Tratamiento limpiador de inyectores GLP Meccanocar 150ml","og_description":"Tratamiento limpiador Meccanocar 150ml para sistemas GLP. Limpieza profunda de inyectores, reductores y v\u00e1lvulas. Compatible con inyecci\u00f3n l\u00edquida y gaseosa","og_url":"https:\/\/recambiosecogas.com\/pt-pt\/producto\/tratamiento-limpiado-de-inyectores-meccanocar\/","og_site_name":"Recambios EcoGas","article_publisher":"https:\/\/www.facebook.com\/profile.php?id=100062419705358","article_modified_time":"2026-03-23T09:29:52+00:00","og_image":[{"width":1000,"height":1000,"url":"https:\/\/recambiosecogas.com\/wp-content\/uploads\/2025\/03\/TRATAMIENTO-LIMPIADO-DE-INYECTORES-MECCANOCAR-png.webp","type":"image\/png"}],"twitter_card":"summary_large_image","twitter_misc":{"pre\u00e7o":"49,39&nbsp;&euro; (Sin IVA: 40,82&nbsp;&euro;)","Disponibilidade":"Em stock"},"schema":{"@context":"https:\/\/schema.org","@graph":[{"@type":"WebPage","@id":"https:\/\/recambiosecogas.com\/pt-pt\/producto\/tratamiento-limpiado-de-inyectores-meccanocar\/","url":"https:\/\/recambiosecogas.com\/pt-pt\/producto\/tratamiento-limpiado-de-inyectores-meccanocar\/","name":"Tratamiento limpiador de inyectores GLP Meccanocar 150ml | Recambios EcoGas | Sistemas GLP y GNC","isPartOf":{"@id":"https:\/\/recambiosecogas.com\/pt-pt\/#website"},"primaryImageOfPage":{"@id":"https:\/\/recambiosecogas.com\/pt-pt\/producto\/tratamiento-limpiado-de-inyectores-meccanocar\/#primaryimage"},"image":{"@id":"https:\/\/recambiosecogas.com\/pt-pt\/producto\/tratamiento-limpiado-de-inyectores-meccanocar\/#primaryimage"},"thumbnailUrl":"https:\/\/recambiosecogas.com\/wp-content\/uploads\/2025\/03\/TRATAMIENTO-LIMPIADO-DE-INYECTORES-MECCANOCAR-png.webp","datePublished":"2025-03-12T10:33:50+00:00","dateModified":"2026-03-23T09:29:52+00:00","description":"Tratamiento limpiador Meccanocar 150ml para sistemas GLP. Limpieza profunda de inyectores, reductores y v\u00e1lvulas. Compatible con inyecci\u00f3n l\u00edquida y gaseosa","breadcrumb":{"@id":"https:\/\/recambiosecogas.com\/pt-pt\/producto\/tratamiento-limpiado-de-inyectores-meccanocar\/#breadcrumb"},"inLanguage":"pt-PT","potentialAction":[{"@type":"ReadAction","target":["https:\/\/recambiosecogas.com\/pt-pt\/producto\/tratamiento-limpiado-de-inyectores-meccanocar\/"]}]},{"@type":"ImageObject","inLanguage":"pt-PT","@id":"https:\/\/recambiosecogas.com\/pt-pt\/producto\/tratamiento-limpiado-de-inyectores-meccanocar\/#primaryimage","url":"https:\/\/recambiosecogas.com\/wp-content\/uploads\/2025\/03\/TRATAMIENTO-LIMPIADO-DE-INYECTORES-MECCANOCAR-png.webp","contentUrl":"https:\/\/recambiosecogas.com\/wp-content\/uploads\/2025\/03\/TRATAMIENTO-LIMPIADO-DE-INYECTORES-MECCANOCAR-png.webp","width":1000,"height":1000},{"@type":"BreadcrumbList","@id":"https:\/\/recambiosecogas.com\/pt-pt\/producto\/tratamiento-limpiado-de-inyectores-meccanocar\/#breadcrumb","itemListElement":[{"@type":"ListItem","position":1,"name":"P\u00e1gina inicial","item":"https:\/\/recambiosecogas.com\/pt-pt\/"},{"@type":"ListItem","position":2,"name":"Loja","item":"https:\/\/recambiosecogas.com\/pt-pt\/tienda\/"},{"@type":"ListItem","position":3,"name":"Tratamiento limpiador de inyectores GLP Meccanocar 150ml"}]},{"@type":"WebSite","@id":"https:\/\/recambiosecogas.com\/pt-pt\/#website","url":"https:\/\/recambiosecogas.com\/pt-pt\/","name":"Recambios EcoGas","description":"Pe\u00e7as multimarca para sistemas de GPL\/GNC\/GNL\/Hidrog\u00e9nio","publisher":{"@id":"https:\/\/recambiosecogas.com\/pt-pt\/#organization"},"alternateName":"Recambios Autogas GLP","potentialAction":[{"@type":"SearchAction","target":{"@type":"EntryPoint","urlTemplate":"https:\/\/recambiosecogas.com\/pt-pt\/?s={search_term_string}"},"query-input":{"@type":"PropertyValueSpecification","valueRequired":true,"valueName":"search_term_string"}}],"inLanguage":"pt-PT"},{"@type":["Organization","Place"],"@id":"https:\/\/recambiosecogas.com\/pt-pt\/#organization","name":"Recambios EcoGas","alternateName":"Loja de GPL Autog\u00e1s Espanha","url":"https:\/\/recambiosecogas.com\/pt-pt\/","logo":{"@id":"https:\/\/recambiosecogas.com\/pt-pt\/producto\/tratamiento-limpiado-de-inyectores-meccanocar\/#local-main-organization-logo"},"image":{"@id":"https:\/\/recambiosecogas.com\/pt-pt\/producto\/tratamiento-limpiado-de-inyectores-meccanocar\/#local-main-organization-logo"},"sameAs":["https:\/\/www.facebook.com\/profile.php?id=100062419705358","https:\/\/www.instagram.com\/segimon_automocio"],"description":"Recambios EcoGas \u2013 Venta y distribuci\u00f3n de sistemas GLP y GNC en Espa\u00f1a y Portugal. Env\u00edos 24 h, soporte t\u00e9cnico a talleres y distribuidores.","hasMerchantReturnPolicy":{"@type":"MerchantReturnPolicy","merchantReturnLink":"https:\/\/recambiosecogas.com\/politicas-privacidad\/"},"address":{"@id":"https:\/\/recambiosecogas.com\/pt-pt\/producto\/tratamiento-limpiado-de-inyectores-meccanocar\/#local-main-place-address"},"telephone":["616250633"],"contactPoint":{"@type":"ContactPoint","email":"export@recambiosecogas.com"},"openingHoursSpecification":[{"@type":"OpeningHoursSpecification","dayOfWeek":["Monday","Tuesday","Wednesday","Thursday","Friday","Saturday","Sunday"],"opens":"09:00","closes":"17:00"}],"email":"info@recambiosecogas.com","faxNumber":"SEGIMON AUTOMOCION SL","vatID":"ESB19819861","globalLocationNumber":"938 616 339"},{"@type":"PostalAddress","@id":"https:\/\/recambiosecogas.com\/pt-pt\/producto\/tratamiento-limpiado-de-inyectores-meccanocar\/#local-main-place-address","streetAddress":"cami antic de vic, 29 (Nave 3), Pol\u00edgono Industrial Congost","addressLocality":"CORRO D`AVALL","postalCode":"08520","addressRegion":"Barcelona","addressCountry":"ES"},{"@type":"ImageObject","inLanguage":"pt-PT","@id":"https:\/\/recambiosecogas.com\/pt-pt\/producto\/tratamiento-limpiado-de-inyectores-meccanocar\/#local-main-organization-logo","url":"https:\/\/recambiosecogas.com\/wp-content\/uploads\/2024\/11\/cropped-RECAMBIOS-GLP-png.webp","contentUrl":"https:\/\/recambiosecogas.com\/wp-content\/uploads\/2024\/11\/cropped-RECAMBIOS-GLP-png.webp","width":512,"height":512,"caption":"Recambios EcoGas"}]},"product_price_amount":"49.39","product_price_currency":"EUR","og_availability":"instock","product_availability":"instock","product_retailer_item_id":"4110019820","product_condition":"new","geo.placename":"CORRO D`AVALL","geo.region":"Espanha"},"uagb_featured_image_src":{"full":["https:\/\/recambiosecogas.com\/wp-content\/uploads\/2025\/03\/TRATAMIENTO-LIMPIADO-DE-INYECTORES-MECCANOCAR-png.webp",1000,1000,false],"thumbnail":["https:\/\/recambiosecogas.com\/wp-content\/uploads\/2025\/03\/TRATAMIENTO-LIMPIADO-DE-INYECTORES-MECCANOCAR-150x150.webp",150,150,true],"medium":["https:\/\/recambiosecogas.com\/wp-content\/uploads\/2025\/03\/TRATAMIENTO-LIMPIADO-DE-INYECTORES-MECCANOCAR-300x300.webp",300,300,true],"medium_large":["https:\/\/recambiosecogas.com\/wp-content\/uploads\/2025\/03\/TRATAMIENTO-LIMPIADO-DE-INYECTORES-MECCANOCAR-768x768.webp",768,768,true],"large":["https:\/\/recambiosecogas.com\/wp-content\/uploads\/2025\/03\/TRATAMIENTO-LIMPIADO-DE-INYECTORES-MECCANOCAR-png.webp",1000,1000,false],"1536x1536":["https:\/\/recambiosecogas.com\/wp-content\/uploads\/2025\/03\/TRATAMIENTO-LIMPIADO-DE-INYECTORES-MECCANOCAR-png.webp",1000,1000,false],"2048x2048":["https:\/\/recambiosecogas.com\/wp-content\/uploads\/2025\/03\/TRATAMIENTO-LIMPIADO-DE-INYECTORES-MECCANOCAR-png.webp",1000,1000,false],"woocommerce_archive_thumbnail":["https:\/\/recambiosecogas.com\/wp-content\/uploads\/2025\/03\/TRATAMIENTO-LIMPIADO-DE-INYECTORES-MECCANOCAR-png.webp",1000,1000,false],"woocommerce_thumbnail":["https:\/\/recambiosecogas.com\/wp-content\/uploads\/2025\/03\/TRATAMIENTO-LIMPIADO-DE-INYECTORES-MECCANOCAR-300x300.webp",300,300,true],"woocommerce_single":["https:\/\/recambiosecogas.com\/wp-content\/uploads\/2025\/03\/TRATAMIENTO-LIMPIADO-DE-INYECTORES-MECCANOCAR-png.webp",1000,1000,false],"woocommerce_gallery_thumbnail":["https:\/\/recambiosecogas.com\/wp-content\/uploads\/2025\/03\/TRATAMIENTO-LIMPIADO-DE-INYECTORES-MECCANOCAR-png.webp",1000,1000,false],"dgwt-wcas-product-suggestion":["https:\/\/recambiosecogas.com\/wp-content\/uploads\/2025\/03\/TRATAMIENTO-LIMPIADO-DE-INYECTORES-MECCANOCAR-64x64.webp",64,64,true]},"uagb_author_info":{"display_name":"Fran - Soporte T\u00e9cnico","author_link":"https:\/\/recambiosecogas.com\/pt-pt\/author\/"},"uagb_comment_info":0,"uagb_excerpt":"Tratamiento limpiador de inyectores GLP Meccanocar 150ml Tratamiento limpiador de inyectores Meccanocar 150ml es un aditivo profesional desincrustante especialmente formulado para la limpieza profunda de todo el sistema de inyecci\u00f3n de gas GLP. Su f\u00f3rmula avanzada permite eliminar residuos y mantener en condiciones \u00f3ptimas el rendimiento del sistema, tanto en veh\u00edculos con sistemas de inyecci\u00f3n&hellip;","_links":{"self":[{"href":"https:\/\/recambiosecogas.com\/pt-pt\/wp-json\/wp\/v2\/product\/40945","targetHints":{"allow":["GET"]}}],"collection":[{"href":"https:\/\/recambiosecogas.com\/pt-pt\/wp-json\/wp\/v2\/product"}],"about":[{"href":"https:\/\/recambiosecogas.com\/pt-pt\/wp-json\/wp\/v2\/types\/product"}],"replies":[{"embeddable":true,"href":"https:\/\/recambiosecogas.com\/pt-pt\/wp-json\/wp\/v2\/comments?post=40945"}],"wp:featuredmedia":[{"embeddable":true,"href":"https:\/\/recambiosecogas.com\/pt-pt\/wp-json\/wp\/v2\/media\/33693"}],"wp:attachment":[{"href":"https:\/\/recambiosecogas.com\/pt-pt\/wp-json\/wp\/v2\/media?parent=40945"}],"wp:term":[{"taxonomy":"product_brand","embeddable":true,"href":"https:\/\/recambiosecogas.com\/pt-pt\/wp-json\/wp\/v2\/product_brand?post=40945"},{"taxonomy":"product_cat","embeddable":true,"href":"https:\/\/recambiosecogas.com\/pt-pt\/wp-json\/wp\/v2\/product_cat?post=40945"},{"taxonomy":"product_tag","embeddable":true,"href":"https:\/\/recambiosecogas.com\/pt-pt\/wp-json\/wp\/v2\/product_tag?post=40945"}],"curies":[{"name":"wp","href":"https:\/\/api.w.org\/{rel}","templated":true}]}}