{"id":40915,"date":"2025-02-24T12:03:01","date_gmt":"2025-02-24T11:03:01","guid":{"rendered":"https:\/\/recambiosecogas.com\/producto\/gok-tipo-150-detetor-de-fugas\/"},"modified":"2026-03-23T10:34:02","modified_gmt":"2026-03-23T09:34:02","slug":"gok-detector-de-fugas-tipo-150","status":"publish","type":"product","link":"https:\/\/recambiosecogas.com\/pt-pt\/producto\/gok-detector-de-fugas-tipo-150\/","title":{"rendered":"GOK detector de fugas tipo 150"},"content":{"rendered":"<p>Comprobador de presi\u00f3n \/ de estanqueidad tipo 150 para la comprobaci\u00f3n de estanqueidad de sistemas de gas l\u00edquido en veh\u00edculos de ocio seg\u00fan el c\u00f3digo deontol\u00f3gico DVGW G 607, el c\u00f3digo deontol\u00f3gico \u00d6VGW G 107 y EN 1949 o en peque\u00f1as embarcaciones seg\u00fan el c\u00f3digo deontol\u00f3gico DVGW G 608 y EN ISO 10239.<\/p>\n<p>Nota sobre la vida \u00fatil:<\/p>\n<p>No hay periodos de sustituci\u00f3n para el comprobador de fugas, por lo que el a\u00f1o de fabricaci\u00f3n no es decisivo para la prueba. No obstante, recomendamos sustituir el aparato al cabo de 10 a\u00f1os o antes si presenta da\u00f1os o desgaste visibles.<\/p>\n<p>Volumen de suministro:<\/p>\n<p>&#8211; Limitador de presi\u00f3n<br \/>\n&#8211; Man\u00f3metro de prueba de 0 a 250 mbar clase de calidad 1.0 (resistente a la presi\u00f3n hasta 2,5 bar)<br \/>\n&#8211; Bomba manual<br \/>\n&#8211; Bolsa de transporte<br \/>\n&#8211; Pieza de conexi\u00f3n IG G 1\/4 LH x G 3\/8 LH-KN<br \/>\n&#8211; Pieza de conexi\u00f3n IG G 1\/4 LH x G 1\/2 LH-KN<br \/>\n&#8211; Manguera de prueba G 1\/4 LH-\u00dcM x adaptador para dispositivo de prueba (p. ej. para Duo Control) Longitud: 750 mm<\/p>\n<p>El uso del limitador de presi\u00f3n evita da\u00f1os en el man\u00f3metro.<\/p>\n<p>&nbsp;<\/p>\n","protected":false},"excerpt":{"rendered":"<p>Detector de fugas GOK Tipo 150, ideal para comprobar la estanqueidad de sistemas de gas l\u00edquido en veh\u00edculos de ocio y embarcaciones.<\/p>\n","protected":false},"featured_media":32947,"comment_status":"open","ping_status":"closed","template":"","meta":{"_uag_custom_page_level_css":""},"product_brand":[],"product_cat":[1285],"product_tag":[],"class_list":{"0":"post-40915","1":"product","2":"type-product","3":"status-publish","4":"has-post-thumbnail","6":"product_cat-ferramentas","8":"first","9":"onbackorder","10":"taxable","11":"shipping-taxable","12":"purchasable","13":"product-type-simple"},"ct_brands":[],"yoast_head":"<!-- This site is optimized with the Yoast SEO Premium plugin v27.5 (Yoast SEO v27.5) - https:\/\/yoast.com\/product\/yoast-seo-premium-wordpress\/ -->\n<title>Detector de Fugas GOK Tipo 150 | Recambios Ecogas<\/title>\n<meta name=\"description\" content=\"Detector de fugas GOK Tipo 150, ideal para comprobar la estanqueidad de sistemas de gas l\u00edquido en veh\u00edculos de ocio y embarcaciones.\" \/>\n<meta name=\"robots\" content=\"index, follow, max-snippet:-1, max-image-preview:large, max-video-preview:-1\" \/>\n<link rel=\"canonical\" href=\"https:\/\/recambiosecogas.com\/pt-pt\/producto\/gok-detector-de-fugas-tipo-150\/\" \/>\n<meta property=\"og:locale\" content=\"pt_PT\" \/>\n<meta property=\"og:type\" content=\"article\" \/>\n<meta property=\"og:title\" content=\"GOK detector de fugas tipo 150\" \/>\n<meta property=\"og:description\" content=\"Detector de fugas GOK Tipo 150, ideal para comprobar la estanqueidad de sistemas de gas l\u00edquido en veh\u00edculos de ocio y embarcaciones.\" \/>\n<meta property=\"og:url\" content=\"https:\/\/recambiosecogas.com\/pt-pt\/producto\/gok-detector-de-fugas-tipo-150\/\" \/>\n<meta property=\"og:site_name\" content=\"Recambios EcoGas\" \/>\n<meta property=\"article:publisher\" content=\"https:\/\/www.facebook.com\/profile.php?id=100062419705358\" \/>\n<meta property=\"article:modified_time\" content=\"2026-03-23T09:34:02+00:00\" \/>\n<meta property=\"og:image\" content=\"https:\/\/recambiosecogas.com\/wp-content\/uploads\/2025\/02\/GOK-detector-de-fugas-tipo-150-png.webp\" \/>\n\t<meta property=\"og:image:width\" content=\"1000\" \/>\n\t<meta property=\"og:image:height\" content=\"1000\" \/>\n\t<meta property=\"og:image:type\" content=\"image\/png\" \/>\n<meta name=\"twitter:card\" content=\"summary_large_image\" \/>\n<meta name=\"twitter:label1\" content=\"pre\u00e7o\" \/>\n\t<meta name=\"twitter:data1\" content=\"491,93&nbsp;&euro; (Sin IVA: 406,55&nbsp;&euro;)\" \/>\n\t<meta name=\"twitter:label2\" content=\"Disponibilidade\" \/>\n\t<meta name=\"twitter:data2\" content=\"Por encomenda\" \/>\n<script type=\"application\/ld+json\" class=\"yoast-schema-graph\">{\"@context\":\"https:\\\/\\\/schema.org\",\"@graph\":[{\"@type\":\"WebPage\",\"@id\":\"https:\\\/\\\/recambiosecogas.com\\\/pt-pt\\\/producto\\\/gok-detector-de-fugas-tipo-150\\\/\",\"url\":\"https:\\\/\\\/recambiosecogas.com\\\/pt-pt\\\/producto\\\/gok-detector-de-fugas-tipo-150\\\/\",\"name\":\"Detector de Fugas GOK Tipo 150 | Recambios Ecogas\",\"isPartOf\":{\"@id\":\"https:\\\/\\\/recambiosecogas.com\\\/pt-pt\\\/#website\"},\"primaryImageOfPage\":{\"@id\":\"https:\\\/\\\/recambiosecogas.com\\\/pt-pt\\\/producto\\\/gok-detector-de-fugas-tipo-150\\\/#primaryimage\"},\"image\":{\"@id\":\"https:\\\/\\\/recambiosecogas.com\\\/pt-pt\\\/producto\\\/gok-detector-de-fugas-tipo-150\\\/#primaryimage\"},\"thumbnailUrl\":\"https:\\\/\\\/recambiosecogas.com\\\/wp-content\\\/uploads\\\/2025\\\/02\\\/GOK-detector-de-fugas-tipo-150-png.webp\",\"datePublished\":\"2025-02-24T11:03:01+00:00\",\"dateModified\":\"2026-03-23T09:34:02+00:00\",\"description\":\"Detector de fugas GOK Tipo 150, ideal para comprobar la estanqueidad de sistemas de gas l\u00edquido en veh\u00edculos de ocio y embarcaciones.\",\"breadcrumb\":{\"@id\":\"https:\\\/\\\/recambiosecogas.com\\\/pt-pt\\\/producto\\\/gok-detector-de-fugas-tipo-150\\\/#breadcrumb\"},\"inLanguage\":\"pt-PT\",\"potentialAction\":[{\"@type\":\"ReadAction\",\"target\":[\"https:\\\/\\\/recambiosecogas.com\\\/pt-pt\\\/producto\\\/gok-detector-de-fugas-tipo-150\\\/\"]}]},{\"@type\":\"ImageObject\",\"inLanguage\":\"pt-PT\",\"@id\":\"https:\\\/\\\/recambiosecogas.com\\\/pt-pt\\\/producto\\\/gok-detector-de-fugas-tipo-150\\\/#primaryimage\",\"url\":\"https:\\\/\\\/recambiosecogas.com\\\/wp-content\\\/uploads\\\/2025\\\/02\\\/GOK-detector-de-fugas-tipo-150-png.webp\",\"contentUrl\":\"https:\\\/\\\/recambiosecogas.com\\\/wp-content\\\/uploads\\\/2025\\\/02\\\/GOK-detector-de-fugas-tipo-150-png.webp\",\"width\":1000,\"height\":1000},{\"@type\":\"BreadcrumbList\",\"@id\":\"https:\\\/\\\/recambiosecogas.com\\\/pt-pt\\\/producto\\\/gok-detector-de-fugas-tipo-150\\\/#breadcrumb\",\"itemListElement\":[{\"@type\":\"ListItem\",\"position\":1,\"name\":\"P\u00e1gina inicial\",\"item\":\"https:\\\/\\\/recambiosecogas.com\\\/pt-pt\\\/\"},{\"@type\":\"ListItem\",\"position\":2,\"name\":\"Loja\",\"item\":\"https:\\\/\\\/recambiosecogas.com\\\/pt-pt\\\/tienda\\\/\"},{\"@type\":\"ListItem\",\"position\":3,\"name\":\"GOK detector de fugas tipo 150\"}]},{\"@type\":\"WebSite\",\"@id\":\"https:\\\/\\\/recambiosecogas.com\\\/pt-pt\\\/#website\",\"url\":\"https:\\\/\\\/recambiosecogas.com\\\/pt-pt\\\/\",\"name\":\"Recambios EcoGas\",\"description\":\"Pe\u00e7as multimarca para sistemas de GPL\\\/GNC\\\/GNL\\\/Hidrog\u00e9nio\",\"publisher\":{\"@id\":\"https:\\\/\\\/recambiosecogas.com\\\/pt-pt\\\/#organization\"},\"alternateName\":\"Recambios Autogas GLP\",\"potentialAction\":[{\"@type\":\"SearchAction\",\"target\":{\"@type\":\"EntryPoint\",\"urlTemplate\":\"https:\\\/\\\/recambiosecogas.com\\\/pt-pt\\\/?s={search_term_string}\"},\"query-input\":{\"@type\":\"PropertyValueSpecification\",\"valueRequired\":true,\"valueName\":\"search_term_string\"}}],\"inLanguage\":\"pt-PT\"},{\"@type\":[\"Organization\",\"Place\"],\"@id\":\"https:\\\/\\\/recambiosecogas.com\\\/pt-pt\\\/#organization\",\"name\":\"Recambios EcoGas\",\"alternateName\":\"Loja de GPL Autog\u00e1s Espanha\",\"url\":\"https:\\\/\\\/recambiosecogas.com\\\/pt-pt\\\/\",\"logo\":{\"@id\":\"https:\\\/\\\/recambiosecogas.com\\\/pt-pt\\\/producto\\\/gok-detector-de-fugas-tipo-150\\\/#local-main-organization-logo\"},\"image\":{\"@id\":\"https:\\\/\\\/recambiosecogas.com\\\/pt-pt\\\/producto\\\/gok-detector-de-fugas-tipo-150\\\/#local-main-organization-logo\"},\"sameAs\":[\"https:\\\/\\\/www.facebook.com\\\/profile.php?id=100062419705358\",\"https:\\\/\\\/www.instagram.com\\\/segimon_automocio\"],\"description\":\"Recambios EcoGas \u2013 Venta y distribuci\u00f3n de sistemas GLP y GNC en Espa\u00f1a y Portugal. Env\u00edos 24 h, soporte t\u00e9cnico a talleres y distribuidores.\",\"hasMerchantReturnPolicy\":{\"@type\":\"MerchantReturnPolicy\",\"merchantReturnLink\":\"https:\\\/\\\/recambiosecogas.com\\\/politicas-privacidad\\\/\"},\"address\":{\"@id\":\"https:\\\/\\\/recambiosecogas.com\\\/pt-pt\\\/producto\\\/gok-detector-de-fugas-tipo-150\\\/#local-main-place-address\"},\"telephone\":[\"616250633\"],\"contactPoint\":{\"@type\":\"ContactPoint\",\"email\":\"export@recambiosecogas.com\"},\"openingHoursSpecification\":[{\"@type\":\"OpeningHoursSpecification\",\"dayOfWeek\":[\"Monday\",\"Tuesday\",\"Wednesday\",\"Thursday\",\"Friday\",\"Saturday\",\"Sunday\"],\"opens\":\"09:00\",\"closes\":\"17:00\"}],\"email\":\"info@recambiosecogas.com\",\"faxNumber\":\"SEGIMON AUTOMOCION SL\",\"vatID\":\"ESB19819861\",\"globalLocationNumber\":\"938 616 339\"},{\"@type\":\"PostalAddress\",\"@id\":\"https:\\\/\\\/recambiosecogas.com\\\/pt-pt\\\/producto\\\/gok-detector-de-fugas-tipo-150\\\/#local-main-place-address\",\"streetAddress\":\"cami antic de vic, 29 (Nave 3), Pol\u00edgono Industrial Congost\",\"addressLocality\":\"CORRO D`AVALL\",\"postalCode\":\"08520\",\"addressRegion\":\"Barcelona\",\"addressCountry\":\"ES\"},{\"@type\":\"ImageObject\",\"inLanguage\":\"pt-PT\",\"@id\":\"https:\\\/\\\/recambiosecogas.com\\\/pt-pt\\\/producto\\\/gok-detector-de-fugas-tipo-150\\\/#local-main-organization-logo\",\"url\":\"https:\\\/\\\/recambiosecogas.com\\\/wp-content\\\/uploads\\\/2024\\\/11\\\/cropped-RECAMBIOS-GLP-png.webp\",\"contentUrl\":\"https:\\\/\\\/recambiosecogas.com\\\/wp-content\\\/uploads\\\/2024\\\/11\\\/cropped-RECAMBIOS-GLP-png.webp\",\"width\":512,\"height\":512,\"caption\":\"Recambios EcoGas\"}]}<\/script>\n<meta property=\"product:price:amount\" content=\"491.93\" \/>\n<meta property=\"product:price:currency\" content=\"EUR\" \/>\n<meta property=\"og:availability\" content=\"backorder\" \/>\n<meta property=\"product:availability\" content=\"available for order\" \/>\n<meta property=\"product:retailer_item_id\" content=\"107753\" \/>\n<meta property=\"product:condition\" content=\"new\" \/>\n<meta name=\"geo.placename\" content=\"CORRO D`AVALL\" \/>\n<meta name=\"geo.region\" content=\"Espanha\" \/>\n<!-- \/ Yoast SEO Premium plugin. -->","yoast_head_json":{"title":"Detector de Fugas GOK Tipo 150 | Recambios Ecogas","description":"Detector de fugas GOK Tipo 150, ideal para comprobar la estanqueidad de sistemas de gas l\u00edquido en veh\u00edculos de ocio y embarcaciones.","robots":{"index":"index","follow":"follow","max-snippet":"max-snippet:-1","max-image-preview":"max-image-preview:large","max-video-preview":"max-video-preview:-1"},"canonical":"https:\/\/recambiosecogas.com\/pt-pt\/producto\/gok-detector-de-fugas-tipo-150\/","og_locale":"pt_PT","og_type":"article","og_title":"GOK detector de fugas tipo 150","og_description":"Detector de fugas GOK Tipo 150, ideal para comprobar la estanqueidad de sistemas de gas l\u00edquido en veh\u00edculos de ocio y embarcaciones.","og_url":"https:\/\/recambiosecogas.com\/pt-pt\/producto\/gok-detector-de-fugas-tipo-150\/","og_site_name":"Recambios EcoGas","article_publisher":"https:\/\/www.facebook.com\/profile.php?id=100062419705358","article_modified_time":"2026-03-23T09:34:02+00:00","og_image":[{"width":1000,"height":1000,"url":"https:\/\/recambiosecogas.com\/wp-content\/uploads\/2025\/02\/GOK-detector-de-fugas-tipo-150-png.webp","type":"image\/png"}],"twitter_card":"summary_large_image","twitter_misc":{"pre\u00e7o":"491,93&nbsp;&euro; (Sin IVA: 406,55&nbsp;&euro;)","Disponibilidade":"Por encomenda"},"schema":{"@context":"https:\/\/schema.org","@graph":[{"@type":"WebPage","@id":"https:\/\/recambiosecogas.com\/pt-pt\/producto\/gok-detector-de-fugas-tipo-150\/","url":"https:\/\/recambiosecogas.com\/pt-pt\/producto\/gok-detector-de-fugas-tipo-150\/","name":"Detector de Fugas GOK Tipo 150 | Recambios Ecogas","isPartOf":{"@id":"https:\/\/recambiosecogas.com\/pt-pt\/#website"},"primaryImageOfPage":{"@id":"https:\/\/recambiosecogas.com\/pt-pt\/producto\/gok-detector-de-fugas-tipo-150\/#primaryimage"},"image":{"@id":"https:\/\/recambiosecogas.com\/pt-pt\/producto\/gok-detector-de-fugas-tipo-150\/#primaryimage"},"thumbnailUrl":"https:\/\/recambiosecogas.com\/wp-content\/uploads\/2025\/02\/GOK-detector-de-fugas-tipo-150-png.webp","datePublished":"2025-02-24T11:03:01+00:00","dateModified":"2026-03-23T09:34:02+00:00","description":"Detector de fugas GOK Tipo 150, ideal para comprobar la estanqueidad de sistemas de gas l\u00edquido en veh\u00edculos de ocio y embarcaciones.","breadcrumb":{"@id":"https:\/\/recambiosecogas.com\/pt-pt\/producto\/gok-detector-de-fugas-tipo-150\/#breadcrumb"},"inLanguage":"pt-PT","potentialAction":[{"@type":"ReadAction","target":["https:\/\/recambiosecogas.com\/pt-pt\/producto\/gok-detector-de-fugas-tipo-150\/"]}]},{"@type":"ImageObject","inLanguage":"pt-PT","@id":"https:\/\/recambiosecogas.com\/pt-pt\/producto\/gok-detector-de-fugas-tipo-150\/#primaryimage","url":"https:\/\/recambiosecogas.com\/wp-content\/uploads\/2025\/02\/GOK-detector-de-fugas-tipo-150-png.webp","contentUrl":"https:\/\/recambiosecogas.com\/wp-content\/uploads\/2025\/02\/GOK-detector-de-fugas-tipo-150-png.webp","width":1000,"height":1000},{"@type":"BreadcrumbList","@id":"https:\/\/recambiosecogas.com\/pt-pt\/producto\/gok-detector-de-fugas-tipo-150\/#breadcrumb","itemListElement":[{"@type":"ListItem","position":1,"name":"P\u00e1gina inicial","item":"https:\/\/recambiosecogas.com\/pt-pt\/"},{"@type":"ListItem","position":2,"name":"Loja","item":"https:\/\/recambiosecogas.com\/pt-pt\/tienda\/"},{"@type":"ListItem","position":3,"name":"GOK detector de fugas tipo 150"}]},{"@type":"WebSite","@id":"https:\/\/recambiosecogas.com\/pt-pt\/#website","url":"https:\/\/recambiosecogas.com\/pt-pt\/","name":"Recambios EcoGas","description":"Pe\u00e7as multimarca para sistemas de GPL\/GNC\/GNL\/Hidrog\u00e9nio","publisher":{"@id":"https:\/\/recambiosecogas.com\/pt-pt\/#organization"},"alternateName":"Recambios Autogas GLP","potentialAction":[{"@type":"SearchAction","target":{"@type":"EntryPoint","urlTemplate":"https:\/\/recambiosecogas.com\/pt-pt\/?s={search_term_string}"},"query-input":{"@type":"PropertyValueSpecification","valueRequired":true,"valueName":"search_term_string"}}],"inLanguage":"pt-PT"},{"@type":["Organization","Place"],"@id":"https:\/\/recambiosecogas.com\/pt-pt\/#organization","name":"Recambios EcoGas","alternateName":"Loja de GPL Autog\u00e1s Espanha","url":"https:\/\/recambiosecogas.com\/pt-pt\/","logo":{"@id":"https:\/\/recambiosecogas.com\/pt-pt\/producto\/gok-detector-de-fugas-tipo-150\/#local-main-organization-logo"},"image":{"@id":"https:\/\/recambiosecogas.com\/pt-pt\/producto\/gok-detector-de-fugas-tipo-150\/#local-main-organization-logo"},"sameAs":["https:\/\/www.facebook.com\/profile.php?id=100062419705358","https:\/\/www.instagram.com\/segimon_automocio"],"description":"Recambios EcoGas \u2013 Venta y distribuci\u00f3n de sistemas GLP y GNC en Espa\u00f1a y Portugal. Env\u00edos 24 h, soporte t\u00e9cnico a talleres y distribuidores.","hasMerchantReturnPolicy":{"@type":"MerchantReturnPolicy","merchantReturnLink":"https:\/\/recambiosecogas.com\/politicas-privacidad\/"},"address":{"@id":"https:\/\/recambiosecogas.com\/pt-pt\/producto\/gok-detector-de-fugas-tipo-150\/#local-main-place-address"},"telephone":["616250633"],"contactPoint":{"@type":"ContactPoint","email":"export@recambiosecogas.com"},"openingHoursSpecification":[{"@type":"OpeningHoursSpecification","dayOfWeek":["Monday","Tuesday","Wednesday","Thursday","Friday","Saturday","Sunday"],"opens":"09:00","closes":"17:00"}],"email":"info@recambiosecogas.com","faxNumber":"SEGIMON AUTOMOCION SL","vatID":"ESB19819861","globalLocationNumber":"938 616 339"},{"@type":"PostalAddress","@id":"https:\/\/recambiosecogas.com\/pt-pt\/producto\/gok-detector-de-fugas-tipo-150\/#local-main-place-address","streetAddress":"cami antic de vic, 29 (Nave 3), Pol\u00edgono Industrial Congost","addressLocality":"CORRO D`AVALL","postalCode":"08520","addressRegion":"Barcelona","addressCountry":"ES"},{"@type":"ImageObject","inLanguage":"pt-PT","@id":"https:\/\/recambiosecogas.com\/pt-pt\/producto\/gok-detector-de-fugas-tipo-150\/#local-main-organization-logo","url":"https:\/\/recambiosecogas.com\/wp-content\/uploads\/2024\/11\/cropped-RECAMBIOS-GLP-png.webp","contentUrl":"https:\/\/recambiosecogas.com\/wp-content\/uploads\/2024\/11\/cropped-RECAMBIOS-GLP-png.webp","width":512,"height":512,"caption":"Recambios EcoGas"}]},"product_price_amount":"491.93","product_price_currency":"EUR","og_availability":"backorder","product_availability":"available for order","product_retailer_item_id":"107753","product_condition":"new","geo.placename":"CORRO D`AVALL","geo.region":"Espanha"},"uagb_featured_image_src":{"full":["https:\/\/recambiosecogas.com\/wp-content\/uploads\/2025\/02\/GOK-detector-de-fugas-tipo-150-png.webp",1000,1000,false],"thumbnail":["https:\/\/recambiosecogas.com\/wp-content\/uploads\/2025\/02\/GOK-detector-de-fugas-tipo-150-150x150.webp",150,150,true],"medium":["https:\/\/recambiosecogas.com\/wp-content\/uploads\/2025\/02\/GOK-detector-de-fugas-tipo-150-300x300.webp",300,300,true],"medium_large":["https:\/\/recambiosecogas.com\/wp-content\/uploads\/2025\/02\/GOK-detector-de-fugas-tipo-150-768x768.webp",768,768,true],"large":["https:\/\/recambiosecogas.com\/wp-content\/uploads\/2025\/02\/GOK-detector-de-fugas-tipo-150-png.webp",1000,1000,false],"1536x1536":["https:\/\/recambiosecogas.com\/wp-content\/uploads\/2025\/02\/GOK-detector-de-fugas-tipo-150-png.webp",1000,1000,false],"2048x2048":["https:\/\/recambiosecogas.com\/wp-content\/uploads\/2025\/02\/GOK-detector-de-fugas-tipo-150-png.webp",1000,1000,false],"woocommerce_archive_thumbnail":["https:\/\/recambiosecogas.com\/wp-content\/uploads\/2025\/02\/GOK-detector-de-fugas-tipo-150-png.webp",1000,1000,false],"woocommerce_thumbnail":["https:\/\/recambiosecogas.com\/wp-content\/uploads\/2025\/02\/GOK-detector-de-fugas-tipo-150-300x300.webp",300,300,true],"woocommerce_single":["https:\/\/recambiosecogas.com\/wp-content\/uploads\/2025\/02\/GOK-detector-de-fugas-tipo-150-png.webp",1000,1000,false],"woocommerce_gallery_thumbnail":["https:\/\/recambiosecogas.com\/wp-content\/uploads\/2025\/02\/GOK-detector-de-fugas-tipo-150-png.webp",1000,1000,false],"dgwt-wcas-product-suggestion":["https:\/\/recambiosecogas.com\/wp-content\/uploads\/2025\/02\/GOK-detector-de-fugas-tipo-150-64x64.webp",64,64,true]},"uagb_author_info":{"display_name":"Fran - Soporte T\u00e9cnico","author_link":"https:\/\/recambiosecogas.com\/pt-pt\/author\/"},"uagb_comment_info":0,"uagb_excerpt":"Detector de fugas GOK Tipo 150, ideal para comprobar la estanqueidad de sistemas de gas l\u00edquido en veh\u00edculos de ocio y embarcaciones.","_links":{"self":[{"href":"https:\/\/recambiosecogas.com\/pt-pt\/wp-json\/wp\/v2\/product\/40915","targetHints":{"allow":["GET"]}}],"collection":[{"href":"https:\/\/recambiosecogas.com\/pt-pt\/wp-json\/wp\/v2\/product"}],"about":[{"href":"https:\/\/recambiosecogas.com\/pt-pt\/wp-json\/wp\/v2\/types\/product"}],"replies":[{"embeddable":true,"href":"https:\/\/recambiosecogas.com\/pt-pt\/wp-json\/wp\/v2\/comments?post=40915"}],"wp:featuredmedia":[{"embeddable":true,"href":"https:\/\/recambiosecogas.com\/pt-pt\/wp-json\/wp\/v2\/media\/32947"}],"wp:attachment":[{"href":"https:\/\/recambiosecogas.com\/pt-pt\/wp-json\/wp\/v2\/media?parent=40915"}],"wp:term":[{"taxonomy":"product_brand","embeddable":true,"href":"https:\/\/recambiosecogas.com\/pt-pt\/wp-json\/wp\/v2\/product_brand?post=40915"},{"taxonomy":"product_cat","embeddable":true,"href":"https:\/\/recambiosecogas.com\/pt-pt\/wp-json\/wp\/v2\/product_cat?post=40915"},{"taxonomy":"product_tag","embeddable":true,"href":"https:\/\/recambiosecogas.com\/pt-pt\/wp-json\/wp\/v2\/product_tag?post=40915"}],"curies":[{"name":"wp","href":"https:\/\/api.w.org\/{rel}","templated":true}]}}