{"id":40850,"date":"2024-11-20T16:44:23","date_gmt":"2024-11-20T15:44:23","guid":{"rendered":"https:\/\/recambiosecogas.com\/producto\/conexao-de-agua-de-latao-brc-para-redutor-genius-incluindo-o-ring-conjunto-de-2-pecas\/"},"modified":"2024-11-20T15:44:23","modified_gmt":"2024-11-20T14:44:23","slug":"conexao-de-agua-de-latao-brc-para-redutor-genius-incluindo-o-ring-conjunto-de-2-pecas","status":"publish","type":"product","link":"https:\/\/recambiosecogas.com\/pt-pt\/produto\/conexao-de-agua-de-latao-brc-para-redutor-genius-incluindo-o-ring-conjunto-de-2-pecas\/","title":{"rendered":"Conex\u00e3o de \u00e1gua de lat\u00e3o BRC para redutor Genius, incluindo O-ring (conjunto de 2 pe\u00e7as)"},"content":{"rendered":"","protected":false},"excerpt":{"rendered":"<p>Conex\u00e3o de \u00e1gua de lat\u00e3o BRC para redutor Genius, incluindo O-ring (conjunto de 2 pe\u00e7as)<\/p>\n","protected":false},"featured_media":25277,"comment_status":"closed","ping_status":"closed","template":"","meta":{"googlesitekit_rrm_CAowud7EDA:productID":"","_uag_custom_page_level_css":""},"product_brand":[],"product_cat":[1811,1094,1065],"product_tag":[],"class_list":{"0":"post-40850","1":"product","2":"type-product","3":"status-publish","4":"has-post-thumbnail","6":"product_cat-acessorios-para-reguladores","7":"product_cat-brc-pt-pt","8":"product_cat-reguladores-de-pressao","10":"first","11":"onbackorder","12":"taxable","13":"shipping-taxable","14":"purchasable","15":"product-type-simple"},"ct_brands":[],"yoast_head":"<!-- This site is optimized with the Yoast SEO Premium plugin v27.2 (Yoast SEO v27.2) - https:\/\/yoast.com\/product\/yoast-seo-premium-wordpress\/ -->\n<title>Conex\u00e3o de \u00e1gua de lat\u00e3o BRC para redutor Genius, incluindo O-ring (conjunto de 2 pe\u00e7as) | Recambios EcoGas | Sistemas GLP y GNC<\/title>\n<meta name=\"robots\" content=\"index, follow, max-snippet:-1, max-image-preview:large, max-video-preview:-1\" \/>\n<link rel=\"canonical\" href=\"https:\/\/recambiosecogas.com\/pt-pt\/produto\/conexao-de-agua-de-latao-brc-para-redutor-genius-incluindo-o-ring-conjunto-de-2-pecas\/\" \/>\n<meta property=\"og:locale\" content=\"pt_PT\" \/>\n<meta property=\"og:type\" content=\"article\" \/>\n<meta property=\"og:title\" content=\"Conex\u00e3o de \u00e1gua de lat\u00e3o BRC para redutor Genius, incluindo O-ring (conjunto de 2 pe\u00e7as)\" \/>\n<meta property=\"og:description\" content=\"Conex\u00e3o de \u00e1gua de lat\u00e3o BRC para redutor Genius, incluindo O-ring (conjunto de 2 pe\u00e7as)\" \/>\n<meta property=\"og:url\" content=\"https:\/\/recambiosecogas.com\/pt-pt\/produto\/conexao-de-agua-de-latao-brc-para-redutor-genius-incluindo-o-ring-conjunto-de-2-pecas\/\" \/>\n<meta property=\"og:site_name\" content=\"Recambios EcoGas\" \/>\n<meta property=\"article:publisher\" content=\"https:\/\/www.facebook.com\/profile.php?id=100062419705358\" \/>\n<meta property=\"og:image\" content=\"https:\/\/recambiosecogas.com\/wp-content\/uploads\/2024\/11\/BRC-conexion-de-agua-de-laton-para-reductor-Genius-incl.-junta-torica-set-de-2-piezas-png.webp\" \/>\n\t<meta property=\"og:image:width\" content=\"1000\" \/>\n\t<meta property=\"og:image:height\" content=\"1000\" \/>\n\t<meta property=\"og:image:type\" content=\"image\/png\" \/>\n<meta name=\"twitter:card\" content=\"summary_large_image\" \/>\n<meta name=\"twitter:label1\" content=\"pre\u00e7o\" \/>\n\t<meta name=\"twitter:data1\" content=\"14,99&nbsp;&euro; (IVA incl.: 18,14&nbsp;&euro;)\" \/>\n\t<meta name=\"twitter:label2\" content=\"Disponibilidade\" \/>\n\t<meta name=\"twitter:data2\" content=\"Por encomenda\" \/>\n<script type=\"application\/ld+json\" class=\"yoast-schema-graph\">{\"@context\":\"https:\/\/schema.org\",\"@graph\":[{\"@type\":\"WebPage\",\"@id\":\"https:\/\/recambiosecogas.com\/pt-pt\/produto\/conexao-de-agua-de-latao-brc-para-redutor-genius-incluindo-o-ring-conjunto-de-2-pecas\/\",\"url\":\"https:\/\/recambiosecogas.com\/pt-pt\/produto\/conexao-de-agua-de-latao-brc-para-redutor-genius-incluindo-o-ring-conjunto-de-2-pecas\/\",\"name\":\"Conex\u00e3o de \u00e1gua de lat\u00e3o BRC para redutor Genius, incluindo O-ring (conjunto de 2 pe\u00e7as) | Recambios EcoGas | Sistemas GLP y GNC\",\"isPartOf\":{\"@id\":\"https:\/\/recambiosecogas.com\/pt-pt\/#website\"},\"primaryImageOfPage\":{\"@id\":\"https:\/\/recambiosecogas.com\/pt-pt\/produto\/conexao-de-agua-de-latao-brc-para-redutor-genius-incluindo-o-ring-conjunto-de-2-pecas\/#primaryimage\"},\"image\":{\"@id\":\"https:\/\/recambiosecogas.com\/pt-pt\/produto\/conexao-de-agua-de-latao-brc-para-redutor-genius-incluindo-o-ring-conjunto-de-2-pecas\/#primaryimage\"},\"thumbnailUrl\":\"https:\/\/recambiosecogas.com\/wp-content\/uploads\/2024\/11\/BRC-conexion-de-agua-de-laton-para-reductor-Genius-incl.-junta-torica-set-de-2-piezas-png.webp\",\"datePublished\":\"2024-11-20T15:44:23+00:00\",\"breadcrumb\":{\"@id\":\"https:\/\/recambiosecogas.com\/pt-pt\/produto\/conexao-de-agua-de-latao-brc-para-redutor-genius-incluindo-o-ring-conjunto-de-2-pecas\/#breadcrumb\"},\"inLanguage\":\"pt-PT\",\"potentialAction\":[{\"@type\":\"ReadAction\",\"target\":[\"https:\/\/recambiosecogas.com\/pt-pt\/produto\/conexao-de-agua-de-latao-brc-para-redutor-genius-incluindo-o-ring-conjunto-de-2-pecas\/\"]}]},{\"@type\":\"ImageObject\",\"inLanguage\":\"pt-PT\",\"@id\":\"https:\/\/recambiosecogas.com\/pt-pt\/produto\/conexao-de-agua-de-latao-brc-para-redutor-genius-incluindo-o-ring-conjunto-de-2-pecas\/#primaryimage\",\"url\":\"https:\/\/recambiosecogas.com\/wp-content\/uploads\/2024\/11\/BRC-conexion-de-agua-de-laton-para-reductor-Genius-incl.-junta-torica-set-de-2-piezas-png.webp\",\"contentUrl\":\"https:\/\/recambiosecogas.com\/wp-content\/uploads\/2024\/11\/BRC-conexion-de-agua-de-laton-para-reductor-Genius-incl.-junta-torica-set-de-2-piezas-png.webp\",\"width\":1000,\"height\":1000},{\"@type\":\"BreadcrumbList\",\"@id\":\"https:\/\/recambiosecogas.com\/pt-pt\/produto\/conexao-de-agua-de-latao-brc-para-redutor-genius-incluindo-o-ring-conjunto-de-2-pecas\/#breadcrumb\",\"itemListElement\":[{\"@type\":\"ListItem\",\"position\":1,\"name\":\"P\u00e1gina inicial\",\"item\":\"https:\/\/recambiosecogas.com\/pt-pt\/\"},{\"@type\":\"ListItem\",\"position\":2,\"name\":\"Loja\",\"item\":\"https:\/\/recambiosecogas.com\/pt-pt\/loja\/\"},{\"@type\":\"ListItem\",\"position\":3,\"name\":\"Conex\u00e3o de \u00e1gua de lat\u00e3o BRC para redutor Genius, incluindo O-ring (conjunto de 2 pe\u00e7as)\"}]},{\"@type\":\"WebSite\",\"@id\":\"https:\/\/recambiosecogas.com\/pt-pt\/#website\",\"url\":\"https:\/\/recambiosecogas.com\/pt-pt\/\",\"name\":\"Recambios EcoGas\",\"description\":\"Pe\u00e7as multimarca para sistemas de GPL\/GNC\/GNL\/Hidrog\u00e9nio\",\"publisher\":{\"@id\":\"https:\/\/recambiosecogas.com\/pt-pt\/#organization\"},\"alternateName\":\"Recambios Autogas GLP\",\"potentialAction\":[{\"@type\":\"SearchAction\",\"target\":{\"@type\":\"EntryPoint\",\"urlTemplate\":\"https:\/\/recambiosecogas.com\/pt-pt\/?s={search_term_string}\"},\"query-input\":{\"@type\":\"PropertyValueSpecification\",\"valueRequired\":true,\"valueName\":\"search_term_string\"}}],\"inLanguage\":\"pt-PT\"},{\"@type\":[\"Organization\",\"Place\"],\"@id\":\"https:\/\/recambiosecogas.com\/pt-pt\/#organization\",\"name\":\"Recambios EcoGas\",\"alternateName\":\"Loja de GPL Autog\u00e1s Espanha\",\"url\":\"https:\/\/recambiosecogas.com\/pt-pt\/\",\"logo\":{\"@id\":\"https:\/\/recambiosecogas.com\/pt-pt\/produto\/conexao-de-agua-de-latao-brc-para-redutor-genius-incluindo-o-ring-conjunto-de-2-pecas\/#local-main-organization-logo\"},\"image\":{\"@id\":\"https:\/\/recambiosecogas.com\/pt-pt\/produto\/conexao-de-agua-de-latao-brc-para-redutor-genius-incluindo-o-ring-conjunto-de-2-pecas\/#local-main-organization-logo\"},\"sameAs\":[\"https:\/\/www.facebook.com\/profile.php?id=100062419705358\",\"https:\/\/www.instagram.com\/segimon_automocio\"],\"description\":\"Recambios EcoGas \u2013 Venta y distribuci\u00f3n de sistemas GLP y GNC en Espa\u00f1a y Portugal. Env\u00edos 24 h, soporte t\u00e9cnico a talleres y distribuidores.\",\"hasMerchantReturnPolicy\":{\"@type\":\"MerchantReturnPolicy\",\"merchantReturnLink\":\"https:\/\/recambiosecogas.com\/politicas-privacidad\/\"},\"address\":{\"@id\":\"https:\/\/recambiosecogas.com\/pt-pt\/produto\/conexao-de-agua-de-latao-brc-para-redutor-genius-incluindo-o-ring-conjunto-de-2-pecas\/#local-main-place-address\"},\"telephone\":[\"616250633\"],\"contactPoint\":{\"@type\":\"ContactPoint\",\"email\":\"export@recambiosecogas.com\"},\"openingHoursSpecification\":[{\"@type\":\"OpeningHoursSpecification\",\"dayOfWeek\":[\"Monday\",\"Tuesday\",\"Wednesday\",\"Thursday\",\"Friday\",\"Saturday\",\"Sunday\"],\"opens\":\"09:00\",\"closes\":\"17:00\"}],\"email\":\"info@recambiosecogas.com\",\"faxNumber\":\"SEGIMON AUTOMOCION SL\",\"vatID\":\"ESB19819861\",\"globalLocationNumber\":\"938 616 339\"},{\"@type\":\"PostalAddress\",\"@id\":\"https:\/\/recambiosecogas.com\/pt-pt\/produto\/conexao-de-agua-de-latao-brc-para-redutor-genius-incluindo-o-ring-conjunto-de-2-pecas\/#local-main-place-address\",\"streetAddress\":\"cami antic de vic, 29 (Nave 3), Pol\u00edgono Industrial Congost\",\"addressLocality\":\"CORRO D`AVALL\",\"postalCode\":\"08520\",\"addressRegion\":\"Barcelona\",\"addressCountry\":\"ES\"},{\"@type\":\"ImageObject\",\"inLanguage\":\"pt-PT\",\"@id\":\"https:\/\/recambiosecogas.com\/pt-pt\/produto\/conexao-de-agua-de-latao-brc-para-redutor-genius-incluindo-o-ring-conjunto-de-2-pecas\/#local-main-organization-logo\",\"url\":\"https:\/\/recambiosecogas.com\/wp-content\/uploads\/2024\/11\/cropped-RECAMBIOS-GLP-png.webp\",\"contentUrl\":\"https:\/\/recambiosecogas.com\/wp-content\/uploads\/2024\/11\/cropped-RECAMBIOS-GLP-png.webp\",\"width\":512,\"height\":512,\"caption\":\"Recambios EcoGas\"}]}<\/script>\n<meta property=\"product:price:amount\" content=\"14.99\" \/>\n<meta property=\"product:price:currency\" content=\"EUR\" \/>\n<meta property=\"og:availability\" content=\"backorder\" \/>\n<meta property=\"product:availability\" content=\"available for order\" \/>\n<meta property=\"product:retailer_item_id\" content=\"104944\" \/>\n<meta property=\"product:condition\" content=\"new\" \/>\n<meta name=\"geo.placename\" content=\"CORRO D`AVALL\" \/>\n<meta name=\"geo.region\" content=\"Espanha\" \/>\n<!-- \/ Yoast SEO Premium plugin. -->","yoast_head_json":{"title":"Conex\u00e3o de \u00e1gua de lat\u00e3o BRC para redutor Genius, incluindo O-ring (conjunto de 2 pe\u00e7as) | Recambios EcoGas | Sistemas GLP y GNC","robots":{"index":"index","follow":"follow","max-snippet":"max-snippet:-1","max-image-preview":"max-image-preview:large","max-video-preview":"max-video-preview:-1"},"canonical":"https:\/\/recambiosecogas.com\/pt-pt\/produto\/conexao-de-agua-de-latao-brc-para-redutor-genius-incluindo-o-ring-conjunto-de-2-pecas\/","og_locale":"pt_PT","og_type":"article","og_title":"Conex\u00e3o de \u00e1gua de lat\u00e3o BRC para redutor Genius, incluindo O-ring (conjunto de 2 pe\u00e7as)","og_description":"Conex\u00e3o de \u00e1gua de lat\u00e3o BRC para redutor Genius, incluindo O-ring (conjunto de 2 pe\u00e7as)","og_url":"https:\/\/recambiosecogas.com\/pt-pt\/produto\/conexao-de-agua-de-latao-brc-para-redutor-genius-incluindo-o-ring-conjunto-de-2-pecas\/","og_site_name":"Recambios EcoGas","article_publisher":"https:\/\/www.facebook.com\/profile.php?id=100062419705358","og_image":[{"width":1000,"height":1000,"url":"https:\/\/recambiosecogas.com\/wp-content\/uploads\/2024\/11\/BRC-conexion-de-agua-de-laton-para-reductor-Genius-incl.-junta-torica-set-de-2-piezas-png.webp","type":"image\/png"}],"twitter_card":"summary_large_image","twitter_misc":{"pre\u00e7o":"14,99&nbsp;&euro; (IVA incl.: 18,14&nbsp;&euro;)","Disponibilidade":"Por encomenda"},"schema":{"@context":"https:\/\/schema.org","@graph":[{"@type":"WebPage","@id":"https:\/\/recambiosecogas.com\/pt-pt\/produto\/conexao-de-agua-de-latao-brc-para-redutor-genius-incluindo-o-ring-conjunto-de-2-pecas\/","url":"https:\/\/recambiosecogas.com\/pt-pt\/produto\/conexao-de-agua-de-latao-brc-para-redutor-genius-incluindo-o-ring-conjunto-de-2-pecas\/","name":"Conex\u00e3o de \u00e1gua de lat\u00e3o BRC para redutor Genius, incluindo O-ring (conjunto de 2 pe\u00e7as) | Recambios EcoGas | Sistemas GLP y GNC","isPartOf":{"@id":"https:\/\/recambiosecogas.com\/pt-pt\/#website"},"primaryImageOfPage":{"@id":"https:\/\/recambiosecogas.com\/pt-pt\/produto\/conexao-de-agua-de-latao-brc-para-redutor-genius-incluindo-o-ring-conjunto-de-2-pecas\/#primaryimage"},"image":{"@id":"https:\/\/recambiosecogas.com\/pt-pt\/produto\/conexao-de-agua-de-latao-brc-para-redutor-genius-incluindo-o-ring-conjunto-de-2-pecas\/#primaryimage"},"thumbnailUrl":"https:\/\/recambiosecogas.com\/wp-content\/uploads\/2024\/11\/BRC-conexion-de-agua-de-laton-para-reductor-Genius-incl.-junta-torica-set-de-2-piezas-png.webp","datePublished":"2024-11-20T15:44:23+00:00","breadcrumb":{"@id":"https:\/\/recambiosecogas.com\/pt-pt\/produto\/conexao-de-agua-de-latao-brc-para-redutor-genius-incluindo-o-ring-conjunto-de-2-pecas\/#breadcrumb"},"inLanguage":"pt-PT","potentialAction":[{"@type":"ReadAction","target":["https:\/\/recambiosecogas.com\/pt-pt\/produto\/conexao-de-agua-de-latao-brc-para-redutor-genius-incluindo-o-ring-conjunto-de-2-pecas\/"]}]},{"@type":"ImageObject","inLanguage":"pt-PT","@id":"https:\/\/recambiosecogas.com\/pt-pt\/produto\/conexao-de-agua-de-latao-brc-para-redutor-genius-incluindo-o-ring-conjunto-de-2-pecas\/#primaryimage","url":"https:\/\/recambiosecogas.com\/wp-content\/uploads\/2024\/11\/BRC-conexion-de-agua-de-laton-para-reductor-Genius-incl.-junta-torica-set-de-2-piezas-png.webp","contentUrl":"https:\/\/recambiosecogas.com\/wp-content\/uploads\/2024\/11\/BRC-conexion-de-agua-de-laton-para-reductor-Genius-incl.-junta-torica-set-de-2-piezas-png.webp","width":1000,"height":1000},{"@type":"BreadcrumbList","@id":"https:\/\/recambiosecogas.com\/pt-pt\/produto\/conexao-de-agua-de-latao-brc-para-redutor-genius-incluindo-o-ring-conjunto-de-2-pecas\/#breadcrumb","itemListElement":[{"@type":"ListItem","position":1,"name":"P\u00e1gina inicial","item":"https:\/\/recambiosecogas.com\/pt-pt\/"},{"@type":"ListItem","position":2,"name":"Loja","item":"https:\/\/recambiosecogas.com\/pt-pt\/loja\/"},{"@type":"ListItem","position":3,"name":"Conex\u00e3o de \u00e1gua de lat\u00e3o BRC para redutor Genius, incluindo O-ring (conjunto de 2 pe\u00e7as)"}]},{"@type":"WebSite","@id":"https:\/\/recambiosecogas.com\/pt-pt\/#website","url":"https:\/\/recambiosecogas.com\/pt-pt\/","name":"Recambios EcoGas","description":"Pe\u00e7as multimarca para sistemas de GPL\/GNC\/GNL\/Hidrog\u00e9nio","publisher":{"@id":"https:\/\/recambiosecogas.com\/pt-pt\/#organization"},"alternateName":"Recambios Autogas GLP","potentialAction":[{"@type":"SearchAction","target":{"@type":"EntryPoint","urlTemplate":"https:\/\/recambiosecogas.com\/pt-pt\/?s={search_term_string}"},"query-input":{"@type":"PropertyValueSpecification","valueRequired":true,"valueName":"search_term_string"}}],"inLanguage":"pt-PT"},{"@type":["Organization","Place"],"@id":"https:\/\/recambiosecogas.com\/pt-pt\/#organization","name":"Recambios EcoGas","alternateName":"Loja de GPL Autog\u00e1s Espanha","url":"https:\/\/recambiosecogas.com\/pt-pt\/","logo":{"@id":"https:\/\/recambiosecogas.com\/pt-pt\/produto\/conexao-de-agua-de-latao-brc-para-redutor-genius-incluindo-o-ring-conjunto-de-2-pecas\/#local-main-organization-logo"},"image":{"@id":"https:\/\/recambiosecogas.com\/pt-pt\/produto\/conexao-de-agua-de-latao-brc-para-redutor-genius-incluindo-o-ring-conjunto-de-2-pecas\/#local-main-organization-logo"},"sameAs":["https:\/\/www.facebook.com\/profile.php?id=100062419705358","https:\/\/www.instagram.com\/segimon_automocio"],"description":"Recambios EcoGas \u2013 Venta y distribuci\u00f3n de sistemas GLP y GNC en Espa\u00f1a y Portugal. Env\u00edos 24 h, soporte t\u00e9cnico a talleres y distribuidores.","hasMerchantReturnPolicy":{"@type":"MerchantReturnPolicy","merchantReturnLink":"https:\/\/recambiosecogas.com\/politicas-privacidad\/"},"address":{"@id":"https:\/\/recambiosecogas.com\/pt-pt\/produto\/conexao-de-agua-de-latao-brc-para-redutor-genius-incluindo-o-ring-conjunto-de-2-pecas\/#local-main-place-address"},"telephone":["616250633"],"contactPoint":{"@type":"ContactPoint","email":"export@recambiosecogas.com"},"openingHoursSpecification":[{"@type":"OpeningHoursSpecification","dayOfWeek":["Monday","Tuesday","Wednesday","Thursday","Friday","Saturday","Sunday"],"opens":"09:00","closes":"17:00"}],"email":"info@recambiosecogas.com","faxNumber":"SEGIMON AUTOMOCION SL","vatID":"ESB19819861","globalLocationNumber":"938 616 339"},{"@type":"PostalAddress","@id":"https:\/\/recambiosecogas.com\/pt-pt\/produto\/conexao-de-agua-de-latao-brc-para-redutor-genius-incluindo-o-ring-conjunto-de-2-pecas\/#local-main-place-address","streetAddress":"cami antic de vic, 29 (Nave 3), Pol\u00edgono Industrial Congost","addressLocality":"CORRO D`AVALL","postalCode":"08520","addressRegion":"Barcelona","addressCountry":"ES"},{"@type":"ImageObject","inLanguage":"pt-PT","@id":"https:\/\/recambiosecogas.com\/pt-pt\/produto\/conexao-de-agua-de-latao-brc-para-redutor-genius-incluindo-o-ring-conjunto-de-2-pecas\/#local-main-organization-logo","url":"https:\/\/recambiosecogas.com\/wp-content\/uploads\/2024\/11\/cropped-RECAMBIOS-GLP-png.webp","contentUrl":"https:\/\/recambiosecogas.com\/wp-content\/uploads\/2024\/11\/cropped-RECAMBIOS-GLP-png.webp","width":512,"height":512,"caption":"Recambios EcoGas"}]},"product_price_amount":"14.99","product_price_currency":"EUR","og_availability":"backorder","product_availability":"available for order","product_retailer_item_id":"104944","product_condition":"new","geo.placename":"CORRO D`AVALL","geo.region":"Espanha"},"uagb_featured_image_src":{"full":["https:\/\/recambiosecogas.com\/wp-content\/uploads\/2024\/11\/BRC-conexion-de-agua-de-laton-para-reductor-Genius-incl.-junta-torica-set-de-2-piezas-png.webp",1000,1000,false],"thumbnail":["https:\/\/recambiosecogas.com\/wp-content\/uploads\/2024\/11\/BRC-conexion-de-agua-de-laton-para-reductor-Genius-incl.-junta-torica-set-de-2-piezas-150x150.webp",150,150,true],"medium":["https:\/\/recambiosecogas.com\/wp-content\/uploads\/2024\/11\/BRC-conexion-de-agua-de-laton-para-reductor-Genius-incl.-junta-torica-set-de-2-piezas-300x300.webp",300,300,true],"medium_large":["https:\/\/recambiosecogas.com\/wp-content\/uploads\/2024\/11\/BRC-conexion-de-agua-de-laton-para-reductor-Genius-incl.-junta-torica-set-de-2-piezas-768x768.webp",768,768,true],"large":["https:\/\/recambiosecogas.com\/wp-content\/uploads\/2024\/11\/BRC-conexion-de-agua-de-laton-para-reductor-Genius-incl.-junta-torica-set-de-2-piezas-png.webp",1000,1000,false],"1536x1536":["https:\/\/recambiosecogas.com\/wp-content\/uploads\/2024\/11\/BRC-conexion-de-agua-de-laton-para-reductor-Genius-incl.-junta-torica-set-de-2-piezas-png.webp",1000,1000,false],"2048x2048":["https:\/\/recambiosecogas.com\/wp-content\/uploads\/2024\/11\/BRC-conexion-de-agua-de-laton-para-reductor-Genius-incl.-junta-torica-set-de-2-piezas-png.webp",1000,1000,false],"woocommerce_archive_thumbnail":["https:\/\/recambiosecogas.com\/wp-content\/uploads\/2024\/11\/BRC-conexion-de-agua-de-laton-para-reductor-Genius-incl.-junta-torica-set-de-2-piezas-png.webp",1000,1000,false],"woocommerce_thumbnail":["https:\/\/recambiosecogas.com\/wp-content\/uploads\/2024\/11\/BRC-conexion-de-agua-de-laton-para-reductor-Genius-incl.-junta-torica-set-de-2-piezas-png-300x300.webp",300,300,true],"woocommerce_single":["https:\/\/recambiosecogas.com\/wp-content\/uploads\/2024\/11\/BRC-conexion-de-agua-de-laton-para-reductor-Genius-incl.-junta-torica-set-de-2-piezas-png.webp",1000,1000,false],"woocommerce_gallery_thumbnail":["https:\/\/recambiosecogas.com\/wp-content\/uploads\/2024\/11\/BRC-conexion-de-agua-de-laton-para-reductor-Genius-incl.-junta-torica-set-de-2-piezas-png.webp",1000,1000,false],"dgwt-wcas-product-suggestion":["https:\/\/recambiosecogas.com\/wp-content\/uploads\/2024\/11\/BRC-conexion-de-agua-de-laton-para-reductor-Genius-incl.-junta-torica-set-de-2-piezas-png-64x64.webp",64,64,true]},"uagb_author_info":{"display_name":"Fran - Soporte T\u00e9cnico","author_link":"https:\/\/recambiosecogas.com\/pt-pt\/author\/"},"uagb_comment_info":0,"uagb_excerpt":"Conex\u00e3o de \u00e1gua de lat\u00e3o BRC para redutor Genius, incluindo O-ring (conjunto de 2 pe\u00e7as)","_links":{"self":[{"href":"https:\/\/recambiosecogas.com\/pt-pt\/wp-json\/wp\/v2\/product\/40850","targetHints":{"allow":["GET"]}}],"collection":[{"href":"https:\/\/recambiosecogas.com\/pt-pt\/wp-json\/wp\/v2\/product"}],"about":[{"href":"https:\/\/recambiosecogas.com\/pt-pt\/wp-json\/wp\/v2\/types\/product"}],"replies":[{"embeddable":true,"href":"https:\/\/recambiosecogas.com\/pt-pt\/wp-json\/wp\/v2\/comments?post=40850"}],"wp:featuredmedia":[{"embeddable":true,"href":"https:\/\/recambiosecogas.com\/pt-pt\/wp-json\/wp\/v2\/media\/25277"}],"wp:attachment":[{"href":"https:\/\/recambiosecogas.com\/pt-pt\/wp-json\/wp\/v2\/media?parent=40850"}],"wp:term":[{"taxonomy":"product_brand","embeddable":true,"href":"https:\/\/recambiosecogas.com\/pt-pt\/wp-json\/wp\/v2\/product_brand?post=40850"},{"taxonomy":"product_cat","embeddable":true,"href":"https:\/\/recambiosecogas.com\/pt-pt\/wp-json\/wp\/v2\/product_cat?post=40850"},{"taxonomy":"product_tag","embeddable":true,"href":"https:\/\/recambiosecogas.com\/pt-pt\/wp-json\/wp\/v2\/product_tag?post=40850"}],"curies":[{"name":"wp","href":"https:\/\/api.w.org\/{rel}","templated":true}]}}