{"id":40789,"date":"2024-12-05T17:10:03","date_gmt":"2024-12-05T17:10:03","guid":{"rendered":"https:\/\/recambiosecogas.com\/producto\/bayonet-lpg-adaptador-m16-drehmeister\/"},"modified":"2026-04-08T10:21:34","modified_gmt":"2026-04-08T09:21:34","slug":"drehmeister-adaptador-de-boquilla-de-suministro-bayoneta-m16-rosca-interna","status":"publish","type":"product","link":"https:\/\/recambiosecogas.com\/pt-pt\/producto\/drehmeister-adaptador-de-boquilla-de-suministro-bayoneta-m16-rosca-interna\/","title":{"rendered":"Adaptador LPG para baioneta M16 | Fio Interno"},"content":{"rendered":"<h3 data-start=\"306\" data-end=\"411\"><strong data-start=\"310\" data-end=\"411\">Adaptador LPG para baioneta M16 | DREHMEISTER \u2013 Compat\u00edvel com sistemas de mini-reabastecimento<\/strong><\/h3>\n<p data-start=\"413\" data-end=\"883\">Adaptador LPG para baioneta M16 | O DREHMEISTER \u00e9 um acess\u00f3rio essencial para o abastecimento de ve\u00edculos autog\u00e1s em pa\u00edses que utilizam o <strong data-start=\"571\" data-end=\"603\">sistema de liga\u00e7\u00e3o por baioneta<\/strong>, como o <strong data-start=\"610\" data-end=\"674\">Reino Unido, os Pa\u00edses Baixos, a Noruega e algumas regi\u00f5es de Espanha<\/strong>. Concebido para ser montado em sistemas de reabastecimento ocultos como <strong data-start=\"740\" data-end=\"768\">Tomasetto, OMB ou Rotarex<\/strong>, este adaptador permite uma liga\u00e7\u00e3o segura e estanque entre a v\u00e1lvula do dep\u00f3sito e o canh\u00e3o de reabastecimento de GPL. <\/p>\n<p data-start=\"885\" data-end=\"1332\">Feito <strong data-start=\"898\" data-end=\"923\">de lat\u00e3o de alta qualidade<\/strong> e usinado com grande precis\u00e3o, garante <strong data-start=\"971\" data-end=\"1005\">uma instala\u00e7\u00e3o est\u00e1vel, sem fugas<\/strong> e um encaixe perfeito mesmo em espa\u00e7os apertados. Al\u00e9m disso, o <strong data-start=\"1080\" data-end=\"1109\">seu design com rosca interna W21.8&#215;1\/14&#8243;<\/strong> permite que seja usado como <strong data-start=\"1138\" data-end=\"1198\">extens\u00e3o para outros adaptadores ACME, DISH ou Euronozzle<\/strong> que utilizam rosca externa W21.8&#215;1\/14&#8243;. <em data-start=\"1240\" data-end=\"1332\">(Recomenda-se cautela para evitar alavancagem excessiva sobre a v\u00e1lvula do tanque de GPL.) <span style=\"color: #ffffff;\">\u00a9Pe\u00e7as sobressalentes EcoGas<\/span><\/em> <\/p>\n<p data-start=\"885\" data-end=\"1332\"><strong data-start=\"610\" data-end=\"674\">Reino Unido, Pa\u00edses Baixos, Noruega e algumas \u00e1reas de Espanha<\/strong>. <span style=\"color: #ffffff;\">\u00a9Pe\u00e7as sobressalentes EcoGas<\/span><\/p>\n<p data-start=\"1334\" data-end=\"1438\">Dispon\u00edvel em <strong data-start=\"1348\" data-end=\"1363\">dois tamanhos<\/strong>: 64 mm e 88 mm de comprimento, dependendo das necessidades de acesso ao ponto de carga. <span style=\"color: #ffffff;\">\u00a9Pe\u00e7as sobressalentes EcoGas<\/span><\/p>\n<hr class=\"\" data-start=\"1440\" data-end=\"1443\">\n<h4 data-start=\"1445\" data-end=\"1518\"><strong data-start=\"1449\" data-end=\"1518\">Caracter\u00edsticas T\u00e9cnicas \u2013 Adaptador de Baioneta M16 (rosca interna) <span style=\"color: #ffffff;\">\u00a9Pe\u00e7as sobressalentes EcoGas<\/span><\/strong><\/h4>\n<div class=\"overflow-x-auto contain-inline-size\">\n<table data-start=\"1520\" data-end=\"2632\">\n<thead data-start=\"1520\" data-end=\"1621\">\n<tr data-start=\"1520\" data-end=\"1621\">\n<th data-start=\"1520\" data-end=\"1549\">Especifica\u00e7\u00f5es<\/th>\n<th data-start=\"1549\" data-end=\"1621\">Detalhes<\/th>\n<\/tr>\n<\/thead>\n<tbody data-start=\"1723\" data-end=\"2632\">\n<tr data-start=\"1723\" data-end=\"1823\">\nTipo <\/p>\n<td><strong data-start=\"1725\" data-end=\"1745\">de produto<\/strong><\/td>\n<td>Adaptador de bocal de GLP \u2013 tipo baioneta<\/td>\n<\/tr>\n<tr data-start=\"1824\" data-end=\"1924\">\n<td><strong data-start=\"1826\" data-end=\"1849\">Sistema de Liga\u00e7\u00e3o<\/strong><\/td>\n<td>Baioneta (Baioneta)<\/td>\n<\/tr>\n<tr data-start=\"1925\" data-end=\"2025\">\n<td><strong data-start=\"1927\" data-end=\"1948\">Fio de liga\u00e7\u00e3o<\/strong><\/td>\n<td>M16x1.5 (rosca interna)<\/td>\n<\/tr>\n<tr data-start=\"2026\" data-end=\"2126\">\n<td><strong data-start=\"2028\" data-end=\"2040\">Material<\/strong><\/td>\n<td>Lat\u00e3o<\/td>\n<\/tr>\n<tr data-start=\"2127\" data-end=\"2227\">\n<td><strong data-start=\"2129\" data-end=\"2155\">Comprimentos<\/strong><\/td>\n<p> dispon\u00edveis<\/p>\n<td>64 mm \/ 88 mm<\/td>\n<\/tr>\n<tr data-start=\"2228\" data-end=\"2330\">\n<td><strong data-start=\"2230\" data-end=\"2244\">Aplica\u00e7\u00e3o<\/strong><\/td>\n<td>Reabastecimento de ve\u00edculos de GPL no Reino Unido, Pa\u00edses Baixos, Noruega, etc.<\/td>\n<\/tr>\n<tr data-start=\"2331\" data-end=\"2431\">\n<td><strong data-start=\"2333\" data-end=\"2354\">Fun\u00e7\u00e3o adicional<\/strong><\/td>\n<td>Pode ser usado como extens\u00e3o para adaptadores com rosca W21.8&#215;1\/14&#8243;<\/td>\n<\/tr>\n<tr data-start=\"2432\" data-end=\"2531\">\n<td><strong data-start=\"2434\" data-end=\"2452\">Compat\u00edvel com<\/strong><\/td>\n<td>Tomasetto, OMB, Rotarex (mini sistemas de reabastecimento)<\/td>\n<\/tr>\n<tr data-start=\"2532\" data-end=\"2632\">\n<td><strong data-start=\"2534\" data-end=\"2548\">Fabricante<\/strong><\/td>\n<td>DREHMEISTER<\/td>\n<\/tr>\n<\/tbody>\n<\/table>\n<\/div>\n<blockquote data-start=\"2634\" data-end=\"2750\">\n<p data-start=\"2636\" data-end=\"2750\"><em><strong>Ideal para ve\u00edculos com ponto de carregamento escondido e reabastecimento internacional em esta\u00e7\u00f5es do tipo baioneta.<span style=\"color: #ffffff;\">\u00a9RecambiosEcoGas<\/span><\/strong><\/em><\/p>\n<\/blockquote>\n<p><a href=\"https:\/\/recambiosecogas.com\/pt-pt\/categoria-produto\/filtros-gpl-lpg\/\">COMPRE MAIS PRODUTOS ONLINE NA NOSSA LOJA<\/a><\/p>\n<p><a href=\"http:\/\/www.segimonautomocio.com\/\">CONVERTA PARA GPL NA NOSSA OFICINA OFICIAL DE INSTALA\u00c7\u00c3O, MAIS INFORMA\u00c7\u00d5ES NO NOSSO SITE DA OFICINA<\/a><\/p>\n","protected":false},"excerpt":{"rendered":"<p>Adaptador LPG para baioneta M16 | DREHMEISTER \u2013 Compat\u00edvel com sistemas de mini-reabastecimento Adaptador LPG para baioneta M16 | O DREHMEISTER \u00e9 um acess\u00f3rio essencial para o abastecimento de ve\u00edculos autog\u00e1s em pa\u00edses que utilizam o sistema de liga\u00e7\u00e3o por baioneta, como o Reino Unido, os Pa\u00edses Baixos, a Noruega e algumas regi\u00f5es de Espanha. [&hellip;]<\/p>\n","protected":false},"featured_media":23139,"comment_status":"open","ping_status":"closed","template":"","meta":{"_uag_custom_page_level_css":""},"product_brand":[],"product_cat":[1461,1826,1829,1688,1823],"product_tag":[1198,1201,1203],"class_list":{"0":"post-40789","1":"product","2":"type-product","3":"status-publish","4":"has-post-thumbnail","6":"product_cat-adaptador-gpl","7":"product_cat-adaptadors-glp","8":"product_cat-adaptadores-por-pais","9":"product_cat-drehmeister-pt-pt","10":"product_cat-reabastecer","11":"product_tag-adaptador-gra-bretanha","12":"product_tag-adaptador-noruega-pt-pt","13":"product_tag-adaptador-para-holanda","15":"first","16":"onbackorder","17":"taxable","18":"shipping-taxable","19":"purchasable","20":"product-type-variable"},"ct_brands":[],"yoast_head":"<!-- This site is optimized with the Yoast SEO Premium plugin v27.5 (Yoast SEO v27.6) - https:\/\/yoast.com\/product\/yoast-seo-premium-wordpress\/ -->\n<title>Adaptador LPG para baioneta M16 | Fio Interno |Recambios EcoGas |<\/title>\n<meta name=\"description\" content=\"Adaptador baioneta DREHMEISTER M16, rosca interna. Compat\u00edvel com mini-sistemas Tomasetto, OMB e Rotarex. Comprimento 64 ou 88 mm.\" \/>\n<meta name=\"robots\" content=\"index, follow, max-snippet:-1, max-image-preview:large, max-video-preview:-1\" \/>\n<link rel=\"canonical\" href=\"https:\/\/recambiosecogas.com\/pt-pt\/producto\/drehmeister-adaptador-de-boquilla-de-suministro-bayoneta-m16-rosca-interna\/\" \/>\n<meta property=\"og:locale\" content=\"pt_PT\" \/>\n<meta property=\"og:type\" content=\"article\" \/>\n<meta property=\"og:title\" content=\"Adaptador LPG para baioneta M16 | Fio Interno\" \/>\n<meta property=\"og:description\" content=\"Adaptador baioneta DREHMEISTER M16, rosca interna. Compat\u00edvel com mini-sistemas Tomasetto, OMB e Rotarex. Comprimento 64 ou 88 mm.\" \/>\n<meta property=\"og:url\" content=\"https:\/\/recambiosecogas.com\/pt-pt\/producto\/drehmeister-adaptador-de-boquilla-de-suministro-bayoneta-m16-rosca-interna\/\" \/>\n<meta property=\"og:site_name\" content=\"Recambios EcoGas\" \/>\n<meta property=\"article:publisher\" content=\"https:\/\/www.facebook.com\/profile.php?id=100062419705358\" \/>\n<meta property=\"article:modified_time\" content=\"2026-04-08T09:21:34+00:00\" \/>\n<meta property=\"og:image\" content=\"https:\/\/recambiosecogas.com\/wp-content\/uploads\/2024\/12\/DREHMEISTER-adaptador-de-boquilla-de-suministro-Bayoneta-M16-rosca-interna-png.webp\" \/>\n\t<meta property=\"og:image:width\" content=\"1000\" \/>\n\t<meta property=\"og:image:height\" content=\"1000\" \/>\n\t<meta property=\"og:image:type\" content=\"image\/png\" \/>\n<meta name=\"twitter:card\" content=\"summary_large_image\" \/>\n<meta name=\"twitter:label1\" content=\"Disponibilidade\" \/>\n\t<meta name=\"twitter:data1\" content=\"Por encomenda\" \/>\n<script type=\"application\/ld+json\" class=\"yoast-schema-graph\">{\"@context\":\"https:\\\/\\\/schema.org\",\"@graph\":[{\"@type\":\"WebPage\",\"@id\":\"https:\\\/\\\/recambiosecogas.com\\\/pt-pt\\\/producto\\\/drehmeister-adaptador-de-boquilla-de-suministro-bayoneta-m16-rosca-interna\\\/\",\"url\":\"https:\\\/\\\/recambiosecogas.com\\\/pt-pt\\\/producto\\\/drehmeister-adaptador-de-boquilla-de-suministro-bayoneta-m16-rosca-interna\\\/\",\"name\":\"Adaptador LPG para baioneta M16 | Fio Interno |Recambios EcoGas |\",\"isPartOf\":{\"@id\":\"https:\\\/\\\/recambiosecogas.com\\\/pt-pt\\\/#website\"},\"primaryImageOfPage\":{\"@id\":\"https:\\\/\\\/recambiosecogas.com\\\/pt-pt\\\/producto\\\/drehmeister-adaptador-de-boquilla-de-suministro-bayoneta-m16-rosca-interna\\\/#primaryimage\"},\"image\":{\"@id\":\"https:\\\/\\\/recambiosecogas.com\\\/pt-pt\\\/producto\\\/drehmeister-adaptador-de-boquilla-de-suministro-bayoneta-m16-rosca-interna\\\/#primaryimage\"},\"thumbnailUrl\":\"https:\\\/\\\/recambiosecogas.com\\\/wp-content\\\/uploads\\\/2024\\\/12\\\/DREHMEISTER-adaptador-de-boquilla-de-suministro-Bayoneta-M16-rosca-interna-png.webp\",\"datePublished\":\"2024-12-05T17:10:03+00:00\",\"dateModified\":\"2026-04-08T09:21:34+00:00\",\"description\":\"Adaptador baioneta DREHMEISTER M16, rosca interna. Compat\u00edvel com mini-sistemas Tomasetto, OMB e Rotarex. Comprimento 64 ou 88 mm.\",\"breadcrumb\":{\"@id\":\"https:\\\/\\\/recambiosecogas.com\\\/pt-pt\\\/producto\\\/drehmeister-adaptador-de-boquilla-de-suministro-bayoneta-m16-rosca-interna\\\/#breadcrumb\"},\"inLanguage\":\"pt-PT\",\"potentialAction\":[{\"@type\":\"ReadAction\",\"target\":[\"https:\\\/\\\/recambiosecogas.com\\\/pt-pt\\\/producto\\\/drehmeister-adaptador-de-boquilla-de-suministro-bayoneta-m16-rosca-interna\\\/\"]}]},{\"@type\":\"ImageObject\",\"inLanguage\":\"pt-PT\",\"@id\":\"https:\\\/\\\/recambiosecogas.com\\\/pt-pt\\\/producto\\\/drehmeister-adaptador-de-boquilla-de-suministro-bayoneta-m16-rosca-interna\\\/#primaryimage\",\"url\":\"https:\\\/\\\/recambiosecogas.com\\\/wp-content\\\/uploads\\\/2024\\\/12\\\/DREHMEISTER-adaptador-de-boquilla-de-suministro-Bayoneta-M16-rosca-interna-png.webp\",\"contentUrl\":\"https:\\\/\\\/recambiosecogas.com\\\/wp-content\\\/uploads\\\/2024\\\/12\\\/DREHMEISTER-adaptador-de-boquilla-de-suministro-Bayoneta-M16-rosca-interna-png.webp\",\"width\":1000,\"height\":1000},{\"@type\":\"BreadcrumbList\",\"@id\":\"https:\\\/\\\/recambiosecogas.com\\\/pt-pt\\\/producto\\\/drehmeister-adaptador-de-boquilla-de-suministro-bayoneta-m16-rosca-interna\\\/#breadcrumb\",\"itemListElement\":[{\"@type\":\"ListItem\",\"position\":1,\"name\":\"P\u00e1gina inicial\",\"item\":\"https:\\\/\\\/recambiosecogas.com\\\/pt-pt\\\/\"},{\"@type\":\"ListItem\",\"position\":2,\"name\":\"Loja\",\"item\":\"https:\\\/\\\/recambiosecogas.com\\\/pt-pt\\\/tienda\\\/\"},{\"@type\":\"ListItem\",\"position\":3,\"name\":\"Adaptador LPG para baioneta M16 | Fio Interno\"}]},{\"@type\":\"WebSite\",\"@id\":\"https:\\\/\\\/recambiosecogas.com\\\/pt-pt\\\/#website\",\"url\":\"https:\\\/\\\/recambiosecogas.com\\\/pt-pt\\\/\",\"name\":\"Recambios EcoGas\",\"description\":\"Pe\u00e7as multimarca para sistemas de GPL\\\/GNC\\\/GNL\\\/Hidrog\u00e9nio\",\"publisher\":{\"@id\":\"https:\\\/\\\/recambiosecogas.com\\\/pt-pt\\\/#organization\"},\"alternateName\":\"Recambios Autogas GLP\",\"potentialAction\":[{\"@type\":\"SearchAction\",\"target\":{\"@type\":\"EntryPoint\",\"urlTemplate\":\"https:\\\/\\\/recambiosecogas.com\\\/pt-pt\\\/?s={search_term_string}\"},\"query-input\":{\"@type\":\"PropertyValueSpecification\",\"valueRequired\":true,\"valueName\":\"search_term_string\"}}],\"inLanguage\":\"pt-PT\"},{\"@type\":[\"Organization\",\"Place\"],\"@id\":\"https:\\\/\\\/recambiosecogas.com\\\/pt-pt\\\/#organization\",\"name\":\"Recambios EcoGas\",\"alternateName\":\"Loja de GPL Autog\u00e1s Espanha\",\"url\":\"https:\\\/\\\/recambiosecogas.com\\\/pt-pt\\\/\",\"logo\":{\"@id\":\"https:\\\/\\\/recambiosecogas.com\\\/pt-pt\\\/producto\\\/drehmeister-adaptador-de-boquilla-de-suministro-bayoneta-m16-rosca-interna\\\/#local-main-organization-logo\"},\"image\":{\"@id\":\"https:\\\/\\\/recambiosecogas.com\\\/pt-pt\\\/producto\\\/drehmeister-adaptador-de-boquilla-de-suministro-bayoneta-m16-rosca-interna\\\/#local-main-organization-logo\"},\"sameAs\":[\"https:\\\/\\\/www.facebook.com\\\/profile.php?id=100062419705358\",\"https:\\\/\\\/www.instagram.com\\\/segimon_automocio\"],\"description\":\"Recambios EcoGas \u2013 Venta y distribuci\u00f3n de sistemas GLP y GNC en Espa\u00f1a y Portugal. Env\u00edos 24 h, soporte t\u00e9cnico a talleres y distribuidores.\",\"hasMerchantReturnPolicy\":{\"@type\":\"MerchantReturnPolicy\",\"merchantReturnLink\":\"https:\\\/\\\/recambiosecogas.com\\\/politicas-privacidad\\\/\"},\"address\":{\"@id\":\"https:\\\/\\\/recambiosecogas.com\\\/pt-pt\\\/producto\\\/drehmeister-adaptador-de-boquilla-de-suministro-bayoneta-m16-rosca-interna\\\/#local-main-place-address\"},\"telephone\":[\"616250633\"],\"contactPoint\":{\"@type\":\"ContactPoint\",\"email\":\"export@recambiosecogas.com\"},\"openingHoursSpecification\":[{\"@type\":\"OpeningHoursSpecification\",\"dayOfWeek\":[\"Monday\",\"Tuesday\",\"Wednesday\",\"Thursday\",\"Friday\",\"Saturday\",\"Sunday\"],\"opens\":\"09:00\",\"closes\":\"17:00\"}],\"email\":\"info@recambiosecogas.com\",\"faxNumber\":\"SEGIMON AUTOMOCION SL\",\"vatID\":\"ESB19819861\",\"globalLocationNumber\":\"938 616 339\"},{\"@type\":\"PostalAddress\",\"@id\":\"https:\\\/\\\/recambiosecogas.com\\\/pt-pt\\\/producto\\\/drehmeister-adaptador-de-boquilla-de-suministro-bayoneta-m16-rosca-interna\\\/#local-main-place-address\",\"streetAddress\":\"cami antic de vic, 29 (Nave 3), Pol\u00edgono Industrial Congost\",\"addressLocality\":\"CORRO D`AVALL\",\"postalCode\":\"08520\",\"addressRegion\":\"Barcelona\",\"addressCountry\":\"ES\"},{\"@type\":\"ImageObject\",\"inLanguage\":\"pt-PT\",\"@id\":\"https:\\\/\\\/recambiosecogas.com\\\/pt-pt\\\/producto\\\/drehmeister-adaptador-de-boquilla-de-suministro-bayoneta-m16-rosca-interna\\\/#local-main-organization-logo\",\"url\":\"https:\\\/\\\/recambiosecogas.com\\\/wp-content\\\/uploads\\\/2024\\\/11\\\/cropped-RECAMBIOS-GLP-png.webp\",\"contentUrl\":\"https:\\\/\\\/recambiosecogas.com\\\/wp-content\\\/uploads\\\/2024\\\/11\\\/cropped-RECAMBIOS-GLP-png.webp\",\"width\":512,\"height\":512,\"caption\":\"Recambios EcoGas\"}]}<\/script>\n<meta property=\"og:availability\" content=\"backorder\" \/>\n<meta property=\"product:availability\" content=\"available for order\" \/>\n<meta property=\"product:retailer_item_id\" content=\"111526\" \/>\n<meta property=\"product:condition\" content=\"new\" \/>\n<meta name=\"geo.placename\" content=\"CORRO D`AVALL\" \/>\n<meta name=\"geo.region\" content=\"Espanha\" \/>\n<!-- \/ Yoast SEO Premium plugin. -->","yoast_head_json":{"title":"Adaptador LPG para baioneta M16 | Fio Interno |Recambios EcoGas |","description":"Adaptador baioneta DREHMEISTER M16, rosca interna. Compat\u00edvel com mini-sistemas Tomasetto, OMB e Rotarex. Comprimento 64 ou 88 mm.","robots":{"index":"index","follow":"follow","max-snippet":"max-snippet:-1","max-image-preview":"max-image-preview:large","max-video-preview":"max-video-preview:-1"},"canonical":"https:\/\/recambiosecogas.com\/pt-pt\/producto\/drehmeister-adaptador-de-boquilla-de-suministro-bayoneta-m16-rosca-interna\/","og_locale":"pt_PT","og_type":"article","og_title":"Adaptador LPG para baioneta M16 | Fio Interno","og_description":"Adaptador baioneta DREHMEISTER M16, rosca interna. Compat\u00edvel com mini-sistemas Tomasetto, OMB e Rotarex. Comprimento 64 ou 88 mm.","og_url":"https:\/\/recambiosecogas.com\/pt-pt\/producto\/drehmeister-adaptador-de-boquilla-de-suministro-bayoneta-m16-rosca-interna\/","og_site_name":"Recambios EcoGas","article_publisher":"https:\/\/www.facebook.com\/profile.php?id=100062419705358","article_modified_time":"2026-04-08T09:21:34+00:00","og_image":[{"width":1000,"height":1000,"url":"https:\/\/recambiosecogas.com\/wp-content\/uploads\/2024\/12\/DREHMEISTER-adaptador-de-boquilla-de-suministro-Bayoneta-M16-rosca-interna-png.webp","type":"image\/png"}],"twitter_card":"summary_large_image","twitter_misc":{"Disponibilidade":"Por encomenda"},"schema":{"@context":"https:\/\/schema.org","@graph":[{"@type":"WebPage","@id":"https:\/\/recambiosecogas.com\/pt-pt\/producto\/drehmeister-adaptador-de-boquilla-de-suministro-bayoneta-m16-rosca-interna\/","url":"https:\/\/recambiosecogas.com\/pt-pt\/producto\/drehmeister-adaptador-de-boquilla-de-suministro-bayoneta-m16-rosca-interna\/","name":"Adaptador LPG para baioneta M16 | Fio Interno |Recambios EcoGas |","isPartOf":{"@id":"https:\/\/recambiosecogas.com\/pt-pt\/#website"},"primaryImageOfPage":{"@id":"https:\/\/recambiosecogas.com\/pt-pt\/producto\/drehmeister-adaptador-de-boquilla-de-suministro-bayoneta-m16-rosca-interna\/#primaryimage"},"image":{"@id":"https:\/\/recambiosecogas.com\/pt-pt\/producto\/drehmeister-adaptador-de-boquilla-de-suministro-bayoneta-m16-rosca-interna\/#primaryimage"},"thumbnailUrl":"https:\/\/recambiosecogas.com\/wp-content\/uploads\/2024\/12\/DREHMEISTER-adaptador-de-boquilla-de-suministro-Bayoneta-M16-rosca-interna-png.webp","datePublished":"2024-12-05T17:10:03+00:00","dateModified":"2026-04-08T09:21:34+00:00","description":"Adaptador baioneta DREHMEISTER M16, rosca interna. Compat\u00edvel com mini-sistemas Tomasetto, OMB e Rotarex. Comprimento 64 ou 88 mm.","breadcrumb":{"@id":"https:\/\/recambiosecogas.com\/pt-pt\/producto\/drehmeister-adaptador-de-boquilla-de-suministro-bayoneta-m16-rosca-interna\/#breadcrumb"},"inLanguage":"pt-PT","potentialAction":[{"@type":"ReadAction","target":["https:\/\/recambiosecogas.com\/pt-pt\/producto\/drehmeister-adaptador-de-boquilla-de-suministro-bayoneta-m16-rosca-interna\/"]}]},{"@type":"ImageObject","inLanguage":"pt-PT","@id":"https:\/\/recambiosecogas.com\/pt-pt\/producto\/drehmeister-adaptador-de-boquilla-de-suministro-bayoneta-m16-rosca-interna\/#primaryimage","url":"https:\/\/recambiosecogas.com\/wp-content\/uploads\/2024\/12\/DREHMEISTER-adaptador-de-boquilla-de-suministro-Bayoneta-M16-rosca-interna-png.webp","contentUrl":"https:\/\/recambiosecogas.com\/wp-content\/uploads\/2024\/12\/DREHMEISTER-adaptador-de-boquilla-de-suministro-Bayoneta-M16-rosca-interna-png.webp","width":1000,"height":1000},{"@type":"BreadcrumbList","@id":"https:\/\/recambiosecogas.com\/pt-pt\/producto\/drehmeister-adaptador-de-boquilla-de-suministro-bayoneta-m16-rosca-interna\/#breadcrumb","itemListElement":[{"@type":"ListItem","position":1,"name":"P\u00e1gina inicial","item":"https:\/\/recambiosecogas.com\/pt-pt\/"},{"@type":"ListItem","position":2,"name":"Loja","item":"https:\/\/recambiosecogas.com\/pt-pt\/tienda\/"},{"@type":"ListItem","position":3,"name":"Adaptador LPG para baioneta M16 | Fio Interno"}]},{"@type":"WebSite","@id":"https:\/\/recambiosecogas.com\/pt-pt\/#website","url":"https:\/\/recambiosecogas.com\/pt-pt\/","name":"Recambios EcoGas","description":"Pe\u00e7as multimarca para sistemas de GPL\/GNC\/GNL\/Hidrog\u00e9nio","publisher":{"@id":"https:\/\/recambiosecogas.com\/pt-pt\/#organization"},"alternateName":"Recambios Autogas GLP","potentialAction":[{"@type":"SearchAction","target":{"@type":"EntryPoint","urlTemplate":"https:\/\/recambiosecogas.com\/pt-pt\/?s={search_term_string}"},"query-input":{"@type":"PropertyValueSpecification","valueRequired":true,"valueName":"search_term_string"}}],"inLanguage":"pt-PT"},{"@type":["Organization","Place"],"@id":"https:\/\/recambiosecogas.com\/pt-pt\/#organization","name":"Recambios EcoGas","alternateName":"Loja de GPL Autog\u00e1s Espanha","url":"https:\/\/recambiosecogas.com\/pt-pt\/","logo":{"@id":"https:\/\/recambiosecogas.com\/pt-pt\/producto\/drehmeister-adaptador-de-boquilla-de-suministro-bayoneta-m16-rosca-interna\/#local-main-organization-logo"},"image":{"@id":"https:\/\/recambiosecogas.com\/pt-pt\/producto\/drehmeister-adaptador-de-boquilla-de-suministro-bayoneta-m16-rosca-interna\/#local-main-organization-logo"},"sameAs":["https:\/\/www.facebook.com\/profile.php?id=100062419705358","https:\/\/www.instagram.com\/segimon_automocio"],"description":"Recambios EcoGas \u2013 Venta y distribuci\u00f3n de sistemas GLP y GNC en Espa\u00f1a y Portugal. Env\u00edos 24 h, soporte t\u00e9cnico a talleres y distribuidores.","hasMerchantReturnPolicy":{"@type":"MerchantReturnPolicy","merchantReturnLink":"https:\/\/recambiosecogas.com\/politicas-privacidad\/"},"address":{"@id":"https:\/\/recambiosecogas.com\/pt-pt\/producto\/drehmeister-adaptador-de-boquilla-de-suministro-bayoneta-m16-rosca-interna\/#local-main-place-address"},"telephone":["616250633"],"contactPoint":{"@type":"ContactPoint","email":"export@recambiosecogas.com"},"openingHoursSpecification":[{"@type":"OpeningHoursSpecification","dayOfWeek":["Monday","Tuesday","Wednesday","Thursday","Friday","Saturday","Sunday"],"opens":"09:00","closes":"17:00"}],"email":"info@recambiosecogas.com","faxNumber":"SEGIMON AUTOMOCION SL","vatID":"ESB19819861","globalLocationNumber":"938 616 339"},{"@type":"PostalAddress","@id":"https:\/\/recambiosecogas.com\/pt-pt\/producto\/drehmeister-adaptador-de-boquilla-de-suministro-bayoneta-m16-rosca-interna\/#local-main-place-address","streetAddress":"cami antic de vic, 29 (Nave 3), Pol\u00edgono Industrial Congost","addressLocality":"CORRO D`AVALL","postalCode":"08520","addressRegion":"Barcelona","addressCountry":"ES"},{"@type":"ImageObject","inLanguage":"pt-PT","@id":"https:\/\/recambiosecogas.com\/pt-pt\/producto\/drehmeister-adaptador-de-boquilla-de-suministro-bayoneta-m16-rosca-interna\/#local-main-organization-logo","url":"https:\/\/recambiosecogas.com\/wp-content\/uploads\/2024\/11\/cropped-RECAMBIOS-GLP-png.webp","contentUrl":"https:\/\/recambiosecogas.com\/wp-content\/uploads\/2024\/11\/cropped-RECAMBIOS-GLP-png.webp","width":512,"height":512,"caption":"Recambios EcoGas"}]},"og_availability":"backorder","product_availability":"available for order","product_retailer_item_id":"111526","product_condition":"new","geo.placename":"CORRO D`AVALL","geo.region":"Espanha"},"uagb_featured_image_src":{"full":["https:\/\/recambiosecogas.com\/wp-content\/uploads\/2024\/12\/DREHMEISTER-adaptador-de-boquilla-de-suministro-Bayoneta-M16-rosca-interna-png.webp",1000,1000,false],"thumbnail":["https:\/\/recambiosecogas.com\/wp-content\/uploads\/2024\/12\/DREHMEISTER-adaptador-de-boquilla-de-suministro-Bayoneta-M16-rosca-interna-150x150.webp",150,150,true],"medium":["https:\/\/recambiosecogas.com\/wp-content\/uploads\/2024\/12\/DREHMEISTER-adaptador-de-boquilla-de-suministro-Bayoneta-M16-rosca-interna-300x300.webp",300,300,true],"medium_large":["https:\/\/recambiosecogas.com\/wp-content\/uploads\/2024\/12\/DREHMEISTER-adaptador-de-boquilla-de-suministro-Bayoneta-M16-rosca-interna-768x768.webp",768,768,true],"large":["https:\/\/recambiosecogas.com\/wp-content\/uploads\/2024\/12\/DREHMEISTER-adaptador-de-boquilla-de-suministro-Bayoneta-M16-rosca-interna-png.webp",1000,1000,false],"1536x1536":["https:\/\/recambiosecogas.com\/wp-content\/uploads\/2024\/12\/DREHMEISTER-adaptador-de-boquilla-de-suministro-Bayoneta-M16-rosca-interna-png.webp",1000,1000,false],"2048x2048":["https:\/\/recambiosecogas.com\/wp-content\/uploads\/2024\/12\/DREHMEISTER-adaptador-de-boquilla-de-suministro-Bayoneta-M16-rosca-interna-png.webp",1000,1000,false],"woocommerce_archive_thumbnail":["https:\/\/recambiosecogas.com\/wp-content\/uploads\/2024\/12\/DREHMEISTER-adaptador-de-boquilla-de-suministro-Bayoneta-M16-rosca-interna-png.webp",1000,1000,false],"woocommerce_thumbnail":["https:\/\/recambiosecogas.com\/wp-content\/uploads\/2024\/12\/DREHMEISTER-adaptador-de-boquilla-de-suministro-Bayoneta-M16-rosca-interna-png-300x300.webp",300,300,true],"woocommerce_single":["https:\/\/recambiosecogas.com\/wp-content\/uploads\/2024\/12\/DREHMEISTER-adaptador-de-boquilla-de-suministro-Bayoneta-M16-rosca-interna-png.webp",1000,1000,false],"woocommerce_gallery_thumbnail":["https:\/\/recambiosecogas.com\/wp-content\/uploads\/2024\/12\/DREHMEISTER-adaptador-de-boquilla-de-suministro-Bayoneta-M16-rosca-interna-png.webp",1000,1000,false],"dgwt-wcas-product-suggestion":["https:\/\/recambiosecogas.com\/wp-content\/uploads\/2024\/12\/DREHMEISTER-adaptador-de-boquilla-de-suministro-Bayoneta-M16-rosca-interna-png-64x64.webp",64,64,true]},"uagb_author_info":{"display_name":"Fran - Soporte T\u00e9cnico","author_link":"https:\/\/recambiosecogas.com\/pt-pt\/author\/"},"uagb_comment_info":0,"uagb_excerpt":"Adaptador LPG para baioneta M16 | DREHMEISTER \u2013 Compat\u00edvel com sistemas de mini-reabastecimento Adaptador LPG para baioneta M16 | O DREHMEISTER \u00e9 um acess\u00f3rio essencial para o abastecimento de ve\u00edculos autog\u00e1s em pa\u00edses que utilizam o sistema de liga\u00e7\u00e3o por baioneta, como o Reino Unido, os Pa\u00edses Baixos, a Noruega e algumas regi\u00f5es de Espanha.&hellip;","_links":{"self":[{"href":"https:\/\/recambiosecogas.com\/pt-pt\/wp-json\/wp\/v2\/product\/40789","targetHints":{"allow":["GET"]}}],"collection":[{"href":"https:\/\/recambiosecogas.com\/pt-pt\/wp-json\/wp\/v2\/product"}],"about":[{"href":"https:\/\/recambiosecogas.com\/pt-pt\/wp-json\/wp\/v2\/types\/product"}],"replies":[{"embeddable":true,"href":"https:\/\/recambiosecogas.com\/pt-pt\/wp-json\/wp\/v2\/comments?post=40789"}],"wp:featuredmedia":[{"embeddable":true,"href":"https:\/\/recambiosecogas.com\/pt-pt\/wp-json\/wp\/v2\/media\/23139"}],"wp:attachment":[{"href":"https:\/\/recambiosecogas.com\/pt-pt\/wp-json\/wp\/v2\/media?parent=40789"}],"wp:term":[{"taxonomy":"product_brand","embeddable":true,"href":"https:\/\/recambiosecogas.com\/pt-pt\/wp-json\/wp\/v2\/product_brand?post=40789"},{"taxonomy":"product_cat","embeddable":true,"href":"https:\/\/recambiosecogas.com\/pt-pt\/wp-json\/wp\/v2\/product_cat?post=40789"},{"taxonomy":"product_tag","embeddable":true,"href":"https:\/\/recambiosecogas.com\/pt-pt\/wp-json\/wp\/v2\/product_tag?post=40789"}],"curies":[{"name":"wp","href":"https:\/\/api.w.org\/{rel}","templated":true}]}}