{"id":40756,"date":"2024-12-03T19:05:47","date_gmt":"2024-12-03T18:05:47","guid":{"rendered":"https:\/\/recambiosecogas.com\/producto\/cf-110-cartucho-para-filtro-gpl-f-704\/"},"modified":"2026-04-27T09:25:17","modified_gmt":"2026-04-27T08:25:17","slug":"cf-110-cartucho-para-filtro-gpl-f-704","status":"publish","type":"product","link":"https:\/\/recambiosecogas.com\/pt-pt\/producto\/cf-110-cartucho-para-filtro-gpl-f-704\/","title":{"rendered":"CF-110 Cartucho para Filtro GPL F-704"},"content":{"rendered":"<h3 class=\"\" style=\"text-align: center;\" data-start=\"302\" data-end=\"379\"><strong data-start=\"306\" data-end=\"379\">CF-110 Filtro LPG F-704 \u2013 Bronze Sinterizado com Juntas<\/strong><\/h3>\n<p class=\"\" data-start=\"381\" data-end=\"750\">O <strong data-start=\"384\" data-end=\"413\">elemento filtrante CF-110<\/strong> \u00e9 o substituto original dos filtros de alta press\u00e3o <strong data-start=\"471\" data-end=\"504\">F-704, F-704-B e F-704-W1 LPG<\/strong>, amplamente utilizados em instala\u00e7\u00f5es de autog\u00e1s. Este cartucho \u00e9 feito de <strong data-start=\"587\" data-end=\"609\">bronze sinterizado<\/strong>, o que lhe confere uma <strong data-start=\"634\" data-end=\"678\">grande capacidade de filtra\u00e7\u00e3o (70 m\u00edcrons),<\/strong> resist\u00eancia t\u00e9rmica, e a possibilidade de <strong data-start=\"721\" data-end=\"749\">limpeza e reutiliza\u00e7\u00e3o<\/strong>. <\/p>\n<p class=\"\" data-start=\"752\" data-end=\"1104\">O kit inclui o <strong data-start=\"770\" data-end=\"789\">cartucho CF-110<\/strong>, <strong data-start=\"791\" data-end=\"813\">dois O-rings<\/strong> (an\u00e9is de veda\u00e7\u00e3o) e um <strong data-start=\"833\" data-end=\"851\">selo de lat\u00e3o<\/strong>, garantindo uma instala\u00e7\u00e3o estanque e segura dentro do corpo do filtro. Ele \u00e9 projetado para suportar press\u00f5es de trabalho de at\u00e9 <strong data-start=\"987\" data-end=\"999\">3000 kPa<\/strong> e temperaturas extremas entre <strong data-start=\"1033\" data-end=\"1052\">-20 \u00b0C e 120 \u00b0C<\/strong>, em conformidade com a aprova\u00e7\u00e3o <strong data-start=\"1085\" data-end=\"1103\">E20-67R-010957<\/strong>. <span style=\"color: #ffffff;\">\u00a9EcoGas Pe\u00e7as de Reposi\u00e7\u00e3o<\/span> <\/p>\n<p class=\"\" data-start=\"1106\" data-end=\"1247\">\u00c9 uma op\u00e7\u00e3o ideal para oficinas que requerem <strong data-start=\"1154\" data-end=\"1196\">uma manuten\u00e7\u00e3o econ\u00f3mica e eficiente<\/strong>, sem sacrificar a seguran\u00e7a ou a durabilidade. <span style=\"color: #ffffff;\">\u00a9EcoGas Pe\u00e7as de Reposi\u00e7\u00e3o<\/span><\/p>\n<hr class=\"\" data-start=\"1249\" data-end=\"1252\">\n<h4 data-start=\"1254\" data-end=\"1323\"><strong data-start=\"1258\" data-end=\"1323\">Caracter\u00edsticas T\u00e9cnicas \u2013 Cartucho CF-110 para Filtro GPL F-704 <span style=\"color: #ffffff;\">\u00a9RecambiosEcoGas<\/span><\/strong><\/h4>\n<div class=\"overflow-x-auto contain-inline-size\">\n<table data-start=\"1325\" data-end=\"2107\">\n<thead data-start=\"1325\" data-end=\"1403\">\n<tr data-start=\"1325\" data-end=\"1403\">\n<th data-start=\"1325\" data-end=\"1354\">Especifica\u00e7\u00e3o<\/th>\n<th data-start=\"1354\" data-end=\"1403\">Detalhes<\/th>\n<\/tr>\n<\/thead>\n<tbody data-start=\"1482\" data-end=\"2107\">\n<tr data-start=\"1482\" data-end=\"1559\">\n<td><strong data-start=\"1484\" data-end=\"1504\">Tipo de pe\u00e7a<\/strong><\/td>\n<p> sobresselente<\/p>\n<td>Cartucho de filtro + kit de junta<\/td>\n<\/tr>\n<tr data-start=\"1560\" data-end=\"1637\">\n<td><strong data-start=\"1562\" data-end=\"1574\">Materiais<\/strong><\/td>\n<td>Bronze sinterizado<\/td>\n<\/tr>\n<tr data-start=\"1638\" data-end=\"1715\">\n<td><strong data-start=\"1640\" data-end=\"1654\">Filtra\u00e7\u00e3o<\/strong><\/td>\n<td>70 m\u00edcrons<\/td>\n<\/tr>\n<tr data-start=\"1716\" data-end=\"1793\">\n<td><strong data-start=\"1718\" data-end=\"1736\">Press\u00e3o<\/strong><\/td>\n<td>3000 kPa<\/td>\n<\/tr>\n<tr data-start=\"1794\" data-end=\"1872\">\n<p>Temperatura <\/p>\n<td><strong data-start=\"1796\" data-end=\"1822\">Temperatura<\/strong><\/td>\n<td>\u201320\u00b0C a 120\u00b0C<\/td>\n<\/tr>\n<tr data-start=\"1873\" data-end=\"1950\">\n<td><strong data-start=\"1875\" data-end=\"1886\">Inclui<\/strong><\/td>\n<td>Cartucho CF-110, 2 an\u00e9is vedantes, junta de lat\u00e3o<\/td>\n<\/tr>\n<tr data-start=\"1951\" data-end=\"2029\">\n<td><strong data-start=\"1953\" data-end=\"1971\">Compatibilidade<\/strong><\/td>\n<td>F-704, F-704-B, F-704-W1<\/td>\n<\/tr>\n<tr data-start=\"2030\" data-end=\"2107\">\n<td><strong data-start=\"2032\" data-end=\"2048\">Aprova\u00e7\u00e3o<\/strong><\/td>\n<td>E20-67R-010957<\/td>\n<\/tr>\n<\/tbody>\n<\/table>\n<\/div>\n<blockquote data-start=\"2109\" data-end=\"2232\">\n<p class=\"\" data-start=\"2111\" data-end=\"2232\"><em><strong>Recomendado para substituir a cada manuten\u00e7\u00e3o preventiva ou ap\u00f3s cada 20.000 km, com possibilidade de limpeza peri\u00f3dica.<span style=\"color: #ffffff;\">\u00a9RecambiosEcoGas<\/span><\/strong><\/em><\/p>\n<\/blockquote>\n<p><a href=\"https:\/\/recambiosecogas.com\/categoria-produto\/filtros-gpl-lpg\/?lang=pt-pt\">COMPRE MAIS PRODUTOS ONLINE NA NOSSA LOJA<\/a><\/p>\n<p><a href=\"http:\/\/www.segimonautomocio.com\/\">CONVERTA PARA GPL NA NOSSA OFICINA OFICIAL DE INSTALA\u00c7\u00c3O, MAIS INFORMA\u00c7\u00d5ES NO NOSSO SITE DA OFICINA<\/a><\/p>\n","protected":false},"excerpt":{"rendered":"<p>CF-110 Filtro LPG F-704 \u2013 Bronze Sinterizado com Juntas O elemento filtrante CF-110 \u00e9 o substituto original dos filtros de alta press\u00e3o F-704, F-704-B e F-704-W1 LPG, amplamente utilizados em instala\u00e7\u00f5es de autog\u00e1s. Este cartucho \u00e9 feito de bronze sinterizado, o que lhe confere uma grande capacidade de filtra\u00e7\u00e3o (70 m\u00edcrons), resist\u00eancia t\u00e9rmica, e a [&hellip;]<\/p>\n","protected":false},"featured_media":23407,"comment_status":"open","ping_status":"closed","template":"","meta":{"_uag_custom_page_level_css":""},"product_brand":[614],"product_cat":[1825,1357,1573,1567,1367,1823,1371,1369],"product_tag":[],"class_list":{"0":"post-40756","1":"product","2":"type-product","3":"status-publish","4":"has-post-thumbnail","6":"product_brand-certools","7":"product_cat-acessorios-para-abastecer","8":"product_cat-distribuidores-e-filtros-de-gas","9":"product_cat-fase-liquida-pt-pt","10":"product_cat-filtros-gpl-lpg","11":"product_cat-filtros-para-sistemas-de-regulacao","12":"product_cat-reabastecer","13":"product_cat-substituicao-do-filtro","14":"product_cat-torneiras-de-passagem","16":"first","17":"instock","18":"taxable","19":"shipping-taxable","20":"purchasable","21":"product-type-simple"},"ct_brands":[{"id":614,"name":"CERTOOLS","slug":"certools"}],"yoast_head":"<!-- This site is optimized with the Yoast SEO Premium plugin v27.5 (Yoast SEO v27.6) - https:\/\/yoast.com\/product\/yoast-seo-premium-wordpress\/ -->\n<title>CF-110 Cartucho para Filtro GPL F-704 | Recambios EcoGas | Sistemas GLP y GNC<\/title>\n<meta name=\"description\" content=\"Cartucho CF-110 para filtro GPL F-704. Bronze sinterizado, 70\u03bc, reutiliz\u00e1vel. Inclui juntas. Homologa\u00e7\u00e3o 67R-010957.\" \/>\n<meta name=\"robots\" content=\"index, follow, max-snippet:-1, max-image-preview:large, max-video-preview:-1\" \/>\n<link rel=\"canonical\" href=\"https:\/\/recambiosecogas.com\/pt-pt\/producto\/cf-110-cartucho-para-filtro-gpl-f-704\/\" \/>\n<meta property=\"og:locale\" content=\"pt_PT\" \/>\n<meta property=\"og:type\" content=\"article\" \/>\n<meta property=\"og:title\" content=\"CF-110 Cartucho para Filtro GPL F-704\" \/>\n<meta property=\"og:description\" content=\"Cartucho CF-110 para filtro GPL F-704. Bronze sinterizado, 70\u03bc, reutiliz\u00e1vel. Inclui juntas. Homologa\u00e7\u00e3o 67R-010957.\" \/>\n<meta property=\"og:url\" content=\"https:\/\/recambiosecogas.com\/pt-pt\/producto\/cf-110-cartucho-para-filtro-gpl-f-704\/\" \/>\n<meta property=\"og:site_name\" content=\"Recambios EcoGas\" \/>\n<meta property=\"article:publisher\" content=\"https:\/\/www.facebook.com\/profile.php?id=100062419705358\" \/>\n<meta property=\"article:modified_time\" content=\"2026-04-27T08:25:17+00:00\" \/>\n<meta property=\"og:image\" content=\"https:\/\/recambiosecogas.com\/wp-content\/uploads\/2024\/12\/Elemento-filtrante-para-filtro-de-tuberia-GLP-de-alta-presion-F-704-png.webp\" \/>\n\t<meta property=\"og:image:width\" content=\"1000\" \/>\n\t<meta property=\"og:image:height\" content=\"1000\" \/>\n\t<meta property=\"og:image:type\" content=\"image\/png\" \/>\n<meta name=\"twitter:card\" content=\"summary_large_image\" \/>\n<meta name=\"twitter:label1\" content=\"pre\u00e7o\" \/>\n\t<meta name=\"twitter:data1\" content=\"18,93&nbsp;&euro; (Sin IVA: 15,64&nbsp;&euro;)\" \/>\n\t<meta name=\"twitter:label2\" content=\"Disponibilidade\" \/>\n\t<meta name=\"twitter:data2\" content=\"Em stock\" \/>\n<script type=\"application\/ld+json\" class=\"yoast-schema-graph\">{\"@context\":\"https:\\\/\\\/schema.org\",\"@graph\":[{\"@type\":\"WebPage\",\"@id\":\"https:\\\/\\\/recambiosecogas.com\\\/pt-pt\\\/producto\\\/cf-110-cartucho-para-filtro-gpl-f-704\\\/\",\"url\":\"https:\\\/\\\/recambiosecogas.com\\\/pt-pt\\\/producto\\\/cf-110-cartucho-para-filtro-gpl-f-704\\\/\",\"name\":\"CF-110 Cartucho para Filtro GPL F-704 | Recambios EcoGas | Sistemas GLP y GNC\",\"isPartOf\":{\"@id\":\"https:\\\/\\\/recambiosecogas.com\\\/pt-pt\\\/#website\"},\"primaryImageOfPage\":{\"@id\":\"https:\\\/\\\/recambiosecogas.com\\\/pt-pt\\\/producto\\\/cf-110-cartucho-para-filtro-gpl-f-704\\\/#primaryimage\"},\"image\":{\"@id\":\"https:\\\/\\\/recambiosecogas.com\\\/pt-pt\\\/producto\\\/cf-110-cartucho-para-filtro-gpl-f-704\\\/#primaryimage\"},\"thumbnailUrl\":\"https:\\\/\\\/recambiosecogas.com\\\/wp-content\\\/uploads\\\/2024\\\/12\\\/Elemento-filtrante-para-filtro-de-tuberia-GLP-de-alta-presion-F-704-png.webp\",\"datePublished\":\"2024-12-03T18:05:47+00:00\",\"dateModified\":\"2026-04-27T08:25:17+00:00\",\"description\":\"Cartucho CF-110 para filtro GPL F-704. Bronze sinterizado, 70\u03bc, reutiliz\u00e1vel. Inclui juntas. Homologa\u00e7\u00e3o 67R-010957.\",\"breadcrumb\":{\"@id\":\"https:\\\/\\\/recambiosecogas.com\\\/pt-pt\\\/producto\\\/cf-110-cartucho-para-filtro-gpl-f-704\\\/#breadcrumb\"},\"inLanguage\":\"pt-PT\",\"potentialAction\":[{\"@type\":\"ReadAction\",\"target\":[\"https:\\\/\\\/recambiosecogas.com\\\/pt-pt\\\/producto\\\/cf-110-cartucho-para-filtro-gpl-f-704\\\/\"]}]},{\"@type\":\"ImageObject\",\"inLanguage\":\"pt-PT\",\"@id\":\"https:\\\/\\\/recambiosecogas.com\\\/pt-pt\\\/producto\\\/cf-110-cartucho-para-filtro-gpl-f-704\\\/#primaryimage\",\"url\":\"https:\\\/\\\/recambiosecogas.com\\\/wp-content\\\/uploads\\\/2024\\\/12\\\/Elemento-filtrante-para-filtro-de-tuberia-GLP-de-alta-presion-F-704-png.webp\",\"contentUrl\":\"https:\\\/\\\/recambiosecogas.com\\\/wp-content\\\/uploads\\\/2024\\\/12\\\/Elemento-filtrante-para-filtro-de-tuberia-GLP-de-alta-presion-F-704-png.webp\",\"width\":1000,\"height\":1000},{\"@type\":\"BreadcrumbList\",\"@id\":\"https:\\\/\\\/recambiosecogas.com\\\/pt-pt\\\/producto\\\/cf-110-cartucho-para-filtro-gpl-f-704\\\/#breadcrumb\",\"itemListElement\":[{\"@type\":\"ListItem\",\"position\":1,\"name\":\"P\u00e1gina inicial\",\"item\":\"https:\\\/\\\/recambiosecogas.com\\\/pt-pt\\\/\"},{\"@type\":\"ListItem\",\"position\":2,\"name\":\"Loja\",\"item\":\"https:\\\/\\\/recambiosecogas.com\\\/pt-pt\\\/tienda\\\/\"},{\"@type\":\"ListItem\",\"position\":3,\"name\":\"CF-110 Cartucho para Filtro GPL F-704\"}]},{\"@type\":\"WebSite\",\"@id\":\"https:\\\/\\\/recambiosecogas.com\\\/pt-pt\\\/#website\",\"url\":\"https:\\\/\\\/recambiosecogas.com\\\/pt-pt\\\/\",\"name\":\"Recambios EcoGas\",\"description\":\"Pe\u00e7as multimarca para sistemas de GPL\\\/GNC\\\/GNL\\\/Hidrog\u00e9nio\",\"publisher\":{\"@id\":\"https:\\\/\\\/recambiosecogas.com\\\/pt-pt\\\/#organization\"},\"alternateName\":\"Recambios Autogas GLP\",\"potentialAction\":[{\"@type\":\"SearchAction\",\"target\":{\"@type\":\"EntryPoint\",\"urlTemplate\":\"https:\\\/\\\/recambiosecogas.com\\\/pt-pt\\\/?s={search_term_string}\"},\"query-input\":{\"@type\":\"PropertyValueSpecification\",\"valueRequired\":true,\"valueName\":\"search_term_string\"}}],\"inLanguage\":\"pt-PT\"},{\"@type\":[\"Organization\",\"Place\"],\"@id\":\"https:\\\/\\\/recambiosecogas.com\\\/pt-pt\\\/#organization\",\"name\":\"Recambios EcoGas\",\"alternateName\":\"Loja de GPL Autog\u00e1s Espanha\",\"url\":\"https:\\\/\\\/recambiosecogas.com\\\/pt-pt\\\/\",\"logo\":{\"@id\":\"https:\\\/\\\/recambiosecogas.com\\\/pt-pt\\\/producto\\\/cf-110-cartucho-para-filtro-gpl-f-704\\\/#local-main-organization-logo\"},\"image\":{\"@id\":\"https:\\\/\\\/recambiosecogas.com\\\/pt-pt\\\/producto\\\/cf-110-cartucho-para-filtro-gpl-f-704\\\/#local-main-organization-logo\"},\"sameAs\":[\"https:\\\/\\\/www.facebook.com\\\/profile.php?id=100062419705358\",\"https:\\\/\\\/www.instagram.com\\\/segimon_automocio\"],\"description\":\"Recambios EcoGas \u2013 Venta y distribuci\u00f3n de sistemas GLP y GNC en Espa\u00f1a y Portugal. Env\u00edos 24 h, soporte t\u00e9cnico a talleres y distribuidores.\",\"hasMerchantReturnPolicy\":{\"@type\":\"MerchantReturnPolicy\",\"merchantReturnLink\":\"https:\\\/\\\/recambiosecogas.com\\\/politicas-privacidad\\\/\"},\"address\":{\"@id\":\"https:\\\/\\\/recambiosecogas.com\\\/pt-pt\\\/producto\\\/cf-110-cartucho-para-filtro-gpl-f-704\\\/#local-main-place-address\"},\"telephone\":[\"616250633\"],\"contactPoint\":{\"@type\":\"ContactPoint\",\"email\":\"export@recambiosecogas.com\"},\"openingHoursSpecification\":[{\"@type\":\"OpeningHoursSpecification\",\"dayOfWeek\":[\"Monday\",\"Tuesday\",\"Wednesday\",\"Thursday\",\"Friday\",\"Saturday\",\"Sunday\"],\"opens\":\"09:00\",\"closes\":\"17:00\"}],\"email\":\"info@recambiosecogas.com\",\"faxNumber\":\"SEGIMON AUTOMOCION SL\",\"vatID\":\"ESB19819861\",\"globalLocationNumber\":\"938 616 339\"},{\"@type\":\"PostalAddress\",\"@id\":\"https:\\\/\\\/recambiosecogas.com\\\/pt-pt\\\/producto\\\/cf-110-cartucho-para-filtro-gpl-f-704\\\/#local-main-place-address\",\"streetAddress\":\"cami antic de vic, 29 (Nave 3), Pol\u00edgono Industrial Congost\",\"addressLocality\":\"CORRO D`AVALL\",\"postalCode\":\"08520\",\"addressRegion\":\"Barcelona\",\"addressCountry\":\"ES\"},{\"@type\":\"ImageObject\",\"inLanguage\":\"pt-PT\",\"@id\":\"https:\\\/\\\/recambiosecogas.com\\\/pt-pt\\\/producto\\\/cf-110-cartucho-para-filtro-gpl-f-704\\\/#local-main-organization-logo\",\"url\":\"https:\\\/\\\/recambiosecogas.com\\\/wp-content\\\/uploads\\\/2024\\\/11\\\/cropped-RECAMBIOS-GLP-png.webp\",\"contentUrl\":\"https:\\\/\\\/recambiosecogas.com\\\/wp-content\\\/uploads\\\/2024\\\/11\\\/cropped-RECAMBIOS-GLP-png.webp\",\"width\":512,\"height\":512,\"caption\":\"Recambios EcoGas\"}]}<\/script>\n<meta property=\"product:brand\" content=\"CERTOOLS\" \/>\n<meta property=\"product:price:amount\" content=\"18.93\" \/>\n<meta property=\"product:price:currency\" content=\"EUR\" \/>\n<meta property=\"og:availability\" content=\"instock\" \/>\n<meta property=\"product:availability\" content=\"instock\" \/>\n<meta property=\"product:retailer_item_id\" content=\"108880\" \/>\n<meta property=\"product:condition\" content=\"new\" \/>\n<meta name=\"geo.placename\" content=\"CORRO D`AVALL\" \/>\n<meta name=\"geo.region\" content=\"Espanha\" \/>\n<!-- \/ Yoast SEO Premium plugin. -->","yoast_head_json":{"title":"CF-110 Cartucho para Filtro GPL F-704 | Recambios EcoGas | Sistemas GLP y GNC","description":"Cartucho CF-110 para filtro GPL F-704. Bronze sinterizado, 70\u03bc, reutiliz\u00e1vel. Inclui juntas. Homologa\u00e7\u00e3o 67R-010957.","robots":{"index":"index","follow":"follow","max-snippet":"max-snippet:-1","max-image-preview":"max-image-preview:large","max-video-preview":"max-video-preview:-1"},"canonical":"https:\/\/recambiosecogas.com\/pt-pt\/producto\/cf-110-cartucho-para-filtro-gpl-f-704\/","og_locale":"pt_PT","og_type":"article","og_title":"CF-110 Cartucho para Filtro GPL F-704","og_description":"Cartucho CF-110 para filtro GPL F-704. Bronze sinterizado, 70\u03bc, reutiliz\u00e1vel. Inclui juntas. Homologa\u00e7\u00e3o 67R-010957.","og_url":"https:\/\/recambiosecogas.com\/pt-pt\/producto\/cf-110-cartucho-para-filtro-gpl-f-704\/","og_site_name":"Recambios EcoGas","article_publisher":"https:\/\/www.facebook.com\/profile.php?id=100062419705358","article_modified_time":"2026-04-27T08:25:17+00:00","og_image":[{"width":1000,"height":1000,"url":"https:\/\/recambiosecogas.com\/wp-content\/uploads\/2024\/12\/Elemento-filtrante-para-filtro-de-tuberia-GLP-de-alta-presion-F-704-png.webp","type":"image\/png"}],"twitter_card":"summary_large_image","twitter_misc":{"pre\u00e7o":"18,93&nbsp;&euro; (Sin IVA: 15,64&nbsp;&euro;)","Disponibilidade":"Em stock"},"schema":{"@context":"https:\/\/schema.org","@graph":[{"@type":"WebPage","@id":"https:\/\/recambiosecogas.com\/pt-pt\/producto\/cf-110-cartucho-para-filtro-gpl-f-704\/","url":"https:\/\/recambiosecogas.com\/pt-pt\/producto\/cf-110-cartucho-para-filtro-gpl-f-704\/","name":"CF-110 Cartucho para Filtro GPL F-704 | Recambios EcoGas | Sistemas GLP y GNC","isPartOf":{"@id":"https:\/\/recambiosecogas.com\/pt-pt\/#website"},"primaryImageOfPage":{"@id":"https:\/\/recambiosecogas.com\/pt-pt\/producto\/cf-110-cartucho-para-filtro-gpl-f-704\/#primaryimage"},"image":{"@id":"https:\/\/recambiosecogas.com\/pt-pt\/producto\/cf-110-cartucho-para-filtro-gpl-f-704\/#primaryimage"},"thumbnailUrl":"https:\/\/recambiosecogas.com\/wp-content\/uploads\/2024\/12\/Elemento-filtrante-para-filtro-de-tuberia-GLP-de-alta-presion-F-704-png.webp","datePublished":"2024-12-03T18:05:47+00:00","dateModified":"2026-04-27T08:25:17+00:00","description":"Cartucho CF-110 para filtro GPL F-704. Bronze sinterizado, 70\u03bc, reutiliz\u00e1vel. Inclui juntas. Homologa\u00e7\u00e3o 67R-010957.","breadcrumb":{"@id":"https:\/\/recambiosecogas.com\/pt-pt\/producto\/cf-110-cartucho-para-filtro-gpl-f-704\/#breadcrumb"},"inLanguage":"pt-PT","potentialAction":[{"@type":"ReadAction","target":["https:\/\/recambiosecogas.com\/pt-pt\/producto\/cf-110-cartucho-para-filtro-gpl-f-704\/"]}]},{"@type":"ImageObject","inLanguage":"pt-PT","@id":"https:\/\/recambiosecogas.com\/pt-pt\/producto\/cf-110-cartucho-para-filtro-gpl-f-704\/#primaryimage","url":"https:\/\/recambiosecogas.com\/wp-content\/uploads\/2024\/12\/Elemento-filtrante-para-filtro-de-tuberia-GLP-de-alta-presion-F-704-png.webp","contentUrl":"https:\/\/recambiosecogas.com\/wp-content\/uploads\/2024\/12\/Elemento-filtrante-para-filtro-de-tuberia-GLP-de-alta-presion-F-704-png.webp","width":1000,"height":1000},{"@type":"BreadcrumbList","@id":"https:\/\/recambiosecogas.com\/pt-pt\/producto\/cf-110-cartucho-para-filtro-gpl-f-704\/#breadcrumb","itemListElement":[{"@type":"ListItem","position":1,"name":"P\u00e1gina inicial","item":"https:\/\/recambiosecogas.com\/pt-pt\/"},{"@type":"ListItem","position":2,"name":"Loja","item":"https:\/\/recambiosecogas.com\/pt-pt\/tienda\/"},{"@type":"ListItem","position":3,"name":"CF-110 Cartucho para Filtro GPL F-704"}]},{"@type":"WebSite","@id":"https:\/\/recambiosecogas.com\/pt-pt\/#website","url":"https:\/\/recambiosecogas.com\/pt-pt\/","name":"Recambios EcoGas","description":"Pe\u00e7as multimarca para sistemas de GPL\/GNC\/GNL\/Hidrog\u00e9nio","publisher":{"@id":"https:\/\/recambiosecogas.com\/pt-pt\/#organization"},"alternateName":"Recambios Autogas GLP","potentialAction":[{"@type":"SearchAction","target":{"@type":"EntryPoint","urlTemplate":"https:\/\/recambiosecogas.com\/pt-pt\/?s={search_term_string}"},"query-input":{"@type":"PropertyValueSpecification","valueRequired":true,"valueName":"search_term_string"}}],"inLanguage":"pt-PT"},{"@type":["Organization","Place"],"@id":"https:\/\/recambiosecogas.com\/pt-pt\/#organization","name":"Recambios EcoGas","alternateName":"Loja de GPL Autog\u00e1s Espanha","url":"https:\/\/recambiosecogas.com\/pt-pt\/","logo":{"@id":"https:\/\/recambiosecogas.com\/pt-pt\/producto\/cf-110-cartucho-para-filtro-gpl-f-704\/#local-main-organization-logo"},"image":{"@id":"https:\/\/recambiosecogas.com\/pt-pt\/producto\/cf-110-cartucho-para-filtro-gpl-f-704\/#local-main-organization-logo"},"sameAs":["https:\/\/www.facebook.com\/profile.php?id=100062419705358","https:\/\/www.instagram.com\/segimon_automocio"],"description":"Recambios EcoGas \u2013 Venta y distribuci\u00f3n de sistemas GLP y GNC en Espa\u00f1a y Portugal. Env\u00edos 24 h, soporte t\u00e9cnico a talleres y distribuidores.","hasMerchantReturnPolicy":{"@type":"MerchantReturnPolicy","merchantReturnLink":"https:\/\/recambiosecogas.com\/politicas-privacidad\/"},"address":{"@id":"https:\/\/recambiosecogas.com\/pt-pt\/producto\/cf-110-cartucho-para-filtro-gpl-f-704\/#local-main-place-address"},"telephone":["616250633"],"contactPoint":{"@type":"ContactPoint","email":"export@recambiosecogas.com"},"openingHoursSpecification":[{"@type":"OpeningHoursSpecification","dayOfWeek":["Monday","Tuesday","Wednesday","Thursday","Friday","Saturday","Sunday"],"opens":"09:00","closes":"17:00"}],"email":"info@recambiosecogas.com","faxNumber":"SEGIMON AUTOMOCION SL","vatID":"ESB19819861","globalLocationNumber":"938 616 339"},{"@type":"PostalAddress","@id":"https:\/\/recambiosecogas.com\/pt-pt\/producto\/cf-110-cartucho-para-filtro-gpl-f-704\/#local-main-place-address","streetAddress":"cami antic de vic, 29 (Nave 3), Pol\u00edgono Industrial Congost","addressLocality":"CORRO D`AVALL","postalCode":"08520","addressRegion":"Barcelona","addressCountry":"ES"},{"@type":"ImageObject","inLanguage":"pt-PT","@id":"https:\/\/recambiosecogas.com\/pt-pt\/producto\/cf-110-cartucho-para-filtro-gpl-f-704\/#local-main-organization-logo","url":"https:\/\/recambiosecogas.com\/wp-content\/uploads\/2024\/11\/cropped-RECAMBIOS-GLP-png.webp","contentUrl":"https:\/\/recambiosecogas.com\/wp-content\/uploads\/2024\/11\/cropped-RECAMBIOS-GLP-png.webp","width":512,"height":512,"caption":"Recambios EcoGas"}]},"product_brand":"CERTOOLS","product_price_amount":"18.93","product_price_currency":"EUR","og_availability":"instock","product_availability":"instock","product_retailer_item_id":"108880","product_condition":"new","geo.placename":"CORRO D`AVALL","geo.region":"Espanha"},"uagb_featured_image_src":{"full":["https:\/\/recambiosecogas.com\/wp-content\/uploads\/2024\/12\/Elemento-filtrante-para-filtro-de-tuberia-GLP-de-alta-presion-F-704-png.webp",1000,1000,false],"thumbnail":["https:\/\/recambiosecogas.com\/wp-content\/uploads\/2024\/12\/Elemento-filtrante-para-filtro-de-tuberia-GLP-de-alta-presion-F-704-150x150.webp",150,150,true],"medium":["https:\/\/recambiosecogas.com\/wp-content\/uploads\/2024\/12\/Elemento-filtrante-para-filtro-de-tuberia-GLP-de-alta-presion-F-704-300x300.webp",300,300,true],"medium_large":["https:\/\/recambiosecogas.com\/wp-content\/uploads\/2024\/12\/Elemento-filtrante-para-filtro-de-tuberia-GLP-de-alta-presion-F-704-768x768.webp",768,768,true],"large":["https:\/\/recambiosecogas.com\/wp-content\/uploads\/2024\/12\/Elemento-filtrante-para-filtro-de-tuberia-GLP-de-alta-presion-F-704-png.webp",1000,1000,false],"1536x1536":["https:\/\/recambiosecogas.com\/wp-content\/uploads\/2024\/12\/Elemento-filtrante-para-filtro-de-tuberia-GLP-de-alta-presion-F-704-png.webp",1000,1000,false],"2048x2048":["https:\/\/recambiosecogas.com\/wp-content\/uploads\/2024\/12\/Elemento-filtrante-para-filtro-de-tuberia-GLP-de-alta-presion-F-704-png.webp",1000,1000,false],"woocommerce_archive_thumbnail":["https:\/\/recambiosecogas.com\/wp-content\/uploads\/2024\/12\/Elemento-filtrante-para-filtro-de-tuberia-GLP-de-alta-presion-F-704-png.webp",1000,1000,false],"woocommerce_thumbnail":["https:\/\/recambiosecogas.com\/wp-content\/uploads\/2024\/12\/Elemento-filtrante-para-filtro-de-tuberia-GLP-de-alta-presion-F-704-png-300x300.webp",300,300,true],"woocommerce_single":["https:\/\/recambiosecogas.com\/wp-content\/uploads\/2024\/12\/Elemento-filtrante-para-filtro-de-tuberia-GLP-de-alta-presion-F-704-png.webp",1000,1000,false],"woocommerce_gallery_thumbnail":["https:\/\/recambiosecogas.com\/wp-content\/uploads\/2024\/12\/Elemento-filtrante-para-filtro-de-tuberia-GLP-de-alta-presion-F-704-png.webp",1000,1000,false],"dgwt-wcas-product-suggestion":["https:\/\/recambiosecogas.com\/wp-content\/uploads\/2024\/12\/Elemento-filtrante-para-filtro-de-tuberia-GLP-de-alta-presion-F-704-png-64x64.webp",64,64,true]},"uagb_author_info":{"display_name":"Fran - Soporte T\u00e9cnico","author_link":"https:\/\/recambiosecogas.com\/pt-pt\/author\/"},"uagb_comment_info":0,"uagb_excerpt":"CF-110 Filtro LPG F-704 \u2013 Bronze Sinterizado com Juntas O elemento filtrante CF-110 \u00e9 o substituto original dos filtros de alta press\u00e3o F-704, F-704-B e F-704-W1 LPG, amplamente utilizados em instala\u00e7\u00f5es de autog\u00e1s. Este cartucho \u00e9 feito de bronze sinterizado, o que lhe confere uma grande capacidade de filtra\u00e7\u00e3o (70 m\u00edcrons), resist\u00eancia t\u00e9rmica, e a&hellip;","_links":{"self":[{"href":"https:\/\/recambiosecogas.com\/pt-pt\/wp-json\/wp\/v2\/product\/40756","targetHints":{"allow":["GET"]}}],"collection":[{"href":"https:\/\/recambiosecogas.com\/pt-pt\/wp-json\/wp\/v2\/product"}],"about":[{"href":"https:\/\/recambiosecogas.com\/pt-pt\/wp-json\/wp\/v2\/types\/product"}],"replies":[{"embeddable":true,"href":"https:\/\/recambiosecogas.com\/pt-pt\/wp-json\/wp\/v2\/comments?post=40756"}],"wp:featuredmedia":[{"embeddable":true,"href":"https:\/\/recambiosecogas.com\/pt-pt\/wp-json\/wp\/v2\/media\/23407"}],"wp:attachment":[{"href":"https:\/\/recambiosecogas.com\/pt-pt\/wp-json\/wp\/v2\/media?parent=40756"}],"wp:term":[{"taxonomy":"product_brand","embeddable":true,"href":"https:\/\/recambiosecogas.com\/pt-pt\/wp-json\/wp\/v2\/product_brand?post=40756"},{"taxonomy":"product_cat","embeddable":true,"href":"https:\/\/recambiosecogas.com\/pt-pt\/wp-json\/wp\/v2\/product_cat?post=40756"},{"taxonomy":"product_tag","embeddable":true,"href":"https:\/\/recambiosecogas.com\/pt-pt\/wp-json\/wp\/v2\/product_tag?post=40756"}],"curies":[{"name":"wp","href":"https:\/\/api.w.org\/{rel}","templated":true}]}}