{"id":40755,"date":"2025-03-24T09:51:28","date_gmt":"2025-03-24T09:51:28","guid":{"rendered":"https:\/\/recambiosecogas.com\/producto\/lpg-reducer-italia-rpg-09-140kw-autogas\/"},"modified":"2026-04-27T09:09:47","modified_gmt":"2026-04-27T08:09:47","slug":"reductor-glp-italia-rpg-09-140kw-autogas","status":"publish","type":"product","link":"https:\/\/recambiosecogas.com\/pt-pt\/producto\/reductor-glp-italia-rpg-09-140kw-autogas\/","title":{"rendered":"LPG Reducer Italia RPG 09 (140kW) Autog\u00e1s"},"content":{"rendered":"<h4 style=\"text-align: center;\">LPG Reducer Italia RPG 09 (140kW) Autog\u00e1s<\/h4>\n<p>O <strong data-start=\"174\" data-end=\"213\">LPG RPG 09 Redutor de GLP (140 kW)<\/strong> \u00e9 um regulador de alta precis\u00e3o concebido para ve\u00edculos de convers\u00e3o <strong data-start=\"288\" data-end=\"295\">de GPL<\/strong>. O seu design compacto e eficiente garante <strong data-start=\"342\" data-end=\"380\">regula\u00e7\u00e3o constante da press\u00e3o<\/strong> e <strong data-start=\"387\" data-end=\"415\">inje\u00e7\u00e3o precisa de g\u00e1s<\/strong>, melhorando o desempenho do motor e reduzindo o consumo de combust\u00edvel. <\/p>\n<table class=\"features\">\n<tbody>\n<tr>\n<td>Press\u00e3o M\u00e1xima<\/td>\n<p> de Trabalho<\/p>\n<td>30 bar<\/td>\n<\/tr>\n<tr>\n<td>Press\u00e3o de sa\u00edda<\/td>\n<td>De 0,8 a 1,4 bar<\/td>\n<\/tr>\n<tr>\n<td>Temperatura de Funcionamento<\/td>\n<td>-40 \u00b0C \/ +120 \u00b0C<\/td>\n<\/tr>\n<tr>\n<td>Alimenta\u00e7\u00e3o<\/td>\n<td>12V \u2013 11W<\/td>\n<\/tr>\n<tr>\n<td>Conector de entrada<\/td>\n<p> de g\u00e1s <\/p>\n<td>Tubo \u00d8 6 mm &#8211; rosca M10x1<\/td>\n<\/tr>\n<tr>\n<td>Sa\u00edda de g\u00e1s<\/td>\n<td>\u00d8 conector de 10 mm ou 12 mm (DDF) para mangueira de g\u00e1s<\/td>\n<\/tr>\n<tr>\nCircuito <\/p>\n<td>de \u00e1gua<\/td>\n<td>Liga\u00e7\u00e3o de mangueira \u00d8 16 mm<\/td>\n<\/tr>\n<tr>\n<td>MAPA<\/td>\n<td>Liga\u00e7\u00e3o de mangueira \u00d8 5 mm<\/td>\n<\/tr>\n<\/tbody>\n<\/table>\n<p class=\"\" data-start=\"495\" data-end=\"808\">Este modelo \u00e9 feito de materiais de alta qualidade para garantir <strong data-start=\"569\" data-end=\"599\">resist\u00eancia \u00e0 corros\u00e3o<\/strong> e funcionamento est\u00e1vel numa ampla gama de temperaturas. A liga\u00e7\u00e3o direta aos sistemas de \u00e1gua e \u00e0 soquete MAP permite ajuste e funcionamento \u00f3timos em qualquer condi\u00e7\u00e3o de carga do motor. <\/p>\n<p class=\"\" data-start=\"810\" data-end=\"979\">Ideal para motores at\u00e9 <strong data-start=\"838\" data-end=\"848\">140 kW<\/strong>, o <strong data-start=\"853\" data-end=\"863\">RPG 09<\/strong> assegura combust\u00e3o uniforme e resposta r\u00e1pida do motor, mesmo em condi\u00e7\u00f5es extremas de temperatura.<\/p>\n<h2 class=\"\" data-start=\"1674\" data-end=\"1697\"><strong data-start=\"1677\" data-end=\"1695\">Dados t\u00e9cnicos<\/strong><\/h2>\n<ul data-start=\"1698\" data-end=\"2149\">\n<li class=\"\" data-start=\"1698\" data-end=\"1731\">\n<p class=\"\" data-start=\"1700\" data-end=\"1731\"><strong data-start=\"1700\" data-end=\"1710\">Modelo<\/strong>: LPG Italia RPG 09<\/p>\n<\/li>\n<li class=\"\" data-start=\"1732\" data-end=\"1769\">\n<p class=\"\" data-start=\"1734\" data-end=\"1769\"><strong data-start=\"1734\" data-end=\"1753\">Pot\u00eancia m\u00e1xima<\/strong>: At\u00e9 140 kW<\/p>\n<\/li>\n<li class=\"\" data-start=\"1770\" data-end=\"1811\">\n<p class=\"\" data-start=\"1772\" data-end=\"1811\"><strong data-start=\"1772\" data-end=\"1801\">Press\u00e3o m\u00e1xima de trabalho<\/strong>: 30 bar<\/p>\n<\/li>\n<li class=\"\" data-start=\"1812\" data-end=\"1852\">\n<p class=\"\" data-start=\"1814\" data-end=\"1852\"><strong data-start=\"1814\" data-end=\"1835\">Press\u00e3o na sa\u00edda<\/strong>: 0,8 a 1,4 bar<\/p>\n<\/li>\n<li class=\"\" data-start=\"1853\" data-end=\"1908\">\n<p class=\"\" data-start=\"1855\" data-end=\"1908\"><strong data-start=\"1855\" data-end=\"1888\">Temperatura de funcionamento<\/strong>: -40\u00b0C a +120\u00b0C<\/p>\n<\/li>\n<li class=\"\" data-start=\"1909\" data-end=\"1940\">\n<p class=\"\" data-start=\"1911\" data-end=\"1940\"><strong data-start=\"1911\" data-end=\"1927\">Fonte de alimenta\u00e7\u00e3o<\/strong>: 12V \u2013 11W<\/p>\n<\/li>\n<li class=\"\" data-start=\"1941\" data-end=\"2002\">\n<p class=\"\" data-start=\"1943\" data-end=\"2002\"><strong data-start=\"1943\" data-end=\"1973\">Conector de entrada de g\u00e1s<\/strong>: tubo \u00d8 6 mm \u2013 rosca M10x1<\/p>\n<\/li>\n<li class=\"\" data-start=\"2003\" data-end=\"2059\">\n<p class=\"\" data-start=\"2005\" data-end=\"2059\"><strong data-start=\"2005\" data-end=\"2034\">Liga\u00e7\u00e3o \u00e0 sa\u00edda de g\u00e1s<\/strong>: \u00d8 10 mm ou 12 mm (DDF)<\/p>\n<\/li>\n<li class=\"\" data-start=\"2060\" data-end=\"2111\">\n<p class=\"\" data-start=\"2062\" data-end=\"2111\"><strong data-start=\"2062\" data-end=\"2091\">Liga\u00e7\u00e3o do circuito de \u00e1gua<\/strong>: Mangueira \u00d8 16 mm<\/p>\n<\/li>\n<li class=\"\" data-start=\"2112\" data-end=\"2149\">\n<p class=\"\" data-start=\"2114\" data-end=\"2149\"><strong data-start=\"2114\" data-end=\"2130\">Liga\u00e7\u00e3o MAP<\/strong>: Mangueira \u00d8 5 mm<\/p>\n<\/li>\n<\/ul>\n<p class=\"\" data-start=\"810\" data-end=\"979\"><a href=\"https:\/\/recambiosecogas.com\/pt-pt\/categoria-produto\/reguladores-de-pressao\/redutor-glp\/\">OBTENHA MAIS CAIXAS DE VELOCIDADES NO NOSSO SITE<\/a><br \/>\n<a href=\"https:\/\/segimonautomocio.com\/\">PARA CONVERS\u00d5ES DE GPL VISITE O NOSSO WORKSHOP NO WEBSITE<\/a><\/p>\n","protected":false},"excerpt":{"rendered":"<p>LPG Reducer Italia RPG 09 (140kW) Autog\u00e1s O LPG RPG 09 Redutor de GLP (140 kW) \u00e9 um regulador de alta precis\u00e3o concebido para ve\u00edculos de convers\u00e3o de GPL. O seu design compacto e eficiente garante regula\u00e7\u00e3o constante da press\u00e3o e inje\u00e7\u00e3o precisa de g\u00e1s, melhorando o desempenho do motor e reduzindo o consumo de [&hellip;]<\/p>\n","protected":false},"featured_media":34149,"comment_status":"open","ping_status":"closed","template":"","meta":{"_uag_custom_page_level_css":""},"product_brand":[],"product_cat":[1066,1065],"product_tag":[],"class_list":{"0":"post-40755","1":"product","2":"type-product","3":"status-publish","4":"has-post-thumbnail","6":"product_cat-redutor-glp","7":"product_cat-reguladores-de-pressao","9":"first","10":"instock","11":"taxable","12":"shipping-taxable","13":"purchasable","14":"product-type-simple"},"ct_brands":[],"yoast_head":"<!-- This site is optimized with the Yoast SEO Premium plugin v27.5 (Yoast SEO v27.5) - https:\/\/yoast.com\/product\/yoast-seo-premium-wordpress\/ -->\n<title>LPG Reducer Italia RPG 09 (140kW) Autog\u00e1s | Recambios EcoGas | Sistemas GLP y GNC<\/title>\n<meta name=\"description\" content=\"O LPG RPG 09 Reducer Italia (140 kW) oferece uma regula\u00e7\u00e3o precisa da press\u00e3o do g\u00e1s. Gama de press\u00e3o de sa\u00edda de 0,8 a 1,4 bar e design compacto.\" \/>\n<meta name=\"robots\" content=\"index, follow, max-snippet:-1, max-image-preview:large, max-video-preview:-1\" \/>\n<link rel=\"canonical\" href=\"https:\/\/recambiosecogas.com\/pt-pt\/producto\/reductor-glp-italia-rpg-09-140kw-autogas\/\" \/>\n<meta property=\"og:locale\" content=\"pt_PT\" \/>\n<meta property=\"og:type\" content=\"article\" \/>\n<meta property=\"og:title\" content=\"LPG Reducer Italia RPG 09 (140kW) Autog\u00e1s\" \/>\n<meta property=\"og:description\" content=\"O LPG RPG 09 Reducer Italia (140 kW) oferece uma regula\u00e7\u00e3o precisa da press\u00e3o do g\u00e1s. Gama de press\u00e3o de sa\u00edda de 0,8 a 1,4 bar e design compacto.\" \/>\n<meta property=\"og:url\" content=\"https:\/\/recambiosecogas.com\/pt-pt\/producto\/reductor-glp-italia-rpg-09-140kw-autogas\/\" \/>\n<meta property=\"og:site_name\" content=\"Recambios EcoGas\" \/>\n<meta property=\"article:publisher\" content=\"https:\/\/www.facebook.com\/profile.php?id=100062419705358\" \/>\n<meta property=\"article:modified_time\" content=\"2026-04-27T08:09:47+00:00\" \/>\n<meta property=\"og:image\" content=\"https:\/\/recambiosecogas.com\/wp-content\/uploads\/2025\/03\/Reductor-GLP-Italia-RPG-09-140kW-Autogas-png.webp\" \/>\n\t<meta property=\"og:image:width\" content=\"1000\" \/>\n\t<meta property=\"og:image:height\" content=\"1000\" \/>\n\t<meta property=\"og:image:type\" content=\"image\/png\" \/>\n<meta name=\"twitter:card\" content=\"summary_large_image\" \/>\n<meta name=\"twitter:label1\" content=\"pre\u00e7o\" \/>\n\t<meta name=\"twitter:data1\" content=\"165,28&nbsp;&euro; (Sin IVA: 136,60&nbsp;&euro;)\" \/>\n\t<meta name=\"twitter:label2\" content=\"Disponibilidade\" \/>\n\t<meta name=\"twitter:data2\" content=\"Em stock\" \/>\n<script type=\"application\/ld+json\" class=\"yoast-schema-graph\">{\"@context\":\"https:\\\/\\\/schema.org\",\"@graph\":[{\"@type\":\"WebPage\",\"@id\":\"https:\\\/\\\/recambiosecogas.com\\\/pt-pt\\\/producto\\\/reductor-glp-italia-rpg-09-140kw-autogas\\\/\",\"url\":\"https:\\\/\\\/recambiosecogas.com\\\/pt-pt\\\/producto\\\/reductor-glp-italia-rpg-09-140kw-autogas\\\/\",\"name\":\"LPG Reducer Italia RPG 09 (140kW) Autog\u00e1s | Recambios EcoGas | Sistemas GLP y GNC\",\"isPartOf\":{\"@id\":\"https:\\\/\\\/recambiosecogas.com\\\/pt-pt\\\/#website\"},\"primaryImageOfPage\":{\"@id\":\"https:\\\/\\\/recambiosecogas.com\\\/pt-pt\\\/producto\\\/reductor-glp-italia-rpg-09-140kw-autogas\\\/#primaryimage\"},\"image\":{\"@id\":\"https:\\\/\\\/recambiosecogas.com\\\/pt-pt\\\/producto\\\/reductor-glp-italia-rpg-09-140kw-autogas\\\/#primaryimage\"},\"thumbnailUrl\":\"https:\\\/\\\/recambiosecogas.com\\\/wp-content\\\/uploads\\\/2025\\\/03\\\/Reductor-GLP-Italia-RPG-09-140kW-Autogas-png.webp\",\"datePublished\":\"2025-03-24T09:51:28+00:00\",\"dateModified\":\"2026-04-27T08:09:47+00:00\",\"description\":\"O LPG RPG 09 Reducer Italia (140 kW) oferece uma regula\u00e7\u00e3o precisa da press\u00e3o do g\u00e1s. Gama de press\u00e3o de sa\u00edda de 0,8 a 1,4 bar e design compacto.\",\"breadcrumb\":{\"@id\":\"https:\\\/\\\/recambiosecogas.com\\\/pt-pt\\\/producto\\\/reductor-glp-italia-rpg-09-140kw-autogas\\\/#breadcrumb\"},\"inLanguage\":\"pt-PT\",\"potentialAction\":[{\"@type\":\"ReadAction\",\"target\":[\"https:\\\/\\\/recambiosecogas.com\\\/pt-pt\\\/producto\\\/reductor-glp-italia-rpg-09-140kw-autogas\\\/\"]}]},{\"@type\":\"ImageObject\",\"inLanguage\":\"pt-PT\",\"@id\":\"https:\\\/\\\/recambiosecogas.com\\\/pt-pt\\\/producto\\\/reductor-glp-italia-rpg-09-140kw-autogas\\\/#primaryimage\",\"url\":\"https:\\\/\\\/recambiosecogas.com\\\/wp-content\\\/uploads\\\/2025\\\/03\\\/Reductor-GLP-Italia-RPG-09-140kW-Autogas-png.webp\",\"contentUrl\":\"https:\\\/\\\/recambiosecogas.com\\\/wp-content\\\/uploads\\\/2025\\\/03\\\/Reductor-GLP-Italia-RPG-09-140kW-Autogas-png.webp\",\"width\":1000,\"height\":1000},{\"@type\":\"BreadcrumbList\",\"@id\":\"https:\\\/\\\/recambiosecogas.com\\\/pt-pt\\\/producto\\\/reductor-glp-italia-rpg-09-140kw-autogas\\\/#breadcrumb\",\"itemListElement\":[{\"@type\":\"ListItem\",\"position\":1,\"name\":\"P\u00e1gina inicial\",\"item\":\"https:\\\/\\\/recambiosecogas.com\\\/pt-pt\\\/\"},{\"@type\":\"ListItem\",\"position\":2,\"name\":\"Loja\",\"item\":\"https:\\\/\\\/recambiosecogas.com\\\/pt-pt\\\/tienda\\\/\"},{\"@type\":\"ListItem\",\"position\":3,\"name\":\"LPG Reducer Italia RPG 09 (140kW) Autog\u00e1s\"}]},{\"@type\":\"WebSite\",\"@id\":\"https:\\\/\\\/recambiosecogas.com\\\/pt-pt\\\/#website\",\"url\":\"https:\\\/\\\/recambiosecogas.com\\\/pt-pt\\\/\",\"name\":\"Recambios EcoGas\",\"description\":\"Pe\u00e7as multimarca para sistemas de GPL\\\/GNC\\\/GNL\\\/Hidrog\u00e9nio\",\"publisher\":{\"@id\":\"https:\\\/\\\/recambiosecogas.com\\\/pt-pt\\\/#organization\"},\"alternateName\":\"Recambios Autogas GLP\",\"potentialAction\":[{\"@type\":\"SearchAction\",\"target\":{\"@type\":\"EntryPoint\",\"urlTemplate\":\"https:\\\/\\\/recambiosecogas.com\\\/pt-pt\\\/?s={search_term_string}\"},\"query-input\":{\"@type\":\"PropertyValueSpecification\",\"valueRequired\":true,\"valueName\":\"search_term_string\"}}],\"inLanguage\":\"pt-PT\"},{\"@type\":[\"Organization\",\"Place\"],\"@id\":\"https:\\\/\\\/recambiosecogas.com\\\/pt-pt\\\/#organization\",\"name\":\"Recambios EcoGas\",\"alternateName\":\"Loja de GPL Autog\u00e1s Espanha\",\"url\":\"https:\\\/\\\/recambiosecogas.com\\\/pt-pt\\\/\",\"logo\":{\"@id\":\"https:\\\/\\\/recambiosecogas.com\\\/pt-pt\\\/producto\\\/reductor-glp-italia-rpg-09-140kw-autogas\\\/#local-main-organization-logo\"},\"image\":{\"@id\":\"https:\\\/\\\/recambiosecogas.com\\\/pt-pt\\\/producto\\\/reductor-glp-italia-rpg-09-140kw-autogas\\\/#local-main-organization-logo\"},\"sameAs\":[\"https:\\\/\\\/www.facebook.com\\\/profile.php?id=100062419705358\",\"https:\\\/\\\/www.instagram.com\\\/segimon_automocio\"],\"description\":\"Recambios EcoGas \u2013 Venta y distribuci\u00f3n de sistemas GLP y GNC en Espa\u00f1a y Portugal. Env\u00edos 24 h, soporte t\u00e9cnico a talleres y distribuidores.\",\"hasMerchantReturnPolicy\":{\"@type\":\"MerchantReturnPolicy\",\"merchantReturnLink\":\"https:\\\/\\\/recambiosecogas.com\\\/politicas-privacidad\\\/\"},\"address\":{\"@id\":\"https:\\\/\\\/recambiosecogas.com\\\/pt-pt\\\/producto\\\/reductor-glp-italia-rpg-09-140kw-autogas\\\/#local-main-place-address\"},\"telephone\":[\"616250633\"],\"contactPoint\":{\"@type\":\"ContactPoint\",\"email\":\"export@recambiosecogas.com\"},\"openingHoursSpecification\":[{\"@type\":\"OpeningHoursSpecification\",\"dayOfWeek\":[\"Monday\",\"Tuesday\",\"Wednesday\",\"Thursday\",\"Friday\",\"Saturday\",\"Sunday\"],\"opens\":\"09:00\",\"closes\":\"17:00\"}],\"email\":\"info@recambiosecogas.com\",\"faxNumber\":\"SEGIMON AUTOMOCION SL\",\"vatID\":\"ESB19819861\",\"globalLocationNumber\":\"938 616 339\"},{\"@type\":\"PostalAddress\",\"@id\":\"https:\\\/\\\/recambiosecogas.com\\\/pt-pt\\\/producto\\\/reductor-glp-italia-rpg-09-140kw-autogas\\\/#local-main-place-address\",\"streetAddress\":\"cami antic de vic, 29 (Nave 3), Pol\u00edgono Industrial Congost\",\"addressLocality\":\"CORRO D`AVALL\",\"postalCode\":\"08520\",\"addressRegion\":\"Barcelona\",\"addressCountry\":\"ES\"},{\"@type\":\"ImageObject\",\"inLanguage\":\"pt-PT\",\"@id\":\"https:\\\/\\\/recambiosecogas.com\\\/pt-pt\\\/producto\\\/reductor-glp-italia-rpg-09-140kw-autogas\\\/#local-main-organization-logo\",\"url\":\"https:\\\/\\\/recambiosecogas.com\\\/wp-content\\\/uploads\\\/2024\\\/11\\\/cropped-RECAMBIOS-GLP-png.webp\",\"contentUrl\":\"https:\\\/\\\/recambiosecogas.com\\\/wp-content\\\/uploads\\\/2024\\\/11\\\/cropped-RECAMBIOS-GLP-png.webp\",\"width\":512,\"height\":512,\"caption\":\"Recambios EcoGas\"}]}<\/script>\n<meta property=\"product:price:amount\" content=\"165.28\" \/>\n<meta property=\"product:price:currency\" content=\"EUR\" \/>\n<meta property=\"og:availability\" content=\"instock\" \/>\n<meta property=\"product:availability\" content=\"instock\" \/>\n<meta property=\"product:retailer_item_id\" content=\"107359\" \/>\n<meta property=\"product:condition\" content=\"new\" \/>\n<meta name=\"geo.placename\" content=\"CORRO D`AVALL\" \/>\n<meta name=\"geo.region\" content=\"Espanha\" \/>\n<!-- \/ Yoast SEO Premium plugin. -->","yoast_head_json":{"title":"LPG Reducer Italia RPG 09 (140kW) Autog\u00e1s | Recambios EcoGas | Sistemas GLP y GNC","description":"O LPG RPG 09 Reducer Italia (140 kW) oferece uma regula\u00e7\u00e3o precisa da press\u00e3o do g\u00e1s. Gama de press\u00e3o de sa\u00edda de 0,8 a 1,4 bar e design compacto.","robots":{"index":"index","follow":"follow","max-snippet":"max-snippet:-1","max-image-preview":"max-image-preview:large","max-video-preview":"max-video-preview:-1"},"canonical":"https:\/\/recambiosecogas.com\/pt-pt\/producto\/reductor-glp-italia-rpg-09-140kw-autogas\/","og_locale":"pt_PT","og_type":"article","og_title":"LPG Reducer Italia RPG 09 (140kW) Autog\u00e1s","og_description":"O LPG RPG 09 Reducer Italia (140 kW) oferece uma regula\u00e7\u00e3o precisa da press\u00e3o do g\u00e1s. Gama de press\u00e3o de sa\u00edda de 0,8 a 1,4 bar e design compacto.","og_url":"https:\/\/recambiosecogas.com\/pt-pt\/producto\/reductor-glp-italia-rpg-09-140kw-autogas\/","og_site_name":"Recambios EcoGas","article_publisher":"https:\/\/www.facebook.com\/profile.php?id=100062419705358","article_modified_time":"2026-04-27T08:09:47+00:00","og_image":[{"width":1000,"height":1000,"url":"https:\/\/recambiosecogas.com\/wp-content\/uploads\/2025\/03\/Reductor-GLP-Italia-RPG-09-140kW-Autogas-png.webp","type":"image\/png"}],"twitter_card":"summary_large_image","twitter_misc":{"pre\u00e7o":"165,28&nbsp;&euro; (Sin IVA: 136,60&nbsp;&euro;)","Disponibilidade":"Em stock"},"schema":{"@context":"https:\/\/schema.org","@graph":[{"@type":"WebPage","@id":"https:\/\/recambiosecogas.com\/pt-pt\/producto\/reductor-glp-italia-rpg-09-140kw-autogas\/","url":"https:\/\/recambiosecogas.com\/pt-pt\/producto\/reductor-glp-italia-rpg-09-140kw-autogas\/","name":"LPG Reducer Italia RPG 09 (140kW) Autog\u00e1s | Recambios EcoGas | Sistemas GLP y GNC","isPartOf":{"@id":"https:\/\/recambiosecogas.com\/pt-pt\/#website"},"primaryImageOfPage":{"@id":"https:\/\/recambiosecogas.com\/pt-pt\/producto\/reductor-glp-italia-rpg-09-140kw-autogas\/#primaryimage"},"image":{"@id":"https:\/\/recambiosecogas.com\/pt-pt\/producto\/reductor-glp-italia-rpg-09-140kw-autogas\/#primaryimage"},"thumbnailUrl":"https:\/\/recambiosecogas.com\/wp-content\/uploads\/2025\/03\/Reductor-GLP-Italia-RPG-09-140kW-Autogas-png.webp","datePublished":"2025-03-24T09:51:28+00:00","dateModified":"2026-04-27T08:09:47+00:00","description":"O LPG RPG 09 Reducer Italia (140 kW) oferece uma regula\u00e7\u00e3o precisa da press\u00e3o do g\u00e1s. Gama de press\u00e3o de sa\u00edda de 0,8 a 1,4 bar e design compacto.","breadcrumb":{"@id":"https:\/\/recambiosecogas.com\/pt-pt\/producto\/reductor-glp-italia-rpg-09-140kw-autogas\/#breadcrumb"},"inLanguage":"pt-PT","potentialAction":[{"@type":"ReadAction","target":["https:\/\/recambiosecogas.com\/pt-pt\/producto\/reductor-glp-italia-rpg-09-140kw-autogas\/"]}]},{"@type":"ImageObject","inLanguage":"pt-PT","@id":"https:\/\/recambiosecogas.com\/pt-pt\/producto\/reductor-glp-italia-rpg-09-140kw-autogas\/#primaryimage","url":"https:\/\/recambiosecogas.com\/wp-content\/uploads\/2025\/03\/Reductor-GLP-Italia-RPG-09-140kW-Autogas-png.webp","contentUrl":"https:\/\/recambiosecogas.com\/wp-content\/uploads\/2025\/03\/Reductor-GLP-Italia-RPG-09-140kW-Autogas-png.webp","width":1000,"height":1000},{"@type":"BreadcrumbList","@id":"https:\/\/recambiosecogas.com\/pt-pt\/producto\/reductor-glp-italia-rpg-09-140kw-autogas\/#breadcrumb","itemListElement":[{"@type":"ListItem","position":1,"name":"P\u00e1gina inicial","item":"https:\/\/recambiosecogas.com\/pt-pt\/"},{"@type":"ListItem","position":2,"name":"Loja","item":"https:\/\/recambiosecogas.com\/pt-pt\/tienda\/"},{"@type":"ListItem","position":3,"name":"LPG Reducer Italia RPG 09 (140kW) Autog\u00e1s"}]},{"@type":"WebSite","@id":"https:\/\/recambiosecogas.com\/pt-pt\/#website","url":"https:\/\/recambiosecogas.com\/pt-pt\/","name":"Recambios EcoGas","description":"Pe\u00e7as multimarca para sistemas de GPL\/GNC\/GNL\/Hidrog\u00e9nio","publisher":{"@id":"https:\/\/recambiosecogas.com\/pt-pt\/#organization"},"alternateName":"Recambios Autogas GLP","potentialAction":[{"@type":"SearchAction","target":{"@type":"EntryPoint","urlTemplate":"https:\/\/recambiosecogas.com\/pt-pt\/?s={search_term_string}"},"query-input":{"@type":"PropertyValueSpecification","valueRequired":true,"valueName":"search_term_string"}}],"inLanguage":"pt-PT"},{"@type":["Organization","Place"],"@id":"https:\/\/recambiosecogas.com\/pt-pt\/#organization","name":"Recambios EcoGas","alternateName":"Loja de GPL Autog\u00e1s Espanha","url":"https:\/\/recambiosecogas.com\/pt-pt\/","logo":{"@id":"https:\/\/recambiosecogas.com\/pt-pt\/producto\/reductor-glp-italia-rpg-09-140kw-autogas\/#local-main-organization-logo"},"image":{"@id":"https:\/\/recambiosecogas.com\/pt-pt\/producto\/reductor-glp-italia-rpg-09-140kw-autogas\/#local-main-organization-logo"},"sameAs":["https:\/\/www.facebook.com\/profile.php?id=100062419705358","https:\/\/www.instagram.com\/segimon_automocio"],"description":"Recambios EcoGas \u2013 Venta y distribuci\u00f3n de sistemas GLP y GNC en Espa\u00f1a y Portugal. Env\u00edos 24 h, soporte t\u00e9cnico a talleres y distribuidores.","hasMerchantReturnPolicy":{"@type":"MerchantReturnPolicy","merchantReturnLink":"https:\/\/recambiosecogas.com\/politicas-privacidad\/"},"address":{"@id":"https:\/\/recambiosecogas.com\/pt-pt\/producto\/reductor-glp-italia-rpg-09-140kw-autogas\/#local-main-place-address"},"telephone":["616250633"],"contactPoint":{"@type":"ContactPoint","email":"export@recambiosecogas.com"},"openingHoursSpecification":[{"@type":"OpeningHoursSpecification","dayOfWeek":["Monday","Tuesday","Wednesday","Thursday","Friday","Saturday","Sunday"],"opens":"09:00","closes":"17:00"}],"email":"info@recambiosecogas.com","faxNumber":"SEGIMON AUTOMOCION SL","vatID":"ESB19819861","globalLocationNumber":"938 616 339"},{"@type":"PostalAddress","@id":"https:\/\/recambiosecogas.com\/pt-pt\/producto\/reductor-glp-italia-rpg-09-140kw-autogas\/#local-main-place-address","streetAddress":"cami antic de vic, 29 (Nave 3), Pol\u00edgono Industrial Congost","addressLocality":"CORRO D`AVALL","postalCode":"08520","addressRegion":"Barcelona","addressCountry":"ES"},{"@type":"ImageObject","inLanguage":"pt-PT","@id":"https:\/\/recambiosecogas.com\/pt-pt\/producto\/reductor-glp-italia-rpg-09-140kw-autogas\/#local-main-organization-logo","url":"https:\/\/recambiosecogas.com\/wp-content\/uploads\/2024\/11\/cropped-RECAMBIOS-GLP-png.webp","contentUrl":"https:\/\/recambiosecogas.com\/wp-content\/uploads\/2024\/11\/cropped-RECAMBIOS-GLP-png.webp","width":512,"height":512,"caption":"Recambios EcoGas"}]},"product_price_amount":"165.28","product_price_currency":"EUR","og_availability":"instock","product_availability":"instock","product_retailer_item_id":"107359","product_condition":"new","geo.placename":"CORRO D`AVALL","geo.region":"Espanha"},"uagb_featured_image_src":{"full":["https:\/\/recambiosecogas.com\/wp-content\/uploads\/2025\/03\/Reductor-GLP-Italia-RPG-09-140kW-Autogas-png.webp",1000,1000,false],"thumbnail":["https:\/\/recambiosecogas.com\/wp-content\/uploads\/2025\/03\/Reductor-GLP-Italia-RPG-09-140kW-Autogas-150x150.webp",150,150,true],"medium":["https:\/\/recambiosecogas.com\/wp-content\/uploads\/2025\/03\/Reductor-GLP-Italia-RPG-09-140kW-Autogas-300x300.webp",300,300,true],"medium_large":["https:\/\/recambiosecogas.com\/wp-content\/uploads\/2025\/03\/Reductor-GLP-Italia-RPG-09-140kW-Autogas-768x768.webp",768,768,true],"large":["https:\/\/recambiosecogas.com\/wp-content\/uploads\/2025\/03\/Reductor-GLP-Italia-RPG-09-140kW-Autogas-png.webp",1000,1000,false],"1536x1536":["https:\/\/recambiosecogas.com\/wp-content\/uploads\/2025\/03\/Reductor-GLP-Italia-RPG-09-140kW-Autogas-png.webp",1000,1000,false],"2048x2048":["https:\/\/recambiosecogas.com\/wp-content\/uploads\/2025\/03\/Reductor-GLP-Italia-RPG-09-140kW-Autogas-png.webp",1000,1000,false],"woocommerce_archive_thumbnail":["https:\/\/recambiosecogas.com\/wp-content\/uploads\/2025\/03\/Reductor-GLP-Italia-RPG-09-140kW-Autogas-png.webp",1000,1000,false],"woocommerce_thumbnail":["https:\/\/recambiosecogas.com\/wp-content\/uploads\/2025\/03\/Reductor-GLP-Italia-RPG-09-140kW-Autogas-300x300.webp",300,300,true],"woocommerce_single":["https:\/\/recambiosecogas.com\/wp-content\/uploads\/2025\/03\/Reductor-GLP-Italia-RPG-09-140kW-Autogas-png.webp",1000,1000,false],"woocommerce_gallery_thumbnail":["https:\/\/recambiosecogas.com\/wp-content\/uploads\/2025\/03\/Reductor-GLP-Italia-RPG-09-140kW-Autogas-png.webp",1000,1000,false],"dgwt-wcas-product-suggestion":["https:\/\/recambiosecogas.com\/wp-content\/uploads\/2025\/03\/Reductor-GLP-Italia-RPG-09-140kW-Autogas-64x64.webp",64,64,true]},"uagb_author_info":{"display_name":"Fran - Soporte T\u00e9cnico","author_link":"https:\/\/recambiosecogas.com\/pt-pt\/author\/"},"uagb_comment_info":0,"uagb_excerpt":"LPG Reducer Italia RPG 09 (140kW) Autog\u00e1s O LPG RPG 09 Redutor de GLP (140 kW) \u00e9 um regulador de alta precis\u00e3o concebido para ve\u00edculos de convers\u00e3o de GPL. O seu design compacto e eficiente garante regula\u00e7\u00e3o constante da press\u00e3o e inje\u00e7\u00e3o precisa de g\u00e1s, melhorando o desempenho do motor e reduzindo o consumo de&hellip;","_links":{"self":[{"href":"https:\/\/recambiosecogas.com\/pt-pt\/wp-json\/wp\/v2\/product\/40755","targetHints":{"allow":["GET"]}}],"collection":[{"href":"https:\/\/recambiosecogas.com\/pt-pt\/wp-json\/wp\/v2\/product"}],"about":[{"href":"https:\/\/recambiosecogas.com\/pt-pt\/wp-json\/wp\/v2\/types\/product"}],"replies":[{"embeddable":true,"href":"https:\/\/recambiosecogas.com\/pt-pt\/wp-json\/wp\/v2\/comments?post=40755"}],"wp:featuredmedia":[{"embeddable":true,"href":"https:\/\/recambiosecogas.com\/pt-pt\/wp-json\/wp\/v2\/media\/34149"}],"wp:attachment":[{"href":"https:\/\/recambiosecogas.com\/pt-pt\/wp-json\/wp\/v2\/media?parent=40755"}],"wp:term":[{"taxonomy":"product_brand","embeddable":true,"href":"https:\/\/recambiosecogas.com\/pt-pt\/wp-json\/wp\/v2\/product_brand?post=40755"},{"taxonomy":"product_cat","embeddable":true,"href":"https:\/\/recambiosecogas.com\/pt-pt\/wp-json\/wp\/v2\/product_cat?post=40755"},{"taxonomy":"product_tag","embeddable":true,"href":"https:\/\/recambiosecogas.com\/pt-pt\/wp-json\/wp\/v2\/product_tag?post=40755"}],"curies":[{"name":"wp","href":"https:\/\/api.w.org\/{rel}","templated":true}]}}