{"id":40754,"date":"2025-03-18T16:30:44","date_gmt":"2025-03-18T16:30:44","guid":{"rendered":"https:\/\/recambiosecogas.com\/producto\/eg-premo-next-conect-gearbox-nova-versao\/"},"modified":"2026-04-27T09:09:48","modified_gmt":"2026-04-27T08:09:48","slug":"reductor-eg-premo-next-conect-nueva-version","status":"publish","type":"product","link":"https:\/\/recambiosecogas.com\/pt-pt\/producto\/reductor-eg-premo-next-conect-nueva-version\/","title":{"rendered":"EG PREMO NEXT CONECT GEARBOX (Nova vers\u00e3o)"},"content":{"rendered":"<h4 style=\"text-align: left;\" data-start=\"2702\" data-end=\"2725\"><strong data-start=\"179\" data-end=\"212\">Redutor EG PREMO NEXT CONECT<\/strong> \u00e9 um <strong data-start=\"219\" data-end=\"270\">regulador de press\u00e3o LPG de alto desempenho<\/strong> , projetado para converter <strong data-start=\"306\" data-end=\"337\">g\u00e1s da fase l\u00edquida para a fase gasosa<\/strong> e manter um fluxo est\u00e1vel e constante no sistema de inje\u00e7\u00e3o de g\u00e1s.<\/h4>\n<h4 data-start=\"2702\" data-end=\"2725\"><strong data-start=\"2705\" data-end=\"2723\">Dados t\u00e9cnicos<\/strong><\/h4>\n<ul data-start=\"2726\" data-end=\"3518\">\n<li data-start=\"2726\" data-end=\"2762\"><strong data-start=\"2728\" data-end=\"2738\">Modelo<\/strong> : EG PREMO NEXT CONECT<\/li>\n<li data-start=\"2763\" data-end=\"2803\"><strong data-start=\"2765\" data-end=\"2773\">Tipo<\/strong> : Redutor<\/li>\n<li data-start=\"2804\" data-end=\"2851\"><strong data-start=\"2806\" data-end=\"2835\">Pot\u00eancia m\u00e1xima suportada<\/strong> : At\u00e9 150 cv<\/li>\n<li data-start=\"2852\" data-end=\"2935\"><strong data-start=\"2854\" data-end=\"2875\">Press\u00e3o<\/strong>: Est\u00e1vel e constante, independente da carga do motor.<\/li>\n<li data-start=\"2936\" data-end=\"3004\"><strong data-start=\"2938\" data-end=\"2961\">Conex\u00e3o de entrada<\/strong> : Compat\u00edvel com sistemas LPG padr\u00e3o<\/li>\n<li data-start=\"3005\" data-end=\"3076\"><strong data-start=\"3007\" data-end=\"3029\">Conex\u00e3o de sa\u00edda<\/strong>: Compat\u00edvel com<\/li>\n<li data-start=\"3077\" data-end=\"3125\"><strong data-start=\"3079\" data-end=\"3097\">V\u00e1lvula solenoide<\/strong> : Integrada na caixa de velocidades<\/li>\n<li data-start=\"3126\" data-end=\"3168\"><strong data-start=\"3128\" data-end=\"3153\">Sensor<\/strong>: Built-in<\/li>\n<li data-start=\"3169\" data-end=\"3223\"><strong data-start=\"3171\" data-end=\"3193\">Cartucho de filtro<\/strong> : Universal, de f\u00e1cil acesso.<\/li>\n<li data-start=\"3224\" data-end=\"3323\"><strong data-start=\"3226\" data-end=\"3267\">Sistema de prote\u00e7\u00e3o contra sujidade<\/strong> : \u00edm\u00e3 de neod\u00edmio para evitar o ac\u00famulo de res\u00edduos<\/li>\n<li data-start=\"3324\" data-end=\"3410\"><strong data-start=\"3326\" data-end=\"3359\">Temperatura<\/strong>: \u00d3timo desempenho mesmo em baixas temperaturas<\/li>\n<li data-start=\"3411\" data-end=\"3518\"><strong data-start=\"3413\" data-end=\"3430\">Manuten\u00e7\u00e3o<\/strong> : Substitua o filtro a cada 15.000 \u2013 20.000 km de acordo com as recomenda\u00e7\u00f5es do fabricante<\/li>\n<\/ul>\n<p data-start=\"416\" data-end=\"743\">Este modelo de \u00faltima gera\u00e7\u00e3o foi concebido para motores de at\u00e9 150 CV, sejam turbo ou atmosf\u00e9ricos, oferecendo um desempenho eficiente e uma condu\u00e7\u00e3o suave e econ\u00f3mica. Gra\u00e7as ao seu design compacto e \u00e0s liga\u00e7\u00f5es girat\u00f3rias, a instala\u00e7\u00e3o \u00e9 r\u00e1pida e f\u00e1cil, mesmo em configura\u00e7\u00f5es complexas. <\/p>\n<p data-start=\"745\" data-end=\"1123\">O EG PREMO NEXT incorpora um sensor de temperatura integrado que permite controlar a mudan\u00e7a de g\u00e1s em fun\u00e7\u00e3o das condi\u00e7\u00f5es t\u00e9rmicas do sistema. Al\u00e9m disso, o cartucho filtrante universal de f\u00e1cil acesso e o sistema de \u00edman de neod\u00edmio evitam o ac\u00famulo de sujidade no pist\u00e3o da eletrov\u00e1lvula, garantindo um funcionamento est\u00e1vel e prolongado. <\/p>\n<p data-start=\"1125\" data-end=\"1421\">O seu design optimizado assegura um desempenho constante mesmo a baixas temperaturas, proporcionando uma combust\u00e3o eficiente e uma resposta r\u00e1pida do motor. O conjunto da eletrov\u00e1lvula integrada reduz o tempo de instala\u00e7\u00e3o e melhora a seguran\u00e7a e a estabilidade do sistema. <\/p>\n<p data-start=\"1125\" data-end=\"1421\"><a href=\"https:\/\/recambiosecogas.com\/pt-pt\/categoria-produto\/reguladores-de-pressao\/redutor-glp\/\">OBTENHA MAIS CAIXAS DE VELOCIDADES NO NOSSO SITE<\/a><br \/>\n<a href=\"https:\/\/segimonautomocio.com\/\">PARA CONVERS\u00d5ES DE GPL VISITE O NOSSO WORKSHOP NO WEBSITE<\/a><\/p>\n","protected":false},"excerpt":{"rendered":"<p>Redutor EG PREMO NEXT CONECT \u00e9 um regulador de press\u00e3o LPG de alto desempenho , projetado para converter g\u00e1s da fase l\u00edquida para a fase gasosa e manter um fluxo est\u00e1vel e constante no sistema de inje\u00e7\u00e3o de g\u00e1s. Dados t\u00e9cnicos Modelo : EG PREMO NEXT CONECT Tipo : Redutor Pot\u00eancia m\u00e1xima suportada : At\u00e9 [&hellip;]<\/p>\n","protected":false},"featured_media":33809,"comment_status":"open","ping_status":"closed","template":"","meta":{"_uag_custom_page_level_css":""},"product_brand":[],"product_cat":[1839,1855,1861,1066,1065],"product_tag":[],"class_list":{"0":"post-40754","1":"product","2":"type-product","3":"status-publish","4":"has-post-thumbnail","6":"product_cat-pecas-oem-alfa-romeo","7":"product_cat-pecas-oem-opel","8":"product_cat-pecas-oem-ssangyong","9":"product_cat-redutor-glp","10":"product_cat-reguladores-de-pressao","12":"first","13":"instock","14":"taxable","15":"shipping-taxable","16":"purchasable","17":"product-type-simple"},"ct_brands":[],"yoast_head":"<!-- This site is optimized with the Yoast SEO Premium plugin v27.5 (Yoast SEO v27.5) - https:\/\/yoast.com\/product\/yoast-seo-premium-wordpress\/ -->\n<title>EG PREMO NEXT CONECT GEARBOX (Nova vers\u00e3o) | Recambios EcoGas | Sistemas GLP y GNC<\/title>\n<meta name=\"description\" content=\"Redutor O EG PREMO NEXT CONECT oferece regula\u00e7\u00e3o precisa da press\u00e3o do GPL para motores de at\u00e9 150 cv.\" \/>\n<meta name=\"robots\" content=\"index, follow, max-snippet:-1, max-image-preview:large, max-video-preview:-1\" \/>\n<link rel=\"canonical\" href=\"https:\/\/recambiosecogas.com\/pt-pt\/producto\/reductor-eg-premo-next-conect-nueva-version\/\" \/>\n<meta property=\"og:locale\" content=\"pt_PT\" \/>\n<meta property=\"og:type\" content=\"article\" \/>\n<meta property=\"og:title\" content=\"EG PREMO NEXT CONECT GEARBOX (Nova vers\u00e3o)\" \/>\n<meta property=\"og:description\" content=\"Redutor O EG PREMO NEXT CONECT oferece regula\u00e7\u00e3o precisa da press\u00e3o do GPL para motores de at\u00e9 150 cv.\" \/>\n<meta property=\"og:url\" content=\"https:\/\/recambiosecogas.com\/pt-pt\/producto\/reductor-eg-premo-next-conect-nueva-version\/\" \/>\n<meta property=\"og:site_name\" content=\"Recambios EcoGas\" \/>\n<meta property=\"article:publisher\" content=\"https:\/\/www.facebook.com\/profile.php?id=100062419705358\" \/>\n<meta property=\"article:modified_time\" content=\"2026-04-27T08:09:48+00:00\" \/>\n<meta property=\"og:image\" content=\"https:\/\/recambiosecogas.com\/wp-content\/uploads\/2025\/03\/Europegas-Premo-Next-png.webp\" \/>\n\t<meta property=\"og:image:width\" content=\"1000\" \/>\n\t<meta property=\"og:image:height\" content=\"1000\" \/>\n\t<meta property=\"og:image:type\" content=\"image\/png\" \/>\n<meta name=\"twitter:card\" content=\"summary_large_image\" \/>\n<meta name=\"twitter:label1\" content=\"pre\u00e7o\" \/>\n\t<meta name=\"twitter:data1\" content=\"104,12&nbsp;&euro; (Sin IVA: 86,05&nbsp;&euro;)\" \/>\n\t<meta name=\"twitter:label2\" content=\"Disponibilidade\" \/>\n\t<meta name=\"twitter:data2\" content=\"Em stock\" \/>\n<script type=\"application\/ld+json\" class=\"yoast-schema-graph\">{\"@context\":\"https:\\\/\\\/schema.org\",\"@graph\":[{\"@type\":\"WebPage\",\"@id\":\"https:\\\/\\\/recambiosecogas.com\\\/pt-pt\\\/producto\\\/reductor-eg-premo-next-conect-nueva-version\\\/\",\"url\":\"https:\\\/\\\/recambiosecogas.com\\\/pt-pt\\\/producto\\\/reductor-eg-premo-next-conect-nueva-version\\\/\",\"name\":\"EG PREMO NEXT CONECT GEARBOX (Nova vers\u00e3o) | Recambios EcoGas | Sistemas GLP y GNC\",\"isPartOf\":{\"@id\":\"https:\\\/\\\/recambiosecogas.com\\\/pt-pt\\\/#website\"},\"primaryImageOfPage\":{\"@id\":\"https:\\\/\\\/recambiosecogas.com\\\/pt-pt\\\/producto\\\/reductor-eg-premo-next-conect-nueva-version\\\/#primaryimage\"},\"image\":{\"@id\":\"https:\\\/\\\/recambiosecogas.com\\\/pt-pt\\\/producto\\\/reductor-eg-premo-next-conect-nueva-version\\\/#primaryimage\"},\"thumbnailUrl\":\"https:\\\/\\\/recambiosecogas.com\\\/wp-content\\\/uploads\\\/2025\\\/03\\\/Europegas-Premo-Next-png.webp\",\"datePublished\":\"2025-03-18T16:30:44+00:00\",\"dateModified\":\"2026-04-27T08:09:48+00:00\",\"description\":\"Redutor O EG PREMO NEXT CONECT oferece regula\u00e7\u00e3o precisa da press\u00e3o do GPL para motores de at\u00e9 150 cv.\",\"breadcrumb\":{\"@id\":\"https:\\\/\\\/recambiosecogas.com\\\/pt-pt\\\/producto\\\/reductor-eg-premo-next-conect-nueva-version\\\/#breadcrumb\"},\"inLanguage\":\"pt-PT\",\"potentialAction\":[{\"@type\":\"ReadAction\",\"target\":[\"https:\\\/\\\/recambiosecogas.com\\\/pt-pt\\\/producto\\\/reductor-eg-premo-next-conect-nueva-version\\\/\"]}]},{\"@type\":\"ImageObject\",\"inLanguage\":\"pt-PT\",\"@id\":\"https:\\\/\\\/recambiosecogas.com\\\/pt-pt\\\/producto\\\/reductor-eg-premo-next-conect-nueva-version\\\/#primaryimage\",\"url\":\"https:\\\/\\\/recambiosecogas.com\\\/wp-content\\\/uploads\\\/2025\\\/03\\\/Europegas-Premo-Next-png.webp\",\"contentUrl\":\"https:\\\/\\\/recambiosecogas.com\\\/wp-content\\\/uploads\\\/2025\\\/03\\\/Europegas-Premo-Next-png.webp\",\"width\":1000,\"height\":1000},{\"@type\":\"BreadcrumbList\",\"@id\":\"https:\\\/\\\/recambiosecogas.com\\\/pt-pt\\\/producto\\\/reductor-eg-premo-next-conect-nueva-version\\\/#breadcrumb\",\"itemListElement\":[{\"@type\":\"ListItem\",\"position\":1,\"name\":\"P\u00e1gina inicial\",\"item\":\"https:\\\/\\\/recambiosecogas.com\\\/pt-pt\\\/\"},{\"@type\":\"ListItem\",\"position\":2,\"name\":\"Loja\",\"item\":\"https:\\\/\\\/recambiosecogas.com\\\/pt-pt\\\/tienda\\\/\"},{\"@type\":\"ListItem\",\"position\":3,\"name\":\"EG PREMO NEXT CONECT GEARBOX (Nova vers\u00e3o)\"}]},{\"@type\":\"WebSite\",\"@id\":\"https:\\\/\\\/recambiosecogas.com\\\/pt-pt\\\/#website\",\"url\":\"https:\\\/\\\/recambiosecogas.com\\\/pt-pt\\\/\",\"name\":\"Recambios EcoGas\",\"description\":\"Pe\u00e7as multimarca para sistemas de GPL\\\/GNC\\\/GNL\\\/Hidrog\u00e9nio\",\"publisher\":{\"@id\":\"https:\\\/\\\/recambiosecogas.com\\\/pt-pt\\\/#organization\"},\"alternateName\":\"Recambios Autogas GLP\",\"potentialAction\":[{\"@type\":\"SearchAction\",\"target\":{\"@type\":\"EntryPoint\",\"urlTemplate\":\"https:\\\/\\\/recambiosecogas.com\\\/pt-pt\\\/?s={search_term_string}\"},\"query-input\":{\"@type\":\"PropertyValueSpecification\",\"valueRequired\":true,\"valueName\":\"search_term_string\"}}],\"inLanguage\":\"pt-PT\"},{\"@type\":[\"Organization\",\"Place\"],\"@id\":\"https:\\\/\\\/recambiosecogas.com\\\/pt-pt\\\/#organization\",\"name\":\"Recambios EcoGas\",\"alternateName\":\"Loja de GPL Autog\u00e1s Espanha\",\"url\":\"https:\\\/\\\/recambiosecogas.com\\\/pt-pt\\\/\",\"logo\":{\"@id\":\"https:\\\/\\\/recambiosecogas.com\\\/pt-pt\\\/producto\\\/reductor-eg-premo-next-conect-nueva-version\\\/#local-main-organization-logo\"},\"image\":{\"@id\":\"https:\\\/\\\/recambiosecogas.com\\\/pt-pt\\\/producto\\\/reductor-eg-premo-next-conect-nueva-version\\\/#local-main-organization-logo\"},\"sameAs\":[\"https:\\\/\\\/www.facebook.com\\\/profile.php?id=100062419705358\",\"https:\\\/\\\/www.instagram.com\\\/segimon_automocio\"],\"description\":\"Recambios EcoGas \u2013 Venta y distribuci\u00f3n de sistemas GLP y GNC en Espa\u00f1a y Portugal. Env\u00edos 24 h, soporte t\u00e9cnico a talleres y distribuidores.\",\"hasMerchantReturnPolicy\":{\"@type\":\"MerchantReturnPolicy\",\"merchantReturnLink\":\"https:\\\/\\\/recambiosecogas.com\\\/politicas-privacidad\\\/\"},\"address\":{\"@id\":\"https:\\\/\\\/recambiosecogas.com\\\/pt-pt\\\/producto\\\/reductor-eg-premo-next-conect-nueva-version\\\/#local-main-place-address\"},\"telephone\":[\"616250633\"],\"contactPoint\":{\"@type\":\"ContactPoint\",\"email\":\"export@recambiosecogas.com\"},\"openingHoursSpecification\":[{\"@type\":\"OpeningHoursSpecification\",\"dayOfWeek\":[\"Monday\",\"Tuesday\",\"Wednesday\",\"Thursday\",\"Friday\",\"Saturday\",\"Sunday\"],\"opens\":\"09:00\",\"closes\":\"17:00\"}],\"email\":\"info@recambiosecogas.com\",\"faxNumber\":\"SEGIMON AUTOMOCION SL\",\"vatID\":\"ESB19819861\",\"globalLocationNumber\":\"938 616 339\"},{\"@type\":\"PostalAddress\",\"@id\":\"https:\\\/\\\/recambiosecogas.com\\\/pt-pt\\\/producto\\\/reductor-eg-premo-next-conect-nueva-version\\\/#local-main-place-address\",\"streetAddress\":\"cami antic de vic, 29 (Nave 3), Pol\u00edgono Industrial Congost\",\"addressLocality\":\"CORRO D`AVALL\",\"postalCode\":\"08520\",\"addressRegion\":\"Barcelona\",\"addressCountry\":\"ES\"},{\"@type\":\"ImageObject\",\"inLanguage\":\"pt-PT\",\"@id\":\"https:\\\/\\\/recambiosecogas.com\\\/pt-pt\\\/producto\\\/reductor-eg-premo-next-conect-nueva-version\\\/#local-main-organization-logo\",\"url\":\"https:\\\/\\\/recambiosecogas.com\\\/wp-content\\\/uploads\\\/2024\\\/11\\\/cropped-RECAMBIOS-GLP-png.webp\",\"contentUrl\":\"https:\\\/\\\/recambiosecogas.com\\\/wp-content\\\/uploads\\\/2024\\\/11\\\/cropped-RECAMBIOS-GLP-png.webp\",\"width\":512,\"height\":512,\"caption\":\"Recambios EcoGas\"}]}<\/script>\n<meta property=\"product:price:amount\" content=\"104.12\" \/>\n<meta property=\"product:price:currency\" content=\"EUR\" \/>\n<meta property=\"og:availability\" content=\"instock\" \/>\n<meta property=\"product:availability\" content=\"instock\" \/>\n<meta property=\"product:retailer_item_id\" content=\"SA4760\" \/>\n<meta property=\"product:condition\" content=\"new\" \/>\n<meta name=\"geo.placename\" content=\"CORRO D`AVALL\" \/>\n<meta name=\"geo.region\" content=\"Espanha\" \/>\n<!-- \/ Yoast SEO Premium plugin. -->","yoast_head_json":{"title":"EG PREMO NEXT CONECT GEARBOX (Nova vers\u00e3o) | Recambios EcoGas | Sistemas GLP y GNC","description":"Redutor O EG PREMO NEXT CONECT oferece regula\u00e7\u00e3o precisa da press\u00e3o do GPL para motores de at\u00e9 150 cv.","robots":{"index":"index","follow":"follow","max-snippet":"max-snippet:-1","max-image-preview":"max-image-preview:large","max-video-preview":"max-video-preview:-1"},"canonical":"https:\/\/recambiosecogas.com\/pt-pt\/producto\/reductor-eg-premo-next-conect-nueva-version\/","og_locale":"pt_PT","og_type":"article","og_title":"EG PREMO NEXT CONECT GEARBOX (Nova vers\u00e3o)","og_description":"Redutor O EG PREMO NEXT CONECT oferece regula\u00e7\u00e3o precisa da press\u00e3o do GPL para motores de at\u00e9 150 cv.","og_url":"https:\/\/recambiosecogas.com\/pt-pt\/producto\/reductor-eg-premo-next-conect-nueva-version\/","og_site_name":"Recambios EcoGas","article_publisher":"https:\/\/www.facebook.com\/profile.php?id=100062419705358","article_modified_time":"2026-04-27T08:09:48+00:00","og_image":[{"width":1000,"height":1000,"url":"https:\/\/recambiosecogas.com\/wp-content\/uploads\/2025\/03\/Europegas-Premo-Next-png.webp","type":"image\/png"}],"twitter_card":"summary_large_image","twitter_misc":{"pre\u00e7o":"104,12&nbsp;&euro; (Sin IVA: 86,05&nbsp;&euro;)","Disponibilidade":"Em stock"},"schema":{"@context":"https:\/\/schema.org","@graph":[{"@type":"WebPage","@id":"https:\/\/recambiosecogas.com\/pt-pt\/producto\/reductor-eg-premo-next-conect-nueva-version\/","url":"https:\/\/recambiosecogas.com\/pt-pt\/producto\/reductor-eg-premo-next-conect-nueva-version\/","name":"EG PREMO NEXT CONECT GEARBOX (Nova vers\u00e3o) | Recambios EcoGas | Sistemas GLP y GNC","isPartOf":{"@id":"https:\/\/recambiosecogas.com\/pt-pt\/#website"},"primaryImageOfPage":{"@id":"https:\/\/recambiosecogas.com\/pt-pt\/producto\/reductor-eg-premo-next-conect-nueva-version\/#primaryimage"},"image":{"@id":"https:\/\/recambiosecogas.com\/pt-pt\/producto\/reductor-eg-premo-next-conect-nueva-version\/#primaryimage"},"thumbnailUrl":"https:\/\/recambiosecogas.com\/wp-content\/uploads\/2025\/03\/Europegas-Premo-Next-png.webp","datePublished":"2025-03-18T16:30:44+00:00","dateModified":"2026-04-27T08:09:48+00:00","description":"Redutor O EG PREMO NEXT CONECT oferece regula\u00e7\u00e3o precisa da press\u00e3o do GPL para motores de at\u00e9 150 cv.","breadcrumb":{"@id":"https:\/\/recambiosecogas.com\/pt-pt\/producto\/reductor-eg-premo-next-conect-nueva-version\/#breadcrumb"},"inLanguage":"pt-PT","potentialAction":[{"@type":"ReadAction","target":["https:\/\/recambiosecogas.com\/pt-pt\/producto\/reductor-eg-premo-next-conect-nueva-version\/"]}]},{"@type":"ImageObject","inLanguage":"pt-PT","@id":"https:\/\/recambiosecogas.com\/pt-pt\/producto\/reductor-eg-premo-next-conect-nueva-version\/#primaryimage","url":"https:\/\/recambiosecogas.com\/wp-content\/uploads\/2025\/03\/Europegas-Premo-Next-png.webp","contentUrl":"https:\/\/recambiosecogas.com\/wp-content\/uploads\/2025\/03\/Europegas-Premo-Next-png.webp","width":1000,"height":1000},{"@type":"BreadcrumbList","@id":"https:\/\/recambiosecogas.com\/pt-pt\/producto\/reductor-eg-premo-next-conect-nueva-version\/#breadcrumb","itemListElement":[{"@type":"ListItem","position":1,"name":"P\u00e1gina inicial","item":"https:\/\/recambiosecogas.com\/pt-pt\/"},{"@type":"ListItem","position":2,"name":"Loja","item":"https:\/\/recambiosecogas.com\/pt-pt\/tienda\/"},{"@type":"ListItem","position":3,"name":"EG PREMO NEXT CONECT GEARBOX (Nova vers\u00e3o)"}]},{"@type":"WebSite","@id":"https:\/\/recambiosecogas.com\/pt-pt\/#website","url":"https:\/\/recambiosecogas.com\/pt-pt\/","name":"Recambios EcoGas","description":"Pe\u00e7as multimarca para sistemas de GPL\/GNC\/GNL\/Hidrog\u00e9nio","publisher":{"@id":"https:\/\/recambiosecogas.com\/pt-pt\/#organization"},"alternateName":"Recambios Autogas GLP","potentialAction":[{"@type":"SearchAction","target":{"@type":"EntryPoint","urlTemplate":"https:\/\/recambiosecogas.com\/pt-pt\/?s={search_term_string}"},"query-input":{"@type":"PropertyValueSpecification","valueRequired":true,"valueName":"search_term_string"}}],"inLanguage":"pt-PT"},{"@type":["Organization","Place"],"@id":"https:\/\/recambiosecogas.com\/pt-pt\/#organization","name":"Recambios EcoGas","alternateName":"Loja de GPL Autog\u00e1s Espanha","url":"https:\/\/recambiosecogas.com\/pt-pt\/","logo":{"@id":"https:\/\/recambiosecogas.com\/pt-pt\/producto\/reductor-eg-premo-next-conect-nueva-version\/#local-main-organization-logo"},"image":{"@id":"https:\/\/recambiosecogas.com\/pt-pt\/producto\/reductor-eg-premo-next-conect-nueva-version\/#local-main-organization-logo"},"sameAs":["https:\/\/www.facebook.com\/profile.php?id=100062419705358","https:\/\/www.instagram.com\/segimon_automocio"],"description":"Recambios EcoGas \u2013 Venta y distribuci\u00f3n de sistemas GLP y GNC en Espa\u00f1a y Portugal. Env\u00edos 24 h, soporte t\u00e9cnico a talleres y distribuidores.","hasMerchantReturnPolicy":{"@type":"MerchantReturnPolicy","merchantReturnLink":"https:\/\/recambiosecogas.com\/politicas-privacidad\/"},"address":{"@id":"https:\/\/recambiosecogas.com\/pt-pt\/producto\/reductor-eg-premo-next-conect-nueva-version\/#local-main-place-address"},"telephone":["616250633"],"contactPoint":{"@type":"ContactPoint","email":"export@recambiosecogas.com"},"openingHoursSpecification":[{"@type":"OpeningHoursSpecification","dayOfWeek":["Monday","Tuesday","Wednesday","Thursday","Friday","Saturday","Sunday"],"opens":"09:00","closes":"17:00"}],"email":"info@recambiosecogas.com","faxNumber":"SEGIMON AUTOMOCION SL","vatID":"ESB19819861","globalLocationNumber":"938 616 339"},{"@type":"PostalAddress","@id":"https:\/\/recambiosecogas.com\/pt-pt\/producto\/reductor-eg-premo-next-conect-nueva-version\/#local-main-place-address","streetAddress":"cami antic de vic, 29 (Nave 3), Pol\u00edgono Industrial Congost","addressLocality":"CORRO D`AVALL","postalCode":"08520","addressRegion":"Barcelona","addressCountry":"ES"},{"@type":"ImageObject","inLanguage":"pt-PT","@id":"https:\/\/recambiosecogas.com\/pt-pt\/producto\/reductor-eg-premo-next-conect-nueva-version\/#local-main-organization-logo","url":"https:\/\/recambiosecogas.com\/wp-content\/uploads\/2024\/11\/cropped-RECAMBIOS-GLP-png.webp","contentUrl":"https:\/\/recambiosecogas.com\/wp-content\/uploads\/2024\/11\/cropped-RECAMBIOS-GLP-png.webp","width":512,"height":512,"caption":"Recambios EcoGas"}]},"product_price_amount":"104.12","product_price_currency":"EUR","og_availability":"instock","product_availability":"instock","product_retailer_item_id":"SA4760","product_condition":"new","geo.placename":"CORRO D`AVALL","geo.region":"Espanha"},"uagb_featured_image_src":{"full":["https:\/\/recambiosecogas.com\/wp-content\/uploads\/2025\/03\/Europegas-Premo-Next-png.webp",1000,1000,false],"thumbnail":["https:\/\/recambiosecogas.com\/wp-content\/uploads\/2025\/03\/Europegas-Premo-Next-150x150.webp",150,150,true],"medium":["https:\/\/recambiosecogas.com\/wp-content\/uploads\/2025\/03\/Europegas-Premo-Next-300x300.webp",300,300,true],"medium_large":["https:\/\/recambiosecogas.com\/wp-content\/uploads\/2025\/03\/Europegas-Premo-Next-768x768.webp",768,768,true],"large":["https:\/\/recambiosecogas.com\/wp-content\/uploads\/2025\/03\/Europegas-Premo-Next-png.webp",1000,1000,false],"1536x1536":["https:\/\/recambiosecogas.com\/wp-content\/uploads\/2025\/03\/Europegas-Premo-Next-png.webp",1000,1000,false],"2048x2048":["https:\/\/recambiosecogas.com\/wp-content\/uploads\/2025\/03\/Europegas-Premo-Next-png.webp",1000,1000,false],"woocommerce_archive_thumbnail":["https:\/\/recambiosecogas.com\/wp-content\/uploads\/2025\/03\/Europegas-Premo-Next-png.webp",1000,1000,false],"woocommerce_thumbnail":["https:\/\/recambiosecogas.com\/wp-content\/uploads\/2025\/03\/Europegas-Premo-Next-300x300.webp",300,300,true],"woocommerce_single":["https:\/\/recambiosecogas.com\/wp-content\/uploads\/2025\/03\/Europegas-Premo-Next-png.webp",1000,1000,false],"woocommerce_gallery_thumbnail":["https:\/\/recambiosecogas.com\/wp-content\/uploads\/2025\/03\/Europegas-Premo-Next-png.webp",1000,1000,false],"dgwt-wcas-product-suggestion":["https:\/\/recambiosecogas.com\/wp-content\/uploads\/2025\/03\/Europegas-Premo-Next-64x64.webp",64,64,true]},"uagb_author_info":{"display_name":"Fran - Soporte T\u00e9cnico","author_link":"https:\/\/recambiosecogas.com\/pt-pt\/author\/"},"uagb_comment_info":0,"uagb_excerpt":"Redutor EG PREMO NEXT CONECT \u00e9 um regulador de press\u00e3o LPG de alto desempenho , projetado para converter g\u00e1s da fase l\u00edquida para a fase gasosa e manter um fluxo est\u00e1vel e constante no sistema de inje\u00e7\u00e3o de g\u00e1s. Dados t\u00e9cnicos Modelo : EG PREMO NEXT CONECT Tipo : Redutor Pot\u00eancia m\u00e1xima suportada : At\u00e9&hellip;","_links":{"self":[{"href":"https:\/\/recambiosecogas.com\/pt-pt\/wp-json\/wp\/v2\/product\/40754","targetHints":{"allow":["GET"]}}],"collection":[{"href":"https:\/\/recambiosecogas.com\/pt-pt\/wp-json\/wp\/v2\/product"}],"about":[{"href":"https:\/\/recambiosecogas.com\/pt-pt\/wp-json\/wp\/v2\/types\/product"}],"replies":[{"embeddable":true,"href":"https:\/\/recambiosecogas.com\/pt-pt\/wp-json\/wp\/v2\/comments?post=40754"}],"wp:featuredmedia":[{"embeddable":true,"href":"https:\/\/recambiosecogas.com\/pt-pt\/wp-json\/wp\/v2\/media\/33809"}],"wp:attachment":[{"href":"https:\/\/recambiosecogas.com\/pt-pt\/wp-json\/wp\/v2\/media?parent=40754"}],"wp:term":[{"taxonomy":"product_brand","embeddable":true,"href":"https:\/\/recambiosecogas.com\/pt-pt\/wp-json\/wp\/v2\/product_brand?post=40754"},{"taxonomy":"product_cat","embeddable":true,"href":"https:\/\/recambiosecogas.com\/pt-pt\/wp-json\/wp\/v2\/product_cat?post=40754"},{"taxonomy":"product_tag","embeddable":true,"href":"https:\/\/recambiosecogas.com\/pt-pt\/wp-json\/wp\/v2\/product_tag?post=40754"}],"curies":[{"name":"wp","href":"https:\/\/api.w.org\/{rel}","templated":true}]}}