{"id":40746,"date":"2025-03-04T13:02:43","date_gmt":"2025-03-04T12:02:43","guid":{"rendered":"https:\/\/recambiosecogas.com\/producto\/landi-renzo-li10-oversize-turbo-redutor\/"},"modified":"2026-04-27T09:09:53","modified_gmt":"2026-04-27T08:09:53","slug":"reductor-landi-renzo-li10-oversize-turbo","status":"publish","type":"product","link":"https:\/\/recambiosecogas.com\/pt-pt\/produto\/reductor-landi-renzo-li10-oversize-turbo\/","title":{"rendered":"Landi Renzo Li10 Turbo Redutor de Grandes Dimens\u00f5es"},"content":{"rendered":"<h3 style=\"text-align: center;\">Landi Renzo Li10 Turbo Redutor de Grandes Dimens\u00f5es (at\u00e9 200KW) M12x1 8mm<\/h3>\n<p>&nbsp;<\/p>\n<h4>Dados t\u00e9cnicos<\/h4>\n<p><b>Landirenzo 9255092 Refer\u00eancia 536758000  <\/b><\/p>\n<div class=\"separator\">N\u00fameros OEM:<\/div>\n<div class=\"separator\">9255092-881346-13491614-881554<\/div>\n<div class=\"separator\">\n<div class=\"separator\">Adequado para:<\/div>\n<div class=\"separator\">Opel Astra J 1.4 LPG<\/div>\n<div class=\"separator\">Opel Astra B 1.4 LPG<\/div>\n<div class=\"separator\">Opel Insignia A 1.4 LPG<\/div>\n<div class=\"separator\">Opel Zafira C 1.4 LPG<\/div>\n<\/div>\n<p><strong>N\u00famero de aprova\u00e7\u00e3o E13 67R-01 0056<\/strong><\/p>\n<div>\n<table>\n<tbody>\n<tr>\n<td><strong>Dados t\u00e9cnicos Li10 TURBO<\/strong><\/td>\n<\/tr>\n<tr>\n<td>Materiais<\/td>\n<td>\n<div>Alum\u00ednio fundido<\/div>\n<\/td>\n<\/tr>\n<tr>\n<td>Peso<\/td>\n<td>\n<div>1,5 kg<\/div>\n<\/td>\n<\/tr>\n<tr>\n<td>Dimens\u00f5es<\/td>\n<td>\n<div>&#8211;<\/div>\n<\/td>\n<\/tr>\n<tr>\n<td>Press\u00e3o m\u00e1xima de entrada<\/td>\n<td>\n<div>28 bar<\/div>\n<\/td>\n<\/tr>\n<tr>\n<td>Press\u00e3o de sa\u00edda<\/td>\n<td>\n<div>1,2 bar<\/div>\n<\/td>\n<\/tr>\n<tr>\n<td>Tens\u00e3o da bobina<\/td>\n<td>\n<div>12 V<\/div>\n<\/td>\n<\/tr>\n<tr>\n<td>Temperatura de Funcionamento<\/td>\n<td>\n<div>-40\u00baC &#8211; +120\u00baC<\/div>\n<\/td>\n<\/tr>\n<tr>\n<td>Liga\u00e7\u00e3o \u00e0 entrada<\/td>\n<td>\n<div>Cabo M12x1 \u00f88 mm<\/div>\n<\/td>\n<\/tr>\n<tr>\n<td>Liga\u00e7\u00e3o de sa\u00edda<\/td>\n<td>\n<div>Liga\u00e7\u00e3o \u00e0 mangueira \u00f814 mm<\/div>\n<\/td>\n<\/tr>\n<tr>\n<td>Pot\u00eancia de Sa\u00edda<\/td>\n<td>\n<div>at\u00e9 200 KW<\/div>\n<\/td>\n<\/tr>\n<\/tbody>\n<\/table>\n<p class=\"\" data-start=\"167\" data-end=\"567\"><strong data-start=\"170\" data-end=\"214\">O Landi Renzo Li10 Oversize Turbo Reducer<\/strong> foi concebido para sistemas de convers\u00e3o <strong data-start=\"259\" data-end=\"266\">de GPL<\/strong> em ve\u00edculos at\u00e9 <strong data-start=\"289\" data-end=\"299\">200 kW<\/strong> de pot\u00eancia, proporcionando uma regula\u00e7\u00e3o precisa e constante da press\u00e3o do g\u00e1s. Fabricado em <strong data-start=\"398\" data-end=\"418\">alum\u00ednio fundido<\/strong> para resist\u00eancia e durabilidade \u00f3timas, este modelo garante um desempenho eficiente mesmo em condi\u00e7\u00f5es de temperatura extremas. <\/p>\n<p class=\"\" data-start=\"569\" data-end=\"826\">Inclui uma <strong data-start=\"581\" data-end=\"601\">bobina magn\u00e9tica<\/strong> que permite uma regula\u00e7\u00e3o est\u00e1vel da press\u00e3o, melhorando o desempenho do motor e reduzindo o consumo de combust\u00edvel. Gra\u00e7as \u00e0 sua entrada de g\u00e1s <strong data-start=\"755\" data-end=\"764\">M12x1<\/strong> e sa\u00edda <strong data-start=\"777\" data-end=\"786\">de 14 mm<\/strong>, a instala\u00e7\u00e3o \u00e9 r\u00e1pida e f\u00e1cil. <\/p>\n<p class=\"\" data-start=\"828\" data-end=\"1007\">Aprovado ao abrigo da norma <strong data-start=\"857\" data-end=\"876\">E13 67R-01 0056<\/strong>, o Landi Renzo Li10 Oversize Turbo cumpre os padr\u00f5es europeus de seguran\u00e7a e qualidade para sistemas de inje\u00e7\u00e3o de g\u00e1s.<\/p>\n<p>*sem liga\u00e7\u00e3o ao motor<\/p>\n<\/div>\n<p>Temperaturas mais baixas podem reduzir a efici\u00eancia do redutor e o desempenho do motor; Em caso de temperaturas ambientes mais elevadas, a caixa de velocidades tamb\u00e9m pode ser usada em motores mais potentes.<\/p>\n<p><a href=\"https:\/\/recambiosecogas.com\/pt-pt\/categoria-produto\/reguladores-de-pressao\/redutor-glp\/\">OBTENHA MAIS CAIXAS DE VELOCIDADES NO NOSSO SITE<\/a><br \/>\n<a href=\"https:\/\/segimonautomocio.com\/\">PARA CONVERS\u00d5ES DE LPG, VISITE O NOSSO WORKSHOP NO SITE<\/a><\/p>\n<p>Equipado com sistemas Autogas. Ao garantir press\u00e3o constante, permite uma opera\u00e7\u00e3o mais eficiente e um menor consumo de combust\u00edvel, resultando em poupan\u00e7as significativas a longo prazo. Al\u00e9m disso, o seu design robusto garante que resiste a condi\u00e7\u00f5es adversas, tornando-o uma escolha fi\u00e1vel para qualquer propriet\u00e1rio de ve\u00edculo que utilize GPL.<br \/>\nOBTENHA MAIS CAIXAS DE VELOCIDADES NO NOSSO SITE<br \/>\nDE CONVERS\u00d5ES DE LPG, VISITE O NOSSO SITE DA OFICINA  <\/p>\n","protected":false},"excerpt":{"rendered":"<p>Landi Renzo Li10 Turbo Redutor de Grandes Dimens\u00f5es (at\u00e9 200KW) M12x1 8mm &nbsp; Dados t\u00e9cnicos Landirenzo 9255092 Refer\u00eancia 536758000 N\u00fameros OEM: 9255092-881346-13491614-881554 Adequado para: Opel Astra J 1.4 LPG Opel Astra B 1.4 LPG Opel Insignia A 1.4 LPG Opel Zafira C 1.4 LPG N\u00famero de aprova\u00e7\u00e3o E13 67R-01 0056 Dados t\u00e9cnicos Li10 TURBO Materiais [&hellip;]<\/p>\n","protected":false},"featured_media":33623,"comment_status":"open","ping_status":"closed","template":"","meta":{"googlesitekit_rrm_CAowud7EDA:productID":"","_uag_custom_page_level_css":""},"product_brand":[],"product_cat":[1855,1066,1065],"product_tag":[],"class_list":{"0":"post-40746","1":"product","2":"type-product","3":"status-publish","4":"has-post-thumbnail","6":"product_cat-pecas-oem-opel","7":"product_cat-redutor-glp","8":"product_cat-reguladores-de-pressao","10":"first","11":"instock","12":"taxable","13":"shipping-taxable","14":"purchasable","15":"product-type-simple"},"ct_brands":[],"yoast_head":"<!-- This site is optimized with the Yoast SEO Premium plugin v27.4 (Yoast SEO v27.5) - https:\/\/yoast.com\/product\/yoast-seo-premium-wordpress\/ -->\n<title>Caixa de Velocidades Turbo de Grandes Dimens\u00f5es Landi Renzo Li10 at\u00e9 200KW | Pe\u00e7as sobressalentes Ecogas<\/title>\n<meta name=\"description\" content=\"Landi Renzo Li10 Turbo Redutor de Grandes Dimens\u00f5es, ideal para sistemas de GLP em ve\u00edculos at\u00e9 200 kW. A aprova\u00e7\u00e3o E13 67R-01 0056 garante qualidade e seguran\u00e7a.\" \/>\n<meta name=\"robots\" content=\"index, follow, max-snippet:-1, max-image-preview:large, max-video-preview:-1\" \/>\n<link rel=\"canonical\" href=\"https:\/\/recambiosecogas.com\/pt-pt\/produto\/reductor-landi-renzo-li10-oversize-turbo\/\" \/>\n<meta property=\"og:locale\" content=\"pt_PT\" \/>\n<meta property=\"og:type\" content=\"article\" \/>\n<meta property=\"og:title\" content=\"Landi Renzo Li10 Turbo Redutor de Grandes Dimens\u00f5es\" \/>\n<meta property=\"og:description\" content=\"Landi Renzo Li10 Turbo Redutor de Grandes Dimens\u00f5es, ideal para sistemas de GLP em ve\u00edculos at\u00e9 200 kW. A aprova\u00e7\u00e3o E13 67R-01 0056 garante qualidade e seguran\u00e7a.\" \/>\n<meta property=\"og:url\" content=\"https:\/\/recambiosecogas.com\/pt-pt\/produto\/reductor-landi-renzo-li10-oversize-turbo\/\" \/>\n<meta property=\"og:site_name\" content=\"Recambios EcoGas\" \/>\n<meta property=\"article:publisher\" content=\"https:\/\/www.facebook.com\/profile.php?id=100062419705358\" \/>\n<meta property=\"article:modified_time\" content=\"2026-04-27T08:09:53+00:00\" \/>\n<meta property=\"og:image\" content=\"https:\/\/recambiosecogas.com\/wp-content\/uploads\/2025\/03\/Landi-Renzo-reductor-Li10-Oversize-Turbo-M12x1-8mm-hasta-200KW-png.webp\" \/>\n\t<meta property=\"og:image:width\" content=\"1000\" \/>\n\t<meta property=\"og:image:height\" content=\"1000\" \/>\n\t<meta property=\"og:image:type\" content=\"image\/png\" \/>\n<meta name=\"twitter:card\" content=\"summary_large_image\" \/>\n<meta name=\"twitter:label1\" content=\"pre\u00e7o\" \/>\n\t<meta name=\"twitter:data1\" content=\"231,41&nbsp;&euro; (Sin IVA: 191,24&nbsp;&euro;)\" \/>\n\t<meta name=\"twitter:label2\" content=\"Disponibilidade\" \/>\n\t<meta name=\"twitter:data2\" content=\"Em stock\" \/>\n<script type=\"application\/ld+json\" class=\"yoast-schema-graph\">{\"@context\":\"https:\\\/\\\/schema.org\",\"@graph\":[{\"@type\":\"WebPage\",\"@id\":\"https:\\\/\\\/recambiosecogas.com\\\/pt-pt\\\/produto\\\/reductor-landi-renzo-li10-oversize-turbo\\\/\",\"url\":\"https:\\\/\\\/recambiosecogas.com\\\/pt-pt\\\/produto\\\/reductor-landi-renzo-li10-oversize-turbo\\\/\",\"name\":\"Caixa de Velocidades Turbo de Grandes Dimens\u00f5es Landi Renzo Li10 at\u00e9 200KW | Pe\u00e7as sobressalentes Ecogas\",\"isPartOf\":{\"@id\":\"https:\\\/\\\/recambiosecogas.com\\\/pt-pt\\\/#website\"},\"primaryImageOfPage\":{\"@id\":\"https:\\\/\\\/recambiosecogas.com\\\/pt-pt\\\/produto\\\/reductor-landi-renzo-li10-oversize-turbo\\\/#primaryimage\"},\"image\":{\"@id\":\"https:\\\/\\\/recambiosecogas.com\\\/pt-pt\\\/produto\\\/reductor-landi-renzo-li10-oversize-turbo\\\/#primaryimage\"},\"thumbnailUrl\":\"https:\\\/\\\/recambiosecogas.com\\\/wp-content\\\/uploads\\\/2025\\\/03\\\/Landi-Renzo-reductor-Li10-Oversize-Turbo-M12x1-8mm-hasta-200KW-png.webp\",\"datePublished\":\"2025-03-04T12:02:43+00:00\",\"dateModified\":\"2026-04-27T08:09:53+00:00\",\"description\":\"Landi Renzo Li10 Turbo Redutor de Grandes Dimens\u00f5es, ideal para sistemas de GLP em ve\u00edculos at\u00e9 200 kW. A aprova\u00e7\u00e3o E13 67R-01 0056 garante qualidade e seguran\u00e7a.\",\"breadcrumb\":{\"@id\":\"https:\\\/\\\/recambiosecogas.com\\\/pt-pt\\\/produto\\\/reductor-landi-renzo-li10-oversize-turbo\\\/#breadcrumb\"},\"inLanguage\":\"pt-PT\",\"potentialAction\":[{\"@type\":\"ReadAction\",\"target\":[\"https:\\\/\\\/recambiosecogas.com\\\/pt-pt\\\/produto\\\/reductor-landi-renzo-li10-oversize-turbo\\\/\"]}]},{\"@type\":\"ImageObject\",\"inLanguage\":\"pt-PT\",\"@id\":\"https:\\\/\\\/recambiosecogas.com\\\/pt-pt\\\/produto\\\/reductor-landi-renzo-li10-oversize-turbo\\\/#primaryimage\",\"url\":\"https:\\\/\\\/recambiosecogas.com\\\/wp-content\\\/uploads\\\/2025\\\/03\\\/Landi-Renzo-reductor-Li10-Oversize-Turbo-M12x1-8mm-hasta-200KW-png.webp\",\"contentUrl\":\"https:\\\/\\\/recambiosecogas.com\\\/wp-content\\\/uploads\\\/2025\\\/03\\\/Landi-Renzo-reductor-Li10-Oversize-Turbo-M12x1-8mm-hasta-200KW-png.webp\",\"width\":1000,\"height\":1000},{\"@type\":\"BreadcrumbList\",\"@id\":\"https:\\\/\\\/recambiosecogas.com\\\/pt-pt\\\/produto\\\/reductor-landi-renzo-li10-oversize-turbo\\\/#breadcrumb\",\"itemListElement\":[{\"@type\":\"ListItem\",\"position\":1,\"name\":\"P\u00e1gina inicial\",\"item\":\"https:\\\/\\\/recambiosecogas.com\\\/pt-pt\\\/\"},{\"@type\":\"ListItem\",\"position\":2,\"name\":\"Loja\",\"item\":\"https:\\\/\\\/recambiosecogas.com\\\/pt-pt\\\/tienda\\\/\"},{\"@type\":\"ListItem\",\"position\":3,\"name\":\"Landi Renzo Li10 Turbo Redutor de Grandes Dimens\u00f5es\"}]},{\"@type\":\"WebSite\",\"@id\":\"https:\\\/\\\/recambiosecogas.com\\\/pt-pt\\\/#website\",\"url\":\"https:\\\/\\\/recambiosecogas.com\\\/pt-pt\\\/\",\"name\":\"Recambios EcoGas\",\"description\":\"Pe\u00e7as multimarca para sistemas de GPL\\\/GNC\\\/GNL\\\/Hidrog\u00e9nio\",\"publisher\":{\"@id\":\"https:\\\/\\\/recambiosecogas.com\\\/pt-pt\\\/#organization\"},\"alternateName\":\"Recambios Autogas GLP\",\"potentialAction\":[{\"@type\":\"SearchAction\",\"target\":{\"@type\":\"EntryPoint\",\"urlTemplate\":\"https:\\\/\\\/recambiosecogas.com\\\/pt-pt\\\/?s={search_term_string}\"},\"query-input\":{\"@type\":\"PropertyValueSpecification\",\"valueRequired\":true,\"valueName\":\"search_term_string\"}}],\"inLanguage\":\"pt-PT\"},{\"@type\":[\"Organization\",\"Place\"],\"@id\":\"https:\\\/\\\/recambiosecogas.com\\\/pt-pt\\\/#organization\",\"name\":\"Recambios EcoGas\",\"alternateName\":\"Loja de GPL Autog\u00e1s Espanha\",\"url\":\"https:\\\/\\\/recambiosecogas.com\\\/pt-pt\\\/\",\"logo\":{\"@id\":\"https:\\\/\\\/recambiosecogas.com\\\/pt-pt\\\/produto\\\/reductor-landi-renzo-li10-oversize-turbo\\\/#local-main-organization-logo\"},\"image\":{\"@id\":\"https:\\\/\\\/recambiosecogas.com\\\/pt-pt\\\/produto\\\/reductor-landi-renzo-li10-oversize-turbo\\\/#local-main-organization-logo\"},\"sameAs\":[\"https:\\\/\\\/www.facebook.com\\\/profile.php?id=100062419705358\",\"https:\\\/\\\/www.instagram.com\\\/segimon_automocio\"],\"description\":\"Recambios EcoGas \u2013 Venta y distribuci\u00f3n de sistemas GLP y GNC en Espa\u00f1a y Portugal. Env\u00edos 24 h, soporte t\u00e9cnico a talleres y distribuidores.\",\"hasMerchantReturnPolicy\":{\"@type\":\"MerchantReturnPolicy\",\"merchantReturnLink\":\"https:\\\/\\\/recambiosecogas.com\\\/politicas-privacidad\\\/\"},\"address\":{\"@id\":\"https:\\\/\\\/recambiosecogas.com\\\/pt-pt\\\/produto\\\/reductor-landi-renzo-li10-oversize-turbo\\\/#local-main-place-address\"},\"telephone\":[\"616250633\"],\"contactPoint\":{\"@type\":\"ContactPoint\",\"email\":\"export@recambiosecogas.com\"},\"openingHoursSpecification\":[{\"@type\":\"OpeningHoursSpecification\",\"dayOfWeek\":[\"Monday\",\"Tuesday\",\"Wednesday\",\"Thursday\",\"Friday\",\"Saturday\",\"Sunday\"],\"opens\":\"09:00\",\"closes\":\"17:00\"}],\"email\":\"info@recambiosecogas.com\",\"faxNumber\":\"SEGIMON AUTOMOCION SL\",\"vatID\":\"ESB19819861\",\"globalLocationNumber\":\"938 616 339\"},{\"@type\":\"PostalAddress\",\"@id\":\"https:\\\/\\\/recambiosecogas.com\\\/pt-pt\\\/produto\\\/reductor-landi-renzo-li10-oversize-turbo\\\/#local-main-place-address\",\"streetAddress\":\"cami antic de vic, 29 (Nave 3), Pol\u00edgono Industrial Congost\",\"addressLocality\":\"CORRO D`AVALL\",\"postalCode\":\"08520\",\"addressRegion\":\"Barcelona\",\"addressCountry\":\"ES\"},{\"@type\":\"ImageObject\",\"inLanguage\":\"pt-PT\",\"@id\":\"https:\\\/\\\/recambiosecogas.com\\\/pt-pt\\\/produto\\\/reductor-landi-renzo-li10-oversize-turbo\\\/#local-main-organization-logo\",\"url\":\"https:\\\/\\\/recambiosecogas.com\\\/wp-content\\\/uploads\\\/2024\\\/11\\\/cropped-RECAMBIOS-GLP-png.webp\",\"contentUrl\":\"https:\\\/\\\/recambiosecogas.com\\\/wp-content\\\/uploads\\\/2024\\\/11\\\/cropped-RECAMBIOS-GLP-png.webp\",\"width\":512,\"height\":512,\"caption\":\"Recambios EcoGas\"}]}<\/script>\n<meta property=\"product:price:amount\" content=\"231.41\" \/>\n<meta property=\"product:price:currency\" content=\"EUR\" \/>\n<meta property=\"og:availability\" content=\"instock\" \/>\n<meta property=\"product:availability\" content=\"instock\" \/>\n<meta property=\"product:retailer_item_id\" content=\"105481\" \/>\n<meta property=\"product:condition\" content=\"new\" \/>\n<meta name=\"geo.placename\" content=\"CORRO D`AVALL\" \/>\n<meta name=\"geo.region\" content=\"Espanha\" \/>\n<!-- \/ Yoast SEO Premium plugin. -->","yoast_head_json":{"title":"Caixa de Velocidades Turbo de Grandes Dimens\u00f5es Landi Renzo Li10 at\u00e9 200KW | Pe\u00e7as sobressalentes Ecogas","description":"Landi Renzo Li10 Turbo Redutor de Grandes Dimens\u00f5es, ideal para sistemas de GLP em ve\u00edculos at\u00e9 200 kW. A aprova\u00e7\u00e3o E13 67R-01 0056 garante qualidade e seguran\u00e7a.","robots":{"index":"index","follow":"follow","max-snippet":"max-snippet:-1","max-image-preview":"max-image-preview:large","max-video-preview":"max-video-preview:-1"},"canonical":"https:\/\/recambiosecogas.com\/pt-pt\/produto\/reductor-landi-renzo-li10-oversize-turbo\/","og_locale":"pt_PT","og_type":"article","og_title":"Landi Renzo Li10 Turbo Redutor de Grandes Dimens\u00f5es","og_description":"Landi Renzo Li10 Turbo Redutor de Grandes Dimens\u00f5es, ideal para sistemas de GLP em ve\u00edculos at\u00e9 200 kW. A aprova\u00e7\u00e3o E13 67R-01 0056 garante qualidade e seguran\u00e7a.","og_url":"https:\/\/recambiosecogas.com\/pt-pt\/produto\/reductor-landi-renzo-li10-oversize-turbo\/","og_site_name":"Recambios EcoGas","article_publisher":"https:\/\/www.facebook.com\/profile.php?id=100062419705358","article_modified_time":"2026-04-27T08:09:53+00:00","og_image":[{"width":1000,"height":1000,"url":"https:\/\/recambiosecogas.com\/wp-content\/uploads\/2025\/03\/Landi-Renzo-reductor-Li10-Oversize-Turbo-M12x1-8mm-hasta-200KW-png.webp","type":"image\/png"}],"twitter_card":"summary_large_image","twitter_misc":{"pre\u00e7o":"231,41&nbsp;&euro; (Sin IVA: 191,24&nbsp;&euro;)","Disponibilidade":"Em stock"},"schema":{"@context":"https:\/\/schema.org","@graph":[{"@type":"WebPage","@id":"https:\/\/recambiosecogas.com\/pt-pt\/produto\/reductor-landi-renzo-li10-oversize-turbo\/","url":"https:\/\/recambiosecogas.com\/pt-pt\/produto\/reductor-landi-renzo-li10-oversize-turbo\/","name":"Caixa de Velocidades Turbo de Grandes Dimens\u00f5es Landi Renzo Li10 at\u00e9 200KW | Pe\u00e7as sobressalentes Ecogas","isPartOf":{"@id":"https:\/\/recambiosecogas.com\/pt-pt\/#website"},"primaryImageOfPage":{"@id":"https:\/\/recambiosecogas.com\/pt-pt\/produto\/reductor-landi-renzo-li10-oversize-turbo\/#primaryimage"},"image":{"@id":"https:\/\/recambiosecogas.com\/pt-pt\/produto\/reductor-landi-renzo-li10-oversize-turbo\/#primaryimage"},"thumbnailUrl":"https:\/\/recambiosecogas.com\/wp-content\/uploads\/2025\/03\/Landi-Renzo-reductor-Li10-Oversize-Turbo-M12x1-8mm-hasta-200KW-png.webp","datePublished":"2025-03-04T12:02:43+00:00","dateModified":"2026-04-27T08:09:53+00:00","description":"Landi Renzo Li10 Turbo Redutor de Grandes Dimens\u00f5es, ideal para sistemas de GLP em ve\u00edculos at\u00e9 200 kW. A aprova\u00e7\u00e3o E13 67R-01 0056 garante qualidade e seguran\u00e7a.","breadcrumb":{"@id":"https:\/\/recambiosecogas.com\/pt-pt\/produto\/reductor-landi-renzo-li10-oversize-turbo\/#breadcrumb"},"inLanguage":"pt-PT","potentialAction":[{"@type":"ReadAction","target":["https:\/\/recambiosecogas.com\/pt-pt\/produto\/reductor-landi-renzo-li10-oversize-turbo\/"]}]},{"@type":"ImageObject","inLanguage":"pt-PT","@id":"https:\/\/recambiosecogas.com\/pt-pt\/produto\/reductor-landi-renzo-li10-oversize-turbo\/#primaryimage","url":"https:\/\/recambiosecogas.com\/wp-content\/uploads\/2025\/03\/Landi-Renzo-reductor-Li10-Oversize-Turbo-M12x1-8mm-hasta-200KW-png.webp","contentUrl":"https:\/\/recambiosecogas.com\/wp-content\/uploads\/2025\/03\/Landi-Renzo-reductor-Li10-Oversize-Turbo-M12x1-8mm-hasta-200KW-png.webp","width":1000,"height":1000},{"@type":"BreadcrumbList","@id":"https:\/\/recambiosecogas.com\/pt-pt\/produto\/reductor-landi-renzo-li10-oversize-turbo\/#breadcrumb","itemListElement":[{"@type":"ListItem","position":1,"name":"P\u00e1gina inicial","item":"https:\/\/recambiosecogas.com\/pt-pt\/"},{"@type":"ListItem","position":2,"name":"Loja","item":"https:\/\/recambiosecogas.com\/pt-pt\/tienda\/"},{"@type":"ListItem","position":3,"name":"Landi Renzo Li10 Turbo Redutor de Grandes Dimens\u00f5es"}]},{"@type":"WebSite","@id":"https:\/\/recambiosecogas.com\/pt-pt\/#website","url":"https:\/\/recambiosecogas.com\/pt-pt\/","name":"Recambios EcoGas","description":"Pe\u00e7as multimarca para sistemas de GPL\/GNC\/GNL\/Hidrog\u00e9nio","publisher":{"@id":"https:\/\/recambiosecogas.com\/pt-pt\/#organization"},"alternateName":"Recambios Autogas GLP","potentialAction":[{"@type":"SearchAction","target":{"@type":"EntryPoint","urlTemplate":"https:\/\/recambiosecogas.com\/pt-pt\/?s={search_term_string}"},"query-input":{"@type":"PropertyValueSpecification","valueRequired":true,"valueName":"search_term_string"}}],"inLanguage":"pt-PT"},{"@type":["Organization","Place"],"@id":"https:\/\/recambiosecogas.com\/pt-pt\/#organization","name":"Recambios EcoGas","alternateName":"Loja de GPL Autog\u00e1s Espanha","url":"https:\/\/recambiosecogas.com\/pt-pt\/","logo":{"@id":"https:\/\/recambiosecogas.com\/pt-pt\/produto\/reductor-landi-renzo-li10-oversize-turbo\/#local-main-organization-logo"},"image":{"@id":"https:\/\/recambiosecogas.com\/pt-pt\/produto\/reductor-landi-renzo-li10-oversize-turbo\/#local-main-organization-logo"},"sameAs":["https:\/\/www.facebook.com\/profile.php?id=100062419705358","https:\/\/www.instagram.com\/segimon_automocio"],"description":"Recambios EcoGas \u2013 Venta y distribuci\u00f3n de sistemas GLP y GNC en Espa\u00f1a y Portugal. Env\u00edos 24 h, soporte t\u00e9cnico a talleres y distribuidores.","hasMerchantReturnPolicy":{"@type":"MerchantReturnPolicy","merchantReturnLink":"https:\/\/recambiosecogas.com\/politicas-privacidad\/"},"address":{"@id":"https:\/\/recambiosecogas.com\/pt-pt\/produto\/reductor-landi-renzo-li10-oversize-turbo\/#local-main-place-address"},"telephone":["616250633"],"contactPoint":{"@type":"ContactPoint","email":"export@recambiosecogas.com"},"openingHoursSpecification":[{"@type":"OpeningHoursSpecification","dayOfWeek":["Monday","Tuesday","Wednesday","Thursday","Friday","Saturday","Sunday"],"opens":"09:00","closes":"17:00"}],"email":"info@recambiosecogas.com","faxNumber":"SEGIMON AUTOMOCION SL","vatID":"ESB19819861","globalLocationNumber":"938 616 339"},{"@type":"PostalAddress","@id":"https:\/\/recambiosecogas.com\/pt-pt\/produto\/reductor-landi-renzo-li10-oversize-turbo\/#local-main-place-address","streetAddress":"cami antic de vic, 29 (Nave 3), Pol\u00edgono Industrial Congost","addressLocality":"CORRO D`AVALL","postalCode":"08520","addressRegion":"Barcelona","addressCountry":"ES"},{"@type":"ImageObject","inLanguage":"pt-PT","@id":"https:\/\/recambiosecogas.com\/pt-pt\/produto\/reductor-landi-renzo-li10-oversize-turbo\/#local-main-organization-logo","url":"https:\/\/recambiosecogas.com\/wp-content\/uploads\/2024\/11\/cropped-RECAMBIOS-GLP-png.webp","contentUrl":"https:\/\/recambiosecogas.com\/wp-content\/uploads\/2024\/11\/cropped-RECAMBIOS-GLP-png.webp","width":512,"height":512,"caption":"Recambios EcoGas"}]},"product_price_amount":"231.41","product_price_currency":"EUR","og_availability":"instock","product_availability":"instock","product_retailer_item_id":"105481","product_condition":"new","geo.placename":"CORRO D`AVALL","geo.region":"Espanha"},"uagb_featured_image_src":{"full":["https:\/\/recambiosecogas.com\/wp-content\/uploads\/2025\/03\/Landi-Renzo-reductor-Li10-Oversize-Turbo-M12x1-8mm-hasta-200KW-png.webp",1000,1000,false],"thumbnail":["https:\/\/recambiosecogas.com\/wp-content\/uploads\/2025\/03\/Landi-Renzo-reductor-Li10-Oversize-Turbo-M12x1-8mm-hasta-200KW-150x150.webp",150,150,true],"medium":["https:\/\/recambiosecogas.com\/wp-content\/uploads\/2025\/03\/Landi-Renzo-reductor-Li10-Oversize-Turbo-M12x1-8mm-hasta-200KW-300x300.webp",300,300,true],"medium_large":["https:\/\/recambiosecogas.com\/wp-content\/uploads\/2025\/03\/Landi-Renzo-reductor-Li10-Oversize-Turbo-M12x1-8mm-hasta-200KW-768x768.webp",768,768,true],"large":["https:\/\/recambiosecogas.com\/wp-content\/uploads\/2025\/03\/Landi-Renzo-reductor-Li10-Oversize-Turbo-M12x1-8mm-hasta-200KW-png.webp",1000,1000,false],"1536x1536":["https:\/\/recambiosecogas.com\/wp-content\/uploads\/2025\/03\/Landi-Renzo-reductor-Li10-Oversize-Turbo-M12x1-8mm-hasta-200KW-png.webp",1000,1000,false],"2048x2048":["https:\/\/recambiosecogas.com\/wp-content\/uploads\/2025\/03\/Landi-Renzo-reductor-Li10-Oversize-Turbo-M12x1-8mm-hasta-200KW-png.webp",1000,1000,false],"woocommerce_archive_thumbnail":["https:\/\/recambiosecogas.com\/wp-content\/uploads\/2025\/03\/Landi-Renzo-reductor-Li10-Oversize-Turbo-M12x1-8mm-hasta-200KW-png.webp",1000,1000,false],"woocommerce_thumbnail":["https:\/\/recambiosecogas.com\/wp-content\/uploads\/2025\/03\/Landi-Renzo-reductor-Li10-Oversize-Turbo-M12x1-8mm-hasta-200KW-300x300.webp",300,300,true],"woocommerce_single":["https:\/\/recambiosecogas.com\/wp-content\/uploads\/2025\/03\/Landi-Renzo-reductor-Li10-Oversize-Turbo-M12x1-8mm-hasta-200KW-png.webp",1000,1000,false],"woocommerce_gallery_thumbnail":["https:\/\/recambiosecogas.com\/wp-content\/uploads\/2025\/03\/Landi-Renzo-reductor-Li10-Oversize-Turbo-M12x1-8mm-hasta-200KW-png.webp",1000,1000,false],"dgwt-wcas-product-suggestion":["https:\/\/recambiosecogas.com\/wp-content\/uploads\/2025\/03\/Landi-Renzo-reductor-Li10-Oversize-Turbo-M12x1-8mm-hasta-200KW-64x64.webp",64,64,true]},"uagb_author_info":{"display_name":"Fran - Soporte T\u00e9cnico","author_link":"https:\/\/recambiosecogas.com\/pt-pt\/author\/"},"uagb_comment_info":0,"uagb_excerpt":"Landi Renzo Li10 Turbo Redutor de Grandes Dimens\u00f5es (at\u00e9 200KW) M12x1 8mm &nbsp; Dados t\u00e9cnicos Landirenzo 9255092 Refer\u00eancia 536758000 N\u00fameros OEM: 9255092-881346-13491614-881554 Adequado para: Opel Astra J 1.4 LPG Opel Astra B 1.4 LPG Opel Insignia A 1.4 LPG Opel Zafira C 1.4 LPG N\u00famero de aprova\u00e7\u00e3o E13 67R-01 0056 Dados t\u00e9cnicos Li10 TURBO Materiais&hellip;","_links":{"self":[{"href":"https:\/\/recambiosecogas.com\/pt-pt\/wp-json\/wp\/v2\/product\/40746","targetHints":{"allow":["GET"]}}],"collection":[{"href":"https:\/\/recambiosecogas.com\/pt-pt\/wp-json\/wp\/v2\/product"}],"about":[{"href":"https:\/\/recambiosecogas.com\/pt-pt\/wp-json\/wp\/v2\/types\/product"}],"replies":[{"embeddable":true,"href":"https:\/\/recambiosecogas.com\/pt-pt\/wp-json\/wp\/v2\/comments?post=40746"}],"wp:featuredmedia":[{"embeddable":true,"href":"https:\/\/recambiosecogas.com\/pt-pt\/wp-json\/wp\/v2\/media\/33623"}],"wp:attachment":[{"href":"https:\/\/recambiosecogas.com\/pt-pt\/wp-json\/wp\/v2\/media?parent=40746"}],"wp:term":[{"taxonomy":"product_brand","embeddable":true,"href":"https:\/\/recambiosecogas.com\/pt-pt\/wp-json\/wp\/v2\/product_brand?post=40746"},{"taxonomy":"product_cat","embeddable":true,"href":"https:\/\/recambiosecogas.com\/pt-pt\/wp-json\/wp\/v2\/product_cat?post=40746"},{"taxonomy":"product_tag","embeddable":true,"href":"https:\/\/recambiosecogas.com\/pt-pt\/wp-json\/wp\/v2\/product_tag?post=40746"}],"curies":[{"name":"wp","href":"https:\/\/api.w.org\/{rel}","templated":true}]}}