{"id":40743,"date":"2025-02-18T18:05:26","date_gmt":"2025-02-18T18:05:26","guid":{"rendered":"https:\/\/recambiosecogas.com\/producto\/premo-redutor-gpl-150kw-europegas\/"},"modified":"2026-04-08T10:27:53","modified_gmt":"2026-04-08T09:27:53","slug":"reductor-glp-premo-150cv-europegas","status":"publish","type":"product","link":"https:\/\/recambiosecogas.com\/pt-pt\/producto\/reductor-glp-premo-150cv-europegas\/","title":{"rendered":"REDUTOR DE LPG PREMO 150Kw EUROPEGAS"},"content":{"rendered":"<h3 style=\"text-align: center;\" data-start=\"2298\" data-end=\"2323\">REDUTOR DE LPG PREMO 150Kw EUROPEGAS<\/h3>\n<p>REDUTOR DE LPG PREMO 150Kw EUROPEGAS<\/p>\n<h4 data-start=\"2298\" data-end=\"2323\"><strong data-start=\"2303\" data-end=\"2321\">Dados t\u00e9cnicos<\/strong><\/h4>\n<ul data-start=\"2324\" data-end=\"2915\">\n<li data-start=\"2324\" data-end=\"2385\"><strong data-start=\"2326\" data-end=\"2355\">Pot\u00eancia m\u00e1xima suportada<\/strong>: <strong data-start=\"2357\" data-end=\"2383\">150 kW (aprox. 150 cv)<\/strong><\/li>\n<li data-start=\"2386\" data-end=\"2440\"><strong data-start=\"2388\" data-end=\"2419\">Faixa de press\u00e3o de trabalho<\/strong>: <strong data-start=\"2421\" data-end=\"2438\">0,9 \u2013 1,3 bar<\/strong><\/li>\n<li data-start=\"2441\" data-end=\"2490\"><strong data-start=\"2443\" data-end=\"2461\">Entrada de g\u00e1s<\/strong>: <strong data-start=\"2463\" data-end=\"2488\">\u00f86 mm com rosca M10x1<\/strong><\/li>\n<li data-start=\"2491\" data-end=\"2524\"><strong data-start=\"2493\" data-end=\"2510\">Sa\u00edda de g\u00e1s<\/strong>: <strong data-start=\"2512\" data-end=\"2522\">\u00f812 mm<\/strong><\/li>\n<li data-start=\"2525\" data-end=\"2588\"><strong data-start=\"2527\" data-end=\"2575\">Conex\u00e3o de press\u00e3o do coletor de admiss\u00e3o<\/strong>: <strong data-start=\"2577\" data-end=\"2586\">\u00f84 mm<\/strong><\/li>\n<li data-start=\"2589\" data-end=\"2640\"><strong data-start=\"2591\" data-end=\"2626\">Conex\u00f5es de fluido de aquecimento<\/strong>: <strong data-start=\"2628\" data-end=\"2638\">\u00f816 mm<\/strong><\/li>\n<li data-start=\"2641\" data-end=\"2694\"><strong data-start=\"2643\" data-end=\"2669\">Temperatura<\/strong>: <strong data-start=\"2671\" data-end=\"2692\">de -40\u00baC a +120\u00baC<\/strong><\/li>\n<li data-start=\"2695\" data-end=\"2739\"><strong data-start=\"2697\" data-end=\"2709\">Material<\/strong>: Alum\u00ednio fundido<\/li>\n<li data-start=\"2740\" data-end=\"2788\"><strong data-start=\"2742\" data-end=\"2767\">Sensor<\/strong>: <strong data-start=\"2769\" data-end=\"2786\">4k7 integrado<\/strong><\/li>\n<li data-start=\"2789\" data-end=\"2830\"><strong data-start=\"2791\" data-end=\"2807\">Aprova\u00e7\u00e3o<\/strong>: <strong data-start=\"2809\" data-end=\"2828\">E20 67R-01 1053<\/strong><\/li>\n<li data-start=\"2831\" data-end=\"2915\"><strong data-start=\"2833\" data-end=\"2847\">Aplica\u00e7\u00e3o<\/strong>: Redutor para sistemas de inje\u00e7\u00e3o de GLP em autom\u00f3veis<\/li>\n<\/ul>\n<p data-start=\"165\" data-end=\"510\">PREMO LPG REDUCER 150HP EUROPEGAS \u00e9 uma <strong data-start=\"213\" data-end=\"246\">caixa de velocidades compacta e eficiente<\/strong>, concebida para <strong data-start=\"262\" data-end=\"303\">ve\u00edculos com motores at\u00e9 150 CV,<\/strong> garantindo uma <strong data-start=\"322\" data-end=\"382\">convers\u00e3o est\u00e1vel do GPL da fase l\u00edquida para a fase gasosa<\/strong>. A sua estrutura otimizada permite <strong data-start=\"417\" data-end=\"458\">manter a press\u00e3o de sa\u00edda<\/strong> est\u00e1vel em todos os momentos, independentemente da carga do motor. <\/p>\n<p data-start=\"823\" data-end=\"1185\">Gra\u00e7as ao <strong data-start=\"836\" data-end=\"879\">seu sensor de temperatura incorporado (4k7),<\/strong> o <strong data-start=\"884\" data-end=\"909\">Europegas PREMO 150KW<\/strong> <strong data-start=\"910\" data-end=\"952\">otimiza a mudan\u00e7a de fornecimento para GPL<\/strong>, garantindo uma transi\u00e7\u00e3o eficiente e combust\u00e3o uniforme. O seu design t\u00e9rmico <strong data-start=\"1044\" data-end=\"1126\">avan\u00e7ado mant\u00e9m a temperatura do g\u00e1s mesmo em condi\u00e7\u00f5es extremas at\u00e9 -40\u00baC<\/strong>, proporcionando uma <strong data-start=\"1147\" data-end=\"1182\">condu\u00e7\u00e3o econ\u00f3mica e din\u00e2mica<\/strong>. <\/p>\n<p data-start=\"1187\" data-end=\"1357\">Aprovada sob a norma <strong data-start=\"1216\" data-end=\"1235\">E20 67R-01 1053<\/strong>, esta caixa de velocidades foi concebida para oferecer <strong data-start=\"1278\" data-end=\"1354\">alto desempenho e estabilidade em todas as condi\u00e7\u00f5es de condu\u00e7\u00e3o<\/strong>.<\/p>\n<h4 data-start=\"1359\" data-end=\"1398\"><strong data-start=\"1364\" data-end=\"1396\">Carater\u00edsticas e vantagens<\/strong><\/h4>\n<ul data-start=\"1399\" data-end=\"2296\">\n<li data-start=\"1399\" data-end=\"1490\"><strong data-start=\"1401\" data-end=\"1432\">Redutor compacto e est\u00e1vel<\/strong>: Mant\u00e9m a press\u00e3o de sa\u00edda do g\u00e1s sem varia\u00e7\u00f5es.<\/li>\n<li data-start=\"1491\" data-end=\"1592\"><strong data-start=\"1493\" data-end=\"1521\">V\u00e1lvula solen\u00f3ide integrada<\/strong>: Reduz o tempo de instala\u00e7\u00e3o e melhora a efici\u00eancia do sistema.<\/li>\n<li data-start=\"1593\" data-end=\"1705\"><strong data-start=\"1595\" data-end=\"1643\">Cartucho universal de filtro de f\u00e1cil acesso<\/strong>: Prote\u00e7\u00e3o contra impurezas e maior vida \u00fatil do sistema.<\/li>\n<li data-start=\"1706\" data-end=\"1818\"><strong data-start=\"1708\" data-end=\"1753\">Intervalo de press\u00e3o de trabalho 0,9 \u2013 1,3 bar<\/strong>: Adaptabilidade a v\u00e1rias configura\u00e7\u00f5es de inje\u00e7\u00e3o de g\u00e1s.<\/li>\n<li data-start=\"1819\" data-end=\"1905\"><strong data-start=\"1821\" data-end=\"1862\">Sensor de temperatura 4k7 incorporado<\/strong>: Otimiza a troca do fornecimento para GPL.<\/li>\n<li data-start=\"1906\" data-end=\"1995\"><strong data-start=\"1908\" data-end=\"1933\">Conectores girat\u00f3rios<\/strong>: Instala\u00e7\u00e3o mais flex\u00edvel e adapt\u00e1vel a qualquer ve\u00edculo.<\/li>\n<li data-start=\"1996\" data-end=\"2088\"><strong data-start=\"1998\" data-end=\"2044\">Constru\u00e7\u00e3o em alum\u00ednio fundido<\/strong>: Maior resist\u00eancia t\u00e9rmica e durabilidade.<\/li>\n<li data-start=\"2089\" data-end=\"2198\"><strong data-start=\"2091\" data-end=\"2135\">Temperatura de trabalho de -40\u00baC a +120\u00baC<\/strong>: Funciona em condi\u00e7\u00f5es extremas sem perda de efici\u00eancia.<\/li>\n<li data-start=\"2199\" data-end=\"2296\"><strong data-start=\"2201\" data-end=\"2233\">Aprova\u00e7\u00e3o E20 67R-01 1053<\/strong>: Cumpre os mais elevados padr\u00f5es de seguran\u00e7a e qualidade.<\/li>\n<\/ul>\n<p>ARRANJA MAIS <a href=\"https:\/\/recambiosecogas.com\/pt-pt\/categoria-produto\/reguladores-de-pressao\/redutor-glp\/\">UNIDADES DE EQUIPAMENTO<\/a> E<a href=\"https:\/\/recambiosecogas.com\/pt-pt\/categoria-produto\/reguladores-de-pressao\/redutor-glp\/\"> KITS DE REPARA\u00c7\u00c3O<\/a><\/p>\n<p><a href=\"https:\/\/segimonautomocio.com\/\">PARA CONVERS\u00d5ES DE LPG, VISITE O NOSSO WORKSHOP NO SITE<\/a><\/p>\n","protected":false},"excerpt":{"rendered":"<p><a href=\"http:\/\/recambiosecogas.com\/wp-content\/uploads\/2025\/02\/EG_PREMO_assembling_instruction.pdf\">MANUAL DE INSTALA\u00c7\u00c3O<\/a> \/ <a href=\"http:\/\/recambiosecogas.com\/wp-content\/uploads\/2025\/02\/eg_premo_karta_produktowa_es.pdf\">FICHA T\u00c9CNICA<\/a> \/ <a href=\"http:\/\/recambiosecogas.com\/wp-content\/uploads\/2025\/02\/e20_67r011053_ext02.pdf\">APROVA\u00c7\u00c3O<\/a><\/p>\n","protected":false},"featured_media":31778,"comment_status":"open","ping_status":"closed","template":"","meta":{"_uag_custom_page_level_css":""},"product_brand":[],"product_cat":[1066,1065],"product_tag":[],"class_list":{"0":"post-40743","1":"product","2":"type-product","3":"status-publish","4":"has-post-thumbnail","6":"product_cat-redutor-glp","7":"product_cat-reguladores-de-pressao","9":"first","10":"onbackorder","11":"taxable","12":"shipping-taxable","13":"purchasable","14":"product-type-simple"},"ct_brands":[],"yoast_head":"<!-- This site is optimized with the Yoast SEO Premium plugin v27.5 (Yoast SEO v27.6) - https:\/\/yoast.com\/product\/yoast-seo-premium-wordpress\/ -->\n<title>REDUTOR DE LPG PREMO 150Kw EUROPEGAS | Recambios EcoGas | Sistemas GLP y GNC<\/title>\n<meta name=\"description\" content=\"A CAIXA DE VELOCIDADES PREMO LPG 150HP EUROPEGAS \u00e9 uma caixa compacta e eficiente, concebida para ve\u00edculos com motores at\u00e9 150 HP\" \/>\n<meta name=\"robots\" content=\"index, follow, max-snippet:-1, max-image-preview:large, max-video-preview:-1\" \/>\n<link rel=\"canonical\" href=\"https:\/\/recambiosecogas.com\/pt-pt\/producto\/reductor-glp-premo-150cv-europegas\/\" \/>\n<meta property=\"og:locale\" content=\"pt_PT\" \/>\n<meta property=\"og:type\" content=\"article\" \/>\n<meta property=\"og:title\" content=\"REDUTOR DE LPG PREMO 150Kw EUROPEGAS\" \/>\n<meta property=\"og:description\" content=\"A CAIXA DE VELOCIDADES PREMO LPG 150HP EUROPEGAS \u00e9 uma caixa compacta e eficiente, concebida para ve\u00edculos com motores at\u00e9 150 HP\" \/>\n<meta property=\"og:url\" content=\"https:\/\/recambiosecogas.com\/pt-pt\/producto\/reductor-glp-premo-150cv-europegas\/\" \/>\n<meta property=\"og:site_name\" content=\"Recambios EcoGas\" \/>\n<meta property=\"article:publisher\" content=\"https:\/\/www.facebook.com\/profile.php?id=100062419705358\" \/>\n<meta property=\"article:modified_time\" content=\"2026-04-08T09:27:53+00:00\" \/>\n<meta property=\"og:image\" content=\"https:\/\/recambiosecogas.com\/wp-content\/uploads\/2025\/02\/eg-premo-1-png.webp\" \/>\n\t<meta property=\"og:image:width\" content=\"1000\" \/>\n\t<meta property=\"og:image:height\" content=\"1000\" \/>\n\t<meta property=\"og:image:type\" content=\"image\/png\" \/>\n<meta name=\"twitter:card\" content=\"summary_large_image\" \/>\n<meta name=\"twitter:label1\" content=\"pre\u00e7o\" \/>\n\t<meta name=\"twitter:data1\" content=\"156,63&nbsp;&euro; (Sin IVA: 129,45&nbsp;&euro;)\" \/>\n\t<meta name=\"twitter:label2\" content=\"Disponibilidade\" \/>\n\t<meta name=\"twitter:data2\" content=\"Por encomenda\" \/>\n<script type=\"application\/ld+json\" class=\"yoast-schema-graph\">{\"@context\":\"https:\\\/\\\/schema.org\",\"@graph\":[{\"@type\":\"WebPage\",\"@id\":\"https:\\\/\\\/recambiosecogas.com\\\/pt-pt\\\/producto\\\/reductor-glp-premo-150cv-europegas\\\/\",\"url\":\"https:\\\/\\\/recambiosecogas.com\\\/pt-pt\\\/producto\\\/reductor-glp-premo-150cv-europegas\\\/\",\"name\":\"REDUTOR DE LPG PREMO 150Kw EUROPEGAS | Recambios EcoGas | Sistemas GLP y GNC\",\"isPartOf\":{\"@id\":\"https:\\\/\\\/recambiosecogas.com\\\/pt-pt\\\/#website\"},\"primaryImageOfPage\":{\"@id\":\"https:\\\/\\\/recambiosecogas.com\\\/pt-pt\\\/producto\\\/reductor-glp-premo-150cv-europegas\\\/#primaryimage\"},\"image\":{\"@id\":\"https:\\\/\\\/recambiosecogas.com\\\/pt-pt\\\/producto\\\/reductor-glp-premo-150cv-europegas\\\/#primaryimage\"},\"thumbnailUrl\":\"https:\\\/\\\/recambiosecogas.com\\\/wp-content\\\/uploads\\\/2025\\\/02\\\/eg-premo-1-png.webp\",\"datePublished\":\"2025-02-18T18:05:26+00:00\",\"dateModified\":\"2026-04-08T09:27:53+00:00\",\"description\":\"A CAIXA DE VELOCIDADES PREMO LPG 150HP EUROPEGAS \u00e9 uma caixa compacta e eficiente, concebida para ve\u00edculos com motores at\u00e9 150 HP\",\"breadcrumb\":{\"@id\":\"https:\\\/\\\/recambiosecogas.com\\\/pt-pt\\\/producto\\\/reductor-glp-premo-150cv-europegas\\\/#breadcrumb\"},\"inLanguage\":\"pt-PT\",\"potentialAction\":[{\"@type\":\"ReadAction\",\"target\":[\"https:\\\/\\\/recambiosecogas.com\\\/pt-pt\\\/producto\\\/reductor-glp-premo-150cv-europegas\\\/\"]}]},{\"@type\":\"ImageObject\",\"inLanguage\":\"pt-PT\",\"@id\":\"https:\\\/\\\/recambiosecogas.com\\\/pt-pt\\\/producto\\\/reductor-glp-premo-150cv-europegas\\\/#primaryimage\",\"url\":\"https:\\\/\\\/recambiosecogas.com\\\/wp-content\\\/uploads\\\/2025\\\/02\\\/eg-premo-1-png.webp\",\"contentUrl\":\"https:\\\/\\\/recambiosecogas.com\\\/wp-content\\\/uploads\\\/2025\\\/02\\\/eg-premo-1-png.webp\",\"width\":1000,\"height\":1000},{\"@type\":\"BreadcrumbList\",\"@id\":\"https:\\\/\\\/recambiosecogas.com\\\/pt-pt\\\/producto\\\/reductor-glp-premo-150cv-europegas\\\/#breadcrumb\",\"itemListElement\":[{\"@type\":\"ListItem\",\"position\":1,\"name\":\"P\u00e1gina inicial\",\"item\":\"https:\\\/\\\/recambiosecogas.com\\\/pt-pt\\\/\"},{\"@type\":\"ListItem\",\"position\":2,\"name\":\"Loja\",\"item\":\"https:\\\/\\\/recambiosecogas.com\\\/pt-pt\\\/tienda\\\/\"},{\"@type\":\"ListItem\",\"position\":3,\"name\":\"REDUTOR DE LPG PREMO 150Kw EUROPEGAS\"}]},{\"@type\":\"WebSite\",\"@id\":\"https:\\\/\\\/recambiosecogas.com\\\/pt-pt\\\/#website\",\"url\":\"https:\\\/\\\/recambiosecogas.com\\\/pt-pt\\\/\",\"name\":\"Recambios EcoGas\",\"description\":\"Pe\u00e7as multimarca para sistemas de GPL\\\/GNC\\\/GNL\\\/Hidrog\u00e9nio\",\"publisher\":{\"@id\":\"https:\\\/\\\/recambiosecogas.com\\\/pt-pt\\\/#organization\"},\"alternateName\":\"Recambios Autogas GLP\",\"potentialAction\":[{\"@type\":\"SearchAction\",\"target\":{\"@type\":\"EntryPoint\",\"urlTemplate\":\"https:\\\/\\\/recambiosecogas.com\\\/pt-pt\\\/?s={search_term_string}\"},\"query-input\":{\"@type\":\"PropertyValueSpecification\",\"valueRequired\":true,\"valueName\":\"search_term_string\"}}],\"inLanguage\":\"pt-PT\"},{\"@type\":[\"Organization\",\"Place\"],\"@id\":\"https:\\\/\\\/recambiosecogas.com\\\/pt-pt\\\/#organization\",\"name\":\"Recambios EcoGas\",\"alternateName\":\"Loja de GPL Autog\u00e1s Espanha\",\"url\":\"https:\\\/\\\/recambiosecogas.com\\\/pt-pt\\\/\",\"logo\":{\"@id\":\"https:\\\/\\\/recambiosecogas.com\\\/pt-pt\\\/producto\\\/reductor-glp-premo-150cv-europegas\\\/#local-main-organization-logo\"},\"image\":{\"@id\":\"https:\\\/\\\/recambiosecogas.com\\\/pt-pt\\\/producto\\\/reductor-glp-premo-150cv-europegas\\\/#local-main-organization-logo\"},\"sameAs\":[\"https:\\\/\\\/www.facebook.com\\\/profile.php?id=100062419705358\",\"https:\\\/\\\/www.instagram.com\\\/segimon_automocio\"],\"description\":\"Recambios EcoGas \u2013 Venta y distribuci\u00f3n de sistemas GLP y GNC en Espa\u00f1a y Portugal. Env\u00edos 24 h, soporte t\u00e9cnico a talleres y distribuidores.\",\"hasMerchantReturnPolicy\":{\"@type\":\"MerchantReturnPolicy\",\"merchantReturnLink\":\"https:\\\/\\\/recambiosecogas.com\\\/politicas-privacidad\\\/\"},\"address\":{\"@id\":\"https:\\\/\\\/recambiosecogas.com\\\/pt-pt\\\/producto\\\/reductor-glp-premo-150cv-europegas\\\/#local-main-place-address\"},\"telephone\":[\"616250633\"],\"contactPoint\":{\"@type\":\"ContactPoint\",\"email\":\"export@recambiosecogas.com\"},\"openingHoursSpecification\":[{\"@type\":\"OpeningHoursSpecification\",\"dayOfWeek\":[\"Monday\",\"Tuesday\",\"Wednesday\",\"Thursday\",\"Friday\",\"Saturday\",\"Sunday\"],\"opens\":\"09:00\",\"closes\":\"17:00\"}],\"email\":\"info@recambiosecogas.com\",\"faxNumber\":\"SEGIMON AUTOMOCION SL\",\"vatID\":\"ESB19819861\",\"globalLocationNumber\":\"938 616 339\"},{\"@type\":\"PostalAddress\",\"@id\":\"https:\\\/\\\/recambiosecogas.com\\\/pt-pt\\\/producto\\\/reductor-glp-premo-150cv-europegas\\\/#local-main-place-address\",\"streetAddress\":\"cami antic de vic, 29 (Nave 3), Pol\u00edgono Industrial Congost\",\"addressLocality\":\"CORRO D`AVALL\",\"postalCode\":\"08520\",\"addressRegion\":\"Barcelona\",\"addressCountry\":\"ES\"},{\"@type\":\"ImageObject\",\"inLanguage\":\"pt-PT\",\"@id\":\"https:\\\/\\\/recambiosecogas.com\\\/pt-pt\\\/producto\\\/reductor-glp-premo-150cv-europegas\\\/#local-main-organization-logo\",\"url\":\"https:\\\/\\\/recambiosecogas.com\\\/wp-content\\\/uploads\\\/2024\\\/11\\\/cropped-RECAMBIOS-GLP-png.webp\",\"contentUrl\":\"https:\\\/\\\/recambiosecogas.com\\\/wp-content\\\/uploads\\\/2024\\\/11\\\/cropped-RECAMBIOS-GLP-png.webp\",\"width\":512,\"height\":512,\"caption\":\"Recambios EcoGas\"}]}<\/script>\n<meta property=\"product:price:amount\" content=\"156.63\" \/>\n<meta property=\"product:price:currency\" content=\"EUR\" \/>\n<meta property=\"og:availability\" content=\"backorder\" \/>\n<meta property=\"product:availability\" content=\"available for order\" \/>\n<meta property=\"product:retailer_item_id\" content=\"107276A\" \/>\n<meta property=\"product:condition\" content=\"new\" \/>\n<meta name=\"geo.placename\" content=\"CORRO D`AVALL\" \/>\n<meta name=\"geo.region\" content=\"Espanha\" \/>\n<!-- \/ Yoast SEO Premium plugin. -->","yoast_head_json":{"title":"REDUTOR DE LPG PREMO 150Kw EUROPEGAS | Recambios EcoGas | Sistemas GLP y GNC","description":"A CAIXA DE VELOCIDADES PREMO LPG 150HP EUROPEGAS \u00e9 uma caixa compacta e eficiente, concebida para ve\u00edculos com motores at\u00e9 150 HP","robots":{"index":"index","follow":"follow","max-snippet":"max-snippet:-1","max-image-preview":"max-image-preview:large","max-video-preview":"max-video-preview:-1"},"canonical":"https:\/\/recambiosecogas.com\/pt-pt\/producto\/reductor-glp-premo-150cv-europegas\/","og_locale":"pt_PT","og_type":"article","og_title":"REDUTOR DE LPG PREMO 150Kw EUROPEGAS","og_description":"A CAIXA DE VELOCIDADES PREMO LPG 150HP EUROPEGAS \u00e9 uma caixa compacta e eficiente, concebida para ve\u00edculos com motores at\u00e9 150 HP","og_url":"https:\/\/recambiosecogas.com\/pt-pt\/producto\/reductor-glp-premo-150cv-europegas\/","og_site_name":"Recambios EcoGas","article_publisher":"https:\/\/www.facebook.com\/profile.php?id=100062419705358","article_modified_time":"2026-04-08T09:27:53+00:00","og_image":[{"width":1000,"height":1000,"url":"https:\/\/recambiosecogas.com\/wp-content\/uploads\/2025\/02\/eg-premo-1-png.webp","type":"image\/png"}],"twitter_card":"summary_large_image","twitter_misc":{"pre\u00e7o":"156,63&nbsp;&euro; (Sin IVA: 129,45&nbsp;&euro;)","Disponibilidade":"Por encomenda"},"schema":{"@context":"https:\/\/schema.org","@graph":[{"@type":"WebPage","@id":"https:\/\/recambiosecogas.com\/pt-pt\/producto\/reductor-glp-premo-150cv-europegas\/","url":"https:\/\/recambiosecogas.com\/pt-pt\/producto\/reductor-glp-premo-150cv-europegas\/","name":"REDUTOR DE LPG PREMO 150Kw EUROPEGAS | Recambios EcoGas | Sistemas GLP y GNC","isPartOf":{"@id":"https:\/\/recambiosecogas.com\/pt-pt\/#website"},"primaryImageOfPage":{"@id":"https:\/\/recambiosecogas.com\/pt-pt\/producto\/reductor-glp-premo-150cv-europegas\/#primaryimage"},"image":{"@id":"https:\/\/recambiosecogas.com\/pt-pt\/producto\/reductor-glp-premo-150cv-europegas\/#primaryimage"},"thumbnailUrl":"https:\/\/recambiosecogas.com\/wp-content\/uploads\/2025\/02\/eg-premo-1-png.webp","datePublished":"2025-02-18T18:05:26+00:00","dateModified":"2026-04-08T09:27:53+00:00","description":"A CAIXA DE VELOCIDADES PREMO LPG 150HP EUROPEGAS \u00e9 uma caixa compacta e eficiente, concebida para ve\u00edculos com motores at\u00e9 150 HP","breadcrumb":{"@id":"https:\/\/recambiosecogas.com\/pt-pt\/producto\/reductor-glp-premo-150cv-europegas\/#breadcrumb"},"inLanguage":"pt-PT","potentialAction":[{"@type":"ReadAction","target":["https:\/\/recambiosecogas.com\/pt-pt\/producto\/reductor-glp-premo-150cv-europegas\/"]}]},{"@type":"ImageObject","inLanguage":"pt-PT","@id":"https:\/\/recambiosecogas.com\/pt-pt\/producto\/reductor-glp-premo-150cv-europegas\/#primaryimage","url":"https:\/\/recambiosecogas.com\/wp-content\/uploads\/2025\/02\/eg-premo-1-png.webp","contentUrl":"https:\/\/recambiosecogas.com\/wp-content\/uploads\/2025\/02\/eg-premo-1-png.webp","width":1000,"height":1000},{"@type":"BreadcrumbList","@id":"https:\/\/recambiosecogas.com\/pt-pt\/producto\/reductor-glp-premo-150cv-europegas\/#breadcrumb","itemListElement":[{"@type":"ListItem","position":1,"name":"P\u00e1gina inicial","item":"https:\/\/recambiosecogas.com\/pt-pt\/"},{"@type":"ListItem","position":2,"name":"Loja","item":"https:\/\/recambiosecogas.com\/pt-pt\/tienda\/"},{"@type":"ListItem","position":3,"name":"REDUTOR DE LPG PREMO 150Kw EUROPEGAS"}]},{"@type":"WebSite","@id":"https:\/\/recambiosecogas.com\/pt-pt\/#website","url":"https:\/\/recambiosecogas.com\/pt-pt\/","name":"Recambios EcoGas","description":"Pe\u00e7as multimarca para sistemas de GPL\/GNC\/GNL\/Hidrog\u00e9nio","publisher":{"@id":"https:\/\/recambiosecogas.com\/pt-pt\/#organization"},"alternateName":"Recambios Autogas GLP","potentialAction":[{"@type":"SearchAction","target":{"@type":"EntryPoint","urlTemplate":"https:\/\/recambiosecogas.com\/pt-pt\/?s={search_term_string}"},"query-input":{"@type":"PropertyValueSpecification","valueRequired":true,"valueName":"search_term_string"}}],"inLanguage":"pt-PT"},{"@type":["Organization","Place"],"@id":"https:\/\/recambiosecogas.com\/pt-pt\/#organization","name":"Recambios EcoGas","alternateName":"Loja de GPL Autog\u00e1s Espanha","url":"https:\/\/recambiosecogas.com\/pt-pt\/","logo":{"@id":"https:\/\/recambiosecogas.com\/pt-pt\/producto\/reductor-glp-premo-150cv-europegas\/#local-main-organization-logo"},"image":{"@id":"https:\/\/recambiosecogas.com\/pt-pt\/producto\/reductor-glp-premo-150cv-europegas\/#local-main-organization-logo"},"sameAs":["https:\/\/www.facebook.com\/profile.php?id=100062419705358","https:\/\/www.instagram.com\/segimon_automocio"],"description":"Recambios EcoGas \u2013 Venta y distribuci\u00f3n de sistemas GLP y GNC en Espa\u00f1a y Portugal. Env\u00edos 24 h, soporte t\u00e9cnico a talleres y distribuidores.","hasMerchantReturnPolicy":{"@type":"MerchantReturnPolicy","merchantReturnLink":"https:\/\/recambiosecogas.com\/politicas-privacidad\/"},"address":{"@id":"https:\/\/recambiosecogas.com\/pt-pt\/producto\/reductor-glp-premo-150cv-europegas\/#local-main-place-address"},"telephone":["616250633"],"contactPoint":{"@type":"ContactPoint","email":"export@recambiosecogas.com"},"openingHoursSpecification":[{"@type":"OpeningHoursSpecification","dayOfWeek":["Monday","Tuesday","Wednesday","Thursday","Friday","Saturday","Sunday"],"opens":"09:00","closes":"17:00"}],"email":"info@recambiosecogas.com","faxNumber":"SEGIMON AUTOMOCION SL","vatID":"ESB19819861","globalLocationNumber":"938 616 339"},{"@type":"PostalAddress","@id":"https:\/\/recambiosecogas.com\/pt-pt\/producto\/reductor-glp-premo-150cv-europegas\/#local-main-place-address","streetAddress":"cami antic de vic, 29 (Nave 3), Pol\u00edgono Industrial Congost","addressLocality":"CORRO D`AVALL","postalCode":"08520","addressRegion":"Barcelona","addressCountry":"ES"},{"@type":"ImageObject","inLanguage":"pt-PT","@id":"https:\/\/recambiosecogas.com\/pt-pt\/producto\/reductor-glp-premo-150cv-europegas\/#local-main-organization-logo","url":"https:\/\/recambiosecogas.com\/wp-content\/uploads\/2024\/11\/cropped-RECAMBIOS-GLP-png.webp","contentUrl":"https:\/\/recambiosecogas.com\/wp-content\/uploads\/2024\/11\/cropped-RECAMBIOS-GLP-png.webp","width":512,"height":512,"caption":"Recambios EcoGas"}]},"product_price_amount":"156.63","product_price_currency":"EUR","og_availability":"backorder","product_availability":"available for order","product_retailer_item_id":"107276A","product_condition":"new","geo.placename":"CORRO D`AVALL","geo.region":"Espanha"},"uagb_featured_image_src":{"full":["https:\/\/recambiosecogas.com\/wp-content\/uploads\/2025\/02\/eg-premo-1-png.webp",1000,1000,false],"thumbnail":["https:\/\/recambiosecogas.com\/wp-content\/uploads\/2025\/02\/eg-premo-1-150x150.webp",150,150,true],"medium":["https:\/\/recambiosecogas.com\/wp-content\/uploads\/2025\/02\/eg-premo-1-300x300.webp",300,300,true],"medium_large":["https:\/\/recambiosecogas.com\/wp-content\/uploads\/2025\/02\/eg-premo-1-768x768.webp",768,768,true],"large":["https:\/\/recambiosecogas.com\/wp-content\/uploads\/2025\/02\/eg-premo-1-png.webp",1000,1000,false],"1536x1536":["https:\/\/recambiosecogas.com\/wp-content\/uploads\/2025\/02\/eg-premo-1-png.webp",1000,1000,false],"2048x2048":["https:\/\/recambiosecogas.com\/wp-content\/uploads\/2025\/02\/eg-premo-1-png.webp",1000,1000,false],"woocommerce_archive_thumbnail":["https:\/\/recambiosecogas.com\/wp-content\/uploads\/2025\/02\/eg-premo-1-png.webp",1000,1000,false],"woocommerce_thumbnail":["https:\/\/recambiosecogas.com\/wp-content\/uploads\/2025\/02\/eg-premo-1-300x300.webp",300,300,true],"woocommerce_single":["https:\/\/recambiosecogas.com\/wp-content\/uploads\/2025\/02\/eg-premo-1-png.webp",1000,1000,false],"woocommerce_gallery_thumbnail":["https:\/\/recambiosecogas.com\/wp-content\/uploads\/2025\/02\/eg-premo-1-png.webp",1000,1000,false],"dgwt-wcas-product-suggestion":["https:\/\/recambiosecogas.com\/wp-content\/uploads\/2025\/02\/eg-premo-1-64x64.webp",64,64,true]},"uagb_author_info":{"display_name":"Fran - Soporte T\u00e9cnico","author_link":"https:\/\/recambiosecogas.com\/pt-pt\/author\/"},"uagb_comment_info":0,"uagb_excerpt":"MANUAL DE INSTALA\u00c7\u00c3O \/ FICHA T\u00c9CNICA \/ APROVA\u00c7\u00c3O","_links":{"self":[{"href":"https:\/\/recambiosecogas.com\/pt-pt\/wp-json\/wp\/v2\/product\/40743","targetHints":{"allow":["GET"]}}],"collection":[{"href":"https:\/\/recambiosecogas.com\/pt-pt\/wp-json\/wp\/v2\/product"}],"about":[{"href":"https:\/\/recambiosecogas.com\/pt-pt\/wp-json\/wp\/v2\/types\/product"}],"replies":[{"embeddable":true,"href":"https:\/\/recambiosecogas.com\/pt-pt\/wp-json\/wp\/v2\/comments?post=40743"}],"wp:featuredmedia":[{"embeddable":true,"href":"https:\/\/recambiosecogas.com\/pt-pt\/wp-json\/wp\/v2\/media\/31778"}],"wp:attachment":[{"href":"https:\/\/recambiosecogas.com\/pt-pt\/wp-json\/wp\/v2\/media?parent=40743"}],"wp:term":[{"taxonomy":"product_brand","embeddable":true,"href":"https:\/\/recambiosecogas.com\/pt-pt\/wp-json\/wp\/v2\/product_brand?post=40743"},{"taxonomy":"product_cat","embeddable":true,"href":"https:\/\/recambiosecogas.com\/pt-pt\/wp-json\/wp\/v2\/product_cat?post=40743"},{"taxonomy":"product_tag","embeddable":true,"href":"https:\/\/recambiosecogas.com\/pt-pt\/wp-json\/wp\/v2\/product_tag?post=40743"}],"curies":[{"name":"wp","href":"https:\/\/api.w.org\/{rel}","templated":true}]}}