{"id":40742,"date":"2025-02-18T18:05:03","date_gmt":"2025-02-18T18:05:03","guid":{"rendered":"https:\/\/recambiosecogas.com\/producto\/redutor-supremo-de-gpl-270kw-europegas\/"},"modified":"2026-04-08T10:27:53","modified_gmt":"2026-04-08T09:27:53","slug":"reductor-glp-supremo-270kw-europegas","status":"publish","type":"product","link":"https:\/\/recambiosecogas.com\/pt-pt\/producto\/reductor-glp-supremo-270kw-europegas\/","title":{"rendered":"REDUTOR SUPREMO DE GPL 270KW EUROPEGAS"},"content":{"rendered":"<h3 style=\"text-align: center;\" data-start=\"2468\" data-end=\"2493\">REDUTOR SUPREMO DE GPL 270KW EUROPEGAS<\/h3>\n<h4 data-start=\"2468\" data-end=\"2493\"><strong data-start=\"2473\" data-end=\"2491\">Dados t\u00e9cnicos<\/strong><\/h4>\n<ul data-start=\"2494\" data-end=\"3085\">\n<li data-start=\"2494\" data-end=\"2555\"><strong data-start=\"2496\" data-end=\"2525\">Pot\u00eancia m\u00e1xima suportada<\/strong>: <strong data-start=\"2527\" data-end=\"2553\">270 kW (aprox. 270 CV)<\/strong><\/li>\n<li data-start=\"2556\" data-end=\"2610\"><strong data-start=\"2558\" data-end=\"2589\">Faixa de press\u00e3o de trabalho<\/strong>: <strong data-start=\"2591\" data-end=\"2608\">0,9 \u2013 1,3 bar<\/strong><\/li>\n<li data-start=\"2611\" data-end=\"2660\"><strong data-start=\"2613\" data-end=\"2631\">Entrada de g\u00e1s<\/strong>: <strong data-start=\"2633\" data-end=\"2658\">\u00f88 mm com rosca M12x1<\/strong><\/li>\n<li data-start=\"2661\" data-end=\"2694\"><strong data-start=\"2663\" data-end=\"2680\">Sa\u00edda de g\u00e1s<\/strong>: <strong data-start=\"2682\" data-end=\"2692\">\u00f816 mm<\/strong><\/li>\n<li data-start=\"2695\" data-end=\"2758\"><strong data-start=\"2697\" data-end=\"2745\">Conex\u00e3o de press\u00e3o do coletor de admiss\u00e3o<\/strong>: <strong data-start=\"2747\" data-end=\"2756\">\u00f84 mm<\/strong><\/li>\n<li data-start=\"2759\" data-end=\"2810\"><strong data-start=\"2761\" data-end=\"2796\">Conex\u00f5es de fluido de aquecimento<\/strong>: <strong data-start=\"2798\" data-end=\"2808\">\u00f816 mm<\/strong><\/li>\n<li data-start=\"2811\" data-end=\"2864\"><strong data-start=\"2813\" data-end=\"2839\">Temperatura<\/strong>: <strong data-start=\"2841\" data-end=\"2862\">de -40\u00baC a +120\u00baC<\/strong><\/li>\n<li data-start=\"2865\" data-end=\"2909\"><strong data-start=\"2867\" data-end=\"2879\">Material<\/strong>: Alum\u00ednio fundido<\/li>\n<li data-start=\"2910\" data-end=\"2958\"><strong data-start=\"2912\" data-end=\"2937\">Sensor<\/strong>: <strong data-start=\"2939\" data-end=\"2956\">4k7 integrado<\/strong><\/li>\n<li data-start=\"2959\" data-end=\"3000\"><strong data-start=\"2961\" data-end=\"2977\">Aprova\u00e7\u00e3o<\/strong>: <strong data-start=\"2979\" data-end=\"2998\">ECE 67R-01 1053<\/strong><\/li>\n<li data-start=\"3001\" data-end=\"3085\"><strong data-start=\"3003\" data-end=\"3017\">Aplica\u00e7\u00e3o<\/strong>: Redutor para sistemas de inje\u00e7\u00e3o de GLP em autom\u00f3veis<\/li>\n<\/ul>\n<p data-start=\"168\" data-end=\"442\"><strong data-start=\"171\" data-end=\"211\">Redutor Europegas SUPREMO 270KW LPG<\/strong> \u00e9 uma caixa de <strong data-start=\"218\" data-end=\"249\">velocidades de alta efici\u00eancia<\/strong> concebida para <strong data-start=\"264\" data-end=\"305\">ve\u00edculos com motores at\u00e9 270 CV,<\/strong> proporcionando uma <strong data-start=\"326\" data-end=\"385\">convers\u00e3o \u00f3tima do GPL da fase l\u00edquida para a fase gasosa<\/strong> e mantendo uma press\u00e3o de g\u00e1s est\u00e1vel \u00e0 sa\u00edda.<\/p>\n<p data-start=\"444\" data-end=\"818\">Este redutor integra uma electrov\u00e1lvula e um cartucho filtrante universal, o que otimiza o seu desempenho e facilita a sua manuten\u00e7\u00e3o. O seu design com aquecimento em fase l\u00edquida de GPL e aquecimento da c\u00e2mara do filtro garante uma evapora\u00e7\u00e3o eficiente do g\u00e1s, assegurando um funcionamento est\u00e1vel mesmo em temperaturas extremas de at\u00e9 -40\u202f\u00b0C. <\/p>\n<p data-start=\"1173\" data-end=\"1464\">Homologado sob a norma <strong data-start=\"1202\" data-end=\"1217\">67R-01 1053<\/strong>, o <strong data-start=\"1222\" data-end=\"1242\">EG SUPREMO 270KW<\/strong> \u00e9 uma das solu\u00e7\u00f5es mais avan\u00e7adas para a instala\u00e7\u00e3o <strong data-start=\"1305\" data-end=\"1345\">de GPL em ve\u00edculos de elevado desempenho<\/strong>, garantindo <strong data-start=\"1360\" data-end=\"1431\">elevada efici\u00eancia energ\u00e9tica, estabilidade \u00e0 press\u00e3o e fiabilidade<\/strong> em qualquer condi\u00e7\u00e3o de utiliza\u00e7\u00e3o.<\/p>\n<h4 data-start=\"1466\" data-end=\"1505\"><strong data-start=\"1471\" data-end=\"1503\">Carater\u00edsticas e vantagens<\/strong><\/h4>\n<ul data-start=\"1506\" data-end=\"2466\">\n<li data-start=\"1506\" data-end=\"1609\"><strong data-start=\"1508\" data-end=\"1549\">Redutor com v\u00e1lvula solenoide<\/strong>: Otimiza a convers\u00e3o de GLP e facilita a instala\u00e7\u00e3o.<\/li>\n<li data-start=\"1610\" data-end=\"1700\"><strong data-start=\"1612\" data-end=\"1652\">Aquecimento da fase l\u00edquida do GPL<\/strong>: Melhora a efici\u00eancia da evapora\u00e7\u00e3o do g\u00e1s.<\/li>\n<li data-start=\"1701\" data-end=\"1787\"><strong data-start=\"1703\" data-end=\"1743\">Aquecimento da c\u00e2mara do filtro<\/strong>: Mant\u00e9m a estabilidade t\u00e9rmica ideal.<\/li>\n<li data-start=\"1886\" data-end=\"1993\"><strong data-start=\"1888\" data-end=\"1936\">Faixa de press\u00e3o de trabalho de 0,9 \u2013 1,3 bar<\/strong>: Press\u00e3o para um desempenho ideal do motor.<\/li>\n<li data-start=\"1994\" data-end=\"2091\"><strong data-start=\"1996\" data-end=\"2028\">Sistema de bloco de corte<\/strong>: Reduz a sobrepress\u00e3o do g\u00e1s durante a travagem do motor.<\/li>\n<li data-start=\"2092\" data-end=\"2202\"><strong data-start=\"2094\" data-end=\"2135\">Sensor temperatura 4k7 integrado<\/strong>: Monitoriza a temperatura para otimizar a regula\u00e7\u00e3o do g\u00e1s.<\/li>\n<li data-start=\"2382\" data-end=\"2466\"><strong data-start=\"2384\" data-end=\"2414\">Aprova\u00e7\u00e3o ECE 67R-01 1053<\/strong>: Cumpre as normas de seguran\u00e7a europeias.<br \/>\nOBTENHA MAIS <a href=\"https:\/\/recambiosecogas.com\/pt-pt\/categoria-produto\/reguladores-de-pressao\/redutor-glp\/\">UNIDADES DE ENGRENAGENS<\/a> E<a href=\"https:\/\/recambiosecogas.com\/pt-pt\/produto\/kit-de-reparacao-impco-para-redutor-de-gpl-modelo-l\/\"> KITS DE REPARA\u00c7\u00c3O<\/a><\/li>\n<\/ul>\n","protected":false},"excerpt":{"rendered":"<p><a href=\"http:\/\/recambiosecogas.com\/wp-content\/uploads\/2025\/02\/eg_supremo.pdf\">MANUAL DE INSTALA\u00c7\u00c3O<\/a> \/ <a href=\"http:\/\/recambiosecogas.com\/wp-content\/uploads\/2025\/02\/eg_supremo_es.pdf\">FICHA T\u00c9CNICA<\/a> \/ <a href=\"http:\/\/recambiosecogas.com\/wp-content\/uploads\/2025\/02\/homologacja_e20_67r-01_1053.pdf\">APROVA\u00c7\u00c3O<\/a><\/p>\n","protected":false},"featured_media":31753,"comment_status":"open","ping_status":"closed","template":"","meta":{"_uag_custom_page_level_css":""},"product_brand":[],"product_cat":[1066,1065],"product_tag":[],"class_list":{"0":"post-40742","1":"product","2":"type-product","3":"status-publish","4":"has-post-thumbnail","6":"product_cat-redutor-glp","7":"product_cat-reguladores-de-pressao","9":"first","10":"instock","11":"taxable","12":"shipping-taxable","13":"purchasable","14":"product-type-simple"},"ct_brands":[],"yoast_head":"<!-- This site is optimized with the Yoast SEO Premium plugin v27.4 (Yoast SEO v27.5) - https:\/\/yoast.com\/product\/yoast-seo-premium-wordpress\/ -->\n<title>REDUTOR SUPREMO DE GPL 270KW EUROPEGAS | Recambios EcoGas | Sistemas GLP y GNC<\/title>\n<meta name=\"description\" content=\"Redutor LPG Europegas SUPREMO 270KW \u00e9 uma caixa de velocidades de alta efici\u00eancia concebida para ve\u00edculos com motores at\u00e9 270 CV\" \/>\n<meta name=\"robots\" content=\"index, follow, max-snippet:-1, max-image-preview:large, max-video-preview:-1\" \/>\n<link rel=\"canonical\" href=\"https:\/\/recambiosecogas.com\/pt-pt\/producto\/reductor-glp-supremo-270kw-europegas\/\" \/>\n<meta property=\"og:locale\" content=\"pt_PT\" \/>\n<meta property=\"og:type\" content=\"article\" \/>\n<meta property=\"og:title\" content=\"REDUTOR SUPREMO DE GPL 270KW EUROPEGAS\" \/>\n<meta property=\"og:description\" content=\"Redutor LPG Europegas SUPREMO 270KW \u00e9 uma caixa de velocidades de alta efici\u00eancia concebida para ve\u00edculos com motores at\u00e9 270 CV\" \/>\n<meta property=\"og:url\" content=\"https:\/\/recambiosecogas.com\/pt-pt\/producto\/reductor-glp-supremo-270kw-europegas\/\" \/>\n<meta property=\"og:site_name\" content=\"Recambios EcoGas\" \/>\n<meta property=\"article:publisher\" content=\"https:\/\/www.facebook.com\/profile.php?id=100062419705358\" \/>\n<meta property=\"article:modified_time\" content=\"2026-04-08T09:27:53+00:00\" \/>\n<meta property=\"og:image\" content=\"https:\/\/recambiosecogas.com\/wp-content\/uploads\/2025\/02\/EG-SUPREMO-270HP-png.webp\" \/>\n\t<meta property=\"og:image:width\" content=\"1000\" \/>\n\t<meta property=\"og:image:height\" content=\"1000\" \/>\n\t<meta property=\"og:image:type\" content=\"image\/png\" \/>\n<meta name=\"twitter:card\" content=\"summary_large_image\" \/>\n<meta name=\"twitter:label1\" content=\"pre\u00e7o\" \/>\n\t<meta name=\"twitter:data1\" content=\"155,25&nbsp;&euro; (Sin IVA: 128,31&nbsp;&euro;)\" \/>\n\t<meta name=\"twitter:label2\" content=\"Disponibilidade\" \/>\n\t<meta name=\"twitter:data2\" content=\"Em stock\" \/>\n<script type=\"application\/ld+json\" class=\"yoast-schema-graph\">{\"@context\":\"https:\\\/\\\/schema.org\",\"@graph\":[{\"@type\":\"WebPage\",\"@id\":\"https:\\\/\\\/recambiosecogas.com\\\/pt-pt\\\/producto\\\/reductor-glp-supremo-270kw-europegas\\\/\",\"url\":\"https:\\\/\\\/recambiosecogas.com\\\/pt-pt\\\/producto\\\/reductor-glp-supremo-270kw-europegas\\\/\",\"name\":\"REDUTOR SUPREMO DE GPL 270KW EUROPEGAS | Recambios EcoGas | Sistemas GLP y GNC\",\"isPartOf\":{\"@id\":\"https:\\\/\\\/recambiosecogas.com\\\/pt-pt\\\/#website\"},\"primaryImageOfPage\":{\"@id\":\"https:\\\/\\\/recambiosecogas.com\\\/pt-pt\\\/producto\\\/reductor-glp-supremo-270kw-europegas\\\/#primaryimage\"},\"image\":{\"@id\":\"https:\\\/\\\/recambiosecogas.com\\\/pt-pt\\\/producto\\\/reductor-glp-supremo-270kw-europegas\\\/#primaryimage\"},\"thumbnailUrl\":\"https:\\\/\\\/recambiosecogas.com\\\/wp-content\\\/uploads\\\/2025\\\/02\\\/EG-SUPREMO-270HP-png.webp\",\"datePublished\":\"2025-02-18T18:05:03+00:00\",\"dateModified\":\"2026-04-08T09:27:53+00:00\",\"description\":\"Redutor LPG Europegas SUPREMO 270KW \u00e9 uma caixa de velocidades de alta efici\u00eancia concebida para ve\u00edculos com motores at\u00e9 270 CV\",\"breadcrumb\":{\"@id\":\"https:\\\/\\\/recambiosecogas.com\\\/pt-pt\\\/producto\\\/reductor-glp-supremo-270kw-europegas\\\/#breadcrumb\"},\"inLanguage\":\"pt-PT\",\"potentialAction\":[{\"@type\":\"ReadAction\",\"target\":[\"https:\\\/\\\/recambiosecogas.com\\\/pt-pt\\\/producto\\\/reductor-glp-supremo-270kw-europegas\\\/\"]}]},{\"@type\":\"ImageObject\",\"inLanguage\":\"pt-PT\",\"@id\":\"https:\\\/\\\/recambiosecogas.com\\\/pt-pt\\\/producto\\\/reductor-glp-supremo-270kw-europegas\\\/#primaryimage\",\"url\":\"https:\\\/\\\/recambiosecogas.com\\\/wp-content\\\/uploads\\\/2025\\\/02\\\/EG-SUPREMO-270HP-png.webp\",\"contentUrl\":\"https:\\\/\\\/recambiosecogas.com\\\/wp-content\\\/uploads\\\/2025\\\/02\\\/EG-SUPREMO-270HP-png.webp\",\"width\":1000,\"height\":1000},{\"@type\":\"BreadcrumbList\",\"@id\":\"https:\\\/\\\/recambiosecogas.com\\\/pt-pt\\\/producto\\\/reductor-glp-supremo-270kw-europegas\\\/#breadcrumb\",\"itemListElement\":[{\"@type\":\"ListItem\",\"position\":1,\"name\":\"P\u00e1gina inicial\",\"item\":\"https:\\\/\\\/recambiosecogas.com\\\/pt-pt\\\/\"},{\"@type\":\"ListItem\",\"position\":2,\"name\":\"Loja\",\"item\":\"https:\\\/\\\/recambiosecogas.com\\\/pt-pt\\\/tienda\\\/\"},{\"@type\":\"ListItem\",\"position\":3,\"name\":\"REDUTOR SUPREMO DE GPL 270KW EUROPEGAS\"}]},{\"@type\":\"WebSite\",\"@id\":\"https:\\\/\\\/recambiosecogas.com\\\/pt-pt\\\/#website\",\"url\":\"https:\\\/\\\/recambiosecogas.com\\\/pt-pt\\\/\",\"name\":\"Recambios EcoGas\",\"description\":\"Pe\u00e7as multimarca para sistemas de GPL\\\/GNC\\\/GNL\\\/Hidrog\u00e9nio\",\"publisher\":{\"@id\":\"https:\\\/\\\/recambiosecogas.com\\\/pt-pt\\\/#organization\"},\"alternateName\":\"Recambios Autogas GLP\",\"potentialAction\":[{\"@type\":\"SearchAction\",\"target\":{\"@type\":\"EntryPoint\",\"urlTemplate\":\"https:\\\/\\\/recambiosecogas.com\\\/pt-pt\\\/?s={search_term_string}\"},\"query-input\":{\"@type\":\"PropertyValueSpecification\",\"valueRequired\":true,\"valueName\":\"search_term_string\"}}],\"inLanguage\":\"pt-PT\"},{\"@type\":[\"Organization\",\"Place\"],\"@id\":\"https:\\\/\\\/recambiosecogas.com\\\/pt-pt\\\/#organization\",\"name\":\"Recambios EcoGas\",\"alternateName\":\"Loja de GPL Autog\u00e1s Espanha\",\"url\":\"https:\\\/\\\/recambiosecogas.com\\\/pt-pt\\\/\",\"logo\":{\"@id\":\"https:\\\/\\\/recambiosecogas.com\\\/pt-pt\\\/producto\\\/reductor-glp-supremo-270kw-europegas\\\/#local-main-organization-logo\"},\"image\":{\"@id\":\"https:\\\/\\\/recambiosecogas.com\\\/pt-pt\\\/producto\\\/reductor-glp-supremo-270kw-europegas\\\/#local-main-organization-logo\"},\"sameAs\":[\"https:\\\/\\\/www.facebook.com\\\/profile.php?id=100062419705358\",\"https:\\\/\\\/www.instagram.com\\\/segimon_automocio\"],\"description\":\"Recambios EcoGas \u2013 Venta y distribuci\u00f3n de sistemas GLP y GNC en Espa\u00f1a y Portugal. Env\u00edos 24 h, soporte t\u00e9cnico a talleres y distribuidores.\",\"hasMerchantReturnPolicy\":{\"@type\":\"MerchantReturnPolicy\",\"merchantReturnLink\":\"https:\\\/\\\/recambiosecogas.com\\\/politicas-privacidad\\\/\"},\"address\":{\"@id\":\"https:\\\/\\\/recambiosecogas.com\\\/pt-pt\\\/producto\\\/reductor-glp-supremo-270kw-europegas\\\/#local-main-place-address\"},\"telephone\":[\"616250633\"],\"contactPoint\":{\"@type\":\"ContactPoint\",\"email\":\"export@recambiosecogas.com\"},\"openingHoursSpecification\":[{\"@type\":\"OpeningHoursSpecification\",\"dayOfWeek\":[\"Monday\",\"Tuesday\",\"Wednesday\",\"Thursday\",\"Friday\",\"Saturday\",\"Sunday\"],\"opens\":\"09:00\",\"closes\":\"17:00\"}],\"email\":\"info@recambiosecogas.com\",\"faxNumber\":\"SEGIMON AUTOMOCION SL\",\"vatID\":\"ESB19819861\",\"globalLocationNumber\":\"938 616 339\"},{\"@type\":\"PostalAddress\",\"@id\":\"https:\\\/\\\/recambiosecogas.com\\\/pt-pt\\\/producto\\\/reductor-glp-supremo-270kw-europegas\\\/#local-main-place-address\",\"streetAddress\":\"cami antic de vic, 29 (Nave 3), Pol\u00edgono Industrial Congost\",\"addressLocality\":\"CORRO D`AVALL\",\"postalCode\":\"08520\",\"addressRegion\":\"Barcelona\",\"addressCountry\":\"ES\"},{\"@type\":\"ImageObject\",\"inLanguage\":\"pt-PT\",\"@id\":\"https:\\\/\\\/recambiosecogas.com\\\/pt-pt\\\/producto\\\/reductor-glp-supremo-270kw-europegas\\\/#local-main-organization-logo\",\"url\":\"https:\\\/\\\/recambiosecogas.com\\\/wp-content\\\/uploads\\\/2024\\\/11\\\/cropped-RECAMBIOS-GLP-png.webp\",\"contentUrl\":\"https:\\\/\\\/recambiosecogas.com\\\/wp-content\\\/uploads\\\/2024\\\/11\\\/cropped-RECAMBIOS-GLP-png.webp\",\"width\":512,\"height\":512,\"caption\":\"Recambios EcoGas\"}]}<\/script>\n<meta property=\"product:price:amount\" content=\"155.25\" \/>\n<meta property=\"product:price:currency\" content=\"EUR\" \/>\n<meta property=\"og:availability\" content=\"instock\" \/>\n<meta property=\"product:availability\" content=\"instock\" \/>\n<meta property=\"product:retailer_item_id\" content=\"107277A\" \/>\n<meta property=\"product:condition\" content=\"new\" \/>\n<meta name=\"geo.placename\" content=\"CORRO D`AVALL\" \/>\n<meta name=\"geo.region\" content=\"Espanha\" \/>\n<!-- \/ Yoast SEO Premium plugin. -->","yoast_head_json":{"title":"REDUTOR SUPREMO DE GPL 270KW EUROPEGAS | Recambios EcoGas | Sistemas GLP y GNC","description":"Redutor LPG Europegas SUPREMO 270KW \u00e9 uma caixa de velocidades de alta efici\u00eancia concebida para ve\u00edculos com motores at\u00e9 270 CV","robots":{"index":"index","follow":"follow","max-snippet":"max-snippet:-1","max-image-preview":"max-image-preview:large","max-video-preview":"max-video-preview:-1"},"canonical":"https:\/\/recambiosecogas.com\/pt-pt\/producto\/reductor-glp-supremo-270kw-europegas\/","og_locale":"pt_PT","og_type":"article","og_title":"REDUTOR SUPREMO DE GPL 270KW EUROPEGAS","og_description":"Redutor LPG Europegas SUPREMO 270KW \u00e9 uma caixa de velocidades de alta efici\u00eancia concebida para ve\u00edculos com motores at\u00e9 270 CV","og_url":"https:\/\/recambiosecogas.com\/pt-pt\/producto\/reductor-glp-supremo-270kw-europegas\/","og_site_name":"Recambios EcoGas","article_publisher":"https:\/\/www.facebook.com\/profile.php?id=100062419705358","article_modified_time":"2026-04-08T09:27:53+00:00","og_image":[{"width":1000,"height":1000,"url":"https:\/\/recambiosecogas.com\/wp-content\/uploads\/2025\/02\/EG-SUPREMO-270HP-png.webp","type":"image\/png"}],"twitter_card":"summary_large_image","twitter_misc":{"pre\u00e7o":"155,25&nbsp;&euro; (Sin IVA: 128,31&nbsp;&euro;)","Disponibilidade":"Em stock"},"schema":{"@context":"https:\/\/schema.org","@graph":[{"@type":"WebPage","@id":"https:\/\/recambiosecogas.com\/pt-pt\/producto\/reductor-glp-supremo-270kw-europegas\/","url":"https:\/\/recambiosecogas.com\/pt-pt\/producto\/reductor-glp-supremo-270kw-europegas\/","name":"REDUTOR SUPREMO DE GPL 270KW EUROPEGAS | Recambios EcoGas | Sistemas GLP y GNC","isPartOf":{"@id":"https:\/\/recambiosecogas.com\/pt-pt\/#website"},"primaryImageOfPage":{"@id":"https:\/\/recambiosecogas.com\/pt-pt\/producto\/reductor-glp-supremo-270kw-europegas\/#primaryimage"},"image":{"@id":"https:\/\/recambiosecogas.com\/pt-pt\/producto\/reductor-glp-supremo-270kw-europegas\/#primaryimage"},"thumbnailUrl":"https:\/\/recambiosecogas.com\/wp-content\/uploads\/2025\/02\/EG-SUPREMO-270HP-png.webp","datePublished":"2025-02-18T18:05:03+00:00","dateModified":"2026-04-08T09:27:53+00:00","description":"Redutor LPG Europegas SUPREMO 270KW \u00e9 uma caixa de velocidades de alta efici\u00eancia concebida para ve\u00edculos com motores at\u00e9 270 CV","breadcrumb":{"@id":"https:\/\/recambiosecogas.com\/pt-pt\/producto\/reductor-glp-supremo-270kw-europegas\/#breadcrumb"},"inLanguage":"pt-PT","potentialAction":[{"@type":"ReadAction","target":["https:\/\/recambiosecogas.com\/pt-pt\/producto\/reductor-glp-supremo-270kw-europegas\/"]}]},{"@type":"ImageObject","inLanguage":"pt-PT","@id":"https:\/\/recambiosecogas.com\/pt-pt\/producto\/reductor-glp-supremo-270kw-europegas\/#primaryimage","url":"https:\/\/recambiosecogas.com\/wp-content\/uploads\/2025\/02\/EG-SUPREMO-270HP-png.webp","contentUrl":"https:\/\/recambiosecogas.com\/wp-content\/uploads\/2025\/02\/EG-SUPREMO-270HP-png.webp","width":1000,"height":1000},{"@type":"BreadcrumbList","@id":"https:\/\/recambiosecogas.com\/pt-pt\/producto\/reductor-glp-supremo-270kw-europegas\/#breadcrumb","itemListElement":[{"@type":"ListItem","position":1,"name":"P\u00e1gina inicial","item":"https:\/\/recambiosecogas.com\/pt-pt\/"},{"@type":"ListItem","position":2,"name":"Loja","item":"https:\/\/recambiosecogas.com\/pt-pt\/tienda\/"},{"@type":"ListItem","position":3,"name":"REDUTOR SUPREMO DE GPL 270KW EUROPEGAS"}]},{"@type":"WebSite","@id":"https:\/\/recambiosecogas.com\/pt-pt\/#website","url":"https:\/\/recambiosecogas.com\/pt-pt\/","name":"Recambios EcoGas","description":"Pe\u00e7as multimarca para sistemas de GPL\/GNC\/GNL\/Hidrog\u00e9nio","publisher":{"@id":"https:\/\/recambiosecogas.com\/pt-pt\/#organization"},"alternateName":"Recambios Autogas GLP","potentialAction":[{"@type":"SearchAction","target":{"@type":"EntryPoint","urlTemplate":"https:\/\/recambiosecogas.com\/pt-pt\/?s={search_term_string}"},"query-input":{"@type":"PropertyValueSpecification","valueRequired":true,"valueName":"search_term_string"}}],"inLanguage":"pt-PT"},{"@type":["Organization","Place"],"@id":"https:\/\/recambiosecogas.com\/pt-pt\/#organization","name":"Recambios EcoGas","alternateName":"Loja de GPL Autog\u00e1s Espanha","url":"https:\/\/recambiosecogas.com\/pt-pt\/","logo":{"@id":"https:\/\/recambiosecogas.com\/pt-pt\/producto\/reductor-glp-supremo-270kw-europegas\/#local-main-organization-logo"},"image":{"@id":"https:\/\/recambiosecogas.com\/pt-pt\/producto\/reductor-glp-supremo-270kw-europegas\/#local-main-organization-logo"},"sameAs":["https:\/\/www.facebook.com\/profile.php?id=100062419705358","https:\/\/www.instagram.com\/segimon_automocio"],"description":"Recambios EcoGas \u2013 Venta y distribuci\u00f3n de sistemas GLP y GNC en Espa\u00f1a y Portugal. Env\u00edos 24 h, soporte t\u00e9cnico a talleres y distribuidores.","hasMerchantReturnPolicy":{"@type":"MerchantReturnPolicy","merchantReturnLink":"https:\/\/recambiosecogas.com\/politicas-privacidad\/"},"address":{"@id":"https:\/\/recambiosecogas.com\/pt-pt\/producto\/reductor-glp-supremo-270kw-europegas\/#local-main-place-address"},"telephone":["616250633"],"contactPoint":{"@type":"ContactPoint","email":"export@recambiosecogas.com"},"openingHoursSpecification":[{"@type":"OpeningHoursSpecification","dayOfWeek":["Monday","Tuesday","Wednesday","Thursday","Friday","Saturday","Sunday"],"opens":"09:00","closes":"17:00"}],"email":"info@recambiosecogas.com","faxNumber":"SEGIMON AUTOMOCION SL","vatID":"ESB19819861","globalLocationNumber":"938 616 339"},{"@type":"PostalAddress","@id":"https:\/\/recambiosecogas.com\/pt-pt\/producto\/reductor-glp-supremo-270kw-europegas\/#local-main-place-address","streetAddress":"cami antic de vic, 29 (Nave 3), Pol\u00edgono Industrial Congost","addressLocality":"CORRO D`AVALL","postalCode":"08520","addressRegion":"Barcelona","addressCountry":"ES"},{"@type":"ImageObject","inLanguage":"pt-PT","@id":"https:\/\/recambiosecogas.com\/pt-pt\/producto\/reductor-glp-supremo-270kw-europegas\/#local-main-organization-logo","url":"https:\/\/recambiosecogas.com\/wp-content\/uploads\/2024\/11\/cropped-RECAMBIOS-GLP-png.webp","contentUrl":"https:\/\/recambiosecogas.com\/wp-content\/uploads\/2024\/11\/cropped-RECAMBIOS-GLP-png.webp","width":512,"height":512,"caption":"Recambios EcoGas"}]},"product_price_amount":"155.25","product_price_currency":"EUR","og_availability":"instock","product_availability":"instock","product_retailer_item_id":"107277A","product_condition":"new","geo.placename":"CORRO D`AVALL","geo.region":"Espanha"},"uagb_featured_image_src":{"full":["https:\/\/recambiosecogas.com\/wp-content\/uploads\/2025\/02\/EG-SUPREMO-270HP-png.webp",1000,1000,false],"thumbnail":["https:\/\/recambiosecogas.com\/wp-content\/uploads\/2025\/02\/EG-SUPREMO-270HP-150x150.webp",150,150,true],"medium":["https:\/\/recambiosecogas.com\/wp-content\/uploads\/2025\/02\/EG-SUPREMO-270HP-300x300.webp",300,300,true],"medium_large":["https:\/\/recambiosecogas.com\/wp-content\/uploads\/2025\/02\/EG-SUPREMO-270HP-768x768.webp",768,768,true],"large":["https:\/\/recambiosecogas.com\/wp-content\/uploads\/2025\/02\/EG-SUPREMO-270HP-png.webp",1000,1000,false],"1536x1536":["https:\/\/recambiosecogas.com\/wp-content\/uploads\/2025\/02\/EG-SUPREMO-270HP-png.webp",1000,1000,false],"2048x2048":["https:\/\/recambiosecogas.com\/wp-content\/uploads\/2025\/02\/EG-SUPREMO-270HP-png.webp",1000,1000,false],"woocommerce_archive_thumbnail":["https:\/\/recambiosecogas.com\/wp-content\/uploads\/2025\/02\/EG-SUPREMO-270HP-png.webp",1000,1000,false],"woocommerce_thumbnail":["https:\/\/recambiosecogas.com\/wp-content\/uploads\/2025\/02\/EG-SUPREMO-270HP-300x300.webp",300,300,true],"woocommerce_single":["https:\/\/recambiosecogas.com\/wp-content\/uploads\/2025\/02\/EG-SUPREMO-270HP-png.webp",1000,1000,false],"woocommerce_gallery_thumbnail":["https:\/\/recambiosecogas.com\/wp-content\/uploads\/2025\/02\/EG-SUPREMO-270HP-png.webp",1000,1000,false],"dgwt-wcas-product-suggestion":["https:\/\/recambiosecogas.com\/wp-content\/uploads\/2025\/02\/EG-SUPREMO-270HP-64x64.webp",64,64,true]},"uagb_author_info":{"display_name":"Fran - Soporte T\u00e9cnico","author_link":"https:\/\/recambiosecogas.com\/pt-pt\/author\/"},"uagb_comment_info":0,"uagb_excerpt":"MANUAL DE INSTALA\u00c7\u00c3O \/ FICHA T\u00c9CNICA \/ APROVA\u00c7\u00c3O","_links":{"self":[{"href":"https:\/\/recambiosecogas.com\/pt-pt\/wp-json\/wp\/v2\/product\/40742","targetHints":{"allow":["GET"]}}],"collection":[{"href":"https:\/\/recambiosecogas.com\/pt-pt\/wp-json\/wp\/v2\/product"}],"about":[{"href":"https:\/\/recambiosecogas.com\/pt-pt\/wp-json\/wp\/v2\/types\/product"}],"replies":[{"embeddable":true,"href":"https:\/\/recambiosecogas.com\/pt-pt\/wp-json\/wp\/v2\/comments?post=40742"}],"wp:featuredmedia":[{"embeddable":true,"href":"https:\/\/recambiosecogas.com\/pt-pt\/wp-json\/wp\/v2\/media\/31753"}],"wp:attachment":[{"href":"https:\/\/recambiosecogas.com\/pt-pt\/wp-json\/wp\/v2\/media?parent=40742"}],"wp:term":[{"taxonomy":"product_brand","embeddable":true,"href":"https:\/\/recambiosecogas.com\/pt-pt\/wp-json\/wp\/v2\/product_brand?post=40742"},{"taxonomy":"product_cat","embeddable":true,"href":"https:\/\/recambiosecogas.com\/pt-pt\/wp-json\/wp\/v2\/product_cat?post=40742"},{"taxonomy":"product_tag","embeddable":true,"href":"https:\/\/recambiosecogas.com\/pt-pt\/wp-json\/wp\/v2\/product_tag?post=40742"}],"curies":[{"name":"wp","href":"https:\/\/api.w.org\/{rel}","templated":true}]}}