{"id":40737,"date":"2024-12-23T14:32:08","date_gmt":"2024-12-23T14:32:08","guid":{"rendered":"https:\/\/recambiosecogas.com\/producto\/ac-r01-250e-ac-redutor-de-veado\/"},"modified":"2026-04-08T10:27:55","modified_gmt":"2026-04-08T09:27:55","slug":"reductor-ac-r01-250e-ac-stag","status":"publish","type":"product","link":"https:\/\/recambiosecogas.com\/pt-pt\/produto\/reductor-ac-r01-250e-ac-stag\/","title":{"rendered":"AC R01 250E AC STAG REDUTOR"},"content":{"rendered":"<p data-start=\"160\" data-end=\"535\"><strong data-start=\"163\" data-end=\"195\"><span>O redutor AC R01 250E AC STAG<\/span><\/strong><span> \u00e9 uma <\/span> solu\u00e7\u00e3o <strong data-start=\"215\" data-end=\"248\"><span>de alto desempenho e fiabilidade<\/span><\/strong> <span> , concebida para <\/span><strong data-start=\"263\" data-end=\"294\"><span>ve\u00edculos convertidos em GPL<\/span><\/strong><span>, garantindo <\/span><strong data-start=\"307\" data-end=\"365\"><span>uma regula\u00e7\u00e3o precisa e est\u00e1vel da press\u00e3o do g\u00e1s<\/span><\/strong><span>  . A sua tecnologia avan\u00e7ada otimiza o funcionamento do sistema  <\/span><strong data-start=\"432\" data-end=\"452\"><span>convers\u00e3o para GPL<\/span><\/strong><span> , proporcionando combust\u00e3o eficiente e reduzindo o consumo de combust\u00edvel.<\/span><\/p>\n<p data-start=\"537\" data-end=\"937\"><span>Fabricado com <\/span><strong data-start=\"551\" data-end=\"598\"><span>materiais de alta qualidade e design robusto<\/span><\/strong><span> , este redutor garante <\/span><strong data-start=\"628\" data-end=\"667\"><span>uma longa vida \u00fatil e m\u00e1xima efici\u00eancia<\/span><\/strong><span>  em v\u00e1rias condi\u00e7\u00f5es de condu\u00e7\u00e3o. Compat\u00edvel com um   <\/span><strong data-start=\"726\" data-end=\"758\"><span>Com uma grande variedade de ve\u00edculos<\/span><\/strong><span>, incluindo <\/span><strong data-start=\"771\" data-end=\"829\"><span>Dacia, Renault, Mercedes, Ford, Peugeot, Hyundai e outros<\/span><\/strong><span>, o <\/span><strong data-start=\"834\" data-end=\"849\"><span>AC R01 250E<\/span><\/strong><span> \u00e9 ideal para quem procura <\/span><strong data-start=\"879\" data-end=\"934\"><span>seguran\u00e7a, estabilidade e pot\u00eancia no seu sistema de<\/span><\/strong> <span>GPL.<\/span><\/p>\n<h4 data-start=\"1168\" data-end=\"1207\"><strong data-start=\"1173\" data-end=\"1205\"><span>Carater\u00edsticas e vantagens<\/span><\/strong><\/h4>\n<ul data-start=\"1208\" data-end=\"1744\">\n<li data-start=\"1208\" data-end=\"1322\"><strong data-start=\"1210\" data-end=\"1253\"><span>Regula\u00e7\u00e3o precisa e est\u00e1vel da press\u00e3o<\/span><\/strong><span> : Mant\u00e9m um fluxo constante de g\u00e1s para uma combust\u00e3o eficiente.<\/span><\/li>\n<li data-start=\"1323\" data-end=\"1450\"><strong data-start=\"1325\" data-end=\"1376\"><span>Compat\u00edvel com uma grande variedade de ve\u00edculos<\/span><\/strong><span> , incluindo <\/span><strong data-start=\"1389\" data-end=\"1447\"><span>Dacia, Renault, Mercedes, Ford, Peugeot, Hyundai e outros<\/span><\/strong><span> .<\/span><\/li>\n<li data-start=\"1451\" data-end=\"1552\"><strong data-start=\"1453\" data-end=\"1482\"><span>Design robusto e dur\u00e1vel<\/span><\/strong><span> : Feito com materiais de alta qualidade para uma longa vida \u00fatil.<\/span><\/li>\n<li data-start=\"1553\" data-end=\"1649\"><strong data-start=\"1555\" data-end=\"1592\"><span>Instala\u00e7\u00e3o e manuten\u00e7\u00e3o<\/span><\/strong> <span>f\u00e1ceis: Integra\u00e7\u00e3o f\u00e1cil em sistemas de convers\u00e3o de GPL.<\/span><\/li>\n<\/ul>\n<h4 data-start=\"1746\" data-end=\"1771\"><strong data-start=\"1751\" data-end=\"1769\"><span>Dados t\u00e9cnicos<\/span><\/strong><\/h4>\n<ul data-start=\"1772\" data-end=\"2286\">\n<li data-start=\"1772\" data-end=\"1799\"><strong data-start=\"1774\" data-end=\"1784\"><span>Modelo<\/span><\/strong><span> : AC R01 250E<\/span><\/li>\n<li data-start=\"1800\" data-end=\"1844\"><strong data-start=\"1802\" data-end=\"1810\"><span>Tipo<\/span><\/strong><span> : Redutor de press\u00e3o de g\u00e1s LPG<\/span><\/li>\n<li data-start=\"1845\" data-end=\"1971\"><strong data-start=\"1847\" data-end=\"1865\"><span>Compatibilidade<\/span><\/strong><span> : Ve\u00edculos com sistemas de convers\u00e3o de GPL da <\/span><strong data-start=\"1911\" data-end=\"1969\"><span>Dacia, Renault, Mercedes, Ford, Peugeot, Hyundai e outros<\/span><\/strong><\/li>\n<li data-start=\"1972\" data-end=\"2070\"><strong data-start=\"1974\" data-end=\"2007\"><span>Regula\u00e7\u00e3o est\u00e1vel da<\/span><\/strong><span> press\u00e3o: Otimiza\u00e7\u00e3o do fluxo de g\u00e1s para um desempenho eficiente<\/span><\/li>\n<li data-start=\"2071\" data-end=\"2141\"><strong data-start=\"2073\" data-end=\"2085\"><span>Material<\/span><\/strong><span> : Design robusto para m\u00e1xima resist\u00eancia e durabilidade.<\/span><\/li>\n<\/ul>\n<h4 data-start=\"2288\" data-end=\"2311\"><strong data-start=\"2293\" data-end=\"2309\"><span>Aplica\u00e7\u00f5es<\/span><\/strong><\/h4>\n<ul data-start=\"2312\" data-end=\"2602\">\n<li data-start=\"2312\" data-end=\"2378\"><strong data-start=\"2314\" data-end=\"2375\"><span>Otimiza\u00e7\u00e3o do desempenho dos sistemas de GPL em ve\u00edculos<\/span><\/strong><span> .<\/span><\/li>\n<li data-start=\"2379\" data-end=\"2438\"><strong data-start=\"2381\" data-end=\"2435\"><span>Convers\u00e3o eficiente e fi\u00e1vel de gasolina para GLP<\/span><\/strong><span> .<\/span><\/li>\n<li data-start=\"2439\" data-end=\"2510\"><strong data-start=\"2441\" data-end=\"2507\"><span>Redu\u00e7\u00e3o do consumo de combust\u00edvel e melhoria da combust\u00e3o<\/span><\/strong><span> .<\/span><\/li>\n<li data-start=\"2511\" data-end=\"2602\"><strong data-start=\"2513\" data-end=\"2599\"><span>Instala\u00e7\u00e3o em ve\u00edculos compat\u00edveis com sistemas de g\u00e1s liquefeito de petr\u00f3leo (GLP<\/span><\/strong><span> ).<\/span><\/li>\n<\/ul>\n<p>COMPRA MAIS <a href=\"https:\/\/recambiosecogas.com\/pt-pt\/categoria-produto\/reguladores-de-pressao\/redutor-glp\/\">CAIXAS DE ENGRENAGENS<\/a> ,<a href=\"https:\/\/recambiosecogas.com\/pt-pt\/produto\/kit-de-reparacao-impco-para-redutor-de-gpl-modelo-l\/\"> KITS DE REPARA\u00c7\u00c3O E <\/a><a href=\"http:\/\/www.segimonautomocio.com\">CONVERTE PARA LPG<\/a><\/p>\n","protected":false},"excerpt":{"rendered":"<p>Otimize o seu sistema de GPL com o redutor AC R01 250E da AC STAG. Instala\u00e7\u00e3o f\u00e1cil e compat\u00edvel com v\u00e1rias marcas como Dacia, Renault, Mercedes, Ford, Peugeot, Hyundai. Obtenha-o hoje para uma opera\u00e7\u00e3o fi\u00e1vel!  <\/p>\n","protected":false},"featured_media":25963,"comment_status":"open","ping_status":"closed","template":"","meta":{"googlesitekit_rrm_CAowud7EDA:productID":"","_uag_custom_page_level_css":""},"product_brand":[],"product_cat":[1665,1066,1065],"product_tag":[],"class_list":{"0":"post-40737","1":"product","2":"type-product","3":"status-publish","4":"has-post-thumbnail","6":"product_cat-ac-stag-pt-pt","7":"product_cat-redutor-glp","8":"product_cat-reguladores-de-pressao","10":"first","11":"onbackorder","12":"sale","13":"taxable","14":"shipping-taxable","15":"purchasable","16":"product-type-simple"},"ct_brands":[],"yoast_head":"<!-- This site is optimized with the Yoast SEO Premium plugin v27.3 (Yoast SEO v27.3) - https:\/\/yoast.com\/product\/yoast-seo-premium-wordpress\/ -->\n<title>AC R01 250E AC STAG REDUTOR | Recambios EcoGas | Sistemas GLP y GNC<\/title>\n<meta name=\"description\" content=\"Melhore o desempenho do seu sistema de GPL com o redutor AC R01 250E da AC STAG. Compat\u00edvel com Dacia, Renault, Mercedes, Ford, Peugeot, Hyundai e mais.\" \/>\n<meta name=\"robots\" content=\"index, follow, max-snippet:-1, max-image-preview:large, max-video-preview:-1\" \/>\n<link rel=\"canonical\" href=\"https:\/\/recambiosecogas.com\/pt-pt\/produto\/reductor-ac-r01-250e-ac-stag\/\" \/>\n<meta property=\"og:locale\" content=\"pt_PT\" \/>\n<meta property=\"og:type\" content=\"article\" \/>\n<meta property=\"og:title\" content=\"AC R01 250E AC STAG REDUTOR\" \/>\n<meta property=\"og:description\" content=\"Melhore o desempenho do seu sistema de GPL com o redutor AC R01 250E da AC STAG. Compat\u00edvel com Dacia, Renault, Mercedes, Ford, Peugeot, Hyundai e mais.\" \/>\n<meta property=\"og:url\" content=\"https:\/\/recambiosecogas.com\/pt-pt\/produto\/reductor-ac-r01-250e-ac-stag\/\" \/>\n<meta property=\"og:site_name\" content=\"Recambios EcoGas\" \/>\n<meta property=\"article:publisher\" content=\"https:\/\/www.facebook.com\/profile.php?id=100062419705358\" \/>\n<meta property=\"article:modified_time\" content=\"2026-04-08T09:27:55+00:00\" \/>\n<meta property=\"og:image\" content=\"https:\/\/recambiosecogas.com\/wp-content\/uploads\/2024\/12\/REDUCTOR-AC-R01-250E-AC-STAG-png.webp\" \/>\n\t<meta property=\"og:image:width\" content=\"1000\" \/>\n\t<meta property=\"og:image:height\" content=\"1000\" \/>\n\t<meta property=\"og:image:type\" content=\"image\/png\" \/>\n<meta name=\"twitter:card\" content=\"summary_large_image\" \/>\n<meta name=\"twitter:label1\" content=\"pre\u00e7o\" \/>\n\t<meta name=\"twitter:data1\" content=\"154,67&nbsp;&euro; (IVA incl.: 187,15&nbsp;&euro;)\" \/>\n\t<meta name=\"twitter:label2\" content=\"Disponibilidade\" \/>\n\t<meta name=\"twitter:data2\" content=\"Por encomenda\" \/>\n<script type=\"application\/ld+json\" class=\"yoast-schema-graph\">{\"@context\":\"https:\\\/\\\/schema.org\",\"@graph\":[{\"@type\":\"WebPage\",\"@id\":\"https:\\\/\\\/recambiosecogas.com\\\/pt-pt\\\/produto\\\/reductor-ac-r01-250e-ac-stag\\\/\",\"url\":\"https:\\\/\\\/recambiosecogas.com\\\/pt-pt\\\/produto\\\/reductor-ac-r01-250e-ac-stag\\\/\",\"name\":\"AC R01 250E AC STAG REDUTOR | Recambios EcoGas | Sistemas GLP y GNC\",\"isPartOf\":{\"@id\":\"https:\\\/\\\/recambiosecogas.com\\\/pt-pt\\\/#website\"},\"primaryImageOfPage\":{\"@id\":\"https:\\\/\\\/recambiosecogas.com\\\/pt-pt\\\/produto\\\/reductor-ac-r01-250e-ac-stag\\\/#primaryimage\"},\"image\":{\"@id\":\"https:\\\/\\\/recambiosecogas.com\\\/pt-pt\\\/produto\\\/reductor-ac-r01-250e-ac-stag\\\/#primaryimage\"},\"thumbnailUrl\":\"https:\\\/\\\/recambiosecogas.com\\\/wp-content\\\/uploads\\\/2024\\\/12\\\/REDUCTOR-AC-R01-250E-AC-STAG-png.webp\",\"datePublished\":\"2024-12-23T14:32:08+00:00\",\"dateModified\":\"2026-04-08T09:27:55+00:00\",\"description\":\"Melhore o desempenho do seu sistema de GPL com o redutor AC R01 250E da AC STAG. Compat\u00edvel com Dacia, Renault, Mercedes, Ford, Peugeot, Hyundai e mais.\",\"breadcrumb\":{\"@id\":\"https:\\\/\\\/recambiosecogas.com\\\/pt-pt\\\/produto\\\/reductor-ac-r01-250e-ac-stag\\\/#breadcrumb\"},\"inLanguage\":\"pt-PT\",\"potentialAction\":[{\"@type\":\"ReadAction\",\"target\":[\"https:\\\/\\\/recambiosecogas.com\\\/pt-pt\\\/produto\\\/reductor-ac-r01-250e-ac-stag\\\/\"]}]},{\"@type\":\"ImageObject\",\"inLanguage\":\"pt-PT\",\"@id\":\"https:\\\/\\\/recambiosecogas.com\\\/pt-pt\\\/produto\\\/reductor-ac-r01-250e-ac-stag\\\/#primaryimage\",\"url\":\"https:\\\/\\\/recambiosecogas.com\\\/wp-content\\\/uploads\\\/2024\\\/12\\\/REDUCTOR-AC-R01-250E-AC-STAG-png.webp\",\"contentUrl\":\"https:\\\/\\\/recambiosecogas.com\\\/wp-content\\\/uploads\\\/2024\\\/12\\\/REDUCTOR-AC-R01-250E-AC-STAG-png.webp\",\"width\":1000,\"height\":1000},{\"@type\":\"BreadcrumbList\",\"@id\":\"https:\\\/\\\/recambiosecogas.com\\\/pt-pt\\\/produto\\\/reductor-ac-r01-250e-ac-stag\\\/#breadcrumb\",\"itemListElement\":[{\"@type\":\"ListItem\",\"position\":1,\"name\":\"P\u00e1gina inicial\",\"item\":\"https:\\\/\\\/recambiosecogas.com\\\/pt-pt\\\/\"},{\"@type\":\"ListItem\",\"position\":2,\"name\":\"Loja\",\"item\":\"https:\\\/\\\/recambiosecogas.com\\\/pt-pt\\\/tienda\\\/\"},{\"@type\":\"ListItem\",\"position\":3,\"name\":\"AC R01 250E AC STAG REDUTOR\"}]},{\"@type\":\"WebSite\",\"@id\":\"https:\\\/\\\/recambiosecogas.com\\\/pt-pt\\\/#website\",\"url\":\"https:\\\/\\\/recambiosecogas.com\\\/pt-pt\\\/\",\"name\":\"Recambios EcoGas\",\"description\":\"Pe\u00e7as multimarca para sistemas de GPL\\\/GNC\\\/GNL\\\/Hidrog\u00e9nio\",\"publisher\":{\"@id\":\"https:\\\/\\\/recambiosecogas.com\\\/pt-pt\\\/#organization\"},\"alternateName\":\"Recambios Autogas GLP\",\"potentialAction\":[{\"@type\":\"SearchAction\",\"target\":{\"@type\":\"EntryPoint\",\"urlTemplate\":\"https:\\\/\\\/recambiosecogas.com\\\/pt-pt\\\/?s={search_term_string}\"},\"query-input\":{\"@type\":\"PropertyValueSpecification\",\"valueRequired\":true,\"valueName\":\"search_term_string\"}}],\"inLanguage\":\"pt-PT\"},{\"@type\":[\"Organization\",\"Place\"],\"@id\":\"https:\\\/\\\/recambiosecogas.com\\\/pt-pt\\\/#organization\",\"name\":\"Recambios EcoGas\",\"alternateName\":\"Loja de GPL Autog\u00e1s Espanha\",\"url\":\"https:\\\/\\\/recambiosecogas.com\\\/pt-pt\\\/\",\"logo\":{\"@id\":\"https:\\\/\\\/recambiosecogas.com\\\/pt-pt\\\/produto\\\/reductor-ac-r01-250e-ac-stag\\\/#local-main-organization-logo\"},\"image\":{\"@id\":\"https:\\\/\\\/recambiosecogas.com\\\/pt-pt\\\/produto\\\/reductor-ac-r01-250e-ac-stag\\\/#local-main-organization-logo\"},\"sameAs\":[\"https:\\\/\\\/www.facebook.com\\\/profile.php?id=100062419705358\",\"https:\\\/\\\/www.instagram.com\\\/segimon_automocio\"],\"description\":\"Recambios EcoGas \u2013 Venta y distribuci\u00f3n de sistemas GLP y GNC en Espa\u00f1a y Portugal. Env\u00edos 24 h, soporte t\u00e9cnico a talleres y distribuidores.\",\"hasMerchantReturnPolicy\":{\"@type\":\"MerchantReturnPolicy\",\"merchantReturnLink\":\"https:\\\/\\\/recambiosecogas.com\\\/politicas-privacidad\\\/\"},\"address\":{\"@id\":\"https:\\\/\\\/recambiosecogas.com\\\/pt-pt\\\/produto\\\/reductor-ac-r01-250e-ac-stag\\\/#local-main-place-address\"},\"telephone\":[\"616250633\"],\"contactPoint\":{\"@type\":\"ContactPoint\",\"email\":\"export@recambiosecogas.com\"},\"openingHoursSpecification\":[{\"@type\":\"OpeningHoursSpecification\",\"dayOfWeek\":[\"Monday\",\"Tuesday\",\"Wednesday\",\"Thursday\",\"Friday\",\"Saturday\",\"Sunday\"],\"opens\":\"09:00\",\"closes\":\"17:00\"}],\"email\":\"info@recambiosecogas.com\",\"faxNumber\":\"SEGIMON AUTOMOCION SL\",\"vatID\":\"ESB19819861\",\"globalLocationNumber\":\"938 616 339\"},{\"@type\":\"PostalAddress\",\"@id\":\"https:\\\/\\\/recambiosecogas.com\\\/pt-pt\\\/produto\\\/reductor-ac-r01-250e-ac-stag\\\/#local-main-place-address\",\"streetAddress\":\"cami antic de vic, 29 (Nave 3), Pol\u00edgono Industrial Congost\",\"addressLocality\":\"CORRO D`AVALL\",\"postalCode\":\"08520\",\"addressRegion\":\"Barcelona\",\"addressCountry\":\"ES\"},{\"@type\":\"ImageObject\",\"inLanguage\":\"pt-PT\",\"@id\":\"https:\\\/\\\/recambiosecogas.com\\\/pt-pt\\\/produto\\\/reductor-ac-r01-250e-ac-stag\\\/#local-main-organization-logo\",\"url\":\"https:\\\/\\\/recambiosecogas.com\\\/wp-content\\\/uploads\\\/2024\\\/11\\\/cropped-RECAMBIOS-GLP-png.webp\",\"contentUrl\":\"https:\\\/\\\/recambiosecogas.com\\\/wp-content\\\/uploads\\\/2024\\\/11\\\/cropped-RECAMBIOS-GLP-png.webp\",\"width\":512,\"height\":512,\"caption\":\"Recambios EcoGas\"}]}<\/script>\n<meta property=\"product:price:amount\" content=\"154.67\" \/>\n<meta property=\"product:price:currency\" content=\"EUR\" \/>\n<meta property=\"og:availability\" content=\"backorder\" \/>\n<meta property=\"product:availability\" content=\"available for order\" \/>\n<meta property=\"product:retailer_item_id\" content=\"3563\" \/>\n<meta property=\"product:condition\" content=\"new\" \/>\n<meta name=\"geo.placename\" content=\"CORRO D`AVALL\" \/>\n<meta name=\"geo.region\" content=\"Espanha\" \/>\n<!-- \/ Yoast SEO Premium plugin. -->","yoast_head_json":{"title":"AC R01 250E AC STAG REDUTOR | Recambios EcoGas | Sistemas GLP y GNC","description":"Melhore o desempenho do seu sistema de GPL com o redutor AC R01 250E da AC STAG. Compat\u00edvel com Dacia, Renault, Mercedes, Ford, Peugeot, Hyundai e mais.","robots":{"index":"index","follow":"follow","max-snippet":"max-snippet:-1","max-image-preview":"max-image-preview:large","max-video-preview":"max-video-preview:-1"},"canonical":"https:\/\/recambiosecogas.com\/pt-pt\/produto\/reductor-ac-r01-250e-ac-stag\/","og_locale":"pt_PT","og_type":"article","og_title":"AC R01 250E AC STAG REDUTOR","og_description":"Melhore o desempenho do seu sistema de GPL com o redutor AC R01 250E da AC STAG. Compat\u00edvel com Dacia, Renault, Mercedes, Ford, Peugeot, Hyundai e mais.","og_url":"https:\/\/recambiosecogas.com\/pt-pt\/produto\/reductor-ac-r01-250e-ac-stag\/","og_site_name":"Recambios EcoGas","article_publisher":"https:\/\/www.facebook.com\/profile.php?id=100062419705358","article_modified_time":"2026-04-08T09:27:55+00:00","og_image":[{"width":1000,"height":1000,"url":"https:\/\/recambiosecogas.com\/wp-content\/uploads\/2024\/12\/REDUCTOR-AC-R01-250E-AC-STAG-png.webp","type":"image\/png"}],"twitter_card":"summary_large_image","twitter_misc":{"pre\u00e7o":"154,67&nbsp;&euro; (IVA incl.: 187,15&nbsp;&euro;)","Disponibilidade":"Por encomenda"},"schema":{"@context":"https:\/\/schema.org","@graph":[{"@type":"WebPage","@id":"https:\/\/recambiosecogas.com\/pt-pt\/produto\/reductor-ac-r01-250e-ac-stag\/","url":"https:\/\/recambiosecogas.com\/pt-pt\/produto\/reductor-ac-r01-250e-ac-stag\/","name":"AC R01 250E AC STAG REDUTOR | Recambios EcoGas | Sistemas GLP y GNC","isPartOf":{"@id":"https:\/\/recambiosecogas.com\/pt-pt\/#website"},"primaryImageOfPage":{"@id":"https:\/\/recambiosecogas.com\/pt-pt\/produto\/reductor-ac-r01-250e-ac-stag\/#primaryimage"},"image":{"@id":"https:\/\/recambiosecogas.com\/pt-pt\/produto\/reductor-ac-r01-250e-ac-stag\/#primaryimage"},"thumbnailUrl":"https:\/\/recambiosecogas.com\/wp-content\/uploads\/2024\/12\/REDUCTOR-AC-R01-250E-AC-STAG-png.webp","datePublished":"2024-12-23T14:32:08+00:00","dateModified":"2026-04-08T09:27:55+00:00","description":"Melhore o desempenho do seu sistema de GPL com o redutor AC R01 250E da AC STAG. Compat\u00edvel com Dacia, Renault, Mercedes, Ford, Peugeot, Hyundai e mais.","breadcrumb":{"@id":"https:\/\/recambiosecogas.com\/pt-pt\/produto\/reductor-ac-r01-250e-ac-stag\/#breadcrumb"},"inLanguage":"pt-PT","potentialAction":[{"@type":"ReadAction","target":["https:\/\/recambiosecogas.com\/pt-pt\/produto\/reductor-ac-r01-250e-ac-stag\/"]}]},{"@type":"ImageObject","inLanguage":"pt-PT","@id":"https:\/\/recambiosecogas.com\/pt-pt\/produto\/reductor-ac-r01-250e-ac-stag\/#primaryimage","url":"https:\/\/recambiosecogas.com\/wp-content\/uploads\/2024\/12\/REDUCTOR-AC-R01-250E-AC-STAG-png.webp","contentUrl":"https:\/\/recambiosecogas.com\/wp-content\/uploads\/2024\/12\/REDUCTOR-AC-R01-250E-AC-STAG-png.webp","width":1000,"height":1000},{"@type":"BreadcrumbList","@id":"https:\/\/recambiosecogas.com\/pt-pt\/produto\/reductor-ac-r01-250e-ac-stag\/#breadcrumb","itemListElement":[{"@type":"ListItem","position":1,"name":"P\u00e1gina inicial","item":"https:\/\/recambiosecogas.com\/pt-pt\/"},{"@type":"ListItem","position":2,"name":"Loja","item":"https:\/\/recambiosecogas.com\/pt-pt\/tienda\/"},{"@type":"ListItem","position":3,"name":"AC R01 250E AC STAG REDUTOR"}]},{"@type":"WebSite","@id":"https:\/\/recambiosecogas.com\/pt-pt\/#website","url":"https:\/\/recambiosecogas.com\/pt-pt\/","name":"Recambios EcoGas","description":"Pe\u00e7as multimarca para sistemas de GPL\/GNC\/GNL\/Hidrog\u00e9nio","publisher":{"@id":"https:\/\/recambiosecogas.com\/pt-pt\/#organization"},"alternateName":"Recambios Autogas GLP","potentialAction":[{"@type":"SearchAction","target":{"@type":"EntryPoint","urlTemplate":"https:\/\/recambiosecogas.com\/pt-pt\/?s={search_term_string}"},"query-input":{"@type":"PropertyValueSpecification","valueRequired":true,"valueName":"search_term_string"}}],"inLanguage":"pt-PT"},{"@type":["Organization","Place"],"@id":"https:\/\/recambiosecogas.com\/pt-pt\/#organization","name":"Recambios EcoGas","alternateName":"Loja de GPL Autog\u00e1s Espanha","url":"https:\/\/recambiosecogas.com\/pt-pt\/","logo":{"@id":"https:\/\/recambiosecogas.com\/pt-pt\/produto\/reductor-ac-r01-250e-ac-stag\/#local-main-organization-logo"},"image":{"@id":"https:\/\/recambiosecogas.com\/pt-pt\/produto\/reductor-ac-r01-250e-ac-stag\/#local-main-organization-logo"},"sameAs":["https:\/\/www.facebook.com\/profile.php?id=100062419705358","https:\/\/www.instagram.com\/segimon_automocio"],"description":"Recambios EcoGas \u2013 Venta y distribuci\u00f3n de sistemas GLP y GNC en Espa\u00f1a y Portugal. Env\u00edos 24 h, soporte t\u00e9cnico a talleres y distribuidores.","hasMerchantReturnPolicy":{"@type":"MerchantReturnPolicy","merchantReturnLink":"https:\/\/recambiosecogas.com\/politicas-privacidad\/"},"address":{"@id":"https:\/\/recambiosecogas.com\/pt-pt\/produto\/reductor-ac-r01-250e-ac-stag\/#local-main-place-address"},"telephone":["616250633"],"contactPoint":{"@type":"ContactPoint","email":"export@recambiosecogas.com"},"openingHoursSpecification":[{"@type":"OpeningHoursSpecification","dayOfWeek":["Monday","Tuesday","Wednesday","Thursday","Friday","Saturday","Sunday"],"opens":"09:00","closes":"17:00"}],"email":"info@recambiosecogas.com","faxNumber":"SEGIMON AUTOMOCION SL","vatID":"ESB19819861","globalLocationNumber":"938 616 339"},{"@type":"PostalAddress","@id":"https:\/\/recambiosecogas.com\/pt-pt\/produto\/reductor-ac-r01-250e-ac-stag\/#local-main-place-address","streetAddress":"cami antic de vic, 29 (Nave 3), Pol\u00edgono Industrial Congost","addressLocality":"CORRO D`AVALL","postalCode":"08520","addressRegion":"Barcelona","addressCountry":"ES"},{"@type":"ImageObject","inLanguage":"pt-PT","@id":"https:\/\/recambiosecogas.com\/pt-pt\/produto\/reductor-ac-r01-250e-ac-stag\/#local-main-organization-logo","url":"https:\/\/recambiosecogas.com\/wp-content\/uploads\/2024\/11\/cropped-RECAMBIOS-GLP-png.webp","contentUrl":"https:\/\/recambiosecogas.com\/wp-content\/uploads\/2024\/11\/cropped-RECAMBIOS-GLP-png.webp","width":512,"height":512,"caption":"Recambios EcoGas"}]},"product_price_amount":"154.67","product_price_currency":"EUR","og_availability":"backorder","product_availability":"available for order","product_retailer_item_id":"3563","product_condition":"new","geo.placename":"CORRO D`AVALL","geo.region":"Espanha"},"uagb_featured_image_src":{"full":["https:\/\/recambiosecogas.com\/wp-content\/uploads\/2024\/12\/REDUCTOR-AC-R01-250E-AC-STAG-png.webp",1000,1000,false],"thumbnail":["https:\/\/recambiosecogas.com\/wp-content\/uploads\/2024\/12\/REDUCTOR-AC-R01-250E-AC-STAG-150x150.webp",150,150,true],"medium":["https:\/\/recambiosecogas.com\/wp-content\/uploads\/2024\/12\/REDUCTOR-AC-R01-250E-AC-STAG-300x300.webp",300,300,true],"medium_large":["https:\/\/recambiosecogas.com\/wp-content\/uploads\/2024\/12\/REDUCTOR-AC-R01-250E-AC-STAG-768x768.webp",768,768,true],"large":["https:\/\/recambiosecogas.com\/wp-content\/uploads\/2024\/12\/REDUCTOR-AC-R01-250E-AC-STAG-png.webp",1000,1000,false],"1536x1536":["https:\/\/recambiosecogas.com\/wp-content\/uploads\/2024\/12\/REDUCTOR-AC-R01-250E-AC-STAG-png.webp",1000,1000,false],"2048x2048":["https:\/\/recambiosecogas.com\/wp-content\/uploads\/2024\/12\/REDUCTOR-AC-R01-250E-AC-STAG-png.webp",1000,1000,false],"woocommerce_archive_thumbnail":["https:\/\/recambiosecogas.com\/wp-content\/uploads\/2024\/12\/REDUCTOR-AC-R01-250E-AC-STAG-png.webp",1000,1000,false],"woocommerce_thumbnail":["https:\/\/recambiosecogas.com\/wp-content\/uploads\/2024\/12\/REDUCTOR-AC-R01-250E-AC-STAG-300x300.webp",300,300,true],"woocommerce_single":["https:\/\/recambiosecogas.com\/wp-content\/uploads\/2024\/12\/REDUCTOR-AC-R01-250E-AC-STAG-png.webp",1000,1000,false],"woocommerce_gallery_thumbnail":["https:\/\/recambiosecogas.com\/wp-content\/uploads\/2024\/12\/REDUCTOR-AC-R01-250E-AC-STAG-png.webp",1000,1000,false],"dgwt-wcas-product-suggestion":["https:\/\/recambiosecogas.com\/wp-content\/uploads\/2024\/12\/REDUCTOR-AC-R01-250E-AC-STAG-64x64.webp",64,64,true]},"uagb_author_info":{"display_name":"Fran - Soporte T\u00e9cnico","author_link":"https:\/\/recambiosecogas.com\/pt-pt\/author\/"},"uagb_comment_info":0,"uagb_excerpt":"Otimize o seu sistema de GPL com o redutor AC R01 250E da AC STAG. Instala\u00e7\u00e3o f\u00e1cil e compat\u00edvel com v\u00e1rias marcas como Dacia, Renault, Mercedes, Ford, Peugeot, Hyundai. Obtenha-o hoje para uma opera\u00e7\u00e3o fi\u00e1vel!","_links":{"self":[{"href":"https:\/\/recambiosecogas.com\/pt-pt\/wp-json\/wp\/v2\/product\/40737","targetHints":{"allow":["GET"]}}],"collection":[{"href":"https:\/\/recambiosecogas.com\/pt-pt\/wp-json\/wp\/v2\/product"}],"about":[{"href":"https:\/\/recambiosecogas.com\/pt-pt\/wp-json\/wp\/v2\/types\/product"}],"replies":[{"embeddable":true,"href":"https:\/\/recambiosecogas.com\/pt-pt\/wp-json\/wp\/v2\/comments?post=40737"}],"wp:featuredmedia":[{"embeddable":true,"href":"https:\/\/recambiosecogas.com\/pt-pt\/wp-json\/wp\/v2\/media\/25963"}],"wp:attachment":[{"href":"https:\/\/recambiosecogas.com\/pt-pt\/wp-json\/wp\/v2\/media?parent=40737"}],"wp:term":[{"taxonomy":"product_brand","embeddable":true,"href":"https:\/\/recambiosecogas.com\/pt-pt\/wp-json\/wp\/v2\/product_brand?post=40737"},{"taxonomy":"product_cat","embeddable":true,"href":"https:\/\/recambiosecogas.com\/pt-pt\/wp-json\/wp\/v2\/product_cat?post=40737"},{"taxonomy":"product_tag","embeddable":true,"href":"https:\/\/recambiosecogas.com\/pt-pt\/wp-json\/wp\/v2\/product_tag?post=40737"}],"curies":[{"name":"wp","href":"https:\/\/api.w.org\/{rel}","templated":true}]}}