{"id":40727,"date":"2024-12-03T18:25:29","date_gmt":"2024-12-03T17:25:29","guid":{"rendered":"https:\/\/recambiosecogas.com\/producto\/redutor-de-gas-brc-genius-mb-800-1200-1500-mbar\/"},"modified":"2026-04-08T10:29:27","modified_gmt":"2026-04-08T09:29:27","slug":"reductores-brc-brc-genius-mb-reductor-de-gas-800-1200-1500-mbar","status":"publish","type":"product","link":"https:\/\/recambiosecogas.com\/pt-pt\/producto\/reductores-brc-brc-genius-mb-reductor-de-gas-800-1200-1500-mbar\/","title":{"rendered":"Redutor de g\u00e1s BRC Genius MB (800\/1200\/1500 mbar)"},"content":{"rendered":"<h3 style=\"text-align: center;\" data-start=\"182\" data-end=\"595\">Redutor de g\u00e1s BRC Genius MB (800\/1200\/1500 mbar)<\/h3>\n<p data-start=\"182\" data-end=\"595\">O <strong data-start=\"185\" data-end=\"218\">BRC Genius MB Gas Reducer<\/strong> \u00e9 um <strong data-start=\"233\" data-end=\"288\">dos reguladores de press\u00e3o mais utilizados no mercado<\/strong>, projetado para <strong data-start=\"304\" data-end=\"362\">sistemas de inje\u00e7\u00e3o sequencial BRC desde 2007<\/strong>. A sua principal fun\u00e7\u00e3o \u00e9 <strong data-start=\"388\" data-end=\"475\">converter g\u00e1s em fase l\u00edquida em gasoso e manter uma press\u00e3o de sa\u00edda est\u00e1vel<\/strong>, otimizando o desempenho do motor e garantindo <strong data-start=\"533\" data-end=\"592\">uma combust\u00e3o eficiente em ve\u00edculos convertidos para GPL\/GNC<\/strong>. <\/p>\n<p data-start=\"597\" data-end=\"900\">Esta caixa de velocidades est\u00e1 dispon\u00edvel em <strong data-start=\"630\" data-end=\"693\">vers\u00f5es de tr\u00eas sa\u00eddas de press\u00e3o (800, 1200 e 1500 mbar),<\/strong> o que permite adapt\u00e1-la a diferentes configura\u00e7\u00f5es do motor e necessidades de fornecimento de g\u00e1s. Al\u00e9m disso, disp\u00f5e <strong data-start=\"816\" data-end=\"851\">de sa\u00eddas de g\u00e1s em 10 mm e 12 mm<\/strong> para maior versatilidade na instala\u00e7\u00e3o. <\/p>\n<p data-start=\"902\" data-end=\"1015\">O <strong data-start=\"905\" data-end=\"922\">BRC Genius MB<\/strong> incorpora <strong data-start=\"933\" data-end=\"968\">dois tipos de liga\u00e7\u00f5es de \u00e1gua<\/strong> para o sistema de aquecimento da caixa de velocidades:<\/p>\n<ul data-start=\"1016\" data-end=\"1169\">\n<li data-start=\"1016\" data-end=\"1068\"><strong data-start=\"1018\" data-end=\"1032\">OT (lat\u00e3o):<\/strong> Maior resist\u00eancia e durabilidade.<\/li>\n<li data-start=\"1069\" data-end=\"1169\"><strong data-start=\"1071\" data-end=\"1088\">PL (pl\u00e1stico):<\/strong> Alternativa leve e funcional para diferentes configura\u00e7\u00f5es de instala\u00e7\u00e3o.<\/li>\n<\/ul>\n<p data-start=\"1171\" data-end=\"1360\">Aprovada ao abrigo da norma <strong data-start=\"1200\" data-end=\"1219\">E13 67R-01 0016<\/strong> , esta caixa de velocidades \u00e9 <strong data-start=\"1238\" data-end=\"1270\">uma op\u00e7\u00e3o fi\u00e1vel e duradoura<\/strong> para garantir uma convers\u00e3o eficiente para GLP\/GNC numa grande variedade de ve\u00edculos.<\/p>\n<h4 data-start=\"2058\" data-end=\"2082\"><strong data-start=\"2062\" data-end=\"2080\">Dados t\u00e9cnicos<\/strong><\/h4>\n<ul data-start=\"2083\" data-end=\"2652\">\n<li data-start=\"2083\" data-end=\"2112\"><strong data-start=\"2085\" data-end=\"2095\">Modelo<\/strong> : BRC Genius MB<\/li>\n<li data-start=\"2113\" data-end=\"2163\"><strong data-start=\"2115\" data-end=\"2123\">Tipo<\/strong> : Redutor de press\u00e3o para <strong data-start=\"2150\" data-end=\"2161\">GLP\/GNC<\/strong><\/li>\n<li data-start=\"2164\" data-end=\"2217\"><strong data-start=\"2166\" data-end=\"2187\">Press\u00e3o da sa\u00edda<\/strong> : <strong data-start=\"2189\" data-end=\"2215\">800 \/ 1200 \/ 1500 mbar<\/strong><\/li>\n<li data-start=\"2218\" data-end=\"2291\"><strong data-start=\"2220\" data-end=\"2238\">Compatibilidade<\/strong> : Sistemas de Inje\u00e7\u00e3o Sequencial BRC (desde 2007)<\/li>\n<li data-start=\"2292\" data-end=\"2333\"><strong data-start=\"2294\" data-end=\"2312\">Sa\u00eddas de g\u00e1s<\/strong> : <strong data-start=\"2314\" data-end=\"2331\">10 mm \/ 12 mm<\/strong><\/li>\n<li data-start=\"2334\" data-end=\"2418\"><strong data-start=\"2336\" data-end=\"2358\">Liga\u00e7\u00f5es \u00e0 \u00c1gua<\/strong> :\n<ul data-start=\"2364\" data-end=\"2418\">\n<li data-start=\"2364\" data-end=\"2388\"><strong data-start=\"2366\" data-end=\"2372\">OT<\/strong> : Lat\u00e3o 16 mm<\/li>\n<li data-start=\"2391\" data-end=\"2418\"><strong data-start=\"2393\" data-end=\"2399\">PL<\/strong> : Pl\u00e1stico, 16 mm<\/li>\n<\/ul>\n<\/li>\n<li data-start=\"2419\" data-end=\"2470\"><strong data-start=\"2421\" data-end=\"2447\">N\u00famero de aprova\u00e7\u00e3o<\/strong> : <strong data-start=\"2449\" data-end=\"2468\">E13 67R-01 0016<\/strong><\/li>\n<li data-start=\"2471\" data-end=\"2561\"><strong data-start=\"2473\" data-end=\"2487\">Aplica\u00e7\u00e3o<\/strong> : Convers\u00e3o de gasolina para GPL\/GNC em ve\u00edculos com inje\u00e7\u00e3o sequencial<\/li>\n<li data-start=\"2562\" data-end=\"2652\"><strong data-start=\"2564\" data-end=\"2583\">Utiliza\u00e7\u00e3o recomendada<\/strong> : Instala\u00e7\u00f5es e manuten\u00e7\u00e3o dos sistemas de inje\u00e7\u00e3o de g\u00e1s BRC<\/li>\n<\/ul>\n<p>ARRANJA MAIS <a href=\"https:\/\/recambiosecogas.com\/pt-pt\/categoria-produto\/reguladores-de-pressao\/redutor-glp\/\">CAIXAS DE VELOCIDADES<\/a> ,<a href=\"https:\/\/recambiosecogas.com\/pt-pt\/produto\/kit-de-reparacao-impco-para-redutor-de-gpl-modelo-l\/\"> KITS DE REPARA\u00c7\u00c3O, <\/a><a href=\"http:\/\/www.segimonautomocio.com\">CONVERTE PARA LPG<\/a><\/p>\n","protected":false},"excerpt":{"rendered":"<p>Redutor de g\u00e1s BRC Genius MB (800\/1200\/1500 mbar) O BRC Genius MB Gas Reducer \u00e9 um dos reguladores de press\u00e3o mais utilizados no mercado, projetado para sistemas de inje\u00e7\u00e3o sequencial BRC desde 2007. A sua principal fun\u00e7\u00e3o \u00e9 converter g\u00e1s em fase l\u00edquida em gasoso e manter uma press\u00e3o de sa\u00edda est\u00e1vel, otimizando o desempenho [&hellip;]<\/p>\n","protected":false},"featured_media":23587,"comment_status":"open","ping_status":"closed","template":"","meta":{"_uag_custom_page_level_css":""},"product_brand":[],"product_cat":[1094,1066,1065],"product_tag":[],"class_list":{"0":"post-40727","1":"product","2":"type-product","3":"status-publish","4":"has-post-thumbnail","6":"product_cat-brc-pt-pt","7":"product_cat-redutor-glp","8":"product_cat-reguladores-de-pressao","10":"first","11":"onbackorder","12":"taxable","13":"shipping-taxable","14":"purchasable","15":"product-type-variable"},"ct_brands":[],"yoast_head":"<!-- This site is optimized with the Yoast SEO Premium plugin v27.5 (Yoast SEO v27.6) - https:\/\/yoast.com\/product\/yoast-seo-premium-wordpress\/ -->\n<title>Redutor de g\u00e1s BRC Genius MB (800\/1200\/1500 mbar) | Recambios EcoGas | Sistemas GLP y GNC<\/title>\n<meta name=\"description\" content=\"O BRC Genius MB Gas Reducer oferece press\u00e3o de sa\u00edda ajust\u00e1vel (800\/1200\/1500 mbar), sa\u00eddas de g\u00e1s em 10\/12 mm e liga\u00e7\u00f5es de \u00e1gua em lat\u00e3o ou pl\u00e1stico.\" \/>\n<meta name=\"robots\" content=\"index, follow, max-snippet:-1, max-image-preview:large, max-video-preview:-1\" \/>\n<link rel=\"canonical\" href=\"https:\/\/recambiosecogas.com\/pt-pt\/producto\/reductores-brc-brc-genius-mb-reductor-de-gas-800-1200-1500-mbar\/\" \/>\n<meta property=\"og:locale\" content=\"pt_PT\" \/>\n<meta property=\"og:type\" content=\"article\" \/>\n<meta property=\"og:title\" content=\"Redutor de g\u00e1s BRC Genius MB (800\/1200\/1500 mbar)\" \/>\n<meta property=\"og:description\" content=\"O BRC Genius MB Gas Reducer oferece press\u00e3o de sa\u00edda ajust\u00e1vel (800\/1200\/1500 mbar), sa\u00eddas de g\u00e1s em 10\/12 mm e liga\u00e7\u00f5es de \u00e1gua em lat\u00e3o ou pl\u00e1stico.\" \/>\n<meta property=\"og:url\" content=\"https:\/\/recambiosecogas.com\/pt-pt\/producto\/reductores-brc-brc-genius-mb-reductor-de-gas-800-1200-1500-mbar\/\" \/>\n<meta property=\"og:site_name\" content=\"Recambios EcoGas\" \/>\n<meta property=\"article:publisher\" content=\"https:\/\/www.facebook.com\/profile.php?id=100062419705358\" \/>\n<meta property=\"article:modified_time\" content=\"2026-04-08T09:29:27+00:00\" \/>\n<meta property=\"og:image\" content=\"https:\/\/recambiosecogas.com\/wp-content\/uploads\/2024\/12\/BRC-Genius-MB-reductor-de-gas-800-1200-1500-mbar-png.webp\" \/>\n\t<meta property=\"og:image:width\" content=\"1000\" \/>\n\t<meta property=\"og:image:height\" content=\"1000\" \/>\n\t<meta property=\"og:image:type\" content=\"image\/png\" \/>\n<meta name=\"twitter:card\" content=\"summary_large_image\" \/>\n<meta name=\"twitter:label1\" content=\"Disponibilidade\" \/>\n\t<meta name=\"twitter:data1\" content=\"Por encomenda\" \/>\n<script type=\"application\/ld+json\" class=\"yoast-schema-graph\">{\"@context\":\"https:\\\/\\\/schema.org\",\"@graph\":[{\"@type\":\"WebPage\",\"@id\":\"https:\\\/\\\/recambiosecogas.com\\\/pt-pt\\\/producto\\\/reductores-brc-brc-genius-mb-reductor-de-gas-800-1200-1500-mbar\\\/\",\"url\":\"https:\\\/\\\/recambiosecogas.com\\\/pt-pt\\\/producto\\\/reductores-brc-brc-genius-mb-reductor-de-gas-800-1200-1500-mbar\\\/\",\"name\":\"Redutor de g\u00e1s BRC Genius MB (800\\\/1200\\\/1500 mbar) | Recambios EcoGas | Sistemas GLP y GNC\",\"isPartOf\":{\"@id\":\"https:\\\/\\\/recambiosecogas.com\\\/pt-pt\\\/#website\"},\"primaryImageOfPage\":{\"@id\":\"https:\\\/\\\/recambiosecogas.com\\\/pt-pt\\\/producto\\\/reductores-brc-brc-genius-mb-reductor-de-gas-800-1200-1500-mbar\\\/#primaryimage\"},\"image\":{\"@id\":\"https:\\\/\\\/recambiosecogas.com\\\/pt-pt\\\/producto\\\/reductores-brc-brc-genius-mb-reductor-de-gas-800-1200-1500-mbar\\\/#primaryimage\"},\"thumbnailUrl\":\"https:\\\/\\\/recambiosecogas.com\\\/wp-content\\\/uploads\\\/2024\\\/12\\\/BRC-Genius-MB-reductor-de-gas-800-1200-1500-mbar-png.webp\",\"datePublished\":\"2024-12-03T17:25:29+00:00\",\"dateModified\":\"2026-04-08T09:29:27+00:00\",\"description\":\"O BRC Genius MB Gas Reducer oferece press\u00e3o de sa\u00edda ajust\u00e1vel (800\\\/1200\\\/1500 mbar), sa\u00eddas de g\u00e1s em 10\\\/12 mm e liga\u00e7\u00f5es de \u00e1gua em lat\u00e3o ou pl\u00e1stico.\",\"breadcrumb\":{\"@id\":\"https:\\\/\\\/recambiosecogas.com\\\/pt-pt\\\/producto\\\/reductores-brc-brc-genius-mb-reductor-de-gas-800-1200-1500-mbar\\\/#breadcrumb\"},\"inLanguage\":\"pt-PT\",\"potentialAction\":[{\"@type\":\"ReadAction\",\"target\":[\"https:\\\/\\\/recambiosecogas.com\\\/pt-pt\\\/producto\\\/reductores-brc-brc-genius-mb-reductor-de-gas-800-1200-1500-mbar\\\/\"]}]},{\"@type\":\"ImageObject\",\"inLanguage\":\"pt-PT\",\"@id\":\"https:\\\/\\\/recambiosecogas.com\\\/pt-pt\\\/producto\\\/reductores-brc-brc-genius-mb-reductor-de-gas-800-1200-1500-mbar\\\/#primaryimage\",\"url\":\"https:\\\/\\\/recambiosecogas.com\\\/wp-content\\\/uploads\\\/2024\\\/12\\\/BRC-Genius-MB-reductor-de-gas-800-1200-1500-mbar-png.webp\",\"contentUrl\":\"https:\\\/\\\/recambiosecogas.com\\\/wp-content\\\/uploads\\\/2024\\\/12\\\/BRC-Genius-MB-reductor-de-gas-800-1200-1500-mbar-png.webp\",\"width\":1000,\"height\":1000},{\"@type\":\"BreadcrumbList\",\"@id\":\"https:\\\/\\\/recambiosecogas.com\\\/pt-pt\\\/producto\\\/reductores-brc-brc-genius-mb-reductor-de-gas-800-1200-1500-mbar\\\/#breadcrumb\",\"itemListElement\":[{\"@type\":\"ListItem\",\"position\":1,\"name\":\"P\u00e1gina inicial\",\"item\":\"https:\\\/\\\/recambiosecogas.com\\\/pt-pt\\\/\"},{\"@type\":\"ListItem\",\"position\":2,\"name\":\"Loja\",\"item\":\"https:\\\/\\\/recambiosecogas.com\\\/pt-pt\\\/tienda\\\/\"},{\"@type\":\"ListItem\",\"position\":3,\"name\":\"Redutor de g\u00e1s BRC Genius MB (800\\\/1200\\\/1500 mbar)\"}]},{\"@type\":\"WebSite\",\"@id\":\"https:\\\/\\\/recambiosecogas.com\\\/pt-pt\\\/#website\",\"url\":\"https:\\\/\\\/recambiosecogas.com\\\/pt-pt\\\/\",\"name\":\"Recambios EcoGas\",\"description\":\"Pe\u00e7as multimarca para sistemas de GPL\\\/GNC\\\/GNL\\\/Hidrog\u00e9nio\",\"publisher\":{\"@id\":\"https:\\\/\\\/recambiosecogas.com\\\/pt-pt\\\/#organization\"},\"alternateName\":\"Recambios Autogas GLP\",\"potentialAction\":[{\"@type\":\"SearchAction\",\"target\":{\"@type\":\"EntryPoint\",\"urlTemplate\":\"https:\\\/\\\/recambiosecogas.com\\\/pt-pt\\\/?s={search_term_string}\"},\"query-input\":{\"@type\":\"PropertyValueSpecification\",\"valueRequired\":true,\"valueName\":\"search_term_string\"}}],\"inLanguage\":\"pt-PT\"},{\"@type\":[\"Organization\",\"Place\"],\"@id\":\"https:\\\/\\\/recambiosecogas.com\\\/pt-pt\\\/#organization\",\"name\":\"Recambios EcoGas\",\"alternateName\":\"Loja de GPL Autog\u00e1s Espanha\",\"url\":\"https:\\\/\\\/recambiosecogas.com\\\/pt-pt\\\/\",\"logo\":{\"@id\":\"https:\\\/\\\/recambiosecogas.com\\\/pt-pt\\\/producto\\\/reductores-brc-brc-genius-mb-reductor-de-gas-800-1200-1500-mbar\\\/#local-main-organization-logo\"},\"image\":{\"@id\":\"https:\\\/\\\/recambiosecogas.com\\\/pt-pt\\\/producto\\\/reductores-brc-brc-genius-mb-reductor-de-gas-800-1200-1500-mbar\\\/#local-main-organization-logo\"},\"sameAs\":[\"https:\\\/\\\/www.facebook.com\\\/profile.php?id=100062419705358\",\"https:\\\/\\\/www.instagram.com\\\/segimon_automocio\"],\"description\":\"Recambios EcoGas \u2013 Venta y distribuci\u00f3n de sistemas GLP y GNC en Espa\u00f1a y Portugal. Env\u00edos 24 h, soporte t\u00e9cnico a talleres y distribuidores.\",\"hasMerchantReturnPolicy\":{\"@type\":\"MerchantReturnPolicy\",\"merchantReturnLink\":\"https:\\\/\\\/recambiosecogas.com\\\/politicas-privacidad\\\/\"},\"address\":{\"@id\":\"https:\\\/\\\/recambiosecogas.com\\\/pt-pt\\\/producto\\\/reductores-brc-brc-genius-mb-reductor-de-gas-800-1200-1500-mbar\\\/#local-main-place-address\"},\"telephone\":[\"616250633\"],\"contactPoint\":{\"@type\":\"ContactPoint\",\"email\":\"export@recambiosecogas.com\"},\"openingHoursSpecification\":[{\"@type\":\"OpeningHoursSpecification\",\"dayOfWeek\":[\"Monday\",\"Tuesday\",\"Wednesday\",\"Thursday\",\"Friday\",\"Saturday\",\"Sunday\"],\"opens\":\"09:00\",\"closes\":\"17:00\"}],\"email\":\"info@recambiosecogas.com\",\"faxNumber\":\"SEGIMON AUTOMOCION SL\",\"vatID\":\"ESB19819861\",\"globalLocationNumber\":\"938 616 339\"},{\"@type\":\"PostalAddress\",\"@id\":\"https:\\\/\\\/recambiosecogas.com\\\/pt-pt\\\/producto\\\/reductores-brc-brc-genius-mb-reductor-de-gas-800-1200-1500-mbar\\\/#local-main-place-address\",\"streetAddress\":\"cami antic de vic, 29 (Nave 3), Pol\u00edgono Industrial Congost\",\"addressLocality\":\"CORRO D`AVALL\",\"postalCode\":\"08520\",\"addressRegion\":\"Barcelona\",\"addressCountry\":\"ES\"},{\"@type\":\"ImageObject\",\"inLanguage\":\"pt-PT\",\"@id\":\"https:\\\/\\\/recambiosecogas.com\\\/pt-pt\\\/producto\\\/reductores-brc-brc-genius-mb-reductor-de-gas-800-1200-1500-mbar\\\/#local-main-organization-logo\",\"url\":\"https:\\\/\\\/recambiosecogas.com\\\/wp-content\\\/uploads\\\/2024\\\/11\\\/cropped-RECAMBIOS-GLP-png.webp\",\"contentUrl\":\"https:\\\/\\\/recambiosecogas.com\\\/wp-content\\\/uploads\\\/2024\\\/11\\\/cropped-RECAMBIOS-GLP-png.webp\",\"width\":512,\"height\":512,\"caption\":\"Recambios EcoGas\"}]}<\/script>\n<meta property=\"og:availability\" content=\"backorder\" \/>\n<meta property=\"product:availability\" content=\"available for order\" \/>\n<meta property=\"product:retailer_item_id\" content=\"110130\" \/>\n<meta property=\"product:condition\" content=\"new\" \/>\n<meta name=\"geo.placename\" content=\"CORRO D`AVALL\" \/>\n<meta name=\"geo.region\" content=\"Espanha\" \/>\n<!-- \/ Yoast SEO Premium plugin. -->","yoast_head_json":{"title":"Redutor de g\u00e1s BRC Genius MB (800\/1200\/1500 mbar) | Recambios EcoGas | Sistemas GLP y GNC","description":"O BRC Genius MB Gas Reducer oferece press\u00e3o de sa\u00edda ajust\u00e1vel (800\/1200\/1500 mbar), sa\u00eddas de g\u00e1s em 10\/12 mm e liga\u00e7\u00f5es de \u00e1gua em lat\u00e3o ou pl\u00e1stico.","robots":{"index":"index","follow":"follow","max-snippet":"max-snippet:-1","max-image-preview":"max-image-preview:large","max-video-preview":"max-video-preview:-1"},"canonical":"https:\/\/recambiosecogas.com\/pt-pt\/producto\/reductores-brc-brc-genius-mb-reductor-de-gas-800-1200-1500-mbar\/","og_locale":"pt_PT","og_type":"article","og_title":"Redutor de g\u00e1s BRC Genius MB (800\/1200\/1500 mbar)","og_description":"O BRC Genius MB Gas Reducer oferece press\u00e3o de sa\u00edda ajust\u00e1vel (800\/1200\/1500 mbar), sa\u00eddas de g\u00e1s em 10\/12 mm e liga\u00e7\u00f5es de \u00e1gua em lat\u00e3o ou pl\u00e1stico.","og_url":"https:\/\/recambiosecogas.com\/pt-pt\/producto\/reductores-brc-brc-genius-mb-reductor-de-gas-800-1200-1500-mbar\/","og_site_name":"Recambios EcoGas","article_publisher":"https:\/\/www.facebook.com\/profile.php?id=100062419705358","article_modified_time":"2026-04-08T09:29:27+00:00","og_image":[{"width":1000,"height":1000,"url":"https:\/\/recambiosecogas.com\/wp-content\/uploads\/2024\/12\/BRC-Genius-MB-reductor-de-gas-800-1200-1500-mbar-png.webp","type":"image\/png"}],"twitter_card":"summary_large_image","twitter_misc":{"Disponibilidade":"Por encomenda"},"schema":{"@context":"https:\/\/schema.org","@graph":[{"@type":"WebPage","@id":"https:\/\/recambiosecogas.com\/pt-pt\/producto\/reductores-brc-brc-genius-mb-reductor-de-gas-800-1200-1500-mbar\/","url":"https:\/\/recambiosecogas.com\/pt-pt\/producto\/reductores-brc-brc-genius-mb-reductor-de-gas-800-1200-1500-mbar\/","name":"Redutor de g\u00e1s BRC Genius MB (800\/1200\/1500 mbar) | Recambios EcoGas | Sistemas GLP y GNC","isPartOf":{"@id":"https:\/\/recambiosecogas.com\/pt-pt\/#website"},"primaryImageOfPage":{"@id":"https:\/\/recambiosecogas.com\/pt-pt\/producto\/reductores-brc-brc-genius-mb-reductor-de-gas-800-1200-1500-mbar\/#primaryimage"},"image":{"@id":"https:\/\/recambiosecogas.com\/pt-pt\/producto\/reductores-brc-brc-genius-mb-reductor-de-gas-800-1200-1500-mbar\/#primaryimage"},"thumbnailUrl":"https:\/\/recambiosecogas.com\/wp-content\/uploads\/2024\/12\/BRC-Genius-MB-reductor-de-gas-800-1200-1500-mbar-png.webp","datePublished":"2024-12-03T17:25:29+00:00","dateModified":"2026-04-08T09:29:27+00:00","description":"O BRC Genius MB Gas Reducer oferece press\u00e3o de sa\u00edda ajust\u00e1vel (800\/1200\/1500 mbar), sa\u00eddas de g\u00e1s em 10\/12 mm e liga\u00e7\u00f5es de \u00e1gua em lat\u00e3o ou pl\u00e1stico.","breadcrumb":{"@id":"https:\/\/recambiosecogas.com\/pt-pt\/producto\/reductores-brc-brc-genius-mb-reductor-de-gas-800-1200-1500-mbar\/#breadcrumb"},"inLanguage":"pt-PT","potentialAction":[{"@type":"ReadAction","target":["https:\/\/recambiosecogas.com\/pt-pt\/producto\/reductores-brc-brc-genius-mb-reductor-de-gas-800-1200-1500-mbar\/"]}]},{"@type":"ImageObject","inLanguage":"pt-PT","@id":"https:\/\/recambiosecogas.com\/pt-pt\/producto\/reductores-brc-brc-genius-mb-reductor-de-gas-800-1200-1500-mbar\/#primaryimage","url":"https:\/\/recambiosecogas.com\/wp-content\/uploads\/2024\/12\/BRC-Genius-MB-reductor-de-gas-800-1200-1500-mbar-png.webp","contentUrl":"https:\/\/recambiosecogas.com\/wp-content\/uploads\/2024\/12\/BRC-Genius-MB-reductor-de-gas-800-1200-1500-mbar-png.webp","width":1000,"height":1000},{"@type":"BreadcrumbList","@id":"https:\/\/recambiosecogas.com\/pt-pt\/producto\/reductores-brc-brc-genius-mb-reductor-de-gas-800-1200-1500-mbar\/#breadcrumb","itemListElement":[{"@type":"ListItem","position":1,"name":"P\u00e1gina inicial","item":"https:\/\/recambiosecogas.com\/pt-pt\/"},{"@type":"ListItem","position":2,"name":"Loja","item":"https:\/\/recambiosecogas.com\/pt-pt\/tienda\/"},{"@type":"ListItem","position":3,"name":"Redutor de g\u00e1s BRC Genius MB (800\/1200\/1500 mbar)"}]},{"@type":"WebSite","@id":"https:\/\/recambiosecogas.com\/pt-pt\/#website","url":"https:\/\/recambiosecogas.com\/pt-pt\/","name":"Recambios EcoGas","description":"Pe\u00e7as multimarca para sistemas de GPL\/GNC\/GNL\/Hidrog\u00e9nio","publisher":{"@id":"https:\/\/recambiosecogas.com\/pt-pt\/#organization"},"alternateName":"Recambios Autogas GLP","potentialAction":[{"@type":"SearchAction","target":{"@type":"EntryPoint","urlTemplate":"https:\/\/recambiosecogas.com\/pt-pt\/?s={search_term_string}"},"query-input":{"@type":"PropertyValueSpecification","valueRequired":true,"valueName":"search_term_string"}}],"inLanguage":"pt-PT"},{"@type":["Organization","Place"],"@id":"https:\/\/recambiosecogas.com\/pt-pt\/#organization","name":"Recambios EcoGas","alternateName":"Loja de GPL Autog\u00e1s Espanha","url":"https:\/\/recambiosecogas.com\/pt-pt\/","logo":{"@id":"https:\/\/recambiosecogas.com\/pt-pt\/producto\/reductores-brc-brc-genius-mb-reductor-de-gas-800-1200-1500-mbar\/#local-main-organization-logo"},"image":{"@id":"https:\/\/recambiosecogas.com\/pt-pt\/producto\/reductores-brc-brc-genius-mb-reductor-de-gas-800-1200-1500-mbar\/#local-main-organization-logo"},"sameAs":["https:\/\/www.facebook.com\/profile.php?id=100062419705358","https:\/\/www.instagram.com\/segimon_automocio"],"description":"Recambios EcoGas \u2013 Venta y distribuci\u00f3n de sistemas GLP y GNC en Espa\u00f1a y Portugal. Env\u00edos 24 h, soporte t\u00e9cnico a talleres y distribuidores.","hasMerchantReturnPolicy":{"@type":"MerchantReturnPolicy","merchantReturnLink":"https:\/\/recambiosecogas.com\/politicas-privacidad\/"},"address":{"@id":"https:\/\/recambiosecogas.com\/pt-pt\/producto\/reductores-brc-brc-genius-mb-reductor-de-gas-800-1200-1500-mbar\/#local-main-place-address"},"telephone":["616250633"],"contactPoint":{"@type":"ContactPoint","email":"export@recambiosecogas.com"},"openingHoursSpecification":[{"@type":"OpeningHoursSpecification","dayOfWeek":["Monday","Tuesday","Wednesday","Thursday","Friday","Saturday","Sunday"],"opens":"09:00","closes":"17:00"}],"email":"info@recambiosecogas.com","faxNumber":"SEGIMON AUTOMOCION SL","vatID":"ESB19819861","globalLocationNumber":"938 616 339"},{"@type":"PostalAddress","@id":"https:\/\/recambiosecogas.com\/pt-pt\/producto\/reductores-brc-brc-genius-mb-reductor-de-gas-800-1200-1500-mbar\/#local-main-place-address","streetAddress":"cami antic de vic, 29 (Nave 3), Pol\u00edgono Industrial Congost","addressLocality":"CORRO D`AVALL","postalCode":"08520","addressRegion":"Barcelona","addressCountry":"ES"},{"@type":"ImageObject","inLanguage":"pt-PT","@id":"https:\/\/recambiosecogas.com\/pt-pt\/producto\/reductores-brc-brc-genius-mb-reductor-de-gas-800-1200-1500-mbar\/#local-main-organization-logo","url":"https:\/\/recambiosecogas.com\/wp-content\/uploads\/2024\/11\/cropped-RECAMBIOS-GLP-png.webp","contentUrl":"https:\/\/recambiosecogas.com\/wp-content\/uploads\/2024\/11\/cropped-RECAMBIOS-GLP-png.webp","width":512,"height":512,"caption":"Recambios EcoGas"}]},"og_availability":"backorder","product_availability":"available for order","product_retailer_item_id":"110130","product_condition":"new","geo.placename":"CORRO D`AVALL","geo.region":"Espanha"},"uagb_featured_image_src":{"full":["https:\/\/recambiosecogas.com\/wp-content\/uploads\/2024\/12\/BRC-Genius-MB-reductor-de-gas-800-1200-1500-mbar-png.webp",1000,1000,false],"thumbnail":["https:\/\/recambiosecogas.com\/wp-content\/uploads\/2024\/12\/BRC-Genius-MB-reductor-de-gas-800-1200-1500-mbar-150x150.webp",150,150,true],"medium":["https:\/\/recambiosecogas.com\/wp-content\/uploads\/2024\/12\/BRC-Genius-MB-reductor-de-gas-800-1200-1500-mbar-300x300.webp",300,300,true],"medium_large":["https:\/\/recambiosecogas.com\/wp-content\/uploads\/2024\/12\/BRC-Genius-MB-reductor-de-gas-800-1200-1500-mbar-768x768.webp",768,768,true],"large":["https:\/\/recambiosecogas.com\/wp-content\/uploads\/2024\/12\/BRC-Genius-MB-reductor-de-gas-800-1200-1500-mbar-png.webp",1000,1000,false],"1536x1536":["https:\/\/recambiosecogas.com\/wp-content\/uploads\/2024\/12\/BRC-Genius-MB-reductor-de-gas-800-1200-1500-mbar-png.webp",1000,1000,false],"2048x2048":["https:\/\/recambiosecogas.com\/wp-content\/uploads\/2024\/12\/BRC-Genius-MB-reductor-de-gas-800-1200-1500-mbar-png.webp",1000,1000,false],"woocommerce_archive_thumbnail":["https:\/\/recambiosecogas.com\/wp-content\/uploads\/2024\/12\/BRC-Genius-MB-reductor-de-gas-800-1200-1500-mbar-png.webp",1000,1000,false],"woocommerce_thumbnail":["https:\/\/recambiosecogas.com\/wp-content\/uploads\/2024\/12\/BRC-Genius-MB-reductor-de-gas-800-1200-1500-mbar-png-300x300.webp",300,300,true],"woocommerce_single":["https:\/\/recambiosecogas.com\/wp-content\/uploads\/2024\/12\/BRC-Genius-MB-reductor-de-gas-800-1200-1500-mbar-png.webp",1000,1000,false],"woocommerce_gallery_thumbnail":["https:\/\/recambiosecogas.com\/wp-content\/uploads\/2024\/12\/BRC-Genius-MB-reductor-de-gas-800-1200-1500-mbar-png.webp",1000,1000,false],"dgwt-wcas-product-suggestion":["https:\/\/recambiosecogas.com\/wp-content\/uploads\/2024\/12\/BRC-Genius-MB-reductor-de-gas-800-1200-1500-mbar-png-64x64.webp",64,64,true]},"uagb_author_info":{"display_name":"Fran - Soporte T\u00e9cnico","author_link":"https:\/\/recambiosecogas.com\/pt-pt\/author\/"},"uagb_comment_info":0,"uagb_excerpt":"Redutor de g\u00e1s BRC Genius MB (800\/1200\/1500 mbar) O BRC Genius MB Gas Reducer \u00e9 um dos reguladores de press\u00e3o mais utilizados no mercado, projetado para sistemas de inje\u00e7\u00e3o sequencial BRC desde 2007. A sua principal fun\u00e7\u00e3o \u00e9 converter g\u00e1s em fase l\u00edquida em gasoso e manter uma press\u00e3o de sa\u00edda est\u00e1vel, otimizando o desempenho&hellip;","_links":{"self":[{"href":"https:\/\/recambiosecogas.com\/pt-pt\/wp-json\/wp\/v2\/product\/40727","targetHints":{"allow":["GET"]}}],"collection":[{"href":"https:\/\/recambiosecogas.com\/pt-pt\/wp-json\/wp\/v2\/product"}],"about":[{"href":"https:\/\/recambiosecogas.com\/pt-pt\/wp-json\/wp\/v2\/types\/product"}],"replies":[{"embeddable":true,"href":"https:\/\/recambiosecogas.com\/pt-pt\/wp-json\/wp\/v2\/comments?post=40727"}],"wp:featuredmedia":[{"embeddable":true,"href":"https:\/\/recambiosecogas.com\/pt-pt\/wp-json\/wp\/v2\/media\/23587"}],"wp:attachment":[{"href":"https:\/\/recambiosecogas.com\/pt-pt\/wp-json\/wp\/v2\/media?parent=40727"}],"wp:term":[{"taxonomy":"product_brand","embeddable":true,"href":"https:\/\/recambiosecogas.com\/pt-pt\/wp-json\/wp\/v2\/product_brand?post=40727"},{"taxonomy":"product_cat","embeddable":true,"href":"https:\/\/recambiosecogas.com\/pt-pt\/wp-json\/wp\/v2\/product_cat?post=40727"},{"taxonomy":"product_tag","embeddable":true,"href":"https:\/\/recambiosecogas.com\/pt-pt\/wp-json\/wp\/v2\/product_tag?post=40727"}],"curies":[{"name":"wp","href":"https:\/\/api.w.org\/{rel}","templated":true}]}}