{"id":36507,"date":"2024-12-19T17:38:30","date_gmt":"2024-12-19T16:38:30","guid":{"rendered":"https:\/\/recambiosecogas.com\/producto\/prins-vsi-keihin-conjunto-de-filtros-de-2-saidas-16x12x12\/"},"modified":"2025-07-09T16:36:05","modified_gmt":"2025-07-09T15:36:05","slug":"prins-vsi-keihin-conjunto-de-filtros-de-2-saidas-16x12x12","status":"publish","type":"product","link":"https:\/\/recambiosecogas.com\/pt-pt\/produto\/prins-vsi-keihin-conjunto-de-filtros-de-2-saidas-16x12x12\/","title":{"rendered":"Prins VSI Keihin conjunto de filtros de 2 sa\u00eddas (16x12x12)"},"content":{"rendered":"<h3>Prins VSI Keihin conjunto de filtros de 2 sa\u00eddas (16x12x12)<\/h3>\n<p><strong>Prins VSI Keihin 2-out Filtro set (16x12x12)<\/strong> \u00e9 um conjunto original projetado especificamente para ve\u00edculos equipados com sistemas <strong>Prins VSI I e II<\/strong> com dois injetores em motores de <strong>4 a 10 cilindros<\/strong>. Este kit garante o funcionamento ideal do sistema de g\u00e1s <strong>GLP<\/strong> (G\u00e1s de Petr\u00f3leo Liquefeito), oferecendo filtragem eficiente nas fases vapor e l\u00edquido, o que prolonga a vida \u00fatil dos principais componentes e melhora a efici\u00eancia geral do sistema. <\/p>\n<p>O conjunto inclui um <strong>filtro de fase de vapor Prins VSI Keihin original<\/strong>, um <strong>filtro de fase l\u00edquida<\/strong>, veda\u00e7\u00f5es e grampos de fixa\u00e7\u00e3o, fornecendo tudo o que \u00e9 necess\u00e1rio para a manuten\u00e7\u00e3o completa do sistema. Os filtros s\u00e3o projetados para capturar part\u00edculas e contaminantes, protegendo os injetores e outros componentes do sistema de inje\u00e7\u00e3o de g\u00e1s, garantindo um desempenho limpo e eficiente. <\/p>\n<p>Este kit \u00e9 imprescind\u00edvel para a manuten\u00e7\u00e3o peri\u00f3dica dos sistemas Prins VSI, garantindo que o g\u00e1s fornecido ao motor esteja livre de impurezas e que o sistema funcione de forma eficiente e segura.<\/p>\n<p><strong>Caracter\u00edsticas e benef\u00edcios:<\/strong><\/p>\n<ul>\n<li><strong>Campo de aplica\u00e7\u00e3o:<\/strong> Compat\u00edvel com sistemas Prins VSI I e II com dois injetores em motores de <strong>4-10 cilindros<\/strong>.<\/li>\n<li>Inclui <strong>filtro de fase de vapor<\/strong> e <strong>filtro de fase l\u00edquida<\/strong> para prote\u00e7\u00e3o completa do sistema.<\/li>\n<li><strong>Juntas e grampos de fixa\u00e7\u00e3o:<\/strong> Eles garantem veda\u00e7\u00e3o e instala\u00e7\u00e3o seguras.<\/li>\n<li>Filtra\u00e7\u00e3o eficiente que prolonga a vida \u00fatil dos injetores e outros componentes essenciais.<\/li>\n<li>Feito com materiais de alta qualidade, garantindo durabilidade e desempenho confi\u00e1vel.<\/li>\n<li>F\u00e1cil de instalar, ideal para manuten\u00e7\u00e3o peri\u00f3dica de sistemas GPL.<\/li>\n<\/ul>\n<p><strong>\u00c2mbito de fornecimento:<\/strong><\/p>\n<ul>\n<li>Filtro de fase de vapor Prins VSI Keihin original.<\/li>\n<li>Filtro de fase l\u00edquida.<\/li>\n<li>Juntos.<\/li>\n<li>Grampos de fixa\u00e7\u00e3o.<\/li>\n<\/ul>\n<p><strong>Aplica\u00e7\u00f5es:<\/strong> Compat\u00edvel com ve\u00edculos equipados com sistemas Prins VSI I e II.<\/p>\n<p><a href=\"https:\/\/recambiosecogas.com\/categoria-produto\/filtros-gpl-lpg\/?lang=pt-pt\">Mais filtros aqui<\/a><\/p>\n","protected":false},"excerpt":{"rendered":"<p>Prins VSI Keihin conjunto de filtros de 2 sa\u00eddas (16x12x12) Prins VSI Keihin 2-out Filtro set (16x12x12) \u00e9 um conjunto original projetado especificamente para ve\u00edculos equipados com sistemas Prins VSI I e II com dois injetores em motores de 4 a 10 cilindros. Este kit garante o funcionamento ideal do sistema de g\u00e1s GLP (G\u00e1s [&hellip;]<\/p>\n","protected":false},"featured_media":26980,"comment_status":"open","ping_status":"closed","template":"","meta":{"googlesitekit_rrm_CAowud7EDA:productID":"","_uag_custom_page_level_css":""},"product_brand":[1004,1003],"product_cat":[1571,1567,1765],"product_tag":[],"class_list":{"0":"post-36507","1":"product","2":"type-product","3":"status-publish","4":"has-post-thumbnail","6":"product_brand-keihin","7":"product_brand-prins","8":"product_cat-fase-gasosa-pt-pt-2","9":"product_cat-filtros-gpl-lpg","10":"product_cat-prins-pt-pt","12":"first","13":"onbackorder","14":"taxable","15":"shipping-taxable","16":"purchasable","17":"product-type-variable"},"ct_brands":[{"id":1004,"name":"KEIHIN","slug":"keihin"},{"id":1003,"name":"PRINS","slug":"prins"}],"yoast_head":"<!-- This site is optimized with the Yoast SEO Premium plugin v27.3 (Yoast SEO v27.3) - https:\/\/yoast.com\/product\/yoast-seo-premium-wordpress\/ -->\n<title>Prins VSI Keihin conjunto de filtros de 2 sa\u00eddas (16x12x12) | Recambios EcoGas | Sistemas GLP y GNC<\/title>\n<meta name=\"description\" content=\"Prins VSI Keihin Filtro 16x12x12. Inclui filtros de vapor e fase l\u00edquida, juntas e grampos. Compat\u00edvel com sistemas Prins VSI I e II (4-10 cilindros).\" \/>\n<meta name=\"robots\" content=\"index, follow, max-snippet:-1, max-image-preview:large, max-video-preview:-1\" \/>\n<link rel=\"canonical\" href=\"https:\/\/recambiosecogas.com\/pt-pt\/produto\/prins-vsi-keihin-conjunto-de-filtros-de-2-saidas-16x12x12\/\" \/>\n<meta property=\"og:locale\" content=\"pt_PT\" \/>\n<meta property=\"og:type\" content=\"article\" \/>\n<meta property=\"og:title\" content=\"Prins VSI Keihin conjunto de filtros de 2 sa\u00eddas (16x12x12)\" \/>\n<meta property=\"og:description\" content=\"Prins VSI Keihin Filtro 16x12x12. Inclui filtros de vapor e fase l\u00edquida, juntas e grampos. Compat\u00edvel com sistemas Prins VSI I e II (4-10 cilindros).\" \/>\n<meta property=\"og:url\" content=\"https:\/\/recambiosecogas.com\/pt-pt\/produto\/prins-vsi-keihin-conjunto-de-filtros-de-2-saidas-16x12x12\/\" \/>\n<meta property=\"og:site_name\" content=\"Recambios EcoGas\" \/>\n<meta property=\"article:publisher\" content=\"https:\/\/www.facebook.com\/profile.php?id=100062419705358\" \/>\n<meta property=\"article:modified_time\" content=\"2025-07-09T15:36:05+00:00\" \/>\n<meta property=\"og:image\" content=\"https:\/\/recambiosecogas.com\/wp-content\/uploads\/2024\/12\/Prins-VSI-Keihin-set-de-filtro-de-2-salidas-16x12x12-png.webp\" \/>\n\t<meta property=\"og:image:width\" content=\"1000\" \/>\n\t<meta property=\"og:image:height\" content=\"1000\" \/>\n\t<meta property=\"og:image:type\" content=\"image\/png\" \/>\n<meta name=\"twitter:card\" content=\"summary_large_image\" \/>\n<meta name=\"twitter:label1\" content=\"Disponibilidade\" \/>\n\t<meta name=\"twitter:data1\" content=\"Por encomenda\" \/>\n<script type=\"application\/ld+json\" class=\"yoast-schema-graph\">{\"@context\":\"https:\\\/\\\/schema.org\",\"@graph\":[{\"@type\":\"WebPage\",\"@id\":\"https:\\\/\\\/recambiosecogas.com\\\/pt-pt\\\/produto\\\/prins-vsi-keihin-conjunto-de-filtros-de-2-saidas-16x12x12\\\/\",\"url\":\"https:\\\/\\\/recambiosecogas.com\\\/pt-pt\\\/produto\\\/prins-vsi-keihin-conjunto-de-filtros-de-2-saidas-16x12x12\\\/\",\"name\":\"Prins VSI Keihin conjunto de filtros de 2 sa\u00eddas (16x12x12) | Recambios EcoGas | Sistemas GLP y GNC\",\"isPartOf\":{\"@id\":\"https:\\\/\\\/recambiosecogas.com\\\/pt-pt\\\/#website\"},\"primaryImageOfPage\":{\"@id\":\"https:\\\/\\\/recambiosecogas.com\\\/pt-pt\\\/produto\\\/prins-vsi-keihin-conjunto-de-filtros-de-2-saidas-16x12x12\\\/#primaryimage\"},\"image\":{\"@id\":\"https:\\\/\\\/recambiosecogas.com\\\/pt-pt\\\/produto\\\/prins-vsi-keihin-conjunto-de-filtros-de-2-saidas-16x12x12\\\/#primaryimage\"},\"thumbnailUrl\":\"https:\\\/\\\/recambiosecogas.com\\\/wp-content\\\/uploads\\\/2024\\\/12\\\/Prins-VSI-Keihin-set-de-filtro-de-2-salidas-16x12x12-png.webp\",\"datePublished\":\"2024-12-19T16:38:30+00:00\",\"dateModified\":\"2025-07-09T15:36:05+00:00\",\"description\":\"Prins VSI Keihin Filtro 16x12x12. Inclui filtros de vapor e fase l\u00edquida, juntas e grampos. Compat\u00edvel com sistemas Prins VSI I e II (4-10 cilindros).\",\"breadcrumb\":{\"@id\":\"https:\\\/\\\/recambiosecogas.com\\\/pt-pt\\\/produto\\\/prins-vsi-keihin-conjunto-de-filtros-de-2-saidas-16x12x12\\\/#breadcrumb\"},\"inLanguage\":\"pt-PT\",\"potentialAction\":[{\"@type\":\"ReadAction\",\"target\":[\"https:\\\/\\\/recambiosecogas.com\\\/pt-pt\\\/produto\\\/prins-vsi-keihin-conjunto-de-filtros-de-2-saidas-16x12x12\\\/\"]}]},{\"@type\":\"ImageObject\",\"inLanguage\":\"pt-PT\",\"@id\":\"https:\\\/\\\/recambiosecogas.com\\\/pt-pt\\\/produto\\\/prins-vsi-keihin-conjunto-de-filtros-de-2-saidas-16x12x12\\\/#primaryimage\",\"url\":\"https:\\\/\\\/recambiosecogas.com\\\/wp-content\\\/uploads\\\/2024\\\/12\\\/Prins-VSI-Keihin-set-de-filtro-de-2-salidas-16x12x12-png.webp\",\"contentUrl\":\"https:\\\/\\\/recambiosecogas.com\\\/wp-content\\\/uploads\\\/2024\\\/12\\\/Prins-VSI-Keihin-set-de-filtro-de-2-salidas-16x12x12-png.webp\",\"width\":1000,\"height\":1000},{\"@type\":\"BreadcrumbList\",\"@id\":\"https:\\\/\\\/recambiosecogas.com\\\/pt-pt\\\/produto\\\/prins-vsi-keihin-conjunto-de-filtros-de-2-saidas-16x12x12\\\/#breadcrumb\",\"itemListElement\":[{\"@type\":\"ListItem\",\"position\":1,\"name\":\"P\u00e1gina inicial\",\"item\":\"https:\\\/\\\/recambiosecogas.com\\\/pt-pt\\\/\"},{\"@type\":\"ListItem\",\"position\":2,\"name\":\"Loja\",\"item\":\"https:\\\/\\\/recambiosecogas.com\\\/pt-pt\\\/tienda\\\/\"},{\"@type\":\"ListItem\",\"position\":3,\"name\":\"Prins VSI Keihin conjunto de filtros de 2 sa\u00eddas (16x12x12)\"}]},{\"@type\":\"WebSite\",\"@id\":\"https:\\\/\\\/recambiosecogas.com\\\/pt-pt\\\/#website\",\"url\":\"https:\\\/\\\/recambiosecogas.com\\\/pt-pt\\\/\",\"name\":\"Recambios EcoGas\",\"description\":\"Pe\u00e7as multimarca para sistemas de GPL\\\/GNC\\\/GNL\\\/Hidrog\u00e9nio\",\"publisher\":{\"@id\":\"https:\\\/\\\/recambiosecogas.com\\\/pt-pt\\\/#organization\"},\"alternateName\":\"Recambios Autogas GLP\",\"potentialAction\":[{\"@type\":\"SearchAction\",\"target\":{\"@type\":\"EntryPoint\",\"urlTemplate\":\"https:\\\/\\\/recambiosecogas.com\\\/pt-pt\\\/?s={search_term_string}\"},\"query-input\":{\"@type\":\"PropertyValueSpecification\",\"valueRequired\":true,\"valueName\":\"search_term_string\"}}],\"inLanguage\":\"pt-PT\"},{\"@type\":[\"Organization\",\"Place\"],\"@id\":\"https:\\\/\\\/recambiosecogas.com\\\/pt-pt\\\/#organization\",\"name\":\"Recambios EcoGas\",\"alternateName\":\"Loja de GPL Autog\u00e1s Espanha\",\"url\":\"https:\\\/\\\/recambiosecogas.com\\\/pt-pt\\\/\",\"logo\":{\"@id\":\"https:\\\/\\\/recambiosecogas.com\\\/pt-pt\\\/produto\\\/prins-vsi-keihin-conjunto-de-filtros-de-2-saidas-16x12x12\\\/#local-main-organization-logo\"},\"image\":{\"@id\":\"https:\\\/\\\/recambiosecogas.com\\\/pt-pt\\\/produto\\\/prins-vsi-keihin-conjunto-de-filtros-de-2-saidas-16x12x12\\\/#local-main-organization-logo\"},\"sameAs\":[\"https:\\\/\\\/www.facebook.com\\\/profile.php?id=100062419705358\",\"https:\\\/\\\/www.instagram.com\\\/segimon_automocio\"],\"description\":\"Recambios EcoGas \u2013 Venta y distribuci\u00f3n de sistemas GLP y GNC en Espa\u00f1a y Portugal. Env\u00edos 24 h, soporte t\u00e9cnico a talleres y distribuidores.\",\"hasMerchantReturnPolicy\":{\"@type\":\"MerchantReturnPolicy\",\"merchantReturnLink\":\"https:\\\/\\\/recambiosecogas.com\\\/politicas-privacidad\\\/\"},\"address\":{\"@id\":\"https:\\\/\\\/recambiosecogas.com\\\/pt-pt\\\/produto\\\/prins-vsi-keihin-conjunto-de-filtros-de-2-saidas-16x12x12\\\/#local-main-place-address\"},\"telephone\":[\"616250633\"],\"contactPoint\":{\"@type\":\"ContactPoint\",\"email\":\"export@recambiosecogas.com\"},\"openingHoursSpecification\":[{\"@type\":\"OpeningHoursSpecification\",\"dayOfWeek\":[\"Monday\",\"Tuesday\",\"Wednesday\",\"Thursday\",\"Friday\",\"Saturday\",\"Sunday\"],\"opens\":\"09:00\",\"closes\":\"17:00\"}],\"email\":\"info@recambiosecogas.com\",\"faxNumber\":\"SEGIMON AUTOMOCION SL\",\"vatID\":\"ESB19819861\",\"globalLocationNumber\":\"938 616 339\"},{\"@type\":\"PostalAddress\",\"@id\":\"https:\\\/\\\/recambiosecogas.com\\\/pt-pt\\\/produto\\\/prins-vsi-keihin-conjunto-de-filtros-de-2-saidas-16x12x12\\\/#local-main-place-address\",\"streetAddress\":\"cami antic de vic, 29 (Nave 3), Pol\u00edgono Industrial Congost\",\"addressLocality\":\"CORRO D`AVALL\",\"postalCode\":\"08520\",\"addressRegion\":\"Barcelona\",\"addressCountry\":\"ES\"},{\"@type\":\"ImageObject\",\"inLanguage\":\"pt-PT\",\"@id\":\"https:\\\/\\\/recambiosecogas.com\\\/pt-pt\\\/produto\\\/prins-vsi-keihin-conjunto-de-filtros-de-2-saidas-16x12x12\\\/#local-main-organization-logo\",\"url\":\"https:\\\/\\\/recambiosecogas.com\\\/wp-content\\\/uploads\\\/2024\\\/11\\\/cropped-RECAMBIOS-GLP-png.webp\",\"contentUrl\":\"https:\\\/\\\/recambiosecogas.com\\\/wp-content\\\/uploads\\\/2024\\\/11\\\/cropped-RECAMBIOS-GLP-png.webp\",\"width\":512,\"height\":512,\"caption\":\"Recambios EcoGas\"}]}<\/script>\n<meta property=\"product:brand\" content=\"KEIHIN\" \/>\n<meta property=\"og:availability\" content=\"backorder\" \/>\n<meta property=\"product:availability\" content=\"available for order\" \/>\n<meta property=\"product:retailer_item_id\" content=\"110166\" \/>\n<meta property=\"product:condition\" content=\"new\" \/>\n<meta name=\"geo.placename\" content=\"CORRO D`AVALL\" \/>\n<meta name=\"geo.region\" content=\"Espanha\" \/>\n<!-- \/ Yoast SEO Premium plugin. -->","yoast_head_json":{"title":"Prins VSI Keihin conjunto de filtros de 2 sa\u00eddas (16x12x12) | Recambios EcoGas | Sistemas GLP y GNC","description":"Prins VSI Keihin Filtro 16x12x12. Inclui filtros de vapor e fase l\u00edquida, juntas e grampos. Compat\u00edvel com sistemas Prins VSI I e II (4-10 cilindros).","robots":{"index":"index","follow":"follow","max-snippet":"max-snippet:-1","max-image-preview":"max-image-preview:large","max-video-preview":"max-video-preview:-1"},"canonical":"https:\/\/recambiosecogas.com\/pt-pt\/produto\/prins-vsi-keihin-conjunto-de-filtros-de-2-saidas-16x12x12\/","og_locale":"pt_PT","og_type":"article","og_title":"Prins VSI Keihin conjunto de filtros de 2 sa\u00eddas (16x12x12)","og_description":"Prins VSI Keihin Filtro 16x12x12. Inclui filtros de vapor e fase l\u00edquida, juntas e grampos. Compat\u00edvel com sistemas Prins VSI I e II (4-10 cilindros).","og_url":"https:\/\/recambiosecogas.com\/pt-pt\/produto\/prins-vsi-keihin-conjunto-de-filtros-de-2-saidas-16x12x12\/","og_site_name":"Recambios EcoGas","article_publisher":"https:\/\/www.facebook.com\/profile.php?id=100062419705358","article_modified_time":"2025-07-09T15:36:05+00:00","og_image":[{"width":1000,"height":1000,"url":"https:\/\/recambiosecogas.com\/wp-content\/uploads\/2024\/12\/Prins-VSI-Keihin-set-de-filtro-de-2-salidas-16x12x12-png.webp","type":"image\/png"}],"twitter_card":"summary_large_image","twitter_misc":{"Disponibilidade":"Por encomenda"},"schema":{"@context":"https:\/\/schema.org","@graph":[{"@type":"WebPage","@id":"https:\/\/recambiosecogas.com\/pt-pt\/produto\/prins-vsi-keihin-conjunto-de-filtros-de-2-saidas-16x12x12\/","url":"https:\/\/recambiosecogas.com\/pt-pt\/produto\/prins-vsi-keihin-conjunto-de-filtros-de-2-saidas-16x12x12\/","name":"Prins VSI Keihin conjunto de filtros de 2 sa\u00eddas (16x12x12) | Recambios EcoGas | Sistemas GLP y GNC","isPartOf":{"@id":"https:\/\/recambiosecogas.com\/pt-pt\/#website"},"primaryImageOfPage":{"@id":"https:\/\/recambiosecogas.com\/pt-pt\/produto\/prins-vsi-keihin-conjunto-de-filtros-de-2-saidas-16x12x12\/#primaryimage"},"image":{"@id":"https:\/\/recambiosecogas.com\/pt-pt\/produto\/prins-vsi-keihin-conjunto-de-filtros-de-2-saidas-16x12x12\/#primaryimage"},"thumbnailUrl":"https:\/\/recambiosecogas.com\/wp-content\/uploads\/2024\/12\/Prins-VSI-Keihin-set-de-filtro-de-2-salidas-16x12x12-png.webp","datePublished":"2024-12-19T16:38:30+00:00","dateModified":"2025-07-09T15:36:05+00:00","description":"Prins VSI Keihin Filtro 16x12x12. Inclui filtros de vapor e fase l\u00edquida, juntas e grampos. Compat\u00edvel com sistemas Prins VSI I e II (4-10 cilindros).","breadcrumb":{"@id":"https:\/\/recambiosecogas.com\/pt-pt\/produto\/prins-vsi-keihin-conjunto-de-filtros-de-2-saidas-16x12x12\/#breadcrumb"},"inLanguage":"pt-PT","potentialAction":[{"@type":"ReadAction","target":["https:\/\/recambiosecogas.com\/pt-pt\/produto\/prins-vsi-keihin-conjunto-de-filtros-de-2-saidas-16x12x12\/"]}]},{"@type":"ImageObject","inLanguage":"pt-PT","@id":"https:\/\/recambiosecogas.com\/pt-pt\/produto\/prins-vsi-keihin-conjunto-de-filtros-de-2-saidas-16x12x12\/#primaryimage","url":"https:\/\/recambiosecogas.com\/wp-content\/uploads\/2024\/12\/Prins-VSI-Keihin-set-de-filtro-de-2-salidas-16x12x12-png.webp","contentUrl":"https:\/\/recambiosecogas.com\/wp-content\/uploads\/2024\/12\/Prins-VSI-Keihin-set-de-filtro-de-2-salidas-16x12x12-png.webp","width":1000,"height":1000},{"@type":"BreadcrumbList","@id":"https:\/\/recambiosecogas.com\/pt-pt\/produto\/prins-vsi-keihin-conjunto-de-filtros-de-2-saidas-16x12x12\/#breadcrumb","itemListElement":[{"@type":"ListItem","position":1,"name":"P\u00e1gina inicial","item":"https:\/\/recambiosecogas.com\/pt-pt\/"},{"@type":"ListItem","position":2,"name":"Loja","item":"https:\/\/recambiosecogas.com\/pt-pt\/tienda\/"},{"@type":"ListItem","position":3,"name":"Prins VSI Keihin conjunto de filtros de 2 sa\u00eddas (16x12x12)"}]},{"@type":"WebSite","@id":"https:\/\/recambiosecogas.com\/pt-pt\/#website","url":"https:\/\/recambiosecogas.com\/pt-pt\/","name":"Recambios EcoGas","description":"Pe\u00e7as multimarca para sistemas de GPL\/GNC\/GNL\/Hidrog\u00e9nio","publisher":{"@id":"https:\/\/recambiosecogas.com\/pt-pt\/#organization"},"alternateName":"Recambios Autogas GLP","potentialAction":[{"@type":"SearchAction","target":{"@type":"EntryPoint","urlTemplate":"https:\/\/recambiosecogas.com\/pt-pt\/?s={search_term_string}"},"query-input":{"@type":"PropertyValueSpecification","valueRequired":true,"valueName":"search_term_string"}}],"inLanguage":"pt-PT"},{"@type":["Organization","Place"],"@id":"https:\/\/recambiosecogas.com\/pt-pt\/#organization","name":"Recambios EcoGas","alternateName":"Loja de GPL Autog\u00e1s Espanha","url":"https:\/\/recambiosecogas.com\/pt-pt\/","logo":{"@id":"https:\/\/recambiosecogas.com\/pt-pt\/produto\/prins-vsi-keihin-conjunto-de-filtros-de-2-saidas-16x12x12\/#local-main-organization-logo"},"image":{"@id":"https:\/\/recambiosecogas.com\/pt-pt\/produto\/prins-vsi-keihin-conjunto-de-filtros-de-2-saidas-16x12x12\/#local-main-organization-logo"},"sameAs":["https:\/\/www.facebook.com\/profile.php?id=100062419705358","https:\/\/www.instagram.com\/segimon_automocio"],"description":"Recambios EcoGas \u2013 Venta y distribuci\u00f3n de sistemas GLP y GNC en Espa\u00f1a y Portugal. Env\u00edos 24 h, soporte t\u00e9cnico a talleres y distribuidores.","hasMerchantReturnPolicy":{"@type":"MerchantReturnPolicy","merchantReturnLink":"https:\/\/recambiosecogas.com\/politicas-privacidad\/"},"address":{"@id":"https:\/\/recambiosecogas.com\/pt-pt\/produto\/prins-vsi-keihin-conjunto-de-filtros-de-2-saidas-16x12x12\/#local-main-place-address"},"telephone":["616250633"],"contactPoint":{"@type":"ContactPoint","email":"export@recambiosecogas.com"},"openingHoursSpecification":[{"@type":"OpeningHoursSpecification","dayOfWeek":["Monday","Tuesday","Wednesday","Thursday","Friday","Saturday","Sunday"],"opens":"09:00","closes":"17:00"}],"email":"info@recambiosecogas.com","faxNumber":"SEGIMON AUTOMOCION SL","vatID":"ESB19819861","globalLocationNumber":"938 616 339"},{"@type":"PostalAddress","@id":"https:\/\/recambiosecogas.com\/pt-pt\/produto\/prins-vsi-keihin-conjunto-de-filtros-de-2-saidas-16x12x12\/#local-main-place-address","streetAddress":"cami antic de vic, 29 (Nave 3), Pol\u00edgono Industrial Congost","addressLocality":"CORRO D`AVALL","postalCode":"08520","addressRegion":"Barcelona","addressCountry":"ES"},{"@type":"ImageObject","inLanguage":"pt-PT","@id":"https:\/\/recambiosecogas.com\/pt-pt\/produto\/prins-vsi-keihin-conjunto-de-filtros-de-2-saidas-16x12x12\/#local-main-organization-logo","url":"https:\/\/recambiosecogas.com\/wp-content\/uploads\/2024\/11\/cropped-RECAMBIOS-GLP-png.webp","contentUrl":"https:\/\/recambiosecogas.com\/wp-content\/uploads\/2024\/11\/cropped-RECAMBIOS-GLP-png.webp","width":512,"height":512,"caption":"Recambios EcoGas"}]},"product_brand":"KEIHIN","og_availability":"backorder","product_availability":"available for order","product_retailer_item_id":"110166","product_condition":"new","geo.placename":"CORRO D`AVALL","geo.region":"Espanha"},"uagb_featured_image_src":{"full":["https:\/\/recambiosecogas.com\/wp-content\/uploads\/2024\/12\/Prins-VSI-Keihin-set-de-filtro-de-2-salidas-16x12x12-png.webp",1000,1000,false],"thumbnail":["https:\/\/recambiosecogas.com\/wp-content\/uploads\/2024\/12\/Prins-VSI-Keihin-set-de-filtro-de-2-salidas-16x12x12-150x150.webp",150,150,true],"medium":["https:\/\/recambiosecogas.com\/wp-content\/uploads\/2024\/12\/Prins-VSI-Keihin-set-de-filtro-de-2-salidas-16x12x12-300x300.webp",300,300,true],"medium_large":["https:\/\/recambiosecogas.com\/wp-content\/uploads\/2024\/12\/Prins-VSI-Keihin-set-de-filtro-de-2-salidas-16x12x12-768x768.webp",768,768,true],"large":["https:\/\/recambiosecogas.com\/wp-content\/uploads\/2024\/12\/Prins-VSI-Keihin-set-de-filtro-de-2-salidas-16x12x12-png.webp",1000,1000,false],"1536x1536":["https:\/\/recambiosecogas.com\/wp-content\/uploads\/2024\/12\/Prins-VSI-Keihin-set-de-filtro-de-2-salidas-16x12x12-png.webp",1000,1000,false],"2048x2048":["https:\/\/recambiosecogas.com\/wp-content\/uploads\/2024\/12\/Prins-VSI-Keihin-set-de-filtro-de-2-salidas-16x12x12-png.webp",1000,1000,false],"woocommerce_archive_thumbnail":["https:\/\/recambiosecogas.com\/wp-content\/uploads\/2024\/12\/Prins-VSI-Keihin-set-de-filtro-de-2-salidas-16x12x12-png.webp",1000,1000,false],"woocommerce_thumbnail":["https:\/\/recambiosecogas.com\/wp-content\/uploads\/2024\/12\/Prins-VSI-Keihin-set-de-filtro-de-2-salidas-16x12x12-300x300.webp",300,300,true],"woocommerce_single":["https:\/\/recambiosecogas.com\/wp-content\/uploads\/2024\/12\/Prins-VSI-Keihin-set-de-filtro-de-2-salidas-16x12x12-png.webp",1000,1000,false],"woocommerce_gallery_thumbnail":["https:\/\/recambiosecogas.com\/wp-content\/uploads\/2024\/12\/Prins-VSI-Keihin-set-de-filtro-de-2-salidas-16x12x12-png.webp",1000,1000,false],"dgwt-wcas-product-suggestion":["https:\/\/recambiosecogas.com\/wp-content\/uploads\/2024\/12\/Prins-VSI-Keihin-set-de-filtro-de-2-salidas-16x12x12-64x64.webp",64,64,true]},"uagb_author_info":{"display_name":"Fran - Soporte T\u00e9cnico","author_link":"https:\/\/recambiosecogas.com\/pt-pt\/author\/"},"uagb_comment_info":0,"uagb_excerpt":"Prins VSI Keihin conjunto de filtros de 2 sa\u00eddas (16x12x12) Prins VSI Keihin 2-out Filtro set (16x12x12) \u00e9 um conjunto original projetado especificamente para ve\u00edculos equipados com sistemas Prins VSI I e II com dois injetores em motores de 4 a 10 cilindros. Este kit garante o funcionamento ideal do sistema de g\u00e1s GLP (G\u00e1s&hellip;","_links":{"self":[{"href":"https:\/\/recambiosecogas.com\/pt-pt\/wp-json\/wp\/v2\/product\/36507","targetHints":{"allow":["GET"]}}],"collection":[{"href":"https:\/\/recambiosecogas.com\/pt-pt\/wp-json\/wp\/v2\/product"}],"about":[{"href":"https:\/\/recambiosecogas.com\/pt-pt\/wp-json\/wp\/v2\/types\/product"}],"replies":[{"embeddable":true,"href":"https:\/\/recambiosecogas.com\/pt-pt\/wp-json\/wp\/v2\/comments?post=36507"}],"wp:featuredmedia":[{"embeddable":true,"href":"https:\/\/recambiosecogas.com\/pt-pt\/wp-json\/wp\/v2\/media\/26980"}],"wp:attachment":[{"href":"https:\/\/recambiosecogas.com\/pt-pt\/wp-json\/wp\/v2\/media?parent=36507"}],"wp:term":[{"taxonomy":"product_brand","embeddable":true,"href":"https:\/\/recambiosecogas.com\/pt-pt\/wp-json\/wp\/v2\/product_brand?post=36507"},{"taxonomy":"product_cat","embeddable":true,"href":"https:\/\/recambiosecogas.com\/pt-pt\/wp-json\/wp\/v2\/product_cat?post=36507"},{"taxonomy":"product_tag","embeddable":true,"href":"https:\/\/recambiosecogas.com\/pt-pt\/wp-json\/wp\/v2\/product_tag?post=36507"}],"curies":[{"name":"wp","href":"https:\/\/api.w.org\/{rel}","templated":true}]}}