{"id":36472,"date":"2024-12-19T11:10:02","date_gmt":"2024-12-19T10:10:02","guid":{"rendered":"https:\/\/recambiosecogas.com\/producto\/filtro-de-gas-kme-779-12-mm-2-x-12-mm\/"},"modified":"2025-07-09T16:35:58","modified_gmt":"2025-07-09T15:35:58","slug":"filtro-de-gas-kme-779-12-mm-2-x-12-mm","status":"publish","type":"product","link":"https:\/\/recambiosecogas.com\/pt-pt\/produto\/filtro-de-gas-kme-779-12-mm-2-x-12-mm\/","title":{"rendered":"Filtro de g\u00e1s KME 779 \/ 12 mm \/ 2 x 12 mm"},"content":{"rendered":"<h3>Filtro de g\u00e1s KME 779 \/ 12 mm \/ 2 x 12 mm<\/h3>\n<p><strong>O Filtro KME 779<\/strong> \u00e9 um componente original projetado para sistemas de g\u00e1s <strong>GLP<\/strong> (G\u00e1s de Petr\u00f3leo Liquefeito) na fase gasosa. Este filtro de alta qualidade, conhecido como <strong>KME Y-gas<\/strong> , est\u00e1 equipado com um <strong>elemento filtrante substitu\u00edvel<\/strong> , tornando-o uma solu\u00e7\u00e3o econ\u00f3mica e dur\u00e1vel para manter o sistema em \u00f3timas condi\u00e7\u00f5es. <\/p>\n<p>Com um <strong>di\u00e2metro de entrada de 12 mm<\/strong> e <strong>duas sa\u00eddas de 12 mm<\/strong> , este filtro \u00e9 ideal para sistemas que requerem um fluxo de g\u00e1s dividido e eficiente. \u00c9 compat\u00edvel com <strong>KME DIEGO, KME NEVO<\/strong> e outros modelos de sistemas similares que operam com tecnologia avan\u00e7ada de inje\u00e7\u00e3o de g\u00e1s GLP. <\/p>\n<p>O design do filtro <strong>779<\/strong> garante a filtragem precisa de part\u00edculas e contaminantes na fase gasosa, protegendo componentes-chave como injetores e redutores. A sua constru\u00e7\u00e3o robusta garante um desempenho fi\u00e1vel e uma f\u00e1cil instala\u00e7\u00e3o numa variedade de configura\u00e7\u00f5es de sistemas GPL. <\/p>\n<p><strong>Caracter\u00edsticas e benef\u00edcios:<\/strong><\/p>\n<ul>\n<li><strong>Elemento de filtro substitu\u00edvel:<\/strong> Facilita a manuten\u00e7\u00e3o e prolonga a vida \u00fatil do filtro.<\/li>\n<li><strong>Compatibilidade:<\/strong> Concebido para sistemas KME como <strong>DIEGO<\/strong> e <strong>NEVO,<\/strong> entre outros.<\/li>\n<li><strong>Di\u00e2metro:<\/strong> Entrada de <strong>12 mm<\/strong> e duas sa\u00eddas de <strong>12 mm<\/strong> , perfeitas para sistemas de fluxo dividido.<\/li>\n<li>Filtra\u00e7\u00e3o eficiente na fase gasosa, eliminando part\u00edculas nocivas aos injetores e redutores.<\/li>\n<li>Constru\u00e7\u00e3o robusta e design compacto para f\u00e1cil instala\u00e7\u00e3o.<\/li>\n<\/ul>\n<p><strong>\u00c1reas de aplica\u00e7\u00e3o:<\/strong><\/p>\n<ul>\n<li>Sistemas de g\u00e1s GPL em ve\u00edculos equipados com KME DIEGO, KME NEVO e outros sistemas de inje\u00e7\u00e3o.<\/li>\n<li>Prote\u00e7\u00e3o de componentes-chave, como injetores e redutores em sistemas GPL.<\/li>\n<\/ul>\n<p><a href=\"https:\/\/recambiosecogas.com\/categoria-produto\/filtros-gpl-lpg\/?lang=pt-pt\" target=\"_blank\" rel=\"noopener\">OBTENHA MAIS FILTROS NO NOSSO SITE<\/a><\/p>\n","protected":false},"excerpt":{"rendered":"<p>KME<\/p>\n","protected":false},"featured_media":28806,"comment_status":"open","ping_status":"closed","template":"","meta":{"googlesitekit_rrm_CAowud7EDA:productID":"","_uag_custom_page_level_css":""},"product_brand":[960],"product_cat":[1571,1567],"product_tag":[],"class_list":{"0":"post-36472","1":"product","2":"type-product","3":"status-publish","4":"has-post-thumbnail","6":"product_brand-kme","7":"product_cat-fase-gasosa-pt-pt-2","8":"product_cat-filtros-gpl-lpg","10":"first","11":"onbackorder","12":"taxable","13":"shipping-taxable","14":"purchasable","15":"product-type-simple"},"ct_brands":[{"id":960,"name":"KME","slug":"kme"}],"yoast_head":"<!-- This site is optimized with the Yoast SEO Premium plugin v27.4 (Yoast SEO v27.4) - https:\/\/yoast.com\/product\/yoast-seo-premium-wordpress\/ -->\n<title>Filtro de g\u00e1s KME 779 \/ 12 mm \/ 2 x 12 mm | Recambios EcoGas | Sistemas GLP y GNC<\/title>\n<meta name=\"description\" content=\"Filtro KME 779 \/ 12 mm \/ 2 x 12 mm. Filtro de fase gasosa com elemento substitu\u00edvel. Ideal para os sistemas KME DIEGO e NEVO.\" \/>\n<meta name=\"robots\" content=\"index, follow, max-snippet:-1, max-image-preview:large, max-video-preview:-1\" \/>\n<link rel=\"canonical\" href=\"https:\/\/recambiosecogas.com\/pt-pt\/produto\/filtro-de-gas-kme-779-12-mm-2-x-12-mm\/\" \/>\n<meta property=\"og:locale\" content=\"pt_PT\" \/>\n<meta property=\"og:type\" content=\"article\" \/>\n<meta property=\"og:title\" content=\"Filtro de g\u00e1s KME 779 \/ 12 mm \/ 2 x 12 mm\" \/>\n<meta property=\"og:description\" content=\"Filtro KME 779 \/ 12 mm \/ 2 x 12 mm. Filtro de fase gasosa com elemento substitu\u00edvel. Ideal para os sistemas KME DIEGO e NEVO.\" \/>\n<meta property=\"og:url\" content=\"https:\/\/recambiosecogas.com\/pt-pt\/produto\/filtro-de-gas-kme-779-12-mm-2-x-12-mm\/\" \/>\n<meta property=\"og:site_name\" content=\"Recambios EcoGas\" \/>\n<meta property=\"article:publisher\" content=\"https:\/\/www.facebook.com\/profile.php?id=100062419705358\" \/>\n<meta property=\"article:modified_time\" content=\"2025-07-09T15:35:58+00:00\" \/>\n<meta property=\"og:image\" content=\"https:\/\/recambiosecogas.com\/wp-content\/uploads\/2024\/12\/KME-filtro-de-gas-779-12-mm-2-x-12-mm-1-png.webp\" \/>\n\t<meta property=\"og:image:width\" content=\"1000\" \/>\n\t<meta property=\"og:image:height\" content=\"1000\" \/>\n\t<meta property=\"og:image:type\" content=\"image\/png\" \/>\n<meta name=\"twitter:card\" content=\"summary_large_image\" \/>\n<meta name=\"twitter:label1\" content=\"pre\u00e7o\" \/>\n\t<meta name=\"twitter:data1\" content=\"32,99&nbsp;&euro; (Sin IVA: 27,27&nbsp;&euro;)\" \/>\n\t<meta name=\"twitter:label2\" content=\"Disponibilidade\" \/>\n\t<meta name=\"twitter:data2\" content=\"Por encomenda\" \/>\n<script type=\"application\/ld+json\" class=\"yoast-schema-graph\">{\"@context\":\"https:\\\/\\\/schema.org\",\"@graph\":[{\"@type\":\"WebPage\",\"@id\":\"https:\\\/\\\/recambiosecogas.com\\\/pt-pt\\\/produto\\\/filtro-de-gas-kme-779-12-mm-2-x-12-mm\\\/\",\"url\":\"https:\\\/\\\/recambiosecogas.com\\\/pt-pt\\\/produto\\\/filtro-de-gas-kme-779-12-mm-2-x-12-mm\\\/\",\"name\":\"Filtro de g\u00e1s KME 779 \\\/ 12 mm \\\/ 2 x 12 mm | Recambios EcoGas | Sistemas GLP y GNC\",\"isPartOf\":{\"@id\":\"https:\\\/\\\/recambiosecogas.com\\\/pt-pt\\\/#website\"},\"primaryImageOfPage\":{\"@id\":\"https:\\\/\\\/recambiosecogas.com\\\/pt-pt\\\/produto\\\/filtro-de-gas-kme-779-12-mm-2-x-12-mm\\\/#primaryimage\"},\"image\":{\"@id\":\"https:\\\/\\\/recambiosecogas.com\\\/pt-pt\\\/produto\\\/filtro-de-gas-kme-779-12-mm-2-x-12-mm\\\/#primaryimage\"},\"thumbnailUrl\":\"https:\\\/\\\/recambiosecogas.com\\\/wp-content\\\/uploads\\\/2024\\\/12\\\/KME-filtro-de-gas-779-12-mm-2-x-12-mm-1-png.webp\",\"datePublished\":\"2024-12-19T10:10:02+00:00\",\"dateModified\":\"2025-07-09T15:35:58+00:00\",\"description\":\"Filtro KME 779 \\\/ 12 mm \\\/ 2 x 12 mm. Filtro de fase gasosa com elemento substitu\u00edvel. Ideal para os sistemas KME DIEGO e NEVO.\",\"breadcrumb\":{\"@id\":\"https:\\\/\\\/recambiosecogas.com\\\/pt-pt\\\/produto\\\/filtro-de-gas-kme-779-12-mm-2-x-12-mm\\\/#breadcrumb\"},\"inLanguage\":\"pt-PT\",\"potentialAction\":[{\"@type\":\"ReadAction\",\"target\":[\"https:\\\/\\\/recambiosecogas.com\\\/pt-pt\\\/produto\\\/filtro-de-gas-kme-779-12-mm-2-x-12-mm\\\/\"]}]},{\"@type\":\"ImageObject\",\"inLanguage\":\"pt-PT\",\"@id\":\"https:\\\/\\\/recambiosecogas.com\\\/pt-pt\\\/produto\\\/filtro-de-gas-kme-779-12-mm-2-x-12-mm\\\/#primaryimage\",\"url\":\"https:\\\/\\\/recambiosecogas.com\\\/wp-content\\\/uploads\\\/2024\\\/12\\\/KME-filtro-de-gas-779-12-mm-2-x-12-mm-1-png.webp\",\"contentUrl\":\"https:\\\/\\\/recambiosecogas.com\\\/wp-content\\\/uploads\\\/2024\\\/12\\\/KME-filtro-de-gas-779-12-mm-2-x-12-mm-1-png.webp\",\"width\":1000,\"height\":1000},{\"@type\":\"BreadcrumbList\",\"@id\":\"https:\\\/\\\/recambiosecogas.com\\\/pt-pt\\\/produto\\\/filtro-de-gas-kme-779-12-mm-2-x-12-mm\\\/#breadcrumb\",\"itemListElement\":[{\"@type\":\"ListItem\",\"position\":1,\"name\":\"P\u00e1gina inicial\",\"item\":\"https:\\\/\\\/recambiosecogas.com\\\/pt-pt\\\/\"},{\"@type\":\"ListItem\",\"position\":2,\"name\":\"Loja\",\"item\":\"https:\\\/\\\/recambiosecogas.com\\\/pt-pt\\\/tienda\\\/\"},{\"@type\":\"ListItem\",\"position\":3,\"name\":\"Filtro de g\u00e1s KME 779 \\\/ 12 mm \\\/ 2 x 12 mm\"}]},{\"@type\":\"WebSite\",\"@id\":\"https:\\\/\\\/recambiosecogas.com\\\/pt-pt\\\/#website\",\"url\":\"https:\\\/\\\/recambiosecogas.com\\\/pt-pt\\\/\",\"name\":\"Recambios EcoGas\",\"description\":\"Pe\u00e7as multimarca para sistemas de GPL\\\/GNC\\\/GNL\\\/Hidrog\u00e9nio\",\"publisher\":{\"@id\":\"https:\\\/\\\/recambiosecogas.com\\\/pt-pt\\\/#organization\"},\"alternateName\":\"Recambios Autogas GLP\",\"potentialAction\":[{\"@type\":\"SearchAction\",\"target\":{\"@type\":\"EntryPoint\",\"urlTemplate\":\"https:\\\/\\\/recambiosecogas.com\\\/pt-pt\\\/?s={search_term_string}\"},\"query-input\":{\"@type\":\"PropertyValueSpecification\",\"valueRequired\":true,\"valueName\":\"search_term_string\"}}],\"inLanguage\":\"pt-PT\"},{\"@type\":[\"Organization\",\"Place\"],\"@id\":\"https:\\\/\\\/recambiosecogas.com\\\/pt-pt\\\/#organization\",\"name\":\"Recambios EcoGas\",\"alternateName\":\"Loja de GPL Autog\u00e1s Espanha\",\"url\":\"https:\\\/\\\/recambiosecogas.com\\\/pt-pt\\\/\",\"logo\":{\"@id\":\"https:\\\/\\\/recambiosecogas.com\\\/pt-pt\\\/produto\\\/filtro-de-gas-kme-779-12-mm-2-x-12-mm\\\/#local-main-organization-logo\"},\"image\":{\"@id\":\"https:\\\/\\\/recambiosecogas.com\\\/pt-pt\\\/produto\\\/filtro-de-gas-kme-779-12-mm-2-x-12-mm\\\/#local-main-organization-logo\"},\"sameAs\":[\"https:\\\/\\\/www.facebook.com\\\/profile.php?id=100062419705358\",\"https:\\\/\\\/www.instagram.com\\\/segimon_automocio\"],\"description\":\"Recambios EcoGas \u2013 Venta y distribuci\u00f3n de sistemas GLP y GNC en Espa\u00f1a y Portugal. Env\u00edos 24 h, soporte t\u00e9cnico a talleres y distribuidores.\",\"hasMerchantReturnPolicy\":{\"@type\":\"MerchantReturnPolicy\",\"merchantReturnLink\":\"https:\\\/\\\/recambiosecogas.com\\\/politicas-privacidad\\\/\"},\"address\":{\"@id\":\"https:\\\/\\\/recambiosecogas.com\\\/pt-pt\\\/produto\\\/filtro-de-gas-kme-779-12-mm-2-x-12-mm\\\/#local-main-place-address\"},\"telephone\":[\"616250633\"],\"contactPoint\":{\"@type\":\"ContactPoint\",\"email\":\"export@recambiosecogas.com\"},\"openingHoursSpecification\":[{\"@type\":\"OpeningHoursSpecification\",\"dayOfWeek\":[\"Monday\",\"Tuesday\",\"Wednesday\",\"Thursday\",\"Friday\",\"Saturday\",\"Sunday\"],\"opens\":\"09:00\",\"closes\":\"17:00\"}],\"email\":\"info@recambiosecogas.com\",\"faxNumber\":\"SEGIMON AUTOMOCION SL\",\"vatID\":\"ESB19819861\",\"globalLocationNumber\":\"938 616 339\"},{\"@type\":\"PostalAddress\",\"@id\":\"https:\\\/\\\/recambiosecogas.com\\\/pt-pt\\\/produto\\\/filtro-de-gas-kme-779-12-mm-2-x-12-mm\\\/#local-main-place-address\",\"streetAddress\":\"cami antic de vic, 29 (Nave 3), Pol\u00edgono Industrial Congost\",\"addressLocality\":\"CORRO D`AVALL\",\"postalCode\":\"08520\",\"addressRegion\":\"Barcelona\",\"addressCountry\":\"ES\"},{\"@type\":\"ImageObject\",\"inLanguage\":\"pt-PT\",\"@id\":\"https:\\\/\\\/recambiosecogas.com\\\/pt-pt\\\/produto\\\/filtro-de-gas-kme-779-12-mm-2-x-12-mm\\\/#local-main-organization-logo\",\"url\":\"https:\\\/\\\/recambiosecogas.com\\\/wp-content\\\/uploads\\\/2024\\\/11\\\/cropped-RECAMBIOS-GLP-png.webp\",\"contentUrl\":\"https:\\\/\\\/recambiosecogas.com\\\/wp-content\\\/uploads\\\/2024\\\/11\\\/cropped-RECAMBIOS-GLP-png.webp\",\"width\":512,\"height\":512,\"caption\":\"Recambios EcoGas\"}]}<\/script>\n<meta property=\"product:brand\" content=\"KME\" \/>\n<meta property=\"product:price:amount\" content=\"32.99\" \/>\n<meta property=\"product:price:currency\" content=\"EUR\" \/>\n<meta property=\"og:availability\" content=\"backorder\" \/>\n<meta property=\"product:availability\" content=\"available for order\" \/>\n<meta property=\"product:retailer_item_id\" content=\"125342\" \/>\n<meta property=\"product:condition\" content=\"new\" \/>\n<meta name=\"geo.placename\" content=\"CORRO D`AVALL\" \/>\n<meta name=\"geo.region\" content=\"Espanha\" \/>\n<!-- \/ Yoast SEO Premium plugin. -->","yoast_head_json":{"title":"Filtro de g\u00e1s KME 779 \/ 12 mm \/ 2 x 12 mm | Recambios EcoGas | Sistemas GLP y GNC","description":"Filtro KME 779 \/ 12 mm \/ 2 x 12 mm. Filtro de fase gasosa com elemento substitu\u00edvel. Ideal para os sistemas KME DIEGO e NEVO.","robots":{"index":"index","follow":"follow","max-snippet":"max-snippet:-1","max-image-preview":"max-image-preview:large","max-video-preview":"max-video-preview:-1"},"canonical":"https:\/\/recambiosecogas.com\/pt-pt\/produto\/filtro-de-gas-kme-779-12-mm-2-x-12-mm\/","og_locale":"pt_PT","og_type":"article","og_title":"Filtro de g\u00e1s KME 779 \/ 12 mm \/ 2 x 12 mm","og_description":"Filtro KME 779 \/ 12 mm \/ 2 x 12 mm. Filtro de fase gasosa com elemento substitu\u00edvel. Ideal para os sistemas KME DIEGO e NEVO.","og_url":"https:\/\/recambiosecogas.com\/pt-pt\/produto\/filtro-de-gas-kme-779-12-mm-2-x-12-mm\/","og_site_name":"Recambios EcoGas","article_publisher":"https:\/\/www.facebook.com\/profile.php?id=100062419705358","article_modified_time":"2025-07-09T15:35:58+00:00","og_image":[{"width":1000,"height":1000,"url":"https:\/\/recambiosecogas.com\/wp-content\/uploads\/2024\/12\/KME-filtro-de-gas-779-12-mm-2-x-12-mm-1-png.webp","type":"image\/png"}],"twitter_card":"summary_large_image","twitter_misc":{"pre\u00e7o":"32,99&nbsp;&euro; (Sin IVA: 27,27&nbsp;&euro;)","Disponibilidade":"Por encomenda"},"schema":{"@context":"https:\/\/schema.org","@graph":[{"@type":"WebPage","@id":"https:\/\/recambiosecogas.com\/pt-pt\/produto\/filtro-de-gas-kme-779-12-mm-2-x-12-mm\/","url":"https:\/\/recambiosecogas.com\/pt-pt\/produto\/filtro-de-gas-kme-779-12-mm-2-x-12-mm\/","name":"Filtro de g\u00e1s KME 779 \/ 12 mm \/ 2 x 12 mm | Recambios EcoGas | Sistemas GLP y GNC","isPartOf":{"@id":"https:\/\/recambiosecogas.com\/pt-pt\/#website"},"primaryImageOfPage":{"@id":"https:\/\/recambiosecogas.com\/pt-pt\/produto\/filtro-de-gas-kme-779-12-mm-2-x-12-mm\/#primaryimage"},"image":{"@id":"https:\/\/recambiosecogas.com\/pt-pt\/produto\/filtro-de-gas-kme-779-12-mm-2-x-12-mm\/#primaryimage"},"thumbnailUrl":"https:\/\/recambiosecogas.com\/wp-content\/uploads\/2024\/12\/KME-filtro-de-gas-779-12-mm-2-x-12-mm-1-png.webp","datePublished":"2024-12-19T10:10:02+00:00","dateModified":"2025-07-09T15:35:58+00:00","description":"Filtro KME 779 \/ 12 mm \/ 2 x 12 mm. Filtro de fase gasosa com elemento substitu\u00edvel. Ideal para os sistemas KME DIEGO e NEVO.","breadcrumb":{"@id":"https:\/\/recambiosecogas.com\/pt-pt\/produto\/filtro-de-gas-kme-779-12-mm-2-x-12-mm\/#breadcrumb"},"inLanguage":"pt-PT","potentialAction":[{"@type":"ReadAction","target":["https:\/\/recambiosecogas.com\/pt-pt\/produto\/filtro-de-gas-kme-779-12-mm-2-x-12-mm\/"]}]},{"@type":"ImageObject","inLanguage":"pt-PT","@id":"https:\/\/recambiosecogas.com\/pt-pt\/produto\/filtro-de-gas-kme-779-12-mm-2-x-12-mm\/#primaryimage","url":"https:\/\/recambiosecogas.com\/wp-content\/uploads\/2024\/12\/KME-filtro-de-gas-779-12-mm-2-x-12-mm-1-png.webp","contentUrl":"https:\/\/recambiosecogas.com\/wp-content\/uploads\/2024\/12\/KME-filtro-de-gas-779-12-mm-2-x-12-mm-1-png.webp","width":1000,"height":1000},{"@type":"BreadcrumbList","@id":"https:\/\/recambiosecogas.com\/pt-pt\/produto\/filtro-de-gas-kme-779-12-mm-2-x-12-mm\/#breadcrumb","itemListElement":[{"@type":"ListItem","position":1,"name":"P\u00e1gina inicial","item":"https:\/\/recambiosecogas.com\/pt-pt\/"},{"@type":"ListItem","position":2,"name":"Loja","item":"https:\/\/recambiosecogas.com\/pt-pt\/tienda\/"},{"@type":"ListItem","position":3,"name":"Filtro de g\u00e1s KME 779 \/ 12 mm \/ 2 x 12 mm"}]},{"@type":"WebSite","@id":"https:\/\/recambiosecogas.com\/pt-pt\/#website","url":"https:\/\/recambiosecogas.com\/pt-pt\/","name":"Recambios EcoGas","description":"Pe\u00e7as multimarca para sistemas de GPL\/GNC\/GNL\/Hidrog\u00e9nio","publisher":{"@id":"https:\/\/recambiosecogas.com\/pt-pt\/#organization"},"alternateName":"Recambios Autogas GLP","potentialAction":[{"@type":"SearchAction","target":{"@type":"EntryPoint","urlTemplate":"https:\/\/recambiosecogas.com\/pt-pt\/?s={search_term_string}"},"query-input":{"@type":"PropertyValueSpecification","valueRequired":true,"valueName":"search_term_string"}}],"inLanguage":"pt-PT"},{"@type":["Organization","Place"],"@id":"https:\/\/recambiosecogas.com\/pt-pt\/#organization","name":"Recambios EcoGas","alternateName":"Loja de GPL Autog\u00e1s Espanha","url":"https:\/\/recambiosecogas.com\/pt-pt\/","logo":{"@id":"https:\/\/recambiosecogas.com\/pt-pt\/produto\/filtro-de-gas-kme-779-12-mm-2-x-12-mm\/#local-main-organization-logo"},"image":{"@id":"https:\/\/recambiosecogas.com\/pt-pt\/produto\/filtro-de-gas-kme-779-12-mm-2-x-12-mm\/#local-main-organization-logo"},"sameAs":["https:\/\/www.facebook.com\/profile.php?id=100062419705358","https:\/\/www.instagram.com\/segimon_automocio"],"description":"Recambios EcoGas \u2013 Venta y distribuci\u00f3n de sistemas GLP y GNC en Espa\u00f1a y Portugal. Env\u00edos 24 h, soporte t\u00e9cnico a talleres y distribuidores.","hasMerchantReturnPolicy":{"@type":"MerchantReturnPolicy","merchantReturnLink":"https:\/\/recambiosecogas.com\/politicas-privacidad\/"},"address":{"@id":"https:\/\/recambiosecogas.com\/pt-pt\/produto\/filtro-de-gas-kme-779-12-mm-2-x-12-mm\/#local-main-place-address"},"telephone":["616250633"],"contactPoint":{"@type":"ContactPoint","email":"export@recambiosecogas.com"},"openingHoursSpecification":[{"@type":"OpeningHoursSpecification","dayOfWeek":["Monday","Tuesday","Wednesday","Thursday","Friday","Saturday","Sunday"],"opens":"09:00","closes":"17:00"}],"email":"info@recambiosecogas.com","faxNumber":"SEGIMON AUTOMOCION SL","vatID":"ESB19819861","globalLocationNumber":"938 616 339"},{"@type":"PostalAddress","@id":"https:\/\/recambiosecogas.com\/pt-pt\/produto\/filtro-de-gas-kme-779-12-mm-2-x-12-mm\/#local-main-place-address","streetAddress":"cami antic de vic, 29 (Nave 3), Pol\u00edgono Industrial Congost","addressLocality":"CORRO D`AVALL","postalCode":"08520","addressRegion":"Barcelona","addressCountry":"ES"},{"@type":"ImageObject","inLanguage":"pt-PT","@id":"https:\/\/recambiosecogas.com\/pt-pt\/produto\/filtro-de-gas-kme-779-12-mm-2-x-12-mm\/#local-main-organization-logo","url":"https:\/\/recambiosecogas.com\/wp-content\/uploads\/2024\/11\/cropped-RECAMBIOS-GLP-png.webp","contentUrl":"https:\/\/recambiosecogas.com\/wp-content\/uploads\/2024\/11\/cropped-RECAMBIOS-GLP-png.webp","width":512,"height":512,"caption":"Recambios EcoGas"}]},"product_brand":"KME","product_price_amount":"32.99","product_price_currency":"EUR","og_availability":"backorder","product_availability":"available for order","product_retailer_item_id":"125342","product_condition":"new","geo.placename":"CORRO D`AVALL","geo.region":"Espanha"},"uagb_featured_image_src":{"full":["https:\/\/recambiosecogas.com\/wp-content\/uploads\/2024\/12\/KME-filtro-de-gas-779-12-mm-2-x-12-mm-1-png.webp",1000,1000,false],"thumbnail":["https:\/\/recambiosecogas.com\/wp-content\/uploads\/2024\/12\/KME-filtro-de-gas-779-12-mm-2-x-12-mm-1-150x150.webp",150,150,true],"medium":["https:\/\/recambiosecogas.com\/wp-content\/uploads\/2024\/12\/KME-filtro-de-gas-779-12-mm-2-x-12-mm-1-300x300.webp",300,300,true],"medium_large":["https:\/\/recambiosecogas.com\/wp-content\/uploads\/2024\/12\/KME-filtro-de-gas-779-12-mm-2-x-12-mm-1-768x768.webp",768,768,true],"large":["https:\/\/recambiosecogas.com\/wp-content\/uploads\/2024\/12\/KME-filtro-de-gas-779-12-mm-2-x-12-mm-1-png.webp",1000,1000,false],"1536x1536":["https:\/\/recambiosecogas.com\/wp-content\/uploads\/2024\/12\/KME-filtro-de-gas-779-12-mm-2-x-12-mm-1-png.webp",1000,1000,false],"2048x2048":["https:\/\/recambiosecogas.com\/wp-content\/uploads\/2024\/12\/KME-filtro-de-gas-779-12-mm-2-x-12-mm-1-png.webp",1000,1000,false],"woocommerce_archive_thumbnail":["https:\/\/recambiosecogas.com\/wp-content\/uploads\/2024\/12\/KME-filtro-de-gas-779-12-mm-2-x-12-mm-1-png.webp",1000,1000,false],"woocommerce_thumbnail":["https:\/\/recambiosecogas.com\/wp-content\/uploads\/2024\/12\/KME-filtro-de-gas-779-12-mm-2-x-12-mm-1-300x300.webp",300,300,true],"woocommerce_single":["https:\/\/recambiosecogas.com\/wp-content\/uploads\/2024\/12\/KME-filtro-de-gas-779-12-mm-2-x-12-mm-1-png.webp",1000,1000,false],"woocommerce_gallery_thumbnail":["https:\/\/recambiosecogas.com\/wp-content\/uploads\/2024\/12\/KME-filtro-de-gas-779-12-mm-2-x-12-mm-1-png.webp",1000,1000,false],"dgwt-wcas-product-suggestion":["https:\/\/recambiosecogas.com\/wp-content\/uploads\/2024\/12\/KME-filtro-de-gas-779-12-mm-2-x-12-mm-1-64x64.webp",64,64,true]},"uagb_author_info":{"display_name":"Fran - Soporte T\u00e9cnico","author_link":"https:\/\/recambiosecogas.com\/pt-pt\/author\/"},"uagb_comment_info":0,"uagb_excerpt":"KME","_links":{"self":[{"href":"https:\/\/recambiosecogas.com\/pt-pt\/wp-json\/wp\/v2\/product\/36472","targetHints":{"allow":["GET"]}}],"collection":[{"href":"https:\/\/recambiosecogas.com\/pt-pt\/wp-json\/wp\/v2\/product"}],"about":[{"href":"https:\/\/recambiosecogas.com\/pt-pt\/wp-json\/wp\/v2\/types\/product"}],"replies":[{"embeddable":true,"href":"https:\/\/recambiosecogas.com\/pt-pt\/wp-json\/wp\/v2\/comments?post=36472"}],"wp:featuredmedia":[{"embeddable":true,"href":"https:\/\/recambiosecogas.com\/pt-pt\/wp-json\/wp\/v2\/media\/28806"}],"wp:attachment":[{"href":"https:\/\/recambiosecogas.com\/pt-pt\/wp-json\/wp\/v2\/media?parent=36472"}],"wp:term":[{"taxonomy":"product_brand","embeddable":true,"href":"https:\/\/recambiosecogas.com\/pt-pt\/wp-json\/wp\/v2\/product_brand?post=36472"},{"taxonomy":"product_cat","embeddable":true,"href":"https:\/\/recambiosecogas.com\/pt-pt\/wp-json\/wp\/v2\/product_cat?post=36472"},{"taxonomy":"product_tag","embeddable":true,"href":"https:\/\/recambiosecogas.com\/pt-pt\/wp-json\/wp\/v2\/product_tag?post=36472"}],"curies":[{"name":"wp","href":"https:\/\/api.w.org\/{rel}","templated":true}]}}