{"id":36469,"date":"2024-12-19T11:10:03","date_gmt":"2024-12-19T11:10:03","guid":{"rendered":"https:\/\/recambiosecogas.com\/producto\/base-do-filtro-hs02-12x12x12-mm\/"},"modified":"2026-04-08T10:23:57","modified_gmt":"2026-04-08T09:23:57","slug":"base-para-filtro-hs02-12x12x12-mm","status":"publish","type":"product","link":"https:\/\/recambiosecogas.com\/pt-pt\/produto\/base-para-filtro-hs02-12x12x12-mm\/","title":{"rendered":"Base do filtro HS02 &#8211; 12x12x12 mm"},"content":{"rendered":"<h1 data-start=\"265\" data-end=\"295\">Base do filtro HS02 12x12x12 mm<\/h1>\n<p data-start=\"297\" data-end=\"585\">A <strong data-start=\"300\" data-end=\"332\">base do filtro HS02 12x12x12 mm<\/strong> \u00e9 um componente concebido para a liga\u00e7\u00e3o e suporte de filtros em fase gasosa em sistemas de GPL Autogas. Permite uma liga\u00e7\u00e3o segura entre o filtro e o circuito de g\u00e1s, garantindo estanqueidade e fluxo correto em instala\u00e7\u00f5es com liga\u00e7\u00f5es de 12 mm. <\/p>\n<p data-start=\"587\" data-end=\"756\">Feito de materiais dur\u00e1veis, oferece durabilidade e fiabilidade em condi\u00e7\u00f5es de trabalho exigentes, garantindo uma veda\u00e7\u00e3o est\u00e1vel que minimiza o risco de fugas.<\/p>\n<hr data-start=\"758\" data-end=\"761\">\n<h2 data-start=\"763\" data-end=\"807\">Suporte para filtro de fase gasosa de 12 mm<\/h2>\n<div class=\"TyagGW_tableContainer\">\n<div class=\"group TyagGW_tableWrapper flex flex-col-reverse w-fit\" tabindex=\"-1\">\n<table class=\"w-fit min-w-(--thread-content-width)\" data-start=\"809\" data-end=\"1083\">\n<thead data-start=\"809\" data-end=\"837\">\n<tr data-start=\"809\" data-end=\"837\">\n<th class=\"\" data-start=\"809\" data-end=\"826\" data-col-size=\"sm\">Funcionalidade<\/th>\n<th class=\"\" data-start=\"826\" data-end=\"837\" data-col-size=\"sm\">Detalhe<\/th>\n<\/tr>\n<\/thead>\n<tbody data-start=\"867\" data-end=\"1083\">\n<tr data-start=\"867\" data-end=\"898\">\n<td data-start=\"867\" data-end=\"878\" data-col-size=\"sm\">Produto<\/td>\n<td data-start=\"878\" data-end=\"898\" data-col-size=\"sm\">Base do filtro<\/td>\n<\/tr>\n<tr data-start=\"899\" data-end=\"916\">\n<td data-start=\"899\" data-end=\"908\" data-col-size=\"sm\">Modelo<\/td>\n<td data-start=\"908\" data-end=\"916\" data-col-size=\"sm\">HS02<\/td>\n<\/tr>\n<tr data-start=\"917\" data-end=\"954\">\n<td data-start=\"917\" data-end=\"935\" data-col-size=\"sm\">Tamanho da liga\u00e7\u00e3o<\/td>\n<td data-start=\"935\" data-end=\"954\" data-col-size=\"sm\">12 x 12 x 12 mm<\/td>\n<\/tr>\n<tr data-start=\"955\" data-end=\"991\">\n<td data-start=\"955\" data-end=\"968\" data-col-size=\"sm\">Aplica\u00e7\u00e3o<\/td>\n<td data-start=\"968\" data-end=\"991\" data-col-size=\"sm\">Filtro em fase gasosa<\/td>\n<\/tr>\n<tr data-start=\"992\" data-end=\"1013\">\n<td data-start=\"992\" data-end=\"1006\" data-col-size=\"sm\">Combust\u00edvel<\/td>\n<td data-col-size=\"sm\" data-start=\"1006\" data-end=\"1013\">LPG<\/td>\n<\/tr>\n<tr data-start=\"1014\" data-end=\"1051\">\n<td data-start=\"1014\" data-end=\"1020\" data-col-size=\"sm\">Aplica\u00e7\u00e3o<\/td>\n<td data-start=\"1020\" data-end=\"1051\" data-col-size=\"sm\">Instala\u00e7\u00e3o \/ Manuten\u00e7\u00e3o<\/td>\n<\/tr>\n<tr data-start=\"1052\" data-end=\"1083\">\n<td data-start=\"1052\" data-end=\"1063\" data-col-size=\"sm\">Material<\/td>\n<td data-start=\"1063\" data-end=\"1083\" data-col-size=\"sm\">Alta resist\u00eancia<\/td>\n<\/tr>\n<\/tbody>\n<\/table>\n<\/div>\n<\/div>\n<hr data-start=\"1085\" data-end=\"1088\">\n<h2 data-start=\"1090\" data-end=\"1107\">Compatibilidade<\/h2>\n<ul data-start=\"1109\" data-end=\"1259\">\n<li data-start=\"1109\" data-end=\"1141\">\n<p data-start=\"1111\" data-end=\"1141\">Filtros de Fase Gasosa HS02<\/p>\n<\/li>\n<li data-start=\"1142\" data-end=\"1191\">\n<p data-start=\"1144\" data-end=\"1191\">Sistemas de GLP com liga\u00e7\u00f5es padr\u00e3o de 12 mm<\/p>\n<\/li>\n<li data-start=\"1192\" data-end=\"1259\">\n<p data-start=\"1194\" data-end=\"1259\">Instala\u00e7\u00f5es em ve\u00edculos e sistemas de g\u00e1s com di\u00e2metro de 12 mm<\/p>\n<\/li>\n<\/ul>\n<p data-start=\"1261\" data-end=\"1324\">Verifique o di\u00e2metro das entradas e sa\u00eddas antes da instala\u00e7\u00e3o.<\/p>\n<hr data-start=\"1326\" data-end=\"1329\">\n<h2 data-start=\"1331\" data-end=\"1353\">Benef\u00edcios T\u00e9cnicos<\/h2>\n<ul data-start=\"1355\" data-end=\"1550\">\n<li data-start=\"1355\" data-end=\"1382\">\n<p data-start=\"1357\" data-end=\"1382\">Liga\u00e7\u00e3o padr\u00e3o 12 mm<\/p>\n<\/li>\n<li data-start=\"1383\" data-end=\"1426\">\n<p data-start=\"1385\" data-end=\"1426\">Design compacto para espa\u00e7os apertados<\/p>\n<\/li>\n<li data-start=\"1427\" data-end=\"1457\">\n<p data-start=\"1429\" data-end=\"1457\">Veda\u00e7\u00e3o segura e fi\u00e1vel<\/p>\n<\/li>\n<li data-start=\"1458\" data-end=\"1491\">\n<p data-start=\"1460\" data-end=\"1491\">Instala\u00e7\u00e3o r\u00e1pida e f\u00e1cil<\/p>\n<\/li>\n<li data-start=\"1492\" data-end=\"1550\">\n<p data-start=\"1494\" data-end=\"1550\">Adequado para m\u00faltiplas configura\u00e7\u00f5es de sistemas de GPL<\/p>\n<\/li>\n<\/ul>\n<hr data-start=\"1552\" data-end=\"1555\">\n<h2 data-start=\"1557\" data-end=\"1563\">FAQ<\/h2>\n<p data-start=\"1565\" data-end=\"1668\"><strong data-start=\"1565\" data-end=\"1600\">Para que serve esta base HS02?<\/strong><br data-start=\"1600\" data-end=\"1603\">Permite ligar e fixar filtros em fase gasosa em sistemas de GPL.<\/p>\n<p data-start=\"1670\" data-end=\"1760\"><strong data-start=\"1670\" data-end=\"1706\">Que di\u00e2metro de liga\u00e7\u00e3o tem?<\/strong><br data-start=\"1706\" data-end=\"1709\">Tem liga\u00e7\u00f5es de 12 mm na entrada e na sa\u00edda.<\/p>\n<p data-start=\"1762\" data-end=\"1885\"><strong data-start=\"1762\" data-end=\"1809\">\u00c9 compat\u00edvel com algum filtro de g\u00e1s?<\/strong><br data-start=\"1809\" data-end=\"1812\">Foi concebido para filtros HS02 ou sistemas que utilizam liga\u00e7\u00f5es de 12 mm.<\/p>\n<p data-start=\"1887\" data-end=\"1962\"><strong data-start=\"1887\" data-end=\"1911\">\u00c9 v\u00e1lido para GNC?<\/strong><br data-start=\"1911\" data-end=\"1914\">\u00c9 indicado para sistemas de GPL em fase gasosa.<\/p>\n","protected":false},"excerpt":{"rendered":"<div class=\"flex flex-col text-sm pb-25\">\n<article class=\"text-token-text-primary w-full focus:outline-none [--shadow-height:45px] has-data-writing-block:pointer-events-none has-data-writing-block:-mt-(--shadow-height) has-data-writing-block:pt-(--shadow-height) [&amp;:has([data-writing-block])&gt;*]:pointer-events-auto scroll-mt-[calc(var(--header-height)+min(200px,max(70px,20svh)))]\" dir=\"auto\" tabindex=\"-1\" data-turn-id=\"request-WEB:b3bb4a5a-92e7-4fc9-8a3c-1f467c7c261b-59\" data-testid=\"conversation-turn-120\" data-scroll-anchor=\"true\" data-turn=\"assistant\">\n<div class=\"text-base my-auto mx-auto pb-10 [--thread-content-margin:--spacing(4)] @w-sm\/main:[--thread-content-margin:--spacing(6)] @w-lg\/main:[--thread-content-margin:--spacing(16)] px-(--thread-content-margin)\">\n<div class=\"[--thread-content-max-width:40rem] @w-lg\/main:[--thread-content-max-width:48rem] mx-auto max-w-(--thread-content-max-width) flex-1 group\/turn-messages focus-visible:outline-hidden relative flex w-full min-w-0 flex-col agent-turn\" tabindex=\"-1\">\n<div class=\"flex max-w-full flex-col grow\">\n<div class=\"min-h-8 text-message relative flex w-full flex-col items-end gap-2 text-start break-words whitespace-normal [.text-message+&amp;]:mt-1\" dir=\"auto\" data-message-author-role=\"assistant\" data-message-id=\"e73977b4-a6bc-4b5b-b743-23eb82f2562f\" data-message-model-slug=\"gpt-5-2\">\n<div class=\"flex w-full flex-col gap-1 empty:hidden first:pt-[1px]\">\n<div class=\"markdown prose dark:prose-invert w-full wrap-break-word light markdown-new-styling\">\n<p data-start=\"2345\" data-end=\"2491\" data-is-last-node=\"\" data-is-only-node=\"\">Base de filtro HS02 com liga\u00e7\u00e3o 12x12x12 mm para sistemas de GPL Autog\u00e1s em fase gasosa. Solu\u00e7\u00e3o compacta e segura para instala\u00e7\u00e3o profissional. <\/p>\n<\/div>\n<\/div>\n<\/div>\n<\/div>\n<div class=\"z-0 flex min-h-[46px] justify-start\"><\/div>\n<div class=\"mt-3 w-full empty:hidden\">\n<div class=\"text-center\"><\/div>\n<\/div>\n<\/div>\n<\/div>\n<\/article>\n<\/div>\n<div class=\"pointer-events-none h-px w-px absolute bottom-0\" aria-hidden=\"true\" data-edge=\"true\"><\/div>\n","protected":false},"featured_media":26043,"comment_status":"open","ping_status":"closed","template":"","meta":{"googlesitekit_rrm_CAowud7EDA:productID":"","_uag_custom_page_level_css":""},"product_brand":[],"product_cat":[1569,1919,1571,1573,1567],"product_tag":[1112],"class_list":{"0":"post-36469","1":"product","2":"type-product","3":"status-publish","4":"has-post-thumbnail","6":"product_cat-acessorios-para-filtros","7":"product_cat-bobinas-magneticas-pt-pt","8":"product_cat-fase-gasosa-pt-pt-2","9":"product_cat-fase-liquida-pt-pt","10":"product_cat-filtros-gpl-lpg","11":"product_tag-12x12x12-pt-pt","13":"first","14":"instock","15":"taxable","16":"shipping-taxable","17":"purchasable","18":"product-type-simple"},"ct_brands":[],"yoast_head":"<!-- This site is optimized with the Yoast SEO Premium plugin v27.3 (Yoast SEO v27.3) - https:\/\/yoast.com\/product\/yoast-seo-premium-wordpress\/ -->\n<title>Base do filtro HS02 - 12x12x12 mm | Recambios EcoGas | Sistemas GLP y GNC<\/title>\n<meta name=\"description\" content=\"Base do filtro HS02 12x12x12 mm para sistemas de GPL Autog\u00e1s. Liga\u00e7\u00e3o padr\u00e3o de 12 mm para fase gasosa. Instala\u00e7\u00e3o segura e veda\u00e7\u00e3o fi\u00e1vel.\" \/>\n<meta name=\"robots\" content=\"index, follow, max-snippet:-1, max-image-preview:large, max-video-preview:-1\" \/>\n<link rel=\"canonical\" href=\"https:\/\/recambiosecogas.com\/pt-pt\/produto\/base-para-filtro-hs02-12x12x12-mm\/\" \/>\n<meta property=\"og:locale\" content=\"pt_PT\" \/>\n<meta property=\"og:type\" content=\"article\" \/>\n<meta property=\"og:title\" content=\"Base do filtro HS02 - 12x12x12 mm\" \/>\n<meta property=\"og:description\" content=\"Base do filtro HS02 12x12x12 mm para sistemas de GPL Autog\u00e1s. Liga\u00e7\u00e3o padr\u00e3o de 12 mm para fase gasosa. Instala\u00e7\u00e3o segura e veda\u00e7\u00e3o fi\u00e1vel.\" \/>\n<meta property=\"og:url\" content=\"https:\/\/recambiosecogas.com\/pt-pt\/produto\/base-para-filtro-hs02-12x12x12-mm\/\" \/>\n<meta property=\"og:site_name\" content=\"Recambios EcoGas\" \/>\n<meta property=\"article:publisher\" content=\"https:\/\/www.facebook.com\/profile.php?id=100062419705358\" \/>\n<meta property=\"article:modified_time\" content=\"2026-04-08T09:23:57+00:00\" \/>\n<meta property=\"og:image\" content=\"https:\/\/recambiosecogas.com\/wp-content\/uploads\/2024\/12\/Base-para-filtro-HS02-\u2013-12x12x12-mm-png.webp\" \/>\n\t<meta property=\"og:image:width\" content=\"1000\" \/>\n\t<meta property=\"og:image:height\" content=\"1000\" \/>\n\t<meta property=\"og:image:type\" content=\"image\/png\" \/>\n<meta name=\"twitter:card\" content=\"summary_large_image\" \/>\n<meta name=\"twitter:label1\" content=\"pre\u00e7o\" \/>\n\t<meta name=\"twitter:data1\" content=\"19,44&nbsp;&euro; (IVA incl.: 23,52&nbsp;&euro;)\" \/>\n\t<meta name=\"twitter:label2\" content=\"Disponibilidade\" \/>\n\t<meta name=\"twitter:data2\" content=\"Em stock\" \/>\n<script type=\"application\/ld+json\" class=\"yoast-schema-graph\">{\"@context\":\"https:\\\/\\\/schema.org\",\"@graph\":[{\"@type\":\"WebPage\",\"@id\":\"https:\\\/\\\/recambiosecogas.com\\\/pt-pt\\\/produto\\\/base-para-filtro-hs02-12x12x12-mm\\\/\",\"url\":\"https:\\\/\\\/recambiosecogas.com\\\/pt-pt\\\/produto\\\/base-para-filtro-hs02-12x12x12-mm\\\/\",\"name\":\"Base do filtro HS02 - 12x12x12 mm | Recambios EcoGas | Sistemas GLP y GNC\",\"isPartOf\":{\"@id\":\"https:\\\/\\\/recambiosecogas.com\\\/pt-pt\\\/#website\"},\"primaryImageOfPage\":{\"@id\":\"https:\\\/\\\/recambiosecogas.com\\\/pt-pt\\\/produto\\\/base-para-filtro-hs02-12x12x12-mm\\\/#primaryimage\"},\"image\":{\"@id\":\"https:\\\/\\\/recambiosecogas.com\\\/pt-pt\\\/produto\\\/base-para-filtro-hs02-12x12x12-mm\\\/#primaryimage\"},\"thumbnailUrl\":\"https:\\\/\\\/recambiosecogas.com\\\/wp-content\\\/uploads\\\/2024\\\/12\\\/Base-para-filtro-HS02-\u2013-12x12x12-mm-png.webp\",\"datePublished\":\"2024-12-19T11:10:03+00:00\",\"dateModified\":\"2026-04-08T09:23:57+00:00\",\"description\":\"Base do filtro HS02 12x12x12 mm para sistemas de GPL Autog\u00e1s. Liga\u00e7\u00e3o padr\u00e3o de 12 mm para fase gasosa. Instala\u00e7\u00e3o segura e veda\u00e7\u00e3o fi\u00e1vel.\",\"breadcrumb\":{\"@id\":\"https:\\\/\\\/recambiosecogas.com\\\/pt-pt\\\/produto\\\/base-para-filtro-hs02-12x12x12-mm\\\/#breadcrumb\"},\"inLanguage\":\"pt-PT\",\"potentialAction\":[{\"@type\":\"ReadAction\",\"target\":[\"https:\\\/\\\/recambiosecogas.com\\\/pt-pt\\\/produto\\\/base-para-filtro-hs02-12x12x12-mm\\\/\"]}]},{\"@type\":\"ImageObject\",\"inLanguage\":\"pt-PT\",\"@id\":\"https:\\\/\\\/recambiosecogas.com\\\/pt-pt\\\/produto\\\/base-para-filtro-hs02-12x12x12-mm\\\/#primaryimage\",\"url\":\"https:\\\/\\\/recambiosecogas.com\\\/wp-content\\\/uploads\\\/2024\\\/12\\\/Base-para-filtro-HS02-\u2013-12x12x12-mm-png.webp\",\"contentUrl\":\"https:\\\/\\\/recambiosecogas.com\\\/wp-content\\\/uploads\\\/2024\\\/12\\\/Base-para-filtro-HS02-\u2013-12x12x12-mm-png.webp\",\"width\":1000,\"height\":1000},{\"@type\":\"BreadcrumbList\",\"@id\":\"https:\\\/\\\/recambiosecogas.com\\\/pt-pt\\\/produto\\\/base-para-filtro-hs02-12x12x12-mm\\\/#breadcrumb\",\"itemListElement\":[{\"@type\":\"ListItem\",\"position\":1,\"name\":\"P\u00e1gina inicial\",\"item\":\"https:\\\/\\\/recambiosecogas.com\\\/pt-pt\\\/\"},{\"@type\":\"ListItem\",\"position\":2,\"name\":\"Loja\",\"item\":\"https:\\\/\\\/recambiosecogas.com\\\/pt-pt\\\/tienda\\\/\"},{\"@type\":\"ListItem\",\"position\":3,\"name\":\"Base do filtro HS02 &#8211; 12x12x12 mm\"}]},{\"@type\":\"WebSite\",\"@id\":\"https:\\\/\\\/recambiosecogas.com\\\/pt-pt\\\/#website\",\"url\":\"https:\\\/\\\/recambiosecogas.com\\\/pt-pt\\\/\",\"name\":\"Recambios EcoGas\",\"description\":\"Pe\u00e7as multimarca para sistemas de GPL\\\/GNC\\\/GNL\\\/Hidrog\u00e9nio\",\"publisher\":{\"@id\":\"https:\\\/\\\/recambiosecogas.com\\\/pt-pt\\\/#organization\"},\"alternateName\":\"Recambios Autogas GLP\",\"potentialAction\":[{\"@type\":\"SearchAction\",\"target\":{\"@type\":\"EntryPoint\",\"urlTemplate\":\"https:\\\/\\\/recambiosecogas.com\\\/pt-pt\\\/?s={search_term_string}\"},\"query-input\":{\"@type\":\"PropertyValueSpecification\",\"valueRequired\":true,\"valueName\":\"search_term_string\"}}],\"inLanguage\":\"pt-PT\"},{\"@type\":[\"Organization\",\"Place\"],\"@id\":\"https:\\\/\\\/recambiosecogas.com\\\/pt-pt\\\/#organization\",\"name\":\"Recambios EcoGas\",\"alternateName\":\"Loja de GPL Autog\u00e1s Espanha\",\"url\":\"https:\\\/\\\/recambiosecogas.com\\\/pt-pt\\\/\",\"logo\":{\"@id\":\"https:\\\/\\\/recambiosecogas.com\\\/pt-pt\\\/produto\\\/base-para-filtro-hs02-12x12x12-mm\\\/#local-main-organization-logo\"},\"image\":{\"@id\":\"https:\\\/\\\/recambiosecogas.com\\\/pt-pt\\\/produto\\\/base-para-filtro-hs02-12x12x12-mm\\\/#local-main-organization-logo\"},\"sameAs\":[\"https:\\\/\\\/www.facebook.com\\\/profile.php?id=100062419705358\",\"https:\\\/\\\/www.instagram.com\\\/segimon_automocio\"],\"description\":\"Recambios EcoGas \u2013 Venta y distribuci\u00f3n de sistemas GLP y GNC en Espa\u00f1a y Portugal. Env\u00edos 24 h, soporte t\u00e9cnico a talleres y distribuidores.\",\"hasMerchantReturnPolicy\":{\"@type\":\"MerchantReturnPolicy\",\"merchantReturnLink\":\"https:\\\/\\\/recambiosecogas.com\\\/politicas-privacidad\\\/\"},\"address\":{\"@id\":\"https:\\\/\\\/recambiosecogas.com\\\/pt-pt\\\/produto\\\/base-para-filtro-hs02-12x12x12-mm\\\/#local-main-place-address\"},\"telephone\":[\"616250633\"],\"contactPoint\":{\"@type\":\"ContactPoint\",\"email\":\"export@recambiosecogas.com\"},\"openingHoursSpecification\":[{\"@type\":\"OpeningHoursSpecification\",\"dayOfWeek\":[\"Monday\",\"Tuesday\",\"Wednesday\",\"Thursday\",\"Friday\",\"Saturday\",\"Sunday\"],\"opens\":\"09:00\",\"closes\":\"17:00\"}],\"email\":\"info@recambiosecogas.com\",\"faxNumber\":\"SEGIMON AUTOMOCION SL\",\"vatID\":\"ESB19819861\",\"globalLocationNumber\":\"938 616 339\"},{\"@type\":\"PostalAddress\",\"@id\":\"https:\\\/\\\/recambiosecogas.com\\\/pt-pt\\\/produto\\\/base-para-filtro-hs02-12x12x12-mm\\\/#local-main-place-address\",\"streetAddress\":\"cami antic de vic, 29 (Nave 3), Pol\u00edgono Industrial Congost\",\"addressLocality\":\"CORRO D`AVALL\",\"postalCode\":\"08520\",\"addressRegion\":\"Barcelona\",\"addressCountry\":\"ES\"},{\"@type\":\"ImageObject\",\"inLanguage\":\"pt-PT\",\"@id\":\"https:\\\/\\\/recambiosecogas.com\\\/pt-pt\\\/produto\\\/base-para-filtro-hs02-12x12x12-mm\\\/#local-main-organization-logo\",\"url\":\"https:\\\/\\\/recambiosecogas.com\\\/wp-content\\\/uploads\\\/2024\\\/11\\\/cropped-RECAMBIOS-GLP-png.webp\",\"contentUrl\":\"https:\\\/\\\/recambiosecogas.com\\\/wp-content\\\/uploads\\\/2024\\\/11\\\/cropped-RECAMBIOS-GLP-png.webp\",\"width\":512,\"height\":512,\"caption\":\"Recambios EcoGas\"}]}<\/script>\n<meta property=\"product:price:amount\" content=\"19.44\" \/>\n<meta property=\"product:price:currency\" content=\"EUR\" \/>\n<meta property=\"og:availability\" content=\"instock\" \/>\n<meta property=\"product:availability\" content=\"instock\" \/>\n<meta property=\"product:retailer_item_id\" content=\"100531P\" \/>\n<meta property=\"product:condition\" content=\"new\" \/>\n<meta name=\"geo.placename\" content=\"CORRO D`AVALL\" \/>\n<meta name=\"geo.region\" content=\"Espanha\" \/>\n<!-- \/ Yoast SEO Premium plugin. -->","yoast_head_json":{"title":"Base do filtro HS02 - 12x12x12 mm | Recambios EcoGas | Sistemas GLP y GNC","description":"Base do filtro HS02 12x12x12 mm para sistemas de GPL Autog\u00e1s. Liga\u00e7\u00e3o padr\u00e3o de 12 mm para fase gasosa. Instala\u00e7\u00e3o segura e veda\u00e7\u00e3o fi\u00e1vel.","robots":{"index":"index","follow":"follow","max-snippet":"max-snippet:-1","max-image-preview":"max-image-preview:large","max-video-preview":"max-video-preview:-1"},"canonical":"https:\/\/recambiosecogas.com\/pt-pt\/produto\/base-para-filtro-hs02-12x12x12-mm\/","og_locale":"pt_PT","og_type":"article","og_title":"Base do filtro HS02 - 12x12x12 mm","og_description":"Base do filtro HS02 12x12x12 mm para sistemas de GPL Autog\u00e1s. Liga\u00e7\u00e3o padr\u00e3o de 12 mm para fase gasosa. Instala\u00e7\u00e3o segura e veda\u00e7\u00e3o fi\u00e1vel.","og_url":"https:\/\/recambiosecogas.com\/pt-pt\/produto\/base-para-filtro-hs02-12x12x12-mm\/","og_site_name":"Recambios EcoGas","article_publisher":"https:\/\/www.facebook.com\/profile.php?id=100062419705358","article_modified_time":"2026-04-08T09:23:57+00:00","og_image":[{"width":1000,"height":1000,"url":"https:\/\/recambiosecogas.com\/wp-content\/uploads\/2024\/12\/Base-para-filtro-HS02-\u2013-12x12x12-mm-png.webp","type":"image\/png"}],"twitter_card":"summary_large_image","twitter_misc":{"pre\u00e7o":"19,44&nbsp;&euro; (IVA incl.: 23,52&nbsp;&euro;)","Disponibilidade":"Em stock"},"schema":{"@context":"https:\/\/schema.org","@graph":[{"@type":"WebPage","@id":"https:\/\/recambiosecogas.com\/pt-pt\/produto\/base-para-filtro-hs02-12x12x12-mm\/","url":"https:\/\/recambiosecogas.com\/pt-pt\/produto\/base-para-filtro-hs02-12x12x12-mm\/","name":"Base do filtro HS02 - 12x12x12 mm | Recambios EcoGas | Sistemas GLP y GNC","isPartOf":{"@id":"https:\/\/recambiosecogas.com\/pt-pt\/#website"},"primaryImageOfPage":{"@id":"https:\/\/recambiosecogas.com\/pt-pt\/produto\/base-para-filtro-hs02-12x12x12-mm\/#primaryimage"},"image":{"@id":"https:\/\/recambiosecogas.com\/pt-pt\/produto\/base-para-filtro-hs02-12x12x12-mm\/#primaryimage"},"thumbnailUrl":"https:\/\/recambiosecogas.com\/wp-content\/uploads\/2024\/12\/Base-para-filtro-HS02-\u2013-12x12x12-mm-png.webp","datePublished":"2024-12-19T11:10:03+00:00","dateModified":"2026-04-08T09:23:57+00:00","description":"Base do filtro HS02 12x12x12 mm para sistemas de GPL Autog\u00e1s. Liga\u00e7\u00e3o padr\u00e3o de 12 mm para fase gasosa. Instala\u00e7\u00e3o segura e veda\u00e7\u00e3o fi\u00e1vel.","breadcrumb":{"@id":"https:\/\/recambiosecogas.com\/pt-pt\/produto\/base-para-filtro-hs02-12x12x12-mm\/#breadcrumb"},"inLanguage":"pt-PT","potentialAction":[{"@type":"ReadAction","target":["https:\/\/recambiosecogas.com\/pt-pt\/produto\/base-para-filtro-hs02-12x12x12-mm\/"]}]},{"@type":"ImageObject","inLanguage":"pt-PT","@id":"https:\/\/recambiosecogas.com\/pt-pt\/produto\/base-para-filtro-hs02-12x12x12-mm\/#primaryimage","url":"https:\/\/recambiosecogas.com\/wp-content\/uploads\/2024\/12\/Base-para-filtro-HS02-\u2013-12x12x12-mm-png.webp","contentUrl":"https:\/\/recambiosecogas.com\/wp-content\/uploads\/2024\/12\/Base-para-filtro-HS02-\u2013-12x12x12-mm-png.webp","width":1000,"height":1000},{"@type":"BreadcrumbList","@id":"https:\/\/recambiosecogas.com\/pt-pt\/produto\/base-para-filtro-hs02-12x12x12-mm\/#breadcrumb","itemListElement":[{"@type":"ListItem","position":1,"name":"P\u00e1gina inicial","item":"https:\/\/recambiosecogas.com\/pt-pt\/"},{"@type":"ListItem","position":2,"name":"Loja","item":"https:\/\/recambiosecogas.com\/pt-pt\/tienda\/"},{"@type":"ListItem","position":3,"name":"Base do filtro HS02 &#8211; 12x12x12 mm"}]},{"@type":"WebSite","@id":"https:\/\/recambiosecogas.com\/pt-pt\/#website","url":"https:\/\/recambiosecogas.com\/pt-pt\/","name":"Recambios EcoGas","description":"Pe\u00e7as multimarca para sistemas de GPL\/GNC\/GNL\/Hidrog\u00e9nio","publisher":{"@id":"https:\/\/recambiosecogas.com\/pt-pt\/#organization"},"alternateName":"Recambios Autogas GLP","potentialAction":[{"@type":"SearchAction","target":{"@type":"EntryPoint","urlTemplate":"https:\/\/recambiosecogas.com\/pt-pt\/?s={search_term_string}"},"query-input":{"@type":"PropertyValueSpecification","valueRequired":true,"valueName":"search_term_string"}}],"inLanguage":"pt-PT"},{"@type":["Organization","Place"],"@id":"https:\/\/recambiosecogas.com\/pt-pt\/#organization","name":"Recambios EcoGas","alternateName":"Loja de GPL Autog\u00e1s Espanha","url":"https:\/\/recambiosecogas.com\/pt-pt\/","logo":{"@id":"https:\/\/recambiosecogas.com\/pt-pt\/produto\/base-para-filtro-hs02-12x12x12-mm\/#local-main-organization-logo"},"image":{"@id":"https:\/\/recambiosecogas.com\/pt-pt\/produto\/base-para-filtro-hs02-12x12x12-mm\/#local-main-organization-logo"},"sameAs":["https:\/\/www.facebook.com\/profile.php?id=100062419705358","https:\/\/www.instagram.com\/segimon_automocio"],"description":"Recambios EcoGas \u2013 Venta y distribuci\u00f3n de sistemas GLP y GNC en Espa\u00f1a y Portugal. Env\u00edos 24 h, soporte t\u00e9cnico a talleres y distribuidores.","hasMerchantReturnPolicy":{"@type":"MerchantReturnPolicy","merchantReturnLink":"https:\/\/recambiosecogas.com\/politicas-privacidad\/"},"address":{"@id":"https:\/\/recambiosecogas.com\/pt-pt\/produto\/base-para-filtro-hs02-12x12x12-mm\/#local-main-place-address"},"telephone":["616250633"],"contactPoint":{"@type":"ContactPoint","email":"export@recambiosecogas.com"},"openingHoursSpecification":[{"@type":"OpeningHoursSpecification","dayOfWeek":["Monday","Tuesday","Wednesday","Thursday","Friday","Saturday","Sunday"],"opens":"09:00","closes":"17:00"}],"email":"info@recambiosecogas.com","faxNumber":"SEGIMON AUTOMOCION SL","vatID":"ESB19819861","globalLocationNumber":"938 616 339"},{"@type":"PostalAddress","@id":"https:\/\/recambiosecogas.com\/pt-pt\/produto\/base-para-filtro-hs02-12x12x12-mm\/#local-main-place-address","streetAddress":"cami antic de vic, 29 (Nave 3), Pol\u00edgono Industrial Congost","addressLocality":"CORRO D`AVALL","postalCode":"08520","addressRegion":"Barcelona","addressCountry":"ES"},{"@type":"ImageObject","inLanguage":"pt-PT","@id":"https:\/\/recambiosecogas.com\/pt-pt\/produto\/base-para-filtro-hs02-12x12x12-mm\/#local-main-organization-logo","url":"https:\/\/recambiosecogas.com\/wp-content\/uploads\/2024\/11\/cropped-RECAMBIOS-GLP-png.webp","contentUrl":"https:\/\/recambiosecogas.com\/wp-content\/uploads\/2024\/11\/cropped-RECAMBIOS-GLP-png.webp","width":512,"height":512,"caption":"Recambios EcoGas"}]},"product_price_amount":"19.44","product_price_currency":"EUR","og_availability":"instock","product_availability":"instock","product_retailer_item_id":"100531P","product_condition":"new","geo.placename":"CORRO D`AVALL","geo.region":"Espanha"},"uagb_featured_image_src":{"full":["https:\/\/recambiosecogas.com\/wp-content\/uploads\/2024\/12\/Base-para-filtro-HS02-\u2013-12x12x12-mm-png.webp",1000,1000,false],"thumbnail":["https:\/\/recambiosecogas.com\/wp-content\/uploads\/2024\/12\/Base-para-filtro-HS02-\u2013-12x12x12-mm-150x150.webp",150,150,true],"medium":["https:\/\/recambiosecogas.com\/wp-content\/uploads\/2024\/12\/Base-para-filtro-HS02-\u2013-12x12x12-mm-300x300.webp",300,300,true],"medium_large":["https:\/\/recambiosecogas.com\/wp-content\/uploads\/2024\/12\/Base-para-filtro-HS02-\u2013-12x12x12-mm-768x768.webp",768,768,true],"large":["https:\/\/recambiosecogas.com\/wp-content\/uploads\/2024\/12\/Base-para-filtro-HS02-\u2013-12x12x12-mm-png.webp",1000,1000,false],"1536x1536":["https:\/\/recambiosecogas.com\/wp-content\/uploads\/2024\/12\/Base-para-filtro-HS02-\u2013-12x12x12-mm-png.webp",1000,1000,false],"2048x2048":["https:\/\/recambiosecogas.com\/wp-content\/uploads\/2024\/12\/Base-para-filtro-HS02-\u2013-12x12x12-mm-png.webp",1000,1000,false],"woocommerce_archive_thumbnail":["https:\/\/recambiosecogas.com\/wp-content\/uploads\/2024\/12\/Base-para-filtro-HS02-\u2013-12x12x12-mm-png.webp",1000,1000,false],"woocommerce_thumbnail":["https:\/\/recambiosecogas.com\/wp-content\/uploads\/2024\/12\/Base-para-filtro-HS02-\u2013-12x12x12-mm-300x300.webp",300,300,true],"woocommerce_single":["https:\/\/recambiosecogas.com\/wp-content\/uploads\/2024\/12\/Base-para-filtro-HS02-\u2013-12x12x12-mm-png.webp",1000,1000,false],"woocommerce_gallery_thumbnail":["https:\/\/recambiosecogas.com\/wp-content\/uploads\/2024\/12\/Base-para-filtro-HS02-\u2013-12x12x12-mm-png.webp",1000,1000,false],"dgwt-wcas-product-suggestion":["https:\/\/recambiosecogas.com\/wp-content\/uploads\/2024\/12\/Base-para-filtro-HS02-\u2013-12x12x12-mm-64x64.webp",64,64,true]},"uagb_author_info":{"display_name":"Fran - Soporte T\u00e9cnico","author_link":"https:\/\/recambiosecogas.com\/pt-pt\/author\/"},"uagb_comment_info":0,"uagb_excerpt":"Base de filtro HS02 com liga\u00e7\u00e3o 12x12x12 mm para sistemas de GPL Autog\u00e1s em fase gasosa. Solu\u00e7\u00e3o compacta e segura para instala\u00e7\u00e3o profissional.","_links":{"self":[{"href":"https:\/\/recambiosecogas.com\/pt-pt\/wp-json\/wp\/v2\/product\/36469","targetHints":{"allow":["GET"]}}],"collection":[{"href":"https:\/\/recambiosecogas.com\/pt-pt\/wp-json\/wp\/v2\/product"}],"about":[{"href":"https:\/\/recambiosecogas.com\/pt-pt\/wp-json\/wp\/v2\/types\/product"}],"replies":[{"embeddable":true,"href":"https:\/\/recambiosecogas.com\/pt-pt\/wp-json\/wp\/v2\/comments?post=36469"}],"wp:featuredmedia":[{"embeddable":true,"href":"https:\/\/recambiosecogas.com\/pt-pt\/wp-json\/wp\/v2\/media\/26043"}],"wp:attachment":[{"href":"https:\/\/recambiosecogas.com\/pt-pt\/wp-json\/wp\/v2\/media?parent=36469"}],"wp:term":[{"taxonomy":"product_brand","embeddable":true,"href":"https:\/\/recambiosecogas.com\/pt-pt\/wp-json\/wp\/v2\/product_brand?post=36469"},{"taxonomy":"product_cat","embeddable":true,"href":"https:\/\/recambiosecogas.com\/pt-pt\/wp-json\/wp\/v2\/product_cat?post=36469"},{"taxonomy":"product_tag","embeddable":true,"href":"https:\/\/recambiosecogas.com\/pt-pt\/wp-json\/wp\/v2\/product_tag?post=36469"}],"curies":[{"name":"wp","href":"https:\/\/api.w.org\/{rel}","templated":true}]}}