{"id":36466,"date":"2024-12-19T11:10:01","date_gmt":"2024-12-19T11:10:01","guid":{"rendered":"https:\/\/recambiosecogas.com\/producto\/substituicao-do-filtro-de-poliester-para-o-filtro-de-gas-landi-renzo-incluindo-o-rings-fase-gasosa\/"},"modified":"2025-07-09T16:35:53","modified_gmt":"2025-07-09T15:35:53","slug":"substituicao-do-filtro-de-poliester-para-o-filtro-de-gas-landi-renzo-incluindo-o-rings-fase-gasosa","status":"publish","type":"product","link":"https:\/\/recambiosecogas.com\/pt-pt\/produto\/substituicao-do-filtro-de-poliester-para-o-filtro-de-gas-landi-renzo-incluindo-o-rings-fase-gasosa\/","title":{"rendered":"Substitui\u00e7\u00e3o do filtro de poli\u00e9ster para o filtro LANDI RENZO incluindo O-rings (fase gasosa)"},"content":{"rendered":"<h2>Substitui\u00e7\u00e3o do filtro de poli\u00e9ster para o filtro LANDI RENZO incluindo O-rings (fase gasosa) <\/h2>\n<table>\n<tbody>\n<tr>\n<td>Materiais<\/td>\n<td>Altura em mm (h)<\/td>\n<td>Di\u00e2metro exterior (D)<\/td>\n<td>Di\u00e2metro interior (d)<\/td>\n<td>V\u00e1lvulas de fecho<\/td>\n<td>Vaporizador<\/td>\n<td>Sistemas<\/td>\n<td>Refer\u00eancias<\/td>\n<\/tr>\n<tr>\n<td>Metal \/ Poli\u00e9ster<\/td>\n<td>50,0<\/td>\n<td>42,0<\/td>\n<td>17,0<\/td>\n<td>&#8211;<\/td>\n<td>&#8211;<\/td>\n<td>LANDI RENZO \u00d3megas<\/td>\n<td>FIAT: 71754829 UFIN 46 008 00 SOFIMA: S600G Renault: 169195019R<\/td>\n<\/tr>\n<\/tbody>\n<\/table>\n<p>A substitui\u00e7\u00e3o do filtro de poli\u00e9ster para o filtro de g\u00e1s LANDI RENZO incluindo O-rings (fase gasosa) \u00e9 projetada para fornecer filtragem eficiente e confi\u00e1vel na <strong>fase gasosa<\/strong> de sistemas de g\u00e1s <strong>GLP<\/strong> (G\u00e1s de Petr\u00f3leo Liquefeito). Feito a partir de uma combina\u00e7\u00e3o de materiais <strong>de metal e poli\u00e9ster<\/strong> , este cartucho oferece excelente durabilidade e capacidade de filtra\u00e7\u00e3o, protegendo os principais componentes do sistema, como injetores e redutores.  <\/p>\n<p>Com um design compacto e medi\u00e7\u00f5es precisas ( <strong>Altura: 50 mm, Di\u00e2metro exterior: 42 mm, Di\u00e2metro interior: 17 mm<\/strong> ), este cartucho \u00e9 f\u00e1cil de instalar e substituir, garantindo uma manuten\u00e7\u00e3o eficiente. \u00c9 compat\u00edvel com <strong>LANDI RENZO Omegas<\/strong> , amplamente utilizados em ve\u00edculos equipados com sistemas de convers\u00e3o de g\u00e1s GLP. <\/p>\n<p>Inclui embalagens de alta qualidade que garantem uma veda\u00e7\u00e3o perfeita, evitando vazamentos e garantindo um \u00f3timo desempenho. Este filtro \u00e9 ideal para ve\u00edculos como <strong>FIAT<\/strong> e <strong>Renault<\/strong> , com refer\u00eancias cruzadas que garantem a sua compatibilidade. <\/p>\n<p><strong>Especifica\u00e7\u00f5es t\u00e9cnicas:<\/strong><\/p>\n<ul>\n<li><strong>Material:<\/strong> Metal \/ Poli\u00e9ster.<\/li>\n<li><strong>Altura:<\/strong> 50 mm.<\/li>\n<li><strong>Di\u00e2metro exterior:<\/strong> 42 mm.<\/li>\n<li><strong>Di\u00e2metro interior:<\/strong> 17 mm.<\/li>\n<li><strong>Sistemas compat\u00edveis:<\/strong> LANDI RENZO Omegas.<\/li>\n<li><strong>Refer\u00eancias:<\/strong>\n<ul>\n<li>FIAT: 71754829.<\/li>\n<li>N\u00famero de identifica\u00e7\u00e3o fiscal: 46 008 00.<\/li>\n<li>Modelo: S600G.<\/li>\n<li>Renault: 169195019R.<\/li>\n<\/ul>\n<\/li>\n<\/ul>\n<p><strong>Caracter\u00edsticas e benef\u00edcios:<\/strong><\/p>\n<ul>\n<li>Filtra\u00e7\u00e3o precisa e eficiente na fase gasosa, capturando part\u00edculas e contaminantes.<\/li>\n<li>Feito com poli\u00e9ster de alta qualidade para um desempenho duradouro.<\/li>\n<li>Compat\u00edvel com sistemas LANDI RENZO e ve\u00edculos FIAT e Renault.<\/li>\n<li>Protege os injetores e reduz o risco de falhas no sistema GPL.<\/li>\n<\/ul>\n<p><strong>Aplica\u00e7\u00f5es:<\/strong><\/p>\n<ul>\n<li>Sistemas de g\u00e1s GPL em ve\u00edculos com sistemas LANDI RENZO Omegas.<\/li>\n<li>Ve\u00edculos FIAT e Renault equipados com <a href=\"http:\/\/www.segimonautomocio.com\">convers\u00e3o de GPL.<\/a><\/li>\n<\/ul>\n<p><a href=\"https:\/\/recambiosecogas.com\/categoria-produto\/filtros-gpl-lpg\/?lang=pt-pt\" target=\"_blank\" rel=\"noopener\">OBTENHA MAIS FILTROS NO NOSSO SITE<\/a><\/p>\n","protected":false},"excerpt":{"rendered":"<p>LANDI RENZO<\/p>\n","protected":false},"featured_media":28837,"comment_status":"open","ping_status":"closed","template":"","meta":{"googlesitekit_rrm_CAowud7EDA:productID":"","_uag_custom_page_level_css":""},"product_brand":[997],"product_cat":[1571,1567],"product_tag":[],"class_list":{"0":"post-36466","1":"product","2":"type-product","3":"status-publish","4":"has-post-thumbnail","6":"product_brand-landi-renzo","7":"product_cat-fase-gasosa-pt-pt-2","8":"product_cat-filtros-gpl-lpg","10":"first","11":"onbackorder","12":"taxable","13":"shipping-taxable","14":"purchasable","15":"product-type-simple"},"ct_brands":[{"id":997,"name":"Landi Renzo","slug":"landi-renzo"}],"yoast_head":"<!-- This site is optimized with the Yoast SEO Premium plugin v27.4 (Yoast SEO v27.5) - https:\/\/yoast.com\/product\/yoast-seo-premium-wordpress\/ -->\n<title>Substitui\u00e7\u00e3o do filtro de poli\u00e9ster para o filtro LANDI RENZO incluindo O-rings (fase gasosa) | Recambios EcoGas | Sistemas GLP y GNC<\/title>\n<meta name=\"description\" content=\"Substitui\u00e7\u00e3o do filtro de poli\u00e9ster para o filtro LANDI RENZO incluindo O-rings (fase gasosa). Compat\u00edvel com sistemas Omegas. Inclui embalagem. Ideal para FIAT e Renault.\" \/>\n<meta name=\"robots\" content=\"index, follow, max-snippet:-1, max-image-preview:large, max-video-preview:-1\" \/>\n<link rel=\"canonical\" href=\"https:\/\/recambiosecogas.com\/pt-pt\/produto\/substituicao-do-filtro-de-poliester-para-o-filtro-de-gas-landi-renzo-incluindo-o-rings-fase-gasosa\/\" \/>\n<meta property=\"og:locale\" content=\"pt_PT\" \/>\n<meta property=\"og:type\" content=\"article\" \/>\n<meta property=\"og:title\" content=\"Substitui\u00e7\u00e3o do filtro de poli\u00e9ster para o filtro LANDI RENZO incluindo O-rings (fase gasosa)\" \/>\n<meta property=\"og:description\" content=\"Substitui\u00e7\u00e3o do filtro de poli\u00e9ster para o filtro LANDI RENZO incluindo O-rings (fase gasosa). Compat\u00edvel com sistemas Omegas. Inclui embalagem. Ideal para FIAT e Renault.\" \/>\n<meta property=\"og:url\" content=\"https:\/\/recambiosecogas.com\/pt-pt\/produto\/substituicao-do-filtro-de-poliester-para-o-filtro-de-gas-landi-renzo-incluindo-o-rings-fase-gasosa\/\" \/>\n<meta property=\"og:site_name\" content=\"Recambios EcoGas\" \/>\n<meta property=\"article:publisher\" content=\"https:\/\/www.facebook.com\/profile.php?id=100062419705358\" \/>\n<meta property=\"article:modified_time\" content=\"2025-07-09T15:35:53+00:00\" \/>\n<meta property=\"og:image\" content=\"https:\/\/recambiosecogas.com\/wp-content\/uploads\/2024\/12\/Cartucho-de-filtros-de-poliester-para-filtro-de-gas-LANDI-RENZO-incl.-empaques-fase-gaseosa-png.webp\" \/>\n\t<meta property=\"og:image:width\" content=\"1000\" \/>\n\t<meta property=\"og:image:height\" content=\"1000\" \/>\n\t<meta property=\"og:image:type\" content=\"image\/png\" \/>\n<meta name=\"twitter:card\" content=\"summary_large_image\" \/>\n<meta name=\"twitter:label1\" content=\"pre\u00e7o\" \/>\n\t<meta name=\"twitter:data1\" content=\"12,65&nbsp;&euro; (Sin IVA: 10,45&nbsp;&euro;)\" \/>\n\t<meta name=\"twitter:label2\" content=\"Disponibilidade\" \/>\n\t<meta name=\"twitter:data2\" content=\"Por encomenda\" \/>\n<script type=\"application\/ld+json\" class=\"yoast-schema-graph\">{\"@context\":\"https:\\\/\\\/schema.org\",\"@graph\":[{\"@type\":\"WebPage\",\"@id\":\"https:\\\/\\\/recambiosecogas.com\\\/pt-pt\\\/produto\\\/substituicao-do-filtro-de-poliester-para-o-filtro-de-gas-landi-renzo-incluindo-o-rings-fase-gasosa\\\/\",\"url\":\"https:\\\/\\\/recambiosecogas.com\\\/pt-pt\\\/produto\\\/substituicao-do-filtro-de-poliester-para-o-filtro-de-gas-landi-renzo-incluindo-o-rings-fase-gasosa\\\/\",\"name\":\"Substitui\u00e7\u00e3o do filtro de poli\u00e9ster para o filtro LANDI RENZO incluindo O-rings (fase gasosa) | Recambios EcoGas | Sistemas GLP y GNC\",\"isPartOf\":{\"@id\":\"https:\\\/\\\/recambiosecogas.com\\\/pt-pt\\\/#website\"},\"primaryImageOfPage\":{\"@id\":\"https:\\\/\\\/recambiosecogas.com\\\/pt-pt\\\/produto\\\/substituicao-do-filtro-de-poliester-para-o-filtro-de-gas-landi-renzo-incluindo-o-rings-fase-gasosa\\\/#primaryimage\"},\"image\":{\"@id\":\"https:\\\/\\\/recambiosecogas.com\\\/pt-pt\\\/produto\\\/substituicao-do-filtro-de-poliester-para-o-filtro-de-gas-landi-renzo-incluindo-o-rings-fase-gasosa\\\/#primaryimage\"},\"thumbnailUrl\":\"https:\\\/\\\/recambiosecogas.com\\\/wp-content\\\/uploads\\\/2024\\\/12\\\/Cartucho-de-filtros-de-poliester-para-filtro-de-gas-LANDI-RENZO-incl.-empaques-fase-gaseosa-png.webp\",\"datePublished\":\"2024-12-19T11:10:01+00:00\",\"dateModified\":\"2025-07-09T15:35:53+00:00\",\"description\":\"Substitui\u00e7\u00e3o do filtro de poli\u00e9ster para o filtro LANDI RENZO incluindo O-rings (fase gasosa). Compat\u00edvel com sistemas Omegas. Inclui embalagem. Ideal para FIAT e Renault.\",\"breadcrumb\":{\"@id\":\"https:\\\/\\\/recambiosecogas.com\\\/pt-pt\\\/produto\\\/substituicao-do-filtro-de-poliester-para-o-filtro-de-gas-landi-renzo-incluindo-o-rings-fase-gasosa\\\/#breadcrumb\"},\"inLanguage\":\"pt-PT\",\"potentialAction\":[{\"@type\":\"ReadAction\",\"target\":[\"https:\\\/\\\/recambiosecogas.com\\\/pt-pt\\\/produto\\\/substituicao-do-filtro-de-poliester-para-o-filtro-de-gas-landi-renzo-incluindo-o-rings-fase-gasosa\\\/\"]}]},{\"@type\":\"ImageObject\",\"inLanguage\":\"pt-PT\",\"@id\":\"https:\\\/\\\/recambiosecogas.com\\\/pt-pt\\\/produto\\\/substituicao-do-filtro-de-poliester-para-o-filtro-de-gas-landi-renzo-incluindo-o-rings-fase-gasosa\\\/#primaryimage\",\"url\":\"https:\\\/\\\/recambiosecogas.com\\\/wp-content\\\/uploads\\\/2024\\\/12\\\/Cartucho-de-filtros-de-poliester-para-filtro-de-gas-LANDI-RENZO-incl.-empaques-fase-gaseosa-png.webp\",\"contentUrl\":\"https:\\\/\\\/recambiosecogas.com\\\/wp-content\\\/uploads\\\/2024\\\/12\\\/Cartucho-de-filtros-de-poliester-para-filtro-de-gas-LANDI-RENZO-incl.-empaques-fase-gaseosa-png.webp\",\"width\":1000,\"height\":1000},{\"@type\":\"BreadcrumbList\",\"@id\":\"https:\\\/\\\/recambiosecogas.com\\\/pt-pt\\\/produto\\\/substituicao-do-filtro-de-poliester-para-o-filtro-de-gas-landi-renzo-incluindo-o-rings-fase-gasosa\\\/#breadcrumb\",\"itemListElement\":[{\"@type\":\"ListItem\",\"position\":1,\"name\":\"P\u00e1gina inicial\",\"item\":\"https:\\\/\\\/recambiosecogas.com\\\/pt-pt\\\/\"},{\"@type\":\"ListItem\",\"position\":2,\"name\":\"Loja\",\"item\":\"https:\\\/\\\/recambiosecogas.com\\\/pt-pt\\\/tienda\\\/\"},{\"@type\":\"ListItem\",\"position\":3,\"name\":\"Substitui\u00e7\u00e3o do filtro de poli\u00e9ster para o filtro LANDI RENZO incluindo O-rings (fase gasosa)\"}]},{\"@type\":\"WebSite\",\"@id\":\"https:\\\/\\\/recambiosecogas.com\\\/pt-pt\\\/#website\",\"url\":\"https:\\\/\\\/recambiosecogas.com\\\/pt-pt\\\/\",\"name\":\"Recambios EcoGas\",\"description\":\"Pe\u00e7as multimarca para sistemas de GPL\\\/GNC\\\/GNL\\\/Hidrog\u00e9nio\",\"publisher\":{\"@id\":\"https:\\\/\\\/recambiosecogas.com\\\/pt-pt\\\/#organization\"},\"alternateName\":\"Recambios Autogas GLP\",\"potentialAction\":[{\"@type\":\"SearchAction\",\"target\":{\"@type\":\"EntryPoint\",\"urlTemplate\":\"https:\\\/\\\/recambiosecogas.com\\\/pt-pt\\\/?s={search_term_string}\"},\"query-input\":{\"@type\":\"PropertyValueSpecification\",\"valueRequired\":true,\"valueName\":\"search_term_string\"}}],\"inLanguage\":\"pt-PT\"},{\"@type\":[\"Organization\",\"Place\"],\"@id\":\"https:\\\/\\\/recambiosecogas.com\\\/pt-pt\\\/#organization\",\"name\":\"Recambios EcoGas\",\"alternateName\":\"Loja de GPL Autog\u00e1s Espanha\",\"url\":\"https:\\\/\\\/recambiosecogas.com\\\/pt-pt\\\/\",\"logo\":{\"@id\":\"https:\\\/\\\/recambiosecogas.com\\\/pt-pt\\\/produto\\\/substituicao-do-filtro-de-poliester-para-o-filtro-de-gas-landi-renzo-incluindo-o-rings-fase-gasosa\\\/#local-main-organization-logo\"},\"image\":{\"@id\":\"https:\\\/\\\/recambiosecogas.com\\\/pt-pt\\\/produto\\\/substituicao-do-filtro-de-poliester-para-o-filtro-de-gas-landi-renzo-incluindo-o-rings-fase-gasosa\\\/#local-main-organization-logo\"},\"sameAs\":[\"https:\\\/\\\/www.facebook.com\\\/profile.php?id=100062419705358\",\"https:\\\/\\\/www.instagram.com\\\/segimon_automocio\"],\"description\":\"Recambios EcoGas \u2013 Venta y distribuci\u00f3n de sistemas GLP y GNC en Espa\u00f1a y Portugal. Env\u00edos 24 h, soporte t\u00e9cnico a talleres y distribuidores.\",\"hasMerchantReturnPolicy\":{\"@type\":\"MerchantReturnPolicy\",\"merchantReturnLink\":\"https:\\\/\\\/recambiosecogas.com\\\/politicas-privacidad\\\/\"},\"address\":{\"@id\":\"https:\\\/\\\/recambiosecogas.com\\\/pt-pt\\\/produto\\\/substituicao-do-filtro-de-poliester-para-o-filtro-de-gas-landi-renzo-incluindo-o-rings-fase-gasosa\\\/#local-main-place-address\"},\"telephone\":[\"616250633\"],\"contactPoint\":{\"@type\":\"ContactPoint\",\"email\":\"export@recambiosecogas.com\"},\"openingHoursSpecification\":[{\"@type\":\"OpeningHoursSpecification\",\"dayOfWeek\":[\"Monday\",\"Tuesday\",\"Wednesday\",\"Thursday\",\"Friday\",\"Saturday\",\"Sunday\"],\"opens\":\"09:00\",\"closes\":\"17:00\"}],\"email\":\"info@recambiosecogas.com\",\"faxNumber\":\"SEGIMON AUTOMOCION SL\",\"vatID\":\"ESB19819861\",\"globalLocationNumber\":\"938 616 339\"},{\"@type\":\"PostalAddress\",\"@id\":\"https:\\\/\\\/recambiosecogas.com\\\/pt-pt\\\/produto\\\/substituicao-do-filtro-de-poliester-para-o-filtro-de-gas-landi-renzo-incluindo-o-rings-fase-gasosa\\\/#local-main-place-address\",\"streetAddress\":\"cami antic de vic, 29 (Nave 3), Pol\u00edgono Industrial Congost\",\"addressLocality\":\"CORRO D`AVALL\",\"postalCode\":\"08520\",\"addressRegion\":\"Barcelona\",\"addressCountry\":\"ES\"},{\"@type\":\"ImageObject\",\"inLanguage\":\"pt-PT\",\"@id\":\"https:\\\/\\\/recambiosecogas.com\\\/pt-pt\\\/produto\\\/substituicao-do-filtro-de-poliester-para-o-filtro-de-gas-landi-renzo-incluindo-o-rings-fase-gasosa\\\/#local-main-organization-logo\",\"url\":\"https:\\\/\\\/recambiosecogas.com\\\/wp-content\\\/uploads\\\/2024\\\/11\\\/cropped-RECAMBIOS-GLP-png.webp\",\"contentUrl\":\"https:\\\/\\\/recambiosecogas.com\\\/wp-content\\\/uploads\\\/2024\\\/11\\\/cropped-RECAMBIOS-GLP-png.webp\",\"width\":512,\"height\":512,\"caption\":\"Recambios EcoGas\"}]}<\/script>\n<meta property=\"product:brand\" content=\"Landi Renzo\" \/>\n<meta property=\"product:price:amount\" content=\"12.65\" \/>\n<meta property=\"product:price:currency\" content=\"EUR\" \/>\n<meta property=\"og:availability\" content=\"backorder\" \/>\n<meta property=\"product:availability\" content=\"available for order\" \/>\n<meta property=\"product:retailer_item_id\" content=\"108596\" \/>\n<meta property=\"product:condition\" content=\"new\" \/>\n<meta name=\"geo.placename\" content=\"CORRO D`AVALL\" \/>\n<meta name=\"geo.region\" content=\"Espanha\" \/>\n<!-- \/ Yoast SEO Premium plugin. -->","yoast_head_json":{"title":"Substitui\u00e7\u00e3o do filtro de poli\u00e9ster para o filtro LANDI RENZO incluindo O-rings (fase gasosa) | Recambios EcoGas | Sistemas GLP y GNC","description":"Substitui\u00e7\u00e3o do filtro de poli\u00e9ster para o filtro LANDI RENZO incluindo O-rings (fase gasosa). Compat\u00edvel com sistemas Omegas. Inclui embalagem. Ideal para FIAT e Renault.","robots":{"index":"index","follow":"follow","max-snippet":"max-snippet:-1","max-image-preview":"max-image-preview:large","max-video-preview":"max-video-preview:-1"},"canonical":"https:\/\/recambiosecogas.com\/pt-pt\/produto\/substituicao-do-filtro-de-poliester-para-o-filtro-de-gas-landi-renzo-incluindo-o-rings-fase-gasosa\/","og_locale":"pt_PT","og_type":"article","og_title":"Substitui\u00e7\u00e3o do filtro de poli\u00e9ster para o filtro LANDI RENZO incluindo O-rings (fase gasosa)","og_description":"Substitui\u00e7\u00e3o do filtro de poli\u00e9ster para o filtro LANDI RENZO incluindo O-rings (fase gasosa). Compat\u00edvel com sistemas Omegas. Inclui embalagem. Ideal para FIAT e Renault.","og_url":"https:\/\/recambiosecogas.com\/pt-pt\/produto\/substituicao-do-filtro-de-poliester-para-o-filtro-de-gas-landi-renzo-incluindo-o-rings-fase-gasosa\/","og_site_name":"Recambios EcoGas","article_publisher":"https:\/\/www.facebook.com\/profile.php?id=100062419705358","article_modified_time":"2025-07-09T15:35:53+00:00","og_image":[{"width":1000,"height":1000,"url":"https:\/\/recambiosecogas.com\/wp-content\/uploads\/2024\/12\/Cartucho-de-filtros-de-poliester-para-filtro-de-gas-LANDI-RENZO-incl.-empaques-fase-gaseosa-png.webp","type":"image\/png"}],"twitter_card":"summary_large_image","twitter_misc":{"pre\u00e7o":"12,65&nbsp;&euro; (Sin IVA: 10,45&nbsp;&euro;)","Disponibilidade":"Por encomenda"},"schema":{"@context":"https:\/\/schema.org","@graph":[{"@type":"WebPage","@id":"https:\/\/recambiosecogas.com\/pt-pt\/produto\/substituicao-do-filtro-de-poliester-para-o-filtro-de-gas-landi-renzo-incluindo-o-rings-fase-gasosa\/","url":"https:\/\/recambiosecogas.com\/pt-pt\/produto\/substituicao-do-filtro-de-poliester-para-o-filtro-de-gas-landi-renzo-incluindo-o-rings-fase-gasosa\/","name":"Substitui\u00e7\u00e3o do filtro de poli\u00e9ster para o filtro LANDI RENZO incluindo O-rings (fase gasosa) | Recambios EcoGas | Sistemas GLP y GNC","isPartOf":{"@id":"https:\/\/recambiosecogas.com\/pt-pt\/#website"},"primaryImageOfPage":{"@id":"https:\/\/recambiosecogas.com\/pt-pt\/produto\/substituicao-do-filtro-de-poliester-para-o-filtro-de-gas-landi-renzo-incluindo-o-rings-fase-gasosa\/#primaryimage"},"image":{"@id":"https:\/\/recambiosecogas.com\/pt-pt\/produto\/substituicao-do-filtro-de-poliester-para-o-filtro-de-gas-landi-renzo-incluindo-o-rings-fase-gasosa\/#primaryimage"},"thumbnailUrl":"https:\/\/recambiosecogas.com\/wp-content\/uploads\/2024\/12\/Cartucho-de-filtros-de-poliester-para-filtro-de-gas-LANDI-RENZO-incl.-empaques-fase-gaseosa-png.webp","datePublished":"2024-12-19T11:10:01+00:00","dateModified":"2025-07-09T15:35:53+00:00","description":"Substitui\u00e7\u00e3o do filtro de poli\u00e9ster para o filtro LANDI RENZO incluindo O-rings (fase gasosa). Compat\u00edvel com sistemas Omegas. Inclui embalagem. Ideal para FIAT e Renault.","breadcrumb":{"@id":"https:\/\/recambiosecogas.com\/pt-pt\/produto\/substituicao-do-filtro-de-poliester-para-o-filtro-de-gas-landi-renzo-incluindo-o-rings-fase-gasosa\/#breadcrumb"},"inLanguage":"pt-PT","potentialAction":[{"@type":"ReadAction","target":["https:\/\/recambiosecogas.com\/pt-pt\/produto\/substituicao-do-filtro-de-poliester-para-o-filtro-de-gas-landi-renzo-incluindo-o-rings-fase-gasosa\/"]}]},{"@type":"ImageObject","inLanguage":"pt-PT","@id":"https:\/\/recambiosecogas.com\/pt-pt\/produto\/substituicao-do-filtro-de-poliester-para-o-filtro-de-gas-landi-renzo-incluindo-o-rings-fase-gasosa\/#primaryimage","url":"https:\/\/recambiosecogas.com\/wp-content\/uploads\/2024\/12\/Cartucho-de-filtros-de-poliester-para-filtro-de-gas-LANDI-RENZO-incl.-empaques-fase-gaseosa-png.webp","contentUrl":"https:\/\/recambiosecogas.com\/wp-content\/uploads\/2024\/12\/Cartucho-de-filtros-de-poliester-para-filtro-de-gas-LANDI-RENZO-incl.-empaques-fase-gaseosa-png.webp","width":1000,"height":1000},{"@type":"BreadcrumbList","@id":"https:\/\/recambiosecogas.com\/pt-pt\/produto\/substituicao-do-filtro-de-poliester-para-o-filtro-de-gas-landi-renzo-incluindo-o-rings-fase-gasosa\/#breadcrumb","itemListElement":[{"@type":"ListItem","position":1,"name":"P\u00e1gina inicial","item":"https:\/\/recambiosecogas.com\/pt-pt\/"},{"@type":"ListItem","position":2,"name":"Loja","item":"https:\/\/recambiosecogas.com\/pt-pt\/tienda\/"},{"@type":"ListItem","position":3,"name":"Substitui\u00e7\u00e3o do filtro de poli\u00e9ster para o filtro LANDI RENZO incluindo O-rings (fase gasosa)"}]},{"@type":"WebSite","@id":"https:\/\/recambiosecogas.com\/pt-pt\/#website","url":"https:\/\/recambiosecogas.com\/pt-pt\/","name":"Recambios EcoGas","description":"Pe\u00e7as multimarca para sistemas de GPL\/GNC\/GNL\/Hidrog\u00e9nio","publisher":{"@id":"https:\/\/recambiosecogas.com\/pt-pt\/#organization"},"alternateName":"Recambios Autogas GLP","potentialAction":[{"@type":"SearchAction","target":{"@type":"EntryPoint","urlTemplate":"https:\/\/recambiosecogas.com\/pt-pt\/?s={search_term_string}"},"query-input":{"@type":"PropertyValueSpecification","valueRequired":true,"valueName":"search_term_string"}}],"inLanguage":"pt-PT"},{"@type":["Organization","Place"],"@id":"https:\/\/recambiosecogas.com\/pt-pt\/#organization","name":"Recambios EcoGas","alternateName":"Loja de GPL Autog\u00e1s Espanha","url":"https:\/\/recambiosecogas.com\/pt-pt\/","logo":{"@id":"https:\/\/recambiosecogas.com\/pt-pt\/produto\/substituicao-do-filtro-de-poliester-para-o-filtro-de-gas-landi-renzo-incluindo-o-rings-fase-gasosa\/#local-main-organization-logo"},"image":{"@id":"https:\/\/recambiosecogas.com\/pt-pt\/produto\/substituicao-do-filtro-de-poliester-para-o-filtro-de-gas-landi-renzo-incluindo-o-rings-fase-gasosa\/#local-main-organization-logo"},"sameAs":["https:\/\/www.facebook.com\/profile.php?id=100062419705358","https:\/\/www.instagram.com\/segimon_automocio"],"description":"Recambios EcoGas \u2013 Venta y distribuci\u00f3n de sistemas GLP y GNC en Espa\u00f1a y Portugal. Env\u00edos 24 h, soporte t\u00e9cnico a talleres y distribuidores.","hasMerchantReturnPolicy":{"@type":"MerchantReturnPolicy","merchantReturnLink":"https:\/\/recambiosecogas.com\/politicas-privacidad\/"},"address":{"@id":"https:\/\/recambiosecogas.com\/pt-pt\/produto\/substituicao-do-filtro-de-poliester-para-o-filtro-de-gas-landi-renzo-incluindo-o-rings-fase-gasosa\/#local-main-place-address"},"telephone":["616250633"],"contactPoint":{"@type":"ContactPoint","email":"export@recambiosecogas.com"},"openingHoursSpecification":[{"@type":"OpeningHoursSpecification","dayOfWeek":["Monday","Tuesday","Wednesday","Thursday","Friday","Saturday","Sunday"],"opens":"09:00","closes":"17:00"}],"email":"info@recambiosecogas.com","faxNumber":"SEGIMON AUTOMOCION SL","vatID":"ESB19819861","globalLocationNumber":"938 616 339"},{"@type":"PostalAddress","@id":"https:\/\/recambiosecogas.com\/pt-pt\/produto\/substituicao-do-filtro-de-poliester-para-o-filtro-de-gas-landi-renzo-incluindo-o-rings-fase-gasosa\/#local-main-place-address","streetAddress":"cami antic de vic, 29 (Nave 3), Pol\u00edgono Industrial Congost","addressLocality":"CORRO D`AVALL","postalCode":"08520","addressRegion":"Barcelona","addressCountry":"ES"},{"@type":"ImageObject","inLanguage":"pt-PT","@id":"https:\/\/recambiosecogas.com\/pt-pt\/produto\/substituicao-do-filtro-de-poliester-para-o-filtro-de-gas-landi-renzo-incluindo-o-rings-fase-gasosa\/#local-main-organization-logo","url":"https:\/\/recambiosecogas.com\/wp-content\/uploads\/2024\/11\/cropped-RECAMBIOS-GLP-png.webp","contentUrl":"https:\/\/recambiosecogas.com\/wp-content\/uploads\/2024\/11\/cropped-RECAMBIOS-GLP-png.webp","width":512,"height":512,"caption":"Recambios EcoGas"}]},"product_brand":"Landi Renzo","product_price_amount":"12.65","product_price_currency":"EUR","og_availability":"backorder","product_availability":"available for order","product_retailer_item_id":"108596","product_condition":"new","geo.placename":"CORRO D`AVALL","geo.region":"Espanha"},"uagb_featured_image_src":{"full":["https:\/\/recambiosecogas.com\/wp-content\/uploads\/2024\/12\/Cartucho-de-filtros-de-poliester-para-filtro-de-gas-LANDI-RENZO-incl.-empaques-fase-gaseosa-png.webp",1000,1000,false],"thumbnail":["https:\/\/recambiosecogas.com\/wp-content\/uploads\/2024\/12\/Cartucho-de-filtros-de-poliester-para-filtro-de-gas-LANDI-RENZO-incl.-empaques-fase-gaseosa-150x150.webp",150,150,true],"medium":["https:\/\/recambiosecogas.com\/wp-content\/uploads\/2024\/12\/Cartucho-de-filtros-de-poliester-para-filtro-de-gas-LANDI-RENZO-incl.-empaques-fase-gaseosa-300x300.webp",300,300,true],"medium_large":["https:\/\/recambiosecogas.com\/wp-content\/uploads\/2024\/12\/Cartucho-de-filtros-de-poliester-para-filtro-de-gas-LANDI-RENZO-incl.-empaques-fase-gaseosa-768x768.webp",768,768,true],"large":["https:\/\/recambiosecogas.com\/wp-content\/uploads\/2024\/12\/Cartucho-de-filtros-de-poliester-para-filtro-de-gas-LANDI-RENZO-incl.-empaques-fase-gaseosa-png.webp",1000,1000,false],"1536x1536":["https:\/\/recambiosecogas.com\/wp-content\/uploads\/2024\/12\/Cartucho-de-filtros-de-poliester-para-filtro-de-gas-LANDI-RENZO-incl.-empaques-fase-gaseosa-png.webp",1000,1000,false],"2048x2048":["https:\/\/recambiosecogas.com\/wp-content\/uploads\/2024\/12\/Cartucho-de-filtros-de-poliester-para-filtro-de-gas-LANDI-RENZO-incl.-empaques-fase-gaseosa-png.webp",1000,1000,false],"woocommerce_archive_thumbnail":["https:\/\/recambiosecogas.com\/wp-content\/uploads\/2024\/12\/Cartucho-de-filtros-de-poliester-para-filtro-de-gas-LANDI-RENZO-incl.-empaques-fase-gaseosa-png.webp",1000,1000,false],"woocommerce_thumbnail":["https:\/\/recambiosecogas.com\/wp-content\/uploads\/2024\/12\/Cartucho-de-filtros-de-poliester-para-filtro-de-gas-LANDI-RENZO-incl.-empaques-fase-gaseosa-300x300.webp",300,300,true],"woocommerce_single":["https:\/\/recambiosecogas.com\/wp-content\/uploads\/2024\/12\/Cartucho-de-filtros-de-poliester-para-filtro-de-gas-LANDI-RENZO-incl.-empaques-fase-gaseosa-png.webp",1000,1000,false],"woocommerce_gallery_thumbnail":["https:\/\/recambiosecogas.com\/wp-content\/uploads\/2024\/12\/Cartucho-de-filtros-de-poliester-para-filtro-de-gas-LANDI-RENZO-incl.-empaques-fase-gaseosa-png.webp",1000,1000,false],"dgwt-wcas-product-suggestion":["https:\/\/recambiosecogas.com\/wp-content\/uploads\/2024\/12\/Cartucho-de-filtros-de-poliester-para-filtro-de-gas-LANDI-RENZO-incl.-empaques-fase-gaseosa-64x64.webp",64,64,true]},"uagb_author_info":{"display_name":"Fran - Soporte T\u00e9cnico","author_link":"https:\/\/recambiosecogas.com\/pt-pt\/author\/"},"uagb_comment_info":0,"uagb_excerpt":"LANDI RENZO","_links":{"self":[{"href":"https:\/\/recambiosecogas.com\/pt-pt\/wp-json\/wp\/v2\/product\/36466","targetHints":{"allow":["GET"]}}],"collection":[{"href":"https:\/\/recambiosecogas.com\/pt-pt\/wp-json\/wp\/v2\/product"}],"about":[{"href":"https:\/\/recambiosecogas.com\/pt-pt\/wp-json\/wp\/v2\/types\/product"}],"replies":[{"embeddable":true,"href":"https:\/\/recambiosecogas.com\/pt-pt\/wp-json\/wp\/v2\/comments?post=36466"}],"wp:featuredmedia":[{"embeddable":true,"href":"https:\/\/recambiosecogas.com\/pt-pt\/wp-json\/wp\/v2\/media\/28837"}],"wp:attachment":[{"href":"https:\/\/recambiosecogas.com\/pt-pt\/wp-json\/wp\/v2\/media?parent=36466"}],"wp:term":[{"taxonomy":"product_brand","embeddable":true,"href":"https:\/\/recambiosecogas.com\/pt-pt\/wp-json\/wp\/v2\/product_brand?post=36466"},{"taxonomy":"product_cat","embeddable":true,"href":"https:\/\/recambiosecogas.com\/pt-pt\/wp-json\/wp\/v2\/product_cat?post=36466"},{"taxonomy":"product_tag","embeddable":true,"href":"https:\/\/recambiosecogas.com\/pt-pt\/wp-json\/wp\/v2\/product_tag?post=36466"}],"curies":[{"name":"wp","href":"https:\/\/api.w.org\/{rel}","templated":true}]}}