{"id":36446,"date":"2025-01-14T10:30:25","date_gmt":"2025-01-14T09:30:25","guid":{"rendered":"https:\/\/recambiosecogas.com\/producto\/filtro-de-gpl-de-fase-liquida-zavoli\/"},"modified":"2025-07-09T16:35:50","modified_gmt":"2025-07-09T15:35:50","slug":"filtro-de-gpl-de-fase-liquida-zavoli","status":"publish","type":"product","link":"https:\/\/recambiosecogas.com\/pt-pt\/producto\/filtro-de-gpl-de-fase-liquida-zavoli\/","title":{"rendered":"Filtro GPL fase l\u00edquida Zavoli"},"content":{"rendered":"<div class=\"woocommerce-product-details__short-description\">\n<h3 class=\"\" data-start=\"219\" data-end=\"308\"><strong data-start=\"223\" data-end=\"308\">Filtro Zavoli Liquid Phase LPG \u2013 Compat\u00edvel com os sistemas Opel GM 9255474 e Valtek<\/strong><\/h3>\n<p class=\"\" data-start=\"310\" data-end=\"702\">O <strong data-start=\"313\" data-end=\"350\">filtro de fase l\u00edquida GPL Zavoli<\/strong> \u00e9 uma pe\u00e7a sobresselente essencial para a manuten\u00e7\u00e3o de ve\u00edculos convertidos em autog\u00e1s, especialmente compat\u00edvel <strong data-start=\"471\" data-end=\"505\">com os sistemas Opel GM com refer\u00eancia 9255474<\/strong> e in\u00fameras plataformas GPL no mercado. Este modelo garante uma elevada efici\u00eancia de filtra\u00e7\u00e3o, protegendo a caixa de velocidades e o sistema de inje\u00e7\u00e3o contra part\u00edculas s\u00f3lidas presentes no g\u00e1s. <span style=\"color: #ffffff;\">\u00a9RecambiosEcoGas<\/span><\/p>\n<p class=\"\" data-start=\"704\" data-end=\"1058\">Feito de <strong data-start=\"717\" data-end=\"758\">pl\u00e1stico resistente e papel de filtro<\/strong>, o filtro \u00e9 adequado para uso em v\u00e1lvulas de bloqueio <strong data-start=\"812\" data-end=\"822\">Valtek<\/strong> (tipos 01, 02, 03, 07 padr\u00e3o e 07 BFC), bem como <strong data-start=\"874\" data-end=\"895\">Elpigaz GLP 01\/03<\/strong>, <strong data-start=\"897\" data-end=\"907\">Milano<\/strong> e <strong data-start=\"910\" data-end=\"933\">OMB (Diana e Alfea).<\/strong> Seu design \u00e9 compat\u00edvel com v\u00e1rios sistemas de GLP de marcas como <strong data-start=\"1001\" data-end=\"1057\">Prins, Emmegas, Stag, KME, Zavoli, OMVL e AG Centrum<\/strong>. <span style=\"color: #ffffff;\">\u00a9RecambiosEcoGas<\/span> <\/p>\n<p class=\"\" data-start=\"1060\" data-end=\"1175\">Gra\u00e7as ao seu tamanho padr\u00e3o, tamb\u00e9m pode ser usado como um substituto universal em sistemas com uma conex\u00e3o compat\u00edvel.<span style=\"color: #ffffff;\">\u00a9RecambiosEcoGas<\/span><\/p>\n<hr class=\"\" data-start=\"1177\" data-end=\"1180\">\n<h4 data-start=\"1182\" data-end=\"1256\"><strong data-start=\"1186\" data-end=\"1256\">Caracter\u00edsticas T\u00e9cnicas \u2013 Zavoli \/ GM 9255474 Filtro de Fase L\u00edquida<\/strong><\/h4>\n<div class=\"overflow-x-auto contain-inline-size\">\n<table data-start=\"1258\" data-end=\"2308\">\n<thead data-start=\"1258\" data-end=\"1363\">\n<tr data-start=\"1258\" data-end=\"1363\">\n<th data-start=\"1258\" data-end=\"1287\">Especifica\u00e7\u00e3o<\/th>\n<th data-start=\"1287\" data-end=\"1363\">Detalhes<\/th>\n<\/tr>\n<\/thead>\n<tbody data-start=\"1469\" data-end=\"2308\">\n<tr data-start=\"1469\" data-end=\"1573\">\n<td><strong data-start=\"1471\" data-end=\"1489\">Tipo de filtro<\/strong><\/td>\n<td>Fase l\u00edquida<\/td>\n<\/tr>\n<tr data-start=\"1574\" data-end=\"1678\">\n<td><strong data-start=\"1576\" data-end=\"1599\">Material do filtro<\/strong><\/td>\n<td>Pl\u00e1stico \/ Papel<\/td>\n<\/tr>\n<tr data-start=\"1679\" data-end=\"1783\">\n<td><strong data-start=\"1681\" data-end=\"1695\">Altura (h)<\/strong><\/td>\n<td>20,5 mil\u00edmetros<\/td>\n<\/tr>\n<tr data-start=\"1784\" data-end=\"1888\">\n<td><strong data-start=\"1786\" data-end=\"1811\">Di\u00e2metro exterior (D)<\/strong><\/td>\n<td>31,0 mil\u00edmetros<\/td>\n<\/tr>\n<tr data-start=\"1889\" data-end=\"1993\">\n<td><strong data-start=\"1891\" data-end=\"1916\">Di\u00e2metro interior (d)<\/strong><\/td>\n<td>8,0 mm \/ 10,0 mm<\/td>\n<\/tr>\n<tr data-start=\"1994\" data-end=\"2098\">\n<td><strong data-start=\"1996\" data-end=\"2020\">V\u00e1lvulas<\/strong><\/td>\n<p> compat\u00edveis<\/p>\n<td>Valtek (01, 02, 03, 07, 07 BFC), Elpigaz, Mil\u00e3o, OMB (Diana, Alfea)<\/td>\n<\/tr>\n<tr data-start=\"2099\" data-end=\"2203\">\n<td><strong data-start=\"2101\" data-end=\"2125\">Sistemas suportados<\/strong><\/td>\n<td>Prins, Emmegas, Veado, KME, Zavoli, Elpigaz, AG Centrum, Milano, OMVL<\/td>\n<\/tr>\n<tr data-start=\"2204\" data-end=\"2308\">\n<td><strong data-start=\"2206\" data-end=\"2221\">Refer\u00eancias<\/strong><\/td>\n<td>Opel GM 9255474<\/td>\n<\/tr>\n<\/tbody>\n<\/table>\n<\/div>\n<blockquote data-start=\"2310\" data-end=\"2448\">\n<p class=\"\" data-start=\"2312\" data-end=\"2448\"><em><strong>Substitui\u00e7\u00e3o recomendada a cada 15.000 \u2013 20.000 km ou de acordo com a manuten\u00e7\u00e3o programada do sistema GPL para garantir a m\u00e1xima prote\u00e7\u00e3o.<\/strong><\/em><\/p>\n<\/blockquote>\n<div class=\"separator\">\n<div>\n<p><a href=\"https:\/\/recambiosecogas.com\/categoria-produto\/filtros-gpl-lpg\/?lang=pt-pt\">COMPRE MAIS PRODUTOS ONLINE NA NOSSA LOJA<\/a><\/p>\n<p><a href=\"http:\/\/www.segimonautomocio.com\/\">CONVERTA PARA GPL NA NOSSA OFICINA OFICIAL DE INSTALA\u00c7\u00c3O, MAIS INFORMA\u00c7\u00d5ES NO NOSSO SITE DA OFICINA<\/a><\/p>\n<\/div>\n<\/div>\n<\/div>\n","protected":false},"excerpt":{"rendered":"<div class=\"woocommerce-product-details__short-description\">\n<p>ZAVOLI FASE L\u00cdQUIDA KIT DE SUBSTITUI\u00c7\u00c3O DE FILTRO GPL<\/p>\n<\/div>\n","protected":false},"featured_media":29258,"comment_status":"open","ping_status":"closed","template":"","meta":{"_uag_custom_page_level_css":""},"product_brand":[960,1002,1003,977,999],"product_cat":[1573,1567,1805],"product_tag":[],"class_list":{"0":"post-36446","1":"product","2":"type-product","3":"status-publish","4":"has-post-thumbnail","6":"product_brand-kme","7":"product_brand-omvl","8":"product_brand-prins","9":"product_brand-valtek-glp","10":"product_brand-zavoli","11":"product_cat-fase-liquida-pt-pt","12":"product_cat-filtros-gpl-lpg","13":"product_cat-zavoli-pt-pt","15":"first","16":"onbackorder","17":"taxable","18":"shipping-taxable","19":"purchasable","20":"product-type-simple"},"ct_brands":[{"id":960,"name":"KME","slug":"kme"},{"id":1002,"name":"OMVL","slug":"omvl"},{"id":1003,"name":"PRINS","slug":"prins"},{"id":977,"name":"VALTEK","slug":"valtek-glp"},{"id":999,"name":"ZAVOLI","slug":"zavoli"}],"yoast_head":"<!-- This site is optimized with the Yoast SEO Premium plugin v27.5 (Yoast SEO v27.6) - https:\/\/yoast.com\/product\/yoast-seo-premium-wordpress\/ -->\n<title>Filtro GPL fase l\u00edquida Zavoli | Recambios EcoGas | Sistemas GLP y GNC<\/title>\n<meta name=\"description\" content=\"Filtro Zavoli LPG fase l\u00edquida. Compat\u00edvel com Opel GM 9255474, Valtek, Elpigaz e muito mais. Medidas 20,5x31x8\/10 mm.\" \/>\n<meta name=\"robots\" content=\"index, follow, max-snippet:-1, max-image-preview:large, max-video-preview:-1\" \/>\n<link rel=\"canonical\" href=\"https:\/\/recambiosecogas.com\/pt-pt\/producto\/filtro-de-gpl-de-fase-liquida-zavoli\/\" \/>\n<meta property=\"og:locale\" content=\"pt_PT\" \/>\n<meta property=\"og:type\" content=\"article\" \/>\n<meta property=\"og:title\" content=\"Filtro GPL fase l\u00edquida Zavoli\" \/>\n<meta property=\"og:description\" content=\"Filtro Zavoli LPG fase l\u00edquida. Compat\u00edvel com Opel GM 9255474, Valtek, Elpigaz e muito mais. Medidas 20,5x31x8\/10 mm.\" \/>\n<meta property=\"og:url\" content=\"https:\/\/recambiosecogas.com\/pt-pt\/producto\/filtro-de-gpl-de-fase-liquida-zavoli\/\" \/>\n<meta property=\"og:site_name\" content=\"Recambios EcoGas\" \/>\n<meta property=\"article:publisher\" content=\"https:\/\/www.facebook.com\/profile.php?id=100062419705358\" \/>\n<meta property=\"article:modified_time\" content=\"2025-07-09T15:35:50+00:00\" \/>\n<meta property=\"og:image\" content=\"https:\/\/recambiosecogas.com\/wp-content\/uploads\/2025\/01\/Zavoli-Filtro-Fase-LIQUIDA-png.webp\" \/>\n\t<meta property=\"og:image:width\" content=\"1000\" \/>\n\t<meta property=\"og:image:height\" content=\"1000\" \/>\n\t<meta property=\"og:image:type\" content=\"image\/png\" \/>\n<meta name=\"twitter:card\" content=\"summary_large_image\" \/>\n<meta name=\"twitter:label1\" content=\"pre\u00e7o\" \/>\n\t<meta name=\"twitter:data1\" content=\"14,40&nbsp;&euro; (Sin IVA: 11,90&nbsp;&euro;)\" \/>\n\t<meta name=\"twitter:label2\" content=\"Disponibilidade\" \/>\n\t<meta name=\"twitter:data2\" content=\"Por encomenda\" \/>\n<script type=\"application\/ld+json\" class=\"yoast-schema-graph\">{\"@context\":\"https:\\\/\\\/schema.org\",\"@graph\":[{\"@type\":\"WebPage\",\"@id\":\"https:\\\/\\\/recambiosecogas.com\\\/pt-pt\\\/producto\\\/filtro-de-gpl-de-fase-liquida-zavoli\\\/\",\"url\":\"https:\\\/\\\/recambiosecogas.com\\\/pt-pt\\\/producto\\\/filtro-de-gpl-de-fase-liquida-zavoli\\\/\",\"name\":\"Filtro GPL fase l\u00edquida Zavoli | Recambios EcoGas | Sistemas GLP y GNC\",\"isPartOf\":{\"@id\":\"https:\\\/\\\/recambiosecogas.com\\\/pt-pt\\\/#website\"},\"primaryImageOfPage\":{\"@id\":\"https:\\\/\\\/recambiosecogas.com\\\/pt-pt\\\/producto\\\/filtro-de-gpl-de-fase-liquida-zavoli\\\/#primaryimage\"},\"image\":{\"@id\":\"https:\\\/\\\/recambiosecogas.com\\\/pt-pt\\\/producto\\\/filtro-de-gpl-de-fase-liquida-zavoli\\\/#primaryimage\"},\"thumbnailUrl\":\"https:\\\/\\\/recambiosecogas.com\\\/wp-content\\\/uploads\\\/2025\\\/01\\\/Zavoli-Filtro-Fase-LIQUIDA-png.webp\",\"datePublished\":\"2025-01-14T09:30:25+00:00\",\"dateModified\":\"2025-07-09T15:35:50+00:00\",\"description\":\"Filtro Zavoli LPG fase l\u00edquida. Compat\u00edvel com Opel GM 9255474, Valtek, Elpigaz e muito mais. Medidas 20,5x31x8\\\/10 mm.\",\"breadcrumb\":{\"@id\":\"https:\\\/\\\/recambiosecogas.com\\\/pt-pt\\\/producto\\\/filtro-de-gpl-de-fase-liquida-zavoli\\\/#breadcrumb\"},\"inLanguage\":\"pt-PT\",\"potentialAction\":[{\"@type\":\"ReadAction\",\"target\":[\"https:\\\/\\\/recambiosecogas.com\\\/pt-pt\\\/producto\\\/filtro-de-gpl-de-fase-liquida-zavoli\\\/\"]}]},{\"@type\":\"ImageObject\",\"inLanguage\":\"pt-PT\",\"@id\":\"https:\\\/\\\/recambiosecogas.com\\\/pt-pt\\\/producto\\\/filtro-de-gpl-de-fase-liquida-zavoli\\\/#primaryimage\",\"url\":\"https:\\\/\\\/recambiosecogas.com\\\/wp-content\\\/uploads\\\/2025\\\/01\\\/Zavoli-Filtro-Fase-LIQUIDA-png.webp\",\"contentUrl\":\"https:\\\/\\\/recambiosecogas.com\\\/wp-content\\\/uploads\\\/2025\\\/01\\\/Zavoli-Filtro-Fase-LIQUIDA-png.webp\",\"width\":1000,\"height\":1000},{\"@type\":\"BreadcrumbList\",\"@id\":\"https:\\\/\\\/recambiosecogas.com\\\/pt-pt\\\/producto\\\/filtro-de-gpl-de-fase-liquida-zavoli\\\/#breadcrumb\",\"itemListElement\":[{\"@type\":\"ListItem\",\"position\":1,\"name\":\"P\u00e1gina inicial\",\"item\":\"https:\\\/\\\/recambiosecogas.com\\\/pt-pt\\\/\"},{\"@type\":\"ListItem\",\"position\":2,\"name\":\"Loja\",\"item\":\"https:\\\/\\\/recambiosecogas.com\\\/pt-pt\\\/tienda\\\/\"},{\"@type\":\"ListItem\",\"position\":3,\"name\":\"Filtro GPL fase l\u00edquida Zavoli\"}]},{\"@type\":\"WebSite\",\"@id\":\"https:\\\/\\\/recambiosecogas.com\\\/pt-pt\\\/#website\",\"url\":\"https:\\\/\\\/recambiosecogas.com\\\/pt-pt\\\/\",\"name\":\"Recambios EcoGas\",\"description\":\"Pe\u00e7as multimarca para sistemas de GPL\\\/GNC\\\/GNL\\\/Hidrog\u00e9nio\",\"publisher\":{\"@id\":\"https:\\\/\\\/recambiosecogas.com\\\/pt-pt\\\/#organization\"},\"alternateName\":\"Recambios Autogas GLP\",\"potentialAction\":[{\"@type\":\"SearchAction\",\"target\":{\"@type\":\"EntryPoint\",\"urlTemplate\":\"https:\\\/\\\/recambiosecogas.com\\\/pt-pt\\\/?s={search_term_string}\"},\"query-input\":{\"@type\":\"PropertyValueSpecification\",\"valueRequired\":true,\"valueName\":\"search_term_string\"}}],\"inLanguage\":\"pt-PT\"},{\"@type\":[\"Organization\",\"Place\"],\"@id\":\"https:\\\/\\\/recambiosecogas.com\\\/pt-pt\\\/#organization\",\"name\":\"Recambios EcoGas\",\"alternateName\":\"Loja de GPL Autog\u00e1s Espanha\",\"url\":\"https:\\\/\\\/recambiosecogas.com\\\/pt-pt\\\/\",\"logo\":{\"@id\":\"https:\\\/\\\/recambiosecogas.com\\\/pt-pt\\\/producto\\\/filtro-de-gpl-de-fase-liquida-zavoli\\\/#local-main-organization-logo\"},\"image\":{\"@id\":\"https:\\\/\\\/recambiosecogas.com\\\/pt-pt\\\/producto\\\/filtro-de-gpl-de-fase-liquida-zavoli\\\/#local-main-organization-logo\"},\"sameAs\":[\"https:\\\/\\\/www.facebook.com\\\/profile.php?id=100062419705358\",\"https:\\\/\\\/www.instagram.com\\\/segimon_automocio\"],\"description\":\"Recambios EcoGas \u2013 Venta y distribuci\u00f3n de sistemas GLP y GNC en Espa\u00f1a y Portugal. Env\u00edos 24 h, soporte t\u00e9cnico a talleres y distribuidores.\",\"hasMerchantReturnPolicy\":{\"@type\":\"MerchantReturnPolicy\",\"merchantReturnLink\":\"https:\\\/\\\/recambiosecogas.com\\\/politicas-privacidad\\\/\"},\"address\":{\"@id\":\"https:\\\/\\\/recambiosecogas.com\\\/pt-pt\\\/producto\\\/filtro-de-gpl-de-fase-liquida-zavoli\\\/#local-main-place-address\"},\"telephone\":[\"616250633\"],\"contactPoint\":{\"@type\":\"ContactPoint\",\"email\":\"export@recambiosecogas.com\"},\"openingHoursSpecification\":[{\"@type\":\"OpeningHoursSpecification\",\"dayOfWeek\":[\"Monday\",\"Tuesday\",\"Wednesday\",\"Thursday\",\"Friday\",\"Saturday\",\"Sunday\"],\"opens\":\"09:00\",\"closes\":\"17:00\"}],\"email\":\"info@recambiosecogas.com\",\"faxNumber\":\"SEGIMON AUTOMOCION SL\",\"vatID\":\"ESB19819861\",\"globalLocationNumber\":\"938 616 339\"},{\"@type\":\"PostalAddress\",\"@id\":\"https:\\\/\\\/recambiosecogas.com\\\/pt-pt\\\/producto\\\/filtro-de-gpl-de-fase-liquida-zavoli\\\/#local-main-place-address\",\"streetAddress\":\"cami antic de vic, 29 (Nave 3), Pol\u00edgono Industrial Congost\",\"addressLocality\":\"CORRO D`AVALL\",\"postalCode\":\"08520\",\"addressRegion\":\"Barcelona\",\"addressCountry\":\"ES\"},{\"@type\":\"ImageObject\",\"inLanguage\":\"pt-PT\",\"@id\":\"https:\\\/\\\/recambiosecogas.com\\\/pt-pt\\\/producto\\\/filtro-de-gpl-de-fase-liquida-zavoli\\\/#local-main-organization-logo\",\"url\":\"https:\\\/\\\/recambiosecogas.com\\\/wp-content\\\/uploads\\\/2024\\\/11\\\/cropped-RECAMBIOS-GLP-png.webp\",\"contentUrl\":\"https:\\\/\\\/recambiosecogas.com\\\/wp-content\\\/uploads\\\/2024\\\/11\\\/cropped-RECAMBIOS-GLP-png.webp\",\"width\":512,\"height\":512,\"caption\":\"Recambios EcoGas\"}]}<\/script>\n<meta property=\"product:brand\" content=\"KME\" \/>\n<meta property=\"product:price:amount\" content=\"14.40\" \/>\n<meta property=\"product:price:currency\" content=\"EUR\" \/>\n<meta property=\"og:availability\" content=\"backorder\" \/>\n<meta property=\"product:availability\" content=\"available for order\" \/>\n<meta property=\"product:retailer_item_id\" content=\"ZA3018\" \/>\n<meta property=\"product:condition\" content=\"new\" \/>\n<meta name=\"geo.placename\" content=\"CORRO D`AVALL\" \/>\n<meta name=\"geo.region\" content=\"Espanha\" \/>\n<!-- \/ Yoast SEO Premium plugin. -->","yoast_head_json":{"title":"Filtro GPL fase l\u00edquida Zavoli | Recambios EcoGas | Sistemas GLP y GNC","description":"Filtro Zavoli LPG fase l\u00edquida. Compat\u00edvel com Opel GM 9255474, Valtek, Elpigaz e muito mais. Medidas 20,5x31x8\/10 mm.","robots":{"index":"index","follow":"follow","max-snippet":"max-snippet:-1","max-image-preview":"max-image-preview:large","max-video-preview":"max-video-preview:-1"},"canonical":"https:\/\/recambiosecogas.com\/pt-pt\/producto\/filtro-de-gpl-de-fase-liquida-zavoli\/","og_locale":"pt_PT","og_type":"article","og_title":"Filtro GPL fase l\u00edquida Zavoli","og_description":"Filtro Zavoli LPG fase l\u00edquida. Compat\u00edvel com Opel GM 9255474, Valtek, Elpigaz e muito mais. Medidas 20,5x31x8\/10 mm.","og_url":"https:\/\/recambiosecogas.com\/pt-pt\/producto\/filtro-de-gpl-de-fase-liquida-zavoli\/","og_site_name":"Recambios EcoGas","article_publisher":"https:\/\/www.facebook.com\/profile.php?id=100062419705358","article_modified_time":"2025-07-09T15:35:50+00:00","og_image":[{"width":1000,"height":1000,"url":"https:\/\/recambiosecogas.com\/wp-content\/uploads\/2025\/01\/Zavoli-Filtro-Fase-LIQUIDA-png.webp","type":"image\/png"}],"twitter_card":"summary_large_image","twitter_misc":{"pre\u00e7o":"14,40&nbsp;&euro; (Sin IVA: 11,90&nbsp;&euro;)","Disponibilidade":"Por encomenda"},"schema":{"@context":"https:\/\/schema.org","@graph":[{"@type":"WebPage","@id":"https:\/\/recambiosecogas.com\/pt-pt\/producto\/filtro-de-gpl-de-fase-liquida-zavoli\/","url":"https:\/\/recambiosecogas.com\/pt-pt\/producto\/filtro-de-gpl-de-fase-liquida-zavoli\/","name":"Filtro GPL fase l\u00edquida Zavoli | Recambios EcoGas | Sistemas GLP y GNC","isPartOf":{"@id":"https:\/\/recambiosecogas.com\/pt-pt\/#website"},"primaryImageOfPage":{"@id":"https:\/\/recambiosecogas.com\/pt-pt\/producto\/filtro-de-gpl-de-fase-liquida-zavoli\/#primaryimage"},"image":{"@id":"https:\/\/recambiosecogas.com\/pt-pt\/producto\/filtro-de-gpl-de-fase-liquida-zavoli\/#primaryimage"},"thumbnailUrl":"https:\/\/recambiosecogas.com\/wp-content\/uploads\/2025\/01\/Zavoli-Filtro-Fase-LIQUIDA-png.webp","datePublished":"2025-01-14T09:30:25+00:00","dateModified":"2025-07-09T15:35:50+00:00","description":"Filtro Zavoli LPG fase l\u00edquida. Compat\u00edvel com Opel GM 9255474, Valtek, Elpigaz e muito mais. Medidas 20,5x31x8\/10 mm.","breadcrumb":{"@id":"https:\/\/recambiosecogas.com\/pt-pt\/producto\/filtro-de-gpl-de-fase-liquida-zavoli\/#breadcrumb"},"inLanguage":"pt-PT","potentialAction":[{"@type":"ReadAction","target":["https:\/\/recambiosecogas.com\/pt-pt\/producto\/filtro-de-gpl-de-fase-liquida-zavoli\/"]}]},{"@type":"ImageObject","inLanguage":"pt-PT","@id":"https:\/\/recambiosecogas.com\/pt-pt\/producto\/filtro-de-gpl-de-fase-liquida-zavoli\/#primaryimage","url":"https:\/\/recambiosecogas.com\/wp-content\/uploads\/2025\/01\/Zavoli-Filtro-Fase-LIQUIDA-png.webp","contentUrl":"https:\/\/recambiosecogas.com\/wp-content\/uploads\/2025\/01\/Zavoli-Filtro-Fase-LIQUIDA-png.webp","width":1000,"height":1000},{"@type":"BreadcrumbList","@id":"https:\/\/recambiosecogas.com\/pt-pt\/producto\/filtro-de-gpl-de-fase-liquida-zavoli\/#breadcrumb","itemListElement":[{"@type":"ListItem","position":1,"name":"P\u00e1gina inicial","item":"https:\/\/recambiosecogas.com\/pt-pt\/"},{"@type":"ListItem","position":2,"name":"Loja","item":"https:\/\/recambiosecogas.com\/pt-pt\/tienda\/"},{"@type":"ListItem","position":3,"name":"Filtro GPL fase l\u00edquida Zavoli"}]},{"@type":"WebSite","@id":"https:\/\/recambiosecogas.com\/pt-pt\/#website","url":"https:\/\/recambiosecogas.com\/pt-pt\/","name":"Recambios EcoGas","description":"Pe\u00e7as multimarca para sistemas de GPL\/GNC\/GNL\/Hidrog\u00e9nio","publisher":{"@id":"https:\/\/recambiosecogas.com\/pt-pt\/#organization"},"alternateName":"Recambios Autogas GLP","potentialAction":[{"@type":"SearchAction","target":{"@type":"EntryPoint","urlTemplate":"https:\/\/recambiosecogas.com\/pt-pt\/?s={search_term_string}"},"query-input":{"@type":"PropertyValueSpecification","valueRequired":true,"valueName":"search_term_string"}}],"inLanguage":"pt-PT"},{"@type":["Organization","Place"],"@id":"https:\/\/recambiosecogas.com\/pt-pt\/#organization","name":"Recambios EcoGas","alternateName":"Loja de GPL Autog\u00e1s Espanha","url":"https:\/\/recambiosecogas.com\/pt-pt\/","logo":{"@id":"https:\/\/recambiosecogas.com\/pt-pt\/producto\/filtro-de-gpl-de-fase-liquida-zavoli\/#local-main-organization-logo"},"image":{"@id":"https:\/\/recambiosecogas.com\/pt-pt\/producto\/filtro-de-gpl-de-fase-liquida-zavoli\/#local-main-organization-logo"},"sameAs":["https:\/\/www.facebook.com\/profile.php?id=100062419705358","https:\/\/www.instagram.com\/segimon_automocio"],"description":"Recambios EcoGas \u2013 Venta y distribuci\u00f3n de sistemas GLP y GNC en Espa\u00f1a y Portugal. Env\u00edos 24 h, soporte t\u00e9cnico a talleres y distribuidores.","hasMerchantReturnPolicy":{"@type":"MerchantReturnPolicy","merchantReturnLink":"https:\/\/recambiosecogas.com\/politicas-privacidad\/"},"address":{"@id":"https:\/\/recambiosecogas.com\/pt-pt\/producto\/filtro-de-gpl-de-fase-liquida-zavoli\/#local-main-place-address"},"telephone":["616250633"],"contactPoint":{"@type":"ContactPoint","email":"export@recambiosecogas.com"},"openingHoursSpecification":[{"@type":"OpeningHoursSpecification","dayOfWeek":["Monday","Tuesday","Wednesday","Thursday","Friday","Saturday","Sunday"],"opens":"09:00","closes":"17:00"}],"email":"info@recambiosecogas.com","faxNumber":"SEGIMON AUTOMOCION SL","vatID":"ESB19819861","globalLocationNumber":"938 616 339"},{"@type":"PostalAddress","@id":"https:\/\/recambiosecogas.com\/pt-pt\/producto\/filtro-de-gpl-de-fase-liquida-zavoli\/#local-main-place-address","streetAddress":"cami antic de vic, 29 (Nave 3), Pol\u00edgono Industrial Congost","addressLocality":"CORRO D`AVALL","postalCode":"08520","addressRegion":"Barcelona","addressCountry":"ES"},{"@type":"ImageObject","inLanguage":"pt-PT","@id":"https:\/\/recambiosecogas.com\/pt-pt\/producto\/filtro-de-gpl-de-fase-liquida-zavoli\/#local-main-organization-logo","url":"https:\/\/recambiosecogas.com\/wp-content\/uploads\/2024\/11\/cropped-RECAMBIOS-GLP-png.webp","contentUrl":"https:\/\/recambiosecogas.com\/wp-content\/uploads\/2024\/11\/cropped-RECAMBIOS-GLP-png.webp","width":512,"height":512,"caption":"Recambios EcoGas"}]},"product_brand":"KME","product_price_amount":"14.40","product_price_currency":"EUR","og_availability":"backorder","product_availability":"available for order","product_retailer_item_id":"ZA3018","product_condition":"new","geo.placename":"CORRO D`AVALL","geo.region":"Espanha"},"uagb_featured_image_src":{"full":["https:\/\/recambiosecogas.com\/wp-content\/uploads\/2025\/01\/Zavoli-Filtro-Fase-LIQUIDA-png.webp",1000,1000,false],"thumbnail":["https:\/\/recambiosecogas.com\/wp-content\/uploads\/2025\/01\/Zavoli-Filtro-Fase-LIQUIDA-150x150.webp",150,150,true],"medium":["https:\/\/recambiosecogas.com\/wp-content\/uploads\/2025\/01\/Zavoli-Filtro-Fase-LIQUIDA-300x300.webp",300,300,true],"medium_large":["https:\/\/recambiosecogas.com\/wp-content\/uploads\/2025\/01\/Zavoli-Filtro-Fase-LIQUIDA-768x768.webp",768,768,true],"large":["https:\/\/recambiosecogas.com\/wp-content\/uploads\/2025\/01\/Zavoli-Filtro-Fase-LIQUIDA-png.webp",1000,1000,false],"1536x1536":["https:\/\/recambiosecogas.com\/wp-content\/uploads\/2025\/01\/Zavoli-Filtro-Fase-LIQUIDA-png.webp",1000,1000,false],"2048x2048":["https:\/\/recambiosecogas.com\/wp-content\/uploads\/2025\/01\/Zavoli-Filtro-Fase-LIQUIDA-png.webp",1000,1000,false],"woocommerce_archive_thumbnail":["https:\/\/recambiosecogas.com\/wp-content\/uploads\/2025\/01\/Zavoli-Filtro-Fase-LIQUIDA-png.webp",1000,1000,false],"woocommerce_thumbnail":["https:\/\/recambiosecogas.com\/wp-content\/uploads\/2025\/01\/Zavoli-Filtro-Fase-LIQUIDA-300x300.webp",300,300,true],"woocommerce_single":["https:\/\/recambiosecogas.com\/wp-content\/uploads\/2025\/01\/Zavoli-Filtro-Fase-LIQUIDA-png.webp",1000,1000,false],"woocommerce_gallery_thumbnail":["https:\/\/recambiosecogas.com\/wp-content\/uploads\/2025\/01\/Zavoli-Filtro-Fase-LIQUIDA-png.webp",1000,1000,false],"dgwt-wcas-product-suggestion":["https:\/\/recambiosecogas.com\/wp-content\/uploads\/2025\/01\/Zavoli-Filtro-Fase-LIQUIDA-64x64.webp",64,64,true]},"uagb_author_info":{"display_name":"Fran - Soporte T\u00e9cnico","author_link":"https:\/\/recambiosecogas.com\/pt-pt\/author\/"},"uagb_comment_info":0,"uagb_excerpt":"ZAVOLI FASE L\u00cdQUIDA KIT DE SUBSTITUI\u00c7\u00c3O DE FILTRO GPL","_links":{"self":[{"href":"https:\/\/recambiosecogas.com\/pt-pt\/wp-json\/wp\/v2\/product\/36446","targetHints":{"allow":["GET"]}}],"collection":[{"href":"https:\/\/recambiosecogas.com\/pt-pt\/wp-json\/wp\/v2\/product"}],"about":[{"href":"https:\/\/recambiosecogas.com\/pt-pt\/wp-json\/wp\/v2\/types\/product"}],"replies":[{"embeddable":true,"href":"https:\/\/recambiosecogas.com\/pt-pt\/wp-json\/wp\/v2\/comments?post=36446"}],"wp:featuredmedia":[{"embeddable":true,"href":"https:\/\/recambiosecogas.com\/pt-pt\/wp-json\/wp\/v2\/media\/29258"}],"wp:attachment":[{"href":"https:\/\/recambiosecogas.com\/pt-pt\/wp-json\/wp\/v2\/media?parent=36446"}],"wp:term":[{"taxonomy":"product_brand","embeddable":true,"href":"https:\/\/recambiosecogas.com\/pt-pt\/wp-json\/wp\/v2\/product_brand?post=36446"},{"taxonomy":"product_cat","embeddable":true,"href":"https:\/\/recambiosecogas.com\/pt-pt\/wp-json\/wp\/v2\/product_cat?post=36446"},{"taxonomy":"product_tag","embeddable":true,"href":"https:\/\/recambiosecogas.com\/pt-pt\/wp-json\/wp\/v2\/product_tag?post=36446"}],"curies":[{"name":"wp","href":"https:\/\/api.w.org\/{rel}","templated":true}]}}