{"id":36434,"date":"2025-02-20T12:10:09","date_gmt":"2025-02-20T11:10:09","guid":{"rendered":"https:\/\/recambiosecogas.com\/producto\/filtro-de-fase-gasosa-romano-original-12-12\/"},"modified":"2026-04-27T09:14:00","modified_gmt":"2026-04-27T08:14:00","slug":"filtro-fase-gaseosa-romano-12-12","status":"publish","type":"product","link":"https:\/\/recambiosecogas.com\/pt-pt\/producto\/filtro-fase-gaseosa-romano-12-12\/","title":{"rendered":"Filtro fase gasosa Romano 12\/12 original"},"content":{"rendered":"<h1>Filtro fase gasosa Romano 12\/12 original<\/h1>\n<p>O filtro fase gasosa Romano original com conex\u00f5es de 12 mm \u00e9 projetado para eliminar part\u00edculas e impurezas do g\u00e1s GLP uma vez vaporizado, ajudando a manter o sistema de inje\u00e7\u00e3o em condi\u00e7\u00f5es \u00f3timas de funcionamento.<\/p>\n<p>Este componente contribui para um fluxo de g\u00e1s est\u00e1vel e limpo, o que se traduz em uma combust\u00e3o mais eficiente e uma maior prote\u00e7\u00e3o dos injetores e do reductor. \u00c9 uma pe\u00e7a recomendada para a manuten\u00e7\u00e3o peri\u00f3dica de instala\u00e7\u00f5es GLP que utilizam componentes Romano.<\/p>\n<p>Seu design compacto permite uma instala\u00e7\u00e3o simples em linhas de g\u00e1s de 12 mm, sendo adequado tanto para substitui\u00e7\u00e3o quanto para revis\u00f5es preventivas do sistema.<\/p>\n<hr \/>\n<h2>Filtragem eficaz em fase gasosa GLP<\/h2>\n<p>O filtro fase gasosa Romano 12\/12 atua como barreira contra res\u00edduos gerados durante o uso do g\u00e1s, reduzindo o risco de obstru\u00e7\u00f5es e prolongando a vida \u00fatil dos componentes sens\u00edveis do sistema GLP.<\/p>\n<hr \/>\n<h3>Caracter\u00edsticas principais<\/h3>\n<ul>\n<li>Filtragem do g\u00e1s em fase gasosa<\/li>\n<li>Prote\u00e7\u00e3o de injetores e reductor<\/li>\n<li>Componente original Romano<\/li>\n<li>Fluxo de g\u00e1s constante<\/li>\n<li>Conex\u00f5es para mangueira de 12 mm<\/li>\n<\/ul>\n<hr \/>\n<h3>Especifica\u00e7\u00f5es t\u00e9cnicas<\/h3>\n<div class=\"TyagGW_tableContainer\">\n<div class=\"group TyagGW_tableWrapper flex flex-col-reverse w-fit\">\n<table class=\"w-fit min-w-(--thread-content-width)\">\n<thead>\n<tr>\n<th>Caracter\u00edstica<\/th>\n<th>Detalhe<\/th>\n<\/tr>\n<\/thead>\n<tbody>\n<tr>\n<td>Produto<\/td>\n<td>Filtro fase gasosa GLP<\/td>\n<\/tr>\n<tr>\n<td>Marca<\/td>\n<td>Romano<\/td>\n<\/tr>\n<tr>\n<td>Tipo<\/td>\n<td>Original<\/td>\n<\/tr>\n<tr>\n<td>Fase de filtragem<\/td>\n<td>Gaseosa<\/td>\n<\/tr>\n<tr>\n<td>Di\u00e2metro entrada<\/td>\n<td>12 mm<\/td>\n<\/tr>\n<tr>\n<td>Di\u00e2metro sa\u00edda<\/td>\n<td>12 mm<\/td>\n<\/tr>\n<tr>\n<td>Combust\u00edvel<\/td>\n<td>GLP<\/td>\n<\/tr>\n<tr>\n<td>Aplica\u00e7\u00e3o<\/td>\n<td>Sistemas de inje\u00e7\u00e3o GLP<\/td>\n<\/tr>\n<\/tbody>\n<\/table>\n<\/div>\n<\/div>\n<hr \/>\n<h3>Compatibilidade<\/h3>\n<ul>\n<li>Sistemas GLP Romano<\/li>\n<li>Instala\u00e7\u00f5es GLP com linha de g\u00e1s de 12 mm<\/li>\n<li>Ve\u00edculos convertidos a GLP<\/li>\n<\/ul>\n<hr \/>\n<h3>Perguntas frequentes<\/h3>\n<p><strong>Quando deve ser substitu\u00eddo este filtro?<\/strong><br \/>Recomenda-se troc\u00e1-lo a cada 15.000 \u2013 20.000 km ou conforme as indica\u00e7\u00f5es do fabricante do sistema.<\/p>\n<p><strong>\u00c9 necess\u00e1rio utilizar um filtro original?<\/strong><br \/>O uso de pe\u00e7as originais garante uma filtragem correta e compatibilidade com o sistema.<\/p>\n","protected":false},"excerpt":{"rendered":"<p>Filtro fase gasosa Romano 12\/12 original para sistemas GLP, projetado para proteger injetores e garantir um fluxo de g\u00e1s limpo.<\/p>\n","protected":false},"featured_media":32380,"comment_status":"open","ping_status":"closed","template":"","meta":{"_uag_custom_page_level_css":""},"product_brand":[],"product_cat":[1571,1567],"product_tag":[1108],"class_list":{"0":"post-36434","1":"product","2":"type-product","3":"status-publish","4":"has-post-thumbnail","6":"product_cat-fase-gasosa-pt-pt-2","7":"product_cat-filtros-gpl-lpg","8":"product_tag-12x12mm-pt-pt","10":"first","11":"instock","12":"taxable","13":"shipping-taxable","14":"purchasable","15":"product-type-simple"},"ct_brands":[],"yoast_head":"<!-- This site is optimized with the Yoast SEO Premium plugin v27.4 (Yoast SEO v27.5) - https:\/\/yoast.com\/product\/yoast-seo-premium-wordpress\/ -->\n<title>Filtro fase gasosa Romano 12\/12 original | Recambios Ecogas<\/title>\n<meta name=\"description\" content=\"Filtro fase gasosa Romano 12\/12 original para sistemas GLP. Protege injetores e garante um funcionamento fi\u00e1vel.\" \/>\n<meta name=\"robots\" content=\"index, follow, max-snippet:-1, max-image-preview:large, max-video-preview:-1\" \/>\n<link rel=\"canonical\" href=\"https:\/\/recambiosecogas.com\/pt-pt\/producto\/filtro-fase-gaseosa-romano-12-12\/\" \/>\n<meta property=\"og:locale\" content=\"pt_PT\" \/>\n<meta property=\"og:type\" content=\"article\" \/>\n<meta property=\"og:title\" content=\"Filtro fase gasosa Romano 12\/12 original\" \/>\n<meta property=\"og:description\" content=\"Filtro fase gasosa Romano 12\/12 original para sistemas GLP. Protege injetores e garante um funcionamento fi\u00e1vel.\" \/>\n<meta property=\"og:url\" content=\"https:\/\/recambiosecogas.com\/pt-pt\/producto\/filtro-fase-gaseosa-romano-12-12\/\" \/>\n<meta property=\"og:site_name\" content=\"Recambios EcoGas\" \/>\n<meta property=\"article:publisher\" content=\"https:\/\/www.facebook.com\/profile.php?id=100062419705358\" \/>\n<meta property=\"article:modified_time\" content=\"2026-04-27T08:14:00+00:00\" \/>\n<meta property=\"og:image\" content=\"https:\/\/recambiosecogas.com\/wp-content\/uploads\/2024\/12\/ROMANO-FILTRO-GLPGASEOSO-png.webp\" \/>\n\t<meta property=\"og:image:width\" content=\"1000\" \/>\n\t<meta property=\"og:image:height\" content=\"1000\" \/>\n\t<meta property=\"og:image:type\" content=\"image\/png\" \/>\n<meta name=\"twitter:card\" content=\"summary_large_image\" \/>\n<meta name=\"twitter:label1\" content=\"pre\u00e7o\" \/>\n\t<meta name=\"twitter:data1\" content=\"25,20&nbsp;&euro; (Sin IVA: 20,83&nbsp;&euro;)\" \/>\n\t<meta name=\"twitter:label2\" content=\"Disponibilidade\" \/>\n\t<meta name=\"twitter:data2\" content=\"Em stock\" \/>\n<script type=\"application\/ld+json\" class=\"yoast-schema-graph\">{\"@context\":\"https:\\\/\\\/schema.org\",\"@graph\":[{\"@type\":\"WebPage\",\"@id\":\"https:\\\/\\\/recambiosecogas.com\\\/pt-pt\\\/producto\\\/filtro-fase-gaseosa-romano-12-12\\\/\",\"url\":\"https:\\\/\\\/recambiosecogas.com\\\/pt-pt\\\/producto\\\/filtro-fase-gaseosa-romano-12-12\\\/\",\"name\":\"Filtro fase gasosa Romano 12\\\/12 original | Recambios Ecogas\",\"isPartOf\":{\"@id\":\"https:\\\/\\\/recambiosecogas.com\\\/pt-pt\\\/#website\"},\"primaryImageOfPage\":{\"@id\":\"https:\\\/\\\/recambiosecogas.com\\\/pt-pt\\\/producto\\\/filtro-fase-gaseosa-romano-12-12\\\/#primaryimage\"},\"image\":{\"@id\":\"https:\\\/\\\/recambiosecogas.com\\\/pt-pt\\\/producto\\\/filtro-fase-gaseosa-romano-12-12\\\/#primaryimage\"},\"thumbnailUrl\":\"https:\\\/\\\/recambiosecogas.com\\\/wp-content\\\/uploads\\\/2024\\\/12\\\/ROMANO-FILTRO-GLPGASEOSO-png.webp\",\"datePublished\":\"2025-02-20T11:10:09+00:00\",\"dateModified\":\"2026-04-27T08:14:00+00:00\",\"description\":\"Filtro fase gasosa Romano 12\\\/12 original para sistemas GLP. Protege injetores e garante um funcionamento fi\u00e1vel.\",\"breadcrumb\":{\"@id\":\"https:\\\/\\\/recambiosecogas.com\\\/pt-pt\\\/producto\\\/filtro-fase-gaseosa-romano-12-12\\\/#breadcrumb\"},\"inLanguage\":\"pt-PT\",\"potentialAction\":[{\"@type\":\"ReadAction\",\"target\":[\"https:\\\/\\\/recambiosecogas.com\\\/pt-pt\\\/producto\\\/filtro-fase-gaseosa-romano-12-12\\\/\"]}]},{\"@type\":\"ImageObject\",\"inLanguage\":\"pt-PT\",\"@id\":\"https:\\\/\\\/recambiosecogas.com\\\/pt-pt\\\/producto\\\/filtro-fase-gaseosa-romano-12-12\\\/#primaryimage\",\"url\":\"https:\\\/\\\/recambiosecogas.com\\\/wp-content\\\/uploads\\\/2024\\\/12\\\/ROMANO-FILTRO-GLPGASEOSO-png.webp\",\"contentUrl\":\"https:\\\/\\\/recambiosecogas.com\\\/wp-content\\\/uploads\\\/2024\\\/12\\\/ROMANO-FILTRO-GLPGASEOSO-png.webp\",\"width\":1000,\"height\":1000},{\"@type\":\"BreadcrumbList\",\"@id\":\"https:\\\/\\\/recambiosecogas.com\\\/pt-pt\\\/producto\\\/filtro-fase-gaseosa-romano-12-12\\\/#breadcrumb\",\"itemListElement\":[{\"@type\":\"ListItem\",\"position\":1,\"name\":\"P\u00e1gina inicial\",\"item\":\"https:\\\/\\\/recambiosecogas.com\\\/pt-pt\\\/\"},{\"@type\":\"ListItem\",\"position\":2,\"name\":\"Loja\",\"item\":\"https:\\\/\\\/recambiosecogas.com\\\/pt-pt\\\/tienda\\\/\"},{\"@type\":\"ListItem\",\"position\":3,\"name\":\"Filtro fase gasosa Romano 12\\\/12 original\"}]},{\"@type\":\"WebSite\",\"@id\":\"https:\\\/\\\/recambiosecogas.com\\\/pt-pt\\\/#website\",\"url\":\"https:\\\/\\\/recambiosecogas.com\\\/pt-pt\\\/\",\"name\":\"Recambios EcoGas\",\"description\":\"Pe\u00e7as multimarca para sistemas de GPL\\\/GNC\\\/GNL\\\/Hidrog\u00e9nio\",\"publisher\":{\"@id\":\"https:\\\/\\\/recambiosecogas.com\\\/pt-pt\\\/#organization\"},\"alternateName\":\"Recambios Autogas GLP\",\"potentialAction\":[{\"@type\":\"SearchAction\",\"target\":{\"@type\":\"EntryPoint\",\"urlTemplate\":\"https:\\\/\\\/recambiosecogas.com\\\/pt-pt\\\/?s={search_term_string}\"},\"query-input\":{\"@type\":\"PropertyValueSpecification\",\"valueRequired\":true,\"valueName\":\"search_term_string\"}}],\"inLanguage\":\"pt-PT\"},{\"@type\":[\"Organization\",\"Place\"],\"@id\":\"https:\\\/\\\/recambiosecogas.com\\\/pt-pt\\\/#organization\",\"name\":\"Recambios EcoGas\",\"alternateName\":\"Loja de GPL Autog\u00e1s Espanha\",\"url\":\"https:\\\/\\\/recambiosecogas.com\\\/pt-pt\\\/\",\"logo\":{\"@id\":\"https:\\\/\\\/recambiosecogas.com\\\/pt-pt\\\/producto\\\/filtro-fase-gaseosa-romano-12-12\\\/#local-main-organization-logo\"},\"image\":{\"@id\":\"https:\\\/\\\/recambiosecogas.com\\\/pt-pt\\\/producto\\\/filtro-fase-gaseosa-romano-12-12\\\/#local-main-organization-logo\"},\"sameAs\":[\"https:\\\/\\\/www.facebook.com\\\/profile.php?id=100062419705358\",\"https:\\\/\\\/www.instagram.com\\\/segimon_automocio\"],\"description\":\"Recambios EcoGas \u2013 Venta y distribuci\u00f3n de sistemas GLP y GNC en Espa\u00f1a y Portugal. Env\u00edos 24 h, soporte t\u00e9cnico a talleres y distribuidores.\",\"hasMerchantReturnPolicy\":{\"@type\":\"MerchantReturnPolicy\",\"merchantReturnLink\":\"https:\\\/\\\/recambiosecogas.com\\\/politicas-privacidad\\\/\"},\"address\":{\"@id\":\"https:\\\/\\\/recambiosecogas.com\\\/pt-pt\\\/producto\\\/filtro-fase-gaseosa-romano-12-12\\\/#local-main-place-address\"},\"telephone\":[\"616250633\"],\"contactPoint\":{\"@type\":\"ContactPoint\",\"email\":\"export@recambiosecogas.com\"},\"openingHoursSpecification\":[{\"@type\":\"OpeningHoursSpecification\",\"dayOfWeek\":[\"Monday\",\"Tuesday\",\"Wednesday\",\"Thursday\",\"Friday\",\"Saturday\",\"Sunday\"],\"opens\":\"09:00\",\"closes\":\"17:00\"}],\"email\":\"info@recambiosecogas.com\",\"faxNumber\":\"SEGIMON AUTOMOCION SL\",\"vatID\":\"ESB19819861\",\"globalLocationNumber\":\"938 616 339\"},{\"@type\":\"PostalAddress\",\"@id\":\"https:\\\/\\\/recambiosecogas.com\\\/pt-pt\\\/producto\\\/filtro-fase-gaseosa-romano-12-12\\\/#local-main-place-address\",\"streetAddress\":\"cami antic de vic, 29 (Nave 3), Pol\u00edgono Industrial Congost\",\"addressLocality\":\"CORRO D`AVALL\",\"postalCode\":\"08520\",\"addressRegion\":\"Barcelona\",\"addressCountry\":\"ES\"},{\"@type\":\"ImageObject\",\"inLanguage\":\"pt-PT\",\"@id\":\"https:\\\/\\\/recambiosecogas.com\\\/pt-pt\\\/producto\\\/filtro-fase-gaseosa-romano-12-12\\\/#local-main-organization-logo\",\"url\":\"https:\\\/\\\/recambiosecogas.com\\\/wp-content\\\/uploads\\\/2024\\\/11\\\/cropped-RECAMBIOS-GLP-png.webp\",\"contentUrl\":\"https:\\\/\\\/recambiosecogas.com\\\/wp-content\\\/uploads\\\/2024\\\/11\\\/cropped-RECAMBIOS-GLP-png.webp\",\"width\":512,\"height\":512,\"caption\":\"Recambios EcoGas\"}]}<\/script>\n<meta property=\"product:price:amount\" content=\"25.20\" \/>\n<meta property=\"product:price:currency\" content=\"EUR\" \/>\n<meta property=\"og:availability\" content=\"instock\" \/>\n<meta property=\"product:availability\" content=\"instock\" \/>\n<meta property=\"product:retailer_item_id\" content=\"FFG12\" \/>\n<meta property=\"product:condition\" content=\"new\" \/>\n<meta name=\"geo.placename\" content=\"CORRO D`AVALL\" \/>\n<meta name=\"geo.region\" content=\"Espanha\" \/>\n<!-- \/ Yoast SEO Premium plugin. -->","yoast_head_json":{"title":"Filtro fase gasosa Romano 12\/12 original | Recambios Ecogas","description":"Filtro fase gasosa Romano 12\/12 original para sistemas GLP. Protege injetores e garante um funcionamento fi\u00e1vel.","robots":{"index":"index","follow":"follow","max-snippet":"max-snippet:-1","max-image-preview":"max-image-preview:large","max-video-preview":"max-video-preview:-1"},"canonical":"https:\/\/recambiosecogas.com\/pt-pt\/producto\/filtro-fase-gaseosa-romano-12-12\/","og_locale":"pt_PT","og_type":"article","og_title":"Filtro fase gasosa Romano 12\/12 original","og_description":"Filtro fase gasosa Romano 12\/12 original para sistemas GLP. Protege injetores e garante um funcionamento fi\u00e1vel.","og_url":"https:\/\/recambiosecogas.com\/pt-pt\/producto\/filtro-fase-gaseosa-romano-12-12\/","og_site_name":"Recambios EcoGas","article_publisher":"https:\/\/www.facebook.com\/profile.php?id=100062419705358","article_modified_time":"2026-04-27T08:14:00+00:00","og_image":[{"width":1000,"height":1000,"url":"https:\/\/recambiosecogas.com\/wp-content\/uploads\/2024\/12\/ROMANO-FILTRO-GLPGASEOSO-png.webp","type":"image\/png"}],"twitter_card":"summary_large_image","twitter_misc":{"pre\u00e7o":"25,20&nbsp;&euro; (Sin IVA: 20,83&nbsp;&euro;)","Disponibilidade":"Em stock"},"schema":{"@context":"https:\/\/schema.org","@graph":[{"@type":"WebPage","@id":"https:\/\/recambiosecogas.com\/pt-pt\/producto\/filtro-fase-gaseosa-romano-12-12\/","url":"https:\/\/recambiosecogas.com\/pt-pt\/producto\/filtro-fase-gaseosa-romano-12-12\/","name":"Filtro fase gasosa Romano 12\/12 original | Recambios Ecogas","isPartOf":{"@id":"https:\/\/recambiosecogas.com\/pt-pt\/#website"},"primaryImageOfPage":{"@id":"https:\/\/recambiosecogas.com\/pt-pt\/producto\/filtro-fase-gaseosa-romano-12-12\/#primaryimage"},"image":{"@id":"https:\/\/recambiosecogas.com\/pt-pt\/producto\/filtro-fase-gaseosa-romano-12-12\/#primaryimage"},"thumbnailUrl":"https:\/\/recambiosecogas.com\/wp-content\/uploads\/2024\/12\/ROMANO-FILTRO-GLPGASEOSO-png.webp","datePublished":"2025-02-20T11:10:09+00:00","dateModified":"2026-04-27T08:14:00+00:00","description":"Filtro fase gasosa Romano 12\/12 original para sistemas GLP. Protege injetores e garante um funcionamento fi\u00e1vel.","breadcrumb":{"@id":"https:\/\/recambiosecogas.com\/pt-pt\/producto\/filtro-fase-gaseosa-romano-12-12\/#breadcrumb"},"inLanguage":"pt-PT","potentialAction":[{"@type":"ReadAction","target":["https:\/\/recambiosecogas.com\/pt-pt\/producto\/filtro-fase-gaseosa-romano-12-12\/"]}]},{"@type":"ImageObject","inLanguage":"pt-PT","@id":"https:\/\/recambiosecogas.com\/pt-pt\/producto\/filtro-fase-gaseosa-romano-12-12\/#primaryimage","url":"https:\/\/recambiosecogas.com\/wp-content\/uploads\/2024\/12\/ROMANO-FILTRO-GLPGASEOSO-png.webp","contentUrl":"https:\/\/recambiosecogas.com\/wp-content\/uploads\/2024\/12\/ROMANO-FILTRO-GLPGASEOSO-png.webp","width":1000,"height":1000},{"@type":"BreadcrumbList","@id":"https:\/\/recambiosecogas.com\/pt-pt\/producto\/filtro-fase-gaseosa-romano-12-12\/#breadcrumb","itemListElement":[{"@type":"ListItem","position":1,"name":"P\u00e1gina inicial","item":"https:\/\/recambiosecogas.com\/pt-pt\/"},{"@type":"ListItem","position":2,"name":"Loja","item":"https:\/\/recambiosecogas.com\/pt-pt\/tienda\/"},{"@type":"ListItem","position":3,"name":"Filtro fase gasosa Romano 12\/12 original"}]},{"@type":"WebSite","@id":"https:\/\/recambiosecogas.com\/pt-pt\/#website","url":"https:\/\/recambiosecogas.com\/pt-pt\/","name":"Recambios EcoGas","description":"Pe\u00e7as multimarca para sistemas de GPL\/GNC\/GNL\/Hidrog\u00e9nio","publisher":{"@id":"https:\/\/recambiosecogas.com\/pt-pt\/#organization"},"alternateName":"Recambios Autogas GLP","potentialAction":[{"@type":"SearchAction","target":{"@type":"EntryPoint","urlTemplate":"https:\/\/recambiosecogas.com\/pt-pt\/?s={search_term_string}"},"query-input":{"@type":"PropertyValueSpecification","valueRequired":true,"valueName":"search_term_string"}}],"inLanguage":"pt-PT"},{"@type":["Organization","Place"],"@id":"https:\/\/recambiosecogas.com\/pt-pt\/#organization","name":"Recambios EcoGas","alternateName":"Loja de GPL Autog\u00e1s Espanha","url":"https:\/\/recambiosecogas.com\/pt-pt\/","logo":{"@id":"https:\/\/recambiosecogas.com\/pt-pt\/producto\/filtro-fase-gaseosa-romano-12-12\/#local-main-organization-logo"},"image":{"@id":"https:\/\/recambiosecogas.com\/pt-pt\/producto\/filtro-fase-gaseosa-romano-12-12\/#local-main-organization-logo"},"sameAs":["https:\/\/www.facebook.com\/profile.php?id=100062419705358","https:\/\/www.instagram.com\/segimon_automocio"],"description":"Recambios EcoGas \u2013 Venta y distribuci\u00f3n de sistemas GLP y GNC en Espa\u00f1a y Portugal. Env\u00edos 24 h, soporte t\u00e9cnico a talleres y distribuidores.","hasMerchantReturnPolicy":{"@type":"MerchantReturnPolicy","merchantReturnLink":"https:\/\/recambiosecogas.com\/politicas-privacidad\/"},"address":{"@id":"https:\/\/recambiosecogas.com\/pt-pt\/producto\/filtro-fase-gaseosa-romano-12-12\/#local-main-place-address"},"telephone":["616250633"],"contactPoint":{"@type":"ContactPoint","email":"export@recambiosecogas.com"},"openingHoursSpecification":[{"@type":"OpeningHoursSpecification","dayOfWeek":["Monday","Tuesday","Wednesday","Thursday","Friday","Saturday","Sunday"],"opens":"09:00","closes":"17:00"}],"email":"info@recambiosecogas.com","faxNumber":"SEGIMON AUTOMOCION SL","vatID":"ESB19819861","globalLocationNumber":"938 616 339"},{"@type":"PostalAddress","@id":"https:\/\/recambiosecogas.com\/pt-pt\/producto\/filtro-fase-gaseosa-romano-12-12\/#local-main-place-address","streetAddress":"cami antic de vic, 29 (Nave 3), Pol\u00edgono Industrial Congost","addressLocality":"CORRO D`AVALL","postalCode":"08520","addressRegion":"Barcelona","addressCountry":"ES"},{"@type":"ImageObject","inLanguage":"pt-PT","@id":"https:\/\/recambiosecogas.com\/pt-pt\/producto\/filtro-fase-gaseosa-romano-12-12\/#local-main-organization-logo","url":"https:\/\/recambiosecogas.com\/wp-content\/uploads\/2024\/11\/cropped-RECAMBIOS-GLP-png.webp","contentUrl":"https:\/\/recambiosecogas.com\/wp-content\/uploads\/2024\/11\/cropped-RECAMBIOS-GLP-png.webp","width":512,"height":512,"caption":"Recambios EcoGas"}]},"product_price_amount":"25.20","product_price_currency":"EUR","og_availability":"instock","product_availability":"instock","product_retailer_item_id":"FFG12","product_condition":"new","geo.placename":"CORRO D`AVALL","geo.region":"Espanha"},"uagb_featured_image_src":{"full":["https:\/\/recambiosecogas.com\/wp-content\/uploads\/2024\/12\/ROMANO-FILTRO-GLPGASEOSO-png.webp",1000,1000,false],"thumbnail":["https:\/\/recambiosecogas.com\/wp-content\/uploads\/2024\/12\/ROMANO-FILTRO-GLPGASEOSO-150x150.webp",150,150,true],"medium":["https:\/\/recambiosecogas.com\/wp-content\/uploads\/2024\/12\/ROMANO-FILTRO-GLPGASEOSO-300x300.webp",300,300,true],"medium_large":["https:\/\/recambiosecogas.com\/wp-content\/uploads\/2024\/12\/ROMANO-FILTRO-GLPGASEOSO-768x768.webp",768,768,true],"large":["https:\/\/recambiosecogas.com\/wp-content\/uploads\/2024\/12\/ROMANO-FILTRO-GLPGASEOSO-png.webp",1000,1000,false],"1536x1536":["https:\/\/recambiosecogas.com\/wp-content\/uploads\/2024\/12\/ROMANO-FILTRO-GLPGASEOSO-png.webp",1000,1000,false],"2048x2048":["https:\/\/recambiosecogas.com\/wp-content\/uploads\/2024\/12\/ROMANO-FILTRO-GLPGASEOSO-png.webp",1000,1000,false],"woocommerce_archive_thumbnail":["https:\/\/recambiosecogas.com\/wp-content\/uploads\/2024\/12\/ROMANO-FILTRO-GLPGASEOSO-png.webp",1000,1000,false],"woocommerce_thumbnail":["https:\/\/recambiosecogas.com\/wp-content\/uploads\/2024\/12\/ROMANO-FILTRO-GLPGASEOSO-300x300.webp",300,300,true],"woocommerce_single":["https:\/\/recambiosecogas.com\/wp-content\/uploads\/2024\/12\/ROMANO-FILTRO-GLPGASEOSO-png.webp",1000,1000,false],"woocommerce_gallery_thumbnail":["https:\/\/recambiosecogas.com\/wp-content\/uploads\/2024\/12\/ROMANO-FILTRO-GLPGASEOSO-png.webp",1000,1000,false],"dgwt-wcas-product-suggestion":["https:\/\/recambiosecogas.com\/wp-content\/uploads\/2024\/12\/ROMANO-FILTRO-GLPGASEOSO-64x64.webp",64,64,true]},"uagb_author_info":{"display_name":"Fran - Soporte T\u00e9cnico","author_link":"https:\/\/recambiosecogas.com\/pt-pt\/author\/"},"uagb_comment_info":0,"uagb_excerpt":"Filtro fase gasosa Romano 12\/12 original para sistemas GLP, projetado para proteger injetores e garantir um fluxo de g\u00e1s limpo.","_links":{"self":[{"href":"https:\/\/recambiosecogas.com\/pt-pt\/wp-json\/wp\/v2\/product\/36434","targetHints":{"allow":["GET"]}}],"collection":[{"href":"https:\/\/recambiosecogas.com\/pt-pt\/wp-json\/wp\/v2\/product"}],"about":[{"href":"https:\/\/recambiosecogas.com\/pt-pt\/wp-json\/wp\/v2\/types\/product"}],"replies":[{"embeddable":true,"href":"https:\/\/recambiosecogas.com\/pt-pt\/wp-json\/wp\/v2\/comments?post=36434"}],"wp:featuredmedia":[{"embeddable":true,"href":"https:\/\/recambiosecogas.com\/pt-pt\/wp-json\/wp\/v2\/media\/32380"}],"wp:attachment":[{"href":"https:\/\/recambiosecogas.com\/pt-pt\/wp-json\/wp\/v2\/media?parent=36434"}],"wp:term":[{"taxonomy":"product_brand","embeddable":true,"href":"https:\/\/recambiosecogas.com\/pt-pt\/wp-json\/wp\/v2\/product_brand?post=36434"},{"taxonomy":"product_cat","embeddable":true,"href":"https:\/\/recambiosecogas.com\/pt-pt\/wp-json\/wp\/v2\/product_cat?post=36434"},{"taxonomy":"product_tag","embeddable":true,"href":"https:\/\/recambiosecogas.com\/pt-pt\/wp-json\/wp\/v2\/product_tag?post=36434"}],"curies":[{"name":"wp","href":"https:\/\/api.w.org\/{rel}","templated":true}]}}