{"id":36225,"date":"2025-04-09T15:09:32","date_gmt":"2025-04-09T14:09:32","guid":{"rendered":"https:\/\/recambiosecogas.com\/producto\/porca-de-uniao-gok-em-aco-galvanizado-tipo-l-m14-x-15-8-mm\/"},"modified":"2026-05-05T10:53:54","modified_gmt":"2026-05-05T09:53:54","slug":"gok-tuerca-de-union-acero-galvanizado-tipo-l-m14-x-15-8-mm","status":"publish","type":"product","link":"https:\/\/recambiosecogas.com\/pt-pt\/producto\/gok-tuerca-de-union-acero-galvanizado-tipo-l-m14-x-15-8-mm\/","title":{"rendered":"GOK tuerca de uni\u00f3n acero, galvanizado Tipo L- M14 x 1,5 &#8211; 8 mm"},"content":{"rendered":"<h1 data-start=\"0\" data-end=\"72\"><strong data-start=\"2\" data-end=\"72\">GOK Tuerca de Uni\u00f3n de Acero Galvanizado Tipo L \u2013 M14 x 1,5 \u2013 8 mm<\/strong><\/h1>\n<h2 data-start=\"74\" data-end=\"92\"><strong data-start=\"77\" data-end=\"92\">Descripci\u00f3n<\/strong><\/h2>\n<p data-start=\"93\" data-end=\"473\">La tuerca de uni\u00f3n GOK Tipo L est\u00e1 fabricada en acero galvanizado de alta resistencia y dise\u00f1ada para asegurar conexiones firmes, estancas y fiables en instalaciones de gas (GLP\/GNC) y sistemas de conducci\u00f3n de fluidos. Su rosca <strong data-start=\"322\" data-end=\"335\">M14 x 1,5<\/strong> y paso <strong data-start=\"343\" data-end=\"351\">8 mm<\/strong> la convierten en un componente adecuado para uniones de tuber\u00edas y accesorios que requieren un acople preciso y duradero.<\/p>\n<p data-start=\"475\" data-end=\"813\">El recubrimiento galvanizado protege la pieza frente a la corrosi\u00f3n y al desgaste, alargando su vida \u00fatil incluso en entornos exigentes. Como es habitual en los productos GOK, ofrece una calidad industrial consistente, siendo ideal para talleres, instaladores profesionales y aplicaciones donde se requiera m\u00e1xima seguridad en el sellado.<\/p>\n<hr data-start=\"815\" data-end=\"818\" \/>\n<h2 data-start=\"820\" data-end=\"841\"><strong data-start=\"823\" data-end=\"841\">Compatibilidad<\/strong><\/h2>\n<ul data-start=\"842\" data-end=\"1066\">\n<li data-start=\"842\" data-end=\"912\">\n<p data-start=\"844\" data-end=\"912\">Sistemas de gas (GLP\/GNC) y aplicaciones de conducci\u00f3n de fluidos.<\/p>\n<\/li>\n<li data-start=\"913\" data-end=\"952\">\n<p data-start=\"915\" data-end=\"952\">Conexiones con rosca <strong data-start=\"936\" data-end=\"949\">M14 x 1,5<\/strong>.<\/p>\n<\/li>\n<li data-start=\"953\" data-end=\"998\">\n<p data-start=\"955\" data-end=\"998\">Tuber\u00edas o adaptadores con paso <strong data-start=\"987\" data-end=\"995\">8 mm<\/strong>.<\/p>\n<\/li>\n<li data-start=\"999\" data-end=\"1066\">\n<p data-start=\"1001\" data-end=\"1066\">Compatible con instalaciones que empleen tuercas de uni\u00f3n Tipo L.<\/p>\n<\/li>\n<\/ul>\n<hr data-start=\"1068\" data-end=\"1071\" \/>\n<h2 data-start=\"1073\" data-end=\"1093\"><strong data-start=\"1076\" data-end=\"1093\">Ficha t\u00e9cnica<\/strong><\/h2>\n<ul data-start=\"1094\" data-end=\"1289\">\n<li data-start=\"1094\" data-end=\"1130\">\n<p data-start=\"1096\" data-end=\"1130\">Tipo: <strong data-start=\"1102\" data-end=\"1128\">Tuerca de uni\u00f3n Tipo L<\/strong><\/p>\n<\/li>\n<li data-start=\"1131\" data-end=\"1155\">\n<p data-start=\"1133\" data-end=\"1155\">Rosca: <strong data-start=\"1140\" data-end=\"1153\">M14 x 1,5<\/strong><\/p>\n<\/li>\n<li data-start=\"1156\" data-end=\"1182\">\n<p data-start=\"1158\" data-end=\"1182\">Paso interno: <strong data-start=\"1172\" data-end=\"1180\">8 mm<\/strong><\/p>\n<\/li>\n<li data-start=\"1183\" data-end=\"1218\">\n<p data-start=\"1185\" data-end=\"1218\">Material: <strong data-start=\"1195\" data-end=\"1216\">Acero galvanizado<\/strong><\/p>\n<\/li>\n<li data-start=\"1219\" data-end=\"1289\">\n<p data-start=\"1221\" data-end=\"1289\">Aplicaci\u00f3n: Uniones y fijaciones en instalaciones de gas y fluidos<\/p>\n<\/li>\n<\/ul>\n<hr data-start=\"1291\" data-end=\"1294\" \/>\n<h2 data-start=\"1296\" data-end=\"1319\"><strong data-start=\"1299\" data-end=\"1319\">Especificaciones<\/strong><\/h2>\n<div class=\"_tableContainer_1rjym_1\">\n<div class=\"group _tableWrapper_1rjym_13 flex w-fit flex-col-reverse\" tabindex=\"-1\">\n<table class=\"w-fit min-w-(--thread-content-width)\" data-start=\"1320\" data-end=\"1593\">\n<thead data-start=\"1320\" data-end=\"1346\">\n<tr data-start=\"1320\" data-end=\"1346\">\n<th data-start=\"1320\" data-end=\"1337\" data-col-size=\"sm\">Caracter\u00edstica<\/th>\n<th data-start=\"1337\" data-end=\"1346\" data-col-size=\"sm\">Valor<\/th>\n<\/tr>\n<\/thead>\n<tbody data-start=\"1375\" data-end=\"1593\">\n<tr data-start=\"1375\" data-end=\"1408\">\n<td data-start=\"1375\" data-end=\"1382\" data-col-size=\"sm\">Tipo<\/td>\n<td data-col-size=\"sm\" data-start=\"1382\" data-end=\"1408\">Tuerca de uni\u00f3n Tipo L<\/td>\n<\/tr>\n<tr data-start=\"1409\" data-end=\"1430\">\n<td data-start=\"1409\" data-end=\"1417\" data-col-size=\"sm\">Rosca<\/td>\n<td data-col-size=\"sm\" data-start=\"1417\" data-end=\"1430\">M14 x 1,5<\/td>\n<\/tr>\n<tr data-start=\"1431\" data-end=\"1456\">\n<td data-start=\"1431\" data-end=\"1448\" data-col-size=\"sm\">Medida interna<\/td>\n<td data-col-size=\"sm\" data-start=\"1448\" data-end=\"1456\">8 mm<\/td>\n<\/tr>\n<tr data-start=\"1457\" data-end=\"1489\">\n<td data-start=\"1457\" data-end=\"1468\" data-col-size=\"sm\">Material<\/td>\n<td data-col-size=\"sm\" data-start=\"1468\" data-end=\"1489\">Acero galvanizado<\/td>\n<\/tr>\n<tr data-start=\"1490\" data-end=\"1537\">\n<td data-start=\"1490\" data-end=\"1504\" data-col-size=\"sm\">Resistencia<\/td>\n<td data-col-size=\"sm\" data-start=\"1504\" data-end=\"1537\">Alta protecci\u00f3n anticorrosi\u00f3n<\/td>\n<\/tr>\n<tr data-start=\"1538\" data-end=\"1593\">\n<td data-start=\"1538\" data-end=\"1553\" data-col-size=\"sm\">Uso habitual<\/td>\n<td data-col-size=\"sm\" data-start=\"1553\" data-end=\"1593\">Sistemas GLP\/GNC y l\u00edneas de fluidos<\/td>\n<\/tr>\n<\/tbody>\n<\/table>\n<\/div>\n<\/div>\n<hr data-start=\"1595\" data-end=\"1598\" \/>\n<h2 data-start=\"1600\" data-end=\"1617\"><strong data-start=\"1603\" data-end=\"1617\">Beneficios<\/strong><\/h2>\n<ul data-start=\"1618\" data-end=\"1938\">\n<li data-start=\"1618\" data-end=\"1678\">\n<p data-start=\"1620\" data-end=\"1678\">Conexi\u00f3n segura y estanca gracias al mecanizado preciso.<\/p>\n<\/li>\n<li data-start=\"1679\" data-end=\"1755\">\n<p data-start=\"1681\" data-end=\"1755\">Acero galvanizado que ofrece excelente protecci\u00f3n frente a la corrosi\u00f3n.<\/p>\n<\/li>\n<li data-start=\"1756\" data-end=\"1811\">\n<p data-start=\"1758\" data-end=\"1811\">Gran durabilidad en instalaciones de gas o fluidos.<\/p>\n<\/li>\n<li data-start=\"1812\" data-end=\"1873\">\n<p data-start=\"1814\" data-end=\"1873\">Compatible con aplicaciones profesionales y automotrices.<\/p>\n<\/li>\n<li data-start=\"1874\" data-end=\"1938\">\n<p data-start=\"1876\" data-end=\"1938\">F\u00e1cil integraci\u00f3n en sistemas con rosca M14 x 1,5 y paso 8 mm.<\/p>\n<\/li>\n<\/ul>\n","protected":false},"excerpt":{"rendered":"<p data-start=\"2398\" data-end=\"2542\">Tuerca de uni\u00f3n GOK Tipo L en acero galvanizado, rosca M14 x 1,5 y paso 8 mm. Robusta, anticorrosi\u00f3n y apta para instalaciones de gas y fluidos.<\/p>\n","protected":false},"featured_media":34822,"comment_status":"open","ping_status":"closed","template":"","meta":{"_uag_custom_page_level_css":""},"product_brand":[],"product_cat":[1495,1491],"product_tag":[],"class_list":{"0":"post-36225","1":"product","2":"type-product","3":"status-publish","4":"has-post-thumbnail","6":"product_cat-aneis-de-fecho","7":"product_cat-conectores-de-racordes","9":"first","10":"onbackorder","11":"taxable","12":"shipping-taxable","13":"purchasable","14":"product-type-simple"},"ct_brands":[],"yoast_head":"<!-- This site is optimized with the Yoast SEO Premium plugin v27.5 (Yoast SEO v27.5) - https:\/\/yoast.com\/product\/yoast-seo-premium-wordpress\/ -->\n<title>GOK tuerca de uni\u00f3n acero, galvanizado Tipo L- M14 x 1,5 - 8 mm | Recambios EcoGas<\/title>\n<meta name=\"description\" content=\"Tuerca de uni\u00f3n GOK Tipo L en acero galvanizado, rosca M14 x 1,5 y paso 8 mm. Conexi\u00f3n duradera y segura para sistemas GLP\/GNC.\" \/>\n<meta name=\"robots\" content=\"index, follow, max-snippet:-1, max-image-preview:large, max-video-preview:-1\" \/>\n<link rel=\"canonical\" href=\"https:\/\/recambiosecogas.com\/pt-pt\/producto\/gok-tuerca-de-union-acero-galvanizado-tipo-l-m14-x-15-8-mm\/\" \/>\n<meta property=\"og:locale\" content=\"pt_PT\" \/>\n<meta property=\"og:type\" content=\"article\" \/>\n<meta property=\"og:title\" content=\"GOK tuerca de uni\u00f3n acero, galvanizado Tipo L- M14 x 1,5 - 8 mm\" \/>\n<meta property=\"og:description\" content=\"Tuerca de uni\u00f3n GOK Tipo L en acero galvanizado, rosca M14 x 1,5 y paso 8 mm. Conexi\u00f3n duradera y segura para sistemas GLP\/GNC.\" \/>\n<meta property=\"og:url\" content=\"https:\/\/recambiosecogas.com\/pt-pt\/producto\/gok-tuerca-de-union-acero-galvanizado-tipo-l-m14-x-15-8-mm\/\" \/>\n<meta property=\"og:site_name\" content=\"Recambios EcoGas\" \/>\n<meta property=\"article:publisher\" content=\"https:\/\/www.facebook.com\/profile.php?id=100062419705358\" \/>\n<meta property=\"article:modified_time\" content=\"2026-05-05T09:53:54+00:00\" \/>\n<meta property=\"og:image\" content=\"https:\/\/recambiosecogas.com\/wp-content\/uploads\/2025\/04\/GOK-tuerca-de-union-acero-galvanizado-Tipo-L-M14-x-1-5-8-mm-png.webp\" \/>\n\t<meta property=\"og:image:width\" content=\"1000\" \/>\n\t<meta property=\"og:image:height\" content=\"1000\" \/>\n\t<meta property=\"og:image:type\" content=\"image\/png\" \/>\n<meta name=\"twitter:card\" content=\"summary_large_image\" \/>\n<meta name=\"twitter:label1\" content=\"pre\u00e7o\" \/>\n\t<meta name=\"twitter:data1\" content=\"1,65&nbsp;&euro; (Sin IVA: 1,37&nbsp;&euro;)\" \/>\n\t<meta name=\"twitter:label2\" content=\"Disponibilidade\" \/>\n\t<meta name=\"twitter:data2\" content=\"Por encomenda\" \/>\n<script type=\"application\/ld+json\" class=\"yoast-schema-graph\">{\"@context\":\"https:\\\/\\\/schema.org\",\"@graph\":[{\"@type\":\"WebPage\",\"@id\":\"https:\\\/\\\/recambiosecogas.com\\\/pt-pt\\\/producto\\\/gok-tuerca-de-union-acero-galvanizado-tipo-l-m14-x-15-8-mm\\\/\",\"url\":\"https:\\\/\\\/recambiosecogas.com\\\/pt-pt\\\/producto\\\/gok-tuerca-de-union-acero-galvanizado-tipo-l-m14-x-15-8-mm\\\/\",\"name\":\"GOK tuerca de uni\u00f3n acero, galvanizado Tipo L- M14 x 1,5 - 8 mm | Recambios EcoGas\",\"isPartOf\":{\"@id\":\"https:\\\/\\\/recambiosecogas.com\\\/pt-pt\\\/#website\"},\"primaryImageOfPage\":{\"@id\":\"https:\\\/\\\/recambiosecogas.com\\\/pt-pt\\\/producto\\\/gok-tuerca-de-union-acero-galvanizado-tipo-l-m14-x-15-8-mm\\\/#primaryimage\"},\"image\":{\"@id\":\"https:\\\/\\\/recambiosecogas.com\\\/pt-pt\\\/producto\\\/gok-tuerca-de-union-acero-galvanizado-tipo-l-m14-x-15-8-mm\\\/#primaryimage\"},\"thumbnailUrl\":\"https:\\\/\\\/recambiosecogas.com\\\/wp-content\\\/uploads\\\/2025\\\/04\\\/GOK-tuerca-de-union-acero-galvanizado-Tipo-L-M14-x-1-5-8-mm-png.webp\",\"datePublished\":\"2025-04-09T14:09:32+00:00\",\"dateModified\":\"2026-05-05T09:53:54+00:00\",\"description\":\"Tuerca de uni\u00f3n GOK Tipo L en acero galvanizado, rosca M14 x 1,5 y paso 8 mm. Conexi\u00f3n duradera y segura para sistemas GLP\\\/GNC.\",\"breadcrumb\":{\"@id\":\"https:\\\/\\\/recambiosecogas.com\\\/pt-pt\\\/producto\\\/gok-tuerca-de-union-acero-galvanizado-tipo-l-m14-x-15-8-mm\\\/#breadcrumb\"},\"inLanguage\":\"pt-PT\",\"potentialAction\":[{\"@type\":\"ReadAction\",\"target\":[\"https:\\\/\\\/recambiosecogas.com\\\/pt-pt\\\/producto\\\/gok-tuerca-de-union-acero-galvanizado-tipo-l-m14-x-15-8-mm\\\/\"]}]},{\"@type\":\"ImageObject\",\"inLanguage\":\"pt-PT\",\"@id\":\"https:\\\/\\\/recambiosecogas.com\\\/pt-pt\\\/producto\\\/gok-tuerca-de-union-acero-galvanizado-tipo-l-m14-x-15-8-mm\\\/#primaryimage\",\"url\":\"https:\\\/\\\/recambiosecogas.com\\\/wp-content\\\/uploads\\\/2025\\\/04\\\/GOK-tuerca-de-union-acero-galvanizado-Tipo-L-M14-x-1-5-8-mm-png.webp\",\"contentUrl\":\"https:\\\/\\\/recambiosecogas.com\\\/wp-content\\\/uploads\\\/2025\\\/04\\\/GOK-tuerca-de-union-acero-galvanizado-Tipo-L-M14-x-1-5-8-mm-png.webp\",\"width\":1000,\"height\":1000},{\"@type\":\"BreadcrumbList\",\"@id\":\"https:\\\/\\\/recambiosecogas.com\\\/pt-pt\\\/producto\\\/gok-tuerca-de-union-acero-galvanizado-tipo-l-m14-x-15-8-mm\\\/#breadcrumb\",\"itemListElement\":[{\"@type\":\"ListItem\",\"position\":1,\"name\":\"P\u00e1gina inicial\",\"item\":\"https:\\\/\\\/recambiosecogas.com\\\/pt-pt\\\/\"},{\"@type\":\"ListItem\",\"position\":2,\"name\":\"Loja\",\"item\":\"https:\\\/\\\/recambiosecogas.com\\\/pt-pt\\\/tienda\\\/\"},{\"@type\":\"ListItem\",\"position\":3,\"name\":\"GOK tuerca de uni\u00f3n acero, galvanizado Tipo L- M14 x 1,5 &#8211; 8 mm\"}]},{\"@type\":\"WebSite\",\"@id\":\"https:\\\/\\\/recambiosecogas.com\\\/pt-pt\\\/#website\",\"url\":\"https:\\\/\\\/recambiosecogas.com\\\/pt-pt\\\/\",\"name\":\"Recambios EcoGas\",\"description\":\"Pe\u00e7as multimarca para sistemas de GPL\\\/GNC\\\/GNL\\\/Hidrog\u00e9nio\",\"publisher\":{\"@id\":\"https:\\\/\\\/recambiosecogas.com\\\/pt-pt\\\/#organization\"},\"alternateName\":\"Recambios Autogas GLP\",\"potentialAction\":[{\"@type\":\"SearchAction\",\"target\":{\"@type\":\"EntryPoint\",\"urlTemplate\":\"https:\\\/\\\/recambiosecogas.com\\\/pt-pt\\\/?s={search_term_string}\"},\"query-input\":{\"@type\":\"PropertyValueSpecification\",\"valueRequired\":true,\"valueName\":\"search_term_string\"}}],\"inLanguage\":\"pt-PT\"},{\"@type\":[\"Organization\",\"Place\"],\"@id\":\"https:\\\/\\\/recambiosecogas.com\\\/pt-pt\\\/#organization\",\"name\":\"Recambios EcoGas\",\"alternateName\":\"Loja de GPL Autog\u00e1s Espanha\",\"url\":\"https:\\\/\\\/recambiosecogas.com\\\/pt-pt\\\/\",\"logo\":{\"@id\":\"https:\\\/\\\/recambiosecogas.com\\\/pt-pt\\\/producto\\\/gok-tuerca-de-union-acero-galvanizado-tipo-l-m14-x-15-8-mm\\\/#local-main-organization-logo\"},\"image\":{\"@id\":\"https:\\\/\\\/recambiosecogas.com\\\/pt-pt\\\/producto\\\/gok-tuerca-de-union-acero-galvanizado-tipo-l-m14-x-15-8-mm\\\/#local-main-organization-logo\"},\"sameAs\":[\"https:\\\/\\\/www.facebook.com\\\/profile.php?id=100062419705358\",\"https:\\\/\\\/www.instagram.com\\\/segimon_automocio\"],\"description\":\"Recambios EcoGas \u2013 Venta y distribuci\u00f3n de sistemas GLP y GNC en Espa\u00f1a y Portugal. Env\u00edos 24 h, soporte t\u00e9cnico a talleres y distribuidores.\",\"hasMerchantReturnPolicy\":{\"@type\":\"MerchantReturnPolicy\",\"merchantReturnLink\":\"https:\\\/\\\/recambiosecogas.com\\\/politicas-privacidad\\\/\"},\"address\":{\"@id\":\"https:\\\/\\\/recambiosecogas.com\\\/pt-pt\\\/producto\\\/gok-tuerca-de-union-acero-galvanizado-tipo-l-m14-x-15-8-mm\\\/#local-main-place-address\"},\"telephone\":[\"616250633\"],\"contactPoint\":{\"@type\":\"ContactPoint\",\"email\":\"export@recambiosecogas.com\"},\"openingHoursSpecification\":[{\"@type\":\"OpeningHoursSpecification\",\"dayOfWeek\":[\"Monday\",\"Tuesday\",\"Wednesday\",\"Thursday\",\"Friday\",\"Saturday\",\"Sunday\"],\"opens\":\"09:00\",\"closes\":\"17:00\"}],\"email\":\"info@recambiosecogas.com\",\"faxNumber\":\"SEGIMON AUTOMOCION SL\",\"vatID\":\"ESB19819861\",\"globalLocationNumber\":\"938 616 339\"},{\"@type\":\"PostalAddress\",\"@id\":\"https:\\\/\\\/recambiosecogas.com\\\/pt-pt\\\/producto\\\/gok-tuerca-de-union-acero-galvanizado-tipo-l-m14-x-15-8-mm\\\/#local-main-place-address\",\"streetAddress\":\"cami antic de vic, 29 (Nave 3), Pol\u00edgono Industrial Congost\",\"addressLocality\":\"CORRO D`AVALL\",\"postalCode\":\"08520\",\"addressRegion\":\"Barcelona\",\"addressCountry\":\"ES\"},{\"@type\":\"ImageObject\",\"inLanguage\":\"pt-PT\",\"@id\":\"https:\\\/\\\/recambiosecogas.com\\\/pt-pt\\\/producto\\\/gok-tuerca-de-union-acero-galvanizado-tipo-l-m14-x-15-8-mm\\\/#local-main-organization-logo\",\"url\":\"https:\\\/\\\/recambiosecogas.com\\\/wp-content\\\/uploads\\\/2024\\\/11\\\/cropped-RECAMBIOS-GLP-png.webp\",\"contentUrl\":\"https:\\\/\\\/recambiosecogas.com\\\/wp-content\\\/uploads\\\/2024\\\/11\\\/cropped-RECAMBIOS-GLP-png.webp\",\"width\":512,\"height\":512,\"caption\":\"Recambios EcoGas\"}]}<\/script>\n<meta property=\"product:price:amount\" content=\"1.65\" \/>\n<meta property=\"product:price:currency\" content=\"EUR\" \/>\n<meta property=\"og:availability\" content=\"backorder\" \/>\n<meta property=\"product:availability\" content=\"available for order\" \/>\n<meta property=\"product:retailer_item_id\" content=\"109761\" \/>\n<meta property=\"product:condition\" content=\"new\" \/>\n<meta name=\"geo.placename\" content=\"CORRO D`AVALL\" \/>\n<meta name=\"geo.region\" content=\"Espanha\" \/>\n<!-- \/ Yoast SEO Premium plugin. -->","yoast_head_json":{"title":"GOK tuerca de uni\u00f3n acero, galvanizado Tipo L- M14 x 1,5 - 8 mm | Recambios EcoGas","description":"Tuerca de uni\u00f3n GOK Tipo L en acero galvanizado, rosca M14 x 1,5 y paso 8 mm. Conexi\u00f3n duradera y segura para sistemas GLP\/GNC.","robots":{"index":"index","follow":"follow","max-snippet":"max-snippet:-1","max-image-preview":"max-image-preview:large","max-video-preview":"max-video-preview:-1"},"canonical":"https:\/\/recambiosecogas.com\/pt-pt\/producto\/gok-tuerca-de-union-acero-galvanizado-tipo-l-m14-x-15-8-mm\/","og_locale":"pt_PT","og_type":"article","og_title":"GOK tuerca de uni\u00f3n acero, galvanizado Tipo L- M14 x 1,5 - 8 mm","og_description":"Tuerca de uni\u00f3n GOK Tipo L en acero galvanizado, rosca M14 x 1,5 y paso 8 mm. Conexi\u00f3n duradera y segura para sistemas GLP\/GNC.","og_url":"https:\/\/recambiosecogas.com\/pt-pt\/producto\/gok-tuerca-de-union-acero-galvanizado-tipo-l-m14-x-15-8-mm\/","og_site_name":"Recambios EcoGas","article_publisher":"https:\/\/www.facebook.com\/profile.php?id=100062419705358","article_modified_time":"2026-05-05T09:53:54+00:00","og_image":[{"width":1000,"height":1000,"url":"https:\/\/recambiosecogas.com\/wp-content\/uploads\/2025\/04\/GOK-tuerca-de-union-acero-galvanizado-Tipo-L-M14-x-1-5-8-mm-png.webp","type":"image\/png"}],"twitter_card":"summary_large_image","twitter_misc":{"pre\u00e7o":"1,65&nbsp;&euro; (Sin IVA: 1,37&nbsp;&euro;)","Disponibilidade":"Por encomenda"},"schema":{"@context":"https:\/\/schema.org","@graph":[{"@type":"WebPage","@id":"https:\/\/recambiosecogas.com\/pt-pt\/producto\/gok-tuerca-de-union-acero-galvanizado-tipo-l-m14-x-15-8-mm\/","url":"https:\/\/recambiosecogas.com\/pt-pt\/producto\/gok-tuerca-de-union-acero-galvanizado-tipo-l-m14-x-15-8-mm\/","name":"GOK tuerca de uni\u00f3n acero, galvanizado Tipo L- M14 x 1,5 - 8 mm | Recambios EcoGas","isPartOf":{"@id":"https:\/\/recambiosecogas.com\/pt-pt\/#website"},"primaryImageOfPage":{"@id":"https:\/\/recambiosecogas.com\/pt-pt\/producto\/gok-tuerca-de-union-acero-galvanizado-tipo-l-m14-x-15-8-mm\/#primaryimage"},"image":{"@id":"https:\/\/recambiosecogas.com\/pt-pt\/producto\/gok-tuerca-de-union-acero-galvanizado-tipo-l-m14-x-15-8-mm\/#primaryimage"},"thumbnailUrl":"https:\/\/recambiosecogas.com\/wp-content\/uploads\/2025\/04\/GOK-tuerca-de-union-acero-galvanizado-Tipo-L-M14-x-1-5-8-mm-png.webp","datePublished":"2025-04-09T14:09:32+00:00","dateModified":"2026-05-05T09:53:54+00:00","description":"Tuerca de uni\u00f3n GOK Tipo L en acero galvanizado, rosca M14 x 1,5 y paso 8 mm. Conexi\u00f3n duradera y segura para sistemas GLP\/GNC.","breadcrumb":{"@id":"https:\/\/recambiosecogas.com\/pt-pt\/producto\/gok-tuerca-de-union-acero-galvanizado-tipo-l-m14-x-15-8-mm\/#breadcrumb"},"inLanguage":"pt-PT","potentialAction":[{"@type":"ReadAction","target":["https:\/\/recambiosecogas.com\/pt-pt\/producto\/gok-tuerca-de-union-acero-galvanizado-tipo-l-m14-x-15-8-mm\/"]}]},{"@type":"ImageObject","inLanguage":"pt-PT","@id":"https:\/\/recambiosecogas.com\/pt-pt\/producto\/gok-tuerca-de-union-acero-galvanizado-tipo-l-m14-x-15-8-mm\/#primaryimage","url":"https:\/\/recambiosecogas.com\/wp-content\/uploads\/2025\/04\/GOK-tuerca-de-union-acero-galvanizado-Tipo-L-M14-x-1-5-8-mm-png.webp","contentUrl":"https:\/\/recambiosecogas.com\/wp-content\/uploads\/2025\/04\/GOK-tuerca-de-union-acero-galvanizado-Tipo-L-M14-x-1-5-8-mm-png.webp","width":1000,"height":1000},{"@type":"BreadcrumbList","@id":"https:\/\/recambiosecogas.com\/pt-pt\/producto\/gok-tuerca-de-union-acero-galvanizado-tipo-l-m14-x-15-8-mm\/#breadcrumb","itemListElement":[{"@type":"ListItem","position":1,"name":"P\u00e1gina inicial","item":"https:\/\/recambiosecogas.com\/pt-pt\/"},{"@type":"ListItem","position":2,"name":"Loja","item":"https:\/\/recambiosecogas.com\/pt-pt\/tienda\/"},{"@type":"ListItem","position":3,"name":"GOK tuerca de uni\u00f3n acero, galvanizado Tipo L- M14 x 1,5 &#8211; 8 mm"}]},{"@type":"WebSite","@id":"https:\/\/recambiosecogas.com\/pt-pt\/#website","url":"https:\/\/recambiosecogas.com\/pt-pt\/","name":"Recambios EcoGas","description":"Pe\u00e7as multimarca para sistemas de GPL\/GNC\/GNL\/Hidrog\u00e9nio","publisher":{"@id":"https:\/\/recambiosecogas.com\/pt-pt\/#organization"},"alternateName":"Recambios Autogas GLP","potentialAction":[{"@type":"SearchAction","target":{"@type":"EntryPoint","urlTemplate":"https:\/\/recambiosecogas.com\/pt-pt\/?s={search_term_string}"},"query-input":{"@type":"PropertyValueSpecification","valueRequired":true,"valueName":"search_term_string"}}],"inLanguage":"pt-PT"},{"@type":["Organization","Place"],"@id":"https:\/\/recambiosecogas.com\/pt-pt\/#organization","name":"Recambios EcoGas","alternateName":"Loja de GPL Autog\u00e1s Espanha","url":"https:\/\/recambiosecogas.com\/pt-pt\/","logo":{"@id":"https:\/\/recambiosecogas.com\/pt-pt\/producto\/gok-tuerca-de-union-acero-galvanizado-tipo-l-m14-x-15-8-mm\/#local-main-organization-logo"},"image":{"@id":"https:\/\/recambiosecogas.com\/pt-pt\/producto\/gok-tuerca-de-union-acero-galvanizado-tipo-l-m14-x-15-8-mm\/#local-main-organization-logo"},"sameAs":["https:\/\/www.facebook.com\/profile.php?id=100062419705358","https:\/\/www.instagram.com\/segimon_automocio"],"description":"Recambios EcoGas \u2013 Venta y distribuci\u00f3n de sistemas GLP y GNC en Espa\u00f1a y Portugal. Env\u00edos 24 h, soporte t\u00e9cnico a talleres y distribuidores.","hasMerchantReturnPolicy":{"@type":"MerchantReturnPolicy","merchantReturnLink":"https:\/\/recambiosecogas.com\/politicas-privacidad\/"},"address":{"@id":"https:\/\/recambiosecogas.com\/pt-pt\/producto\/gok-tuerca-de-union-acero-galvanizado-tipo-l-m14-x-15-8-mm\/#local-main-place-address"},"telephone":["616250633"],"contactPoint":{"@type":"ContactPoint","email":"export@recambiosecogas.com"},"openingHoursSpecification":[{"@type":"OpeningHoursSpecification","dayOfWeek":["Monday","Tuesday","Wednesday","Thursday","Friday","Saturday","Sunday"],"opens":"09:00","closes":"17:00"}],"email":"info@recambiosecogas.com","faxNumber":"SEGIMON AUTOMOCION SL","vatID":"ESB19819861","globalLocationNumber":"938 616 339"},{"@type":"PostalAddress","@id":"https:\/\/recambiosecogas.com\/pt-pt\/producto\/gok-tuerca-de-union-acero-galvanizado-tipo-l-m14-x-15-8-mm\/#local-main-place-address","streetAddress":"cami antic de vic, 29 (Nave 3), Pol\u00edgono Industrial Congost","addressLocality":"CORRO D`AVALL","postalCode":"08520","addressRegion":"Barcelona","addressCountry":"ES"},{"@type":"ImageObject","inLanguage":"pt-PT","@id":"https:\/\/recambiosecogas.com\/pt-pt\/producto\/gok-tuerca-de-union-acero-galvanizado-tipo-l-m14-x-15-8-mm\/#local-main-organization-logo","url":"https:\/\/recambiosecogas.com\/wp-content\/uploads\/2024\/11\/cropped-RECAMBIOS-GLP-png.webp","contentUrl":"https:\/\/recambiosecogas.com\/wp-content\/uploads\/2024\/11\/cropped-RECAMBIOS-GLP-png.webp","width":512,"height":512,"caption":"Recambios EcoGas"}]},"product_price_amount":"1.65","product_price_currency":"EUR","og_availability":"backorder","product_availability":"available for order","product_retailer_item_id":"109761","product_condition":"new","geo.placename":"CORRO D`AVALL","geo.region":"Espanha"},"uagb_featured_image_src":{"full":["https:\/\/recambiosecogas.com\/wp-content\/uploads\/2025\/04\/GOK-tuerca-de-union-acero-galvanizado-Tipo-L-M14-x-1-5-8-mm-png.webp",1000,1000,false],"thumbnail":["https:\/\/recambiosecogas.com\/wp-content\/uploads\/2025\/04\/GOK-tuerca-de-union-acero-galvanizado-Tipo-L-M14-x-1-5-8-mm-150x150.webp",150,150,true],"medium":["https:\/\/recambiosecogas.com\/wp-content\/uploads\/2025\/04\/GOK-tuerca-de-union-acero-galvanizado-Tipo-L-M14-x-1-5-8-mm-300x300.webp",300,300,true],"medium_large":["https:\/\/recambiosecogas.com\/wp-content\/uploads\/2025\/04\/GOK-tuerca-de-union-acero-galvanizado-Tipo-L-M14-x-1-5-8-mm-768x768.webp",768,768,true],"large":["https:\/\/recambiosecogas.com\/wp-content\/uploads\/2025\/04\/GOK-tuerca-de-union-acero-galvanizado-Tipo-L-M14-x-1-5-8-mm-png.webp",1000,1000,false],"1536x1536":["https:\/\/recambiosecogas.com\/wp-content\/uploads\/2025\/04\/GOK-tuerca-de-union-acero-galvanizado-Tipo-L-M14-x-1-5-8-mm-png.webp",1000,1000,false],"2048x2048":["https:\/\/recambiosecogas.com\/wp-content\/uploads\/2025\/04\/GOK-tuerca-de-union-acero-galvanizado-Tipo-L-M14-x-1-5-8-mm-png.webp",1000,1000,false],"woocommerce_archive_thumbnail":["https:\/\/recambiosecogas.com\/wp-content\/uploads\/2025\/04\/GOK-tuerca-de-union-acero-galvanizado-Tipo-L-M14-x-1-5-8-mm-png.webp",1000,1000,false],"woocommerce_thumbnail":["https:\/\/recambiosecogas.com\/wp-content\/uploads\/2025\/04\/GOK-tuerca-de-union-acero-galvanizado-Tipo-L-M14-x-1-5-8-mm-300x300.webp",300,300,true],"woocommerce_single":["https:\/\/recambiosecogas.com\/wp-content\/uploads\/2025\/04\/GOK-tuerca-de-union-acero-galvanizado-Tipo-L-M14-x-1-5-8-mm-png.webp",1000,1000,false],"woocommerce_gallery_thumbnail":["https:\/\/recambiosecogas.com\/wp-content\/uploads\/2025\/04\/GOK-tuerca-de-union-acero-galvanizado-Tipo-L-M14-x-1-5-8-mm-png.webp",1000,1000,false],"dgwt-wcas-product-suggestion":["https:\/\/recambiosecogas.com\/wp-content\/uploads\/2025\/04\/GOK-tuerca-de-union-acero-galvanizado-Tipo-L-M14-x-1-5-8-mm-64x64.webp",64,64,true]},"uagb_author_info":{"display_name":"Fran - Soporte T\u00e9cnico","author_link":"https:\/\/recambiosecogas.com\/pt-pt\/author\/"},"uagb_comment_info":0,"uagb_excerpt":"Tuerca de uni\u00f3n GOK Tipo L en acero galvanizado, rosca M14 x 1,5 y paso 8 mm. Robusta, anticorrosi\u00f3n y apta para instalaciones de gas y fluidos.","_links":{"self":[{"href":"https:\/\/recambiosecogas.com\/pt-pt\/wp-json\/wp\/v2\/product\/36225","targetHints":{"allow":["GET"]}}],"collection":[{"href":"https:\/\/recambiosecogas.com\/pt-pt\/wp-json\/wp\/v2\/product"}],"about":[{"href":"https:\/\/recambiosecogas.com\/pt-pt\/wp-json\/wp\/v2\/types\/product"}],"replies":[{"embeddable":true,"href":"https:\/\/recambiosecogas.com\/pt-pt\/wp-json\/wp\/v2\/comments?post=36225"}],"wp:featuredmedia":[{"embeddable":true,"href":"https:\/\/recambiosecogas.com\/pt-pt\/wp-json\/wp\/v2\/media\/34822"}],"wp:attachment":[{"href":"https:\/\/recambiosecogas.com\/pt-pt\/wp-json\/wp\/v2\/media?parent=36225"}],"wp:term":[{"taxonomy":"product_brand","embeddable":true,"href":"https:\/\/recambiosecogas.com\/pt-pt\/wp-json\/wp\/v2\/product_brand?post=36225"},{"taxonomy":"product_cat","embeddable":true,"href":"https:\/\/recambiosecogas.com\/pt-pt\/wp-json\/wp\/v2\/product_cat?post=36225"},{"taxonomy":"product_tag","embeddable":true,"href":"https:\/\/recambiosecogas.com\/pt-pt\/wp-json\/wp\/v2\/product_tag?post=36225"}],"curies":[{"name":"wp","href":"https:\/\/api.w.org\/{rel}","templated":true}]}}