{"id":35553,"date":"2024-10-19T14:23:47","date_gmt":"2024-10-19T13:23:47","guid":{"rendered":"https:\/\/recambiosecogas.com\/producto\/caixa-de-velocidades-prins-evp-500\/"},"modified":"2026-04-08T10:28:46","modified_gmt":"2026-04-08T09:28:46","slug":"prins-evp-500-reductor","status":"publish","type":"product","link":"https:\/\/recambiosecogas.com\/pt-pt\/producto\/prins-evp-500-reductor\/","title":{"rendered":"Prins eVP 500 Redutor"},"content":{"rendered":"<h2 style=\"text-align: center;\" data-start=\"34\" data-end=\"520\">Prins eVP 500 Redutor<\/h2>\n<p class=\"\" data-start=\"34\" data-end=\"520\"><strong data-start=\"37\" data-end=\"54\">A Prins eVP 500<\/strong> \u00e9 uma caixa de velocidades de alta pot\u00eancia concebida para sistemas de inje\u00e7\u00e3o de GPL em motores at\u00e9 <strong data-start=\"147\" data-end=\"166\">370 kW (500 cv).<\/strong> O seu design compacto e leve, sem diafragma, permite uma regula\u00e7\u00e3o precisa da press\u00e3o de sa\u00edda por software, garantindo funcionamento constante e sem perda de press\u00e3o mesmo em caudais elevadas. A v\u00e1lvula de corte integrada e a capacidade de ajuste din\u00e2mico tornam-na uma solu\u00e7\u00e3o de alto desempenho para aplica\u00e7\u00f5es exigentes.  <\/p>\n<hr class=\"\" data-start=\"522\" data-end=\"525\">\n<h2 class=\"\" data-start=\"527\" data-end=\"564\"><strong data-start=\"530\" data-end=\"562\">Carater\u00edsticas e vantagens<\/strong><\/h2>\n<ul data-start=\"565\" data-end=\"931\">\n<li class=\"\" data-start=\"565\" data-end=\"611\">\n<p class=\"\" data-start=\"567\" data-end=\"611\"><strong data-start=\"567\" data-end=\"584\">Pot\u00eancia elevada<\/strong> \u2013 At\u00e9 370 kW (500 cv).<\/p>\n<\/li>\n<li class=\"\" data-start=\"612\" data-end=\"678\">\n<p class=\"\" data-start=\"614\" data-end=\"678\"><strong data-start=\"614\" data-end=\"637\">Regula\u00e7\u00e3o din\u00e2mica<\/strong> \u2013 Ajuste de press\u00e3o via software.<\/p>\n<\/li>\n<li class=\"\" data-start=\"679\" data-end=\"742\">\n<p class=\"\" data-start=\"681\" data-end=\"742\"><strong data-start=\"681\" data-end=\"707\">Sem perda de press\u00e3o<\/strong> \u2013 Mesmo a caudais elevadas.<\/p>\n<\/li>\n<li class=\"\" data-start=\"743\" data-end=\"806\">\n<p class=\"\" data-start=\"745\" data-end=\"806\"><strong data-start=\"745\" data-end=\"775\">V\u00e1lvula de corte integrada<\/strong> \u2013 Maior seguran\u00e7a e controlo.<\/p>\n<\/li>\n<li class=\"\" data-start=\"807\" data-end=\"870\">\n<p class=\"\" data-start=\"809\" data-end=\"870\"><strong data-start=\"809\" data-end=\"834\">Liga\u00e7\u00e3o MAP opcional<\/strong> \u2013 Flexibilidade na instala\u00e7\u00e3o.<\/p>\n<\/li>\n<li class=\"\" data-start=\"871\" data-end=\"931\">\n<p class=\"\" data-start=\"873\" data-end=\"931\"><strong data-start=\"873\" data-end=\"892\">Design Compacto<\/strong> \u2013 Instala\u00e7\u00e3o e manuten\u00e7\u00e3o f\u00e1ceis.<\/p>\n<\/li>\n<\/ul>\n<hr class=\"\" data-start=\"933\" data-end=\"936\">\n<h2 class=\"\" data-start=\"938\" data-end=\"961\"><strong data-start=\"941\" data-end=\"959\">Dados t\u00e9cnicos<\/strong><\/h2>\n<div class=\"overflow-x-auto contain-inline-size\">\n<table data-start=\"963\" data-end=\"1704\">\n<thead data-start=\"963\" data-end=\"1022\">\n<tr data-start=\"963\" data-end=\"1022\">\n<th data-start=\"963\" data-end=\"994\">Especifica\u00e7\u00f5es<\/th>\n<th data-start=\"994\" data-end=\"1022\">Detalhe<\/th>\n<\/tr>\n<\/thead>\n<tbody data-start=\"1082\" data-end=\"1704\">\n<tr data-start=\"1082\" data-end=\"1143\">\n<td><strong data-start=\"1084\" data-end=\"1092\">Peso<\/strong><\/td>\n<td>0,8 kg<\/td>\n<\/tr>\n<tr data-start=\"1144\" data-end=\"1205\">\n<td><strong data-start=\"1146\" data-end=\"1161\">Dimens\u00f5es<\/strong><\/td>\n<td>\u00d856 x 142 mm<\/td>\n<\/tr>\n<tr data-start=\"1206\" data-end=\"1268\">\n<td><strong data-start=\"1208\" data-end=\"1230\">Press\u00e3o de entrada<\/strong><\/td>\n<td>300 &#8211; 2500 kPa<\/td>\n<\/tr>\n<tr data-start=\"1269\" data-end=\"1330\">\n<td><strong data-start=\"1271\" data-end=\"1292\">Press\u00e3o de sa\u00edda<\/strong><\/td>\n<td>0 &#8211; 550 kPa<\/td>\n<\/tr>\n<tr data-start=\"1331\" data-end=\"1392\">\n<p>Tens\u00e3o <\/p>\n<td><strong data-start=\"1333\" data-end=\"1357\">da bobina<\/strong><\/td>\n<td>N\u00e3o aplic\u00e1vel<\/td>\n<\/tr>\n<tr data-start=\"1393\" data-end=\"1454\">\n<p>Pot\u00eancia <\/p>\n<td><strong data-start=\"1395\" data-end=\"1420\">das bobinas<\/strong><\/td>\n<td>N\u00e3o aplic\u00e1vel<\/td>\n<\/tr>\n<tr data-start=\"1455\" data-end=\"1518\">\n<td><strong data-start=\"1457\" data-end=\"1480\">Liga\u00e7\u00e3o \u00e0 entrada<\/strong><\/td>\n<p> de ar<\/p>\n<td>M10x1 (6mm) ou M12x1 (8mm)<\/td>\n<\/tr>\n<tr data-start=\"1519\" data-end=\"1580\">\n<td><strong data-start=\"1521\" data-end=\"1543\">Liga\u00e7\u00e3o de sa\u00edda<\/strong><\/td>\n<td>Mangueira \u00d816 mm<\/td>\n<\/tr>\n<tr data-start=\"1581\" data-end=\"1642\">\n<td><strong data-start=\"1583\" data-end=\"1605\">Pot\u00eancia de Sa\u00edda<\/strong><\/td>\n<td>At\u00e9 370 kW<\/td>\n<\/tr>\n<tr data-start=\"1643\" data-end=\"1704\">\n<td><strong data-start=\"1645\" data-end=\"1661\">Aprova\u00e7\u00e3o<\/strong><\/td>\n<td>E4 67R-01 0358<\/td>\n<\/tr>\n<\/tbody>\n<\/table>\n<\/div>\n<hr class=\"\" data-start=\"1706\" data-end=\"1709\">\n<h2 class=\"\" data-start=\"1711\" data-end=\"1734\"><strong data-start=\"1714\" data-end=\"1732\">Compatibilidade<\/strong><\/h2>\n<p class=\"\" data-start=\"1735\" data-end=\"1776\">O <strong data-start=\"1738\" data-end=\"1755\">Prins eVP 500<\/strong> \u00e9 compat\u00edvel com:<\/p>\n<ul data-start=\"1777\" data-end=\"1850\">\n<li class=\"\" data-start=\"1777\" data-end=\"1813\">\n<p class=\"\" data-start=\"1779\" data-end=\"1813\"><strong data-start=\"1779\" data-end=\"1811\">Sistemas de Inje\u00e7\u00e3o de GLP<\/strong><\/p>\n<\/li>\n<li class=\"\" data-start=\"1814\" data-end=\"1850\">\n<p class=\"\" data-start=\"1816\" data-end=\"1850\"><strong data-start=\"1816\" data-end=\"1848\">Motores turbo e atmosf\u00e9ricos<\/strong><\/p>\n<\/li>\n<\/ul>\n<hr class=\"\" data-start=\"1852\" data-end=\"1855\">\n<h2 class=\"\" data-start=\"1857\" data-end=\"1878\"><strong data-start=\"1860\" data-end=\"1876\">Aplica\u00e7\u00f5es<\/strong><\/h2>\n<ul data-start=\"1879\" data-end=\"2016\">\n<li class=\"\" data-start=\"1879\" data-end=\"1916\">\n<p class=\"\" data-start=\"1881\" data-end=\"1916\"><strong data-start=\"1881\" data-end=\"1914\">Convers\u00e3o de ve\u00edculos para GLP<\/strong><\/p>\n<\/li>\n<li class=\"\" data-start=\"1917\" data-end=\"1962\">\n<p class=\"\" data-start=\"1919\" data-end=\"1962\"><strong data-start=\"1919\" data-end=\"1960\">Sistemas de inje\u00e7\u00e3o de alta press\u00e3o<\/strong><\/p>\n<\/li>\n<li class=\"\" data-start=\"1963\" data-end=\"2016\">\n<p class=\"\" data-start=\"1965\" data-end=\"2016\"><strong data-start=\"1965\" data-end=\"2014\">Substitui\u00e7\u00e3o e manuten\u00e7\u00e3o da caixa de velocidades OEM<\/strong><\/p>\n<\/li>\n<\/ul>\n<p><a href=\"https:\/\/recambiosecogas.com\/pt-pt\/categoria-produto\/reguladores-de-pressao\/redutor-glp\/\">OBTENHA MAIS CAIXAS DE VELOCIDADES NO NOSSO SITE<\/a><\/p>\n<p><a href=\"https:\/\/segimonautomocio.com\/\">PARA CONVERS\u00d5ES DE LPG, VISITE O NOSSO WORKSHOP NO SITE<\/a><\/p>\n","protected":false},"excerpt":{"rendered":"<p>Prins eVP 500 Redutor<\/p>\n","protected":false},"featured_media":21891,"comment_status":"open","ping_status":"closed","template":"","meta":{"_uag_custom_page_level_css":""},"product_brand":[],"product_cat":[1066,1065],"product_tag":[],"class_list":{"0":"post-35553","1":"product","2":"type-product","3":"status-publish","4":"has-post-thumbnail","6":"product_cat-redutor-glp","7":"product_cat-reguladores-de-pressao","9":"first","10":"onbackorder","11":"taxable","12":"shipping-taxable","13":"purchasable","14":"product-type-simple"},"ct_brands":[],"yoast_head":"<!-- This site is optimized with the Yoast SEO Premium plugin v27.5 (Yoast SEO v27.6) - https:\/\/yoast.com\/product\/yoast-seo-premium-wordpress\/ -->\n<title>Prins eVP 500 Redutor | Recambios EcoGas | Sistemas GLP y GNC<\/title>\n<meta name=\"description\" content=\"Caixa de velocidades Prins eVP 500 para sistemas de GPL. Alta pot\u00eancia, ajuste din\u00e2mico de press\u00e3o e design compacto. COMPRE ONLINE, PORTES GR\u00c1TIS.\" \/>\n<meta name=\"robots\" content=\"index, follow, max-snippet:-1, max-image-preview:large, max-video-preview:-1\" \/>\n<link rel=\"canonical\" href=\"https:\/\/recambiosecogas.com\/pt-pt\/producto\/prins-evp-500-reductor\/\" \/>\n<meta property=\"og:locale\" content=\"pt_PT\" \/>\n<meta property=\"og:type\" content=\"article\" \/>\n<meta property=\"og:title\" content=\"Prins eVP 500 Redutor\" \/>\n<meta property=\"og:description\" content=\"Caixa de velocidades Prins eVP 500 para sistemas de GPL. Alta pot\u00eancia, ajuste din\u00e2mico de press\u00e3o e design compacto. COMPRE ONLINE, PORTES GR\u00c1TIS.\" \/>\n<meta property=\"og:url\" content=\"https:\/\/recambiosecogas.com\/pt-pt\/producto\/prins-evp-500-reductor\/\" \/>\n<meta property=\"og:site_name\" content=\"Recambios EcoGas\" \/>\n<meta property=\"article:publisher\" content=\"https:\/\/www.facebook.com\/profile.php?id=100062419705358\" \/>\n<meta property=\"article:modified_time\" content=\"2026-04-08T09:28:46+00:00\" \/>\n<meta property=\"og:image\" content=\"https:\/\/recambiosecogas.com\/wp-content\/uploads\/2024\/10\/Prins-eVP-500-reductor-png.webp\" \/>\n\t<meta property=\"og:image:width\" content=\"1000\" \/>\n\t<meta property=\"og:image:height\" content=\"1000\" \/>\n\t<meta property=\"og:image:type\" content=\"image\/png\" \/>\n<meta name=\"twitter:card\" content=\"summary_large_image\" \/>\n<meta name=\"twitter:label1\" content=\"pre\u00e7o\" \/>\n\t<meta name=\"twitter:data1\" content=\"285,86&nbsp;&euro; (Sin IVA: 236,25&nbsp;&euro;)\" \/>\n\t<meta name=\"twitter:label2\" content=\"Disponibilidade\" \/>\n\t<meta name=\"twitter:data2\" content=\"Por encomenda\" \/>\n<script type=\"application\/ld+json\" class=\"yoast-schema-graph\">{\"@context\":\"https:\\\/\\\/schema.org\",\"@graph\":[{\"@type\":\"WebPage\",\"@id\":\"https:\\\/\\\/recambiosecogas.com\\\/pt-pt\\\/producto\\\/prins-evp-500-reductor\\\/\",\"url\":\"https:\\\/\\\/recambiosecogas.com\\\/pt-pt\\\/producto\\\/prins-evp-500-reductor\\\/\",\"name\":\"Prins eVP 500 Redutor | Recambios EcoGas | Sistemas GLP y GNC\",\"isPartOf\":{\"@id\":\"https:\\\/\\\/recambiosecogas.com\\\/pt-pt\\\/#website\"},\"primaryImageOfPage\":{\"@id\":\"https:\\\/\\\/recambiosecogas.com\\\/pt-pt\\\/producto\\\/prins-evp-500-reductor\\\/#primaryimage\"},\"image\":{\"@id\":\"https:\\\/\\\/recambiosecogas.com\\\/pt-pt\\\/producto\\\/prins-evp-500-reductor\\\/#primaryimage\"},\"thumbnailUrl\":\"https:\\\/\\\/recambiosecogas.com\\\/wp-content\\\/uploads\\\/2024\\\/10\\\/Prins-eVP-500-reductor-png.webp\",\"datePublished\":\"2024-10-19T13:23:47+00:00\",\"dateModified\":\"2026-04-08T09:28:46+00:00\",\"description\":\"Caixa de velocidades Prins eVP 500 para sistemas de GPL. Alta pot\u00eancia, ajuste din\u00e2mico de press\u00e3o e design compacto. COMPRE ONLINE, PORTES GR\u00c1TIS.\",\"breadcrumb\":{\"@id\":\"https:\\\/\\\/recambiosecogas.com\\\/pt-pt\\\/producto\\\/prins-evp-500-reductor\\\/#breadcrumb\"},\"inLanguage\":\"pt-PT\",\"potentialAction\":[{\"@type\":\"ReadAction\",\"target\":[\"https:\\\/\\\/recambiosecogas.com\\\/pt-pt\\\/producto\\\/prins-evp-500-reductor\\\/\"]}]},{\"@type\":\"ImageObject\",\"inLanguage\":\"pt-PT\",\"@id\":\"https:\\\/\\\/recambiosecogas.com\\\/pt-pt\\\/producto\\\/prins-evp-500-reductor\\\/#primaryimage\",\"url\":\"https:\\\/\\\/recambiosecogas.com\\\/wp-content\\\/uploads\\\/2024\\\/10\\\/Prins-eVP-500-reductor-png.webp\",\"contentUrl\":\"https:\\\/\\\/recambiosecogas.com\\\/wp-content\\\/uploads\\\/2024\\\/10\\\/Prins-eVP-500-reductor-png.webp\",\"width\":1000,\"height\":1000,\"caption\":\"Prins eVP 500 Redutor\"},{\"@type\":\"BreadcrumbList\",\"@id\":\"https:\\\/\\\/recambiosecogas.com\\\/pt-pt\\\/producto\\\/prins-evp-500-reductor\\\/#breadcrumb\",\"itemListElement\":[{\"@type\":\"ListItem\",\"position\":1,\"name\":\"P\u00e1gina inicial\",\"item\":\"https:\\\/\\\/recambiosecogas.com\\\/pt-pt\\\/\"},{\"@type\":\"ListItem\",\"position\":2,\"name\":\"Loja\",\"item\":\"https:\\\/\\\/recambiosecogas.com\\\/pt-pt\\\/tienda\\\/\"},{\"@type\":\"ListItem\",\"position\":3,\"name\":\"Prins eVP 500 Redutor\"}]},{\"@type\":\"WebSite\",\"@id\":\"https:\\\/\\\/recambiosecogas.com\\\/pt-pt\\\/#website\",\"url\":\"https:\\\/\\\/recambiosecogas.com\\\/pt-pt\\\/\",\"name\":\"Recambios EcoGas\",\"description\":\"Pe\u00e7as multimarca para sistemas de GPL\\\/GNC\\\/GNL\\\/Hidrog\u00e9nio\",\"publisher\":{\"@id\":\"https:\\\/\\\/recambiosecogas.com\\\/pt-pt\\\/#organization\"},\"alternateName\":\"Recambios Autogas GLP\",\"potentialAction\":[{\"@type\":\"SearchAction\",\"target\":{\"@type\":\"EntryPoint\",\"urlTemplate\":\"https:\\\/\\\/recambiosecogas.com\\\/pt-pt\\\/?s={search_term_string}\"},\"query-input\":{\"@type\":\"PropertyValueSpecification\",\"valueRequired\":true,\"valueName\":\"search_term_string\"}}],\"inLanguage\":\"pt-PT\"},{\"@type\":[\"Organization\",\"Place\"],\"@id\":\"https:\\\/\\\/recambiosecogas.com\\\/pt-pt\\\/#organization\",\"name\":\"Recambios EcoGas\",\"alternateName\":\"Loja de GPL Autog\u00e1s Espanha\",\"url\":\"https:\\\/\\\/recambiosecogas.com\\\/pt-pt\\\/\",\"logo\":{\"@id\":\"https:\\\/\\\/recambiosecogas.com\\\/pt-pt\\\/producto\\\/prins-evp-500-reductor\\\/#local-main-organization-logo\"},\"image\":{\"@id\":\"https:\\\/\\\/recambiosecogas.com\\\/pt-pt\\\/producto\\\/prins-evp-500-reductor\\\/#local-main-organization-logo\"},\"sameAs\":[\"https:\\\/\\\/www.facebook.com\\\/profile.php?id=100062419705358\",\"https:\\\/\\\/www.instagram.com\\\/segimon_automocio\"],\"description\":\"Recambios EcoGas \u2013 Venta y distribuci\u00f3n de sistemas GLP y GNC en Espa\u00f1a y Portugal. Env\u00edos 24 h, soporte t\u00e9cnico a talleres y distribuidores.\",\"hasMerchantReturnPolicy\":{\"@type\":\"MerchantReturnPolicy\",\"merchantReturnLink\":\"https:\\\/\\\/recambiosecogas.com\\\/politicas-privacidad\\\/\"},\"address\":{\"@id\":\"https:\\\/\\\/recambiosecogas.com\\\/pt-pt\\\/producto\\\/prins-evp-500-reductor\\\/#local-main-place-address\"},\"telephone\":[\"616250633\"],\"contactPoint\":{\"@type\":\"ContactPoint\",\"email\":\"export@recambiosecogas.com\"},\"openingHoursSpecification\":[{\"@type\":\"OpeningHoursSpecification\",\"dayOfWeek\":[\"Monday\",\"Tuesday\",\"Wednesday\",\"Thursday\",\"Friday\",\"Saturday\",\"Sunday\"],\"opens\":\"09:00\",\"closes\":\"17:00\"}],\"email\":\"info@recambiosecogas.com\",\"faxNumber\":\"SEGIMON AUTOMOCION SL\",\"vatID\":\"ESB19819861\",\"globalLocationNumber\":\"938 616 339\"},{\"@type\":\"PostalAddress\",\"@id\":\"https:\\\/\\\/recambiosecogas.com\\\/pt-pt\\\/producto\\\/prins-evp-500-reductor\\\/#local-main-place-address\",\"streetAddress\":\"cami antic de vic, 29 (Nave 3), Pol\u00edgono Industrial Congost\",\"addressLocality\":\"CORRO D`AVALL\",\"postalCode\":\"08520\",\"addressRegion\":\"Barcelona\",\"addressCountry\":\"ES\"},{\"@type\":\"ImageObject\",\"inLanguage\":\"pt-PT\",\"@id\":\"https:\\\/\\\/recambiosecogas.com\\\/pt-pt\\\/producto\\\/prins-evp-500-reductor\\\/#local-main-organization-logo\",\"url\":\"https:\\\/\\\/recambiosecogas.com\\\/wp-content\\\/uploads\\\/2024\\\/11\\\/cropped-RECAMBIOS-GLP-png.webp\",\"contentUrl\":\"https:\\\/\\\/recambiosecogas.com\\\/wp-content\\\/uploads\\\/2024\\\/11\\\/cropped-RECAMBIOS-GLP-png.webp\",\"width\":512,\"height\":512,\"caption\":\"Recambios EcoGas\"}]}<\/script>\n<meta property=\"product:price:amount\" content=\"285.86\" \/>\n<meta property=\"product:price:currency\" content=\"EUR\" \/>\n<meta property=\"og:availability\" content=\"backorder\" \/>\n<meta property=\"product:availability\" content=\"available for order\" \/>\n<meta property=\"product:retailer_item_id\" content=\"108320\" \/>\n<meta property=\"product:condition\" content=\"new\" \/>\n<meta name=\"geo.placename\" content=\"CORRO D`AVALL\" \/>\n<meta name=\"geo.region\" content=\"Espanha\" \/>\n<!-- \/ Yoast SEO Premium plugin. -->","yoast_head_json":{"title":"Prins eVP 500 Redutor | Recambios EcoGas | Sistemas GLP y GNC","description":"Caixa de velocidades Prins eVP 500 para sistemas de GPL. Alta pot\u00eancia, ajuste din\u00e2mico de press\u00e3o e design compacto. COMPRE ONLINE, PORTES GR\u00c1TIS.","robots":{"index":"index","follow":"follow","max-snippet":"max-snippet:-1","max-image-preview":"max-image-preview:large","max-video-preview":"max-video-preview:-1"},"canonical":"https:\/\/recambiosecogas.com\/pt-pt\/producto\/prins-evp-500-reductor\/","og_locale":"pt_PT","og_type":"article","og_title":"Prins eVP 500 Redutor","og_description":"Caixa de velocidades Prins eVP 500 para sistemas de GPL. Alta pot\u00eancia, ajuste din\u00e2mico de press\u00e3o e design compacto. COMPRE ONLINE, PORTES GR\u00c1TIS.","og_url":"https:\/\/recambiosecogas.com\/pt-pt\/producto\/prins-evp-500-reductor\/","og_site_name":"Recambios EcoGas","article_publisher":"https:\/\/www.facebook.com\/profile.php?id=100062419705358","article_modified_time":"2026-04-08T09:28:46+00:00","og_image":[{"width":1000,"height":1000,"url":"https:\/\/recambiosecogas.com\/wp-content\/uploads\/2024\/10\/Prins-eVP-500-reductor-png.webp","type":"image\/png"}],"twitter_card":"summary_large_image","twitter_misc":{"pre\u00e7o":"285,86&nbsp;&euro; (Sin IVA: 236,25&nbsp;&euro;)","Disponibilidade":"Por encomenda"},"schema":{"@context":"https:\/\/schema.org","@graph":[{"@type":"WebPage","@id":"https:\/\/recambiosecogas.com\/pt-pt\/producto\/prins-evp-500-reductor\/","url":"https:\/\/recambiosecogas.com\/pt-pt\/producto\/prins-evp-500-reductor\/","name":"Prins eVP 500 Redutor | Recambios EcoGas | Sistemas GLP y GNC","isPartOf":{"@id":"https:\/\/recambiosecogas.com\/pt-pt\/#website"},"primaryImageOfPage":{"@id":"https:\/\/recambiosecogas.com\/pt-pt\/producto\/prins-evp-500-reductor\/#primaryimage"},"image":{"@id":"https:\/\/recambiosecogas.com\/pt-pt\/producto\/prins-evp-500-reductor\/#primaryimage"},"thumbnailUrl":"https:\/\/recambiosecogas.com\/wp-content\/uploads\/2024\/10\/Prins-eVP-500-reductor-png.webp","datePublished":"2024-10-19T13:23:47+00:00","dateModified":"2026-04-08T09:28:46+00:00","description":"Caixa de velocidades Prins eVP 500 para sistemas de GPL. Alta pot\u00eancia, ajuste din\u00e2mico de press\u00e3o e design compacto. COMPRE ONLINE, PORTES GR\u00c1TIS.","breadcrumb":{"@id":"https:\/\/recambiosecogas.com\/pt-pt\/producto\/prins-evp-500-reductor\/#breadcrumb"},"inLanguage":"pt-PT","potentialAction":[{"@type":"ReadAction","target":["https:\/\/recambiosecogas.com\/pt-pt\/producto\/prins-evp-500-reductor\/"]}]},{"@type":"ImageObject","inLanguage":"pt-PT","@id":"https:\/\/recambiosecogas.com\/pt-pt\/producto\/prins-evp-500-reductor\/#primaryimage","url":"https:\/\/recambiosecogas.com\/wp-content\/uploads\/2024\/10\/Prins-eVP-500-reductor-png.webp","contentUrl":"https:\/\/recambiosecogas.com\/wp-content\/uploads\/2024\/10\/Prins-eVP-500-reductor-png.webp","width":1000,"height":1000,"caption":"Prins eVP 500 Redutor"},{"@type":"BreadcrumbList","@id":"https:\/\/recambiosecogas.com\/pt-pt\/producto\/prins-evp-500-reductor\/#breadcrumb","itemListElement":[{"@type":"ListItem","position":1,"name":"P\u00e1gina inicial","item":"https:\/\/recambiosecogas.com\/pt-pt\/"},{"@type":"ListItem","position":2,"name":"Loja","item":"https:\/\/recambiosecogas.com\/pt-pt\/tienda\/"},{"@type":"ListItem","position":3,"name":"Prins eVP 500 Redutor"}]},{"@type":"WebSite","@id":"https:\/\/recambiosecogas.com\/pt-pt\/#website","url":"https:\/\/recambiosecogas.com\/pt-pt\/","name":"Recambios EcoGas","description":"Pe\u00e7as multimarca para sistemas de GPL\/GNC\/GNL\/Hidrog\u00e9nio","publisher":{"@id":"https:\/\/recambiosecogas.com\/pt-pt\/#organization"},"alternateName":"Recambios Autogas GLP","potentialAction":[{"@type":"SearchAction","target":{"@type":"EntryPoint","urlTemplate":"https:\/\/recambiosecogas.com\/pt-pt\/?s={search_term_string}"},"query-input":{"@type":"PropertyValueSpecification","valueRequired":true,"valueName":"search_term_string"}}],"inLanguage":"pt-PT"},{"@type":["Organization","Place"],"@id":"https:\/\/recambiosecogas.com\/pt-pt\/#organization","name":"Recambios EcoGas","alternateName":"Loja de GPL Autog\u00e1s Espanha","url":"https:\/\/recambiosecogas.com\/pt-pt\/","logo":{"@id":"https:\/\/recambiosecogas.com\/pt-pt\/producto\/prins-evp-500-reductor\/#local-main-organization-logo"},"image":{"@id":"https:\/\/recambiosecogas.com\/pt-pt\/producto\/prins-evp-500-reductor\/#local-main-organization-logo"},"sameAs":["https:\/\/www.facebook.com\/profile.php?id=100062419705358","https:\/\/www.instagram.com\/segimon_automocio"],"description":"Recambios EcoGas \u2013 Venta y distribuci\u00f3n de sistemas GLP y GNC en Espa\u00f1a y Portugal. Env\u00edos 24 h, soporte t\u00e9cnico a talleres y distribuidores.","hasMerchantReturnPolicy":{"@type":"MerchantReturnPolicy","merchantReturnLink":"https:\/\/recambiosecogas.com\/politicas-privacidad\/"},"address":{"@id":"https:\/\/recambiosecogas.com\/pt-pt\/producto\/prins-evp-500-reductor\/#local-main-place-address"},"telephone":["616250633"],"contactPoint":{"@type":"ContactPoint","email":"export@recambiosecogas.com"},"openingHoursSpecification":[{"@type":"OpeningHoursSpecification","dayOfWeek":["Monday","Tuesday","Wednesday","Thursday","Friday","Saturday","Sunday"],"opens":"09:00","closes":"17:00"}],"email":"info@recambiosecogas.com","faxNumber":"SEGIMON AUTOMOCION SL","vatID":"ESB19819861","globalLocationNumber":"938 616 339"},{"@type":"PostalAddress","@id":"https:\/\/recambiosecogas.com\/pt-pt\/producto\/prins-evp-500-reductor\/#local-main-place-address","streetAddress":"cami antic de vic, 29 (Nave 3), Pol\u00edgono Industrial Congost","addressLocality":"CORRO D`AVALL","postalCode":"08520","addressRegion":"Barcelona","addressCountry":"ES"},{"@type":"ImageObject","inLanguage":"pt-PT","@id":"https:\/\/recambiosecogas.com\/pt-pt\/producto\/prins-evp-500-reductor\/#local-main-organization-logo","url":"https:\/\/recambiosecogas.com\/wp-content\/uploads\/2024\/11\/cropped-RECAMBIOS-GLP-png.webp","contentUrl":"https:\/\/recambiosecogas.com\/wp-content\/uploads\/2024\/11\/cropped-RECAMBIOS-GLP-png.webp","width":512,"height":512,"caption":"Recambios EcoGas"}]},"product_price_amount":"285.86","product_price_currency":"EUR","og_availability":"backorder","product_availability":"available for order","product_retailer_item_id":"108320","product_condition":"new","geo.placename":"CORRO D`AVALL","geo.region":"Espanha"},"uagb_featured_image_src":{"full":["https:\/\/recambiosecogas.com\/wp-content\/uploads\/2024\/10\/Prins-eVP-500-reductor-png.webp",1000,1000,false],"thumbnail":["https:\/\/recambiosecogas.com\/wp-content\/uploads\/2024\/10\/Prins-eVP-500-reductor-150x150.webp",150,150,true],"medium":["https:\/\/recambiosecogas.com\/wp-content\/uploads\/2024\/10\/Prins-eVP-500-reductor-300x300.webp",300,300,true],"medium_large":["https:\/\/recambiosecogas.com\/wp-content\/uploads\/2024\/10\/Prins-eVP-500-reductor-768x768.webp",768,768,true],"large":["https:\/\/recambiosecogas.com\/wp-content\/uploads\/2024\/10\/Prins-eVP-500-reductor-png.webp",1000,1000,false],"1536x1536":["https:\/\/recambiosecogas.com\/wp-content\/uploads\/2024\/10\/Prins-eVP-500-reductor-png.webp",1000,1000,false],"2048x2048":["https:\/\/recambiosecogas.com\/wp-content\/uploads\/2024\/10\/Prins-eVP-500-reductor-png.webp",1000,1000,false],"woocommerce_archive_thumbnail":["https:\/\/recambiosecogas.com\/wp-content\/uploads\/2024\/10\/Prins-eVP-500-reductor-png.webp",1000,1000,false],"woocommerce_thumbnail":["https:\/\/recambiosecogas.com\/wp-content\/uploads\/2024\/10\/Prins-eVP-500-reductor-png-300x300.webp",300,300,true],"woocommerce_single":["https:\/\/recambiosecogas.com\/wp-content\/uploads\/2024\/10\/Prins-eVP-500-reductor-png.webp",1000,1000,false],"woocommerce_gallery_thumbnail":["https:\/\/recambiosecogas.com\/wp-content\/uploads\/2024\/10\/Prins-eVP-500-reductor-png.webp",1000,1000,false],"dgwt-wcas-product-suggestion":["https:\/\/recambiosecogas.com\/wp-content\/uploads\/2024\/10\/Prins-eVP-500-reductor-png-64x64.webp",64,64,true]},"uagb_author_info":{"display_name":"Fran - Soporte T\u00e9cnico","author_link":"https:\/\/recambiosecogas.com\/pt-pt\/author\/"},"uagb_comment_info":0,"uagb_excerpt":"Prins eVP 500 Redutor","_links":{"self":[{"href":"https:\/\/recambiosecogas.com\/pt-pt\/wp-json\/wp\/v2\/product\/35553","targetHints":{"allow":["GET"]}}],"collection":[{"href":"https:\/\/recambiosecogas.com\/pt-pt\/wp-json\/wp\/v2\/product"}],"about":[{"href":"https:\/\/recambiosecogas.com\/pt-pt\/wp-json\/wp\/v2\/types\/product"}],"replies":[{"embeddable":true,"href":"https:\/\/recambiosecogas.com\/pt-pt\/wp-json\/wp\/v2\/comments?post=35553"}],"wp:featuredmedia":[{"embeddable":true,"href":"https:\/\/recambiosecogas.com\/pt-pt\/wp-json\/wp\/v2\/media\/21891"}],"wp:attachment":[{"href":"https:\/\/recambiosecogas.com\/pt-pt\/wp-json\/wp\/v2\/media?parent=35553"}],"wp:term":[{"taxonomy":"product_brand","embeddable":true,"href":"https:\/\/recambiosecogas.com\/pt-pt\/wp-json\/wp\/v2\/product_brand?post=35553"},{"taxonomy":"product_cat","embeddable":true,"href":"https:\/\/recambiosecogas.com\/pt-pt\/wp-json\/wp\/v2\/product_cat?post=35553"},{"taxonomy":"product_tag","embeddable":true,"href":"https:\/\/recambiosecogas.com\/pt-pt\/wp-json\/wp\/v2\/product_tag?post=35553"}],"curies":[{"name":"wp","href":"https:\/\/api.w.org\/{rel}","templated":true}]}}